{"id":7861,"date":"2026-03-20T19:10:47","date_gmt":"2026-03-20T12:10:47","guid":{"rendered":"https:\/\/vannangvn.123websitedev.com\/san-pham\/thiet-bi-ghi-nhan-du-lieu-datalogger-model-tp6200\/"},"modified":"2026-03-30T18:53:20","modified_gmt":"2026-03-30T11:53:20","slug":"thiet-bi-ghi-nhan-du-lieu-datalogger-model-tp6200","status":"publish","type":"product","link":"https:\/\/vannangvn.123websitedev.com\/en\/product\/thiet-bi-ghi-nhan-du-lieu-datalogger-model-tp6200\/","title":{"rendered":"THI\u1ebeT B\u1eca GHI NH\u1eacN D\u1eee LI\u1ec6U DATALOGGER MODEL TP6200"},"content":{"rendered":"<h1 style=\"color: red; font-weight: bold; font-size: 24px;\">T&#7893;ng quan s&#7843;n ph&#7849;m THI&#7870;T B&#7882; GHI NH&#7852;N D&#7918; LI&#7878;U DATALOGGER MODEL TP6200<p>TP6100Thi&#7871;t B&#7883; Ghi Nh&#7853;n D&#7919; Li&#7879;u Datalogger Model TP6200<br>\nTP6200 l&agrave; thi&#7871;t b&#7883; ghi nh&#7853;n d&#7919; li&#7879;u datalogger nhi&#7879;t &#273;&#7897; 20 k&ecirc;nh, &#273;&#432;&#7907;c thi&#7871;t k&#7871; d&agrave;nh cho c&aacute;c &#7913;ng d&#7909;ng &#273;o v&agrave; gi&aacute;m s&aacute;t nhi&#7879;t &#273;&#7897; ph&#7913;c t&#7841;p trong m&ocirc;i tr&#432;&#7901;ng c&ocirc;ng nghi&#7879;p, n&#417;i y&ecirc;u c&#7847;u theo d&otilde;i &#273;&#7891;ng th&#7901;i nhi&#7873;u &#273;i&#7875;m &#273;o v&#7899;i &#273;&#7897; ch&iacute;nh x&aacute;c cao v&agrave; &#273;&#7897; &#7893;n &#273;&#7883;nh l&acirc;u d&agrave;i. V&#7899;i kh&#7843; n&#259;ng m&#7903; r&#7897;ng t&iacute;n hi&#7879;u, c&#7845;u h&igrave;nh linh ho&#7841;t v&agrave; dung l&#432;&#7907;ng l&#432;u tr&#7919; l&#7899;n, TP6200 l&agrave; gi&#7843;i ph&aacute;p l&yacute; t&#432;&#7903;ng cho c&aacute;c d&acirc;y chuy&#7873;n x&#7917; l&yacute; nhi&#7879;t quy m&ocirc; l&#7899;n v&agrave; c&aacute;c quy tr&igrave;nh s&#7843;n xu&#7845;t c&oacute; y&ecirc;u c&#7847;u ki&#7875;m so&aacute;t nghi&ecirc;m ng&#7863;t. H&atilde;y c&ugrave;ng V&#7841;n N&#259;ng t&igrave;m hi&#7875;u chi ti&#7871;t h&#417;n v&#7873; s&#7843;n ph&#7849;m th&ocirc;ng qua b&agrave;i vi&#7871;t d&#432;&#7899;i &#273;&acirc;y!<\/p><p>N&eacute;t &#272;&#7863;c Tr&#432;ng C&#7911;a TP6200<br>\nTP6200 n&#7893;i b&#7853;t v&#7899;i 20 k&ecirc;nh &#273;o nhi&#7879;t &#273;&#7897;, cho ph&eacute;p ghi nh&#7853;n d&#7919; li&#7879;u &#273;&#7891;ng th&#7901;i t&#7841;i nhi&#7873;u v&#7883; tr&iacute; kh&aacute;c nhau trong c&ugrave;ng m&#7897;t chu tr&igrave;nh s&#7843;n xu&#7845;t. C&#7845;u h&igrave;nh n&agrave;y gi&uacute;p ng&#432;&#7901;i d&ugrave;ng theo d&otilde;i ch&iacute;nh x&aacute;c s&#7921; ph&acirc;n b&#7889; nhi&#7879;t &#273;&#7897; trong c&aacute;c h&#7879; th&#7889;ng l&#7899;n nh&#432; l&ograve; nung c&ocirc;ng nghi&#7879;p, bu&#7891;ng x&#7917; l&yacute; nhi&#7879;t ho&#7863;c d&acirc;y chuy&#7873;n s&#7845;y nhi&#7873;u t&#7847;ng.<br>\nThi&#7871;t b&#7883; h&#7895; tr&#7907; nhi&#7873;u lo&#7841;i c&#7863;p nhi&#7879;t &#273;i&#7879;n ph&#7893; bi&#7871;n trong c&ocirc;ng nghi&#7879;p, cho ph&eacute;p linh ho&#7841;t l&#7921;a ch&#7885;n gi&#7843;i ph&aacute;p &#273;o ph&ugrave; h&#7907;p v&#7899;i d&#7843;i nhi&#7879;t &#273;&#7897; v&agrave; &#273;i&#7873;u ki&#7879;n v&#7853;n h&agrave;nh th&#7921;c t&#7871;. Nh&#7901; &#273;&oacute;, TP6200 d&#7877; d&agrave;ng t&iacute;ch h&#7907;p v&agrave;o c&aacute;c h&#7879; th&#7889;ng &#273;o hi&#7879;n h&#7919;u m&agrave; kh&ocirc;ng c&#7847;n thay &#273;&#7893;i l&#7899;n v&#7873; c&#7845;u tr&uacute;c.<br>\nM&#7897;t &#273;i&#7875;m &#273;&#7863;c tr&#432;ng quan tr&#7885;ng c&#7911;a TP6200 l&agrave; kh&#7843; n&#259;ng m&#7903; r&#7897;ng &#273;&#7847;u v&agrave;o, cho ph&eacute;p t&iacute;ch h&#7907;p th&ecirc;m c&aacute;c t&iacute;n hi&#7879;u &#273;o kh&aacute;c b&ecirc;n c&#7841;nh nhi&#7879;t &#273;&#7897;. &#272;i&#7873;u n&agrave;y gi&uacute;p thi&#7871;t b&#7883; &#273;&aacute;p &#7913;ng hi&#7879;u qu&#7843; c&aacute;c &#7913;ng d&#7909;ng &#273;o l&#432;&#7901;ng ph&#7913;c t&#7841;p, n&#417;i c&#7847;n &#273;&#7891;ng th&#7901;i gi&aacute;m s&aacute;t nhi&#7873;u th&ocirc;ng s&#7889; trong c&ugrave;ng m&#7897;t quy tr&igrave;nh.<br>\nV&#7873; m&#7863;t c&#417; kh&iacute;, TP6200 &#273;&#432;&#7907;c thi&#7871;t k&#7871; v&#7899;i v&#7887; th&eacute;p kh&ocirc;ng g&#7881; gia c&ocirc;ng nguy&ecirc;n kh&#7889;i, mang l&#7841;i kh&#7843; n&#259;ng ch&#7889;ng &#259;n m&ograve;n, ch&#7883;u va &#273;&#7853;p v&agrave; duy tr&igrave; &#273;&#7897; &#7893;n &#273;&#7883;nh l&acirc;u d&agrave;i trong m&ocirc;i tr&#432;&#7901;ng c&ocirc;ng nghi&#7879;p kh&#7855;c nghi&#7879;t. Chu&#7849;n b&#7843;o v&#7879; IP67 gi&uacute;p thi&#7871;t b&#7883; ho&#7841;t &#273;&#7897;ng an to&agrave;n trong &#273;i&#7873;u ki&#7879;n c&oacute; b&#7909;i, &#273;&#7897; &#7849;m cao ho&#7863;c ti&#7871;p x&uacute;c v&#7899;i n&#432;&#7899;c.<br>\nTP6200 t&#432;&#417;ng th&iacute;ch v&#7899;i h&#7847;u h&#7871;t c&aacute;c lo&#7841;i barrier nhi&#7879;t th&ocirc;ng d&#7909;ng, &#273;&#7863;c bi&#7879;t ph&ugrave; h&#7907;p cho c&aacute;c quy tr&igrave;nh x&#7917; l&yacute; nhi&#7879;t k&eacute;o d&agrave;i v&agrave; c&oacute; y&ecirc;u c&#7847;u b&#7843;o v&#7879; thi&#7871;t b&#7883; &#273;o nghi&ecirc;m ng&#7863;t.<\/p><p>&#431;u &#272;i&#7875;m V&#432;&#7907;t Tr&#7897;i C&#7911;a Datalogger TP6200<br>\nTP6200 mang l&#7841;i kh&#7843; n&#259;ng ghi nh&#7853;n d&#7919; li&#7879;u nhi&#7879;t &#273;&#7897; ch&iacute;nh x&aacute;c v&agrave; li&ecirc;n t&#7909;c, gi&uacute;p ng&#432;&#7901;i d&ugrave;ng c&oacute; &#273;&#432;&#7907;c b&#7913;c tranh to&agrave;n di&#7879;n v&#7873; di&#7877;n bi&#7871;n nhi&#7879;t trong su&#7889;t qu&aacute; tr&igrave;nh s&#7843;n xu&#7845;t. &#272;&#7897; ph&acirc;n gi&#7843;i v&agrave; &#273;&#7897; &#7893;n &#273;&#7883;nh cao c&#7911;a thi&#7871;t b&#7883; gi&uacute;p d&#7919; li&#7879;u thu th&#7853;p c&oacute; &#273;&#7897; tin c&#7853;y cao, ph&#7909;c v&#7909; hi&#7879;u qu&#7843; cho c&ocirc;ng t&aacute;c ph&acirc;n t&iacute;ch v&agrave; &#273;&aacute;nh gi&aacute; quy tr&igrave;nh.<br>\nThi&#7871;t b&#7883; &#273;&#432;&#7907;c trang b&#7883; b&#7897; nh&#7899; dung l&#432;&#7907;ng l&#7899;n, cho ph&eacute;p l&#432;u tr&#7919; h&agrave;ng tri&#7879;u &#273;i&#7875;m d&#7919; li&#7879;u. Nh&#7901; &#273;&oacute;, TP6200 c&oacute; th&#7875; ghi nh&#7853;n d&#7919; li&#7879;u trong th&#7901;i gian d&agrave;i m&agrave; kh&ocirc;ng c&#7847;n th&#432;&#7901;ng xuy&ecirc;n tr&iacute;ch xu&#7845;t, gi&uacute;p gi&#7843;m thi&#7875;u gi&aacute;n &#273;o&#7841;n trong qu&aacute; tr&igrave;nh s&#7843;n xu&#7845;t.<br>\nTP6200 h&#7895; tr&#7907; nhi&#7873;u ph&#432;&#417;ng th&#7913;c k&#7871;t n&#7889;i nh&#432; USB v&agrave; Bluetooth, gi&uacute;p vi&#7879;c c&#7845;u h&igrave;nh, t&#7843;i d&#7919; li&#7879;u v&agrave; ki&#7875;m tra tr&#7841;ng th&aacute;i thi&#7871;t b&#7883; tr&#7903; n&ecirc;n thu&#7853;n ti&#7879;n. Ngo&agrave;i ra, thi&#7871;t b&#7883; c&ograve;n c&oacute; kh&#7843; n&#259;ng h&#7895; tr&#7907; truy&#7873;n d&#7919; li&#7879;u trong qu&aacute; tr&igrave;nh v&#7853;n h&agrave;nh th&ocirc;ng qua c&aacute;c t&ugrave;y ch&#7885;n ph&ugrave; h&#7907;p, cho ph&eacute;p ng&#432;&#7901;i d&ugrave;ng theo d&otilde;i d&#7919; li&#7879;u g&#7847;n nh&#432; theo th&#7901;i gian th&#7921;c khi c&#7847;n thi&#7871;t.<br>\nKh&#7843; n&#259;ng kh&#7903;i &#273;&#7897;ng v&agrave; d&#7915;ng &#273;o linh ho&#7841;t l&agrave; m&#7897;t &#432;u &#273;i&#7875;m n&#7893;i b&#7853;t c&#7911;a TP6200. Ng&#432;&#7901;i d&ugrave;ng c&oacute; th&#7875; thi&#7871;t l&#7853;p thi&#7871;t b&#7883; &#273;o t&#7921; &#273;&#7897;ng theo th&#7901;i gian, theo ng&#432;&#7905;ng nhi&#7879;t &#273;&#7897; ho&#7863;c theo &#273;i&#7873;u ki&#7879;n v&#7853;n h&agrave;nh c&#7909; th&#7875;. &#272;i&#7873;u n&agrave;y gi&uacute;p gi&#7843;m thi&#7875;u thao t&aacute;c th&#7911; c&ocirc;ng, h&#7841;n ch&#7871; sai s&oacute;t v&agrave; &#273;&#7843;m b&#7843;o d&#7919; li&#7879;u thu th&#7853;p ph&#7843;n &aacute;nh &#273;&uacute;ng &#273;i&#7873;u ki&#7879;n th&#7921;c t&#7871;.<br>\nTP6200 c&ograve;n h&#7895; tr&#7907; nhi&#7873;u t&ugrave;y ch&#7885;n pin kh&aacute;c nhau, cho ph&eacute;p ng&#432;&#7901;i d&ugrave;ng l&#7921;a ch&#7885;n gi&#7843;i ph&aacute;p ph&ugrave; h&#7907;p v&#7899;i th&#7901;i gian v&#7853;n h&agrave;nh v&agrave; &#273;i&#7873;u ki&#7879;n nhi&#7879;t &#273;&#7897; c&#7911;a quy tr&igrave;nh.<\/p><p>&#7912;ng D&#7909;ng Th&#7921;c T&#7871;<br>\nTP6200 &#273;&#432;&#7907;c s&#7917; d&#7909;ng r&#7897;ng r&atilde;i trong c&aacute;c d&acirc;y chuy&#7873;n x&#7917; l&yacute; nhi&#7879;t ph&#7913;c t&#7841;p, n&#417;i c&#7847;n theo d&otilde;i nhi&#7879;t &#273;&#7897; t&#7841;i nhi&#7873;u &#273;i&#7875;m kh&aacute;c nhau &#273;&#7875; &#273;&#7843;m b&#7843;o ch&#7845;t l&#432;&#7907;ng s&#7843;n ph&#7849;m &#273;&#7891;ng &#273;&#7873;u. Trong ng&agrave;nh luy&#7879;n kim v&agrave; c&#417; kh&iacute; ch&#7871; t&#7841;o, TP6200 gi&uacute;p ghi nh&#7853;n d&#7919; li&#7879;u nhi&#7879;t &#273;&#7897; chi ti&#7871;t trong c&aacute;c quy tr&igrave;nh t&ocirc;i, ram, &#7911; v&agrave; x&#7917; l&yacute; nhi&#7879;t &#273;&#7863;c bi&#7879;t. D&#7919; li&#7879;u thu th&#7853;p &#273;&#432;&#7907;c h&#7895; tr&#7907; k&#7929; s&#432; &#273;&aacute;nh gi&aacute; hi&#7879;u qu&#7843; quy tr&igrave;nh v&agrave; t&#7889;i &#432;u h&oacute;a th&ocirc;ng s&#7889; v&#7853;n h&agrave;nh.<br>\nTP6200 c&#361;ng &#273;&#432;&#7907;c &#7913;ng d&#7909;ng trong c&aacute;c d&acirc;y chuy&#7873;n s&#417;n ph&#7911;, s&#7845;y c&ocirc;ng nghi&#7879;p v&agrave; x&#7917; l&yacute; b&#7873; m&#7863;t, n&#417;i nhi&#7879;t &#273;&#7897; &#273;&oacute;ng vai tr&ograve; then ch&#7889;t trong vi&#7879;c quy&#7871;t &#273;&#7883;nh ch&#7845;t l&#432;&#7907;ng l&#7899;p ph&#7911;. Ngo&agrave;i ra, thi&#7871;t b&#7883; c&ograve;n ph&ugrave; h&#7907;p cho c&aacute;c nh&agrave; m&aacute;y s&#7843;n xu&#7845;t quy m&ocirc; l&#7899;n v&agrave; trung t&acirc;m nghi&ecirc;n c&#7913;u, n&#417;i c&#7847;n gi&#7843;i ph&aacute;p &#273;o nhi&#7879;t &#273;&#7897; &#273;a &#273;i&#7875;m, &#7893;n &#273;&#7883;nh v&agrave; c&oacute; kh&#7843; n&#259;ng l&#432;u tr&#7919; d&#7919; li&#7879;u d&agrave;i h&#7841;n.<\/p><p>Nh&#7919;ng L&yacute; Do N&ecirc;n Mua Datalogger T&#7841;i V&#7841;n N&#259;ng<\/p><p>C&ocirc;ng ty Thi&#7871;t B&#7883; C&ocirc;ng Ngh&#7879; V&#7841;n N&#259;ng l&agrave; &#273;&#7889;i t&aacute;c ch&iacute;nh th&#7913;c ph&acirc;n ph&#7889;i Datalogger h&agrave;ng &#273;&#7847;u t&#7841;i Vi&#7879;t Nam, cam k&#7871;t cung c&#7845;p s&#7843;n ph&#7849;m ch&iacute;nh h&atilde;ng v&#7899;i gi&aacute; c&#7843; c&#7841;nh tranh nh&#7845;t th&#7883; tr&#432;&#7901;ng. V&#7899;i uy t&iacute;n tr&ecirc;n th&#7883; tr&#432;&#7901;ng v&agrave; ch&#7871; &#273;&#7897; h&#7851;u m&atilde;i t&#7889;t, Thi&#7871;t B&#7883; C&ocirc;ng Ngh&#7879; V&#7841;n N&#259;ng &#273;&atilde; nh&#7853;n &#273;&#432;&#7907;c s&#7921; tin t&#432;&#7903;ng t&#7915; kh&aacute;ch h&agrave;ng nh&#7901; v&agrave;o ch&#7845;t l&#432;&#7907;ng h&agrave;ng &#273;&#7847;u c&#7911;a c&aacute;c d&ograve;ng s&#7843;n ph&#7849;m.<br>\nS&#7843;n ph&#7849;m c&#7911;a ch&uacute;ng t&ocirc;i &#273;&#432;&#7907;c ki&#7875;m &#273;&#7883;nh ch&#7845;t l&#432;&#7907;ng, nh&#7853;p kh&#7849;u tr&#7921;c ti&#7871;p t&#7915; nh&agrave; m&aacute;y b&ecirc;n Ch&acirc;u &Acirc;u, M&#7929;, &Uacute;c, Nh&#7853;t B&#7843;n,&hellip; v&agrave; &#273;&aacute;p &#7913;ng nhu c&#7847;u &#273;a d&#7841;ng c&#7911;a th&#7883; tr&#432;&#7901;ng nh&#432;: M&aacute;y &#272;o &#272;&#7897; C&#7913;ng, M&aacute;y SPECTROMAXx, M&aacute;y Ki&#7875;m Tra &#272;&#432;&#7901;ng Gh&eacute;p M&iacute; Lon,&hellip; Ch&uacute;ng t&ocirc;i cam k&#7871;t cung c&#7845;p s&#7843;n ph&#7849;m n&agrave;y tr&ecirc;n to&agrave;n qu&#7889;c v&#7899;i gi&aacute; c&#7843; c&#7841;nh tranh nh&#7845;t.<br>\nCh&uacute;ng t&ocirc;i c&oacute; &#273;&#7897;i ng&#361; chuy&ecirc;n vi&ecirc;n t&#432; v&#7845;n chuy&ecirc;n s&acirc;u s&#7869; h&#7895; tr&#7907; kh&aacute;ch h&agrave;ng v&#7873; chi ti&#7871;t s&#7843;n ph&#7849;m, h&#432;&#7899;ng d&#7851;n s&#7917; d&#7909;ng hay nh&#7919;ng th&#7913; li&ecirc;n quan &#273;&#7871;n v&#7845;n &#273;&#7873; m&agrave; doanh nghi&#7879;p b&#7841;n &#273;ang g&#7863;p ph&#7843;i. Ch&uacute;ng t&ocirc;i s&#7869; cung c&#7845;p nh&#7919;ng gi&#7843;i ph&aacute;p t&#7889;i &#432;u nh&#7845;t!<br>\nNgo&agrave;i ra Thi&#7871;t B&#7883; C&ocirc;ng Ngh&#7879; V&#7841;n N&#259;ng Ch&uacute;ng T&ocirc;i lu&ocirc;n h&#432;&#7899;ng &#273;&#7871;n tr&#7843;i nghi&#7879;m kh&aacute;ch h&agrave;ng, v&igrave; v&#7853;y ch&uacute;ng t&ocirc;i c&oacute; nh&#7919;ng ch&iacute;nh s&aacute;ch b&#7843;o h&agrave;nh, b&#7843;o tr&igrave; &ndash; b&#7843;o d&#432;&#7905;ng, hi&#7879;u chu&#7849;n v&#7899;i t&#7845;t c&#7843; c&aacute;c thi&#7871;t b&#7883;, m&aacute;y m&oacute;c m&agrave; ch&uacute;ng t&ocirc;i cung c&#7845;p. &#272;&#7843;m b&#7843;o mang &#273;&#7871;n cho Kh&aacute;ch h&agrave;ng s&#7921; y&ecirc;n t&acirc;m tuy&#7879;t &#273;&#7889;i v&#7873; d&#7883;ch v&#7909; khi mua h&agrave;ng.<\/p><p>T&#7893;ng K&#7871;t<br>\nTP6200 l&agrave; thi&#7871;t b&#7883; datalogger 20 k&ecirc;nh m&#7841;nh m&#7869;, &#273;&#432;&#7907;c thi&#7871;t k&#7871; cho c&aacute;c &#7913;ng d&#7909;ng &#273;o nhi&#7879;t &#273;&#7897; ph&#7913;c t&#7841;p v&agrave; quy m&ocirc; l&#7899;n. V&#7899;i kh&#7843; n&#259;ng m&#7903; r&#7897;ng linh ho&#7841;t, &#273;&#7897; ch&iacute;nh x&aacute;c cao v&agrave; &#273;&#7897; b&#7873;n v&#432;&#7907;t tr&#7897;i, TP6200 gi&uacute;p doanh nghi&#7879;p ki&#7875;m so&aacute;t hi&#7879;u qu&#7843; quy tr&igrave;nh s&#7843;n xu&#7845;t v&agrave; n&acirc;ng cao ch&#7845;t l&#432;&#7907;ng s&#7843;n ph&#7849;m.H&atilde;y li&ecirc;n h&#7879; v&#7899;i V&#7841;n N&#259;ng ngay &#273;&#7875; &#273;&#432;&#7907;c t&#432; v&#7845;n chuy&ecirc;n s&acirc;u v&agrave; nh&#7853;n nh&#7919;ng &#432;u &#273;&atilde;i h&#7845;p d&#7851;n nh&#7845;t th&ocirc;ng qua hotline0903 991 335!<\/p><div style=\"background-color: #f8fafc; border: 1px solid #e2e8f0; border-radius: 8px; padding: 25px; max-width: 800px; margin: 30px auto; color: #334155; line-height: 1.8; font-size: 17px; box-shadow: 0 4px 6px -1px rgba(0,0,0,0.05); text-align: left; clear: both;\">\nC&ocirc;ng ty TNHH Th&#432;&#417;ng M&#7841;i D&#7883;ch V&#7909; Thi&#7871;t B&#7883; C&ocirc;ng Ngh&#7879; V&#7841;n N&#259;ng\n<p style=\"margin: 0 0 10px 0;\">&#128205; <strong style=\"color: #1e293b;\">&#272;&#7883;a ch&#7881;:<\/strong> <a style=\"color: #059669; text-decoration: none; font-weight: bold;\" href=\"https:\/\/www.google.com\/maps\/search\/C%C3%B4ng+ty+TNHH+Th%C6%B0%C6%A1ng+M%E1%BA%A1i+D%E1%BB%8Bch+V%E1%BB%A5+Thi%E1%BA%BFt+B%E1%BB%8B+C%C3%B4ng+Ngh%E1%BB%87+V%E1%BA%A1n+N%C4%83ng+818+Tr%C6%B0%E1%BB%9Dng+Chinh\" target=\"_blank\" rel=\"noopener\">818 Tr&#432;&#7901;ng Chinh, Ph&#432;&#7901;ng T&acirc;n S&#417;n, Th&agrave;nh ph&#7889; H&#7891; Ch&iacute; Minh, Vi&#7879;t Nam<\/a><\/p>\n<p style=\"margin: 0 0 10px 0;\">&#128222; <strong style=\"color: #1e293b;\">S&#272;T &ndash; Zalo:<\/strong> <a style=\"color: #059669; text-decoration: none; font-weight: bold;\" href=\"https:\/\/zalo.me\/0903991335\" target=\"_blank\" rel=\"noopener\">0903 991 335<\/a> <span style=\"color: #64748b; font-style: italic;\">(Ms. H&#7841;nh &ndash; Gi&aacute;m &#272;&#7889;c Kinh Doanh)<\/span><\/p>\n<p style=\"margin: 0;\">&#9993;&#65039; <strong style=\"color: #1e293b;\">Email:<\/strong> <a style=\"color: #059669; text-decoration: none; font-weight: bold;\" href=\"mailto:hienhanh@vannangvn.com\">hienhanh@vannangvn.com<\/a><\/p>\n<\/div><\/h1>","protected":false},"excerpt":{"rendered":"<p><strong>Th&#432;&#417;ng hi&#7879;u:<\/strong> TP6200 l&agrave; thi&#7871;t b&#7883; ghi nh&#7853;n d&#7919; li&#7879;u datalogger nhi&#7879;t &#273;&#7897; 20 k&ecirc;nh, &#273;o &#273;a &#273;i&#7875;m ch&iacute;nh x&aacute;c, ph&ugrave; h&#7907;p cho d&acirc;y chuy&#7873;n x&#7917; l&yacute; nhi&#7879;t v&agrave; s&#7843;n xu&#7845;t c&ocirc;ng nghi&#7879;p ph&#7913;c t&#7841;p.<br>\n<strong>Model:<\/strong> TP6200<p>Product <strong>THI&#7870;T B&#7882; GHI NH&#7852;N D&#7918; LI&#7878;U DATALOGGER MODEL TP6200<\/strong> ch&iacute;nh h&atilde;ng. TP6200 l&agrave; thi&#7871;t b&#7883; ghi nh&#7853;n d&#7919; li&#7879;u datalogger nhi&#7879;t &#273;&#7897; 20 k&ecirc;nh, &#273;o &#273;a &#273;i&#7875;m ch&iacute;nh x&aacute;c, ph&ugrave; h&#7907;p cho d&acirc;y chuy&#7873;n x&#7917; l&yacute; nhi&#7879;t v&agrave; s&#7843;n xu&#7845;t c&ocirc;ng nghi&#7879;p ph&#7913;c t&#7841;p.<\/p><\/p>","protected":false},"featured_media":0,"comment_status":"open","ping_status":"closed","template":"","meta":[],"product_brand":[],"product_cat":[18],"product_tag":[116,562,768,769,958,2362,3309,3341,3343],"class_list":{"0":"post-7861","1":"product","2":"type-product","3":"status-publish","5":"product_cat-chua-phan-loai","6":"product_tag-model","7":"product_tag-lieu","8":"product_tag-thiet","9":"product_tag-bi","10":"product_tag-ghi","11":"product_tag-nhan","12":"product_tag-du","13":"product_tag-datalogger","14":"product_tag-tp6200","16":"first","17":"instock","18":"shipping-taxable","19":"product-type-simple"},"yoast_head":"<!-- This site is optimized with the Yoast SEO Premium plugin v24.8 (Yoast SEO v24.8) - https:\/\/yoast.com\/wordpress\/plugins\/seo\/ -->\n<title>THI\u1ebeT B\u1eca GHI NH\u1eacN D\u1eee LI\u1ec6U DATALOGGE... ch\u00ednh h\u00e3ng | V\u1ea1n N\u0103ng<\/title>\n<meta name=\"description\" content=\"Mua ngay THI\u1ebeT B\u1eca GHI NH\u1eacN D\u1eee LI\u1ec6U DATALOGGER MODEL TP6200 ch\u00ednh h\u00e3ng. Gi\u00e1 t\u1ed1t!\" \/>\n<meta name=\"robots\" content=\"noindex, follow, max-snippet:-1, max-image-preview:large, max-video-preview:-1\" \/>\n<meta property=\"og:locale\" content=\"en_US\" \/>\n<meta property=\"og:type\" content=\"article\" \/>\n<meta property=\"og:title\" content=\"THI\u1ebeT B\u1eca GHI NH\u1eacN D\u1eee LI\u1ec6U DATALOGGER MODEL TP6200\" \/>\n<meta property=\"og:description\" content=\"Mua ngay THI\u1ebeT B\u1eca GHI NH\u1eacN D\u1eee LI\u1ec6U DATALOGGER MODEL TP6200 ch\u00ednh h\u00e3ng. Gi\u00e1 t\u1ed1t!\" \/>\n<meta property=\"og:url\" content=\"https:\/\/vannangvn.123websitedev.com\/en\/product\/thiet-bi-ghi-nhan-du-lieu-datalogger-model-tp6200\/\" \/>\n<meta property=\"og:site_name\" content=\"Vannang.vn\" \/>\n<meta property=\"article:modified_time\" content=\"2026-03-30T11:53:20+00:00\" \/>\n<meta name=\"twitter:card\" content=\"summary_large_image\" \/>\n<meta name=\"twitter:label1\" content=\"Est. reading time\" \/>\n\t<meta name=\"twitter:data1\" content=\"10 minutes\" \/>\n<script type=\"application\/ld+json\" class=\"yoast-schema-graph\">{\"@context\":\"https:\/\/schema.org\",\"@graph\":[{\"@type\":\"WebPage\",\"@id\":\"https:\/\/vannangvn.123websitedev.com\/san-pham\/thiet-bi-ghi-nhan-du-lieu-datalogger-model-tp6200\/\",\"url\":\"https:\/\/vannangvn.123websitedev.com\/san-pham\/thiet-bi-ghi-nhan-du-lieu-datalogger-model-tp6200\/\",\"name\":\"THI\u1ebeT B\u1eca GHI NH\u1eacN D\u1eee LI\u1ec6U DATALOGGE... ch\u00ednh h\u00e3ng | V\u1ea1n N\u0103ng\",\"isPartOf\":{\"@id\":\"https:\/\/vannangvn.123websitedev.com\/#website\"},\"datePublished\":\"2026-03-20T12:10:47+00:00\",\"dateModified\":\"2026-03-30T11:53:20+00:00\",\"description\":\"Mua ngay THI\u1ebeT B\u1eca GHI NH\u1eacN D\u1eee LI\u1ec6U DATALOGGER MODEL TP6200 ch\u00ednh h\u00e3ng. Gi\u00e1 t\u1ed1t!\",\"breadcrumb\":{\"@id\":\"https:\/\/vannangvn.123websitedev.com\/san-pham\/thiet-bi-ghi-nhan-du-lieu-datalogger-model-tp6200\/#breadcrumb\"},\"inLanguage\":\"en-US\",\"potentialAction\":[{\"@type\":\"ReadAction\",\"target\":[\"https:\/\/vannangvn.123websitedev.com\/san-pham\/thiet-bi-ghi-nhan-du-lieu-datalogger-model-tp6200\/\"]}]},{\"@type\":\"BreadcrumbList\",\"@id\":\"https:\/\/vannangvn.123websitedev.com\/san-pham\/thiet-bi-ghi-nhan-du-lieu-datalogger-model-tp6200\/#breadcrumb\",\"itemListElement\":[{\"@type\":\"ListItem\",\"position\":1,\"name\":\"Trang ch\u1ee7\",\"item\":\"https:\/\/vannangvn.123websitedev.com\/\"},{\"@type\":\"ListItem\",\"position\":2,\"name\":\"S\u1ea3n ph\u1ea9m\",\"item\":\"https:\/\/vannangvn.123websitedev.com\/cua-hang\/\"},{\"@type\":\"ListItem\",\"position\":3,\"name\":\"THI\u1ebeT B\u1eca GHI NH\u1eacN D\u1eee LI\u1ec6U DATALOGGER MODEL TP6200\"}]},{\"@type\":\"WebSite\",\"@id\":\"https:\/\/vannangvn.123websitedev.com\/#website\",\"url\":\"https:\/\/vannangvn.123websitedev.com\/\",\"name\":\"Vannang.vn\",\"description\":\"\",\"publisher\":{\"@id\":\"https:\/\/vannangvn.123websitedev.com\/#organization\"},\"potentialAction\":[{\"@type\":\"SearchAction\",\"target\":{\"@type\":\"EntryPoint\",\"urlTemplate\":\"https:\/\/vannangvn.123websitedev.com\/?s={search_term_string}\"},\"query-input\":{\"@type\":\"PropertyValueSpecification\",\"valueRequired\":true,\"valueName\":\"search_term_string\"}}],\"inLanguage\":\"en-US\"},{\"@type\":\"Organization\",\"@id\":\"https:\/\/vannangvn.123websitedev.com\/#organization\",\"name\":\"Vannang.vn\",\"url\":\"https:\/\/vannangvn.123websitedev.com\/\",\"logo\":{\"@type\":\"ImageObject\",\"inLanguage\":\"en-US\",\"@id\":\"https:\/\/vannangvn.123websitedev.com\/#\/schema\/logo\/image\/\",\"url\":\"https:\/\/vannangvn.123websitedev.com\/wp-content\/uploads\/2026\/02\/logo-van-nang-02.png\",\"contentUrl\":\"https:\/\/vannangvn.123websitedev.com\/wp-content\/uploads\/2026\/02\/logo-van-nang-02.png\",\"width\":448,\"height\":111,\"caption\":\"Vannang.vn\"},\"image\":{\"@id\":\"https:\/\/vannangvn.123websitedev.com\/#\/schema\/logo\/image\/\"}}]}<\/script>\n<!-- \/ Yoast SEO Premium plugin. -->","yoast_head_json":{"title":"THI\u1ebeT B\u1eca GHI NH\u1eacN D\u1eee LI\u1ec6U DATALOGGE... ch\u00ednh h\u00e3ng | V\u1ea1n N\u0103ng","description":"Mua ngay THI\u1ebeT B\u1eca GHI NH\u1eacN D\u1eee LI\u1ec6U DATALOGGER MODEL TP6200 ch\u00ednh h\u00e3ng. Gi\u00e1 t\u1ed1t!","robots":{"index":"noindex","follow":"follow","max-snippet":"max-snippet:-1","max-image-preview":"max-image-preview:large","max-video-preview":"max-video-preview:-1"},"og_locale":"en_US","og_type":"article","og_title":"THI\u1ebeT B\u1eca GHI NH\u1eacN D\u1eee LI\u1ec6U DATALOGGER MODEL TP6200","og_description":"Mua ngay THI\u1ebeT B\u1eca GHI NH\u1eacN D\u1eee LI\u1ec6U DATALOGGER MODEL TP6200 ch\u00ednh h\u00e3ng. Gi\u00e1 t\u1ed1t!","og_url":"https:\/\/vannangvn.123websitedev.com\/en\/product\/thiet-bi-ghi-nhan-du-lieu-datalogger-model-tp6200\/","og_site_name":"Vannang.vn","article_modified_time":"2026-03-30T11:53:20+00:00","twitter_card":"summary_large_image","twitter_misc":{"Est. reading time":"10 minutes"},"schema":{"@context":"https:\/\/schema.org","@graph":[{"@type":"WebPage","@id":"https:\/\/vannangvn.123websitedev.com\/san-pham\/thiet-bi-ghi-nhan-du-lieu-datalogger-model-tp6200\/","url":"https:\/\/vannangvn.123websitedev.com\/san-pham\/thiet-bi-ghi-nhan-du-lieu-datalogger-model-tp6200\/","name":"THI\u1ebeT B\u1eca GHI NH\u1eacN D\u1eee LI\u1ec6U DATALOGGE... ch\u00ednh h\u00e3ng | V\u1ea1n N\u0103ng","isPartOf":{"@id":"https:\/\/vannangvn.123websitedev.com\/#website"},"datePublished":"2026-03-20T12:10:47+00:00","dateModified":"2026-03-30T11:53:20+00:00","description":"Mua ngay THI\u1ebeT B\u1eca GHI NH\u1eacN D\u1eee LI\u1ec6U DATALOGGER MODEL TP6200 ch\u00ednh h\u00e3ng. Gi\u00e1 t\u1ed1t!","breadcrumb":{"@id":"https:\/\/vannangvn.123websitedev.com\/san-pham\/thiet-bi-ghi-nhan-du-lieu-datalogger-model-tp6200\/#breadcrumb"},"inLanguage":"en-US","potentialAction":[{"@type":"ReadAction","target":["https:\/\/vannangvn.123websitedev.com\/san-pham\/thiet-bi-ghi-nhan-du-lieu-datalogger-model-tp6200\/"]}]},{"@type":"BreadcrumbList","@id":"https:\/\/vannangvn.123websitedev.com\/san-pham\/thiet-bi-ghi-nhan-du-lieu-datalogger-model-tp6200\/#breadcrumb","itemListElement":[{"@type":"ListItem","position":1,"name":"Trang ch\u1ee7","item":"https:\/\/vannangvn.123websitedev.com\/"},{"@type":"ListItem","position":2,"name":"S\u1ea3n ph\u1ea9m","item":"https:\/\/vannangvn.123websitedev.com\/cua-hang\/"},{"@type":"ListItem","position":3,"name":"THI\u1ebeT B\u1eca GHI NH\u1eacN D\u1eee LI\u1ec6U DATALOGGER MODEL TP6200"}]},{"@type":"WebSite","@id":"https:\/\/vannangvn.123websitedev.com\/#website","url":"https:\/\/vannangvn.123websitedev.com\/","name":"Vannang.vn","description":"","publisher":{"@id":"https:\/\/vannangvn.123websitedev.com\/#organization"},"potentialAction":[{"@type":"SearchAction","target":{"@type":"EntryPoint","urlTemplate":"https:\/\/vannangvn.123websitedev.com\/?s={search_term_string}"},"query-input":{"@type":"PropertyValueSpecification","valueRequired":true,"valueName":"search_term_string"}}],"inLanguage":"en-US"},{"@type":"Organization","@id":"https:\/\/vannangvn.123websitedev.com\/#organization","name":"Vannang.vn","url":"https:\/\/vannangvn.123websitedev.com\/","logo":{"@type":"ImageObject","inLanguage":"en-US","@id":"https:\/\/vannangvn.123websitedev.com\/#\/schema\/logo\/image\/","url":"https:\/\/vannangvn.123websitedev.com\/wp-content\/uploads\/2026\/02\/logo-van-nang-02.png","contentUrl":"https:\/\/vannangvn.123websitedev.com\/wp-content\/uploads\/2026\/02\/logo-van-nang-02.png","width":448,"height":111,"caption":"Vannang.vn"},"image":{"@id":"https:\/\/vannangvn.123websitedev.com\/#\/schema\/logo\/image\/"}}]}},"_links":{"self":[{"href":"https:\/\/vannangvn.123websitedev.com\/en\/wp-json\/wp\/v2\/product\/7861","targetHints":{"allow":["GET"]}}],"collection":[{"href":"https:\/\/vannangvn.123websitedev.com\/en\/wp-json\/wp\/v2\/product"}],"about":[{"href":"https:\/\/vannangvn.123websitedev.com\/en\/wp-json\/wp\/v2\/types\/product"}],"replies":[{"embeddable":true,"href":"https:\/\/vannangvn.123websitedev.com\/en\/wp-json\/wp\/v2\/comments?post=7861"}],"wp:attachment":[{"href":"https:\/\/vannangvn.123websitedev.com\/en\/wp-json\/wp\/v2\/media?parent=7861"}],"wp:term":[{"taxonomy":"product_brand","embeddable":true,"href":"https:\/\/vannangvn.123websitedev.com\/en\/wp-json\/wp\/v2\/product_brand?post=7861"},{"taxonomy":"product_cat","embeddable":true,"href":"https:\/\/vannangvn.123websitedev.com\/en\/wp-json\/wp\/v2\/product_cat?post=7861"},{"taxonomy":"product_tag","embeddable":true,"href":"https:\/\/vannangvn.123websitedev.com\/en\/wp-json\/wp\/v2\/product_tag?post=7861"}],"curies":[{"name":"wp","href":"https:\/\/api.w.org\/{rel}","templated":true}]}}