{"id":7862,"date":"2026-03-20T19:10:48","date_gmt":"2026-03-20T12:10:48","guid":{"rendered":"https:\/\/vannangvn.123websitedev.com\/san-pham\/thiet-bi-ghi-nhan-du-lieu-datalogger-model-tp6300\/"},"modified":"2026-03-30T18:53:22","modified_gmt":"2026-03-30T11:53:22","slug":"thiet-bi-ghi-nhan-du-lieu-datalogger-model-tp6300","status":"publish","type":"product","link":"https:\/\/vannangvn.123websitedev.com\/en\/product\/thiet-bi-ghi-nhan-du-lieu-datalogger-model-tp6300\/","title":{"rendered":"THI\u1ebeT B\u1eca GHI NH\u1eacN D\u1eee LI\u1ec6U DATALOGGER MODEL TP6300"},"content":{"rendered":"<h1 style=\"color: red; font-weight: bold; font-size: 24px;\">T&#7893;ng quan s&#7843;n ph&#7849;m THI&#7870;T B&#7882; GHI NH&#7852;N D&#7918; LI&#7878;U DATALOGGER MODEL TP6300<p>Thi&#7871;t B&#7883; Ghi Nh&#7853;n D&#7919; Li&#7879;u Datalogger Model TP6300<br>\nTP6300 l&agrave; thi&#7871;t b&#7883; ghi nh&#7853;n d&#7919; li&#7879;u datalogger nhi&#7879;t &#273;&#7897; 20 k&ecirc;nh, &#273;&#432;&#7907;c thi&#7871;t k&#7871; v&#7899;i &#273;&#7883;nh d&#7841;ng th&acirc;n thi&#7879;n, d&#7877; s&#7917; d&#7909;ng nh&#432;ng v&#7851;n duy tr&igrave; &#273;&#7847;y &#273;&#7911; c&aacute;c th&ocirc;ng s&#7889; k&#7929; thu&#7853;t c&#7889;t l&otilde;i c&#7911;a d&ograve;ng TP6. Thi&#7871;t b&#7883; h&#432;&#7899;ng &#273;&#7871;n c&aacute;c doanh nghi&#7879;p c&#7847;n gi&#7843;i ph&aacute;p &#273;o nhi&#7879;t &#273;&#7897; &#273;a &#273;i&#7875;m hi&#7879;u qu&#7843;, d&#7877; tri&#7875;n khai v&agrave; v&#7853;n h&agrave;nh &#7893;n &#273;&#7883;nh trong m&ocirc;i tr&#432;&#7901;ng c&ocirc;ng nghi&#7879;p. H&atilde;y c&ugrave;ng V&#7841;n N&#259;ng t&igrave;m hi&#7875;u chi ti&#7871;t h&#417;n v&#7873; s&#7843;n ph&#7849;m th&ocirc;ng qua b&agrave;i vi&#7871;t nh&eacute;!<\/p><p>N&eacute;t &#272;&#7863;c Tr&#432;ng C&#7911;a TP6200<br>\nTP6300 &#273;&#432;&#7907;c trang b&#7883; 20 k&ecirc;nh &#273;o nhi&#7879;t &#273;&#7897;, cho ph&eacute;p ghi nh&#7853;n d&#7919; li&#7879;u &#273;&#7891;ng th&#7901;i t&#7841;i nhi&#7873;u v&#7883; tr&iacute; kh&aacute;c nhau trong c&ugrave;ng m&#7897;t chu tr&igrave;nh s&#7843;n xu&#7845;t. Thi&#7871;t k&#7871; n&agrave;y gi&uacute;p ng&#432;&#7901;i d&ugrave;ng c&oacute; c&aacute;i nh&igrave;n to&agrave;n di&#7879;n v&#7873; s&#7921; ph&acirc;n b&#7889; nhi&#7879;t &#273;&#7897; trong h&#7879; th&#7889;ng.<br>\n&#272;i&#7875;m n&#7893;i b&#7853;t c&#7911;a TP6300 l&agrave; &#273;&#7883;nh d&#7841;ng thi&#7871;t k&#7871; d&#7877; s&#7917; d&#7909;ng, ph&ugrave; h&#7907;p cho c&#7843; ng&#432;&#7901;i v&#7853;n h&agrave;nh hi&#7879;n tr&#432;&#7901;ng v&agrave; k&#7929; s&#432; k&#7929; thu&#7853;t. Thi&#7871;t b&#7883; &#273;&#432;&#7907;c t&#7889;i &#432;u &#273;&#7875; l&#7855;p &#273;&#7863;t nhanh ch&oacute;ng v&agrave; v&#7853;n h&agrave;nh &#273;&#417;n gi&#7843;n, gi&uacute;p r&uacute;t ng&#7855;n th&#7901;i gian tri&#7875;n khai trong th&#7921;c t&#7871;.<br>\nTP6300 t&#432;&#417;ng th&iacute;ch v&#7899;i nhi&#7873;u lo&#7841;i barrier nhi&#7879;t kh&aacute;c nhau, bao g&#7891;m c&#7843; barrier d&#7841;ng k&iacute;n v&agrave; d&#7841;ng tr&#7909;, cho ph&eacute;p thi&#7871;t b&#7883; &#273;&#432;&#7907;c s&#7917; d&#7909;ng linh ho&#7841;t trong nhi&#7873;u quy tr&igrave;nh x&#7917; l&yacute; nhi&#7879;t kh&aacute;c nhau.<br>\nV&#7887; thi&#7871;t b&#7883; &#273;&#432;&#7907;c ch&#7871; t&#7841;o t&#7915; th&eacute;p kh&ocirc;ng g&#7881; gia c&ocirc;ng nguy&ecirc;n kh&#7889;i, mang l&#7841;i kh&#7843; n&#259;ng ch&#7889;ng &#259;n m&ograve;n v&agrave; ch&#7883;u t&aacute;c &#273;&#7897;ng c&#417; h&#7885;c t&#7889;t. Chu&#7849;n b&#7843;o v&#7879; IP67 gi&uacute;p TP6300 ho&#7841;t &#273;&#7897;ng &#7893;n &#273;&#7883;nh trong m&ocirc;i tr&#432;&#7901;ng c&oacute; b&#7909;i, &#273;&#7897; &#7849;m cao ho&#7863;c ti&#7871;p x&uacute;c v&#7899;i n&#432;&#7899;c.<\/p><p>&#431;u &#272;i&#7875;m V&#432;&#7907;t Tr&#7897;i C&#7911;a Datalogger TP6200<br>\nTP6300 mang l&#7841;i &#273;&#7897; &#7893;n &#273;&#7883;nh cao trong qu&aacute; tr&igrave;nh ghi d&#7919; li&#7879;u, &#273;&#7843;m b&#7843;o d&#7919; li&#7879;u nhi&#7879;t &#273;&#7897; &#273;&#432;&#7907;c ghi nh&#7853;n li&ecirc;n t&#7909;c v&agrave; ch&iacute;nh x&aacute;c. &#272;&#7897; ph&acirc;n gi&#7843;i cao gi&uacute;p d&#7919; li&#7879;u thu th&#7853;p ph&#7843;n &aacute;nh chi ti&#7871;t di&#7877;n bi&#7871;n nhi&#7879;t trong su&#7889;t qu&aacute; tr&igrave;nh s&#7843;n xu&#7845;t. Thi&#7871;t b&#7883; s&#7903; h&#7919;u b&#7897; nh&#7899; dung l&#432;&#7907;ng l&#7899;n, cho ph&eacute;p l&#432;u tr&#7919; d&#7919; li&#7879;u trong nhi&#7873;u chu tr&igrave;nh &#273;o li&ecirc;n ti&#7871;p tr&#432;&#7899;c khi c&#7847;n k&#7871;t n&#7889;i v&#7899;i m&aacute;y t&iacute;nh ho&#7863;c thi&#7871;t b&#7883; di &#273;&#7897;ng. &#272;i&#7873;u n&agrave;y gi&uacute;p t&#7889;i &#432;u h&oacute;a th&#7901;i gian v&#7853;n h&agrave;nh v&agrave; gi&#7843;m thi&#7875;u gi&aacute;n &#273;o&#7841;n trong s&#7843;n xu&#7845;t.<br>\nTP6300 h&#7895; tr&#7907; k&#7871;t n&#7889;i USB v&agrave; Bluetooth, gi&uacute;p vi&#7879;c t&#7843;i d&#7919; li&#7879;u v&agrave; c&#7845;u h&igrave;nh thi&#7871;t b&#7883; tr&#7903; n&ecirc;n thu&#7853;n ti&#7879;n. Kh&#7843; n&#259;ng k&#7871;t n&#7889;i linh ho&#7841;t n&agrave;y &#273;&#7863;c bi&#7879;t h&#7919;u &iacute;ch trong c&aacute;c m&ocirc;i tr&#432;&#7901;ng s&#7843;n xu&#7845;t hi&#7879;n &#273;&#7841;i, n&#417;i y&ecirc;u c&#7847;u thao t&aacute;c nhanh v&agrave; ch&iacute;nh x&aacute;c. Kh&#7843; n&#259;ng kh&#7903;i &#273;&#7897;ng v&agrave; d&#7915;ng &#273;o linh ho&#7841;t cho ph&eacute;p TP6300 th&iacute;ch nghi v&#7899;i nhi&#7873;u k&#7883;ch b&#7843;n v&#7853;n h&agrave;nh kh&aacute;c nhau. Ng&#432;&#7901;i d&ugrave;ng c&oacute; th&#7875; thi&#7871;t l&#7853;p &#273;o t&#7921; &#273;&#7897;ng theo th&#7901;i gian ho&#7863;c theo ng&#432;&#7905;ng nhi&#7879;t &#273;&#7897;, gi&uacute;p &#273;&#7843;m b&#7843;o d&#7919; li&#7879;u thu th&#7853;p ph&#7843;n &aacute;nh &#273;&uacute;ng &#273;i&#7873;u ki&#7879;n th&#7921;c t&#7871;.<\/p><p>&#7912;ng D&#7909;ng Th&#7921;c T&#7871;<br>\nTP6300 &#273;&#432;&#7907;c s&#7917; d&#7909;ng r&#7897;ng r&atilde;i trong c&aacute;c l&ograve; nung, l&ograve; x&#7917; l&yacute; nhi&#7879;t v&agrave; d&acirc;y chuy&#7873;n s&#7845;y c&ocirc;ng nghi&#7879;p, n&#417;i c&#7847;n theo d&otilde;i nhi&#7879;t &#273;&#7897; t&#7841;i nhi&#7873;u v&#7883; tr&iacute; kh&aacute;c nhau nh&#432;ng v&#7851;n &#432;u ti&ecirc;n s&#7921; &#273;&#417;n gi&#7843;n trong v&#7853;n h&agrave;nh.<br>\nThi&#7871;t b&#7883; c&#361;ng ph&ugrave; h&#7907;p cho ng&agrave;nh s&#7843;n xu&#7845;t v&#7853;t li&#7879;u x&acirc;y d&#7921;ng, bao g&#7891;m g&#7841;ch, g&#7889;m s&#7913; v&agrave; c&aacute;c v&#7853;t li&#7879;u c&#7847;n ki&#7875;m so&aacute;t nhi&#7879;t &#273;&#7897; ch&#7863;t ch&#7869; trong qu&aacute; tr&igrave;nh nung. Trong c&aacute;c ph&ograve;ng th&iacute; nghi&#7879;m v&agrave; b&#7897; ph&#7853;n nghi&ecirc;n c&#7913;u ph&aacute;t tri&#7875;n, TP6300 &#273;&oacute;ng vai tr&ograve; l&agrave; c&ocirc;ng c&#7909; ghi nh&#7853;n d&#7919; li&#7879;u nhi&#7879;t &#273;&#7897; &#273;&aacute;ng tin c&#7853;y, ph&#7909;c v&#7909; cho th&#7917; nghi&#7879;m v&agrave; &#273;&aacute;nh gi&aacute; s&#7843;n ph&#7849;m m&#7899;i.<\/p><p>Nh&#7919;ng L&yacute; Do N&ecirc;n Mua Datalogger T&#7841;i V&#7841;n N&#259;ng<\/p><p>C&ocirc;ng ty Thi&#7871;t B&#7883; C&ocirc;ng Ngh&#7879; V&#7841;n N&#259;ng l&agrave; &#273;&#7889;i t&aacute;c ch&iacute;nh th&#7913;c ph&acirc;n ph&#7889;i Datalogger h&agrave;ng &#273;&#7847;u t&#7841;i Vi&#7879;t Nam, cam k&#7871;t cung c&#7845;p s&#7843;n ph&#7849;m ch&iacute;nh h&atilde;ng v&#7899;i gi&aacute; c&#7843; c&#7841;nh tranh nh&#7845;t th&#7883; tr&#432;&#7901;ng. V&#7899;i uy t&iacute;n tr&ecirc;n th&#7883; tr&#432;&#7901;ng v&agrave; ch&#7871; &#273;&#7897; h&#7851;u m&atilde;i t&#7889;t, Thi&#7871;t B&#7883; C&ocirc;ng Ngh&#7879; V&#7841;n N&#259;ng &#273;&atilde; nh&#7853;n &#273;&#432;&#7907;c s&#7921; tin t&#432;&#7903;ng t&#7915; kh&aacute;ch h&agrave;ng nh&#7901; v&agrave;o ch&#7845;t l&#432;&#7907;ng h&agrave;ng &#273;&#7847;u c&#7911;a c&aacute;c d&ograve;ng s&#7843;n ph&#7849;m.<br>\nS&#7843;n ph&#7849;m c&#7911;a ch&uacute;ng t&ocirc;i &#273;&#432;&#7907;c ki&#7875;m &#273;&#7883;nh ch&#7845;t l&#432;&#7907;ng, nh&#7853;p kh&#7849;u tr&#7921;c ti&#7871;p t&#7915; nh&agrave; m&aacute;y b&ecirc;n Ch&acirc;u &Acirc;u, M&#7929;, &Uacute;c, Nh&#7853;t B&#7843;n,&hellip; v&agrave; &#273;&aacute;p &#7913;ng nhu c&#7847;u &#273;a d&#7841;ng c&#7911;a th&#7883; tr&#432;&#7901;ng nh&#432;: M&aacute;y &#272;o &#272;&#7897; C&#7913;ng, M&aacute;y SPECTROMAXx, M&aacute;y Ki&#7875;m Tra &#272;&#432;&#7901;ng Gh&eacute;p M&iacute; Lon,&hellip; Ch&uacute;ng t&ocirc;i cam k&#7871;t cung c&#7845;p s&#7843;n ph&#7849;m n&agrave;y tr&ecirc;n to&agrave;n qu&#7889;c v&#7899;i gi&aacute; c&#7843; c&#7841;nh tranh nh&#7845;t.<br>\nCh&uacute;ng t&ocirc;i c&oacute; &#273;&#7897;i ng&#361; chuy&ecirc;n vi&ecirc;n t&#432; v&#7845;n chuy&ecirc;n s&acirc;u s&#7869; h&#7895; tr&#7907; kh&aacute;ch h&agrave;ng v&#7873; chi ti&#7871;t s&#7843;n ph&#7849;m, h&#432;&#7899;ng d&#7851;n s&#7917; d&#7909;ng hay nh&#7919;ng th&#7913; li&ecirc;n quan &#273;&#7871;n v&#7845;n &#273;&#7873; m&agrave; doanh nghi&#7879;p b&#7841;n &#273;ang g&#7863;p ph&#7843;i. Ch&uacute;ng t&ocirc;i s&#7869; cung c&#7845;p nh&#7919;ng gi&#7843;i ph&aacute;p t&#7889;i &#432;u nh&#7845;t!<br>\nNgo&agrave;i ra Thi&#7871;t B&#7883; C&ocirc;ng Ngh&#7879; V&#7841;n N&#259;ng Ch&uacute;ng T&ocirc;i lu&ocirc;n h&#432;&#7899;ng &#273;&#7871;n tr&#7843;i nghi&#7879;m kh&aacute;ch h&agrave;ng, v&igrave; v&#7853;y ch&uacute;ng t&ocirc;i c&oacute; nh&#7919;ng ch&iacute;nh s&aacute;ch b&#7843;o h&agrave;nh, b&#7843;o tr&igrave; &ndash; b&#7843;o d&#432;&#7905;ng, hi&#7879;u chu&#7849;n v&#7899;i t&#7845;t c&#7843; c&aacute;c thi&#7871;t b&#7883;, m&aacute;y m&oacute;c m&agrave; ch&uacute;ng t&ocirc;i cung c&#7845;p. &#272;&#7843;m b&#7843;o mang &#273;&#7871;n cho Kh&aacute;ch h&agrave;ng s&#7921; y&ecirc;n t&acirc;m tuy&#7879;t &#273;&#7889;i v&#7873; d&#7883;ch v&#7909; khi mua h&agrave;ng.<\/p><p>T&#7893;ng K&#7871;t<br>\nTP6300 l&agrave; thi&#7871;t b&#7883; datalogger 20 k&ecirc;nh d&#7877; s&#7917; d&#7909;ng, linh ho&#7841;t v&agrave; b&#7873;n b&#7881;, ph&ugrave; h&#7907;p cho nhi&#7873;u &#7913;ng d&#7909;ng &#273;o nhi&#7879;t &#273;&#7897; trong c&ocirc;ng nghi&#7879;p. Thi&#7871;t b&#7883; gi&uacute;p doanh nghi&#7879;p ki&#7875;m so&aacute;t t&#7889;t quy tr&igrave;nh s&#7843;n xu&#7845;t, &#273;&#7891;ng th&#7901;i t&#7889;i &#432;u h&oacute;a hi&#7879;u qu&#7843; v&#7853;n h&agrave;nh. H&atilde;y li&ecirc;n h&#7879; v&#7899;i V&#7841;n N&#259;ng ngay &#273;&#7875; &#273;&#432;&#7907;c t&#432; v&#7845;n chuy&ecirc;n s&acirc;u v&agrave; nh&#7853;n nh&#7919;ng &#432;u &#273;&atilde;i h&#7845;p d&#7851;n nh&#7845;t th&ocirc;ng qua hotline0903 991 335!<\/p><div style=\"background-color: #f8fafc; border: 1px solid #e2e8f0; border-radius: 8px; padding: 25px; max-width: 800px; margin: 30px auto; color: #334155; line-height: 1.8; font-size: 17px; box-shadow: 0 4px 6px -1px rgba(0,0,0,0.05); text-align: left; clear: both;\">\nC&ocirc;ng ty TNHH Th&#432;&#417;ng M&#7841;i D&#7883;ch V&#7909; Thi&#7871;t B&#7883; C&ocirc;ng Ngh&#7879; V&#7841;n N&#259;ng\n<p style=\"margin: 0 0 10px 0;\">&#128205; <strong style=\"color: #1e293b;\">&#272;&#7883;a ch&#7881;:<\/strong> <a style=\"color: #059669; text-decoration: none; font-weight: bold;\" href=\"https:\/\/www.google.com\/maps\/search\/C%C3%B4ng+ty+TNHH+Th%C6%B0%C6%A1ng+M%E1%BA%A1i+D%E1%BB%8Bch+V%E1%BB%A5+Thi%E1%BA%BFt+B%E1%BB%8B+C%C3%B4ng+Ngh%E1%BB%87+V%E1%BA%A1n+N%C4%83ng+818+Tr%C6%B0%E1%BB%9Dng+Chinh\" target=\"_blank\" rel=\"noopener\">818 Tr&#432;&#7901;ng Chinh, Ph&#432;&#7901;ng T&acirc;n S&#417;n, Th&agrave;nh ph&#7889; H&#7891; Ch&iacute; Minh, Vi&#7879;t Nam<\/a><\/p>\n<p style=\"margin: 0 0 10px 0;\">&#128222; <strong style=\"color: #1e293b;\">S&#272;T &ndash; Zalo:<\/strong> <a style=\"color: #059669; text-decoration: none; font-weight: bold;\" href=\"https:\/\/zalo.me\/0903991335\" target=\"_blank\" rel=\"noopener\">0903 991 335<\/a> <span style=\"color: #64748b; font-style: italic;\">(Ms. H&#7841;nh &ndash; Gi&aacute;m &#272;&#7889;c Kinh Doanh)<\/span><\/p>\n<p style=\"margin: 0;\">&#9993;&#65039; <strong style=\"color: #1e293b;\">Email:<\/strong> <a style=\"color: #059669; text-decoration: none; font-weight: bold;\" href=\"mailto:hienhanh@vannangvn.com\">hienhanh@vannangvn.com<\/a><\/p>\n<\/div><\/h1>","protected":false},"excerpt":{"rendered":"<p><strong>Th&#432;&#417;ng hi&#7879;u:<\/strong> TP6300 l&agrave; thi&#7871;t b&#7883; ghi nh&#7853;n d&#7919; li&#7879;u datalogger nhi&#7879;t &#273;&#7897; 20 k&ecirc;nh, d&#7877; v&#7853;n h&agrave;nh, &#273;o ch&iacute;nh x&aacute;c, ph&ugrave; h&#7907;p cho l&ograve; nung v&agrave; x&#7917; l&yacute; nhi&#7879;t c&ocirc;ng nghi&#7879;p.<br>\n<strong>Model:<\/strong> TP6300<p>Product <strong>THI&#7870;T B&#7882; GHI NH&#7852;N D&#7918; LI&#7878;U DATALOGGER MODEL TP6300<\/strong> ch&iacute;nh h&atilde;ng. TP6300 l&agrave; thi&#7871;t b&#7883; ghi nh&#7853;n d&#7919; li&#7879;u datalogger nhi&#7879;t &#273;&#7897; 20 k&ecirc;nh, d&#7877; v&#7853;n h&agrave;nh, &#273;o ch&iacute;nh x&aacute;c, ph&ugrave; h&#7907;p cho l&ograve; nung v&agrave; x&#7917; l&yacute; nhi&#7879;t c&ocirc;ng nghi&#7879;p.<\/p><\/p>","protected":false},"featured_media":0,"comment_status":"open","ping_status":"closed","template":"","meta":[],"product_brand":[],"product_cat":[18],"product_tag":[562,768,769,958,2362,3309,3341,3344,116],"class_list":{"0":"post-7862","1":"product","2":"type-product","3":"status-publish","5":"product_cat-chua-phan-loai","6":"product_tag-lieu","7":"product_tag-thiet","8":"product_tag-bi","9":"product_tag-ghi","10":"product_tag-nhan","11":"product_tag-du","12":"product_tag-datalogger","13":"product_tag-tp6300","14":"product_tag-model","16":"first","17":"instock","18":"shipping-taxable","19":"product-type-simple"},"yoast_head":"<!-- This site is optimized with the Yoast SEO Premium plugin v24.8 (Yoast SEO v24.8) - https:\/\/yoast.com\/wordpress\/plugins\/seo\/ -->\n<title>THI\u1ebeT B\u1eca GHI NH\u1eacN D\u1eee LI\u1ec6U DATALOGGE... ch\u00ednh h\u00e3ng | V\u1ea1n N\u0103ng<\/title>\n<meta name=\"description\" content=\"Mua ngay THI\u1ebeT B\u1eca GHI NH\u1eacN D\u1eee LI\u1ec6U DATALOGGER MODEL TP6300 ch\u00ednh h\u00e3ng. Gi\u00e1 t\u1ed1t!\" \/>\n<meta name=\"robots\" content=\"noindex, follow, max-snippet:-1, max-image-preview:large, max-video-preview:-1\" \/>\n<meta property=\"og:locale\" content=\"en_US\" \/>\n<meta property=\"og:type\" content=\"article\" \/>\n<meta property=\"og:title\" content=\"THI\u1ebeT B\u1eca GHI NH\u1eacN D\u1eee LI\u1ec6U DATALOGGER MODEL TP6300\" \/>\n<meta property=\"og:description\" content=\"Mua ngay THI\u1ebeT B\u1eca GHI NH\u1eacN D\u1eee LI\u1ec6U DATALOGGER MODEL TP6300 ch\u00ednh h\u00e3ng. Gi\u00e1 t\u1ed1t!\" \/>\n<meta property=\"og:url\" content=\"https:\/\/vannangvn.123websitedev.com\/en\/product\/thiet-bi-ghi-nhan-du-lieu-datalogger-model-tp6300\/\" \/>\n<meta property=\"og:site_name\" content=\"Vannang.vn\" \/>\n<meta property=\"article:modified_time\" content=\"2026-03-30T11:53:22+00:00\" \/>\n<meta name=\"twitter:card\" content=\"summary_large_image\" \/>\n<meta name=\"twitter:label1\" content=\"Est. reading time\" \/>\n\t<meta name=\"twitter:data1\" content=\"8 minutes\" \/>\n<script type=\"application\/ld+json\" class=\"yoast-schema-graph\">{\"@context\":\"https:\/\/schema.org\",\"@graph\":[{\"@type\":\"WebPage\",\"@id\":\"https:\/\/vannangvn.123websitedev.com\/san-pham\/thiet-bi-ghi-nhan-du-lieu-datalogger-model-tp6300\/\",\"url\":\"https:\/\/vannangvn.123websitedev.com\/san-pham\/thiet-bi-ghi-nhan-du-lieu-datalogger-model-tp6300\/\",\"name\":\"THI\u1ebeT B\u1eca GHI NH\u1eacN D\u1eee LI\u1ec6U DATALOGGE... ch\u00ednh h\u00e3ng | V\u1ea1n N\u0103ng\",\"isPartOf\":{\"@id\":\"https:\/\/vannangvn.123websitedev.com\/#website\"},\"datePublished\":\"2026-03-20T12:10:48+00:00\",\"dateModified\":\"2026-03-30T11:53:22+00:00\",\"description\":\"Mua ngay THI\u1ebeT B\u1eca GHI NH\u1eacN D\u1eee LI\u1ec6U DATALOGGER MODEL TP6300 ch\u00ednh h\u00e3ng. Gi\u00e1 t\u1ed1t!\",\"breadcrumb\":{\"@id\":\"https:\/\/vannangvn.123websitedev.com\/san-pham\/thiet-bi-ghi-nhan-du-lieu-datalogger-model-tp6300\/#breadcrumb\"},\"inLanguage\":\"en-US\",\"potentialAction\":[{\"@type\":\"ReadAction\",\"target\":[\"https:\/\/vannangvn.123websitedev.com\/san-pham\/thiet-bi-ghi-nhan-du-lieu-datalogger-model-tp6300\/\"]}]},{\"@type\":\"BreadcrumbList\",\"@id\":\"https:\/\/vannangvn.123websitedev.com\/san-pham\/thiet-bi-ghi-nhan-du-lieu-datalogger-model-tp6300\/#breadcrumb\",\"itemListElement\":[{\"@type\":\"ListItem\",\"position\":1,\"name\":\"Trang ch\u1ee7\",\"item\":\"https:\/\/vannangvn.123websitedev.com\/\"},{\"@type\":\"ListItem\",\"position\":2,\"name\":\"S\u1ea3n ph\u1ea9m\",\"item\":\"https:\/\/vannangvn.123websitedev.com\/cua-hang\/\"},{\"@type\":\"ListItem\",\"position\":3,\"name\":\"THI\u1ebeT B\u1eca GHI NH\u1eacN D\u1eee LI\u1ec6U DATALOGGER MODEL TP6300\"}]},{\"@type\":\"WebSite\",\"@id\":\"https:\/\/vannangvn.123websitedev.com\/#website\",\"url\":\"https:\/\/vannangvn.123websitedev.com\/\",\"name\":\"Vannang.vn\",\"description\":\"\",\"publisher\":{\"@id\":\"https:\/\/vannangvn.123websitedev.com\/#organization\"},\"potentialAction\":[{\"@type\":\"SearchAction\",\"target\":{\"@type\":\"EntryPoint\",\"urlTemplate\":\"https:\/\/vannangvn.123websitedev.com\/?s={search_term_string}\"},\"query-input\":{\"@type\":\"PropertyValueSpecification\",\"valueRequired\":true,\"valueName\":\"search_term_string\"}}],\"inLanguage\":\"en-US\"},{\"@type\":\"Organization\",\"@id\":\"https:\/\/vannangvn.123websitedev.com\/#organization\",\"name\":\"Vannang.vn\",\"url\":\"https:\/\/vannangvn.123websitedev.com\/\",\"logo\":{\"@type\":\"ImageObject\",\"inLanguage\":\"en-US\",\"@id\":\"https:\/\/vannangvn.123websitedev.com\/#\/schema\/logo\/image\/\",\"url\":\"https:\/\/vannangvn.123websitedev.com\/wp-content\/uploads\/2026\/02\/logo-van-nang-02.png\",\"contentUrl\":\"https:\/\/vannangvn.123websitedev.com\/wp-content\/uploads\/2026\/02\/logo-van-nang-02.png\",\"width\":448,\"height\":111,\"caption\":\"Vannang.vn\"},\"image\":{\"@id\":\"https:\/\/vannangvn.123websitedev.com\/#\/schema\/logo\/image\/\"}}]}<\/script>\n<!-- \/ Yoast SEO Premium plugin. -->","yoast_head_json":{"title":"THI\u1ebeT B\u1eca GHI NH\u1eacN D\u1eee LI\u1ec6U DATALOGGE... ch\u00ednh h\u00e3ng | V\u1ea1n N\u0103ng","description":"Mua ngay THI\u1ebeT B\u1eca GHI NH\u1eacN D\u1eee LI\u1ec6U DATALOGGER MODEL TP6300 ch\u00ednh h\u00e3ng. Gi\u00e1 t\u1ed1t!","robots":{"index":"noindex","follow":"follow","max-snippet":"max-snippet:-1","max-image-preview":"max-image-preview:large","max-video-preview":"max-video-preview:-1"},"og_locale":"en_US","og_type":"article","og_title":"THI\u1ebeT B\u1eca GHI NH\u1eacN D\u1eee LI\u1ec6U DATALOGGER MODEL TP6300","og_description":"Mua ngay THI\u1ebeT B\u1eca GHI NH\u1eacN D\u1eee LI\u1ec6U DATALOGGER MODEL TP6300 ch\u00ednh h\u00e3ng. Gi\u00e1 t\u1ed1t!","og_url":"https:\/\/vannangvn.123websitedev.com\/en\/product\/thiet-bi-ghi-nhan-du-lieu-datalogger-model-tp6300\/","og_site_name":"Vannang.vn","article_modified_time":"2026-03-30T11:53:22+00:00","twitter_card":"summary_large_image","twitter_misc":{"Est. reading time":"8 minutes"},"schema":{"@context":"https:\/\/schema.org","@graph":[{"@type":"WebPage","@id":"https:\/\/vannangvn.123websitedev.com\/san-pham\/thiet-bi-ghi-nhan-du-lieu-datalogger-model-tp6300\/","url":"https:\/\/vannangvn.123websitedev.com\/san-pham\/thiet-bi-ghi-nhan-du-lieu-datalogger-model-tp6300\/","name":"THI\u1ebeT B\u1eca GHI NH\u1eacN D\u1eee LI\u1ec6U DATALOGGE... ch\u00ednh h\u00e3ng | V\u1ea1n N\u0103ng","isPartOf":{"@id":"https:\/\/vannangvn.123websitedev.com\/#website"},"datePublished":"2026-03-20T12:10:48+00:00","dateModified":"2026-03-30T11:53:22+00:00","description":"Mua ngay THI\u1ebeT B\u1eca GHI NH\u1eacN D\u1eee LI\u1ec6U DATALOGGER MODEL TP6300 ch\u00ednh h\u00e3ng. Gi\u00e1 t\u1ed1t!","breadcrumb":{"@id":"https:\/\/vannangvn.123websitedev.com\/san-pham\/thiet-bi-ghi-nhan-du-lieu-datalogger-model-tp6300\/#breadcrumb"},"inLanguage":"en-US","potentialAction":[{"@type":"ReadAction","target":["https:\/\/vannangvn.123websitedev.com\/san-pham\/thiet-bi-ghi-nhan-du-lieu-datalogger-model-tp6300\/"]}]},{"@type":"BreadcrumbList","@id":"https:\/\/vannangvn.123websitedev.com\/san-pham\/thiet-bi-ghi-nhan-du-lieu-datalogger-model-tp6300\/#breadcrumb","itemListElement":[{"@type":"ListItem","position":1,"name":"Trang ch\u1ee7","item":"https:\/\/vannangvn.123websitedev.com\/"},{"@type":"ListItem","position":2,"name":"S\u1ea3n ph\u1ea9m","item":"https:\/\/vannangvn.123websitedev.com\/cua-hang\/"},{"@type":"ListItem","position":3,"name":"THI\u1ebeT B\u1eca GHI NH\u1eacN D\u1eee LI\u1ec6U DATALOGGER MODEL TP6300"}]},{"@type":"WebSite","@id":"https:\/\/vannangvn.123websitedev.com\/#website","url":"https:\/\/vannangvn.123websitedev.com\/","name":"Vannang.vn","description":"","publisher":{"@id":"https:\/\/vannangvn.123websitedev.com\/#organization"},"potentialAction":[{"@type":"SearchAction","target":{"@type":"EntryPoint","urlTemplate":"https:\/\/vannangvn.123websitedev.com\/?s={search_term_string}"},"query-input":{"@type":"PropertyValueSpecification","valueRequired":true,"valueName":"search_term_string"}}],"inLanguage":"en-US"},{"@type":"Organization","@id":"https:\/\/vannangvn.123websitedev.com\/#organization","name":"Vannang.vn","url":"https:\/\/vannangvn.123websitedev.com\/","logo":{"@type":"ImageObject","inLanguage":"en-US","@id":"https:\/\/vannangvn.123websitedev.com\/#\/schema\/logo\/image\/","url":"https:\/\/vannangvn.123websitedev.com\/wp-content\/uploads\/2026\/02\/logo-van-nang-02.png","contentUrl":"https:\/\/vannangvn.123websitedev.com\/wp-content\/uploads\/2026\/02\/logo-van-nang-02.png","width":448,"height":111,"caption":"Vannang.vn"},"image":{"@id":"https:\/\/vannangvn.123websitedev.com\/#\/schema\/logo\/image\/"}}]}},"_links":{"self":[{"href":"https:\/\/vannangvn.123websitedev.com\/en\/wp-json\/wp\/v2\/product\/7862","targetHints":{"allow":["GET"]}}],"collection":[{"href":"https:\/\/vannangvn.123websitedev.com\/en\/wp-json\/wp\/v2\/product"}],"about":[{"href":"https:\/\/vannangvn.123websitedev.com\/en\/wp-json\/wp\/v2\/types\/product"}],"replies":[{"embeddable":true,"href":"https:\/\/vannangvn.123websitedev.com\/en\/wp-json\/wp\/v2\/comments?post=7862"}],"wp:attachment":[{"href":"https:\/\/vannangvn.123websitedev.com\/en\/wp-json\/wp\/v2\/media?parent=7862"}],"wp:term":[{"taxonomy":"product_brand","embeddable":true,"href":"https:\/\/vannangvn.123websitedev.com\/en\/wp-json\/wp\/v2\/product_brand?post=7862"},{"taxonomy":"product_cat","embeddable":true,"href":"https:\/\/vannangvn.123websitedev.com\/en\/wp-json\/wp\/v2\/product_cat?post=7862"},{"taxonomy":"product_tag","embeddable":true,"href":"https:\/\/vannangvn.123websitedev.com\/en\/wp-json\/wp\/v2\/product_tag?post=7862"}],"curies":[{"name":"wp","href":"https:\/\/api.w.org\/{rel}","templated":true}]}}