{"id":7865,"date":"2026-03-20T19:10:51","date_gmt":"2026-03-20T12:10:51","guid":{"rendered":"https:\/\/vannangvn.123websitedev.com\/san-pham\/thiet-bi-in-mau-thu-toc-do-cao-kiem-tra-rk-model-gp100\/"},"modified":"2026-03-30T18:53:27","modified_gmt":"2026-03-30T11:53:27","slug":"thiet-bi-in-mau-thu-toc-do-cao-kiem-tra-rk-model-gp100","status":"publish","type":"product","link":"https:\/\/vannangvn.123websitedev.com\/en\/product\/thiet-bi-in-mau-thu-toc-do-cao-kiem-tra-rk-model-gp100\/","title":{"rendered":"THI\u1ebeT B\u1eca IN M\u1eaaU TH\u1eec T\u1ed0C \u0110\u1ed8 CAO KI\u1ec2M TRA RK MODEL GP100"},"content":{"rendered":"<h1 style=\"color: red; font-weight: bold; font-size: 24px;\">T&#7893;ng quan s&#7843;n ph&#7849;m THI&#7870;T B&#7882; IN M&#7850;U TH&#7916; T&#7888;C &#272;&#7896; CAO KI&#7874;M TRA RK MODEL GP100<p>Thi&#7871;t B&#7883; In M&#7851;u Th&#7917; T&#7889;c &#272;&#7897; Cao Ki&#7875;m Tra (High Speed Gravure Proofer) RK Model GP100<br>\nThi&#7871;t B&#7883; In M&#7851;u Th&#7917; T&#7889;c &#272;&#7897; Cao Ki&#7875;m Tra (GP100) l&agrave; gi&#7843;i ph&aacute;p ti&ecirc;n ti&#7871;n cho vi&#7879;c t&#7841;o ra c&aacute;c m&#7851;u in th&#7917; ch&#7845;t l&#432;&#7907;ng cao b&#7857;ng m&#7921;c &#7889;ng &#273;&#7891;ng v&#7899;i &#273;&#7897; nh&#7899;t in th&#7921;c t&#7871;. Nh&#7901; t&iacute;ch h&#7907;p &#273;i&#7873;u khi&#7875;n servo vi x&#7917; l&yacute; v&agrave; v&#7853;n h&agrave;nh kh&iacute; n&eacute;n, thi&#7871;t b&#7883; cho ph&eacute;p in v&#7899;i t&#7889;c &#273;&#7897; bi&#7871;n &#273;&#7893;i t&#7915; 1 &#273;&#7871;n 100 m\/ph&uacute;t, ph&ugrave; h&#7907;p cho nghi&ecirc;n c&#7913;u ph&aacute;t tri&#7875;n, ki&#7875;m so&aacute;t ch&#7845;t l&#432;&#7907;ng v&agrave; ph&acirc;n t&iacute;ch m&agrave;u b&#7857;ng quang ph&#7893;.<br>\nV&#7899;i thi&#7871;t k&#7871; t&#7889;i &#432;u gi&uacute;p v&#7879; sinh d&#7877; d&agrave;ng, GP100 tr&#7903; th&agrave;nh c&ocirc;ng c&#7909; kh&ocirc;ng th&#7875; thi&#7871;u cho c&aacute;c nh&agrave; s&#7843;n xu&#7845;t m&#7921;c in, ph&ograve;ng th&iacute; nghi&#7879;m v&agrave; nh&agrave; in chuy&ecirc;n nghi&#7879;p. H&atilde;y c&ugrave;ng V&#7841;n N&#259;ng t&igrave;m hi&#7875;u chi ti&#7871;t h&#417;n v&#7873; s&#7843;n ph&#7849;m th&ocirc;ng qua b&agrave;i vi&#7871;t d&#432;&#7899;i &#273;&acirc;y nh&eacute;!<\/p><p>Xem th&ecirc;m: Thi&#7871;t B&#7883; &#272;o &#272;&#7897; D&agrave;y L&#7899;p Ph&#7911; Anton Paar Model Calotest Series Compact (CAT2c)<\/p><p>N&eacute;t &#272;&#7863;c Tr&#432;ng C&#7911;a RK GP100<br>\nH&#7895; tr&#7907; in tr&ecirc;n nhi&#7873;u lo&#7841;i v&#7853;t li&#7879;u linh ho&#7841;t<br>\nRK Model GP100 c&oacute; kh&#7843; n&#259;ng in tr&ecirc;n h&#7847;u h&#7871;t c&aacute;c lo&#7841;i v&#7853;t li&#7879;u n&#7873;n linh ho&#7841;t, m&#7903; r&#7897;ng ph&#7841;m vi &#7913;ng d&#7909;ng trong nhi&#7873;u l&#297;nh v&#7921;c in &#7845;n v&agrave; bao b&igrave;.<br>\nT&#7889;c &#273;&#7897; in v&#432;&#7907;t tr&#7897;i &#273;&#7871;n 100 m\/ph&uacute;t<br>\nNh&#7901; h&#7879; th&#7889;ng servo v&agrave; &#273;i&#7873;u khi&#7875;n kh&iacute; n&eacute;n, thi&#7871;t b&#7883; &#273;&#7843;m b&#7843;o kh&#7843; n&#259;ng in &#7893;n &#273;&#7883;nh &#7903; t&#7889;c &#273;&#7897; cao, gi&uacute;p m&ocirc; ph&#7887;ng ch&iacute;nh x&aacute;c quy tr&igrave;nh in c&ocirc;ng nghi&#7879;p.<br>\nDao g&#7841;t m&#7921;c th&aacute;o l&#7855;p nhanh<br>\nC&#417; ch&#7871; &ldquo;quick release doctor blade&rdquo; gi&uacute;p th&aacute;o, l&#7855;p v&agrave; v&#7879; sinh nhanh ch&oacute;ng, gi&#7843;m thi&#7875;u th&#7901;i gian ch&#7871;t trong qu&aacute; tr&igrave;nh v&#7853;n h&agrave;nh.<\/p><p>H&#7879; th&#7889;ng &#273;i&#7873;u ch&#7881;nh t&#7921; &#273;&#7897;ng v&agrave; ch&iacute;nh x&aacute;c<br>\nC&aacute;c b&#7897; ph&#7853;n dao g&#7841;t v&agrave; tr&#7909;c &eacute;p &#273;&#432;&#7907;c &#273;i&#7873;u ch&#7881;nh kh&iacute; n&eacute;n, cho ph&eacute;p l&#7863;p l&#7841;i k&#7871;t qu&#7843; ch&iacute;nh x&aacute;c trong nhi&#7873;u l&#7847;n in th&#7917; kh&aacute;c nhau.<br>\nS&#7917; d&#7909;ng b&#7843;n in kh&#7855;c &#273;i&#7879;n t&#7917;<br>\nM&aacute;y In T&#7889;c &#272;&#7897; Cao GP100 d&ugrave;ng b&#7843;n in kh&#7855;c &#273;i&#7879;n t&#7917; gi&#7889;ng nh&#432; tr&ecirc;n c&aacute;c xi lanh in s&#7843;n xu&#7845;t th&#7921;c t&#7871;, &#273;&#7843;m b&#7843;o &#273;&#7897; ch&acirc;n th&#7921;c v&agrave; kh&#7843; n&#259;ng t&aacute;i t&#7841;o m&#7851;u in ho&agrave;n h&#7843;o.<br>\nThi&#7871;t k&#7871; t&#7889;i &#432;u cho v&#7879; sinh v&agrave; b&#7843;o tr&igrave;<br>\nSau m&#7895;i l&#7847;n in th&#7917;, c&aacute;c b&#7897; ph&#7853;n ch&iacute;nh nh&#432; tr&#7909;c in, dao g&#7841;t v&agrave; b&#7843;n in &#273;&#7873;u c&oacute; th&#7875; ti&#7871;p c&#7853;n d&#7877; d&agrave;ng, r&uacute;t ng&#7855;n th&#7901;i gian l&agrave;m s&#7841;ch v&agrave; b&#7843;o d&#432;&#7905;ng.<\/p><p>Xem th&ecirc;m: M&aacute;y So S&aacute;nh M&agrave;u Chuy&ecirc;n D&#7909;ng Ng&agrave;nh T&ocirc;n (Color Meter) Model G45<\/p><p>&#431;u &#272;i&#7875;m V&#432;&#7907;t Tr&#7897;i C&#7911;a Model GP100<br>\nT&#7841;o m&#7851;u in th&#7921;c t&#7871; ch&#7845;t l&#432;&#7907;ng cao<br>\nV&#7899;i kh&#7843; n&#259;ng s&#7917; d&#7909;ng m&#7921;c c&oacute; &#273;&#7897; nh&#7899;t nh&#432; khi in s&#7843;n xu&#7845;t, Model GP100 cho ra m&#7851;u in g&#7847;n nh&#432; t&#432;&#417;ng &#273;&#7891;ng v&#7899;i in c&ocirc;ng nghi&#7879;p.<br>\nH&#7895; tr&#7907; ph&acirc;n t&iacute;ch m&agrave;u v&agrave; ph&#7889;i m&agrave;u<br>\nK&#7871;t qu&#7843; in l&yacute; t&#432;&#7903;ng cho vi&#7879;c &#273;o b&#7857;ng quang ph&#7893;, ph&#7889;i m&agrave;u tr&ecirc;n m&aacute;y t&iacute;nh ho&#7863;c &#273;&#7889;i chi&#7871;u trong ki&#7875;m tra ch&#7845;t l&#432;&#7907;ng.<\/p><p>&#272;&#7897; &#7893;n &#273;&#7883;nh v&agrave; l&#7863;p l&#7841;i cao<br>\nNh&#7901; h&#7879; th&#7889;ng servo v&agrave; &#273;i&#7873;u ch&#7881;nh kh&iacute; n&eacute;n, m&#7851;u in &#273;&#432;&#7907;c t&aacute;i t&#7841;o &#273;&#7891;ng nh&#7845;t, &#273;&#7843;m b&#7843;o &#273;&#7897; tin c&#7853;y cho ki&#7875;m nghi&#7879;m.<br>\nTi&#7879;n l&#7907;i trong v&#7853;n h&agrave;nh v&agrave; b&#7843;o tr&igrave;<br>\nThi&#7871;t k&#7871; th&ocirc;ng minh gi&uacute;p v&#7853;n h&agrave;nh &#273;&#417;n gi&#7843;n, v&#7879; sinh nhanh, ph&ugrave; h&#7907;p cho c&#7843; ph&ograve;ng th&iacute; nghi&#7879;m v&agrave; nh&agrave; m&aacute;y s&#7843;n xu&#7845;t.<br>\n&#272;a d&#7841;ng l&#7921;a ch&#7885;n b&#7843;n in kh&#7855;c &#273;i&#7879;n t&#7917;<br>\nKh&aacute;ch h&agrave;ng c&oacute; th&#7875; s&#7917; d&#7909;ng c&aacute;c b&#7843;n in ti&ecirc;u chu&#7849;n ho&#7863;c &#273;&#7863;t kh&#7855;c b&#7843;n in ri&ecirc;ng c&oacute; logo, th&ocirc;ng tin c&ocirc;ng ty &#273;&#7875; ph&#7909;c v&#7909; nhu c&#7847;u &#273;&#7863;c th&ugrave;.<\/p><p>Xem th&ecirc;m: B&#7897; D&#7909;ng C&#7909; Ki&#7875;m Tra &#272;&#7897; B&aacute;m D&iacute;nh M&agrave;ng S&#417;n (Cross Hatch Adhesion Tester) Biuged Model BGD 502\/5A<\/p><p>&#7912;ng D&#7909;ng Trong Ng&agrave;nh C&ocirc;ng Nghi&#7879;p<br>\nThi&#7871;t B&#7883; In M&#7851;u Th&#7917; T&#7889;c &#272;&#7897; Cao Ki&#7875;m Tra GP100 &#273;&#432;&#7907;c &#7913;ng d&#7909;ng trong:<\/p><p>S&#7843;n xu&#7845;t v&agrave; ph&aacute;t tri&#7875;n m&#7921;c &#7889;ng &#273;&#7891;ng<br>\nKi&#7875;m so&aacute;t ch&#7845;t l&#432;&#7907;ng trong in bao b&igrave; v&agrave; nh&atilde;n m&aacute;c<br>\nPh&acirc;n t&iacute;ch m&agrave;u b&#7857;ng quang ph&#7893;, ph&#7889;i m&agrave;u t&#7921; &#273;&#7897;ng<br>\nNghi&ecirc;n c&#7913;u &amp; ph&aacute;t tri&#7875;n s&#7843;n ph&#7849;m in &#7845;n m&#7899;i<br>\nT&#7841;o m&#7851;u in th&#7917; ph&#7909;c v&#7909; kh&aacute;ch h&agrave;ng ho&#7863;c n&#7897;i b&#7897;<\/p><p>Nh&#7919;ng L&yacute; Do N&ecirc;n Mua Thi&#7871;t B&#7883; In M&#7851;u Th&#7917; T&#7841;i V&#7841;n N&#259;ng<\/p><p>C&ocirc;ng ty Thi&#7871;t B&#7883; C&ocirc;ng Ngh&#7879; V&#7841;n N&#259;ng l&agrave; &#273;&#7889;i t&aacute;c ch&iacute;nh th&#7913;c ph&acirc;n ph&#7889;i Thi&#7871;t B&#7883; In M&#7851;u Th&#7917; h&agrave;ng &#273;&#7847;u t&#7841;i Vi&#7879;t Nam, cam k&#7871;t cung c&#7845;p s&#7843;n ph&#7849;m ch&iacute;nh h&atilde;ng v&#7899;i gi&aacute; c&#7843; c&#7841;nh tranh nh&#7845;t th&#7883; tr&#432;&#7901;ng. V&#7899;i uy t&iacute;n tr&ecirc;n th&#7883; tr&#432;&#7901;ng v&agrave; ch&#7871; &#273;&#7897; h&#7851;u m&atilde;i t&#7889;t, Thi&#7871;t B&#7883; C&ocirc;ng Ngh&#7879; V&#7841;n N&#259;ng &#273;&atilde; nh&#7853;n &#273;&#432;&#7907;c s&#7921; tin t&#432;&#7903;ng t&#7915; kh&aacute;ch h&agrave;ng nh&#7901; v&agrave;o ch&#7845;t l&#432;&#7907;ng h&agrave;ng &#273;&#7847;u c&#7911;a c&aacute;c d&ograve;ng s&#7843;n ph&#7849;m.<br>\nS&#7843;n ph&#7849;m c&#7911;a ch&uacute;ng t&ocirc;i &#273;&#432;&#7907;c ki&#7875;m &#273;&#7883;nh ch&#7845;t l&#432;&#7907;ng, nh&#7853;p kh&#7849;u tr&#7921;c ti&#7871;p t&#7915; nh&agrave; m&aacute;y b&ecirc;n Ch&acirc;u &Acirc;u, M&#7929;, &Uacute;c, Nh&#7853;t B&#7843;n,&hellip; v&agrave; &#273;&aacute;p &#7913;ng nhu c&#7847;u &#273;a d&#7841;ng c&#7911;a th&#7883; tr&#432;&#7901;ng nh&#432;: M&aacute;y &#272;o &#272;&#7897; C&#7913;ng, M&aacute;y SPECTROMAXx, M&aacute;y Ki&#7875;m Tra &#272;&#432;&#7901;ng Gh&eacute;p M&iacute; Lon,&hellip; Ch&uacute;ng t&ocirc;i cam k&#7871;t cung c&#7845;p s&#7843;n ph&#7849;m n&agrave;y tr&ecirc;n to&agrave;n qu&#7889;c v&#7899;i gi&aacute; c&#7843; c&#7841;nh tranh nh&#7845;t.<br>\nCh&uacute;ng t&ocirc;i c&oacute; &#273;&#7897;i ng&#361; chuy&ecirc;n vi&ecirc;n t&#432; v&#7845;n chuy&ecirc;n s&acirc;u s&#7869; h&#7895; tr&#7907; kh&aacute;ch h&agrave;ng v&#7873; chi ti&#7871;t s&#7843;n ph&#7849;m, h&#432;&#7899;ng d&#7851;n s&#7917; d&#7909;ng hay nh&#7919;ng th&#7913; li&ecirc;n quan &#273;&#7871;n v&#7845;n &#273;&#7873; m&agrave; doanh nghi&#7879;p b&#7841;n &#273;ang g&#7863;p ph&#7843;i. Ch&uacute;ng t&ocirc;i s&#7869; cung c&#7845;p nh&#7919;ng gi&#7843;i ph&aacute;p t&#7889;i &#432;u nh&#7845;t!<br>\nNgo&agrave;i ra Thi&#7871;t B&#7883; C&ocirc;ng Ngh&#7879; V&#7841;n N&#259;ng Ch&uacute;ng T&ocirc;i lu&ocirc;n h&#432;&#7899;ng &#273;&#7871;n tr&#7843;i nghi&#7879;m kh&aacute;ch h&agrave;ng, v&igrave; v&#7853;y ch&uacute;ng t&ocirc;i c&oacute; nh&#7919;ng ch&iacute;nh s&aacute;ch b&#7843;o h&agrave;nh, b&#7843;o tr&igrave; &ndash; b&#7843;o d&#432;&#7905;ng, hi&#7879;u chu&#7849;n v&#7899;i t&#7845;t c&#7843; c&aacute;c thi&#7871;t b&#7883;, m&aacute;y m&oacute;c m&agrave; ch&uacute;ng t&ocirc;i cung c&#7845;p. &#272;&#7843;m b&#7843;o mang &#273;&#7871;n cho Kh&aacute;ch h&agrave;ng s&#7921; y&ecirc;n t&acirc;m tuy&#7879;t &#273;&#7889;i v&#7873; d&#7883;ch v&#7909; khi mua h&agrave;ng.<\/p><p>Xem th&ecirc;m: M&aacute;y So M&agrave;u (Color Meter) Shenzhen Threenh Model Pro-DS<\/p><p>T&#7893;ng K&#7871;t<br>\nThi&#7871;t B&#7883; In M&#7851;u Th&#7917; T&#7889;c &#272;&#7897; Cao Ki&#7875;m Tra High Speed Gravure Proofer RK Model GP100 l&agrave; l&#7921;a ch&#7885;n ho&agrave;n h&#7843;o cho c&aacute;c nh&agrave; s&#7843;n xu&#7845;t m&#7921;c, ph&ograve;ng R&amp;D v&agrave; nh&agrave; in chuy&ecirc;n nghi&#7879;p. S&#7903; h&#7919;u thi&#7871;t b&#7883; n&agrave;y gi&uacute;p n&acirc;ng cao hi&#7879;u qu&#7843; ki&#7875;m nghi&#7879;m, t&#7889;i &#432;u h&oacute;a ch&#7845;t l&#432;&#7907;ng v&agrave; gi&#7843;m thi&#7875;u r&#7911;i ro trong s&#7843;n xu&#7845;t. H&atilde;y li&ecirc;n h&#7879; v&#7899;i V&#7841;n N&#259;ng ngay &#273;&#7875; &#273;&#432;&#7907;c t&#432; v&#7845;n chuy&ecirc;n s&acirc;u v&agrave; nh&#7853;n nh&#7919;ng &#432;u &#273;&atilde;i h&#7845;p d&#7851;n nh&#7845;t th&ocirc;ng qua hotline0903 991 335 !<\/p><div style=\"background-color: #f8fafc; border: 1px solid #e2e8f0; border-radius: 8px; padding: 25px; max-width: 800px; margin: 30px auto; color: #334155; line-height: 1.8; font-size: 17px; box-shadow: 0 4px 6px -1px rgba(0,0,0,0.05); text-align: left; clear: both;\">\nC&ocirc;ng ty TNHH Th&#432;&#417;ng M&#7841;i D&#7883;ch V&#7909; Thi&#7871;t B&#7883; C&ocirc;ng Ngh&#7879; V&#7841;n N&#259;ng\n<p style=\"margin: 0 0 10px 0;\">&#128205; <strong style=\"color: #1e293b;\">&#272;&#7883;a ch&#7881;:<\/strong> <a style=\"color: #059669; text-decoration: none; font-weight: bold;\" href=\"https:\/\/www.google.com\/maps\/search\/C%C3%B4ng+ty+TNHH+Th%C6%B0%C6%A1ng+M%E1%BA%A1i+D%E1%BB%8Bch+V%E1%BB%A5+Thi%E1%BA%BFt+B%E1%BB%8B+C%C3%B4ng+Ngh%E1%BB%87+V%E1%BA%A1n+N%C4%83ng+818+Tr%C6%B0%E1%BB%9Dng+Chinh\" target=\"_blank\" rel=\"noopener\">818 Tr&#432;&#7901;ng Chinh, Ph&#432;&#7901;ng T&acirc;n S&#417;n, Th&agrave;nh ph&#7889; H&#7891; Ch&iacute; Minh, Vi&#7879;t Nam<\/a><\/p>\n<p style=\"margin: 0 0 10px 0;\">&#128222; <strong style=\"color: #1e293b;\">S&#272;T &ndash; Zalo:<\/strong> <a style=\"color: #059669; text-decoration: none; font-weight: bold;\" href=\"https:\/\/zalo.me\/0903991335\" target=\"_blank\" rel=\"noopener\">0903 991 335<\/a> <span style=\"color: #64748b; font-style: italic;\">(Ms. H&#7841;nh &ndash; Gi&aacute;m &#272;&#7889;c Kinh Doanh)<\/span><\/p>\n<p style=\"margin: 0;\">&#9993;&#65039; <strong style=\"color: #1e293b;\">Email:<\/strong> <a style=\"color: #059669; text-decoration: none; font-weight: bold;\" href=\"mailto:hienhanh@vannangvn.com\">hienhanh@vannangvn.com<\/a><\/p>\n<\/div><\/h1>","protected":false},"excerpt":{"rendered":"<p><strong>Th&#432;&#417;ng hi&#7879;u:<\/strong> RK Print Coat Instruments<br>\n<strong>Model:<\/strong> GP100<p>Product <strong>THI&#7870;T B&#7882; IN M&#7850;U TH&#7916; T&#7888;C &#272;&#7896; CAO KI&#7874;M TRA RK MODEL GP100<\/strong> ch&iacute;nh h&atilde;ng. RK Print Coat Instruments (UK)<br>\nRK GP100 l&agrave; thi&#7871;t b&#7883; in m&#7851;u th&#7917; t&#7889;c &#273;&#7897; cao ti&ecirc;n ti&#7871;n &#273;&#7875; t&#7841;o m&#7851;u in &#7889;ng &#273;&#7891;ng ch&#7845;t l&#432;&#7907;ng cao. V&#7899;i t&#7889;c &#273;&#7897; in l&ecirc;n &#273;&#7871;n 100 m\/ph&uacute;t v&agrave; h&#7879; th&#7889;ng &#273;i&#7873;u khi&#7875;n servo, m&aacute;y m&ocirc; ph&#7887;ng ch&iacute;nh x&aacute;c quy tr&igrave;nh in c&ocirc;ng nghi&#7879;p, l&yacute; t&#432;&#7903;ng cho R&amp;D v&agrave; QA\/QC.<\/p><\/p>","protected":false},"featured_media":10258,"comment_status":"open","ping_status":"closed","template":"","meta":[],"product_brand":[],"product_cat":[18],"product_tag":[768,769,968,3346,116,119,120,130,181,208,209,274,329],"class_list":{"0":"post-7865","1":"product","2":"type-product","3":"status-publish","4":"has-post-thumbnail","6":"product_cat-chua-phan-loai","7":"product_tag-thiet","8":"product_tag-bi","9":"product_tag-rk","10":"product_tag-gp100","11":"product_tag-model","12":"product_tag-in","13":"product_tag-thu","14":"product_tag-mau","15":"product_tag-do","16":"product_tag-kiem","17":"product_tag-tra","18":"product_tag-toc","19":"product_tag-cao","21":"first","22":"instock","23":"shipping-taxable","24":"product-type-simple"},"yoast_head":"<!-- This site is optimized with the Yoast SEO Premium plugin v24.8 (Yoast SEO v24.8) - https:\/\/yoast.com\/wordpress\/plugins\/seo\/ -->\n<title>THI\u1ebeT B\u1eca IN M\u1eaaU TH\u1eec T\u1ed0C \u0110\u1ed8 CAO KI\u1ec2M... ch\u00ednh h\u00e3ng | V\u1ea1n N\u0103ng<\/title>\n<meta name=\"description\" content=\"Mua ngay THI\u1ebeT B\u1eca IN M\u1eaaU TH\u1eec T\u1ed0C \u0110\u1ed8 CAO KI\u1ec2M TRA RK MODEL GP100 ch\u00ednh h\u00e3ng. RK GP100 l\u00e0 thi\u1ebft b\u1ecb in m\u1eabu th\u1eed t\u1ed1c \u0111\u1ed9 cao ti\u00ean ti\u1ebfn \u0111... Gi\u00e1 t\u1ed1t!\" \/>\n<meta name=\"robots\" content=\"noindex, follow, max-snippet:-1, max-image-preview:large, max-video-preview:-1\" \/>\n<meta property=\"og:locale\" content=\"en_US\" \/>\n<meta property=\"og:type\" content=\"article\" \/>\n<meta property=\"og:title\" content=\"THI\u1ebeT B\u1eca IN M\u1eaaU TH\u1eec T\u1ed0C \u0110\u1ed8 CAO KI\u1ec2M TRA RK MODEL GP100\" \/>\n<meta property=\"og:description\" content=\"Mua ngay THI\u1ebeT B\u1eca IN M\u1eaaU TH\u1eec T\u1ed0C \u0110\u1ed8 CAO KI\u1ec2M TRA RK MODEL GP100 ch\u00ednh h\u00e3ng. RK GP100 l\u00e0 thi\u1ebft b\u1ecb in m\u1eabu th\u1eed t\u1ed1c \u0111\u1ed9 cao ti\u00ean ti\u1ebfn \u0111... Gi\u00e1 t\u1ed1t!\" \/>\n<meta property=\"og:url\" content=\"https:\/\/vannangvn.123websitedev.com\/en\/product\/thiet-bi-in-mau-thu-toc-do-cao-kiem-tra-rk-model-gp100\/\" \/>\n<meta property=\"og:site_name\" content=\"Vannang.vn\" \/>\n<meta property=\"article:modified_time\" content=\"2026-03-30T11:53:27+00:00\" \/>\n<meta property=\"og:image\" content=\"http:\/\/vannangvn.123websitedev.com\/wp-content\/uploads\/2026\/03\/Nang-Luc-Canva-1-2-768x576-copy.jpg\" \/>\n\t<meta property=\"og:image:width\" content=\"768\" \/>\n\t<meta property=\"og:image:height\" content=\"576\" \/>\n\t<meta property=\"og:image:type\" content=\"image\/jpeg\" \/>\n<meta name=\"twitter:card\" content=\"summary_large_image\" \/>\n<meta name=\"twitter:label1\" content=\"Est. reading time\" \/>\n\t<meta name=\"twitter:data1\" content=\"8 minutes\" \/>\n<script type=\"application\/ld+json\" class=\"yoast-schema-graph\">{\"@context\":\"https:\/\/schema.org\",\"@graph\":[{\"@type\":\"WebPage\",\"@id\":\"https:\/\/vannangvn.123websitedev.com\/san-pham\/thiet-bi-in-mau-thu-toc-do-cao-kiem-tra-rk-model-gp100\/\",\"url\":\"https:\/\/vannangvn.123websitedev.com\/san-pham\/thiet-bi-in-mau-thu-toc-do-cao-kiem-tra-rk-model-gp100\/\",\"name\":\"THI\u1ebeT B\u1eca IN M\u1eaaU TH\u1eec T\u1ed0C \u0110\u1ed8 CAO KI\u1ec2M... ch\u00ednh h\u00e3ng | V\u1ea1n N\u0103ng\",\"isPartOf\":{\"@id\":\"https:\/\/vannangvn.123websitedev.com\/#website\"},\"primaryImageOfPage\":{\"@id\":\"https:\/\/vannangvn.123websitedev.com\/san-pham\/thiet-bi-in-mau-thu-toc-do-cao-kiem-tra-rk-model-gp100\/#primaryimage\"},\"image\":{\"@id\":\"https:\/\/vannangvn.123websitedev.com\/san-pham\/thiet-bi-in-mau-thu-toc-do-cao-kiem-tra-rk-model-gp100\/#primaryimage\"},\"thumbnailUrl\":\"https:\/\/vannangvn.123websitedev.com\/wp-content\/uploads\/2026\/03\/Nang-Luc-Canva-1-2-768x576-copy.jpg\",\"datePublished\":\"2026-03-20T12:10:51+00:00\",\"dateModified\":\"2026-03-30T11:53:27+00:00\",\"description\":\"Mua ngay THI\u1ebeT B\u1eca IN M\u1eaaU TH\u1eec T\u1ed0C \u0110\u1ed8 CAO KI\u1ec2M TRA RK MODEL GP100 ch\u00ednh h\u00e3ng. RK GP100 l\u00e0 thi\u1ebft b\u1ecb in m\u1eabu th\u1eed t\u1ed1c \u0111\u1ed9 cao ti\u00ean ti\u1ebfn \u0111... Gi\u00e1 t\u1ed1t!\",\"breadcrumb\":{\"@id\":\"https:\/\/vannangvn.123websitedev.com\/san-pham\/thiet-bi-in-mau-thu-toc-do-cao-kiem-tra-rk-model-gp100\/#breadcrumb\"},\"inLanguage\":\"en-US\",\"potentialAction\":[{\"@type\":\"ReadAction\",\"target\":[\"https:\/\/vannangvn.123websitedev.com\/san-pham\/thiet-bi-in-mau-thu-toc-do-cao-kiem-tra-rk-model-gp100\/\"]}]},{\"@type\":\"ImageObject\",\"inLanguage\":\"en-US\",\"@id\":\"https:\/\/vannangvn.123websitedev.com\/san-pham\/thiet-bi-in-mau-thu-toc-do-cao-kiem-tra-rk-model-gp100\/#primaryimage\",\"url\":\"https:\/\/vannangvn.123websitedev.com\/wp-content\/uploads\/2026\/03\/Nang-Luc-Canva-1-2-768x576-copy.jpg\",\"contentUrl\":\"https:\/\/vannangvn.123websitedev.com\/wp-content\/uploads\/2026\/03\/Nang-Luc-Canva-1-2-768x576-copy.jpg\",\"width\":768,\"height\":576},{\"@type\":\"BreadcrumbList\",\"@id\":\"https:\/\/vannangvn.123websitedev.com\/san-pham\/thiet-bi-in-mau-thu-toc-do-cao-kiem-tra-rk-model-gp100\/#breadcrumb\",\"itemListElement\":[{\"@type\":\"ListItem\",\"position\":1,\"name\":\"Trang ch\u1ee7\",\"item\":\"https:\/\/vannangvn.123websitedev.com\/\"},{\"@type\":\"ListItem\",\"position\":2,\"name\":\"S\u1ea3n ph\u1ea9m\",\"item\":\"https:\/\/vannangvn.123websitedev.com\/cua-hang\/\"},{\"@type\":\"ListItem\",\"position\":3,\"name\":\"THI\u1ebeT B\u1eca IN M\u1eaaU TH\u1eec T\u1ed0C \u0110\u1ed8 CAO KI\u1ec2M TRA RK MODEL GP100\"}]},{\"@type\":\"WebSite\",\"@id\":\"https:\/\/vannangvn.123websitedev.com\/#website\",\"url\":\"https:\/\/vannangvn.123websitedev.com\/\",\"name\":\"Vannang.vn\",\"description\":\"\",\"publisher\":{\"@id\":\"https:\/\/vannangvn.123websitedev.com\/#organization\"},\"potentialAction\":[{\"@type\":\"SearchAction\",\"target\":{\"@type\":\"EntryPoint\",\"urlTemplate\":\"https:\/\/vannangvn.123websitedev.com\/?s={search_term_string}\"},\"query-input\":{\"@type\":\"PropertyValueSpecification\",\"valueRequired\":true,\"valueName\":\"search_term_string\"}}],\"inLanguage\":\"en-US\"},{\"@type\":\"Organization\",\"@id\":\"https:\/\/vannangvn.123websitedev.com\/#organization\",\"name\":\"Vannang.vn\",\"url\":\"https:\/\/vannangvn.123websitedev.com\/\",\"logo\":{\"@type\":\"ImageObject\",\"inLanguage\":\"en-US\",\"@id\":\"https:\/\/vannangvn.123websitedev.com\/#\/schema\/logo\/image\/\",\"url\":\"https:\/\/vannangvn.123websitedev.com\/wp-content\/uploads\/2026\/02\/logo-van-nang-02.png\",\"contentUrl\":\"https:\/\/vannangvn.123websitedev.com\/wp-content\/uploads\/2026\/02\/logo-van-nang-02.png\",\"width\":448,\"height\":111,\"caption\":\"Vannang.vn\"},\"image\":{\"@id\":\"https:\/\/vannangvn.123websitedev.com\/#\/schema\/logo\/image\/\"}}]}<\/script>\n<!-- \/ Yoast SEO Premium plugin. -->","yoast_head_json":{"title":"THI\u1ebeT B\u1eca IN M\u1eaaU TH\u1eec T\u1ed0C \u0110\u1ed8 CAO KI\u1ec2M... ch\u00ednh h\u00e3ng | V\u1ea1n N\u0103ng","description":"Mua ngay THI\u1ebeT B\u1eca IN M\u1eaaU TH\u1eec T\u1ed0C \u0110\u1ed8 CAO KI\u1ec2M TRA RK MODEL GP100 ch\u00ednh h\u00e3ng. RK GP100 l\u00e0 thi\u1ebft b\u1ecb in m\u1eabu th\u1eed t\u1ed1c \u0111\u1ed9 cao ti\u00ean ti\u1ebfn \u0111... Gi\u00e1 t\u1ed1t!","robots":{"index":"noindex","follow":"follow","max-snippet":"max-snippet:-1","max-image-preview":"max-image-preview:large","max-video-preview":"max-video-preview:-1"},"og_locale":"en_US","og_type":"article","og_title":"THI\u1ebeT B\u1eca IN M\u1eaaU TH\u1eec T\u1ed0C \u0110\u1ed8 CAO KI\u1ec2M TRA RK MODEL GP100","og_description":"Mua ngay THI\u1ebeT B\u1eca IN M\u1eaaU TH\u1eec T\u1ed0C \u0110\u1ed8 CAO KI\u1ec2M TRA RK MODEL GP100 ch\u00ednh h\u00e3ng. RK GP100 l\u00e0 thi\u1ebft b\u1ecb in m\u1eabu th\u1eed t\u1ed1c \u0111\u1ed9 cao ti\u00ean ti\u1ebfn \u0111... Gi\u00e1 t\u1ed1t!","og_url":"https:\/\/vannangvn.123websitedev.com\/en\/product\/thiet-bi-in-mau-thu-toc-do-cao-kiem-tra-rk-model-gp100\/","og_site_name":"Vannang.vn","article_modified_time":"2026-03-30T11:53:27+00:00","og_image":[{"width":768,"height":576,"url":"http:\/\/vannangvn.123websitedev.com\/wp-content\/uploads\/2026\/03\/Nang-Luc-Canva-1-2-768x576-copy.jpg","type":"image\/jpeg"}],"twitter_card":"summary_large_image","twitter_misc":{"Est. reading time":"8 minutes"},"schema":{"@context":"https:\/\/schema.org","@graph":[{"@type":"WebPage","@id":"https:\/\/vannangvn.123websitedev.com\/san-pham\/thiet-bi-in-mau-thu-toc-do-cao-kiem-tra-rk-model-gp100\/","url":"https:\/\/vannangvn.123websitedev.com\/san-pham\/thiet-bi-in-mau-thu-toc-do-cao-kiem-tra-rk-model-gp100\/","name":"THI\u1ebeT B\u1eca IN M\u1eaaU TH\u1eec T\u1ed0C \u0110\u1ed8 CAO KI\u1ec2M... ch\u00ednh h\u00e3ng | V\u1ea1n N\u0103ng","isPartOf":{"@id":"https:\/\/vannangvn.123websitedev.com\/#website"},"primaryImageOfPage":{"@id":"https:\/\/vannangvn.123websitedev.com\/san-pham\/thiet-bi-in-mau-thu-toc-do-cao-kiem-tra-rk-model-gp100\/#primaryimage"},"image":{"@id":"https:\/\/vannangvn.123websitedev.com\/san-pham\/thiet-bi-in-mau-thu-toc-do-cao-kiem-tra-rk-model-gp100\/#primaryimage"},"thumbnailUrl":"https:\/\/vannangvn.123websitedev.com\/wp-content\/uploads\/2026\/03\/Nang-Luc-Canva-1-2-768x576-copy.jpg","datePublished":"2026-03-20T12:10:51+00:00","dateModified":"2026-03-30T11:53:27+00:00","description":"Mua ngay THI\u1ebeT B\u1eca IN M\u1eaaU TH\u1eec T\u1ed0C \u0110\u1ed8 CAO KI\u1ec2M TRA RK MODEL GP100 ch\u00ednh h\u00e3ng. RK GP100 l\u00e0 thi\u1ebft b\u1ecb in m\u1eabu th\u1eed t\u1ed1c \u0111\u1ed9 cao ti\u00ean ti\u1ebfn \u0111... Gi\u00e1 t\u1ed1t!","breadcrumb":{"@id":"https:\/\/vannangvn.123websitedev.com\/san-pham\/thiet-bi-in-mau-thu-toc-do-cao-kiem-tra-rk-model-gp100\/#breadcrumb"},"inLanguage":"en-US","potentialAction":[{"@type":"ReadAction","target":["https:\/\/vannangvn.123websitedev.com\/san-pham\/thiet-bi-in-mau-thu-toc-do-cao-kiem-tra-rk-model-gp100\/"]}]},{"@type":"ImageObject","inLanguage":"en-US","@id":"https:\/\/vannangvn.123websitedev.com\/san-pham\/thiet-bi-in-mau-thu-toc-do-cao-kiem-tra-rk-model-gp100\/#primaryimage","url":"https:\/\/vannangvn.123websitedev.com\/wp-content\/uploads\/2026\/03\/Nang-Luc-Canva-1-2-768x576-copy.jpg","contentUrl":"https:\/\/vannangvn.123websitedev.com\/wp-content\/uploads\/2026\/03\/Nang-Luc-Canva-1-2-768x576-copy.jpg","width":768,"height":576},{"@type":"BreadcrumbList","@id":"https:\/\/vannangvn.123websitedev.com\/san-pham\/thiet-bi-in-mau-thu-toc-do-cao-kiem-tra-rk-model-gp100\/#breadcrumb","itemListElement":[{"@type":"ListItem","position":1,"name":"Trang ch\u1ee7","item":"https:\/\/vannangvn.123websitedev.com\/"},{"@type":"ListItem","position":2,"name":"S\u1ea3n ph\u1ea9m","item":"https:\/\/vannangvn.123websitedev.com\/cua-hang\/"},{"@type":"ListItem","position":3,"name":"THI\u1ebeT B\u1eca IN M\u1eaaU TH\u1eec T\u1ed0C \u0110\u1ed8 CAO KI\u1ec2M TRA RK MODEL GP100"}]},{"@type":"WebSite","@id":"https:\/\/vannangvn.123websitedev.com\/#website","url":"https:\/\/vannangvn.123websitedev.com\/","name":"Vannang.vn","description":"","publisher":{"@id":"https:\/\/vannangvn.123websitedev.com\/#organization"},"potentialAction":[{"@type":"SearchAction","target":{"@type":"EntryPoint","urlTemplate":"https:\/\/vannangvn.123websitedev.com\/?s={search_term_string}"},"query-input":{"@type":"PropertyValueSpecification","valueRequired":true,"valueName":"search_term_string"}}],"inLanguage":"en-US"},{"@type":"Organization","@id":"https:\/\/vannangvn.123websitedev.com\/#organization","name":"Vannang.vn","url":"https:\/\/vannangvn.123websitedev.com\/","logo":{"@type":"ImageObject","inLanguage":"en-US","@id":"https:\/\/vannangvn.123websitedev.com\/#\/schema\/logo\/image\/","url":"https:\/\/vannangvn.123websitedev.com\/wp-content\/uploads\/2026\/02\/logo-van-nang-02.png","contentUrl":"https:\/\/vannangvn.123websitedev.com\/wp-content\/uploads\/2026\/02\/logo-van-nang-02.png","width":448,"height":111,"caption":"Vannang.vn"},"image":{"@id":"https:\/\/vannangvn.123websitedev.com\/#\/schema\/logo\/image\/"}}]}},"_links":{"self":[{"href":"https:\/\/vannangvn.123websitedev.com\/en\/wp-json\/wp\/v2\/product\/7865","targetHints":{"allow":["GET"]}}],"collection":[{"href":"https:\/\/vannangvn.123websitedev.com\/en\/wp-json\/wp\/v2\/product"}],"about":[{"href":"https:\/\/vannangvn.123websitedev.com\/en\/wp-json\/wp\/v2\/types\/product"}],"replies":[{"embeddable":true,"href":"https:\/\/vannangvn.123websitedev.com\/en\/wp-json\/wp\/v2\/comments?post=7865"}],"wp:featuredmedia":[{"embeddable":true,"href":"https:\/\/vannangvn.123websitedev.com\/en\/wp-json\/wp\/v2\/media\/10258"}],"wp:attachment":[{"href":"https:\/\/vannangvn.123websitedev.com\/en\/wp-json\/wp\/v2\/media?parent=7865"}],"wp:term":[{"taxonomy":"product_brand","embeddable":true,"href":"https:\/\/vannangvn.123websitedev.com\/en\/wp-json\/wp\/v2\/product_brand?post=7865"},{"taxonomy":"product_cat","embeddable":true,"href":"https:\/\/vannangvn.123websitedev.com\/en\/wp-json\/wp\/v2\/product_cat?post=7865"},{"taxonomy":"product_tag","embeddable":true,"href":"https:\/\/vannangvn.123websitedev.com\/en\/wp-json\/wp\/v2\/product_tag?post=7865"}],"curies":[{"name":"wp","href":"https:\/\/api.w.org\/{rel}","templated":true}]}}