{"id":7896,"date":"2026-03-20T19:11:33","date_gmt":"2026-03-20T12:11:33","guid":{"rendered":"https:\/\/vannangvn.123websitedev.com\/san-pham\/thiet-bi-kiem-tra-an-mon-chu-ky-itabashi-rika-kogyo-model-tq-1\/"},"modified":"2026-03-30T18:54:10","modified_gmt":"2026-03-30T11:54:10","slug":"thiet-bi-kiem-tra-an-mon-chu-ky-itabashi-rika-kogyo-model-tq-1","status":"publish","type":"product","link":"https:\/\/vannangvn.123websitedev.com\/en\/product\/thiet-bi-kiem-tra-an-mon-chu-ky-itabashi-rika-kogyo-model-tq-1\/","title":{"rendered":"THI\u1ebeT B\u1eca KI\u1ec2M TRA \u0102N M\u00d2N CHU K\u1ef2 ITABASHI RIKA KOGYO MODEL TQ-1"},"content":{"rendered":"<h1 style=\"color: red; font-weight: bold; font-size: 24px;\">T&#7893;ng quan s&#7843;n ph&#7849;m THI&#7870;T B&#7882; KI&#7874;M TRA &#258;N M&Ograve;N CHU K&#7922; ITABASHI RIKA KOGYO MODEL TQ-1<p>Thi&#7871;t B&#7883; Ki&#7875;m Tra &#258;n M&ograve;n Chu K&#7923; (Immersion Combined Corrosion Tester) Itabashi Rika Kogyo Model TQ-1<\/p><p>TQ-1<br>\nThi&#7871;t B&#7883; Ki&#7875;m Tra &#258;n M&ograve;n Chu K&#7923; Itabashi Rika Kogyo Model TQ-1 l&agrave; gi&#7843;i ph&aacute;p chuy&ecirc;n d&#7909;ng &#273;&#7875; th&#7921;c hi&#7879;n c&aacute;c b&agrave;i ki&#7875;m tra &#259;n m&ograve;n t&#259;ng t&#7889;c b&#7857;ng c&aacute;ch k&#7871;t h&#7907;p &#273;a d&#7841;ng c&aacute;c &#273;i&#7873;u ki&#7879;n nh&#432; phun mu&#7889;i, s&#7845;y kh&ocirc;, t&#7841;o &#7849;m, nhi&#7879;t &#273;&#7897; th&#7845;p, ng&acirc;m dung d&#7883;ch mu&#7889;i v&agrave; th&ocirc;ng kh&iacute; ngo&agrave;i tr&#7901;i. Thi&#7871;t b&#7883; &#273;&#432;&#7907;c &#7913;ng d&#7909;ng r&#7897;ng r&atilde;i trong vi&#7879;c &#273;&aacute;nh gi&aacute; kh&#7843; n&#259;ng ch&#7889;ng &#259;n m&ograve;n v&agrave; &#273;&#7897; b&#7873;n c&#7911;a linh ki&#7879;n &ocirc; t&ocirc;, l&#7899;p s&#417;n ph&#7911;, kim lo&#7841;i v&agrave; nhi&#7873;u lo&#7841;i v&#7853;t li&#7879;u c&ocirc;ng nghi&#7879;p kh&aacute;c.<\/p><h2 style=\"color: #2e7d32; font-weight: bold; font-size: 20px;\">&#272;&#7863;c &#273;i&#7875;m n&#7893;i b&#7853;t<\/h2><p>B&#7897; &#273;i&#7873;u khi&#7875;n l&#7853;p tr&igrave;nh hi&#7879;n &#273;&#7841;i<br>\nM&agrave;n h&igrave;nh c&#7843;m &#7913;ng cho ph&eacute;p c&agrave;i &#273;&#7863;t nhi&#7879;t &#273;&#7897;, &#273;&#7897; &#7849;m v&agrave; s&#7889; chu tr&igrave;nh cho t&#7915;ng &#273;i&#7873;u ki&#7879;n th&#7917; nghi&#7879;m, qu&#7843;n l&yacute; v&agrave; v&#7853;n h&agrave;nh &#273;&#417;n gi&#7843;n.<br>\nV&ograve;i phun ch&#7889;ng k&#7871;t tinh &#273;&#7897;c quy&#7873;n<br>\nS&#7917; d&#7909;ng c&ocirc;ng ngh&#7879; v&ograve;i phun kh&ocirc;ng k&#7871;t tinh gi&uacute;p ng&#259;n t&#7855;c ngh&#7869;n khi phun dung d&#7883;ch mu&#7889;i, &#273;&#7843;m b&#7843;o qu&aacute; tr&igrave;nh ki&#7875;m tra li&ecirc;n t&#7909;c v&agrave; &#7893;n &#273;&#7883;nh.<br>\nCh&#7913;c n&#259;ng t&#7921; &#273;&#7897;ng l&agrave;m s&#7841;ch v&ograve;i phun (PAT)<br>\nH&#7879; th&#7889;ng r&#7917;a t&#7921; &#273;&#7897;ng lo&#7841;i b&#7887; tinh th&#7875; mu&#7889;i b&aacute;m tr&ecirc;n &#273;&#7847;u v&ograve;i trong qu&aacute; tr&igrave;nh ki&#7875;m tra chu tr&igrave;nh k&#7871;t h&#7907;p.<br>\n&#272;&#7897; ch&iacute;nh x&aacute;c ph&acirc;n b&#7889; nhi&#7879;t cao<br>\nBu&#7891;ng th&#7917; &#273;&#432;&#7907;c thi&#7871;t k&#7871; &#273;&#7875; ph&acirc;n b&#7893; nhi&#7879;t &#273;&#7897; &#273;&#7891;ng &#273;&#7873;u, gi&uacute;p m&#7851;u th&#7917; kh&ocirc; nhanh trong qu&aacute; tr&igrave;nh s&#7845;y, &#273;&#7891;ng th&#7901;i th&#7921;c hi&#7879;n ki&#7875;m tra &#273;&#7897; &#7849;m v&agrave; nhi&#7879;t &#273;&#7897; th&#7845;p m&#7897;t c&aacute;ch ch&iacute;nh x&aacute;c.<br>\nH&#7879; th&#7889;ng ng&acirc;m dung d&#7883;ch mu&#7889;i tu&#7847;n ho&agrave;n<br>\nKhi th&#7921;c hi&#7879;n th&#7917; nghi&#7879;m ng&acirc;m, dung d&#7883;ch mu&#7889;i &#273;&#432;&#7907;c khu&#7845;y tu&#7847;n ho&agrave;n b&#7857;ng b&#417;m t&iacute;ch h&#7907;p d&#432;&#7899;i &#273;&aacute;y b&#7891;n, gi&#7919; nhi&#7879;t &#273;&#7897; &#7893;n &#273;&#7883;nh v&agrave; &#273;&#7891;ng nh&#7845;t trong su&#7889;t qu&aacute; tr&igrave;nh.<br>\nH&#7879; th&#7889;ng c&#7843;nh b&aacute;o an to&agrave;n<br>\nM&agrave;n h&igrave;nh b&aacute;o &#273;&#7897;ng hi&#7875;n th&#7883; c&aacute;c b&#7845;t th&#432;&#7901;ng, gi&uacute;p ng&#432;&#7901;i d&ugrave;ng k&#7883;p th&#7901;i x&#7917; l&yacute;.<br>\nV&#7853;t li&#7879;u ch&#7889;ng &#259;n m&ograve;n cao c&#7845;p<br>\nTo&agrave;n b&#7897; n&#7897;i v&agrave; ngo&#7841;i th&#7845;t thi&#7871;t b&#7883; &#273;&#432;&#7907;c l&agrave;m t&#7915; v&#7853;t li&#7879;u &#273;&#7863;c bi&#7879;t ch&#7889;ng &#259;n m&ograve;n, t&#259;ng &#273;&#7897; b&#7873;n v&agrave; tu&#7893;i th&#7885; s&#7917; d&#7909;ng.<br>\nH&#7895; tr&#7907; ti&ecirc;u chu&#7849;n qu&#7889;c t&#7871;<br>\nThi&#7871;t b&#7883; &#273;&aacute;p &#7913;ng c&aacute;c ph&#432;&#417;ng ph&aacute;p ki&#7875;m tra &#259;n m&ograve;n t&#259;ng t&#7889;c theo ti&ecirc;u chu&#7849;n c&#7911;a c&aacute;c h&atilde;ng &ocirc; t&ocirc; v&agrave; qu&#7889;c gia kh&aacute;c nhau.<\/p><p>C&aacute;c phi&ecirc;n b&#7843;n thi&#7871;t b&#7883;<\/p><p>TQ (d&#7841;ng treo t&#432;&#7901;ng): V&ograve;i phun t&iacute;ch h&#7907;p ch&#7913;c n&#259;ng t&#7921; &#273;&#7897;ng l&agrave;m s&#7841;ch (PAT).<br>\nTQ-F (d&#7841;ng th&aacute;p phun): V&ograve;i phun &#273;&#7863;t trong th&aacute;p phun, c&oacute; ch&#7913;c n&#259;ng t&#7921; &#273;&#7897;ng l&agrave;m s&#7841;ch (PAT).<\/p><p>&#7912;ng d&#7909;ng v&agrave; l&#7907;i &iacute;ch<br>\nItabashi Rika Kogyo TQ-1 th&#7921;c hi&#7879;n c&aacute;c b&agrave;i ki&#7875;m tra &#259;n m&ograve;n t&#259;ng t&#7889;c tr&ecirc;n s&#417;n ph&#7911;, kim lo&#7841;i v&agrave; th&eacute;p th&ocirc;ng qua chu&#7895;i chu tr&igrave;nh linh ho&#7841;t g&#7891;m phun mu&#7889;i, s&#7845;y n&oacute;ng, &#7849;m, nhi&#7879;t &#273;&#7897; th&#7845;p v&agrave; ng&acirc;m dung d&#7883;ch mu&#7889;i.<br>\nThi&#7871;t b&#7883; cho ph&eacute;p &#273;&aacute;nh gi&aacute; ch&iacute;nh x&aacute;c &#273;&#7897; tin c&#7853;y, kh&#7843; n&#259;ng ch&#7889;ng &#259;n m&ograve;n v&agrave; &#273;&#7897; b&#7873;n c&#7911;a ph&#432;&#417;ng ti&#7879;n, linh ki&#7879;n v&agrave; s&#7843;n ph&#7849;m trong c&aacute;c m&ocirc;i tr&#432;&#7901;ng d&#7877; b&#7883; h&#432; h&#7841;i do mu&#7889;i, h&#7895; tr&#7907; nghi&ecirc;n c&#7913;u v&agrave; c&#7843;i thi&#7879;n ch&#7845;t l&#432;&#7907;ng s&#7843;n ph&#7849;m hi&#7879;u qu&#7843;.<br>\nH&atilde;y li&ecirc;n h&#7879; v&#7899;i V&#7841;n N&#259;ng Company ngay &#273;&#7875; &#273;&#432;&#7907;c t&#432; v&#7845;n chuy&ecirc;n s&acirc;u v&agrave; nh&#7853;n c&aacute;c &#432;u &#273;&atilde;i h&#7845;p d&#7851;n nh&#7845;t th&ocirc;ng qua hotline\/zalo: <a href=\"https:\/\/zalo.me\/0903991335\" target=\"_blank\" rel=\"noopener\" style=\"color: #059669; font-weight: bold; text-decoration: none;\">0903 991 335<\/a>!<\/p><div style=\"background-color: #f8fafc; border: 1px solid #e2e8f0; border-radius: 8px; padding: 25px; max-width: 800px; margin: 30px auto; color: #334155; line-height: 1.8; font-size: 17px; box-shadow: 0 4px 6px -1px rgba(0,0,0,0.05); text-align: left; clear: both;\">\nC&ocirc;ng ty TNHH Th&#432;&#417;ng M&#7841;i D&#7883;ch V&#7909; Thi&#7871;t B&#7883; C&ocirc;ng Ngh&#7879; V&#7841;n N&#259;ng\n<p style=\"margin: 0 0 10px 0;\">&#128205; <strong style=\"color: #1e293b;\">&#272;&#7883;a ch&#7881;:<\/strong> <a style=\"color: #059669; text-decoration: none; font-weight: bold;\" href=\"https:\/\/www.google.com\/maps\/search\/C%C3%B4ng+ty+TNHH+Th%C6%B0%C6%A1ng+M%E1%BA%A1i+D%E1%BB%8Bch+V%E1%BB%A5+Thi%E1%BA%BFt+B%E1%BB%8B+C%C3%B4ng+Ngh%E1%BB%87+V%E1%BA%A1n+N%C4%83ng+818+Tr%C6%B0%E1%BB%9Dng+Chinh\" target=\"_blank\" rel=\"noopener\">818 Tr&#432;&#7901;ng Chinh, Ph&#432;&#7901;ng T&acirc;n S&#417;n, Th&agrave;nh ph&#7889; H&#7891; Ch&iacute; Minh, Vi&#7879;t Nam<\/a><\/p>\n<p style=\"margin: 0 0 10px 0;\">&#128222; <strong style=\"color: #1e293b;\">S&#272;T &ndash; Zalo:<\/strong> <a style=\"color: #059669; text-decoration: none; font-weight: bold;\" href=\"https:\/\/zalo.me\/0903991335\" target=\"_blank\" rel=\"noopener\">0903 991 335<\/a> <span style=\"color: #64748b; font-style: italic;\">(Ms. H&#7841;nh &ndash; Gi&aacute;m &#272;&#7889;c Kinh Doanh)<\/span><\/p>\n<p style=\"margin: 0;\">&#9993;&#65039; <strong style=\"color: #1e293b;\">Email:<\/strong> <a style=\"color: #059669; text-decoration: none; font-weight: bold;\" href=\"mailto:hienhanh@vannangvn.com\">hienhanh@vannangvn.com<\/a><\/p>\n<\/div><\/h1>","protected":false},"excerpt":{"rendered":"<p><strong>Th&#432;&#417;ng hi&#7879;u:<\/strong> Itabashi Rika Kogyo<br>\n<strong>Model:<\/strong> TQ<p>Product <strong>THI&#7870;T B&#7882; KI&#7874;M TRA &#258;N M&Ograve;N CHU K&#7922; ITABASHI RIKA KOGYO MODEL TQ-1<\/strong> ch&iacute;nh h&atilde;ng. Itabashi Rika Kogyo (Japan)<br>\nItabashi Rika Kogyo TQ-1 l&agrave; t&#7911; &#259;n m&ograve;n chu k&#7923; v&#7899;i b&#7897; &#273;i&#7873;u khi&#7875;n l&#7853;p tr&igrave;nh hi&#7879;n &#273;&#7841;i, m&agrave;n h&igrave;nh c&#7843;m &#7913;ng. &#272;&#7897; ch&iacute;nh x&aacute;c ph&acirc;n b&#7889; nhi&#7879;t cao, h&#7879; th&#7889;ng ng&acirc;m dung d&#7883;ch mu&#7889;i tu&#7847;n ho&agrave;n, h&#7895; tr&#7907; ti&ecirc;u chu&#7849;n qu&#7889;c t&#7871;.<\/p><\/p>","protected":false},"featured_media":8372,"comment_status":"open","ping_status":"closed","template":"","meta":[],"product_brand":[],"product_cat":[18],"product_tag":[116,208,209,228,392,768,769,891,892,3382,3383,3384,3385],"class_list":{"0":"post-7896","1":"product","2":"type-product","3":"status-publish","4":"has-post-thumbnail","6":"product_cat-chua-phan-loai","7":"product_tag-model","8":"product_tag-kiem","9":"product_tag-tra","10":"product_tag-an","11":"product_tag-mon","12":"product_tag-thiet","13":"product_tag-bi","14":"product_tag-chu","15":"product_tag-ky","16":"product_tag-itabashi","17":"product_tag-rika","18":"product_tag-kogyo","19":"product_tag-tq-1","21":"first","22":"instock","23":"shipping-taxable","24":"product-type-simple"},"yoast_head":"<!-- This site is optimized with the Yoast SEO Premium plugin v24.8 (Yoast SEO v24.8) - https:\/\/yoast.com\/wordpress\/plugins\/seo\/ -->\n<title>THI\u1ebeT B\u1eca KI\u1ec2M TRA \u0102N M\u00d2N CHU K\u1ef2 ITA... ch\u00ednh h\u00e3ng | V\u1ea1n N\u0103ng<\/title>\n<meta name=\"description\" content=\"Mua ngay THI\u1ebeT B\u1eca KI\u1ec2M TRA \u0102N M\u00d2N CHU K\u1ef2 ITABASHI RIKA KOGYO MODEL TQ-1 ch\u00ednh h\u00e3ng. Itabashi Rika Kogyo TQ-1 l\u00e0 t\u1ee7 \u0103n m\u00f2n chu k\u1ef3 v... Gi\u00e1 t\u1ed1t!\" \/>\n<meta name=\"robots\" content=\"noindex, follow, max-snippet:-1, max-image-preview:large, max-video-preview:-1\" \/>\n<meta property=\"og:locale\" content=\"en_US\" \/>\n<meta property=\"og:type\" content=\"article\" \/>\n<meta property=\"og:title\" content=\"THI\u1ebeT B\u1eca KI\u1ec2M TRA \u0102N M\u00d2N CHU K\u1ef2 ITABASHI RIKA KOGYO MODEL TQ-1\" \/>\n<meta property=\"og:description\" content=\"Mua ngay THI\u1ebeT B\u1eca KI\u1ec2M TRA \u0102N M\u00d2N CHU K\u1ef2 ITABASHI RIKA KOGYO MODEL TQ-1 ch\u00ednh h\u00e3ng. Itabashi Rika Kogyo TQ-1 l\u00e0 t\u1ee7 \u0103n m\u00f2n chu k\u1ef3 v... Gi\u00e1 t\u1ed1t!\" \/>\n<meta property=\"og:url\" content=\"https:\/\/vannangvn.123websitedev.com\/en\/product\/thiet-bi-kiem-tra-an-mon-chu-ky-itabashi-rika-kogyo-model-tq-1\/\" \/>\n<meta property=\"og:site_name\" content=\"Vannang.vn\" \/>\n<meta property=\"article:modified_time\" content=\"2026-03-30T11:54:10+00:00\" \/>\n<meta property=\"og:image\" content=\"http:\/\/vannangvn.123websitedev.com\/wp-content\/uploads\/2026\/03\/Itabashi-Rika-Kogyo-Model-TQ-1-768x576-copy.jpg\" \/>\n\t<meta property=\"og:image:width\" content=\"768\" \/>\n\t<meta property=\"og:image:height\" content=\"576\" \/>\n\t<meta property=\"og:image:type\" content=\"image\/jpeg\" \/>\n<meta name=\"twitter:card\" content=\"summary_large_image\" \/>\n<meta name=\"twitter:label1\" content=\"Est. reading time\" \/>\n\t<meta name=\"twitter:data1\" content=\"5 minutes\" \/>\n<script type=\"application\/ld+json\" class=\"yoast-schema-graph\">{\"@context\":\"https:\/\/schema.org\",\"@graph\":[{\"@type\":\"WebPage\",\"@id\":\"https:\/\/vannangvn.123websitedev.com\/san-pham\/thiet-bi-kiem-tra-an-mon-chu-ky-itabashi-rika-kogyo-model-tq-1\/\",\"url\":\"https:\/\/vannangvn.123websitedev.com\/san-pham\/thiet-bi-kiem-tra-an-mon-chu-ky-itabashi-rika-kogyo-model-tq-1\/\",\"name\":\"THI\u1ebeT B\u1eca KI\u1ec2M TRA \u0102N M\u00d2N CHU K\u1ef2 ITA... ch\u00ednh h\u00e3ng | V\u1ea1n N\u0103ng\",\"isPartOf\":{\"@id\":\"https:\/\/vannangvn.123websitedev.com\/#website\"},\"primaryImageOfPage\":{\"@id\":\"https:\/\/vannangvn.123websitedev.com\/san-pham\/thiet-bi-kiem-tra-an-mon-chu-ky-itabashi-rika-kogyo-model-tq-1\/#primaryimage\"},\"image\":{\"@id\":\"https:\/\/vannangvn.123websitedev.com\/san-pham\/thiet-bi-kiem-tra-an-mon-chu-ky-itabashi-rika-kogyo-model-tq-1\/#primaryimage\"},\"thumbnailUrl\":\"https:\/\/vannangvn.123websitedev.com\/wp-content\/uploads\/2026\/03\/Itabashi-Rika-Kogyo-Model-TQ-1-768x576-copy.jpg\",\"datePublished\":\"2026-03-20T12:11:33+00:00\",\"dateModified\":\"2026-03-30T11:54:10+00:00\",\"description\":\"Mua ngay THI\u1ebeT B\u1eca KI\u1ec2M TRA \u0102N M\u00d2N CHU K\u1ef2 ITABASHI RIKA KOGYO MODEL TQ-1 ch\u00ednh h\u00e3ng. Itabashi Rika Kogyo TQ-1 l\u00e0 t\u1ee7 \u0103n m\u00f2n chu k\u1ef3 v... Gi\u00e1 t\u1ed1t!\",\"breadcrumb\":{\"@id\":\"https:\/\/vannangvn.123websitedev.com\/san-pham\/thiet-bi-kiem-tra-an-mon-chu-ky-itabashi-rika-kogyo-model-tq-1\/#breadcrumb\"},\"inLanguage\":\"en-US\",\"potentialAction\":[{\"@type\":\"ReadAction\",\"target\":[\"https:\/\/vannangvn.123websitedev.com\/san-pham\/thiet-bi-kiem-tra-an-mon-chu-ky-itabashi-rika-kogyo-model-tq-1\/\"]}]},{\"@type\":\"ImageObject\",\"inLanguage\":\"en-US\",\"@id\":\"https:\/\/vannangvn.123websitedev.com\/san-pham\/thiet-bi-kiem-tra-an-mon-chu-ky-itabashi-rika-kogyo-model-tq-1\/#primaryimage\",\"url\":\"https:\/\/vannangvn.123websitedev.com\/wp-content\/uploads\/2026\/03\/Itabashi-Rika-Kogyo-Model-TQ-1-768x576-copy.jpg\",\"contentUrl\":\"https:\/\/vannangvn.123websitedev.com\/wp-content\/uploads\/2026\/03\/Itabashi-Rika-Kogyo-Model-TQ-1-768x576-copy.jpg\",\"width\":768,\"height\":576},{\"@type\":\"BreadcrumbList\",\"@id\":\"https:\/\/vannangvn.123websitedev.com\/san-pham\/thiet-bi-kiem-tra-an-mon-chu-ky-itabashi-rika-kogyo-model-tq-1\/#breadcrumb\",\"itemListElement\":[{\"@type\":\"ListItem\",\"position\":1,\"name\":\"Trang ch\u1ee7\",\"item\":\"https:\/\/vannangvn.123websitedev.com\/\"},{\"@type\":\"ListItem\",\"position\":2,\"name\":\"S\u1ea3n ph\u1ea9m\",\"item\":\"https:\/\/vannangvn.123websitedev.com\/cua-hang\/\"},{\"@type\":\"ListItem\",\"position\":3,\"name\":\"THI\u1ebeT B\u1eca KI\u1ec2M TRA \u0102N M\u00d2N CHU K\u1ef2 ITABASHI RIKA KOGYO MODEL TQ-1\"}]},{\"@type\":\"WebSite\",\"@id\":\"https:\/\/vannangvn.123websitedev.com\/#website\",\"url\":\"https:\/\/vannangvn.123websitedev.com\/\",\"name\":\"Vannang.vn\",\"description\":\"\",\"publisher\":{\"@id\":\"https:\/\/vannangvn.123websitedev.com\/#organization\"},\"potentialAction\":[{\"@type\":\"SearchAction\",\"target\":{\"@type\":\"EntryPoint\",\"urlTemplate\":\"https:\/\/vannangvn.123websitedev.com\/?s={search_term_string}\"},\"query-input\":{\"@type\":\"PropertyValueSpecification\",\"valueRequired\":true,\"valueName\":\"search_term_string\"}}],\"inLanguage\":\"en-US\"},{\"@type\":\"Organization\",\"@id\":\"https:\/\/vannangvn.123websitedev.com\/#organization\",\"name\":\"Vannang.vn\",\"url\":\"https:\/\/vannangvn.123websitedev.com\/\",\"logo\":{\"@type\":\"ImageObject\",\"inLanguage\":\"en-US\",\"@id\":\"https:\/\/vannangvn.123websitedev.com\/#\/schema\/logo\/image\/\",\"url\":\"https:\/\/vannangvn.123websitedev.com\/wp-content\/uploads\/2026\/02\/logo-van-nang-02.png\",\"contentUrl\":\"https:\/\/vannangvn.123websitedev.com\/wp-content\/uploads\/2026\/02\/logo-van-nang-02.png\",\"width\":448,\"height\":111,\"caption\":\"Vannang.vn\"},\"image\":{\"@id\":\"https:\/\/vannangvn.123websitedev.com\/#\/schema\/logo\/image\/\"}}]}<\/script>\n<!-- \/ Yoast SEO Premium plugin. -->","yoast_head_json":{"title":"THI\u1ebeT B\u1eca KI\u1ec2M TRA \u0102N M\u00d2N CHU K\u1ef2 ITA... ch\u00ednh h\u00e3ng | V\u1ea1n N\u0103ng","description":"Mua ngay THI\u1ebeT B\u1eca KI\u1ec2M TRA \u0102N M\u00d2N CHU K\u1ef2 ITABASHI RIKA KOGYO MODEL TQ-1 ch\u00ednh h\u00e3ng. Itabashi Rika Kogyo TQ-1 l\u00e0 t\u1ee7 \u0103n m\u00f2n chu k\u1ef3 v... Gi\u00e1 t\u1ed1t!","robots":{"index":"noindex","follow":"follow","max-snippet":"max-snippet:-1","max-image-preview":"max-image-preview:large","max-video-preview":"max-video-preview:-1"},"og_locale":"en_US","og_type":"article","og_title":"THI\u1ebeT B\u1eca KI\u1ec2M TRA \u0102N M\u00d2N CHU K\u1ef2 ITABASHI RIKA KOGYO MODEL TQ-1","og_description":"Mua ngay THI\u1ebeT B\u1eca KI\u1ec2M TRA \u0102N M\u00d2N CHU K\u1ef2 ITABASHI RIKA KOGYO MODEL TQ-1 ch\u00ednh h\u00e3ng. Itabashi Rika Kogyo TQ-1 l\u00e0 t\u1ee7 \u0103n m\u00f2n chu k\u1ef3 v... Gi\u00e1 t\u1ed1t!","og_url":"https:\/\/vannangvn.123websitedev.com\/en\/product\/thiet-bi-kiem-tra-an-mon-chu-ky-itabashi-rika-kogyo-model-tq-1\/","og_site_name":"Vannang.vn","article_modified_time":"2026-03-30T11:54:10+00:00","og_image":[{"width":768,"height":576,"url":"http:\/\/vannangvn.123websitedev.com\/wp-content\/uploads\/2026\/03\/Itabashi-Rika-Kogyo-Model-TQ-1-768x576-copy.jpg","type":"image\/jpeg"}],"twitter_card":"summary_large_image","twitter_misc":{"Est. reading time":"5 minutes"},"schema":{"@context":"https:\/\/schema.org","@graph":[{"@type":"WebPage","@id":"https:\/\/vannangvn.123websitedev.com\/san-pham\/thiet-bi-kiem-tra-an-mon-chu-ky-itabashi-rika-kogyo-model-tq-1\/","url":"https:\/\/vannangvn.123websitedev.com\/san-pham\/thiet-bi-kiem-tra-an-mon-chu-ky-itabashi-rika-kogyo-model-tq-1\/","name":"THI\u1ebeT B\u1eca KI\u1ec2M TRA \u0102N M\u00d2N CHU K\u1ef2 ITA... ch\u00ednh h\u00e3ng | V\u1ea1n N\u0103ng","isPartOf":{"@id":"https:\/\/vannangvn.123websitedev.com\/#website"},"primaryImageOfPage":{"@id":"https:\/\/vannangvn.123websitedev.com\/san-pham\/thiet-bi-kiem-tra-an-mon-chu-ky-itabashi-rika-kogyo-model-tq-1\/#primaryimage"},"image":{"@id":"https:\/\/vannangvn.123websitedev.com\/san-pham\/thiet-bi-kiem-tra-an-mon-chu-ky-itabashi-rika-kogyo-model-tq-1\/#primaryimage"},"thumbnailUrl":"https:\/\/vannangvn.123websitedev.com\/wp-content\/uploads\/2026\/03\/Itabashi-Rika-Kogyo-Model-TQ-1-768x576-copy.jpg","datePublished":"2026-03-20T12:11:33+00:00","dateModified":"2026-03-30T11:54:10+00:00","description":"Mua ngay THI\u1ebeT B\u1eca KI\u1ec2M TRA \u0102N M\u00d2N CHU K\u1ef2 ITABASHI RIKA KOGYO MODEL TQ-1 ch\u00ednh h\u00e3ng. Itabashi Rika Kogyo TQ-1 l\u00e0 t\u1ee7 \u0103n m\u00f2n chu k\u1ef3 v... Gi\u00e1 t\u1ed1t!","breadcrumb":{"@id":"https:\/\/vannangvn.123websitedev.com\/san-pham\/thiet-bi-kiem-tra-an-mon-chu-ky-itabashi-rika-kogyo-model-tq-1\/#breadcrumb"},"inLanguage":"en-US","potentialAction":[{"@type":"ReadAction","target":["https:\/\/vannangvn.123websitedev.com\/san-pham\/thiet-bi-kiem-tra-an-mon-chu-ky-itabashi-rika-kogyo-model-tq-1\/"]}]},{"@type":"ImageObject","inLanguage":"en-US","@id":"https:\/\/vannangvn.123websitedev.com\/san-pham\/thiet-bi-kiem-tra-an-mon-chu-ky-itabashi-rika-kogyo-model-tq-1\/#primaryimage","url":"https:\/\/vannangvn.123websitedev.com\/wp-content\/uploads\/2026\/03\/Itabashi-Rika-Kogyo-Model-TQ-1-768x576-copy.jpg","contentUrl":"https:\/\/vannangvn.123websitedev.com\/wp-content\/uploads\/2026\/03\/Itabashi-Rika-Kogyo-Model-TQ-1-768x576-copy.jpg","width":768,"height":576},{"@type":"BreadcrumbList","@id":"https:\/\/vannangvn.123websitedev.com\/san-pham\/thiet-bi-kiem-tra-an-mon-chu-ky-itabashi-rika-kogyo-model-tq-1\/#breadcrumb","itemListElement":[{"@type":"ListItem","position":1,"name":"Trang ch\u1ee7","item":"https:\/\/vannangvn.123websitedev.com\/"},{"@type":"ListItem","position":2,"name":"S\u1ea3n ph\u1ea9m","item":"https:\/\/vannangvn.123websitedev.com\/cua-hang\/"},{"@type":"ListItem","position":3,"name":"THI\u1ebeT B\u1eca KI\u1ec2M TRA \u0102N M\u00d2N CHU K\u1ef2 ITABASHI RIKA KOGYO MODEL TQ-1"}]},{"@type":"WebSite","@id":"https:\/\/vannangvn.123websitedev.com\/#website","url":"https:\/\/vannangvn.123websitedev.com\/","name":"Vannang.vn","description":"","publisher":{"@id":"https:\/\/vannangvn.123websitedev.com\/#organization"},"potentialAction":[{"@type":"SearchAction","target":{"@type":"EntryPoint","urlTemplate":"https:\/\/vannangvn.123websitedev.com\/?s={search_term_string}"},"query-input":{"@type":"PropertyValueSpecification","valueRequired":true,"valueName":"search_term_string"}}],"inLanguage":"en-US"},{"@type":"Organization","@id":"https:\/\/vannangvn.123websitedev.com\/#organization","name":"Vannang.vn","url":"https:\/\/vannangvn.123websitedev.com\/","logo":{"@type":"ImageObject","inLanguage":"en-US","@id":"https:\/\/vannangvn.123websitedev.com\/#\/schema\/logo\/image\/","url":"https:\/\/vannangvn.123websitedev.com\/wp-content\/uploads\/2026\/02\/logo-van-nang-02.png","contentUrl":"https:\/\/vannangvn.123websitedev.com\/wp-content\/uploads\/2026\/02\/logo-van-nang-02.png","width":448,"height":111,"caption":"Vannang.vn"},"image":{"@id":"https:\/\/vannangvn.123websitedev.com\/#\/schema\/logo\/image\/"}}]}},"_links":{"self":[{"href":"https:\/\/vannangvn.123websitedev.com\/en\/wp-json\/wp\/v2\/product\/7896","targetHints":{"allow":["GET"]}}],"collection":[{"href":"https:\/\/vannangvn.123websitedev.com\/en\/wp-json\/wp\/v2\/product"}],"about":[{"href":"https:\/\/vannangvn.123websitedev.com\/en\/wp-json\/wp\/v2\/types\/product"}],"replies":[{"embeddable":true,"href":"https:\/\/vannangvn.123websitedev.com\/en\/wp-json\/wp\/v2\/comments?post=7896"}],"wp:featuredmedia":[{"embeddable":true,"href":"https:\/\/vannangvn.123websitedev.com\/en\/wp-json\/wp\/v2\/media\/8372"}],"wp:attachment":[{"href":"https:\/\/vannangvn.123websitedev.com\/en\/wp-json\/wp\/v2\/media?parent=7896"}],"wp:term":[{"taxonomy":"product_brand","embeddable":true,"href":"https:\/\/vannangvn.123websitedev.com\/en\/wp-json\/wp\/v2\/product_brand?post=7896"},{"taxonomy":"product_cat","embeddable":true,"href":"https:\/\/vannangvn.123websitedev.com\/en\/wp-json\/wp\/v2\/product_cat?post=7896"},{"taxonomy":"product_tag","embeddable":true,"href":"https:\/\/vannangvn.123websitedev.com\/en\/wp-json\/wp\/v2\/product_tag?post=7896"}],"curies":[{"name":"wp","href":"https:\/\/api.w.org\/{rel}","templated":true}]}}