{"id":7907,"date":"2026-03-20T19:11:49","date_gmt":"2026-03-20T12:11:49","guid":{"rendered":"https:\/\/vannangvn.123websitedev.com\/san-pham\/thiet-bi-kiem-tra-atp-pce-instruments-model-pce-atp-1\/"},"modified":"2026-03-30T18:54:24","modified_gmt":"2026-03-30T11:54:24","slug":"thiet-bi-kiem-tra-atp-pce-instruments-model-pce-atp-1","status":"publish","type":"product","link":"https:\/\/vannangvn.123websitedev.com\/en\/product\/thiet-bi-kiem-tra-atp-pce-instruments-model-pce-atp-1\/","title":{"rendered":"THI\u1ebeT B\u1eca KI\u1ec2M TRA ATP PCE INSTRUMENTS MODEL PCE-ATP 1"},"content":{"rendered":"<h1 style=\"color: red; font-weight: bold; font-size: 24px;\">T&#7893;ng quan s&#7843;n ph&#7849;m THI&#7870;T B&#7882; KI&#7874;M TRA ATP PCE INSTRUMENTS MODEL PCE-ATP 1<p>Thi&#7871;t B&#7883; Ki&#7875;m Tra ATP (ATP Surface Test Instrument) PCE Instruments Model PCE-ATP 1<br>\nThi&#7871;t B&#7883; Ki&#7875;m Tra ATP PCE-ATP 1 l&agrave; c&ocirc;ng c&#7909; hi&#7879;n &#273;&#7841;i &#273;&#432;&#7907;c thi&#7871;t k&#7871; &#273;&#7875; ph&aacute;t hi&#7879;n nhanh ch&oacute;ng c&aacute;c d&#432; l&#432;&#7907;ng vi khu&#7849;n ho&#7863;c vi sinh v&#7853;t. PCE-ATP 1 h&#7895; tr&#7907; ki&#7875;m tra b&#7873; m&#7863;t th&ocirc;ng qua ph&#432;&#417;ng ph&aacute;p &#273;o h&agrave;m l&#432;&#7907;ng Adenosine Triphosphate (ATP), gi&uacute;p &#273;&#7843;m b&#7843;o v&#7879; sinh v&agrave; ti&ecirc;u chu&#7849;n h&oacute;a qu&aacute; tr&igrave;nh kh&#7917; tr&ugrave;ng, l&agrave;m s&#7841;ch trong c&aacute;c ng&agrave;nh th&#7921;c ph&#7849;m v&agrave; y t&#7871;. V&#7899;i kh&#7843; n&#259;ng l&#432;u tr&#7919; t&#7899;i 10.000 k&#7871;t qu&#7843;, k&#7871;t n&#7889;i qua USB v&agrave; Bluetooth, k&egrave;m ph&#7847;n m&#7873;m ph&acirc;n t&iacute;ch tr&ecirc;n PC, M&aacute;y Ki&#7875;m Tra Th&#7921;c Ph&#7849;m PCE-ATP 1 mang l&#7841;i tr&#7843;i nghi&#7879;m chuy&ecirc;n nghi&#7879;p v&agrave; ti&#7879;n l&#7907;i. H&atilde;y c&ugrave;ng V&#7841;n N&#259;ng t&igrave;m hi&#7875;u chi ti&#7871;t h&#417;n v&#7873; s&#7843;n ph&#7849;m th&ocirc;ng qua b&agrave;i vi&#7871;t d&#432;&#7899;i &#273;&acirc;y!<\/p><h2 style=\"color: #2e7d32; font-weight: bold; font-size: 20px;\">T&iacute;nh N&#259;ng N&#7893;i B&#7853;t C&#7911;a PCE-ATP 1<\/h2><p>Ph&#7841;m vi &#273;o r&#7897;ng: 0 &hellip; 999.999 &#273;&#417;n v&#7883; &aacute;nh s&aacute;ng t&#432;&#417;ng &#273;&#7889;i (RLU).<br>\nTh&#7901;i gian &#273;o si&ecirc;u nhanh: Thi&#7871;t B&#7883; Ki&#7875;m Tra Th&#7921;c Ph&#7849;m PCE-ATP 1 hi&#7875;n th&#7883; k&#7871;t qu&#7843; ch&iacute;nh x&aacute;c ch&#7881; sau 10 gi&acirc;y.<br>\nB&#7897; nh&#7899; l&#7899;n: L&#432;u tr&#7919; t&#7899;i 10.000 b&#7843;n ghi c&oacute; d&#7845;u th&#7901;i gian.<\/p><p>T&#7921; &#273;&#7897;ng hi&#7879;u chu&#7849;n: &#272;&#7843;m b&#7843;o k&#7871;t qu&#7843; &#273;o ch&iacute;nh x&aacute;c trong m&#7885;i &#273;i&#7873;u ki&#7879;n.<br>\nK&#7871;t n&#7889;i hi&#7879;n &#273;&#7841;i: H&#7895; tr&#7907; USB v&agrave; Bluetooth &#273;&#7875; in d&#7919; li&#7879;u v&agrave; ph&acirc;n t&iacute;ch tr&ecirc;n ph&#7847;n m&#7873;m.<\/p><h2 style=\"color: #2e7d32; font-weight: bold; font-size: 20px;\">T&iacute;nh n&#259;ng &#273;a ng&#432;&#7901;i d&ugrave;ng: Ph&ugrave; h&#7907;p v&#7899;i m&ocirc;i tr&#432;&#7901;ng l&agrave;m vi&#7879;c chuy&ecirc;n nghi&#7879;p c&oacute; nhi&#7873;u nh&acirc;n vi&ecirc;n.<\/h2><p>&#431;u &#272;i&#7875;m V&#432;&#7907;t Tr&#7897;i C&#7911;a PCE-ATP 1<\/p><p>Ph&aacute;t hi&#7879;n vi khu&#7849;n kh&ocirc;ng th&#7875; nh&igrave;n th&#7845;y b&#7857;ng m&#7855;t th&#432;&#7901;ng: M&aacute;y Ki&#7875;m Tra ATP Th&#7921;c Ph&#7849;m PCE ATP1 gi&uacute;p ph&aacute;t hi&#7879;n vi khu&#7849;n, n&#7845;m m&#7889;c v&agrave; c&aacute;c sinh v&#7853;t kh&aacute;c m&#7897;t c&aacute;ch nhanh ch&oacute;ng.<br>\nGi&#7843;m thi&#7875;u r&#7911;i ro s&#7913;c kh&#7887;e: Ki&#7875;m so&aacute;t hi&#7879;u qu&#7843; &#273;&#7897; s&#7841;ch s&#7869; tr&ecirc;n b&#7873; m&#7863;t, b&#7843;o v&#7879; ng&#432;&#7901;i ti&ecirc;u d&ugrave;ng v&agrave; uy t&iacute;n doanh nghi&#7879;p.<br>\nHi&#7879;u qu&#7843; v&#432;&#7907;t tr&#7897;i so v&#7899;i ph&#432;&#417;ng ph&aacute;p truy&#7873;n th&#7889;ng: Thay th&#7871; ki&#7875;m tra vi sinh v&#7853;t t&#7889;n th&#7901;i gian ho&#7863;c ki&#7875;m tra b&#7857;ng m&#7855;t kh&ocirc;ng &#273;&aacute;ng tin c&#7853;y.<\/p><p>H&#432;&#7899;ng D&#7851;n V&#7853;n H&agrave;nh PCE-ATP 1<\/p><p>S&#7917; d&#7909;ng que th&#7917; ATP (PCE-ATP SWAB): L&#7845;y m&#7851;u t&#7915; b&#7873; m&#7863;t c&#7847;n ki&#7875;m tra.<br>\nK&iacute;ch ho&#7841;t ph&#7843;n &#7913;ng h&oacute;a h&#7885;c: Nh&#7845;n que th&#7917; v&agrave;o &#7889;ng ch&#7913;a dung d&#7883;ch ph&#7843;n &#7913;ng, l&#7855;c nh&#7865; &#273;&#7875; dung d&#7883;ch bao ph&#7911; ho&agrave;n to&agrave;n m&#7851;u th&#7917;.<br>\n&#272;o l&#432;&#7901;ng ATP: &#272;&#7863;t to&agrave;n b&#7897; &#7889;ng v&agrave;o bu&#7891;ng &#273;o c&#7911;a M&aacute;y &#272;o Ki&#7875;m Tra ATP PCE-ATP 1<br>\n&#272;&#7885;c k&#7871;t qu&#7843;: Sau 10 gi&acirc;y, gi&aacute; tr&#7883; RLU s&#7869; &#273;&#432;&#7907;c hi&#7875;n th&#7883; tr&ecirc;n m&agrave;n h&igrave;nh LCD l&#7899;n, d&#7877; d&agrave;ng theo d&otilde;i v&agrave; ph&acirc;n t&iacute;ch.<\/p><p>&#7912;ng D&#7909;ng Trong Th&#7921;c T&#7871; C&#7911;a PCE-ATP 1<br>\nNg&agrave;nh c&ocirc;ng nghi&#7879;p th&#7921;c ph&#7849;m<br>\nM&aacute;y Ki&#7875;m Tra B&#7873; M&#7863;t Th&#7921;c Ph&#7849;m PCE-ATP 1 &#273;&oacute;ng vai tr&ograve; quan tr&#7885;ng trong vi&#7879;c ki&#7875;m tra v&agrave; &#273;&#7843;m b&#7843;o v&#7879; sinh trong:<\/p><p>Ch&#7871; bi&#7871;n th&#7883;t, c&aacute;, gia c&#7847;m.<br>\nS&#7843;n xu&#7845;t &#273;&#7891; u&#7889;ng, bia.<br>\nCh&#7871; bi&#7871;n rau c&#7911;, tr&aacute;i c&acirc;y v&agrave; th&#7921;c ph&#7849;m tr&#7867; em.<\/p><p>PCE ATP1 c&oacute; th&#7875; ph&aacute;t hi&#7879;n d&#432; l&#432;&#7907;ng th&#7921;c ph&#7849;m c&ograve;n s&oacute;t l&#7841;i tr&ecirc;n b&#7873; m&#7863;t b&agrave;n, d&acirc;y chuy&#7873;n s&#7843;n xu&#7845;t hay trong c&aacute;c b&#7891;n ch&#7913;a n&#432;&#7899;c, th&#7853;m ch&iacute; l&agrave; trong &#273;&#432;&#7901;ng &#7889;ng d&#7851;n.<\/p><p>Ki&#7875;m tra v&#7879; sinh m&ocirc;i tr&#432;&#7901;ng l&agrave;m vi&#7879;c<\/p><p>Thi&#7871;t b&#7883; PCE-ATP 1 &#273;&#7843;m b&#7843;o kh&ocirc;ng c&oacute; vi khu&#7849;n hay vi sinh v&#7853;t g&acirc;y h&#7841;i tr&ecirc;n b&#7873; m&#7863;t ti&#7871;p x&uacute;c th&#432;&#7901;ng xuy&ecirc;n.<br>\nX&aacute;c &#273;&#7883;nh m&#7913;c &#273;&#7897; hi&#7879;u qu&#7843; c&#7911;a c&aacute;c ch&#7845;t kh&#7917; tr&ugrave;ng, &#273;&#7843;m b&#7843;o kh&ocirc;ng b&#7883; &#7843;nh h&#432;&#7903;ng b&#7903;i h&oacute;a ch&#7845;t.<\/p><p>Nh&#7919;ng L&yacute; Do N&ecirc;n Mua Thi&#7871;t B&#7883; Ki&#7875;m Tra ATP T&#7841;i Thi&#7871;t B&#7883; C&ocirc;ng Ngh&#7879; V&#7841;n N&#259;ng<\/p><p>C&ocirc;ng ty Thi&#7871;t B&#7883; C&ocirc;ng Ngh&#7879; V&#7841;n N&#259;ng l&agrave; &#273;&#7889;i t&aacute;c ch&iacute;nh th&#7913;c ph&acirc;n ph&#7889;i Thi&#7871;t B&#7883; Ki&#7875;m Tra ATP h&agrave;ng &#273;&#7847;u t&#7841;i Vi&#7879;t Nam, cam k&#7871;t cung c&#7845;p s&#7843;n ph&#7849;m ch&iacute;nh h&atilde;ng v&#7899;i gi&aacute; c&#7843; c&#7841;nh tranh nh&#7845;t th&#7883; tr&#432;&#7901;ng. V&#7899;i uy t&iacute;n tr&ecirc;n th&#7883; tr&#432;&#7901;ng v&agrave; ch&#7871; &#273;&#7897; h&#7851;u m&atilde;i t&#7889;t, Thi&#7871;t B&#7883; C&ocirc;ng Ngh&#7879; V&#7841;n N&#259;ng &#273;&atilde; nh&#7853;n &#273;&#432;&#7907;c s&#7921; tin t&#432;&#7903;ng t&#7915; kh&aacute;ch h&agrave;ng nh&#7901; v&agrave;o ch&#7845;t l&#432;&#7907;ng h&agrave;ng &#273;&#7847;u c&#7911;a c&aacute;c d&ograve;ng s&#7843;n ph&#7849;m.<br>\nS&#7843;n ph&#7849;m c&#7911;a ch&uacute;ng t&ocirc;i &#273;&#432;&#7907;c ki&#7875;m &#273;&#7883;nh ch&#7845;t l&#432;&#7907;ng, nh&#7853;p kh&#7849;u tr&#7921;c ti&#7871;p t&#7915; nh&agrave; m&aacute;y b&ecirc;n Ch&acirc;u &Acirc;u, M&#7929;, &Uacute;c, Nh&#7853;t B&#7843;n,&hellip; v&agrave; &#273;&aacute;p &#7913;ng nhu c&#7847;u &#273;a d&#7841;ng c&#7911;a th&#7883; tr&#432;&#7901;ng nh&#432;: M&aacute;y &#272;o &#272;&#7897; C&#7913;ng, M&aacute;y SPECTROMAXx, M&aacute;y Ki&#7875;m Tra &#272;&#432;&#7901;ng Gh&eacute;p M&iacute; Lon,&hellip; Ch&uacute;ng t&ocirc;i cam k&#7871;t cung c&#7845;p s&#7843;n ph&#7849;m n&agrave;y tr&ecirc;n to&agrave;n qu&#7889;c v&#7899;i gi&aacute; c&#7843; c&#7841;nh tranh nh&#7845;t.<br>\nCh&uacute;ng t&ocirc;i c&oacute; &#273;&#7897;i ng&#361; chuy&ecirc;n vi&ecirc;n t&#432; v&#7845;n chuy&ecirc;n s&acirc;u s&#7869; h&#7895; tr&#7907; kh&aacute;ch h&agrave;ng v&#7873; chi ti&#7871;t s&#7843;n ph&#7849;m, h&#432;&#7899;ng d&#7851;n s&#7917; d&#7909;ng hay nh&#7919;ng th&#7913; li&ecirc;n quan &#273;&#7871;n v&#7845;n &#273;&#7873; m&agrave; doanh nghi&#7879;p b&#7841;n &#273;ang g&#7863;p ph&#7843;i. Ch&uacute;ng t&ocirc;i s&#7869; cung c&#7845;p nh&#7919;ng gi&#7843;i ph&aacute;p t&#7889;i &#432;u nh&#7845;t!<br>\nNgo&agrave;i ra Thi&#7871;t B&#7883; C&ocirc;ng Ngh&#7879; V&#7841;n N&#259;ng Ch&uacute;ng T&ocirc;i lu&ocirc;n h&#432;&#7899;ng &#273;&#7871;n tr&#7843;i nghi&#7879;m kh&aacute;ch h&agrave;ng, v&igrave; v&#7853;y ch&uacute;ng t&ocirc;i c&oacute; nh&#7919;ng ch&iacute;nh s&aacute;ch b&#7843;o h&agrave;nh, b&#7843;o tr&igrave; &ndash; b&#7843;o d&#432;&#7905;ng, hi&#7879;u chu&#7849;n v&#7899;i t&#7845;t c&#7843; c&aacute;c thi&#7871;t b&#7883;, m&aacute;y m&oacute;c m&agrave; ch&uacute;ng t&ocirc;i cung c&#7845;p. &#272;&#7843;m b&#7843;o mang &#273;&#7871;n cho Kh&aacute;ch h&agrave;ng s&#7921; y&ecirc;n t&acirc;m tuy&#7879;t &#273;&#7889;i v&#7873; d&#7883;ch v&#7909; khi mua h&agrave;ng.<\/p><p>T&#7893;ng K&#7871;t<br>\nV&#7879; sinh an to&agrave;n th&#7921;c ph&#7849;m kh&ocirc;ng ch&#7881; quan tr&#7885;ng &#273;&#7889;i v&#7899;i s&#7913;c kh&#7887;e c&#7911;a ng&#432;&#7901;i ti&ecirc;u d&ugrave;ng m&agrave; c&ograve;n &#7843;nh h&#432;&#7903;ng tr&#7921;c ti&#7871;p &#273;&#7871;n danh ti&#7871;ng v&agrave; l&#7907;i nhu&#7853;n c&#7911;a doanh nghi&#7879;p. Thi&#7871;t B&#7883; Ki&#7875;m Tra ATP PCE ATP1 ch&iacute;nh l&agrave; gi&#7843;i ph&aacute;p t&#7889;i &#432;u, gi&uacute;p ph&aacute;t hi&#7879;n nhanh ch&oacute;ng v&agrave; x&#7917; l&yacute; k&#7883;p th&#7901;i c&aacute;c v&#7845;n &#273;&#7873; v&#7879; sinh, &#273;&#7843;m b&#7843;o ch&#7845;t l&#432;&#7907;ng s&#7843;n ph&#7849;m v&#432;&#7907;t tr&#7897;i. H&atilde;y li&ecirc;n h&#7879; ngay v&#7899;i V&#7841;n N&#259;ng Company &#273;&#7875; &#273;&#432;&#7907;c t&#432; v&#7845;n chi ti&#7871;t v&agrave; nh&#7853;n ngay nh&#7919;ng &#432;u &#273;&atilde;i h&#7845;p d&#7851;n th&ocirc;ng qua hotline\/zalo: <a href=\"https:\/\/zalo.me\/0903991335\" target=\"_blank\" rel=\"noopener\" style=\"color: #059669; font-weight: bold; text-decoration: none;\">0903 991 335<\/a> !<\/p><div style=\"background-color: #f8fafc; border: 1px solid #e2e8f0; border-radius: 8px; padding: 25px; max-width: 800px; margin: 30px auto; color: #334155; line-height: 1.8; font-size: 17px; box-shadow: 0 4px 6px -1px rgba(0,0,0,0.05); text-align: left; clear: both;\">\nC&ocirc;ng ty TNHH Th&#432;&#417;ng M&#7841;i D&#7883;ch V&#7909; Thi&#7871;t B&#7883; C&ocirc;ng Ngh&#7879; V&#7841;n N&#259;ng\n<p style=\"margin: 0 0 10px 0;\">&#128205; <strong style=\"color: #1e293b;\">&#272;&#7883;a ch&#7881;:<\/strong> <a style=\"color: #059669; text-decoration: none; font-weight: bold;\" href=\"https:\/\/www.google.com\/maps\/search\/C%C3%B4ng+ty+TNHH+Th%C6%B0%C6%A1ng+M%E1%BA%A1i+D%E1%BB%8Bch+V%E1%BB%A5+Thi%E1%BA%BFt+B%E1%BB%8B+C%C3%B4ng+Ngh%E1%BB%87+V%E1%BA%A1n+N%C4%83ng+818+Tr%C6%B0%E1%BB%9Dng+Chinh\" target=\"_blank\" rel=\"noopener\">818 Tr&#432;&#7901;ng Chinh, Ph&#432;&#7901;ng T&acirc;n S&#417;n, Th&agrave;nh ph&#7889; H&#7891; Ch&iacute; Minh, Vi&#7879;t Nam<\/a><\/p>\n<p style=\"margin: 0 0 10px 0;\">&#128222; <strong style=\"color: #1e293b;\">S&#272;T &ndash; Zalo:<\/strong> <a style=\"color: #059669; text-decoration: none; font-weight: bold;\" href=\"https:\/\/zalo.me\/0903991335\" target=\"_blank\" rel=\"noopener\">0903 991 335<\/a> <span style=\"color: #64748b; font-style: italic;\">(Ms. H&#7841;nh &ndash; Gi&aacute;m &#272;&#7889;c Kinh Doanh)<\/span><\/p>\n<p style=\"margin: 0;\">&#9993;&#65039; <strong style=\"color: #1e293b;\">Email:<\/strong> <a style=\"color: #059669; text-decoration: none; font-weight: bold;\" href=\"mailto:hienhanh@vannangvn.com\">hienhanh@vannangvn.com<\/a><\/p>\n<\/div><\/h1>","protected":false},"excerpt":{"rendered":"<p><strong>Th&#432;&#417;ng hi&#7879;u:<\/strong> Thi&#7871;t B&#7883; Ki&#7875;m Tra ATP PCE-ATP 1 l&agrave; c&ocirc;ng c&#7909; hi&#7879;n &#273;&#7841;i &#273;&#432;&#7907;c thi&#7871;t k&#7871; &#273;&#7875; ph&aacute;t hi&#7879;n nhanh ch&oacute;ng c&aacute;c d&#432; l&#432;&#7907;ng vi khu&#7849;n ho&#7863;c vi sinh v&#7853;t. Thi&#7871;t b&#7883; h&#7895; tr&#7907; ki&#7875;m tra b&#7873; m&#7863;t th&ocirc;ng qua ph&#432;&#417;ng ph&aacute;p &#273;o h&agrave;m l&#432;&#7907;ng Adenosine Triphosphate , gi&uacute;p &#273;&#7843;m b&#7843;o v&#7879; sinh v&agrave; ti&ecirc;u chu&#7849;n h&oacute;a qu&aacute; tr&igrave;nh kh&#7917; tr&ugrave;ng, l&agrave;m s&#7841;ch trong c&aacute;c ng&agrave;nh th&#7921;c ph&#7849;m v&agrave; y t&#7871;. V&#7899;i kh&#7843; n&#259;ng l&#432;u tr&#7919; t&#7899;i 10.000 k&#7871;t qu&#7843;, k&#7871;t n&#7889;i qua USB v&agrave; Bluetooth, k&egrave;m ph&#7847;n m&#7873;m ph&acirc;n t&iacute;ch tr&ecirc;n PC, PCE-ATP 1&nbsp;mang l&#7841;i tr&#7843;i nghi&#7879;m chuy&ecirc;n nghi&#7879;p v&agrave; ti&#7879;n l&#7907;i cho ng&#432;&#7901;i d&ugrave;ng.<br>\n<strong>Model:<\/strong> PCE-ATP 1<p>Product <strong>THI&#7870;T B&#7882; KI&#7874;M TRA ATP PCE INSTRUMENTS MODEL PCE-ATP 1<\/strong> ch&iacute;nh h&atilde;ng. Thi&#7871;t B&#7883; Ki&#7875;m Tra ATP PCE-ATP 1 l&agrave; c&ocirc;ng c&#7909; hi&#7879;n &#273;&#7841;i &#273;&#432;&#7907;c thi&#7871;t k&#7871; &#273;&#7875; ph&aacute;t hi&#7879;n nhanh ch&oacute;ng c&aacute;c d&#432; l&#432;&#7907;ng vi khu&#7849;n ho&#7863;c vi sinh v&#7853;t. Thi&#7871;t b&#7883; h&#7895; tr&#7907; ki&#7875;m tra b&#7873; m&#7863;t th&ocirc;ng qua ph&#432;&#417;ng ph&aacute;p &#273;o h&agrave;m l&#432;&#7907;ng Adenosine Triphosphate (ATP), gi&uacute;p &#273;&#7843;m b&#7843;o v&#7879; sinh v&agrave; ti&ecirc;u chu&#7849;n h&oacute;a qu&aacute; tr&igrave;nh kh&#7917; tr&ugrave;ng, l&agrave;m s&#7841;ch trong c&aacute;c ng&agrave;nh th&#7921;c ph&#7849;m v&agrave; y t&#7871;. V&#7899;i kh&#7843; n&#259;ng l&#432;u tr&#7919; t&#7899;i 10.000 k&#7871;t qu&#7843;, k&#7871;t n&#7889;i qua USB v&agrave; Bluetooth, k&egrave;m ph&#7847;n m&#7873;m ph&acirc;n t&iacute;ch tr&ecirc;n PC, PCE-ATP 1&nbsp;mang l&#7841;i tr&#7843;i nghi&#7879;m chuy&ecirc;n nghi&#7879;p v&agrave; ti&#7879;n l&#7907;i cho ng&#432;&#7901;i d&ugrave;ng.<\/p><\/p>","protected":false},"featured_media":10378,"comment_status":"open","ping_status":"closed","template":"","meta":[],"product_brand":[],"product_cat":[18],"product_tag":[116,208,209,344,346,581,768,769,3395,3396],"class_list":{"0":"post-7907","1":"product","2":"type-product","3":"status-publish","4":"has-post-thumbnail","6":"product_cat-chua-phan-loai","7":"product_tag-model","8":"product_tag-kiem","9":"product_tag-tra","10":"product_tag-344","11":"product_tag-pce","12":"product_tag-instruments","13":"product_tag-thiet","14":"product_tag-bi","15":"product_tag-atp","16":"product_tag-pce-atp","18":"first","19":"instock","20":"shipping-taxable","21":"product-type-simple"},"yoast_head":"<!-- This site is optimized with the Yoast SEO Premium plugin v24.8 (Yoast SEO v24.8) - https:\/\/yoast.com\/wordpress\/plugins\/seo\/ -->\n<title>THI\u1ebeT B\u1eca KI\u1ec2M TRA ATP PCE INSTRUMEN... ch\u00ednh h\u00e3ng | V\u1ea1n N\u0103ng<\/title>\n<meta name=\"description\" content=\"Mua ngay THI\u1ebeT B\u1eca KI\u1ec2M TRA ATP PCE INSTRUMENTS MODEL PCE-ATP 1 ch\u00ednh h\u00e3ng. Gi\u00e1 t\u1ed1t!\" \/>\n<meta name=\"robots\" content=\"noindex, follow, max-snippet:-1, max-image-preview:large, max-video-preview:-1\" \/>\n<meta property=\"og:locale\" content=\"en_US\" \/>\n<meta property=\"og:type\" content=\"article\" \/>\n<meta property=\"og:title\" content=\"THI\u1ebeT B\u1eca KI\u1ec2M TRA ATP PCE INSTRUMENTS MODEL PCE-ATP 1\" \/>\n<meta property=\"og:description\" content=\"Mua ngay THI\u1ebeT B\u1eca KI\u1ec2M TRA ATP PCE INSTRUMENTS MODEL PCE-ATP 1 ch\u00ednh h\u00e3ng. Gi\u00e1 t\u1ed1t!\" \/>\n<meta property=\"og:url\" content=\"https:\/\/vannangvn.123websitedev.com\/en\/product\/thiet-bi-kiem-tra-atp-pce-instruments-model-pce-atp-1\/\" \/>\n<meta property=\"og:site_name\" content=\"Vannang.vn\" \/>\n<meta property=\"article:modified_time\" content=\"2026-03-30T11:54:24+00:00\" \/>\n<meta property=\"og:image\" content=\"http:\/\/vannangvn.123websitedev.com\/wp-content\/uploads\/2026\/03\/PCE-ATP-1-no.1-copy.jpg\" \/>\n\t<meta property=\"og:image:width\" content=\"768\" \/>\n\t<meta property=\"og:image:height\" content=\"576\" \/>\n\t<meta property=\"og:image:type\" content=\"image\/jpeg\" \/>\n<meta name=\"twitter:card\" content=\"summary_large_image\" \/>\n<meta name=\"twitter:label1\" content=\"Est. reading time\" \/>\n\t<meta name=\"twitter:data1\" content=\"8 minutes\" \/>\n<script type=\"application\/ld+json\" class=\"yoast-schema-graph\">{\"@context\":\"https:\/\/schema.org\",\"@graph\":[{\"@type\":\"WebPage\",\"@id\":\"https:\/\/vannangvn.123websitedev.com\/san-pham\/thiet-bi-kiem-tra-atp-pce-instruments-model-pce-atp-1\/\",\"url\":\"https:\/\/vannangvn.123websitedev.com\/san-pham\/thiet-bi-kiem-tra-atp-pce-instruments-model-pce-atp-1\/\",\"name\":\"THI\u1ebeT B\u1eca KI\u1ec2M TRA ATP PCE INSTRUMEN... ch\u00ednh h\u00e3ng | V\u1ea1n N\u0103ng\",\"isPartOf\":{\"@id\":\"https:\/\/vannangvn.123websitedev.com\/#website\"},\"primaryImageOfPage\":{\"@id\":\"https:\/\/vannangvn.123websitedev.com\/san-pham\/thiet-bi-kiem-tra-atp-pce-instruments-model-pce-atp-1\/#primaryimage\"},\"image\":{\"@id\":\"https:\/\/vannangvn.123websitedev.com\/san-pham\/thiet-bi-kiem-tra-atp-pce-instruments-model-pce-atp-1\/#primaryimage\"},\"thumbnailUrl\":\"https:\/\/vannangvn.123websitedev.com\/wp-content\/uploads\/2026\/03\/PCE-ATP-1-no.1-copy.jpg\",\"datePublished\":\"2026-03-20T12:11:49+00:00\",\"dateModified\":\"2026-03-30T11:54:24+00:00\",\"description\":\"Mua ngay THI\u1ebeT B\u1eca KI\u1ec2M TRA ATP PCE INSTRUMENTS MODEL PCE-ATP 1 ch\u00ednh h\u00e3ng. Gi\u00e1 t\u1ed1t!\",\"breadcrumb\":{\"@id\":\"https:\/\/vannangvn.123websitedev.com\/san-pham\/thiet-bi-kiem-tra-atp-pce-instruments-model-pce-atp-1\/#breadcrumb\"},\"inLanguage\":\"en-US\",\"potentialAction\":[{\"@type\":\"ReadAction\",\"target\":[\"https:\/\/vannangvn.123websitedev.com\/san-pham\/thiet-bi-kiem-tra-atp-pce-instruments-model-pce-atp-1\/\"]}]},{\"@type\":\"ImageObject\",\"inLanguage\":\"en-US\",\"@id\":\"https:\/\/vannangvn.123websitedev.com\/san-pham\/thiet-bi-kiem-tra-atp-pce-instruments-model-pce-atp-1\/#primaryimage\",\"url\":\"https:\/\/vannangvn.123websitedev.com\/wp-content\/uploads\/2026\/03\/PCE-ATP-1-no.1-copy.jpg\",\"contentUrl\":\"https:\/\/vannangvn.123websitedev.com\/wp-content\/uploads\/2026\/03\/PCE-ATP-1-no.1-copy.jpg\",\"width\":768,\"height\":576},{\"@type\":\"BreadcrumbList\",\"@id\":\"https:\/\/vannangvn.123websitedev.com\/san-pham\/thiet-bi-kiem-tra-atp-pce-instruments-model-pce-atp-1\/#breadcrumb\",\"itemListElement\":[{\"@type\":\"ListItem\",\"position\":1,\"name\":\"Trang ch\u1ee7\",\"item\":\"https:\/\/vannangvn.123websitedev.com\/\"},{\"@type\":\"ListItem\",\"position\":2,\"name\":\"S\u1ea3n ph\u1ea9m\",\"item\":\"https:\/\/vannangvn.123websitedev.com\/cua-hang\/\"},{\"@type\":\"ListItem\",\"position\":3,\"name\":\"THI\u1ebeT B\u1eca KI\u1ec2M TRA ATP PCE INSTRUMENTS MODEL PCE-ATP 1\"}]},{\"@type\":\"WebSite\",\"@id\":\"https:\/\/vannangvn.123websitedev.com\/#website\",\"url\":\"https:\/\/vannangvn.123websitedev.com\/\",\"name\":\"Vannang.vn\",\"description\":\"\",\"publisher\":{\"@id\":\"https:\/\/vannangvn.123websitedev.com\/#organization\"},\"potentialAction\":[{\"@type\":\"SearchAction\",\"target\":{\"@type\":\"EntryPoint\",\"urlTemplate\":\"https:\/\/vannangvn.123websitedev.com\/?s={search_term_string}\"},\"query-input\":{\"@type\":\"PropertyValueSpecification\",\"valueRequired\":true,\"valueName\":\"search_term_string\"}}],\"inLanguage\":\"en-US\"},{\"@type\":\"Organization\",\"@id\":\"https:\/\/vannangvn.123websitedev.com\/#organization\",\"name\":\"Vannang.vn\",\"url\":\"https:\/\/vannangvn.123websitedev.com\/\",\"logo\":{\"@type\":\"ImageObject\",\"inLanguage\":\"en-US\",\"@id\":\"https:\/\/vannangvn.123websitedev.com\/#\/schema\/logo\/image\/\",\"url\":\"https:\/\/vannangvn.123websitedev.com\/wp-content\/uploads\/2026\/02\/logo-van-nang-02.png\",\"contentUrl\":\"https:\/\/vannangvn.123websitedev.com\/wp-content\/uploads\/2026\/02\/logo-van-nang-02.png\",\"width\":448,\"height\":111,\"caption\":\"Vannang.vn\"},\"image\":{\"@id\":\"https:\/\/vannangvn.123websitedev.com\/#\/schema\/logo\/image\/\"}}]}<\/script>\n<!-- \/ Yoast SEO Premium plugin. -->","yoast_head_json":{"title":"THI\u1ebeT B\u1eca KI\u1ec2M TRA ATP PCE INSTRUMEN... ch\u00ednh h\u00e3ng | V\u1ea1n N\u0103ng","description":"Mua ngay THI\u1ebeT B\u1eca KI\u1ec2M TRA ATP PCE INSTRUMENTS MODEL PCE-ATP 1 ch\u00ednh h\u00e3ng. Gi\u00e1 t\u1ed1t!","robots":{"index":"noindex","follow":"follow","max-snippet":"max-snippet:-1","max-image-preview":"max-image-preview:large","max-video-preview":"max-video-preview:-1"},"og_locale":"en_US","og_type":"article","og_title":"THI\u1ebeT B\u1eca KI\u1ec2M TRA ATP PCE INSTRUMENTS MODEL PCE-ATP 1","og_description":"Mua ngay THI\u1ebeT B\u1eca KI\u1ec2M TRA ATP PCE INSTRUMENTS MODEL PCE-ATP 1 ch\u00ednh h\u00e3ng. Gi\u00e1 t\u1ed1t!","og_url":"https:\/\/vannangvn.123websitedev.com\/en\/product\/thiet-bi-kiem-tra-atp-pce-instruments-model-pce-atp-1\/","og_site_name":"Vannang.vn","article_modified_time":"2026-03-30T11:54:24+00:00","og_image":[{"width":768,"height":576,"url":"http:\/\/vannangvn.123websitedev.com\/wp-content\/uploads\/2026\/03\/PCE-ATP-1-no.1-copy.jpg","type":"image\/jpeg"}],"twitter_card":"summary_large_image","twitter_misc":{"Est. reading time":"8 minutes"},"schema":{"@context":"https:\/\/schema.org","@graph":[{"@type":"WebPage","@id":"https:\/\/vannangvn.123websitedev.com\/san-pham\/thiet-bi-kiem-tra-atp-pce-instruments-model-pce-atp-1\/","url":"https:\/\/vannangvn.123websitedev.com\/san-pham\/thiet-bi-kiem-tra-atp-pce-instruments-model-pce-atp-1\/","name":"THI\u1ebeT B\u1eca KI\u1ec2M TRA ATP PCE INSTRUMEN... ch\u00ednh h\u00e3ng | V\u1ea1n N\u0103ng","isPartOf":{"@id":"https:\/\/vannangvn.123websitedev.com\/#website"},"primaryImageOfPage":{"@id":"https:\/\/vannangvn.123websitedev.com\/san-pham\/thiet-bi-kiem-tra-atp-pce-instruments-model-pce-atp-1\/#primaryimage"},"image":{"@id":"https:\/\/vannangvn.123websitedev.com\/san-pham\/thiet-bi-kiem-tra-atp-pce-instruments-model-pce-atp-1\/#primaryimage"},"thumbnailUrl":"https:\/\/vannangvn.123websitedev.com\/wp-content\/uploads\/2026\/03\/PCE-ATP-1-no.1-copy.jpg","datePublished":"2026-03-20T12:11:49+00:00","dateModified":"2026-03-30T11:54:24+00:00","description":"Mua ngay THI\u1ebeT B\u1eca KI\u1ec2M TRA ATP PCE INSTRUMENTS MODEL PCE-ATP 1 ch\u00ednh h\u00e3ng. Gi\u00e1 t\u1ed1t!","breadcrumb":{"@id":"https:\/\/vannangvn.123websitedev.com\/san-pham\/thiet-bi-kiem-tra-atp-pce-instruments-model-pce-atp-1\/#breadcrumb"},"inLanguage":"en-US","potentialAction":[{"@type":"ReadAction","target":["https:\/\/vannangvn.123websitedev.com\/san-pham\/thiet-bi-kiem-tra-atp-pce-instruments-model-pce-atp-1\/"]}]},{"@type":"ImageObject","inLanguage":"en-US","@id":"https:\/\/vannangvn.123websitedev.com\/san-pham\/thiet-bi-kiem-tra-atp-pce-instruments-model-pce-atp-1\/#primaryimage","url":"https:\/\/vannangvn.123websitedev.com\/wp-content\/uploads\/2026\/03\/PCE-ATP-1-no.1-copy.jpg","contentUrl":"https:\/\/vannangvn.123websitedev.com\/wp-content\/uploads\/2026\/03\/PCE-ATP-1-no.1-copy.jpg","width":768,"height":576},{"@type":"BreadcrumbList","@id":"https:\/\/vannangvn.123websitedev.com\/san-pham\/thiet-bi-kiem-tra-atp-pce-instruments-model-pce-atp-1\/#breadcrumb","itemListElement":[{"@type":"ListItem","position":1,"name":"Trang ch\u1ee7","item":"https:\/\/vannangvn.123websitedev.com\/"},{"@type":"ListItem","position":2,"name":"S\u1ea3n ph\u1ea9m","item":"https:\/\/vannangvn.123websitedev.com\/cua-hang\/"},{"@type":"ListItem","position":3,"name":"THI\u1ebeT B\u1eca KI\u1ec2M TRA ATP PCE INSTRUMENTS MODEL PCE-ATP 1"}]},{"@type":"WebSite","@id":"https:\/\/vannangvn.123websitedev.com\/#website","url":"https:\/\/vannangvn.123websitedev.com\/","name":"Vannang.vn","description":"","publisher":{"@id":"https:\/\/vannangvn.123websitedev.com\/#organization"},"potentialAction":[{"@type":"SearchAction","target":{"@type":"EntryPoint","urlTemplate":"https:\/\/vannangvn.123websitedev.com\/?s={search_term_string}"},"query-input":{"@type":"PropertyValueSpecification","valueRequired":true,"valueName":"search_term_string"}}],"inLanguage":"en-US"},{"@type":"Organization","@id":"https:\/\/vannangvn.123websitedev.com\/#organization","name":"Vannang.vn","url":"https:\/\/vannangvn.123websitedev.com\/","logo":{"@type":"ImageObject","inLanguage":"en-US","@id":"https:\/\/vannangvn.123websitedev.com\/#\/schema\/logo\/image\/","url":"https:\/\/vannangvn.123websitedev.com\/wp-content\/uploads\/2026\/02\/logo-van-nang-02.png","contentUrl":"https:\/\/vannangvn.123websitedev.com\/wp-content\/uploads\/2026\/02\/logo-van-nang-02.png","width":448,"height":111,"caption":"Vannang.vn"},"image":{"@id":"https:\/\/vannangvn.123websitedev.com\/#\/schema\/logo\/image\/"}}]}},"_links":{"self":[{"href":"https:\/\/vannangvn.123websitedev.com\/en\/wp-json\/wp\/v2\/product\/7907","targetHints":{"allow":["GET"]}}],"collection":[{"href":"https:\/\/vannangvn.123websitedev.com\/en\/wp-json\/wp\/v2\/product"}],"about":[{"href":"https:\/\/vannangvn.123websitedev.com\/en\/wp-json\/wp\/v2\/types\/product"}],"replies":[{"embeddable":true,"href":"https:\/\/vannangvn.123websitedev.com\/en\/wp-json\/wp\/v2\/comments?post=7907"}],"wp:featuredmedia":[{"embeddable":true,"href":"https:\/\/vannangvn.123websitedev.com\/en\/wp-json\/wp\/v2\/media\/10378"}],"wp:attachment":[{"href":"https:\/\/vannangvn.123websitedev.com\/en\/wp-json\/wp\/v2\/media?parent=7907"}],"wp:term":[{"taxonomy":"product_brand","embeddable":true,"href":"https:\/\/vannangvn.123websitedev.com\/en\/wp-json\/wp\/v2\/product_brand?post=7907"},{"taxonomy":"product_cat","embeddable":true,"href":"https:\/\/vannangvn.123websitedev.com\/en\/wp-json\/wp\/v2\/product_cat?post=7907"},{"taxonomy":"product_tag","embeddable":true,"href":"https:\/\/vannangvn.123websitedev.com\/en\/wp-json\/wp\/v2\/product_tag?post=7907"}],"curies":[{"name":"wp","href":"https:\/\/api.w.org\/{rel}","templated":true}]}}