{"id":7908,"date":"2026-03-20T19:11:50","date_gmt":"2026-03-20T12:11:50","guid":{"rendered":"https:\/\/vannangvn.123websitedev.com\/san-pham\/thiet-bi-kiem-tra-bong-troc-son-cupping-test-one-model-to-530\/"},"modified":"2026-03-30T18:54:25","modified_gmt":"2026-03-30T11:54:25","slug":"thiet-bi-kiem-tra-bong-troc-son-cupping-test-one-model-to-530","status":"publish","type":"product","link":"https:\/\/vannangvn.123websitedev.com\/en\/product\/thiet-bi-kiem-tra-bong-troc-son-cupping-test-one-model-to-530\/","title":{"rendered":"THI\u1ebeT B\u1eca KI\u1ec2M TRA BONG TR\u00d3C S\u01a0N CUPPING TEST ONE MODEL TO-530"},"content":{"rendered":"<h1 style=\"color: red; font-weight: bold; font-size: 24px;\">T&#7893;ng quan s&#7843;n ph&#7849;m THI&#7870;T B&#7882; KI&#7874;M TRA BONG TR&Oacute;C S&#416;N CUPPING TEST ONE MODEL TO-530<p>Thi&#7871;t B&#7883; Ki&#7875;m Tra Bong Tr&oacute;c S&#417;n Cupping Test One Model TO-530<br>\nCupping Model TO-530 l&agrave; thi&#7871;t b&#7883; chuy&ecirc;n d&#7909;ng &#273;&#7875; &#273;o l&#432;&#7901;ng gi&aacute; tr&#7883; Ericksen. Thi&#7871;t b&#7883; n&agrave;y &#273;&#7863;c bi&#7879;t h&#7919;u &iacute;ch trong vi&#7879;c &#273;&aacute;nh gi&aacute; &#273;&#7897; b&aacute;m d&iacute;nh c&#7911;a c&aacute;c l&#7899;p s&#417;n v&agrave; phim tr&ecirc;n b&#7873; m&#7863;t kim lo&#7841;i v&agrave; nh&#7921;a. Nh&#7901; &#273;&oacute;, c&aacute;c nh&agrave; s&#7843;n xu&#7845;t v&agrave; ki&#7875;m tra ch&#7845;t l&#432;&#7907;ng c&oacute; th&#7875; &#273;&#7843;m b&#7843;o s&#7843;n ph&#7849;m c&#7911;a m&igrave;nh &#273;&#7841;t ti&ecirc;u chu&#7849;n ch&#7845;t l&#432;&#7907;ng cao nh&#7845;t. H&atilde;y c&ugrave;ng V&#7841;n N&#259;ng t&igrave;m hi&#7875;u chi ti&#7871;t h&#417;n v&#7873; s&#7843;n ph&#7849;m th&ocirc;ng qua b&agrave;i vi&#7871;t d&#432;&#7899;i &#273;&acirc;y nh&eacute;!<\/p><p>&#272;&#7863;c Tr&#432;ng C&#7911;a Thi&#7871;t B&#7883;<br>\nHi&#7879;u Su&#7845;t V&#432;&#7907;t Tr&#7897;i:<br>\nThi&#7871;t b&#7883; ki&#7875;m tra bong tr&oacute;c s&#417;n Cupping Model TO-530 &#273;&#432;&#7907;c thi&#7871;t k&#7871; &#273;&#7875; cung c&#7845;p &#273;&#7897; ch&iacute;nh x&aacute;c cao v&agrave; &#273;&#7897; b&#7873;n v&#432;&#7907;t tr&#7897;i. V&#7899;i b&aacute;n k&iacute;nh m&#361;i &#273;&#7897;t 10mm v&agrave; k&iacute;ch th&#432;&#7899;c m&#7851;u th&#7917; 90mm, thi&#7871;t b&#7883; n&agrave;y &#273;&aacute;p &#7913;ng t&#7889;t c&aacute;c y&ecirc;u c&#7847;u ki&#7875;m tra ch&#7845;t l&#432;&#7907;ng kh&#7855;t khe nh&#7845;t.<br>\n&#7912;ng D&#7909;ng &#272;a D&#7841;ng:<br>\nThi&#7871;t b&#7883; kh&ocirc;ng ch&#7881; &#273;&#432;&#7907;c s&#7917; d&#7909;ng trong ng&agrave;nh s&#7843;n xu&#7845;t kim lo&#7841;i m&agrave; c&ograve;n ph&ugrave; h&#7907;p v&#7899;i c&aacute;c &#7913;ng d&#7909;ng li&ecirc;n quan &#273;&#7871;n nh&#7921;a v&agrave; c&aacute;c t&#7845;m d&aacute;n. &#272;i&#7873;u n&agrave;y gi&uacute;p &#273;&#7843;m b&#7843;o r&#7857;ng c&aacute;c l&#7899;p s&#417;n v&agrave; phim b&aacute;m d&iacute;nh t&#7889;t tr&ecirc;n m&#7885;i b&#7873; m&#7863;t, t&#7915; kim lo&#7841;i &#273;&#7871;n nh&#7921;a.<br>\n&#272;&aacute;p &#7912;ng Ti&ecirc;u Chu&#7849;n Qu&#7889;c T&#7871;:<br>\nVi&#7879;c tu&acirc;n th&#7911; c&aacute;c ti&ecirc;u chu&#7849;n qu&#7889;c t&#7871; nh&#432; KS B 5529, JIS B 7729 v&agrave; ISO 149 gi&uacute;p &#273;&#7843;m b&#7843;o r&#7857;ng thi&#7871;t b&#7883; cung c&#7845;p k&#7871;t qu&#7843; ch&iacute;nh x&aacute;c v&agrave; &#273;&aacute;ng tin c&#7853;y. &#272;i&#7873;u n&agrave;y &#273;&#7863;c bi&#7879;t quan tr&#7885;ng trong vi&#7879;c &#273;&#7843;m b&#7843;o ch&#7845;t l&#432;&#7907;ng s&#7843;n ph&#7849;m v&agrave; s&#7921; h&agrave;i l&ograve;ng c&#7911;a kh&aacute;ch h&agrave;ng.<br>\nD&#7877; S&#7917; D&#7909;ng:<br>\nThi&#7871;t b&#7883; &#273;&#432;&#7907;c thi&#7871;t k&#7871; v&#7899;i giao di&#7879;n ng&#432;&#7901;i d&ugrave;ng th&acirc;n thi&#7879;n, d&#7877; d&agrave;ng v&#7853;n h&agrave;nh v&agrave; b&#7843;o tr&igrave;. Ng&#432;&#7901;i s&#7917; d&#7909;ng c&oacute; th&#7875; nhanh ch&oacute;ng l&agrave;m quen v&agrave; s&#7917; d&#7909;ng thi&#7871;t b&#7883; m&#7897;t c&aacute;ch hi&#7879;u qu&#7843;.<\/p><p>&#7912;ng D&#7909;ng C&#7910;A TO-530<br>\nThi&#7871;t B&#7883; Ki&#7875;m Tra TO-530 Test One &#273;&#432;&#7907;c &#7913;ng d&#7909;ng r&#7897;ng r&atilde;i trong c&aacute;c l&#297;nh v&#7921;c s&#7843;n ph&#7849;m ph&#7911; m&agrave;ng kim lo&#7841;i v&agrave; c&aacute;c t&#7845;m d&aacute;n nh&#7921;a. V&#7899;i kh&#7843; n&#259;ng &#273;o l&#432;&#7901;ng ch&iacute;nh x&aacute;c gi&aacute; tr&#7883; Ericksen, thi&#7871;t b&#7883; n&agrave;y gi&uacute;p &#273;&aacute;nh gi&aacute; &#273;&#7897; b&aacute;m d&iacute;nh c&#7911;a c&aacute;c l&#7899;p s&#417;n v&agrave; phim m&#7897;t c&aacute;ch hi&#7879;u qu&#7843;.<\/p><p>T&#7893;ng K&#7871;t<br>\nTO-530 Test One l&agrave; s&#7921; l&#7921;a ch&#7885;n ho&agrave;n h&#7843;o cho c&aacute;c nh&agrave; s&#7843;n xu&#7845;t v&agrave; ki&#7875;m tra ch&#7845;t l&#432;&#7907;ng trong ng&agrave;nh c&ocirc;ng nghi&#7879;p kim lo&#7841;i v&agrave; nh&#7921;a. V&#7899;i kh&#7843; n&#259;ng &#273;o l&#432;&#7901;ng ch&iacute;nh x&aacute;c, hi&#7879;u su&#7845;t v&#432;&#7907;t tr&#7897;i v&agrave; &#273;&aacute;p &#7913;ng c&aacute;c ti&ecirc;u chu&#7849;n qu&#7889;c t&#7871;, thi&#7871;t b&#7883; n&agrave;y gi&uacute;p &#273;&#7843;m b&#7843;o r&#7857;ng c&aacute;c s&#7843;n ph&#7849;m c&#7911;a b&#7841;n lu&ocirc;n &#273;&#7841;t ch&#7845;t l&#432;&#7907;ng cao nh&#7845;t. H&atilde;y li&ecirc;n h&#7879; ngay v&#7899;i V&#7841;n N&#259;ng &#273;&#7875; &#273;&#432;&#7907;c t&#432; v&#7845;n chi ti&#7871;t v&agrave; nh&#7853;n ngay nh&#7919;ng &#432;u &#273;&atilde;i h&#7845;p d&#7851;n th&ocirc;ng qua hotline <a href=\"https:\/\/zalo.me\/0903991335\" target=\"_blank\" rel=\"noopener\" style=\"color: #059669; font-weight: bold; text-decoration: none;\">0903 991 335<\/a>!<\/p><div style=\"background-color: #f8fafc; border: 1px solid #e2e8f0; border-radius: 8px; padding: 25px; max-width: 800px; margin: 30px auto; color: #334155; line-height: 1.8; font-size: 17px; box-shadow: 0 4px 6px -1px rgba(0,0,0,0.05); text-align: left; clear: both;\">\nC&ocirc;ng ty TNHH Th&#432;&#417;ng M&#7841;i D&#7883;ch V&#7909; Thi&#7871;t B&#7883; C&ocirc;ng Ngh&#7879; V&#7841;n N&#259;ng\n<p style=\"margin: 0 0 10px 0;\">&#128205; <strong style=\"color: #1e293b;\">&#272;&#7883;a ch&#7881;:<\/strong> <a style=\"color: #059669; text-decoration: none; font-weight: bold;\" href=\"https:\/\/www.google.com\/maps\/search\/C%C3%B4ng+ty+TNHH+Th%C6%B0%C6%A1ng+M%E1%BA%A1i+D%E1%BB%8Bch+V%E1%BB%A5+Thi%E1%BA%BFt+B%E1%BB%8B+C%C3%B4ng+Ngh%E1%BB%87+V%E1%BA%A1n+N%C4%83ng+818+Tr%C6%B0%E1%BB%9Dng+Chinh\" target=\"_blank\" rel=\"noopener\">818 Tr&#432;&#7901;ng Chinh, Ph&#432;&#7901;ng T&acirc;n S&#417;n, Th&agrave;nh ph&#7889; H&#7891; Ch&iacute; Minh, Vi&#7879;t Nam<\/a><\/p>\n<p style=\"margin: 0 0 10px 0;\">&#128222; <strong style=\"color: #1e293b;\">S&#272;T &ndash; Zalo:<\/strong> <a style=\"color: #059669; text-decoration: none; font-weight: bold;\" href=\"https:\/\/zalo.me\/0903991335\" target=\"_blank\" rel=\"noopener\">0903 991 335<\/a> <span style=\"color: #64748b; font-style: italic;\">(Ms. H&#7841;nh &ndash; Gi&aacute;m &#272;&#7889;c Kinh Doanh)<\/span><\/p>\n<p style=\"margin: 0;\">&#9993;&#65039; <strong style=\"color: #1e293b;\">Email:<\/strong> <a style=\"color: #059669; text-decoration: none; font-weight: bold;\" href=\"mailto:hienhanh@vannangvn.com\">hienhanh@vannangvn.com<\/a><\/p>\n<\/div><\/h1>","protected":false},"excerpt":{"rendered":"<p><strong>Th&#432;&#417;ng hi&#7879;u:<\/strong> Cupping Model TO-530 l&agrave; thi&#7871;t b&#7883; chuy&ecirc;n d&#7909;ng &#273;&#7875; &#273;o l&#432;&#7901;ng gi&aacute; tr&#7883; Ericksen. Thi&#7871;t b&#7883; n&agrave;y &#273;&#7863;c bi&#7879;t h&#7919;u &iacute;ch trong vi&#7879;c &#273;&aacute;nh gi&aacute; &#273;&#7897; b&aacute;m d&iacute;nh c&#7911;a c&aacute;c l&#7899;p s&#417;n v&agrave; phim tr&ecirc;n b&#7873; m&#7863;t kim lo&#7841;i v&agrave; nh&#7921;a<br>\n<strong>Model:<\/strong> TO-530<p>Product <strong>THI&#7870;T B&#7882; KI&#7874;M TRA BONG TR&Oacute;C S&#416;N CUPPING TEST ONE MODEL TO-530<\/strong> ch&iacute;nh h&atilde;ng. Cupping Model TO-530 l&agrave; thi&#7871;t b&#7883; chuy&ecirc;n d&#7909;ng &#273;&#7875; &#273;o l&#432;&#7901;ng gi&aacute; tr&#7883; Ericksen. Thi&#7871;t b&#7883; n&agrave;y &#273;&#7863;c bi&#7879;t h&#7919;u &iacute;ch trong vi&#7879;c &#273;&aacute;nh gi&aacute; &#273;&#7897; b&aacute;m d&iacute;nh c&#7911;a c&aacute;c l&#7899;p s&#417;n v&agrave; phim tr&ecirc;n b&#7873; m&#7863;t kim lo&#7841;i v&agrave; nh&#7921;a<\/p><\/p>","protected":false},"featured_media":8915,"comment_status":"open","ping_status":"closed","template":"","meta":[],"product_brand":[],"product_cat":[18],"product_tag":[116,208,209,217,426,469,553,768,769,2490,3397,3398],"class_list":{"0":"post-7908","1":"product","2":"type-product","3":"status-publish","4":"has-post-thumbnail","6":"product_cat-chua-phan-loai","7":"product_tag-model","8":"product_tag-kiem","9":"product_tag-tra","10":"product_tag-son","11":"product_tag-test","12":"product_tag-bong","13":"product_tag-troc","14":"product_tag-thiet","15":"product_tag-bi","16":"product_tag-cupping","17":"product_tag-one-2","18":"product_tag-to-530","20":"first","21":"instock","22":"shipping-taxable","23":"product-type-simple"},"yoast_head":"<!-- This site is optimized with the Yoast SEO Premium plugin v24.8 (Yoast SEO v24.8) - https:\/\/yoast.com\/wordpress\/plugins\/seo\/ -->\n<title>THI\u1ebeT B\u1eca KI\u1ec2M TRA BONG TR\u00d3C S\u01a0N CUP... ch\u00ednh h\u00e3ng | V\u1ea1n N\u0103ng<\/title>\n<meta name=\"description\" content=\"Mua ngay THI\u1ebeT B\u1eca KI\u1ec2M TRA BONG TR\u00d3C S\u01a0N CUPPING TEST ONE MODEL TO-530 ch\u00ednh h\u00e3ng. Gi\u00e1 t\u1ed1t!\" \/>\n<meta name=\"robots\" content=\"noindex, follow, max-snippet:-1, max-image-preview:large, max-video-preview:-1\" \/>\n<meta property=\"og:locale\" content=\"en_US\" \/>\n<meta property=\"og:type\" content=\"article\" \/>\n<meta property=\"og:title\" content=\"THI\u1ebeT B\u1eca KI\u1ec2M TRA BONG TR\u00d3C S\u01a0N CUPPING TEST ONE MODEL TO-530\" \/>\n<meta property=\"og:description\" content=\"Mua ngay THI\u1ebeT B\u1eca KI\u1ec2M TRA BONG TR\u00d3C S\u01a0N CUPPING TEST ONE MODEL TO-530 ch\u00ednh h\u00e3ng. Gi\u00e1 t\u1ed1t!\" \/>\n<meta property=\"og:url\" content=\"https:\/\/vannangvn.123websitedev.com\/en\/product\/thiet-bi-kiem-tra-bong-troc-son-cupping-test-one-model-to-530\/\" \/>\n<meta property=\"og:site_name\" content=\"Vannang.vn\" \/>\n<meta property=\"article:modified_time\" content=\"2026-03-30T11:54:25+00:00\" \/>\n<meta property=\"og:image\" content=\"http:\/\/vannangvn.123websitedev.com\/wp-content\/uploads\/2026\/03\/TO-530-copy.jpg\" \/>\n\t<meta property=\"og:image:width\" content=\"768\" \/>\n\t<meta property=\"og:image:height\" content=\"576\" \/>\n\t<meta property=\"og:image:type\" content=\"image\/jpeg\" \/>\n<meta name=\"twitter:card\" content=\"summary_large_image\" \/>\n<meta name=\"twitter:label1\" content=\"Est. reading time\" \/>\n\t<meta name=\"twitter:data1\" content=\"4 minutes\" \/>\n<script type=\"application\/ld+json\" class=\"yoast-schema-graph\">{\"@context\":\"https:\/\/schema.org\",\"@graph\":[{\"@type\":\"WebPage\",\"@id\":\"https:\/\/vannangvn.123websitedev.com\/san-pham\/thiet-bi-kiem-tra-bong-troc-son-cupping-test-one-model-to-530\/\",\"url\":\"https:\/\/vannangvn.123websitedev.com\/san-pham\/thiet-bi-kiem-tra-bong-troc-son-cupping-test-one-model-to-530\/\",\"name\":\"THI\u1ebeT B\u1eca KI\u1ec2M TRA BONG TR\u00d3C S\u01a0N CUP... ch\u00ednh h\u00e3ng | V\u1ea1n N\u0103ng\",\"isPartOf\":{\"@id\":\"https:\/\/vannangvn.123websitedev.com\/#website\"},\"primaryImageOfPage\":{\"@id\":\"https:\/\/vannangvn.123websitedev.com\/san-pham\/thiet-bi-kiem-tra-bong-troc-son-cupping-test-one-model-to-530\/#primaryimage\"},\"image\":{\"@id\":\"https:\/\/vannangvn.123websitedev.com\/san-pham\/thiet-bi-kiem-tra-bong-troc-son-cupping-test-one-model-to-530\/#primaryimage\"},\"thumbnailUrl\":\"https:\/\/vannangvn.123websitedev.com\/wp-content\/uploads\/2026\/03\/TO-530-copy.jpg\",\"datePublished\":\"2026-03-20T12:11:50+00:00\",\"dateModified\":\"2026-03-30T11:54:25+00:00\",\"description\":\"Mua ngay THI\u1ebeT B\u1eca KI\u1ec2M TRA BONG TR\u00d3C S\u01a0N CUPPING TEST ONE MODEL TO-530 ch\u00ednh h\u00e3ng. Gi\u00e1 t\u1ed1t!\",\"breadcrumb\":{\"@id\":\"https:\/\/vannangvn.123websitedev.com\/san-pham\/thiet-bi-kiem-tra-bong-troc-son-cupping-test-one-model-to-530\/#breadcrumb\"},\"inLanguage\":\"en-US\",\"potentialAction\":[{\"@type\":\"ReadAction\",\"target\":[\"https:\/\/vannangvn.123websitedev.com\/san-pham\/thiet-bi-kiem-tra-bong-troc-son-cupping-test-one-model-to-530\/\"]}]},{\"@type\":\"ImageObject\",\"inLanguage\":\"en-US\",\"@id\":\"https:\/\/vannangvn.123websitedev.com\/san-pham\/thiet-bi-kiem-tra-bong-troc-son-cupping-test-one-model-to-530\/#primaryimage\",\"url\":\"https:\/\/vannangvn.123websitedev.com\/wp-content\/uploads\/2026\/03\/TO-530-copy.jpg\",\"contentUrl\":\"https:\/\/vannangvn.123websitedev.com\/wp-content\/uploads\/2026\/03\/TO-530-copy.jpg\",\"width\":768,\"height\":576},{\"@type\":\"BreadcrumbList\",\"@id\":\"https:\/\/vannangvn.123websitedev.com\/san-pham\/thiet-bi-kiem-tra-bong-troc-son-cupping-test-one-model-to-530\/#breadcrumb\",\"itemListElement\":[{\"@type\":\"ListItem\",\"position\":1,\"name\":\"Trang ch\u1ee7\",\"item\":\"https:\/\/vannangvn.123websitedev.com\/\"},{\"@type\":\"ListItem\",\"position\":2,\"name\":\"S\u1ea3n ph\u1ea9m\",\"item\":\"https:\/\/vannangvn.123websitedev.com\/cua-hang\/\"},{\"@type\":\"ListItem\",\"position\":3,\"name\":\"THI\u1ebeT B\u1eca KI\u1ec2M TRA BONG TR\u00d3C S\u01a0N CUPPING TEST ONE MODEL TO-530\"}]},{\"@type\":\"WebSite\",\"@id\":\"https:\/\/vannangvn.123websitedev.com\/#website\",\"url\":\"https:\/\/vannangvn.123websitedev.com\/\",\"name\":\"Vannang.vn\",\"description\":\"\",\"publisher\":{\"@id\":\"https:\/\/vannangvn.123websitedev.com\/#organization\"},\"potentialAction\":[{\"@type\":\"SearchAction\",\"target\":{\"@type\":\"EntryPoint\",\"urlTemplate\":\"https:\/\/vannangvn.123websitedev.com\/?s={search_term_string}\"},\"query-input\":{\"@type\":\"PropertyValueSpecification\",\"valueRequired\":true,\"valueName\":\"search_term_string\"}}],\"inLanguage\":\"en-US\"},{\"@type\":\"Organization\",\"@id\":\"https:\/\/vannangvn.123websitedev.com\/#organization\",\"name\":\"Vannang.vn\",\"url\":\"https:\/\/vannangvn.123websitedev.com\/\",\"logo\":{\"@type\":\"ImageObject\",\"inLanguage\":\"en-US\",\"@id\":\"https:\/\/vannangvn.123websitedev.com\/#\/schema\/logo\/image\/\",\"url\":\"https:\/\/vannangvn.123websitedev.com\/wp-content\/uploads\/2026\/02\/logo-van-nang-02.png\",\"contentUrl\":\"https:\/\/vannangvn.123websitedev.com\/wp-content\/uploads\/2026\/02\/logo-van-nang-02.png\",\"width\":448,\"height\":111,\"caption\":\"Vannang.vn\"},\"image\":{\"@id\":\"https:\/\/vannangvn.123websitedev.com\/#\/schema\/logo\/image\/\"}}]}<\/script>\n<!-- \/ Yoast SEO Premium plugin. -->","yoast_head_json":{"title":"THI\u1ebeT B\u1eca KI\u1ec2M TRA BONG TR\u00d3C S\u01a0N CUP... ch\u00ednh h\u00e3ng | V\u1ea1n N\u0103ng","description":"Mua ngay THI\u1ebeT B\u1eca KI\u1ec2M TRA BONG TR\u00d3C S\u01a0N CUPPING TEST ONE MODEL TO-530 ch\u00ednh h\u00e3ng. Gi\u00e1 t\u1ed1t!","robots":{"index":"noindex","follow":"follow","max-snippet":"max-snippet:-1","max-image-preview":"max-image-preview:large","max-video-preview":"max-video-preview:-1"},"og_locale":"en_US","og_type":"article","og_title":"THI\u1ebeT B\u1eca KI\u1ec2M TRA BONG TR\u00d3C S\u01a0N CUPPING TEST ONE MODEL TO-530","og_description":"Mua ngay THI\u1ebeT B\u1eca KI\u1ec2M TRA BONG TR\u00d3C S\u01a0N CUPPING TEST ONE MODEL TO-530 ch\u00ednh h\u00e3ng. Gi\u00e1 t\u1ed1t!","og_url":"https:\/\/vannangvn.123websitedev.com\/en\/product\/thiet-bi-kiem-tra-bong-troc-son-cupping-test-one-model-to-530\/","og_site_name":"Vannang.vn","article_modified_time":"2026-03-30T11:54:25+00:00","og_image":[{"width":768,"height":576,"url":"http:\/\/vannangvn.123websitedev.com\/wp-content\/uploads\/2026\/03\/TO-530-copy.jpg","type":"image\/jpeg"}],"twitter_card":"summary_large_image","twitter_misc":{"Est. reading time":"4 minutes"},"schema":{"@context":"https:\/\/schema.org","@graph":[{"@type":"WebPage","@id":"https:\/\/vannangvn.123websitedev.com\/san-pham\/thiet-bi-kiem-tra-bong-troc-son-cupping-test-one-model-to-530\/","url":"https:\/\/vannangvn.123websitedev.com\/san-pham\/thiet-bi-kiem-tra-bong-troc-son-cupping-test-one-model-to-530\/","name":"THI\u1ebeT B\u1eca KI\u1ec2M TRA BONG TR\u00d3C S\u01a0N CUP... ch\u00ednh h\u00e3ng | V\u1ea1n N\u0103ng","isPartOf":{"@id":"https:\/\/vannangvn.123websitedev.com\/#website"},"primaryImageOfPage":{"@id":"https:\/\/vannangvn.123websitedev.com\/san-pham\/thiet-bi-kiem-tra-bong-troc-son-cupping-test-one-model-to-530\/#primaryimage"},"image":{"@id":"https:\/\/vannangvn.123websitedev.com\/san-pham\/thiet-bi-kiem-tra-bong-troc-son-cupping-test-one-model-to-530\/#primaryimage"},"thumbnailUrl":"https:\/\/vannangvn.123websitedev.com\/wp-content\/uploads\/2026\/03\/TO-530-copy.jpg","datePublished":"2026-03-20T12:11:50+00:00","dateModified":"2026-03-30T11:54:25+00:00","description":"Mua ngay THI\u1ebeT B\u1eca KI\u1ec2M TRA BONG TR\u00d3C S\u01a0N CUPPING TEST ONE MODEL TO-530 ch\u00ednh h\u00e3ng. Gi\u00e1 t\u1ed1t!","breadcrumb":{"@id":"https:\/\/vannangvn.123websitedev.com\/san-pham\/thiet-bi-kiem-tra-bong-troc-son-cupping-test-one-model-to-530\/#breadcrumb"},"inLanguage":"en-US","potentialAction":[{"@type":"ReadAction","target":["https:\/\/vannangvn.123websitedev.com\/san-pham\/thiet-bi-kiem-tra-bong-troc-son-cupping-test-one-model-to-530\/"]}]},{"@type":"ImageObject","inLanguage":"en-US","@id":"https:\/\/vannangvn.123websitedev.com\/san-pham\/thiet-bi-kiem-tra-bong-troc-son-cupping-test-one-model-to-530\/#primaryimage","url":"https:\/\/vannangvn.123websitedev.com\/wp-content\/uploads\/2026\/03\/TO-530-copy.jpg","contentUrl":"https:\/\/vannangvn.123websitedev.com\/wp-content\/uploads\/2026\/03\/TO-530-copy.jpg","width":768,"height":576},{"@type":"BreadcrumbList","@id":"https:\/\/vannangvn.123websitedev.com\/san-pham\/thiet-bi-kiem-tra-bong-troc-son-cupping-test-one-model-to-530\/#breadcrumb","itemListElement":[{"@type":"ListItem","position":1,"name":"Trang ch\u1ee7","item":"https:\/\/vannangvn.123websitedev.com\/"},{"@type":"ListItem","position":2,"name":"S\u1ea3n ph\u1ea9m","item":"https:\/\/vannangvn.123websitedev.com\/cua-hang\/"},{"@type":"ListItem","position":3,"name":"THI\u1ebeT B\u1eca KI\u1ec2M TRA BONG TR\u00d3C S\u01a0N CUPPING TEST ONE MODEL TO-530"}]},{"@type":"WebSite","@id":"https:\/\/vannangvn.123websitedev.com\/#website","url":"https:\/\/vannangvn.123websitedev.com\/","name":"Vannang.vn","description":"","publisher":{"@id":"https:\/\/vannangvn.123websitedev.com\/#organization"},"potentialAction":[{"@type":"SearchAction","target":{"@type":"EntryPoint","urlTemplate":"https:\/\/vannangvn.123websitedev.com\/?s={search_term_string}"},"query-input":{"@type":"PropertyValueSpecification","valueRequired":true,"valueName":"search_term_string"}}],"inLanguage":"en-US"},{"@type":"Organization","@id":"https:\/\/vannangvn.123websitedev.com\/#organization","name":"Vannang.vn","url":"https:\/\/vannangvn.123websitedev.com\/","logo":{"@type":"ImageObject","inLanguage":"en-US","@id":"https:\/\/vannangvn.123websitedev.com\/#\/schema\/logo\/image\/","url":"https:\/\/vannangvn.123websitedev.com\/wp-content\/uploads\/2026\/02\/logo-van-nang-02.png","contentUrl":"https:\/\/vannangvn.123websitedev.com\/wp-content\/uploads\/2026\/02\/logo-van-nang-02.png","width":448,"height":111,"caption":"Vannang.vn"},"image":{"@id":"https:\/\/vannangvn.123websitedev.com\/#\/schema\/logo\/image\/"}}]}},"_links":{"self":[{"href":"https:\/\/vannangvn.123websitedev.com\/en\/wp-json\/wp\/v2\/product\/7908","targetHints":{"allow":["GET"]}}],"collection":[{"href":"https:\/\/vannangvn.123websitedev.com\/en\/wp-json\/wp\/v2\/product"}],"about":[{"href":"https:\/\/vannangvn.123websitedev.com\/en\/wp-json\/wp\/v2\/types\/product"}],"replies":[{"embeddable":true,"href":"https:\/\/vannangvn.123websitedev.com\/en\/wp-json\/wp\/v2\/comments?post=7908"}],"wp:featuredmedia":[{"embeddable":true,"href":"https:\/\/vannangvn.123websitedev.com\/en\/wp-json\/wp\/v2\/media\/8915"}],"wp:attachment":[{"href":"https:\/\/vannangvn.123websitedev.com\/en\/wp-json\/wp\/v2\/media?parent=7908"}],"wp:term":[{"taxonomy":"product_brand","embeddable":true,"href":"https:\/\/vannangvn.123websitedev.com\/en\/wp-json\/wp\/v2\/product_brand?post=7908"},{"taxonomy":"product_cat","embeddable":true,"href":"https:\/\/vannangvn.123websitedev.com\/en\/wp-json\/wp\/v2\/product_cat?post=7908"},{"taxonomy":"product_tag","embeddable":true,"href":"https:\/\/vannangvn.123websitedev.com\/en\/wp-json\/wp\/v2\/product_tag?post=7908"}],"curies":[{"name":"wp","href":"https:\/\/api.w.org\/{rel}","templated":true}]}}