{"id":7911,"date":"2026-03-20T19:11:54","date_gmt":"2026-03-20T12:11:54","guid":{"rendered":"https:\/\/vannangvn.123websitedev.com\/san-pham\/thiet-bi-kiem-tra-co-hoc-be-mat-anton-paar-step-301\/"},"modified":"2026-03-30T18:54:31","modified_gmt":"2026-03-30T11:54:31","slug":"thiet-bi-kiem-tra-co-hoc-be-mat-anton-paar-step-301","status":"publish","type":"product","link":"https:\/\/vannangvn.123websitedev.com\/en\/product\/thiet-bi-kiem-tra-co-hoc-be-mat-anton-paar-step-301\/","title":{"rendered":"THI\u1ebeT B\u1eca KI\u1ec2M TRA C\u01a0 H\u1eccC B\u1ec0 M\u1eb6T ANTON PAAR STEP 301"},"content":{"rendered":"<h1 style=\"color: red; font-weight: bold; font-size: 24px;\">T&#7893;ng quan s&#7843;n ph&#7849;m THI&#7870;T B&#7882; KI&#7874;M TRA C&#416; H&#7884;C B&#7872; M&#7862;T ANTON PAAR STEP 301<p>Thi&#7871;t B&#7883; Ki&#7875;m Tra C&#417; H&#7885;c B&#7873; M&#7863;t (Mechanical Surface Testing Platforms) Anton Paar Step 301<br>\nTrong ng&agrave;nh c&ocirc;ng nghi&#7879;p hi&#7879;n &#273;&#7841;i, nhu c&#7847;u ki&#7875;m tra b&#7873; m&#7863;t v&#7853;t li&#7879;u ng&agrave;y c&agrave;ng kh&#7855;t khe v&agrave; &#273;&ograve;i h&#7887;i &#273;&#7897; ch&iacute;nh x&aacute;c cao. &#272;&#7875; &#273;&aacute;p &#7913;ng nh&#7919;ng y&ecirc;u c&#7847;u n&agrave;y, Anton Paar &#273;&atilde; ph&aacute;t tri&#7875;n N&#7873;n T&#7843;ng Ki&#7875;m Tra C&#417; H&#7885;c B&#7873; M&#7863;t Step 301 &ndash; m&#7897;t gi&#7843;i ph&aacute;p ti&ecirc;n ti&#7871;n gi&uacute;p t&#7889;i &#432;u h&oacute;a quy tr&igrave;nh &#273;o l&#432;&#7901;ng v&agrave; th&#7917; nghi&#7879;m tr&ecirc;n v&#7853;t li&#7879;u. H&atilde;y c&ugrave;ng V&#7841;n N&#259;ng t&igrave;m hi&#7875;u chi ti&#7871;t h&#417;n v&#7873; s&#7843;n ph&#7849;m th&ocirc;ng qua b&agrave;i vi&#7871;t d&#432;&#7899;i &#273;&acirc;y!<\/p><p>N&eacute;t &#272;&#7863;c Tr&#432;ng C&#7911;a Step 301<br>\nGi&#7843;i Ph&aacute;p &#272;o L&#432;&#7901;ng &ldquo;T&#7845;t C&#7843; Trong M&#7897;t&rdquo;<br>\nStep 301 Anton Paar cho ph&eacute;p th&#7921;c hi&#7879;n &#273;&#7891;ng th&#7901;i b&#7889;n ph&#432;&#417;ng ph&aacute;p th&#7917; nghi&#7879;m kh&aacute;c nhau tr&ecirc;n c&ugrave;ng m&#7897;t thi&#7871;t b&#7883;, bao g&#7891;m:<\/p><p>Th&#7917; nghi&#7879;m tr&#7847;y x&#432;&#7899;c (scratch testing): &#272;&aacute;nh gi&aacute; &#273;&#7897; b&#7873;n v&agrave; kh&#7843; n&#259;ng ch&#7889;ng x&#432;&#7899;c c&#7911;a b&#7873; m&#7863;t v&#7853;t li&#7879;u.<br>\n&#272;o &#273;&#7897; c&#7913;ng b&#7857;ng ph&#432;&#417;ng ph&aacute;p Vickers: X&aacute;c &#273;&#7883;nh &#273;&#7897; c&#7913;ng c&#7911;a v&#7853;t li&#7879;u th&ocirc;ng qua vi&#7879;c &aacute;p d&#7909;ng l&#7921;c l&ecirc;n b&#7873; m&#7863;t m&#7851;u.<br>\n&#272;o &#273;&#7897; c&#7913;ng t&#7921; &#273;&#7897;ng: T&#7921; &#273;&#7897;ng h&oacute;a qu&aacute; tr&igrave;nh &#273;o &#273;&#7897; c&#7913;ng th&ocirc;ng qua c&aacute;c thu&#7853;t to&aacute;n th&ocirc;ng minh.<br>\nKi&#7875;m tra ma s&aacute;t (tribology): &#272;o l&#432;&#7901;ng s&#7921; t&#432;&#417;ng t&aacute;c gi&#7919;a c&aacute;c b&#7873; m&#7863;t khi ch&uacute;ng ti&#7871;p x&uacute;c v&agrave; di chuy&#7875;n v&#7899;i nhau.<\/p><p>T&iacute;nh &#273;a n&#259;ng n&agrave;y gi&uacute;p Thi&#7871;t B&#7883; Step 301 tr&#7903; th&agrave;nh gi&#7843;i ph&aacute;p l&yacute; t&#432;&#7903;ng cho c&aacute;c ph&ograve;ng th&iacute; nghi&#7879;m nghi&ecirc;n c&#7913;u v&#7853;t li&#7879;u c&#361;ng nh&#432; c&aacute;c doanh nghi&#7879;p s&#7843;n xu&#7845;t, n&#417;i c&#7847;n &aacute;p d&#7909;ng nhi&#7873;u ph&#432;&#417;ng ph&aacute;p ki&#7875;m tra kh&aacute;c nhau tr&ecirc;n c&ugrave;ng m&#7897;t thi&#7871;t b&#7883;.<br>\nS&#7921; linh ho&#7841;t c&#7911;a n&#7873;n t&#7843;ng c&ograve;n &#273;&#432;&#7907;c th&#7875; hi&#7879;n qua kh&#7843; n&#259;ng m&#7903; r&#7897;ng v&agrave; n&acirc;ng c&#7845;p d&#7877; d&agrave;ng, t&#7915; m&#7897;t &#273;&#7847;u &#273;o &#273;&#417;n l&#7867; &#273;&#7871;n m&#7897;t h&#7879; th&#7889;ng &#273;o l&#432;&#7901;ng ho&agrave;n ch&#7881;nh. &#272;i&#7873;u n&agrave;y gi&uacute;p doanh nghi&#7879;p d&#7877; d&agrave;ng n&acirc;ng c&#7845;p thi&#7871;t b&#7883; khi nhu c&#7847;u ki&#7875;m tra t&#259;ng cao m&agrave; kh&ocirc;ng c&#7847;n ph&#7843;i thay m&#7899;i to&agrave;n b&#7897; h&#7879; th&#7889;ng.<br>\n&#272;i&#7873;u H&#432;&#7899;ng M&#7851;u Nhanh Ch&oacute;ng v&agrave; Ch&iacute;nh X&aacute;c<br>\nH&#7879; th&#7889;ng k&iacute;nh hi&#7875;n vi n&agrave;y c&ograve;n t&iacute;ch h&#7907;p ch&#7913;c n&#259;ng zoom li&ecirc;n t&#7909;c, mang &#273;&#7871;n cho ng&#432;&#7901;i d&ugrave;ng tr&#7843;i nghi&#7879;m &#273;i&#7873;u khi&#7875;n m&#432;&#7907;t m&agrave;, kh&ocirc;ng gi&aacute;n &#273;o&#7841;n. Ng&#432;&#7901;i d&ugrave;ng c&oacute; th&#7875; d&#7877; d&agrave;ng thay &#273;&#7893;i g&oacute;c nh&igrave;n v&agrave; theo d&otilde;i chi ti&#7871;t m&#7851;u &#7903; nhi&#7873;u c&#7845;p &#273;&#7897; kh&aacute;c nhau m&agrave; kh&ocirc;ng ph&#7843;i &#273;i&#7873;u ch&#7881;nh thi&#7871;t b&#7883; nhi&#7873;u l&#7847;n.<br>\nT&#259;ng C&#432;&#7901;ng Kh&#7843; N&#259;ng Gi&#7843;m Rung &#272;&#7897;ng<br>\nV&#7899;i thi&#7871;t k&#7871; n&#7873;n t&#7843;ng b&#7857;ng &#273;&aacute; granite t&#7893;ng h&#7907;p chuy&ecirc;n d&#7909;ng, Step-301 mang &#273;&#7871;n kh&#7843; n&#259;ng h&#7845;p th&#7909; rung &#273;&#7897;ng t&#7889;i &#432;u. Vi&#7879;c s&#7917; d&#7909;ng &#273;&aacute; granite kh&ocirc;ng ch&#7881; gi&uacute;p gi&#7843;m thi&#7875;u sai s&#7889; do rung &#273;&#7897;ng g&acirc;y ra m&agrave; c&ograve;n gi&uacute;p duy tr&igrave; &#273;&#7897; &#7893;n &#273;&#7883;nh c&#7911;a h&#7879; th&#7889;ng trong su&#7889;t qu&aacute; tr&igrave;nh th&#7917; nghi&#7879;m.<\/p><p>Ngo&agrave;i ra, N&#7873;n T&#7843;ng Step 301 c&ograve;n c&oacute; th&#7875; t&ugrave;y ch&#7881;nh &#273;&#7875; ph&ugrave; h&#7907;p v&#7899;i c&aacute;c y&ecirc;u c&#7847;u c&#7909; th&#7875; c&#7911;a ng&#432;&#7901;i d&ugrave;ng. Ng&#432;&#7901;i d&ugrave;ng c&oacute; th&#7875; y&ecirc;u c&#7847;u t&iacute;ch h&#7907;p bu&#7891;ng ch&#7913;a kh&iacute;, ch&acirc;n kh&ocirc;ng ho&#7863;c c&aacute;c bu&#7891;ng ki&#7875;m so&aacute;t &#273;&#7897; &#7849;m &#273;&#7875; t&#7841;o ra m&ocirc;i tr&#432;&#7901;ng ki&#7875;m tra t&#7889;i &#432;u nh&#7845;t cho m&#7851;u v&#7853;t li&#7879;u. Kh&#7843; n&#259;ng t&ugrave;y bi&#7871;n n&agrave;y gi&uacute;p n&acirc;ng cao t&iacute;nh &#7913;ng d&#7909;ng c&#7911;a thi&#7871;t b&#7883; trong nhi&#7873;u ng&agrave;nh c&ocirc;ng nghi&#7879;p kh&aacute;c nhau, t&#7915; s&#7843;n xu&#7845;t &#273;&#7871;n nghi&ecirc;n c&#7913;u v&agrave; ph&aacute;t tri&#7875;n.<br>\nT&#7921; &#272;&#7897;ng H&oacute;a Quy Tr&igrave;nh S&#7843;n Xu&#7845;t<br>\nM&#7897;t trong nh&#7919;ng l&#7907;i &iacute;ch l&#7899;n nh&#7845;t c&#7911;a M&aacute;y Step 301 ch&iacute;nh l&agrave; kh&#7843; n&#259;ng t&#7921; &#273;&#7897;ng h&oacute;a to&agrave;n b&#7897; quy tr&igrave;nh ki&#7875;m tra. Ng&#432;&#7901;i d&ugrave;ng c&oacute; th&#7875; t&iacute;ch h&#7907;p n&#7873;n t&#7843;ng n&agrave;y v&agrave;o khu v&#7921;c ki&#7875;m so&aacute;t ch&#7845;t l&#432;&#7907;ng c&#7911;a nh&agrave; m&aacute;y &#273;&#7875; t&#7921; &#273;&#7897;ng x&#7917; l&yacute; m&#7851;u, t&#7843;i m&#7851;u v&agrave; ti&#7871;n h&agrave;nh th&#7917; nghi&#7879;m.<\/p><p>&#272;i&#7873;u n&agrave;y gi&uacute;p gi&#7843;m thi&#7875;u &#273;&aacute;ng k&#7875; chi ph&iacute; nh&acirc;n c&ocirc;ng, &#273;&#7891;ng th&#7901;i t&#259;ng n&#259;ng su&#7845;t ki&#7875;m tra. Vi&#7879;c t&iacute;ch h&#7907;p t&#7921; &#273;&#7897;ng h&oacute;a v&agrave;o quy tr&igrave;nh kh&ocirc;ng ch&#7881; gi&uacute;p doanh nghi&#7879;p gi&#7843;m chi ph&iacute; s&#7843;n xu&#7845;t m&agrave; c&ograve;n n&acirc;ng cao hi&#7879;u qu&#7843;, &#273;&#7843;m b&#7843;o c&aacute;c ph&eacute;p &#273;o lu&ocirc;n &#273;&#432;&#7907;c th&#7921;c hi&#7879;n nhanh ch&oacute;ng v&agrave; ch&iacute;nh x&aacute;c.<br>\nTi&#7871;t Ki&#7879;m Th&#7901;i Gian, T&#7889;i &#431;u Quy Tr&igrave;nh<br>\nStep 301 cho ph&eacute;p ng&#432;&#7901;i d&ugrave;ng g&#7855;n c&aacute;c m&#7851;u c&oacute; k&iacute;ch th&#432;&#7899;c kh&aacute;c nhau tr&#7921;c ti&#7871;p l&ecirc;n thi&#7871;t b&#7883; v&agrave; ti&#7871;n h&agrave;nh &#273;o ngay tr&ecirc;n d&acirc;y chuy&#7873;n s&#7843;n xu&#7845;t m&agrave; kh&ocirc;ng c&#7847;n ph&#7843;i th&aacute;o l&#7855;p hay &#273;i&#7873;u ch&#7881;nh thi&#7871;t b&#7883;. Kh&ocirc;ng ch&#7881; ti&#7871;t ki&#7879;m th&#7901;i gian m&agrave; c&ograve;n gi&#7843;m thi&#7875;u c&ocirc;ng s&#7913;c c&#7911;a ng&#432;&#7901;i v&#7853;n h&agrave;nh, gi&uacute;p doanh nghi&#7879;p t&#7889;i &#432;u h&oacute;a quy tr&igrave;nh s&#7843;n xu&#7845;t m&agrave; v&#7851;n &#273;&#7843;m b&#7843;o &#273;&#7897; ch&iacute;nh x&aacute;c trong t&#7915;ng ph&eacute;p &#273;o.<\/p><p>Nh&#7919;ng L&yacute; Do N&ecirc;n Mua Thi&#7871;t B&#7883; Ki&#7875;m Tra C&#417; H&#7885;c B&#7873; M&#7863;t T&#7841;i Thi&#7871;t B&#7883; C&ocirc;ng Ngh&#7879; V&#7841;n N&#259;ng<\/p><p>C&ocirc;ng ty Thi&#7871;t B&#7883; C&ocirc;ng Ngh&#7879; V&#7841;n N&#259;ng l&agrave; &#273;&#7889;i t&aacute;c ch&iacute;nh th&#7913;c ph&acirc;n ph&#7889;i Thi&#7871;t B&#7883; Ki&#7875;m Tra C&#417; H&#7885;c B&#7873; M&#7863;t h&agrave;ng &#273;&#7847;u t&#7841;i Vi&#7879;t Nam, cam k&#7871;t cung c&#7845;p s&#7843;n ph&#7849;m ch&iacute;nh h&atilde;ng v&#7899;i gi&aacute; c&#7843; c&#7841;nh tranh nh&#7845;t th&#7883; tr&#432;&#7901;ng. V&#7899;i uy t&iacute;n tr&ecirc;n th&#7883; tr&#432;&#7901;ng v&agrave; ch&#7871; &#273;&#7897; h&#7851;u m&atilde;i t&#7889;t, V&#7841;n N&#259;ng &#273;&atilde; nh&#7853;n &#273;&#432;&#7907;c s&#7921; tin t&#432;&#7903;ng t&#7915; kh&aacute;ch h&agrave;ng nh&#7901; v&agrave;o ch&#7845;t l&#432;&#7907;ng h&agrave;ng &#273;&#7847;u c&#7911;a c&aacute;c d&ograve;ng s&#7843;n ph&#7849;m.<br>\nS&#7843;n ph&#7849;m c&#7911;a ch&uacute;ng t&ocirc;i &#273;&#432;&#7907;c ki&#7875;m &#273;&#7883;nh ch&#7845;t l&#432;&#7907;ng, nh&#7853;p kh&#7849;u tr&#7921;c ti&#7871;p t&#7915; nh&agrave; m&aacute;y b&ecirc;n Ch&acirc;u &Acirc;u, M&#7929;, &Uacute;c, Nh&#7853;t B&#7843;n,&hellip; v&agrave; &#273;&aacute;p &#7913;ng nhu c&#7847;u &#273;a d&#7841;ng c&#7911;a th&#7883; tr&#432;&#7901;ng nh&#432;: M&aacute;y &#272;o &#272;&#7897; C&#7913;ng, M&aacute;y SpectroMaxx, M&aacute;y Ki&#7875;m Tra &#272;&#7897; B&#7873;n S&#417;n,&hellip; Ch&uacute;ng t&ocirc;i cam k&#7871;t cung c&#7845;p s&#7843;n ph&#7849;m n&agrave;y tr&ecirc;n to&agrave;n qu&#7889;c v&#7899;i gi&aacute; c&#7843; c&#7841;nh tranh nh&#7845;t.<br>\nCh&uacute;ng t&ocirc;i c&oacute; &#273;&#7897;i ng&#361; chuy&ecirc;n vi&ecirc;n t&#432; v&#7845;n chuy&ecirc;n s&acirc;u s&#7869; h&#7895; tr&#7907; kh&aacute;ch h&agrave;ng v&#7873; chi ti&#7871;t s&#7843;n ph&#7849;m, h&#432;&#7899;ng d&#7851;n s&#7917; d&#7909;ng hay nh&#7919;ng th&#7913; li&ecirc;n quan &#273;&#7871;n v&#7845;n &#273;&#7873; m&agrave; doanh nghi&#7879;p b&#7841;n &#273;ang g&#7863;p ph&#7843;i. Ch&uacute;ng t&ocirc;i s&#7869; cung c&#7845;p nh&#7919;ng gi&#7843;i ph&aacute;p t&#7889;i &#432;u nh&#7845;t !!!<br>\nNgo&agrave;i ra V&#7841;n N&#259;ng Company lu&ocirc;n h&#432;&#7899;ng &#273;&#7871;n tr&#7843;i nghi&#7879;m kh&aacute;ch h&agrave;ng, v&igrave; v&#7853;y ch&uacute;ng t&ocirc;i c&oacute; nh&#7919;ng ch&iacute;nh s&aacute;ch b&#7843;o h&agrave;nh, b&#7843;o tr&igrave; &ndash; b&#7843;o d&#432;&#7905;ng, hi&#7879;u chu&#7849;n v&#7899;i t&#7845;t c&#7843; c&aacute;c thi&#7871;t b&#7883;, m&aacute;y m&oacute;c m&agrave; ch&uacute;ng t&ocirc;i cung c&#7845;p. &#272;&#7843;m b&#7843;o mang &#273;&#7871;n cho Kh&aacute;ch h&agrave;ng s&#7921; y&ecirc;n t&acirc;m tuy&#7879;t &#273;&#7889;i v&#7873; d&#7883;ch v&#7909; khi mua h&agrave;ng.<\/p><p>T&#7893;ng K&#7871;t<br>\nN&#7873;n T&#7843;ng Ki&#7875;m Tra C&#417; H&#7885;c B&#7873; M&#7863;t Step 301 kh&ocirc;ng ch&#7881; l&agrave; m&#7897;t thi&#7871;t b&#7883; m&#7841;nh m&#7869;, &#273;a n&#259;ng m&agrave; c&ograve;n mang l&#7841;i s&#7921; linh ho&#7841;t v&agrave; hi&#7879;u qu&#7843; cho c&aacute;c doanh nghi&#7879;p trong m&#7885;i ng&agrave;nh c&ocirc;ng nghi&#7879;p. H&atilde;y li&ecirc;n h&#7879; v&#7899;i V&#7841;n N&#259;ng Company ngay &#273;&#7875; &#273;&#432;&#7907;c t&#432; v&#7845;n chuy&ecirc;n s&acirc;u v&agrave; nh&#7853;n c&aacute;c &#432;u &#273;&atilde;i h&#7845;p d&#7851;n nh&#7845;t th&ocirc;ng qua hotline\/zalo: <a href=\"https:\/\/zalo.me\/0903991335\" target=\"_blank\" rel=\"noopener\" style=\"color: #059669; font-weight: bold; text-decoration: none;\">0903 991 335<\/a>!<\/p><div style=\"background-color: #f8fafc; border: 1px solid #e2e8f0; border-radius: 8px; padding: 25px; max-width: 800px; margin: 30px auto; color: #334155; line-height: 1.8; font-size: 17px; box-shadow: 0 4px 6px -1px rgba(0,0,0,0.05); text-align: left; clear: both;\">\nC&ocirc;ng ty TNHH Th&#432;&#417;ng M&#7841;i D&#7883;ch V&#7909; Thi&#7871;t B&#7883; C&ocirc;ng Ngh&#7879; V&#7841;n N&#259;ng\n<p style=\"margin: 0 0 10px 0;\">&#128205; <strong style=\"color: #1e293b;\">&#272;&#7883;a ch&#7881;:<\/strong> <a style=\"color: #059669; text-decoration: none; font-weight: bold;\" href=\"https:\/\/www.google.com\/maps\/search\/C%C3%B4ng+ty+TNHH+Th%C6%B0%C6%A1ng+M%E1%BA%A1i+D%E1%BB%8Bch+V%E1%BB%A5+Thi%E1%BA%BFt+B%E1%BB%8B+C%C3%B4ng+Ngh%E1%BB%87+V%E1%BA%A1n+N%C4%83ng+818+Tr%C6%B0%E1%BB%9Dng+Chinh\" target=\"_blank\" rel=\"noopener\">818 Tr&#432;&#7901;ng Chinh, Ph&#432;&#7901;ng T&acirc;n S&#417;n, Th&agrave;nh ph&#7889; H&#7891; Ch&iacute; Minh, Vi&#7879;t Nam<\/a><\/p>\n<p style=\"margin: 0 0 10px 0;\">&#128222; <strong style=\"color: #1e293b;\">S&#272;T &ndash; Zalo:<\/strong> <a style=\"color: #059669; text-decoration: none; font-weight: bold;\" href=\"https:\/\/zalo.me\/0903991335\" target=\"_blank\" rel=\"noopener\">0903 991 335<\/a> <span style=\"color: #64748b; font-style: italic;\">(Ms. H&#7841;nh &ndash; Gi&aacute;m &#272;&#7889;c Kinh Doanh)<\/span><\/p>\n<p style=\"margin: 0;\">&#9993;&#65039; <strong style=\"color: #1e293b;\">Email:<\/strong> <a style=\"color: #059669; text-decoration: none; font-weight: bold;\" href=\"mailto:hienhanh@vannangvn.com\">hienhanh@vannangvn.com<\/a><\/p>\n<\/div><\/h1>","protected":false},"excerpt":{"rendered":"<p><strong>Th&#432;&#417;ng hi&#7879;u:<\/strong> Step 301 kh&ocirc;ng ch&#7881; mang l&#7841;i hi&#7879;u su&#7845;t v&#432;&#7907;t tr&#7897;i m&agrave; c&ograve;n gi&uacute;p doanh nghi&#7879;p ti&#7871;t ki&#7879;m th&#7901;i gian, chi ph&iacute; v&agrave; t&#259;ng c&#432;&#7901;ng kh&#7843; n&#259;ng t&#7921; &#273;&#7897;ng h&oacute;a trong quy tr&igrave;nh s&#7843;n xu&#7845;t. Hi&#7879;n &#273;ang c&oacute; m&#7913;c gi&aacute; c&#7921;c &#432;u &#273;&atilde;i t&#7841;i V&#7841;n N&#259;ng.<br>\n<strong>Model:<\/strong> Step-2<p>Product <strong>THI&#7870;T B&#7882; KI&#7874;M TRA C&#416; H&#7884;C B&#7872; M&#7862;T ANTON PAAR STEP 301<\/strong> ch&iacute;nh h&atilde;ng. Step 301 kh&ocirc;ng ch&#7881; mang l&#7841;i hi&#7879;u su&#7845;t v&#432;&#7907;t tr&#7897;i m&agrave; c&ograve;n gi&uacute;p doanh nghi&#7879;p ti&#7871;t ki&#7879;m th&#7901;i gian, chi ph&iacute; v&agrave; t&#259;ng c&#432;&#7901;ng kh&#7843; n&#259;ng t&#7921; &#273;&#7897;ng h&oacute;a trong quy tr&igrave;nh s&#7843;n xu&#7845;t. Hi&#7879;n &#273;ang c&oacute; m&#7913;c gi&aacute; c&#7921;c &#432;u &#273;&atilde;i t&#7841;i V&#7841;n N&#259;ng.<\/p><\/p>","protected":false},"featured_media":8834,"comment_status":"open","ping_status":"closed","template":"","meta":[],"product_brand":[],"product_cat":[18],"product_tag":[1149,1182,2160,178,183,208,209,365,464,465,768,769],"class_list":{"0":"post-7911","1":"product","2":"type-product","3":"status-publish","4":"has-post-thumbnail","6":"product_cat-chua-phan-loai","7":"product_tag-step","8":"product_tag-hoc","9":"product_tag-2160","10":"product_tag-mat","11":"product_tag-be","12":"product_tag-kiem","13":"product_tag-tra","14":"product_tag-co","15":"product_tag-anton","16":"product_tag-paar","17":"product_tag-thiet","18":"product_tag-bi","20":"first","21":"instock","22":"shipping-taxable","23":"product-type-simple"},"yoast_head":"<!-- This site is optimized with the Yoast SEO Premium plugin v24.8 (Yoast SEO v24.8) - https:\/\/yoast.com\/wordpress\/plugins\/seo\/ -->\n<title>THI\u1ebeT B\u1eca KI\u1ec2M TRA C\u01a0 H\u1eccC B\u1ec0 M\u1eb6T ANT... ch\u00ednh h\u00e3ng | V\u1ea1n N\u0103ng<\/title>\n<meta name=\"description\" content=\"Mua ngay THI\u1ebeT B\u1eca KI\u1ec2M TRA C\u01a0 H\u1eccC B\u1ec0 M\u1eb6T ANTON PAAR STEP 301 ch\u00ednh h\u00e3ng. Gi\u00e1 t\u1ed1t!\" \/>\n<meta name=\"robots\" content=\"noindex, follow, max-snippet:-1, max-image-preview:large, max-video-preview:-1\" \/>\n<meta property=\"og:locale\" content=\"en_US\" \/>\n<meta property=\"og:type\" content=\"article\" \/>\n<meta property=\"og:title\" content=\"THI\u1ebeT B\u1eca KI\u1ec2M TRA C\u01a0 H\u1eccC B\u1ec0 M\u1eb6T ANTON PAAR STEP 301\" \/>\n<meta property=\"og:description\" content=\"Mua ngay THI\u1ebeT B\u1eca KI\u1ec2M TRA C\u01a0 H\u1eccC B\u1ec0 M\u1eb6T ANTON PAAR STEP 301 ch\u00ednh h\u00e3ng. Gi\u00e1 t\u1ed1t!\" \/>\n<meta property=\"og:url\" content=\"https:\/\/vannangvn.123websitedev.com\/en\/product\/thiet-bi-kiem-tra-co-hoc-be-mat-anton-paar-step-301\/\" \/>\n<meta property=\"og:site_name\" content=\"Vannang.vn\" \/>\n<meta property=\"article:modified_time\" content=\"2026-03-30T11:54:31+00:00\" \/>\n<meta property=\"og:image\" content=\"http:\/\/vannangvn.123websitedev.com\/wp-content\/uploads\/2026\/03\/step-301-copy.jpg\" \/>\n\t<meta property=\"og:image:width\" content=\"768\" \/>\n\t<meta property=\"og:image:height\" content=\"576\" \/>\n\t<meta property=\"og:image:type\" content=\"image\/jpeg\" \/>\n<meta name=\"twitter:card\" content=\"summary_large_image\" \/>\n<meta name=\"twitter:label1\" content=\"Est. reading time\" \/>\n\t<meta name=\"twitter:data1\" content=\"9 minutes\" \/>\n<script type=\"application\/ld+json\" class=\"yoast-schema-graph\">{\"@context\":\"https:\/\/schema.org\",\"@graph\":[{\"@type\":\"WebPage\",\"@id\":\"https:\/\/vannangvn.123websitedev.com\/san-pham\/thiet-bi-kiem-tra-co-hoc-be-mat-anton-paar-step-301\/\",\"url\":\"https:\/\/vannangvn.123websitedev.com\/san-pham\/thiet-bi-kiem-tra-co-hoc-be-mat-anton-paar-step-301\/\",\"name\":\"THI\u1ebeT B\u1eca KI\u1ec2M TRA C\u01a0 H\u1eccC B\u1ec0 M\u1eb6T ANT... ch\u00ednh h\u00e3ng | V\u1ea1n N\u0103ng\",\"isPartOf\":{\"@id\":\"https:\/\/vannangvn.123websitedev.com\/#website\"},\"primaryImageOfPage\":{\"@id\":\"https:\/\/vannangvn.123websitedev.com\/san-pham\/thiet-bi-kiem-tra-co-hoc-be-mat-anton-paar-step-301\/#primaryimage\"},\"image\":{\"@id\":\"https:\/\/vannangvn.123websitedev.com\/san-pham\/thiet-bi-kiem-tra-co-hoc-be-mat-anton-paar-step-301\/#primaryimage\"},\"thumbnailUrl\":\"https:\/\/vannangvn.123websitedev.com\/wp-content\/uploads\/2026\/03\/step-301-copy.jpg\",\"datePublished\":\"2026-03-20T12:11:54+00:00\",\"dateModified\":\"2026-03-30T11:54:31+00:00\",\"description\":\"Mua ngay THI\u1ebeT B\u1eca KI\u1ec2M TRA C\u01a0 H\u1eccC B\u1ec0 M\u1eb6T ANTON PAAR STEP 301 ch\u00ednh h\u00e3ng. Gi\u00e1 t\u1ed1t!\",\"breadcrumb\":{\"@id\":\"https:\/\/vannangvn.123websitedev.com\/san-pham\/thiet-bi-kiem-tra-co-hoc-be-mat-anton-paar-step-301\/#breadcrumb\"},\"inLanguage\":\"en-US\",\"potentialAction\":[{\"@type\":\"ReadAction\",\"target\":[\"https:\/\/vannangvn.123websitedev.com\/san-pham\/thiet-bi-kiem-tra-co-hoc-be-mat-anton-paar-step-301\/\"]}]},{\"@type\":\"ImageObject\",\"inLanguage\":\"en-US\",\"@id\":\"https:\/\/vannangvn.123websitedev.com\/san-pham\/thiet-bi-kiem-tra-co-hoc-be-mat-anton-paar-step-301\/#primaryimage\",\"url\":\"https:\/\/vannangvn.123websitedev.com\/wp-content\/uploads\/2026\/03\/step-301-copy.jpg\",\"contentUrl\":\"https:\/\/vannangvn.123websitedev.com\/wp-content\/uploads\/2026\/03\/step-301-copy.jpg\",\"width\":768,\"height\":576},{\"@type\":\"BreadcrumbList\",\"@id\":\"https:\/\/vannangvn.123websitedev.com\/san-pham\/thiet-bi-kiem-tra-co-hoc-be-mat-anton-paar-step-301\/#breadcrumb\",\"itemListElement\":[{\"@type\":\"ListItem\",\"position\":1,\"name\":\"Trang ch\u1ee7\",\"item\":\"https:\/\/vannangvn.123websitedev.com\/\"},{\"@type\":\"ListItem\",\"position\":2,\"name\":\"S\u1ea3n ph\u1ea9m\",\"item\":\"https:\/\/vannangvn.123websitedev.com\/cua-hang\/\"},{\"@type\":\"ListItem\",\"position\":3,\"name\":\"THI\u1ebeT B\u1eca KI\u1ec2M TRA C\u01a0 H\u1eccC B\u1ec0 M\u1eb6T ANTON PAAR STEP 301\"}]},{\"@type\":\"WebSite\",\"@id\":\"https:\/\/vannangvn.123websitedev.com\/#website\",\"url\":\"https:\/\/vannangvn.123websitedev.com\/\",\"name\":\"Vannang.vn\",\"description\":\"\",\"publisher\":{\"@id\":\"https:\/\/vannangvn.123websitedev.com\/#organization\"},\"potentialAction\":[{\"@type\":\"SearchAction\",\"target\":{\"@type\":\"EntryPoint\",\"urlTemplate\":\"https:\/\/vannangvn.123websitedev.com\/?s={search_term_string}\"},\"query-input\":{\"@type\":\"PropertyValueSpecification\",\"valueRequired\":true,\"valueName\":\"search_term_string\"}}],\"inLanguage\":\"en-US\"},{\"@type\":\"Organization\",\"@id\":\"https:\/\/vannangvn.123websitedev.com\/#organization\",\"name\":\"Vannang.vn\",\"url\":\"https:\/\/vannangvn.123websitedev.com\/\",\"logo\":{\"@type\":\"ImageObject\",\"inLanguage\":\"en-US\",\"@id\":\"https:\/\/vannangvn.123websitedev.com\/#\/schema\/logo\/image\/\",\"url\":\"https:\/\/vannangvn.123websitedev.com\/wp-content\/uploads\/2026\/02\/logo-van-nang-02.png\",\"contentUrl\":\"https:\/\/vannangvn.123websitedev.com\/wp-content\/uploads\/2026\/02\/logo-van-nang-02.png\",\"width\":448,\"height\":111,\"caption\":\"Vannang.vn\"},\"image\":{\"@id\":\"https:\/\/vannangvn.123websitedev.com\/#\/schema\/logo\/image\/\"}}]}<\/script>\n<!-- \/ Yoast SEO Premium plugin. -->","yoast_head_json":{"title":"THI\u1ebeT B\u1eca KI\u1ec2M TRA C\u01a0 H\u1eccC B\u1ec0 M\u1eb6T ANT... ch\u00ednh h\u00e3ng | V\u1ea1n N\u0103ng","description":"Mua ngay THI\u1ebeT B\u1eca KI\u1ec2M TRA C\u01a0 H\u1eccC B\u1ec0 M\u1eb6T ANTON PAAR STEP 301 ch\u00ednh h\u00e3ng. Gi\u00e1 t\u1ed1t!","robots":{"index":"noindex","follow":"follow","max-snippet":"max-snippet:-1","max-image-preview":"max-image-preview:large","max-video-preview":"max-video-preview:-1"},"og_locale":"en_US","og_type":"article","og_title":"THI\u1ebeT B\u1eca KI\u1ec2M TRA C\u01a0 H\u1eccC B\u1ec0 M\u1eb6T ANTON PAAR STEP 301","og_description":"Mua ngay THI\u1ebeT B\u1eca KI\u1ec2M TRA C\u01a0 H\u1eccC B\u1ec0 M\u1eb6T ANTON PAAR STEP 301 ch\u00ednh h\u00e3ng. Gi\u00e1 t\u1ed1t!","og_url":"https:\/\/vannangvn.123websitedev.com\/en\/product\/thiet-bi-kiem-tra-co-hoc-be-mat-anton-paar-step-301\/","og_site_name":"Vannang.vn","article_modified_time":"2026-03-30T11:54:31+00:00","og_image":[{"width":768,"height":576,"url":"http:\/\/vannangvn.123websitedev.com\/wp-content\/uploads\/2026\/03\/step-301-copy.jpg","type":"image\/jpeg"}],"twitter_card":"summary_large_image","twitter_misc":{"Est. reading time":"9 minutes"},"schema":{"@context":"https:\/\/schema.org","@graph":[{"@type":"WebPage","@id":"https:\/\/vannangvn.123websitedev.com\/san-pham\/thiet-bi-kiem-tra-co-hoc-be-mat-anton-paar-step-301\/","url":"https:\/\/vannangvn.123websitedev.com\/san-pham\/thiet-bi-kiem-tra-co-hoc-be-mat-anton-paar-step-301\/","name":"THI\u1ebeT B\u1eca KI\u1ec2M TRA C\u01a0 H\u1eccC B\u1ec0 M\u1eb6T ANT... ch\u00ednh h\u00e3ng | V\u1ea1n N\u0103ng","isPartOf":{"@id":"https:\/\/vannangvn.123websitedev.com\/#website"},"primaryImageOfPage":{"@id":"https:\/\/vannangvn.123websitedev.com\/san-pham\/thiet-bi-kiem-tra-co-hoc-be-mat-anton-paar-step-301\/#primaryimage"},"image":{"@id":"https:\/\/vannangvn.123websitedev.com\/san-pham\/thiet-bi-kiem-tra-co-hoc-be-mat-anton-paar-step-301\/#primaryimage"},"thumbnailUrl":"https:\/\/vannangvn.123websitedev.com\/wp-content\/uploads\/2026\/03\/step-301-copy.jpg","datePublished":"2026-03-20T12:11:54+00:00","dateModified":"2026-03-30T11:54:31+00:00","description":"Mua ngay THI\u1ebeT B\u1eca KI\u1ec2M TRA C\u01a0 H\u1eccC B\u1ec0 M\u1eb6T ANTON PAAR STEP 301 ch\u00ednh h\u00e3ng. Gi\u00e1 t\u1ed1t!","breadcrumb":{"@id":"https:\/\/vannangvn.123websitedev.com\/san-pham\/thiet-bi-kiem-tra-co-hoc-be-mat-anton-paar-step-301\/#breadcrumb"},"inLanguage":"en-US","potentialAction":[{"@type":"ReadAction","target":["https:\/\/vannangvn.123websitedev.com\/san-pham\/thiet-bi-kiem-tra-co-hoc-be-mat-anton-paar-step-301\/"]}]},{"@type":"ImageObject","inLanguage":"en-US","@id":"https:\/\/vannangvn.123websitedev.com\/san-pham\/thiet-bi-kiem-tra-co-hoc-be-mat-anton-paar-step-301\/#primaryimage","url":"https:\/\/vannangvn.123websitedev.com\/wp-content\/uploads\/2026\/03\/step-301-copy.jpg","contentUrl":"https:\/\/vannangvn.123websitedev.com\/wp-content\/uploads\/2026\/03\/step-301-copy.jpg","width":768,"height":576},{"@type":"BreadcrumbList","@id":"https:\/\/vannangvn.123websitedev.com\/san-pham\/thiet-bi-kiem-tra-co-hoc-be-mat-anton-paar-step-301\/#breadcrumb","itemListElement":[{"@type":"ListItem","position":1,"name":"Trang ch\u1ee7","item":"https:\/\/vannangvn.123websitedev.com\/"},{"@type":"ListItem","position":2,"name":"S\u1ea3n ph\u1ea9m","item":"https:\/\/vannangvn.123websitedev.com\/cua-hang\/"},{"@type":"ListItem","position":3,"name":"THI\u1ebeT B\u1eca KI\u1ec2M TRA C\u01a0 H\u1eccC B\u1ec0 M\u1eb6T ANTON PAAR STEP 301"}]},{"@type":"WebSite","@id":"https:\/\/vannangvn.123websitedev.com\/#website","url":"https:\/\/vannangvn.123websitedev.com\/","name":"Vannang.vn","description":"","publisher":{"@id":"https:\/\/vannangvn.123websitedev.com\/#organization"},"potentialAction":[{"@type":"SearchAction","target":{"@type":"EntryPoint","urlTemplate":"https:\/\/vannangvn.123websitedev.com\/?s={search_term_string}"},"query-input":{"@type":"PropertyValueSpecification","valueRequired":true,"valueName":"search_term_string"}}],"inLanguage":"en-US"},{"@type":"Organization","@id":"https:\/\/vannangvn.123websitedev.com\/#organization","name":"Vannang.vn","url":"https:\/\/vannangvn.123websitedev.com\/","logo":{"@type":"ImageObject","inLanguage":"en-US","@id":"https:\/\/vannangvn.123websitedev.com\/#\/schema\/logo\/image\/","url":"https:\/\/vannangvn.123websitedev.com\/wp-content\/uploads\/2026\/02\/logo-van-nang-02.png","contentUrl":"https:\/\/vannangvn.123websitedev.com\/wp-content\/uploads\/2026\/02\/logo-van-nang-02.png","width":448,"height":111,"caption":"Vannang.vn"},"image":{"@id":"https:\/\/vannangvn.123websitedev.com\/#\/schema\/logo\/image\/"}}]}},"_links":{"self":[{"href":"https:\/\/vannangvn.123websitedev.com\/en\/wp-json\/wp\/v2\/product\/7911","targetHints":{"allow":["GET"]}}],"collection":[{"href":"https:\/\/vannangvn.123websitedev.com\/en\/wp-json\/wp\/v2\/product"}],"about":[{"href":"https:\/\/vannangvn.123websitedev.com\/en\/wp-json\/wp\/v2\/types\/product"}],"replies":[{"embeddable":true,"href":"https:\/\/vannangvn.123websitedev.com\/en\/wp-json\/wp\/v2\/comments?post=7911"}],"wp:featuredmedia":[{"embeddable":true,"href":"https:\/\/vannangvn.123websitedev.com\/en\/wp-json\/wp\/v2\/media\/8834"}],"wp:attachment":[{"href":"https:\/\/vannangvn.123websitedev.com\/en\/wp-json\/wp\/v2\/media?parent=7911"}],"wp:term":[{"taxonomy":"product_brand","embeddable":true,"href":"https:\/\/vannangvn.123websitedev.com\/en\/wp-json\/wp\/v2\/product_brand?post=7911"},{"taxonomy":"product_cat","embeddable":true,"href":"https:\/\/vannangvn.123websitedev.com\/en\/wp-json\/wp\/v2\/product_cat?post=7911"},{"taxonomy":"product_tag","embeddable":true,"href":"https:\/\/vannangvn.123websitedev.com\/en\/wp-json\/wp\/v2\/product_tag?post=7911"}],"curies":[{"name":"wp","href":"https:\/\/api.w.org\/{rel}","templated":true}]}}