{"id":7918,"date":"2026-03-20T19:12:01","date_gmt":"2026-03-20T12:12:01","guid":{"rendered":"https:\/\/vannangvn.123websitedev.com\/san-pham\/thiet-bi-kiem-tra-dien-dong-hoc-dua-tren-dong-co-tuyen-tinh-step-lab-model-xud\/"},"modified":"2026-03-30T18:54:40","modified_gmt":"2026-03-30T11:54:40","slug":"thiet-bi-kiem-tra-dien-dong-hoc-dua-tren-dong-co-tuyen-tinh-step-lab-model-xud","status":"publish","type":"product","link":"https:\/\/vannangvn.123websitedev.com\/en\/product\/thiet-bi-kiem-tra-dien-dong-hoc-dua-tren-dong-co-tuyen-tinh-step-lab-model-xud\/","title":{"rendered":"THI\u1ebeT B\u1eca KI\u1ec2M TRA \u0110I\u1ec6N \u0110\u1ed8NG H\u1eccC D\u1ef0A TR\u00caN \u0110\u1ed8NG C\u01a0 TUY\u1ebeN T\u00cdNH STEP LAB MODEL XUD"},"content":{"rendered":"<h1 style=\"color: red; font-weight: bold; font-size: 24px;\">T&#7893;ng quan s&#7843;n ph&#7849;m THI&#7870;T B&#7882; KI&#7874;M TRA &#272;I&#7878;N &#272;&#7896;NG H&#7884;C D&#7920;A TR&Ecirc;N &#272;&#7896;NG C&#416; TUY&#7870;N T&Iacute;NH STEP LAB MODEL XUD<p>Thi&#7871;t B&#7883; Ki&#7875;m Tra &#272;i&#7879;n &#272;&#7897;ng H&#7885;c D&#7921;a Tr&ecirc;n &#272;&#7897;ng C&#417; Tuy&#7871;n T&iacute;nh (Electrodynamic Test Systems) STEP Lab Model XUD<\/p><p>H&atilde;y li&ecirc;n h&#7879; v&#7899;i V&#7841;n N&#259;ng Company ngay &#273;&#7875; &#273;&#432;&#7907;c t&#432; v&#7845;n chuy&ecirc;n s&acirc;u v&agrave; nh&#7853;n c&aacute;c &#432;u &#273;&atilde;i h&#7845;p d&#7851;n nh&#7845;t th&ocirc;ng qua hotline\/zalo: <a href=\"https:\/\/zalo.me\/0903991335\" target=\"_blank\" rel=\"noopener\" style=\"color: #059669; font-weight: bold; text-decoration: none;\">0903 991 335<\/a>!<\/p><div style=\"background-color: #f8fafc; border: 1px solid #e2e8f0; border-radius: 8px; padding: 25px; max-width: 800px; margin: 30px auto; color: #334155; line-height: 1.8; font-size: 17px; box-shadow: 0 4px 6px -1px rgba(0,0,0,0.05); text-align: left; clear: both;\">\nC&ocirc;ng ty TNHH Th&#432;&#417;ng M&#7841;i D&#7883;ch V&#7909; Thi&#7871;t B&#7883; C&ocirc;ng Ngh&#7879; V&#7841;n N&#259;ng\n<p style=\"margin: 0 0 10px 0;\">&#128205; <strong style=\"color: #1e293b;\">&#272;&#7883;a ch&#7881;:<\/strong> <a style=\"color: #059669; text-decoration: none; font-weight: bold;\" href=\"https:\/\/www.google.com\/maps\/search\/C%C3%B4ng+ty+TNHH+Th%C6%B0%C6%A1ng+M%E1%BA%A1i+D%E1%BB%8Bch+V%E1%BB%A5+Thi%E1%BA%BFt+B%E1%BB%8B+C%C3%B4ng+Ngh%E1%BB%87+V%E1%BA%A1n+N%C4%83ng+818+Tr%C6%B0%E1%BB%9Dng+Chinh\" target=\"_blank\" rel=\"noopener\">818 Tr&#432;&#7901;ng Chinh, Ph&#432;&#7901;ng T&acirc;n S&#417;n, Th&agrave;nh ph&#7889; H&#7891; Ch&iacute; Minh, Vi&#7879;t Nam<\/a><\/p>\n<p style=\"margin: 0 0 10px 0;\">&#128222; <strong style=\"color: #1e293b;\">S&#272;T &ndash; Zalo:<\/strong> <a style=\"color: #059669; text-decoration: none; font-weight: bold;\" href=\"https:\/\/zalo.me\/0903991335\" target=\"_blank\" rel=\"noopener\">0903 991 335<\/a> <span style=\"color: #64748b; font-style: italic;\">(Ms. H&#7841;nh &ndash; Gi&aacute;m &#272;&#7889;c Kinh Doanh)<\/span><\/p>\n<p style=\"margin: 0;\">&#9993;&#65039; <strong style=\"color: #1e293b;\">Email:<\/strong> <a style=\"color: #059669; text-decoration: none; font-weight: bold;\" href=\"mailto:hienhanh@vannangvn.com\">hienhanh@vannangvn.com<\/a><\/p>\n<\/div><\/h1>","protected":false},"excerpt":{"rendered":"<p><strong>Th&#432;&#417;ng hi&#7879;u:<\/strong> OEM<br>\n<strong>Model:<\/strong> XUD<p>Product <strong>THI&#7870;T B&#7882; KI&#7874;M TRA &#272;I&#7878;N &#272;&#7896;NG H&#7884;C D&#7920;A TR&Ecirc;N &#272;&#7896;NG C&#416; TUY&#7870;N T&Iacute;NH STEP LAB MODEL XUD<\/strong> ch&iacute;nh h&atilde;ng. <\/p><\/p>","protected":false},"featured_media":9086,"comment_status":"open","ping_status":"closed","template":"","meta":[],"product_brand":[],"product_cat":[18],"product_tag":[1149,1150,1182,2384,3406,105,116,163,208,209,365,394,768,769,1071,1087],"class_list":{"0":"post-7918","1":"product","2":"type-product","3":"status-publish","4":"has-post-thumbnail","6":"product_cat-chua-phan-loai","7":"product_tag-step","8":"product_tag-lab","9":"product_tag-hoc","10":"product_tag-dua","11":"product_tag-xud","12":"product_tag-dien","13":"product_tag-model","14":"product_tag-dong","15":"product_tag-kiem","16":"product_tag-tra","17":"product_tag-co","18":"product_tag-tinh","19":"product_tag-thiet","20":"product_tag-bi","21":"product_tag-tren","22":"product_tag-tuyen","24":"first","25":"instock","26":"shipping-taxable","27":"product-type-simple"},"yoast_head":"<!-- This site is optimized with the Yoast SEO Premium plugin v24.8 (Yoast SEO v24.8) - https:\/\/yoast.com\/wordpress\/plugins\/seo\/ -->\n<title>THI\u1ebeT B\u1eca KI\u1ec2M TRA \u0110I\u1ec6N \u0110\u1ed8NG H\u1eccC D\u1ef0A... ch\u00ednh h\u00e3ng | V\u1ea1n N\u0103ng<\/title>\n<meta name=\"description\" content=\"Mua ngay THI\u1ebeT B\u1eca KI\u1ec2M TRA \u0110I\u1ec6N \u0110\u1ed8NG H\u1eccC D\u1ef0A TR\u00caN \u0110\u1ed8NG C\u01a0 TUY\u1ebeN T\u00cdNH STEP LAB MODEL XUD ch\u00ednh h\u00e3ng. Gi\u00e1 t\u1ed1t!\" \/>\n<meta name=\"robots\" content=\"noindex, follow, max-snippet:-1, max-image-preview:large, max-video-preview:-1\" \/>\n<meta property=\"og:locale\" content=\"en_US\" \/>\n<meta property=\"og:type\" content=\"article\" \/>\n<meta property=\"og:title\" content=\"THI\u1ebeT B\u1eca KI\u1ec2M TRA \u0110I\u1ec6N \u0110\u1ed8NG H\u1eccC D\u1ef0A TR\u00caN \u0110\u1ed8NG C\u01a0 TUY\u1ebeN T\u00cdNH STEP LAB MODEL XUD\" \/>\n<meta property=\"og:description\" content=\"Mua ngay THI\u1ebeT B\u1eca KI\u1ec2M TRA \u0110I\u1ec6N \u0110\u1ed8NG H\u1eccC D\u1ef0A TR\u00caN \u0110\u1ed8NG C\u01a0 TUY\u1ebeN T\u00cdNH STEP LAB MODEL XUD ch\u00ednh h\u00e3ng. Gi\u00e1 t\u1ed1t!\" \/>\n<meta property=\"og:url\" content=\"https:\/\/vannangvn.123websitedev.com\/en\/product\/thiet-bi-kiem-tra-dien-dong-hoc-dua-tren-dong-co-tuyen-tinh-step-lab-model-xud\/\" \/>\n<meta property=\"og:site_name\" content=\"Vannang.vn\" \/>\n<meta property=\"article:modified_time\" content=\"2026-03-30T11:54:40+00:00\" \/>\n<meta property=\"og:image\" content=\"http:\/\/vannangvn.123websitedev.com\/wp-content\/uploads\/2026\/03\/XUD-2-768x576-copy.jpg\" \/>\n\t<meta property=\"og:image:width\" content=\"768\" \/>\n\t<meta property=\"og:image:height\" content=\"576\" \/>\n\t<meta property=\"og:image:type\" content=\"image\/jpeg\" \/>\n<meta name=\"twitter:card\" content=\"summary_large_image\" \/>\n<meta name=\"twitter:label1\" content=\"Est. reading time\" \/>\n\t<meta name=\"twitter:data1\" content=\"1 minute\" \/>\n<script type=\"application\/ld+json\" class=\"yoast-schema-graph\">{\"@context\":\"https:\/\/schema.org\",\"@graph\":[{\"@type\":\"WebPage\",\"@id\":\"https:\/\/vannangvn.123websitedev.com\/san-pham\/thiet-bi-kiem-tra-dien-dong-hoc-dua-tren-dong-co-tuyen-tinh-step-lab-model-xud\/\",\"url\":\"https:\/\/vannangvn.123websitedev.com\/san-pham\/thiet-bi-kiem-tra-dien-dong-hoc-dua-tren-dong-co-tuyen-tinh-step-lab-model-xud\/\",\"name\":\"THI\u1ebeT B\u1eca KI\u1ec2M TRA \u0110I\u1ec6N \u0110\u1ed8NG H\u1eccC D\u1ef0A... ch\u00ednh h\u00e3ng | V\u1ea1n N\u0103ng\",\"isPartOf\":{\"@id\":\"https:\/\/vannangvn.123websitedev.com\/#website\"},\"primaryImageOfPage\":{\"@id\":\"https:\/\/vannangvn.123websitedev.com\/san-pham\/thiet-bi-kiem-tra-dien-dong-hoc-dua-tren-dong-co-tuyen-tinh-step-lab-model-xud\/#primaryimage\"},\"image\":{\"@id\":\"https:\/\/vannangvn.123websitedev.com\/san-pham\/thiet-bi-kiem-tra-dien-dong-hoc-dua-tren-dong-co-tuyen-tinh-step-lab-model-xud\/#primaryimage\"},\"thumbnailUrl\":\"https:\/\/vannangvn.123websitedev.com\/wp-content\/uploads\/2026\/03\/XUD-2-768x576-copy.jpg\",\"datePublished\":\"2026-03-20T12:12:01+00:00\",\"dateModified\":\"2026-03-30T11:54:40+00:00\",\"description\":\"Mua ngay THI\u1ebeT B\u1eca KI\u1ec2M TRA \u0110I\u1ec6N \u0110\u1ed8NG H\u1eccC D\u1ef0A TR\u00caN \u0110\u1ed8NG C\u01a0 TUY\u1ebeN T\u00cdNH STEP LAB MODEL XUD ch\u00ednh h\u00e3ng. Gi\u00e1 t\u1ed1t!\",\"breadcrumb\":{\"@id\":\"https:\/\/vannangvn.123websitedev.com\/san-pham\/thiet-bi-kiem-tra-dien-dong-hoc-dua-tren-dong-co-tuyen-tinh-step-lab-model-xud\/#breadcrumb\"},\"inLanguage\":\"en-US\",\"potentialAction\":[{\"@type\":\"ReadAction\",\"target\":[\"https:\/\/vannangvn.123websitedev.com\/san-pham\/thiet-bi-kiem-tra-dien-dong-hoc-dua-tren-dong-co-tuyen-tinh-step-lab-model-xud\/\"]}]},{\"@type\":\"ImageObject\",\"inLanguage\":\"en-US\",\"@id\":\"https:\/\/vannangvn.123websitedev.com\/san-pham\/thiet-bi-kiem-tra-dien-dong-hoc-dua-tren-dong-co-tuyen-tinh-step-lab-model-xud\/#primaryimage\",\"url\":\"https:\/\/vannangvn.123websitedev.com\/wp-content\/uploads\/2026\/03\/XUD-2-768x576-copy.jpg\",\"contentUrl\":\"https:\/\/vannangvn.123websitedev.com\/wp-content\/uploads\/2026\/03\/XUD-2-768x576-copy.jpg\",\"width\":768,\"height\":576},{\"@type\":\"BreadcrumbList\",\"@id\":\"https:\/\/vannangvn.123websitedev.com\/san-pham\/thiet-bi-kiem-tra-dien-dong-hoc-dua-tren-dong-co-tuyen-tinh-step-lab-model-xud\/#breadcrumb\",\"itemListElement\":[{\"@type\":\"ListItem\",\"position\":1,\"name\":\"Trang ch\u1ee7\",\"item\":\"https:\/\/vannangvn.123websitedev.com\/\"},{\"@type\":\"ListItem\",\"position\":2,\"name\":\"S\u1ea3n ph\u1ea9m\",\"item\":\"https:\/\/vannangvn.123websitedev.com\/cua-hang\/\"},{\"@type\":\"ListItem\",\"position\":3,\"name\":\"THI\u1ebeT B\u1eca KI\u1ec2M TRA \u0110I\u1ec6N \u0110\u1ed8NG H\u1eccC D\u1ef0A TR\u00caN \u0110\u1ed8NG C\u01a0 TUY\u1ebeN T\u00cdNH STEP LAB MODEL XUD\"}]},{\"@type\":\"WebSite\",\"@id\":\"https:\/\/vannangvn.123websitedev.com\/#website\",\"url\":\"https:\/\/vannangvn.123websitedev.com\/\",\"name\":\"Vannang.vn\",\"description\":\"\",\"publisher\":{\"@id\":\"https:\/\/vannangvn.123websitedev.com\/#organization\"},\"potentialAction\":[{\"@type\":\"SearchAction\",\"target\":{\"@type\":\"EntryPoint\",\"urlTemplate\":\"https:\/\/vannangvn.123websitedev.com\/?s={search_term_string}\"},\"query-input\":{\"@type\":\"PropertyValueSpecification\",\"valueRequired\":true,\"valueName\":\"search_term_string\"}}],\"inLanguage\":\"en-US\"},{\"@type\":\"Organization\",\"@id\":\"https:\/\/vannangvn.123websitedev.com\/#organization\",\"name\":\"Vannang.vn\",\"url\":\"https:\/\/vannangvn.123websitedev.com\/\",\"logo\":{\"@type\":\"ImageObject\",\"inLanguage\":\"en-US\",\"@id\":\"https:\/\/vannangvn.123websitedev.com\/#\/schema\/logo\/image\/\",\"url\":\"https:\/\/vannangvn.123websitedev.com\/wp-content\/uploads\/2026\/02\/logo-van-nang-02.png\",\"contentUrl\":\"https:\/\/vannangvn.123websitedev.com\/wp-content\/uploads\/2026\/02\/logo-van-nang-02.png\",\"width\":448,\"height\":111,\"caption\":\"Vannang.vn\"},\"image\":{\"@id\":\"https:\/\/vannangvn.123websitedev.com\/#\/schema\/logo\/image\/\"}}]}<\/script>\n<!-- \/ Yoast SEO Premium plugin. -->","yoast_head_json":{"title":"THI\u1ebeT B\u1eca KI\u1ec2M TRA \u0110I\u1ec6N \u0110\u1ed8NG H\u1eccC D\u1ef0A... ch\u00ednh h\u00e3ng | V\u1ea1n N\u0103ng","description":"Mua ngay THI\u1ebeT B\u1eca KI\u1ec2M TRA \u0110I\u1ec6N \u0110\u1ed8NG H\u1eccC D\u1ef0A TR\u00caN \u0110\u1ed8NG C\u01a0 TUY\u1ebeN T\u00cdNH STEP LAB MODEL XUD ch\u00ednh h\u00e3ng. Gi\u00e1 t\u1ed1t!","robots":{"index":"noindex","follow":"follow","max-snippet":"max-snippet:-1","max-image-preview":"max-image-preview:large","max-video-preview":"max-video-preview:-1"},"og_locale":"en_US","og_type":"article","og_title":"THI\u1ebeT B\u1eca KI\u1ec2M TRA \u0110I\u1ec6N \u0110\u1ed8NG H\u1eccC D\u1ef0A TR\u00caN \u0110\u1ed8NG C\u01a0 TUY\u1ebeN T\u00cdNH STEP LAB MODEL XUD","og_description":"Mua ngay THI\u1ebeT B\u1eca KI\u1ec2M TRA \u0110I\u1ec6N \u0110\u1ed8NG H\u1eccC D\u1ef0A TR\u00caN \u0110\u1ed8NG C\u01a0 TUY\u1ebeN T\u00cdNH STEP LAB MODEL XUD ch\u00ednh h\u00e3ng. Gi\u00e1 t\u1ed1t!","og_url":"https:\/\/vannangvn.123websitedev.com\/en\/product\/thiet-bi-kiem-tra-dien-dong-hoc-dua-tren-dong-co-tuyen-tinh-step-lab-model-xud\/","og_site_name":"Vannang.vn","article_modified_time":"2026-03-30T11:54:40+00:00","og_image":[{"width":768,"height":576,"url":"http:\/\/vannangvn.123websitedev.com\/wp-content\/uploads\/2026\/03\/XUD-2-768x576-copy.jpg","type":"image\/jpeg"}],"twitter_card":"summary_large_image","twitter_misc":{"Est. reading time":"1 minute"},"schema":{"@context":"https:\/\/schema.org","@graph":[{"@type":"WebPage","@id":"https:\/\/vannangvn.123websitedev.com\/san-pham\/thiet-bi-kiem-tra-dien-dong-hoc-dua-tren-dong-co-tuyen-tinh-step-lab-model-xud\/","url":"https:\/\/vannangvn.123websitedev.com\/san-pham\/thiet-bi-kiem-tra-dien-dong-hoc-dua-tren-dong-co-tuyen-tinh-step-lab-model-xud\/","name":"THI\u1ebeT B\u1eca KI\u1ec2M TRA \u0110I\u1ec6N \u0110\u1ed8NG H\u1eccC D\u1ef0A... ch\u00ednh h\u00e3ng | V\u1ea1n N\u0103ng","isPartOf":{"@id":"https:\/\/vannangvn.123websitedev.com\/#website"},"primaryImageOfPage":{"@id":"https:\/\/vannangvn.123websitedev.com\/san-pham\/thiet-bi-kiem-tra-dien-dong-hoc-dua-tren-dong-co-tuyen-tinh-step-lab-model-xud\/#primaryimage"},"image":{"@id":"https:\/\/vannangvn.123websitedev.com\/san-pham\/thiet-bi-kiem-tra-dien-dong-hoc-dua-tren-dong-co-tuyen-tinh-step-lab-model-xud\/#primaryimage"},"thumbnailUrl":"https:\/\/vannangvn.123websitedev.com\/wp-content\/uploads\/2026\/03\/XUD-2-768x576-copy.jpg","datePublished":"2026-03-20T12:12:01+00:00","dateModified":"2026-03-30T11:54:40+00:00","description":"Mua ngay THI\u1ebeT B\u1eca KI\u1ec2M TRA \u0110I\u1ec6N \u0110\u1ed8NG H\u1eccC D\u1ef0A TR\u00caN \u0110\u1ed8NG C\u01a0 TUY\u1ebeN T\u00cdNH STEP LAB MODEL XUD ch\u00ednh h\u00e3ng. Gi\u00e1 t\u1ed1t!","breadcrumb":{"@id":"https:\/\/vannangvn.123websitedev.com\/san-pham\/thiet-bi-kiem-tra-dien-dong-hoc-dua-tren-dong-co-tuyen-tinh-step-lab-model-xud\/#breadcrumb"},"inLanguage":"en-US","potentialAction":[{"@type":"ReadAction","target":["https:\/\/vannangvn.123websitedev.com\/san-pham\/thiet-bi-kiem-tra-dien-dong-hoc-dua-tren-dong-co-tuyen-tinh-step-lab-model-xud\/"]}]},{"@type":"ImageObject","inLanguage":"en-US","@id":"https:\/\/vannangvn.123websitedev.com\/san-pham\/thiet-bi-kiem-tra-dien-dong-hoc-dua-tren-dong-co-tuyen-tinh-step-lab-model-xud\/#primaryimage","url":"https:\/\/vannangvn.123websitedev.com\/wp-content\/uploads\/2026\/03\/XUD-2-768x576-copy.jpg","contentUrl":"https:\/\/vannangvn.123websitedev.com\/wp-content\/uploads\/2026\/03\/XUD-2-768x576-copy.jpg","width":768,"height":576},{"@type":"BreadcrumbList","@id":"https:\/\/vannangvn.123websitedev.com\/san-pham\/thiet-bi-kiem-tra-dien-dong-hoc-dua-tren-dong-co-tuyen-tinh-step-lab-model-xud\/#breadcrumb","itemListElement":[{"@type":"ListItem","position":1,"name":"Trang ch\u1ee7","item":"https:\/\/vannangvn.123websitedev.com\/"},{"@type":"ListItem","position":2,"name":"S\u1ea3n ph\u1ea9m","item":"https:\/\/vannangvn.123websitedev.com\/cua-hang\/"},{"@type":"ListItem","position":3,"name":"THI\u1ebeT B\u1eca KI\u1ec2M TRA \u0110I\u1ec6N \u0110\u1ed8NG H\u1eccC D\u1ef0A TR\u00caN \u0110\u1ed8NG C\u01a0 TUY\u1ebeN T\u00cdNH STEP LAB MODEL XUD"}]},{"@type":"WebSite","@id":"https:\/\/vannangvn.123websitedev.com\/#website","url":"https:\/\/vannangvn.123websitedev.com\/","name":"Vannang.vn","description":"","publisher":{"@id":"https:\/\/vannangvn.123websitedev.com\/#organization"},"potentialAction":[{"@type":"SearchAction","target":{"@type":"EntryPoint","urlTemplate":"https:\/\/vannangvn.123websitedev.com\/?s={search_term_string}"},"query-input":{"@type":"PropertyValueSpecification","valueRequired":true,"valueName":"search_term_string"}}],"inLanguage":"en-US"},{"@type":"Organization","@id":"https:\/\/vannangvn.123websitedev.com\/#organization","name":"Vannang.vn","url":"https:\/\/vannangvn.123websitedev.com\/","logo":{"@type":"ImageObject","inLanguage":"en-US","@id":"https:\/\/vannangvn.123websitedev.com\/#\/schema\/logo\/image\/","url":"https:\/\/vannangvn.123websitedev.com\/wp-content\/uploads\/2026\/02\/logo-van-nang-02.png","contentUrl":"https:\/\/vannangvn.123websitedev.com\/wp-content\/uploads\/2026\/02\/logo-van-nang-02.png","width":448,"height":111,"caption":"Vannang.vn"},"image":{"@id":"https:\/\/vannangvn.123websitedev.com\/#\/schema\/logo\/image\/"}}]}},"_links":{"self":[{"href":"https:\/\/vannangvn.123websitedev.com\/en\/wp-json\/wp\/v2\/product\/7918","targetHints":{"allow":["GET"]}}],"collection":[{"href":"https:\/\/vannangvn.123websitedev.com\/en\/wp-json\/wp\/v2\/product"}],"about":[{"href":"https:\/\/vannangvn.123websitedev.com\/en\/wp-json\/wp\/v2\/types\/product"}],"replies":[{"embeddable":true,"href":"https:\/\/vannangvn.123websitedev.com\/en\/wp-json\/wp\/v2\/comments?post=7918"}],"wp:featuredmedia":[{"embeddable":true,"href":"https:\/\/vannangvn.123websitedev.com\/en\/wp-json\/wp\/v2\/media\/9086"}],"wp:attachment":[{"href":"https:\/\/vannangvn.123websitedev.com\/en\/wp-json\/wp\/v2\/media?parent=7918"}],"wp:term":[{"taxonomy":"product_brand","embeddable":true,"href":"https:\/\/vannangvn.123websitedev.com\/en\/wp-json\/wp\/v2\/product_brand?post=7918"},{"taxonomy":"product_cat","embeddable":true,"href":"https:\/\/vannangvn.123websitedev.com\/en\/wp-json\/wp\/v2\/product_cat?post=7918"},{"taxonomy":"product_tag","embeddable":true,"href":"https:\/\/vannangvn.123websitedev.com\/en\/wp-json\/wp\/v2\/product_tag?post=7918"}],"curies":[{"name":"wp","href":"https:\/\/api.w.org\/{rel}","templated":true}]}}