{"id":7921,"date":"2026-03-20T19:12:21","date_gmt":"2026-03-20T12:12:21","guid":{"rendered":"https:\/\/vannangvn.123websitedev.com\/san-pham\/thiet-bi-kiem-tra-do-bam-dinh-pce-instruments-model-pce-dat-500\/"},"modified":"2026-03-30T18:54:44","modified_gmt":"2026-03-30T11:54:44","slug":"thiet-bi-kiem-tra-do-bam-dinh-pce-instruments-model-pce-dat-500","status":"publish","type":"product","link":"https:\/\/vannangvn.123websitedev.com\/en\/product\/thiet-bi-kiem-tra-do-bam-dinh-pce-instruments-model-pce-dat-500\/","title":{"rendered":"THI\u1ebeT B\u1eca KI\u1ec2M TRA \u0110\u1ed8 B\u00c1M D\u00cdNH PCE INSTRUMENTS MODEL PCE-DAT 500"},"content":{"rendered":"<h1 style=\"color: red; font-weight: bold; font-size: 24px;\">T&#7893;ng quan s&#7843;n ph&#7849;m THI&#7870;T B&#7882; KI&#7874;M TRA &#272;&#7896; B&Aacute;M D&Iacute;NH PCE INSTRUMENTS MODEL PCE-DAT 500<p>Thi&#7871;t B&#7883; Ki&#7875;m Tra &#272;&#7897; B&aacute;m D&iacute;nh (Adhesion Tester) PCE Instruments Model PCE-DAT 500<br>\nM&aacute;y Ki&#7875;m Tra &#272;&#7897; B&aacute;m D&iacute;nh PCE-DAT 500 l&agrave; c&ocirc;ng c&#7909; c&#7847;m tay ti&ecirc;n ti&#7871;n, &#273;&#432;&#7907;c thi&#7871;t k&#7871; &#273;&#7875; &#273;o l&#7921;c c&#7847;n thi&#7871;t nh&#7857;m k&eacute;o l&#7899;p ph&#7911; ra kh&#7887;i b&#7873; m&#7863;t n&#7873;n. V&#7899;i thi&#7871;t k&#7871; g&#7885;n nh&#7865;, v&#7887; b&#7885;c ch&#7855;c ch&#7855;n v&agrave; kh&#7843; n&#259;ng ch&#7889;ng b&#7909;i, PCE-DAT 500 l&agrave; s&#7921; l&#7921;a ch&#7885;n ho&agrave;n h&#7843;o cho c&aacute;c &#7913;ng d&#7909;ng ki&#7875;m tra &#273;&#7897; b&aacute;m d&iacute;nh trong c&aacute;c ng&agrave;nh c&ocirc;ng nghi&#7879;p s&#417;n, v&#7853;t li&#7879;u x&acirc;y d&#7921;ng v&agrave; ki&#7875;m &#273;&#7883;nh ch&#7845;t l&#432;&#7907;ng. H&atilde;y c&ugrave;ng V&#7841;n N&#259;ng t&igrave;m hi&#7875;u chi ti&#7871;t h&#417;n v&#7873; s&#7843;n ph&#7849;m th&ocirc;ng qua b&agrave;i vi&#7871;t d&#432;&#7899;i &#273;&acirc;y!<\/p><p>Nguy&ecirc;n L&yacute; Ho&#7841;t &#272;&#7897;ng C&#7911;a PCE-DAT 500<\/p><p>Digital Adhesion Tester PCE-DAT 500 ho&#7841;t &#273;&#7897;ng d&#7921;a tr&ecirc;n l&#7921;c k&eacute;o th&#7911;y l&#7921;c. M&#7897;t &#273;&#7847;u &#273;o t&#7921; c&acirc;n ch&#7881;nh s&#7869; &aacute;p l&#7921;c l&ecirc;n l&#7899;p ph&#7911; th&ocirc;ng qua m&#7897;t dolly c&oacute; &#273;&#432;&#7901;ng k&iacute;nh nh&#7845;t &#273;&#7883;nh. L&#7921;c k&eacute;o &#273;&#432;&#7907;c hi&#7875;n th&#7883; tr&#7921;c ti&#7871;p tr&ecirc;n m&agrave;n h&igrave;nh LCD, M&aacute;y &#272;o &#272;&#7897; B&aacute;m PCE DAT500 gi&uacute;p ng&#432;&#7901;i d&ugrave;ng d&#7877; d&agrave;ng x&aacute;c &#273;&#7883;nh &#273;&#7897; b&aacute;m d&iacute;nh t&#7889;i &#273;a tr&#432;&#7899;c khi l&#7899;p ph&#7911; bong tr&oacute;c.<\/p><p>M&aacute;y PCE-DAT 500 tu&acirc;n th&#7911; &#273;&#7847;y &#273;&#7911; c&aacute;c ti&ecirc;u chu&#7849;n qu&#7889;c t&#7871; nh&#432;:<\/p><p>ISO 4624\/16276-1<br>\nGB\/T 5210<br>\nASTM D4541\/D7234<\/p><h2 style=\"color: #2e7d32; font-weight: bold; font-size: 20px;\">&#272;&#7863;c &#272;i&#7875;m N&#7893;i B&#7853;t C&#7911;a PCE-DAT 500<\/h2><p>&#272;a d&#7841;ng k&iacute;ch th&#432;&#7899;c &#273;&#7847;u &#273;o: C&oacute; th&#7875; l&#7921;a ch&#7885;n nhi&#7873;u k&iacute;ch th&#432;&#7899;c &#273;&#7847;u &#273;o kh&aacute;c nhau &#273;&#7875; ph&ugrave; h&#7907;p v&#7899;i t&#7915;ng y&ecirc;u c&#7847;u ki&#7875;m tra.<br>\nC&#7893;ng mini-USB: H&#7895; tr&#7907; k&#7871;t n&#7889;i nhanh ch&oacute;ng v&#7899;i c&aacute;c thi&#7871;t b&#7883; b&ecirc;n ngo&agrave;i &#273;&#7875; truy&#7873;n d&#7919; li&#7879;u.<br>\nL&#432;u tr&#7919; d&#7919; li&#7879;u ti&#7879;n l&#7907;i: K&#7871;t qu&#7843; &#273;&#432;&#7907;c l&#432;u d&#432;&#7899;i &#273;&#7883;nh d&#7841;ng CSV, d&#7877; d&agrave;ng ph&acirc;n t&iacute;ch v&agrave; x&#7917; l&yacute;.<br>\nHo&#7841;t &#273;&#7897;ng b&#7857;ng pin: Gi&uacute;p thi&#7871;t b&#7883; di &#273;&#7897;ng v&agrave; linh ho&#7841;t trong nhi&#7873;u m&ocirc;i tr&#432;&#7901;ng l&agrave;m vi&#7879;c.<br>\nT&#7921; &#273;&#7897;ng t&#7855;t ngu&#7891;n: M&aacute;y Ki&#7875;m Tra &#272;&#7897; B&aacute;m PCE-DAT 500 ti&#7871;t ki&#7879;m pin v&agrave; n&acirc;ng cao tu&#7893;i th&#7885; thi&#7871;t b&#7883;.<\/p><p>T&iacute;nh &#7912;ng D&#7909;ng Cao C&#7911;a PCE-DAT 500<br>\nM&aacute;y &#272;o &#272;&#7897; B&aacute;m D&iacute;nh PCE-DAT 500 l&yacute; t&#432;&#7903;ng cho nhi&#7873;u ng&agrave;nh c&ocirc;ng nghi&#7879;p, t&#7915; s&#7843;n xu&#7845;t s&#417;n v&agrave; ch&#7845;t ph&#7911;, ki&#7875;m tra l&#7899;p ph&#7911; b&#7843;o v&#7879; tr&ecirc;n kim lo&#7841;i, g&#7895;, &#273;&#7871;n c&aacute;c l&#7899;p ph&#7911; &#273;&#7863;c bi&#7879;t tr&ecirc;n nh&#7921;a.<br>\nKh&#7843; n&#259;ng s&#7917; d&#7909;ng &#273;a d&#7841;ng nh&#7901; v&agrave;o vi&#7879;c h&#7895; tr&#7907; nhi&#7873;u k&iacute;ch th&#432;&#7899;c dolly v&agrave; &#273;&#7847;u &#273;o thay th&#7871;. &#272;&#7891;ng th&#7901;i, v&#7899;i b&#417;m th&#7911;y l&#7921;c c&#7847;m tay, PCE DAT500 &#273;&#7843;m b&#7843;o l&#7921;c k&eacute;o &#273;&#432;&#7907;c &aacute;p d&#7909;ng m&#7897;t c&aacute;ch ch&iacute;nh x&aacute;c v&agrave; l&#7863;p l&#7841;i, gi&uacute;p ng&#432;&#7901;i d&ugrave;ng &#273;&aacute;nh gi&aacute; ch&#7845;t l&#432;&#7907;ng l&#7899;p ph&#7911; m&#7897;t c&aacute;ch hi&#7879;u qu&#7843; v&agrave; tin c&#7853;y.<\/p><p>&#431;u &#272;i&#7875;m V&#432;&#7907;t Tr&#7897;i C&#7911;a PCE-DAT 500<\/p><p>Ki&#7875;m tra ch&iacute;nh x&aacute;c v&agrave; nhanh ch&oacute;ng: Gi&uacute;p ti&#7871;t ki&#7879;m th&#7901;i gian v&agrave; gi&#7843;m thi&#7875;u sai s&oacute;t trong qu&aacute; tr&igrave;nh ki&#7875;m tra.<br>\nLinh ho&#7841;t trong nhi&#7873;u m&ocirc;i tr&#432;&#7901;ng l&agrave;m vi&#7879;c: V&#7899;i kh&#7843; n&#259;ng ch&#7889;ng b&#7909;i v&agrave; v&#7853;n h&agrave;nh b&#7857;ng pin, thi&#7871;t b&#7883; d&#7877; d&agrave;ng ho&#7841;t &#273;&#7897;ng trong c&#7843; nh&#7919;ng &#273;i&#7873;u ki&#7879;n kh&#7855;c nghi&#7879;t.<br>\nK&#7871;t n&#7889;i v&agrave; ph&acirc;n t&iacute;ch d&#7877; d&agrave;ng: Nh&#7901; c&#7893;ng mini-USB v&agrave; kh&#7843; n&#259;ng l&#432;u tr&#7919; d&#7919; li&#7879;u d&#432;&#7899;i &#273;&#7883;nh d&#7841;ng CSV.<\/p><p>Ph&#7909; Ki&#7879;n &#272;i K&egrave;m<br>\nThi&#7871;t B&#7883; Ki&#7875;m Tra &#272;&#7897; B&aacute;m PCE-DAT 500 &#273;i k&egrave;m v&#7899;i nhi&#7873;u ph&#7909; ki&#7879;n nh&#432;:<\/p><p>C&aacute;c lo&#7841;i &#273;&#7847;u &#273;o thay th&#7871;<br>\n&#272;&#7871; gi&#7919; c&#7889; &#273;&#7883;nh<br>\nC&aacute;p USB<\/p><p>Nh&#7919;ng L&yacute; Do N&ecirc;n Mua M&aacute;y Ki&#7875;m Tra &#272;&#7897; B&aacute;m D&iacute;nh T&#7841;i Thi&#7871;t B&#7883; C&ocirc;ng Ngh&#7879; V&#7841;n N&#259;ng<\/p><p>C&ocirc;ng ty Thi&#7871;t B&#7883; C&ocirc;ng Ngh&#7879; V&#7841;n N&#259;ng l&agrave; &#273;&#7889;i t&aacute;c ch&iacute;nh th&#7913;c ph&acirc;n ph&#7889;i Thi&#7871;t B&#7883; Ki&#7875;m Tra &#272;&#7897; B&aacute;m D&iacute;nh h&agrave;ng &#273;&#7847;u t&#7841;i Vi&#7879;t Nam, cam k&#7871;t cung c&#7845;p s&#7843;n ph&#7849;m ch&iacute;nh h&atilde;ng v&#7899;i gi&aacute; c&#7843; c&#7841;nh tranh nh&#7845;t th&#7883; tr&#432;&#7901;ng. V&#7899;i uy t&iacute;n tr&ecirc;n th&#7883; tr&#432;&#7901;ng v&agrave; ch&#7871; &#273;&#7897; h&#7851;u m&atilde;i t&#7889;t, Thi&#7871;t B&#7883; C&ocirc;ng Ngh&#7879; V&#7841;n N&#259;ng &#273;&atilde; nh&#7853;n &#273;&#432;&#7907;c s&#7921; tin t&#432;&#7903;ng t&#7915; kh&aacute;ch h&agrave;ng nh&#7901; v&agrave;o ch&#7845;t l&#432;&#7907;ng h&agrave;ng &#273;&#7847;u c&#7911;a c&aacute;c d&ograve;ng s&#7843;n ph&#7849;m.<br>\nS&#7843;n ph&#7849;m c&#7911;a ch&uacute;ng t&ocirc;i &#273;&#432;&#7907;c ki&#7875;m &#273;&#7883;nh ch&#7845;t l&#432;&#7907;ng, nh&#7853;p kh&#7849;u tr&#7921;c ti&#7871;p t&#7915; nh&agrave; m&aacute;y b&ecirc;n Ch&acirc;u &Acirc;u, M&#7929;, &Uacute;c, Nh&#7853;t B&#7843;n,&hellip; v&agrave; &#273;&aacute;p &#7913;ng nhu c&#7847;u &#273;a d&#7841;ng c&#7911;a th&#7883; tr&#432;&#7901;ng nh&#432;: M&aacute;y &#272;o &#272;&#7897; C&#7913;ng, M&aacute;y SPECTROMAXx, M&aacute;y Ki&#7875;m Tra &#272;&#432;&#7901;ng Gh&eacute;p M&iacute; Lon,&hellip; Ch&uacute;ng t&ocirc;i cam k&#7871;t cung c&#7845;p s&#7843;n ph&#7849;m n&agrave;y tr&ecirc;n to&agrave;n qu&#7889;c v&#7899;i gi&aacute; c&#7843; c&#7841;nh tranh nh&#7845;t.<br>\nCh&uacute;ng t&ocirc;i c&oacute; &#273;&#7897;i ng&#361; chuy&ecirc;n vi&ecirc;n t&#432; v&#7845;n chuy&ecirc;n s&acirc;u s&#7869; h&#7895; tr&#7907; kh&aacute;ch h&agrave;ng v&#7873; chi ti&#7871;t s&#7843;n ph&#7849;m, h&#432;&#7899;ng d&#7851;n s&#7917; d&#7909;ng hay nh&#7919;ng th&#7913; li&ecirc;n quan &#273;&#7871;n v&#7845;n &#273;&#7873; m&agrave; doanh nghi&#7879;p b&#7841;n &#273;ang g&#7863;p ph&#7843;i. Ch&uacute;ng t&ocirc;i s&#7869; cung c&#7845;p nh&#7919;ng gi&#7843;i ph&aacute;p t&#7889;i &#432;u nh&#7845;t!<br>\nNgo&agrave;i ra Thi&#7871;t B&#7883; C&ocirc;ng Ngh&#7879; V&#7841;n N&#259;ng Ch&uacute;ng T&ocirc;i lu&ocirc;n h&#432;&#7899;ng &#273;&#7871;n tr&#7843;i nghi&#7879;m kh&aacute;ch h&agrave;ng, v&igrave; v&#7853;y ch&uacute;ng t&ocirc;i c&oacute; nh&#7919;ng ch&iacute;nh s&aacute;ch b&#7843;o h&agrave;nh, b&#7843;o tr&igrave; &ndash; b&#7843;o d&#432;&#7905;ng, hi&#7879;u chu&#7849;n v&#7899;i t&#7845;t c&#7843; c&aacute;c thi&#7871;t b&#7883;, m&aacute;y m&oacute;c m&agrave; ch&uacute;ng t&ocirc;i cung c&#7845;p. &#272;&#7843;m b&#7843;o mang &#273;&#7871;n cho Kh&aacute;ch h&agrave;ng s&#7921; y&ecirc;n t&acirc;m tuy&#7879;t &#273;&#7889;i v&#7873; d&#7883;ch v&#7909; khi mua h&agrave;ng.<\/p><p>T&#7893;ng K&#7871;t<br>\nV&#7899;i Thi&#7871;t B&#7883; Ki&#7875;m Tra &#272;&#7897; B&aacute;m D&iacute;nh PCE-DAT 500, b&#7841;n kh&ocirc;ng ch&#7881; &#273;&#7843;m b&#7843;o ch&#7845;t l&#432;&#7907;ng l&#7899;p ph&#7911; m&agrave; c&ograve;n t&#259;ng c&#432;&#7901;ng hi&#7879;u su&#7845;t l&agrave;m vi&#7879;c nh&#7901; v&agrave;o thi&#7871;t k&#7871; ti&#7879;n l&#7907;i v&agrave; t&iacute;nh n&#259;ng hi&#7879;n &#273;&#7841;i. M&aacute;y PCE DAT500 ch&iacute;nh l&agrave; gi&#7843;i ph&aacute;p to&agrave;n di&#7879;n cho c&aacute;c b&agrave;i ki&#7875;m tra &#273;&#7897; b&aacute;m d&iacute;nh trong m&#7885;i ng&agrave;nh c&ocirc;ng nghi&#7879;p. H&atilde;y li&ecirc;n h&#7879; ngay v&#7899;i V&#7841;n N&#259;ng Company &#273;&#7875; &#273;&#432;&#7907;c t&#432; v&#7845;n chi ti&#7871;t v&agrave; nh&#7853;n ngay nh&#7919;ng &#432;u &#273;&atilde;i h&#7845;p d&#7851;n th&ocirc;ng qua hotline\/zalo: <a href=\"https:\/\/zalo.me\/0903991335\" target=\"_blank\" rel=\"noopener\" style=\"color: #059669; font-weight: bold; text-decoration: none;\">0903 991 335<\/a> !<\/p><div style=\"background-color: #f8fafc; border: 1px solid #e2e8f0; border-radius: 8px; padding: 25px; max-width: 800px; margin: 30px auto; color: #334155; line-height: 1.8; font-size: 17px; box-shadow: 0 4px 6px -1px rgba(0,0,0,0.05); text-align: left; clear: both;\">\nC&ocirc;ng ty TNHH Th&#432;&#417;ng M&#7841;i D&#7883;ch V&#7909; Thi&#7871;t B&#7883; C&ocirc;ng Ngh&#7879; V&#7841;n N&#259;ng\n<p style=\"margin: 0 0 10px 0;\">&#128205; <strong style=\"color: #1e293b;\">&#272;&#7883;a ch&#7881;:<\/strong> <a style=\"color: #059669; text-decoration: none; font-weight: bold;\" href=\"https:\/\/www.google.com\/maps\/search\/C%C3%B4ng+ty+TNHH+Th%C6%B0%C6%A1ng+M%E1%BA%A1i+D%E1%BB%8Bch+V%E1%BB%A5+Thi%E1%BA%BFt+B%E1%BB%8B+C%C3%B4ng+Ngh%E1%BB%87+V%E1%BA%A1n+N%C4%83ng+818+Tr%C6%B0%E1%BB%9Dng+Chinh\" target=\"_blank\" rel=\"noopener\">818 Tr&#432;&#7901;ng Chinh, Ph&#432;&#7901;ng T&acirc;n S&#417;n, Th&agrave;nh ph&#7889; H&#7891; Ch&iacute; Minh, Vi&#7879;t Nam<\/a><\/p>\n<p style=\"margin: 0 0 10px 0;\">&#128222; <strong style=\"color: #1e293b;\">S&#272;T &ndash; Zalo:<\/strong> <a style=\"color: #059669; text-decoration: none; font-weight: bold;\" href=\"https:\/\/zalo.me\/0903991335\" target=\"_blank\" rel=\"noopener\">0903 991 335<\/a> <span style=\"color: #64748b; font-style: italic;\">(Ms. H&#7841;nh &ndash; Gi&aacute;m &#272;&#7889;c Kinh Doanh)<\/span><\/p>\n<p style=\"margin: 0;\">&#9993;&#65039; <strong style=\"color: #1e293b;\">Email:<\/strong> <a style=\"color: #059669; text-decoration: none; font-weight: bold;\" href=\"mailto:hienhanh@vannangvn.com\">hienhanh@vannangvn.com<\/a><\/p>\n<\/div><\/h1>","protected":false},"excerpt":{"rendered":"<p><strong>Th&#432;&#417;ng hi&#7879;u:<\/strong> M&aacute;y Ki&#7875;m Tra &#272;&#7897; B&aacute;m D&iacute;nh PCE-DAT 500 l&agrave; c&ocirc;ng c&#7909; c&#7847;m tay ti&ecirc;n ti&#7871;n, &#273;&#432;&#7907;c thi&#7871;t k&#7871; &#273;&#7875; &#273;o l&#7921;c c&#7847;n thi&#7871;t nh&#7857;m k&eacute;o l&#7899;p ph&#7911; ra kh&#7887;i b&#7873; m&#7863;t n&#7873;n. V&#7899;i thi&#7871;t k&#7871; g&#7885;n nh&#7865;, v&#7887; b&#7885;c ch&#7855;c ch&#7855;n v&agrave; kh&#7843; n&#259;ng ch&#7889;ng b&#7909;i, PCE-DAT 500&nbsp;l&agrave; s&#7921; l&#7921;a ch&#7885;n ho&agrave;n h&#7843;o cho c&aacute;c &#7913;ng d&#7909;ng ki&#7875;m tra &#273;&#7897; b&aacute;m d&iacute;nh trong c&aacute;c ng&agrave;nh c&ocirc;ng nghi&#7879;p s&#417;n, v&#7853;t li&#7879;u x&acirc;y d&#7921;ng v&agrave; ki&#7875;m &#273;&#7883;nh ch&#7845;t l&#432;&#7907;ng.<br>\n<strong>Model:<\/strong> PCE-DAT 500<p>Product <strong>THI&#7870;T B&#7882; KI&#7874;M TRA &#272;&#7896; B&Aacute;M D&Iacute;NH PCE INSTRUMENTS MODEL PCE-DAT 500<\/strong> ch&iacute;nh h&atilde;ng. M&aacute;y Ki&#7875;m Tra &#272;&#7897; B&aacute;m D&iacute;nh PCE-DAT 500 l&agrave; c&ocirc;ng c&#7909; c&#7847;m tay ti&ecirc;n ti&#7871;n, &#273;&#432;&#7907;c thi&#7871;t k&#7871; &#273;&#7875; &#273;o l&#7921;c c&#7847;n thi&#7871;t nh&#7857;m k&eacute;o l&#7899;p ph&#7911; ra kh&#7887;i b&#7873; m&#7863;t n&#7873;n. V&#7899;i thi&#7871;t k&#7871; g&#7885;n nh&#7865;, v&#7887; b&#7885;c ch&#7855;c ch&#7855;n v&agrave; kh&#7843; n&#259;ng ch&#7889;ng b&#7909;i, PCE-DAT 500&nbsp;l&agrave; s&#7921; l&#7921;a ch&#7885;n ho&agrave;n h&#7843;o cho c&aacute;c &#7913;ng d&#7909;ng ki&#7875;m tra &#273;&#7897; b&aacute;m d&iacute;nh trong c&aacute;c ng&agrave;nh c&ocirc;ng nghi&#7879;p s&#417;n, v&#7853;t li&#7879;u x&acirc;y d&#7921;ng v&agrave; ki&#7875;m &#273;&#7883;nh ch&#7845;t l&#432;&#7907;ng.<\/p><\/p>","protected":false},"featured_media":10393,"comment_status":"open","ping_status":"closed","template":"","meta":[],"product_brand":[],"product_cat":[18],"product_tag":[116,181,208,209,210,346,378,581,768,769,1475,3410],"class_list":{"0":"post-7921","1":"product","2":"type-product","3":"status-publish","4":"has-post-thumbnail","6":"product_cat-chua-phan-loai","7":"product_tag-model","8":"product_tag-do","9":"product_tag-kiem","10":"product_tag-tra","11":"product_tag-dinh","12":"product_tag-pce","13":"product_tag-bam","14":"product_tag-instruments","15":"product_tag-thiet","16":"product_tag-bi","17":"product_tag-1475","18":"product_tag-pce-dat","20":"first","21":"instock","22":"shipping-taxable","23":"product-type-simple"},"yoast_head":"<!-- This site is optimized with the Yoast SEO Premium plugin v24.8 (Yoast SEO v24.8) - https:\/\/yoast.com\/wordpress\/plugins\/seo\/ -->\n<title>THI\u1ebeT B\u1eca KI\u1ec2M TRA \u0110\u1ed8 B\u00c1M D\u00cdNH PCE I... ch\u00ednh h\u00e3ng | V\u1ea1n N\u0103ng<\/title>\n<meta name=\"description\" content=\"Mua ngay THI\u1ebeT B\u1eca KI\u1ec2M TRA \u0110\u1ed8 B\u00c1M D\u00cdNH PCE INSTRUMENTS MODEL PCE-DAT 500 ch\u00ednh h\u00e3ng. Gi\u00e1 t\u1ed1t!\" \/>\n<meta name=\"robots\" content=\"noindex, follow, max-snippet:-1, max-image-preview:large, max-video-preview:-1\" \/>\n<meta property=\"og:locale\" content=\"en_US\" \/>\n<meta property=\"og:type\" content=\"article\" \/>\n<meta property=\"og:title\" content=\"THI\u1ebeT B\u1eca KI\u1ec2M TRA \u0110\u1ed8 B\u00c1M D\u00cdNH PCE INSTRUMENTS MODEL PCE-DAT 500\" \/>\n<meta property=\"og:description\" content=\"Mua ngay THI\u1ebeT B\u1eca KI\u1ec2M TRA \u0110\u1ed8 B\u00c1M D\u00cdNH PCE INSTRUMENTS MODEL PCE-DAT 500 ch\u00ednh h\u00e3ng. Gi\u00e1 t\u1ed1t!\" \/>\n<meta property=\"og:url\" content=\"https:\/\/vannangvn.123websitedev.com\/en\/product\/thiet-bi-kiem-tra-do-bam-dinh-pce-instruments-model-pce-dat-500\/\" \/>\n<meta property=\"og:site_name\" content=\"Vannang.vn\" \/>\n<meta property=\"article:modified_time\" content=\"2026-03-30T11:54:44+00:00\" \/>\n<meta property=\"og:image\" content=\"http:\/\/vannangvn.123websitedev.com\/wp-content\/uploads\/2026\/03\/PCE-DAT-500-no.1-copy.jpg\" \/>\n\t<meta property=\"og:image:width\" content=\"768\" \/>\n\t<meta property=\"og:image:height\" content=\"576\" \/>\n\t<meta property=\"og:image:type\" content=\"image\/jpeg\" \/>\n<meta name=\"twitter:card\" content=\"summary_large_image\" \/>\n<meta name=\"twitter:label1\" content=\"Est. reading time\" \/>\n\t<meta name=\"twitter:data1\" content=\"7 minutes\" \/>\n<script type=\"application\/ld+json\" class=\"yoast-schema-graph\">{\"@context\":\"https:\/\/schema.org\",\"@graph\":[{\"@type\":\"WebPage\",\"@id\":\"https:\/\/vannangvn.123websitedev.com\/san-pham\/thiet-bi-kiem-tra-do-bam-dinh-pce-instruments-model-pce-dat-500\/\",\"url\":\"https:\/\/vannangvn.123websitedev.com\/san-pham\/thiet-bi-kiem-tra-do-bam-dinh-pce-instruments-model-pce-dat-500\/\",\"name\":\"THI\u1ebeT B\u1eca KI\u1ec2M TRA \u0110\u1ed8 B\u00c1M D\u00cdNH PCE I... ch\u00ednh h\u00e3ng | V\u1ea1n N\u0103ng\",\"isPartOf\":{\"@id\":\"https:\/\/vannangvn.123websitedev.com\/#website\"},\"primaryImageOfPage\":{\"@id\":\"https:\/\/vannangvn.123websitedev.com\/san-pham\/thiet-bi-kiem-tra-do-bam-dinh-pce-instruments-model-pce-dat-500\/#primaryimage\"},\"image\":{\"@id\":\"https:\/\/vannangvn.123websitedev.com\/san-pham\/thiet-bi-kiem-tra-do-bam-dinh-pce-instruments-model-pce-dat-500\/#primaryimage\"},\"thumbnailUrl\":\"https:\/\/vannangvn.123websitedev.com\/wp-content\/uploads\/2026\/03\/PCE-DAT-500-no.1-copy.jpg\",\"datePublished\":\"2026-03-20T12:12:21+00:00\",\"dateModified\":\"2026-03-30T11:54:44+00:00\",\"description\":\"Mua ngay THI\u1ebeT B\u1eca KI\u1ec2M TRA \u0110\u1ed8 B\u00c1M D\u00cdNH PCE INSTRUMENTS MODEL PCE-DAT 500 ch\u00ednh h\u00e3ng. Gi\u00e1 t\u1ed1t!\",\"breadcrumb\":{\"@id\":\"https:\/\/vannangvn.123websitedev.com\/san-pham\/thiet-bi-kiem-tra-do-bam-dinh-pce-instruments-model-pce-dat-500\/#breadcrumb\"},\"inLanguage\":\"en-US\",\"potentialAction\":[{\"@type\":\"ReadAction\",\"target\":[\"https:\/\/vannangvn.123websitedev.com\/san-pham\/thiet-bi-kiem-tra-do-bam-dinh-pce-instruments-model-pce-dat-500\/\"]}]},{\"@type\":\"ImageObject\",\"inLanguage\":\"en-US\",\"@id\":\"https:\/\/vannangvn.123websitedev.com\/san-pham\/thiet-bi-kiem-tra-do-bam-dinh-pce-instruments-model-pce-dat-500\/#primaryimage\",\"url\":\"https:\/\/vannangvn.123websitedev.com\/wp-content\/uploads\/2026\/03\/PCE-DAT-500-no.1-copy.jpg\",\"contentUrl\":\"https:\/\/vannangvn.123websitedev.com\/wp-content\/uploads\/2026\/03\/PCE-DAT-500-no.1-copy.jpg\",\"width\":768,\"height\":576},{\"@type\":\"BreadcrumbList\",\"@id\":\"https:\/\/vannangvn.123websitedev.com\/san-pham\/thiet-bi-kiem-tra-do-bam-dinh-pce-instruments-model-pce-dat-500\/#breadcrumb\",\"itemListElement\":[{\"@type\":\"ListItem\",\"position\":1,\"name\":\"Trang ch\u1ee7\",\"item\":\"https:\/\/vannangvn.123websitedev.com\/\"},{\"@type\":\"ListItem\",\"position\":2,\"name\":\"S\u1ea3n ph\u1ea9m\",\"item\":\"https:\/\/vannangvn.123websitedev.com\/cua-hang\/\"},{\"@type\":\"ListItem\",\"position\":3,\"name\":\"THI\u1ebeT B\u1eca KI\u1ec2M TRA \u0110\u1ed8 B\u00c1M D\u00cdNH PCE INSTRUMENTS MODEL PCE-DAT 500\"}]},{\"@type\":\"WebSite\",\"@id\":\"https:\/\/vannangvn.123websitedev.com\/#website\",\"url\":\"https:\/\/vannangvn.123websitedev.com\/\",\"name\":\"Vannang.vn\",\"description\":\"\",\"publisher\":{\"@id\":\"https:\/\/vannangvn.123websitedev.com\/#organization\"},\"potentialAction\":[{\"@type\":\"SearchAction\",\"target\":{\"@type\":\"EntryPoint\",\"urlTemplate\":\"https:\/\/vannangvn.123websitedev.com\/?s={search_term_string}\"},\"query-input\":{\"@type\":\"PropertyValueSpecification\",\"valueRequired\":true,\"valueName\":\"search_term_string\"}}],\"inLanguage\":\"en-US\"},{\"@type\":\"Organization\",\"@id\":\"https:\/\/vannangvn.123websitedev.com\/#organization\",\"name\":\"Vannang.vn\",\"url\":\"https:\/\/vannangvn.123websitedev.com\/\",\"logo\":{\"@type\":\"ImageObject\",\"inLanguage\":\"en-US\",\"@id\":\"https:\/\/vannangvn.123websitedev.com\/#\/schema\/logo\/image\/\",\"url\":\"https:\/\/vannangvn.123websitedev.com\/wp-content\/uploads\/2026\/02\/logo-van-nang-02.png\",\"contentUrl\":\"https:\/\/vannangvn.123websitedev.com\/wp-content\/uploads\/2026\/02\/logo-van-nang-02.png\",\"width\":448,\"height\":111,\"caption\":\"Vannang.vn\"},\"image\":{\"@id\":\"https:\/\/vannangvn.123websitedev.com\/#\/schema\/logo\/image\/\"}}]}<\/script>\n<!-- \/ Yoast SEO Premium plugin. -->","yoast_head_json":{"title":"THI\u1ebeT B\u1eca KI\u1ec2M TRA \u0110\u1ed8 B\u00c1M D\u00cdNH PCE I... ch\u00ednh h\u00e3ng | V\u1ea1n N\u0103ng","description":"Mua ngay THI\u1ebeT B\u1eca KI\u1ec2M TRA \u0110\u1ed8 B\u00c1M D\u00cdNH PCE INSTRUMENTS MODEL PCE-DAT 500 ch\u00ednh h\u00e3ng. Gi\u00e1 t\u1ed1t!","robots":{"index":"noindex","follow":"follow","max-snippet":"max-snippet:-1","max-image-preview":"max-image-preview:large","max-video-preview":"max-video-preview:-1"},"og_locale":"en_US","og_type":"article","og_title":"THI\u1ebeT B\u1eca KI\u1ec2M TRA \u0110\u1ed8 B\u00c1M D\u00cdNH PCE INSTRUMENTS MODEL PCE-DAT 500","og_description":"Mua ngay THI\u1ebeT B\u1eca KI\u1ec2M TRA \u0110\u1ed8 B\u00c1M D\u00cdNH PCE INSTRUMENTS MODEL PCE-DAT 500 ch\u00ednh h\u00e3ng. Gi\u00e1 t\u1ed1t!","og_url":"https:\/\/vannangvn.123websitedev.com\/en\/product\/thiet-bi-kiem-tra-do-bam-dinh-pce-instruments-model-pce-dat-500\/","og_site_name":"Vannang.vn","article_modified_time":"2026-03-30T11:54:44+00:00","og_image":[{"width":768,"height":576,"url":"http:\/\/vannangvn.123websitedev.com\/wp-content\/uploads\/2026\/03\/PCE-DAT-500-no.1-copy.jpg","type":"image\/jpeg"}],"twitter_card":"summary_large_image","twitter_misc":{"Est. reading time":"7 minutes"},"schema":{"@context":"https:\/\/schema.org","@graph":[{"@type":"WebPage","@id":"https:\/\/vannangvn.123websitedev.com\/san-pham\/thiet-bi-kiem-tra-do-bam-dinh-pce-instruments-model-pce-dat-500\/","url":"https:\/\/vannangvn.123websitedev.com\/san-pham\/thiet-bi-kiem-tra-do-bam-dinh-pce-instruments-model-pce-dat-500\/","name":"THI\u1ebeT B\u1eca KI\u1ec2M TRA \u0110\u1ed8 B\u00c1M D\u00cdNH PCE I... ch\u00ednh h\u00e3ng | V\u1ea1n N\u0103ng","isPartOf":{"@id":"https:\/\/vannangvn.123websitedev.com\/#website"},"primaryImageOfPage":{"@id":"https:\/\/vannangvn.123websitedev.com\/san-pham\/thiet-bi-kiem-tra-do-bam-dinh-pce-instruments-model-pce-dat-500\/#primaryimage"},"image":{"@id":"https:\/\/vannangvn.123websitedev.com\/san-pham\/thiet-bi-kiem-tra-do-bam-dinh-pce-instruments-model-pce-dat-500\/#primaryimage"},"thumbnailUrl":"https:\/\/vannangvn.123websitedev.com\/wp-content\/uploads\/2026\/03\/PCE-DAT-500-no.1-copy.jpg","datePublished":"2026-03-20T12:12:21+00:00","dateModified":"2026-03-30T11:54:44+00:00","description":"Mua ngay THI\u1ebeT B\u1eca KI\u1ec2M TRA \u0110\u1ed8 B\u00c1M D\u00cdNH PCE INSTRUMENTS MODEL PCE-DAT 500 ch\u00ednh h\u00e3ng. Gi\u00e1 t\u1ed1t!","breadcrumb":{"@id":"https:\/\/vannangvn.123websitedev.com\/san-pham\/thiet-bi-kiem-tra-do-bam-dinh-pce-instruments-model-pce-dat-500\/#breadcrumb"},"inLanguage":"en-US","potentialAction":[{"@type":"ReadAction","target":["https:\/\/vannangvn.123websitedev.com\/san-pham\/thiet-bi-kiem-tra-do-bam-dinh-pce-instruments-model-pce-dat-500\/"]}]},{"@type":"ImageObject","inLanguage":"en-US","@id":"https:\/\/vannangvn.123websitedev.com\/san-pham\/thiet-bi-kiem-tra-do-bam-dinh-pce-instruments-model-pce-dat-500\/#primaryimage","url":"https:\/\/vannangvn.123websitedev.com\/wp-content\/uploads\/2026\/03\/PCE-DAT-500-no.1-copy.jpg","contentUrl":"https:\/\/vannangvn.123websitedev.com\/wp-content\/uploads\/2026\/03\/PCE-DAT-500-no.1-copy.jpg","width":768,"height":576},{"@type":"BreadcrumbList","@id":"https:\/\/vannangvn.123websitedev.com\/san-pham\/thiet-bi-kiem-tra-do-bam-dinh-pce-instruments-model-pce-dat-500\/#breadcrumb","itemListElement":[{"@type":"ListItem","position":1,"name":"Trang ch\u1ee7","item":"https:\/\/vannangvn.123websitedev.com\/"},{"@type":"ListItem","position":2,"name":"S\u1ea3n ph\u1ea9m","item":"https:\/\/vannangvn.123websitedev.com\/cua-hang\/"},{"@type":"ListItem","position":3,"name":"THI\u1ebeT B\u1eca KI\u1ec2M TRA \u0110\u1ed8 B\u00c1M D\u00cdNH PCE INSTRUMENTS MODEL PCE-DAT 500"}]},{"@type":"WebSite","@id":"https:\/\/vannangvn.123websitedev.com\/#website","url":"https:\/\/vannangvn.123websitedev.com\/","name":"Vannang.vn","description":"","publisher":{"@id":"https:\/\/vannangvn.123websitedev.com\/#organization"},"potentialAction":[{"@type":"SearchAction","target":{"@type":"EntryPoint","urlTemplate":"https:\/\/vannangvn.123websitedev.com\/?s={search_term_string}"},"query-input":{"@type":"PropertyValueSpecification","valueRequired":true,"valueName":"search_term_string"}}],"inLanguage":"en-US"},{"@type":"Organization","@id":"https:\/\/vannangvn.123websitedev.com\/#organization","name":"Vannang.vn","url":"https:\/\/vannangvn.123websitedev.com\/","logo":{"@type":"ImageObject","inLanguage":"en-US","@id":"https:\/\/vannangvn.123websitedev.com\/#\/schema\/logo\/image\/","url":"https:\/\/vannangvn.123websitedev.com\/wp-content\/uploads\/2026\/02\/logo-van-nang-02.png","contentUrl":"https:\/\/vannangvn.123websitedev.com\/wp-content\/uploads\/2026\/02\/logo-van-nang-02.png","width":448,"height":111,"caption":"Vannang.vn"},"image":{"@id":"https:\/\/vannangvn.123websitedev.com\/#\/schema\/logo\/image\/"}}]}},"_links":{"self":[{"href":"https:\/\/vannangvn.123websitedev.com\/en\/wp-json\/wp\/v2\/product\/7921","targetHints":{"allow":["GET"]}}],"collection":[{"href":"https:\/\/vannangvn.123websitedev.com\/en\/wp-json\/wp\/v2\/product"}],"about":[{"href":"https:\/\/vannangvn.123websitedev.com\/en\/wp-json\/wp\/v2\/types\/product"}],"replies":[{"embeddable":true,"href":"https:\/\/vannangvn.123websitedev.com\/en\/wp-json\/wp\/v2\/comments?post=7921"}],"wp:featuredmedia":[{"embeddable":true,"href":"https:\/\/vannangvn.123websitedev.com\/en\/wp-json\/wp\/v2\/media\/10393"}],"wp:attachment":[{"href":"https:\/\/vannangvn.123websitedev.com\/en\/wp-json\/wp\/v2\/media?parent=7921"}],"wp:term":[{"taxonomy":"product_brand","embeddable":true,"href":"https:\/\/vannangvn.123websitedev.com\/en\/wp-json\/wp\/v2\/product_brand?post=7921"},{"taxonomy":"product_cat","embeddable":true,"href":"https:\/\/vannangvn.123websitedev.com\/en\/wp-json\/wp\/v2\/product_cat?post=7921"},{"taxonomy":"product_tag","embeddable":true,"href":"https:\/\/vannangvn.123websitedev.com\/en\/wp-json\/wp\/v2\/product_tag?post=7921"}],"curies":[{"name":"wp","href":"https:\/\/api.w.org\/{rel}","templated":true}]}}