{"id":7924,"date":"2026-03-20T19:12:24","date_gmt":"2026-03-20T12:12:24","guid":{"rendered":"https:\/\/vannangvn.123websitedev.com\/san-pham\/thiet-bi-kiem-tra-do-ben-son-bang-dung-dich-mek-djh-korea\/"},"modified":"2026-03-30T18:54:47","modified_gmt":"2026-03-30T11:54:47","slug":"thiet-bi-kiem-tra-do-ben-son-bang-dung-dich-mek-djh-korea","status":"publish","type":"product","link":"https:\/\/vannangvn.123websitedev.com\/en\/product\/thiet-bi-kiem-tra-do-ben-son-bang-dung-dich-mek-djh-korea\/","title":{"rendered":"THI\u1ebeT B\u1eca KI\u1ec2M TRA \u0110\u1ed8 B\u1ec0N S\u01a0N B\u1eb0NG DUNG D\u1ecaCH MEK DJH KOREA"},"content":{"rendered":"<h1 style=\"color: red; font-weight: bold; font-size: 24px;\">T&#7893;ng quan s&#7843;n ph&#7849;m THI&#7870;T B&#7882; KI&#7874;M TRA &#272;&#7896; B&#7872;N S&#416;N B&#7856;NG DUNG D&#7882;CH MEK DJH KOREA<p>Thi&#7871;t B&#7883; Ki&#7875;m Tra &#272;&#7897; B&#7873;n S&#417;n B&#7857;ng Dung D&#7883;ch MEK (MEK Rub Test Machine) DJH Korea<br>\nThi&#7871;t B&#7883; Ki&#7875;m Tra &#272;&#7897; B&#7873;n S&#417;n l&agrave; s&#7843;n ph&#7849;m &#273;&#432;&#7907;c ph&aacute;t tri&#7875;n v&agrave; s&#7843;n xu&#7845;t b&#7903;i DJH Korea, m&#7897;t trong nh&#7919;ng nh&agrave; s&#7843;n xu&#7845;t h&agrave;ng &#273;&#7847;u v&#7873; thi&#7871;t b&#7883; ki&#7875;m tra ch&#7845;t l&#432;&#7907;ng t&#7841;i H&agrave;n Qu&#7889;c. V&#7899;i thi&#7871;t k&#7871; m&#7841;nh m&#7869; v&agrave; t&iacute;nh n&#259;ng hi&#7879;n &#273;&#7841;i, thi&#7871;t b&#7883; n&agrave;y kh&ocirc;ng ch&#7881; gi&uacute;p n&acirc;ng cao hi&#7879;u qu&#7843; ki&#7875;m tra m&agrave; c&ograve;n &#273;&#7843;m b&#7843;o t&iacute;nh nh&#7845;t qu&aacute;n trong qu&aacute; tr&igrave;nh ki&#7875;m &#273;&#7883;nh, gi&#7843;m thi&#7875;u t&#7889;i &#273;a s&#7921; sai l&#7879;ch gi&#7919;a c&aacute;c k&#7871;t qu&#7843; th&#7917; nghi&#7879;m. H&atilde;y c&ugrave;ng V&#7841;n N&#259;ng t&igrave;m hi&#7875;u chi ti&#7871;t h&#417;n qua b&agrave;i vi&#7871;t d&#432;&#7899;i &#273;&acirc;y!<\/p><h2 style=\"color: #2e7d32; font-weight: bold; font-size: 20px;\">&#272;&#7863;c &#272;i&#7875;m N&#7893;i B&#7853;t C&#7911;a DJH MEK Rub Test Machine<\/h2><p>Thi&#7871;t K&#7871; &#272;a N&#259;ng, Hi&#7879;u Su&#7845;t Cao<br>\nThi&#7871;t b&#7883; &#273;&#432;&#7907;c thi&#7871;t k&#7871; &#273;&#7875; ki&#7875;m tra &#273;&#7897; b&#7873;n l&#7899;p s&#417;n ph&#7911; d&#432;&#7899;i t&aacute;c &#273;&#7897;ng c&#7911;a dung d&#7883;ch MEK. V&#7899;i kh&#7843; n&#259;ng th&#7921;c hi&#7879;n t&#7889;i &#273;a 9999 l&#7847;n ch&agrave; x&aacute;t, thi&#7871;t b&#7883; &#273;&#7843;m b&#7843;o t&iacute;nh ch&iacute;nh x&aacute;c cao trong vi&#7879;c &#273;&aacute;nh gi&aacute; &#273;&#7897; b&#7873;n c&#7911;a s&#417;n, ph&ugrave; h&#7907;p v&#7899;i nhi&#7873;u lo&#7841;i s&#417;n ph&#7911; kh&aacute;c nhau trong ng&agrave;nh t&ocirc;n m&#7841; m&agrave;u.<br>\nC&ocirc;ng Ngh&#7879; Ti&ecirc;n Ti&#7871;n, &#272;&#7897; Tin C&#7853;y Cao<br>\nDJH MEK Rub Test Machine s&#7917; d&#7909;ng h&#7879; th&#7889;ng kh&iacute; n&eacute;n ho&agrave;n to&agrave;n t&#7921; &#273;&#7897;ng, gi&uacute;p lo&#7841;i b&#7887; c&aacute;c y&#7871;u t&#7889; kh&ocirc;ng &#7893;n &#273;&#7883;nh t&#7915; ngu&#7891;n &#273;i&#7879;n, t&#7915; &#273;&oacute; t&#259;ng c&#432;&#7901;ng t&iacute;nh &#7893;n &#273;&#7883;nh v&agrave; &#273;&#7897; tin c&#7853;y c&#7911;a thi&#7871;t b&#7883;. Thi&#7871;t b&#7883; c&ograve;n &#273;&#432;&#7907;c thi&#7871;t k&#7871; theo ti&ecirc;u chu&#7849;n ASTM D7835, &#273;&#7843;m b&#7843;o &#273;&aacute;p &#7913;ng &#273;&#7847;y &#273;&#7911; c&aacute;c y&ecirc;u c&#7847;u kh&#7855;t khe v&#7873; ch&#7845;t l&#432;&#7907;ng.<\/p><p>Ti&#7871;t Ki&#7879;m Chi Ph&iacute; V&#7853;n H&agrave;nh, B&#7843;o D&#432;&#7905;ng D&#7877; D&agrave;ng<br>\nM&#7897;t trong nh&#7919;ng &#432;u &#273;i&#7875;m n&#7893;i b&#7853;t c&#7911;a thi&#7871;t b&#7883; l&agrave; kh&ocirc;ng y&ecirc;u c&#7847;u ngu&#7891;n &#273;i&#7879;n, gi&uacute;p gi&#7843;m thi&#7875;u chi ph&iacute; v&#7853;n h&agrave;nh. Thi&#7871;t b&#7883; c&ograve;n c&oacute; thi&#7871;t k&#7871; b&#7873;n b&#7881;, d&#7877; d&agrave;ng b&#7843;o d&#432;&#7905;ng, gi&uacute;p doanh nghi&#7879;p ti&#7871;t ki&#7879;m chi ph&iacute; b&#7843;o tr&igrave; v&agrave; k&eacute;o d&agrave;i tu&#7893;i th&#7885; thi&#7871;t b&#7883;.<br>\nThi&#7871;t K&#7871; Nh&#7887; G&#7885;n, Ph&ugrave; H&#7907;p V&#7899;i Nhi&#7873;u M&ocirc;i Tr&#432;&#7901;ng L&agrave;m Vi&#7879;c<br>\nV&#7899;i k&iacute;ch th&#432;&#7899;c ch&#7881; 457mm x 483mm x 483mm (18&Prime;x 19&Prime;x 19&Prime;) v&agrave; tr&#7885;ng l&#432;&#7907;ng 28.3kg, Thi&#7871;t B&#7883; DJH MEK Rub Test Machine d&#7877; d&agrave;ng l&#7855;p &#273;&#7863;t v&agrave; v&#7853;n h&agrave;nh trong m&#7885;i kh&ocirc;ng gian nh&agrave; x&#432;&#7903;ng. &#272;i&#7873;u n&agrave;y gi&uacute;p t&#7889;i &#432;u h&oacute;a di&#7879;n t&iacute;ch s&#7917; d&#7909;ng, &#273;&#7863;c bi&#7879;t ph&ugrave; h&#7907;p v&#7899;i c&aacute;c doanh nghi&#7879;p c&oacute; kh&ocirc;ng gian s&#7843;n xu&#7845;t h&#7841;n ch&#7871;.<\/p><p>&#7912;ng D&#7909;ng C&#7911;a DJH MEK Rub Test Machine Trong Ng&agrave;nh T&ocirc;n M&#7841; M&agrave;u<br>\nM&aacute;y DJH MEK Rub Test Machine &#273;&#432;&#7907;c &#7913;ng d&#7909;ng r&#7897;ng r&atilde;i trong ng&agrave;nh s&#7843;n xu&#7845;t t&ocirc;n m&#7841; m&agrave;u, n&#417;i m&agrave; &#273;&#7897; b&#7873;n c&#7911;a l&#7899;p s&#417;n ph&#7911; l&agrave; y&#7871;u t&#7889; quy&#7871;t &#273;&#7883;nh &#273;&#7871;n ch&#7845;t l&#432;&#7907;ng v&agrave; gi&aacute; tr&#7883; c&#7911;a s&#7843;n ph&#7849;m. Thi&#7871;t b&#7883; gi&uacute;p ki&#7875;m tra &#273;&#7897; b&#7873;n c&#7911;a l&#7899;p s&#417;n ph&#7911; m&#7897;t c&aacute;ch nhanh ch&oacute;ng, ch&iacute;nh x&aacute;c, v&agrave; &#273;&aacute;ng tin c&#7853;y, t&#7915; &#273;&oacute; n&acirc;ng cao kh&#7843; n&#259;ng ki&#7875;m so&aacute;t ch&#7845;t l&#432;&#7907;ng s&#7843;n ph&#7849;m.<br>\nVi&#7879;c s&#7917; d&#7909;ng MEK Rub Test Machine DJH c&ograve;n gi&uacute;p doanh nghi&#7879;p t&#7889;i &#432;u h&oacute;a quy tr&igrave;nh s&#7843;n xu&#7845;t, gi&#7843;m thi&#7875;u th&#7901;i gian v&agrave; chi ph&iacute; ki&#7875;m tra th&#7911; c&ocirc;ng. Nh&#7901; &#273;&oacute;, doanh nghi&#7879;p c&oacute; th&#7875; nhanh ch&oacute;ng &#273;&#432;a s&#7843;n ph&#7849;m ra th&#7883; tr&#432;&#7901;ng v&#7899;i ch&#7845;t l&#432;&#7907;ng &#273;&#7843;m b&#7843;o, t&#7915; &#273;&oacute; gia t&#259;ng doanh thu v&agrave; l&#7907;i nhu&#7853;n.<\/p><p>L&#7907;i &Iacute;ch Khi S&#7917; D&#7909;ng M&aacute;y Ki&#7875;m Tra &#272;&#7897; B&#7873;n S&#417;n DJH<br>\nN&acirc;ng Cao Ch&#7845;t L&#432;&#7907;ng S&#7843;n Ph&#7849;m<br>\nV&#7899;i kh&#7843; n&#259;ng ki&#7875;m tra ch&iacute;nh x&aacute;c v&agrave; nh&#7845;t qu&aacute;n, thi&#7871;t b&#7883; gi&uacute;p &#273;&#7843;m b&#7843;o l&#7899;p s&#417;n ph&#7911; &#273;&#7841;t &#273;&#7897; b&#7873;n t&#7889;i &#432;u, n&acirc;ng cao ch&#7845;t l&#432;&#7907;ng s&#7843;n ph&#7849;m, t&#259;ng c&#432;&#7901;ng kh&#7843; n&#259;ng c&#7841;nh tranh tr&ecirc;n th&#7883; tr&#432;&#7901;ng.<br>\nT&#7889;i &#431;u H&oacute;a Quy Tr&igrave;nh S&#7843;n Xu&#7845;t<br>\nThi&#7871;t b&#7883; ho&#7841;t &#273;&#7897;ng b&aacute;n t&#7921; &#273;&#7897;ng gi&uacute;p gi&#7843;m thi&#7875;u th&#7901;i gian ki&#7875;m tra, t&#7915; &#273;&oacute; t&#7889;i &#432;u h&oacute;a quy tr&igrave;nh s&#7843;n xu&#7845;t, ti&#7871;t ki&#7879;m chi ph&iacute; v&agrave; t&#259;ng hi&#7879;u qu&#7843; v&#7853;n h&agrave;nh.<\/p><p>Gi&#7843;m Thi&#7875;u Sai S&oacute;t Trong Ki&#7875;m Tra<br>\nV&#7899;i thi&#7871;t k&#7871; ti&ecirc;n ti&#7871;n v&agrave; kh&#7843; n&#259;ng t&aacute;i t&#7841;o k&#7871;t qu&#7843; ki&#7875;m tra ch&iacute;nh x&aacute;c, thi&#7871;t b&#7883; gi&uacute;p gi&#7843;m thi&#7875;u sai s&oacute;t trong qu&aacute; tr&igrave;nh ki&#7875;m tra, &#273;&#7843;m b&#7843;o t&iacute;nh nh&#7845;t qu&aacute;n v&agrave; tin c&#7853;y c&#7911;a k&#7871;t qu&#7843; ki&#7875;m &#273;&#7883;nh.<br>\nT&#259;ng C&#432;&#7901;ng Uy T&iacute;n V&agrave; Ni&#7873;m Tin C&#7911;a Kh&aacute;ch H&agrave;ng<br>\nVi&#7879;c s&#7917; d&#7909;ng thi&#7871;t b&#7883; ki&#7875;m tra ch&#7845;t l&#432;&#7907;ng hi&#7879;n &#273;&#7841;i nh&#432; MEK Rub Test Machine kh&ocirc;ng ch&#7881; gi&uacute;p &#273;&#7843;m b&#7843;o ch&#7845;t l&#432;&#7907;ng s&#7843;n ph&#7849;m m&agrave; c&ograve;n t&#7841;o d&#7921;ng ni&#7873;m tin n&#417;i kh&aacute;ch h&agrave;ng, gia t&#259;ng uy t&iacute;n cho th&#432;&#417;ng hi&#7879;u.<\/p><p>Nh&#7919;ng L&yacute; Do N&ecirc;n Mua Thi&#7871;t B&#7883; Ki&#7875;m Tra &#272;&#7897; B&#7873;n S&#417;n T&#7841;i V&#7841;n N&#259;ng<\/p><p>C&ocirc;ng ty Thi&#7871;t B&#7883; C&ocirc;ng Ngh&#7879; V&#7841;n N&#259;ng l&agrave; &#273;&#7889;i t&aacute;c ch&iacute;nh th&#7913;c ph&acirc;n ph&#7889;i Thi&#7871;t B&#7883; Ki&#7875;m Tra &#272;&#7897; B&#7873;n S&#417;n h&agrave;ng &#273;&#7847;u t&#7841;i Vi&#7879;t Nam, cam k&#7871;t cung c&#7845;p s&#7843;n ph&#7849;m ch&iacute;nh h&atilde;ng v&#7899;i gi&aacute; c&#7843; c&#7841;nh tranh nh&#7845;t th&#7883; tr&#432;&#7901;ng. V&#7899;i uy t&iacute;n tr&ecirc;n th&#7883; tr&#432;&#7901;ng v&agrave; ch&#7871; &#273;&#7897; h&#7851;u m&atilde;i t&#7889;t, Thi&#7871;t B&#7883; C&ocirc;ng Ngh&#7879; V&#7841;n N&#259;ng &#273;&atilde; nh&#7853;n &#273;&#432;&#7907;c s&#7921; tin t&#432;&#7903;ng t&#7915; kh&aacute;ch h&agrave;ng nh&#7901; v&agrave;o ch&#7845;t l&#432;&#7907;ng h&agrave;ng &#273;&#7847;u c&#7911;a c&aacute;c d&ograve;ng s&#7843;n ph&#7849;m.<br>\nS&#7843;n ph&#7849;m c&#7911;a ch&uacute;ng t&ocirc;i &#273;&#432;&#7907;c ki&#7875;m &#273;&#7883;nh ch&#7845;t l&#432;&#7907;ng, nh&#7853;p kh&#7849;u tr&#7921;c ti&#7871;p t&#7915; nh&agrave; m&aacute;y b&ecirc;n Ch&acirc;u &Acirc;u, M&#7929;, &Uacute;c, Nh&#7853;t B&#7843;n,&hellip; v&agrave; &#273;&aacute;p &#7913;ng nhu c&#7847;u &#273;a d&#7841;ng c&#7911;a th&#7883; tr&#432;&#7901;ng nh&#432;: M&aacute;y &#272;o &#272;&#7897; C&#7913;ng, M&aacute;y SPECTROMAXx, M&aacute;y Ki&#7875;m Tra &#272;&#432;&#7901;ng Gh&eacute;p M&iacute; Lon,&hellip; Ch&uacute;ng t&ocirc;i cam k&#7871;t cung c&#7845;p s&#7843;n ph&#7849;m n&agrave;y tr&ecirc;n to&agrave;n qu&#7889;c v&#7899;i gi&aacute; c&#7843; c&#7841;nh tranh nh&#7845;t.<br>\nCh&uacute;ng t&ocirc;i c&oacute; &#273;&#7897;i ng&#361; chuy&ecirc;n vi&ecirc;n t&#432; v&#7845;n chuy&ecirc;n s&acirc;u s&#7869; h&#7895; tr&#7907; kh&aacute;ch h&agrave;ng v&#7873; chi ti&#7871;t s&#7843;n ph&#7849;m, h&#432;&#7899;ng d&#7851;n s&#7917; d&#7909;ng hay nh&#7919;ng th&#7913; li&ecirc;n quan &#273;&#7871;n v&#7845;n &#273;&#7873; m&agrave; doanh nghi&#7879;p b&#7841;n &#273;ang g&#7863;p ph&#7843;i. Ch&uacute;ng t&ocirc;i s&#7869; cung c&#7845;p nh&#7919;ng gi&#7843;i ph&aacute;p t&#7889;i &#432;u nh&#7845;t!<br>\nNgo&agrave;i ra Thi&#7871;t B&#7883; C&ocirc;ng Ngh&#7879; V&#7841;n N&#259;ng Ch&uacute;ng T&ocirc;i lu&ocirc;n h&#432;&#7899;ng &#273;&#7871;n tr&#7843;i nghi&#7879;m kh&aacute;ch h&agrave;ng, v&igrave; v&#7853;y ch&uacute;ng t&ocirc;i c&oacute; nh&#7919;ng ch&iacute;nh s&aacute;ch b&#7843;o h&agrave;nh, b&#7843;o tr&igrave; &ndash; b&#7843;o d&#432;&#7905;ng, hi&#7879;u chu&#7849;n v&#7899;i t&#7845;t c&#7843; c&aacute;c thi&#7871;t b&#7883;, m&aacute;y m&oacute;c m&agrave; ch&uacute;ng t&ocirc;i cung c&#7845;p. &#272;&#7843;m b&#7843;o mang &#273;&#7871;n cho Kh&aacute;ch h&agrave;ng s&#7921; y&ecirc;n t&acirc;m tuy&#7879;t &#273;&#7889;i v&#7873; d&#7883;ch v&#7909; khi mua h&agrave;ng.<\/p><p>T&#7893;ng K&#7871;t<br>\nMEK Rub Test Machine l&agrave; m&#7897;t c&ocirc;ng c&#7909; kh&ocirc;ng th&#7875; thi&#7871;u &#273;&#7889;i v&#7899;i c&aacute;c doanh nghi&#7879;p trong ng&agrave;nh t&ocirc;n m&#7841; m&agrave;u. V&#7899;i nh&#7919;ng t&iacute;nh n&#259;ng v&agrave; &#432;u &#273;i&#7875;m v&#432;&#7907;t tr&#7897;i, thi&#7871;t b&#7883; n&agrave;y gi&uacute;p doanh nghi&#7879;p n&acirc;ng cao ch&#7845;t l&#432;&#7907;ng s&#7843;n ph&#7849;m, t&#7889;i &#432;u h&oacute;a quy tr&igrave;nh s&#7843;n xu&#7845;t v&agrave; t&#259;ng c&#432;&#7901;ng kh&#7843; n&#259;ng c&#7841;nh tranh tr&ecirc;n th&#7883; tr&#432;&#7901;ng. H&atilde;y li&ecirc;n h&#7879; ngay v&#7899;i V&#7841;n N&#259;ng Company &#273;&#7875; &#273;&#432;&#7907;c s&#7921; t&#432; v&#7845;n chuy&ecirc;n s&acirc;u v&agrave; nh&#7853;n nh&#7919;ng &#432;u &#273;&atilde;i &#273;&#7863;c bi&#7879;t th&ocirc;ng qua hotline\/zalo: <a href=\"https:\/\/zalo.me\/0903991335\" target=\"_blank\" rel=\"noopener\" style=\"color: #059669; font-weight: bold; text-decoration: none;\">0903 991 335<\/a>!<\/p><div style=\"background-color: #f8fafc; border: 1px solid #e2e8f0; border-radius: 8px; padding: 25px; max-width: 800px; margin: 30px auto; color: #334155; line-height: 1.8; font-size: 17px; box-shadow: 0 4px 6px -1px rgba(0,0,0,0.05); text-align: left; clear: both;\">\nC&ocirc;ng ty TNHH Th&#432;&#417;ng M&#7841;i D&#7883;ch V&#7909; Thi&#7871;t B&#7883; C&ocirc;ng Ngh&#7879; V&#7841;n N&#259;ng\n<p style=\"margin: 0 0 10px 0;\">&#128205; <strong style=\"color: #1e293b;\">&#272;&#7883;a ch&#7881;:<\/strong> <a style=\"color: #059669; text-decoration: none; font-weight: bold;\" href=\"https:\/\/www.google.com\/maps\/search\/C%C3%B4ng+ty+TNHH+Th%C6%B0%C6%A1ng+M%E1%BA%A1i+D%E1%BB%8Bch+V%E1%BB%A5+Thi%E1%BA%BFt+B%E1%BB%8B+C%C3%B4ng+Ngh%E1%BB%87+V%E1%BA%A1n+N%C4%83ng+818+Tr%C6%B0%E1%BB%9Dng+Chinh\" target=\"_blank\" rel=\"noopener\">818 Tr&#432;&#7901;ng Chinh, Ph&#432;&#7901;ng T&acirc;n S&#417;n, Th&agrave;nh ph&#7889; H&#7891; Ch&iacute; Minh, Vi&#7879;t Nam<\/a><\/p>\n<p style=\"margin: 0 0 10px 0;\">&#128222; <strong style=\"color: #1e293b;\">S&#272;T &ndash; Zalo:<\/strong> <a style=\"color: #059669; text-decoration: none; font-weight: bold;\" href=\"https:\/\/zalo.me\/0903991335\" target=\"_blank\" rel=\"noopener\">0903 991 335<\/a> <span style=\"color: #64748b; font-style: italic;\">(Ms. H&#7841;nh &ndash; Gi&aacute;m &#272;&#7889;c Kinh Doanh)<\/span><\/p>\n<p style=\"margin: 0;\">&#9993;&#65039; <strong style=\"color: #1e293b;\">Email:<\/strong> <a style=\"color: #059669; text-decoration: none; font-weight: bold;\" href=\"mailto:hienhanh@vannangvn.com\">hienhanh@vannangvn.com<\/a><\/p>\n<\/div><\/h1>","protected":false},"excerpt":{"rendered":"<p><strong>Th&#432;&#417;ng hi&#7879;u:<\/strong> Thi&#7871;t B&#7883; Ki&#7875;m Tra &#272;&#7897; B&#7873;n S&#417;n B&#7857;ng Dung D&#7883;ch MEK &nbsp;&#273;&#7871;n t&#7915; DJH H&agrave;n Qu&#7889;c, &nbsp;l&agrave; m&#7897;t s&#7843;n ph&#7849;m c&ocirc;ng ngh&#7879; ti&ecirc;n ti&#7871;n, mang &#273;&#7871;n gi&#7843;i ph&aacute;p ho&agrave;n h&#7843;o &#273;&#7875; th&#7921;c hi&#7879;n nhi&#7879;m v&#7909; n&agrave;y v&#7899;i &#273;&#7897; ch&iacute;nh x&aacute;c v&agrave; tin c&#7853;y v&#432;&#7907;t tr&#7897;i.&nbsp;V&#7841;n N&#259;ng Company cam k&#7871;t b&#7843;o h&agrave;nh 2 n&#259;m theo ti&ecirc;u chu&#7849;n &#273;&#7841;i l&iacute; ph&acirc;n ph&#7889;i ch&iacute;nh th&#7913;c DJH &ndash; H&agrave;n Qu&#7889;c&nbsp;t&#7841;i th&#7883; tr&#432;&#7901;ng Vi&#7879;t Nam.<br>\n<strong>Model:<\/strong> MEK Rub Test Machine<p>Product <strong>THI&#7870;T B&#7882; KI&#7874;M TRA &#272;&#7896; B&#7872;N S&#416;N B&#7856;NG DUNG D&#7882;CH MEK DJH KOREA<\/strong> ch&iacute;nh h&atilde;ng. Thi&#7871;t B&#7883; Ki&#7875;m Tra &#272;&#7897; B&#7873;n S&#417;n B&#7857;ng Dung D&#7883;ch MEK &nbsp;&#273;&#7871;n t&#7915; DJH H&agrave;n Qu&#7889;c, &nbsp;l&agrave; m&#7897;t s&#7843;n ph&#7849;m c&ocirc;ng ngh&#7879; ti&ecirc;n ti&#7871;n, mang &#273;&#7871;n gi&#7843;i ph&aacute;p ho&agrave;n h&#7843;o &#273;&#7875; th&#7921;c hi&#7879;n nhi&#7879;m v&#7909; n&agrave;y v&#7899;i &#273;&#7897; ch&iacute;nh x&aacute;c v&agrave; tin c&#7853;y v&#432;&#7907;t tr&#7897;i.&nbsp;V&#7841;n N&#259;ng Company cam k&#7871;t b&#7843;o h&agrave;nh 2 n&#259;m theo ti&ecirc;u chu&#7849;n &#273;&#7841;i l&iacute; ph&acirc;n ph&#7889;i ch&iacute;nh th&#7913;c DJH &ndash; H&agrave;n Qu&#7889;c&nbsp;t&#7841;i th&#7883; tr&#432;&#7901;ng Vi&#7879;t Nam.<\/p><\/p>","protected":false},"featured_media":0,"comment_status":"open","ping_status":"closed","template":"","meta":[],"product_brand":[],"product_cat":[18],"product_tag":[375,519,768,769,989,3084,3414,107,166,181,208,209,217],"class_list":{"0":"post-7924","1":"product","2":"type-product","3":"status-publish","5":"product_cat-chua-phan-loai","6":"product_tag-djh","7":"product_tag-ben","8":"product_tag-thiet","9":"product_tag-bi","10":"product_tag-dich","11":"product_tag-korea","12":"product_tag-mek","13":"product_tag-dung","14":"product_tag-bang","15":"product_tag-do","16":"product_tag-kiem","17":"product_tag-tra","18":"product_tag-son","20":"first","21":"instock","22":"shipping-taxable","23":"product-type-simple"},"yoast_head":"<!-- This site is optimized with the Yoast SEO Premium plugin v24.8 (Yoast SEO v24.8) - https:\/\/yoast.com\/wordpress\/plugins\/seo\/ -->\n<title>THI\u1ebeT B\u1eca KI\u1ec2M TRA \u0110\u1ed8 B\u1ec0N S\u01a0N B\u1eb0NG D... ch\u00ednh h\u00e3ng | V\u1ea1n N\u0103ng<\/title>\n<meta name=\"description\" content=\"Mua ngay THI\u1ebeT B\u1eca KI\u1ec2M TRA \u0110\u1ed8 B\u1ec0N S\u01a0N B\u1eb0NG DUNG D\u1ecaCH MEK DJH KOREA ch\u00ednh h\u00e3ng. Gi\u00e1 t\u1ed1t!\" \/>\n<meta name=\"robots\" content=\"noindex, follow, max-snippet:-1, max-image-preview:large, max-video-preview:-1\" \/>\n<meta property=\"og:locale\" content=\"en_US\" \/>\n<meta property=\"og:type\" content=\"article\" \/>\n<meta property=\"og:title\" content=\"THI\u1ebeT B\u1eca KI\u1ec2M TRA \u0110\u1ed8 B\u1ec0N S\u01a0N B\u1eb0NG DUNG D\u1ecaCH MEK DJH KOREA\" \/>\n<meta property=\"og:description\" content=\"Mua ngay THI\u1ebeT B\u1eca KI\u1ec2M TRA \u0110\u1ed8 B\u1ec0N S\u01a0N B\u1eb0NG DUNG D\u1ecaCH MEK DJH KOREA ch\u00ednh h\u00e3ng. Gi\u00e1 t\u1ed1t!\" \/>\n<meta property=\"og:url\" content=\"https:\/\/vannangvn.123websitedev.com\/en\/product\/thiet-bi-kiem-tra-do-ben-son-bang-dung-dich-mek-djh-korea\/\" \/>\n<meta property=\"og:site_name\" content=\"Vannang.vn\" \/>\n<meta property=\"article:modified_time\" content=\"2026-03-30T11:54:47+00:00\" \/>\n<meta name=\"twitter:card\" content=\"summary_large_image\" \/>\n<meta name=\"twitter:label1\" content=\"Est. reading time\" \/>\n\t<meta name=\"twitter:data1\" content=\"9 minutes\" \/>\n<script type=\"application\/ld+json\" class=\"yoast-schema-graph\">{\"@context\":\"https:\/\/schema.org\",\"@graph\":[{\"@type\":\"WebPage\",\"@id\":\"https:\/\/vannangvn.123websitedev.com\/san-pham\/thiet-bi-kiem-tra-do-ben-son-bang-dung-dich-mek-djh-korea\/\",\"url\":\"https:\/\/vannangvn.123websitedev.com\/san-pham\/thiet-bi-kiem-tra-do-ben-son-bang-dung-dich-mek-djh-korea\/\",\"name\":\"THI\u1ebeT B\u1eca KI\u1ec2M TRA \u0110\u1ed8 B\u1ec0N S\u01a0N B\u1eb0NG D... ch\u00ednh h\u00e3ng | V\u1ea1n N\u0103ng\",\"isPartOf\":{\"@id\":\"https:\/\/vannangvn.123websitedev.com\/#website\"},\"datePublished\":\"2026-03-20T12:12:24+00:00\",\"dateModified\":\"2026-03-30T11:54:47+00:00\",\"description\":\"Mua ngay THI\u1ebeT B\u1eca KI\u1ec2M TRA \u0110\u1ed8 B\u1ec0N S\u01a0N B\u1eb0NG DUNG D\u1ecaCH MEK DJH KOREA ch\u00ednh h\u00e3ng. Gi\u00e1 t\u1ed1t!\",\"breadcrumb\":{\"@id\":\"https:\/\/vannangvn.123websitedev.com\/san-pham\/thiet-bi-kiem-tra-do-ben-son-bang-dung-dich-mek-djh-korea\/#breadcrumb\"},\"inLanguage\":\"en-US\",\"potentialAction\":[{\"@type\":\"ReadAction\",\"target\":[\"https:\/\/vannangvn.123websitedev.com\/san-pham\/thiet-bi-kiem-tra-do-ben-son-bang-dung-dich-mek-djh-korea\/\"]}]},{\"@type\":\"BreadcrumbList\",\"@id\":\"https:\/\/vannangvn.123websitedev.com\/san-pham\/thiet-bi-kiem-tra-do-ben-son-bang-dung-dich-mek-djh-korea\/#breadcrumb\",\"itemListElement\":[{\"@type\":\"ListItem\",\"position\":1,\"name\":\"Trang ch\u1ee7\",\"item\":\"https:\/\/vannangvn.123websitedev.com\/\"},{\"@type\":\"ListItem\",\"position\":2,\"name\":\"S\u1ea3n ph\u1ea9m\",\"item\":\"https:\/\/vannangvn.123websitedev.com\/cua-hang\/\"},{\"@type\":\"ListItem\",\"position\":3,\"name\":\"THI\u1ebeT B\u1eca KI\u1ec2M TRA \u0110\u1ed8 B\u1ec0N S\u01a0N B\u1eb0NG DUNG D\u1ecaCH MEK DJH KOREA\"}]},{\"@type\":\"WebSite\",\"@id\":\"https:\/\/vannangvn.123websitedev.com\/#website\",\"url\":\"https:\/\/vannangvn.123websitedev.com\/\",\"name\":\"Vannang.vn\",\"description\":\"\",\"publisher\":{\"@id\":\"https:\/\/vannangvn.123websitedev.com\/#organization\"},\"potentialAction\":[{\"@type\":\"SearchAction\",\"target\":{\"@type\":\"EntryPoint\",\"urlTemplate\":\"https:\/\/vannangvn.123websitedev.com\/?s={search_term_string}\"},\"query-input\":{\"@type\":\"PropertyValueSpecification\",\"valueRequired\":true,\"valueName\":\"search_term_string\"}}],\"inLanguage\":\"en-US\"},{\"@type\":\"Organization\",\"@id\":\"https:\/\/vannangvn.123websitedev.com\/#organization\",\"name\":\"Vannang.vn\",\"url\":\"https:\/\/vannangvn.123websitedev.com\/\",\"logo\":{\"@type\":\"ImageObject\",\"inLanguage\":\"en-US\",\"@id\":\"https:\/\/vannangvn.123websitedev.com\/#\/schema\/logo\/image\/\",\"url\":\"https:\/\/vannangvn.123websitedev.com\/wp-content\/uploads\/2026\/02\/logo-van-nang-02.png\",\"contentUrl\":\"https:\/\/vannangvn.123websitedev.com\/wp-content\/uploads\/2026\/02\/logo-van-nang-02.png\",\"width\":448,\"height\":111,\"caption\":\"Vannang.vn\"},\"image\":{\"@id\":\"https:\/\/vannangvn.123websitedev.com\/#\/schema\/logo\/image\/\"}}]}<\/script>\n<!-- \/ Yoast SEO Premium plugin. -->","yoast_head_json":{"title":"THI\u1ebeT B\u1eca KI\u1ec2M TRA \u0110\u1ed8 B\u1ec0N S\u01a0N B\u1eb0NG D... ch\u00ednh h\u00e3ng | V\u1ea1n N\u0103ng","description":"Mua ngay THI\u1ebeT B\u1eca KI\u1ec2M TRA \u0110\u1ed8 B\u1ec0N S\u01a0N B\u1eb0NG DUNG D\u1ecaCH MEK DJH KOREA ch\u00ednh h\u00e3ng. Gi\u00e1 t\u1ed1t!","robots":{"index":"noindex","follow":"follow","max-snippet":"max-snippet:-1","max-image-preview":"max-image-preview:large","max-video-preview":"max-video-preview:-1"},"og_locale":"en_US","og_type":"article","og_title":"THI\u1ebeT B\u1eca KI\u1ec2M TRA \u0110\u1ed8 B\u1ec0N S\u01a0N B\u1eb0NG DUNG D\u1ecaCH MEK DJH KOREA","og_description":"Mua ngay THI\u1ebeT B\u1eca KI\u1ec2M TRA \u0110\u1ed8 B\u1ec0N S\u01a0N B\u1eb0NG DUNG D\u1ecaCH MEK DJH KOREA ch\u00ednh h\u00e3ng. Gi\u00e1 t\u1ed1t!","og_url":"https:\/\/vannangvn.123websitedev.com\/en\/product\/thiet-bi-kiem-tra-do-ben-son-bang-dung-dich-mek-djh-korea\/","og_site_name":"Vannang.vn","article_modified_time":"2026-03-30T11:54:47+00:00","twitter_card":"summary_large_image","twitter_misc":{"Est. reading time":"9 minutes"},"schema":{"@context":"https:\/\/schema.org","@graph":[{"@type":"WebPage","@id":"https:\/\/vannangvn.123websitedev.com\/san-pham\/thiet-bi-kiem-tra-do-ben-son-bang-dung-dich-mek-djh-korea\/","url":"https:\/\/vannangvn.123websitedev.com\/san-pham\/thiet-bi-kiem-tra-do-ben-son-bang-dung-dich-mek-djh-korea\/","name":"THI\u1ebeT B\u1eca KI\u1ec2M TRA \u0110\u1ed8 B\u1ec0N S\u01a0N B\u1eb0NG D... ch\u00ednh h\u00e3ng | V\u1ea1n N\u0103ng","isPartOf":{"@id":"https:\/\/vannangvn.123websitedev.com\/#website"},"datePublished":"2026-03-20T12:12:24+00:00","dateModified":"2026-03-30T11:54:47+00:00","description":"Mua ngay THI\u1ebeT B\u1eca KI\u1ec2M TRA \u0110\u1ed8 B\u1ec0N S\u01a0N B\u1eb0NG DUNG D\u1ecaCH MEK DJH KOREA ch\u00ednh h\u00e3ng. Gi\u00e1 t\u1ed1t!","breadcrumb":{"@id":"https:\/\/vannangvn.123websitedev.com\/san-pham\/thiet-bi-kiem-tra-do-ben-son-bang-dung-dich-mek-djh-korea\/#breadcrumb"},"inLanguage":"en-US","potentialAction":[{"@type":"ReadAction","target":["https:\/\/vannangvn.123websitedev.com\/san-pham\/thiet-bi-kiem-tra-do-ben-son-bang-dung-dich-mek-djh-korea\/"]}]},{"@type":"BreadcrumbList","@id":"https:\/\/vannangvn.123websitedev.com\/san-pham\/thiet-bi-kiem-tra-do-ben-son-bang-dung-dich-mek-djh-korea\/#breadcrumb","itemListElement":[{"@type":"ListItem","position":1,"name":"Trang ch\u1ee7","item":"https:\/\/vannangvn.123websitedev.com\/"},{"@type":"ListItem","position":2,"name":"S\u1ea3n ph\u1ea9m","item":"https:\/\/vannangvn.123websitedev.com\/cua-hang\/"},{"@type":"ListItem","position":3,"name":"THI\u1ebeT B\u1eca KI\u1ec2M TRA \u0110\u1ed8 B\u1ec0N S\u01a0N B\u1eb0NG DUNG D\u1ecaCH MEK DJH KOREA"}]},{"@type":"WebSite","@id":"https:\/\/vannangvn.123websitedev.com\/#website","url":"https:\/\/vannangvn.123websitedev.com\/","name":"Vannang.vn","description":"","publisher":{"@id":"https:\/\/vannangvn.123websitedev.com\/#organization"},"potentialAction":[{"@type":"SearchAction","target":{"@type":"EntryPoint","urlTemplate":"https:\/\/vannangvn.123websitedev.com\/?s={search_term_string}"},"query-input":{"@type":"PropertyValueSpecification","valueRequired":true,"valueName":"search_term_string"}}],"inLanguage":"en-US"},{"@type":"Organization","@id":"https:\/\/vannangvn.123websitedev.com\/#organization","name":"Vannang.vn","url":"https:\/\/vannangvn.123websitedev.com\/","logo":{"@type":"ImageObject","inLanguage":"en-US","@id":"https:\/\/vannangvn.123websitedev.com\/#\/schema\/logo\/image\/","url":"https:\/\/vannangvn.123websitedev.com\/wp-content\/uploads\/2026\/02\/logo-van-nang-02.png","contentUrl":"https:\/\/vannangvn.123websitedev.com\/wp-content\/uploads\/2026\/02\/logo-van-nang-02.png","width":448,"height":111,"caption":"Vannang.vn"},"image":{"@id":"https:\/\/vannangvn.123websitedev.com\/#\/schema\/logo\/image\/"}}]}},"_links":{"self":[{"href":"https:\/\/vannangvn.123websitedev.com\/en\/wp-json\/wp\/v2\/product\/7924","targetHints":{"allow":["GET"]}}],"collection":[{"href":"https:\/\/vannangvn.123websitedev.com\/en\/wp-json\/wp\/v2\/product"}],"about":[{"href":"https:\/\/vannangvn.123websitedev.com\/en\/wp-json\/wp\/v2\/types\/product"}],"replies":[{"embeddable":true,"href":"https:\/\/vannangvn.123websitedev.com\/en\/wp-json\/wp\/v2\/comments?post=7924"}],"wp:attachment":[{"href":"https:\/\/vannangvn.123websitedev.com\/en\/wp-json\/wp\/v2\/media?parent=7924"}],"wp:term":[{"taxonomy":"product_brand","embeddable":true,"href":"https:\/\/vannangvn.123websitedev.com\/en\/wp-json\/wp\/v2\/product_brand?post=7924"},{"taxonomy":"product_cat","embeddable":true,"href":"https:\/\/vannangvn.123websitedev.com\/en\/wp-json\/wp\/v2\/product_cat?post=7924"},{"taxonomy":"product_tag","embeddable":true,"href":"https:\/\/vannangvn.123websitedev.com\/en\/wp-json\/wp\/v2\/product_tag?post=7924"}],"curies":[{"name":"wp","href":"https:\/\/api.w.org\/{rel}","templated":true}]}}