{"id":7936,"date":"2026-03-20T19:12:37","date_gmt":"2026-03-20T12:12:37","guid":{"rendered":"https:\/\/vannangvn.123websitedev.com\/san-pham\/thiet-bi-kiem-tra-do-lao-hoa-cofomegra-model-solarbox1500e-rh-3000e-rh\/"},"modified":"2026-03-30T18:55:07","modified_gmt":"2026-03-30T11:55:07","slug":"thiet-bi-kiem-tra-do-lao-hoa-cofomegra-model-solarbox1500e-rh-3000e-rh","status":"publish","type":"product","link":"https:\/\/vannangvn.123websitedev.com\/en\/product\/thiet-bi-kiem-tra-do-lao-hoa-cofomegra-model-solarbox1500e-rh-3000e-rh\/","title":{"rendered":"THI\u1ebeT B\u1eca KI\u1ec2M TRA \u0110\u1ed8 L\u00c3O H\u00d3A COFOMEGRA MODEL SOLARBOX1500E RH \u2013 3000E RH"},"content":{"rendered":"<h1 style=\"color: red; font-weight: bold; font-size: 24px;\">T&#7893;ng quan s&#7843;n ph&#7849;m THI&#7870;T B&#7882; KI&#7874;M TRA &#272;&#7896; L&Atilde;O H&Oacute;A COFOMEGRA MODEL SOLARBOX1500E RH &ndash; 3000E RH<p>Thi&#7871;t B&#7883; Ki&#7875;m Tra &#272;&#7897; L&atilde;o H&oacute;a (Humidity Chamber) Cofomegra Model SOLARBOX1500E RH &ndash; 3000E RH<\/p><p>SOLARBOX1500E RH &ndash; 3000E RH<br>\nSolarbox E RH l&agrave; d&ograve;ng thi&#7871;t b&#7883; ki&#7875;m tra l&atilde;o h&oacute;a nh&#7887; g&#7885;n &#273;&#7847;u ti&ecirc;n c&oacute; kh&#7843; n&#259;ng m&ocirc; ph&#7887;ng v&agrave; ki&#7875;m so&aacute;t to&agrave;n b&#7897; c&aacute;c y&#7871;u t&#7889; th&#7901;i ti&#7871;t t&#432;&#417;ng t&#7921; nh&#432; c&aacute;c thi&#7871;t b&#7883; xenon cao c&#7845;p.<\/p><h2 style=\"color: #2e7d32; font-weight: bold; font-size: 20px;\">&#272;&#7863;c &#273;i&#7875;m n&#7893;i b&#7853;t<\/h2><p>C&#7843;m bi&#7871;n UV b&#259;ng r&#7897;ng (300&ndash;400 nm) gi&uacute;p duy tr&igrave; c&#432;&#7901;ng &#273;&#7897; b&#7913;c x&#7841; &#7893;n &#273;&#7883;nh trong su&#7889;t v&ograve;ng &#273;&#7901;i c&#7911;a &#273;&egrave;n.<br>\nKi&#7875;m so&aacute;t v&agrave; gi&aacute;m s&aacute;t b&#7913;c x&#7841; UV l&ecirc;n t&#7899;i 1000 W\/m&sup2; (300&ndash;800 nm) &ndash; cao h&#417;n m&#7913;c y&ecirc;u c&#7847;u trong nhi&#7873;u ti&ecirc;u chu&#7849;n, cho ph&eacute;p th&#7921;c hi&#7879;n c&aacute;c th&#7917; nghi&#7879;m gia t&#7889;c c&#7921;c nhanh.<br>\nKi&#7875;m so&aacute;t v&agrave; gi&aacute;m s&aacute;t nhi&#7879;t &#273;&#7897; t&#7841;i v&#7883; tr&iacute; &#273;&#7863;t m&#7851;u nh&#7901; BST (Black Standard Thermometer).<br>\nKi&#7875;m so&aacute;t v&agrave; gi&aacute;m s&aacute;t &#273;&#7897; &#7849;m t&#432;&#417;ng &#273;&#7889;i v&#7899;i h&#7879; th&#7889;ng t&#7841;o &#7849;m si&ecirc;u &acirc;m, ho&#7841;t &#273;&#7897;ng &#7893;n &#273;&#7883;nh v&agrave; b&#7873;n b&#7881;.<br>\nH&#7879; th&#7889;ng ng&#7853;p m&#7851;u t&#7921; &#273;&#7897;ng, h&#7895; tr&#7907; chu tr&igrave;nh ng&acirc;m m&#7851;u l&#7863;p l&#7841;i v&#7899;i th&#7901;i gian ng&acirc;m t&ugrave;y ch&#7881;nh theo ch&#432;&#417;ng tr&igrave;nh th&#7917; nghi&#7879;m.<br>\nB&#7897; &#273;i&#7873;u khi&#7875;n vi x&#7917; l&yacute;, m&agrave;n h&igrave;nh LCD 4 d&ograve;ng, giao di&#7879;n th&acirc;n thi&#7879;n v&agrave; d&#7877; s&#7917; d&#7909;ng. H&#7895; tr&#7907; l&#7853;p tr&igrave;nh t&#7889;i &#273;a 15 ch&#432;&#417;ng tr&igrave;nh th&#7917; nghi&#7879;m v&agrave; in b&aacute;o c&aacute;o ho&agrave;n ch&#7881;nh ch&#7881; b&#7857;ng c&aacute;ch k&#7871;t n&#7889;i v&#7899;i PC v&agrave; nh&#7845;n n&uacute;t in.<\/p><p>Ph&#7893; c&ocirc;ng su&#7845;t quang c&#7911;a b&#7897; l&#7885;c Xenon<br>\nCung c&#7845;p &#273;&#7847;y &#273;&#7911; c&aacute;c lo&#7841;i k&iacute;nh l&#7885;c UV b&#7857;ng th&#7841;ch anh ho&#7863;c borosilicate, ph&ugrave; h&#7907;p v&#7899;i nhi&#7873;u &#273;i&#7873;u ki&#7879;n &aacute;nh s&aacute;ng:<\/p><p>Ngo&agrave;i tr&#7901;i (Outdoor): Ti&#7871;p x&uacute;c tr&#7921;c ti&#7871;p &aacute;nh s&aacute;ng m&#7863;t tr&#7901;i<br>\nTrong nh&agrave; (Indoor): Ti&#7871;p x&uacute;c &aacute;nh s&aacute;ng qua c&#7917;a k&iacute;nh<br>\nB&#7897; l&#7885;c Outdoor &amp; Indoor c&oacute; ph&#7911; IR: Gi&#7843;m b&#7913;c x&#7841; h&#7891;ng ngo&#7841;i l&ecirc;n m&#7851;u th&#7917;<\/p><p>&#272;&#7891; th&#7883; ki&#7875;m so&aacute;t nhi&#7879;t &#273;&#7897; \/ &#273;&#7897; &#7849;m<\/p><p>H&#7879; th&#7889;ng t&#7841;o &#7849;m si&ecirc;u &acirc;m &#273;&#432;&#7907;c &#273;i&#7873;u khi&#7875;n t&#7927; l&#7879;, gi&uacute;p &#273;&#7841;t v&agrave; duy tr&igrave; &#273;i&#7873;u ki&#7879;n &#273;&#7897; &#7849;m c&agrave;i &#273;&#7863;t.<br>\nCh&#7871; &#273;&#7897; tu&#7847;n ho&agrave;n kh&iacute; k&iacute;n: &#273;&#7841;t &#273;&#7897; &#7849;m r&#7845;t cao v&#7899;i l&#432;&#7907;ng n&#432;&#7899;c ti&ecirc;u th&#7909; th&#7845;p, BST duy tr&igrave; &#7903; m&#7913;c nhi&#7879;t trung &ndash; cao.<br>\nCh&#7871; &#273;&#7897; tu&#7847;n ho&agrave;n kh&iacute; b&aacute;n ph&#7847;n: cho ph&eacute;p BST duy tr&igrave; &#7903; m&#7913;c nhi&#7879;t th&#7845;p h&#417;n.<\/p><p>Cofomegra Solarbox E RH mang &#273;&#7871;n kh&#7843; n&#259;ng ki&#7875;m tra &#273;&#7897; l&atilde;o h&oacute;a v&agrave; &#7843;nh h&#432;&#7903;ng c&#7911;a &aacute;nh s&aacute;ng, nhi&#7879;t &#273;&#7897;, &#273;&#7897; &#7849;m m&#7897;t c&aacute;ch nhanh ch&oacute;ng, ch&iacute;nh x&aacute;c v&agrave; ti&#7871;t ki&#7879;m, ph&ugrave; h&#7907;p cho c&aacute;c ph&ograve;ng th&iacute; nghi&#7879;m c&#7847;n m&ocirc; ph&#7887;ng &#273;i&#7873;u ki&#7879;n m&ocirc;i tr&#432;&#7901;ng kh&#7855;c nghi&#7879;t &#273;&#7875; &#273;&aacute;nh gi&aacute; tu&#7893;i th&#7885; v&agrave; &#273;&#7897; b&#7873;n s&#7843;n ph&#7849;m. H&atilde;y li&ecirc;n h&#7879; v&#7899;i V&#7841;n N&#259;ng Company ngay &#273;&#7875; &#273;&#432;&#7907;c t&#432; v&#7845;n chuy&ecirc;n s&acirc;u v&agrave; nh&#7853;n c&aacute;c &#432;u &#273;&atilde;i h&#7845;p d&#7851;n nh&#7845;t th&ocirc;ng qua hotline\/zalo: <a href=\"https:\/\/zalo.me\/0903991335\" target=\"_blank\" rel=\"noopener\" style=\"color: #059669; font-weight: bold; text-decoration: none;\">0903 991 335<\/a>!<\/p><div style=\"background-color: #f8fafc; border: 1px solid #e2e8f0; border-radius: 8px; padding: 25px; max-width: 800px; margin: 30px auto; color: #334155; line-height: 1.8; font-size: 17px; box-shadow: 0 4px 6px -1px rgba(0,0,0,0.05); text-align: left; clear: both;\">\nC&ocirc;ng ty TNHH Th&#432;&#417;ng M&#7841;i D&#7883;ch V&#7909; Thi&#7871;t B&#7883; C&ocirc;ng Ngh&#7879; V&#7841;n N&#259;ng\n<p style=\"margin: 0 0 10px 0;\">&#128205; <strong style=\"color: #1e293b;\">&#272;&#7883;a ch&#7881;:<\/strong> <a style=\"color: #059669; text-decoration: none; font-weight: bold;\" href=\"https:\/\/www.google.com\/maps\/search\/C%C3%B4ng+ty+TNHH+Th%C6%B0%C6%A1ng+M%E1%BA%A1i+D%E1%BB%8Bch+V%E1%BB%A5+Thi%E1%BA%BFt+B%E1%BB%8B+C%C3%B4ng+Ngh%E1%BB%87+V%E1%BA%A1n+N%C4%83ng+818+Tr%C6%B0%E1%BB%9Dng+Chinh\" target=\"_blank\" rel=\"noopener\">818 Tr&#432;&#7901;ng Chinh, Ph&#432;&#7901;ng T&acirc;n S&#417;n, Th&agrave;nh ph&#7889; H&#7891; Ch&iacute; Minh, Vi&#7879;t Nam<\/a><\/p>\n<p style=\"margin: 0 0 10px 0;\">&#128222; <strong style=\"color: #1e293b;\">S&#272;T &ndash; Zalo:<\/strong> <a style=\"color: #059669; text-decoration: none; font-weight: bold;\" href=\"https:\/\/zalo.me\/0903991335\" target=\"_blank\" rel=\"noopener\">0903 991 335<\/a> <span style=\"color: #64748b; font-style: italic;\">(Ms. H&#7841;nh &ndash; Gi&aacute;m &#272;&#7889;c Kinh Doanh)<\/span><\/p>\n<p style=\"margin: 0;\">&#9993;&#65039; <strong style=\"color: #1e293b;\">Email:<\/strong> <a style=\"color: #059669; text-decoration: none; font-weight: bold;\" href=\"mailto:hienhanh@vannangvn.com\">hienhanh@vannangvn.com<\/a><\/p>\n<\/div><\/h1>","protected":false},"excerpt":{"rendered":"<p><strong>Th&#432;&#417;ng hi&#7879;u:<\/strong> Cofomegra<br>\n<strong>Model:<\/strong> SOLARBOX1500E RH &ndash; 3000E RH<p>Product <strong>THI&#7870;T B&#7882; KI&#7874;M TRA &#272;&#7896; L&Atilde;O H&Oacute;A COFOMEGRA MODEL SOLARBOX1500E RH &ndash; 3000E RH<\/strong> ch&iacute;nh h&atilde;ng. Cofomegra (Italy)<br>\nCofomegra SOLARBOX1500E RH &ndash; 3000E RH&nbsp;l&agrave; thi&#7871;t b&#7883; ki&#7875;m tra l&atilde;o h&oacute;a m&ocirc; ph&#7887;ng th&#7901;i ti&#7871;t v&#7899;i &#273;&egrave;n xenon, ki&#7875;m so&aacute;t b&#7913;c x&#7841; UV (300-400 nm), nhi&#7879;t &#273;&#7897; BST v&agrave; &#273;&#7897; &#7849;m t&#432;&#417;ng &#273;&#7889;i. H&#7895; tr&#7907; th&#7917; nghi&#7879;m gia t&#7889;c c&#7921;c nhanh.<\/p><\/p>","protected":false},"featured_media":8898,"comment_status":"open","ping_status":"closed","template":"","meta":[],"product_brand":[],"product_cat":[18],"product_tag":[510,768,769,2765,3428,3429,3430,97,116,122,181,208,209],"class_list":{"0":"post-7936","1":"product","2":"type-product","3":"status-publish","4":"has-post-thumbnail","6":"product_cat-chua-phan-loai","7":"product_tag-lao","8":"product_tag-thiet","9":"product_tag-bi","10":"product_tag-3000e","11":"product_tag-cofomegra","12":"product_tag-solarbox1500e","13":"product_tag-rh","14":"product_tag-97","15":"product_tag-model","16":"product_tag-hoa","17":"product_tag-do","18":"product_tag-kiem","19":"product_tag-tra","21":"first","22":"instock","23":"shipping-taxable","24":"product-type-simple"},"yoast_head":"<!-- This site is optimized with the Yoast SEO Premium plugin v24.8 (Yoast SEO v24.8) - https:\/\/yoast.com\/wordpress\/plugins\/seo\/ -->\n<title>THI\u1ebeT B\u1eca KI\u1ec2M TRA \u0110\u1ed8 L\u00c3O H\u00d3A COFOME... ch\u00ednh h\u00e3ng | V\u1ea1n N\u0103ng<\/title>\n<meta name=\"description\" content=\"Mua ngay THI\u1ebeT B\u1eca KI\u1ec2M TRA \u0110\u1ed8 L\u00c3O H\u00d3A COFOMEGRA MODEL SOLARBOX1500E RH \u2013 3000E RH ch\u00ednh h\u00e3ng. Cofomegra SOLARBOX1500E RH \u2013 3000E R... Gi\u00e1 t\u1ed1t!\" \/>\n<meta name=\"robots\" content=\"noindex, follow, max-snippet:-1, max-image-preview:large, max-video-preview:-1\" \/>\n<meta property=\"og:locale\" content=\"en_US\" \/>\n<meta property=\"og:type\" content=\"article\" \/>\n<meta property=\"og:title\" content=\"THI\u1ebeT B\u1eca KI\u1ec2M TRA \u0110\u1ed8 L\u00c3O H\u00d3A COFOMEGRA MODEL SOLARBOX1500E RH \u2013 3000E RH\" \/>\n<meta property=\"og:description\" content=\"Mua ngay THI\u1ebeT B\u1eca KI\u1ec2M TRA \u0110\u1ed8 L\u00c3O H\u00d3A COFOMEGRA MODEL SOLARBOX1500E RH \u2013 3000E RH ch\u00ednh h\u00e3ng. Cofomegra SOLARBOX1500E RH \u2013 3000E R... Gi\u00e1 t\u1ed1t!\" \/>\n<meta property=\"og:url\" content=\"https:\/\/vannangvn.123websitedev.com\/en\/product\/thiet-bi-kiem-tra-do-lao-hoa-cofomegra-model-solarbox1500e-rh-3000e-rh\/\" \/>\n<meta property=\"og:site_name\" content=\"Vannang.vn\" \/>\n<meta property=\"article:modified_time\" content=\"2026-03-30T11:55:07+00:00\" \/>\n<meta property=\"og:image\" content=\"http:\/\/vannangvn.123websitedev.com\/wp-content\/uploads\/2026\/03\/Thiet-Bi-Kiem-Tra-Do-Lao-Hoa-Humidity-Chamber-Cofomegra-Model-SOLARBOX1500E-RH-3000E-RH-768x576-copy.jpg\" \/>\n\t<meta property=\"og:image:width\" content=\"768\" \/>\n\t<meta property=\"og:image:height\" content=\"576\" \/>\n\t<meta property=\"og:image:type\" content=\"image\/jpeg\" \/>\n<meta name=\"twitter:card\" content=\"summary_large_image\" \/>\n<meta name=\"twitter:label1\" content=\"Est. reading time\" \/>\n\t<meta name=\"twitter:data1\" content=\"4 minutes\" \/>\n<script type=\"application\/ld+json\" class=\"yoast-schema-graph\">{\"@context\":\"https:\/\/schema.org\",\"@graph\":[{\"@type\":\"WebPage\",\"@id\":\"https:\/\/vannangvn.123websitedev.com\/san-pham\/thiet-bi-kiem-tra-do-lao-hoa-cofomegra-model-solarbox1500e-rh-3000e-rh\/\",\"url\":\"https:\/\/vannangvn.123websitedev.com\/san-pham\/thiet-bi-kiem-tra-do-lao-hoa-cofomegra-model-solarbox1500e-rh-3000e-rh\/\",\"name\":\"THI\u1ebeT B\u1eca KI\u1ec2M TRA \u0110\u1ed8 L\u00c3O H\u00d3A COFOME... ch\u00ednh h\u00e3ng | V\u1ea1n N\u0103ng\",\"isPartOf\":{\"@id\":\"https:\/\/vannangvn.123websitedev.com\/#website\"},\"primaryImageOfPage\":{\"@id\":\"https:\/\/vannangvn.123websitedev.com\/san-pham\/thiet-bi-kiem-tra-do-lao-hoa-cofomegra-model-solarbox1500e-rh-3000e-rh\/#primaryimage\"},\"image\":{\"@id\":\"https:\/\/vannangvn.123websitedev.com\/san-pham\/thiet-bi-kiem-tra-do-lao-hoa-cofomegra-model-solarbox1500e-rh-3000e-rh\/#primaryimage\"},\"thumbnailUrl\":\"https:\/\/vannangvn.123websitedev.com\/wp-content\/uploads\/2026\/03\/Thiet-Bi-Kiem-Tra-Do-Lao-Hoa-Humidity-Chamber-Cofomegra-Model-SOLARBOX1500E-RH-3000E-RH-768x576-copy.jpg\",\"datePublished\":\"2026-03-20T12:12:37+00:00\",\"dateModified\":\"2026-03-30T11:55:07+00:00\",\"description\":\"Mua ngay THI\u1ebeT B\u1eca KI\u1ec2M TRA \u0110\u1ed8 L\u00c3O H\u00d3A COFOMEGRA MODEL SOLARBOX1500E RH \u2013 3000E RH ch\u00ednh h\u00e3ng. Cofomegra SOLARBOX1500E RH \u2013 3000E R... Gi\u00e1 t\u1ed1t!\",\"breadcrumb\":{\"@id\":\"https:\/\/vannangvn.123websitedev.com\/san-pham\/thiet-bi-kiem-tra-do-lao-hoa-cofomegra-model-solarbox1500e-rh-3000e-rh\/#breadcrumb\"},\"inLanguage\":\"en-US\",\"potentialAction\":[{\"@type\":\"ReadAction\",\"target\":[\"https:\/\/vannangvn.123websitedev.com\/san-pham\/thiet-bi-kiem-tra-do-lao-hoa-cofomegra-model-solarbox1500e-rh-3000e-rh\/\"]}]},{\"@type\":\"ImageObject\",\"inLanguage\":\"en-US\",\"@id\":\"https:\/\/vannangvn.123websitedev.com\/san-pham\/thiet-bi-kiem-tra-do-lao-hoa-cofomegra-model-solarbox1500e-rh-3000e-rh\/#primaryimage\",\"url\":\"https:\/\/vannangvn.123websitedev.com\/wp-content\/uploads\/2026\/03\/Thiet-Bi-Kiem-Tra-Do-Lao-Hoa-Humidity-Chamber-Cofomegra-Model-SOLARBOX1500E-RH-3000E-RH-768x576-copy.jpg\",\"contentUrl\":\"https:\/\/vannangvn.123websitedev.com\/wp-content\/uploads\/2026\/03\/Thiet-Bi-Kiem-Tra-Do-Lao-Hoa-Humidity-Chamber-Cofomegra-Model-SOLARBOX1500E-RH-3000E-RH-768x576-copy.jpg\",\"width\":768,\"height\":576},{\"@type\":\"BreadcrumbList\",\"@id\":\"https:\/\/vannangvn.123websitedev.com\/san-pham\/thiet-bi-kiem-tra-do-lao-hoa-cofomegra-model-solarbox1500e-rh-3000e-rh\/#breadcrumb\",\"itemListElement\":[{\"@type\":\"ListItem\",\"position\":1,\"name\":\"Trang ch\u1ee7\",\"item\":\"https:\/\/vannangvn.123websitedev.com\/\"},{\"@type\":\"ListItem\",\"position\":2,\"name\":\"S\u1ea3n ph\u1ea9m\",\"item\":\"https:\/\/vannangvn.123websitedev.com\/cua-hang\/\"},{\"@type\":\"ListItem\",\"position\":3,\"name\":\"THI\u1ebeT B\u1eca KI\u1ec2M TRA \u0110\u1ed8 L\u00c3O H\u00d3A COFOMEGRA MODEL SOLARBOX1500E RH \u2013 3000E RH\"}]},{\"@type\":\"WebSite\",\"@id\":\"https:\/\/vannangvn.123websitedev.com\/#website\",\"url\":\"https:\/\/vannangvn.123websitedev.com\/\",\"name\":\"Vannang.vn\",\"description\":\"\",\"publisher\":{\"@id\":\"https:\/\/vannangvn.123websitedev.com\/#organization\"},\"potentialAction\":[{\"@type\":\"SearchAction\",\"target\":{\"@type\":\"EntryPoint\",\"urlTemplate\":\"https:\/\/vannangvn.123websitedev.com\/?s={search_term_string}\"},\"query-input\":{\"@type\":\"PropertyValueSpecification\",\"valueRequired\":true,\"valueName\":\"search_term_string\"}}],\"inLanguage\":\"en-US\"},{\"@type\":\"Organization\",\"@id\":\"https:\/\/vannangvn.123websitedev.com\/#organization\",\"name\":\"Vannang.vn\",\"url\":\"https:\/\/vannangvn.123websitedev.com\/\",\"logo\":{\"@type\":\"ImageObject\",\"inLanguage\":\"en-US\",\"@id\":\"https:\/\/vannangvn.123websitedev.com\/#\/schema\/logo\/image\/\",\"url\":\"https:\/\/vannangvn.123websitedev.com\/wp-content\/uploads\/2026\/02\/logo-van-nang-02.png\",\"contentUrl\":\"https:\/\/vannangvn.123websitedev.com\/wp-content\/uploads\/2026\/02\/logo-van-nang-02.png\",\"width\":448,\"height\":111,\"caption\":\"Vannang.vn\"},\"image\":{\"@id\":\"https:\/\/vannangvn.123websitedev.com\/#\/schema\/logo\/image\/\"}}]}<\/script>\n<!-- \/ Yoast SEO Premium plugin. -->","yoast_head_json":{"title":"THI\u1ebeT B\u1eca KI\u1ec2M TRA \u0110\u1ed8 L\u00c3O H\u00d3A COFOME... ch\u00ednh h\u00e3ng | V\u1ea1n N\u0103ng","description":"Mua ngay THI\u1ebeT B\u1eca KI\u1ec2M TRA \u0110\u1ed8 L\u00c3O H\u00d3A COFOMEGRA MODEL SOLARBOX1500E RH \u2013 3000E RH ch\u00ednh h\u00e3ng. Cofomegra SOLARBOX1500E RH \u2013 3000E R... Gi\u00e1 t\u1ed1t!","robots":{"index":"noindex","follow":"follow","max-snippet":"max-snippet:-1","max-image-preview":"max-image-preview:large","max-video-preview":"max-video-preview:-1"},"og_locale":"en_US","og_type":"article","og_title":"THI\u1ebeT B\u1eca KI\u1ec2M TRA \u0110\u1ed8 L\u00c3O H\u00d3A COFOMEGRA MODEL SOLARBOX1500E RH \u2013 3000E RH","og_description":"Mua ngay THI\u1ebeT B\u1eca KI\u1ec2M TRA \u0110\u1ed8 L\u00c3O H\u00d3A COFOMEGRA MODEL SOLARBOX1500E RH \u2013 3000E RH ch\u00ednh h\u00e3ng. Cofomegra SOLARBOX1500E RH \u2013 3000E R... Gi\u00e1 t\u1ed1t!","og_url":"https:\/\/vannangvn.123websitedev.com\/en\/product\/thiet-bi-kiem-tra-do-lao-hoa-cofomegra-model-solarbox1500e-rh-3000e-rh\/","og_site_name":"Vannang.vn","article_modified_time":"2026-03-30T11:55:07+00:00","og_image":[{"width":768,"height":576,"url":"http:\/\/vannangvn.123websitedev.com\/wp-content\/uploads\/2026\/03\/Thiet-Bi-Kiem-Tra-Do-Lao-Hoa-Humidity-Chamber-Cofomegra-Model-SOLARBOX1500E-RH-3000E-RH-768x576-copy.jpg","type":"image\/jpeg"}],"twitter_card":"summary_large_image","twitter_misc":{"Est. reading time":"4 minutes"},"schema":{"@context":"https:\/\/schema.org","@graph":[{"@type":"WebPage","@id":"https:\/\/vannangvn.123websitedev.com\/san-pham\/thiet-bi-kiem-tra-do-lao-hoa-cofomegra-model-solarbox1500e-rh-3000e-rh\/","url":"https:\/\/vannangvn.123websitedev.com\/san-pham\/thiet-bi-kiem-tra-do-lao-hoa-cofomegra-model-solarbox1500e-rh-3000e-rh\/","name":"THI\u1ebeT B\u1eca KI\u1ec2M TRA \u0110\u1ed8 L\u00c3O H\u00d3A COFOME... ch\u00ednh h\u00e3ng | V\u1ea1n N\u0103ng","isPartOf":{"@id":"https:\/\/vannangvn.123websitedev.com\/#website"},"primaryImageOfPage":{"@id":"https:\/\/vannangvn.123websitedev.com\/san-pham\/thiet-bi-kiem-tra-do-lao-hoa-cofomegra-model-solarbox1500e-rh-3000e-rh\/#primaryimage"},"image":{"@id":"https:\/\/vannangvn.123websitedev.com\/san-pham\/thiet-bi-kiem-tra-do-lao-hoa-cofomegra-model-solarbox1500e-rh-3000e-rh\/#primaryimage"},"thumbnailUrl":"https:\/\/vannangvn.123websitedev.com\/wp-content\/uploads\/2026\/03\/Thiet-Bi-Kiem-Tra-Do-Lao-Hoa-Humidity-Chamber-Cofomegra-Model-SOLARBOX1500E-RH-3000E-RH-768x576-copy.jpg","datePublished":"2026-03-20T12:12:37+00:00","dateModified":"2026-03-30T11:55:07+00:00","description":"Mua ngay THI\u1ebeT B\u1eca KI\u1ec2M TRA \u0110\u1ed8 L\u00c3O H\u00d3A COFOMEGRA MODEL SOLARBOX1500E RH \u2013 3000E RH ch\u00ednh h\u00e3ng. Cofomegra SOLARBOX1500E RH \u2013 3000E R... Gi\u00e1 t\u1ed1t!","breadcrumb":{"@id":"https:\/\/vannangvn.123websitedev.com\/san-pham\/thiet-bi-kiem-tra-do-lao-hoa-cofomegra-model-solarbox1500e-rh-3000e-rh\/#breadcrumb"},"inLanguage":"en-US","potentialAction":[{"@type":"ReadAction","target":["https:\/\/vannangvn.123websitedev.com\/san-pham\/thiet-bi-kiem-tra-do-lao-hoa-cofomegra-model-solarbox1500e-rh-3000e-rh\/"]}]},{"@type":"ImageObject","inLanguage":"en-US","@id":"https:\/\/vannangvn.123websitedev.com\/san-pham\/thiet-bi-kiem-tra-do-lao-hoa-cofomegra-model-solarbox1500e-rh-3000e-rh\/#primaryimage","url":"https:\/\/vannangvn.123websitedev.com\/wp-content\/uploads\/2026\/03\/Thiet-Bi-Kiem-Tra-Do-Lao-Hoa-Humidity-Chamber-Cofomegra-Model-SOLARBOX1500E-RH-3000E-RH-768x576-copy.jpg","contentUrl":"https:\/\/vannangvn.123websitedev.com\/wp-content\/uploads\/2026\/03\/Thiet-Bi-Kiem-Tra-Do-Lao-Hoa-Humidity-Chamber-Cofomegra-Model-SOLARBOX1500E-RH-3000E-RH-768x576-copy.jpg","width":768,"height":576},{"@type":"BreadcrumbList","@id":"https:\/\/vannangvn.123websitedev.com\/san-pham\/thiet-bi-kiem-tra-do-lao-hoa-cofomegra-model-solarbox1500e-rh-3000e-rh\/#breadcrumb","itemListElement":[{"@type":"ListItem","position":1,"name":"Trang ch\u1ee7","item":"https:\/\/vannangvn.123websitedev.com\/"},{"@type":"ListItem","position":2,"name":"S\u1ea3n ph\u1ea9m","item":"https:\/\/vannangvn.123websitedev.com\/cua-hang\/"},{"@type":"ListItem","position":3,"name":"THI\u1ebeT B\u1eca KI\u1ec2M TRA \u0110\u1ed8 L\u00c3O H\u00d3A COFOMEGRA MODEL SOLARBOX1500E RH \u2013 3000E RH"}]},{"@type":"WebSite","@id":"https:\/\/vannangvn.123websitedev.com\/#website","url":"https:\/\/vannangvn.123websitedev.com\/","name":"Vannang.vn","description":"","publisher":{"@id":"https:\/\/vannangvn.123websitedev.com\/#organization"},"potentialAction":[{"@type":"SearchAction","target":{"@type":"EntryPoint","urlTemplate":"https:\/\/vannangvn.123websitedev.com\/?s={search_term_string}"},"query-input":{"@type":"PropertyValueSpecification","valueRequired":true,"valueName":"search_term_string"}}],"inLanguage":"en-US"},{"@type":"Organization","@id":"https:\/\/vannangvn.123websitedev.com\/#organization","name":"Vannang.vn","url":"https:\/\/vannangvn.123websitedev.com\/","logo":{"@type":"ImageObject","inLanguage":"en-US","@id":"https:\/\/vannangvn.123websitedev.com\/#\/schema\/logo\/image\/","url":"https:\/\/vannangvn.123websitedev.com\/wp-content\/uploads\/2026\/02\/logo-van-nang-02.png","contentUrl":"https:\/\/vannangvn.123websitedev.com\/wp-content\/uploads\/2026\/02\/logo-van-nang-02.png","width":448,"height":111,"caption":"Vannang.vn"},"image":{"@id":"https:\/\/vannangvn.123websitedev.com\/#\/schema\/logo\/image\/"}}]}},"_links":{"self":[{"href":"https:\/\/vannangvn.123websitedev.com\/en\/wp-json\/wp\/v2\/product\/7936","targetHints":{"allow":["GET"]}}],"collection":[{"href":"https:\/\/vannangvn.123websitedev.com\/en\/wp-json\/wp\/v2\/product"}],"about":[{"href":"https:\/\/vannangvn.123websitedev.com\/en\/wp-json\/wp\/v2\/types\/product"}],"replies":[{"embeddable":true,"href":"https:\/\/vannangvn.123websitedev.com\/en\/wp-json\/wp\/v2\/comments?post=7936"}],"wp:featuredmedia":[{"embeddable":true,"href":"https:\/\/vannangvn.123websitedev.com\/en\/wp-json\/wp\/v2\/media\/8898"}],"wp:attachment":[{"href":"https:\/\/vannangvn.123websitedev.com\/en\/wp-json\/wp\/v2\/media?parent=7936"}],"wp:term":[{"taxonomy":"product_brand","embeddable":true,"href":"https:\/\/vannangvn.123websitedev.com\/en\/wp-json\/wp\/v2\/product_brand?post=7936"},{"taxonomy":"product_cat","embeddable":true,"href":"https:\/\/vannangvn.123websitedev.com\/en\/wp-json\/wp\/v2\/product_cat?post=7936"},{"taxonomy":"product_tag","embeddable":true,"href":"https:\/\/vannangvn.123websitedev.com\/en\/wp-json\/wp\/v2\/product_tag?post=7936"}],"curies":[{"name":"wp","href":"https:\/\/api.w.org\/{rel}","templated":true}]}}