{"id":7937,"date":"2026-03-20T19:12:43","date_gmt":"2026-03-20T12:12:43","guid":{"rendered":"https:\/\/vannangvn.123websitedev.com\/san-pham\/thiet-bi-kiem-tra-do-lao-hoa-cua-son-model-uv-spray-pro\/"},"modified":"2026-03-30T18:55:08","modified_gmt":"2026-03-30T11:55:08","slug":"thiet-bi-kiem-tra-do-lao-hoa-cua-son-model-uv-spray-pro","status":"publish","type":"product","link":"https:\/\/vannangvn.123websitedev.com\/en\/product\/thiet-bi-kiem-tra-do-lao-hoa-cua-son-model-uv-spray-pro\/","title":{"rendered":"THI\u1ebeT B\u1eca KI\u1ec2M TRA \u0110\u1ed8 L\u00c3O H\u00d3A C\u1ee6A S\u01a0N MODEL UV SPRAY PRO"},"content":{"rendered":"<h1 style=\"color: red; font-weight: bold; font-size: 24px;\">T&#7893;ng quan s&#7843;n ph&#7849;m THI&#7870;T B&#7882; KI&#7874;M TRA &#272;&#7896; L&Atilde;O H&Oacute;A C&#7910;A S&#416;N MODEL UV SPRAY PRO<p>Thi&#7871;t B&#7883; Ki&#7875;m Tra &#272;&#7897; L&atilde;o H&oacute;a C&#7911;a S&#417;n (UV Aging Test Chamber) Model UV SPRAY PRO<br>\nM&aacute;y Ki&#7875;m Tra &#272;&#7897; L&atilde;o H&oacute;a C&#7911;a S&#417;n UV SPRAY PRO s&#7917; d&#7909;ng &#273;&egrave;n UV hu&#7923;nh quang &#273;&#7875; m&ocirc; ph&#7887;ng ph&#7893; UV c&#7911;a &aacute;nh n&#7855;ng m&#7863;t tr&#7901;i, &#273;&#7891;ng th&#7901;i k&#7871;t h&#7907;p v&#7899;i h&#7879; th&#7889;ng &#273;i&#7873;u khi&#7875;n nhi&#7879;t &#273;&#7897; v&agrave; &#273;&#7897; &#7849;m &#273;&#7875; t&#7841;o ra m&ocirc;i tr&#432;&#7901;ng th&#7917; nghi&#7879;m kh&#7855;c nghi&#7879;t. Thi&#7871;t b&#7883; gi&uacute;p &#273;&aacute;nh gi&aacute; c&aacute;c hi&#7879;n t&#432;&#7907;ng nh&#432;:<\/p><p>Thay &#273;&#7893;i m&agrave;u s&#7855;c<br>\nSuy gi&#7843;m &#273;&#7897; b&oacute;ng<br>\nN&#7913;t n&#7867;, bong tr&oacute;c, oxy h&oacute;a<br>\nBi&#7871;n &#273;&#7893;i c&#417; l&yacute; t&iacute;nh c&#7911;a v&#7853;t li&#7879;u<\/p><p>V&#7899;i kh&#7843; n&#259;ng t&#7841;o ra chu k&#7923; phun n&#432;&#7899;c v&agrave; ng&#432;ng t&#7909; h&#417;i &#7849;m, UV SPRAY PRO kh&ocirc;ng ch&#7881; m&ocirc; ph&#7887;ng &#273;&#432;&#7907;c t&aacute;c &#273;&#7897;ng c&#7911;a tia UV m&agrave; c&ograve;n gi&uacute;p ki&#7875;m tra s&#7921; &#7843;nh h&#432;&#7903;ng c&#7911;a &#273;&#7897; &#7849;m v&agrave; s&#7921; b&agrave;o m&ograve;n theo th&#7901;i gian. H&atilde;y c&ugrave;ng V&#7841;n N&#259;ng t&igrave;m hi&#7875;u chi ti&#7871;t h&#417;n v&#7873; s&#7843;n ph&#7849;m th&ocirc;ng qua b&agrave;i vi&#7871;t d&#432;&#7899;i &#273;&acirc;y nh&eacute;!<\/p><p>Xem th&ecirc;m: M&aacute;y &#272;o &#272;&#7897; Ph&acirc;n C&#7921;c (Modular Polarimeter) Anton Paar Model MCP 5100<\/p><h2 style=\"color: #2e7d32; font-weight: bold; font-size: 20px;\">&#272;&#7863;c Tr&#432;ng N&#7893;i B&#7853;t C&#7911;a Model UV SPRAY PRO<\/h2><p>H&#7879; th&#7889;ng chi&#7871;u x&#7841; UV ti&ecirc;n ti&#7871;n<br>\nBu&#7891;ng Ki&#7875;m Tra L&atilde;o H&oacute;a S&#417;n UV SPRAY PRO s&#7917; d&#7909;ng &#273;&egrave;n UV hu&#7923;nh quang c&oacute; &#273;&#7897; ch&iacute;nh x&aacute;c cao, c&oacute; th&#7875; &#273;i&#7873;u ch&#7881;nh c&#432;&#7901;ng &#273;&#7897; chi&#7871;u x&#7841; t&#7915; 0 ~ 1,2W\/m&sup2;t&#7841;i b&#432;&#7899;c s&oacute;ng 340nm ho&#7863;c t&#7915; 0 ~ 1,0W\/m&sup2; t&#7841;i b&#432;&#7899;c s&oacute;ng 313nm.<br>\n&#7888;ng &#273;&egrave;n UV-B v&agrave; UV-A t&ugrave;y ch&#7885;n<\/p><p>UV-A (340nm): M&ocirc; ph&#7887;ng tia UV ngo&agrave;i tr&#7901;i.<br>\nUV-B (313nm): T&#259;ng t&#7889;c qu&aacute; tr&igrave;nh l&atilde;o h&oacute;a b&#7857;ng b&#7913;c x&#7841; m&#7841;nh h&#417;n.<\/p><p>Kho&#7843;ng c&aacute;ch t&#7889;i &#432;u<\/p><p>Kho&#7843;ng c&aacute;ch gi&#7919;a &#7889;ng &#273;&egrave;n v&agrave; b&#7873; m&#7863;t m&#7851;u: 50&plusmn;3mm<br>\nKho&#7843;ng c&aacute;ch trung t&acirc;m gi&#7919;a c&aacute;c &#7889;ng &#273;&egrave;n: 70mm&plusmn;2mm<\/p><p>H&#7879; th&#7889;ng phun n&#432;&#7899;c v&agrave; &#273;&#7897; &#7849;m linh ho&#7841;t<br>\nM&aacute;y Th&#7917; Nghi&#7879;m Phai M&agrave;u UV SPRAY PRO &#273;&#432;&#7907;c trang b&#7883; h&#7879; th&#7889;ng v&ograve;i phun n&#432;&#7899;c g&#7891;m 8 chi&#7871;c (4 v&ograve;i tr&#432;&#7899;c, 4 v&ograve;i sau) v&#7899;i &aacute;p su&#7845;t c&oacute; th&#7875; &#273;i&#7873;u ch&#7881;nh t&#7915; 70 &ndash; 200 Kpa. &#272;i&#7873;u n&agrave;y gi&uacute;p m&ocirc; ph&#7887;ng ch&iacute;nh x&aacute;c t&aacute;c &#273;&#7897;ng c&#7911;a n&#432;&#7899;c m&#432;a l&ecirc;n m&#7851;u th&#7917;.<br>\nNgo&agrave;i ra, h&#7879; th&#7889;ng ki&#7875;m so&aacute;t &#273;&#7897; &#7849;m v&agrave; ng&#432;ng t&#7909; gi&uacute;p m&ocirc; ph&#7887;ng c&aacute;c &#273;i&#7873;u ki&#7879;n m&ocirc;i tr&#432;&#7901;ng th&#7921;c t&#7871; nh&#432;:<\/p><p>Nhi&#7879;t &#273;&#7897; chi&#7871;u x&#7841;: 50 ~ 70&deg;C<br>\nNhi&#7879;t &#273;&#7897; ng&#432;ng t&#7909;: RT ~ 60&deg;C<br>\n&#272;&#7897; &#7849;m chu k&#7923; ng&#432;ng t&#7909;: &ge;85% RH<br>\n&#272;&#7897; &#7849;m chu k&#7923; chi&#7871;u x&#7841;: \nC&ocirc;ng ty TNHH Th&#432;&#417;ng M&#7841;i D&#7883;ch V&#7909; Thi&#7871;t B&#7883; C&ocirc;ng Ngh&#7879; V&#7841;n N&#259;ng<\/p><p style=\"margin: 0 0 10px 0;\">&#128205; <strong style=\"color: #1e293b;\">&#272;&#7883;a ch&#7881;:<\/strong> <a style=\"color: #059669; text-decoration: none; font-weight: bold;\" href=\"https:\/\/www.google.com\/maps\/search\/C%C3%B4ng+ty+TNHH+Th%C6%B0%C6%A1ng+M%E1%BA%A1i+D%E1%BB%8Bch+V%E1%BB%A5+Thi%E1%BA%BFt+B%E1%BB%8B+C%C3%B4ng+Ngh%E1%BB%87+V%E1%BA%A1n+N%C4%83ng+818+Tr%C6%B0%E1%BB%9Dng+Chinh\" target=\"_blank\" rel=\"noopener\">818 Tr&#432;&#7901;ng Chinh, Ph&#432;&#7901;ng T&acirc;n S&#417;n, Th&agrave;nh ph&#7889; H&#7891; Ch&iacute; Minh, Vi&#7879;t Nam<\/a><\/p><p style=\"margin: 0 0 10px 0;\">&#128222; <strong style=\"color: #1e293b;\">S&#272;T &ndash; Zalo:<\/strong> <a style=\"color: #059669; text-decoration: none; font-weight: bold;\" href=\"https:\/\/zalo.me\/0903991335\" target=\"_blank\" rel=\"noopener\">0903 991 335<\/a> <span style=\"color: #64748b; font-style: italic;\">(Ms. H&#7841;nh &ndash; Gi&aacute;m &#272;&#7889;c Kinh Doanh)<\/span><\/p><p style=\"margin: 0;\">&#9993;&#65039; <strong style=\"color: #1e293b;\">Email:<\/strong> <a style=\"color: #059669; text-decoration: none; font-weight: bold;\" href=\"mailto:hienhanh@vannangvn.com\">hienhanh@vannangvn.com<\/a><\/p><\/h1>","protected":false},"excerpt":{"rendered":"<p><strong>Th&#432;&#417;ng hi&#7879;u:<\/strong> M&aacute;y Ki&#7875;m Tra &#272;&#7897; L&atilde;o H&oacute;a C&#7911;a S&#417;n UV SPRAY PRO s&#7917; d&#7909;ng &#273;&egrave;n UV hu&#7923;nh quang &#273;&#7875; m&ocirc; ph&#7887;ng ph&#7893; UV c&#7911;a &aacute;nh n&#7855;ng m&#7863;t tr&#7901;i, &#273;&#7891;ng th&#7901;i k&#7871;t h&#7907;p v&#7899;i h&#7879; th&#7889;ng &#273;i&#7873;u khi&#7875;n nhi&#7879;t &#273;&#7897; v&agrave; &#273;&#7897; &#7849;m &#273;&#7875; t&#7841;o ra m&ocirc;i tr&#432;&#7901;ng th&#7917; nghi&#7879;m kh&#7855;c nghi&#7879;t. Thi&#7871;t b&#7883; gi&uacute;p &#273;&aacute;nh gi&aacute; c&aacute;c hi&#7879;n t&#432;&#7907;ng nh&#432;:<br>\n<strong>Model:<\/strong> UV SPRAY PRO<p>Product <strong>THI&#7870;T B&#7882; KI&#7874;M TRA &#272;&#7896; L&Atilde;O H&Oacute;A C&#7910;A S&#416;N MODEL UV SPRAY PRO<\/strong> ch&iacute;nh h&atilde;ng. M&aacute;y Ki&#7875;m Tra &#272;&#7897; L&atilde;o H&oacute;a C&#7911;a S&#417;n UV SPRAY PRO s&#7917; d&#7909;ng &#273;&egrave;n UV hu&#7923;nh quang &#273;&#7875; m&ocirc; ph&#7887;ng ph&#7893; UV c&#7911;a &aacute;nh n&#7855;ng m&#7863;t tr&#7901;i, &#273;&#7891;ng th&#7901;i k&#7871;t h&#7907;p v&#7899;i h&#7879; th&#7889;ng &#273;i&#7873;u khi&#7875;n nhi&#7879;t &#273;&#7897; v&agrave; &#273;&#7897; &#7849;m &#273;&#7875; t&#7841;o ra m&ocirc;i tr&#432;&#7901;ng th&#7917; nghi&#7879;m kh&#7855;c nghi&#7879;t. Thi&#7871;t b&#7883; gi&uacute;p &#273;&aacute;nh gi&aacute; c&aacute;c hi&#7879;n t&#432;&#7907;ng nh&#432;:<\/p><\/p>","protected":false},"featured_media":8897,"comment_status":"open","ping_status":"closed","template":"","meta":[],"product_brand":[],"product_cat":[18],"product_tag":[209,217,224,269,510,661,768,769,3431,116,122,181,208],"class_list":{"0":"post-7937","1":"product","2":"type-product","3":"status-publish","4":"has-post-thumbnail","6":"product_cat-chua-phan-loai","7":"product_tag-tra","8":"product_tag-son","9":"product_tag-cua","10":"product_tag-uv","11":"product_tag-lao","12":"product_tag-pro","13":"product_tag-thiet","14":"product_tag-bi","15":"product_tag-spray","16":"product_tag-model","17":"product_tag-hoa","18":"product_tag-do","19":"product_tag-kiem","21":"first","22":"instock","23":"shipping-taxable","24":"product-type-simple"},"yoast_head":"<!-- This site is optimized with the Yoast SEO Premium plugin v24.8 (Yoast SEO v24.8) - https:\/\/yoast.com\/wordpress\/plugins\/seo\/ -->\n<title>THI\u1ebeT B\u1eca KI\u1ec2M TRA \u0110\u1ed8 L\u00c3O H\u00d3A C\u1ee6A S\u01a0... ch\u00ednh h\u00e3ng | V\u1ea1n N\u0103ng<\/title>\n<meta name=\"description\" content=\"Mua ngay THI\u1ebeT B\u1eca KI\u1ec2M TRA \u0110\u1ed8 L\u00c3O H\u00d3A C\u1ee6A S\u01a0N MODEL UV SPRAY PRO ch\u00ednh h\u00e3ng. Gi\u00e1 t\u1ed1t!\" \/>\n<meta name=\"robots\" content=\"noindex, follow, max-snippet:-1, max-image-preview:large, max-video-preview:-1\" \/>\n<meta property=\"og:locale\" content=\"en_US\" \/>\n<meta property=\"og:type\" content=\"article\" \/>\n<meta property=\"og:title\" content=\"THI\u1ebeT B\u1eca KI\u1ec2M TRA \u0110\u1ed8 L\u00c3O H\u00d3A C\u1ee6A S\u01a0N MODEL UV SPRAY PRO\" \/>\n<meta property=\"og:description\" content=\"Mua ngay THI\u1ebeT B\u1eca KI\u1ec2M TRA \u0110\u1ed8 L\u00c3O H\u00d3A C\u1ee6A S\u01a0N MODEL UV SPRAY PRO ch\u00ednh h\u00e3ng. Gi\u00e1 t\u1ed1t!\" \/>\n<meta property=\"og:url\" content=\"https:\/\/vannangvn.123websitedev.com\/en\/product\/thiet-bi-kiem-tra-do-lao-hoa-cua-son-model-uv-spray-pro\/\" \/>\n<meta property=\"og:site_name\" content=\"Vannang.vn\" \/>\n<meta property=\"article:modified_time\" content=\"2026-03-30T11:55:08+00:00\" \/>\n<meta property=\"og:image\" content=\"http:\/\/vannangvn.123websitedev.com\/wp-content\/uploads\/2026\/03\/Thiet-Bi-Kiem-Tra-Do-Lao-Hoa-Cua-Son-Model-QUV-SPRAY-PRO-no.9-copy.jpg\" \/>\n\t<meta property=\"og:image:width\" content=\"768\" \/>\n\t<meta property=\"og:image:height\" content=\"576\" \/>\n\t<meta property=\"og:image:type\" content=\"image\/jpeg\" \/>\n<meta name=\"twitter:card\" content=\"summary_large_image\" \/>\n<meta name=\"twitter:label1\" content=\"Est. reading time\" \/>\n\t<meta name=\"twitter:data1\" content=\"3 minutes\" \/>\n<script type=\"application\/ld+json\" class=\"yoast-schema-graph\">{\"@context\":\"https:\/\/schema.org\",\"@graph\":[{\"@type\":\"WebPage\",\"@id\":\"https:\/\/vannangvn.123websitedev.com\/san-pham\/thiet-bi-kiem-tra-do-lao-hoa-cua-son-model-uv-spray-pro\/\",\"url\":\"https:\/\/vannangvn.123websitedev.com\/san-pham\/thiet-bi-kiem-tra-do-lao-hoa-cua-son-model-uv-spray-pro\/\",\"name\":\"THI\u1ebeT B\u1eca KI\u1ec2M TRA \u0110\u1ed8 L\u00c3O H\u00d3A C\u1ee6A S\u01a0... ch\u00ednh h\u00e3ng | V\u1ea1n N\u0103ng\",\"isPartOf\":{\"@id\":\"https:\/\/vannangvn.123websitedev.com\/#website\"},\"primaryImageOfPage\":{\"@id\":\"https:\/\/vannangvn.123websitedev.com\/san-pham\/thiet-bi-kiem-tra-do-lao-hoa-cua-son-model-uv-spray-pro\/#primaryimage\"},\"image\":{\"@id\":\"https:\/\/vannangvn.123websitedev.com\/san-pham\/thiet-bi-kiem-tra-do-lao-hoa-cua-son-model-uv-spray-pro\/#primaryimage\"},\"thumbnailUrl\":\"https:\/\/vannangvn.123websitedev.com\/wp-content\/uploads\/2026\/03\/Thiet-Bi-Kiem-Tra-Do-Lao-Hoa-Cua-Son-Model-QUV-SPRAY-PRO-no.9-copy.jpg\",\"datePublished\":\"2026-03-20T12:12:43+00:00\",\"dateModified\":\"2026-03-30T11:55:08+00:00\",\"description\":\"Mua ngay THI\u1ebeT B\u1eca KI\u1ec2M TRA \u0110\u1ed8 L\u00c3O H\u00d3A C\u1ee6A S\u01a0N MODEL UV SPRAY PRO ch\u00ednh h\u00e3ng. Gi\u00e1 t\u1ed1t!\",\"breadcrumb\":{\"@id\":\"https:\/\/vannangvn.123websitedev.com\/san-pham\/thiet-bi-kiem-tra-do-lao-hoa-cua-son-model-uv-spray-pro\/#breadcrumb\"},\"inLanguage\":\"en-US\",\"potentialAction\":[{\"@type\":\"ReadAction\",\"target\":[\"https:\/\/vannangvn.123websitedev.com\/san-pham\/thiet-bi-kiem-tra-do-lao-hoa-cua-son-model-uv-spray-pro\/\"]}]},{\"@type\":\"ImageObject\",\"inLanguage\":\"en-US\",\"@id\":\"https:\/\/vannangvn.123websitedev.com\/san-pham\/thiet-bi-kiem-tra-do-lao-hoa-cua-son-model-uv-spray-pro\/#primaryimage\",\"url\":\"https:\/\/vannangvn.123websitedev.com\/wp-content\/uploads\/2026\/03\/Thiet-Bi-Kiem-Tra-Do-Lao-Hoa-Cua-Son-Model-QUV-SPRAY-PRO-no.9-copy.jpg\",\"contentUrl\":\"https:\/\/vannangvn.123websitedev.com\/wp-content\/uploads\/2026\/03\/Thiet-Bi-Kiem-Tra-Do-Lao-Hoa-Cua-Son-Model-QUV-SPRAY-PRO-no.9-copy.jpg\",\"width\":768,\"height\":576},{\"@type\":\"BreadcrumbList\",\"@id\":\"https:\/\/vannangvn.123websitedev.com\/san-pham\/thiet-bi-kiem-tra-do-lao-hoa-cua-son-model-uv-spray-pro\/#breadcrumb\",\"itemListElement\":[{\"@type\":\"ListItem\",\"position\":1,\"name\":\"Trang ch\u1ee7\",\"item\":\"https:\/\/vannangvn.123websitedev.com\/\"},{\"@type\":\"ListItem\",\"position\":2,\"name\":\"S\u1ea3n ph\u1ea9m\",\"item\":\"https:\/\/vannangvn.123websitedev.com\/cua-hang\/\"},{\"@type\":\"ListItem\",\"position\":3,\"name\":\"THI\u1ebeT B\u1eca KI\u1ec2M TRA \u0110\u1ed8 L\u00c3O H\u00d3A C\u1ee6A S\u01a0N MODEL UV SPRAY PRO\"}]},{\"@type\":\"WebSite\",\"@id\":\"https:\/\/vannangvn.123websitedev.com\/#website\",\"url\":\"https:\/\/vannangvn.123websitedev.com\/\",\"name\":\"Vannang.vn\",\"description\":\"\",\"publisher\":{\"@id\":\"https:\/\/vannangvn.123websitedev.com\/#organization\"},\"potentialAction\":[{\"@type\":\"SearchAction\",\"target\":{\"@type\":\"EntryPoint\",\"urlTemplate\":\"https:\/\/vannangvn.123websitedev.com\/?s={search_term_string}\"},\"query-input\":{\"@type\":\"PropertyValueSpecification\",\"valueRequired\":true,\"valueName\":\"search_term_string\"}}],\"inLanguage\":\"en-US\"},{\"@type\":\"Organization\",\"@id\":\"https:\/\/vannangvn.123websitedev.com\/#organization\",\"name\":\"Vannang.vn\",\"url\":\"https:\/\/vannangvn.123websitedev.com\/\",\"logo\":{\"@type\":\"ImageObject\",\"inLanguage\":\"en-US\",\"@id\":\"https:\/\/vannangvn.123websitedev.com\/#\/schema\/logo\/image\/\",\"url\":\"https:\/\/vannangvn.123websitedev.com\/wp-content\/uploads\/2026\/02\/logo-van-nang-02.png\",\"contentUrl\":\"https:\/\/vannangvn.123websitedev.com\/wp-content\/uploads\/2026\/02\/logo-van-nang-02.png\",\"width\":448,\"height\":111,\"caption\":\"Vannang.vn\"},\"image\":{\"@id\":\"https:\/\/vannangvn.123websitedev.com\/#\/schema\/logo\/image\/\"}}]}<\/script>\n<!-- \/ Yoast SEO Premium plugin. -->","yoast_head_json":{"title":"THI\u1ebeT B\u1eca KI\u1ec2M TRA \u0110\u1ed8 L\u00c3O H\u00d3A C\u1ee6A S\u01a0... ch\u00ednh h\u00e3ng | V\u1ea1n N\u0103ng","description":"Mua ngay THI\u1ebeT B\u1eca KI\u1ec2M TRA \u0110\u1ed8 L\u00c3O H\u00d3A C\u1ee6A S\u01a0N MODEL UV SPRAY PRO ch\u00ednh h\u00e3ng. Gi\u00e1 t\u1ed1t!","robots":{"index":"noindex","follow":"follow","max-snippet":"max-snippet:-1","max-image-preview":"max-image-preview:large","max-video-preview":"max-video-preview:-1"},"og_locale":"en_US","og_type":"article","og_title":"THI\u1ebeT B\u1eca KI\u1ec2M TRA \u0110\u1ed8 L\u00c3O H\u00d3A C\u1ee6A S\u01a0N MODEL UV SPRAY PRO","og_description":"Mua ngay THI\u1ebeT B\u1eca KI\u1ec2M TRA \u0110\u1ed8 L\u00c3O H\u00d3A C\u1ee6A S\u01a0N MODEL UV SPRAY PRO ch\u00ednh h\u00e3ng. Gi\u00e1 t\u1ed1t!","og_url":"https:\/\/vannangvn.123websitedev.com\/en\/product\/thiet-bi-kiem-tra-do-lao-hoa-cua-son-model-uv-spray-pro\/","og_site_name":"Vannang.vn","article_modified_time":"2026-03-30T11:55:08+00:00","og_image":[{"width":768,"height":576,"url":"http:\/\/vannangvn.123websitedev.com\/wp-content\/uploads\/2026\/03\/Thiet-Bi-Kiem-Tra-Do-Lao-Hoa-Cua-Son-Model-QUV-SPRAY-PRO-no.9-copy.jpg","type":"image\/jpeg"}],"twitter_card":"summary_large_image","twitter_misc":{"Est. reading time":"3 minutes"},"schema":{"@context":"https:\/\/schema.org","@graph":[{"@type":"WebPage","@id":"https:\/\/vannangvn.123websitedev.com\/san-pham\/thiet-bi-kiem-tra-do-lao-hoa-cua-son-model-uv-spray-pro\/","url":"https:\/\/vannangvn.123websitedev.com\/san-pham\/thiet-bi-kiem-tra-do-lao-hoa-cua-son-model-uv-spray-pro\/","name":"THI\u1ebeT B\u1eca KI\u1ec2M TRA \u0110\u1ed8 L\u00c3O H\u00d3A C\u1ee6A S\u01a0... ch\u00ednh h\u00e3ng | V\u1ea1n N\u0103ng","isPartOf":{"@id":"https:\/\/vannangvn.123websitedev.com\/#website"},"primaryImageOfPage":{"@id":"https:\/\/vannangvn.123websitedev.com\/san-pham\/thiet-bi-kiem-tra-do-lao-hoa-cua-son-model-uv-spray-pro\/#primaryimage"},"image":{"@id":"https:\/\/vannangvn.123websitedev.com\/san-pham\/thiet-bi-kiem-tra-do-lao-hoa-cua-son-model-uv-spray-pro\/#primaryimage"},"thumbnailUrl":"https:\/\/vannangvn.123websitedev.com\/wp-content\/uploads\/2026\/03\/Thiet-Bi-Kiem-Tra-Do-Lao-Hoa-Cua-Son-Model-QUV-SPRAY-PRO-no.9-copy.jpg","datePublished":"2026-03-20T12:12:43+00:00","dateModified":"2026-03-30T11:55:08+00:00","description":"Mua ngay THI\u1ebeT B\u1eca KI\u1ec2M TRA \u0110\u1ed8 L\u00c3O H\u00d3A C\u1ee6A S\u01a0N MODEL UV SPRAY PRO ch\u00ednh h\u00e3ng. Gi\u00e1 t\u1ed1t!","breadcrumb":{"@id":"https:\/\/vannangvn.123websitedev.com\/san-pham\/thiet-bi-kiem-tra-do-lao-hoa-cua-son-model-uv-spray-pro\/#breadcrumb"},"inLanguage":"en-US","potentialAction":[{"@type":"ReadAction","target":["https:\/\/vannangvn.123websitedev.com\/san-pham\/thiet-bi-kiem-tra-do-lao-hoa-cua-son-model-uv-spray-pro\/"]}]},{"@type":"ImageObject","inLanguage":"en-US","@id":"https:\/\/vannangvn.123websitedev.com\/san-pham\/thiet-bi-kiem-tra-do-lao-hoa-cua-son-model-uv-spray-pro\/#primaryimage","url":"https:\/\/vannangvn.123websitedev.com\/wp-content\/uploads\/2026\/03\/Thiet-Bi-Kiem-Tra-Do-Lao-Hoa-Cua-Son-Model-QUV-SPRAY-PRO-no.9-copy.jpg","contentUrl":"https:\/\/vannangvn.123websitedev.com\/wp-content\/uploads\/2026\/03\/Thiet-Bi-Kiem-Tra-Do-Lao-Hoa-Cua-Son-Model-QUV-SPRAY-PRO-no.9-copy.jpg","width":768,"height":576},{"@type":"BreadcrumbList","@id":"https:\/\/vannangvn.123websitedev.com\/san-pham\/thiet-bi-kiem-tra-do-lao-hoa-cua-son-model-uv-spray-pro\/#breadcrumb","itemListElement":[{"@type":"ListItem","position":1,"name":"Trang ch\u1ee7","item":"https:\/\/vannangvn.123websitedev.com\/"},{"@type":"ListItem","position":2,"name":"S\u1ea3n ph\u1ea9m","item":"https:\/\/vannangvn.123websitedev.com\/cua-hang\/"},{"@type":"ListItem","position":3,"name":"THI\u1ebeT B\u1eca KI\u1ec2M TRA \u0110\u1ed8 L\u00c3O H\u00d3A C\u1ee6A S\u01a0N MODEL UV SPRAY PRO"}]},{"@type":"WebSite","@id":"https:\/\/vannangvn.123websitedev.com\/#website","url":"https:\/\/vannangvn.123websitedev.com\/","name":"Vannang.vn","description":"","publisher":{"@id":"https:\/\/vannangvn.123websitedev.com\/#organization"},"potentialAction":[{"@type":"SearchAction","target":{"@type":"EntryPoint","urlTemplate":"https:\/\/vannangvn.123websitedev.com\/?s={search_term_string}"},"query-input":{"@type":"PropertyValueSpecification","valueRequired":true,"valueName":"search_term_string"}}],"inLanguage":"en-US"},{"@type":"Organization","@id":"https:\/\/vannangvn.123websitedev.com\/#organization","name":"Vannang.vn","url":"https:\/\/vannangvn.123websitedev.com\/","logo":{"@type":"ImageObject","inLanguage":"en-US","@id":"https:\/\/vannangvn.123websitedev.com\/#\/schema\/logo\/image\/","url":"https:\/\/vannangvn.123websitedev.com\/wp-content\/uploads\/2026\/02\/logo-van-nang-02.png","contentUrl":"https:\/\/vannangvn.123websitedev.com\/wp-content\/uploads\/2026\/02\/logo-van-nang-02.png","width":448,"height":111,"caption":"Vannang.vn"},"image":{"@id":"https:\/\/vannangvn.123websitedev.com\/#\/schema\/logo\/image\/"}}]}},"_links":{"self":[{"href":"https:\/\/vannangvn.123websitedev.com\/en\/wp-json\/wp\/v2\/product\/7937","targetHints":{"allow":["GET"]}}],"collection":[{"href":"https:\/\/vannangvn.123websitedev.com\/en\/wp-json\/wp\/v2\/product"}],"about":[{"href":"https:\/\/vannangvn.123websitedev.com\/en\/wp-json\/wp\/v2\/types\/product"}],"replies":[{"embeddable":true,"href":"https:\/\/vannangvn.123websitedev.com\/en\/wp-json\/wp\/v2\/comments?post=7937"}],"wp:featuredmedia":[{"embeddable":true,"href":"https:\/\/vannangvn.123websitedev.com\/en\/wp-json\/wp\/v2\/media\/8897"}],"wp:attachment":[{"href":"https:\/\/vannangvn.123websitedev.com\/en\/wp-json\/wp\/v2\/media?parent=7937"}],"wp:term":[{"taxonomy":"product_brand","embeddable":true,"href":"https:\/\/vannangvn.123websitedev.com\/en\/wp-json\/wp\/v2\/product_brand?post=7937"},{"taxonomy":"product_cat","embeddable":true,"href":"https:\/\/vannangvn.123websitedev.com\/en\/wp-json\/wp\/v2\/product_cat?post=7937"},{"taxonomy":"product_tag","embeddable":true,"href":"https:\/\/vannangvn.123websitedev.com\/en\/wp-json\/wp\/v2\/product_tag?post=7937"}],"curies":[{"name":"wp","href":"https:\/\/api.w.org\/{rel}","templated":true}]}}