{"id":7968,"date":"2026-03-20T19:13:23","date_gmt":"2026-03-20T12:13:23","guid":{"rendered":"https:\/\/vannangvn.123websitedev.com\/san-pham\/thiet-bi-kiem-tra-tay-vin-ghe-chair-arm-tester-kingwells-model-kw-bse-16\/"},"modified":"2026-03-30T18:55:51","modified_gmt":"2026-03-30T11:55:51","slug":"thiet-bi-kiem-tra-tay-vin-ghe-chair-arm-tester-kingwells-model-kw-bse-16","status":"publish","type":"product","link":"https:\/\/vannangvn.123websitedev.com\/en\/product\/thiet-bi-kiem-tra-tay-vin-ghe-chair-arm-tester-kingwells-model-kw-bse-16\/","title":{"rendered":"THI\u1ebeT B\u1eca KI\u1ec2M TRA TAY V\u1ecaN GH\u1ebe (CHAIR ARM TESTER) KINGWELLS MODEL KW-BSE-16"},"content":{"rendered":"<h1 style=\"color: red; font-weight: bold; font-size: 24px;\">T&#7893;ng quan s&#7843;n ph&#7849;m THI&#7870;T B&#7882; KI&#7874;M TRA TAY V&#7882;N GH&#7870; (CHAIR ARM TESTER) KINGWELLS MODEL KW-BSE-16<p>Thi&#7871;t B&#7883; Ki&#7875;m Tra Tay V&#7883;n Gh&#7871; (Chair Arm Tester) KingWells Model KW-BSE-16<br>\nTrong b&#7889;i c&#7843;nh c&#7841;nh tranh gay g&#7855;t c&#7911;a th&#7883; tr&#432;&#7901;ng n&#7897;i th&#7845;t, &#273;&#7843;m b&#7843;o ch&#7845;t l&#432;&#7907;ng v&agrave; &#273;&#7897; b&#7873;n c&#7911;a s&#7843;n ph&#7849;m l&agrave; y&#7871;u t&#7889; then ch&#7889;t quy&#7871;t &#273;&#7883;nh s&#7921; th&agrave;nh c&ocirc;ng. Thi&#7871;t B&#7883; Ki&#7875;m Tra &#272;&#7897; B&#7873;n Tay V&#7883;n Gh&#7871; Model KW-BSE-16 l&agrave; c&ocirc;ng c&#7909; l&yacute; t&#432;&#7903;ng, mang l&#7841;i gi&#7843;i ph&aacute;p ki&#7875;m tra ch&#7845;t l&#432;&#7907;ng to&agrave;n di&#7879;n theo c&aacute;c ti&ecirc;u chu&#7849;n qu&#7889;c t&#7871;, gi&uacute;p c&aacute;c nh&agrave; s&#7843;n xu&#7845;t n&acirc;ng cao uy t&iacute;n v&agrave; s&#7921; tin t&#432;&#7903;ng t&#7915; kh&aacute;ch h&agrave;ng. H&atilde;y c&ugrave;ng Thi&#7871;t B&#7883; C&ocirc;ng Ngh&#7879; V&#7841;n N&#259;ng t&igrave;m hi&#7875;u s&acirc;u h&#417;n v&#7873; s&#7843;n ph&#7849;m th&ocirc;ng qua b&agrave;i vi&#7871;t n&agrave;y nh&eacute;!<\/p><p>&#272;&#7863;c Tr&#432;ng C&#7911;a KW-BSE-16<br>\nTu&acirc;n th&#7911; c&aacute;c ti&ecirc;u chu&#7849;n qu&#7889;c t&#7871; nghi&ecirc;m ng&#7863;t<br>\nModel KW-BSE-16 &#273;&#432;&#7907;c thi&#7871;t k&#7871; &#273;&#7875; &#273;&aacute;p &#7913;ng c&aacute;c ti&ecirc;u chu&#7849;n ch&#7845;t l&#432;&#7907;ng kh&#7855;t khe nh&#7845;t nh&#432;:<\/p><p>QB\/2280-2007 6.6.13.2<br>\nANSI\/BIFMA X5.1-2011 11.4; 21<br>\nBS EN 1335-3:2009 5.7; 7.3.1 D\/G; 7.3.2<br>\nEN 1728:2001 6.8; 6.10<br>\nBS 5459-2:2000<\/p><p>Vi&#7879;c tu&acirc;n th&#7911; c&aacute;c ti&ecirc;u chu&#7849;n qu&#7889;c t&#7871; n&agrave;y &#273;&#7843;m b&#7843;o thi&#7871;t b&#7883; c&oacute; kh&#7843; n&#259;ng ki&#7875;m tra &#273;&#7897; b&#7873;n ngang v&agrave; d&#7885;c c&#7911;a tay v&#7883;n gh&#7871; m&#7897;t c&aacute;ch ch&iacute;nh x&aacute;c v&agrave; &#273;&aacute;ng tin c&#7853;y nh&#7845;t. L&agrave; m&#7897;t tr&#7907; th&#7911; &#273;&#7855;c l&#7921;c cho c&aacute;c doanh nghi&#7879;p mu&#7889;n ki&#7875;m tra s&#7843;n ph&#7849;m c&#7911;a m&igrave;nh tr&#432;&#7899;c khi &#273;&#7871;n tay kh&aacute;ch h&agrave;ng ho&#7863;c s&#7843;n xu&#7845;t h&agrave;ng lo&#7841;t.<br>\nC&ocirc;ng ngh&#7879; &#273;i&#7873;u khi&#7875;n v&ograve;ng l&#7863;p k&iacute;n ti&ecirc;n ti&#7871;n<br>\nH&#7879; th&#7889;ng &#273;i&#7873;u khi&#7875;n v&ograve;ng l&#7863;p k&iacute;n c&#7911;a thi&#7871;t b&#7883; ki&#7875;m tra &#273;&#7897; b&#7873;n KW-BSE-16 s&#7917; d&#7909;ng c&#7843;m bi&#7871;n &aacute;p su&#7845;t k&eacute;o m&#7887;i t&#7915; M&#7929; v&agrave; van t&#7927; l&#7879; ga-&#273;i&#7879;n c&#7911;a Nh&#7853;t B&#7843;n, cho ph&eacute;p ki&#7875;m so&aacute;t &aacute;p su&#7845;t trong xi lanh m&#7897;t c&aacute;ch ch&iacute;nh x&aacute;c v&agrave; t&#7913;c th&igrave;. S&#7921; k&#7871;t h&#7907;p n&agrave;y mang l&#7841;i &#273;&#7897; ch&iacute;nh x&aacute;c cao v&agrave; &#273;&#7897; tin c&#7853;y trong m&#7895;i b&agrave;i ki&#7875;m tra. &#272;em &#273;&#7871;n tr&#7843;i nghi&#7879;m m&#432;&#7907;t m&agrave; cho ng&#432;&#7901;i s&#7917; d&#7909;ng nh&#7901; c&ocirc;ng ngh&#7879; hi&#7879;n &#273;&#7841;i.<br>\n&#272;i&#7873;u ch&#7881;nh chi&#7873;u cao khung d&#7877; d&agrave;ng v&agrave; linh ho&#7841;t<br>\nKhung c&#7911;a thi&#7871;t b&#7883; c&oacute; th&#7875; &#273;i&#7873;u ch&#7881;nh chi&#7873;u cao b&#7857;ng &#273;i&#7879;n, &#273;&#7843;m b&#7843;o kho&#7843;ng c&aacute;ch l&yacute; t&#432;&#7903;ng 600 mm gi&#7919;a &#273;i&#7875;m t&#7921;a l&#7855;p &#273;&#7863;t xi lanh v&agrave; tay v&#7883;n c&#7911;a gh&#7871; &#273;&#432;&#7907;c ki&#7875;m tra. &#272;i&#7873;u n&agrave;y kh&ocirc;ng ch&#7881; gi&uacute;p thi&#7871;t b&#7883; linh ho&#7841;t h&#417;n trong vi&#7879;c ki&#7875;m tra c&aacute;c lo&#7841;i tay v&#7883;n kh&aacute;c nhau m&agrave; c&ograve;n &#273;&#7843;m b&#7843;o t&iacute;nh nh&#7845;t qu&aacute;n v&agrave; ch&iacute;nh x&aacute;c trong qu&aacute; tr&igrave;nh ki&#7875;m tra.<br>\nC&#7845;u tr&uacute;c k&#7865;p &#273;&#417;n gi&#7843;n v&agrave; ti&#7879;n d&#7909;ng<br>\nThi&#7871;t b&#7883; KW-BSE-16 &#273;&#432;&#7907;c trang b&#7883; c&#7845;u tr&uacute;c k&#7865;p &#273;&#417;n gi&#7843;n cho ph&eacute;p m&#7897;t ng&#432;&#7901;i th&#7921;c hi&#7879;n m&#7885;i thao t&aacute;c m&agrave; kh&ocirc;ng c&#7847;n s&#7921; tr&#7907; gi&uacute;p c&#7911;a c&ocirc;ng c&#7909;. &#272;i&#7873;u n&agrave;y &#273;&oacute;ng g&oacute;p m&#7897;t ph&#7847;n h&#7895; tr&#7907; cho doanh nghi&#7879;p gi&#7843;m &#273;&#432;&#7907;c chi ph&iacute; v&#7853;n h&agrave;nh c&#361;ng nh&#432; v&#7873; nh&acirc;n l&#7921;c.<\/p><p>Kh&#7843; n&#259;ng ki&#7875;m tra &#273;a d&#7841;ng<br>\nV&#7899;i kh&#7843; n&#259;ng chuy&#7875;n &#273;&#7893;i ph&#432;&#417;ng ph&aacute;p l&#7855;p &#273;&#7863;t xi lanh, Kingwells KW-BSE-16 c&oacute; th&#7875; th&#7921;c hi&#7879;n c&#7843; ki&#7875;m tra &#273;&#7897; b&#7873;n tay v&#7883;n v&agrave; ki&#7875;m tra &aacute;p su&#7845;t thay th&#7871; c&#7911;a b&#7873; m&#7863;t gh&#7871;. S&#7921; linh ho&#7841;t n&agrave;y gi&uacute;p m&#7903; r&#7897;ng ph&#7841;m vi &#7913;ng d&#7909;ng c&#7911;a thi&#7871;t b&#7883;, ph&ugrave; h&#7907;p v&#7899;i nhi&#7873;u lo&#7841;i s&#7843;n ph&#7849;m n&#7897;i th&#7845;t kh&aacute;c nhau.<\/p><p>&#7912;ng D&#7909;ng<br>\nM&aacute;y KW-BSE-16 Kingwells l&agrave; c&ocirc;ng c&#7909; kh&ocirc;ng th&#7875; thi&#7871;u cho c&aacute;c nh&agrave; s&#7843;n xu&#7845;t n&#7897;i th&#7845;t v&agrave; c&aacute;c ph&ograve;ng th&iacute; nghi&#7879;m ki&#7875;m &#273;&#7883;nh ch&#7845;t l&#432;&#7907;ng. V&#7899;i kh&#7843; n&#259;ng ki&#7875;m tra ch&iacute;nh x&aacute;c v&agrave; tin c&#7853;y, thi&#7871;t b&#7883; gi&uacute;p &#273;&#7843;m b&#7843;o s&#7843;n ph&#7849;m &#273;&#7841;t ti&ecirc;u chu&#7849;n ch&#7845;t l&#432;&#7907;ng cao nh&#7845;t, t&#7915; &#273;&oacute; n&acirc;ng cao uy t&iacute;n v&agrave; s&#7921; tin t&#432;&#7903;ng t&#7915; kh&aacute;ch h&agrave;ng.<\/p><p>Nh&#7919;ng L&yacute; Do N&ecirc;n Mua Thi&#7871;t B&#7883; Ki&#7875;m Tra Tay V&#7883;n Gh&#7871; T&#7841;i Thi&#7871;t B&#7883; C&ocirc;ng Ngh&#7879; V&#7841;n N&#259;ng<\/p><p>C&ocirc;ng ty Thi&#7871;t B&#7883; C&ocirc;ng Ngh&#7879; V&#7841;n N&#259;ng l&agrave; &#273;&#7889;i t&aacute;c ch&iacute;nh th&#7913;c ph&acirc;n ph&#7889;i Thi&#7871;t B&#7883; Ki&#7875;m Tra Tay V&#7883;n Gh&#7871; h&agrave;ng &#273;&#7847;u t&#7841;i Vi&#7879;t Nam, cam k&#7871;t cung c&#7845;p s&#7843;n ph&#7849;m ch&iacute;nh h&atilde;ng v&#7899;i gi&aacute; c&#7843; c&#7841;nh tranh nh&#7845;t th&#7883; tr&#432;&#7901;ng. V&#7899;i uy t&iacute;n tr&ecirc;n th&#7883; tr&#432;&#7901;ng v&agrave; ch&#7871; &#273;&#7897; h&#7851;u m&atilde;i t&#7889;t, Thi&#7871;t B&#7883; C&ocirc;ng Ngh&#7879; V&#7841;n N&#259;ng &#273;&atilde; nh&#7853;n &#273;&#432;&#7907;c s&#7921; tin t&#432;&#7903;ng t&#7915; kh&aacute;ch h&agrave;ng nh&#7901; v&agrave;o ch&#7845;t l&#432;&#7907;ng h&agrave;ng &#273;&#7847;u c&#7911;a c&aacute;c d&ograve;ng s&#7843;n ph&#7849;m.<br>\nS&#7843;n ph&#7849;m c&#7911;a ch&uacute;ng t&ocirc;i &#273;&#432;&#7907;c ki&#7875;m &#273;&#7883;nh ch&#7845;t l&#432;&#7907;ng, nh&#7853;p kh&#7849;u tr&#7921;c ti&#7871;p t&#7915; nh&agrave; m&aacute;y b&ecirc;n Ch&acirc;u &Acirc;u, M&#7929;, &Uacute;c, Nh&#7853;t B&#7843;n,&hellip; v&agrave; &#273;&aacute;p &#7913;ng nhu c&#7847;u &#273;a d&#7841;ng c&#7911;a th&#7883; tr&#432;&#7901;ng nh&#432;: M&aacute;y &#272;o &#272;&#7897; C&#7913;ng, M&aacute;y SpectroMaxx, M&aacute;y Ki&#7875;m Tra &#272;&#7897; B&#7873;n S&#417;n,&hellip; Ch&uacute;ng t&ocirc;i cam k&#7871;t cung c&#7845;p s&#7843;n ph&#7849;m n&agrave;y tr&ecirc;n to&agrave;n qu&#7889;c v&#7899;i gi&aacute; c&#7843; c&#7841;nh tranh nh&#7845;t.<br>\nCh&uacute;ng t&ocirc;i c&oacute; &#273;&#7897;i ng&#361; chuy&ecirc;n vi&ecirc;n t&#432; v&#7845;n chuy&ecirc;n s&acirc;u s&#7869; h&#7895; tr&#7907; kh&aacute;ch h&agrave;ng v&#7873; chi ti&#7871;t s&#7843;n ph&#7849;m, h&#432;&#7899;ng d&#7851;n s&#7917; d&#7909;ng hay nh&#7919;ng th&#7913; li&ecirc;n quan &#273;&#7871;n v&#7845;n &#273;&#7873; m&agrave; doanh nghi&#7879;p b&#7841;n &#273;ang g&#7863;p ph&#7843;i. Ch&uacute;ng t&ocirc;i s&#7869; cung c&#7845;p nh&#7919;ng gi&#7843;i ph&aacute;p t&#7889;i &#432;u nh&#7845;t!<br>\nNgo&agrave;i ra V&#7841;n N&#259;ng Company lu&ocirc;n h&#432;&#7899;ng &#273;&#7871;n tr&#7843;i nghi&#7879;m kh&aacute;ch h&agrave;ng, v&igrave; v&#7853;y ch&uacute;ng t&ocirc;i c&oacute; nh&#7919;ng ch&iacute;nh s&aacute;ch b&#7843;o h&agrave;nh, b&#7843;o tr&igrave; &ndash; b&#7843;o d&#432;&#7905;ng, hi&#7879;u chu&#7849;n v&#7899;i t&#7845;t c&#7843; c&aacute;c thi&#7871;t b&#7883;, m&aacute;y m&oacute;c m&agrave; ch&uacute;ng t&ocirc;i cung c&#7845;p. &#272;&#7843;m b&#7843;o mang &#273;&#7871;n cho Kh&aacute;ch h&agrave;ng s&#7921; y&ecirc;n t&acirc;m tuy&#7879;t &#273;&#7889;i v&#7873; d&#7883;ch v&#7909; khi mua h&agrave;ng.<\/p><p>T&#7893;ng K&#7871;t<br>\nThi&#7871;t b&#7883; ki&#7875;m tra &#273;&#7897; b&#7873;n tay v&#7883;n gh&#7871; KingWells KW-BSE-16 kh&ocirc;ng ch&#7881; l&agrave; &#273;&#7847;u t&#432; v&agrave;o ch&#7845;t l&#432;&#7907;ng s&#7843;n ph&#7849;m m&agrave; c&ograve;n l&agrave; &#273;&#7847;u t&#432; v&agrave;o s&#7921; ph&aacute;t tri&#7875;n b&#7873;n v&#7919;ng v&agrave; uy t&iacute;n c&#7911;a th&#432;&#417;ng hi&#7879;u. Thi&#7871;t b&#7883; n&agrave;y mang l&#7841;i s&#7921; an t&acirc;m cho nh&agrave; s&#7843;n xu&#7845;t v&agrave; kh&aacute;ch h&agrave;ng, kh&#7859;ng &#273;&#7883;nh cam k&#7871;t v&#7873; ch&#7845;t l&#432;&#7907;ng v&agrave; &#273;&#7897; b&#7873;n c&#7911;a s&#7843;n ph&#7849;m. H&atilde;y li&ecirc;n h&#7879; v&#7899;i V&#7841;n N&#259;ng ngay &#273;&#7875; &#273;&#432;&#7907;c t&#432; v&#7845;n chuy&ecirc;n s&acirc;u v&agrave; nh&#7853;n nh&#7919;ng &#432;u &#273;&atilde;i h&#7845;p d&#7851;n nh&#7845;t th&ocirc;ng qua hotline0903 991 335 !<\/p><div style=\"background-color: #f8fafc; border: 1px solid #e2e8f0; border-radius: 8px; padding: 25px; max-width: 800px; margin: 30px auto; color: #334155; line-height: 1.8; font-size: 17px; box-shadow: 0 4px 6px -1px rgba(0,0,0,0.05); text-align: left; clear: both;\">\nC&ocirc;ng ty TNHH Th&#432;&#417;ng M&#7841;i D&#7883;ch V&#7909; Thi&#7871;t B&#7883; C&ocirc;ng Ngh&#7879; V&#7841;n N&#259;ng\n<p style=\"margin: 0 0 10px 0;\">&#128205; <strong style=\"color: #1e293b;\">&#272;&#7883;a ch&#7881;:<\/strong> <a style=\"color: #059669; text-decoration: none; font-weight: bold;\" href=\"https:\/\/www.google.com\/maps\/search\/C%C3%B4ng+ty+TNHH+Th%C6%B0%C6%A1ng+M%E1%BA%A1i+D%E1%BB%8Bch+V%E1%BB%A5+Thi%E1%BA%BFt+B%E1%BB%8B+C%C3%B4ng+Ngh%E1%BB%87+V%E1%BA%A1n+N%C4%83ng+818+Tr%C6%B0%E1%BB%9Dng+Chinh\" target=\"_blank\" rel=\"noopener\">818 Tr&#432;&#7901;ng Chinh, Ph&#432;&#7901;ng T&acirc;n S&#417;n, Th&agrave;nh ph&#7889; H&#7891; Ch&iacute; Minh, Vi&#7879;t Nam<\/a><\/p>\n<p style=\"margin: 0 0 10px 0;\">&#128222; <strong style=\"color: #1e293b;\">S&#272;T &ndash; Zalo:<\/strong> <a style=\"color: #059669; text-decoration: none; font-weight: bold;\" href=\"https:\/\/zalo.me\/0903991335\" target=\"_blank\" rel=\"noopener\">0903 991 335<\/a> <span style=\"color: #64748b; font-style: italic;\">(Ms. H&#7841;nh &ndash; Gi&aacute;m &#272;&#7889;c Kinh Doanh)<\/span><\/p>\n<p style=\"margin: 0;\">&#9993;&#65039; <strong style=\"color: #1e293b;\">Email:<\/strong> <a style=\"color: #059669; text-decoration: none; font-weight: bold;\" href=\"mailto:hienhanh@vannangvn.com\">hienhanh@vannangvn.com<\/a><\/p>\n<\/div><\/h1>","protected":false},"excerpt":{"rendered":"<p><strong>Th&#432;&#417;ng hi&#7879;u:<\/strong> Model:&nbsp;Thi&#7871;t b&#7883; ki&#7875;m tra tay v&#7883;n gh&#7871;  KingWells<br>\n<strong>Model:<\/strong> -35<p>Product <strong>THI&#7870;T B&#7882; KI&#7874;M TRA TAY V&#7882;N GH&#7870; (CHAIR ARM TESTER) KINGWELLS MODEL KW-BSE-16<\/strong> ch&iacute;nh h&atilde;ng. Model:&nbsp;Thi&#7871;t b&#7883; ki&#7875;m tra tay v&#7883;n gh&#7871; (Chair Arm Tester) KingWells<br>\nT&ecirc;n ti&#7871;ng anh: Chair Arm Tester<br>\nH&atilde;ng: KingWells<br>\nModel: KW-BSE-16<br>\nXu&#7845;t x&#7913;: China<\/p><\/p>","protected":false},"featured_media":8378,"comment_status":"open","ping_status":"closed","template":"","meta":[],"product_brand":[],"product_cat":[18],"product_tag":[116,208,209,768,769,857,984,2445,2449,2493,3485,3486,3487],"class_list":{"0":"post-7968","1":"product","2":"type-product","3":"status-publish","4":"has-post-thumbnail","6":"product_cat-chua-phan-loai","7":"product_tag-model","8":"product_tag-kiem","9":"product_tag-tra","10":"product_tag-thiet","11":"product_tag-bi","12":"product_tag-tay","13":"product_tag-tester","14":"product_tag-ghe","15":"product_tag-kingwells","16":"product_tag-chair","17":"product_tag-vin","18":"product_tag-arm","19":"product_tag-kw-bse-16","21":"first","22":"instock","23":"shipping-taxable","24":"product-type-simple"},"yoast_head":"<!-- This site is optimized with the Yoast SEO Premium plugin v24.8 (Yoast SEO v24.8) - https:\/\/yoast.com\/wordpress\/plugins\/seo\/ -->\n<title>THI\u1ebeT B\u1eca KI\u1ec2M TRA TAY V\u1ecaN GH\u1ebe (CHAI... ch\u00ednh h\u00e3ng | V\u1ea1n N\u0103ng<\/title>\n<meta name=\"description\" content=\"Mua ngay THI\u1ebeT B\u1eca KI\u1ec2M TRA TAY V\u1ecaN GH\u1ebe (CHAIR ARM TESTER) KINGWELLS MODEL KW-BSE-16 ch\u00ednh h\u00e3ng. T\u00ean ti\u1ebfng anh: Chair Arm Tester H\u00e3... Gi\u00e1 t\u1ed1t!\" \/>\n<meta name=\"robots\" content=\"noindex, follow, max-snippet:-1, max-image-preview:large, max-video-preview:-1\" \/>\n<meta property=\"og:locale\" content=\"en_US\" \/>\n<meta property=\"og:type\" content=\"article\" \/>\n<meta property=\"og:title\" content=\"THI\u1ebeT B\u1eca KI\u1ec2M TRA TAY V\u1ecaN GH\u1ebe (CHAIR ARM TESTER) KINGWELLS MODEL KW-BSE-16\" \/>\n<meta property=\"og:description\" content=\"Mua ngay THI\u1ebeT B\u1eca KI\u1ec2M TRA TAY V\u1ecaN GH\u1ebe (CHAIR ARM TESTER) KINGWELLS MODEL KW-BSE-16 ch\u00ednh h\u00e3ng. T\u00ean ti\u1ebfng anh: Chair Arm Tester H\u00e3... Gi\u00e1 t\u1ed1t!\" \/>\n<meta property=\"og:url\" content=\"https:\/\/vannangvn.123websitedev.com\/en\/product\/thiet-bi-kiem-tra-tay-vin-ghe-chair-arm-tester-kingwells-model-kw-bse-16\/\" \/>\n<meta property=\"og:site_name\" content=\"Vannang.vn\" \/>\n<meta property=\"article:modified_time\" content=\"2026-03-30T11:55:51+00:00\" \/>\n<meta property=\"og:image\" content=\"http:\/\/vannangvn.123websitedev.com\/wp-content\/uploads\/2026\/03\/KingWells-model-KW-BSE-161-copy.jpg\" \/>\n\t<meta property=\"og:image:width\" content=\"768\" \/>\n\t<meta property=\"og:image:height\" content=\"576\" \/>\n\t<meta property=\"og:image:type\" content=\"image\/jpeg\" \/>\n<meta name=\"twitter:card\" content=\"summary_large_image\" \/>\n<meta name=\"twitter:label1\" content=\"Est. reading time\" \/>\n\t<meta name=\"twitter:data1\" content=\"8 minutes\" \/>\n<script type=\"application\/ld+json\" class=\"yoast-schema-graph\">{\"@context\":\"https:\/\/schema.org\",\"@graph\":[{\"@type\":\"WebPage\",\"@id\":\"https:\/\/vannangvn.123websitedev.com\/san-pham\/thiet-bi-kiem-tra-tay-vin-ghe-chair-arm-tester-kingwells-model-kw-bse-16\/\",\"url\":\"https:\/\/vannangvn.123websitedev.com\/san-pham\/thiet-bi-kiem-tra-tay-vin-ghe-chair-arm-tester-kingwells-model-kw-bse-16\/\",\"name\":\"THI\u1ebeT B\u1eca KI\u1ec2M TRA TAY V\u1ecaN GH\u1ebe (CHAI... ch\u00ednh h\u00e3ng | V\u1ea1n N\u0103ng\",\"isPartOf\":{\"@id\":\"https:\/\/vannangvn.123websitedev.com\/#website\"},\"primaryImageOfPage\":{\"@id\":\"https:\/\/vannangvn.123websitedev.com\/san-pham\/thiet-bi-kiem-tra-tay-vin-ghe-chair-arm-tester-kingwells-model-kw-bse-16\/#primaryimage\"},\"image\":{\"@id\":\"https:\/\/vannangvn.123websitedev.com\/san-pham\/thiet-bi-kiem-tra-tay-vin-ghe-chair-arm-tester-kingwells-model-kw-bse-16\/#primaryimage\"},\"thumbnailUrl\":\"https:\/\/vannangvn.123websitedev.com\/wp-content\/uploads\/2026\/03\/KingWells-model-KW-BSE-161-copy.jpg\",\"datePublished\":\"2026-03-20T12:13:23+00:00\",\"dateModified\":\"2026-03-30T11:55:51+00:00\",\"description\":\"Mua ngay THI\u1ebeT B\u1eca KI\u1ec2M TRA TAY V\u1ecaN GH\u1ebe (CHAIR ARM TESTER) KINGWELLS MODEL KW-BSE-16 ch\u00ednh h\u00e3ng. T\u00ean ti\u1ebfng anh: Chair Arm Tester H\u00e3... Gi\u00e1 t\u1ed1t!\",\"breadcrumb\":{\"@id\":\"https:\/\/vannangvn.123websitedev.com\/san-pham\/thiet-bi-kiem-tra-tay-vin-ghe-chair-arm-tester-kingwells-model-kw-bse-16\/#breadcrumb\"},\"inLanguage\":\"en-US\",\"potentialAction\":[{\"@type\":\"ReadAction\",\"target\":[\"https:\/\/vannangvn.123websitedev.com\/san-pham\/thiet-bi-kiem-tra-tay-vin-ghe-chair-arm-tester-kingwells-model-kw-bse-16\/\"]}]},{\"@type\":\"ImageObject\",\"inLanguage\":\"en-US\",\"@id\":\"https:\/\/vannangvn.123websitedev.com\/san-pham\/thiet-bi-kiem-tra-tay-vin-ghe-chair-arm-tester-kingwells-model-kw-bse-16\/#primaryimage\",\"url\":\"https:\/\/vannangvn.123websitedev.com\/wp-content\/uploads\/2026\/03\/KingWells-model-KW-BSE-161-copy.jpg\",\"contentUrl\":\"https:\/\/vannangvn.123websitedev.com\/wp-content\/uploads\/2026\/03\/KingWells-model-KW-BSE-161-copy.jpg\",\"width\":768,\"height\":576},{\"@type\":\"BreadcrumbList\",\"@id\":\"https:\/\/vannangvn.123websitedev.com\/san-pham\/thiet-bi-kiem-tra-tay-vin-ghe-chair-arm-tester-kingwells-model-kw-bse-16\/#breadcrumb\",\"itemListElement\":[{\"@type\":\"ListItem\",\"position\":1,\"name\":\"Trang ch\u1ee7\",\"item\":\"https:\/\/vannangvn.123websitedev.com\/\"},{\"@type\":\"ListItem\",\"position\":2,\"name\":\"S\u1ea3n ph\u1ea9m\",\"item\":\"https:\/\/vannangvn.123websitedev.com\/cua-hang\/\"},{\"@type\":\"ListItem\",\"position\":3,\"name\":\"THI\u1ebeT B\u1eca KI\u1ec2M TRA TAY V\u1ecaN GH\u1ebe (CHAIR ARM TESTER) KINGWELLS MODEL KW-BSE-16\"}]},{\"@type\":\"WebSite\",\"@id\":\"https:\/\/vannangvn.123websitedev.com\/#website\",\"url\":\"https:\/\/vannangvn.123websitedev.com\/\",\"name\":\"Vannang.vn\",\"description\":\"\",\"publisher\":{\"@id\":\"https:\/\/vannangvn.123websitedev.com\/#organization\"},\"potentialAction\":[{\"@type\":\"SearchAction\",\"target\":{\"@type\":\"EntryPoint\",\"urlTemplate\":\"https:\/\/vannangvn.123websitedev.com\/?s={search_term_string}\"},\"query-input\":{\"@type\":\"PropertyValueSpecification\",\"valueRequired\":true,\"valueName\":\"search_term_string\"}}],\"inLanguage\":\"en-US\"},{\"@type\":\"Organization\",\"@id\":\"https:\/\/vannangvn.123websitedev.com\/#organization\",\"name\":\"Vannang.vn\",\"url\":\"https:\/\/vannangvn.123websitedev.com\/\",\"logo\":{\"@type\":\"ImageObject\",\"inLanguage\":\"en-US\",\"@id\":\"https:\/\/vannangvn.123websitedev.com\/#\/schema\/logo\/image\/\",\"url\":\"https:\/\/vannangvn.123websitedev.com\/wp-content\/uploads\/2026\/02\/logo-van-nang-02.png\",\"contentUrl\":\"https:\/\/vannangvn.123websitedev.com\/wp-content\/uploads\/2026\/02\/logo-van-nang-02.png\",\"width\":448,\"height\":111,\"caption\":\"Vannang.vn\"},\"image\":{\"@id\":\"https:\/\/vannangvn.123websitedev.com\/#\/schema\/logo\/image\/\"}}]}<\/script>\n<!-- \/ Yoast SEO Premium plugin. -->","yoast_head_json":{"title":"THI\u1ebeT B\u1eca KI\u1ec2M TRA TAY V\u1ecaN GH\u1ebe (CHAI... ch\u00ednh h\u00e3ng | V\u1ea1n N\u0103ng","description":"Mua ngay THI\u1ebeT B\u1eca KI\u1ec2M TRA TAY V\u1ecaN GH\u1ebe (CHAIR ARM TESTER) KINGWELLS MODEL KW-BSE-16 ch\u00ednh h\u00e3ng. T\u00ean ti\u1ebfng anh: Chair Arm Tester H\u00e3... Gi\u00e1 t\u1ed1t!","robots":{"index":"noindex","follow":"follow","max-snippet":"max-snippet:-1","max-image-preview":"max-image-preview:large","max-video-preview":"max-video-preview:-1"},"og_locale":"en_US","og_type":"article","og_title":"THI\u1ebeT B\u1eca KI\u1ec2M TRA TAY V\u1ecaN GH\u1ebe (CHAIR ARM TESTER) KINGWELLS MODEL KW-BSE-16","og_description":"Mua ngay THI\u1ebeT B\u1eca KI\u1ec2M TRA TAY V\u1ecaN GH\u1ebe (CHAIR ARM TESTER) KINGWELLS MODEL KW-BSE-16 ch\u00ednh h\u00e3ng. T\u00ean ti\u1ebfng anh: Chair Arm Tester H\u00e3... Gi\u00e1 t\u1ed1t!","og_url":"https:\/\/vannangvn.123websitedev.com\/en\/product\/thiet-bi-kiem-tra-tay-vin-ghe-chair-arm-tester-kingwells-model-kw-bse-16\/","og_site_name":"Vannang.vn","article_modified_time":"2026-03-30T11:55:51+00:00","og_image":[{"width":768,"height":576,"url":"http:\/\/vannangvn.123websitedev.com\/wp-content\/uploads\/2026\/03\/KingWells-model-KW-BSE-161-copy.jpg","type":"image\/jpeg"}],"twitter_card":"summary_large_image","twitter_misc":{"Est. reading time":"8 minutes"},"schema":{"@context":"https:\/\/schema.org","@graph":[{"@type":"WebPage","@id":"https:\/\/vannangvn.123websitedev.com\/san-pham\/thiet-bi-kiem-tra-tay-vin-ghe-chair-arm-tester-kingwells-model-kw-bse-16\/","url":"https:\/\/vannangvn.123websitedev.com\/san-pham\/thiet-bi-kiem-tra-tay-vin-ghe-chair-arm-tester-kingwells-model-kw-bse-16\/","name":"THI\u1ebeT B\u1eca KI\u1ec2M TRA TAY V\u1ecaN GH\u1ebe (CHAI... ch\u00ednh h\u00e3ng | V\u1ea1n N\u0103ng","isPartOf":{"@id":"https:\/\/vannangvn.123websitedev.com\/#website"},"primaryImageOfPage":{"@id":"https:\/\/vannangvn.123websitedev.com\/san-pham\/thiet-bi-kiem-tra-tay-vin-ghe-chair-arm-tester-kingwells-model-kw-bse-16\/#primaryimage"},"image":{"@id":"https:\/\/vannangvn.123websitedev.com\/san-pham\/thiet-bi-kiem-tra-tay-vin-ghe-chair-arm-tester-kingwells-model-kw-bse-16\/#primaryimage"},"thumbnailUrl":"https:\/\/vannangvn.123websitedev.com\/wp-content\/uploads\/2026\/03\/KingWells-model-KW-BSE-161-copy.jpg","datePublished":"2026-03-20T12:13:23+00:00","dateModified":"2026-03-30T11:55:51+00:00","description":"Mua ngay THI\u1ebeT B\u1eca KI\u1ec2M TRA TAY V\u1ecaN GH\u1ebe (CHAIR ARM TESTER) KINGWELLS MODEL KW-BSE-16 ch\u00ednh h\u00e3ng. T\u00ean ti\u1ebfng anh: Chair Arm Tester H\u00e3... Gi\u00e1 t\u1ed1t!","breadcrumb":{"@id":"https:\/\/vannangvn.123websitedev.com\/san-pham\/thiet-bi-kiem-tra-tay-vin-ghe-chair-arm-tester-kingwells-model-kw-bse-16\/#breadcrumb"},"inLanguage":"en-US","potentialAction":[{"@type":"ReadAction","target":["https:\/\/vannangvn.123websitedev.com\/san-pham\/thiet-bi-kiem-tra-tay-vin-ghe-chair-arm-tester-kingwells-model-kw-bse-16\/"]}]},{"@type":"ImageObject","inLanguage":"en-US","@id":"https:\/\/vannangvn.123websitedev.com\/san-pham\/thiet-bi-kiem-tra-tay-vin-ghe-chair-arm-tester-kingwells-model-kw-bse-16\/#primaryimage","url":"https:\/\/vannangvn.123websitedev.com\/wp-content\/uploads\/2026\/03\/KingWells-model-KW-BSE-161-copy.jpg","contentUrl":"https:\/\/vannangvn.123websitedev.com\/wp-content\/uploads\/2026\/03\/KingWells-model-KW-BSE-161-copy.jpg","width":768,"height":576},{"@type":"BreadcrumbList","@id":"https:\/\/vannangvn.123websitedev.com\/san-pham\/thiet-bi-kiem-tra-tay-vin-ghe-chair-arm-tester-kingwells-model-kw-bse-16\/#breadcrumb","itemListElement":[{"@type":"ListItem","position":1,"name":"Trang ch\u1ee7","item":"https:\/\/vannangvn.123websitedev.com\/"},{"@type":"ListItem","position":2,"name":"S\u1ea3n ph\u1ea9m","item":"https:\/\/vannangvn.123websitedev.com\/cua-hang\/"},{"@type":"ListItem","position":3,"name":"THI\u1ebeT B\u1eca KI\u1ec2M TRA TAY V\u1ecaN GH\u1ebe (CHAIR ARM TESTER) KINGWELLS MODEL KW-BSE-16"}]},{"@type":"WebSite","@id":"https:\/\/vannangvn.123websitedev.com\/#website","url":"https:\/\/vannangvn.123websitedev.com\/","name":"Vannang.vn","description":"","publisher":{"@id":"https:\/\/vannangvn.123websitedev.com\/#organization"},"potentialAction":[{"@type":"SearchAction","target":{"@type":"EntryPoint","urlTemplate":"https:\/\/vannangvn.123websitedev.com\/?s={search_term_string}"},"query-input":{"@type":"PropertyValueSpecification","valueRequired":true,"valueName":"search_term_string"}}],"inLanguage":"en-US"},{"@type":"Organization","@id":"https:\/\/vannangvn.123websitedev.com\/#organization","name":"Vannang.vn","url":"https:\/\/vannangvn.123websitedev.com\/","logo":{"@type":"ImageObject","inLanguage":"en-US","@id":"https:\/\/vannangvn.123websitedev.com\/#\/schema\/logo\/image\/","url":"https:\/\/vannangvn.123websitedev.com\/wp-content\/uploads\/2026\/02\/logo-van-nang-02.png","contentUrl":"https:\/\/vannangvn.123websitedev.com\/wp-content\/uploads\/2026\/02\/logo-van-nang-02.png","width":448,"height":111,"caption":"Vannang.vn"},"image":{"@id":"https:\/\/vannangvn.123websitedev.com\/#\/schema\/logo\/image\/"}}]}},"_links":{"self":[{"href":"https:\/\/vannangvn.123websitedev.com\/en\/wp-json\/wp\/v2\/product\/7968","targetHints":{"allow":["GET"]}}],"collection":[{"href":"https:\/\/vannangvn.123websitedev.com\/en\/wp-json\/wp\/v2\/product"}],"about":[{"href":"https:\/\/vannangvn.123websitedev.com\/en\/wp-json\/wp\/v2\/types\/product"}],"replies":[{"embeddable":true,"href":"https:\/\/vannangvn.123websitedev.com\/en\/wp-json\/wp\/v2\/comments?post=7968"}],"wp:featuredmedia":[{"embeddable":true,"href":"https:\/\/vannangvn.123websitedev.com\/en\/wp-json\/wp\/v2\/media\/8378"}],"wp:attachment":[{"href":"https:\/\/vannangvn.123websitedev.com\/en\/wp-json\/wp\/v2\/media?parent=7968"}],"wp:term":[{"taxonomy":"product_brand","embeddable":true,"href":"https:\/\/vannangvn.123websitedev.com\/en\/wp-json\/wp\/v2\/product_brand?post=7968"},{"taxonomy":"product_cat","embeddable":true,"href":"https:\/\/vannangvn.123websitedev.com\/en\/wp-json\/wp\/v2\/product_cat?post=7968"},{"taxonomy":"product_tag","embeddable":true,"href":"https:\/\/vannangvn.123websitedev.com\/en\/wp-json\/wp\/v2\/product_tag?post=7968"}],"curies":[{"name":"wp","href":"https:\/\/api.w.org\/{rel}","templated":true}]}}