{"id":7971,"date":"2026-03-20T19:13:27","date_gmt":"2026-03-20T12:13:27","guid":{"rendered":"https:\/\/vannangvn.123websitedev.com\/san-pham\/thiet-bi-kiem-tra-vat-lieu-da-nang-cometech-model-qc-507d3\/"},"modified":"2026-03-30T18:55:54","modified_gmt":"2026-03-30T11:55:54","slug":"thiet-bi-kiem-tra-vat-lieu-da-nang-cometech-model-qc-507d3","status":"publish","type":"product","link":"https:\/\/vannangvn.123websitedev.com\/en\/product\/thiet-bi-kiem-tra-vat-lieu-da-nang-cometech-model-qc-507d3\/","title":{"rendered":"THI\u1ebeT B\u1eca KI\u1ec2M TRA V\u1eacT LI\u1ec6U \u0110A N\u0102NG COMETECH MODEL QC-507D3"},"content":{"rendered":"<h1 style=\"color: red; font-weight: bold; font-size: 24px;\">T&#7893;ng quan s&#7843;n ph&#7849;m THI&#7870;T B&#7882; KI&#7874;M TRA V&#7852;T LI&#7878;U &#272;A N&#258;NG COMETECH MODEL QC-507D3<p>Thi&#7871;t B&#7883; Ki&#7875;m Tra V&#7853;t Li&#7879;u &#272;a N&#259;ng (Universal Material Tester Horizontal Type) Cometech Model QC-507D3<br>\nThi&#7871;t B&#7883; Ki&#7875;m Tra V&#7853;t Li&#7879;u &#272;a N&#259;ng Cometech QC-507D3 l&agrave; gi&#7843;i ph&aacute;p t&#7889;i &#432;u cho c&aacute;c b&agrave;i ki&#7875;m tra b&oacute;c t&aacute;ch 90&deg;\/180&deg;, &#273;o l&#7921;c ma s&aacute;t v&agrave; c&aacute;c ph&eacute;p th&#7917; t&#7843;i nh&#7865; kh&aacute;c trong nhi&#7873;u l&#297;nh v&#7921;c nh&#432; &#273;i&#7879;n t&#7917;, th&#7921;c ph&#7849;m, y t&#7871; v&agrave; bao b&igrave;. &#272;&acirc;y l&agrave; l&#7921;a ch&#7885;n l&yacute; t&#432;&#7903;ng cho c&aacute;c ph&ograve;ng th&iacute; nghi&#7879;m QC v&agrave; nh&agrave; m&aacute;y s&#7843;n xu&#7845;t c&#7847;n gi&#7843;i ph&aacute;p ki&#7875;m tra linh ho&#7841;t, g&#7885;n g&agrave;ng v&agrave; hi&#7879;u qu&#7843;. H&atilde;y c&ugrave;ng V&#7841;n N&#259;ng t&igrave;m hi&#7875;u chi ti&#7871;t h&#417;n v&#7873; s&#7843;n ph&#7849;m th&ocirc;ng qua b&agrave;i vi&#7871;t d&#432;&#7899;i &#273;&acirc;y nh&eacute;!<\/p><p>Xem th&ecirc;m: M&aacute;y Hu&#7923;nh Quang Tia X C&#7847;m Tay HHXRF (Handheld XRF Spectrometers) Bruker Model S1 TITAN 500S<\/p><p>N&eacute;t &#272;&#7863;c Tr&#432;ng C&#7911;a Cometech QC-507D3<br>\nThi&#7871;t k&#7871; t&#7889;i &#432;u cho ki&#7875;m tra t&#7843;i nh&#7865;<br>\nCometech QC-507D3 &#273;&#432;&#7907;c t&#7889;i &#432;u cho c&aacute;c b&agrave;i test b&oacute;c t&aacute;ch, ma s&aacute;t, l&#7921;c k&eacute;o nh&#7865;, th&iacute;ch h&#7907;p cho c&aacute;c m&#7851;u nh&#7887; ho&#7863;c c&aacute;c ph&eacute;p th&#7917; c&#7847;n &#273;&#7897; ch&iacute;nh x&aacute;c cao. Thi&#7871;t k&#7871; &#273;&#7871; th&#7917; c&oacute; th&#7875; &#273;i&#7873;u ch&#7881;nh g&oacute;c, gi&uacute;p thao t&aacute;c thu&#7853;n ti&#7879;n trong nhi&#7873;u lo&#7841;i b&agrave;i test.<br>\nHo&#7841;t &#273;&#7897;ng &#273;&#417;n gi&#7843;n, kh&ocirc;ng c&#7847;n ph&#7847;n m&#7873;m ngo&agrave;i<br>\nM&agrave;n h&igrave;nh c&#7843;m &#7913;ng 2.8 inch t&iacute;ch h&#7907;p s&#7861;n ch&#7871; &#273;&#7897; ki&#7875;m tra b&oacute;c t&aacute;ch, l&#432;u &#273;i&#7873;u ki&#7879;n th&#7917;, hi&#7875;n th&#7883; bi&#7875;u &#273;&#7891; l&#7921;c &ndash; th&#7901;i gian v&agrave; l&#7921;c &ndash; d&#7883;ch chuy&#7875;n, &#273;&#7891;ng th&#7901;i h&#7895; tr&#7907; ch&#7913;c n&#259;ng t&#7921; d&#7915;ng t&#7841;i &#273;i&#7875;m g&atilde;y v&agrave; t&#7921; &#273;&#7897;ng tr&#7843; v&#7873;.<\/p><p>T&#7889;c &#273;&#7897; &#273;i&#7873;u khi&#7875;n k&#7929; thu&#7853;t s&#7889; ch&iacute;nh x&aacute;c<br>\nNh&#7901; b&#7897; &#273;i&#7873;u khi&#7875;n &#273;&#7897;ng c&#417; d&#7841;ng v&ograve;ng k&iacute;n, thi&#7871;t b&#7883; &#273;&#7841;t &#273;&#7897; ch&iacute;nh x&aacute;c t&#7889;c &#273;&#7897; g&#7847;n t&#432;&#417;ng &#273;&#432;&#417;ng servo motor. Ng&#432;&#7901;i d&ugrave;ng c&oacute; th&#7875; &#273;&#7863;t t&#7889;c &#273;&#7897; ch&iacute;nh x&aacute;c b&#7857;ng s&#7889;, &#273;&#7843;m b&#7843;o t&iacute;nh l&#7863;p l&#7841;i v&agrave; &#7893;n &#273;&#7883;nh c&#7911;a k&#7871;t qu&#7843;.<br>\n&#272;a ng&ocirc;n ng&#7919; v&agrave; &#273;a &#273;&#417;n v&#7883; &#273;o<br>\nModel QC-507D3 h&#7895; tr&#7907; nhi&#7873;u ng&ocirc;n ng&#7919; (Anh, Trung, Nh&#7853;t) v&agrave; chuy&#7875;n &#273;&#7893;i linh ho&#7841;t gi&#7919;a &#273;&#417;n v&#7883; &#273;o h&#7879; m&eacute;t v&agrave; h&#7879; Anh, ph&ugrave; h&#7907;p cho c&aacute;c ph&ograve;ng th&iacute; nghi&#7879;m qu&#7889;c t&#7871;.<br>\nKh&#7843; n&#259;ng l&#432;u tr&#7919; v&agrave; b&#7843;o v&#7879; d&#7919; li&#7879;u<br>\nC&oacute; th&#7875; l&#432;u tr&#7919; 10 b&#7897; d&#7919; li&#7879;u ngay tr&ecirc;n thi&#7871;t b&#7883;, h&#7895; tr&#7907; b&#7843;o v&#7879; qu&aacute; t&#7843;i, gi&#7899;i h&#7841;n h&agrave;nh tr&igrave;nh, h&#7865;n gi&#7901; t&#7855;t v&agrave; d&#7915;ng khi ph&aacute; h&#7911;y m&#7851;u &#273;&#7875; b&#7843;o v&#7879; c&#7843;m bi&#7871;n v&agrave; an to&agrave;n v&#7853;n h&agrave;nh.<\/p><p>Xem th&ecirc;m: Thi&#7871;t B&#7883; &#272;o Nhi&#7879;t &#272;&#7897; T&#7841;o M&agrave;n T&#7889;i Thi&#7875;u Rhopoint Model MFFT 90<\/p><p>&#431;u &#272;i&#7875;m V&#432;&#7907;t Tr&#7897;i C&#7911;a Model QC-507D3<br>\n&#272;&#7897;ng c&#417; DC an to&agrave;n v&agrave; t&#432;&#417;ng th&iacute;ch to&agrave;n c&#7847;u<br>\nM&aacute;y Ki&#7875;m Tra V&#7853;t Li&#7879;u &#272;a N&#259;ng QC-507D3 h&#7895; tr&#7907; d&#7843;i &#273;i&#7879;n &aacute;p 100&ndash;240 VAC, gi&uacute;p thi&#7871;t b&#7883; v&#7853;n h&agrave;nh &#7893;n &#273;&#7883;nh &#7903; nhi&#7873;u khu v&#7921;c m&agrave; kh&ocirc;ng c&#7847;n &#273;i&#7873;u ch&#7881;nh ngu&#7891;n &#273;i&#7879;n.<br>\nKh&#7843; n&#259;ng m&#7903; r&#7897;ng v&#7899;i ph&#7847;n m&#7873;m t&ugrave;y ch&#7885;n<br>\nPh&#7847;n m&#7873;m chuy&ecirc;n d&#7909;ng cho ph&eacute;p ch&#7881;nh s&#7917;a b&aacute;o c&aacute;o, so s&aacute;nh k&#7871;t qu&#7843; nhi&#7873;u b&agrave;i test, t&ugrave;y ch&#7881;nh b&#7889; c&#7909;c hi&#7875;n th&#7883; d&#7919; li&#7879;u, ph&acirc;n t&iacute;ch n&acirc;ng cao (l&#7921;c, &#273;&#7897; d&#7883;ch chuy&#7875;n, &#273;&#7897; gi&atilde;n d&agrave;i, th&#7901;i gian).<br>\nC&#7843;m bi&#7871;n l&#7921;c thay th&#7871; nhanh ch&oacute;ng<br>\nC&#7843;m bi&#7871;n l&#7921;c c&oacute; chip t&iacute;ch h&#7907;p ghi th&ocirc;ng s&#7889; hi&#7879;u chu&#7849;n, cho ph&eacute;p thay th&#7871; m&agrave; kh&ocirc;ng c&#7847;n c&agrave;i &#273;&#7863;t l&#7841;i. C&oacute; nhi&#7873;u d&#7843;i t&#7843;i tr&#7885;ng &#273;&#7875; l&#7921;a ch&#7885;n, &#273;&aacute;p &#7913;ng &#273;a d&#7841;ng nhu c&#7847;u ki&#7875;m tra.<\/p><p>B&#7843;o tr&igrave; v&agrave; s&#7917; d&#7909;ng &#273;&#417;n gi&#7843;n<br>\nC&aacute;c ph&#7909; ki&#7879;n nh&#432; c&#7843;m bi&#7871;n l&#7921;c, k&#7865;p m&#7851;u c&oacute; th&#7875; th&aacute;o r&#7901;i d&#7877; d&agrave;ng b&#7857;ng d&#7909;ng c&#7909; th&ocirc;ng th&#432;&#7901;ng, thu&#7853;n ti&#7879;n cho vi&#7879;c b&#7843;o tr&igrave; v&agrave; hi&#7879;u chu&#7849;n &#273;&#7883;nh k&#7923;.<br>\nTu&acirc;n th&#7911; ti&ecirc;u chu&#7849;n qu&#7889;c t&#7871;<br>\nQC-507D3 s&#7903; h&#7919;u &#273;&#7897; ch&iacute;nh x&aacute;c c&#7911;a c&#7843;m bi&#7871;n l&#7921;c &#273;&#7841;t chu&#7849;n qu&#7889;c t&#7871; (c&#7845;p A &plusmn;0.5%, c&#7845;p B &plusmn;1%), ph&ugrave; h&#7907;p c&aacute;c y&ecirc;u c&#7847;u ki&#7875;m &#273;&#7883;nh ch&#7845;t l&#432;&#7907;ng trong ng&agrave;nh c&ocirc;ng nghi&#7879;p v&agrave; ph&ograve;ng th&iacute; nghi&#7879;m.<\/p><p>Xem th&ecirc;m: M&aacute;y &#272;o H&#7879; S&#7889; Ma S&aacute;t B&#7873; M&#7863;t S&agrave;n (Floor Slide Control) Elcon Model FSC 2000<\/p><p>&#7912;ng D&#7909;ng Trong Ng&agrave;nh C&ocirc;ng Nghi&#7879;p<br>\nThi&#7871;t B&#7883; Ki&#7875;m Tra V&#7853;t Li&#7879;u &#272;a N&#259;ng Model QC-507D3 &#273;&#432;&#7907;c &#7913;ng d&#7909;ng r&#7897;ng r&atilde;i trong:<\/p><p>Ki&#7875;m tra b&oacute;c t&aacute;ch b&#259;ng keo, phim b&#7843;o v&#7879;, v&#7853;t li&#7879;u &#273;&oacute;ng g&oacute;i.<br>\n&#272;o l&#7921;c ma s&aacute;t trong bao b&igrave; th&#7921;c ph&#7849;m v&agrave; d&#432;&#7907;c ph&#7849;m.<br>\nKi&#7875;m tra l&#7921;c b&oacute;c t&aacute;ch trong ng&agrave;nh &#273;i&#7879;n t&#7917;, m&agrave;n h&igrave;nh c&#7843;m &#7913;ng.<br>\n&#272;&aacute;nh gi&aacute; l&#7921;c d&aacute;n, &#273;&#7897; b&#7873;n k&eacute;o c&#7911;a v&#7853;t li&#7879;u y t&#7871;, b&#259;ng d&aacute;n, v&#7843;i kh&ocirc;ng d&#7879;t.<br>\n&#7912;ng d&#7909;ng trong R&amp;D, ph&aacute;t tri&#7875;n s&#7843;n ph&#7849;m m&#7899;i v&agrave; ki&#7875;m tra ch&#7845;t l&#432;&#7907;ng &#273;&#7883;nh k&#7923;.<\/p><p>Kh&#7843; n&#259;ng k&#7871;t n&#7889;i d&#7919; li&#7879;u qua Wi-Fi v&agrave; xu&#7845;t b&aacute;o c&aacute;o tr&#7921;c ti&#7871;p gi&uacute;p gi&#7843;m th&#7901;i gian ph&acirc;n t&iacute;ch, h&#7895; tr&#7907; ra quy&#7871;t &#273;&#7883;nh nhanh trong quy tr&igrave;nh s&#7843;n xu&#7845;t.<\/p><p>Nh&#7919;ng L&yacute; Do N&ecirc;n Mua Thi&#7871;t B&#7883; Ki&#7875;m Tra V&#7853;t Li&#7879;u &#272;a N&#259;ng T&#7841;i V&#7841;n N&#259;ng<\/p><p>C&ocirc;ng ty Thi&#7871;t B&#7883; C&ocirc;ng Ngh&#7879; V&#7841;n N&#259;ng l&agrave; &#273;&#7889;i t&aacute;c ch&iacute;nh th&#7913;c ph&acirc;n ph&#7889;i Thi&#7871;t B&#7883; Ki&#7875;m Tra V&#7853;t Li&#7879;u &#272;a N&#259;ng h&agrave;ng &#273;&#7847;u t&#7841;i Vi&#7879;t Nam, cam k&#7871;t cung c&#7845;p s&#7843;n ph&#7849;m ch&iacute;nh h&atilde;ng v&#7899;i gi&aacute; c&#7843; c&#7841;nh tranh nh&#7845;t th&#7883; tr&#432;&#7901;ng. V&#7899;i uy t&iacute;n tr&ecirc;n th&#7883; tr&#432;&#7901;ng v&agrave; ch&#7871; &#273;&#7897; h&#7851;u m&atilde;i t&#7889;t, Thi&#7871;t B&#7883; C&ocirc;ng Ngh&#7879; V&#7841;n N&#259;ng &#273;&atilde; nh&#7853;n &#273;&#432;&#7907;c s&#7921; tin t&#432;&#7903;ng t&#7915; kh&aacute;ch h&agrave;ng nh&#7901; v&agrave;o ch&#7845;t l&#432;&#7907;ng h&agrave;ng &#273;&#7847;u c&#7911;a c&aacute;c d&ograve;ng s&#7843;n ph&#7849;m.<br>\nS&#7843;n ph&#7849;m c&#7911;a ch&uacute;ng t&ocirc;i &#273;&#432;&#7907;c ki&#7875;m &#273;&#7883;nh ch&#7845;t l&#432;&#7907;ng, nh&#7853;p kh&#7849;u tr&#7921;c ti&#7871;p t&#7915; nh&agrave; m&aacute;y b&ecirc;n Ch&acirc;u &Acirc;u, M&#7929;, &Uacute;c, Nh&#7853;t B&#7843;n,&hellip; v&agrave; &#273;&aacute;p &#7913;ng nhu c&#7847;u &#273;a d&#7841;ng c&#7911;a th&#7883; tr&#432;&#7901;ng nh&#432;: M&aacute;y &#272;o &#272;&#7897; C&#7913;ng, M&aacute;y SPECTROMAXx, M&aacute;y Ki&#7875;m Tra &#272;&#432;&#7901;ng Gh&eacute;p M&iacute; Lon,&hellip; Ch&uacute;ng t&ocirc;i cam k&#7871;t cung c&#7845;p s&#7843;n ph&#7849;m n&agrave;y tr&ecirc;n to&agrave;n qu&#7889;c v&#7899;i gi&aacute; c&#7843; c&#7841;nh tranh nh&#7845;t.<br>\nCh&uacute;ng t&ocirc;i c&oacute; &#273;&#7897;i ng&#361; chuy&ecirc;n vi&ecirc;n t&#432; v&#7845;n chuy&ecirc;n s&acirc;u s&#7869; h&#7895; tr&#7907; kh&aacute;ch h&agrave;ng v&#7873; chi ti&#7871;t s&#7843;n ph&#7849;m, h&#432;&#7899;ng d&#7851;n s&#7917; d&#7909;ng hay nh&#7919;ng th&#7913; li&ecirc;n quan &#273;&#7871;n v&#7845;n &#273;&#7873; m&agrave; doanh nghi&#7879;p b&#7841;n &#273;ang g&#7863;p ph&#7843;i. Ch&uacute;ng t&ocirc;i s&#7869; cung c&#7845;p nh&#7919;ng gi&#7843;i ph&aacute;p t&#7889;i &#432;u nh&#7845;t!<br>\nNgo&agrave;i ra Thi&#7871;t B&#7883; C&ocirc;ng Ngh&#7879; V&#7841;n N&#259;ng Ch&uacute;ng T&ocirc;i lu&ocirc;n h&#432;&#7899;ng &#273;&#7871;n tr&#7843;i nghi&#7879;m kh&aacute;ch h&agrave;ng, v&igrave; v&#7853;y ch&uacute;ng t&ocirc;i c&oacute; nh&#7919;ng ch&iacute;nh s&aacute;ch b&#7843;o h&agrave;nh, b&#7843;o tr&igrave; &ndash; b&#7843;o d&#432;&#7905;ng, hi&#7879;u chu&#7849;n v&#7899;i t&#7845;t c&#7843; c&aacute;c thi&#7871;t b&#7883;, m&aacute;y m&oacute;c m&agrave; ch&uacute;ng t&ocirc;i cung c&#7845;p. &#272;&#7843;m b&#7843;o mang &#273;&#7871;n cho Kh&aacute;ch h&agrave;ng s&#7921; y&ecirc;n t&acirc;m tuy&#7879;t &#273;&#7889;i v&#7873; d&#7883;ch v&#7909; khi mua h&agrave;ng.<\/p><p>Xem th&ecirc;m: M&aacute;y Ki&#7875;m Tra V&#7841;n N&#259;ng (Universal Testing Machine) Anton Paar Model UTM Micro<\/p><p>T&#7893;ng K&#7871;t<br>\nThi&#7871;t B&#7883; Ki&#7875;m Tra V&#7853;t Li&#7879;u &#272;a N&#259;ng Cometech Model QC-507D3 l&agrave; m&#7897;t thi&#7871;t b&#7883; ki&#7875;m tra v&#7853;t li&#7879;u &#273;a n&#259;ng nh&#7887; g&#7885;n nh&#432;ng m&#7841;nh m&#7869;, &#273;&aacute;p &#7913;ng h&#7847;u h&#7871;t c&aacute;c b&agrave;i test t&#7843;i nh&#7865; nh&#432; b&oacute;c t&aacute;ch, ma s&aacute;t, k&eacute;o. &#272;&acirc;y l&agrave; gi&#7843;i ph&aacute;p t&#7889;i &#432;u cho c&aacute;c doanh nghi&#7879;p c&#7847;n m&#7897;t h&#7879; th&#7889;ng ki&#7875;m tra linh ho&#7841;t, ch&iacute;nh x&aacute;c v&agrave; ti&#7871;t ki&#7879;m kh&ocirc;ng gian. H&atilde;y li&ecirc;n h&#7879; v&#7899;i V&#7841;n N&#259;ng ngay &#273;&#7875; &#273;&#432;&#7907;c t&#432; v&#7845;n chuy&ecirc;n s&acirc;u v&agrave; nh&#7853;n nh&#7919;ng &#432;u &#273;&atilde;i h&#7845;p d&#7851;n nh&#7845;t th&ocirc;ng qua hotline0903 991 335 !<\/p><div style=\"background-color: #f8fafc; border: 1px solid #e2e8f0; border-radius: 8px; padding: 25px; max-width: 800px; margin: 30px auto; color: #334155; line-height: 1.8; font-size: 17px; box-shadow: 0 4px 6px -1px rgba(0,0,0,0.05); text-align: left; clear: both;\">\nC&ocirc;ng ty TNHH Th&#432;&#417;ng M&#7841;i D&#7883;ch V&#7909; Thi&#7871;t B&#7883; C&ocirc;ng Ngh&#7879; V&#7841;n N&#259;ng\n<p style=\"margin: 0 0 10px 0;\">&#128205; <strong style=\"color: #1e293b;\">&#272;&#7883;a ch&#7881;:<\/strong> <a style=\"color: #059669; text-decoration: none; font-weight: bold;\" href=\"https:\/\/www.google.com\/maps\/search\/C%C3%B4ng+ty+TNHH+Th%C6%B0%C6%A1ng+M%E1%BA%A1i+D%E1%BB%8Bch+V%E1%BB%A5+Thi%E1%BA%BFt+B%E1%BB%8B+C%C3%B4ng+Ngh%E1%BB%87+V%E1%BA%A1n+N%C4%83ng+818+Tr%C6%B0%E1%BB%9Dng+Chinh\" target=\"_blank\" rel=\"noopener\">818 Tr&#432;&#7901;ng Chinh, Ph&#432;&#7901;ng T&acirc;n S&#417;n, Th&agrave;nh ph&#7889; H&#7891; Ch&iacute; Minh, Vi&#7879;t Nam<\/a><\/p>\n<p style=\"margin: 0 0 10px 0;\">&#128222; <strong style=\"color: #1e293b;\">S&#272;T &ndash; Zalo:<\/strong> <a style=\"color: #059669; text-decoration: none; font-weight: bold;\" href=\"https:\/\/zalo.me\/0903991335\" target=\"_blank\" rel=\"noopener\">0903 991 335<\/a> <span style=\"color: #64748b; font-style: italic;\">(Ms. H&#7841;nh &ndash; Gi&aacute;m &#272;&#7889;c Kinh Doanh)<\/span><\/p>\n<p style=\"margin: 0;\">&#9993;&#65039; <strong style=\"color: #1e293b;\">Email:<\/strong> <a style=\"color: #059669; text-decoration: none; font-weight: bold;\" href=\"mailto:hienhanh@vannangvn.com\">hienhanh@vannangvn.com<\/a><\/p>\n<\/div><\/h1>","protected":false},"excerpt":{"rendered":"<p><strong>Th&#432;&#417;ng hi&#7879;u:<\/strong> Cometech<br>\n<strong>Model:<\/strong> QC-507D3<p>Product <strong>THI&#7870;T B&#7882; KI&#7874;M TRA V&#7852;T LI&#7878;U &#272;A N&#258;NG COMETECH MODEL QC-507D3<\/strong> ch&iacute;nh h&atilde;ng. Cometech (Taiwan)<br>\nCometech QC-507D3 l&agrave; m&aacute;y ki&#7875;m tra v&#7853;t li&#7879;u &#273;a n&#259;ng, nh&#7887; g&#7885;n, chuy&ecirc;n d&ugrave;ng cho c&aacute;c b&agrave;i ki&#7875;m tra b&oacute;c t&aacute;ch, l&#7921;c ma s&aacute;t v&agrave; t&#7843;i nh&#7865;. M&aacute;y c&oacute; m&agrave;n h&igrave;nh c&#7843;m &#7913;ng 2.8 inch hi&#7875;n th&#7883; &#273;&#7891; th&#7883; tr&#7921;c quan, ph&ugrave; h&#7907;p cho ph&ograve;ng th&iacute; nghi&#7879;m QC v&agrave; s&#7843;n xu&#7845;t.<\/p><\/p>","protected":false},"featured_media":0,"comment_status":"open","ping_status":"closed","template":"","meta":[],"product_brand":[],"product_cat":[18],"product_tag":[116,208,209,222,223,533,561,562,768,769,3492],"class_list":{"0":"post-7971","1":"product","2":"type-product","3":"status-publish","5":"product_cat-chua-phan-loai","6":"product_tag-model","7":"product_tag-kiem","8":"product_tag-tra","9":"product_tag-da","10":"product_tag-nang","11":"product_tag-cometech","12":"product_tag-vat","13":"product_tag-lieu","14":"product_tag-thiet","15":"product_tag-bi","16":"product_tag-qc-507d3","18":"first","19":"instock","20":"shipping-taxable","21":"product-type-simple"},"yoast_head":"<!-- This site is optimized with the Yoast SEO Premium plugin v24.8 (Yoast SEO v24.8) - https:\/\/yoast.com\/wordpress\/plugins\/seo\/ -->\n<title>THI\u1ebeT B\u1eca KI\u1ec2M TRA V\u1eacT LI\u1ec6U \u0110A N\u0102NG ... ch\u00ednh h\u00e3ng | V\u1ea1n N\u0103ng<\/title>\n<meta name=\"description\" content=\"Mua ngay THI\u1ebeT B\u1eca KI\u1ec2M TRA V\u1eacT LI\u1ec6U \u0110A N\u0102NG COMETECH MODEL QC-507D3 ch\u00ednh h\u00e3ng. Cometech QC-507D3 l\u00e0 m\u00e1y ki\u1ec3m tra v\u1eadt li\u1ec7u \u0111a n\u0103ng... Gi\u00e1 t\u1ed1t!\" \/>\n<meta name=\"robots\" content=\"noindex, follow, max-snippet:-1, max-image-preview:large, max-video-preview:-1\" \/>\n<meta property=\"og:locale\" content=\"en_US\" \/>\n<meta property=\"og:type\" content=\"article\" \/>\n<meta property=\"og:title\" content=\"THI\u1ebeT B\u1eca KI\u1ec2M TRA V\u1eacT LI\u1ec6U \u0110A N\u0102NG COMETECH MODEL QC-507D3\" \/>\n<meta property=\"og:description\" content=\"Mua ngay THI\u1ebeT B\u1eca KI\u1ec2M TRA V\u1eacT LI\u1ec6U \u0110A N\u0102NG COMETECH MODEL QC-507D3 ch\u00ednh h\u00e3ng. Cometech QC-507D3 l\u00e0 m\u00e1y ki\u1ec3m tra v\u1eadt li\u1ec7u \u0111a n\u0103ng... Gi\u00e1 t\u1ed1t!\" \/>\n<meta property=\"og:url\" content=\"https:\/\/vannangvn.123websitedev.com\/en\/product\/thiet-bi-kiem-tra-vat-lieu-da-nang-cometech-model-qc-507d3\/\" \/>\n<meta property=\"og:site_name\" content=\"Vannang.vn\" \/>\n<meta property=\"article:modified_time\" content=\"2026-03-30T11:55:54+00:00\" \/>\n<meta name=\"twitter:card\" content=\"summary_large_image\" \/>\n<meta name=\"twitter:label1\" content=\"Est. reading time\" \/>\n\t<meta name=\"twitter:data1\" content=\"9 minutes\" \/>\n<script type=\"application\/ld+json\" class=\"yoast-schema-graph\">{\"@context\":\"https:\/\/schema.org\",\"@graph\":[{\"@type\":\"WebPage\",\"@id\":\"https:\/\/vannangvn.123websitedev.com\/san-pham\/thiet-bi-kiem-tra-vat-lieu-da-nang-cometech-model-qc-507d3\/\",\"url\":\"https:\/\/vannangvn.123websitedev.com\/san-pham\/thiet-bi-kiem-tra-vat-lieu-da-nang-cometech-model-qc-507d3\/\",\"name\":\"THI\u1ebeT B\u1eca KI\u1ec2M TRA V\u1eacT LI\u1ec6U \u0110A N\u0102NG ... ch\u00ednh h\u00e3ng | V\u1ea1n N\u0103ng\",\"isPartOf\":{\"@id\":\"https:\/\/vannangvn.123websitedev.com\/#website\"},\"datePublished\":\"2026-03-20T12:13:27+00:00\",\"dateModified\":\"2026-03-30T11:55:54+00:00\",\"description\":\"Mua ngay THI\u1ebeT B\u1eca KI\u1ec2M TRA V\u1eacT LI\u1ec6U \u0110A N\u0102NG COMETECH MODEL QC-507D3 ch\u00ednh h\u00e3ng. Cometech QC-507D3 l\u00e0 m\u00e1y ki\u1ec3m tra v\u1eadt li\u1ec7u \u0111a n\u0103ng... Gi\u00e1 t\u1ed1t!\",\"breadcrumb\":{\"@id\":\"https:\/\/vannangvn.123websitedev.com\/san-pham\/thiet-bi-kiem-tra-vat-lieu-da-nang-cometech-model-qc-507d3\/#breadcrumb\"},\"inLanguage\":\"en-US\",\"potentialAction\":[{\"@type\":\"ReadAction\",\"target\":[\"https:\/\/vannangvn.123websitedev.com\/san-pham\/thiet-bi-kiem-tra-vat-lieu-da-nang-cometech-model-qc-507d3\/\"]}]},{\"@type\":\"BreadcrumbList\",\"@id\":\"https:\/\/vannangvn.123websitedev.com\/san-pham\/thiet-bi-kiem-tra-vat-lieu-da-nang-cometech-model-qc-507d3\/#breadcrumb\",\"itemListElement\":[{\"@type\":\"ListItem\",\"position\":1,\"name\":\"Trang ch\u1ee7\",\"item\":\"https:\/\/vannangvn.123websitedev.com\/\"},{\"@type\":\"ListItem\",\"position\":2,\"name\":\"S\u1ea3n ph\u1ea9m\",\"item\":\"https:\/\/vannangvn.123websitedev.com\/cua-hang\/\"},{\"@type\":\"ListItem\",\"position\":3,\"name\":\"THI\u1ebeT B\u1eca KI\u1ec2M TRA V\u1eacT LI\u1ec6U \u0110A N\u0102NG COMETECH MODEL QC-507D3\"}]},{\"@type\":\"WebSite\",\"@id\":\"https:\/\/vannangvn.123websitedev.com\/#website\",\"url\":\"https:\/\/vannangvn.123websitedev.com\/\",\"name\":\"Vannang.vn\",\"description\":\"\",\"publisher\":{\"@id\":\"https:\/\/vannangvn.123websitedev.com\/#organization\"},\"potentialAction\":[{\"@type\":\"SearchAction\",\"target\":{\"@type\":\"EntryPoint\",\"urlTemplate\":\"https:\/\/vannangvn.123websitedev.com\/?s={search_term_string}\"},\"query-input\":{\"@type\":\"PropertyValueSpecification\",\"valueRequired\":true,\"valueName\":\"search_term_string\"}}],\"inLanguage\":\"en-US\"},{\"@type\":\"Organization\",\"@id\":\"https:\/\/vannangvn.123websitedev.com\/#organization\",\"name\":\"Vannang.vn\",\"url\":\"https:\/\/vannangvn.123websitedev.com\/\",\"logo\":{\"@type\":\"ImageObject\",\"inLanguage\":\"en-US\",\"@id\":\"https:\/\/vannangvn.123websitedev.com\/#\/schema\/logo\/image\/\",\"url\":\"https:\/\/vannangvn.123websitedev.com\/wp-content\/uploads\/2026\/02\/logo-van-nang-02.png\",\"contentUrl\":\"https:\/\/vannangvn.123websitedev.com\/wp-content\/uploads\/2026\/02\/logo-van-nang-02.png\",\"width\":448,\"height\":111,\"caption\":\"Vannang.vn\"},\"image\":{\"@id\":\"https:\/\/vannangvn.123websitedev.com\/#\/schema\/logo\/image\/\"}}]}<\/script>\n<!-- \/ Yoast SEO Premium plugin. -->","yoast_head_json":{"title":"THI\u1ebeT B\u1eca KI\u1ec2M TRA V\u1eacT LI\u1ec6U \u0110A N\u0102NG ... ch\u00ednh h\u00e3ng | V\u1ea1n N\u0103ng","description":"Mua ngay THI\u1ebeT B\u1eca KI\u1ec2M TRA V\u1eacT LI\u1ec6U \u0110A N\u0102NG COMETECH MODEL QC-507D3 ch\u00ednh h\u00e3ng. Cometech QC-507D3 l\u00e0 m\u00e1y ki\u1ec3m tra v\u1eadt li\u1ec7u \u0111a n\u0103ng... Gi\u00e1 t\u1ed1t!","robots":{"index":"noindex","follow":"follow","max-snippet":"max-snippet:-1","max-image-preview":"max-image-preview:large","max-video-preview":"max-video-preview:-1"},"og_locale":"en_US","og_type":"article","og_title":"THI\u1ebeT B\u1eca KI\u1ec2M TRA V\u1eacT LI\u1ec6U \u0110A N\u0102NG COMETECH MODEL QC-507D3","og_description":"Mua ngay THI\u1ebeT B\u1eca KI\u1ec2M TRA V\u1eacT LI\u1ec6U \u0110A N\u0102NG COMETECH MODEL QC-507D3 ch\u00ednh h\u00e3ng. Cometech QC-507D3 l\u00e0 m\u00e1y ki\u1ec3m tra v\u1eadt li\u1ec7u \u0111a n\u0103ng... Gi\u00e1 t\u1ed1t!","og_url":"https:\/\/vannangvn.123websitedev.com\/en\/product\/thiet-bi-kiem-tra-vat-lieu-da-nang-cometech-model-qc-507d3\/","og_site_name":"Vannang.vn","article_modified_time":"2026-03-30T11:55:54+00:00","twitter_card":"summary_large_image","twitter_misc":{"Est. reading time":"9 minutes"},"schema":{"@context":"https:\/\/schema.org","@graph":[{"@type":"WebPage","@id":"https:\/\/vannangvn.123websitedev.com\/san-pham\/thiet-bi-kiem-tra-vat-lieu-da-nang-cometech-model-qc-507d3\/","url":"https:\/\/vannangvn.123websitedev.com\/san-pham\/thiet-bi-kiem-tra-vat-lieu-da-nang-cometech-model-qc-507d3\/","name":"THI\u1ebeT B\u1eca KI\u1ec2M TRA V\u1eacT LI\u1ec6U \u0110A N\u0102NG ... ch\u00ednh h\u00e3ng | V\u1ea1n N\u0103ng","isPartOf":{"@id":"https:\/\/vannangvn.123websitedev.com\/#website"},"datePublished":"2026-03-20T12:13:27+00:00","dateModified":"2026-03-30T11:55:54+00:00","description":"Mua ngay THI\u1ebeT B\u1eca KI\u1ec2M TRA V\u1eacT LI\u1ec6U \u0110A N\u0102NG COMETECH MODEL QC-507D3 ch\u00ednh h\u00e3ng. Cometech QC-507D3 l\u00e0 m\u00e1y ki\u1ec3m tra v\u1eadt li\u1ec7u \u0111a n\u0103ng... Gi\u00e1 t\u1ed1t!","breadcrumb":{"@id":"https:\/\/vannangvn.123websitedev.com\/san-pham\/thiet-bi-kiem-tra-vat-lieu-da-nang-cometech-model-qc-507d3\/#breadcrumb"},"inLanguage":"en-US","potentialAction":[{"@type":"ReadAction","target":["https:\/\/vannangvn.123websitedev.com\/san-pham\/thiet-bi-kiem-tra-vat-lieu-da-nang-cometech-model-qc-507d3\/"]}]},{"@type":"BreadcrumbList","@id":"https:\/\/vannangvn.123websitedev.com\/san-pham\/thiet-bi-kiem-tra-vat-lieu-da-nang-cometech-model-qc-507d3\/#breadcrumb","itemListElement":[{"@type":"ListItem","position":1,"name":"Trang ch\u1ee7","item":"https:\/\/vannangvn.123websitedev.com\/"},{"@type":"ListItem","position":2,"name":"S\u1ea3n ph\u1ea9m","item":"https:\/\/vannangvn.123websitedev.com\/cua-hang\/"},{"@type":"ListItem","position":3,"name":"THI\u1ebeT B\u1eca KI\u1ec2M TRA V\u1eacT LI\u1ec6U \u0110A N\u0102NG COMETECH MODEL QC-507D3"}]},{"@type":"WebSite","@id":"https:\/\/vannangvn.123websitedev.com\/#website","url":"https:\/\/vannangvn.123websitedev.com\/","name":"Vannang.vn","description":"","publisher":{"@id":"https:\/\/vannangvn.123websitedev.com\/#organization"},"potentialAction":[{"@type":"SearchAction","target":{"@type":"EntryPoint","urlTemplate":"https:\/\/vannangvn.123websitedev.com\/?s={search_term_string}"},"query-input":{"@type":"PropertyValueSpecification","valueRequired":true,"valueName":"search_term_string"}}],"inLanguage":"en-US"},{"@type":"Organization","@id":"https:\/\/vannangvn.123websitedev.com\/#organization","name":"Vannang.vn","url":"https:\/\/vannangvn.123websitedev.com\/","logo":{"@type":"ImageObject","inLanguage":"en-US","@id":"https:\/\/vannangvn.123websitedev.com\/#\/schema\/logo\/image\/","url":"https:\/\/vannangvn.123websitedev.com\/wp-content\/uploads\/2026\/02\/logo-van-nang-02.png","contentUrl":"https:\/\/vannangvn.123websitedev.com\/wp-content\/uploads\/2026\/02\/logo-van-nang-02.png","width":448,"height":111,"caption":"Vannang.vn"},"image":{"@id":"https:\/\/vannangvn.123websitedev.com\/#\/schema\/logo\/image\/"}}]}},"_links":{"self":[{"href":"https:\/\/vannangvn.123websitedev.com\/en\/wp-json\/wp\/v2\/product\/7971","targetHints":{"allow":["GET"]}}],"collection":[{"href":"https:\/\/vannangvn.123websitedev.com\/en\/wp-json\/wp\/v2\/product"}],"about":[{"href":"https:\/\/vannangvn.123websitedev.com\/en\/wp-json\/wp\/v2\/types\/product"}],"replies":[{"embeddable":true,"href":"https:\/\/vannangvn.123websitedev.com\/en\/wp-json\/wp\/v2\/comments?post=7971"}],"wp:attachment":[{"href":"https:\/\/vannangvn.123websitedev.com\/en\/wp-json\/wp\/v2\/media?parent=7971"}],"wp:term":[{"taxonomy":"product_brand","embeddable":true,"href":"https:\/\/vannangvn.123websitedev.com\/en\/wp-json\/wp\/v2\/product_brand?post=7971"},{"taxonomy":"product_cat","embeddable":true,"href":"https:\/\/vannangvn.123websitedev.com\/en\/wp-json\/wp\/v2\/product_cat?post=7971"},{"taxonomy":"product_tag","embeddable":true,"href":"https:\/\/vannangvn.123websitedev.com\/en\/wp-json\/wp\/v2\/product_tag?post=7971"}],"curies":[{"name":"wp","href":"https:\/\/api.w.org\/{rel}","templated":true}]}}