{"id":7984,"date":"2026-03-20T19:13:46","date_gmt":"2026-03-20T12:13:46","guid":{"rendered":"https:\/\/vannangvn.123websitedev.com\/san-pham\/thiet-bi-may-do-do-nham-mikrosize-model-isurfa520\/"},"modified":"2026-03-30T18:56:14","modified_gmt":"2026-03-30T11:56:14","slug":"thiet-bi-may-do-do-nham-mikrosize-model-isurfa520","status":"publish","type":"product","link":"https:\/\/vannangvn.123websitedev.com\/en\/product\/thiet-bi-may-do-do-nham-mikrosize-model-isurfa520\/","title":{"rendered":"THI\u1ebeT B\u1eca M\u00c1Y \u0110O \u0110\u1ed8 NH\u00c1M MIKROSIZE MODEL ISURFA520"},"content":{"rendered":"<h1 style=\"color: red; font-weight: bold; font-size: 24px;\">T&#7893;ng quan s&#7843;n ph&#7849;m THI&#7870;T B&#7882; M&Aacute;Y &#272;O &#272;&#7896; NH&Aacute;M MIKROSIZE MODEL ISURFA520<p>Thi&#7871;t B&#7883; M&aacute;y &#272;o &#272;&#7897; Nh&aacute;m (Surface Roughness Tester) Mikrosize Model ISURFA520<br>\nThi&#7871;t B&#7883; &#272;o &#272;&#7897; Nh&aacute;m Mikrosize ISURFA520 (hay c&ograve;n &#273;&#432;&#7907;c g&#7885;i l&agrave; Portable Surface Roughness Tester MS-520) l&agrave; thi&#7871;t b&#7883; &#273;o l&#432;&#7901;ng &#273;&#7897; nh&aacute;m b&#7873; m&#7863;t di &#273;&#7897;ng v&#7899;i &#273;&#7897; ch&iacute;nh x&aacute;c cao. &#272;&acirc;y l&agrave; c&ocirc;ng c&#7909; kh&ocirc;ng th&#7875; thi&#7871;u trong c&aacute;c nh&agrave; m&aacute;y s&#7843;n xu&#7845;t, x&#432;&#7903;ng gia c&ocirc;ng, ph&ograve;ng th&iacute; nghi&#7879;m ki&#7875;m &#273;&#7883;nh ch&#7845;t l&#432;&#7907;ng s&#7843;n ph&#7849;m v&agrave; c&aacute;c d&acirc;y chuy&#7873;n l&#7855;p r&aacute;p.<br>\nV&#7899;i thi&#7871;t k&#7871; nh&#7887; g&#7885;n, tr&#7885;ng l&#432;&#7907;ng ch&#7881; kho&#7843;ng 320g, Roughness Tester ISURFA520 Mikrosize mang l&#7841;i s&#7921; linh ho&#7841;t v&agrave; d&#7877; d&agrave;ng di chuy&#7875;n, &#273;&#7863;c bi&#7879;t ph&ugrave; h&#7907;p &#273;&#7875; &#273;o &#273;&#7841;c t&#7841;i hi&#7879;n tr&#432;&#7901;ng ho&#7863;c t&#7841;i nh&#7919;ng v&#7883; tr&iacute; kh&oacute; ti&#7871;p c&#7853;n. H&atilde;y c&ugrave;ng V&#7841;n N&#259;ng t&igrave;m hi&#7875;u chi ti&#7871;t h&#417;n v&#7873; s&#7843;n ph&#7849;m th&ocirc;ng qua b&agrave;i vi&#7871;t d&#432;&#7899;i &#273;&acirc;y nh&eacute;!<\/p><p>Xem th&ecirc;m: M&aacute;y &#272;o &#272;&#7897; H&#7845;p Thu N&#432;&#7899;c C&#7911;a B&#7897;t M&igrave; (Flour and Dough Analyzer) Anton Paar Brabender FarinoGraph<\/p><h2 style=\"color: #2e7d32; font-weight: bold; font-size: 20px;\">C&aacute;c &#272;&#7863;c &#272;i&#7875;m K&#7929; Thu&#7853;t N&#7893;i B&#7853;t C&#7911;a ISURFA520<\/h2><p>D&#7843;i &#273;o r&#7897;ng<\/p><p>Tr&#7909;c Z (d&#7885;c): 320&micro;m<br>\nTr&#7909;c X (ngang): 17.5mm (t&#432;&#417;ng &#273;&#432;&#417;ng 0.71 inch)<br>\nD&#7843;i &#273;o n&agrave;y &#273;&aacute;p &#7913;ng &#273;&#432;&#7907;c h&#7847;u h&#7871;t y&ecirc;u c&#7847;u &#273;o l&#432;&#7901;ng trong gia c&ocirc;ng c&#417; kh&iacute; ch&iacute;nh x&aacute;c.<\/p><p>&#272;&#7897; ph&acirc;n gi&#7843;i cao<\/p><p>Tr&#7909;c Z:<\/p><p>&ndash; 0.01&mu;m\/&plusmn;20&mu;m<br>\n&ndash; 0.02&mu;m\/&plusmn;40&mu;m<br>\n&ndash; 0.04&mu;m\/&plusmn;80&mu;m<br>\nV&#7899;i kh&#7843; n&#259;ng hi&#7875;n th&#7883; &#273;&#7897; ph&acirc;n gi&#7843;i ch&#7881; 0.01&mu;m, thi&#7871;t b&#7883; &#273;&#7843;m b&#7843;o &#273;&#7897; ch&iacute;nh x&aacute;c trong t&#7915;ng ph&eacute;p &#273;o.<\/p><h2 style=\"color: #0073aa; font-weight: bold; font-size: 20px;\">&#272;a d&#7841;ng th&ocirc;ng s&#7889; &#273;o<\/h2><h2 style=\"color: #0073aa; font-weight: bold; font-size: 20px;\">Mikrosize ISURFA520 &#273;o &#273;&#432;&#7907;c nhi&#7873;u th&ocirc;ng s&#7889; &#273;&#7897; nh&aacute;m kh&aacute;c nhau, bao g&#7891;m:<\/h2><p>Ra, Rz, Rq, Rt, Rc, Rp, Rv, R3z, R3y, Rz(JIS), Ry, Rs, Rsk, Rku, Rmax, Rsm, Rmr, RPc, Rk, Rpk, Rvk, Mr1, Mr2.<\/p><h2 style=\"color: #0073aa; font-weight: bold; font-size: 20px;\">Kh&#7843; n&#259;ng &#273;o nhi&#7873;u th&ocirc;ng s&#7889; gi&uacute;p &#273;&aacute;nh gi&aacute; to&agrave;n di&#7879;n h&#417;n v&#7873; ch&#7845;t l&#432;&#7907;ng b&#7873; m&#7863;t.<\/h2><p>Ti&ecirc;u chu&#7849;n qu&#7889;c t&#7871;<br>\nISURFA520 tu&acirc;n th&#7911; c&aacute;c ti&ecirc;u chu&#7849;n &#273;o l&#432;&#7901;ng qu&#7889;c t&#7871;:<\/p><p>ISO4287<br>\nANSI B46.1<br>\nDIN4768<br>\nJISB601<\/p><p>Nh&#7901; v&#7853;y, k&#7871;t qu&#7843; &#273;o c&oacute; th&#7875; &#273;&#432;&#7907;c so s&aacute;nh v&agrave; s&#7917; d&#7909;ng trong c&aacute;c b&aacute;o c&aacute;o ch&#7845;t l&#432;&#7907;ng theo ti&ecirc;u chu&#7849;n qu&#7889;c t&#7871;.<br>\n&#272;a d&#7841;ng ch&#7871; &#273;&#7897; hi&#7875;n th&#7883; &#273;&#7891; h&#7885;a<\/p><p>Hi&#7875;n th&#7883; d&#7841;ng &#273;&#7891; h&#7885;a: Primary profile, Roughness profile, Load curves.<br>\nC&aacute;c b&#7897; l&#7885;c t&iacute;n hi&#7879;u: RC, PC-RC, Gauss, D-P.<br>\nNh&#7919;ng t&iacute;nh n&#259;ng n&agrave;y h&#7895; tr&#7907; k&#7929; thu&#7853;t vi&ecirc;n d&#7877; d&agrave;ng ph&acirc;n t&iacute;ch d&#7919; li&#7879;u &#273;o v&agrave; &#273;&aacute;nh gi&aacute; ch&iacute;nh x&aacute;c ch&#7845;t l&#432;&#7907;ng b&#7873; m&#7863;t.<\/p><p>Xem th&ecirc;m: Thi&#7871;t B&#7883; Ki&#7875;m Tra L&#7895;i S&#7843;n Ph&#7849;m Bo M&#7841;ch Th&ocirc; M&#7841;ch &#272;i&#7879;n Kurabo Model BBMaster-7000<\/p><h2 style=\"color: #0073aa; font-weight: bold; font-size: 20px;\">Chi Ti&#7871;t C&#7845;u T&#7841;o V&agrave; Ho&#7841;t &#272;&#7897;ng<\/h2><p>&#272;&#7847;u d&ograve; c&#7843;m bi&#7871;n (Sensor)<\/p><p>Nguy&ecirc;n l&yacute; ho&#7841;t &#273;&#7897;ng: C&#7843;m bi&#7871;n vi sai t&#7915; t&iacute;nh.<\/p><p>&#272;&#7847;u &#273;o: L&agrave;m t&#7915; kim c&#432;&#417;ng t&#7921; nhi&ecirc;n, g&oacute;c 60 &#273;&#7897;, b&aacute;n k&iacute;nh &#273;&#7847;u 2&mu;m.<br>\nL&#7921;c &#273;o: 0903 991 335!<\/p><div style=\"background-color: #f8fafc; border: 1px solid #e2e8f0; border-radius: 8px; padding: 25px; max-width: 800px; margin: 30px auto; color: #334155; line-height: 1.8; font-size: 17px; box-shadow: 0 4px 6px -1px rgba(0,0,0,0.05); text-align: left; clear: both;\">\nC&ocirc;ng ty TNHH Th&#432;&#417;ng M&#7841;i D&#7883;ch V&#7909; Thi&#7871;t B&#7883; C&ocirc;ng Ngh&#7879; V&#7841;n N&#259;ng\n<p style=\"margin: 0 0 10px 0;\">&#128205; <strong style=\"color: #1e293b;\">&#272;&#7883;a ch&#7881;:<\/strong> <a style=\"color: #059669; text-decoration: none; font-weight: bold;\" href=\"https:\/\/www.google.com\/maps\/search\/C%C3%B4ng+ty+TNHH+Th%C6%B0%C6%A1ng+M%E1%BA%A1i+D%E1%BB%8Bch+V%E1%BB%A5+Thi%E1%BA%BFt+B%E1%BB%8B+C%C3%B4ng+Ngh%E1%BB%87+V%E1%BA%A1n+N%C4%83ng+818+Tr%C6%B0%E1%BB%9Dng+Chinh\" target=\"_blank\" rel=\"noopener\">818 Tr&#432;&#7901;ng Chinh, Ph&#432;&#7901;ng T&acirc;n S&#417;n, Th&agrave;nh ph&#7889; H&#7891; Ch&iacute; Minh, Vi&#7879;t Nam<\/a><\/p>\n<p style=\"margin: 0 0 10px 0;\">&#128222; <strong style=\"color: #1e293b;\">S&#272;T &ndash; Zalo:<\/strong> <a style=\"color: #059669; text-decoration: none; font-weight: bold;\" href=\"https:\/\/zalo.me\/0903991335\" target=\"_blank\" rel=\"noopener\">0903 991 335<\/a> <span style=\"color: #64748b; font-style: italic;\">(Ms. H&#7841;nh &ndash; Gi&aacute;m &#272;&#7889;c Kinh Doanh)<\/span><\/p>\n<p style=\"margin: 0;\">&#9993;&#65039; <strong style=\"color: #1e293b;\">Email:<\/strong> <a style=\"color: #059669; text-decoration: none; font-weight: bold;\" href=\"mailto:hienhanh@vannangvn.com\">hienhanh@vannangvn.com<\/a><\/p>\n<\/div><\/h1>","protected":false},"excerpt":{"rendered":"<p><strong>Th&#432;&#417;ng hi&#7879;u:<\/strong> Mikrosize<br>\n<strong>Model:<\/strong> ISURFA520<p>Product <strong>THI&#7870;T B&#7882; M&Aacute;Y &#272;O &#272;&#7896; NH&Aacute;M MIKROSIZE MODEL ISURFA520<\/strong> ch&iacute;nh h&atilde;ng. Mikrosize (China)<br>\nISURFA520 l&agrave; thi&#7871;t b&#7883; &#273;o &#273;&#7897; nh&aacute;m b&#7873; m&#7863;t c&#7847;m tay ch&#7845;t l&#432;&#7907;ng cao, s&#7917; d&#7909;ng c&ocirc;ng ngh&#7879; ti&ecirc;n ti&#7871;n &#273;&#7875; &#273;o ch&iacute;nh x&aacute;c v&agrave; &#273;&aacute;ng tin c&#7853;y tr&ecirc;n nhi&#7873;u b&#7873; m&#7863;t kim lo&#7841;i v&agrave; phi kim, &#273;&#7843;m b&#7843;o k&#7871;t qu&#7843; &#273;o &#7893;n &#273;&#7883;nh, &#273;&aacute;p &#7913;ng ti&ecirc;u chu&#7849;n ISO4287, ANSI B46.1, DIN4768 v&agrave; JISB601, ph&ugrave; h&#7907;p cho c&aacute;c x&#432;&#7903;ng s&#7843;n xu&#7845;t, d&acirc;y chuy&#7873;n l&#7855;p r&aacute;p v&agrave; ki&#7875;m tra ch&#7845;t l&#432;&#7907;ng.<\/p><\/p>","protected":false},"featured_media":10222,"comment_status":"open","ping_status":"closed","template":"","meta":[],"product_brand":[],"product_cat":[18],"product_tag":[109,116,181,182,768,769,1638,3506],"class_list":{"0":"post-7984","1":"product","2":"type-product","3":"status-publish","4":"has-post-thumbnail","6":"product_cat-chua-phan-loai","7":"product_tag-may","8":"product_tag-model","9":"product_tag-do","10":"product_tag-nham","11":"product_tag-thiet","12":"product_tag-bi","13":"product_tag-mikrosize","14":"product_tag-isurfa520","16":"first","17":"instock","18":"shipping-taxable","19":"product-type-simple"},"yoast_head":"<!-- This site is optimized with the Yoast SEO Premium plugin v24.8 (Yoast SEO v24.8) - https:\/\/yoast.com\/wordpress\/plugins\/seo\/ -->\n<title>THI\u1ebeT B\u1eca M\u00c1Y \u0110O \u0110\u1ed8 NH\u00c1M MIKROSIZE M... ch\u00ednh h\u00e3ng | V\u1ea1n N\u0103ng<\/title>\n<meta name=\"description\" content=\"Mua ngay THI\u1ebeT B\u1eca M\u00c1Y \u0110O \u0110\u1ed8 NH\u00c1M MIKROSIZE MODEL ISURFA520 ch\u00ednh h\u00e3ng. ISURFA520 l\u00e0 thi\u1ebft b\u1ecb \u0111o \u0111\u1ed9 nh\u00e1m b\u1ec1 m\u1eb7t c\u1ea7m tay ch\u1ea5t l\u01b0\u1ee3ng... Gi\u00e1 t\u1ed1t!\" \/>\n<meta name=\"robots\" content=\"noindex, follow, max-snippet:-1, max-image-preview:large, max-video-preview:-1\" \/>\n<meta property=\"og:locale\" content=\"en_US\" \/>\n<meta property=\"og:type\" content=\"article\" \/>\n<meta property=\"og:title\" content=\"THI\u1ebeT B\u1eca M\u00c1Y \u0110O \u0110\u1ed8 NH\u00c1M MIKROSIZE MODEL ISURFA520\" \/>\n<meta property=\"og:description\" content=\"Mua ngay THI\u1ebeT B\u1eca M\u00c1Y \u0110O \u0110\u1ed8 NH\u00c1M MIKROSIZE MODEL ISURFA520 ch\u00ednh h\u00e3ng. ISURFA520 l\u00e0 thi\u1ebft b\u1ecb \u0111o \u0111\u1ed9 nh\u00e1m b\u1ec1 m\u1eb7t c\u1ea7m tay ch\u1ea5t l\u01b0\u1ee3ng... Gi\u00e1 t\u1ed1t!\" \/>\n<meta property=\"og:url\" content=\"https:\/\/vannangvn.123websitedev.com\/en\/product\/thiet-bi-may-do-do-nham-mikrosize-model-isurfa520\/\" \/>\n<meta property=\"og:site_name\" content=\"Vannang.vn\" \/>\n<meta property=\"article:modified_time\" content=\"2026-03-30T11:56:14+00:00\" \/>\n<meta property=\"og:image\" content=\"http:\/\/vannangvn.123websitedev.com\/wp-content\/uploads\/2026\/03\/Mikrosize-ISURFA520-no.1-copy.jpg\" \/>\n\t<meta property=\"og:image:width\" content=\"768\" \/>\n\t<meta property=\"og:image:height\" content=\"576\" \/>\n\t<meta property=\"og:image:type\" content=\"image\/jpeg\" \/>\n<meta name=\"twitter:card\" content=\"summary_large_image\" \/>\n<meta name=\"twitter:label1\" content=\"Est. reading time\" \/>\n\t<meta name=\"twitter:data1\" content=\"10 minutes\" \/>\n<script type=\"application\/ld+json\" class=\"yoast-schema-graph\">{\"@context\":\"https:\/\/schema.org\",\"@graph\":[{\"@type\":\"WebPage\",\"@id\":\"https:\/\/vannangvn.123websitedev.com\/san-pham\/thiet-bi-may-do-do-nham-mikrosize-model-isurfa520\/\",\"url\":\"https:\/\/vannangvn.123websitedev.com\/san-pham\/thiet-bi-may-do-do-nham-mikrosize-model-isurfa520\/\",\"name\":\"THI\u1ebeT B\u1eca M\u00c1Y \u0110O \u0110\u1ed8 NH\u00c1M MIKROSIZE M... ch\u00ednh h\u00e3ng | V\u1ea1n N\u0103ng\",\"isPartOf\":{\"@id\":\"https:\/\/vannangvn.123websitedev.com\/#website\"},\"primaryImageOfPage\":{\"@id\":\"https:\/\/vannangvn.123websitedev.com\/san-pham\/thiet-bi-may-do-do-nham-mikrosize-model-isurfa520\/#primaryimage\"},\"image\":{\"@id\":\"https:\/\/vannangvn.123websitedev.com\/san-pham\/thiet-bi-may-do-do-nham-mikrosize-model-isurfa520\/#primaryimage\"},\"thumbnailUrl\":\"https:\/\/vannangvn.123websitedev.com\/wp-content\/uploads\/2026\/03\/Mikrosize-ISURFA520-no.1-copy.jpg\",\"datePublished\":\"2026-03-20T12:13:46+00:00\",\"dateModified\":\"2026-03-30T11:56:14+00:00\",\"description\":\"Mua ngay THI\u1ebeT B\u1eca M\u00c1Y \u0110O \u0110\u1ed8 NH\u00c1M MIKROSIZE MODEL ISURFA520 ch\u00ednh h\u00e3ng. ISURFA520 l\u00e0 thi\u1ebft b\u1ecb \u0111o \u0111\u1ed9 nh\u00e1m b\u1ec1 m\u1eb7t c\u1ea7m tay ch\u1ea5t l\u01b0\u1ee3ng... Gi\u00e1 t\u1ed1t!\",\"breadcrumb\":{\"@id\":\"https:\/\/vannangvn.123websitedev.com\/san-pham\/thiet-bi-may-do-do-nham-mikrosize-model-isurfa520\/#breadcrumb\"},\"inLanguage\":\"en-US\",\"potentialAction\":[{\"@type\":\"ReadAction\",\"target\":[\"https:\/\/vannangvn.123websitedev.com\/san-pham\/thiet-bi-may-do-do-nham-mikrosize-model-isurfa520\/\"]}]},{\"@type\":\"ImageObject\",\"inLanguage\":\"en-US\",\"@id\":\"https:\/\/vannangvn.123websitedev.com\/san-pham\/thiet-bi-may-do-do-nham-mikrosize-model-isurfa520\/#primaryimage\",\"url\":\"https:\/\/vannangvn.123websitedev.com\/wp-content\/uploads\/2026\/03\/Mikrosize-ISURFA520-no.1-copy.jpg\",\"contentUrl\":\"https:\/\/vannangvn.123websitedev.com\/wp-content\/uploads\/2026\/03\/Mikrosize-ISURFA520-no.1-copy.jpg\",\"width\":768,\"height\":576},{\"@type\":\"BreadcrumbList\",\"@id\":\"https:\/\/vannangvn.123websitedev.com\/san-pham\/thiet-bi-may-do-do-nham-mikrosize-model-isurfa520\/#breadcrumb\",\"itemListElement\":[{\"@type\":\"ListItem\",\"position\":1,\"name\":\"Trang ch\u1ee7\",\"item\":\"https:\/\/vannangvn.123websitedev.com\/\"},{\"@type\":\"ListItem\",\"position\":2,\"name\":\"S\u1ea3n ph\u1ea9m\",\"item\":\"https:\/\/vannangvn.123websitedev.com\/cua-hang\/\"},{\"@type\":\"ListItem\",\"position\":3,\"name\":\"THI\u1ebeT B\u1eca M\u00c1Y \u0110O \u0110\u1ed8 NH\u00c1M MIKROSIZE MODEL ISURFA520\"}]},{\"@type\":\"WebSite\",\"@id\":\"https:\/\/vannangvn.123websitedev.com\/#website\",\"url\":\"https:\/\/vannangvn.123websitedev.com\/\",\"name\":\"Vannang.vn\",\"description\":\"\",\"publisher\":{\"@id\":\"https:\/\/vannangvn.123websitedev.com\/#organization\"},\"potentialAction\":[{\"@type\":\"SearchAction\",\"target\":{\"@type\":\"EntryPoint\",\"urlTemplate\":\"https:\/\/vannangvn.123websitedev.com\/?s={search_term_string}\"},\"query-input\":{\"@type\":\"PropertyValueSpecification\",\"valueRequired\":true,\"valueName\":\"search_term_string\"}}],\"inLanguage\":\"en-US\"},{\"@type\":\"Organization\",\"@id\":\"https:\/\/vannangvn.123websitedev.com\/#organization\",\"name\":\"Vannang.vn\",\"url\":\"https:\/\/vannangvn.123websitedev.com\/\",\"logo\":{\"@type\":\"ImageObject\",\"inLanguage\":\"en-US\",\"@id\":\"https:\/\/vannangvn.123websitedev.com\/#\/schema\/logo\/image\/\",\"url\":\"https:\/\/vannangvn.123websitedev.com\/wp-content\/uploads\/2026\/02\/logo-van-nang-02.png\",\"contentUrl\":\"https:\/\/vannangvn.123websitedev.com\/wp-content\/uploads\/2026\/02\/logo-van-nang-02.png\",\"width\":448,\"height\":111,\"caption\":\"Vannang.vn\"},\"image\":{\"@id\":\"https:\/\/vannangvn.123websitedev.com\/#\/schema\/logo\/image\/\"}}]}<\/script>\n<!-- \/ Yoast SEO Premium plugin. -->","yoast_head_json":{"title":"THI\u1ebeT B\u1eca M\u00c1Y \u0110O \u0110\u1ed8 NH\u00c1M MIKROSIZE M... ch\u00ednh h\u00e3ng | V\u1ea1n N\u0103ng","description":"Mua ngay THI\u1ebeT B\u1eca M\u00c1Y \u0110O \u0110\u1ed8 NH\u00c1M MIKROSIZE MODEL ISURFA520 ch\u00ednh h\u00e3ng. ISURFA520 l\u00e0 thi\u1ebft b\u1ecb \u0111o \u0111\u1ed9 nh\u00e1m b\u1ec1 m\u1eb7t c\u1ea7m tay ch\u1ea5t l\u01b0\u1ee3ng... Gi\u00e1 t\u1ed1t!","robots":{"index":"noindex","follow":"follow","max-snippet":"max-snippet:-1","max-image-preview":"max-image-preview:large","max-video-preview":"max-video-preview:-1"},"og_locale":"en_US","og_type":"article","og_title":"THI\u1ebeT B\u1eca M\u00c1Y \u0110O \u0110\u1ed8 NH\u00c1M MIKROSIZE MODEL ISURFA520","og_description":"Mua ngay THI\u1ebeT B\u1eca M\u00c1Y \u0110O \u0110\u1ed8 NH\u00c1M MIKROSIZE MODEL ISURFA520 ch\u00ednh h\u00e3ng. ISURFA520 l\u00e0 thi\u1ebft b\u1ecb \u0111o \u0111\u1ed9 nh\u00e1m b\u1ec1 m\u1eb7t c\u1ea7m tay ch\u1ea5t l\u01b0\u1ee3ng... Gi\u00e1 t\u1ed1t!","og_url":"https:\/\/vannangvn.123websitedev.com\/en\/product\/thiet-bi-may-do-do-nham-mikrosize-model-isurfa520\/","og_site_name":"Vannang.vn","article_modified_time":"2026-03-30T11:56:14+00:00","og_image":[{"width":768,"height":576,"url":"http:\/\/vannangvn.123websitedev.com\/wp-content\/uploads\/2026\/03\/Mikrosize-ISURFA520-no.1-copy.jpg","type":"image\/jpeg"}],"twitter_card":"summary_large_image","twitter_misc":{"Est. reading time":"10 minutes"},"schema":{"@context":"https:\/\/schema.org","@graph":[{"@type":"WebPage","@id":"https:\/\/vannangvn.123websitedev.com\/san-pham\/thiet-bi-may-do-do-nham-mikrosize-model-isurfa520\/","url":"https:\/\/vannangvn.123websitedev.com\/san-pham\/thiet-bi-may-do-do-nham-mikrosize-model-isurfa520\/","name":"THI\u1ebeT B\u1eca M\u00c1Y \u0110O \u0110\u1ed8 NH\u00c1M MIKROSIZE M... ch\u00ednh h\u00e3ng | V\u1ea1n N\u0103ng","isPartOf":{"@id":"https:\/\/vannangvn.123websitedev.com\/#website"},"primaryImageOfPage":{"@id":"https:\/\/vannangvn.123websitedev.com\/san-pham\/thiet-bi-may-do-do-nham-mikrosize-model-isurfa520\/#primaryimage"},"image":{"@id":"https:\/\/vannangvn.123websitedev.com\/san-pham\/thiet-bi-may-do-do-nham-mikrosize-model-isurfa520\/#primaryimage"},"thumbnailUrl":"https:\/\/vannangvn.123websitedev.com\/wp-content\/uploads\/2026\/03\/Mikrosize-ISURFA520-no.1-copy.jpg","datePublished":"2026-03-20T12:13:46+00:00","dateModified":"2026-03-30T11:56:14+00:00","description":"Mua ngay THI\u1ebeT B\u1eca M\u00c1Y \u0110O \u0110\u1ed8 NH\u00c1M MIKROSIZE MODEL ISURFA520 ch\u00ednh h\u00e3ng. ISURFA520 l\u00e0 thi\u1ebft b\u1ecb \u0111o \u0111\u1ed9 nh\u00e1m b\u1ec1 m\u1eb7t c\u1ea7m tay ch\u1ea5t l\u01b0\u1ee3ng... Gi\u00e1 t\u1ed1t!","breadcrumb":{"@id":"https:\/\/vannangvn.123websitedev.com\/san-pham\/thiet-bi-may-do-do-nham-mikrosize-model-isurfa520\/#breadcrumb"},"inLanguage":"en-US","potentialAction":[{"@type":"ReadAction","target":["https:\/\/vannangvn.123websitedev.com\/san-pham\/thiet-bi-may-do-do-nham-mikrosize-model-isurfa520\/"]}]},{"@type":"ImageObject","inLanguage":"en-US","@id":"https:\/\/vannangvn.123websitedev.com\/san-pham\/thiet-bi-may-do-do-nham-mikrosize-model-isurfa520\/#primaryimage","url":"https:\/\/vannangvn.123websitedev.com\/wp-content\/uploads\/2026\/03\/Mikrosize-ISURFA520-no.1-copy.jpg","contentUrl":"https:\/\/vannangvn.123websitedev.com\/wp-content\/uploads\/2026\/03\/Mikrosize-ISURFA520-no.1-copy.jpg","width":768,"height":576},{"@type":"BreadcrumbList","@id":"https:\/\/vannangvn.123websitedev.com\/san-pham\/thiet-bi-may-do-do-nham-mikrosize-model-isurfa520\/#breadcrumb","itemListElement":[{"@type":"ListItem","position":1,"name":"Trang ch\u1ee7","item":"https:\/\/vannangvn.123websitedev.com\/"},{"@type":"ListItem","position":2,"name":"S\u1ea3n ph\u1ea9m","item":"https:\/\/vannangvn.123websitedev.com\/cua-hang\/"},{"@type":"ListItem","position":3,"name":"THI\u1ebeT B\u1eca M\u00c1Y \u0110O \u0110\u1ed8 NH\u00c1M MIKROSIZE MODEL ISURFA520"}]},{"@type":"WebSite","@id":"https:\/\/vannangvn.123websitedev.com\/#website","url":"https:\/\/vannangvn.123websitedev.com\/","name":"Vannang.vn","description":"","publisher":{"@id":"https:\/\/vannangvn.123websitedev.com\/#organization"},"potentialAction":[{"@type":"SearchAction","target":{"@type":"EntryPoint","urlTemplate":"https:\/\/vannangvn.123websitedev.com\/?s={search_term_string}"},"query-input":{"@type":"PropertyValueSpecification","valueRequired":true,"valueName":"search_term_string"}}],"inLanguage":"en-US"},{"@type":"Organization","@id":"https:\/\/vannangvn.123websitedev.com\/#organization","name":"Vannang.vn","url":"https:\/\/vannangvn.123websitedev.com\/","logo":{"@type":"ImageObject","inLanguage":"en-US","@id":"https:\/\/vannangvn.123websitedev.com\/#\/schema\/logo\/image\/","url":"https:\/\/vannangvn.123websitedev.com\/wp-content\/uploads\/2026\/02\/logo-van-nang-02.png","contentUrl":"https:\/\/vannangvn.123websitedev.com\/wp-content\/uploads\/2026\/02\/logo-van-nang-02.png","width":448,"height":111,"caption":"Vannang.vn"},"image":{"@id":"https:\/\/vannangvn.123websitedev.com\/#\/schema\/logo\/image\/"}}]}},"_links":{"self":[{"href":"https:\/\/vannangvn.123websitedev.com\/en\/wp-json\/wp\/v2\/product\/7984","targetHints":{"allow":["GET"]}}],"collection":[{"href":"https:\/\/vannangvn.123websitedev.com\/en\/wp-json\/wp\/v2\/product"}],"about":[{"href":"https:\/\/vannangvn.123websitedev.com\/en\/wp-json\/wp\/v2\/types\/product"}],"replies":[{"embeddable":true,"href":"https:\/\/vannangvn.123websitedev.com\/en\/wp-json\/wp\/v2\/comments?post=7984"}],"wp:featuredmedia":[{"embeddable":true,"href":"https:\/\/vannangvn.123websitedev.com\/en\/wp-json\/wp\/v2\/media\/10222"}],"wp:attachment":[{"href":"https:\/\/vannangvn.123websitedev.com\/en\/wp-json\/wp\/v2\/media?parent=7984"}],"wp:term":[{"taxonomy":"product_brand","embeddable":true,"href":"https:\/\/vannangvn.123websitedev.com\/en\/wp-json\/wp\/v2\/product_brand?post=7984"},{"taxonomy":"product_cat","embeddable":true,"href":"https:\/\/vannangvn.123websitedev.com\/en\/wp-json\/wp\/v2\/product_cat?post=7984"},{"taxonomy":"product_tag","embeddable":true,"href":"https:\/\/vannangvn.123websitedev.com\/en\/wp-json\/wp\/v2\/product_tag?post=7984"}],"curies":[{"name":"wp","href":"https:\/\/api.w.org\/{rel}","templated":true}]}}