{"id":7992,"date":"2026-03-20T19:14:00","date_gmt":"2026-03-20T12:14:00","guid":{"rendered":"https:\/\/vannangvn.123websitedev.com\/san-pham\/thiet-bi-ngat-ro-ri-khi-gas-mirico-model-mr-2065a\/"},"modified":"2026-03-30T18:56:24","modified_gmt":"2026-03-30T11:56:24","slug":"thiet-bi-ngat-ro-ri-khi-gas-mirico-model-mr-2065a","status":"publish","type":"product","link":"https:\/\/vannangvn.123websitedev.com\/en\/product\/thiet-bi-ngat-ro-ri-khi-gas-mirico-model-mr-2065a\/","title":{"rendered":"THI\u1ebeT B\u1eca NG\u1eaeT R\u00d2 R\u1ec8 KH\u00cd GAS MIRICO MODEL MR-2065A"},"content":{"rendered":"<h1 style=\"color: red; font-weight: bold; font-size: 24px;\">T&#7893;ng quan s&#7843;n ph&#7849;m THI&#7870;T B&#7882; NG&#7854;T R&Ograve; R&#7880; KH&Iacute; GAS MIRICO MODEL MR-2065A<p>Thi&#7871;t B&#7883; Ng&#7855;t R&ograve; R&#7881; Kh&iacute; Gas (Gas Leakage Shut Off Device) MIRICO Model MR-2065A<br>\nThi&#7871;t B&#7883; Ng&#7855;t R&ograve; R&#7881; Kh&iacute; Gas Model MR-2065A l&agrave; thi&#7871;t b&#7883; t&#7921; &#273;&#7897;ng &#273;&oacute;ng &#273;&#432;&#7901;ng &#7889;ng gas khi ph&aacute;t hi&#7879;n r&ograve; r&#7881;, gi&uacute;p ng&#259;n ch&#7863;n nguy c&#417; ch&aacute;y n&#7893; v&agrave; &#273;&#7843;m b&#7843;o an to&agrave;n cho ng&#432;&#7901;i d&ugrave;ng. &#272;&#432;&#7907;c thi&#7871;t k&#7871; theo ti&ecirc;u chu&#7849;n c&ocirc;ng nghi&#7879;p qu&#7889;c t&#7871;, s&#7843;n ph&#7849;m ho&#7841;t &#273;&#7897;ng &#7893;n &#273;&#7883;nh, c&oacute; th&#7875; k&#7871;t h&#7907;p linh ho&#7841;t v&#7899;i b&#7897; c&#7843;nh b&aacute;o r&ograve; r&#7881; &#273;&#7875; t&#7841;o th&agrave;nh h&#7879; th&#7889;ng ph&ograve;ng ch&#7889;ng r&ograve; r&#7881; kh&eacute;p k&iacute;n. &#272;&acirc;y l&agrave; l&#7921;a ch&#7885;n l&yacute; t&#432;&#7903;ng cho nh&agrave; h&agrave;ng, c&#7917;a h&agrave;ng, khu th&#432;&#417;ng m&#7841;i v&agrave; c&#417; s&#7903; s&#7843;n xu&#7845;t nh&#7887;. H&atilde;y c&ugrave;ng V&#7841;n N&#259;ng t&igrave;m hi&#7875;u chi ti&#7871;t h&#417;n v&#7873; s&#7843;n ph&#7849;m th&ocirc;ng qua b&agrave;i vi&#7871;t d&#432;&#7899;i &#273;&acirc;y nh&eacute;!<\/p><p>Xem th&ecirc;m: Thi&#7871;t B&#7883; &#272;o pH Anton Paar Model pH 3201<\/p><p>N&eacute;t &#272;&#7863;c Tr&#432;ng C&#7911;a MIRICO MR-2065A<br>\nT&#7921; &#273;&#7897;ng &#273;&oacute;ng van trong v&ograve;ng 30 gi&acirc;y<br>\nMIRICO Model MR-2065A &#273;&#432;&#7907;c trang b&#7883; c&#417; ch&#7871; &#273;&oacute;ng van t&#7921; &#273;&#7897;ng nhanh ch&oacute;ng khi nh&#7853;n t&iacute;n hi&#7879;u r&ograve; r&#7881; t&#7915; c&#7843;m bi&#7871;n kh&iacute;. Ch&#7881; trong v&ograve;ng 30 gi&acirc;y, h&#7879; th&#7889;ng s&#7869; k&iacute;ch ho&#7841;t qu&aacute; tr&igrave;nh ng&#7855;t van ho&agrave;n to&agrave;n, gi&uacute;p ng&#259;n ch&#7863;n kh&iacute; gas tho&aacute;t ra m&ocirc;i tr&#432;&#7901;ng, gi&#7843;m thi&#7875;u t&#7889;i &#273;a r&#7911;i ro ch&aacute;y n&#7893;.<br>\nThi&#7871;t k&#7871; b&#7873;n b&#7881; v&#7899;i v&#7853;t li&#7879;u cao c&#7845;p<br>\nPh&#7847;n v&#7887; &#273;&#432;&#7907;c l&agrave;m t&#7915; h&#7907;p kim nh&ocirc;m v&agrave; th&acirc;n van t&#7915; th&eacute;p S45C c&oacute; &#273;&#7897; c&#7913;ng cao, gi&uacute;p t&#259;ng tu&#7893;i th&#7885; thi&#7871;t b&#7883; v&agrave; kh&#7843; n&#259;ng ch&#7889;ng &#259;n m&ograve;n. To&agrave;n b&#7897; c&#7845;u tr&uacute;c &#273;&aacute;p &#7913;ng m&ocirc;i tr&#432;&#7901;ng kh&#7855;c nghi&#7879;t, c&oacute; th&#7875; ho&#7841;t &#273;&#7897;ng &#7893;n &#273;&#7883;nh &#7903; nhi&#7879;t &#273;&#7897; t&#7915; -20&deg;C &#273;&#7871;n +50&deg;C v&agrave; &#273;&#7897; &#7849;m l&ecirc;n t&#7899;i 95%.<br>\nT&#432;&#417;ng th&iacute;ch v&#7899;i nhi&#7873;u k&iacute;ch c&#7905; v&agrave; h&#7879; th&#7889;ng van<br>\nD&ograve;ng MR Series h&#7847;u h&#7871;t &#273;&#7873;u t&#432;&#417;ng &#7913;ng v&#7899;i k&iacute;ch c&#7905; van t&#7915; 1&frac14;&rdquo; &#273;&#7871;n 2&frac14;&rdquo;. Nh&#7901; thi&#7871;t k&#7871; d&#7841;ng flange ball valve, thi&#7871;t b&#7883; d&#7877; d&agrave;ng l&#7855;p &#273;&#7863;t v&agrave;o c&aacute;c h&#7879; th&#7889;ng &#7889;ng gas th&#432;&#417;ng m&#7841;i hi&#7879;n c&oacute; m&agrave; kh&ocirc;ng c&#7847;n thay &#273;&#7893;i c&#7845;u tr&uacute;c &#273;&#432;&#7901;ng &#7889;ng.<br>\nK&#7871;t h&#7907;p &#273;&#7891;ng b&#7897; v&#7899;i b&#7897; &#273;i&#7873;u khi&#7875;n MR-3265<br>\nKhi ho&#7841;t &#273;&#7897;ng c&ugrave;ng B&#7897; &#272;i&#7873;u Khi&#7875;n MIRICO MR-3265, h&#7879; th&#7889;ng c&oacute; th&#7875; nh&#7853;n t&iacute;n hi&#7879;u t&#7915; c&#7843;m bi&#7871;n r&ograve; r&#7881;, t&#7921; &#273;&#7897;ng &#273;i&#7873;u khi&#7875;n &#273;&oacute;ng\/m&#7903; van, &#273;&#7891;ng th&#7901;i hi&#7875;n th&#7883; tr&#7841;ng th&aacute;i ho&#7841;t &#273;&#7897;ng b&#7857;ng &#273;&egrave;n LED m&agrave;u (xanh, v&agrave;ng, &#273;&#7887;). &#272;i&#7873;u n&agrave;y gi&uacute;p ng&#432;&#7901;i v&#7853;n h&agrave;nh d&#7877; d&agrave;ng theo d&otilde;i v&agrave; ki&#7875;m so&aacute;t an to&agrave;n to&agrave;n b&#7897; h&#7879; th&#7889;ng.<br>\nCh&#7913;ng nh&#7853;n an to&agrave;n qu&#7889;c t&#7871; &#273;&aacute;ng tin c&#7853;y<br>\nVan Ng&#7855;t R&ograve; R&#7881; Kh&iacute; Gas MR-2065A &#273;&#7841;t nhi&#7873;u ch&#7913;ng nh&#7853;n uy t&iacute;n g&#7891;m CE, KC, ISO 9001, ISO 14001, c&ugrave;ng ki&#7875;m &#273;&#7883;nh ch&#7845;t l&#432;&#7907;ng t&#7915; Korea Gas Safety Corporation. &#272;&acirc;y l&agrave; minh ch&#7913;ng cho &#273;&#7897; an to&agrave;n, tin c&#7853;y v&agrave; kh&#7843; n&#259;ng &#273;&aacute;p &#7913;ng ti&ecirc;u chu&#7849;n k&#7929; thu&#7853;t qu&#7889;c t&#7871;.<\/p><p>Xem th&ecirc;m: H&#7879; Th&#7889;ng Ki&#7875;m Tra V&#7853;t Li&#7879;u T&#7921; &#272;&#7897;ng 3 Tr&#7909;c (3-Axis Non-Robotic Automated Testing System) Instron Model AT3<\/p><p>&#431;u &#272;i&#7875;m V&#432;&#7907;t Tr&#7897;i C&#7911;a Model MR-2065A<br>\nC&#417; ch&#7871; v&#7853;n h&agrave;nh an to&agrave;n v&agrave; th&ocirc;ng minh<br>\nThi&#7871;t B&#7883; Ng&#7855;t Kh&iacute; Gas R&ograve; R&#7881; MR-2065A s&#7917; d&#7909;ng ngu&#7891;n &#273;i&#7879;n DC 24&ndash;40V, d&ograve;ng ch&#7901; 0mA gi&uacute;p ti&#7871;t ki&#7879;m n&#259;ng l&#432;&#7907;ng v&agrave; gi&#7843;m r&#7911;i ro &#273;i&#7879;n. Khi c&oacute; t&iacute;n hi&#7879;u r&ograve; r&#7881;, h&#7879; th&#7889;ng s&#7869; k&iacute;ch ho&#7841;t ngu&#7891;n 20W &#273;&#7875; &#273;&oacute;ng van t&#7913;c th&#7901;i, &#273;&#7891;ng th&#7901;i g&#7917;i t&iacute;n hi&#7879;u v&#7873; b&#7897; &#273;i&#7873;u khi&#7875;n trung t&acirc;m.<br>\nHi&#7875;n th&#7883; tr&#7841;ng th&aacute;i r&otilde; r&agrave;ng, d&#7877; theo d&otilde;i<br>\nKhi k&#7871;t h&#7907;p v&#7899;i MR-3265, ng&#432;&#7901;i d&ugrave;ng c&oacute; th&#7875; nh&#7853;n bi&#7871;t t&igrave;nh tr&#7841;ng h&#7879; th&#7889;ng th&ocirc;ng qua &#273;&egrave;n b&aacute;o: xanh (m&#7903;), v&agrave;ng (&#273;&oacute;ng), &#273;&#7887; (b&aacute;o &#273;&#7897;ng) v&agrave; m&agrave;n h&igrave;nh hi&#7875;n th&#7883; FND. Nh&#7901; &#273;&oacute;, vi&#7879;c ki&#7875;m tra, b&#7843;o tr&igrave; v&agrave; kh&#7855;c ph&#7909;c s&#7921; c&#7889; tr&#7903; n&ecirc;n nhanh ch&oacute;ng v&agrave; ch&iacute;nh x&aacute;c.<br>\nD&#7877; l&#7855;p &#273;&#7863;t v&agrave; b&#7843;o tr&igrave; &#273;&#7883;nh k&#7923;<br>\nV&#7899;i thi&#7871;t k&#7871; d&#7841;ng Pipe Bolt Adjustment, vi&#7879;c k&#7871;t n&#7889;i v&agrave;o &#273;&#432;&#7901;ng &#7889;ng gas hi&#7879;n c&oacute; tr&#7903; n&ecirc;n &#273;&#417;n gi&#7843;n m&agrave; kh&ocirc;ng c&#7847;n h&agrave;n hay c&#7855;t &#7889;ng. K&#7871;t c&#7845;u m&ocirc;-&#273;un t&aacute;ch r&#7901;i gi&#7919;a van v&agrave; b&#7897; &#273;i&#7873;u khi&#7875;n gi&uacute;p vi&#7879;c b&#7843;o d&#432;&#7905;ng &#273;&#7883;nh k&#7923; thu&#7853;n ti&#7879;n, ti&#7871;t ki&#7879;m chi ph&iacute; v&#7853;n h&agrave;nh.<br>\nHo&#7841;t &#273;&#7897;ng &#7893;n &#273;&#7883;nh trong m&ocirc;i tr&#432;&#7901;ng kh&#7855;c nghi&#7879;t<br>\nMIRICO MR-2065A v&#7899;i d&#7843;i nhi&#7879;t &#273;&#7897; v&agrave; &#273;&#7897; &#7849;m l&agrave;m vi&#7879;c r&#7897;ng (-20&deg;C &#273;&#7871;n +50&deg;C, RH 95%) cho ph&eacute;p v&#7853;n h&agrave;nh tin c&#7853;y trong m&ocirc;i tr&#432;&#7901;ng nh&#432; b&#7871;p c&ocirc;ng nghi&#7879;p, kho gas, hay khu v&#7921;c m&aacute;y m&oacute;c sinh nhi&#7879;t cao. V&#7887; ABS ch&#7889;ng ch&aacute;y c&#7911;a b&#7897; &#273;i&#7873;u khi&#7875;n &#273;&#7843;m b&#7843;o &#273;&#7897; b&#7873;n v&agrave; an to&agrave;n tuy&#7879;t &#273;&#7889;i.<br>\nH&#7879; th&#7889;ng linh ho&#7841;t, t&#432;&#417;ng th&iacute;ch &#273;a c&#7843;m bi&#7871;n<br>\nThi&#7871;t b&#7883; c&oacute; th&#7875; k&#7871;t h&#7907;p v&#7899;i nhi&#7873;u lo&#7841;i c&#7843;m bi&#7871;n r&ograve; r&#7881; kh&iacute; gas kh&aacute;c nhau, t&#7841;o n&ecirc;n m&#7841;ng l&#432;&#7899;i gi&aacute;m s&aacute;t th&ocirc;ng minh v&agrave; &#273;&#7891;ng b&#7897;. Nh&#7901; &#273;&oacute;, ng&#432;&#7901;i d&ugrave;ng c&oacute; th&#7875; m&#7903; r&#7897;ng ph&#7841;m vi b&#7843;o v&#7879; cho to&agrave;n b&#7897; h&#7879; th&#7889;ng gas trong t&ograve;a nh&agrave; ho&#7863;c c&#417; s&#7903; s&#7843;n xu&#7845;t.<\/p><p>Xem th&ecirc;m: M&aacute;y &#272;o &#272;&#7897; H&#7845;p Th&#7909; H&#417;i N&#432;&#7899;c Gester GT-KC51<\/p><p>&#7912;ng D&#7909;ng Trong Ng&agrave;nh C&ocirc;ng Nghi&#7879;p<br>\nThi&#7871;t B&#7883; Ng&#7855;t R&ograve; R&#7881; Kh&iacute; Gas Model MR-2065A &#273;&#432;&#7907;c &#7913;ng d&#7909;ng r&#7897;ng r&atilde;i trong nhi&#7873;u l&#297;nh v&#7921;c th&#432;&#417;ng m&#7841;i v&agrave; c&ocirc;ng nghi&#7879;p, &#273;&#7863;c bi&#7879;t l&agrave; nh&#7919;ng n&#417;i s&#7917; d&#7909;ng gas v&#7899;i t&#7847;n su&#7845;t cao.<br>\nC&aacute;c &#7913;ng d&#7909;ng ti&ecirc;u bi&#7875;u bao g&#7891;m:<\/p><p>Nh&agrave; h&agrave;ng, qu&aacute;n &#259;n, khu b&#7871;p c&ocirc;ng nghi&#7879;p<br>\nC&#7917;a h&agrave;ng gas, tr&#7841;m n&#7841;p LPG\/LNG quy m&ocirc; nh&#7887;<br>\nKhu th&#432;&#417;ng m&#7841;i, trung t&acirc;m mua s&#7855;m<br>\nC&#417; s&#7903; s&#7843;n xu&#7845;t nh&#7887; ho&#7863;c ph&ograve;ng th&iacute; nghi&#7879;m d&ugrave;ng gas<br>\nH&#7879; th&#7889;ng gas trung t&acirc;m c&#7911;a kh&aacute;ch s&#7841;n v&agrave; t&ograve;a nh&agrave; cao t&#7847;ng<\/p><p>Nh&#7919;ng L&yacute; Do N&ecirc;n Mua Thi&#7871;t B&#7883; Ng&#7855;t R&ograve; R&#7881; Kh&iacute; Gas T&#7841;i V&#7841;n N&#259;ng<\/p><p>C&ocirc;ng ty Thi&#7871;t B&#7883; C&ocirc;ng Ngh&#7879; V&#7841;n N&#259;ng l&agrave; &#273;&#7889;i t&aacute;c ch&iacute;nh th&#7913;c ph&acirc;n ph&#7889;i Thi&#7871;t B&#7883; Ng&#7855;t R&ograve; R&#7881; Kh&iacute; Gas h&agrave;ng &#273;&#7847;u t&#7841;i Vi&#7879;t Nam, cam k&#7871;t cung c&#7845;p s&#7843;n ph&#7849;m ch&iacute;nh h&atilde;ng v&#7899;i gi&aacute; c&#7843; c&#7841;nh tranh nh&#7845;t th&#7883; tr&#432;&#7901;ng. V&#7899;i uy t&iacute;n tr&ecirc;n th&#7883; tr&#432;&#7901;ng v&agrave; ch&#7871; &#273;&#7897; h&#7851;u m&atilde;i t&#7889;t, Thi&#7871;t B&#7883; C&ocirc;ng Ngh&#7879; V&#7841;n N&#259;ng &#273;&atilde; nh&#7853;n &#273;&#432;&#7907;c s&#7921; tin t&#432;&#7903;ng t&#7915; kh&aacute;ch h&agrave;ng nh&#7901; v&agrave;o ch&#7845;t l&#432;&#7907;ng h&agrave;ng &#273;&#7847;u c&#7911;a c&aacute;c d&ograve;ng s&#7843;n ph&#7849;m.<br>\nS&#7843;n ph&#7849;m c&#7911;a ch&uacute;ng t&ocirc;i &#273;&#432;&#7907;c ki&#7875;m &#273;&#7883;nh ch&#7845;t l&#432;&#7907;ng, nh&#7853;p kh&#7849;u tr&#7921;c ti&#7871;p t&#7915; nh&agrave; m&aacute;y b&ecirc;n Ch&acirc;u &Acirc;u, M&#7929;, &Uacute;c, Nh&#7853;t B&#7843;n,&hellip; v&agrave; &#273;&aacute;p &#7913;ng nhu c&#7847;u &#273;a d&#7841;ng c&#7911;a th&#7883; tr&#432;&#7901;ng nh&#432;: M&aacute;y &#272;o &#272;&#7897; C&#7913;ng, M&aacute;y SPECTROMAXx, M&aacute;y Ki&#7875;m Tra &#272;&#432;&#7901;ng Gh&eacute;p M&iacute; Lon,&hellip; Ch&uacute;ng t&ocirc;i cam k&#7871;t cung c&#7845;p s&#7843;n ph&#7849;m n&agrave;y tr&ecirc;n to&agrave;n qu&#7889;c v&#7899;i gi&aacute; c&#7843; c&#7841;nh tranh nh&#7845;t.<br>\nCh&uacute;ng t&ocirc;i c&oacute; &#273;&#7897;i ng&#361; chuy&ecirc;n vi&ecirc;n t&#432; v&#7845;n chuy&ecirc;n s&acirc;u s&#7869; h&#7895; tr&#7907; kh&aacute;ch h&agrave;ng v&#7873; chi ti&#7871;t s&#7843;n ph&#7849;m, h&#432;&#7899;ng d&#7851;n s&#7917; d&#7909;ng hay nh&#7919;ng th&#7913; li&ecirc;n quan &#273;&#7871;n v&#7845;n &#273;&#7873; m&agrave; doanh nghi&#7879;p b&#7841;n &#273;ang g&#7863;p ph&#7843;i. Ch&uacute;ng t&ocirc;i s&#7869; cung c&#7845;p nh&#7919;ng gi&#7843;i ph&aacute;p t&#7889;i &#432;u nh&#7845;t!<br>\nNgo&agrave;i ra Thi&#7871;t B&#7883; C&ocirc;ng Ngh&#7879; V&#7841;n N&#259;ng Ch&uacute;ng T&ocirc;i lu&ocirc;n h&#432;&#7899;ng &#273;&#7871;n tr&#7843;i nghi&#7879;m kh&aacute;ch h&agrave;ng, v&igrave; v&#7853;y ch&uacute;ng t&ocirc;i c&oacute; nh&#7919;ng ch&iacute;nh s&aacute;ch b&#7843;o h&agrave;nh, b&#7843;o tr&igrave; &ndash; b&#7843;o d&#432;&#7905;ng, hi&#7879;u chu&#7849;n v&#7899;i t&#7845;t c&#7843; c&aacute;c thi&#7871;t b&#7883;, m&aacute;y m&oacute;c m&agrave; ch&uacute;ng t&ocirc;i cung c&#7845;p. &#272;&#7843;m b&#7843;o mang &#273;&#7871;n cho Kh&aacute;ch h&agrave;ng s&#7921; y&ecirc;n t&acirc;m tuy&#7879;t &#273;&#7889;i v&#7873; d&#7883;ch v&#7909; khi mua h&agrave;ng.<\/p><p>Xem th&ecirc;m: T&#7911; Ki&#7875;m Tra Kh&aacute;ng N&#432;&#7899;c V&agrave; &#272;&#7897; &#7848;m (Water Resistance Test Chamber &ndash; Humidity Test) Equilam Model KEQUM 300<\/p><p>T&#7893;ng K&#7871;t<br>\nThi&#7871;t B&#7883; Ng&#7855;t R&ograve; R&#7881; Kh&iacute; Gas MIRICO Model MR-2065A l&agrave; gi&#7843;i ph&aacute;p b&#7843;o v&#7879; to&agrave;n di&#7879;n, k&#7871;t h&#7907;p gi&#7919;a c&ocirc;ng ngh&#7879; c&#7843;m bi&#7871;n, c&#417; ch&#7871; t&#7921; &#273;&#7897;ng &#273;&oacute;ng van v&agrave; kh&#7843; n&#259;ng t&iacute;ch h&#7907;p th&ocirc;ng minh v&#7899;i h&#7879; th&#7889;ng c&#7843;nh b&aacute;o r&ograve; r&#7881;. V&#7899;i &#273;&#7897; b&#7873;n cao, v&#7853;n h&agrave;nh &#7893;n &#273;&#7883;nh v&agrave; &#273;&#7841;t ch&#7913;ng nh&#7853;n qu&#7889;c t&#7871;, thi&#7871;t b&#7883; x&#7913;ng &#273;&aacute;ng l&agrave; l&#7921;a ch&#7885;n h&agrave;ng &#273;&#7847;u cho m&#7885;i h&#7879; th&#7889;ng gas th&#432;&#417;ng m&#7841;i v&agrave; c&ocirc;ng nghi&#7879;p hi&#7879;n &#273;&#7841;i. H&atilde;y li&ecirc;n h&#7879; v&#7899;i V&#7841;n N&#259;ng ngay &#273;&#7875; &#273;&#432;&#7907;c t&#432; v&#7845;n chuy&ecirc;n s&acirc;u v&agrave; nh&#7853;n nh&#7919;ng &#432;u &#273;&atilde;i h&#7845;p d&#7851;n nh&#7845;t th&ocirc;ng qua hotline0903 991 335 !<\/p><div style=\"background-color: #f8fafc; border: 1px solid #e2e8f0; border-radius: 8px; padding: 25px; max-width: 800px; margin: 30px auto; color: #334155; line-height: 1.8; font-size: 17px; box-shadow: 0 4px 6px -1px rgba(0,0,0,0.05); text-align: left; clear: both;\">\nC&ocirc;ng ty TNHH Th&#432;&#417;ng M&#7841;i D&#7883;ch V&#7909; Thi&#7871;t B&#7883; C&ocirc;ng Ngh&#7879; V&#7841;n N&#259;ng\n<p style=\"margin: 0 0 10px 0;\">&#128205; <strong style=\"color: #1e293b;\">&#272;&#7883;a ch&#7881;:<\/strong> <a style=\"color: #059669; text-decoration: none; font-weight: bold;\" href=\"https:\/\/www.google.com\/maps\/search\/C%C3%B4ng+ty+TNHH+Th%C6%B0%C6%A1ng+M%E1%BA%A1i+D%E1%BB%8Bch+V%E1%BB%A5+Thi%E1%BA%BFt+B%E1%BB%8B+C%C3%B4ng+Ngh%E1%BB%87+V%E1%BA%A1n+N%C4%83ng+818+Tr%C6%B0%E1%BB%9Dng+Chinh\" target=\"_blank\" rel=\"noopener\">818 Tr&#432;&#7901;ng Chinh, Ph&#432;&#7901;ng T&acirc;n S&#417;n, Th&agrave;nh ph&#7889; H&#7891; Ch&iacute; Minh, Vi&#7879;t Nam<\/a><\/p>\n<p style=\"margin: 0 0 10px 0;\">&#128222; <strong style=\"color: #1e293b;\">S&#272;T &ndash; Zalo:<\/strong> <a style=\"color: #059669; text-decoration: none; font-weight: bold;\" href=\"https:\/\/zalo.me\/0903991335\" target=\"_blank\" rel=\"noopener\">0903 991 335<\/a> <span style=\"color: #64748b; font-style: italic;\">(Ms. H&#7841;nh &ndash; Gi&aacute;m &#272;&#7889;c Kinh Doanh)<\/span><\/p>\n<p style=\"margin: 0;\">&#9993;&#65039; <strong style=\"color: #1e293b;\">Email:<\/strong> <a style=\"color: #059669; text-decoration: none; font-weight: bold;\" href=\"mailto:hienhanh@vannangvn.com\">hienhanh@vannangvn.com<\/a><\/p>\n<\/div><\/h1>","protected":false},"excerpt":{"rendered":"<p><strong>Th&#432;&#417;ng hi&#7879;u:<\/strong> MIRICO<br>\n<strong>Model:<\/strong> MR-25<p>Product <strong>THI&#7870;T B&#7882; NG&#7854;T R&Ograve; R&#7880; KH&Iacute; GAS MIRICO MODEL MR-2065A<\/strong> ch&iacute;nh h&atilde;ng. MIRICO (Korea)<br>\nMIRICO MR-2065A l&agrave; thi&#7871;t b&#7883; ng&#7855;t r&ograve; r&#7881; gas t&#7921; &#273;&#7897;ng &#273;&oacute;ng van trong v&ograve;ng 30 gi&acirc;y khi nh&#7853;n t&iacute;n hi&#7879;u r&ograve; r&#7881;. M&aacute;y c&oacute; v&#7887; h&#7907;p kim nh&ocirc;m b&#7873;n b&#7881; v&agrave; th&acirc;n van th&eacute;p S45C, ho&#7841;t &#273;&#7897;ng &#7893;n &#273;&#7883;nh trong d&#7843;i nhi&#7879;t &#273;&#7897; r&#7897;ng, l&yacute; t&#432;&#7903;ng cho nh&agrave; h&agrave;ng, khu th&#432;&#417;ng m&#7841;i v&agrave; c&#417; s&#7903; s&#7843;n xu&#7845;t s&#7917; d&#7909;ng gas.<\/p><\/p>","protected":false},"featured_media":0,"comment_status":"open","ping_status":"closed","template":"","meta":[],"product_brand":[],"product_cat":[18],"product_tag":[116,358,359,360,361,362,363,768,769,3520],"class_list":{"0":"post-7992","1":"product","2":"type-product","3":"status-publish","5":"product_cat-chua-phan-loai","6":"product_tag-model","7":"product_tag-ngat","8":"product_tag-ro","9":"product_tag-ri","10":"product_tag-khi","11":"product_tag-gas","12":"product_tag-mirico","13":"product_tag-thiet","14":"product_tag-bi","15":"product_tag-mr-2065a","17":"first","18":"instock","19":"shipping-taxable","20":"product-type-simple"},"yoast_head":"<!-- This site is optimized with the Yoast SEO Premium plugin v24.8 (Yoast SEO v24.8) - https:\/\/yoast.com\/wordpress\/plugins\/seo\/ -->\n<title>THI\u1ebeT B\u1eca NG\u1eaeT R\u00d2 R\u1ec8 KH\u00cd GAS MIRICO ... ch\u00ednh h\u00e3ng | V\u1ea1n N\u0103ng<\/title>\n<meta name=\"description\" content=\"Mua ngay THI\u1ebeT B\u1eca NG\u1eaeT R\u00d2 R\u1ec8 KH\u00cd GAS MIRICO MODEL MR-2065A ch\u00ednh h\u00e3ng. MIRICO MR-2065A l\u00e0 thi\u1ebft b\u1ecb ng\u1eaft r\u00f2 r\u1ec9 gas t\u1ef1 \u0111\u1ed9ng \u0111\u00f3ng van... Gi\u00e1 t\u1ed1t!\" \/>\n<meta name=\"robots\" content=\"noindex, follow, max-snippet:-1, max-image-preview:large, max-video-preview:-1\" \/>\n<meta property=\"og:locale\" content=\"en_US\" \/>\n<meta property=\"og:type\" content=\"article\" \/>\n<meta property=\"og:title\" content=\"THI\u1ebeT B\u1eca NG\u1eaeT R\u00d2 R\u1ec8 KH\u00cd GAS MIRICO MODEL MR-2065A\" \/>\n<meta property=\"og:description\" content=\"Mua ngay THI\u1ebeT B\u1eca NG\u1eaeT R\u00d2 R\u1ec8 KH\u00cd GAS MIRICO MODEL MR-2065A ch\u00ednh h\u00e3ng. MIRICO MR-2065A l\u00e0 thi\u1ebft b\u1ecb ng\u1eaft r\u00f2 r\u1ec9 gas t\u1ef1 \u0111\u1ed9ng \u0111\u00f3ng van... Gi\u00e1 t\u1ed1t!\" \/>\n<meta property=\"og:url\" content=\"https:\/\/vannangvn.123websitedev.com\/en\/product\/thiet-bi-ngat-ro-ri-khi-gas-mirico-model-mr-2065a\/\" \/>\n<meta property=\"og:site_name\" content=\"Vannang.vn\" \/>\n<meta property=\"article:modified_time\" content=\"2026-03-30T11:56:24+00:00\" \/>\n<meta name=\"twitter:card\" content=\"summary_large_image\" \/>\n<meta name=\"twitter:label1\" content=\"Est. reading time\" \/>\n\t<meta name=\"twitter:data1\" content=\"10 minutes\" \/>\n<script type=\"application\/ld+json\" class=\"yoast-schema-graph\">{\"@context\":\"https:\/\/schema.org\",\"@graph\":[{\"@type\":\"WebPage\",\"@id\":\"https:\/\/vannangvn.123websitedev.com\/san-pham\/thiet-bi-ngat-ro-ri-khi-gas-mirico-model-mr-2065a\/\",\"url\":\"https:\/\/vannangvn.123websitedev.com\/san-pham\/thiet-bi-ngat-ro-ri-khi-gas-mirico-model-mr-2065a\/\",\"name\":\"THI\u1ebeT B\u1eca NG\u1eaeT R\u00d2 R\u1ec8 KH\u00cd GAS MIRICO ... ch\u00ednh h\u00e3ng | V\u1ea1n N\u0103ng\",\"isPartOf\":{\"@id\":\"https:\/\/vannangvn.123websitedev.com\/#website\"},\"datePublished\":\"2026-03-20T12:14:00+00:00\",\"dateModified\":\"2026-03-30T11:56:24+00:00\",\"description\":\"Mua ngay THI\u1ebeT B\u1eca NG\u1eaeT R\u00d2 R\u1ec8 KH\u00cd GAS MIRICO MODEL MR-2065A ch\u00ednh h\u00e3ng. MIRICO MR-2065A l\u00e0 thi\u1ebft b\u1ecb ng\u1eaft r\u00f2 r\u1ec9 gas t\u1ef1 \u0111\u1ed9ng \u0111\u00f3ng van... Gi\u00e1 t\u1ed1t!\",\"breadcrumb\":{\"@id\":\"https:\/\/vannangvn.123websitedev.com\/san-pham\/thiet-bi-ngat-ro-ri-khi-gas-mirico-model-mr-2065a\/#breadcrumb\"},\"inLanguage\":\"en-US\",\"potentialAction\":[{\"@type\":\"ReadAction\",\"target\":[\"https:\/\/vannangvn.123websitedev.com\/san-pham\/thiet-bi-ngat-ro-ri-khi-gas-mirico-model-mr-2065a\/\"]}]},{\"@type\":\"BreadcrumbList\",\"@id\":\"https:\/\/vannangvn.123websitedev.com\/san-pham\/thiet-bi-ngat-ro-ri-khi-gas-mirico-model-mr-2065a\/#breadcrumb\",\"itemListElement\":[{\"@type\":\"ListItem\",\"position\":1,\"name\":\"Trang ch\u1ee7\",\"item\":\"https:\/\/vannangvn.123websitedev.com\/\"},{\"@type\":\"ListItem\",\"position\":2,\"name\":\"S\u1ea3n ph\u1ea9m\",\"item\":\"https:\/\/vannangvn.123websitedev.com\/cua-hang\/\"},{\"@type\":\"ListItem\",\"position\":3,\"name\":\"THI\u1ebeT B\u1eca NG\u1eaeT R\u00d2 R\u1ec8 KH\u00cd GAS MIRICO MODEL MR-2065A\"}]},{\"@type\":\"WebSite\",\"@id\":\"https:\/\/vannangvn.123websitedev.com\/#website\",\"url\":\"https:\/\/vannangvn.123websitedev.com\/\",\"name\":\"Vannang.vn\",\"description\":\"\",\"publisher\":{\"@id\":\"https:\/\/vannangvn.123websitedev.com\/#organization\"},\"potentialAction\":[{\"@type\":\"SearchAction\",\"target\":{\"@type\":\"EntryPoint\",\"urlTemplate\":\"https:\/\/vannangvn.123websitedev.com\/?s={search_term_string}\"},\"query-input\":{\"@type\":\"PropertyValueSpecification\",\"valueRequired\":true,\"valueName\":\"search_term_string\"}}],\"inLanguage\":\"en-US\"},{\"@type\":\"Organization\",\"@id\":\"https:\/\/vannangvn.123websitedev.com\/#organization\",\"name\":\"Vannang.vn\",\"url\":\"https:\/\/vannangvn.123websitedev.com\/\",\"logo\":{\"@type\":\"ImageObject\",\"inLanguage\":\"en-US\",\"@id\":\"https:\/\/vannangvn.123websitedev.com\/#\/schema\/logo\/image\/\",\"url\":\"https:\/\/vannangvn.123websitedev.com\/wp-content\/uploads\/2026\/02\/logo-van-nang-02.png\",\"contentUrl\":\"https:\/\/vannangvn.123websitedev.com\/wp-content\/uploads\/2026\/02\/logo-van-nang-02.png\",\"width\":448,\"height\":111,\"caption\":\"Vannang.vn\"},\"image\":{\"@id\":\"https:\/\/vannangvn.123websitedev.com\/#\/schema\/logo\/image\/\"}}]}<\/script>\n<!-- \/ Yoast SEO Premium plugin. -->","yoast_head_json":{"title":"THI\u1ebeT B\u1eca NG\u1eaeT R\u00d2 R\u1ec8 KH\u00cd GAS MIRICO ... ch\u00ednh h\u00e3ng | V\u1ea1n N\u0103ng","description":"Mua ngay THI\u1ebeT B\u1eca NG\u1eaeT R\u00d2 R\u1ec8 KH\u00cd GAS MIRICO MODEL MR-2065A ch\u00ednh h\u00e3ng. MIRICO MR-2065A l\u00e0 thi\u1ebft b\u1ecb ng\u1eaft r\u00f2 r\u1ec9 gas t\u1ef1 \u0111\u1ed9ng \u0111\u00f3ng van... Gi\u00e1 t\u1ed1t!","robots":{"index":"noindex","follow":"follow","max-snippet":"max-snippet:-1","max-image-preview":"max-image-preview:large","max-video-preview":"max-video-preview:-1"},"og_locale":"en_US","og_type":"article","og_title":"THI\u1ebeT B\u1eca NG\u1eaeT R\u00d2 R\u1ec8 KH\u00cd GAS MIRICO MODEL MR-2065A","og_description":"Mua ngay THI\u1ebeT B\u1eca NG\u1eaeT R\u00d2 R\u1ec8 KH\u00cd GAS MIRICO MODEL MR-2065A ch\u00ednh h\u00e3ng. MIRICO MR-2065A l\u00e0 thi\u1ebft b\u1ecb ng\u1eaft r\u00f2 r\u1ec9 gas t\u1ef1 \u0111\u1ed9ng \u0111\u00f3ng van... Gi\u00e1 t\u1ed1t!","og_url":"https:\/\/vannangvn.123websitedev.com\/en\/product\/thiet-bi-ngat-ro-ri-khi-gas-mirico-model-mr-2065a\/","og_site_name":"Vannang.vn","article_modified_time":"2026-03-30T11:56:24+00:00","twitter_card":"summary_large_image","twitter_misc":{"Est. reading time":"10 minutes"},"schema":{"@context":"https:\/\/schema.org","@graph":[{"@type":"WebPage","@id":"https:\/\/vannangvn.123websitedev.com\/san-pham\/thiet-bi-ngat-ro-ri-khi-gas-mirico-model-mr-2065a\/","url":"https:\/\/vannangvn.123websitedev.com\/san-pham\/thiet-bi-ngat-ro-ri-khi-gas-mirico-model-mr-2065a\/","name":"THI\u1ebeT B\u1eca NG\u1eaeT R\u00d2 R\u1ec8 KH\u00cd GAS MIRICO ... ch\u00ednh h\u00e3ng | V\u1ea1n N\u0103ng","isPartOf":{"@id":"https:\/\/vannangvn.123websitedev.com\/#website"},"datePublished":"2026-03-20T12:14:00+00:00","dateModified":"2026-03-30T11:56:24+00:00","description":"Mua ngay THI\u1ebeT B\u1eca NG\u1eaeT R\u00d2 R\u1ec8 KH\u00cd GAS MIRICO MODEL MR-2065A ch\u00ednh h\u00e3ng. MIRICO MR-2065A l\u00e0 thi\u1ebft b\u1ecb ng\u1eaft r\u00f2 r\u1ec9 gas t\u1ef1 \u0111\u1ed9ng \u0111\u00f3ng van... Gi\u00e1 t\u1ed1t!","breadcrumb":{"@id":"https:\/\/vannangvn.123websitedev.com\/san-pham\/thiet-bi-ngat-ro-ri-khi-gas-mirico-model-mr-2065a\/#breadcrumb"},"inLanguage":"en-US","potentialAction":[{"@type":"ReadAction","target":["https:\/\/vannangvn.123websitedev.com\/san-pham\/thiet-bi-ngat-ro-ri-khi-gas-mirico-model-mr-2065a\/"]}]},{"@type":"BreadcrumbList","@id":"https:\/\/vannangvn.123websitedev.com\/san-pham\/thiet-bi-ngat-ro-ri-khi-gas-mirico-model-mr-2065a\/#breadcrumb","itemListElement":[{"@type":"ListItem","position":1,"name":"Trang ch\u1ee7","item":"https:\/\/vannangvn.123websitedev.com\/"},{"@type":"ListItem","position":2,"name":"S\u1ea3n ph\u1ea9m","item":"https:\/\/vannangvn.123websitedev.com\/cua-hang\/"},{"@type":"ListItem","position":3,"name":"THI\u1ebeT B\u1eca NG\u1eaeT R\u00d2 R\u1ec8 KH\u00cd GAS MIRICO MODEL MR-2065A"}]},{"@type":"WebSite","@id":"https:\/\/vannangvn.123websitedev.com\/#website","url":"https:\/\/vannangvn.123websitedev.com\/","name":"Vannang.vn","description":"","publisher":{"@id":"https:\/\/vannangvn.123websitedev.com\/#organization"},"potentialAction":[{"@type":"SearchAction","target":{"@type":"EntryPoint","urlTemplate":"https:\/\/vannangvn.123websitedev.com\/?s={search_term_string}"},"query-input":{"@type":"PropertyValueSpecification","valueRequired":true,"valueName":"search_term_string"}}],"inLanguage":"en-US"},{"@type":"Organization","@id":"https:\/\/vannangvn.123websitedev.com\/#organization","name":"Vannang.vn","url":"https:\/\/vannangvn.123websitedev.com\/","logo":{"@type":"ImageObject","inLanguage":"en-US","@id":"https:\/\/vannangvn.123websitedev.com\/#\/schema\/logo\/image\/","url":"https:\/\/vannangvn.123websitedev.com\/wp-content\/uploads\/2026\/02\/logo-van-nang-02.png","contentUrl":"https:\/\/vannangvn.123websitedev.com\/wp-content\/uploads\/2026\/02\/logo-van-nang-02.png","width":448,"height":111,"caption":"Vannang.vn"},"image":{"@id":"https:\/\/vannangvn.123websitedev.com\/#\/schema\/logo\/image\/"}}]}},"_links":{"self":[{"href":"https:\/\/vannangvn.123websitedev.com\/en\/wp-json\/wp\/v2\/product\/7992","targetHints":{"allow":["GET"]}}],"collection":[{"href":"https:\/\/vannangvn.123websitedev.com\/en\/wp-json\/wp\/v2\/product"}],"about":[{"href":"https:\/\/vannangvn.123websitedev.com\/en\/wp-json\/wp\/v2\/types\/product"}],"replies":[{"embeddable":true,"href":"https:\/\/vannangvn.123websitedev.com\/en\/wp-json\/wp\/v2\/comments?post=7992"}],"wp:attachment":[{"href":"https:\/\/vannangvn.123websitedev.com\/en\/wp-json\/wp\/v2\/media?parent=7992"}],"wp:term":[{"taxonomy":"product_brand","embeddable":true,"href":"https:\/\/vannangvn.123websitedev.com\/en\/wp-json\/wp\/v2\/product_brand?post=7992"},{"taxonomy":"product_cat","embeddable":true,"href":"https:\/\/vannangvn.123websitedev.com\/en\/wp-json\/wp\/v2\/product_cat?post=7992"},{"taxonomy":"product_tag","embeddable":true,"href":"https:\/\/vannangvn.123websitedev.com\/en\/wp-json\/wp\/v2\/product_tag?post=7992"}],"curies":[{"name":"wp","href":"https:\/\/api.w.org\/{rel}","templated":true}]}}