{"id":7993,"date":"2026-03-20T19:14:01","date_gmt":"2026-03-20T12:14:01","guid":{"rendered":"https:\/\/vannangvn.123websitedev.com\/san-pham\/thiet-bi-pha-mau-cod-hach-model-drb200\/"},"modified":"2026-03-30T18:56:25","modified_gmt":"2026-03-30T11:56:25","slug":"thiet-bi-pha-mau-cod-hach-model-drb200","status":"publish","type":"product","link":"https:\/\/vannangvn.123websitedev.com\/en\/product\/thiet-bi-pha-mau-cod-hach-model-drb200\/","title":{"rendered":"THI\u1ebeT B\u1eca PH\u00c1 M\u1eaaU COD HACH MODEL DRB200"},"content":{"rendered":"<h1 style=\"color: red; font-weight: bold; font-size: 24px;\">T&#7893;ng quan s&#7843;n ph&#7849;m THI&#7870;T B&#7882; PH&Aacute; M&#7850;U COD HACH MODEL DRB200<p>Thi&#7871;t B&#7883; Ph&aacute; M&#7851;u COD Hach Model DRB200<br>\nDRB200 l&agrave; b&#7897; ph&aacute; m&#7851;u nhi&#7879;t kh&ocirc; chuy&ecirc;n d&#7909;ng trong ph&ograve;ng th&iacute; nghi&#7879;m, &#273;&#432;&#7907;c thi&#7871;t k&#7871; t&#7889;i &#432;u cho c&aacute;c ph&eacute;p ph&acirc;n t&iacute;ch COD, TOC, Nit&#417; t&#7893;ng, Photpho t&#7893;ng v&agrave; nhi&#7873;u ch&#7881; ti&ecirc;u m&ocirc;i tr&#432;&#7901;ng kh&aacute;c. Thi&#7871;t b&#7883; ho&#7841;t &#273;&#7897;ng &#7893;n &#273;&#7883;nh, gia nhi&#7879;t nhanh, &#273;i&#7873;u khi&#7875;n linh ho&#7841;t v&agrave; t&#432;&#417;ng th&iacute;ch ho&agrave;n h&#7843;o v&#7899;i thu&#7889;c th&#7917; c&#7911;a Hach, &#273;&#7863;c bi&#7879;t l&agrave; c&aacute;c b&#7897; Test&rsquo;N&rsquo;Tube.<br>\nV&#7899;i hai kh&#7889;i gia nhi&#7879;t &#273;&#7897;c l&#7853;p, kh&#7843; n&#259;ng l&#7853;p tr&igrave;nh linh ho&#7841;t v&agrave; &#273;&#7897; &#7893;n &#273;&#7883;nh nhi&#7879;t cao, Model DRB200 &#273;&aacute;p &#7913;ng &#273;&#7891;ng th&#7901;i y&ecirc;u c&#7847;u ti&ecirc;u chu&#7849;n h&oacute;a quy tr&igrave;nh v&agrave; t&ugrave;y bi&#7871;n theo ph&#432;&#417;ng ph&aacute;p n&#7897;i b&#7897; c&#7911;a t&#7915;ng ph&ograve;ng th&iacute; nghi&#7879;m. H&atilde;y c&ugrave;ng V&#7841;n N&#259;ng t&igrave;m hi&#7875;u chi ti&#7871;t h&#417;n v&#7873; s&#7843;n ph&#7849;m th&ocirc;ng qua b&agrave;i vi&#7871;t d&#432;&#7899;i &#273;&acirc;y nh&eacute;!<\/p><p>N&eacute;t &#272;&#7863;c Tr&#432;ng C&#7911;a DRB200<br>\nThi&#7871;t k&#7871; hai kh&#7889;i gia nhi&#7879;t &#273;&#7897;c l&#7853;p<br>\nB&#7897; ph&aacute; m&#7851;u DRB200 c&#7911;a Hach t&iacute;ch h&#7907;p hai block gia nhi&#7879;t &#273;i&#7873;u khi&#7875;n ri&ecirc;ng, cho ph&eacute;p c&agrave;i &#273;&#7863;t c&ugrave;ng ho&#7863;c kh&aacute;c nhi&#7879;t &#273;&#7897; &ndash; th&#7901;i gian cho t&#7915;ng kh&#7889;i. Nh&#7901; &#273;&oacute;, ph&ograve;ng th&iacute; nghi&#7879;m c&oacute; th&#7875; ph&aacute; m&#7851;u song song nhi&#7873;u ch&#7881; ti&ecirc;u, r&uacute;t ng&#7855;n th&#7901;i gian x&#7917; l&yacute; v&agrave; t&#259;ng hi&#7879;u su&#7845;t v&#7853;n h&agrave;nh. Thi&#7871;t b&#7883; t&#432;&#417;ng th&iacute;ch cuvet 16 mm v&agrave; &#7889;ng ph&#7843;n &#7913;ng ti&ecirc;u chu&#7849;n.<br>\nGia nhi&#7879;t nhanh, ki&#7875;m so&aacute;t ch&iacute;nh x&aacute;c<br>\nThi&#7871;t b&#7883; gia nhi&#7879;t l&ecirc;n 150&deg;C trong ch&#432;a &#273;&#7871;n 10 ph&uacute;t, d&#7843;i nhi&#7879;t l&#7853;p tr&igrave;nh t&#7915; 37&ndash;165&deg;C v&agrave; th&#7901;i gian 0&ndash;480 ph&uacute;t. &#272;&#7897; &#7893;n &#273;&#7883;nh nhi&#7879;t cao &#273;&#7843;m b&#7843;o t&iacute;nh l&#7863;p l&#7841;i v&agrave; &#273;&#7897; tin c&#7853;y khi ph&acirc;n t&iacute;ch COD, TOC v&agrave; c&aacute;c ch&#7881; ti&ecirc;u dinh d&#432;&#7905;ng t&#7893;ng.<br>\nL&#7853;p tr&igrave;nh linh ho&#7841;t<br>\nDRB200 t&iacute;ch h&#7907;p s&#7861;n ch&#432;&#417;ng tr&igrave;nh COD (150&deg;C\/120 ph&uacute;t), TOC (105&deg;C\/120 ph&uacute;t) v&agrave; ch&#7871; &#273;&#7897; t&ugrave;y ch&#7881;nh theo y&ecirc;u c&#7847;u ri&ecirc;ng. Ng&#432;&#7901;i d&ugrave;ng c&oacute; th&#7875; thi&#7871;t l&#7853;p ph&#432;&#417;ng ph&aacute;p &#273;&#7863;c th&ugrave; m&agrave; v&#7851;n duy tr&igrave; &#273;&#7897; ch&iacute;nh x&aacute;c cao.<br>\nV&#7853;n h&agrave;nh &#273;&#417;n gi&#7843;n, hi&#7875;n th&#7883; r&otilde; r&agrave;ng<br>\nM&agrave;n h&igrave;nh l&#7899;n, thao t&aacute;c nhanh m&#7897;t ph&iacute;m cho ch&#432;&#417;ng tr&igrave;nh ti&ecirc;u chu&#7849;n, h&#7865;n gi&#7901; k&#7929; thu&#7853;t s&#7889; v&agrave; t&#7921; &#273;&#7897;ng ng&#7855;t khi ho&agrave;n t&#7845;t. Thi&#7871;t b&#7883; ph&aacute;t c&#7843;nh b&aacute;o &acirc;m thanh khi k&#7871;t th&uacute;c chu tr&igrave;nh, gi&#7843;m sai s&oacute;t thao t&aacute;c.<br>\nAn to&agrave;n trong qu&aacute; tr&igrave;nh s&#7917; d&#7909;ng<br>\nN&#7855;p nh&#7921;a trong su&#7889;t ch&#7889;ng b&#7855;n gi&uacute;p quan s&aacute;t ph&#7843;n &#7913;ng an to&agrave;n. H&#7879; th&#7889;ng ch&#7889;ng qu&aacute; nhi&#7879;t v&agrave; v&#7887; c&aacute;ch nhi&#7879;t b&#7843;o v&#7879; ng&#432;&#7901;i v&#7853;n h&agrave;nh trong su&#7889;t qu&aacute; tr&igrave;nh gia nhi&#7879;t.<\/p><p>&#431;u &#272;i&#7875;m V&#432;&#7907;t Tr&#7897;i C&#7911;a B&#7897; Ph&aacute; M&#7851;u Hach DRB200<\/p><p>Gia nhi&#7879;t nhanh, &#273;&#7841;t 150&deg;C trong th&#7901;i gian ng&#7855;n, r&uacute;t ng&#7855;n chu tr&igrave;nh ph&aacute; m&#7851;u.<br>\n&#272;&#7897; &#7893;n &#273;&#7883;nh nhi&#7879;t cao, &#273;&#7843;m b&#7843;o k&#7871;t qu&#7843; ph&acirc;n t&iacute;ch ch&iacute;nh x&aacute;c v&agrave; l&#7863;p l&#7841;i t&#7889;t.<br>\nHai block gia nhi&#7879;t &#273;&#7897;c l&#7853;p, t&#259;ng hi&#7879;u su&#7845;t x&#7917; l&yacute; nhi&#7873;u ch&#7881; ti&ecirc;u c&ugrave;ng l&uacute;c.<br>\nL&#7853;p tr&igrave;nh linh ho&#7841;t, ph&ugrave; h&#7907;p c&#7843; ph&#432;&#417;ng ph&aacute;p ti&ecirc;u chu&#7849;n v&agrave; t&ugrave;y ch&#7881;nh.<br>\nT&#432;&#417;ng th&iacute;ch t&#7889;i &#432;u v&#7899;i thu&#7889;c th&#7917; c&#7911;a Hach, &#273;&#7843;m b&#7843;o &#273;&#7891;ng b&#7897; thi&#7871;t b&#7883; v&agrave; h&oacute;a ch&#7845;t.<br>\nT&iacute;ch h&#7907;p h&#7865;n gi&#7901;, t&#7921; &#273;&#7897;ng ng&#7855;t v&agrave; c&#7843;nh b&aacute;o &acirc;m thanh, n&acirc;ng cao an to&agrave;n v&#7853;n h&agrave;nh.<\/p><p>&#7912;ng D&#7909;ng Th&#7921;c T&#7871;<br>\nNg&agrave;nh m&ocirc;i tr&#432;&#7901;ng v&agrave; x&#7917; l&yacute; n&#432;&#7899;c<\/p><p>Ph&aacute; m&#7851;u COD, TOC, Nit&#417; t&#7893;ng, Photpho t&#7893;ng trong n&#432;&#7899;c th&#7843;i v&agrave; n&#432;&#7899;c m&#7863;t.<br>\nH&#7895; tr&#7907; quan tr&#7855;c m&ocirc;i tr&#432;&#7901;ng v&agrave; ki&#7875;m so&aacute;t ch&#7845;t l&#432;&#7907;ng n&#432;&#7899;c &#273;&#7847;u v&agrave;o &ndash; &#273;&#7847;u ra.<br>\n&#7912;ng d&#7909;ng t&#7841;i trung t&acirc;m ph&acirc;n t&iacute;ch m&ocirc;i tr&#432;&#7901;ng v&agrave; nh&agrave; m&aacute;y x&#7917; l&yacute; n&#432;&#7899;c th&#7843;i.<\/p><p>Ng&agrave;nh c&ocirc;ng nghi&#7879;p s&#7843;n xu&#7845;t<\/p><p>Ki&#7875;m so&aacute;t ch&#7845;t l&#432;&#7907;ng n&#432;&#7899;c trong th&#7921;c ph&#7849;m, &#273;&#7891; u&#7889;ng, h&oacute;a ch&#7845;t, d&#7879;t nhu&#7897;m, gi&#7845;y.<br>\n&#272;&aacute;nh gi&aacute; hi&#7879;u qu&#7843; h&#7879; th&#7889;ng x&#7917; l&yacute; n&#432;&#7899;c n&#7897;i b&#7897;.<br>\n&#272;&#7843;m b&#7843;o tu&acirc;n th&#7911; quy chu&#7849;n x&#7843; th&#7843;i m&ocirc;i tr&#432;&#7901;ng.<\/p><p>Ng&agrave;nh nghi&ecirc;n c&#7913;u v&agrave; gi&aacute;o d&#7909;c<\/p><p>Ph&#7909;c v&#7909; nghi&ecirc;n c&#7913;u ph&acirc;n t&iacute;ch h&oacute;a &ndash; m&ocirc;i tr&#432;&#7901;ng.<br>\n&#272;&agrave;o t&#7841;o k&#7929; thu&#7853;t vi&ecirc;n v&agrave; sinh vi&ecirc;n ng&agrave;nh ki&#7875;m nghi&#7879;m, c&ocirc;ng ngh&#7879; m&ocirc;i tr&#432;&#7901;ng.<\/p><p>Nh&#7919;ng L&yacute; Do N&ecirc;n Mua M&aacute;y Ph&aacute; M&#7851;u T&#7841;i V&#7841;n N&#259;ng<\/p><p>C&ocirc;ng ty Thi&#7871;t B&#7883; C&ocirc;ng Ngh&#7879; V&#7841;n N&#259;ng l&agrave; &#273;&#7889;i t&aacute;c ch&iacute;nh th&#7913;c ph&acirc;n ph&#7889;i M&aacute;y ph&aacute; m&#7851;u h&agrave;ng &#273;&#7847;u t&#7841;i Vi&#7879;t Nam, cam k&#7871;t cung c&#7845;p s&#7843;n ph&#7849;m ch&iacute;nh h&atilde;ng v&#7899;i gi&aacute; c&#7843; c&#7841;nh tranh nh&#7845;t th&#7883; tr&#432;&#7901;ng. V&#7899;i uy t&iacute;n tr&ecirc;n th&#7883; tr&#432;&#7901;ng v&agrave; ch&#7871; &#273;&#7897; h&#7851;u m&atilde;i t&#7889;t, Thi&#7871;t B&#7883; C&ocirc;ng Ngh&#7879; V&#7841;n N&#259;ng &#273;&atilde; nh&#7853;n &#273;&#432;&#7907;c s&#7921; tin t&#432;&#7903;ng t&#7915; kh&aacute;ch h&agrave;ng nh&#7901; v&agrave;o ch&#7845;t l&#432;&#7907;ng h&agrave;ng &#273;&#7847;u c&#7911;a c&aacute;c d&ograve;ng s&#7843;n ph&#7849;m.<br>\nS&#7843;n ph&#7849;m c&#7911;a ch&uacute;ng t&ocirc;i &#273;&#432;&#7907;c ki&#7875;m &#273;&#7883;nh ch&#7845;t l&#432;&#7907;ng, nh&#7853;p kh&#7849;u tr&#7921;c ti&#7871;p t&#7915; nh&agrave; m&aacute;y b&ecirc;n Ch&acirc;u &Acirc;u, M&#7929;, &Uacute;c, Nh&#7853;t B&#7843;n,&hellip; v&agrave; &#273;&aacute;p &#7913;ng nhu c&#7847;u &#273;a d&#7841;ng c&#7911;a th&#7883; tr&#432;&#7901;ng nh&#432;: M&aacute;y &#272;o &#272;&#7897; C&#7913;ng, M&aacute;y SPECTROMAXx, M&aacute;y Ki&#7875;m Tra &#272;&#432;&#7901;ng Gh&eacute;p M&iacute; Lon,&hellip; Ch&uacute;ng t&ocirc;i cam k&#7871;t cung c&#7845;p s&#7843;n ph&#7849;m n&agrave;y tr&ecirc;n to&agrave;n qu&#7889;c v&#7899;i gi&aacute; c&#7843; c&#7841;nh tranh nh&#7845;t.<br>\nCh&uacute;ng t&ocirc;i c&oacute; &#273;&#7897;i ng&#361; chuy&ecirc;n vi&ecirc;n t&#432; v&#7845;n chuy&ecirc;n s&acirc;u s&#7869; h&#7895; tr&#7907; kh&aacute;ch h&agrave;ng v&#7873; chi ti&#7871;t s&#7843;n ph&#7849;m, h&#432;&#7899;ng d&#7851;n s&#7917; d&#7909;ng hay nh&#7919;ng th&#7913; li&ecirc;n quan &#273;&#7871;n v&#7845;n &#273;&#7873; m&agrave; doanh nghi&#7879;p b&#7841;n &#273;ang g&#7863;p ph&#7843;i. Ch&uacute;ng t&ocirc;i s&#7869; cung c&#7845;p nh&#7919;ng gi&#7843;i ph&aacute;p t&#7889;i &#432;u nh&#7845;t!<br>\nNgo&agrave;i ra Thi&#7871;t B&#7883; C&ocirc;ng Ngh&#7879; V&#7841;n N&#259;ng Ch&uacute;ng T&ocirc;i lu&ocirc;n h&#432;&#7899;ng &#273;&#7871;n tr&#7843;i nghi&#7879;m kh&aacute;ch h&agrave;ng, v&igrave; v&#7853;y ch&uacute;ng t&ocirc;i c&oacute; nh&#7919;ng ch&iacute;nh s&aacute;ch b&#7843;o h&agrave;nh, b&#7843;o tr&igrave; &ndash; b&#7843;o d&#432;&#7905;ng, hi&#7879;u chu&#7849;n v&#7899;i t&#7845;t c&#7843; c&aacute;c thi&#7871;t b&#7883;, m&aacute;y m&oacute;c m&agrave; ch&uacute;ng t&ocirc;i cung c&#7845;p. &#272;&#7843;m b&#7843;o mang &#273;&#7871;n cho Kh&aacute;ch h&agrave;ng s&#7921; y&ecirc;n t&acirc;m tuy&#7879;t &#273;&#7889;i v&#7873; d&#7883;ch v&#7909; khi mua h&agrave;ng.<\/p><p>T&#7893;ng K&#7871;t<br>\nV&#7899;i hai kh&#7889;i gia nhi&#7879;t &#273;&#7897;c l&#7853;p, kh&#7843; n&#259;ng l&#7853;p tr&igrave;nh linh ho&#7841;t, &#273;&#7897; &#7893;n &#273;&#7883;nh nhi&#7879;t cao v&agrave; h&#7879; th&#7889;ng an to&agrave;n t&iacute;ch h&#7907;p, Hach DRB200 &#273;&aacute;p &#7913;ng &#273;&#7847;y &#273;&#7911; y&ecirc;u c&#7847;u c&#7911;a ph&ograve;ng th&iacute; nghi&#7879;m hi&#7879;n &#273;&#7841;i. H&atilde;y li&ecirc;n h&#7879; v&#7899;i V&#7841;n N&#259;ng ngay &#273;&#7875; &#273;&#432;&#7907;c t&#432; v&#7845;n chuy&ecirc;n s&acirc;u v&agrave; nh&#7853;n nh&#7919;ng &#432;u &#273;&atilde;i h&#7845;p d&#7851;n nh&#7845;t th&ocirc;ng qua hotline0903 991 335 !<\/p><div style=\"background-color: #f8fafc; border: 1px solid #e2e8f0; border-radius: 8px; padding: 25px; max-width: 800px; margin: 30px auto; color: #334155; line-height: 1.8; font-size: 17px; box-shadow: 0 4px 6px -1px rgba(0,0,0,0.05); text-align: left; clear: both;\">\nC&ocirc;ng ty TNHH Th&#432;&#417;ng M&#7841;i D&#7883;ch V&#7909; Thi&#7871;t B&#7883; C&ocirc;ng Ngh&#7879; V&#7841;n N&#259;ng\n<p style=\"margin: 0 0 10px 0;\">&#128205; <strong style=\"color: #1e293b;\">&#272;&#7883;a ch&#7881;:<\/strong> <a style=\"color: #059669; text-decoration: none; font-weight: bold;\" href=\"https:\/\/www.google.com\/maps\/search\/C%C3%B4ng+ty+TNHH+Th%C6%B0%C6%A1ng+M%E1%BA%A1i+D%E1%BB%8Bch+V%E1%BB%A5+Thi%E1%BA%BFt+B%E1%BB%8B+C%C3%B4ng+Ngh%E1%BB%87+V%E1%BA%A1n+N%C4%83ng+818+Tr%C6%B0%E1%BB%9Dng+Chinh\" target=\"_blank\" rel=\"noopener\">818 Tr&#432;&#7901;ng Chinh, Ph&#432;&#7901;ng T&acirc;n S&#417;n, Th&agrave;nh ph&#7889; H&#7891; Ch&iacute; Minh, Vi&#7879;t Nam<\/a><\/p>\n<p style=\"margin: 0 0 10px 0;\">&#128222; <strong style=\"color: #1e293b;\">S&#272;T &ndash; Zalo:<\/strong> <a style=\"color: #059669; text-decoration: none; font-weight: bold;\" href=\"https:\/\/zalo.me\/0903991335\" target=\"_blank\" rel=\"noopener\">0903 991 335<\/a> <span style=\"color: #64748b; font-style: italic;\">(Ms. H&#7841;nh &ndash; Gi&aacute;m &#272;&#7889;c Kinh Doanh)<\/span><\/p>\n<p style=\"margin: 0;\">&#9993;&#65039; <strong style=\"color: #1e293b;\">Email:<\/strong> <a style=\"color: #059669; text-decoration: none; font-weight: bold;\" href=\"mailto:hienhanh@vannangvn.com\">hienhanh@vannangvn.com<\/a><\/p>\n<\/div><\/h1>","protected":false},"excerpt":{"rendered":"<p><strong>Th&#432;&#417;ng hi&#7879;u:<\/strong> Hach<br>\n<strong>Model:<\/strong> DRB200<p>Product <strong>THI&#7870;T B&#7882; PH&Aacute; M&#7850;U COD HACH MODEL DRB200<\/strong> ch&iacute;nh h&atilde;ng. Hach (USA)<br>\nThi&#7871;t B&#7883; Ph&aacute; M&#7851;u COD Hach Model DRB200 l&agrave; b&#7897; ph&aacute; m&#7851;u nhi&#7879;t kh&ocirc; chuy&ecirc;n ph&acirc;n t&iacute;ch COD, TOC, Nit&#417; t&#7893;ng, Photpho t&#7893;ng v&#7899;i hai block gia nhi&#7879;t &#273;&#7897;c l&#7853;p, gia nhi&#7879;t nhanh, l&#7853;p tr&igrave;nh linh ho&#7841;t v&agrave; &#273;&#7897; &#7893;n &#273;&#7883;nh nhi&#7879;t cao, ph&ugrave; h&#7907;p ph&ograve;ng th&iacute; nghi&#7879;m m&ocirc;i tr&#432;&#7901;ng v&agrave; c&ocirc;ng nghi&#7879;p<\/p><\/p>","protected":false},"featured_media":0,"comment_status":"open","ping_status":"closed","template":"","meta":[],"product_brand":[],"product_cat":[18],"product_tag":[130,345,768,769,2856,3521,3522,116],"class_list":{"0":"post-7993","1":"product","2":"type-product","3":"status-publish","5":"product_cat-chua-phan-loai","6":"product_tag-mau","7":"product_tag-pha","8":"product_tag-thiet","9":"product_tag-bi","10":"product_tag-hach","11":"product_tag-cod","12":"product_tag-drb200","13":"product_tag-model","15":"first","16":"instock","17":"shipping-taxable","18":"product-type-simple"},"yoast_head":"<!-- This site is optimized with the Yoast SEO Premium plugin v24.8 (Yoast SEO v24.8) - https:\/\/yoast.com\/wordpress\/plugins\/seo\/ -->\n<title>THI\u1ebeT B\u1eca PH\u00c1 M\u1eaaU COD HACH MODEL DRB200 ch\u00ednh h\u00e3ng | V\u1ea1n N\u0103ng<\/title>\n<meta name=\"description\" content=\"Mua ngay THI\u1ebeT B\u1eca PH\u00c1 M\u1eaaU COD HACH MODEL DRB200 ch\u00ednh h\u00e3ng. Thi\u1ebft B\u1ecb Ph\u00e1 M\u1eabu COD Hach Model DRB200 l\u00e0 b\u1ed9 ph\u00e1 m\u1eabu nhi\u1ec7t kh\u00f4 chuy\u00ean... Gi\u00e1 t\u1ed1t!\" \/>\n<meta name=\"robots\" content=\"noindex, follow, max-snippet:-1, max-image-preview:large, max-video-preview:-1\" \/>\n<meta property=\"og:locale\" content=\"en_US\" \/>\n<meta property=\"og:type\" content=\"article\" \/>\n<meta property=\"og:title\" content=\"THI\u1ebeT B\u1eca PH\u00c1 M\u1eaaU COD HACH MODEL DRB200\" \/>\n<meta property=\"og:description\" content=\"Mua ngay THI\u1ebeT B\u1eca PH\u00c1 M\u1eaaU COD HACH MODEL DRB200 ch\u00ednh h\u00e3ng. Thi\u1ebft B\u1ecb Ph\u00e1 M\u1eabu COD Hach Model DRB200 l\u00e0 b\u1ed9 ph\u00e1 m\u1eabu nhi\u1ec7t kh\u00f4 chuy\u00ean... Gi\u00e1 t\u1ed1t!\" \/>\n<meta property=\"og:url\" content=\"https:\/\/vannangvn.123websitedev.com\/en\/product\/thiet-bi-pha-mau-cod-hach-model-drb200\/\" \/>\n<meta property=\"og:site_name\" content=\"Vannang.vn\" \/>\n<meta property=\"article:modified_time\" content=\"2026-03-30T11:56:25+00:00\" \/>\n<meta name=\"twitter:card\" content=\"summary_large_image\" \/>\n<meta name=\"twitter:label1\" content=\"Est. reading time\" \/>\n\t<meta name=\"twitter:data1\" content=\"8 minutes\" \/>\n<script type=\"application\/ld+json\" class=\"yoast-schema-graph\">{\"@context\":\"https:\/\/schema.org\",\"@graph\":[{\"@type\":\"WebPage\",\"@id\":\"https:\/\/vannangvn.123websitedev.com\/san-pham\/thiet-bi-pha-mau-cod-hach-model-drb200\/\",\"url\":\"https:\/\/vannangvn.123websitedev.com\/san-pham\/thiet-bi-pha-mau-cod-hach-model-drb200\/\",\"name\":\"THI\u1ebeT B\u1eca PH\u00c1 M\u1eaaU COD HACH MODEL DRB200 ch\u00ednh h\u00e3ng | V\u1ea1n N\u0103ng\",\"isPartOf\":{\"@id\":\"https:\/\/vannangvn.123websitedev.com\/#website\"},\"datePublished\":\"2026-03-20T12:14:01+00:00\",\"dateModified\":\"2026-03-30T11:56:25+00:00\",\"description\":\"Mua ngay THI\u1ebeT B\u1eca PH\u00c1 M\u1eaaU COD HACH MODEL DRB200 ch\u00ednh h\u00e3ng. Thi\u1ebft B\u1ecb Ph\u00e1 M\u1eabu COD Hach Model DRB200 l\u00e0 b\u1ed9 ph\u00e1 m\u1eabu nhi\u1ec7t kh\u00f4 chuy\u00ean... Gi\u00e1 t\u1ed1t!\",\"breadcrumb\":{\"@id\":\"https:\/\/vannangvn.123websitedev.com\/san-pham\/thiet-bi-pha-mau-cod-hach-model-drb200\/#breadcrumb\"},\"inLanguage\":\"en-US\",\"potentialAction\":[{\"@type\":\"ReadAction\",\"target\":[\"https:\/\/vannangvn.123websitedev.com\/san-pham\/thiet-bi-pha-mau-cod-hach-model-drb200\/\"]}]},{\"@type\":\"BreadcrumbList\",\"@id\":\"https:\/\/vannangvn.123websitedev.com\/san-pham\/thiet-bi-pha-mau-cod-hach-model-drb200\/#breadcrumb\",\"itemListElement\":[{\"@type\":\"ListItem\",\"position\":1,\"name\":\"Trang ch\u1ee7\",\"item\":\"https:\/\/vannangvn.123websitedev.com\/\"},{\"@type\":\"ListItem\",\"position\":2,\"name\":\"S\u1ea3n ph\u1ea9m\",\"item\":\"https:\/\/vannangvn.123websitedev.com\/cua-hang\/\"},{\"@type\":\"ListItem\",\"position\":3,\"name\":\"THI\u1ebeT B\u1eca PH\u00c1 M\u1eaaU COD HACH MODEL DRB200\"}]},{\"@type\":\"WebSite\",\"@id\":\"https:\/\/vannangvn.123websitedev.com\/#website\",\"url\":\"https:\/\/vannangvn.123websitedev.com\/\",\"name\":\"Vannang.vn\",\"description\":\"\",\"publisher\":{\"@id\":\"https:\/\/vannangvn.123websitedev.com\/#organization\"},\"potentialAction\":[{\"@type\":\"SearchAction\",\"target\":{\"@type\":\"EntryPoint\",\"urlTemplate\":\"https:\/\/vannangvn.123websitedev.com\/?s={search_term_string}\"},\"query-input\":{\"@type\":\"PropertyValueSpecification\",\"valueRequired\":true,\"valueName\":\"search_term_string\"}}],\"inLanguage\":\"en-US\"},{\"@type\":\"Organization\",\"@id\":\"https:\/\/vannangvn.123websitedev.com\/#organization\",\"name\":\"Vannang.vn\",\"url\":\"https:\/\/vannangvn.123websitedev.com\/\",\"logo\":{\"@type\":\"ImageObject\",\"inLanguage\":\"en-US\",\"@id\":\"https:\/\/vannangvn.123websitedev.com\/#\/schema\/logo\/image\/\",\"url\":\"https:\/\/vannangvn.123websitedev.com\/wp-content\/uploads\/2026\/02\/logo-van-nang-02.png\",\"contentUrl\":\"https:\/\/vannangvn.123websitedev.com\/wp-content\/uploads\/2026\/02\/logo-van-nang-02.png\",\"width\":448,\"height\":111,\"caption\":\"Vannang.vn\"},\"image\":{\"@id\":\"https:\/\/vannangvn.123websitedev.com\/#\/schema\/logo\/image\/\"}}]}<\/script>\n<!-- \/ Yoast SEO Premium plugin. -->","yoast_head_json":{"title":"THI\u1ebeT B\u1eca PH\u00c1 M\u1eaaU COD HACH MODEL DRB200 ch\u00ednh h\u00e3ng | V\u1ea1n N\u0103ng","description":"Mua ngay THI\u1ebeT B\u1eca PH\u00c1 M\u1eaaU COD HACH MODEL DRB200 ch\u00ednh h\u00e3ng. Thi\u1ebft B\u1ecb Ph\u00e1 M\u1eabu COD Hach Model DRB200 l\u00e0 b\u1ed9 ph\u00e1 m\u1eabu nhi\u1ec7t kh\u00f4 chuy\u00ean... Gi\u00e1 t\u1ed1t!","robots":{"index":"noindex","follow":"follow","max-snippet":"max-snippet:-1","max-image-preview":"max-image-preview:large","max-video-preview":"max-video-preview:-1"},"og_locale":"en_US","og_type":"article","og_title":"THI\u1ebeT B\u1eca PH\u00c1 M\u1eaaU COD HACH MODEL DRB200","og_description":"Mua ngay THI\u1ebeT B\u1eca PH\u00c1 M\u1eaaU COD HACH MODEL DRB200 ch\u00ednh h\u00e3ng. Thi\u1ebft B\u1ecb Ph\u00e1 M\u1eabu COD Hach Model DRB200 l\u00e0 b\u1ed9 ph\u00e1 m\u1eabu nhi\u1ec7t kh\u00f4 chuy\u00ean... Gi\u00e1 t\u1ed1t!","og_url":"https:\/\/vannangvn.123websitedev.com\/en\/product\/thiet-bi-pha-mau-cod-hach-model-drb200\/","og_site_name":"Vannang.vn","article_modified_time":"2026-03-30T11:56:25+00:00","twitter_card":"summary_large_image","twitter_misc":{"Est. reading time":"8 minutes"},"schema":{"@context":"https:\/\/schema.org","@graph":[{"@type":"WebPage","@id":"https:\/\/vannangvn.123websitedev.com\/san-pham\/thiet-bi-pha-mau-cod-hach-model-drb200\/","url":"https:\/\/vannangvn.123websitedev.com\/san-pham\/thiet-bi-pha-mau-cod-hach-model-drb200\/","name":"THI\u1ebeT B\u1eca PH\u00c1 M\u1eaaU COD HACH MODEL DRB200 ch\u00ednh h\u00e3ng | V\u1ea1n N\u0103ng","isPartOf":{"@id":"https:\/\/vannangvn.123websitedev.com\/#website"},"datePublished":"2026-03-20T12:14:01+00:00","dateModified":"2026-03-30T11:56:25+00:00","description":"Mua ngay THI\u1ebeT B\u1eca PH\u00c1 M\u1eaaU COD HACH MODEL DRB200 ch\u00ednh h\u00e3ng. Thi\u1ebft B\u1ecb Ph\u00e1 M\u1eabu COD Hach Model DRB200 l\u00e0 b\u1ed9 ph\u00e1 m\u1eabu nhi\u1ec7t kh\u00f4 chuy\u00ean... Gi\u00e1 t\u1ed1t!","breadcrumb":{"@id":"https:\/\/vannangvn.123websitedev.com\/san-pham\/thiet-bi-pha-mau-cod-hach-model-drb200\/#breadcrumb"},"inLanguage":"en-US","potentialAction":[{"@type":"ReadAction","target":["https:\/\/vannangvn.123websitedev.com\/san-pham\/thiet-bi-pha-mau-cod-hach-model-drb200\/"]}]},{"@type":"BreadcrumbList","@id":"https:\/\/vannangvn.123websitedev.com\/san-pham\/thiet-bi-pha-mau-cod-hach-model-drb200\/#breadcrumb","itemListElement":[{"@type":"ListItem","position":1,"name":"Trang ch\u1ee7","item":"https:\/\/vannangvn.123websitedev.com\/"},{"@type":"ListItem","position":2,"name":"S\u1ea3n ph\u1ea9m","item":"https:\/\/vannangvn.123websitedev.com\/cua-hang\/"},{"@type":"ListItem","position":3,"name":"THI\u1ebeT B\u1eca PH\u00c1 M\u1eaaU COD HACH MODEL DRB200"}]},{"@type":"WebSite","@id":"https:\/\/vannangvn.123websitedev.com\/#website","url":"https:\/\/vannangvn.123websitedev.com\/","name":"Vannang.vn","description":"","publisher":{"@id":"https:\/\/vannangvn.123websitedev.com\/#organization"},"potentialAction":[{"@type":"SearchAction","target":{"@type":"EntryPoint","urlTemplate":"https:\/\/vannangvn.123websitedev.com\/?s={search_term_string}"},"query-input":{"@type":"PropertyValueSpecification","valueRequired":true,"valueName":"search_term_string"}}],"inLanguage":"en-US"},{"@type":"Organization","@id":"https:\/\/vannangvn.123websitedev.com\/#organization","name":"Vannang.vn","url":"https:\/\/vannangvn.123websitedev.com\/","logo":{"@type":"ImageObject","inLanguage":"en-US","@id":"https:\/\/vannangvn.123websitedev.com\/#\/schema\/logo\/image\/","url":"https:\/\/vannangvn.123websitedev.com\/wp-content\/uploads\/2026\/02\/logo-van-nang-02.png","contentUrl":"https:\/\/vannangvn.123websitedev.com\/wp-content\/uploads\/2026\/02\/logo-van-nang-02.png","width":448,"height":111,"caption":"Vannang.vn"},"image":{"@id":"https:\/\/vannangvn.123websitedev.com\/#\/schema\/logo\/image\/"}}]}},"_links":{"self":[{"href":"https:\/\/vannangvn.123websitedev.com\/en\/wp-json\/wp\/v2\/product\/7993","targetHints":{"allow":["GET"]}}],"collection":[{"href":"https:\/\/vannangvn.123websitedev.com\/en\/wp-json\/wp\/v2\/product"}],"about":[{"href":"https:\/\/vannangvn.123websitedev.com\/en\/wp-json\/wp\/v2\/types\/product"}],"replies":[{"embeddable":true,"href":"https:\/\/vannangvn.123websitedev.com\/en\/wp-json\/wp\/v2\/comments?post=7993"}],"wp:attachment":[{"href":"https:\/\/vannangvn.123websitedev.com\/en\/wp-json\/wp\/v2\/media?parent=7993"}],"wp:term":[{"taxonomy":"product_brand","embeddable":true,"href":"https:\/\/vannangvn.123websitedev.com\/en\/wp-json\/wp\/v2\/product_brand?post=7993"},{"taxonomy":"product_cat","embeddable":true,"href":"https:\/\/vannangvn.123websitedev.com\/en\/wp-json\/wp\/v2\/product_cat?post=7993"},{"taxonomy":"product_tag","embeddable":true,"href":"https:\/\/vannangvn.123websitedev.com\/en\/wp-json\/wp\/v2\/product_tag?post=7993"}],"curies":[{"name":"wp","href":"https:\/\/api.w.org\/{rel}","templated":true}]}}