{"id":7994,"date":"2026-03-20T19:14:02","date_gmt":"2026-03-20T12:14:02","guid":{"rendered":"https:\/\/vannangvn.123websitedev.com\/san-pham\/thiet-bi-phan-tich-axit-amin-biochrom-model-30-new-2025\/"},"modified":"2026-03-30T18:56:26","modified_gmt":"2026-03-30T11:56:26","slug":"thiet-bi-phan-tich-axit-amin-biochrom-model-30-new-2025","status":"publish","type":"product","link":"https:\/\/vannangvn.123websitedev.com\/en\/product\/thiet-bi-phan-tich-axit-amin-biochrom-model-30-new-2025\/","title":{"rendered":"THI\u1ebeT B\u1eca PH\u00c2N T\u00cdCH AXIT AMIN BIOCHROM MODEL 30+ (NEW 2025)"},"content":{"rendered":"<h1 style=\"color: red; font-weight: bold; font-size: 24px;\">T&#7893;ng quan s&#7843;n ph&#7849;m THI&#7870;T B&#7882; PH&Acirc;N T&Iacute;CH AXIT AMIN BIOCHROM MODEL 30+ (NEW 2025)<p>Thi&#7871;t B&#7883; Ph&acirc;n T&iacute;ch Axit Amin (Acid Amino Analyzer) Biochrom Model 30+<br>\nThi&#7871;t B&#7883; Ph&acirc;n T&iacute;ch Axit Amin Biochrom 30+ l&agrave; gi&#7843;i ph&aacute;p ph&acirc;n t&iacute;ch chuy&ecirc;n s&acirc;u s&#7917; d&#7909;ng k&#7929; thu&#7853;t s&#7855;c k&yacute; l&#7887;ng trao &#273;&#7893;i ion, &#273;&#432;&#7907;c c&ocirc;ng nh&#7853;n l&agrave; ti&ecirc;u chu&#7849;n v&agrave;ng trong ph&acirc;n t&iacute;ch axit amin &#273;&#7883;nh t&iacute;nh v&agrave; &#273;&#7883;nh l&#432;&#7907;ng. Thi&#7871;t b&#7883; &#273;&#432;&#7907;c thi&#7871;t k&#7871; d&agrave;nh cho c&aacute;c ph&ograve;ng th&iacute; nghi&#7879;m l&acirc;m s&agrave;ng, d&#432;&#7907;c ph&#7849;m v&agrave; nghi&ecirc;n c&#7913;u sinh h&#7885;c, n&#417;i y&ecirc;u c&#7847;u &#273;&#7897; ch&iacute;nh x&aacute;c, &#273;&#7897; &#7893;n &#273;&#7883;nh v&agrave; kh&#7843; n&#259;ng t&aacute;i l&#7853;p cao. H&atilde;y c&ugrave;ng V&#7841;n N&#259;ng t&igrave;m hi&#7875;u chi ti&#7871;t h&#417;n v&#7873; s&#7843;n ph&#7849;m th&ocirc;ng qua b&agrave;i vi&#7871;t d&#432;&#7899;i &#273;&acirc;y!<\/p><p>Xem th&ecirc;m: Thi&#7871;t B&#7883; Ph&acirc;n T&iacute;ch Nhi&#7879;t &#272;&#7897; Cho L&ograve; S&#7845;y S&#417;n T&#297;nh &#272;i&#7879;n PhoenixTM Compact System<\/p><p>N&eacute;t &#272;&#7863;c Tr&#432;ng C&#7911;a Biochrom 30+<br>\n&#7912;ng d&#7909;ng c&ocirc;ng ngh&#7879; s&#7855;c k&yacute; trao &#273;&#7893;i ion<br>\nM&aacute;y Ph&acirc;n T&iacute;ch Axit Amin Biochrom 30+ v&#7853;n h&agrave;nh tr&ecirc;n nguy&ecirc;n l&yacute; s&#7855;c k&yacute; l&#7887;ng trao &#273;&#7893;i ion k&#7871;t h&#7907;p ph&aacute;t hi&#7879;n ninhydrin sau c&#7897;t, cho ph&eacute;p t&aacute;ch bi&#7879;t v&agrave; &#273;&#7883;nh l&#432;&#7907;ng h&#417;n 50 lo&#7841;i axit amin v&agrave; d&#7851;n xu&#7845;t. C&ocirc;ng ngh&#7879; n&agrave;y &#273;&#7843;m b&#7843;o k&#7871;t qu&#7843; ch&iacute;nh x&aacute;c, &#7893;n &#273;&#7883;nh v&agrave; d&#7877; l&#7863;p l&#7841;i trong c&aacute;c &#7913;ng d&#7909;ng l&acirc;m s&agrave;ng v&agrave; d&#432;&#7907;c ph&#7849;m.<br>\nH&#7879; th&#7889;ng ph&aacute;t hi&#7879;n nh&#7841;y v&agrave; &#7893;n &#273;&#7883;nh<br>\nS&#7917; d&#7909;ng &#273;&#7847;u d&ograve; quang ph&#7893; k&eacute;p v&#7899;i b&#432;&#7899;c s&oacute;ng 440 nm v&agrave; 570 nm, h&#7879; th&#7889;ng cho ph&eacute;p ph&aacute;t hi&#7879;n t&iacute;n hi&#7879;u m&#7841;nh, gi&#7843;m nhi&#7877;u v&agrave; ph&acirc;n bi&#7879;t c&aacute;c h&#7907;p ch&#7845;t c&oacute; &#273;&#7863;c t&iacute;nh t&#432;&#417;ng &#273;&#7891;ng. Ph&#7843;n &#7913;ng ninhydrin t&#7921; &#273;&#7897;ng gi&uacute;p &#273;&#7843;m b&#7843;o ch&#7845;t l&#432;&#7907;ng ph&acirc;n t&iacute;ch nh&#7845;t qu&aacute;n theo th&#7901;i gian.<\/p><p>Bu&#7891;ng ph&#7843;n &#7913;ng v&agrave; &#273;i&#7873;u nhi&#7879;t ch&iacute;nh x&aacute;c<br>\nH&#7879; th&#7889;ng &#273;i&#7873;u khi&#7875;n nhi&#7879;t &#273;&#7897; Peltier gi&uacute;p duy tr&igrave; &#7893;n &#273;&#7883;nh nhi&#7879;t &#273;&#7897; c&#7897;t v&agrave; cu&#7897;n ph&#7843;n &#7913;ng trong ph&#7841;m vi t&#7915; 20&deg;C &#273;&#7871;n 145&deg;C. C&#7845;u tr&uacute;c n&agrave;y h&#7895; tr&#7907; t&aacute;ch s&#7855;c k&yacute; t&#7889;i &#432;u, &#273;&#7891;ng th&#7901;i k&eacute;o d&agrave;i tu&#7893;i th&#7885; c&#7897;t v&agrave; duy tr&igrave; &#273;&#7897; ph&acirc;n gi&#7843;i cao.<br>\nC&#7845;u tr&uacute;c b&#417;m v&agrave; c&#7897;t &#273;&#7897; b&#7873;n cao<br>\nModel Biochrom 30+ &#273;&#432;&#7907;c trang b&#7883; b&#417;m piston &#273;&ocirc;i b&#7857;ng g&#7889;m v&agrave; van sapphire, ch&#7883;u &#273;&#432;&#7907;c &aacute;p su&#7845;t &#273;&#7871;n 150 bar. C&#7897;t PEEK ch&#7913;a nh&#7921;a trao &#273;&#7893;i cation Ultropac 8 gi&uacute;p duy tr&igrave; &#273;&#7897; &#7893;n &#273;&#7883;nh v&agrave; cho ph&eacute;p s&#7917; d&#7909;ng l&acirc;u d&agrave;i ngay c&#7843; trong &#273;i&#7873;u ki&#7879;n m&#7851;u ph&#7913;c t&#7841;p.<br>\nPh&#7847;n m&#7873;m &#273;i&#7873;u khi&#7875;n v&agrave; l&#432;u tr&#7919; d&#7919; li&#7879;u th&ocirc;ng minh<br>\nPh&#7847;n m&#7873;m BioSys v3.0 v&agrave; EZChrom Elite Data Handling cung c&#7845;p kh&#7843; n&#259;ng &#273;i&#7873;u khi&#7875;n t&#7921; &#273;&#7897;ng, gi&aacute;m s&aacute;t th&ocirc;ng s&#7889;, v&agrave; xu&#7845;t d&#7919; li&#7879;u tu&acirc;n th&#7911; ti&ecirc;u chu&#7849;n 21 CFR Part 11. Ng&#432;&#7901;i d&ugrave;ng c&oacute; th&#7875; l&#7853;p tr&igrave;nh quy tr&igrave;nh n&#7841;p m&#7851;u, x&#7917; l&yacute; t&iacute;n hi&#7879;u, v&agrave; theo d&otilde;i k&#7871;t qu&#7843; theo th&#7901;i gian th&#7921;c.<\/p><p>Xem th&ecirc;m: M&aacute;y &#272;o &#272;&#7897; H&#7845;p Th&#7909; H&#417;i N&#432;&#7899;c Gester GT-KC51<\/p><p>&#431;u &#272;i&#7875;m V&#432;&#7907;t Tr&#7897;i C&#7911;a Model Biochrom 30+<br>\n&#272;&#7897; ch&iacute;nh x&aacute;c v&agrave; &#273;&#7897; tin c&#7853;y tuy&#7879;t &#273;&#7889;i<br>\nThi&#7871;t B&#7883; Ph&acirc;n T&iacute;ch Amino Axit Biochrom 30+ mang &#273;&#7871;n kh&#7843; n&#259;ng t&aacute;ch bi&#7879;t v&agrave; &#273;&#7883;nh l&#432;&#7907;ng axit amin v&#432;&#7907;t tr&#7897;i, v&#7899;i &#273;&#7897; t&aacute;i l&#7863;p 0903 991 335 !<\/p><div style=\"background-color: #f8fafc; border: 1px solid #e2e8f0; border-radius: 8px; padding: 25px; max-width: 800px; margin: 30px auto; color: #334155; line-height: 1.8; font-size: 17px; box-shadow: 0 4px 6px -1px rgba(0,0,0,0.05); text-align: left; clear: both;\">\nC&ocirc;ng ty TNHH Th&#432;&#417;ng M&#7841;i D&#7883;ch V&#7909; Thi&#7871;t B&#7883; C&ocirc;ng Ngh&#7879; V&#7841;n N&#259;ng\n<p style=\"margin: 0 0 10px 0;\">&#128205; <strong style=\"color: #1e293b;\">&#272;&#7883;a ch&#7881;:<\/strong> <a style=\"color: #059669; text-decoration: none; font-weight: bold;\" href=\"https:\/\/www.google.com\/maps\/search\/C%C3%B4ng+ty+TNHH+Th%C6%B0%C6%A1ng+M%E1%BA%A1i+D%E1%BB%8Bch+V%E1%BB%A5+Thi%E1%BA%BFt+B%E1%BB%8B+C%C3%B4ng+Ngh%E1%BB%87+V%E1%BA%A1n+N%C4%83ng+818+Tr%C6%B0%E1%BB%9Dng+Chinh\" target=\"_blank\" rel=\"noopener\">818 Tr&#432;&#7901;ng Chinh, Ph&#432;&#7901;ng T&acirc;n S&#417;n, Th&agrave;nh ph&#7889; H&#7891; Ch&iacute; Minh, Vi&#7879;t Nam<\/a><\/p>\n<p style=\"margin: 0 0 10px 0;\">&#128222; <strong style=\"color: #1e293b;\">S&#272;T &ndash; Zalo:<\/strong> <a style=\"color: #059669; text-decoration: none; font-weight: bold;\" href=\"https:\/\/zalo.me\/0903991335\" target=\"_blank\" rel=\"noopener\">0903 991 335<\/a> <span style=\"color: #64748b; font-style: italic;\">(Ms. H&#7841;nh &ndash; Gi&aacute;m &#272;&#7889;c Kinh Doanh)<\/span><\/p>\n<p style=\"margin: 0;\">&#9993;&#65039; <strong style=\"color: #1e293b;\">Email:<\/strong> <a style=\"color: #059669; text-decoration: none; font-weight: bold;\" href=\"mailto:hienhanh@vannangvn.com\">hienhanh@vannangvn.com<\/a><\/p>\n<\/div><\/h1>","protected":false},"excerpt":{"rendered":"<p><strong>Th&#432;&#417;ng hi&#7879;u:<\/strong> Biochrom<br>\n<strong>Model:<\/strong> Biochrom<p>Product <strong>THI&#7870;T B&#7882; PH&Acirc;N T&Iacute;CH AXIT AMIN BIOCHROM MODEL 30+ (NEW 2025)<\/strong> ch&iacute;nh h&atilde;ng. Biochrom (UK)<br>\nThi&#7871;t B&#7883; Ph&acirc;n T&iacute;ch Axit Amin Biochrom 30+ l&agrave; h&#7879; th&#7889;ng s&#7855;c k&yacute; l&#7887;ng trao &#273;&#7893;i ion (ion-exchange chromatography) ti&ecirc;u chu&#7849;n v&agrave;ng, d&ugrave;ng &#273;&#7875; &#273;&#7883;nh t&iacute;nh v&agrave; &#273;&#7883;nh l&#432;&#7907;ng h&#417;n 50 lo&#7841;i axit amin. Thi&#7871;t b&#7883; c&oacute; &#273;&#7897; t&aacute;i l&#7863;p \n<\/p><\/p>","protected":false},"featured_media":0,"comment_status":"open","ping_status":"closed","template":"","meta":[],"product_brand":[],"product_cat":[18],"product_tag":[3087,3523,116,275,629,768,769,2638,2698,2699,3086],"class_list":{"0":"post-7994","1":"product","2":"type-product","3":"status-publish","5":"product_cat-chua-phan-loai","6":"product_tag-2025-2","7":"product_tag-amin","8":"product_tag-model","9":"product_tag-phan","10":"product_tag-tich","11":"product_tag-thiet","12":"product_tag-bi","13":"product_tag-axit","14":"product_tag-biochrom","15":"product_tag-30-2","16":"product_tag-new","18":"first","19":"instock","20":"shipping-taxable","21":"product-type-simple"},"yoast_head":"<!-- This site is optimized with the Yoast SEO Premium plugin v24.8 (Yoast SEO v24.8) - https:\/\/yoast.com\/wordpress\/plugins\/seo\/ -->\n<title>THI\u1ebeT B\u1eca PH\u00c2N T\u00cdCH AXIT AMIN BIOCHR... ch\u00ednh h\u00e3ng | V\u1ea1n N\u0103ng<\/title>\n<meta name=\"description\" content=\"Mua ngay THI\u1ebeT B\u1eca PH\u00c2N T\u00cdCH AXIT AMIN BIOCHROM MODEL 30+ (NEW 2025) ch\u00ednh h\u00e3ng. Thi\u1ebft B\u1ecb Ph\u00e2n T\u00edch Axit Amin Biochrom 30+ l\u00e0 h\u1ec7 th... Gi\u00e1 t\u1ed1t!\" \/>\n<meta name=\"robots\" content=\"noindex, follow, max-snippet:-1, max-image-preview:large, max-video-preview:-1\" \/>\n<meta property=\"og:locale\" content=\"en_US\" \/>\n<meta property=\"og:type\" content=\"article\" \/>\n<meta property=\"og:title\" content=\"THI\u1ebeT B\u1eca PH\u00c2N T\u00cdCH AXIT AMIN BIOCHROM MODEL 30+ (NEW 2025)\" \/>\n<meta property=\"og:description\" content=\"Mua ngay THI\u1ebeT B\u1eca PH\u00c2N T\u00cdCH AXIT AMIN BIOCHROM MODEL 30+ (NEW 2025) ch\u00ednh h\u00e3ng. Thi\u1ebft B\u1ecb Ph\u00e2n T\u00edch Axit Amin Biochrom 30+ l\u00e0 h\u1ec7 th... Gi\u00e1 t\u1ed1t!\" \/>\n<meta property=\"og:url\" content=\"https:\/\/vannangvn.123websitedev.com\/en\/product\/thiet-bi-phan-tich-axit-amin-biochrom-model-30-new-2025\/\" \/>\n<meta property=\"og:site_name\" content=\"Vannang.vn\" \/>\n<meta property=\"article:modified_time\" content=\"2026-03-30T11:56:26+00:00\" \/>\n<meta name=\"twitter:card\" content=\"summary_large_image\" \/>\n<meta name=\"twitter:label1\" content=\"Est. reading time\" \/>\n\t<meta name=\"twitter:data1\" content=\"4 minutes\" \/>\n<script type=\"application\/ld+json\" class=\"yoast-schema-graph\">{\"@context\":\"https:\/\/schema.org\",\"@graph\":[{\"@type\":\"WebPage\",\"@id\":\"https:\/\/vannangvn.123websitedev.com\/san-pham\/thiet-bi-phan-tich-axit-amin-biochrom-model-30-new-2025\/\",\"url\":\"https:\/\/vannangvn.123websitedev.com\/san-pham\/thiet-bi-phan-tich-axit-amin-biochrom-model-30-new-2025\/\",\"name\":\"THI\u1ebeT B\u1eca PH\u00c2N T\u00cdCH AXIT AMIN BIOCHR... ch\u00ednh h\u00e3ng | V\u1ea1n N\u0103ng\",\"isPartOf\":{\"@id\":\"https:\/\/vannangvn.123websitedev.com\/#website\"},\"datePublished\":\"2026-03-20T12:14:02+00:00\",\"dateModified\":\"2026-03-30T11:56:26+00:00\",\"description\":\"Mua ngay THI\u1ebeT B\u1eca PH\u00c2N T\u00cdCH AXIT AMIN BIOCHROM MODEL 30+ (NEW 2025) ch\u00ednh h\u00e3ng. Thi\u1ebft B\u1ecb Ph\u00e2n T\u00edch Axit Amin Biochrom 30+ l\u00e0 h\u1ec7 th... Gi\u00e1 t\u1ed1t!\",\"breadcrumb\":{\"@id\":\"https:\/\/vannangvn.123websitedev.com\/san-pham\/thiet-bi-phan-tich-axit-amin-biochrom-model-30-new-2025\/#breadcrumb\"},\"inLanguage\":\"en-US\",\"potentialAction\":[{\"@type\":\"ReadAction\",\"target\":[\"https:\/\/vannangvn.123websitedev.com\/san-pham\/thiet-bi-phan-tich-axit-amin-biochrom-model-30-new-2025\/\"]}]},{\"@type\":\"BreadcrumbList\",\"@id\":\"https:\/\/vannangvn.123websitedev.com\/san-pham\/thiet-bi-phan-tich-axit-amin-biochrom-model-30-new-2025\/#breadcrumb\",\"itemListElement\":[{\"@type\":\"ListItem\",\"position\":1,\"name\":\"Trang ch\u1ee7\",\"item\":\"https:\/\/vannangvn.123websitedev.com\/\"},{\"@type\":\"ListItem\",\"position\":2,\"name\":\"S\u1ea3n ph\u1ea9m\",\"item\":\"https:\/\/vannangvn.123websitedev.com\/cua-hang\/\"},{\"@type\":\"ListItem\",\"position\":3,\"name\":\"THI\u1ebeT B\u1eca PH\u00c2N T\u00cdCH AXIT AMIN BIOCHROM MODEL 30+ (NEW 2025)\"}]},{\"@type\":\"WebSite\",\"@id\":\"https:\/\/vannangvn.123websitedev.com\/#website\",\"url\":\"https:\/\/vannangvn.123websitedev.com\/\",\"name\":\"Vannang.vn\",\"description\":\"\",\"publisher\":{\"@id\":\"https:\/\/vannangvn.123websitedev.com\/#organization\"},\"potentialAction\":[{\"@type\":\"SearchAction\",\"target\":{\"@type\":\"EntryPoint\",\"urlTemplate\":\"https:\/\/vannangvn.123websitedev.com\/?s={search_term_string}\"},\"query-input\":{\"@type\":\"PropertyValueSpecification\",\"valueRequired\":true,\"valueName\":\"search_term_string\"}}],\"inLanguage\":\"en-US\"},{\"@type\":\"Organization\",\"@id\":\"https:\/\/vannangvn.123websitedev.com\/#organization\",\"name\":\"Vannang.vn\",\"url\":\"https:\/\/vannangvn.123websitedev.com\/\",\"logo\":{\"@type\":\"ImageObject\",\"inLanguage\":\"en-US\",\"@id\":\"https:\/\/vannangvn.123websitedev.com\/#\/schema\/logo\/image\/\",\"url\":\"https:\/\/vannangvn.123websitedev.com\/wp-content\/uploads\/2026\/02\/logo-van-nang-02.png\",\"contentUrl\":\"https:\/\/vannangvn.123websitedev.com\/wp-content\/uploads\/2026\/02\/logo-van-nang-02.png\",\"width\":448,\"height\":111,\"caption\":\"Vannang.vn\"},\"image\":{\"@id\":\"https:\/\/vannangvn.123websitedev.com\/#\/schema\/logo\/image\/\"}}]}<\/script>\n<!-- \/ Yoast SEO Premium plugin. -->","yoast_head_json":{"title":"THI\u1ebeT B\u1eca PH\u00c2N T\u00cdCH AXIT AMIN BIOCHR... ch\u00ednh h\u00e3ng | V\u1ea1n N\u0103ng","description":"Mua ngay THI\u1ebeT B\u1eca PH\u00c2N T\u00cdCH AXIT AMIN BIOCHROM MODEL 30+ (NEW 2025) ch\u00ednh h\u00e3ng. Thi\u1ebft B\u1ecb Ph\u00e2n T\u00edch Axit Amin Biochrom 30+ l\u00e0 h\u1ec7 th... Gi\u00e1 t\u1ed1t!","robots":{"index":"noindex","follow":"follow","max-snippet":"max-snippet:-1","max-image-preview":"max-image-preview:large","max-video-preview":"max-video-preview:-1"},"og_locale":"en_US","og_type":"article","og_title":"THI\u1ebeT B\u1eca PH\u00c2N T\u00cdCH AXIT AMIN BIOCHROM MODEL 30+ (NEW 2025)","og_description":"Mua ngay THI\u1ebeT B\u1eca PH\u00c2N T\u00cdCH AXIT AMIN BIOCHROM MODEL 30+ (NEW 2025) ch\u00ednh h\u00e3ng. Thi\u1ebft B\u1ecb Ph\u00e2n T\u00edch Axit Amin Biochrom 30+ l\u00e0 h\u1ec7 th... Gi\u00e1 t\u1ed1t!","og_url":"https:\/\/vannangvn.123websitedev.com\/en\/product\/thiet-bi-phan-tich-axit-amin-biochrom-model-30-new-2025\/","og_site_name":"Vannang.vn","article_modified_time":"2026-03-30T11:56:26+00:00","twitter_card":"summary_large_image","twitter_misc":{"Est. reading time":"4 minutes"},"schema":{"@context":"https:\/\/schema.org","@graph":[{"@type":"WebPage","@id":"https:\/\/vannangvn.123websitedev.com\/san-pham\/thiet-bi-phan-tich-axit-amin-biochrom-model-30-new-2025\/","url":"https:\/\/vannangvn.123websitedev.com\/san-pham\/thiet-bi-phan-tich-axit-amin-biochrom-model-30-new-2025\/","name":"THI\u1ebeT B\u1eca PH\u00c2N T\u00cdCH AXIT AMIN BIOCHR... ch\u00ednh h\u00e3ng | V\u1ea1n N\u0103ng","isPartOf":{"@id":"https:\/\/vannangvn.123websitedev.com\/#website"},"datePublished":"2026-03-20T12:14:02+00:00","dateModified":"2026-03-30T11:56:26+00:00","description":"Mua ngay THI\u1ebeT B\u1eca PH\u00c2N T\u00cdCH AXIT AMIN BIOCHROM MODEL 30+ (NEW 2025) ch\u00ednh h\u00e3ng. Thi\u1ebft B\u1ecb Ph\u00e2n T\u00edch Axit Amin Biochrom 30+ l\u00e0 h\u1ec7 th... Gi\u00e1 t\u1ed1t!","breadcrumb":{"@id":"https:\/\/vannangvn.123websitedev.com\/san-pham\/thiet-bi-phan-tich-axit-amin-biochrom-model-30-new-2025\/#breadcrumb"},"inLanguage":"en-US","potentialAction":[{"@type":"ReadAction","target":["https:\/\/vannangvn.123websitedev.com\/san-pham\/thiet-bi-phan-tich-axit-amin-biochrom-model-30-new-2025\/"]}]},{"@type":"BreadcrumbList","@id":"https:\/\/vannangvn.123websitedev.com\/san-pham\/thiet-bi-phan-tich-axit-amin-biochrom-model-30-new-2025\/#breadcrumb","itemListElement":[{"@type":"ListItem","position":1,"name":"Trang ch\u1ee7","item":"https:\/\/vannangvn.123websitedev.com\/"},{"@type":"ListItem","position":2,"name":"S\u1ea3n ph\u1ea9m","item":"https:\/\/vannangvn.123websitedev.com\/cua-hang\/"},{"@type":"ListItem","position":3,"name":"THI\u1ebeT B\u1eca PH\u00c2N T\u00cdCH AXIT AMIN BIOCHROM MODEL 30+ (NEW 2025)"}]},{"@type":"WebSite","@id":"https:\/\/vannangvn.123websitedev.com\/#website","url":"https:\/\/vannangvn.123websitedev.com\/","name":"Vannang.vn","description":"","publisher":{"@id":"https:\/\/vannangvn.123websitedev.com\/#organization"},"potentialAction":[{"@type":"SearchAction","target":{"@type":"EntryPoint","urlTemplate":"https:\/\/vannangvn.123websitedev.com\/?s={search_term_string}"},"query-input":{"@type":"PropertyValueSpecification","valueRequired":true,"valueName":"search_term_string"}}],"inLanguage":"en-US"},{"@type":"Organization","@id":"https:\/\/vannangvn.123websitedev.com\/#organization","name":"Vannang.vn","url":"https:\/\/vannangvn.123websitedev.com\/","logo":{"@type":"ImageObject","inLanguage":"en-US","@id":"https:\/\/vannangvn.123websitedev.com\/#\/schema\/logo\/image\/","url":"https:\/\/vannangvn.123websitedev.com\/wp-content\/uploads\/2026\/02\/logo-van-nang-02.png","contentUrl":"https:\/\/vannangvn.123websitedev.com\/wp-content\/uploads\/2026\/02\/logo-van-nang-02.png","width":448,"height":111,"caption":"Vannang.vn"},"image":{"@id":"https:\/\/vannangvn.123websitedev.com\/#\/schema\/logo\/image\/"}}]}},"_links":{"self":[{"href":"https:\/\/vannangvn.123websitedev.com\/en\/wp-json\/wp\/v2\/product\/7994","targetHints":{"allow":["GET"]}}],"collection":[{"href":"https:\/\/vannangvn.123websitedev.com\/en\/wp-json\/wp\/v2\/product"}],"about":[{"href":"https:\/\/vannangvn.123websitedev.com\/en\/wp-json\/wp\/v2\/types\/product"}],"replies":[{"embeddable":true,"href":"https:\/\/vannangvn.123websitedev.com\/en\/wp-json\/wp\/v2\/comments?post=7994"}],"wp:attachment":[{"href":"https:\/\/vannangvn.123websitedev.com\/en\/wp-json\/wp\/v2\/media?parent=7994"}],"wp:term":[{"taxonomy":"product_brand","embeddable":true,"href":"https:\/\/vannangvn.123websitedev.com\/en\/wp-json\/wp\/v2\/product_brand?post=7994"},{"taxonomy":"product_cat","embeddable":true,"href":"https:\/\/vannangvn.123websitedev.com\/en\/wp-json\/wp\/v2\/product_cat?post=7994"},{"taxonomy":"product_tag","embeddable":true,"href":"https:\/\/vannangvn.123websitedev.com\/en\/wp-json\/wp\/v2\/product_tag?post=7994"}],"curies":[{"name":"wp","href":"https:\/\/api.w.org\/{rel}","templated":true}]}}