{"id":7997,"date":"2026-03-20T19:14:05","date_gmt":"2026-03-20T12:14:05","guid":{"rendered":"https:\/\/vannangvn.123websitedev.com\/san-pham\/thiet-bi-phan-tich-bien-dang-lon-industrial-physics-model-can-profile-analyzer\/"},"modified":"2026-03-30T18:56:30","modified_gmt":"2026-03-30T11:56:30","slug":"thiet-bi-phan-tich-bien-dang-lon-industrial-physics-model-can-profile-analyzer","status":"publish","type":"product","link":"https:\/\/vannangvn.123websitedev.com\/en\/product\/thiet-bi-phan-tich-bien-dang-lon-industrial-physics-model-can-profile-analyzer\/","title":{"rendered":"THI\u1ebeT B\u1eca PH\u00c2N T\u00cdCH BI\u00caN D\u1ea0NG LON INDUSTRIAL PHYSICS MODEL CAN PROFILE ANALYZER"},"content":{"rendered":"<h1 style=\"color: red; font-weight: bold; font-size: 24px;\">T&#7893;ng quan s&#7843;n ph&#7849;m THI&#7870;T B&#7882; PH&Acirc;N T&Iacute;CH BI&Ecirc;N D&#7840;NG LON INDUSTRIAL PHYSICS MODEL CAN PROFILE ANALYZER<p>M&aacute;y C&#7855;t M&iacute; Lon Th&#7921;c Ph&#7849;m Th&#7911; C&ocirc;ng Industrial Physics (Manual Seam Saw) Model TBS-4M<br>\nCan Profile Analyzer l&agrave; thi&#7871;t b&#7883; &#273;o v&agrave; ph&acirc;n t&iacute;ch bi&ecirc;n d&#7841;ng lon kim lo&#7841;i kh&ocirc;ng ti&#7871;p x&uacute;c, s&#7917; d&#7909;ng c&ocirc;ng ngh&#7879; qu&eacute;t laser ti&ecirc;n ti&#7871;n &#273;&#7875; &#273;o ch&iacute;nh x&aacute;c g&acirc;n t&#259;ng c&#7913;ng (bead), m&eacute;p g&#7845;p (flange) v&agrave; chi&#7873;u cao lon.<br>\nH&#7879; th&#7889;ng &#273;&#432;&#7907;c thi&#7871;t k&#7871; &#273;&#7875; cung c&#7845;p d&#7919; li&#7879;u nhanh ch&oacute;ng, &#273;&#7897; ch&iacute;nh x&aacute;c cao v&agrave; b&aacute;o c&aacute;o xu&#7845;t ra nhi&#7873;u &#273;&#7883;nh d&#7841;ng ph&#7893; bi&#7871;n, ph&ugrave; h&#7907;p cho ph&ograve;ng th&iacute; nghi&#7879;m, s&#7843;n xu&#7845;t v&agrave; QA\/QC c&ocirc;ng nghi&#7879;p. H&atilde;y c&ugrave;ng V&#7841;n N&#259;ng t&igrave;m hi&#7875;u chi ti&#7871;t h&#417;n v&#7873; s&#7843;n ph&#7849;m th&ocirc;ng qua b&agrave;i vi&#7871;t d&#432;&#7899;i &#273;&acirc;y nh&eacute;!<\/p><p>N&eacute;t &#272;&#7863;c Tr&#432;ng C&#7911;a Can Profile Analyzer<br>\nC&ocirc;ng ngh&#7879; &#273;o bi&ecirc;n d&#7841;ng b&#7857;ng laser kh&ocirc;ng ti&#7871;p x&uacute;c<br>\nCan Profile Analyzer l&agrave; m&#7897;t trong nh&#7919;ng thi&#7871;t b&#7883; &#273;&#7847;u ti&ecirc;n s&#7917; d&#7909;ng c&ocirc;ng ngh&#7879; laser profiling &#273;&#7875; qu&eacute;t to&agrave;n b&#7897; bi&ecirc;n d&#7841;ng lon m&agrave; kh&ocirc;ng c&#7847;n ti&#7871;p x&uacute;c c&#417; h&#7885;c. &#272;i&#7873;u n&agrave;y gi&uacute;p lo&#7841;i b&#7887; sai s&#7889; do l&#7921;c &#273;o v&agrave; tr&aacute;nh l&agrave;m bi&#7871;n d&#7841;ng m&#7851;u.<br>\nPh&acirc;n t&iacute;ch to&agrave;n b&#7897; h&igrave;nh h&#7885;c lon t&#7921; &#273;&#7897;ng<br>\nThi&#7871;t b&#7883; &#273;o to&agrave;n di&#7879;n c&aacute;c th&ocirc;ng s&#7889; quan tr&#7885;ng nh&#432; bi&ecirc;n d&#7841;ng g&acirc;n, m&eacute;p flange v&agrave; chi&#7873;u cao lon, &#273;&#7891;ng th&#7901;i t&#7921; &#273;&#7897;ng ph&aacute;t hi&#7879;n v&#7883; tr&iacute; v&agrave; h&igrave;nh d&#7841;ng bead trong v&agrave;i gi&acirc;y.<br>\n&#272;&#7897; ph&acirc;n gi&#7843;i v&agrave; t&#7889;c &#273;&#7897; v&#432;&#7907;t tr&#7897;i<br>\nH&#7879; th&#7889;ng c&oacute; &#273;&#7897; ph&acirc;n gi&#7843;i kho&#7843;ng 9 micron v&agrave; t&#7889;c &#273;&#7897; &#273;o nhanh (ch&#7881; v&agrave;i gi&acirc;y cho lon l&#7899;n), v&#432;&#7907;t tr&#7897;i so v&#7899;i c&aacute;c thi&#7871;t b&#7883; &#273;o ti&#7871;p x&uacute;c truy&#7873;n th&#7889;ng.<br>\nPh&#7847;n m&#7873;m ph&acirc;n t&iacute;ch v&agrave; xu&#7845;t b&aacute;o c&aacute;o linh ho&#7841;t<br>\nCan Profile Analyzer t&#7841;o b&aacute;o c&aacute;o chi ti&#7871;t v&agrave; cho ph&eacute;p xu&#7845;t d&#7919; li&#7879;u ra nhi&#7873;u &#273;&#7883;nh d&#7841;ng file, h&#7895; tr&#7907; t&iacute;ch h&#7907;p v&#7899;i h&#7879; th&#7889;ng qu&#7843;n l&yacute; ch&#7845;t l&#432;&#7907;ng v&agrave; ph&acirc;n t&iacute;ch SPC.<br>\nT&iacute;ch h&#7907;p d&#7919; li&#7879;u t&#7915; thi&#7871;t b&#7883; &#273;o ngo&agrave;i<br>\nThi&#7871;t b&#7883; c&oacute; th&#7875; k&#7871;t h&#7907;p d&#7919; li&#7879;u t&#7915; c&aacute;c c&#7843;m bi&#7871;n ho&#7863;c thi&#7871;t b&#7883; &#273;o kh&aacute;c nh&#432; crush test, paneling test &#273;&#7875; t&#7841;o b&aacute;o c&aacute;o bi&ecirc;n d&#7841;ng ti&ecirc;u chu&#7849;n ph&#7909;c v&#7909; ph&acirc;n t&iacute;ch thi&#7871;t k&#7871; v&agrave; ki&#7875;m so&aacute;t ch&#7845;t l&#432;&#7907;ng.<\/p><p>&#431;u &#272;i&#7875;m C&#7911;a Can Profile Analyzer<\/p><p>&#272;&#7897; ch&iacute;nh x&aacute;c cao h&#417;n thi&#7871;t b&#7883; &#273;o ti&#7871;p x&uacute;c: C&aacute;c h&#7879; th&#7889;ng &#273;o ti&#7871;p x&uacute;c d&ugrave;ng kim &#273;o c&#417; h&#7885;c d&#7877; b&#7883; cong, g&atilde;y ho&#7863;c g&acirc;y sai s&#7889; do k&iacute;ch th&#432;&#7899;c &#273;&#7847;u d&ograve;. Can Profile Analyzer lo&#7841;i b&#7887; ho&agrave;n to&agrave;n h&#7841;n ch&#7871; n&agrave;y nh&#7901; &#273;o laser kh&ocirc;ng ti&#7871;p x&uacute;c.<br>\nLo&#7841;i b&#7887; &#7843;nh h&#432;&#7903;ng c&#7911;a ng&#432;&#7901;i v&#7853;n h&agrave;nh: Thi&#7871;t b&#7883; v&#7853;n h&agrave;nh t&#7921; &#273;&#7897;ng v&#7899;i quy tr&igrave;nh &#273;&#417;n gi&#7843;n, gi&#7843;m ph&#7909; thu&#7897;c v&agrave;o k&#7929; n&#259;ng ng&#432;&#7901;i d&ugrave;ng v&agrave; &#273;&#7843;m b&#7843;o t&iacute;nh nh&#7845;t qu&aacute;n d&#7919; li&#7879;u &#273;o.<br>\nPh&ugrave; h&#7907;p nhi&#7873;u m&ocirc;i tr&#432;&#7901;ng s&#7843;n xu&#7845;t: V&#7899;i y&ecirc;u c&#7847;u b&#7843;o tr&igrave; th&#7845;p v&agrave; thi&#7871;t k&#7871; c&ocirc;ng nghi&#7879;p b&#7873;n b&#7881;, Can Profile Analyzer c&oacute; th&#7875; s&#7917; d&#7909;ng trong ph&ograve;ng th&iacute; nghi&#7879;m, d&acirc;y chuy&#7873;n s&#7843;n xu&#7845;t ho&#7863;c trung t&acirc;m ki&#7875;m tra ch&#7845;t l&#432;&#7907;ng.<br>\nH&#7895; tr&#7907; ph&acirc;n t&iacute;ch thi&#7871;t k&#7871; bao b&igrave;: Thi&#7871;t b&#7883; cung c&#7845;p d&#7919; li&#7879;u chi ti&#7871;t v&#7873; h&igrave;nh h&#7885;c g&acirc;n v&agrave; kho&#7843;ng c&aacute;ch g&acirc;n, gi&uacute;p k&#7929; s&#432; &#273;&aacute;nh gi&aacute; m&#7913;c &#273;&#7897; ph&ugrave; h&#7907;p gi&#7919;a thi&#7871;t k&#7871; v&agrave; th&#7921;c t&#7871; s&#7843;n xu&#7845;t.<\/p><p>&#7912;ng D&#7909;ng Th&#7921;c T&#7871;<\/p><p>Ng&agrave;nh s&#7843;n xu&#7845;t lon kim lo&#7841;i: Can Profile Analyzer gi&uacute;p nh&agrave; m&aacute;y lon ki&#7875;m so&aacute;t h&igrave;nh d&#7841;ng g&acirc;n t&#259;ng c&#7913;ng, flange v&agrave; chi&#7873;u cao lon nh&#7857;m &#273;&#7843;m b&#7843;o &#273;&#7897; b&#7873;n c&#417; h&#7885;c v&agrave; kh&#7843; n&#259;ng ch&#7883;u &aacute;p l&#7921;c.<br>\nNg&agrave;nh bao b&igrave; th&#7921;c ph&#7849;m v&agrave; &#273;&#7891; u&#7889;ng: Thi&#7871;t b&#7883; &#273;&#432;&#7907;c s&#7917; d&#7909;ng &#273;&#7875; &#273;&aacute;nh gi&aacute; ch&#7845;t l&#432;&#7907;ng bao b&igrave; kim lo&#7841;i, gi&#7843;m r&#7911;i ro bi&#7871;n d&#7841;ng lon v&agrave; &#273;&#7843;m b&#7843;o t&iacute;nh to&agrave;n v&#7865;n c&#7911;a s&#7843;n ph&#7849;m &#273;&oacute;ng h&#7897;p.<br>\nNg&agrave;nh ki&#7875;m so&aacute;t ch&#7845;t l&#432;&#7907;ng c&ocirc;ng nghi&#7879;p: Ph&ograve;ng QA\/QC s&#7917; d&#7909;ng Can Profile Analyzer &#273;&#7875; ph&acirc;n t&iacute;ch sai l&#7879;ch s&#7843;n xu&#7845;t, theo d&otilde;i xu h&#432;&#7899;ng SPC v&agrave; c&#7843;i ti&#7871;n quy tr&igrave;nh t&#7841;o g&acirc;n lon.<br>\nNg&agrave;nh nghi&ecirc;n c&#7913;u v&agrave; ph&aacute;t tri&#7875;n (R&amp;D): C&aacute;c trung t&acirc;m R&amp;D d&ugrave;ng thi&#7871;t b&#7883; &#273;&#7875; th&#7917; nghi&#7879;m thi&#7871;t k&#7871; lon m&#7899;i, &#273;&aacute;nh gi&aacute; &#273;&#7897; b&#7873;n c&#7845;u tr&uacute;c v&agrave; t&#7889;i &#432;u h&oacute;a h&igrave;nh d&#7841;ng g&acirc;n.<\/p><p>Nh&#7919;ng L&yacute; Do N&ecirc;n Mua M&aacute;y C&#7855;t M&iacute; Lon T&#7841;i V&#7841;n N&#259;ng<\/p><p>C&ocirc;ng ty Thi&#7871;t B&#7883; C&ocirc;ng Ngh&#7879; V&#7841;n N&#259;ng l&agrave; &#273;&#7889;i t&aacute;c ch&iacute;nh th&#7913;c ph&acirc;n ph&#7889;i M&aacute;y C&#7855;t M&iacute; Lon h&agrave;ng &#273;&#7847;u t&#7841;i Vi&#7879;t Nam, cam k&#7871;t cung c&#7845;p s&#7843;n ph&#7849;m ch&iacute;nh h&atilde;ng v&#7899;i gi&aacute; c&#7843; c&#7841;nh tranh nh&#7845;t th&#7883; tr&#432;&#7901;ng. V&#7899;i uy t&iacute;n tr&ecirc;n th&#7883; tr&#432;&#7901;ng v&agrave; ch&#7871; &#273;&#7897; h&#7851;u m&atilde;i t&#7889;t, Thi&#7871;t B&#7883; C&ocirc;ng Ngh&#7879; V&#7841;n N&#259;ng &#273;&atilde; nh&#7853;n &#273;&#432;&#7907;c s&#7921; tin t&#432;&#7903;ng t&#7915; kh&aacute;ch h&agrave;ng nh&#7901; v&agrave;o ch&#7845;t l&#432;&#7907;ng h&agrave;ng &#273;&#7847;u c&#7911;a c&aacute;c d&ograve;ng s&#7843;n ph&#7849;m.<br>\nS&#7843;n ph&#7849;m c&#7911;a ch&uacute;ng t&ocirc;i &#273;&#432;&#7907;c ki&#7875;m &#273;&#7883;nh ch&#7845;t l&#432;&#7907;ng, nh&#7853;p kh&#7849;u tr&#7921;c ti&#7871;p t&#7915; nh&agrave; m&aacute;y b&ecirc;n Ch&acirc;u &Acirc;u, M&#7929;, &Uacute;c, Nh&#7853;t B&#7843;n,&hellip; v&agrave; &#273;&aacute;p &#7913;ng nhu c&#7847;u &#273;a d&#7841;ng c&#7911;a th&#7883; tr&#432;&#7901;ng nh&#432;: M&aacute;y &#272;o &#272;&#7897; C&#7913;ng, M&aacute;y SPECTROMAXx, M&aacute;y Ki&#7875;m Tra &#272;&#432;&#7901;ng Gh&eacute;p M&iacute; Lon,&hellip; Ch&uacute;ng t&ocirc;i cam k&#7871;t cung c&#7845;p s&#7843;n ph&#7849;m n&agrave;y tr&ecirc;n to&agrave;n qu&#7889;c v&#7899;i gi&aacute; c&#7843; c&#7841;nh tranh nh&#7845;t.<br>\nCh&uacute;ng t&ocirc;i c&oacute; &#273;&#7897;i ng&#361; chuy&ecirc;n vi&ecirc;n t&#432; v&#7845;n chuy&ecirc;n s&acirc;u s&#7869; h&#7895; tr&#7907; kh&aacute;ch h&agrave;ng v&#7873; chi ti&#7871;t s&#7843;n ph&#7849;m, h&#432;&#7899;ng d&#7851;n s&#7917; d&#7909;ng hay nh&#7919;ng th&#7913; li&ecirc;n quan &#273;&#7871;n v&#7845;n &#273;&#7873; m&agrave; doanh nghi&#7879;p b&#7841;n &#273;ang g&#7863;p ph&#7843;i. Ch&uacute;ng t&ocirc;i s&#7869; cung c&#7845;p nh&#7919;ng gi&#7843;i ph&aacute;p t&#7889;i &#432;u nh&#7845;t!<br>\nNgo&agrave;i ra Thi&#7871;t B&#7883; C&ocirc;ng Ngh&#7879; V&#7841;n N&#259;ng Ch&uacute;ng T&ocirc;i lu&ocirc;n h&#432;&#7899;ng &#273;&#7871;n tr&#7843;i nghi&#7879;m kh&aacute;ch h&agrave;ng, v&igrave; v&#7853;y ch&uacute;ng t&ocirc;i c&oacute; nh&#7919;ng ch&iacute;nh s&aacute;ch b&#7843;o h&agrave;nh, b&#7843;o tr&igrave; &ndash; b&#7843;o d&#432;&#7905;ng, hi&#7879;u chu&#7849;n v&#7899;i t&#7845;t c&#7843; c&aacute;c thi&#7871;t b&#7883;, m&aacute;y m&oacute;c m&agrave; ch&uacute;ng t&ocirc;i cung c&#7845;p. &#272;&#7843;m b&#7843;o mang &#273;&#7871;n cho Kh&aacute;ch h&agrave;ng s&#7921; y&ecirc;n t&acirc;m tuy&#7879;t &#273;&#7889;i v&#7873; d&#7883;ch v&#7909; khi mua h&agrave;ng.<\/p><p>T&#7893;ng K&#7871;t<br>\nV&#7899;i kh&#7843; n&#259;ng &#273;o g&acirc;n, flange v&agrave; chi&#7873;u cao lon c&ugrave;ng ph&#7847;n m&#7873;m ph&acirc;n t&iacute;ch m&#7841;nh m&#7869;, Can Profile Analyzer l&agrave; c&ocirc;ng c&#7909; kh&ocirc;ng th&#7875; thi&#7871;u cho nh&agrave; s&#7843;n xu&#7845;t lon kim lo&#7841;i, ph&ograve;ng QA\/QC v&agrave; trung t&acirc;m R&amp;D bao b&igrave; c&ocirc;ng nghi&#7879;p. H&atilde;y li&ecirc;n h&#7879; v&#7899;i V&#7841;n N&#259;ng ngay &#273;&#7875; &#273;&#432;&#7907;c t&#432; v&#7845;n chuy&ecirc;n s&acirc;u v&agrave; nh&#7853;n nh&#7919;ng &#432;u &#273;&atilde;i h&#7845;p d&#7851;n nh&#7845;t th&ocirc;ng qua hotline0903 991 335!<\/p><div style=\"background-color: #f8fafc; border: 1px solid #e2e8f0; border-radius: 8px; padding: 25px; max-width: 800px; margin: 30px auto; color: #334155; line-height: 1.8; font-size: 17px; box-shadow: 0 4px 6px -1px rgba(0,0,0,0.05); text-align: left; clear: both;\">\nC&ocirc;ng ty TNHH Th&#432;&#417;ng M&#7841;i D&#7883;ch V&#7909; Thi&#7871;t B&#7883; C&ocirc;ng Ngh&#7879; V&#7841;n N&#259;ng\n<p style=\"margin: 0 0 10px 0;\">&#128205; <strong style=\"color: #1e293b;\">&#272;&#7883;a ch&#7881;:<\/strong> <a style=\"color: #059669; text-decoration: none; font-weight: bold;\" href=\"https:\/\/www.google.com\/maps\/search\/C%C3%B4ng+ty+TNHH+Th%C6%B0%C6%A1ng+M%E1%BA%A1i+D%E1%BB%8Bch+V%E1%BB%A5+Thi%E1%BA%BFt+B%E1%BB%8B+C%C3%B4ng+Ngh%E1%BB%87+V%E1%BA%A1n+N%C4%83ng+818+Tr%C6%B0%E1%BB%9Dng+Chinh\" target=\"_blank\" rel=\"noopener\">818 Tr&#432;&#7901;ng Chinh, Ph&#432;&#7901;ng T&acirc;n S&#417;n, Th&agrave;nh ph&#7889; H&#7891; Ch&iacute; Minh, Vi&#7879;t Nam<\/a><\/p>\n<p style=\"margin: 0 0 10px 0;\">&#128222; <strong style=\"color: #1e293b;\">S&#272;T &ndash; Zalo:<\/strong> <a style=\"color: #059669; text-decoration: none; font-weight: bold;\" href=\"https:\/\/zalo.me\/0903991335\" target=\"_blank\" rel=\"noopener\">0903 991 335<\/a> <span style=\"color: #64748b; font-style: italic;\">(Ms. H&#7841;nh &ndash; Gi&aacute;m &#272;&#7889;c Kinh Doanh)<\/span><\/p>\n<p style=\"margin: 0;\">&#9993;&#65039; <strong style=\"color: #1e293b;\">Email:<\/strong> <a style=\"color: #059669; text-decoration: none; font-weight: bold;\" href=\"mailto:hienhanh@vannangvn.com\">hienhanh@vannangvn.com<\/a><\/p>\n<\/div><\/h1>","protected":false},"excerpt":{"rendered":"<p><strong>Th&#432;&#417;ng hi&#7879;u:<\/strong> Industrial Physics<br>\n<strong>Model:<\/strong> Can Profile Analyzer<p>Product <strong>THI&#7870;T B&#7882; PH&Acirc;N T&Iacute;CH BI&Ecirc;N D&#7840;NG LON INDUSTRIAL PHYSICS MODEL CAN PROFILE ANALYZER<\/strong> ch&iacute;nh h&atilde;ng. Industrial Physics&nbsp;(USA)<br>\nThi&#7871;t b&#7883; ph&acirc;n t&iacute;ch bi&ecirc;n d&#7841;ng lon Industrial Physics Model Can Profile Analyzer l&agrave; thi&#7871;t b&#7883; &#273;o bi&ecirc;n d&#7841;ng lon b&#7857;ng laser kh&ocirc;ng ti&#7871;p x&uacute;c, ph&acirc;n t&iacute;ch g&acirc;n, flange v&agrave; chi&#7873;u cao lon v&#7899;i &#273;&#7897; ch&iacute;nh x&aacute;c cao, ph&ugrave; h&#7907;p ng&agrave;nh bao b&igrave; kim lo&#7841;i, QA\/QC v&agrave; R&amp;D c&ocirc;ng nghi&#7879;p.<\/p><\/p>","protected":false},"featured_media":10167,"comment_status":"open","ping_status":"closed","template":"","meta":[],"product_brand":[],"product_cat":[18],"product_tag":[116,275,316,336,575,629,655,768,769,816,1383,1384,2703],"class_list":{"0":"post-7997","1":"product","2":"type-product","3":"status-publish","4":"has-post-thumbnail","6":"product_cat-chua-phan-loai","7":"product_tag-model","8":"product_tag-phan","9":"product_tag-can","10":"product_tag-lon","11":"product_tag-bien","12":"product_tag-tich","13":"product_tag-analyzer-2","14":"product_tag-thiet","15":"product_tag-bi","16":"product_tag-dang","17":"product_tag-industrial","18":"product_tag-physics","19":"product_tag-profile","21":"first","22":"instock","23":"shipping-taxable","24":"product-type-simple"},"yoast_head":"<!-- This site is optimized with the Yoast SEO Premium plugin v24.8 (Yoast SEO v24.8) - https:\/\/yoast.com\/wordpress\/plugins\/seo\/ -->\n<title>THI\u1ebeT B\u1eca PH\u00c2N T\u00cdCH BI\u00caN D\u1ea0NG LON IN... ch\u00ednh h\u00e3ng | V\u1ea1n N\u0103ng<\/title>\n<meta name=\"description\" content=\"Mua ngay THI\u1ebeT B\u1eca PH\u00c2N T\u00cdCH BI\u00caN D\u1ea0NG LON INDUSTRIAL PHYSICS MODEL CAN PROFILE ANALYZER ch\u00ednh h\u00e3ng. Thi\u1ebft b\u1ecb ph\u00e2n t\u00edch bi\u00ean d\u1ea1ng l... Gi\u00e1 t\u1ed1t!\" \/>\n<meta name=\"robots\" content=\"noindex, follow, max-snippet:-1, max-image-preview:large, max-video-preview:-1\" \/>\n<meta property=\"og:locale\" content=\"en_US\" \/>\n<meta property=\"og:type\" content=\"article\" \/>\n<meta property=\"og:title\" content=\"THI\u1ebeT B\u1eca PH\u00c2N T\u00cdCH BI\u00caN D\u1ea0NG LON INDUSTRIAL PHYSICS MODEL CAN PROFILE ANALYZER\" \/>\n<meta property=\"og:description\" content=\"Mua ngay THI\u1ebeT B\u1eca PH\u00c2N T\u00cdCH BI\u00caN D\u1ea0NG LON INDUSTRIAL PHYSICS MODEL CAN PROFILE ANALYZER ch\u00ednh h\u00e3ng. Thi\u1ebft b\u1ecb ph\u00e2n t\u00edch bi\u00ean d\u1ea1ng l... Gi\u00e1 t\u1ed1t!\" \/>\n<meta property=\"og:url\" content=\"https:\/\/vannangvn.123websitedev.com\/en\/product\/thiet-bi-phan-tich-bien-dang-lon-industrial-physics-model-can-profile-analyzer\/\" \/>\n<meta property=\"og:site_name\" content=\"Vannang.vn\" \/>\n<meta property=\"article:modified_time\" content=\"2026-03-30T11:56:30+00:00\" \/>\n<meta property=\"og:image\" content=\"http:\/\/vannangvn.123websitedev.com\/wp-content\/uploads\/2026\/03\/46-3-768x576_2-copy.jpg\" \/>\n\t<meta property=\"og:image:width\" content=\"768\" \/>\n\t<meta property=\"og:image:height\" content=\"576\" \/>\n\t<meta property=\"og:image:type\" content=\"image\/jpeg\" \/>\n<meta name=\"twitter:card\" content=\"summary_large_image\" \/>\n<meta name=\"twitter:label1\" content=\"Est. reading time\" \/>\n\t<meta name=\"twitter:data1\" content=\"8 minutes\" \/>\n<script type=\"application\/ld+json\" class=\"yoast-schema-graph\">{\"@context\":\"https:\/\/schema.org\",\"@graph\":[{\"@type\":\"WebPage\",\"@id\":\"https:\/\/vannangvn.123websitedev.com\/san-pham\/thiet-bi-phan-tich-bien-dang-lon-industrial-physics-model-can-profile-analyzer\/\",\"url\":\"https:\/\/vannangvn.123websitedev.com\/san-pham\/thiet-bi-phan-tich-bien-dang-lon-industrial-physics-model-can-profile-analyzer\/\",\"name\":\"THI\u1ebeT B\u1eca PH\u00c2N T\u00cdCH BI\u00caN D\u1ea0NG LON IN... ch\u00ednh h\u00e3ng | V\u1ea1n N\u0103ng\",\"isPartOf\":{\"@id\":\"https:\/\/vannangvn.123websitedev.com\/#website\"},\"primaryImageOfPage\":{\"@id\":\"https:\/\/vannangvn.123websitedev.com\/san-pham\/thiet-bi-phan-tich-bien-dang-lon-industrial-physics-model-can-profile-analyzer\/#primaryimage\"},\"image\":{\"@id\":\"https:\/\/vannangvn.123websitedev.com\/san-pham\/thiet-bi-phan-tich-bien-dang-lon-industrial-physics-model-can-profile-analyzer\/#primaryimage\"},\"thumbnailUrl\":\"https:\/\/vannangvn.123websitedev.com\/wp-content\/uploads\/2026\/03\/46-3-768x576_2-copy.jpg\",\"datePublished\":\"2026-03-20T12:14:05+00:00\",\"dateModified\":\"2026-03-30T11:56:30+00:00\",\"description\":\"Mua ngay THI\u1ebeT B\u1eca PH\u00c2N T\u00cdCH BI\u00caN D\u1ea0NG LON INDUSTRIAL PHYSICS MODEL CAN PROFILE ANALYZER ch\u00ednh h\u00e3ng. Thi\u1ebft b\u1ecb ph\u00e2n t\u00edch bi\u00ean d\u1ea1ng l... Gi\u00e1 t\u1ed1t!\",\"breadcrumb\":{\"@id\":\"https:\/\/vannangvn.123websitedev.com\/san-pham\/thiet-bi-phan-tich-bien-dang-lon-industrial-physics-model-can-profile-analyzer\/#breadcrumb\"},\"inLanguage\":\"en-US\",\"potentialAction\":[{\"@type\":\"ReadAction\",\"target\":[\"https:\/\/vannangvn.123websitedev.com\/san-pham\/thiet-bi-phan-tich-bien-dang-lon-industrial-physics-model-can-profile-analyzer\/\"]}]},{\"@type\":\"ImageObject\",\"inLanguage\":\"en-US\",\"@id\":\"https:\/\/vannangvn.123websitedev.com\/san-pham\/thiet-bi-phan-tich-bien-dang-lon-industrial-physics-model-can-profile-analyzer\/#primaryimage\",\"url\":\"https:\/\/vannangvn.123websitedev.com\/wp-content\/uploads\/2026\/03\/46-3-768x576_2-copy.jpg\",\"contentUrl\":\"https:\/\/vannangvn.123websitedev.com\/wp-content\/uploads\/2026\/03\/46-3-768x576_2-copy.jpg\",\"width\":768,\"height\":576},{\"@type\":\"BreadcrumbList\",\"@id\":\"https:\/\/vannangvn.123websitedev.com\/san-pham\/thiet-bi-phan-tich-bien-dang-lon-industrial-physics-model-can-profile-analyzer\/#breadcrumb\",\"itemListElement\":[{\"@type\":\"ListItem\",\"position\":1,\"name\":\"Trang ch\u1ee7\",\"item\":\"https:\/\/vannangvn.123websitedev.com\/\"},{\"@type\":\"ListItem\",\"position\":2,\"name\":\"S\u1ea3n ph\u1ea9m\",\"item\":\"https:\/\/vannangvn.123websitedev.com\/cua-hang\/\"},{\"@type\":\"ListItem\",\"position\":3,\"name\":\"THI\u1ebeT B\u1eca PH\u00c2N T\u00cdCH BI\u00caN D\u1ea0NG LON INDUSTRIAL PHYSICS MODEL CAN PROFILE ANALYZER\"}]},{\"@type\":\"WebSite\",\"@id\":\"https:\/\/vannangvn.123websitedev.com\/#website\",\"url\":\"https:\/\/vannangvn.123websitedev.com\/\",\"name\":\"Vannang.vn\",\"description\":\"\",\"publisher\":{\"@id\":\"https:\/\/vannangvn.123websitedev.com\/#organization\"},\"potentialAction\":[{\"@type\":\"SearchAction\",\"target\":{\"@type\":\"EntryPoint\",\"urlTemplate\":\"https:\/\/vannangvn.123websitedev.com\/?s={search_term_string}\"},\"query-input\":{\"@type\":\"PropertyValueSpecification\",\"valueRequired\":true,\"valueName\":\"search_term_string\"}}],\"inLanguage\":\"en-US\"},{\"@type\":\"Organization\",\"@id\":\"https:\/\/vannangvn.123websitedev.com\/#organization\",\"name\":\"Vannang.vn\",\"url\":\"https:\/\/vannangvn.123websitedev.com\/\",\"logo\":{\"@type\":\"ImageObject\",\"inLanguage\":\"en-US\",\"@id\":\"https:\/\/vannangvn.123websitedev.com\/#\/schema\/logo\/image\/\",\"url\":\"https:\/\/vannangvn.123websitedev.com\/wp-content\/uploads\/2026\/02\/logo-van-nang-02.png\",\"contentUrl\":\"https:\/\/vannangvn.123websitedev.com\/wp-content\/uploads\/2026\/02\/logo-van-nang-02.png\",\"width\":448,\"height\":111,\"caption\":\"Vannang.vn\"},\"image\":{\"@id\":\"https:\/\/vannangvn.123websitedev.com\/#\/schema\/logo\/image\/\"}}]}<\/script>\n<!-- \/ Yoast SEO Premium plugin. -->","yoast_head_json":{"title":"THI\u1ebeT B\u1eca PH\u00c2N T\u00cdCH BI\u00caN D\u1ea0NG LON IN... ch\u00ednh h\u00e3ng | V\u1ea1n N\u0103ng","description":"Mua ngay THI\u1ebeT B\u1eca PH\u00c2N T\u00cdCH BI\u00caN D\u1ea0NG LON INDUSTRIAL PHYSICS MODEL CAN PROFILE ANALYZER ch\u00ednh h\u00e3ng. Thi\u1ebft b\u1ecb ph\u00e2n t\u00edch bi\u00ean d\u1ea1ng l... Gi\u00e1 t\u1ed1t!","robots":{"index":"noindex","follow":"follow","max-snippet":"max-snippet:-1","max-image-preview":"max-image-preview:large","max-video-preview":"max-video-preview:-1"},"og_locale":"en_US","og_type":"article","og_title":"THI\u1ebeT B\u1eca PH\u00c2N T\u00cdCH BI\u00caN D\u1ea0NG LON INDUSTRIAL PHYSICS MODEL CAN PROFILE ANALYZER","og_description":"Mua ngay THI\u1ebeT B\u1eca PH\u00c2N T\u00cdCH BI\u00caN D\u1ea0NG LON INDUSTRIAL PHYSICS MODEL CAN PROFILE ANALYZER ch\u00ednh h\u00e3ng. Thi\u1ebft b\u1ecb ph\u00e2n t\u00edch bi\u00ean d\u1ea1ng l... Gi\u00e1 t\u1ed1t!","og_url":"https:\/\/vannangvn.123websitedev.com\/en\/product\/thiet-bi-phan-tich-bien-dang-lon-industrial-physics-model-can-profile-analyzer\/","og_site_name":"Vannang.vn","article_modified_time":"2026-03-30T11:56:30+00:00","og_image":[{"width":768,"height":576,"url":"http:\/\/vannangvn.123websitedev.com\/wp-content\/uploads\/2026\/03\/46-3-768x576_2-copy.jpg","type":"image\/jpeg"}],"twitter_card":"summary_large_image","twitter_misc":{"Est. reading time":"8 minutes"},"schema":{"@context":"https:\/\/schema.org","@graph":[{"@type":"WebPage","@id":"https:\/\/vannangvn.123websitedev.com\/san-pham\/thiet-bi-phan-tich-bien-dang-lon-industrial-physics-model-can-profile-analyzer\/","url":"https:\/\/vannangvn.123websitedev.com\/san-pham\/thiet-bi-phan-tich-bien-dang-lon-industrial-physics-model-can-profile-analyzer\/","name":"THI\u1ebeT B\u1eca PH\u00c2N T\u00cdCH BI\u00caN D\u1ea0NG LON IN... ch\u00ednh h\u00e3ng | V\u1ea1n N\u0103ng","isPartOf":{"@id":"https:\/\/vannangvn.123websitedev.com\/#website"},"primaryImageOfPage":{"@id":"https:\/\/vannangvn.123websitedev.com\/san-pham\/thiet-bi-phan-tich-bien-dang-lon-industrial-physics-model-can-profile-analyzer\/#primaryimage"},"image":{"@id":"https:\/\/vannangvn.123websitedev.com\/san-pham\/thiet-bi-phan-tich-bien-dang-lon-industrial-physics-model-can-profile-analyzer\/#primaryimage"},"thumbnailUrl":"https:\/\/vannangvn.123websitedev.com\/wp-content\/uploads\/2026\/03\/46-3-768x576_2-copy.jpg","datePublished":"2026-03-20T12:14:05+00:00","dateModified":"2026-03-30T11:56:30+00:00","description":"Mua ngay THI\u1ebeT B\u1eca PH\u00c2N T\u00cdCH BI\u00caN D\u1ea0NG LON INDUSTRIAL PHYSICS MODEL CAN PROFILE ANALYZER ch\u00ednh h\u00e3ng. Thi\u1ebft b\u1ecb ph\u00e2n t\u00edch bi\u00ean d\u1ea1ng l... Gi\u00e1 t\u1ed1t!","breadcrumb":{"@id":"https:\/\/vannangvn.123websitedev.com\/san-pham\/thiet-bi-phan-tich-bien-dang-lon-industrial-physics-model-can-profile-analyzer\/#breadcrumb"},"inLanguage":"en-US","potentialAction":[{"@type":"ReadAction","target":["https:\/\/vannangvn.123websitedev.com\/san-pham\/thiet-bi-phan-tich-bien-dang-lon-industrial-physics-model-can-profile-analyzer\/"]}]},{"@type":"ImageObject","inLanguage":"en-US","@id":"https:\/\/vannangvn.123websitedev.com\/san-pham\/thiet-bi-phan-tich-bien-dang-lon-industrial-physics-model-can-profile-analyzer\/#primaryimage","url":"https:\/\/vannangvn.123websitedev.com\/wp-content\/uploads\/2026\/03\/46-3-768x576_2-copy.jpg","contentUrl":"https:\/\/vannangvn.123websitedev.com\/wp-content\/uploads\/2026\/03\/46-3-768x576_2-copy.jpg","width":768,"height":576},{"@type":"BreadcrumbList","@id":"https:\/\/vannangvn.123websitedev.com\/san-pham\/thiet-bi-phan-tich-bien-dang-lon-industrial-physics-model-can-profile-analyzer\/#breadcrumb","itemListElement":[{"@type":"ListItem","position":1,"name":"Trang ch\u1ee7","item":"https:\/\/vannangvn.123websitedev.com\/"},{"@type":"ListItem","position":2,"name":"S\u1ea3n ph\u1ea9m","item":"https:\/\/vannangvn.123websitedev.com\/cua-hang\/"},{"@type":"ListItem","position":3,"name":"THI\u1ebeT B\u1eca PH\u00c2N T\u00cdCH BI\u00caN D\u1ea0NG LON INDUSTRIAL PHYSICS MODEL CAN PROFILE ANALYZER"}]},{"@type":"WebSite","@id":"https:\/\/vannangvn.123websitedev.com\/#website","url":"https:\/\/vannangvn.123websitedev.com\/","name":"Vannang.vn","description":"","publisher":{"@id":"https:\/\/vannangvn.123websitedev.com\/#organization"},"potentialAction":[{"@type":"SearchAction","target":{"@type":"EntryPoint","urlTemplate":"https:\/\/vannangvn.123websitedev.com\/?s={search_term_string}"},"query-input":{"@type":"PropertyValueSpecification","valueRequired":true,"valueName":"search_term_string"}}],"inLanguage":"en-US"},{"@type":"Organization","@id":"https:\/\/vannangvn.123websitedev.com\/#organization","name":"Vannang.vn","url":"https:\/\/vannangvn.123websitedev.com\/","logo":{"@type":"ImageObject","inLanguage":"en-US","@id":"https:\/\/vannangvn.123websitedev.com\/#\/schema\/logo\/image\/","url":"https:\/\/vannangvn.123websitedev.com\/wp-content\/uploads\/2026\/02\/logo-van-nang-02.png","contentUrl":"https:\/\/vannangvn.123websitedev.com\/wp-content\/uploads\/2026\/02\/logo-van-nang-02.png","width":448,"height":111,"caption":"Vannang.vn"},"image":{"@id":"https:\/\/vannangvn.123websitedev.com\/#\/schema\/logo\/image\/"}}]}},"_links":{"self":[{"href":"https:\/\/vannangvn.123websitedev.com\/en\/wp-json\/wp\/v2\/product\/7997","targetHints":{"allow":["GET"]}}],"collection":[{"href":"https:\/\/vannangvn.123websitedev.com\/en\/wp-json\/wp\/v2\/product"}],"about":[{"href":"https:\/\/vannangvn.123websitedev.com\/en\/wp-json\/wp\/v2\/types\/product"}],"replies":[{"embeddable":true,"href":"https:\/\/vannangvn.123websitedev.com\/en\/wp-json\/wp\/v2\/comments?post=7997"}],"wp:featuredmedia":[{"embeddable":true,"href":"https:\/\/vannangvn.123websitedev.com\/en\/wp-json\/wp\/v2\/media\/10167"}],"wp:attachment":[{"href":"https:\/\/vannangvn.123websitedev.com\/en\/wp-json\/wp\/v2\/media?parent=7997"}],"wp:term":[{"taxonomy":"product_brand","embeddable":true,"href":"https:\/\/vannangvn.123websitedev.com\/en\/wp-json\/wp\/v2\/product_brand?post=7997"},{"taxonomy":"product_cat","embeddable":true,"href":"https:\/\/vannangvn.123websitedev.com\/en\/wp-json\/wp\/v2\/product_cat?post=7997"},{"taxonomy":"product_tag","embeddable":true,"href":"https:\/\/vannangvn.123websitedev.com\/en\/wp-json\/wp\/v2\/product_tag?post=7997"}],"curies":[{"name":"wp","href":"https:\/\/api.w.org\/{rel}","templated":true}]}}