{"id":7998,"date":"2026-03-20T19:14:06","date_gmt":"2026-03-20T12:14:06","guid":{"rendered":"https:\/\/vannangvn.123websitedev.com\/san-pham\/thiet-bi-phan-tich-cong-suat-3-pha-pce-instruments-model-pce-nd10\/"},"modified":"2026-03-30T18:56:32","modified_gmt":"2026-03-30T11:56:32","slug":"thiet-bi-phan-tich-cong-suat-3-pha-pce-instruments-model-pce-nd10","status":"publish","type":"product","link":"https:\/\/vannangvn.123websitedev.com\/en\/product\/thiet-bi-phan-tich-cong-suat-3-pha-pce-instruments-model-pce-nd10\/","title":{"rendered":"THI\u1ebeT B\u1eca PH\u00c2N T\u00cdCH C\u00d4NG SU\u1ea4T 3 PHA PCE INSTRUMENTS MODEL PCE-ND10"},"content":{"rendered":"<h1 style=\"color: red; font-weight: bold; font-size: 24px;\">T&#7893;ng quan s&#7843;n ph&#7849;m THI&#7870;T B&#7882; PH&Acirc;N T&Iacute;CH C&Ocirc;NG SU&#7844;T 3 PHA PCE INSTRUMENTS MODEL PCE-ND10<p>Thi&#7871;t B&#7883; Ph&acirc;n T&iacute;ch C&ocirc;ng Su&#7845;t 3 Pha (3-Phase Power Indicator) PCE Instruments Model PCE-ND10<br>\nM&aacute;y Ph&acirc;n T&iacute;ch C&ocirc;ng Su&#7845;t Ba Pha PCE-ND10 l&agrave; thi&#7871;t b&#7883; l&yacute; t&#432;&#7903;ng &#273;&#7875; &#273;o l&#432;&#7901;ng v&agrave; gi&aacute;m s&aacute;t c&aacute;c th&ocirc;ng s&#7889; &#273;i&#7879;n trong h&#7879; th&#7889;ng ba pha. V&#7899;i thi&#7871;t k&#7871; hi&#7879;n &#273;&#7841;i, m&agrave;n h&igrave;nh hi&#7875;n th&#7883; LCD 3.5 inch c&oacute; &#273;&egrave;n n&#7873;n, c&ugrave;ng kh&#7843; n&#259;ng k&#7871;t n&#7889;i v&agrave; b&#7843;o v&#7879; m&#7841;nh m&#7869;, Thi&#7871;t B&#7883; &#272;o C&ocirc;ng Su&#7845;t 3 Pha PCE-ND10 l&agrave; s&#7921; l&#7921;a ch&#7885;n ho&agrave;n h&#7843;o cho c&aacute;c &#7913;ng d&#7909;ng c&ocirc;ng nghi&#7879;p &#273;&ograve;i h&#7887;i &#273;&#7897; ch&iacute;nh x&aacute;c v&agrave; tin c&#7853;y cao. H&atilde;y c&ugrave;ng V&#7841;n N&#259;ng t&igrave;m hi&#7875;u chi ti&#7871;t h&#417;n v&#7873; s&#7843;n ph&#7849;m th&ocirc;ng qua b&agrave;i vi&#7871;t d&#432;&#7899;i &#273;&acirc;y!<\/p><h2 style=\"color: #2e7d32; font-weight: bold; font-size: 20px;\">T&iacute;nh N&#259;ng N&#7893;i B&#7853;t C&#7911;a PCE-ND10<\/h2><p>&#272;o l&#432;&#7901;ng &#273;a d&#7841;ng: PCE-ND10 cung c&#7845;p c&aacute;c th&ocirc;ng s&#7889; &#273;i&#7879;n quan tr&#7885;ng nh&#432; &#273;i&#7879;n &aacute;p (U), d&ograve;ng &#273;i&#7879;n (I), t&#7847;n s&#7889; (f), c&ocirc;ng su&#7845;t (P, Q, S), h&#7879; s&#7889; c&ocirc;ng su&#7845;t (PF), v&agrave; g&oacute;c pha.<br>\nKh&#7843; n&#259;ng c&#7843;nh b&aacute;o: H&#7895; tr&#7907; c&agrave;i &#273;&#7863;t ng&#432;&#7905;ng c&#7843;nh b&aacute;o, ph&aacute;t t&iacute;n hi&#7879;u khi th&ocirc;ng s&#7889; v&#432;&#7907;t qu&aacute; ho&#7863;c d&#432;&#7899;i ng&#432;&#7905;ng &#273;&#7863;t tr&#432;&#7899;c.<br>\nXu&#7845;t xung n&#259;ng l&#432;&#7907;ng: Cho ph&eacute;p &#273;o n&#259;ng l&#432;&#7907;ng ho&#7841;t &#273;&#7897;ng v&#7899;i &#273;&#7897; ch&iacute;nh x&aacute;c cao.<br>\nGiao di&#7879;n Modbus RTU: M&aacute;y &#272;o C&ocirc;ng Su&#7845;t 3 Pha PCE-ND10 k&#7871;t n&#7889;i qua RS485 gi&uacute;p truy&#7873;n d&#7919; li&#7879;u nhanh ch&oacute;ng v&agrave; ch&iacute;nh x&aacute;c, d&#7877; d&agrave;ng t&iacute;ch h&#7907;p v&agrave;o h&#7879; th&#7889;ng SCADA ho&#7863;c PLC.<br>\nNh&#7853;n di&#7879;n th&#7913; t&#7921; pha sai: Gi&uacute;p ph&aacute;t hi&#7879;n v&agrave; kh&#7855;c ph&#7909;c c&aacute;c l&#7895;i pha, b&#7843;o &#273;&#7843;m an to&agrave;n cho h&#7879; th&#7889;ng.<br>\nL&#7855;p &#273;&#7863;t d&#7877; d&agrave;ng: Thi&#7871;t k&#7871; g&#7855;n b&#7843;ng ti&ecirc;u chu&#7849;n (k&iacute;ch th&#432;&#7899;c 92 x 92 mm), ph&ugrave; h&#7907;p v&#7899;i nhi&#7873;u m&ocirc;i tr&#432;&#7901;ng l&agrave;m vi&#7879;c.<br>\nB&#7843;o v&#7879; IP65 m&#7863;t tr&#432;&#7899;c: Ch&#7889;ng b&#7909;i v&agrave; n&#432;&#7899;c b&#7855;n, &#273;&#7843;m b&#7843;o ho&#7841;t &#273;&#7897;ng &#7893;n &#273;&#7883;nh trong c&aacute;c &#273;i&#7873;u ki&#7879;n c&ocirc;ng nghi&#7879;p kh&#7855;c nghi&#7879;t.<\/p><p>&#431;u &#272;i&#7875;m V&#432;&#7907;t Tr&#7897;i C&#7911;a PCE-ND10<\/p><p>&#272;&#7897; ch&iacute;nh x&aacute;c cao: &#272;&#7891;ng H&#7891; &#272;o &#272;i&#7879;n PCE-ND10 &#273;&#7843;m b&#7843;o c&aacute;c th&ocirc;ng s&#7889; &#273;o l&#432;&#7901;ng ch&iacute;nh x&aacute;c, gi&uacute;p ng&#432;&#7901;i d&ugrave;ng ki&#7875;m so&aacute;t h&#7879; th&#7889;ng &#273;i&#7879;n m&#7897;t c&aacute;ch hi&#7879;u qu&#7843;.<br>\nTi&#7871;t ki&#7879;m th&#7901;i gian v&agrave; chi ph&iacute;: Nh&#7901; kh&#7843; n&#259;ng t&#7921; &#273;&#7897;ng c&#7843;nh b&aacute;o v&agrave; xu&#7845;t d&#7919; li&#7879;u, gi&#7843;m thi&#7875;u s&#7921; c&#7889; b&#7845;t ng&#7901;.<br>\nD&#7877; d&agrave;ng v&#7853;n h&agrave;nh v&agrave; c&agrave;i &#273;&#7863;t: Giao di&#7879;n tr&#7921;c quan, h&#7895; tr&#7907; n&uacute;t &#273;i&#7873;u khi&#7875;n ngay tr&ecirc;n m&#7863;t thi&#7871;t b&#7883;.<\/p><p>&#7912;ng D&#7909;ng Th&#7921;c T&#7871; C&#7911;a PCE-ND10<br>\nThi&#7871;t b&#7883; PCE-ND10 ph&ugrave; h&#7907;p cho c&aacute;c l&#297;nh v&#7921;c nh&#432;:<\/p><p>Gi&aacute;m s&aacute;t h&#7879; th&#7889;ng &#273;i&#7879;n c&ocirc;ng nghi&#7879;p: &#272;&#7843;m b&#7843;o c&aacute;c thi&#7871;t b&#7883; ho&#7841;t &#273;&#7897;ng hi&#7879;u qu&#7843; v&agrave; an to&agrave;n.<br>\nQu&#7843;n l&yacute; n&#259;ng l&#432;&#7907;ng: T&#7889;i &#432;u h&oacute;a vi&#7879;c s&#7917; d&#7909;ng n&#259;ng l&#432;&#7907;ng, gi&#7843;m chi ph&iacute; v&#7853;n h&agrave;nh.<br>\nH&#7879; th&#7889;ng t&#7921; &#273;&#7897;ng h&oacute;a nh&agrave; m&aacute;y: &#272;&#7891;ng H&#7891; &#272;o &#272;i&#7879;n 3 Pha t&iacute;ch h&#7907;p d&#7877; d&agrave;ng v&#7899;i c&aacute;c h&#7879; th&#7889;ng &#273;i&#7873;u khi&#7875;n, h&#7895; tr&#7907; gi&aacute;m s&aacute;t t&#7915; xa.<\/p><h2 style=\"color: #0073aa; font-weight: bold; font-size: 20px;\">Th&ocirc;ng S&#7889; K&#7929; Thu&#7853;t Ch&iacute;nh C&#7911;a PCE-ND10<\/h2><p>K&iacute;ch th&#432;&#7899;c m&#7863;t l&#7855;p &#273;&#7863;t: 92 x 92 mm<br>\nM&agrave;n h&igrave;nh: LCD 3.5 inch c&oacute; &#273;&egrave;n n&#7873;n<br>\nGiao di&#7879;n: RS485, Modbus RTU<br>\nC&#7845;p b&#7843;o v&#7879; m&#7863;t tr&#432;&#7899;c: IP65<br>\nNgu&#7891;n c&#7845;p: Qua &#273;&#7847;u v&agrave;o &#273;i&#7879;n &aacute;p<br>\nNg&otilde; ra xung n&#259;ng l&#432;&#7907;ng: C&oacute;<\/p><p>Nh&#7919;ng L&yacute; Do N&ecirc;n Mua M&aacute;y Ph&acirc;n T&iacute;ch C&ocirc;ng Su&#7845;t 3 Pha T&#7841;i Thi&#7871;t B&#7883; C&ocirc;ng Ngh&#7879; V&#7841;n N&#259;ng<\/p><p>C&ocirc;ng ty Thi&#7871;t B&#7883; C&ocirc;ng Ngh&#7879; V&#7841;n N&#259;ng l&agrave; &#273;&#7889;i t&aacute;c ch&iacute;nh th&#7913;c ph&acirc;n ph&#7889;i M&aacute;y Ph&acirc;n T&iacute;ch C&ocirc;ng Su&#7845;t 3 Pha h&agrave;ng &#273;&#7847;u t&#7841;i Vi&#7879;t Nam, cam k&#7871;t cung c&#7845;p s&#7843;n ph&#7849;m ch&iacute;nh h&atilde;ng v&#7899;i gi&aacute; c&#7843; c&#7841;nh tranh nh&#7845;t th&#7883; tr&#432;&#7901;ng. V&#7899;i uy t&iacute;n tr&ecirc;n th&#7883; tr&#432;&#7901;ng v&agrave; ch&#7871; &#273;&#7897; h&#7851;u m&atilde;i t&#7889;t, Thi&#7871;t B&#7883; C&ocirc;ng Ngh&#7879; V&#7841;n N&#259;ng &#273;&atilde; nh&#7853;n &#273;&#432;&#7907;c s&#7921; tin t&#432;&#7903;ng t&#7915; kh&aacute;ch h&agrave;ng nh&#7901; v&agrave;o ch&#7845;t l&#432;&#7907;ng h&agrave;ng &#273;&#7847;u c&#7911;a c&aacute;c d&ograve;ng s&#7843;n ph&#7849;m.<br>\nS&#7843;n ph&#7849;m c&#7911;a ch&uacute;ng t&ocirc;i &#273;&#432;&#7907;c ki&#7875;m &#273;&#7883;nh ch&#7845;t l&#432;&#7907;ng, nh&#7853;p kh&#7849;u tr&#7921;c ti&#7871;p t&#7915; nh&agrave; m&aacute;y b&ecirc;n Ch&acirc;u &Acirc;u, M&#7929;, &Uacute;c, Nh&#7853;t B&#7843;n,&hellip; v&agrave; &#273;&aacute;p &#7913;ng nhu c&#7847;u &#273;a d&#7841;ng c&#7911;a th&#7883; tr&#432;&#7901;ng nh&#432;: M&aacute;y &#272;o &#272;&#7897; C&#7913;ng, M&aacute;y SPECTROMAXx, M&aacute;y Ki&#7875;m Tra &#272;&#432;&#7901;ng Gh&eacute;p M&iacute; Lon,&hellip; Ch&uacute;ng t&ocirc;i cam k&#7871;t cung c&#7845;p s&#7843;n ph&#7849;m n&agrave;y tr&ecirc;n to&agrave;n qu&#7889;c v&#7899;i gi&aacute; c&#7843; c&#7841;nh tranh nh&#7845;t.<br>\nCh&uacute;ng t&ocirc;i c&oacute; &#273;&#7897;i ng&#361; chuy&ecirc;n vi&ecirc;n t&#432; v&#7845;n chuy&ecirc;n s&acirc;u s&#7869; h&#7895; tr&#7907; kh&aacute;ch h&agrave;ng v&#7873; chi ti&#7871;t s&#7843;n ph&#7849;m, h&#432;&#7899;ng d&#7851;n s&#7917; d&#7909;ng hay nh&#7919;ng th&#7913; li&ecirc;n quan &#273;&#7871;n v&#7845;n &#273;&#7873; m&agrave; doanh nghi&#7879;p b&#7841;n &#273;ang g&#7863;p ph&#7843;i. Ch&uacute;ng t&ocirc;i s&#7869; cung c&#7845;p nh&#7919;ng gi&#7843;i ph&aacute;p t&#7889;i &#432;u nh&#7845;t!<br>\nNgo&agrave;i ra Thi&#7871;t B&#7883; C&ocirc;ng Ngh&#7879; V&#7841;n N&#259;ng Ch&uacute;ng T&ocirc;i lu&ocirc;n h&#432;&#7899;ng &#273;&#7871;n tr&#7843;i nghi&#7879;m kh&aacute;ch h&agrave;ng, v&igrave; v&#7853;y ch&uacute;ng t&ocirc;i c&oacute; nh&#7919;ng ch&iacute;nh s&aacute;ch b&#7843;o h&agrave;nh, b&#7843;o tr&igrave; &ndash; b&#7843;o d&#432;&#7905;ng, hi&#7879;u chu&#7849;n v&#7899;i t&#7845;t c&#7843; c&aacute;c thi&#7871;t b&#7883;, m&aacute;y m&oacute;c m&agrave; ch&uacute;ng t&ocirc;i cung c&#7845;p. &#272;&#7843;m b&#7843;o mang &#273;&#7871;n cho Kh&aacute;ch h&agrave;ng s&#7921; y&ecirc;n t&acirc;m tuy&#7879;t &#273;&#7889;i v&#7873; d&#7883;ch v&#7909; khi mua h&agrave;ng.<\/p><p>T&#7893;ng K&#7871;t<br>\nThi&#7871;t B&#7883; Ph&acirc;n T&iacute;ch C&ocirc;ng Su&#7845;t Ba Pha PCE-ND10 l&agrave; gi&#7843;i ph&aacute;p &#273;&aacute;ng tin c&#7853;y cho vi&#7879;c gi&aacute;m s&aacute;t v&agrave; qu&#7843;n l&yacute; n&#259;ng l&#432;&#7907;ng trong c&aacute;c h&#7879; th&#7889;ng &#273;i&#7879;n c&ocirc;ng nghi&#7879;p. V&#7899;i t&iacute;nh n&#259;ng v&#432;&#7907;t tr&#7897;i v&agrave; kh&#7843; n&#259;ng k&#7871;t n&#7889;i linh ho&#7841;t, &#272;&#7891;ng H&#7891; &#272;o C&ocirc;ng Su&#7845;t 3 Pha PCE-ND10 kh&ocirc;ng ch&#7881; gi&uacute;p t&#7889;i &#432;u h&oacute;a hi&#7879;u su&#7845;t ho&#7841;t &#273;&#7897;ng m&agrave; c&ograve;n &#273;&#7843;m b&#7843;o an to&agrave;n v&agrave; ti&#7871;t ki&#7879;m chi ph&iacute;. H&atilde;y li&ecirc;n h&#7879; ngay v&#7899;i V&#7841;n N&#259;ng Company &#273;&#7875; &#273;&#432;&#7907;c t&#432; v&#7845;n chi ti&#7871;t v&agrave; nh&#7853;n ngay nh&#7919;ng &#432;u &#273;&atilde;i h&#7845;p d&#7851;n th&ocirc;ng qua hotline\/zalo: <a href=\"https:\/\/zalo.me\/0903991335\" target=\"_blank\" rel=\"noopener\" style=\"color: #059669; font-weight: bold; text-decoration: none;\">0903 991 335<\/a> !<\/p><div style=\"background-color: #f8fafc; border: 1px solid #e2e8f0; border-radius: 8px; padding: 25px; max-width: 800px; margin: 30px auto; color: #334155; line-height: 1.8; font-size: 17px; box-shadow: 0 4px 6px -1px rgba(0,0,0,0.05); text-align: left; clear: both;\">\nC&ocirc;ng ty TNHH Th&#432;&#417;ng M&#7841;i D&#7883;ch V&#7909; Thi&#7871;t B&#7883; C&ocirc;ng Ngh&#7879; V&#7841;n N&#259;ng\n<p style=\"margin: 0 0 10px 0;\">&#128205; <strong style=\"color: #1e293b;\">&#272;&#7883;a ch&#7881;:<\/strong> <a style=\"color: #059669; text-decoration: none; font-weight: bold;\" href=\"https:\/\/www.google.com\/maps\/search\/C%C3%B4ng+ty+TNHH+Th%C6%B0%C6%A1ng+M%E1%BA%A1i+D%E1%BB%8Bch+V%E1%BB%A5+Thi%E1%BA%BFt+B%E1%BB%8B+C%C3%B4ng+Ngh%E1%BB%87+V%E1%BA%A1n+N%C4%83ng+818+Tr%C6%B0%E1%BB%9Dng+Chinh\" target=\"_blank\" rel=\"noopener\">818 Tr&#432;&#7901;ng Chinh, Ph&#432;&#7901;ng T&acirc;n S&#417;n, Th&agrave;nh ph&#7889; H&#7891; Ch&iacute; Minh, Vi&#7879;t Nam<\/a><\/p>\n<p style=\"margin: 0 0 10px 0;\">&#128222; <strong style=\"color: #1e293b;\">S&#272;T &ndash; Zalo:<\/strong> <a style=\"color: #059669; text-decoration: none; font-weight: bold;\" href=\"https:\/\/zalo.me\/0903991335\" target=\"_blank\" rel=\"noopener\">0903 991 335<\/a> <span style=\"color: #64748b; font-style: italic;\">(Ms. H&#7841;nh &ndash; Gi&aacute;m &#272;&#7889;c Kinh Doanh)<\/span><\/p>\n<p style=\"margin: 0;\">&#9993;&#65039; <strong style=\"color: #1e293b;\">Email:<\/strong> <a style=\"color: #059669; text-decoration: none; font-weight: bold;\" href=\"mailto:hienhanh@vannangvn.com\">hienhanh@vannangvn.com<\/a><\/p>\n<\/div><\/h1>","protected":false},"excerpt":{"rendered":"<p><strong>Th&#432;&#417;ng hi&#7879;u:<\/strong> M&aacute;y Ph&acirc;n T&iacute;ch C&ocirc;ng Su&#7845;t Ba Pha PCE-ND10 l&agrave; thi&#7871;t b&#7883; l&yacute; t&#432;&#7903;ng &#273;&#7875; &#273;o l&#432;&#7901;ng v&agrave; gi&aacute;m s&aacute;t c&aacute;c th&ocirc;ng s&#7889; &#273;i&#7879;n trong h&#7879; th&#7889;ng ba pha. V&#7899;i thi&#7871;t k&#7871; hi&#7879;n &#273;&#7841;i, m&agrave;n h&igrave;nh hi&#7875;n th&#7883; LCD 3.5 inch c&oacute; &#273;&egrave;n n&#7873;n, c&ugrave;ng kh&#7843; n&#259;ng k&#7871;t n&#7889;i v&agrave; b&#7843;o v&#7879; m&#7841;nh m&#7869;, PCE-ND10 l&agrave; s&#7921; l&#7921;a ch&#7885;n ho&agrave;n h&#7843;o cho c&aacute;c &#7913;ng d&#7909;ng c&ocirc;ng nghi&#7879;p &#273;&ograve;i h&#7887;i &#273;&#7897; ch&iacute;nh x&aacute;c v&agrave; tin c&#7853;y cao.<br>\n<strong>Model:<\/strong> PCE-ND10<p>Product <strong>THI&#7870;T B&#7882; PH&Acirc;N T&Iacute;CH C&Ocirc;NG SU&#7844;T 3 PHA PCE INSTRUMENTS MODEL PCE-ND10<\/strong> ch&iacute;nh h&atilde;ng. M&aacute;y Ph&acirc;n T&iacute;ch C&ocirc;ng Su&#7845;t Ba Pha PCE-ND10 l&agrave; thi&#7871;t b&#7883; l&yacute; t&#432;&#7903;ng &#273;&#7875; &#273;o l&#432;&#7901;ng v&agrave; gi&aacute;m s&aacute;t c&aacute;c th&ocirc;ng s&#7889; &#273;i&#7879;n trong h&#7879; th&#7889;ng ba pha. V&#7899;i thi&#7871;t k&#7871; hi&#7879;n &#273;&#7841;i, m&agrave;n h&igrave;nh hi&#7875;n th&#7883; LCD 3.5 inch c&oacute; &#273;&egrave;n n&#7873;n, c&ugrave;ng kh&#7843; n&#259;ng k&#7871;t n&#7889;i v&agrave; b&#7843;o v&#7879; m&#7841;nh m&#7869;, PCE-ND10 l&agrave; s&#7921; l&#7921;a ch&#7885;n ho&agrave;n h&#7843;o cho c&aacute;c &#7913;ng d&#7909;ng c&ocirc;ng nghi&#7879;p &#273;&ograve;i h&#7887;i &#273;&#7897; ch&iacute;nh x&aacute;c v&agrave; tin c&#7853;y cao.<\/p><\/p>","protected":false},"featured_media":10450,"comment_status":"open","ping_status":"closed","template":"","meta":[],"product_brand":[],"product_cat":[18],"product_tag":[116,127,275,328,345,346,433,581,629,768,769,3526],"class_list":{"0":"post-7998","1":"product","2":"type-product","3":"status-publish","4":"has-post-thumbnail","6":"product_cat-chua-phan-loai","7":"product_tag-model","8":"product_tag-cong","9":"product_tag-phan","10":"product_tag-suat","11":"product_tag-pha","12":"product_tag-pce","13":"product_tag-433","14":"product_tag-instruments","15":"product_tag-tich","16":"product_tag-thiet","17":"product_tag-bi","18":"product_tag-pce-nd10","20":"first","21":"instock","22":"shipping-taxable","23":"product-type-simple"},"yoast_head":"<!-- This site is optimized with the Yoast SEO Premium plugin v24.8 (Yoast SEO v24.8) - https:\/\/yoast.com\/wordpress\/plugins\/seo\/ -->\n<title>THI\u1ebeT B\u1eca PH\u00c2N T\u00cdCH C\u00d4NG SU\u1ea4T 3 PHA ... ch\u00ednh h\u00e3ng | V\u1ea1n N\u0103ng<\/title>\n<meta name=\"description\" content=\"Mua ngay THI\u1ebeT B\u1eca PH\u00c2N T\u00cdCH C\u00d4NG SU\u1ea4T 3 PHA PCE INSTRUMENTS MODEL PCE-ND10 ch\u00ednh h\u00e3ng. Gi\u00e1 t\u1ed1t!\" \/>\n<meta name=\"robots\" content=\"noindex, follow, max-snippet:-1, max-image-preview:large, max-video-preview:-1\" \/>\n<meta property=\"og:locale\" content=\"en_US\" \/>\n<meta property=\"og:type\" content=\"article\" \/>\n<meta property=\"og:title\" content=\"THI\u1ebeT B\u1eca PH\u00c2N T\u00cdCH C\u00d4NG SU\u1ea4T 3 PHA PCE INSTRUMENTS MODEL PCE-ND10\" \/>\n<meta property=\"og:description\" content=\"Mua ngay THI\u1ebeT B\u1eca PH\u00c2N T\u00cdCH C\u00d4NG SU\u1ea4T 3 PHA PCE INSTRUMENTS MODEL PCE-ND10 ch\u00ednh h\u00e3ng. Gi\u00e1 t\u1ed1t!\" \/>\n<meta property=\"og:url\" content=\"https:\/\/vannangvn.123websitedev.com\/en\/product\/thiet-bi-phan-tich-cong-suat-3-pha-pce-instruments-model-pce-nd10\/\" \/>\n<meta property=\"og:site_name\" content=\"Vannang.vn\" \/>\n<meta property=\"article:modified_time\" content=\"2026-03-30T11:56:32+00:00\" \/>\n<meta property=\"og:image\" content=\"http:\/\/vannangvn.123websitedev.com\/wp-content\/uploads\/2026\/03\/PCE-ND10-1-copy.jpg\" \/>\n\t<meta property=\"og:image:width\" content=\"768\" \/>\n\t<meta property=\"og:image:height\" content=\"576\" \/>\n\t<meta property=\"og:image:type\" content=\"image\/jpeg\" \/>\n<meta name=\"twitter:card\" content=\"summary_large_image\" \/>\n<meta name=\"twitter:label1\" content=\"Est. reading time\" \/>\n\t<meta name=\"twitter:data1\" content=\"7 minutes\" \/>\n<script type=\"application\/ld+json\" class=\"yoast-schema-graph\">{\"@context\":\"https:\/\/schema.org\",\"@graph\":[{\"@type\":\"WebPage\",\"@id\":\"https:\/\/vannangvn.123websitedev.com\/san-pham\/thiet-bi-phan-tich-cong-suat-3-pha-pce-instruments-model-pce-nd10\/\",\"url\":\"https:\/\/vannangvn.123websitedev.com\/san-pham\/thiet-bi-phan-tich-cong-suat-3-pha-pce-instruments-model-pce-nd10\/\",\"name\":\"THI\u1ebeT B\u1eca PH\u00c2N T\u00cdCH C\u00d4NG SU\u1ea4T 3 PHA ... ch\u00ednh h\u00e3ng | V\u1ea1n N\u0103ng\",\"isPartOf\":{\"@id\":\"https:\/\/vannangvn.123websitedev.com\/#website\"},\"primaryImageOfPage\":{\"@id\":\"https:\/\/vannangvn.123websitedev.com\/san-pham\/thiet-bi-phan-tich-cong-suat-3-pha-pce-instruments-model-pce-nd10\/#primaryimage\"},\"image\":{\"@id\":\"https:\/\/vannangvn.123websitedev.com\/san-pham\/thiet-bi-phan-tich-cong-suat-3-pha-pce-instruments-model-pce-nd10\/#primaryimage\"},\"thumbnailUrl\":\"https:\/\/vannangvn.123websitedev.com\/wp-content\/uploads\/2026\/03\/PCE-ND10-1-copy.jpg\",\"datePublished\":\"2026-03-20T12:14:06+00:00\",\"dateModified\":\"2026-03-30T11:56:32+00:00\",\"description\":\"Mua ngay THI\u1ebeT B\u1eca PH\u00c2N T\u00cdCH C\u00d4NG SU\u1ea4T 3 PHA PCE INSTRUMENTS MODEL PCE-ND10 ch\u00ednh h\u00e3ng. Gi\u00e1 t\u1ed1t!\",\"breadcrumb\":{\"@id\":\"https:\/\/vannangvn.123websitedev.com\/san-pham\/thiet-bi-phan-tich-cong-suat-3-pha-pce-instruments-model-pce-nd10\/#breadcrumb\"},\"inLanguage\":\"en-US\",\"potentialAction\":[{\"@type\":\"ReadAction\",\"target\":[\"https:\/\/vannangvn.123websitedev.com\/san-pham\/thiet-bi-phan-tich-cong-suat-3-pha-pce-instruments-model-pce-nd10\/\"]}]},{\"@type\":\"ImageObject\",\"inLanguage\":\"en-US\",\"@id\":\"https:\/\/vannangvn.123websitedev.com\/san-pham\/thiet-bi-phan-tich-cong-suat-3-pha-pce-instruments-model-pce-nd10\/#primaryimage\",\"url\":\"https:\/\/vannangvn.123websitedev.com\/wp-content\/uploads\/2026\/03\/PCE-ND10-1-copy.jpg\",\"contentUrl\":\"https:\/\/vannangvn.123websitedev.com\/wp-content\/uploads\/2026\/03\/PCE-ND10-1-copy.jpg\",\"width\":768,\"height\":576},{\"@type\":\"BreadcrumbList\",\"@id\":\"https:\/\/vannangvn.123websitedev.com\/san-pham\/thiet-bi-phan-tich-cong-suat-3-pha-pce-instruments-model-pce-nd10\/#breadcrumb\",\"itemListElement\":[{\"@type\":\"ListItem\",\"position\":1,\"name\":\"Trang ch\u1ee7\",\"item\":\"https:\/\/vannangvn.123websitedev.com\/\"},{\"@type\":\"ListItem\",\"position\":2,\"name\":\"S\u1ea3n ph\u1ea9m\",\"item\":\"https:\/\/vannangvn.123websitedev.com\/cua-hang\/\"},{\"@type\":\"ListItem\",\"position\":3,\"name\":\"THI\u1ebeT B\u1eca PH\u00c2N T\u00cdCH C\u00d4NG SU\u1ea4T 3 PHA PCE INSTRUMENTS MODEL PCE-ND10\"}]},{\"@type\":\"WebSite\",\"@id\":\"https:\/\/vannangvn.123websitedev.com\/#website\",\"url\":\"https:\/\/vannangvn.123websitedev.com\/\",\"name\":\"Vannang.vn\",\"description\":\"\",\"publisher\":{\"@id\":\"https:\/\/vannangvn.123websitedev.com\/#organization\"},\"potentialAction\":[{\"@type\":\"SearchAction\",\"target\":{\"@type\":\"EntryPoint\",\"urlTemplate\":\"https:\/\/vannangvn.123websitedev.com\/?s={search_term_string}\"},\"query-input\":{\"@type\":\"PropertyValueSpecification\",\"valueRequired\":true,\"valueName\":\"search_term_string\"}}],\"inLanguage\":\"en-US\"},{\"@type\":\"Organization\",\"@id\":\"https:\/\/vannangvn.123websitedev.com\/#organization\",\"name\":\"Vannang.vn\",\"url\":\"https:\/\/vannangvn.123websitedev.com\/\",\"logo\":{\"@type\":\"ImageObject\",\"inLanguage\":\"en-US\",\"@id\":\"https:\/\/vannangvn.123websitedev.com\/#\/schema\/logo\/image\/\",\"url\":\"https:\/\/vannangvn.123websitedev.com\/wp-content\/uploads\/2026\/02\/logo-van-nang-02.png\",\"contentUrl\":\"https:\/\/vannangvn.123websitedev.com\/wp-content\/uploads\/2026\/02\/logo-van-nang-02.png\",\"width\":448,\"height\":111,\"caption\":\"Vannang.vn\"},\"image\":{\"@id\":\"https:\/\/vannangvn.123websitedev.com\/#\/schema\/logo\/image\/\"}}]}<\/script>\n<!-- \/ Yoast SEO Premium plugin. -->","yoast_head_json":{"title":"THI\u1ebeT B\u1eca PH\u00c2N T\u00cdCH C\u00d4NG SU\u1ea4T 3 PHA ... ch\u00ednh h\u00e3ng | V\u1ea1n N\u0103ng","description":"Mua ngay THI\u1ebeT B\u1eca PH\u00c2N T\u00cdCH C\u00d4NG SU\u1ea4T 3 PHA PCE INSTRUMENTS MODEL PCE-ND10 ch\u00ednh h\u00e3ng. Gi\u00e1 t\u1ed1t!","robots":{"index":"noindex","follow":"follow","max-snippet":"max-snippet:-1","max-image-preview":"max-image-preview:large","max-video-preview":"max-video-preview:-1"},"og_locale":"en_US","og_type":"article","og_title":"THI\u1ebeT B\u1eca PH\u00c2N T\u00cdCH C\u00d4NG SU\u1ea4T 3 PHA PCE INSTRUMENTS MODEL PCE-ND10","og_description":"Mua ngay THI\u1ebeT B\u1eca PH\u00c2N T\u00cdCH C\u00d4NG SU\u1ea4T 3 PHA PCE INSTRUMENTS MODEL PCE-ND10 ch\u00ednh h\u00e3ng. Gi\u00e1 t\u1ed1t!","og_url":"https:\/\/vannangvn.123websitedev.com\/en\/product\/thiet-bi-phan-tich-cong-suat-3-pha-pce-instruments-model-pce-nd10\/","og_site_name":"Vannang.vn","article_modified_time":"2026-03-30T11:56:32+00:00","og_image":[{"width":768,"height":576,"url":"http:\/\/vannangvn.123websitedev.com\/wp-content\/uploads\/2026\/03\/PCE-ND10-1-copy.jpg","type":"image\/jpeg"}],"twitter_card":"summary_large_image","twitter_misc":{"Est. reading time":"7 minutes"},"schema":{"@context":"https:\/\/schema.org","@graph":[{"@type":"WebPage","@id":"https:\/\/vannangvn.123websitedev.com\/san-pham\/thiet-bi-phan-tich-cong-suat-3-pha-pce-instruments-model-pce-nd10\/","url":"https:\/\/vannangvn.123websitedev.com\/san-pham\/thiet-bi-phan-tich-cong-suat-3-pha-pce-instruments-model-pce-nd10\/","name":"THI\u1ebeT B\u1eca PH\u00c2N T\u00cdCH C\u00d4NG SU\u1ea4T 3 PHA ... ch\u00ednh h\u00e3ng | V\u1ea1n N\u0103ng","isPartOf":{"@id":"https:\/\/vannangvn.123websitedev.com\/#website"},"primaryImageOfPage":{"@id":"https:\/\/vannangvn.123websitedev.com\/san-pham\/thiet-bi-phan-tich-cong-suat-3-pha-pce-instruments-model-pce-nd10\/#primaryimage"},"image":{"@id":"https:\/\/vannangvn.123websitedev.com\/san-pham\/thiet-bi-phan-tich-cong-suat-3-pha-pce-instruments-model-pce-nd10\/#primaryimage"},"thumbnailUrl":"https:\/\/vannangvn.123websitedev.com\/wp-content\/uploads\/2026\/03\/PCE-ND10-1-copy.jpg","datePublished":"2026-03-20T12:14:06+00:00","dateModified":"2026-03-30T11:56:32+00:00","description":"Mua ngay THI\u1ebeT B\u1eca PH\u00c2N T\u00cdCH C\u00d4NG SU\u1ea4T 3 PHA PCE INSTRUMENTS MODEL PCE-ND10 ch\u00ednh h\u00e3ng. Gi\u00e1 t\u1ed1t!","breadcrumb":{"@id":"https:\/\/vannangvn.123websitedev.com\/san-pham\/thiet-bi-phan-tich-cong-suat-3-pha-pce-instruments-model-pce-nd10\/#breadcrumb"},"inLanguage":"en-US","potentialAction":[{"@type":"ReadAction","target":["https:\/\/vannangvn.123websitedev.com\/san-pham\/thiet-bi-phan-tich-cong-suat-3-pha-pce-instruments-model-pce-nd10\/"]}]},{"@type":"ImageObject","inLanguage":"en-US","@id":"https:\/\/vannangvn.123websitedev.com\/san-pham\/thiet-bi-phan-tich-cong-suat-3-pha-pce-instruments-model-pce-nd10\/#primaryimage","url":"https:\/\/vannangvn.123websitedev.com\/wp-content\/uploads\/2026\/03\/PCE-ND10-1-copy.jpg","contentUrl":"https:\/\/vannangvn.123websitedev.com\/wp-content\/uploads\/2026\/03\/PCE-ND10-1-copy.jpg","width":768,"height":576},{"@type":"BreadcrumbList","@id":"https:\/\/vannangvn.123websitedev.com\/san-pham\/thiet-bi-phan-tich-cong-suat-3-pha-pce-instruments-model-pce-nd10\/#breadcrumb","itemListElement":[{"@type":"ListItem","position":1,"name":"Trang ch\u1ee7","item":"https:\/\/vannangvn.123websitedev.com\/"},{"@type":"ListItem","position":2,"name":"S\u1ea3n ph\u1ea9m","item":"https:\/\/vannangvn.123websitedev.com\/cua-hang\/"},{"@type":"ListItem","position":3,"name":"THI\u1ebeT B\u1eca PH\u00c2N T\u00cdCH C\u00d4NG SU\u1ea4T 3 PHA PCE INSTRUMENTS MODEL PCE-ND10"}]},{"@type":"WebSite","@id":"https:\/\/vannangvn.123websitedev.com\/#website","url":"https:\/\/vannangvn.123websitedev.com\/","name":"Vannang.vn","description":"","publisher":{"@id":"https:\/\/vannangvn.123websitedev.com\/#organization"},"potentialAction":[{"@type":"SearchAction","target":{"@type":"EntryPoint","urlTemplate":"https:\/\/vannangvn.123websitedev.com\/?s={search_term_string}"},"query-input":{"@type":"PropertyValueSpecification","valueRequired":true,"valueName":"search_term_string"}}],"inLanguage":"en-US"},{"@type":"Organization","@id":"https:\/\/vannangvn.123websitedev.com\/#organization","name":"Vannang.vn","url":"https:\/\/vannangvn.123websitedev.com\/","logo":{"@type":"ImageObject","inLanguage":"en-US","@id":"https:\/\/vannangvn.123websitedev.com\/#\/schema\/logo\/image\/","url":"https:\/\/vannangvn.123websitedev.com\/wp-content\/uploads\/2026\/02\/logo-van-nang-02.png","contentUrl":"https:\/\/vannangvn.123websitedev.com\/wp-content\/uploads\/2026\/02\/logo-van-nang-02.png","width":448,"height":111,"caption":"Vannang.vn"},"image":{"@id":"https:\/\/vannangvn.123websitedev.com\/#\/schema\/logo\/image\/"}}]}},"_links":{"self":[{"href":"https:\/\/vannangvn.123websitedev.com\/en\/wp-json\/wp\/v2\/product\/7998","targetHints":{"allow":["GET"]}}],"collection":[{"href":"https:\/\/vannangvn.123websitedev.com\/en\/wp-json\/wp\/v2\/product"}],"about":[{"href":"https:\/\/vannangvn.123websitedev.com\/en\/wp-json\/wp\/v2\/types\/product"}],"replies":[{"embeddable":true,"href":"https:\/\/vannangvn.123websitedev.com\/en\/wp-json\/wp\/v2\/comments?post=7998"}],"wp:featuredmedia":[{"embeddable":true,"href":"https:\/\/vannangvn.123websitedev.com\/en\/wp-json\/wp\/v2\/media\/10450"}],"wp:attachment":[{"href":"https:\/\/vannangvn.123websitedev.com\/en\/wp-json\/wp\/v2\/media?parent=7998"}],"wp:term":[{"taxonomy":"product_brand","embeddable":true,"href":"https:\/\/vannangvn.123websitedev.com\/en\/wp-json\/wp\/v2\/product_brand?post=7998"},{"taxonomy":"product_cat","embeddable":true,"href":"https:\/\/vannangvn.123websitedev.com\/en\/wp-json\/wp\/v2\/product_cat?post=7998"},{"taxonomy":"product_tag","embeddable":true,"href":"https:\/\/vannangvn.123websitedev.com\/en\/wp-json\/wp\/v2\/product_tag?post=7998"}],"curies":[{"name":"wp","href":"https:\/\/api.w.org\/{rel}","templated":true}]}}