{"id":8008,"date":"2026-03-20T19:14:17","date_gmt":"2026-03-20T12:14:17","guid":{"rendered":"https:\/\/vannangvn.123websitedev.com\/san-pham\/thiet-bi-phu-ep-mang-da-nang-cheminstruments-model-uc-200\/"},"modified":"2026-03-30T18:56:46","modified_gmt":"2026-03-30T11:56:46","slug":"thiet-bi-phu-ep-mang-da-nang-cheminstruments-model-uc-200","status":"publish","type":"product","link":"https:\/\/vannangvn.123websitedev.com\/en\/product\/thiet-bi-phu-ep-mang-da-nang-cheminstruments-model-uc-200\/","title":{"rendered":"THI\u1ebeT B\u1eca PH\u1ee6 \u00c9P M\u00c0NG \u0110A N\u0102NG CHEMINSTRUMENTS MODEL UC-200"},"content":{"rendered":"<h1 style=\"color: red; font-weight: bold; font-size: 24px;\">T&#7893;ng quan s&#7843;n ph&#7849;m THI&#7870;T B&#7882; PH&#7910; &Eacute;P M&Agrave;NG &#272;A N&#258;NG CHEMINSTRUMENTS MODEL UC-200<p>Thi&#7871;t B&#7883; Ph&#7911; &Eacute;p M&agrave;ng &#272;a N&#259;ng (Universal Coater) Model UC-200<br>\nThi&#7871;t b&#7883; ph&#7911; &eacute;p m&agrave;ng &#273;a n&#259;ng Cheminstruments (Universal Coater) Model UC-200 l&agrave; thi&#7871;t b&#7883; tr&aacute;ng ph&#7911; d&#7841;ng Knife-Over-Roll (KOR), t&#7841;o l&#7899;p ph&#7911; nhanh, ch&iacute;nh x&aacute;c v&agrave; &#7893;n &#273;&#7883;nh cho nhi&#7873;u lo&#7841;i keo nh&#432; keo d&aacute;n nh&#361; t&#432;&#417;ng (emulsion), keo dung m&ocirc;i v&agrave; c&#7843; keo n&oacute;ng ch&#7843;y khi k&#7871;t h&#7907;p v&#7899;i b&#7897; &#273;i&#7873;u khi&#7875;n nhi&#7879;t Heated Control Box. UC-200 cho ph&eacute;p t&#7841;o l&#7899;p ph&#7911; ch&#7845;t l&#432;&#7907;ng cao t&#7915; cu&#7897;n nguy&ecirc;n li&#7879;u (roll stock), ph&#7909;c v&#7909; hi&#7879;u qu&#7843; cho c&ocirc;ng t&aacute;c nghi&ecirc;n c&#7913;u, ph&aacute;t tri&#7875;n s&#7843;n ph&#7849;m v&agrave; ki&#7875;m so&aacute;t ch&#7845;t l&#432;&#7907;ng.<br>\nKhi k&#7871;t h&#7907;p c&ugrave;ng Benchtop Laboratory Laminator, M&aacute;y tr&aacute;ng ph&#7911; Universal Coater UC-200 tr&#7903; th&agrave;nh h&#7879; th&#7889;ng ho&agrave;n ch&#7881;nh &#273;&#7875; t&#7841;o m&#7851;u nh&atilde;n v&agrave; v&#7853;t li&#7879;u ph&#7911; ch&#7845;t l&#432;&#7907;ng cao ngay trong ph&ograve;ng th&iacute; nghi&#7879;m.<br>\nV&#7841;n N&#259;ng Company cung c&#7845;p &#273;&#7847;y &#273;&#7911; c&aacute;c ph&#7909; ki&#7879;n, phi&ecirc;n b&#7843;n ph&ugrave; h&#7907;p v&#7899;i nhu c&#7847;u s&#7917; d&#7909;ng c&#7911;a kh&aacute;ch h&agrave;ng:<\/p><p>Coating head with unwind stand only<br>\nw\/ brake unwind for 3&Prime; core<br>\nw\/ 110v heated control box<br>\nw\/ 220v heated control box<br>\nw\/ 110v heated control box + brake unwind for 3&Prime; core<br>\nw\/ 220v heated control box + brake unwind for 3&Prime; core<\/p><h2 style=\"color: #0073aa; font-weight: bold; font-size: 20px;\">H&atilde;y c&ugrave;ng V&#7841;n N&#259;ng t&igrave;m hi&#7875;u chi ti&#7871;t h&#417;n v&#7873; s&#7843;n ph&#7849;m th&ocirc;ng qua b&agrave;i vi&#7871;t d&#432;&#7899;i &#273;&acirc;y!<\/h2><h2 style=\"color: #2e7d32; font-weight: bold; font-size: 20px;\">&#272;&#7863;c &#272;i&#7875;m N&#7893;i B&#7853;t C&#7911;a Thi&#7871;t B&#7883; Tr&aacute;ng Ph&#7911; &#272;a N&#259;ng UC-200<\/h2><p>C&ocirc;ng ngh&#7879; tr&aacute;ng ph&#7911; Knife-Over-Roll ch&iacute;nh x&aacute;c<br>\nThi&#7871;t b&#7883; s&#7917; d&#7909;ng hai tr&#7909;c th&eacute;p kh&ocirc;ng g&#7881; 303 m&agrave;i tinh, mang l&#7841;i &#273;&#7897; ch&iacute;nh x&aacute;c cao v&agrave; l&#7899;p ph&#7911; &#273;&#7891;ng &#273;&#7873;u. H&#7879; th&#7889;ng cho ph&eacute;p v&#7853;n h&agrave;nh linh ho&#7841;t v&#7899;i ho&#7863;c kh&ocirc;ng c&#7847;n b&#7897; gia nhi&#7879;t, t&ugrave;y theo t&iacute;nh ch&#7845;t v&#7853;t li&#7879;u.<br>\nT&ugrave;y ch&#7881;nh linh ho&#7841;t cho m&#7885;i kh&ocirc;ng gian ph&ograve;ng th&iacute; nghi&#7879;m<br>\nB&#7897; gia nhi&#7879;t c&oacute; th&#7875; l&#7855;p t&#7915; c&#7843; hai ph&iacute;a c&#7911;a &#273;&#7847;u tr&aacute;ng ph&#7911;, thu&#7853;n ti&#7879;n cho b&#7889; tr&iacute; thi&#7871;t b&#7883;. M&aacute;y tr&aacute;ng ph&#7911; m&#7851;u m&atilde; UC-200 c&oacute; l&#7921;a ch&#7885;n &#273;i&#7879;n &aacute;p 110V ho&#7863;c 220V v&agrave; hi&#7875;n th&#7883; nhi&#7879;t &#273;&#7897; theo &deg;F ho&#7863;c &deg;C.<br>\nH&#7879; th&#7889;ng thanh dao tr&aacute;ng ph&#7911; &#273;a d&#7841;ng<br>\nC&aacute;c thanh dao (coating bars) c&oacute; th&#7875; ho&aacute;n &#273;&#7893;i gi&#7919;a tr&#7909;c tr&ecirc;n v&agrave; tr&#7909;c d&#432;&#7899;i. B&#7897; thanh Comma\/Bullnose &#273;&#432;&#7907;c cung c&#7845;p ti&ecirc;u chu&#7849;n, h&#7895; tr&#7907; t&#7841;o l&#7899;p ph&#7911; &#7893;n &#273;&#7883;nh.<br>\nKi&#7875;m so&aacute;t &#273;&#7897; d&agrave;y l&#7899;p ph&#7911; ch&iacute;nh x&aacute;c<br>\nH&#7879; th&#7889;ng &#273;i&#7873;u ch&#7881;nh m&#7899;i cho ph&eacute;p th&aacute;o tr&#7909;c tr&ecirc;n &#273;&#7875; v&#7879; sinh m&agrave; v&#7851;n gi&#7919; nguy&ecirc;n &#273;&#7897; d&agrave;y &#273;&atilde; c&agrave;i &#273;&#7863;t. &#272;&#7891;ng h&#7891; so k&#7929; thu&#7853;t s&#7889; gi&uacute;p tinh ch&#7881;nh ch&iacute;nh x&aacute;c v&#7899;i &#273;&#417;n v&#7883; mm ho&#7863;c inch. Thi&#7871;t b&#7883; UC 200  c&oacute; kh&#7843; n&#259;ng tr&aacute;ng ph&#7911; t&#7915; 1 mil (25 g\/m&sup2;) &#273;&#7871;n 60 mil (1500 g\/m&sup2;).<br>\nT&#432;&#417;ng th&iacute;ch nhi&#7873;u lo&#7841;i v&#7853;t li&#7879;u v&agrave; &#273;&#7897; nh&#7899;t<br>\nDam Teflon c&oacute; th&#7875; &#273;i&#7873;u ch&#7881;nh t&#7915; 0.5 &#273;&#7871;n 12 inch chi&#7873;u r&#7897;ng. Thi&#7871;t b&#7883; ho&#7841;t &#273;&#7897;ng t&#7889;t v&#7899;i keo c&oacute; &#273;&#7897; nh&#7899;t t&#7915; 1500 &#273;&#7871;n 9500 cps. To&agrave;n b&#7897; k&#7871;t c&#7845;u b&#7857;ng nh&ocirc;m ph&#7911; Teflon v&agrave; &#7889;c v&iacute;t th&eacute;p kh&ocirc;ng g&#7881; gi&uacute;p t&#259;ng &#273;&#7897; b&#7873;n, ch&#7889;ng d&iacute;nh v&agrave; ch&#7889;ng &#259;n m&ograve;n.<\/p><p>&#7912;ng D&#7909;ng Th&#7921;c T&#7871;<br>\nModel UC-200 &#273;&#432;&#7907;c s&#7917; d&#7909;ng ph&#7893; bi&#7871;n trong:<\/p><p>Ph&ograve;ng R&amp;D &#273;&#7875; ph&aacute;t tri&#7875;n b&#259;ng keo, nh&atilde;n m&aacute;c v&agrave; v&#7853;t li&#7879;u ph&#7911;.<br>\nB&#7897; ph&#7853;n QC nh&#7857;m ki&#7875;m tra &#273;&#7897; &#273;&#7891;ng &#273;&#7873;u l&#7899;p keo v&agrave; &#273;&#7897; b&aacute;m d&iacute;nh.<br>\nT&#7841;o m&#7851;u th&#7917; v&#7899;i keo nh&#361; t&#432;&#417;ng, keo dung m&ocirc;i, keo n&oacute;ng ch&#7843;y.<br>\nC&aacute;c ng&agrave;nh in &#7845;n, bao b&igrave;, v&#7853;t li&#7879;u composite v&agrave; polymer k&#7929; thu&#7853;t.<br>\n&#7912;ng d&#7909;ng nghi&ecirc;n c&#7913;u t&iacute;nh ch&#7845;t l&#7899;p ph&#7911; v&agrave; th&#7917; nghi&#7879;m v&#7853;t li&#7879;u &#273;&#7863;c bi&#7879;t.<\/p><p>Ph&#7909; Ki&#7879;n T&ugrave;y Ch&#7885;n<\/p><p>Bull nose coating bar<br>\nWire wound coating bars (Mayer)<br>\nPattern coating inserts<br>\n3&Prime; core chuck with friction brake<br>\nRelease paper (roll)<br>\nPolyester (roll)<\/p><p>T&ugrave;y ch&#7885;n m&#7903; r&#7897;ng:<\/p><p>&#272;i&#7879;n &aacute;p &#273;&#7847;u v&agrave;o 220 VAC (50 Hz)<br>\nGia c&ocirc;ng theo chi&#7873;u r&#7897;ng theo y&ecirc;u c&#7847;u<br>\nT&agrave;i li&#7879;u &amp; video th&#7917; nghi&#7879;m PSTC, TLMI<br>\nB&#7897; &#273;i&#7873;u khi&#7875;n nhi&#7879;t n&oacute;ng (Heated Control Box &ndash; 110V\/220V)<\/p><p>Nh&#7919;ng L&yacute; Do N&ecirc;n Mua M&aacute;y Tr&aacute;ng Ph&#7911; T&#7841;i Thi&#7871;t B&#7883; C&ocirc;ng Ngh&#7879; V&#7841;n N&#259;ng<\/p><p>C&ocirc;ng ty Thi&#7871;t B&#7883; C&ocirc;ng Ngh&#7879; V&#7841;n N&#259;ng l&agrave; &#273;&#7889;i t&aacute;c ch&iacute;nh th&#7913;c ph&acirc;n ph&#7889;i M&aacute;y tr&aacute;ng ph&#7911; h&agrave;ng &#273;&#7847;u t&#7841;i Vi&#7879;t Nam, cam k&#7871;t cung c&#7845;p s&#7843;n ph&#7849;m ch&iacute;nh h&atilde;ng v&#7899;i gi&aacute; c&#7843; c&#7841;nh tranh nh&#7845;t th&#7883; tr&#432;&#7901;ng. V&#7899;i uy t&iacute;n tr&ecirc;n th&#7883; tr&#432;&#7901;ng v&agrave; ch&#7871; &#273;&#7897; h&#7851;u m&atilde;i t&#7889;t, Thi&#7871;t B&#7883; C&ocirc;ng Ngh&#7879; V&#7841;n N&#259;ng &#273;&atilde; nh&#7853;n&#273;&#432;&#7907;c s&#7921; tin t&#432;&#7903;ng t&#7915; kh&aacute;ch h&agrave;ng nh&#7901; v&agrave;o ch&#7845;t l&#432;&#7907;ng h&agrave;ng &#273;&#7847;u c&#7911;a c&aacute;c d&ograve;ng s&#7843;n ph&#7849;m.<br>\nS&#7843;n ph&#7849;m c&#7911;a ch&uacute;ng t&ocirc;i &#273;&#432;&#7907;c ki&#7875;m &#273;&#7883;nh ch&#7845;t l&#432;&#7907;ng, nh&#7853;p kh&#7849;u tr&#7921;c ti&#7871;p t&#7915; nh&agrave; m&aacute;y b&ecirc;n Ch&acirc;u &Acirc;u, M&#7929;, &Uacute;c, Nh&#7853;t B&#7843;n,&hellip; v&agrave; &#273;&aacute;p &#7913;ng nhu c&#7847;u &#273;a d&#7841;ng c&#7911;a th&#7883; tr&#432;&#7901;ng nh&#432;: M&aacute;y &#272;o &#272;&#7897; C&#7913;ng, M&aacute;y SPECTROMAXx, M&aacute;y Ki&#7875;m Tra &#272;&#432;&#7901;ng Gh&eacute;p M&iacute; Lon,&hellip; Ch&uacute;ng t&ocirc;i cam k&#7871;t cung c&#7845;p s&#7843;n ph&#7849;m n&agrave;y tr&ecirc;n to&agrave;n qu&#7889;c v&#7899;i gi&aacute; c&#7843; c&#7841;nh tranh nh&#7845;t.<br>\nCh&uacute;ng t&ocirc;i c&oacute; &#273;&#7897;i ng&#361; chuy&ecirc;n vi&ecirc;n t&#432; v&#7845;n chuy&ecirc;n s&acirc;u s&#7869; h&#7895; tr&#7907; kh&aacute;ch h&agrave;ng v&#7873; chi ti&#7871;t s&#7843;n ph&#7849;m, h&#432;&#7899;ng d&#7851;n s&#7917; d&#7909;ng hay nh&#7919;ng th&#7913; li&ecirc;n quan &#273;&#7871;n v&#7845;n &#273;&#7873; m&agrave; doanh nghi&#7879;p b&#7841;n &#273;ang g&#7863;p ph&#7843;i. Ch&uacute;ng t&ocirc;i s&#7869; cung c&#7845;p nh&#7919;ng gi&#7843;i ph&aacute;p t&#7889;i &#432;u nh&#7845;t!<br>\nNgo&agrave;i ra Thi&#7871;t B&#7883; C&ocirc;ng Ngh&#7879; V&#7841;n N&#259;ng Ch&uacute;ng T&ocirc;i lu&ocirc;n h&#432;&#7899;ng &#273;&#7871;n tr&#7843;i nghi&#7879;m kh&aacute;ch h&agrave;ng, v&igrave; v&#7853;y ch&uacute;ng t&ocirc;i c&oacute; nh&#7919;ng ch&iacute;nh s&aacute;ch b&#7843;o h&agrave;nh, b&#7843;o tr&igrave; &ndash; b&#7843;o d&#432;&#7905;ng, hi&#7879;u chu&#7849;n v&#7899;i t&#7845;t c&#7843; c&aacute;c thi&#7871;t b&#7883;, m&aacute;y m&oacute;c m&agrave; ch&uacute;ng t&ocirc;i cung c&#7845;p. &#272;&#7843;m b&#7843;o mang &#273;&#7871;n cho Kh&aacute;ch h&agrave;ng s&#7921; y&ecirc;n t&acirc;m tuy&#7879;t &#273;&#7889;i v&#7873; d&#7883;ch v&#7909; khi mua h&agrave;ng.<\/p><p>H&atilde;y li&ecirc;n h&#7879; v&#7899;i V&#7841;n N&#259;ng Company &#273;&#7875; &#273;&#432;&#7907;c t&#432; v&#7845;n chi ti&#7871;t v&agrave; nh&#7853;n ngay &#432;u &#273;&atilde;i h&#7845;p d&#7851;n th&ocirc;ng qua hotline\/zalo: <a href=\"https:\/\/zalo.me\/0903991335\" target=\"_blank\" rel=\"noopener\" style=\"color: #059669; font-weight: bold; text-decoration: none;\">0903 991 335<\/a>!<\/p><div style=\"background-color: #f8fafc; border: 1px solid #e2e8f0; border-radius: 8px; padding: 25px; max-width: 800px; margin: 30px auto; color: #334155; line-height: 1.8; font-size: 17px; box-shadow: 0 4px 6px -1px rgba(0,0,0,0.05); text-align: left; clear: both;\">\nC&ocirc;ng ty TNHH Th&#432;&#417;ng M&#7841;i D&#7883;ch V&#7909; Thi&#7871;t B&#7883; C&ocirc;ng Ngh&#7879; V&#7841;n N&#259;ng\n<p style=\"margin: 0 0 10px 0;\">&#128205; <strong style=\"color: #1e293b;\">&#272;&#7883;a ch&#7881;:<\/strong> <a style=\"color: #059669; text-decoration: none; font-weight: bold;\" href=\"https:\/\/www.google.com\/maps\/search\/C%C3%B4ng+ty+TNHH+Th%C6%B0%C6%A1ng+M%E1%BA%A1i+D%E1%BB%8Bch+V%E1%BB%A5+Thi%E1%BA%BFt+B%E1%BB%8B+C%C3%B4ng+Ngh%E1%BB%87+V%E1%BA%A1n+N%C4%83ng+818+Tr%C6%B0%E1%BB%9Dng+Chinh\" target=\"_blank\" rel=\"noopener\">818 Tr&#432;&#7901;ng Chinh, Ph&#432;&#7901;ng T&acirc;n S&#417;n, Th&agrave;nh ph&#7889; H&#7891; Ch&iacute; Minh, Vi&#7879;t Nam<\/a><\/p>\n<p style=\"margin: 0 0 10px 0;\">&#128222; <strong style=\"color: #1e293b;\">S&#272;T &ndash; Zalo:<\/strong> <a style=\"color: #059669; text-decoration: none; font-weight: bold;\" href=\"https:\/\/zalo.me\/0903991335\" target=\"_blank\" rel=\"noopener\">0903 991 335<\/a> <span style=\"color: #64748b; font-style: italic;\">(Ms. H&#7841;nh &ndash; Gi&aacute;m &#272;&#7889;c Kinh Doanh)<\/span><\/p>\n<p style=\"margin: 0;\">&#9993;&#65039; <strong style=\"color: #1e293b;\">Email:<\/strong> <a style=\"color: #059669; text-decoration: none; font-weight: bold;\" href=\"mailto:hienhanh@vannangvn.com\">hienhanh@vannangvn.com<\/a><\/p>\n<\/div><\/h1>","protected":false},"excerpt":{"rendered":"<p><strong>Th&#432;&#417;ng hi&#7879;u:<\/strong> Cheminstrument<br>\n<strong>Model:<\/strong> UC-200<p>Product <strong>THI&#7870;T B&#7882; PH&#7910; &Eacute;P M&Agrave;NG &#272;A N&#258;NG CHEMINSTRUMENTS MODEL UC-200<\/strong> ch&iacute;nh h&atilde;ng. Cheminstrument (USA)<br>\nM&aacute;y Tr&aacute;ng Ph&#7911; &#272;a N&#259;ng Cheminstruments (Universal Coater) Model UC-200 l&agrave; thi&#7871;t b&#7883; tr&aacute;ng ph&#7911; &#273;&#7875; b&agrave;n nh&#7887; g&#7885;n, d&#7877; s&#7917; d&#7909;ng, gi&uacute;p c&aacute;n m&#7851;u gi&#7845;y, film, foil ch&iacute;nh x&aacute;c, &#7893;n &#273;&#7883;nh, cho ch&#7845;t l&#432;&#7907;ng c&aacute;n &#273;&#7891;ng &#273;&#7873;u.<\/p><\/p>","protected":false},"featured_media":9002,"comment_status":"open","ping_status":"closed","template":"","meta":[],"product_brand":[],"product_cat":[18],"product_tag":[769,2279,3538,116,179,216,221,222,223,768],"class_list":{"0":"post-8008","1":"product","2":"type-product","3":"status-publish","4":"has-post-thumbnail","6":"product_cat-chua-phan-loai","7":"product_tag-bi","8":"product_tag-ep","9":"product_tag-uc-200","10":"product_tag-model","11":"product_tag-cheminstruments","12":"product_tag-mang","13":"product_tag-phu","14":"product_tag-da","15":"product_tag-nang","16":"product_tag-thiet","18":"first","19":"instock","20":"shipping-taxable","21":"product-type-simple"},"yoast_head":"<!-- This site is optimized with the Yoast SEO Premium plugin v24.8 (Yoast SEO v24.8) - https:\/\/yoast.com\/wordpress\/plugins\/seo\/ -->\n<title>THI\u1ebeT B\u1eca PH\u1ee6 \u00c9P M\u00c0NG \u0110A N\u0102NG CHEMIN... ch\u00ednh h\u00e3ng | V\u1ea1n N\u0103ng<\/title>\n<meta name=\"description\" content=\"Mua ngay THI\u1ebeT B\u1eca PH\u1ee6 \u00c9P M\u00c0NG \u0110A N\u0102NG CHEMINSTRUMENTS MODEL UC-200 ch\u00ednh h\u00e3ng. M\u00e1y Tr\u00e1ng Ph\u1ee7 \u0110a N\u0103ng Cheminstruments (Universal Co... Gi\u00e1 t\u1ed1t!\" \/>\n<meta name=\"robots\" content=\"noindex, follow, max-snippet:-1, max-image-preview:large, max-video-preview:-1\" \/>\n<meta property=\"og:locale\" content=\"en_US\" \/>\n<meta property=\"og:type\" content=\"article\" \/>\n<meta property=\"og:title\" content=\"THI\u1ebeT B\u1eca PH\u1ee6 \u00c9P M\u00c0NG \u0110A N\u0102NG CHEMINSTRUMENTS MODEL UC-200\" \/>\n<meta property=\"og:description\" content=\"Mua ngay THI\u1ebeT B\u1eca PH\u1ee6 \u00c9P M\u00c0NG \u0110A N\u0102NG CHEMINSTRUMENTS MODEL UC-200 ch\u00ednh h\u00e3ng. M\u00e1y Tr\u00e1ng Ph\u1ee7 \u0110a N\u0103ng Cheminstruments (Universal Co... Gi\u00e1 t\u1ed1t!\" \/>\n<meta property=\"og:url\" content=\"https:\/\/vannangvn.123websitedev.com\/en\/product\/thiet-bi-phu-ep-mang-da-nang-cheminstruments-model-uc-200\/\" \/>\n<meta property=\"og:site_name\" content=\"Vannang.vn\" \/>\n<meta property=\"article:modified_time\" content=\"2026-03-30T11:56:46+00:00\" \/>\n<meta property=\"og:image\" content=\"http:\/\/vannangvn.123websitedev.com\/wp-content\/uploads\/2026\/03\/UC-200-CHEM-8-768x576-copy.jpg\" \/>\n\t<meta property=\"og:image:width\" content=\"768\" \/>\n\t<meta property=\"og:image:height\" content=\"576\" \/>\n\t<meta property=\"og:image:type\" content=\"image\/jpeg\" \/>\n<meta name=\"twitter:card\" content=\"summary_large_image\" \/>\n<meta name=\"twitter:label1\" content=\"Est. reading time\" \/>\n\t<meta name=\"twitter:data1\" content=\"7 minutes\" \/>\n<script type=\"application\/ld+json\" class=\"yoast-schema-graph\">{\"@context\":\"https:\/\/schema.org\",\"@graph\":[{\"@type\":\"WebPage\",\"@id\":\"https:\/\/vannangvn.123websitedev.com\/san-pham\/thiet-bi-phu-ep-mang-da-nang-cheminstruments-model-uc-200\/\",\"url\":\"https:\/\/vannangvn.123websitedev.com\/san-pham\/thiet-bi-phu-ep-mang-da-nang-cheminstruments-model-uc-200\/\",\"name\":\"THI\u1ebeT B\u1eca PH\u1ee6 \u00c9P M\u00c0NG \u0110A N\u0102NG CHEMIN... ch\u00ednh h\u00e3ng | V\u1ea1n N\u0103ng\",\"isPartOf\":{\"@id\":\"https:\/\/vannangvn.123websitedev.com\/#website\"},\"primaryImageOfPage\":{\"@id\":\"https:\/\/vannangvn.123websitedev.com\/san-pham\/thiet-bi-phu-ep-mang-da-nang-cheminstruments-model-uc-200\/#primaryimage\"},\"image\":{\"@id\":\"https:\/\/vannangvn.123websitedev.com\/san-pham\/thiet-bi-phu-ep-mang-da-nang-cheminstruments-model-uc-200\/#primaryimage\"},\"thumbnailUrl\":\"https:\/\/vannangvn.123websitedev.com\/wp-content\/uploads\/2026\/03\/UC-200-CHEM-8-768x576-copy.jpg\",\"datePublished\":\"2026-03-20T12:14:17+00:00\",\"dateModified\":\"2026-03-30T11:56:46+00:00\",\"description\":\"Mua ngay THI\u1ebeT B\u1eca PH\u1ee6 \u00c9P M\u00c0NG \u0110A N\u0102NG CHEMINSTRUMENTS MODEL UC-200 ch\u00ednh h\u00e3ng. M\u00e1y Tr\u00e1ng Ph\u1ee7 \u0110a N\u0103ng Cheminstruments (Universal Co... Gi\u00e1 t\u1ed1t!\",\"breadcrumb\":{\"@id\":\"https:\/\/vannangvn.123websitedev.com\/san-pham\/thiet-bi-phu-ep-mang-da-nang-cheminstruments-model-uc-200\/#breadcrumb\"},\"inLanguage\":\"en-US\",\"potentialAction\":[{\"@type\":\"ReadAction\",\"target\":[\"https:\/\/vannangvn.123websitedev.com\/san-pham\/thiet-bi-phu-ep-mang-da-nang-cheminstruments-model-uc-200\/\"]}]},{\"@type\":\"ImageObject\",\"inLanguage\":\"en-US\",\"@id\":\"https:\/\/vannangvn.123websitedev.com\/san-pham\/thiet-bi-phu-ep-mang-da-nang-cheminstruments-model-uc-200\/#primaryimage\",\"url\":\"https:\/\/vannangvn.123websitedev.com\/wp-content\/uploads\/2026\/03\/UC-200-CHEM-8-768x576-copy.jpg\",\"contentUrl\":\"https:\/\/vannangvn.123websitedev.com\/wp-content\/uploads\/2026\/03\/UC-200-CHEM-8-768x576-copy.jpg\",\"width\":768,\"height\":576},{\"@type\":\"BreadcrumbList\",\"@id\":\"https:\/\/vannangvn.123websitedev.com\/san-pham\/thiet-bi-phu-ep-mang-da-nang-cheminstruments-model-uc-200\/#breadcrumb\",\"itemListElement\":[{\"@type\":\"ListItem\",\"position\":1,\"name\":\"Trang ch\u1ee7\",\"item\":\"https:\/\/vannangvn.123websitedev.com\/\"},{\"@type\":\"ListItem\",\"position\":2,\"name\":\"S\u1ea3n ph\u1ea9m\",\"item\":\"https:\/\/vannangvn.123websitedev.com\/cua-hang\/\"},{\"@type\":\"ListItem\",\"position\":3,\"name\":\"THI\u1ebeT B\u1eca PH\u1ee6 \u00c9P M\u00c0NG \u0110A N\u0102NG CHEMINSTRUMENTS MODEL UC-200\"}]},{\"@type\":\"WebSite\",\"@id\":\"https:\/\/vannangvn.123websitedev.com\/#website\",\"url\":\"https:\/\/vannangvn.123websitedev.com\/\",\"name\":\"Vannang.vn\",\"description\":\"\",\"publisher\":{\"@id\":\"https:\/\/vannangvn.123websitedev.com\/#organization\"},\"potentialAction\":[{\"@type\":\"SearchAction\",\"target\":{\"@type\":\"EntryPoint\",\"urlTemplate\":\"https:\/\/vannangvn.123websitedev.com\/?s={search_term_string}\"},\"query-input\":{\"@type\":\"PropertyValueSpecification\",\"valueRequired\":true,\"valueName\":\"search_term_string\"}}],\"inLanguage\":\"en-US\"},{\"@type\":\"Organization\",\"@id\":\"https:\/\/vannangvn.123websitedev.com\/#organization\",\"name\":\"Vannang.vn\",\"url\":\"https:\/\/vannangvn.123websitedev.com\/\",\"logo\":{\"@type\":\"ImageObject\",\"inLanguage\":\"en-US\",\"@id\":\"https:\/\/vannangvn.123websitedev.com\/#\/schema\/logo\/image\/\",\"url\":\"https:\/\/vannangvn.123websitedev.com\/wp-content\/uploads\/2026\/02\/logo-van-nang-02.png\",\"contentUrl\":\"https:\/\/vannangvn.123websitedev.com\/wp-content\/uploads\/2026\/02\/logo-van-nang-02.png\",\"width\":448,\"height\":111,\"caption\":\"Vannang.vn\"},\"image\":{\"@id\":\"https:\/\/vannangvn.123websitedev.com\/#\/schema\/logo\/image\/\"}}]}<\/script>\n<!-- \/ Yoast SEO Premium plugin. -->","yoast_head_json":{"title":"THI\u1ebeT B\u1eca PH\u1ee6 \u00c9P M\u00c0NG \u0110A N\u0102NG CHEMIN... ch\u00ednh h\u00e3ng | V\u1ea1n N\u0103ng","description":"Mua ngay THI\u1ebeT B\u1eca PH\u1ee6 \u00c9P M\u00c0NG \u0110A N\u0102NG CHEMINSTRUMENTS MODEL UC-200 ch\u00ednh h\u00e3ng. M\u00e1y Tr\u00e1ng Ph\u1ee7 \u0110a N\u0103ng Cheminstruments (Universal Co... Gi\u00e1 t\u1ed1t!","robots":{"index":"noindex","follow":"follow","max-snippet":"max-snippet:-1","max-image-preview":"max-image-preview:large","max-video-preview":"max-video-preview:-1"},"og_locale":"en_US","og_type":"article","og_title":"THI\u1ebeT B\u1eca PH\u1ee6 \u00c9P M\u00c0NG \u0110A N\u0102NG CHEMINSTRUMENTS MODEL UC-200","og_description":"Mua ngay THI\u1ebeT B\u1eca PH\u1ee6 \u00c9P M\u00c0NG \u0110A N\u0102NG CHEMINSTRUMENTS MODEL UC-200 ch\u00ednh h\u00e3ng. M\u00e1y Tr\u00e1ng Ph\u1ee7 \u0110a N\u0103ng Cheminstruments (Universal Co... Gi\u00e1 t\u1ed1t!","og_url":"https:\/\/vannangvn.123websitedev.com\/en\/product\/thiet-bi-phu-ep-mang-da-nang-cheminstruments-model-uc-200\/","og_site_name":"Vannang.vn","article_modified_time":"2026-03-30T11:56:46+00:00","og_image":[{"width":768,"height":576,"url":"http:\/\/vannangvn.123websitedev.com\/wp-content\/uploads\/2026\/03\/UC-200-CHEM-8-768x576-copy.jpg","type":"image\/jpeg"}],"twitter_card":"summary_large_image","twitter_misc":{"Est. reading time":"7 minutes"},"schema":{"@context":"https:\/\/schema.org","@graph":[{"@type":"WebPage","@id":"https:\/\/vannangvn.123websitedev.com\/san-pham\/thiet-bi-phu-ep-mang-da-nang-cheminstruments-model-uc-200\/","url":"https:\/\/vannangvn.123websitedev.com\/san-pham\/thiet-bi-phu-ep-mang-da-nang-cheminstruments-model-uc-200\/","name":"THI\u1ebeT B\u1eca PH\u1ee6 \u00c9P M\u00c0NG \u0110A N\u0102NG CHEMIN... ch\u00ednh h\u00e3ng | V\u1ea1n N\u0103ng","isPartOf":{"@id":"https:\/\/vannangvn.123websitedev.com\/#website"},"primaryImageOfPage":{"@id":"https:\/\/vannangvn.123websitedev.com\/san-pham\/thiet-bi-phu-ep-mang-da-nang-cheminstruments-model-uc-200\/#primaryimage"},"image":{"@id":"https:\/\/vannangvn.123websitedev.com\/san-pham\/thiet-bi-phu-ep-mang-da-nang-cheminstruments-model-uc-200\/#primaryimage"},"thumbnailUrl":"https:\/\/vannangvn.123websitedev.com\/wp-content\/uploads\/2026\/03\/UC-200-CHEM-8-768x576-copy.jpg","datePublished":"2026-03-20T12:14:17+00:00","dateModified":"2026-03-30T11:56:46+00:00","description":"Mua ngay THI\u1ebeT B\u1eca PH\u1ee6 \u00c9P M\u00c0NG \u0110A N\u0102NG CHEMINSTRUMENTS MODEL UC-200 ch\u00ednh h\u00e3ng. M\u00e1y Tr\u00e1ng Ph\u1ee7 \u0110a N\u0103ng Cheminstruments (Universal Co... Gi\u00e1 t\u1ed1t!","breadcrumb":{"@id":"https:\/\/vannangvn.123websitedev.com\/san-pham\/thiet-bi-phu-ep-mang-da-nang-cheminstruments-model-uc-200\/#breadcrumb"},"inLanguage":"en-US","potentialAction":[{"@type":"ReadAction","target":["https:\/\/vannangvn.123websitedev.com\/san-pham\/thiet-bi-phu-ep-mang-da-nang-cheminstruments-model-uc-200\/"]}]},{"@type":"ImageObject","inLanguage":"en-US","@id":"https:\/\/vannangvn.123websitedev.com\/san-pham\/thiet-bi-phu-ep-mang-da-nang-cheminstruments-model-uc-200\/#primaryimage","url":"https:\/\/vannangvn.123websitedev.com\/wp-content\/uploads\/2026\/03\/UC-200-CHEM-8-768x576-copy.jpg","contentUrl":"https:\/\/vannangvn.123websitedev.com\/wp-content\/uploads\/2026\/03\/UC-200-CHEM-8-768x576-copy.jpg","width":768,"height":576},{"@type":"BreadcrumbList","@id":"https:\/\/vannangvn.123websitedev.com\/san-pham\/thiet-bi-phu-ep-mang-da-nang-cheminstruments-model-uc-200\/#breadcrumb","itemListElement":[{"@type":"ListItem","position":1,"name":"Trang ch\u1ee7","item":"https:\/\/vannangvn.123websitedev.com\/"},{"@type":"ListItem","position":2,"name":"S\u1ea3n ph\u1ea9m","item":"https:\/\/vannangvn.123websitedev.com\/cua-hang\/"},{"@type":"ListItem","position":3,"name":"THI\u1ebeT B\u1eca PH\u1ee6 \u00c9P M\u00c0NG \u0110A N\u0102NG CHEMINSTRUMENTS MODEL UC-200"}]},{"@type":"WebSite","@id":"https:\/\/vannangvn.123websitedev.com\/#website","url":"https:\/\/vannangvn.123websitedev.com\/","name":"Vannang.vn","description":"","publisher":{"@id":"https:\/\/vannangvn.123websitedev.com\/#organization"},"potentialAction":[{"@type":"SearchAction","target":{"@type":"EntryPoint","urlTemplate":"https:\/\/vannangvn.123websitedev.com\/?s={search_term_string}"},"query-input":{"@type":"PropertyValueSpecification","valueRequired":true,"valueName":"search_term_string"}}],"inLanguage":"en-US"},{"@type":"Organization","@id":"https:\/\/vannangvn.123websitedev.com\/#organization","name":"Vannang.vn","url":"https:\/\/vannangvn.123websitedev.com\/","logo":{"@type":"ImageObject","inLanguage":"en-US","@id":"https:\/\/vannangvn.123websitedev.com\/#\/schema\/logo\/image\/","url":"https:\/\/vannangvn.123websitedev.com\/wp-content\/uploads\/2026\/02\/logo-van-nang-02.png","contentUrl":"https:\/\/vannangvn.123websitedev.com\/wp-content\/uploads\/2026\/02\/logo-van-nang-02.png","width":448,"height":111,"caption":"Vannang.vn"},"image":{"@id":"https:\/\/vannangvn.123websitedev.com\/#\/schema\/logo\/image\/"}}]}},"_links":{"self":[{"href":"https:\/\/vannangvn.123websitedev.com\/en\/wp-json\/wp\/v2\/product\/8008","targetHints":{"allow":["GET"]}}],"collection":[{"href":"https:\/\/vannangvn.123websitedev.com\/en\/wp-json\/wp\/v2\/product"}],"about":[{"href":"https:\/\/vannangvn.123websitedev.com\/en\/wp-json\/wp\/v2\/types\/product"}],"replies":[{"embeddable":true,"href":"https:\/\/vannangvn.123websitedev.com\/en\/wp-json\/wp\/v2\/comments?post=8008"}],"wp:featuredmedia":[{"embeddable":true,"href":"https:\/\/vannangvn.123websitedev.com\/en\/wp-json\/wp\/v2\/media\/9002"}],"wp:attachment":[{"href":"https:\/\/vannangvn.123websitedev.com\/en\/wp-json\/wp\/v2\/media?parent=8008"}],"wp:term":[{"taxonomy":"product_brand","embeddable":true,"href":"https:\/\/vannangvn.123websitedev.com\/en\/wp-json\/wp\/v2\/product_brand?post=8008"},{"taxonomy":"product_cat","embeddable":true,"href":"https:\/\/vannangvn.123websitedev.com\/en\/wp-json\/wp\/v2\/product_cat?post=8008"},{"taxonomy":"product_tag","embeddable":true,"href":"https:\/\/vannangvn.123websitedev.com\/en\/wp-json\/wp\/v2\/product_tag?post=8008"}],"curies":[{"name":"wp","href":"https:\/\/api.w.org\/{rel}","templated":true}]}}