{"id":8009,"date":"2026-03-20T19:14:23","date_gmt":"2026-03-20T12:14:23","guid":{"rendered":"https:\/\/vannangvn.123websitedev.com\/san-pham\/thiet-bi-quang-pho-hap-thu-nguyen-tu-agilent-model-55b-aa\/"},"modified":"2026-03-30T18:56:46","modified_gmt":"2026-03-30T11:56:46","slug":"thiet-bi-quang-pho-hap-thu-nguyen-tu-agilent-model-55b-aa","status":"publish","type":"product","link":"https:\/\/vannangvn.123websitedev.com\/en\/product\/thiet-bi-quang-pho-hap-thu-nguyen-tu-agilent-model-55b-aa\/","title":{"rendered":"THI\u1ebeT B\u1eca QUANG PH\u1ed4 H\u1ea4P TH\u1ee4 NGUY\u00caN T\u1eec AGILENT MODEL 55B AA"},"content":{"rendered":"<h1 style=\"color: red; font-weight: bold; font-size: 24px;\">T&#7893;ng quan s&#7843;n ph&#7849;m THI&#7870;T B&#7882; QUANG PH&#7892; H&#7844;P TH&#7908; NGUY&Ecirc;N T&#7916; AGILENT MODEL 55B AA<p>Thi&#7871;t B&#7883; Quang Ph&#7893; H&#7845;p Th&#7909; Nguy&ecirc;n T&#7917; (Flame Atomic Absorption Instruments) Agilent Model 55B AA<br>\nThi&#7871;t B&#7883; Quang Ph&#7893; H&#7845;p Th&#7909; Nguy&ecirc;n T&#7917; Agilent 55B AA l&agrave; gi&#7843;i ph&aacute;p ph&acirc;n t&iacute;ch nguy&ecirc;n t&#7889; l&yacute; t&#432;&#7903;ng cho c&aacute;c ph&ograve;ng th&iacute; nghi&#7879;m c&#7847;n m&#7897;t h&#7879; th&#7889;ng quang ph&#7893; AA c&#417; b&#7843;n nh&#432;ng v&#7851;n s&#7903; h&#7919;u c&aacute;c t&iacute;nh n&#259;ng ti&ecirc;n ti&#7871;n. V&#7899;i thi&#7871;t k&#7871; b&#7873;n b&#7881;, ch&#7855;c ch&#7855;n, s&#7843;n ph&#7849;m t&iacute;ch h&#7907;p m&agrave;n h&igrave;nh LCD c&ocirc;ng nghi&#7879;p, b&agrave;n ph&iacute;m chuy&ecirc;n d&#7909;ng v&agrave; h&#7879; th&#7889;ng quang h&#7885;c k&iacute;n ch&#7889;ng b&#7909;i, ch&#7889;ng &#259;n m&ograve;n.<br>\nThi&#7871;t b&#7883; cho ph&eacute;p v&#7853;n h&agrave;nh nhanh ch&oacute;ng, d&#7877; d&agrave;ng v&agrave; c&oacute; th&#7875; n&acirc;ng c&#7845;p, m&#7903; r&#7897;ng khi c&#7847;n. &#272;&acirc;y ch&iacute;nh l&agrave; l&#7921;a ch&#7885;n th&ocirc;ng minh gi&uacute;p t&#7889;i &#432;u th&#7901;i gian ph&acirc;n t&iacute;ch, ti&#7871;t ki&#7879;m chi ph&iacute; v&agrave; &#273;&#7843;m b&#7843;o &#273;&#7897; tin c&#7853;y cao. H&atilde;y c&ugrave;ng V&#7841;n N&#259;ng t&igrave;m hi&#7875;u chi ti&#7871;t h&#417;n v&#7873; s&#7843;n ph&#7849;m th&ocirc;ng qua b&agrave;i vi&#7871;t d&#432;&#7899;i &#273;&acirc;y nh&eacute;!<\/p><p>Xem th&ecirc;m: Thi&#7871;t B&#7883; Ph&acirc;n T&iacute;ch T&#7893;ng N&#7891;ng &#272;&#7897; Axit, pH Hanna Instruments Model HI84530<\/p><p>N&eacute;t &#272;&#7863;c Tr&#432;ng C&#7911;a Agilent 55B AA<br>\nH&#7879; th&#7889;ng quang h&#7885;c k&iacute;n ch&#7889;ng &#259;n m&ograve;n<br>\nAgilent 55B AA Flame Atomic Absorption Instrument &#273;&#432;&#7907;c trang b&#7883; g&#432;&#417;ng tr&aacute;ng th&#7841;ch anh v&agrave; bu&#7891;ng quang h&#7885;c k&iacute;n, gi&uacute;p b&#7843;o v&#7879; thi&#7871;t b&#7883; tr&#432;&#7899;c b&#7909;i b&#7849;n v&agrave; h&#417;i &#7849;m trong m&ocirc;i tr&#432;&#7901;ng ph&ograve;ng th&iacute; nghi&#7879;m. T&ugrave;y ch&#7885;n thanh l&#7885;c kh&iacute; gi&#7919; cho lu&#7891;ng kh&ocirc;ng kh&iacute; trong s&#7841;ch, duy tr&igrave; hi&#7879;u su&#7845;t &#7893;n &#273;&#7883;nh l&acirc;u d&agrave;i.<br>\nM&agrave;n h&igrave;nh LCD v&agrave; b&agrave;n ph&iacute;m c&ocirc;ng nghi&#7879;p<br>\nKh&aacute;c v&#7899;i m&agrave;n h&igrave;nh c&#7843;m &#7913;ng d&#7877; h&#432; h&#7887;ng, Agilent 55B AA s&#7917; d&#7909;ng m&agrave;n h&igrave;nh LCD c&ocirc;ng nghi&#7879;p ch&#7855;c ch&#7855;n, &#273;i k&egrave;m b&agrave;n ph&iacute;m chuy&ecirc;n d&#7909;ng. &#272;i&#7873;u n&agrave;y &#273;&#7843;m b&#7843;o kh&#7843; n&#259;ng v&#7853;n h&agrave;nh b&#7873;n b&#7881; trong &#273;i&#7873;u ki&#7879;n l&agrave;m vi&#7879;c kh&#7855;c nghi&#7879;t.<br>\nT&#7921; &#273;&#7897;ng l&#7921;a ch&#7885;n b&#432;&#7899;c s&oacute;ng v&agrave; khe &#273;o<br>\nH&#7879; th&#7889;ng cho ph&eacute;p t&#7921; &#273;&#7897;ng c&#259;n ch&#7881;nh b&#432;&#7899;c s&oacute;ng v&agrave; khe &#273;o, lo&#7841;i b&#7887; nh&#7919;ng thao t&aacute;c ph&#7913;c t&#7841;p th&#432;&#7901;ng th&#7845;y &#7903; c&aacute;c d&ograve;ng m&aacute;y c&#417; b&#7843;n. Hai v&#7883; tr&iacute; &#273;&egrave;n gi&uacute;p ng&#432;&#7901;i d&ugrave;ng c&oacute; th&#7875; l&agrave;m n&oacute;ng tr&#432;&#7899;c &#273;&egrave;n cho nguy&ecirc;n t&#7889; ti&#7871;p theo, ti&#7871;t ki&#7879;m &#273;&aacute;ng k&#7875; th&#7901;i gian ph&acirc;n t&iacute;ch.<\/p><p>D&#7877; d&agrave;ng thay th&#7871; &#273;&egrave;n hi&#7879;u ch&#7881;nh<br>\nNg&#432;&#7901;i v&#7853;n h&agrave;nh c&oacute; th&#7875; &#273;i&#7873;u ch&#7881;nh ho&#7863;c thay th&#7871; &#273;&egrave;n hi&#7879;u ch&#7881;nh n&#7873;n m&agrave; kh&ocirc;ng c&#7847;n th&aacute;o n&#7855;p thi&#7871;t b&#7883;, gi&uacute;p t&#7889;i &#432;u quy tr&igrave;nh b&#7843;o tr&igrave;, gi&#7843;m thi&#7875;u gi&aacute;n &#273;o&#7841;n ho&#7841;t &#273;&#7897;ng.<br>\nKh&#7843; n&#259;ng m&#7903; r&#7897;ng v&#7899;i ph&#7909; ki&#7879;n SIPS<br>\nThi&#7871;t b&#7883; c&oacute; th&#7875; k&#7871;t h&#7907;p v&#7899;i H&#7879; th&#7889;ng b&#417;m &#273;&#432;a m&#7851;u (SIPS) &#273;&#7875; r&uacute;t ng&#7855;n th&#7901;i gian chu&#7849;n b&#7883;, th&#7921;c hi&#7879;n hi&#7879;u chu&#7849;n &#273;a &#273;i&#7875;m tr&#7921;c tuy&#7871;n, &#273;&#7891;ng th&#7901;i pha lo&atilde;ng nhanh c&aacute;c m&#7851;u v&#432;&#7907;t ph&#7841;m vi &#273;o.<br>\nT&ugrave;y ch&#7885;n n&acirc;ng c&#7845;p th&agrave;nh h&#7879; th&#7889;ng PC &#273;i&#7873;u khi&#7875;n<br>\nCh&#7881; c&#7847;n k&#7871;t n&#7889;i th&ecirc;m m&aacute;y t&iacute;nh ngo&agrave;i v&agrave; ph&#7847;n m&#7873;m SpectrAA Worksheet, M&aacute;y Agilent 55B AA c&oacute; th&#7875; n&acirc;ng c&#7845;p th&agrave;nh h&#7879; th&#7889;ng l&ograve; ho&#7863;c ng&#7885;n l&#7917;a &#273;i&#7873;u khi&#7875;n b&#7857;ng PC, h&#7895; tr&#7907; ph&acirc;n t&iacute;ch &#273;a nguy&ecirc;n t&#7889; t&#7921; &#273;&#7897;ng.<\/p><p>Xem th&ecirc;m: M&aacute;y Quang Ph&#7893; Tia X T&aacute;n S&#7855;c N&#259;ng L&#432;&#7907;ng Cho SEM Bruker Model XFlash 7100<\/p><p>&#431;u &#272;i&#7875;m V&#432;&#7907;t Tr&#7897;i C&#7911;a Agilent 55B AA<br>\nHi&#7879;u su&#7845;t ph&acirc;n t&iacute;ch &#7893;n &#273;&#7883;nh<br>\nC&#7845;u tr&uacute;c quang h&#7885;c ch&#7855;c ch&#7855;n, ch&#7889;ng b&#7909;i v&agrave; &#259;n m&ograve;n &#273;&#7843;m b&#7843;o k&#7871;t qu&#7843; ph&acirc;n t&iacute;ch &#273;&aacute;ng tin c&#7853;y trong su&#7889;t v&ograve;ng &#273;&#7901;i thi&#7871;t b&#7883;.<br>\nV&#7853;n h&agrave;nh nhanh v&agrave; &#273;&#417;n gi&#7843;n<br>\nT&#7921; &#273;&#7897;ng c&#259;n ch&#7881;nh b&#432;&#7899;c s&oacute;ng v&agrave; khe quang h&#7885;c gi&uacute;p gi&#7843;m t&#7889;i &#273;a thao t&aacute;c th&#7911; c&ocirc;ng, r&uacute;t ng&#7855;n th&#7901;i gian chu&#7849;n b&#7883;.<br>\nGi&#7843;m chi ph&iacute; v&#7853;n h&agrave;nh ph&ograve;ng th&iacute; nghi&#7879;m<br>\nV&#7899;i kh&#7843; n&#259;ng m&#7903; r&#7897;ng v&agrave; n&acirc;ng c&#7845;p linh ho&#7841;t, ph&ograve;ng th&iacute; nghi&#7879;m c&oacute; th&#7875; t&#7889;i &#432;u chi ph&iacute; &#273;&#7847;u t&#432; m&agrave; v&#7851;n &#273;&aacute;p &#7913;ng nhu c&#7847;u ph&acirc;n t&iacute;ch ng&agrave;y c&agrave;ng cao.<\/p><p>Linh ho&#7841;t trong nhi&#7873;u &#7913;ng d&#7909;ng ph&acirc;n t&iacute;ch<br>\nAgilent Model 55B AA t&#432;&#417;ng th&iacute;ch v&#7899;i c&aacute;c ph&#7909; ki&#7879;n AA nh&#432; b&#7897; l&#7845;y m&#7851;u t&#7921; &#273;&#7897;ng SPS 4, mang &#273;&#7871;n s&#7921; linh ho&#7841;t trong nhi&#7873;u b&agrave;i to&aacute;n ph&acirc;n t&iacute;ch nguy&ecirc;n t&#7889;.<br>\nB&#7873;n b&#7881; trong m&ocirc;i tr&#432;&#7901;ng kh&#7855;c nghi&#7879;t<br>\nV&#7899;i thi&#7871;t k&#7871; ch&#7889;ng &#7849;m, ch&#7889;ng &#259;n m&ograve;n v&agrave; ph&#7847;n c&#7913;ng c&ocirc;ng nghi&#7879;p, thi&#7871;t b&#7883; ho&#7841;t &#273;&#7897;ng &#7893;n &#273;&#7883;nh ngay c&#7843; trong c&aacute;c &#273;i&#7873;u ki&#7879;n ph&ograve;ng th&iacute; nghi&#7879;m nhi&#7873;u th&aacute;ch th&#7913;c.<\/p><p>Xem th&ecirc;m: Thi&#7871;t B&#7883; Ki&#7875;m Tra &#272;&#7897; L&atilde;o H&oacute;a (Humidity Chamber) Cofomegra Model SOLARBOX1500E RH &ndash; 3000E RH<\/p><p>&#7912;ng D&#7909;ng Trong Ng&agrave;nh C&ocirc;ng Nghi&#7879;p<br>\nM&aacute;y Quang Ph&#7893; H&#7845;p Th&#7909; Nguy&ecirc;n T&#7917; Agilent 55B AA &#273;&#432;&#7907;c s&#7917; d&#7909;ng r&#7897;ng r&atilde;i trong c&aacute;c ph&ograve;ng th&iacute; nghi&#7879;m v&agrave; ng&agrave;nh c&ocirc;ng nghi&#7879;p c&#7847;n ph&acirc;n t&iacute;ch nguy&ecirc;n t&#7889;:<\/p><p>Ng&agrave;nh h&oacute;a ch&#7845;t v&agrave; v&#7853;t li&#7879;u<br>\nNg&agrave;nh m&ocirc;i tr&#432;&#7901;ng v&agrave; x&#7917; l&yacute; n&#432;&#7899;c<br>\nNg&agrave;nh n&ocirc;ng nghi&#7879;p v&agrave; th&#7921;c ph&#7849;m<br>\nNg&agrave;nh y t&#7871; v&agrave; d&#432;&#7907;c ph&#7849;m<br>\nNg&agrave;nh luy&#7879;n kim v&agrave; khai kho&aacute;ng<\/p><p>Nh&#7919;ng L&yacute; Do N&ecirc;n Mua M&aacute;y Quang Ph&#7893; H&#7845;p Th&#7909; Nguy&ecirc;n T&#7917; T&#7841;i V&#7841;n N&#259;ng<\/p><p>C&ocirc;ng ty Thi&#7871;t B&#7883; C&ocirc;ng Ngh&#7879; V&#7841;n N&#259;ng l&agrave; &#273;&#7889;i t&aacute;c ch&iacute;nh th&#7913;c ph&acirc;n ph&#7889;i M&aacute;y Quang Ph&#7893; H&#7845;p Th&#7909; Nguy&ecirc;n T&#7917; h&agrave;ng &#273;&#7847;u t&#7841;i Vi&#7879;t Nam, cam k&#7871;t cung c&#7845;p s&#7843;n ph&#7849;m ch&iacute;nh h&atilde;ng v&#7899;i gi&aacute; c&#7843; c&#7841;nh tranh nh&#7845;t th&#7883; tr&#432;&#7901;ng. V&#7899;i uy t&iacute;n tr&ecirc;n th&#7883; tr&#432;&#7901;ng v&agrave; ch&#7871; &#273;&#7897; h&#7851;u m&atilde;i t&#7889;t, Thi&#7871;t B&#7883; C&ocirc;ng Ngh&#7879; V&#7841;n N&#259;ng &#273;&atilde; nh&#7853;n &#273;&#432;&#7907;c s&#7921; tin t&#432;&#7903;ng t&#7915; kh&aacute;ch h&agrave;ng nh&#7901; v&agrave;o ch&#7845;t l&#432;&#7907;ng h&agrave;ng &#273;&#7847;u c&#7911;a c&aacute;c d&ograve;ng s&#7843;n ph&#7849;m.<br>\nS&#7843;n ph&#7849;m c&#7911;a ch&uacute;ng t&ocirc;i &#273;&#432;&#7907;c ki&#7875;m &#273;&#7883;nh ch&#7845;t l&#432;&#7907;ng, nh&#7853;p kh&#7849;u tr&#7921;c ti&#7871;p t&#7915; nh&agrave; m&aacute;y b&ecirc;n Ch&acirc;u &Acirc;u, M&#7929;, &Uacute;c, Nh&#7853;t B&#7843;n,&hellip; v&agrave; &#273;&aacute;p &#7913;ng nhu c&#7847;u &#273;a d&#7841;ng c&#7911;a th&#7883; tr&#432;&#7901;ng nh&#432;: M&aacute;y &#272;o &#272;&#7897; C&#7913;ng, M&aacute;y SPECTROMAXx, M&aacute;y Ki&#7875;m Tra &#272;&#432;&#7901;ng Gh&eacute;p M&iacute; Lon,&hellip; Ch&uacute;ng t&ocirc;i cam k&#7871;t cung c&#7845;p s&#7843;n ph&#7849;m n&agrave;y tr&ecirc;n to&agrave;n qu&#7889;c v&#7899;i gi&aacute; c&#7843; c&#7841;nh tranh nh&#7845;t.<br>\nCh&uacute;ng t&ocirc;i c&oacute; &#273;&#7897;i ng&#361; chuy&ecirc;n vi&ecirc;n t&#432; v&#7845;n chuy&ecirc;n s&acirc;u s&#7869; h&#7895; tr&#7907; kh&aacute;ch h&agrave;ng v&#7873; chi ti&#7871;t s&#7843;n ph&#7849;m, h&#432;&#7899;ng d&#7851;n s&#7917; d&#7909;ng hay nh&#7919;ng th&#7913; li&ecirc;n quan &#273;&#7871;n v&#7845;n &#273;&#7873; m&agrave; doanh nghi&#7879;p b&#7841;n &#273;ang g&#7863;p ph&#7843;i. Ch&uacute;ng t&ocirc;i s&#7869; cung c&#7845;p nh&#7919;ng gi&#7843;i ph&aacute;p t&#7889;i &#432;u nh&#7845;t!<br>\nNgo&agrave;i ra Thi&#7871;t B&#7883; C&ocirc;ng Ngh&#7879; V&#7841;n N&#259;ng Ch&uacute;ng T&ocirc;i lu&ocirc;n h&#432;&#7899;ng &#273;&#7871;n tr&#7843;i nghi&#7879;m kh&aacute;ch h&agrave;ng, v&igrave; v&#7853;y ch&uacute;ng t&ocirc;i c&oacute; nh&#7919;ng ch&iacute;nh s&aacute;ch b&#7843;o h&agrave;nh, b&#7843;o tr&igrave; &ndash; b&#7843;o d&#432;&#7905;ng, hi&#7879;u chu&#7849;n v&#7899;i t&#7845;t c&#7843; c&aacute;c thi&#7871;t b&#7883;, m&aacute;y m&oacute;c m&agrave; ch&uacute;ng t&ocirc;i cung c&#7845;p. &#272;&#7843;m b&#7843;o mang &#273;&#7871;n cho Kh&aacute;ch h&agrave;ng s&#7921; y&ecirc;n t&acirc;m tuy&#7879;t &#273;&#7889;i v&#7873; d&#7883;ch v&#7909; khi mua h&agrave;ng.<\/p><p>Xem th&ecirc;m: M&aacute;ng N&#432;&#7899;c Anton Paar Brabender Aqua Trough<\/p><p>T&#7893;ng K&#7871;t<br>\nThi&#7871;t B&#7883; Quang Ph&#7893; H&#7845;p Th&#7909; Nguy&ecirc;n T&#7917; Agilent Model 55B AA mang &#273;&#7871;n gi&#7843;i ph&aacute;p ph&acirc;n t&iacute;ch nguy&ecirc;n t&#7889; hi&#7879;u qu&#7843;, k&#7871;t h&#7907;p gi&#7919;a &#273;&#7897; b&#7873;n c&ocirc;ng nghi&#7879;p v&agrave; kh&#7843; n&#259;ng v&#7853;n h&agrave;nh d&#7877; d&agrave;ng. V&#7899;i t&iacute;nh n&#259;ng m&#7903; r&#7897;ng v&agrave; n&acirc;ng c&#7845;p linh ho&#7841;t, thi&#7871;t b&#7883; ph&ugrave; h&#7907;p cho c&#7843; c&aacute;c ph&ograve;ng th&iacute; nghi&#7879;m c&#417; b&#7843;n v&agrave; chuy&ecirc;n s&acirc;u, gi&uacute;p n&acirc;ng cao hi&#7879;u qu&#7843; ph&acirc;n t&iacute;ch v&agrave; t&#7889;i &#432;u chi ph&iacute; v&#7853;n h&agrave;nh. H&atilde;y li&ecirc;n h&#7879; v&#7899;i V&#7841;n N&#259;ng ngay &#273;&#7875; &#273;&#432;&#7907;c t&#432; v&#7845;n chuy&ecirc;n s&acirc;u v&agrave; nh&#7853;n nh&#7919;ng &#432;u &#273;&atilde;i h&#7845;p d&#7851;n nh&#7845;t th&ocirc;ng qua hotline0903 991 335 !<\/p><div style=\"background-color: #f8fafc; border: 1px solid #e2e8f0; border-radius: 8px; padding: 25px; max-width: 800px; margin: 30px auto; color: #334155; line-height: 1.8; font-size: 17px; box-shadow: 0 4px 6px -1px rgba(0,0,0,0.05); text-align: left; clear: both;\">\nC&ocirc;ng ty TNHH Th&#432;&#417;ng M&#7841;i D&#7883;ch V&#7909; Thi&#7871;t B&#7883; C&ocirc;ng Ngh&#7879; V&#7841;n N&#259;ng\n<p style=\"margin: 0 0 10px 0;\">&#128205; <strong style=\"color: #1e293b;\">&#272;&#7883;a ch&#7881;:<\/strong> <a style=\"color: #059669; text-decoration: none; font-weight: bold;\" href=\"https:\/\/www.google.com\/maps\/search\/C%C3%B4ng+ty+TNHH+Th%C6%B0%C6%A1ng+M%E1%BA%A1i+D%E1%BB%8Bch+V%E1%BB%A5+Thi%E1%BA%BFt+B%E1%BB%8B+C%C3%B4ng+Ngh%E1%BB%87+V%E1%BA%A1n+N%C4%83ng+818+Tr%C6%B0%E1%BB%9Dng+Chinh\" target=\"_blank\" rel=\"noopener\">818 Tr&#432;&#7901;ng Chinh, Ph&#432;&#7901;ng T&acirc;n S&#417;n, Th&agrave;nh ph&#7889; H&#7891; Ch&iacute; Minh, Vi&#7879;t Nam<\/a><\/p>\n<p style=\"margin: 0 0 10px 0;\">&#128222; <strong style=\"color: #1e293b;\">S&#272;T &ndash; Zalo:<\/strong> <a style=\"color: #059669; text-decoration: none; font-weight: bold;\" href=\"https:\/\/zalo.me\/0903991335\" target=\"_blank\" rel=\"noopener\">0903 991 335<\/a> <span style=\"color: #64748b; font-style: italic;\">(Ms. H&#7841;nh &ndash; Gi&aacute;m &#272;&#7889;c Kinh Doanh)<\/span><\/p>\n<p style=\"margin: 0;\">&#9993;&#65039; <strong style=\"color: #1e293b;\">Email:<\/strong> <a style=\"color: #059669; text-decoration: none; font-weight: bold;\" href=\"mailto:hienhanh@vannangvn.com\">hienhanh@vannangvn.com<\/a><\/p>\n<\/div><\/h1>","protected":false},"excerpt":{"rendered":"<p><strong>Th&#432;&#417;ng hi&#7879;u:<\/strong> Agilent Technologies<br>\n<strong>Model:<\/strong> 55B AA<p>Product <strong>THI&#7870;T B&#7882; QUANG PH&#7892; H&#7844;P TH&#7908; NGUY&Ecirc;N T&#7916; AGILENT MODEL 55B AA<\/strong> ch&iacute;nh h&atilde;ng. Agilent Technologies (M&#7929;)<br>\nAgilent 55B AA l&agrave; thi&#7871;t b&#7883; ph&acirc;n t&iacute;ch hi&#7879;u qu&#7843; cho ph&ograve;ng th&iacute; nghi&#7879;m. V&#7899;i h&#7879; th&#7889;ng quang h&#7885;c k&iacute;n, m&agrave;n h&igrave;nh LCD c&ocirc;ng nghi&#7879;p v&agrave; kh&#7843; n&#259;ng t&#7921; &#273;&#7897;ng c&#259;n ch&#7881;nh b&#432;&#7899;c s&oacute;ng, m&aacute;y &#273;&#7843;m b&#7843;o &#273;&#7897; b&#7873;n v&agrave; hi&#7879;u su&#7845;t &#7893;n &#273;&#7883;nh.<\/p><\/p>","protected":false},"featured_media":0,"comment_status":"open","ping_status":"closed","template":"","meta":[],"product_brand":[],"product_cat":[18],"product_tag":[870,1185,1805,2868,3539,116,120,162,704,768,769,867],"class_list":{"0":"post-8009","1":"product","2":"type-product","3":"status-publish","5":"product_cat-chua-phan-loai","6":"product_tag-agilent","7":"product_tag-pho","8":"product_tag-hap","9":"product_tag-aa","10":"product_tag-55b","11":"product_tag-model","12":"product_tag-thu","13":"product_tag-tu","14":"product_tag-quang","15":"product_tag-thiet","16":"product_tag-bi","17":"product_tag-nguyen","19":"first","20":"instock","21":"shipping-taxable","22":"product-type-simple"},"yoast_head":"<!-- This site is optimized with the Yoast SEO Premium plugin v24.8 (Yoast SEO v24.8) - https:\/\/yoast.com\/wordpress\/plugins\/seo\/ -->\n<title>THI\u1ebeT B\u1eca QUANG PH\u1ed4 H\u1ea4P TH\u1ee4 NGUY\u00caN T... ch\u00ednh h\u00e3ng | V\u1ea1n N\u0103ng<\/title>\n<meta name=\"description\" content=\"Mua ngay THI\u1ebeT B\u1eca QUANG PH\u1ed4 H\u1ea4P TH\u1ee4 NGUY\u00caN T\u1eec AGILENT MODEL 55B AA ch\u00ednh h\u00e3ng. Agilent 55B AA l\u00e0 thi\u1ebft b\u1ecb ph\u00e2n t\u00edch hi\u1ec7u qu\u1ea3 cho p... Gi\u00e1 t\u1ed1t!\" \/>\n<meta name=\"robots\" content=\"noindex, follow, max-snippet:-1, max-image-preview:large, max-video-preview:-1\" \/>\n<meta property=\"og:locale\" content=\"en_US\" \/>\n<meta property=\"og:type\" content=\"article\" \/>\n<meta property=\"og:title\" content=\"THI\u1ebeT B\u1eca QUANG PH\u1ed4 H\u1ea4P TH\u1ee4 NGUY\u00caN T\u1eec AGILENT MODEL 55B AA\" \/>\n<meta property=\"og:description\" content=\"Mua ngay THI\u1ebeT B\u1eca QUANG PH\u1ed4 H\u1ea4P TH\u1ee4 NGUY\u00caN T\u1eec AGILENT MODEL 55B AA ch\u00ednh h\u00e3ng. Agilent 55B AA l\u00e0 thi\u1ebft b\u1ecb ph\u00e2n t\u00edch hi\u1ec7u qu\u1ea3 cho p... Gi\u00e1 t\u1ed1t!\" \/>\n<meta property=\"og:url\" content=\"https:\/\/vannangvn.123websitedev.com\/en\/product\/thiet-bi-quang-pho-hap-thu-nguyen-tu-agilent-model-55b-aa\/\" \/>\n<meta property=\"og:site_name\" content=\"Vannang.vn\" \/>\n<meta property=\"article:modified_time\" content=\"2026-03-30T11:56:46+00:00\" \/>\n<meta name=\"twitter:card\" content=\"summary_large_image\" \/>\n<meta name=\"twitter:label1\" content=\"Est. reading time\" \/>\n\t<meta name=\"twitter:data1\" content=\"10 minutes\" \/>\n<script type=\"application\/ld+json\" class=\"yoast-schema-graph\">{\"@context\":\"https:\/\/schema.org\",\"@graph\":[{\"@type\":\"WebPage\",\"@id\":\"https:\/\/vannangvn.123websitedev.com\/san-pham\/thiet-bi-quang-pho-hap-thu-nguyen-tu-agilent-model-55b-aa\/\",\"url\":\"https:\/\/vannangvn.123websitedev.com\/san-pham\/thiet-bi-quang-pho-hap-thu-nguyen-tu-agilent-model-55b-aa\/\",\"name\":\"THI\u1ebeT B\u1eca QUANG PH\u1ed4 H\u1ea4P TH\u1ee4 NGUY\u00caN T... ch\u00ednh h\u00e3ng | V\u1ea1n N\u0103ng\",\"isPartOf\":{\"@id\":\"https:\/\/vannangvn.123websitedev.com\/#website\"},\"datePublished\":\"2026-03-20T12:14:23+00:00\",\"dateModified\":\"2026-03-30T11:56:46+00:00\",\"description\":\"Mua ngay THI\u1ebeT B\u1eca QUANG PH\u1ed4 H\u1ea4P TH\u1ee4 NGUY\u00caN T\u1eec AGILENT MODEL 55B AA ch\u00ednh h\u00e3ng. Agilent 55B AA l\u00e0 thi\u1ebft b\u1ecb ph\u00e2n t\u00edch hi\u1ec7u qu\u1ea3 cho p... Gi\u00e1 t\u1ed1t!\",\"breadcrumb\":{\"@id\":\"https:\/\/vannangvn.123websitedev.com\/san-pham\/thiet-bi-quang-pho-hap-thu-nguyen-tu-agilent-model-55b-aa\/#breadcrumb\"},\"inLanguage\":\"en-US\",\"potentialAction\":[{\"@type\":\"ReadAction\",\"target\":[\"https:\/\/vannangvn.123websitedev.com\/san-pham\/thiet-bi-quang-pho-hap-thu-nguyen-tu-agilent-model-55b-aa\/\"]}]},{\"@type\":\"BreadcrumbList\",\"@id\":\"https:\/\/vannangvn.123websitedev.com\/san-pham\/thiet-bi-quang-pho-hap-thu-nguyen-tu-agilent-model-55b-aa\/#breadcrumb\",\"itemListElement\":[{\"@type\":\"ListItem\",\"position\":1,\"name\":\"Trang ch\u1ee7\",\"item\":\"https:\/\/vannangvn.123websitedev.com\/\"},{\"@type\":\"ListItem\",\"position\":2,\"name\":\"S\u1ea3n ph\u1ea9m\",\"item\":\"https:\/\/vannangvn.123websitedev.com\/cua-hang\/\"},{\"@type\":\"ListItem\",\"position\":3,\"name\":\"THI\u1ebeT B\u1eca QUANG PH\u1ed4 H\u1ea4P TH\u1ee4 NGUY\u00caN T\u1eec AGILENT MODEL 55B AA\"}]},{\"@type\":\"WebSite\",\"@id\":\"https:\/\/vannangvn.123websitedev.com\/#website\",\"url\":\"https:\/\/vannangvn.123websitedev.com\/\",\"name\":\"Vannang.vn\",\"description\":\"\",\"publisher\":{\"@id\":\"https:\/\/vannangvn.123websitedev.com\/#organization\"},\"potentialAction\":[{\"@type\":\"SearchAction\",\"target\":{\"@type\":\"EntryPoint\",\"urlTemplate\":\"https:\/\/vannangvn.123websitedev.com\/?s={search_term_string}\"},\"query-input\":{\"@type\":\"PropertyValueSpecification\",\"valueRequired\":true,\"valueName\":\"search_term_string\"}}],\"inLanguage\":\"en-US\"},{\"@type\":\"Organization\",\"@id\":\"https:\/\/vannangvn.123websitedev.com\/#organization\",\"name\":\"Vannang.vn\",\"url\":\"https:\/\/vannangvn.123websitedev.com\/\",\"logo\":{\"@type\":\"ImageObject\",\"inLanguage\":\"en-US\",\"@id\":\"https:\/\/vannangvn.123websitedev.com\/#\/schema\/logo\/image\/\",\"url\":\"https:\/\/vannangvn.123websitedev.com\/wp-content\/uploads\/2026\/02\/logo-van-nang-02.png\",\"contentUrl\":\"https:\/\/vannangvn.123websitedev.com\/wp-content\/uploads\/2026\/02\/logo-van-nang-02.png\",\"width\":448,\"height\":111,\"caption\":\"Vannang.vn\"},\"image\":{\"@id\":\"https:\/\/vannangvn.123websitedev.com\/#\/schema\/logo\/image\/\"}}]}<\/script>\n<!-- \/ Yoast SEO Premium plugin. -->","yoast_head_json":{"title":"THI\u1ebeT B\u1eca QUANG PH\u1ed4 H\u1ea4P TH\u1ee4 NGUY\u00caN T... ch\u00ednh h\u00e3ng | V\u1ea1n N\u0103ng","description":"Mua ngay THI\u1ebeT B\u1eca QUANG PH\u1ed4 H\u1ea4P TH\u1ee4 NGUY\u00caN T\u1eec AGILENT MODEL 55B AA ch\u00ednh h\u00e3ng. Agilent 55B AA l\u00e0 thi\u1ebft b\u1ecb ph\u00e2n t\u00edch hi\u1ec7u qu\u1ea3 cho p... Gi\u00e1 t\u1ed1t!","robots":{"index":"noindex","follow":"follow","max-snippet":"max-snippet:-1","max-image-preview":"max-image-preview:large","max-video-preview":"max-video-preview:-1"},"og_locale":"en_US","og_type":"article","og_title":"THI\u1ebeT B\u1eca QUANG PH\u1ed4 H\u1ea4P TH\u1ee4 NGUY\u00caN T\u1eec AGILENT MODEL 55B AA","og_description":"Mua ngay THI\u1ebeT B\u1eca QUANG PH\u1ed4 H\u1ea4P TH\u1ee4 NGUY\u00caN T\u1eec AGILENT MODEL 55B AA ch\u00ednh h\u00e3ng. Agilent 55B AA l\u00e0 thi\u1ebft b\u1ecb ph\u00e2n t\u00edch hi\u1ec7u qu\u1ea3 cho p... Gi\u00e1 t\u1ed1t!","og_url":"https:\/\/vannangvn.123websitedev.com\/en\/product\/thiet-bi-quang-pho-hap-thu-nguyen-tu-agilent-model-55b-aa\/","og_site_name":"Vannang.vn","article_modified_time":"2026-03-30T11:56:46+00:00","twitter_card":"summary_large_image","twitter_misc":{"Est. reading time":"10 minutes"},"schema":{"@context":"https:\/\/schema.org","@graph":[{"@type":"WebPage","@id":"https:\/\/vannangvn.123websitedev.com\/san-pham\/thiet-bi-quang-pho-hap-thu-nguyen-tu-agilent-model-55b-aa\/","url":"https:\/\/vannangvn.123websitedev.com\/san-pham\/thiet-bi-quang-pho-hap-thu-nguyen-tu-agilent-model-55b-aa\/","name":"THI\u1ebeT B\u1eca QUANG PH\u1ed4 H\u1ea4P TH\u1ee4 NGUY\u00caN T... ch\u00ednh h\u00e3ng | V\u1ea1n N\u0103ng","isPartOf":{"@id":"https:\/\/vannangvn.123websitedev.com\/#website"},"datePublished":"2026-03-20T12:14:23+00:00","dateModified":"2026-03-30T11:56:46+00:00","description":"Mua ngay THI\u1ebeT B\u1eca QUANG PH\u1ed4 H\u1ea4P TH\u1ee4 NGUY\u00caN T\u1eec AGILENT MODEL 55B AA ch\u00ednh h\u00e3ng. Agilent 55B AA l\u00e0 thi\u1ebft b\u1ecb ph\u00e2n t\u00edch hi\u1ec7u qu\u1ea3 cho p... Gi\u00e1 t\u1ed1t!","breadcrumb":{"@id":"https:\/\/vannangvn.123websitedev.com\/san-pham\/thiet-bi-quang-pho-hap-thu-nguyen-tu-agilent-model-55b-aa\/#breadcrumb"},"inLanguage":"en-US","potentialAction":[{"@type":"ReadAction","target":["https:\/\/vannangvn.123websitedev.com\/san-pham\/thiet-bi-quang-pho-hap-thu-nguyen-tu-agilent-model-55b-aa\/"]}]},{"@type":"BreadcrumbList","@id":"https:\/\/vannangvn.123websitedev.com\/san-pham\/thiet-bi-quang-pho-hap-thu-nguyen-tu-agilent-model-55b-aa\/#breadcrumb","itemListElement":[{"@type":"ListItem","position":1,"name":"Trang ch\u1ee7","item":"https:\/\/vannangvn.123websitedev.com\/"},{"@type":"ListItem","position":2,"name":"S\u1ea3n ph\u1ea9m","item":"https:\/\/vannangvn.123websitedev.com\/cua-hang\/"},{"@type":"ListItem","position":3,"name":"THI\u1ebeT B\u1eca QUANG PH\u1ed4 H\u1ea4P TH\u1ee4 NGUY\u00caN T\u1eec AGILENT MODEL 55B AA"}]},{"@type":"WebSite","@id":"https:\/\/vannangvn.123websitedev.com\/#website","url":"https:\/\/vannangvn.123websitedev.com\/","name":"Vannang.vn","description":"","publisher":{"@id":"https:\/\/vannangvn.123websitedev.com\/#organization"},"potentialAction":[{"@type":"SearchAction","target":{"@type":"EntryPoint","urlTemplate":"https:\/\/vannangvn.123websitedev.com\/?s={search_term_string}"},"query-input":{"@type":"PropertyValueSpecification","valueRequired":true,"valueName":"search_term_string"}}],"inLanguage":"en-US"},{"@type":"Organization","@id":"https:\/\/vannangvn.123websitedev.com\/#organization","name":"Vannang.vn","url":"https:\/\/vannangvn.123websitedev.com\/","logo":{"@type":"ImageObject","inLanguage":"en-US","@id":"https:\/\/vannangvn.123websitedev.com\/#\/schema\/logo\/image\/","url":"https:\/\/vannangvn.123websitedev.com\/wp-content\/uploads\/2026\/02\/logo-van-nang-02.png","contentUrl":"https:\/\/vannangvn.123websitedev.com\/wp-content\/uploads\/2026\/02\/logo-van-nang-02.png","width":448,"height":111,"caption":"Vannang.vn"},"image":{"@id":"https:\/\/vannangvn.123websitedev.com\/#\/schema\/logo\/image\/"}}]}},"_links":{"self":[{"href":"https:\/\/vannangvn.123websitedev.com\/en\/wp-json\/wp\/v2\/product\/8009","targetHints":{"allow":["GET"]}}],"collection":[{"href":"https:\/\/vannangvn.123websitedev.com\/en\/wp-json\/wp\/v2\/product"}],"about":[{"href":"https:\/\/vannangvn.123websitedev.com\/en\/wp-json\/wp\/v2\/types\/product"}],"replies":[{"embeddable":true,"href":"https:\/\/vannangvn.123websitedev.com\/en\/wp-json\/wp\/v2\/comments?post=8009"}],"wp:attachment":[{"href":"https:\/\/vannangvn.123websitedev.com\/en\/wp-json\/wp\/v2\/media?parent=8009"}],"wp:term":[{"taxonomy":"product_brand","embeddable":true,"href":"https:\/\/vannangvn.123websitedev.com\/en\/wp-json\/wp\/v2\/product_brand?post=8009"},{"taxonomy":"product_cat","embeddable":true,"href":"https:\/\/vannangvn.123websitedev.com\/en\/wp-json\/wp\/v2\/product_cat?post=8009"},{"taxonomy":"product_tag","embeddable":true,"href":"https:\/\/vannangvn.123websitedev.com\/en\/wp-json\/wp\/v2\/product_tag?post=8009"}],"curies":[{"name":"wp","href":"https:\/\/api.w.org\/{rel}","templated":true}]}}