{"id":8011,"date":"2026-03-20T19:14:25","date_gmt":"2026-03-20T12:14:25","guid":{"rendered":"https:\/\/vannangvn.123websitedev.com\/san-pham\/thiet-bi-sac-ky-khoi-pho-di-dong-perkinelmer-model-torion-t-9-gc-ms\/"},"modified":"2026-03-30T18:56:48","modified_gmt":"2026-03-30T11:56:48","slug":"thiet-bi-sac-ky-khoi-pho-di-dong-perkinelmer-model-torion-t-9-gc-ms","status":"publish","type":"product","link":"https:\/\/vannangvn.123websitedev.com\/en\/product\/thiet-bi-sac-ky-khoi-pho-di-dong-perkinelmer-model-torion-t-9-gc-ms\/","title":{"rendered":"THI\u1ebeT B\u1eca S\u1eaeC K\u00dd\/ KH\u1ed0I PH\u1ed4 DI \u0110\u1ed8NG PERKINELMER MODEL TORION T-9 GC\/MS\u00a0"},"content":{"rendered":"<h1 style=\"color: red; font-weight: bold; font-size: 24px;\">T&#7893;ng quan s&#7843;n ph&#7849;m THI&#7870;T B&#7882; S&#7854;C K&Yacute;\/ KH&#7888;I PH&#7892; DI &#272;&#7896;NG PERKINELMER MODEL TORION T-9 GC\/MS<p>Thi&#7871;t B&#7883; S&#7855;c K&yacute;\/ Kh&#7889;i Ph&#7893; Di &#272;&#7897;ng PerkinElmer Model Torion T-9 GC\/MS<br>\nThi&#7871;t b&#7883; S&#7855;c k&yacute;\/Kh&#7889;i ph&#7893; di &#273;&#7897;ng PerkinElmer&rsquo;s Torion&reg; T-9 GC\/MS mang &#273;&#7871;n m&#7897;t b&#432;&#7899;c &#273;&#7897;t ph&aacute; trong c&ocirc;ng ngh&#7879; ph&acirc;n t&iacute;ch hi&#7879;n tr&#432;&#7901;ng, cung c&#7845;p cho ng&#432;&#7901;i d&ugrave;ng tr&#7843;i nghi&#7879;m ho&agrave;n to&agrave;n m&#7899;i v&#7873; t&iacute;nh di &#273;&#7897;ng v&agrave; hi&#7879;u su&#7845;t v&#432;&#7907;t tr&#7897;i. V&#7899;i tr&#7885;ng l&#432;&#7907;ng t&#7893;ng ch&#7881; 14,5 kg (32 pounds), Torion T-9 GC\/MS t&iacute;ch h&#7907;p c&ocirc;ng ngh&#7879; kh&#7889;i nhi&#7879;t th&#7845;p t&#7889;c &#273;&#7897; cao (LTM) v&agrave; kh&#7889;i quang ph&#7893; b&#7851;y ion h&igrave;nh xuy&#7871;n thu nh&#7887;, t&#7841;o ra m&#7897;t h&#7879; th&#7889;ng GC\/MS nh&#7887; g&#7885;n, &#273;&aacute;ng tin c&#7853;y v&agrave; d&#7877; s&#7917; d&#7909;ng. H&atilde;y c&ugrave;ng Thi&#7871;t B&#7883; C&ocirc;ng Ngh&#7879; V&#7841;n N&#259;ng Company t&igrave;m hi&#7875;u chi ti&#7871;t h&#417;n v&#7873; s&#7843;n ph&#7849;m th&ocirc;ng qua b&agrave;i vi&#7871;t d&#432;&#7899;i &#273;&acirc;y nh&eacute;!<\/p><h2 style=\"color: #2e7d32; font-weight: bold; font-size: 20px;\">T&iacute;nh N&#259;ng N&#7893;i B&#7853;t<\/h2><p>Torion T-9 GC\/MS s&#7903; h&#7919;u nhi&#7873;u t&iacute;nh n&#259;ng v&#432;&#7907;t tr&#7897;i, &#273;&aacute;p &#7913;ng nhu c&#7847;u ph&acirc;n t&iacute;ch hi&#7879;n tr&#432;&#7901;ng m&#7897;t c&aacute;ch hi&#7879;u qu&#7843; v&agrave; &#273;&aacute;ng tin c&#7853;y:<br>\nThi&#7871;t K&#7871; Th&ocirc;ng Minh<br>\nV&#7899;i tr&#7885;ng l&#432;&#7907;ng ch&#7881; 14,5 kg, thi&#7871;t b&#7883; d&#7877; d&agrave;ng mang theo &#273;&#7871;n b&#7845;t k&#7923; hi&#7879;n tr&#432;&#7901;ng n&agrave;o. Thi&#7871;t b&#7883; c&oacute; th&#7875; v&#7853;n h&agrave;nh b&#7857;ng pin l&ecirc;n t&#7899;i 2,5 gi&#7901;, &#273;i k&egrave;m b&igrave;nh kh&iacute; Heli &#273;&#7911; cho 150 m&#7851;u, gi&uacute;p b&#7841;n linh ho&#7841;t trong c&ocirc;ng vi&#7879;c ph&acirc;n t&iacute;ch.<br>\nT&#7889;c &#272;&#7897; Ph&acirc;n T&iacute;ch Nhanh Ch&oacute;ng<br>\nH&#7879; th&#7889;ng s&#7861;n s&agrave;ng cho ph&acirc;n t&iacute;ch m&#7851;u ch&#7881; sau 5 ph&uacute;t t&#7915; khi kh&#7903;i &#273;&#7897;ng. V&#7899;i t&#7889;c &#273;&#7897; gia nhi&#7879;t ~2 &deg;C\/gi&acirc;y v&agrave; chu k&#7923; ph&acirc;n t&iacute;ch th&ocirc;ng th&#432;&#7901;ng kho&#7843;ng 5 ph&uacute;t, Torion Portable T-9 GC\/MS c&oacute; th&#7875; ho&agrave;n th&agrave;nh t&#7899;i 12 m&#7851;u m&#7895;i gi&#7901;, &#273;&aacute;p &#7913;ng nhu c&#7847;u ph&acirc;n t&iacute;ch t&#7889;c &#273;&#7897; cao.<br>\nGiao Di&#7879;n Th&acirc;n Thi&#7879;n Ng&#432;&#7901;i D&ugrave;ng<br>\nGiao di&#7879;n m&agrave;n h&igrave;nh c&#7843;m &#7913;ng m&agrave;u d&#7877; s&#7917; d&#7909;ng, gi&uacute;p &#273;&#417;n gi&#7843;n h&oacute;a quy tr&igrave;nh ph&acirc;n t&iacute;ch t&#7915; vi&#7879;c chu&#7849;n b&#7883; m&#7851;u &#273;&#7871;n hi&#7875;n th&#7883; k&#7871;t qu&#7843; cu&#7889;i c&ugrave;ng. Th&#432; vi&#7879;n t&iacute;ch h&#7907;p t&#7921; &#273;&#7897;ng h&oacute;a vi&#7879;c gi&#7843;i m&atilde; v&agrave; nh&#7853;n d&#7841;ng kh&#7899;p ch&#7845;t m&#7909;c ti&ecirc;u, gi&uacute;p vi&#7879;c gi&#7843;i tr&igrave;nh d&#7919; li&#7879;u tr&#7903; n&ecirc;n nhanh ch&oacute;ng v&agrave; d&#7877; d&agrave;ng.<br>\nHi&#7879;u Su&#7845;t &#272;&aacute;ng Tin C&#7853;y<br>\nThi&#7871;t k&#7871; ch&#7855;c ch&#7855;n c&#7911;a Model Torion T-9 GC\/MS cho ph&eacute;p thi&#7871;t b&#7883; ho&#7841;t &#273;&#7897;ng trong c&aacute;c &#273;i&#7873;u ki&#7879;n m&ocirc;i tr&#432;&#7901;ng kh&#7855;c nghi&#7879;t. Quy tr&igrave;nh x&aacute;c nh&#7853;n hi&#7879;u su&#7845;t t&#7921; &#273;&#7897;ng s&#7869; hi&#7879;u ch&#7881;nh thi&#7871;t b&#7883; &#273;&#7875; &#273;&#7843;m b&#7843;o hi&#7879;u su&#7845;t &#7893;n &#273;&#7883;nh v&agrave; l&#7863;p l&#7841;i qua m&#7895;i l&#7847;n s&#7917; d&#7909;ng.<\/p><h2 style=\"color: #2e7d32; font-weight: bold; font-size: 20px;\">&#431;u &#272;i&#7875;m N&#7893;i B&#7853;t C&#7911;a Torion T-9 GC\/MS<\/h2><p>T&iacute;nh Linh Ho&#7841;t<br>\nV&#7899;i tr&#7885;ng l&#432;&#7907;ng nh&#7865; v&agrave; thi&#7871;t k&#7871; nh&#7887; g&#7885;n, M&aacute;y Torion T-9 GC\/MS d&#7877; d&agrave;ng mang theo &#273;&#7871;n b&#7845;t k&#7923; hi&#7879;n tr&#432;&#7901;ng n&agrave;o, cung c&#7845;p kh&#7843; n&#259;ng ph&acirc;n t&iacute;ch nhanh ch&oacute;ng v&agrave; ch&iacute;nh x&aacute;c ngay t&#7841;i ch&#7895;. Kh&#7843; n&#259;ng v&#7853;n h&agrave;nh b&#7857;ng pin l&ecirc;n t&#7899;i 2,5 gi&#7901; v&agrave; b&igrave;nh kh&iacute; Heli &#273;&#7911; cho 150 m&#7851;u l&agrave;m t&#259;ng t&iacute;nh linh ho&#7841;t c&#7911;a thi&#7871;t b&#7883;.<br>\nT&#7889;c &#272;&#7897; Ph&acirc;n T&iacute;ch V&#432;&#7907;t Tr&#7897;i<br>\nCh&#7881; trong v&ograve;ng 5 ph&uacute;t t&iacute;nh t&#7915; khi kh&#7903;i &#273;&#7897;ng, h&#7879; th&#7889;ng &#273;&atilde; s&#7861;n s&agrave;ng cho ph&acirc;n t&iacute;ch. Chu k&#7923; ph&acirc;n t&iacute;ch nhanh ch&oacute;ng, ch&#7881; m&#7845;t kho&#7843;ng 5 ph&uacute;t, cho ph&eacute;p ho&agrave;n th&agrave;nh t&#7899;i 12 m&#7851;u m&#7895;i gi&#7901;, &#273;&aacute;p &#7913;ng nhu c&#7847;u ph&acirc;n t&iacute;ch t&#7889;c &#273;&#7897; cao trong c&aacute;c t&igrave;nh hu&#7889;ng kh&#7849;n c&#7845;p ho&#7863;c y&ecirc;u c&#7847;u x&#7917; l&yacute; nhanh.<br>\nGiao Di&#7879;n Th&acirc;n Thi&#7879;n Ng&#432;&#7901;i D&ugrave;ng<br>\nPh&#7847;n m&#7873;m hi&#7879;n &#273;&#7841;i &#273;&#432;&#7907;c thi&#7871;t k&#7871; &#273;&#7897;c quy&#7873;n b&#7903;i PerkinElmer c&ugrave;ng v&#7899;i m&agrave;n h&igrave;nh c&#7843;m &#7913;ng m&agrave;u v&agrave; giao di&#7879;n h&#432;&#7899;ng ng&#432;&#7901;i d&ugrave;ng gi&uacute;p &#273;&#417;n gi&#7843;n h&oacute;a quy tr&igrave;nh ph&acirc;n t&iacute;ch c&#361;ng nh&#432; v&#7853;n h&agrave;nh m&aacute;y, t&#7915; vi&#7879;c chu&#7849;n b&#7883; m&#7851;u &#273;&#7871;n hi&#7875;n th&#7883; k&#7871;t qu&#7843; cu&#7889;i c&ugrave;ng. Th&#432; vi&#7879;n t&iacute;ch h&#7907;p t&#7921; &#273;&#7897;ng h&oacute;a vi&#7879;c gi&#7843;i m&atilde; v&agrave; nh&#7853;n d&#7841;ng kh&#7899;p ch&#7845;t m&#7909;c ti&ecirc;u, gi&uacute;p ng&#432;&#7901;i d&ugrave;ng ti&#7871;t ki&#7879;m th&#7901;i gian v&agrave; gi&#7843;m thi&#7875;u sai s&oacute;t.<br>\nHi&#7879;u Su&#7845;t &#272;&aacute;ng Tin C&#7853;y<br>\nThi&#7871;t b&#7883; &#273;&#432;&#7907;c thi&#7871;t k&#7871; &#273;&#7875; ch&#7883;u &#273;&#432;&#7907;c c&aacute;c &#273;i&#7873;u ki&#7879;n m&ocirc;i tr&#432;&#7901;ng kh&#7855;c nghi&#7879;t, &#273;&#7843;m b&#7843;o hi&#7879;u su&#7845;t &#7893;n &#273;&#7883;nh v&agrave; &#273;&aacute;ng tin c&#7853;y qua m&#7895;i l&#7847;n s&#7917; d&#7909;ng. Quy tr&igrave;nh x&aacute;c nh&#7853;n hi&#7879;u su&#7845;t t&#7921; &#273;&#7897;ng s&#7869; hi&#7879;u ch&#7881;nh thi&#7871;t b&#7883; &#273;&#7875; &#273;&#7843;m b&#7843;o hi&#7879;u su&#7845;t &#273;&aacute;ng tin c&#7853;y v&agrave; l&#7863;p l&#7841;i, gi&uacute;p ng&#432;&#7901;i d&ugrave;ng y&ecirc;n t&acirc;m trong qu&aacute; tr&igrave;nh ph&acirc;n t&iacute;ch.<\/p><p>&#7912;ng D&#7909;ng &#272;a D&#7841;ng<br>\nThi&#7871;t b&#7883; Torion T-9 GC\/MS &#273;&#432;&#7907;c thi&#7871;t k&#7871; &#273;&#7875; mang t&#7899;i hi&#7879;n tr&#432;&#7901;ng, l&yacute; t&#432;&#7903;ng cho vi&#7879;c truy v&#7871;t nhanh c&aacute;c lo&#7841;i h&oacute;a ch&#7845;t nh&#432; h&oacute;a ch&#7845;t bay h&#417;i v&agrave; b&aacute;n bay h&#417;i m&ocirc;i tr&#432;&#7901;ng (VOCs\/SVOCs), ch&#7845;t n&#7893;, c&aacute;c m&#7889;i &#273;e d&#7885;a h&oacute;a h&#7885;c v&agrave; c&aacute;c ch&#7845;t &#273;&#7897;c h&#7841;i. Thi&#7871;t b&#7883; n&agrave;y ph&ugrave; h&#7907;p cho nhi&#7873;u l&#297;nh v&#7921;c &#7913;ng d&#7909;ng nh&#432;:<\/p><p>M&ocirc;i tr&#432;&#7901;ng: Gi&uacute;p ph&acirc;n t&iacute;ch m&#7851;u &#273;&#7845;t, n&#432;&#7899;c v&agrave; kh&ocirc;ng kh&iacute; &#273;&#7875; ph&aacute;t hi&#7879;n c&aacute;c ch&#7845;t g&acirc;y &ocirc; nhi&#7877;m m&#7897;t c&aacute;ch nhanh ch&oacute;ng v&agrave; ch&iacute;nh x&aacute;c.<br>\nPh&aacute;p y\/ch&#7845;t g&acirc;y nghi&#7879;n: H&#7895; tr&#7907; nh&#7853;n di&#7879;n c&aacute;c h&#7907;p ch&#7845;t h&oacute;a h&#7885;c li&ecirc;n quan &#273;&#7871;n &#273;i&#7873;u tra t&#7897;i ph&#7841;m v&agrave; c&aacute;c ch&#7845;t g&acirc;y nghi&#7879;n.<br>\nH&oacute;a h&#7885;c\/d&#7847;u kh&iacute;: Ph&acirc;n t&iacute;ch c&aacute;c m&#7851;u t&#7915; d&#7847;u m&#7887; v&agrave; c&aacute;c s&#7843;n ph&#7849;m h&oacute;a d&#7847;u, gi&uacute;p ki&#7875;m tra ch&#7845;t l&#432;&#7907;ng v&agrave; ph&aacute;t hi&#7879;n c&aacute;c t&#7841;p ch&#7845;t.<br>\nQu&#7889;c ph&ograve;ng: Ph&aacute;t hi&#7879;n c&aacute;c m&#7889;i &#273;e d&#7885;a t&#7915; ch&#7845;t h&oacute;a h&#7885;c trong c&aacute;c ho&#7841;t &#273;&#7897;ng qu&acirc;n s&#7921;, b&#7843;o &#273;&#7843;m an to&agrave;n cho l&#7921;c l&#432;&#7907;ng v&#361; trang.<br>\nV&#7853;t li&#7879;u nguy h&#7841;i: Qu&#7843;n l&yacute; v&agrave; x&#7917; l&yacute; c&aacute;c ch&#7845;t nguy hi&#7875;m, b&#7843;o &#273;&#7843;m an to&agrave;n cho m&ocirc;i tr&#432;&#7901;ng v&agrave; con ng&#432;&#7901;i.<br>\nPh&#7843;n h&#7891;i ban &#273;&#7847;u: H&#7895; tr&#7907; l&#7921;c l&#432;&#7907;ng ph&#7843;n &#7913;ng nhanh trong c&aacute;c t&igrave;nh hu&#7889;ng kh&#7849;n c&#7845;p, gi&uacute;p x&aacute;c &#273;&#7883;nh v&agrave; x&#7917; l&yacute; c&aacute;c m&#7889;i nguy h&oacute;a h&#7885;c m&#7897;t c&aacute;ch hi&#7879;u qu&#7843;.<br>\nC&ocirc;ng nghi&#7879;p: Ki&#7875;m tra an to&agrave;n th&#7921;c ph&#7849;m v&agrave; c&aacute;c &#7913;ng d&#7909;ng c&ocirc;ng nghi&#7879;p kh&aacute;c, &#273;&#7843;m b&#7843;o s&#7843;n ph&#7849;m &#273;&#7841;t ch&#7845;t l&#432;&#7907;ng ti&ecirc;u chu&#7849;n.<\/p><p>T&#7893;ng K&#7871;t<br>\nThi&#7871;t b&#7883; S&#7855;c k&yacute;\/Kh&#7889;i ph&#7893; di &#273;&#7897;ng Torion T-9 GC\/MS l&agrave; gi&#7843;i ph&aacute;p ho&agrave;n h&#7843;o cho nhu c&#7847;u ph&acirc;n t&iacute;ch hi&#7879;n tr&#432;&#7901;ng. V&#7899;i s&#7921; k&#7871;t h&#7907;p gi&#7919;a t&iacute;nh di &#273;&#7897;ng, t&#7889;c &#273;&#7897;, &#273;&#7897; ch&iacute;nh x&aacute;c v&agrave; &#273;&#7897; tin c&#7853;y, T9 Torion GC\/MS gi&uacute;p c&aacute;c nh&agrave; nghi&ecirc;n c&#7913;u v&agrave; chuy&ecirc;n gia c&oacute; th&#7875; ti&#7871;n h&agrave;nh c&aacute;c ph&acirc;n t&iacute;ch h&oacute;a h&#7885;c m&#7897;t c&aacute;ch nhanh ch&oacute;ng v&agrave; hi&#7879;u qu&#7843;. H&atilde;y li&ecirc;n h&#7879; v&#7899;i Thi&#7871;t B&#7883; C&ocirc;ng Ngh&#7879; V&#7841;n N&#259;ng ngay &#273;&#7875; &#273;&#432;&#7907;c t&#432; v&#7845;n chuy&ecirc;n s&acirc;u v&agrave; nh&#7853;n nh&#7919;ng &#432;u &#273;&atilde;i h&#7845;p d&#7851;n nh&#7845;t th&ocirc;ng qua hotline0903 991 335!<\/p><div style=\"background-color: #f8fafc; border: 1px solid #e2e8f0; border-radius: 8px; padding: 25px; max-width: 800px; margin: 30px auto; color: #334155; line-height: 1.8; font-size: 17px; box-shadow: 0 4px 6px -1px rgba(0,0,0,0.05); text-align: left; clear: both;\">\nC&ocirc;ng ty TNHH Th&#432;&#417;ng M&#7841;i D&#7883;ch V&#7909; Thi&#7871;t B&#7883; C&ocirc;ng Ngh&#7879; V&#7841;n N&#259;ng\n<p style=\"margin: 0 0 10px 0;\">&#128205; <strong style=\"color: #1e293b;\">&#272;&#7883;a ch&#7881;:<\/strong> <a style=\"color: #059669; text-decoration: none; font-weight: bold;\" href=\"https:\/\/www.google.com\/maps\/search\/C%C3%B4ng+ty+TNHH+Th%C6%B0%C6%A1ng+M%E1%BA%A1i+D%E1%BB%8Bch+V%E1%BB%A5+Thi%E1%BA%BFt+B%E1%BB%8B+C%C3%B4ng+Ngh%E1%BB%87+V%E1%BA%A1n+N%C4%83ng+818+Tr%C6%B0%E1%BB%9Dng+Chinh\" target=\"_blank\" rel=\"noopener\">818 Tr&#432;&#7901;ng Chinh, Ph&#432;&#7901;ng T&acirc;n S&#417;n, Th&agrave;nh ph&#7889; H&#7891; Ch&iacute; Minh, Vi&#7879;t Nam<\/a><\/p>\n<p style=\"margin: 0 0 10px 0;\">&#128222; <strong style=\"color: #1e293b;\">S&#272;T &ndash; Zalo:<\/strong> <a style=\"color: #059669; text-decoration: none; font-weight: bold;\" href=\"https:\/\/zalo.me\/0903991335\" target=\"_blank\" rel=\"noopener\">0903 991 335<\/a> <span style=\"color: #64748b; font-style: italic;\">(Ms. H&#7841;nh &ndash; Gi&aacute;m &#272;&#7889;c Kinh Doanh)<\/span><\/p>\n<p style=\"margin: 0;\">&#9993;&#65039; <strong style=\"color: #1e293b;\">Email:<\/strong> <a style=\"color: #059669; text-decoration: none; font-weight: bold;\" href=\"mailto:hienhanh@vannangvn.com\">hienhanh@vannangvn.com<\/a><\/p>\n<\/div><\/h1>","protected":false},"excerpt":{"rendered":"<p><strong>Th&#432;&#417;ng hi&#7879;u:<\/strong> Thi&#7871;t B&#7883; S&#7855;c K&yacute; &nbsp;PerkinElmer Model Torion T-9 GC\/MS l&agrave; thi&#7871;t b&#7883;&nbsp;l&yacute; t&#432;&#7903;ng &#273;&#7875; s&agrave;ng l&#7885;c nhanh c&aacute;c h&oacute;a ch&#7845;t, bao g&#7891;m c&aacute;c h&#7907;p ch&#7845;t d&#7877; bay h&#417;i v&agrave; b&aacute;n d&#7877; bay h&#417;i trong m&ocirc;i tr&#432;&#7901;ng , ch&#7845;t n&#7893;, ch&#7845;t &#273;&#7897;c h&oacute;a h&#7885;c, ch&#7845;t nguy h&#7841;i v&agrave; &#273;&#7875; s&#7917; d&#7909;ng trong an to&agrave;n th&#7921;c ph&#7849;m v&agrave; &#7913;ng d&#7909;ng c&ocirc;ng nghi&#7879;p.<br>\n<strong>Model:<\/strong> Torion T-9 GC\/MS<p>Product <strong>THI&#7870;T B&#7882; S&#7854;C K&Yacute;\/ KH&#7888;I PH&#7892; DI &#272;&#7896;NG PERKINELMER MODEL TORION T-9 GC\/MS<\/strong> ch&iacute;nh h&atilde;ng. Thi&#7871;t B&#7883; S&#7855;c K&yacute; &nbsp;PerkinElmer Model Torion T-9 GC\/MS l&agrave; thi&#7871;t b&#7883;&nbsp;l&yacute; t&#432;&#7903;ng &#273;&#7875; s&agrave;ng l&#7885;c nhanh c&aacute;c h&oacute;a ch&#7845;t, bao g&#7891;m c&aacute;c h&#7907;p ch&#7845;t d&#7877; bay h&#417;i v&agrave; b&aacute;n d&#7877; bay h&#417;i trong m&ocirc;i tr&#432;&#7901;ng (VOCs\/SVOCs), ch&#7845;t n&#7893;, ch&#7845;t &#273;&#7897;c h&oacute;a h&#7885;c, ch&#7845;t nguy h&#7841;i v&agrave; &#273;&#7875; s&#7917; d&#7909;ng trong an to&agrave;n th&#7921;c ph&#7849;m v&agrave; &#7913;ng d&#7909;ng c&ocirc;ng nghi&#7879;p.<\/p><\/p>","protected":false},"featured_media":0,"comment_status":"open","ping_status":"closed","template":"","meta":[],"product_brand":[],"product_cat":[18],"product_tag":[3542,3543,3544,116,163,604,668,768,769,931,1185,1193,3541],"class_list":{"0":"post-8011","1":"product","2":"type-product","3":"status-publish","5":"product_cat-chua-phan-loai","6":"product_tag-torion","7":"product_tag-t-9","8":"product_tag-gc-ms","9":"product_tag-model","10":"product_tag-dong","11":"product_tag-sac","12":"product_tag-di","13":"product_tag-thiet","14":"product_tag-bi","15":"product_tag-khoi","16":"product_tag-pho","17":"product_tag-perkinelmer","18":"product_tag-ky-2","20":"first","21":"instock","22":"shipping-taxable","23":"product-type-simple"},"yoast_head":"<!-- This site is optimized with the Yoast SEO Premium plugin v24.8 (Yoast SEO v24.8) - https:\/\/yoast.com\/wordpress\/plugins\/seo\/ -->\n<title>THI\u1ebeT B\u1eca S\u1eaeC K\u00dd\/ KH\u1ed0I PH\u1ed4 DI \u0110\u1ed8NG P... ch\u00ednh h\u00e3ng | V\u1ea1n N\u0103ng<\/title>\n<meta name=\"description\" content=\"Mua ngay THI\u1ebeT B\u1eca S\u1eaeC K\u00dd\/ KH\u1ed0I PH\u1ed4 DI \u0110\u1ed8NG PERKINELMER MODEL TORION T-9 GC\/MS ch\u00ednh h\u00e3ng. Gi\u00e1 t\u1ed1t!\" \/>\n<meta name=\"robots\" content=\"noindex, follow, max-snippet:-1, max-image-preview:large, max-video-preview:-1\" \/>\n<meta property=\"og:locale\" content=\"en_US\" \/>\n<meta property=\"og:type\" content=\"article\" \/>\n<meta property=\"og:title\" content=\"THI\u1ebeT B\u1eca S\u1eaeC K\u00dd\/ KH\u1ed0I PH\u1ed4 DI \u0110\u1ed8NG PERKINELMER MODEL TORION T-9 GC\/MS\u00a0\" \/>\n<meta property=\"og:description\" content=\"Mua ngay THI\u1ebeT B\u1eca S\u1eaeC K\u00dd\/ KH\u1ed0I PH\u1ed4 DI \u0110\u1ed8NG PERKINELMER MODEL TORION T-9 GC\/MS ch\u00ednh h\u00e3ng. Gi\u00e1 t\u1ed1t!\" \/>\n<meta property=\"og:url\" content=\"https:\/\/vannangvn.123websitedev.com\/en\/product\/thiet-bi-sac-ky-khoi-pho-di-dong-perkinelmer-model-torion-t-9-gc-ms\/\" \/>\n<meta property=\"og:site_name\" content=\"Vannang.vn\" \/>\n<meta property=\"article:modified_time\" content=\"2026-03-30T11:56:48+00:00\" \/>\n<meta name=\"twitter:card\" content=\"summary_large_image\" \/>\n<meta name=\"twitter:label1\" content=\"Est. reading time\" \/>\n\t<meta name=\"twitter:data1\" content=\"9 minutes\" \/>\n<script type=\"application\/ld+json\" class=\"yoast-schema-graph\">{\"@context\":\"https:\/\/schema.org\",\"@graph\":[{\"@type\":\"WebPage\",\"@id\":\"https:\/\/vannangvn.123websitedev.com\/san-pham\/thiet-bi-sac-ky-khoi-pho-di-dong-perkinelmer-model-torion-t-9-gc-ms\/\",\"url\":\"https:\/\/vannangvn.123websitedev.com\/san-pham\/thiet-bi-sac-ky-khoi-pho-di-dong-perkinelmer-model-torion-t-9-gc-ms\/\",\"name\":\"THI\u1ebeT B\u1eca S\u1eaeC K\u00dd\/ KH\u1ed0I PH\u1ed4 DI \u0110\u1ed8NG P... ch\u00ednh h\u00e3ng | V\u1ea1n N\u0103ng\",\"isPartOf\":{\"@id\":\"https:\/\/vannangvn.123websitedev.com\/#website\"},\"datePublished\":\"2026-03-20T12:14:25+00:00\",\"dateModified\":\"2026-03-30T11:56:48+00:00\",\"description\":\"Mua ngay THI\u1ebeT B\u1eca S\u1eaeC K\u00dd\/ KH\u1ed0I PH\u1ed4 DI \u0110\u1ed8NG PERKINELMER MODEL TORION T-9 GC\/MS ch\u00ednh h\u00e3ng. Gi\u00e1 t\u1ed1t!\",\"breadcrumb\":{\"@id\":\"https:\/\/vannangvn.123websitedev.com\/san-pham\/thiet-bi-sac-ky-khoi-pho-di-dong-perkinelmer-model-torion-t-9-gc-ms\/#breadcrumb\"},\"inLanguage\":\"en-US\",\"potentialAction\":[{\"@type\":\"ReadAction\",\"target\":[\"https:\/\/vannangvn.123websitedev.com\/san-pham\/thiet-bi-sac-ky-khoi-pho-di-dong-perkinelmer-model-torion-t-9-gc-ms\/\"]}]},{\"@type\":\"BreadcrumbList\",\"@id\":\"https:\/\/vannangvn.123websitedev.com\/san-pham\/thiet-bi-sac-ky-khoi-pho-di-dong-perkinelmer-model-torion-t-9-gc-ms\/#breadcrumb\",\"itemListElement\":[{\"@type\":\"ListItem\",\"position\":1,\"name\":\"Trang ch\u1ee7\",\"item\":\"https:\/\/vannangvn.123websitedev.com\/\"},{\"@type\":\"ListItem\",\"position\":2,\"name\":\"S\u1ea3n ph\u1ea9m\",\"item\":\"https:\/\/vannangvn.123websitedev.com\/cua-hang\/\"},{\"@type\":\"ListItem\",\"position\":3,\"name\":\"THI\u1ebeT B\u1eca S\u1eaeC K\u00dd\/ KH\u1ed0I PH\u1ed4 DI \u0110\u1ed8NG PERKINELMER MODEL TORION T-9 GC\/MS\u00a0\"}]},{\"@type\":\"WebSite\",\"@id\":\"https:\/\/vannangvn.123websitedev.com\/#website\",\"url\":\"https:\/\/vannangvn.123websitedev.com\/\",\"name\":\"Vannang.vn\",\"description\":\"\",\"publisher\":{\"@id\":\"https:\/\/vannangvn.123websitedev.com\/#organization\"},\"potentialAction\":[{\"@type\":\"SearchAction\",\"target\":{\"@type\":\"EntryPoint\",\"urlTemplate\":\"https:\/\/vannangvn.123websitedev.com\/?s={search_term_string}\"},\"query-input\":{\"@type\":\"PropertyValueSpecification\",\"valueRequired\":true,\"valueName\":\"search_term_string\"}}],\"inLanguage\":\"en-US\"},{\"@type\":\"Organization\",\"@id\":\"https:\/\/vannangvn.123websitedev.com\/#organization\",\"name\":\"Vannang.vn\",\"url\":\"https:\/\/vannangvn.123websitedev.com\/\",\"logo\":{\"@type\":\"ImageObject\",\"inLanguage\":\"en-US\",\"@id\":\"https:\/\/vannangvn.123websitedev.com\/#\/schema\/logo\/image\/\",\"url\":\"https:\/\/vannangvn.123websitedev.com\/wp-content\/uploads\/2026\/02\/logo-van-nang-02.png\",\"contentUrl\":\"https:\/\/vannangvn.123websitedev.com\/wp-content\/uploads\/2026\/02\/logo-van-nang-02.png\",\"width\":448,\"height\":111,\"caption\":\"Vannang.vn\"},\"image\":{\"@id\":\"https:\/\/vannangvn.123websitedev.com\/#\/schema\/logo\/image\/\"}}]}<\/script>\n<!-- \/ Yoast SEO Premium plugin. -->","yoast_head_json":{"title":"THI\u1ebeT B\u1eca S\u1eaeC K\u00dd\/ KH\u1ed0I PH\u1ed4 DI \u0110\u1ed8NG P... ch\u00ednh h\u00e3ng | V\u1ea1n N\u0103ng","description":"Mua ngay THI\u1ebeT B\u1eca S\u1eaeC K\u00dd\/ KH\u1ed0I PH\u1ed4 DI \u0110\u1ed8NG PERKINELMER MODEL TORION T-9 GC\/MS ch\u00ednh h\u00e3ng. Gi\u00e1 t\u1ed1t!","robots":{"index":"noindex","follow":"follow","max-snippet":"max-snippet:-1","max-image-preview":"max-image-preview:large","max-video-preview":"max-video-preview:-1"},"og_locale":"en_US","og_type":"article","og_title":"THI\u1ebeT B\u1eca S\u1eaeC K\u00dd\/ KH\u1ed0I PH\u1ed4 DI \u0110\u1ed8NG PERKINELMER MODEL TORION T-9 GC\/MS\u00a0","og_description":"Mua ngay THI\u1ebeT B\u1eca S\u1eaeC K\u00dd\/ KH\u1ed0I PH\u1ed4 DI \u0110\u1ed8NG PERKINELMER MODEL TORION T-9 GC\/MS ch\u00ednh h\u00e3ng. Gi\u00e1 t\u1ed1t!","og_url":"https:\/\/vannangvn.123websitedev.com\/en\/product\/thiet-bi-sac-ky-khoi-pho-di-dong-perkinelmer-model-torion-t-9-gc-ms\/","og_site_name":"Vannang.vn","article_modified_time":"2026-03-30T11:56:48+00:00","twitter_card":"summary_large_image","twitter_misc":{"Est. reading time":"9 minutes"},"schema":{"@context":"https:\/\/schema.org","@graph":[{"@type":"WebPage","@id":"https:\/\/vannangvn.123websitedev.com\/san-pham\/thiet-bi-sac-ky-khoi-pho-di-dong-perkinelmer-model-torion-t-9-gc-ms\/","url":"https:\/\/vannangvn.123websitedev.com\/san-pham\/thiet-bi-sac-ky-khoi-pho-di-dong-perkinelmer-model-torion-t-9-gc-ms\/","name":"THI\u1ebeT B\u1eca S\u1eaeC K\u00dd\/ KH\u1ed0I PH\u1ed4 DI \u0110\u1ed8NG P... ch\u00ednh h\u00e3ng | V\u1ea1n N\u0103ng","isPartOf":{"@id":"https:\/\/vannangvn.123websitedev.com\/#website"},"datePublished":"2026-03-20T12:14:25+00:00","dateModified":"2026-03-30T11:56:48+00:00","description":"Mua ngay THI\u1ebeT B\u1eca S\u1eaeC K\u00dd\/ KH\u1ed0I PH\u1ed4 DI \u0110\u1ed8NG PERKINELMER MODEL TORION T-9 GC\/MS ch\u00ednh h\u00e3ng. Gi\u00e1 t\u1ed1t!","breadcrumb":{"@id":"https:\/\/vannangvn.123websitedev.com\/san-pham\/thiet-bi-sac-ky-khoi-pho-di-dong-perkinelmer-model-torion-t-9-gc-ms\/#breadcrumb"},"inLanguage":"en-US","potentialAction":[{"@type":"ReadAction","target":["https:\/\/vannangvn.123websitedev.com\/san-pham\/thiet-bi-sac-ky-khoi-pho-di-dong-perkinelmer-model-torion-t-9-gc-ms\/"]}]},{"@type":"BreadcrumbList","@id":"https:\/\/vannangvn.123websitedev.com\/san-pham\/thiet-bi-sac-ky-khoi-pho-di-dong-perkinelmer-model-torion-t-9-gc-ms\/#breadcrumb","itemListElement":[{"@type":"ListItem","position":1,"name":"Trang ch\u1ee7","item":"https:\/\/vannangvn.123websitedev.com\/"},{"@type":"ListItem","position":2,"name":"S\u1ea3n ph\u1ea9m","item":"https:\/\/vannangvn.123websitedev.com\/cua-hang\/"},{"@type":"ListItem","position":3,"name":"THI\u1ebeT B\u1eca S\u1eaeC K\u00dd\/ KH\u1ed0I PH\u1ed4 DI \u0110\u1ed8NG PERKINELMER MODEL TORION T-9 GC\/MS\u00a0"}]},{"@type":"WebSite","@id":"https:\/\/vannangvn.123websitedev.com\/#website","url":"https:\/\/vannangvn.123websitedev.com\/","name":"Vannang.vn","description":"","publisher":{"@id":"https:\/\/vannangvn.123websitedev.com\/#organization"},"potentialAction":[{"@type":"SearchAction","target":{"@type":"EntryPoint","urlTemplate":"https:\/\/vannangvn.123websitedev.com\/?s={search_term_string}"},"query-input":{"@type":"PropertyValueSpecification","valueRequired":true,"valueName":"search_term_string"}}],"inLanguage":"en-US"},{"@type":"Organization","@id":"https:\/\/vannangvn.123websitedev.com\/#organization","name":"Vannang.vn","url":"https:\/\/vannangvn.123websitedev.com\/","logo":{"@type":"ImageObject","inLanguage":"en-US","@id":"https:\/\/vannangvn.123websitedev.com\/#\/schema\/logo\/image\/","url":"https:\/\/vannangvn.123websitedev.com\/wp-content\/uploads\/2026\/02\/logo-van-nang-02.png","contentUrl":"https:\/\/vannangvn.123websitedev.com\/wp-content\/uploads\/2026\/02\/logo-van-nang-02.png","width":448,"height":111,"caption":"Vannang.vn"},"image":{"@id":"https:\/\/vannangvn.123websitedev.com\/#\/schema\/logo\/image\/"}}]}},"_links":{"self":[{"href":"https:\/\/vannangvn.123websitedev.com\/en\/wp-json\/wp\/v2\/product\/8011","targetHints":{"allow":["GET"]}}],"collection":[{"href":"https:\/\/vannangvn.123websitedev.com\/en\/wp-json\/wp\/v2\/product"}],"about":[{"href":"https:\/\/vannangvn.123websitedev.com\/en\/wp-json\/wp\/v2\/types\/product"}],"replies":[{"embeddable":true,"href":"https:\/\/vannangvn.123websitedev.com\/en\/wp-json\/wp\/v2\/comments?post=8011"}],"wp:attachment":[{"href":"https:\/\/vannangvn.123websitedev.com\/en\/wp-json\/wp\/v2\/media?parent=8011"}],"wp:term":[{"taxonomy":"product_brand","embeddable":true,"href":"https:\/\/vannangvn.123websitedev.com\/en\/wp-json\/wp\/v2\/product_brand?post=8011"},{"taxonomy":"product_cat","embeddable":true,"href":"https:\/\/vannangvn.123websitedev.com\/en\/wp-json\/wp\/v2\/product_cat?post=8011"},{"taxonomy":"product_tag","embeddable":true,"href":"https:\/\/vannangvn.123websitedev.com\/en\/wp-json\/wp\/v2\/product_tag?post=8011"}],"curies":[{"name":"wp","href":"https:\/\/api.w.org\/{rel}","templated":true}]}}