{"id":8033,"date":"2026-03-20T19:14:55","date_gmt":"2026-03-20T12:14:55","guid":{"rendered":"https:\/\/vannangvn.123websitedev.com\/san-pham\/thiet-bi-thu-nghiem-an-mon-composite-itabashi-rika-kogyo-model-bq-1\/"},"modified":"2026-03-30T18:57:20","modified_gmt":"2026-03-30T11:57:20","slug":"thiet-bi-thu-nghiem-an-mon-composite-itabashi-rika-kogyo-model-bq-1","status":"publish","type":"product","link":"https:\/\/vannangvn.123websitedev.com\/en\/product\/thiet-bi-thu-nghiem-an-mon-composite-itabashi-rika-kogyo-model-bq-1\/","title":{"rendered":"THI\u1ebeT B\u1eca TH\u1eec NGHI\u1ec6M \u0102N M\u00d2N COMPOSITE ITABASHI RIKA KOGYO MODEL BQ-1"},"content":{"rendered":"<h1 style=\"color: red; font-weight: bold; font-size: 24px;\">T&#7893;ng quan s&#7843;n ph&#7849;m THI&#7870;T B&#7882; TH&#7916; NGHI&#7878;M &#258;N M&Ograve;N COMPOSITE ITABASHI RIKA KOGYO MODEL BQ-1<p>T&#7911; Th&#7917; Nghi&#7879;m &#258;n M&ograve;n Composite (Composite Corrosion Testing Machine) Itabashi Rika Kogyo Model BQ-1<\/p><p>BQ-1<br>\nT&#7911; Th&#7917; Nghi&#7879;m &#258;n M&ograve;n Composite Itabashi Rika Kogyo Model BQ-1 l&agrave; thi&#7871;t b&#7883; chuy&ecirc;n d&#7909;ng th&#7921;c hi&#7879;n c&aacute;c b&agrave;i ki&#7875;m tra &#259;n m&ograve;n chu tr&igrave;nh b&#7857;ng c&aacute;ch k&#7871;t h&#7907;p c&aacute;c &#273;i&#7873;u ki&#7879;n phun mu&#7889;i, l&agrave;m kh&ocirc;, l&agrave;m &#7849;m v&agrave; th&ocirc;ng kh&iacute; ngo&agrave;i tr&#7901;i theo tr&igrave;nh t&#7921; t&ugrave;y ch&#7885;n. Thi&#7871;t b&#7883; &#273;&#432;&#7907;c &#7913;ng d&#7909;ng r&#7897;ng r&atilde;i trong vi&#7879;c t&#259;ng t&#7889;c ki&#7875;m tra &#259;n m&ograve;n cho linh ki&#7879;n &ocirc; t&ocirc;, s&#417;n ph&#7911; v&agrave; nhi&#7873;u lo&#7841;i v&#7853;t li&#7879;u kh&aacute;c.<\/p><h2 style=\"color: #2e7d32; font-weight: bold; font-size: 20px;\">&#272;&#7863;c &#273;i&#7875;m n&#7893;i b&#7853;t<\/h2><p>B&#7897; &#273;i&#7873;u khi&#7875;n l&#7853;p tr&igrave;nh th&ocirc;ng minh<br>\nCho ph&eacute;p c&agrave;i &#273;&#7863;t nhi&#7879;t &#273;&#7897;, &#273;&#7897; &#7849;m v&agrave; s&#7889; chu tr&igrave;nh cho t&#7915;ng &#273;i&#7873;u ki&#7879;n ki&#7875;m tra tr&#7921;c ti&#7871;p tr&ecirc;n m&agrave;n h&igrave;nh c&#7843;m &#7913;ng, gi&uacute;p qu&#7843;n l&yacute; v&agrave; v&#7853;n h&agrave;nh d&#7877; d&agrave;ng.<br>\nV&ograve;i phun ch&#7889;ng k&#7871;t tinh &#273;&#7897;c quy&#7873;n<br>\nC&ocirc;ng ngh&#7879; v&ograve;i phun kh&ocirc;ng k&#7871;t tinh &#273;&#7897;c quy&#7873;n c&#7911;a Rika Kogyo gi&uacute;p ng&#259;n ng&#7915;a t&#7855;c ngh&#7869;n do mu&#7889;i trong qu&aacute; tr&igrave;nh phun mu&#7889;i.<br>\nH&#7879; th&#7889;ng t&#7921; l&agrave;m s&#7841;ch v&ograve;i phun (PAT)<br>\nT&iacute;ch h&#7907;p m&#7841;ch r&#7917;a t&#7921; &#273;&#7897;ng &#273;&#7875; lo&#7841;i b&#7887; tinh th&#7875; mu&#7889;i b&aacute;m &#7903; &#273;&#7847;u v&ograve;i, &#273;&#7843;m b&#7843;o qu&aacute; tr&igrave;nh phun &#7893;n &#273;&#7883;nh trong th&#7917; nghi&#7879;m chu tr&igrave;nh k&#7871;t h&#7907;p.<br>\nQu&#7841;t khu&#7845;y b&ecirc;n trong bu&#7891;ng th&#7917;<br>\nGi&uacute;p ph&acirc;n b&#7893; nhi&#7879;t &#273;&#7897; &#273;&#7891;ng &#273;&#7873;u, t&#259;ng t&#7889;c qu&aacute; tr&igrave;nh l&agrave;m kh&ocirc; v&agrave; &#273;&#7843;m b&#7843;o &#273;&#7897; &#7849;m &#273;&#7891;ng nh&#7845;t trong su&#7889;t qu&aacute; tr&igrave;nh ki&#7875;m tra.<br>\nM&agrave;n h&igrave;nh c&#7843;nh b&aacute;o s&#7921; c&#7889;<br>\nTrang b&#7883; h&#7879; th&#7889;ng gi&aacute;m s&aacute;t hi&#7875;n th&#7883; c&aacute;c b&#7845;t th&#432;&#7901;ng, gi&uacute;p ng&#432;&#7901;i d&ugrave;ng ph&aacute;t hi&#7879;n v&agrave; x&#7917; l&yacute; k&#7883;p th&#7901;i.<br>\nCh&#7845;t li&#7879;u ch&#7889;ng &#259;n m&ograve;n cao c&#7845;p<br>\nTo&agrave;n b&#7897; n&#7897;i ngo&#7841;i th&#7845;t &#273;&#432;&#7907;c ch&#7871; t&#7841;o t&#7915; v&#7853;t li&#7879;u c&oacute; kh&#7843; n&#259;ng ch&#7889;ng &#259;n m&ograve;n v&#432;&#7907;t tr&#7897;i, n&acirc;ng cao &#273;&#7897; b&#7873;n v&agrave; tu&#7893;i th&#7885; thi&#7871;t b&#7883;.<br>\nH&#7895; tr&#7907; ti&ecirc;u chu&#7849;n &ocirc; t&ocirc; qu&#7889;c t&#7871;<br>\nC&oacute; kh&#7843; n&#259;ng &#273;&aacute;p &#7913;ng c&aacute;c ph&#432;&#417;ng ph&aacute;p ki&#7875;m tra &#259;n m&ograve;n t&#259;ng t&#7889;c theo ti&ecirc;u chu&#7849;n c&#7911;a c&aacute;c h&atilde;ng &ocirc; t&ocirc; qu&#7889;c t&#7871;.<\/p><p>C&aacute;c phi&ecirc;n b&#7843;n thi&#7871;t b&#7883;<\/p><p>BQ (d&#7841;ng treo t&#432;&#7901;ng): V&ograve;i phun t&iacute;ch h&#7907;p ch&#7913;c n&#259;ng t&#7921; &#273;&#7897;ng l&agrave;m s&#7841;ch (PAT).<br>\nBQ-F (d&#7841;ng th&aacute;p phun): V&ograve;i phun &#273;&#7863;t trong th&aacute;p, c&oacute; ch&#7913;c n&#259;ng t&#7921; &#273;&#7897;ng l&agrave;m s&#7841;ch (PAT).<\/p><h2 style=\"color: #2e7d32; font-weight: bold; font-size: 20px;\">BQD (d&#7841;ng treo t&#432;&#7901;ng): Phi&ecirc;n b&#7843;n c&oacute; th&ecirc;m t&iacute;nh n&#259;ng ki&#7875;m tra &#7903; nhi&#7879;t &#273;&#7897; th&#7845;p, v&ograve;i phun t&#7921; l&agrave;m s&#7841;ch.<\/h2><p>BQD-F (d&#7841;ng th&aacute;p phun): Phi&ecirc;n b&#7843;n th&aacute;p phun k&#7871;t h&#7907;p ki&#7875;m tra nhi&#7879;t &#273;&#7897; th&#7845;p, v&ograve;i phun t&#7921; l&agrave;m s&#7841;ch.<\/p><p>&#7912;ng d&#7909;ng v&agrave; l&#7907;i &iacute;ch<br>\nT&#7911; th&#7917; nghi&#7879;m &#259;n m&ograve;n composite BQ-1 th&#7921;c hi&#7879;n ki&#7875;m tra &#259;n m&ograve;n t&#259;ng t&#7889;c cho s&#417;n ph&#7911;, kim lo&#7841;i, th&eacute;p b&#7857;ng c&aacute;ch k&#7871;t h&#7907;p linh ho&#7841;t nhi&#7873;u &#273;i&#7873;u ki&#7879;n nh&#432; phun mu&#7889;i\/CASS, s&#7845;y n&oacute;ng, &#7849;m &#432;&#7899;t v&agrave; nhi&#7879;t &#273;&#7897; th&#7845;p (ch&#7881; c&oacute; &#7903; d&ograve;ng BQD).<br>\nThi&#7871;t b&#7883; cho ph&eacute;p &#273;&aacute;nh gi&aacute; &#273;&#7897; tin c&#7853;y, kh&#7843; n&#259;ng ch&#7889;ng &#259;n m&ograve;n v&agrave; &#273;&#7897; b&#7873;n c&#7911;a ph&#432;&#417;ng ti&#7879;n, linh ki&#7879;n v&agrave; s&#7843;n ph&#7849;m trong c&aacute;c khu v&#7921;c d&#7877; b&#7883; t&aacute;c &#273;&#7897;ng b&#7903;i mu&#7889;i. Ngo&agrave;i ra, c&oacute; th&#7875; ti&#7871;n h&agrave;nh t&#7915;ng th&#7917; nghi&#7879;m ri&ecirc;ng l&#7867; cho t&#7915;ng &#273;i&#7873;u ki&#7879;n t&ugrave;y theo nhu c&#7847;u.<br>\nH&atilde;y li&ecirc;n h&#7879; v&#7899;i V&#7841;n N&#259;ng Company ngay &#273;&#7875; &#273;&#432;&#7907;c t&#432; v&#7845;n chuy&ecirc;n s&acirc;u v&agrave; nh&#7853;n c&aacute;c &#432;u &#273;&atilde;i h&#7845;p d&#7851;n nh&#7845;t th&ocirc;ng qua hotline\/zalo: <a href=\"https:\/\/zalo.me\/0903991335\" target=\"_blank\" rel=\"noopener\" style=\"color: #059669; font-weight: bold; text-decoration: none;\">0903 991 335<\/a>!<\/p><div style=\"background-color: #f8fafc; border: 1px solid #e2e8f0; border-radius: 8px; padding: 25px; max-width: 800px; margin: 30px auto; color: #334155; line-height: 1.8; font-size: 17px; box-shadow: 0 4px 6px -1px rgba(0,0,0,0.05); text-align: left; clear: both;\">\nC&ocirc;ng ty TNHH Th&#432;&#417;ng M&#7841;i D&#7883;ch V&#7909; Thi&#7871;t B&#7883; C&ocirc;ng Ngh&#7879; V&#7841;n N&#259;ng\n<p style=\"margin: 0 0 10px 0;\">&#128205; <strong style=\"color: #1e293b;\">&#272;&#7883;a ch&#7881;:<\/strong> <a style=\"color: #059669; text-decoration: none; font-weight: bold;\" href=\"https:\/\/www.google.com\/maps\/search\/C%C3%B4ng+ty+TNHH+Th%C6%B0%C6%A1ng+M%E1%BA%A1i+D%E1%BB%8Bch+V%E1%BB%A5+Thi%E1%BA%BFt+B%E1%BB%8B+C%C3%B4ng+Ngh%E1%BB%87+V%E1%BA%A1n+N%C4%83ng+818+Tr%C6%B0%E1%BB%9Dng+Chinh\" target=\"_blank\" rel=\"noopener\">818 Tr&#432;&#7901;ng Chinh, Ph&#432;&#7901;ng T&acirc;n S&#417;n, Th&agrave;nh ph&#7889; H&#7891; Ch&iacute; Minh, Vi&#7879;t Nam<\/a><\/p>\n<p style=\"margin: 0 0 10px 0;\">&#128222; <strong style=\"color: #1e293b;\">S&#272;T &ndash; Zalo:<\/strong> <a style=\"color: #059669; text-decoration: none; font-weight: bold;\" href=\"https:\/\/zalo.me\/0903991335\" target=\"_blank\" rel=\"noopener\">0903 991 335<\/a> <span style=\"color: #64748b; font-style: italic;\">(Ms. H&#7841;nh &ndash; Gi&aacute;m &#272;&#7889;c Kinh Doanh)<\/span><\/p>\n<p style=\"margin: 0;\">&#9993;&#65039; <strong style=\"color: #1e293b;\">Email:<\/strong> <a style=\"color: #059669; text-decoration: none; font-weight: bold;\" href=\"mailto:hienhanh@vannangvn.com\">hienhanh@vannangvn.com<\/a><\/p>\n<\/div><\/h1>","protected":false},"excerpt":{"rendered":"<p><strong>Th&#432;&#417;ng hi&#7879;u:<\/strong> Itabashi Rika Kogyo<br>\n<strong>Model:<\/strong> BQ<p>Product <strong>THI&#7870;T B&#7882; TH&#7916; NGHI&#7878;M &#258;N M&Ograve;N COMPOSITE ITABASHI RIKA KOGYO MODEL BQ-1<\/strong> ch&iacute;nh h&atilde;ng. Itabashi Rika Kogyo (Japan)<br>\nComposite Itabashi Rika Kogyo BQ-1 l&agrave; thi&#7871;t b&#7883; th&#7921;c hi&#7879;n ki&#7875;m tra &#259;n m&ograve;n chu tr&igrave;nh (phun mu&#7889;i, l&agrave;m kh&ocirc;, l&agrave;m &#7849;m). B&#7897; &#273;i&#7873;u khi&#7875;n l&#7853;p tr&igrave;nh, v&ograve;i phun ch&#7889;ng k&#7871;t tinh &#273;&#7897;c quy&#7873;n v&#7899;i h&#7879; th&#7889;ng t&#7921; l&agrave;m s&#7841;ch (PAT).<\/p><\/p>","protected":false},"featured_media":8370,"comment_status":"open","ping_status":"closed","template":"","meta":[],"product_brand":[],"product_cat":[18],"product_tag":[116,120,228,392,527,768,769,3382,3383,3384,3575,3576],"class_list":{"0":"post-8033","1":"product","2":"type-product","3":"status-publish","4":"has-post-thumbnail","6":"product_cat-chua-phan-loai","7":"product_tag-model","8":"product_tag-thu","9":"product_tag-an","10":"product_tag-mon","11":"product_tag-nghiem","12":"product_tag-thiet","13":"product_tag-bi","14":"product_tag-itabashi","15":"product_tag-rika","16":"product_tag-kogyo","17":"product_tag-composite","18":"product_tag-bq-1","20":"first","21":"instock","22":"shipping-taxable","23":"product-type-simple"},"yoast_head":"<!-- This site is optimized with the Yoast SEO Premium plugin v24.8 (Yoast SEO v24.8) - https:\/\/yoast.com\/wordpress\/plugins\/seo\/ -->\n<title>THI\u1ebeT B\u1eca TH\u1eec NGHI\u1ec6M \u0102N M\u00d2N COMPOSIT... ch\u00ednh h\u00e3ng | V\u1ea1n N\u0103ng<\/title>\n<meta name=\"description\" content=\"Mua ngay THI\u1ebeT B\u1eca TH\u1eec NGHI\u1ec6M \u0102N M\u00d2N COMPOSITE ITABASHI RIKA KOGYO MODEL BQ-1 ch\u00ednh h\u00e3ng. Composite Itabashi Rika Kogyo BQ-1 l\u00e0 thi... Gi\u00e1 t\u1ed1t!\" \/>\n<meta name=\"robots\" content=\"noindex, follow, max-snippet:-1, max-image-preview:large, max-video-preview:-1\" \/>\n<meta property=\"og:locale\" content=\"en_US\" \/>\n<meta property=\"og:type\" content=\"article\" \/>\n<meta property=\"og:title\" content=\"THI\u1ebeT B\u1eca TH\u1eec NGHI\u1ec6M \u0102N M\u00d2N COMPOSITE ITABASHI RIKA KOGYO MODEL BQ-1\" \/>\n<meta property=\"og:description\" content=\"Mua ngay THI\u1ebeT B\u1eca TH\u1eec NGHI\u1ec6M \u0102N M\u00d2N COMPOSITE ITABASHI RIKA KOGYO MODEL BQ-1 ch\u00ednh h\u00e3ng. Composite Itabashi Rika Kogyo BQ-1 l\u00e0 thi... Gi\u00e1 t\u1ed1t!\" \/>\n<meta property=\"og:url\" content=\"https:\/\/vannangvn.123websitedev.com\/en\/product\/thiet-bi-thu-nghiem-an-mon-composite-itabashi-rika-kogyo-model-bq-1\/\" \/>\n<meta property=\"og:site_name\" content=\"Vannang.vn\" \/>\n<meta property=\"article:modified_time\" content=\"2026-03-30T11:57:20+00:00\" \/>\n<meta property=\"og:image\" content=\"http:\/\/vannangvn.123websitedev.com\/wp-content\/uploads\/2026\/03\/Itabashi-Rika-Kogyo-Model-BQ-1-768x576-copy.jpg\" \/>\n\t<meta property=\"og:image:width\" content=\"768\" \/>\n\t<meta property=\"og:image:height\" content=\"576\" \/>\n\t<meta property=\"og:image:type\" content=\"image\/jpeg\" \/>\n<meta name=\"twitter:card\" content=\"summary_large_image\" \/>\n<meta name=\"twitter:label1\" content=\"Est. reading time\" \/>\n\t<meta name=\"twitter:data1\" content=\"5 minutes\" \/>\n<script type=\"application\/ld+json\" class=\"yoast-schema-graph\">{\"@context\":\"https:\/\/schema.org\",\"@graph\":[{\"@type\":\"WebPage\",\"@id\":\"https:\/\/vannangvn.123websitedev.com\/san-pham\/thiet-bi-thu-nghiem-an-mon-composite-itabashi-rika-kogyo-model-bq-1\/\",\"url\":\"https:\/\/vannangvn.123websitedev.com\/san-pham\/thiet-bi-thu-nghiem-an-mon-composite-itabashi-rika-kogyo-model-bq-1\/\",\"name\":\"THI\u1ebeT B\u1eca TH\u1eec NGHI\u1ec6M \u0102N M\u00d2N COMPOSIT... ch\u00ednh h\u00e3ng | V\u1ea1n N\u0103ng\",\"isPartOf\":{\"@id\":\"https:\/\/vannangvn.123websitedev.com\/#website\"},\"primaryImageOfPage\":{\"@id\":\"https:\/\/vannangvn.123websitedev.com\/san-pham\/thiet-bi-thu-nghiem-an-mon-composite-itabashi-rika-kogyo-model-bq-1\/#primaryimage\"},\"image\":{\"@id\":\"https:\/\/vannangvn.123websitedev.com\/san-pham\/thiet-bi-thu-nghiem-an-mon-composite-itabashi-rika-kogyo-model-bq-1\/#primaryimage\"},\"thumbnailUrl\":\"https:\/\/vannangvn.123websitedev.com\/wp-content\/uploads\/2026\/03\/Itabashi-Rika-Kogyo-Model-BQ-1-768x576-copy.jpg\",\"datePublished\":\"2026-03-20T12:14:55+00:00\",\"dateModified\":\"2026-03-30T11:57:20+00:00\",\"description\":\"Mua ngay THI\u1ebeT B\u1eca TH\u1eec NGHI\u1ec6M \u0102N M\u00d2N COMPOSITE ITABASHI RIKA KOGYO MODEL BQ-1 ch\u00ednh h\u00e3ng. Composite Itabashi Rika Kogyo BQ-1 l\u00e0 thi... Gi\u00e1 t\u1ed1t!\",\"breadcrumb\":{\"@id\":\"https:\/\/vannangvn.123websitedev.com\/san-pham\/thiet-bi-thu-nghiem-an-mon-composite-itabashi-rika-kogyo-model-bq-1\/#breadcrumb\"},\"inLanguage\":\"en-US\",\"potentialAction\":[{\"@type\":\"ReadAction\",\"target\":[\"https:\/\/vannangvn.123websitedev.com\/san-pham\/thiet-bi-thu-nghiem-an-mon-composite-itabashi-rika-kogyo-model-bq-1\/\"]}]},{\"@type\":\"ImageObject\",\"inLanguage\":\"en-US\",\"@id\":\"https:\/\/vannangvn.123websitedev.com\/san-pham\/thiet-bi-thu-nghiem-an-mon-composite-itabashi-rika-kogyo-model-bq-1\/#primaryimage\",\"url\":\"https:\/\/vannangvn.123websitedev.com\/wp-content\/uploads\/2026\/03\/Itabashi-Rika-Kogyo-Model-BQ-1-768x576-copy.jpg\",\"contentUrl\":\"https:\/\/vannangvn.123websitedev.com\/wp-content\/uploads\/2026\/03\/Itabashi-Rika-Kogyo-Model-BQ-1-768x576-copy.jpg\",\"width\":768,\"height\":576},{\"@type\":\"BreadcrumbList\",\"@id\":\"https:\/\/vannangvn.123websitedev.com\/san-pham\/thiet-bi-thu-nghiem-an-mon-composite-itabashi-rika-kogyo-model-bq-1\/#breadcrumb\",\"itemListElement\":[{\"@type\":\"ListItem\",\"position\":1,\"name\":\"Trang ch\u1ee7\",\"item\":\"https:\/\/vannangvn.123websitedev.com\/\"},{\"@type\":\"ListItem\",\"position\":2,\"name\":\"S\u1ea3n ph\u1ea9m\",\"item\":\"https:\/\/vannangvn.123websitedev.com\/cua-hang\/\"},{\"@type\":\"ListItem\",\"position\":3,\"name\":\"THI\u1ebeT B\u1eca TH\u1eec NGHI\u1ec6M \u0102N M\u00d2N COMPOSITE ITABASHI RIKA KOGYO MODEL BQ-1\"}]},{\"@type\":\"WebSite\",\"@id\":\"https:\/\/vannangvn.123websitedev.com\/#website\",\"url\":\"https:\/\/vannangvn.123websitedev.com\/\",\"name\":\"Vannang.vn\",\"description\":\"\",\"publisher\":{\"@id\":\"https:\/\/vannangvn.123websitedev.com\/#organization\"},\"potentialAction\":[{\"@type\":\"SearchAction\",\"target\":{\"@type\":\"EntryPoint\",\"urlTemplate\":\"https:\/\/vannangvn.123websitedev.com\/?s={search_term_string}\"},\"query-input\":{\"@type\":\"PropertyValueSpecification\",\"valueRequired\":true,\"valueName\":\"search_term_string\"}}],\"inLanguage\":\"en-US\"},{\"@type\":\"Organization\",\"@id\":\"https:\/\/vannangvn.123websitedev.com\/#organization\",\"name\":\"Vannang.vn\",\"url\":\"https:\/\/vannangvn.123websitedev.com\/\",\"logo\":{\"@type\":\"ImageObject\",\"inLanguage\":\"en-US\",\"@id\":\"https:\/\/vannangvn.123websitedev.com\/#\/schema\/logo\/image\/\",\"url\":\"https:\/\/vannangvn.123websitedev.com\/wp-content\/uploads\/2026\/02\/logo-van-nang-02.png\",\"contentUrl\":\"https:\/\/vannangvn.123websitedev.com\/wp-content\/uploads\/2026\/02\/logo-van-nang-02.png\",\"width\":448,\"height\":111,\"caption\":\"Vannang.vn\"},\"image\":{\"@id\":\"https:\/\/vannangvn.123websitedev.com\/#\/schema\/logo\/image\/\"}}]}<\/script>\n<!-- \/ Yoast SEO Premium plugin. -->","yoast_head_json":{"title":"THI\u1ebeT B\u1eca TH\u1eec NGHI\u1ec6M \u0102N M\u00d2N COMPOSIT... ch\u00ednh h\u00e3ng | V\u1ea1n N\u0103ng","description":"Mua ngay THI\u1ebeT B\u1eca TH\u1eec NGHI\u1ec6M \u0102N M\u00d2N COMPOSITE ITABASHI RIKA KOGYO MODEL BQ-1 ch\u00ednh h\u00e3ng. Composite Itabashi Rika Kogyo BQ-1 l\u00e0 thi... Gi\u00e1 t\u1ed1t!","robots":{"index":"noindex","follow":"follow","max-snippet":"max-snippet:-1","max-image-preview":"max-image-preview:large","max-video-preview":"max-video-preview:-1"},"og_locale":"en_US","og_type":"article","og_title":"THI\u1ebeT B\u1eca TH\u1eec NGHI\u1ec6M \u0102N M\u00d2N COMPOSITE ITABASHI RIKA KOGYO MODEL BQ-1","og_description":"Mua ngay THI\u1ebeT B\u1eca TH\u1eec NGHI\u1ec6M \u0102N M\u00d2N COMPOSITE ITABASHI RIKA KOGYO MODEL BQ-1 ch\u00ednh h\u00e3ng. Composite Itabashi Rika Kogyo BQ-1 l\u00e0 thi... Gi\u00e1 t\u1ed1t!","og_url":"https:\/\/vannangvn.123websitedev.com\/en\/product\/thiet-bi-thu-nghiem-an-mon-composite-itabashi-rika-kogyo-model-bq-1\/","og_site_name":"Vannang.vn","article_modified_time":"2026-03-30T11:57:20+00:00","og_image":[{"width":768,"height":576,"url":"http:\/\/vannangvn.123websitedev.com\/wp-content\/uploads\/2026\/03\/Itabashi-Rika-Kogyo-Model-BQ-1-768x576-copy.jpg","type":"image\/jpeg"}],"twitter_card":"summary_large_image","twitter_misc":{"Est. reading time":"5 minutes"},"schema":{"@context":"https:\/\/schema.org","@graph":[{"@type":"WebPage","@id":"https:\/\/vannangvn.123websitedev.com\/san-pham\/thiet-bi-thu-nghiem-an-mon-composite-itabashi-rika-kogyo-model-bq-1\/","url":"https:\/\/vannangvn.123websitedev.com\/san-pham\/thiet-bi-thu-nghiem-an-mon-composite-itabashi-rika-kogyo-model-bq-1\/","name":"THI\u1ebeT B\u1eca TH\u1eec NGHI\u1ec6M \u0102N M\u00d2N COMPOSIT... ch\u00ednh h\u00e3ng | V\u1ea1n N\u0103ng","isPartOf":{"@id":"https:\/\/vannangvn.123websitedev.com\/#website"},"primaryImageOfPage":{"@id":"https:\/\/vannangvn.123websitedev.com\/san-pham\/thiet-bi-thu-nghiem-an-mon-composite-itabashi-rika-kogyo-model-bq-1\/#primaryimage"},"image":{"@id":"https:\/\/vannangvn.123websitedev.com\/san-pham\/thiet-bi-thu-nghiem-an-mon-composite-itabashi-rika-kogyo-model-bq-1\/#primaryimage"},"thumbnailUrl":"https:\/\/vannangvn.123websitedev.com\/wp-content\/uploads\/2026\/03\/Itabashi-Rika-Kogyo-Model-BQ-1-768x576-copy.jpg","datePublished":"2026-03-20T12:14:55+00:00","dateModified":"2026-03-30T11:57:20+00:00","description":"Mua ngay THI\u1ebeT B\u1eca TH\u1eec NGHI\u1ec6M \u0102N M\u00d2N COMPOSITE ITABASHI RIKA KOGYO MODEL BQ-1 ch\u00ednh h\u00e3ng. Composite Itabashi Rika Kogyo BQ-1 l\u00e0 thi... Gi\u00e1 t\u1ed1t!","breadcrumb":{"@id":"https:\/\/vannangvn.123websitedev.com\/san-pham\/thiet-bi-thu-nghiem-an-mon-composite-itabashi-rika-kogyo-model-bq-1\/#breadcrumb"},"inLanguage":"en-US","potentialAction":[{"@type":"ReadAction","target":["https:\/\/vannangvn.123websitedev.com\/san-pham\/thiet-bi-thu-nghiem-an-mon-composite-itabashi-rika-kogyo-model-bq-1\/"]}]},{"@type":"ImageObject","inLanguage":"en-US","@id":"https:\/\/vannangvn.123websitedev.com\/san-pham\/thiet-bi-thu-nghiem-an-mon-composite-itabashi-rika-kogyo-model-bq-1\/#primaryimage","url":"https:\/\/vannangvn.123websitedev.com\/wp-content\/uploads\/2026\/03\/Itabashi-Rika-Kogyo-Model-BQ-1-768x576-copy.jpg","contentUrl":"https:\/\/vannangvn.123websitedev.com\/wp-content\/uploads\/2026\/03\/Itabashi-Rika-Kogyo-Model-BQ-1-768x576-copy.jpg","width":768,"height":576},{"@type":"BreadcrumbList","@id":"https:\/\/vannangvn.123websitedev.com\/san-pham\/thiet-bi-thu-nghiem-an-mon-composite-itabashi-rika-kogyo-model-bq-1\/#breadcrumb","itemListElement":[{"@type":"ListItem","position":1,"name":"Trang ch\u1ee7","item":"https:\/\/vannangvn.123websitedev.com\/"},{"@type":"ListItem","position":2,"name":"S\u1ea3n ph\u1ea9m","item":"https:\/\/vannangvn.123websitedev.com\/cua-hang\/"},{"@type":"ListItem","position":3,"name":"THI\u1ebeT B\u1eca TH\u1eec NGHI\u1ec6M \u0102N M\u00d2N COMPOSITE ITABASHI RIKA KOGYO MODEL BQ-1"}]},{"@type":"WebSite","@id":"https:\/\/vannangvn.123websitedev.com\/#website","url":"https:\/\/vannangvn.123websitedev.com\/","name":"Vannang.vn","description":"","publisher":{"@id":"https:\/\/vannangvn.123websitedev.com\/#organization"},"potentialAction":[{"@type":"SearchAction","target":{"@type":"EntryPoint","urlTemplate":"https:\/\/vannangvn.123websitedev.com\/?s={search_term_string}"},"query-input":{"@type":"PropertyValueSpecification","valueRequired":true,"valueName":"search_term_string"}}],"inLanguage":"en-US"},{"@type":"Organization","@id":"https:\/\/vannangvn.123websitedev.com\/#organization","name":"Vannang.vn","url":"https:\/\/vannangvn.123websitedev.com\/","logo":{"@type":"ImageObject","inLanguage":"en-US","@id":"https:\/\/vannangvn.123websitedev.com\/#\/schema\/logo\/image\/","url":"https:\/\/vannangvn.123websitedev.com\/wp-content\/uploads\/2026\/02\/logo-van-nang-02.png","contentUrl":"https:\/\/vannangvn.123websitedev.com\/wp-content\/uploads\/2026\/02\/logo-van-nang-02.png","width":448,"height":111,"caption":"Vannang.vn"},"image":{"@id":"https:\/\/vannangvn.123websitedev.com\/#\/schema\/logo\/image\/"}}]}},"_links":{"self":[{"href":"https:\/\/vannangvn.123websitedev.com\/en\/wp-json\/wp\/v2\/product\/8033","targetHints":{"allow":["GET"]}}],"collection":[{"href":"https:\/\/vannangvn.123websitedev.com\/en\/wp-json\/wp\/v2\/product"}],"about":[{"href":"https:\/\/vannangvn.123websitedev.com\/en\/wp-json\/wp\/v2\/types\/product"}],"replies":[{"embeddable":true,"href":"https:\/\/vannangvn.123websitedev.com\/en\/wp-json\/wp\/v2\/comments?post=8033"}],"wp:featuredmedia":[{"embeddable":true,"href":"https:\/\/vannangvn.123websitedev.com\/en\/wp-json\/wp\/v2\/media\/8370"}],"wp:attachment":[{"href":"https:\/\/vannangvn.123websitedev.com\/en\/wp-json\/wp\/v2\/media?parent=8033"}],"wp:term":[{"taxonomy":"product_brand","embeddable":true,"href":"https:\/\/vannangvn.123websitedev.com\/en\/wp-json\/wp\/v2\/product_brand?post=8033"},{"taxonomy":"product_cat","embeddable":true,"href":"https:\/\/vannangvn.123websitedev.com\/en\/wp-json\/wp\/v2\/product_cat?post=8033"},{"taxonomy":"product_tag","embeddable":true,"href":"https:\/\/vannangvn.123websitedev.com\/en\/wp-json\/wp\/v2\/product_tag?post=8033"}],"curies":[{"name":"wp","href":"https:\/\/api.w.org\/{rel}","templated":true}]}}