{"id":8034,"date":"2026-03-20T19:14:56","date_gmt":"2026-03-20T12:14:56","guid":{"rendered":"https:\/\/vannangvn.123websitedev.com\/san-pham\/thiet-bi-thu-nghiem-da-nang-dem-ngoi-ghe-kingwells-model-kw-bse-38\/"},"modified":"2026-03-30T18:57:21","modified_gmt":"2026-03-30T11:57:21","slug":"thiet-bi-thu-nghiem-da-nang-dem-ngoi-ghe-kingwells-model-kw-bse-38","status":"publish","type":"product","link":"https:\/\/vannangvn.123websitedev.com\/en\/product\/thiet-bi-thu-nghiem-da-nang-dem-ngoi-ghe-kingwells-model-kw-bse-38\/","title":{"rendered":"THI\u1ebeT B\u1eca TH\u1eec NGHI\u1ec6M \u0110A N\u0102NG \u0110\u1ec6M NG\u1ed2I GH\u1ebe KINGWELLS MODEL KW-BSE-38"},"content":{"rendered":"<h1 style=\"color: red; font-weight: bold; font-size: 24px;\">T&#7893;ng quan s&#7843;n ph&#7849;m THI&#7870;T B&#7882; TH&#7916; NGHI&#7878;M &#272;A N&#258;NG &#272;&#7878;M NG&#7890;I GH&#7870; KINGWELLS MODEL KW-BSE-38<p>Thi&#7871;t B&#7883; Th&#7917; Nghi&#7879;m &#272;a N&#259;ng &#272;&#7879;m Ng&#7891;i Gh&#7871; KingWells Model KW-BSE-38<br>\nThi&#7871;t b&#7883; ki&#7875;m tra &#273;a n&#259;ng &#273;&#7879;m ng&#7891;i gh&#7871; model KW-BSE-38 c&#7911;a h&atilde;ng Kingwells l&agrave; gi&#7843;i ph&aacute;p ti&ecirc;n ti&#7871;n v&agrave; to&agrave;n di&#7879;n cho c&aacute;c doanh nghi&#7879;p s&#7843;n xu&#7845;t &#273;&#7879;m, &#273;&#7843;m b&#7843;o c&aacute;c s&#7843;n ph&#7849;m &#273;&aacute;p &#7913;ng ti&ecirc;u chu&#7849;n ch&#7845;t l&#432;&#7907;ng cao nh&#7845;t. &#272;&#432;&#7907;c ph&aacute;t tri&#7875;n d&#7921;a tr&ecirc;n c&aacute;c ti&ecirc;u chu&#7849;n qu&#7889;c t&#7871; nh&#432; QB\/T 1952.2-2011, GB\/T 26706-2011, EN 1957:2012 v&agrave; ASTM F1566-14, KW-BSE-38 kh&ocirc;ng ch&#7881; gi&uacute;p &#273;&aacute;nh gi&aacute; m&agrave; c&ograve;n n&acirc;ng cao ch&#7845;t l&#432;&#7907;ng &#273;&#7879;m m&#7897;t c&aacute;ch hi&#7879;u qu&#7843; v&agrave; ch&iacute;nh x&aacute;c.<\/p><h2 style=\"color: #2e7d32; font-weight: bold; font-size: 20px;\">&#272;&#7863;c &#272;i&#7875;m N&#7893;i B&#7853;t<\/h2><p>H&#7879; Th&#7889;ng T&#7921; &#272;&#7897;ng H&oacute;a M&#7841;nh M&#7869;<br>\nThi&#7871;t b&#7883; KW-BSE-38 &#273;&#432;&#7907;c trang b&#7883; t&#7889;i &#273;a 4 b&#7897; h&#7879; th&#7889;ng t&#7843;i ph&#7909;, gi&uacute;p th&#7921;c hi&#7879;n nhi&#7873;u b&agrave;i ki&#7875;m tra m&#7897;t c&aacute;ch nhanh ch&oacute;ng, hi&#7879;u qu&#7843; v&agrave; &#273;&#7841;t &#273;&#432;&#7907;c &#273;&#7897; ch&iacute;nh x&aacute;c cao.<br>\nTu&acirc;n Th&#7911; Ti&ecirc;u Chu&#7849;n Qu&#7889;c T&#7871;<br>\nThi&#7871;t b&#7883; n&agrave;y tu&acirc;n th&#7911; nhi&#7873;u ti&ecirc;u chu&#7849;n qu&#7889;c t&#7871;, &#273;&#7843;m b&#7843;o &#273;&aacute;p &#7913;ng &#273;&#7847;y &#273;&#7911; c&aacute;c y&ecirc;u c&#7847;u ki&#7875;m tra c&#417; h&#7885;c c&#7911;a &#273;&#7879;m. Kh&aacute;ch h&agrave;ng c&oacute; th&#7875; y&ecirc;n t&acirc;m v&#7873; ch&#7845;t l&#432;&#7907;ng v&agrave; &#273;&#7897; ch&iacute;nh x&aacute;c m&agrave; m&aacute;y &#273;em l&#7841;i cho qu&aacute; tr&igrave;nh ki&#7875;m tra.<br>\nPh&#7847;n M&#7873;m V&#7853;n H&agrave;nh &#272;&#7863;c Bi&#7879;t<br>\nPh&#7847;n m&#7873;m &#273;&#432;&#7907;c ph&aacute;t tri&#7875;n &#273;&#7863;c bi&#7879;t v&agrave; &#273;&#7897;c quy&#7873;n c&#7911;a KingWells, h&#7895; tr&#7907; ng&#432;&#7901;i d&ugrave;ng th&#7921;c hi&#7879;n c&aacute;c th&#7917; nghi&#7879;m m&#7897;t c&aacute;ch ri&ecirc;ng l&#7867; ho&#7863;c c&ugrave;ng m&#7897;t l&uacute;c, &#273;&#7891;ng th&#7901;i thi&#7871;t b&#7883; c&ograve;n cung c&#7845;p b&aacute;o c&aacute;o k&#7871;t qu&#7843; d&#432;&#7899;i d&#7841;ng &#273;&#7891; h&#7885;a d&#7877; hi&#7875;u.<br>\nCh&#7913;c N&#259;ng B&#7897; Nh&#7899; T&#7921; &#272;&#7897;ng<br>\nT&#7845;t c&#7843; c&aacute;c c&agrave;i &#273;&#7863;t th&ocirc;ng s&#7889; v&agrave; k&#7871;t qu&#7843; ki&#7875;m tra &#273;&#7873;u &#273;&#432;&#7907;c l&#432;u tr&#7919; t&#7921; &#273;&#7897;ng ngay c&#7843; khi t&#7855;t ngu&#7891;n, gi&uacute;p tr&aacute;nh m&#7845;t m&aacute;t d&#7919; li&#7879;u quan tr&#7885;ng v&agrave; gi&#7843;m thi&#7875;u thi&#7879;t h&#7841;i t&#7889;i &#273;a cho doanh nghi&#7879;p.<br>\nThi&#7871;t K&#7871; K&#7865;p &#272;&#417;n Gi&#7843;n<br>\nC&#7845;u tr&uacute;c k&#7865;p &#273;&#417;n gi&#7843;n cho ph&eacute;p m&#7897;t ng&#432;&#7901;i th&#7921;c hi&#7879;n m&#7885;i thao t&aacute;c m&agrave; kh&ocirc;ng c&#7847;n s&#7921; tr&#7907; gi&uacute;p c&#7911;a c&ocirc;ng c&#7909;. &#272;i&#7873;u n&agrave;y &#273;&oacute;ng g&oacute;p m&#7897;t ph&#7847;n h&#7895; tr&#7907; cho doanh nghi&#7879;p gi&#7843;m &#273;&#432;&#7907;c chi ph&iacute; v&#7853;n h&agrave;nh c&#361;ng nh&#432; v&#7873; nh&acirc;n l&#7921;c.<\/p><p>L&#7907;i &Iacute;ch Khi S&#7917; D&#7909;ng KW-BSE-38<br>\nThi&#7871;t b&#7883; ki&#7875;m tra &#273;a n&#259;ng &#273;&#7879;m ng&#7891;i gh&#7871; KW-BSE-38 kh&ocirc;ng ch&#7881; t&#259;ng c&#432;&#7901;ng ch&#7845;t l&#432;&#7907;ng s&#7843;n ph&#7849;m b&#7857;ng c&aacute;ch &#273;&#7843;m b&#7843;o &#273;&#7879;m &#273;&aacute;p &#7913;ng c&aacute;c ti&ecirc;u chu&#7849;n ch&#7845;t l&#432;&#7907;ng cao nh&#7845;t m&agrave; c&ograve;n gi&uacute;p ti&#7871;t ki&#7879;m th&#7901;i gian v&agrave; chi ph&iacute;. H&#7879; th&#7889;ng t&#7921; &#273;&#7897;ng h&oacute;a v&agrave; ph&#7847;n m&#7873;m qu&#7843;n l&yacute; ti&ecirc;n ti&#7871;n gi&#7843;m thi&#7875;u &#273;&aacute;ng k&#7875; th&#7901;i gian v&agrave; chi ph&iacute; cho quy tr&igrave;nh ki&#7875;m tra, &#273;&#7891;ng th&#7901;i cung c&#7845;p c&aacute;c k&#7871;t qu&#7843; ki&#7875;m tra &#273;&aacute;ng tin c&#7853;y v&agrave; ch&iacute;nh x&aacute;c. &#272;i&#7873;u n&agrave;y gi&uacute;p doanh nghi&#7879;p t&#7921; tin h&#417;n trong vi&#7879;c s&#7843;n xu&#7845;t v&agrave; ph&acirc;n ph&#7889;i s&#7843;n ph&#7849;m, &#273;&#7843;m b&#7843;o s&#7921; h&agrave;i l&ograve;ng c&#7911;a kh&aacute;ch h&agrave;ng v&agrave; duy tr&igrave; uy t&iacute;n th&#432;&#417;ng hi&#7879;u.<\/p><p>&#7912;ng D&#7909;ng<br>\nModel KW-BSE-38 &#273;&#432;&#7907;c thi&#7871;t k&#7871; &#273;&#7875; ph&aacute;t tri&#7875;n v&agrave; &#273;&aacute;nh gi&aacute; c&aacute;c t&iacute;nh ch&#7845;t c&#417; h&#7885;c c&#7911;a &#273;&#7879;m v&#7899;i c&aacute;c b&agrave;i ki&#7875;m tra c&#7909; th&#7875; nh&#432;:<\/p><p>Ki&#7875;m tra &#273;&#7897; b&#7873;n cu&#7897;n &#273;&#7879;m v&agrave; &#273;&#7897; gi&#7843;m &#273;&#7897; d&agrave;y: &#272;&#7843;m b&#7843;o &#273;&#7879;m c&oacute; th&#7875; ch&#7883;u &#273;&#432;&#7907;c s&#7921; s&#7917; d&#7909;ng l&acirc;u d&agrave;i m&agrave; kh&ocirc;ng b&#7883; h&#432; h&#7887;ng hay bi&#7871;n d&#7841;ng.<br>\nKi&#7875;m tra &#273;&#7897; b&#7873;n &aacute;p l&#7921;c c&#7841;nh &#273;&#7879;m v&agrave; gi&#7843;m &#273;&#7897; d&agrave;y: &#272;&aacute;nh gi&aacute; kh&#7843; n&#259;ng ch&#7883;u l&#7921;c t&#7841;i c&aacute;c m&eacute;p &#273;&#7879;m, n&#417;i th&#432;&#7901;ng xuy&ecirc;n ph&#7843;i ch&#7883;u t&#7843;i tr&#7885;ng.<br>\nKi&#7875;m tra &#273;&#7897; c&#7913;ng c&#7911;a &#273;&#7879;m v&agrave; ph&acirc;n lo&#7841;i t&#7921; &#273;&#7897;ng: X&aacute;c &#273;&#7883;nh m&#7913;c &#273;&#7897; c&#7913;ng v&agrave; &#273;&#432;a ra ph&acirc;n lo&#7841;i t&#7921; &#273;&#7897;ng theo ti&ecirc;u chu&#7849;n &#273;&atilde; &#273;&#7883;nh.<br>\nKi&#7875;m tra &#273;&#7897; d&agrave;y &#273;&#7879;m: &#272;o l&#432;&#7901;ng ch&iacute;nh x&aacute;c &#273;&#7897; d&agrave;y c&#7911;a &#273;&#7879;m &#273;&#7875; &#273;&#7843;m b&#7843;o t&iacute;nh nh&#7845;t qu&aacute;n v&agrave; ch&#7845;t l&#432;&#7907;ng s&#7843;n ph&#7849;m.<\/p><p>Nh&#7919;ng L&yacute; Do N&ecirc;n Mua Thi&#7871;t B&#7883; Th&#7917; Nghi&#7879;m &#272;a N&#259;ng &#272;&#7879;m Ng&#7891;i Gh&#7871; T&#7841;i Thi&#7871;t B&#7883; C&ocirc;ng Ngh&#7879; V&#7841;n N&#259;ng<\/p><p>C&ocirc;ng ty Thi&#7871;t B&#7883; C&ocirc;ng Ngh&#7879; V&#7841;n N&#259;ng l&agrave; &#273;&#7889;i t&aacute;c ch&iacute;nh th&#7913;c ph&acirc;n ph&#7889;i Thi&#7871;t B&#7883; Th&#7917; Nghi&#7879;m &#272;a N&#259;ng &#272;&#7879;m Ng&#7891;i Gh&#7871; h&agrave;ng &#273;&#7847;u t&#7841;i Vi&#7879;t Nam, cam k&#7871;t cung c&#7845;p s&#7843;n ph&#7849;m ch&iacute;nh h&atilde;ng v&#7899;i gi&aacute; c&#7843; c&#7841;nh tranh nh&#7845;t th&#7883; tr&#432;&#7901;ng. V&#7899;i uy t&iacute;n tr&ecirc;n th&#7883; tr&#432;&#7901;ng v&agrave; ch&#7871; &#273;&#7897; h&#7851;u m&atilde;i t&#7889;t, Thi&#7871;t B&#7883; C&ocirc;ng Ngh&#7879; V&#7841;n N&#259;ng &#273;&atilde; nh&#7853;n &#273;&#432;&#7907;c s&#7921; tin t&#432;&#7903;ng t&#7915; kh&aacute;ch h&agrave;ng nh&#7901; v&agrave;o ch&#7845;t l&#432;&#7907;ng h&agrave;ng &#273;&#7847;u c&#7911;a c&aacute;c d&ograve;ng s&#7843;n ph&#7849;m.<br>\nS&#7843;n ph&#7849;m c&#7911;a ch&uacute;ng t&ocirc;i &#273;&#432;&#7907;c ki&#7875;m &#273;&#7883;nh ch&#7845;t l&#432;&#7907;ng, nh&#7853;p kh&#7849;u tr&#7921;c ti&#7871;p t&#7915; nh&agrave; m&aacute;y b&ecirc;n Ch&acirc;u &Acirc;u, M&#7929;, &Uacute;c, Nh&#7853;t B&#7843;n,&hellip; v&agrave; &#273;&aacute;p &#7913;ng nhu c&#7847;u &#273;a d&#7841;ng c&#7911;a th&#7883; tr&#432;&#7901;ng nh&#432;: M&aacute;y &#272;o &#272;&#7897; C&#7913;ng, M&aacute;y SpectroMaxx, M&aacute;y Ki&#7875;m Tra &#272;&#7897; B&#7873;n S&#417;n,&hellip; Ch&uacute;ng t&ocirc;i cam k&#7871;t cung c&#7845;p s&#7843;n ph&#7849;m n&agrave;y tr&ecirc;n to&agrave;n qu&#7889;c v&#7899;i gi&aacute; c&#7843; c&#7841;nh tranh nh&#7845;t.<br>\nCh&uacute;ng t&ocirc;i c&oacute; &#273;&#7897;i ng&#361; chuy&ecirc;n vi&ecirc;n t&#432; v&#7845;n chuy&ecirc;n s&acirc;u s&#7869; h&#7895; tr&#7907; kh&aacute;ch h&agrave;ng v&#7873; chi ti&#7871;t s&#7843;n ph&#7849;m, h&#432;&#7899;ng d&#7851;n s&#7917; d&#7909;ng hay nh&#7919;ng th&#7913; li&ecirc;n quan &#273;&#7871;n v&#7845;n &#273;&#7873; m&agrave; doanh nghi&#7879;p b&#7841;n &#273;ang g&#7863;p ph&#7843;i. Ch&uacute;ng t&ocirc;i s&#7869; cung c&#7845;p nh&#7919;ng gi&#7843;i ph&aacute;p t&#7889;i &#432;u nh&#7845;t!<br>\nNgo&agrave;i ra V&#7841;n N&#259;ng Company lu&ocirc;n h&#432;&#7899;ng &#273;&#7871;n tr&#7843;i nghi&#7879;m kh&aacute;ch h&agrave;ng, v&igrave; v&#7853;y ch&uacute;ng t&ocirc;i c&oacute; nh&#7919;ng ch&iacute;nh s&aacute;ch b&#7843;o h&agrave;nh, b&#7843;o tr&igrave; &ndash; b&#7843;o d&#432;&#7905;ng, hi&#7879;u chu&#7849;n v&#7899;i t&#7845;t c&#7843; c&aacute;c thi&#7871;t b&#7883;, m&aacute;y m&oacute;c m&agrave; ch&uacute;ng t&ocirc;i cung c&#7845;p. &#272;&#7843;m b&#7843;o mang &#273;&#7871;n cho Kh&aacute;ch h&agrave;ng s&#7921; y&ecirc;n t&acirc;m tuy&#7879;t &#273;&#7889;i v&#7873; d&#7883;ch v&#7909; khi mua h&agrave;ng.<\/p><p>T&#7893;ng K&#7871;t<br>\nM&aacute;y ki&#7875;m tra &#273;a n&#259;ng &#273;&#7879;m ng&#7891;i gh&#7871; KW-BSE-38 l&agrave; c&ocirc;ng c&#7909; kh&ocirc;ng th&#7875; thi&#7871;u cho c&aacute;c doanh nghi&#7879;p s&#7843;n xu&#7845;t &#273;&#7879;m mu&#7889;n n&acirc;ng cao ch&#7845;t l&#432;&#7907;ng s&#7843;n ph&#7849;m v&agrave; t&#7889;i &#432;u h&oacute;a quy tr&igrave;nh s&#7843;n xu&#7845;t. V&#7899;i c&aacute;c t&iacute;nh n&#259;ng hi&#7879;n &#273;&#7841;i v&agrave; kh&#7843; n&#259;ng ki&#7875;m tra to&agrave;n di&#7879;n, Model KW-BSE-38 ch&#7855;c ch&#7855;n s&#7869; l&agrave; s&#7921; l&#7921;a ch&#7885;n l&yacute; t&#432;&#7903;ng &#273;&#7875; &#273;&#7843;m b&#7843;o s&#7921; h&agrave;i l&ograve;ng c&#7911;a kh&aacute;ch h&agrave;ng v&agrave; duy tr&igrave; uy t&iacute;n th&#432;&#417;ng hi&#7879;u. H&atilde;y li&ecirc;n h&#7879; v&#7899;i V&#7841;n N&#259;ng ngay &#273;&#7875; &#273;&#432;&#7907;c t&#432; v&#7845;n chuy&ecirc;n s&acirc;u v&agrave; nh&#7853;n nh&#7919;ng &#432;u &#273;&atilde;i h&#7845;p d&#7851;n nh&#7845;t th&ocirc;ng qua hotline0903 991 335 !<\/p><div style=\"background-color: #f8fafc; border: 1px solid #e2e8f0; border-radius: 8px; padding: 25px; max-width: 800px; margin: 30px auto; color: #334155; line-height: 1.8; font-size: 17px; box-shadow: 0 4px 6px -1px rgba(0,0,0,0.05); text-align: left; clear: both;\">\nC&ocirc;ng ty TNHH Th&#432;&#417;ng M&#7841;i D&#7883;ch V&#7909; Thi&#7871;t B&#7883; C&ocirc;ng Ngh&#7879; V&#7841;n N&#259;ng\n<p style=\"margin: 0 0 10px 0;\">&#128205; <strong style=\"color: #1e293b;\">&#272;&#7883;a ch&#7881;:<\/strong> <a style=\"color: #059669; text-decoration: none; font-weight: bold;\" href=\"https:\/\/www.google.com\/maps\/search\/C%C3%B4ng+ty+TNHH+Th%C6%B0%C6%A1ng+M%E1%BA%A1i+D%E1%BB%8Bch+V%E1%BB%A5+Thi%E1%BA%BFt+B%E1%BB%8B+C%C3%B4ng+Ngh%E1%BB%87+V%E1%BA%A1n+N%C4%83ng+818+Tr%C6%B0%E1%BB%9Dng+Chinh\" target=\"_blank\" rel=\"noopener\">818 Tr&#432;&#7901;ng Chinh, Ph&#432;&#7901;ng T&acirc;n S&#417;n, Th&agrave;nh ph&#7889; H&#7891; Ch&iacute; Minh, Vi&#7879;t Nam<\/a><\/p>\n<p style=\"margin: 0 0 10px 0;\">&#128222; <strong style=\"color: #1e293b;\">S&#272;T &ndash; Zalo:<\/strong> <a style=\"color: #059669; text-decoration: none; font-weight: bold;\" href=\"https:\/\/zalo.me\/0903991335\" target=\"_blank\" rel=\"noopener\">0903 991 335<\/a> <span style=\"color: #64748b; font-style: italic;\">(Ms. H&#7841;nh &ndash; Gi&aacute;m &#272;&#7889;c Kinh Doanh)<\/span><\/p>\n<p style=\"margin: 0;\">&#9993;&#65039; <strong style=\"color: #1e293b;\">Email:<\/strong> <a style=\"color: #059669; text-decoration: none; font-weight: bold;\" href=\"mailto:hienhanh@vannangvn.com\">hienhanh@vannangvn.com<\/a><\/p>\n<\/div><\/h1>","protected":false},"excerpt":{"rendered":"<p><strong>Th&#432;&#417;ng hi&#7879;u:<\/strong> OEM<br>\n<strong>Model:<\/strong> -37<p>Product <strong>THI&#7870;T B&#7882; TH&#7916; NGHI&#7878;M &#272;A N&#258;NG &#272;&#7878;M NG&#7890;I GH&#7870; KINGWELLS MODEL KW-BSE-38<\/strong> ch&iacute;nh h&atilde;ng. <\/p><\/p>","protected":false},"featured_media":8379,"comment_status":"open","ping_status":"closed","template":"","meta":[],"product_brand":[],"product_cat":[18],"product_tag":[768,769,862,2445,2449,2611,3577,116,120,222,223,527],"class_list":{"0":"post-8034","1":"product","2":"type-product","3":"status-publish","4":"has-post-thumbnail","6":"product_cat-chua-phan-loai","7":"product_tag-thiet","8":"product_tag-bi","9":"product_tag-dem","10":"product_tag-ghe","11":"product_tag-kingwells","12":"product_tag-ngoi","13":"product_tag-kw-bse-38","14":"product_tag-model","15":"product_tag-thu","16":"product_tag-da","17":"product_tag-nang","18":"product_tag-nghiem","20":"first","21":"instock","22":"shipping-taxable","23":"product-type-simple"},"yoast_head":"<!-- This site is optimized with the Yoast SEO Premium plugin v24.8 (Yoast SEO v24.8) - https:\/\/yoast.com\/wordpress\/plugins\/seo\/ -->\n<title>THI\u1ebeT B\u1eca TH\u1eec NGHI\u1ec6M \u0110A N\u0102NG \u0110\u1ec6M NG\u1ed2... ch\u00ednh h\u00e3ng | V\u1ea1n N\u0103ng<\/title>\n<meta name=\"description\" content=\"Mua ngay THI\u1ebeT B\u1eca TH\u1eec NGHI\u1ec6M \u0110A N\u0102NG \u0110\u1ec6M NG\u1ed2I GH\u1ebe KINGWELLS MODEL KW-BSE-38 ch\u00ednh h\u00e3ng. Gi\u00e1 t\u1ed1t!\" \/>\n<meta name=\"robots\" content=\"noindex, follow, max-snippet:-1, max-image-preview:large, max-video-preview:-1\" \/>\n<meta property=\"og:locale\" content=\"en_US\" \/>\n<meta property=\"og:type\" content=\"article\" \/>\n<meta property=\"og:title\" content=\"THI\u1ebeT B\u1eca TH\u1eec NGHI\u1ec6M \u0110A N\u0102NG \u0110\u1ec6M NG\u1ed2I GH\u1ebe KINGWELLS MODEL KW-BSE-38\" \/>\n<meta property=\"og:description\" content=\"Mua ngay THI\u1ebeT B\u1eca TH\u1eec NGHI\u1ec6M \u0110A N\u0102NG \u0110\u1ec6M NG\u1ed2I GH\u1ebe KINGWELLS MODEL KW-BSE-38 ch\u00ednh h\u00e3ng. Gi\u00e1 t\u1ed1t!\" \/>\n<meta property=\"og:url\" content=\"https:\/\/vannangvn.123websitedev.com\/en\/product\/thiet-bi-thu-nghiem-da-nang-dem-ngoi-ghe-kingwells-model-kw-bse-38\/\" \/>\n<meta property=\"og:site_name\" content=\"Vannang.vn\" \/>\n<meta property=\"article:modified_time\" content=\"2026-03-30T11:57:21+00:00\" \/>\n<meta property=\"og:image\" content=\"http:\/\/vannangvn.123websitedev.com\/wp-content\/uploads\/2026\/03\/KingWells-Model-KW-BSE-382-copy.jpg\" \/>\n\t<meta property=\"og:image:width\" content=\"768\" \/>\n\t<meta property=\"og:image:height\" content=\"576\" \/>\n\t<meta property=\"og:image:type\" content=\"image\/jpeg\" \/>\n<meta name=\"twitter:card\" content=\"summary_large_image\" \/>\n<meta name=\"twitter:label1\" content=\"Est. reading time\" \/>\n\t<meta name=\"twitter:data1\" content=\"8 minutes\" \/>\n<script type=\"application\/ld+json\" class=\"yoast-schema-graph\">{\"@context\":\"https:\/\/schema.org\",\"@graph\":[{\"@type\":\"WebPage\",\"@id\":\"https:\/\/vannangvn.123websitedev.com\/san-pham\/thiet-bi-thu-nghiem-da-nang-dem-ngoi-ghe-kingwells-model-kw-bse-38\/\",\"url\":\"https:\/\/vannangvn.123websitedev.com\/san-pham\/thiet-bi-thu-nghiem-da-nang-dem-ngoi-ghe-kingwells-model-kw-bse-38\/\",\"name\":\"THI\u1ebeT B\u1eca TH\u1eec NGHI\u1ec6M \u0110A N\u0102NG \u0110\u1ec6M NG\u1ed2... ch\u00ednh h\u00e3ng | V\u1ea1n N\u0103ng\",\"isPartOf\":{\"@id\":\"https:\/\/vannangvn.123websitedev.com\/#website\"},\"primaryImageOfPage\":{\"@id\":\"https:\/\/vannangvn.123websitedev.com\/san-pham\/thiet-bi-thu-nghiem-da-nang-dem-ngoi-ghe-kingwells-model-kw-bse-38\/#primaryimage\"},\"image\":{\"@id\":\"https:\/\/vannangvn.123websitedev.com\/san-pham\/thiet-bi-thu-nghiem-da-nang-dem-ngoi-ghe-kingwells-model-kw-bse-38\/#primaryimage\"},\"thumbnailUrl\":\"https:\/\/vannangvn.123websitedev.com\/wp-content\/uploads\/2026\/03\/KingWells-Model-KW-BSE-382-copy.jpg\",\"datePublished\":\"2026-03-20T12:14:56+00:00\",\"dateModified\":\"2026-03-30T11:57:21+00:00\",\"description\":\"Mua ngay THI\u1ebeT B\u1eca TH\u1eec NGHI\u1ec6M \u0110A N\u0102NG \u0110\u1ec6M NG\u1ed2I GH\u1ebe KINGWELLS MODEL KW-BSE-38 ch\u00ednh h\u00e3ng. Gi\u00e1 t\u1ed1t!\",\"breadcrumb\":{\"@id\":\"https:\/\/vannangvn.123websitedev.com\/san-pham\/thiet-bi-thu-nghiem-da-nang-dem-ngoi-ghe-kingwells-model-kw-bse-38\/#breadcrumb\"},\"inLanguage\":\"en-US\",\"potentialAction\":[{\"@type\":\"ReadAction\",\"target\":[\"https:\/\/vannangvn.123websitedev.com\/san-pham\/thiet-bi-thu-nghiem-da-nang-dem-ngoi-ghe-kingwells-model-kw-bse-38\/\"]}]},{\"@type\":\"ImageObject\",\"inLanguage\":\"en-US\",\"@id\":\"https:\/\/vannangvn.123websitedev.com\/san-pham\/thiet-bi-thu-nghiem-da-nang-dem-ngoi-ghe-kingwells-model-kw-bse-38\/#primaryimage\",\"url\":\"https:\/\/vannangvn.123websitedev.com\/wp-content\/uploads\/2026\/03\/KingWells-Model-KW-BSE-382-copy.jpg\",\"contentUrl\":\"https:\/\/vannangvn.123websitedev.com\/wp-content\/uploads\/2026\/03\/KingWells-Model-KW-BSE-382-copy.jpg\",\"width\":768,\"height\":576},{\"@type\":\"BreadcrumbList\",\"@id\":\"https:\/\/vannangvn.123websitedev.com\/san-pham\/thiet-bi-thu-nghiem-da-nang-dem-ngoi-ghe-kingwells-model-kw-bse-38\/#breadcrumb\",\"itemListElement\":[{\"@type\":\"ListItem\",\"position\":1,\"name\":\"Trang ch\u1ee7\",\"item\":\"https:\/\/vannangvn.123websitedev.com\/\"},{\"@type\":\"ListItem\",\"position\":2,\"name\":\"S\u1ea3n ph\u1ea9m\",\"item\":\"https:\/\/vannangvn.123websitedev.com\/cua-hang\/\"},{\"@type\":\"ListItem\",\"position\":3,\"name\":\"THI\u1ebeT B\u1eca TH\u1eec NGHI\u1ec6M \u0110A N\u0102NG \u0110\u1ec6M NG\u1ed2I GH\u1ebe KINGWELLS MODEL KW-BSE-38\"}]},{\"@type\":\"WebSite\",\"@id\":\"https:\/\/vannangvn.123websitedev.com\/#website\",\"url\":\"https:\/\/vannangvn.123websitedev.com\/\",\"name\":\"Vannang.vn\",\"description\":\"\",\"publisher\":{\"@id\":\"https:\/\/vannangvn.123websitedev.com\/#organization\"},\"potentialAction\":[{\"@type\":\"SearchAction\",\"target\":{\"@type\":\"EntryPoint\",\"urlTemplate\":\"https:\/\/vannangvn.123websitedev.com\/?s={search_term_string}\"},\"query-input\":{\"@type\":\"PropertyValueSpecification\",\"valueRequired\":true,\"valueName\":\"search_term_string\"}}],\"inLanguage\":\"en-US\"},{\"@type\":\"Organization\",\"@id\":\"https:\/\/vannangvn.123websitedev.com\/#organization\",\"name\":\"Vannang.vn\",\"url\":\"https:\/\/vannangvn.123websitedev.com\/\",\"logo\":{\"@type\":\"ImageObject\",\"inLanguage\":\"en-US\",\"@id\":\"https:\/\/vannangvn.123websitedev.com\/#\/schema\/logo\/image\/\",\"url\":\"https:\/\/vannangvn.123websitedev.com\/wp-content\/uploads\/2026\/02\/logo-van-nang-02.png\",\"contentUrl\":\"https:\/\/vannangvn.123websitedev.com\/wp-content\/uploads\/2026\/02\/logo-van-nang-02.png\",\"width\":448,\"height\":111,\"caption\":\"Vannang.vn\"},\"image\":{\"@id\":\"https:\/\/vannangvn.123websitedev.com\/#\/schema\/logo\/image\/\"}}]}<\/script>\n<!-- \/ Yoast SEO Premium plugin. -->","yoast_head_json":{"title":"THI\u1ebeT B\u1eca TH\u1eec NGHI\u1ec6M \u0110A N\u0102NG \u0110\u1ec6M NG\u1ed2... ch\u00ednh h\u00e3ng | V\u1ea1n N\u0103ng","description":"Mua ngay THI\u1ebeT B\u1eca TH\u1eec NGHI\u1ec6M \u0110A N\u0102NG \u0110\u1ec6M NG\u1ed2I GH\u1ebe KINGWELLS MODEL KW-BSE-38 ch\u00ednh h\u00e3ng. Gi\u00e1 t\u1ed1t!","robots":{"index":"noindex","follow":"follow","max-snippet":"max-snippet:-1","max-image-preview":"max-image-preview:large","max-video-preview":"max-video-preview:-1"},"og_locale":"en_US","og_type":"article","og_title":"THI\u1ebeT B\u1eca TH\u1eec NGHI\u1ec6M \u0110A N\u0102NG \u0110\u1ec6M NG\u1ed2I GH\u1ebe KINGWELLS MODEL KW-BSE-38","og_description":"Mua ngay THI\u1ebeT B\u1eca TH\u1eec NGHI\u1ec6M \u0110A N\u0102NG \u0110\u1ec6M NG\u1ed2I GH\u1ebe KINGWELLS MODEL KW-BSE-38 ch\u00ednh h\u00e3ng. Gi\u00e1 t\u1ed1t!","og_url":"https:\/\/vannangvn.123websitedev.com\/en\/product\/thiet-bi-thu-nghiem-da-nang-dem-ngoi-ghe-kingwells-model-kw-bse-38\/","og_site_name":"Vannang.vn","article_modified_time":"2026-03-30T11:57:21+00:00","og_image":[{"width":768,"height":576,"url":"http:\/\/vannangvn.123websitedev.com\/wp-content\/uploads\/2026\/03\/KingWells-Model-KW-BSE-382-copy.jpg","type":"image\/jpeg"}],"twitter_card":"summary_large_image","twitter_misc":{"Est. reading time":"8 minutes"},"schema":{"@context":"https:\/\/schema.org","@graph":[{"@type":"WebPage","@id":"https:\/\/vannangvn.123websitedev.com\/san-pham\/thiet-bi-thu-nghiem-da-nang-dem-ngoi-ghe-kingwells-model-kw-bse-38\/","url":"https:\/\/vannangvn.123websitedev.com\/san-pham\/thiet-bi-thu-nghiem-da-nang-dem-ngoi-ghe-kingwells-model-kw-bse-38\/","name":"THI\u1ebeT B\u1eca TH\u1eec NGHI\u1ec6M \u0110A N\u0102NG \u0110\u1ec6M NG\u1ed2... ch\u00ednh h\u00e3ng | V\u1ea1n N\u0103ng","isPartOf":{"@id":"https:\/\/vannangvn.123websitedev.com\/#website"},"primaryImageOfPage":{"@id":"https:\/\/vannangvn.123websitedev.com\/san-pham\/thiet-bi-thu-nghiem-da-nang-dem-ngoi-ghe-kingwells-model-kw-bse-38\/#primaryimage"},"image":{"@id":"https:\/\/vannangvn.123websitedev.com\/san-pham\/thiet-bi-thu-nghiem-da-nang-dem-ngoi-ghe-kingwells-model-kw-bse-38\/#primaryimage"},"thumbnailUrl":"https:\/\/vannangvn.123websitedev.com\/wp-content\/uploads\/2026\/03\/KingWells-Model-KW-BSE-382-copy.jpg","datePublished":"2026-03-20T12:14:56+00:00","dateModified":"2026-03-30T11:57:21+00:00","description":"Mua ngay THI\u1ebeT B\u1eca TH\u1eec NGHI\u1ec6M \u0110A N\u0102NG \u0110\u1ec6M NG\u1ed2I GH\u1ebe KINGWELLS MODEL KW-BSE-38 ch\u00ednh h\u00e3ng. Gi\u00e1 t\u1ed1t!","breadcrumb":{"@id":"https:\/\/vannangvn.123websitedev.com\/san-pham\/thiet-bi-thu-nghiem-da-nang-dem-ngoi-ghe-kingwells-model-kw-bse-38\/#breadcrumb"},"inLanguage":"en-US","potentialAction":[{"@type":"ReadAction","target":["https:\/\/vannangvn.123websitedev.com\/san-pham\/thiet-bi-thu-nghiem-da-nang-dem-ngoi-ghe-kingwells-model-kw-bse-38\/"]}]},{"@type":"ImageObject","inLanguage":"en-US","@id":"https:\/\/vannangvn.123websitedev.com\/san-pham\/thiet-bi-thu-nghiem-da-nang-dem-ngoi-ghe-kingwells-model-kw-bse-38\/#primaryimage","url":"https:\/\/vannangvn.123websitedev.com\/wp-content\/uploads\/2026\/03\/KingWells-Model-KW-BSE-382-copy.jpg","contentUrl":"https:\/\/vannangvn.123websitedev.com\/wp-content\/uploads\/2026\/03\/KingWells-Model-KW-BSE-382-copy.jpg","width":768,"height":576},{"@type":"BreadcrumbList","@id":"https:\/\/vannangvn.123websitedev.com\/san-pham\/thiet-bi-thu-nghiem-da-nang-dem-ngoi-ghe-kingwells-model-kw-bse-38\/#breadcrumb","itemListElement":[{"@type":"ListItem","position":1,"name":"Trang ch\u1ee7","item":"https:\/\/vannangvn.123websitedev.com\/"},{"@type":"ListItem","position":2,"name":"S\u1ea3n ph\u1ea9m","item":"https:\/\/vannangvn.123websitedev.com\/cua-hang\/"},{"@type":"ListItem","position":3,"name":"THI\u1ebeT B\u1eca TH\u1eec NGHI\u1ec6M \u0110A N\u0102NG \u0110\u1ec6M NG\u1ed2I GH\u1ebe KINGWELLS MODEL KW-BSE-38"}]},{"@type":"WebSite","@id":"https:\/\/vannangvn.123websitedev.com\/#website","url":"https:\/\/vannangvn.123websitedev.com\/","name":"Vannang.vn","description":"","publisher":{"@id":"https:\/\/vannangvn.123websitedev.com\/#organization"},"potentialAction":[{"@type":"SearchAction","target":{"@type":"EntryPoint","urlTemplate":"https:\/\/vannangvn.123websitedev.com\/?s={search_term_string}"},"query-input":{"@type":"PropertyValueSpecification","valueRequired":true,"valueName":"search_term_string"}}],"inLanguage":"en-US"},{"@type":"Organization","@id":"https:\/\/vannangvn.123websitedev.com\/#organization","name":"Vannang.vn","url":"https:\/\/vannangvn.123websitedev.com\/","logo":{"@type":"ImageObject","inLanguage":"en-US","@id":"https:\/\/vannangvn.123websitedev.com\/#\/schema\/logo\/image\/","url":"https:\/\/vannangvn.123websitedev.com\/wp-content\/uploads\/2026\/02\/logo-van-nang-02.png","contentUrl":"https:\/\/vannangvn.123websitedev.com\/wp-content\/uploads\/2026\/02\/logo-van-nang-02.png","width":448,"height":111,"caption":"Vannang.vn"},"image":{"@id":"https:\/\/vannangvn.123websitedev.com\/#\/schema\/logo\/image\/"}}]}},"_links":{"self":[{"href":"https:\/\/vannangvn.123websitedev.com\/en\/wp-json\/wp\/v2\/product\/8034","targetHints":{"allow":["GET"]}}],"collection":[{"href":"https:\/\/vannangvn.123websitedev.com\/en\/wp-json\/wp\/v2\/product"}],"about":[{"href":"https:\/\/vannangvn.123websitedev.com\/en\/wp-json\/wp\/v2\/types\/product"}],"replies":[{"embeddable":true,"href":"https:\/\/vannangvn.123websitedev.com\/en\/wp-json\/wp\/v2\/comments?post=8034"}],"wp:featuredmedia":[{"embeddable":true,"href":"https:\/\/vannangvn.123websitedev.com\/en\/wp-json\/wp\/v2\/media\/8379"}],"wp:attachment":[{"href":"https:\/\/vannangvn.123websitedev.com\/en\/wp-json\/wp\/v2\/media?parent=8034"}],"wp:term":[{"taxonomy":"product_brand","embeddable":true,"href":"https:\/\/vannangvn.123websitedev.com\/en\/wp-json\/wp\/v2\/product_brand?post=8034"},{"taxonomy":"product_cat","embeddable":true,"href":"https:\/\/vannangvn.123websitedev.com\/en\/wp-json\/wp\/v2\/product_cat?post=8034"},{"taxonomy":"product_tag","embeddable":true,"href":"https:\/\/vannangvn.123websitedev.com\/en\/wp-json\/wp\/v2\/product_tag?post=8034"}],"curies":[{"name":"wp","href":"https:\/\/api.w.org\/{rel}","templated":true}]}}