{"id":8076,"date":"2026-03-20T19:16:01","date_gmt":"2026-03-20T12:16:01","guid":{"rendered":"https:\/\/vannangvn.123websitedev.com\/san-pham\/thuoc-keo-mang-son-4-mat-biuged-model-bgd-205-5\/"},"modified":"2026-03-30T18:58:17","modified_gmt":"2026-03-30T11:58:17","slug":"thuoc-keo-mang-son-4-mat-biuged-model-bgd-205-5","status":"publish","type":"product","link":"https:\/\/vannangvn.123websitedev.com\/en\/product\/thuoc-keo-mang-son-4-mat-biuged-model-bgd-205-5\/","title":{"rendered":"TH\u01af\u1edaC K\u00c9O M\u00c0NG S\u01a0N 4 M\u1eb6T BIUGED MODEL BGD 205\/5"},"content":{"rendered":"<h1 style=\"color: red; font-weight: bold; font-size: 24px;\">T&#7893;ng quan s&#7843;n ph&#7849;m TH&#431;&#7898;C K&Eacute;O M&Agrave;NG S&#416;N 4 M&#7862;T BIUGED MODEL BGD 205\/5<p>Th&#432;&#7899;c K&eacute;o M&agrave;ng S&#417;n 4 M&#7863;t (Four-sided Applicator) Biuged Model BGD 205\/5<br>\nTh&#432;&#7899;c K&eacute;o M&agrave;ng S&#417;n BGD 205\/5 l&agrave; m&#7897;t c&ocirc;ng c&#7909; chuy&ecirc;n d&#7909;ng gi&uacute;p t&#7841;o l&#7899;p m&agrave;ng s&#417;n &#273;&#7891;ng &#273;&#7873;u tr&ecirc;n b&#7873; m&#7863;t th&#7917; nghi&#7879;m. V&#7899;i thi&#7871;t k&#7871; 4 m&#7863;t v&#7899;i &#273;&#7897; d&agrave;y kh&aacute;c nhau, Biuged BGD 205\/5 gi&uacute;p ng&#432;&#7901;i d&ugrave;ng d&#7877; d&agrave;ng &#273;i&#7873;u ch&#7881;nh &#273;&#7897; d&agrave;y m&agrave;ng s&#417;n ch&#7881; b&#7857;ng c&aacute;ch xoay d&#7909;ng c&#7909;. H&atilde;y c&ugrave;ng V&#7841;n N&#259;ng t&igrave;m hi&#7875;u chi ti&#7871;t h&#417;n v&#7873; s&#7843;n ph&#7849;m th&ocirc;ng qua b&agrave;i vi&#7871;t nh&eacute;!<\/p><p>Xem th&ecirc;m: M&#361;i Khoan &#272;o &#272;&#7897; D&agrave;y S&#417;n (Coating Drill) DJH Model S-BIT-CCS (New 2025)<\/p><p>Nh&#7919;ng N&eacute;t &#272;&#7863;c Tr&#432;ng C&#7911;a BGD 205\/5<br>\nThi&#7871;t k&#7871; 4 m&#7863;t linh ho&#7841;t<br>\nKh&ocirc;ng gi&#7889;ng nh&#432; c&aacute;c lo&#7841;i th&#432;&#7899;c k&eacute;o m&agrave;ng s&#417;n th&ocirc;ng th&#432;&#7901;ng ch&#7881; c&oacute; m&#7897;t &#273;&#7897; m&#7903; c&#7889; &#273;&#7883;nh, BGD 205\/5 c&oacute; 4 c&#7841;nh v&#7899;i 4 &#273;&#7897; m&#7903; kh&aacute;c nhau, gi&uacute;p ng&#432;&#7901;i d&ugrave;ng linh ho&#7841;t thay &#273;&#7893;i &#273;&#7897; d&agrave;y m&agrave;ng s&#417;n m&agrave; kh&ocirc;ng c&#7847;n s&#7917; d&#7909;ng nhi&#7873;u d&#7909;ng c&#7909; kh&aacute;c nhau. B&#7857;ng c&aacute;ch xoay th&#432;&#7899;c k&eacute;o m&#7897;t g&oacute;c 90&deg;, b&#7841;n c&oacute; th&#7875; ch&#7885;n m&#7897;t c&#7841;nh ph&ugrave; h&#7907;p &#273;&#7875; &#273;i&#7873;u ch&#7881;nh &#273;&#7897; d&agrave;y m&agrave;ng s&#417;n theo y&ecirc;u c&#7847;u.<br>\nCh&#7845;t li&#7879;u th&eacute;p kh&ocirc;ng g&#7881; 440C<br>\nTh&#432;&#7899;c K&eacute;o S&#417;n BGD 205\/5 &#273;&#432;&#7907;c l&agrave;m t&#7915; th&eacute;p kh&ocirc;ng g&#7881; 440C, m&#7897;t lo&#7841;i th&eacute;p cao c&#7845;p c&oacute; &#273;&#7897; c&#7913;ng v&agrave; kh&#7843; n&#259;ng ch&#7889;ng &#259;n m&ograve;n tuy&#7879;t v&#7901;i. &#272;i&#7873;u n&agrave;y gi&uacute;p s&#7843;n ph&#7849;m c&oacute; &#273;&#7897; b&#7873;n cao, gi&#7919; &#273;&#432;&#7907;c &#273;&#7897; ch&iacute;nh x&aacute;c ngay c&#7843; sau th&#7901;i gian d&agrave;i s&#7917; d&#7909;ng trong m&ocirc;i tr&#432;&#7901;ng th&#7917; nghi&#7879;m kh&#7855;c nghi&#7879;t.<\/p><p>&#272;&aacute;p &#7913;ng ti&ecirc;u chu&#7849;n ASTM D 823-25<br>\nS&#7843;n ph&#7849;m &#273;&#432;&#7907;c thi&#7871;t k&#7871; theo ti&ecirc;u chu&#7849;n ASTM D 823-25, &#273;&#7843;m b&#7843;o &#273;&#7897; ch&iacute;nh x&aacute;c cao khi ki&#7875;m tra &#273;&#7897; d&agrave;y m&agrave;ng s&#417;n. Tr&ecirc;n m&#7895;i c&#7841;nh c&#7911;a BGD 205\/5 Biuged &#273;&#7873;u &#273;&#432;&#7907;c kh&#7855;c r&otilde; th&ocirc;ng s&#7889; v&#7873; &#273;&#7897; m&#7903; (gap clearance) v&agrave; &#273;&#7897; d&agrave;y m&agrave;ng s&#417;n &#432;&#7899;t l&yacute; thuy&#7871;t, gi&uacute;p ng&#432;&#7901;i d&ugrave;ng d&#7877; d&agrave;ng ki&#7875;m so&aacute;t trong qu&aacute; tr&igrave;nh th&#7917; nghi&#7879;m.<br>\nPh&ugrave; h&#7907;p v&#7899;i nhi&#7873;u lo&#7841;i b&#7873; m&#7863;t th&#7917; nghi&#7879;m<br>\nTh&#432;&#7899;c K&eacute;o M&agrave;ng S&#417;n Biuged BGD 205\/5 ho&#7841;t &#273;&#7897;ng hi&#7879;u qu&#7843; tr&ecirc;n nhi&#7873;u lo&#7841;i b&#7873; m&#7863;t kh&aacute;c nhau, bao g&#7891;m:<\/p><p>T&#7845;m kim lo&#7841;i, k&iacute;nh, nh&#7921;a &ndash; th&#432;&#7901;ng &#273;&#432;&#7907;c s&#7917; d&#7909;ng trong ki&#7875;m tra s&#417;n c&ocirc;ng nghi&#7879;p.<br>\nGi&#7845;y, b&igrave;a c&#7913;ng &ndash; ph&#7909;c v&#7909; ng&agrave;nh m&#7921;c in v&agrave; bao b&igrave;.<br>\nB&#7873; m&#7863;t g&#7895; &ndash; ki&#7875;m tra vecni v&agrave; c&aacute;c ch&#7845;t ph&#7911; b&#7843;o v&#7879;.<\/p><p>&#7912;ng D&#7909;ng C&#7911;a Th&#432;&#7899;c K&eacute;o M&agrave;ng S&#417;n 4 M&#7863;t BGD 205\/5<br>\nTh&#432;&#7899;c K&eacute;o M&agrave;ng S&#417;n 4 M&#7863;t BGD 205\/5 l&agrave; c&ocirc;ng c&#7909; l&yacute; t&#432;&#7903;ng cho nhi&#7873;u l&#297;nh v&#7921;c th&#7917; nghi&#7879;m v&agrave; ki&#7875;m so&aacute;t ch&#7845;t l&#432;&#7907;ng, bao g&#7891;m:<\/p><p>Ng&agrave;nh s&#417;n &amp; ph&#7911; b&#7873; m&#7863;t: Ki&#7875;m tra &#273;&#7897; d&agrave;y m&agrave;ng s&#417;n, &#273;&#7897; che ph&#7911;, &#273;&#7897; b&aacute;m d&iacute;nh, &#273;&#7897; b&oacute;ng.<br>\nNg&agrave;nh m&#7921;c in: &#272;&aacute;nh gi&aacute; &#273;&#7897; ph&#7911; v&agrave; &#273;&#7897; &#273;&#7891;ng &#273;&#7873;u c&#7911;a m&#7921;c in tr&ecirc;n gi&#7845;y ho&#7863;c c&aacute;c v&#7853;t li&#7879;u kh&aacute;c.<br>\nNg&agrave;nh m&#7929; ph&#7849;m: Ki&#7875;m tra ch&#7845;t l&#432;&#7907;ng v&agrave; &#273;&#7897; &#273;&#7891;ng &#273;&#7873;u c&#7911;a c&aacute;c s&#7843;n ph&#7849;m nh&#432; kem n&#7873;n, ph&#7845;n ph&#7911;.<br>\nNg&agrave;nh keo d&aacute;n &amp; v&#7853;t li&#7879;u k&#7871;t d&iacute;nh: &#272;o l&#432;&#7901;ng &#273;&#7897; d&agrave;y c&#7911;a keo tr&ecirc;n b&#7873; m&#7863;t th&#7917; nghi&#7879;m.<\/p><p>Xem th&ecirc;m: C&acirc;y L&#259;n S&#417;n (Hand Roller) Rycobel Model FINAT<\/p><p>&#431;u &#272;i&#7875;m V&#432;&#7907;t Tr&#7897;i C&#7911;a BGD 205\/5<\/p><p>&#272;&#7897; ch&iacute;nh x&aacute;c cao, Four-side Applicator BGD 205\/5 &#273;&#7843;m b&#7843;o k&#7871;t qu&#7843; th&#7917; nghi&#7879;m &#273;&aacute;ng tin c&#7853;y.<br>\nTi&#7871;t ki&#7879;m th&#7901;i gian, gi&uacute;p th&#7921;c hi&#7879;n ki&#7875;m tra nhanh ch&oacute;ng.<br>\n&#272;&#7897; b&#7873;n cao, D&#7909;ng C&#7909; K&eacute;o M&agrave;ng S&#417;n BGD 205\/5 gi&#7843;m chi ph&iacute; thay th&#7871; d&#7909;ng c&#7909;.<br>\nLinh ho&#7841;t v&#7899;i nhi&#7873;u lo&#7841;i s&#417;n, m&#7921;c in, vecni, keo d&aacute;n.<br>\n&#272;&aacute;p &#7913;ng ti&ecirc;u chu&#7849;n qu&#7889;c t&#7871;, ph&ugrave; h&#7907;p cho ph&ograve;ng th&iacute; nghi&#7879;m chuy&ecirc;n nghi&#7879;p.<\/p><p>H&#432;&#7899;ng D&#7851;n S&#7917; D&#7909;ng Th&#432;&#7899;c K&eacute;o M&agrave;ng S&#417;n<\/p><p>Chu&#7849;n b&#7883; b&#7873; m&#7863;t th&#7917; nghi&#7879;m: &#272;&#7843;m b&#7843;o b&#7873; m&#7863;t s&#7841;ch, ph&#7859;ng &#273;&#7875; kh&ocirc;ng &#7843;nh h&#432;&#7903;ng &#273;&#7871;n &#273;&#7897; d&agrave;y m&agrave;ng s&#417;n.<br>\nL&#7921;a ch&#7885;n c&#7841;nh ph&ugrave; h&#7907;p: Ch&#7885;n m&#7897;t trong 4 c&#7841;nh c&oacute; &#273;&#7897; m&#7903; t&#432;&#417;ng &#7913;ng v&#7899;i &#273;&#7897; d&agrave;y m&agrave;ng s&#417;n mong mu&#7889;n.<br>\n&#272;&#7893; s&#417;n l&ecirc;n gi&#7845;y k&eacute;o s&#417;n: S&#7917; d&#7909;ng m&#7897;t l&#432;&#7907;ng s&#417;n v&#7915;a &#273;&#7911; &#273;&#7875; &#273;&#7843;m b&#7843;o l&#7899;p ph&#7911; &#273;&#7891;ng &#273;&#7873;u.<br>\nK&eacute;o th&#432;&#7899;c qua b&#7873; m&#7863;t v&#7899;i t&#7889;c &#273;&#7897; &#7893;n &#273;&#7883;nh: Tr&aacute;nh rung tay ho&#7863;c thay &#273;&#7893;i &aacute;p l&#7921;c khi k&eacute;o &#273;&#7875; &#273;&#7843;m b&#7843;o &#273;&#7897; d&agrave;y &#273;&#7891;ng &#273;&#7873;u.<br>\n&#272;&#7875; m&#7851;u kh&ocirc; theo th&#7901;i gian ti&ecirc;u chu&#7849;n tr&#432;&#7899;c khi ti&#7871;p t&#7909;c c&aacute;c ph&eacute;p &#273;o ti&#7871;p theo.<\/p><p>Nh&#7919;ng L&yacute; Do N&ecirc;n Mua Th&#432;&#7899;c K&eacute;o M&agrave;ng S&#417;n 4 M&#7863;t T&#7841;i V&#7841;n N&#259;ng<\/p><p>C&ocirc;ng ty Thi&#7871;t B&#7883; C&ocirc;ng Ngh&#7879; V&#7841;n N&#259;ng l&agrave; &#273;&#7889;i t&aacute;c ch&iacute;nh th&#7913;c ph&acirc;n ph&#7889;i Th&#432;&#7899;c K&eacute;o M&agrave;ng S&#417;n 4 M&#7863;t h&agrave;ng &#273;&#7847;u t&#7841;i Vi&#7879;t Nam, cam k&#7871;t cung c&#7845;p s&#7843;n ph&#7849;m ch&iacute;nh h&atilde;ng v&#7899;i gi&aacute; c&#7843; c&#7841;nh tranh nh&#7845;t th&#7883; tr&#432;&#7901;ng. V&#7899;i uy t&iacute;n tr&ecirc;n th&#7883; tr&#432;&#7901;ng v&agrave; ch&#7871; &#273;&#7897; h&#7851;u m&atilde;i t&#7889;t, Thi&#7871;t B&#7883; C&ocirc;ng Ngh&#7879; V&#7841;n N&#259;ng &#273;&atilde; nh&#7853;n &#273;&#432;&#7907;c s&#7921; tin t&#432;&#7903;ng t&#7915; kh&aacute;ch h&agrave;ng nh&#7901; v&agrave;o ch&#7845;t l&#432;&#7907;ng h&agrave;ng &#273;&#7847;u c&#7911;a c&aacute;c d&ograve;ng s&#7843;n ph&#7849;m.<br>\nS&#7843;n ph&#7849;m c&#7911;a ch&uacute;ng t&ocirc;i &#273;&#432;&#7907;c ki&#7875;m &#273;&#7883;nh ch&#7845;t l&#432;&#7907;ng, nh&#7853;p kh&#7849;u tr&#7921;c ti&#7871;p t&#7915; nh&agrave; m&aacute;y b&ecirc;n Ch&acirc;u &Acirc;u, M&#7929;, &Uacute;c, Nh&#7853;t B&#7843;n,&hellip; v&agrave; &#273;&aacute;p &#7913;ng nhu c&#7847;u &#273;a d&#7841;ng c&#7911;a th&#7883; tr&#432;&#7901;ng nh&#432;: M&aacute;y &#272;o &#272;&#7897; C&#7913;ng, M&aacute;y SPECTROMAXx, M&aacute;y Ki&#7875;m Tra &#272;&#432;&#7901;ng Gh&eacute;p M&iacute; Lon,&hellip; Ch&uacute;ng t&ocirc;i cam k&#7871;t cung c&#7845;p s&#7843;n ph&#7849;m n&agrave;y tr&ecirc;n to&agrave;n qu&#7889;c v&#7899;i gi&aacute; c&#7843; c&#7841;nh tranh nh&#7845;t.<br>\nCh&uacute;ng t&ocirc;i c&oacute; &#273;&#7897;i ng&#361; chuy&ecirc;n vi&ecirc;n t&#432; v&#7845;n chuy&ecirc;n s&acirc;u s&#7869; h&#7895; tr&#7907; kh&aacute;ch h&agrave;ng v&#7873; chi ti&#7871;t s&#7843;n ph&#7849;m, h&#432;&#7899;ng d&#7851;n s&#7917; d&#7909;ng hay nh&#7919;ng th&#7913; li&ecirc;n quan &#273;&#7871;n v&#7845;n &#273;&#7873; m&agrave; doanh nghi&#7879;p b&#7841;n &#273;ang g&#7863;p ph&#7843;i. Ch&uacute;ng t&ocirc;i s&#7869; cung c&#7845;p nh&#7919;ng gi&#7843;i ph&aacute;p t&#7889;i &#432;u nh&#7845;t!<br>\nNgo&agrave;i ra Thi&#7871;t B&#7883; C&ocirc;ng Ngh&#7879; V&#7841;n N&#259;ng Ch&uacute;ng T&ocirc;i lu&ocirc;n h&#432;&#7899;ng &#273;&#7871;n tr&#7843;i nghi&#7879;m kh&aacute;ch h&agrave;ng, v&igrave; v&#7853;y ch&uacute;ng t&ocirc;i c&oacute; nh&#7919;ng ch&iacute;nh s&aacute;ch b&#7843;o h&agrave;nh, b&#7843;o tr&igrave; &ndash; b&#7843;o d&#432;&#7905;ng, hi&#7879;u chu&#7849;n v&#7899;i t&#7845;t c&#7843; c&aacute;c thi&#7871;t b&#7883;, m&aacute;y m&oacute;c m&agrave; ch&uacute;ng t&ocirc;i cung c&#7845;p. &#272;&#7843;m b&#7843;o mang &#273;&#7871;n cho Kh&aacute;ch h&agrave;ng s&#7921; y&ecirc;n t&acirc;m tuy&#7879;t &#273;&#7889;i v&#7873; d&#7883;ch v&#7909; khi mua h&agrave;ng.<\/p><p>Xem th&ecirc;m: M&aacute;y &#272;o &#272;&#7897; B&#7873;n M&agrave;ng S&#417;n (Cupping Tester) BGD 309 Biuged<\/p><p>T&#7893;ng K&#7871;t<br>\nTh&#432;&#7899;c K&eacute;o S&#417;n 4 M&#7863;t BGD 205\/5 l&agrave; c&ocirc;ng c&#7909; kh&ocirc;ng th&#7875; thi&#7871;u trong ki&#7875;m tra ch&#7845;t l&#432;&#7907;ng s&#417;n v&agrave; v&#7853;t li&#7879;u ph&#7911;. V&#7899;i thi&#7871;t k&#7871; linh ho&#7841;t, ch&#7845;t li&#7879;u cao c&#7845;p v&agrave; &#273;&#7897; ch&iacute;nh x&aacute;c cao, s&#7843;n ph&#7849;m n&agrave;y gi&uacute;p n&acirc;ng cao &#273;&#7897; &#7893;n &#273;&#7883;nh v&agrave; tin c&#7853;y trong c&aacute;c th&#7917; nghi&#7879;m s&#417;n. H&atilde;y li&ecirc;n h&#7879; v&#7899;i Thi&#7871;t B&#7883; C&ocirc;ng Ngh&#7879; V&#7841;n N&#259;ng ngay &#273;&#7875; &#273;&#432;&#7907;c t&#432; v&#7845;n chuy&ecirc;n s&acirc;u v&agrave; nh&#7853;n c&aacute;c &#432;u &#273;&atilde;i h&#7845;p d&#7851;n nh&#7845;t th&ocirc;ng qua hotline\/zalo: <a href=\"https:\/\/zalo.me\/0903991335\" target=\"_blank\" rel=\"noopener\" style=\"color: #059669; font-weight: bold; text-decoration: none;\">0903 991 335<\/a>!<\/p><div style=\"background-color: #f8fafc; border: 1px solid #e2e8f0; border-radius: 8px; padding: 25px; max-width: 800px; margin: 30px auto; color: #334155; line-height: 1.8; font-size: 17px; box-shadow: 0 4px 6px -1px rgba(0,0,0,0.05); text-align: left; clear: both;\">\nC&ocirc;ng ty TNHH Th&#432;&#417;ng M&#7841;i D&#7883;ch V&#7909; Thi&#7871;t B&#7883; C&ocirc;ng Ngh&#7879; V&#7841;n N&#259;ng\n<p style=\"margin: 0 0 10px 0;\">&#128205; <strong style=\"color: #1e293b;\">&#272;&#7883;a ch&#7881;:<\/strong> <a style=\"color: #059669; text-decoration: none; font-weight: bold;\" href=\"https:\/\/www.google.com\/maps\/search\/C%C3%B4ng+ty+TNHH+Th%C6%B0%C6%A1ng+M%E1%BA%A1i+D%E1%BB%8Bch+V%E1%BB%A5+Thi%E1%BA%BFt+B%E1%BB%8B+C%C3%B4ng+Ngh%E1%BB%87+V%E1%BA%A1n+N%C4%83ng+818+Tr%C6%B0%E1%BB%9Dng+Chinh\" target=\"_blank\" rel=\"noopener\">818 Tr&#432;&#7901;ng Chinh, Ph&#432;&#7901;ng T&acirc;n S&#417;n, Th&agrave;nh ph&#7889; H&#7891; Ch&iacute; Minh, Vi&#7879;t Nam<\/a><\/p>\n<p style=\"margin: 0 0 10px 0;\">&#128222; <strong style=\"color: #1e293b;\">S&#272;T &ndash; Zalo:<\/strong> <a style=\"color: #059669; text-decoration: none; font-weight: bold;\" href=\"https:\/\/zalo.me\/0903991335\" target=\"_blank\" rel=\"noopener\">0903 991 335<\/a> <span style=\"color: #64748b; font-style: italic;\">(Ms. H&#7841;nh &ndash; Gi&aacute;m &#272;&#7889;c Kinh Doanh)<\/span><\/p>\n<p style=\"margin: 0;\">&#9993;&#65039; <strong style=\"color: #1e293b;\">Email:<\/strong> <a style=\"color: #059669; text-decoration: none; font-weight: bold;\" href=\"mailto:hienhanh@vannangvn.com\">hienhanh@vannangvn.com<\/a><\/p>\n<\/div><\/h1>","protected":false},"excerpt":{"rendered":"<p><strong>Th&#432;&#417;ng hi&#7879;u:<\/strong> Th&#432;&#7899;c K&eacute;o M&agrave;ng S&#417;n BGD 205\/5&nbsp;l&agrave; m&#7897;t c&ocirc;ng c&#7909; chuy&ecirc;n d&#7909;ng gi&uacute;p t&#7841;o l&#7899;p m&agrave;ng s&#417;n &#273;&#7891;ng &#273;&#7873;u tr&ecirc;n b&#7873; m&#7863;t th&#7917; nghi&#7879;m. V&#7899;i thi&#7871;t k&#7871; 4 m&#7863;t v&#7899;i &#273;&#7897; d&agrave;y kh&aacute;c nhau, s&#7843;n ph&#7849;m n&agrave;y gi&uacute;p ng&#432;&#7901;i d&ugrave;ng d&#7877; d&agrave;ng &#273;i&#7873;u ch&#7881;nh &#273;&#7897; d&agrave;y m&agrave;ng s&#417;n ch&#7881; b&#7857;ng c&aacute;ch xoay d&#7909;ng c&#7909;.<br>\n<strong>Model:<\/strong> BGD 205\/5<p>Product <strong>TH&#431;&#7898;C K&Eacute;O M&Agrave;NG S&#416;N 4 M&#7862;T BIUGED MODEL BGD 205\/5<\/strong> ch&iacute;nh h&atilde;ng. Th&#432;&#7899;c K&eacute;o M&agrave;ng S&#417;n BGD 205\/5&nbsp;l&agrave; m&#7897;t c&ocirc;ng c&#7909; chuy&ecirc;n d&#7909;ng gi&uacute;p t&#7841;o l&#7899;p m&agrave;ng s&#417;n &#273;&#7891;ng &#273;&#7873;u tr&ecirc;n b&#7873; m&#7863;t th&#7917; nghi&#7879;m. V&#7899;i thi&#7871;t k&#7871; 4 m&#7863;t v&#7899;i &#273;&#7897; d&agrave;y kh&aacute;c nhau, s&#7843;n ph&#7849;m n&agrave;y gi&uacute;p ng&#432;&#7901;i d&ugrave;ng d&#7877; d&agrave;ng &#273;i&#7873;u ch&#7881;nh &#273;&#7897; d&agrave;y m&agrave;ng s&#417;n ch&#7881; b&#7857;ng c&aacute;ch xoay d&#7909;ng c&#7909;.<\/p><\/p>","protected":false},"featured_media":0,"comment_status":"open","ping_status":"closed","template":"","meta":[],"product_brand":[],"product_cat":[18],"product_tag":[116,176,178,216,217,218,219,449,675,3628],"class_list":{"0":"post-8076","1":"product","2":"type-product","3":"status-publish","5":"product_cat-chua-phan-loai","6":"product_tag-model","7":"product_tag-keo","8":"product_tag-mat","9":"product_tag-mang","10":"product_tag-son","11":"product_tag-biuged","12":"product_tag-bgd","13":"product_tag-thuoc","14":"product_tag-675","15":"product_tag-205-5","17":"first","18":"instock","19":"shipping-taxable","20":"product-type-simple"},"yoast_head":"<!-- This site is optimized with the Yoast SEO Premium plugin v24.8 (Yoast SEO v24.8) - https:\/\/yoast.com\/wordpress\/plugins\/seo\/ -->\n<title>TH\u01af\u1edaC K\u00c9O M\u00c0NG S\u01a0N 4 M\u1eb6T BIUGED MOD... ch\u00ednh h\u00e3ng | V\u1ea1n N\u0103ng<\/title>\n<meta name=\"description\" content=\"Mua ngay TH\u01af\u1edaC K\u00c9O M\u00c0NG S\u01a0N 4 M\u1eb6T BIUGED MODEL BGD 205\/5 ch\u00ednh h\u00e3ng. Gi\u00e1 t\u1ed1t!\" \/>\n<meta name=\"robots\" content=\"noindex, follow, max-snippet:-1, max-image-preview:large, max-video-preview:-1\" \/>\n<meta property=\"og:locale\" content=\"en_US\" \/>\n<meta property=\"og:type\" content=\"article\" \/>\n<meta property=\"og:title\" content=\"TH\u01af\u1edaC K\u00c9O M\u00c0NG S\u01a0N 4 M\u1eb6T BIUGED MODEL BGD 205\/5\" \/>\n<meta property=\"og:description\" content=\"Mua ngay TH\u01af\u1edaC K\u00c9O M\u00c0NG S\u01a0N 4 M\u1eb6T BIUGED MODEL BGD 205\/5 ch\u00ednh h\u00e3ng. Gi\u00e1 t\u1ed1t!\" \/>\n<meta property=\"og:url\" content=\"https:\/\/vannangvn.123websitedev.com\/en\/product\/thuoc-keo-mang-son-4-mat-biuged-model-bgd-205-5\/\" \/>\n<meta property=\"og:site_name\" content=\"Vannang.vn\" \/>\n<meta property=\"article:modified_time\" content=\"2026-03-30T11:58:17+00:00\" \/>\n<meta name=\"twitter:card\" content=\"summary_large_image\" \/>\n<meta name=\"twitter:label1\" content=\"Est. reading time\" \/>\n\t<meta name=\"twitter:data1\" content=\"8 minutes\" \/>\n<script type=\"application\/ld+json\" class=\"yoast-schema-graph\">{\"@context\":\"https:\/\/schema.org\",\"@graph\":[{\"@type\":\"WebPage\",\"@id\":\"https:\/\/vannangvn.123websitedev.com\/san-pham\/thuoc-keo-mang-son-4-mat-biuged-model-bgd-205-5\/\",\"url\":\"https:\/\/vannangvn.123websitedev.com\/san-pham\/thuoc-keo-mang-son-4-mat-biuged-model-bgd-205-5\/\",\"name\":\"TH\u01af\u1edaC K\u00c9O M\u00c0NG S\u01a0N 4 M\u1eb6T BIUGED MOD... ch\u00ednh h\u00e3ng | V\u1ea1n N\u0103ng\",\"isPartOf\":{\"@id\":\"https:\/\/vannangvn.123websitedev.com\/#website\"},\"datePublished\":\"2026-03-20T12:16:01+00:00\",\"dateModified\":\"2026-03-30T11:58:17+00:00\",\"description\":\"Mua ngay TH\u01af\u1edaC K\u00c9O M\u00c0NG S\u01a0N 4 M\u1eb6T BIUGED MODEL BGD 205\/5 ch\u00ednh h\u00e3ng. Gi\u00e1 t\u1ed1t!\",\"breadcrumb\":{\"@id\":\"https:\/\/vannangvn.123websitedev.com\/san-pham\/thuoc-keo-mang-son-4-mat-biuged-model-bgd-205-5\/#breadcrumb\"},\"inLanguage\":\"en-US\",\"potentialAction\":[{\"@type\":\"ReadAction\",\"target\":[\"https:\/\/vannangvn.123websitedev.com\/san-pham\/thuoc-keo-mang-son-4-mat-biuged-model-bgd-205-5\/\"]}]},{\"@type\":\"BreadcrumbList\",\"@id\":\"https:\/\/vannangvn.123websitedev.com\/san-pham\/thuoc-keo-mang-son-4-mat-biuged-model-bgd-205-5\/#breadcrumb\",\"itemListElement\":[{\"@type\":\"ListItem\",\"position\":1,\"name\":\"Trang ch\u1ee7\",\"item\":\"https:\/\/vannangvn.123websitedev.com\/\"},{\"@type\":\"ListItem\",\"position\":2,\"name\":\"S\u1ea3n ph\u1ea9m\",\"item\":\"https:\/\/vannangvn.123websitedev.com\/cua-hang\/\"},{\"@type\":\"ListItem\",\"position\":3,\"name\":\"TH\u01af\u1edaC K\u00c9O M\u00c0NG S\u01a0N 4 M\u1eb6T BIUGED MODEL BGD 205\/5\"}]},{\"@type\":\"WebSite\",\"@id\":\"https:\/\/vannangvn.123websitedev.com\/#website\",\"url\":\"https:\/\/vannangvn.123websitedev.com\/\",\"name\":\"Vannang.vn\",\"description\":\"\",\"publisher\":{\"@id\":\"https:\/\/vannangvn.123websitedev.com\/#organization\"},\"potentialAction\":[{\"@type\":\"SearchAction\",\"target\":{\"@type\":\"EntryPoint\",\"urlTemplate\":\"https:\/\/vannangvn.123websitedev.com\/?s={search_term_string}\"},\"query-input\":{\"@type\":\"PropertyValueSpecification\",\"valueRequired\":true,\"valueName\":\"search_term_string\"}}],\"inLanguage\":\"en-US\"},{\"@type\":\"Organization\",\"@id\":\"https:\/\/vannangvn.123websitedev.com\/#organization\",\"name\":\"Vannang.vn\",\"url\":\"https:\/\/vannangvn.123websitedev.com\/\",\"logo\":{\"@type\":\"ImageObject\",\"inLanguage\":\"en-US\",\"@id\":\"https:\/\/vannangvn.123websitedev.com\/#\/schema\/logo\/image\/\",\"url\":\"https:\/\/vannangvn.123websitedev.com\/wp-content\/uploads\/2026\/02\/logo-van-nang-02.png\",\"contentUrl\":\"https:\/\/vannangvn.123websitedev.com\/wp-content\/uploads\/2026\/02\/logo-van-nang-02.png\",\"width\":448,\"height\":111,\"caption\":\"Vannang.vn\"},\"image\":{\"@id\":\"https:\/\/vannangvn.123websitedev.com\/#\/schema\/logo\/image\/\"}}]}<\/script>\n<!-- \/ Yoast SEO Premium plugin. -->","yoast_head_json":{"title":"TH\u01af\u1edaC K\u00c9O M\u00c0NG S\u01a0N 4 M\u1eb6T BIUGED MOD... ch\u00ednh h\u00e3ng | V\u1ea1n N\u0103ng","description":"Mua ngay TH\u01af\u1edaC K\u00c9O M\u00c0NG S\u01a0N 4 M\u1eb6T BIUGED MODEL BGD 205\/5 ch\u00ednh h\u00e3ng. Gi\u00e1 t\u1ed1t!","robots":{"index":"noindex","follow":"follow","max-snippet":"max-snippet:-1","max-image-preview":"max-image-preview:large","max-video-preview":"max-video-preview:-1"},"og_locale":"en_US","og_type":"article","og_title":"TH\u01af\u1edaC K\u00c9O M\u00c0NG S\u01a0N 4 M\u1eb6T BIUGED MODEL BGD 205\/5","og_description":"Mua ngay TH\u01af\u1edaC K\u00c9O M\u00c0NG S\u01a0N 4 M\u1eb6T BIUGED MODEL BGD 205\/5 ch\u00ednh h\u00e3ng. Gi\u00e1 t\u1ed1t!","og_url":"https:\/\/vannangvn.123websitedev.com\/en\/product\/thuoc-keo-mang-son-4-mat-biuged-model-bgd-205-5\/","og_site_name":"Vannang.vn","article_modified_time":"2026-03-30T11:58:17+00:00","twitter_card":"summary_large_image","twitter_misc":{"Est. reading time":"8 minutes"},"schema":{"@context":"https:\/\/schema.org","@graph":[{"@type":"WebPage","@id":"https:\/\/vannangvn.123websitedev.com\/san-pham\/thuoc-keo-mang-son-4-mat-biuged-model-bgd-205-5\/","url":"https:\/\/vannangvn.123websitedev.com\/san-pham\/thuoc-keo-mang-son-4-mat-biuged-model-bgd-205-5\/","name":"TH\u01af\u1edaC K\u00c9O M\u00c0NG S\u01a0N 4 M\u1eb6T BIUGED MOD... ch\u00ednh h\u00e3ng | V\u1ea1n N\u0103ng","isPartOf":{"@id":"https:\/\/vannangvn.123websitedev.com\/#website"},"datePublished":"2026-03-20T12:16:01+00:00","dateModified":"2026-03-30T11:58:17+00:00","description":"Mua ngay TH\u01af\u1edaC K\u00c9O M\u00c0NG S\u01a0N 4 M\u1eb6T BIUGED MODEL BGD 205\/5 ch\u00ednh h\u00e3ng. Gi\u00e1 t\u1ed1t!","breadcrumb":{"@id":"https:\/\/vannangvn.123websitedev.com\/san-pham\/thuoc-keo-mang-son-4-mat-biuged-model-bgd-205-5\/#breadcrumb"},"inLanguage":"en-US","potentialAction":[{"@type":"ReadAction","target":["https:\/\/vannangvn.123websitedev.com\/san-pham\/thuoc-keo-mang-son-4-mat-biuged-model-bgd-205-5\/"]}]},{"@type":"BreadcrumbList","@id":"https:\/\/vannangvn.123websitedev.com\/san-pham\/thuoc-keo-mang-son-4-mat-biuged-model-bgd-205-5\/#breadcrumb","itemListElement":[{"@type":"ListItem","position":1,"name":"Trang ch\u1ee7","item":"https:\/\/vannangvn.123websitedev.com\/"},{"@type":"ListItem","position":2,"name":"S\u1ea3n ph\u1ea9m","item":"https:\/\/vannangvn.123websitedev.com\/cua-hang\/"},{"@type":"ListItem","position":3,"name":"TH\u01af\u1edaC K\u00c9O M\u00c0NG S\u01a0N 4 M\u1eb6T BIUGED MODEL BGD 205\/5"}]},{"@type":"WebSite","@id":"https:\/\/vannangvn.123websitedev.com\/#website","url":"https:\/\/vannangvn.123websitedev.com\/","name":"Vannang.vn","description":"","publisher":{"@id":"https:\/\/vannangvn.123websitedev.com\/#organization"},"potentialAction":[{"@type":"SearchAction","target":{"@type":"EntryPoint","urlTemplate":"https:\/\/vannangvn.123websitedev.com\/?s={search_term_string}"},"query-input":{"@type":"PropertyValueSpecification","valueRequired":true,"valueName":"search_term_string"}}],"inLanguage":"en-US"},{"@type":"Organization","@id":"https:\/\/vannangvn.123websitedev.com\/#organization","name":"Vannang.vn","url":"https:\/\/vannangvn.123websitedev.com\/","logo":{"@type":"ImageObject","inLanguage":"en-US","@id":"https:\/\/vannangvn.123websitedev.com\/#\/schema\/logo\/image\/","url":"https:\/\/vannangvn.123websitedev.com\/wp-content\/uploads\/2026\/02\/logo-van-nang-02.png","contentUrl":"https:\/\/vannangvn.123websitedev.com\/wp-content\/uploads\/2026\/02\/logo-van-nang-02.png","width":448,"height":111,"caption":"Vannang.vn"},"image":{"@id":"https:\/\/vannangvn.123websitedev.com\/#\/schema\/logo\/image\/"}}]}},"_links":{"self":[{"href":"https:\/\/vannangvn.123websitedev.com\/en\/wp-json\/wp\/v2\/product\/8076","targetHints":{"allow":["GET"]}}],"collection":[{"href":"https:\/\/vannangvn.123websitedev.com\/en\/wp-json\/wp\/v2\/product"}],"about":[{"href":"https:\/\/vannangvn.123websitedev.com\/en\/wp-json\/wp\/v2\/types\/product"}],"replies":[{"embeddable":true,"href":"https:\/\/vannangvn.123websitedev.com\/en\/wp-json\/wp\/v2\/comments?post=8076"}],"wp:attachment":[{"href":"https:\/\/vannangvn.123websitedev.com\/en\/wp-json\/wp\/v2\/media?parent=8076"}],"wp:term":[{"taxonomy":"product_brand","embeddable":true,"href":"https:\/\/vannangvn.123websitedev.com\/en\/wp-json\/wp\/v2\/product_brand?post=8076"},{"taxonomy":"product_cat","embeddable":true,"href":"https:\/\/vannangvn.123websitedev.com\/en\/wp-json\/wp\/v2\/product_cat?post=8076"},{"taxonomy":"product_tag","embeddable":true,"href":"https:\/\/vannangvn.123websitedev.com\/en\/wp-json\/wp\/v2\/product_tag?post=8076"}],"curies":[{"name":"wp","href":"https:\/\/api.w.org\/{rel}","templated":true}]}}