{"id":8122,"date":"2026-03-20T19:16:59","date_gmt":"2026-03-20T12:16:59","guid":{"rendered":"https:\/\/vannangvn.123websitedev.com\/san-pham\/truc-phu-can-coating-va-laminating-harper-laserkote\/"},"modified":"2026-03-30T18:59:18","modified_gmt":"2026-03-30T11:59:18","slug":"truc-phu-can-coating-va-laminating-harper-laserkote","status":"publish","type":"product","link":"https:\/\/vannangvn.123websitedev.com\/en\/product\/truc-phu-can-coating-va-laminating-harper-laserkote\/","title":{"rendered":"TR\u1ee4C PH\u1ee6 &#038; C\u00c1N COATING V\u00c0 LAMINATING HARPER LASERKOTE"},"content":{"rendered":"<h1 style=\"color: red; font-weight: bold; font-size: 24px;\">T&#7893;ng quan s&#7843;n ph&#7849;m TR&#7908;C PH&#7910; &amp; C&Aacute;N COATING V&Agrave; LAMINATING HARPER LASERKOTE<p>Tr&#7909;c Ph&#7911; &amp; C&aacute;n Ch&iacute;nh X&aacute;c Cao Harper LaserKote&trade;<br>\nTr&#7909;c Ph&#7911; &amp; C&aacute;n Harper LaserKote&trade; l&agrave; d&ograve;ng tr&#7909;c ph&#7911; cao c&#7845;p d&agrave;nh ri&ecirc;ng cho c&aacute;c quy tr&igrave;nh coating v&agrave; lamination y&ecirc;u c&#7847;u &#273;&#7897; ch&iacute;nh x&aacute;c c&#7921;c cao. B&#7873; m&#7863;t tr&#7909;c &#273;&#432;&#7907;c x&#7917; l&yacute; b&#7857;ng c&ocirc;ng ngh&#7879; laser h&oacute;a c&#7913;ng, t&#7841;o n&ecirc;n l&#7899;p ho&agrave;n thi&#7879;n c&oacute; &#273;&#7897; b&#7873;n v&#432;&#7907;t tr&#7897;i, kh&ocirc;ng bi&#7871;n d&#7841;ng trong qu&aacute; tr&igrave;nh v&#7853;n h&agrave;nh v&agrave; hi&#7879;u su&#7845;t truy&#7873;n v&#7853;t li&#7879;u &#7893;n &#273;&#7883;nh l&acirc;u d&agrave;i.<br>\nSo v&#7899;i tr&#7909;c chrome ho&#7863;c g&#7889;m truy&#7873;n th&#7889;ng, Tr&#7909;c LaserKote&trade; cho kh&#7843; n&#259;ng ki&#7875;m so&aacute;t l&#7899;p ph&#7911; t&#7889;t h&#417;n, tu&#7893;i th&#7885; cao h&#417;n v&agrave; ch&#7845;t l&#432;&#7907;ng th&agrave;nh ph&#7849;m &#273;&#7891;ng &#273;&#7873;u h&#417;n. H&atilde;y c&ugrave;ng V&#7841;n N&#259;ng t&igrave;m hi&#7875;u chi ti&#7871;t h&#417;n v&#7873; s&#7843;n ph&#7849;m th&ocirc;ng qua b&agrave;i vi&#7871;t d&#432;&#7899;i &#273;&acirc;y nh&eacute;!<\/p><h2 style=\"color: #2e7d32; font-weight: bold; font-size: 20px;\">&#272;&#7863;c &#272;i&#7875;m N&#7893;i B&#7853;t C&#7911;a Tr&#7909;c LaserKote&trade;<\/h2><p>&#272;&#7897; b&#7873;n b&#7873; m&#7863;t v&#432;&#7907;t tr&#7897;i v&#7899;i c&ocirc;ng ngh&#7879; LaserKote&trade;<br>\nL&#7899;p ph&#7911; LaserKote&trade; laser-hard t&#7841;o b&#7873; m&#7863;t c&#7913;ng, ch&#7889;ng m&agrave;i m&ograve;n v&agrave; ch&#7889;ng &#259;n m&ograve;n cao, ph&ugrave; h&#7907;p cho m&ocirc;i tr&#432;&#7901;ng s&#7843;n xu&#7845;t li&ecirc;n t&#7909;c. So v&#7899;i tr&#7909;c chrome v&agrave; ceramic th&ocirc;ng th&#432;&#7901;ng, LaserKote&trade; duy tr&igrave; h&igrave;nh d&#7841;ng &ocirc; ch&#7913;a (cell geometry) &#7893;n &#273;&#7883;nh trong th&#7901;i gian d&agrave;i, gi&#7843;m t&#7847;n su&#7845;t b&#7843;o tr&igrave; v&agrave; thay th&#7871;.<br>\nKi&#7875;m so&aacute;t l&#7899;p ph&#7911; ch&iacute;nh x&aacute;c trong coating &amp; lamination<br>\nLaserKote&trade; precision roll cho ph&eacute;p ki&#7875;m so&aacute;t ch&iacute;nh x&aacute;c th&#7875; t&iacute;ch ph&#7911; (BCM) v&agrave; m&#7853;t &#273;&#7897; cell (CPI), &#273;&#7843;m b&#7843;o l&#7899;p m&#7921;c, keo ho&#7863;c coating &#273;&#432;&#7907;c ph&acirc;n b&#7889; &#273;&#7891;ng &#273;&#7873;u tr&ecirc;n to&agrave;n b&#7897; b&#7873; m&#7863;t v&#7853;t li&#7879;u.<br>\nT&#432;&#417;ng th&iacute;ch &#273;a d&#7841;ng h&igrave;nh h&#7885;c cell<br>\nLaserKote&trade; h&#7895; tr&#7907; nhi&#7873;u c&#7845;u tr&uacute;c cell nh&#432; 45&ordm; Quad, 45&ordm; TriHelical, 60&ordm; TriHelical v&agrave; 89&ordm; TriHelical, &#273;&aacute;p &#7913;ng linh ho&#7841;t t&#7915; ph&#7911; m&agrave;ng d&agrave;y &#273;&#7871;n l&#7899;p coating m&#7887;ng, c&#361;ng nh&#432; c&aacute;c &#7913;ng d&#7909;ng in v&agrave; c&aacute;n m&agrave;ng chuy&ecirc;n bi&#7879;t.<br>\nHi&#7879;u qu&#7843; cao v&#7899;i m&#7921;c v&agrave; coating &#273;&#7863;c bi&#7879;t<br>\nTr&#7909;c ph&#7911; v&agrave; c&aacute;n LaserKote&trade; Harper &#273;&#432;&#7907;c t&#7889;i &#432;u cho m&#7921;c kim lo&#7841;i, m&#7921;c hu&#7923;nh quang, m&#7921;c tr&#7855;ng &#273;&#7897; che ph&#7911; cao, varnish v&agrave; coating specialty, gi&uacute;p c&#7843;i thi&#7879;n &#273;&#7897; ph&#7911;, &#273;&#7897; &#273;&#7891;ng nh&#7845;t v&agrave; &#273;&#7897; &#7893;n &#273;&#7883;nh m&agrave;u s&#7855;c.<\/p><p>&#7912;ng D&#7909;ng Th&#7921;c T&#7871; C&#7911;a Laserkote&trade;<\/p><p>Ng&agrave;nh in &#7845;n &amp; bao b&igrave;<br>\nLaserKote&trade; &#273;&#432;&#7907;c &#7913;ng d&#7909;ng r&#7897;ng r&atilde;i trong in flexo, in &#7889;ng &#273;&#7891;ng v&agrave; in ph&#7911; b&#7873; m&#7863;t, &#273;&#7863;c bi&#7879;t hi&#7879;u qu&#7843; v&#7899;i c&aacute;c lo&#7841;i m&#7921;c &#273;&#7863;c bi&#7879;t nh&#432; m&#7921;c kim lo&#7841;i, m&#7921;c hu&#7923;nh quang, m&#7921;c tr&#7855;ng &#273;&#7897; che ph&#7911; cao. Tr&#7909;c gi&uacute;p ki&#7875;m so&aacute;t ch&iacute;nh x&aacute;c l&#432;&#7907;ng m&#7921;c, h&#7841;n ch&#7871; hi&#7879;n t&#432;&#7907;ng lem, s&#7885;c v&agrave; m&#7845;t chi ti&#7871;t khi in t&#7889;c &#273;&#7897; cao.<br>\nNg&agrave;nh bao b&igrave; gh&eacute;p m&agrave;ng &amp; c&aacute;n m&agrave;ng<br>\nTrong c&aacute;c d&acirc;y chuy&#7873;n lamination, LaserKote&trade; Harper &#273;&#7843;m b&#7843;o l&#7899;p keo v&agrave; l&#7899;p ph&#7911; &#273;&#432;&#7907;c ph&acirc;n b&#7889; &#273;&#7891;ng &#273;&#7873;u tr&ecirc;n film, foil v&agrave; v&#7853;t li&#7879;u nhi&#7873;u l&#7899;p. B&#7873; m&#7863;t laser-hard gi&uacute;p duy tr&igrave; &#273;&#7897; &#7893;n &#273;&#7883;nh l&acirc;u d&agrave;i, gi&#7843;m hao m&ograve;n v&agrave; gi&#7919; ch&#7845;t l&#432;&#7907;ng c&aacute;n &#7893;n &#273;&#7883;nh qua nhi&#7873;u ca s&#7843;n xu&#7845;t.<br>\nNg&agrave;nh s&#7843;n xu&#7845;t nh&atilde;n m&aacute;c &amp; tem k&#7929; thu&#7853;t<br>\nHarper LaserKote&trade; ph&ugrave; h&#7907;p cho c&aacute;c &#7913;ng d&#7909;ng ph&#7911; varnish, ph&#7911; m&agrave;u v&agrave; ph&#7911; hi&#7879;u &#7913;ng (iridescent, specialty coating) trong s&#7843;n xu&#7845;t nh&atilde;n t&#7921; d&iacute;nh, nh&atilde;n cao c&#7845;p v&agrave; nh&atilde;n c&ocirc;ng nghi&#7879;p, gi&uacute;p t&#259;ng t&iacute;nh th&#7849;m m&#7929; v&agrave; &#273;&#7897; b&#7873;n b&#7873; m&#7863;t s&#7843;n ph&#7849;m.<br>\nNg&agrave;nh v&#7853;t li&#7879;u k&#7929; thu&#7853;t &amp; film c&ocirc;ng nghi&#7879;p<br>\nTr&#7909;c coating Harper LaserKote&trade; &#273;&#432;&#7907;c s&#7917; d&#7909;ng trong ph&#7911; silicon, ph&#7911; ch&#7889;ng d&iacute;nh, ph&#7911; b&#7843;o v&#7879; v&agrave; ph&#7911; ch&#7913;c n&#259;ng tr&ecirc;n c&aacute;c lo&#7841;i film k&#7929; thu&#7853;t, &#273;&aacute;p &#7913;ng y&ecirc;u c&#7847;u cao v&#7873; &#273;&#7897; ch&iacute;nh x&aacute;c l&#7899;p ph&#7911; v&agrave; kh&#7843; n&#259;ng l&#7863;p l&#7841;i.<br>\nNg&agrave;nh keo d&aacute;n &amp; v&#7853;t li&#7879;u k&#7871;t d&iacute;nh<br>\nLaserKote&trade; h&#7895; tr&#7907; ki&#7875;m so&aacute;t ch&iacute;nh x&aacute;c l&#432;&#7907;ng keo trong c&aacute;c &#7913;ng d&#7909;ng ph&#7911; keo v&agrave; c&aacute;n gh&eacute;p, &#273;&#7863;c bi&#7879;t v&#7899;i keo c&ocirc;ng nghi&#7879;p, keo lamination v&agrave; keo chuy&ecirc;n d&#7909;ng, gi&uacute;p t&#7889;i &#432;u hi&#7879;u su&#7845;t s&#7917; d&#7909;ng v&#7853;t li&#7879;u v&agrave; gi&#7843;m l&#7895;i s&#7843;n xu&#7845;t.<br>\nNg&agrave;nh m&#7929; ph&#7849;m, d&#432;&#7907;c ph&#7849;m &amp; h&agrave;ng ti&ecirc;u d&ugrave;ng<br>\n&#7912;ng d&#7909;ng trong s&#7843;n xu&#7845;t bao b&igrave; cao c&#7845;p cho m&#7929; ph&#7849;m, d&#432;&#7907;c ph&#7849;m v&agrave; h&agrave;ng ti&ecirc;u d&ugrave;ng nhanh, n&#417;i y&ecirc;u c&#7847;u b&#7873; m&#7863;t ph&#7911; &#273;&#7891;ng &#273;&#7873;u, t&iacute;nh th&#7849;m m&#7929; cao v&agrave; &#273;&#7897; &#7893;n &#273;&#7883;nh m&agrave;u s&#7855;c.<\/p><p>Nh&#7919;ng L&yacute; Do N&ecirc;n Mua Tr&#7909;c C&aacute;n V&agrave; Ph&#7911; T&#7841;i Thi&#7871;t B&#7883; C&ocirc;ng Ngh&#7879; V&#7841;n N&#259;ng<\/p><p>C&ocirc;ng ty Thi&#7871;t B&#7883; C&ocirc;ng Ngh&#7879; V&#7841;n N&#259;ng l&agrave; &#273;&#7889;i t&aacute;c ch&iacute;nh th&#7913;c ph&acirc;n ph&#7889;i Tr&#7909;c C&aacute;n V&agrave; Ph&#7911; h&agrave;ng &#273;&#7847;u t&#7841;i Vi&#7879;t Nam, cam k&#7871;t cung c&#7845;p s&#7843;n ph&#7849;m ch&iacute;nh h&atilde;ng v&#7899;i gi&aacute; c&#7843; c&#7841;nh tranh nh&#7845;t th&#7883; tr&#432;&#7901;ng. V&#7899;i uy t&iacute;n tr&ecirc;n th&#7883; tr&#432;&#7901;ng v&agrave; ch&#7871; &#273;&#7897; h&#7851;u m&atilde;i t&#7889;t, Thi&#7871;t B&#7883; C&ocirc;ng Ngh&#7879; V&#7841;n N&#259;ng &#273;&atilde; nh&#7853;n &#273;&#432;&#7907;c s&#7921; tin t&#432;&#7903;ng t&#7915; kh&aacute;ch h&agrave;ng nh&#7901; v&agrave;o ch&#7845;t l&#432;&#7907;ng h&agrave;ng &#273;&#7847;u c&#7911;a c&aacute;c d&ograve;ng s&#7843;n ph&#7849;m.<br>\nS&#7843;n ph&#7849;m c&#7911;a ch&uacute;ng t&ocirc;i &#273;&#432;&#7907;c ki&#7875;m &#273;&#7883;nh ch&#7845;t l&#432;&#7907;ng, nh&#7853;p kh&#7849;u tr&#7921;c ti&#7871;p t&#7915; nh&agrave; m&aacute;y b&ecirc;n Ch&acirc;u &Acirc;u, M&#7929;, &Uacute;c, Nh&#7853;t B&#7843;n,&hellip; v&agrave; &#273;&aacute;p &#7913;ng nhu c&#7847;u &#273;a d&#7841;ng c&#7911;a th&#7883; tr&#432;&#7901;ng nh&#432;: M&aacute;y &#272;o &#272;&#7897; C&#7913;ng, M&aacute;y SPECTROMAXx, M&aacute;y Ki&#7875;m Tra &#272;&#432;&#7901;ng Gh&eacute;p M&iacute; Lon,&hellip; Ch&uacute;ng t&ocirc;i cam k&#7871;t cung c&#7845;p s&#7843;n ph&#7849;m n&agrave;y tr&ecirc;n to&agrave;n qu&#7889;c v&#7899;i gi&aacute; c&#7843; c&#7841;nh tranh nh&#7845;t.<br>\nCh&uacute;ng t&ocirc;i c&oacute; &#273;&#7897;i ng&#361; chuy&ecirc;n vi&ecirc;n t&#432; v&#7845;n chuy&ecirc;n s&acirc;u s&#7869; h&#7895; tr&#7907; kh&aacute;ch h&agrave;ng v&#7873; chi ti&#7871;t s&#7843;n ph&#7849;m, h&#432;&#7899;ng d&#7851;n s&#7917; d&#7909;ng hay nh&#7919;ng th&#7913; li&ecirc;n quan &#273;&#7871;n v&#7845;n &#273;&#7873; m&agrave; doanh nghi&#7879;p b&#7841;n &#273;ang g&#7863;p ph&#7843;i. Ch&uacute;ng t&ocirc;i s&#7869; cung c&#7845;p nh&#7919;ng gi&#7843;i ph&aacute;p t&#7889;i &#432;u nh&#7845;t!<br>\nNgo&agrave;i ra Thi&#7871;t B&#7883; C&ocirc;ng Ngh&#7879; V&#7841;n N&#259;ng Ch&uacute;ng T&ocirc;i lu&ocirc;n h&#432;&#7899;ng &#273;&#7871;n tr&#7843;i nghi&#7879;m kh&aacute;ch h&agrave;ng, v&igrave; v&#7853;y ch&uacute;ng t&ocirc;i c&oacute; nh&#7919;ng ch&iacute;nh s&aacute;ch b&#7843;o h&agrave;nh, b&#7843;o tr&igrave; &ndash; b&#7843;o d&#432;&#7905;ng, hi&#7879;u chu&#7849;n v&#7899;i t&#7845;t c&#7843; c&aacute;c thi&#7871;t b&#7883;, m&aacute;y m&oacute;c m&agrave; ch&uacute;ng t&ocirc;i cung c&#7845;p. &#272;&#7843;m b&#7843;o mang &#273;&#7871;n cho Kh&aacute;ch h&agrave;ng s&#7921; y&ecirc;n t&acirc;m tuy&#7879;t &#273;&#7889;i v&#7873; d&#7883;ch v&#7909; khi mua h&agrave;ng.<\/p><p>H&atilde;y li&ecirc;n h&#7879; v&#7899;i V&#7841;n N&#259;ng Company &#273;&#7875; &#273;&#432;&#7907;c t&#432; v&#7845;n chi ti&#7871;t v&agrave; nh&#7853;n ngay &#432;u &#273;&atilde;i h&#7845;p d&#7851;n th&ocirc;ng qua hotline\/zalo: <a href=\"https:\/\/zalo.me\/0903991335\" target=\"_blank\" rel=\"noopener\" style=\"color: #059669; font-weight: bold; text-decoration: none;\">0903 991 335<\/a>!<\/p><div style=\"background-color: #f8fafc; border: 1px solid #e2e8f0; border-radius: 8px; padding: 25px; max-width: 800px; margin: 30px auto; color: #334155; line-height: 1.8; font-size: 17px; box-shadow: 0 4px 6px -1px rgba(0,0,0,0.05); text-align: left; clear: both;\">\nC&ocirc;ng ty TNHH Th&#432;&#417;ng M&#7841;i D&#7883;ch V&#7909; Thi&#7871;t B&#7883; C&ocirc;ng Ngh&#7879; V&#7841;n N&#259;ng\n<p style=\"margin: 0 0 10px 0;\">&#128205; <strong style=\"color: #1e293b;\">&#272;&#7883;a ch&#7881;:<\/strong> <a style=\"color: #059669; text-decoration: none; font-weight: bold;\" href=\"https:\/\/www.google.com\/maps\/search\/C%C3%B4ng+ty+TNHH+Th%C6%B0%C6%A1ng+M%E1%BA%A1i+D%E1%BB%8Bch+V%E1%BB%A5+Thi%E1%BA%BFt+B%E1%BB%8B+C%C3%B4ng+Ngh%E1%BB%87+V%E1%BA%A1n+N%C4%83ng+818+Tr%C6%B0%E1%BB%9Dng+Chinh\" target=\"_blank\" rel=\"noopener\">818 Tr&#432;&#7901;ng Chinh, Ph&#432;&#7901;ng T&acirc;n S&#417;n, Th&agrave;nh ph&#7889; H&#7891; Ch&iacute; Minh, Vi&#7879;t Nam<\/a><\/p>\n<p style=\"margin: 0 0 10px 0;\">&#128222; <strong style=\"color: #1e293b;\">S&#272;T &ndash; Zalo:<\/strong> <a style=\"color: #059669; text-decoration: none; font-weight: bold;\" href=\"https:\/\/zalo.me\/0903991335\" target=\"_blank\" rel=\"noopener\">0903 991 335<\/a> <span style=\"color: #64748b; font-style: italic;\">(Ms. H&#7841;nh &ndash; Gi&aacute;m &#272;&#7889;c Kinh Doanh)<\/span><\/p>\n<p style=\"margin: 0;\">&#9993;&#65039; <strong style=\"color: #1e293b;\">Email:<\/strong> <a style=\"color: #059669; text-decoration: none; font-weight: bold;\" href=\"mailto:hienhanh@vannangvn.com\">hienhanh@vannangvn.com<\/a><\/p>\n<\/div><\/h1>","protected":false},"excerpt":{"rendered":"<p><strong>Th&#432;&#417;ng hi&#7879;u:<\/strong> Harper<br>\n<strong>Model:<\/strong> LaserKote&trade;<p>Product <strong>TR&#7908;C PH&#7910; &amp; C&Aacute;N COATING V&Agrave; LAMINATING HARPER LASERKOTE<\/strong> ch&iacute;nh h&atilde;ng. Harper (USA)<br>\nLaserKote&trade; Tr&#7909;c Ph&#7911; &amp; C&aacute;n Ch&iacute;nh X&aacute;c Cao Harper&nbsp;l&agrave; tr&#7909;c ph&#7911; v&agrave; c&aacute;n ch&iacute;nh x&aacute;c cao cho coating &amp; lamination, b&#7873; m&#7863;t laser-hard si&ecirc;u b&#7873;n, ki&#7875;m so&aacute;t l&#7899;p ph&#7911; &#7893;n &#273;&#7883;nh, ph&ugrave; h&#7907;p m&#7921;c, keo v&agrave; film k&#7929; thu&#7853;t.<\/p><\/p>","protected":false},"featured_media":8429,"comment_status":"open","ping_status":"closed","template":"","meta":[],"product_brand":[],"product_cat":[18],"product_tag":[102,123,214,221,316,377,1005,3685,3686],"class_list":{"0":"post-8122","1":"product","2":"type-product","3":"status-publish","4":"has-post-thumbnail","6":"product_cat-chua-phan-loai","7":"product_tag-va","8":"product_tag-harper","9":"product_tag-214","10":"product_tag-phu","11":"product_tag-can","12":"product_tag-coating","13":"product_tag-truc","14":"product_tag-laminating","15":"product_tag-laserkote","17":"first","18":"instock","19":"shipping-taxable","20":"product-type-simple"},"yoast_head":"<!-- This site is optimized with the Yoast SEO Premium plugin v24.8 (Yoast SEO v24.8) - https:\/\/yoast.com\/wordpress\/plugins\/seo\/ -->\n<title>TR\u1ee4C PH\u1ee6 &amp; C\u00c1N COATING V\u00c0 LAMINATIN... ch\u00ednh h\u00e3ng | V\u1ea1n N\u0103ng<\/title>\n<meta name=\"description\" content=\"Mua ngay TR\u1ee4C PH\u1ee6 &amp; C\u00c1N COATING V\u00c0 LAMINATING HARPER LASERKOTE ch\u00ednh h\u00e3ng. LaserKote\u2122 Tr\u1ee5c Ph\u1ee7 &amp; C\u00e1n Ch\u00ednh X\u00e1c Cao Harper l\u00e0 tr\u1ee5c... Gi\u00e1 t\u1ed1t!\" \/>\n<meta name=\"robots\" content=\"noindex, follow, max-snippet:-1, max-image-preview:large, max-video-preview:-1\" \/>\n<meta property=\"og:locale\" content=\"en_US\" \/>\n<meta property=\"og:type\" content=\"article\" \/>\n<meta property=\"og:title\" content=\"TR\u1ee4C PH\u1ee6 &amp; C\u00c1N COATING V\u00c0 LAMINATING HARPER LASERKOTE\" \/>\n<meta property=\"og:description\" content=\"Mua ngay TR\u1ee4C PH\u1ee6 &amp; C\u00c1N COATING V\u00c0 LAMINATING HARPER LASERKOTE ch\u00ednh h\u00e3ng. LaserKote\u2122 Tr\u1ee5c Ph\u1ee7 &amp; C\u00e1n Ch\u00ednh X\u00e1c Cao Harper l\u00e0 tr\u1ee5c... Gi\u00e1 t\u1ed1t!\" \/>\n<meta property=\"og:url\" content=\"https:\/\/vannangvn.123websitedev.com\/en\/product\/truc-phu-can-coating-va-laminating-harper-laserkote\/\" \/>\n<meta property=\"og:site_name\" content=\"Vannang.vn\" \/>\n<meta property=\"article:modified_time\" content=\"2026-03-30T11:59:18+00:00\" \/>\n<meta property=\"og:image\" content=\"http:\/\/vannangvn.123websitedev.com\/wp-content\/uploads\/2026\/03\/LASERKOTE1-768x576-copy.jpg\" \/>\n\t<meta property=\"og:image:width\" content=\"768\" \/>\n\t<meta property=\"og:image:height\" content=\"576\" \/>\n\t<meta property=\"og:image:type\" content=\"image\/jpeg\" \/>\n<meta name=\"twitter:card\" content=\"summary_large_image\" \/>\n<meta name=\"twitter:label1\" content=\"Est. reading time\" \/>\n\t<meta name=\"twitter:data1\" content=\"8 minutes\" \/>\n<script type=\"application\/ld+json\" class=\"yoast-schema-graph\">{\"@context\":\"https:\/\/schema.org\",\"@graph\":[{\"@type\":\"WebPage\",\"@id\":\"https:\/\/vannangvn.123websitedev.com\/san-pham\/truc-phu-can-coating-va-laminating-harper-laserkote\/\",\"url\":\"https:\/\/vannangvn.123websitedev.com\/san-pham\/truc-phu-can-coating-va-laminating-harper-laserkote\/\",\"name\":\"TR\u1ee4C PH\u1ee6 &amp; C\u00c1N COATING V\u00c0 LAMINATIN... ch\u00ednh h\u00e3ng | V\u1ea1n N\u0103ng\",\"isPartOf\":{\"@id\":\"https:\/\/vannangvn.123websitedev.com\/#website\"},\"primaryImageOfPage\":{\"@id\":\"https:\/\/vannangvn.123websitedev.com\/san-pham\/truc-phu-can-coating-va-laminating-harper-laserkote\/#primaryimage\"},\"image\":{\"@id\":\"https:\/\/vannangvn.123websitedev.com\/san-pham\/truc-phu-can-coating-va-laminating-harper-laserkote\/#primaryimage\"},\"thumbnailUrl\":\"https:\/\/vannangvn.123websitedev.com\/wp-content\/uploads\/2026\/03\/LASERKOTE1-768x576-copy.jpg\",\"datePublished\":\"2026-03-20T12:16:59+00:00\",\"dateModified\":\"2026-03-30T11:59:18+00:00\",\"description\":\"Mua ngay TR\u1ee4C PH\u1ee6 &amp; C\u00c1N COATING V\u00c0 LAMINATING HARPER LASERKOTE ch\u00ednh h\u00e3ng. LaserKote\u2122 Tr\u1ee5c Ph\u1ee7 &amp; C\u00e1n Ch\u00ednh X\u00e1c Cao Harper l\u00e0 tr\u1ee5c... Gi\u00e1 t\u1ed1t!\",\"breadcrumb\":{\"@id\":\"https:\/\/vannangvn.123websitedev.com\/san-pham\/truc-phu-can-coating-va-laminating-harper-laserkote\/#breadcrumb\"},\"inLanguage\":\"en-US\",\"potentialAction\":[{\"@type\":\"ReadAction\",\"target\":[\"https:\/\/vannangvn.123websitedev.com\/san-pham\/truc-phu-can-coating-va-laminating-harper-laserkote\/\"]}]},{\"@type\":\"ImageObject\",\"inLanguage\":\"en-US\",\"@id\":\"https:\/\/vannangvn.123websitedev.com\/san-pham\/truc-phu-can-coating-va-laminating-harper-laserkote\/#primaryimage\",\"url\":\"https:\/\/vannangvn.123websitedev.com\/wp-content\/uploads\/2026\/03\/LASERKOTE1-768x576-copy.jpg\",\"contentUrl\":\"https:\/\/vannangvn.123websitedev.com\/wp-content\/uploads\/2026\/03\/LASERKOTE1-768x576-copy.jpg\",\"width\":768,\"height\":576},{\"@type\":\"BreadcrumbList\",\"@id\":\"https:\/\/vannangvn.123websitedev.com\/san-pham\/truc-phu-can-coating-va-laminating-harper-laserkote\/#breadcrumb\",\"itemListElement\":[{\"@type\":\"ListItem\",\"position\":1,\"name\":\"Trang ch\u1ee7\",\"item\":\"https:\/\/vannangvn.123websitedev.com\/\"},{\"@type\":\"ListItem\",\"position\":2,\"name\":\"S\u1ea3n ph\u1ea9m\",\"item\":\"https:\/\/vannangvn.123websitedev.com\/cua-hang\/\"},{\"@type\":\"ListItem\",\"position\":3,\"name\":\"TR\u1ee4C PH\u1ee6 &#038; C\u00c1N COATING V\u00c0 LAMINATING HARPER LASERKOTE\"}]},{\"@type\":\"WebSite\",\"@id\":\"https:\/\/vannangvn.123websitedev.com\/#website\",\"url\":\"https:\/\/vannangvn.123websitedev.com\/\",\"name\":\"Vannang.vn\",\"description\":\"\",\"publisher\":{\"@id\":\"https:\/\/vannangvn.123websitedev.com\/#organization\"},\"potentialAction\":[{\"@type\":\"SearchAction\",\"target\":{\"@type\":\"EntryPoint\",\"urlTemplate\":\"https:\/\/vannangvn.123websitedev.com\/?s={search_term_string}\"},\"query-input\":{\"@type\":\"PropertyValueSpecification\",\"valueRequired\":true,\"valueName\":\"search_term_string\"}}],\"inLanguage\":\"en-US\"},{\"@type\":\"Organization\",\"@id\":\"https:\/\/vannangvn.123websitedev.com\/#organization\",\"name\":\"Vannang.vn\",\"url\":\"https:\/\/vannangvn.123websitedev.com\/\",\"logo\":{\"@type\":\"ImageObject\",\"inLanguage\":\"en-US\",\"@id\":\"https:\/\/vannangvn.123websitedev.com\/#\/schema\/logo\/image\/\",\"url\":\"https:\/\/vannangvn.123websitedev.com\/wp-content\/uploads\/2026\/02\/logo-van-nang-02.png\",\"contentUrl\":\"https:\/\/vannangvn.123websitedev.com\/wp-content\/uploads\/2026\/02\/logo-van-nang-02.png\",\"width\":448,\"height\":111,\"caption\":\"Vannang.vn\"},\"image\":{\"@id\":\"https:\/\/vannangvn.123websitedev.com\/#\/schema\/logo\/image\/\"}}]}<\/script>\n<!-- \/ Yoast SEO Premium plugin. -->","yoast_head_json":{"title":"TR\u1ee4C PH\u1ee6 &amp; C\u00c1N COATING V\u00c0 LAMINATIN... ch\u00ednh h\u00e3ng | V\u1ea1n N\u0103ng","description":"Mua ngay TR\u1ee4C PH\u1ee6 &amp; C\u00c1N COATING V\u00c0 LAMINATING HARPER LASERKOTE ch\u00ednh h\u00e3ng. LaserKote\u2122 Tr\u1ee5c Ph\u1ee7 &amp; C\u00e1n Ch\u00ednh X\u00e1c Cao Harper l\u00e0 tr\u1ee5c... Gi\u00e1 t\u1ed1t!","robots":{"index":"noindex","follow":"follow","max-snippet":"max-snippet:-1","max-image-preview":"max-image-preview:large","max-video-preview":"max-video-preview:-1"},"og_locale":"en_US","og_type":"article","og_title":"TR\u1ee4C PH\u1ee6 & C\u00c1N COATING V\u00c0 LAMINATING HARPER LASERKOTE","og_description":"Mua ngay TR\u1ee4C PH\u1ee6 &amp; C\u00c1N COATING V\u00c0 LAMINATING HARPER LASERKOTE ch\u00ednh h\u00e3ng. LaserKote\u2122 Tr\u1ee5c Ph\u1ee7 &amp; C\u00e1n Ch\u00ednh X\u00e1c Cao Harper l\u00e0 tr\u1ee5c... Gi\u00e1 t\u1ed1t!","og_url":"https:\/\/vannangvn.123websitedev.com\/en\/product\/truc-phu-can-coating-va-laminating-harper-laserkote\/","og_site_name":"Vannang.vn","article_modified_time":"2026-03-30T11:59:18+00:00","og_image":[{"width":768,"height":576,"url":"http:\/\/vannangvn.123websitedev.com\/wp-content\/uploads\/2026\/03\/LASERKOTE1-768x576-copy.jpg","type":"image\/jpeg"}],"twitter_card":"summary_large_image","twitter_misc":{"Est. reading time":"8 minutes"},"schema":{"@context":"https:\/\/schema.org","@graph":[{"@type":"WebPage","@id":"https:\/\/vannangvn.123websitedev.com\/san-pham\/truc-phu-can-coating-va-laminating-harper-laserkote\/","url":"https:\/\/vannangvn.123websitedev.com\/san-pham\/truc-phu-can-coating-va-laminating-harper-laserkote\/","name":"TR\u1ee4C PH\u1ee6 &amp; C\u00c1N COATING V\u00c0 LAMINATIN... ch\u00ednh h\u00e3ng | V\u1ea1n N\u0103ng","isPartOf":{"@id":"https:\/\/vannangvn.123websitedev.com\/#website"},"primaryImageOfPage":{"@id":"https:\/\/vannangvn.123websitedev.com\/san-pham\/truc-phu-can-coating-va-laminating-harper-laserkote\/#primaryimage"},"image":{"@id":"https:\/\/vannangvn.123websitedev.com\/san-pham\/truc-phu-can-coating-va-laminating-harper-laserkote\/#primaryimage"},"thumbnailUrl":"https:\/\/vannangvn.123websitedev.com\/wp-content\/uploads\/2026\/03\/LASERKOTE1-768x576-copy.jpg","datePublished":"2026-03-20T12:16:59+00:00","dateModified":"2026-03-30T11:59:18+00:00","description":"Mua ngay TR\u1ee4C PH\u1ee6 &amp; C\u00c1N COATING V\u00c0 LAMINATING HARPER LASERKOTE ch\u00ednh h\u00e3ng. LaserKote\u2122 Tr\u1ee5c Ph\u1ee7 &amp; C\u00e1n Ch\u00ednh X\u00e1c Cao Harper l\u00e0 tr\u1ee5c... Gi\u00e1 t\u1ed1t!","breadcrumb":{"@id":"https:\/\/vannangvn.123websitedev.com\/san-pham\/truc-phu-can-coating-va-laminating-harper-laserkote\/#breadcrumb"},"inLanguage":"en-US","potentialAction":[{"@type":"ReadAction","target":["https:\/\/vannangvn.123websitedev.com\/san-pham\/truc-phu-can-coating-va-laminating-harper-laserkote\/"]}]},{"@type":"ImageObject","inLanguage":"en-US","@id":"https:\/\/vannangvn.123websitedev.com\/san-pham\/truc-phu-can-coating-va-laminating-harper-laserkote\/#primaryimage","url":"https:\/\/vannangvn.123websitedev.com\/wp-content\/uploads\/2026\/03\/LASERKOTE1-768x576-copy.jpg","contentUrl":"https:\/\/vannangvn.123websitedev.com\/wp-content\/uploads\/2026\/03\/LASERKOTE1-768x576-copy.jpg","width":768,"height":576},{"@type":"BreadcrumbList","@id":"https:\/\/vannangvn.123websitedev.com\/san-pham\/truc-phu-can-coating-va-laminating-harper-laserkote\/#breadcrumb","itemListElement":[{"@type":"ListItem","position":1,"name":"Trang ch\u1ee7","item":"https:\/\/vannangvn.123websitedev.com\/"},{"@type":"ListItem","position":2,"name":"S\u1ea3n ph\u1ea9m","item":"https:\/\/vannangvn.123websitedev.com\/cua-hang\/"},{"@type":"ListItem","position":3,"name":"TR\u1ee4C PH\u1ee6 &#038; C\u00c1N COATING V\u00c0 LAMINATING HARPER LASERKOTE"}]},{"@type":"WebSite","@id":"https:\/\/vannangvn.123websitedev.com\/#website","url":"https:\/\/vannangvn.123websitedev.com\/","name":"Vannang.vn","description":"","publisher":{"@id":"https:\/\/vannangvn.123websitedev.com\/#organization"},"potentialAction":[{"@type":"SearchAction","target":{"@type":"EntryPoint","urlTemplate":"https:\/\/vannangvn.123websitedev.com\/?s={search_term_string}"},"query-input":{"@type":"PropertyValueSpecification","valueRequired":true,"valueName":"search_term_string"}}],"inLanguage":"en-US"},{"@type":"Organization","@id":"https:\/\/vannangvn.123websitedev.com\/#organization","name":"Vannang.vn","url":"https:\/\/vannangvn.123websitedev.com\/","logo":{"@type":"ImageObject","inLanguage":"en-US","@id":"https:\/\/vannangvn.123websitedev.com\/#\/schema\/logo\/image\/","url":"https:\/\/vannangvn.123websitedev.com\/wp-content\/uploads\/2026\/02\/logo-van-nang-02.png","contentUrl":"https:\/\/vannangvn.123websitedev.com\/wp-content\/uploads\/2026\/02\/logo-van-nang-02.png","width":448,"height":111,"caption":"Vannang.vn"},"image":{"@id":"https:\/\/vannangvn.123websitedev.com\/#\/schema\/logo\/image\/"}}]}},"_links":{"self":[{"href":"https:\/\/vannangvn.123websitedev.com\/en\/wp-json\/wp\/v2\/product\/8122","targetHints":{"allow":["GET"]}}],"collection":[{"href":"https:\/\/vannangvn.123websitedev.com\/en\/wp-json\/wp\/v2\/product"}],"about":[{"href":"https:\/\/vannangvn.123websitedev.com\/en\/wp-json\/wp\/v2\/types\/product"}],"replies":[{"embeddable":true,"href":"https:\/\/vannangvn.123websitedev.com\/en\/wp-json\/wp\/v2\/comments?post=8122"}],"wp:featuredmedia":[{"embeddable":true,"href":"https:\/\/vannangvn.123websitedev.com\/en\/wp-json\/wp\/v2\/media\/8429"}],"wp:attachment":[{"href":"https:\/\/vannangvn.123websitedev.com\/en\/wp-json\/wp\/v2\/media?parent=8122"}],"wp:term":[{"taxonomy":"product_brand","embeddable":true,"href":"https:\/\/vannangvn.123websitedev.com\/en\/wp-json\/wp\/v2\/product_brand?post=8122"},{"taxonomy":"product_cat","embeddable":true,"href":"https:\/\/vannangvn.123websitedev.com\/en\/wp-json\/wp\/v2\/product_cat?post=8122"},{"taxonomy":"product_tag","embeddable":true,"href":"https:\/\/vannangvn.123websitedev.com\/en\/wp-json\/wp\/v2\/product_tag?post=8122"}],"curies":[{"name":"wp","href":"https:\/\/api.w.org\/{rel}","templated":true}]}}