{"id":8140,"date":"2026-03-20T19:17:27","date_gmt":"2026-03-20T12:17:27","guid":{"rendered":"https:\/\/vannangvn.123websitedev.com\/san-pham\/tu-kiem-tra-khi-hau-de-ban-thermotron-model-s-1-0-8200\/"},"modified":"2026-03-30T18:59:42","modified_gmt":"2026-03-30T11:59:42","slug":"tu-kiem-tra-khi-hau-de-ban-thermotron-model-s-1-0-8200","status":"publish","type":"product","link":"https:\/\/vannangvn.123websitedev.com\/en\/product\/tu-kiem-tra-khi-hau-de-ban-thermotron-model-s-1-0-8200\/","title":{"rendered":"T\u1ee6 KI\u1ec2M TRA KH\u00cd H\u1eacU \u0110\u1ec2 B\u00c0N THERMOTRON MODEL S-1.0-8200"},"content":{"rendered":"<h1 style=\"color: red; font-weight: bold; font-size: 24px;\">T&#7893;ng quan s&#7843;n ph&#7849;m T&#7910; KI&#7874;M TRA KH&Iacute; H&#7852;U &#272;&#7874; B&Agrave;N THERMOTRON MODEL S-1.0-8200<p>T&#7911; Ki&#7875;m Tra Kh&iacute; H&#7853;u &#272;&#7875; B&agrave;n (Benchtop Environmental Chamber) Thermotron Model S-1.0-8200<\/p><p>S-1.0-8200<br>\nT&#7911; ki&#7875;m tra kh&iacute; h&#7853;u &#273;&#7875; b&agrave;n Thermotron S-1.0-8200 mang l&#7841;i s&#7921; linh ho&#7841;t, &#273;&#7897; &#273;&#7891;ng &#273;&#7873;u v&agrave; &#273;&#7897; ch&iacute;nh x&aacute;c cao trong ki&#7875;m so&aacute;t m&ocirc;i tr&#432;&#7901;ng, &#273;&aacute;p &#7913;ng nhu c&#7847;u th&#7917; nghi&#7879;m ti&#7871;t ki&#7879;m chi ph&iacute;. &#272;&acirc;y l&agrave; l&#7921;a ch&#7885;n l&yacute; t&#432;&#7903;ng &#273;&#7875; ki&#7875;m tra c&aacute;c s&#7843;n ph&#7849;m nh&#7887; nh&#432; linh ki&#7879;n m&aacute;y t&iacute;nh, c&#7843;m bi&#7871;n &ocirc; t&ocirc; ho&#7863;c &#273;i&#7879;n tho&#7841;i di &#273;&#7897;ng. V&#7899;i thi&#7871;t k&#7871; nh&#7887; g&#7885;n nh&#432;ng hi&#7879;u su&#7845;t v&#432;&#7907;t tr&#7897;i, d&ograve;ng s&#7843;n ph&#7849;m n&agrave;y ph&ugrave; h&#7907;p cho nghi&ecirc;n c&#7913;u, ph&aacute;t tri&#7875;n ho&#7863;c th&#7917; nghi&#7879;m tr&#7921;c ti&#7871;p t&#7841;i ch&#7895;.<br>\nBu&#7891;ng th&#7917; nghi&#7879;m &#273;&#7875; b&agrave;n Thermotron &#273;&#432;&#7907;c trang b&#7883; nhi&#7873;u c&#7845;u h&igrave;nh kh&aacute;c nhau, h&#7895; tr&#7907; ki&#7875;m tra nhi&#7879;t &#273;&#7897; ho&#7863;c k&#7871;t h&#7907;p nhi&#7879;t &#273;&#7897; v&agrave; &#273;&#7897; &#7849;m. Ngo&agrave;i ra, thi&#7871;t b&#7883; c&ograve;n h&#7895; tr&#7907; k&#7871;t n&#7889;i Ethernet, d&#7877; d&agrave;ng l&#7855;p &#273;&#7863;t v&agrave; s&#7861;n s&agrave;ng ho&#7841;t &#273;&#7897;ng ngay sau khi v&#7853;n h&agrave;nh.<\/p><h2 style=\"color: #2e7d32; font-weight: bold; font-size: 20px;\">T&iacute;nh n&#259;ng n&#7893;i b&#7853;t<\/h2><p>Window &ndash; C&#7917;a s&#7893; quan s&aacute;t<br>\nH&#7847;u h&#7871;t c&aacute;c bu&#7891;ng Thermotron &#273;&#7873;u &#273;&#432;&#7907;c trang b&#7883; m&#7897;t c&#7917;a s&#7893; ti&ecirc;u chu&#7849;n. Kh&aacute;ch h&agrave;ng c&oacute; th&#7875; &#273;&#7863;t th&ecirc;m c&#7917;a s&#7893; ho&#7863;c t&ugrave;y ch&#7881;nh k&iacute;ch th&#432;&#7899;c v&agrave; h&igrave;nh d&#7841;ng &#273;&#7875; d&#7877; d&agrave;ng quan s&aacute;t m&#7851;u th&#7917; trong qu&aacute; tr&igrave;nh ki&#7875;m tra.<br>\nThermotron S-1.0-8200 l&agrave; gi&#7843;i ph&aacute;p bu&#7891;ng th&#7917; nghi&#7879;m kh&iacute; h&#7853;u nh&#7887; g&#7885;n, m&#7841;nh m&#7869;, &#273;&aacute;p &#7913;ng t&#7889;i &#432;u c&aacute;c nhu c&#7847;u ki&#7875;m tra &#273;&#7897; b&#7873;n v&agrave; hi&#7879;u su&#7845;t s&#7843;n ph&#7849;m trong nhi&#7873;u &#273;i&#7873;u ki&#7879;n m&ocirc;i tr&#432;&#7901;ng kh&aacute;c nhau. H&atilde;y li&ecirc;n h&#7879; v&#7899;i V&#7841;n N&#259;ng Company ngay &#273;&#7875; &#273;&#432;&#7907;c t&#432; v&#7845;n chuy&ecirc;n s&acirc;u v&agrave; nh&#7853;n c&aacute;c &#432;u &#273;&atilde;i h&#7845;p d&#7851;n nh&#7845;t th&ocirc;ng qua hotline\/zalo: <a href=\"https:\/\/zalo.me\/0903991335\" target=\"_blank\" rel=\"noopener\" style=\"color: #059669; font-weight: bold; text-decoration: none;\">0903 991 335<\/a>!<\/p><div style=\"background-color: #f8fafc; border: 1px solid #e2e8f0; border-radius: 8px; padding: 25px; max-width: 800px; margin: 30px auto; color: #334155; line-height: 1.8; font-size: 17px; box-shadow: 0 4px 6px -1px rgba(0,0,0,0.05); text-align: left; clear: both;\">\nC&ocirc;ng ty TNHH Th&#432;&#417;ng M&#7841;i D&#7883;ch V&#7909; Thi&#7871;t B&#7883; C&ocirc;ng Ngh&#7879; V&#7841;n N&#259;ng\n<p style=\"margin: 0 0 10px 0;\">&#128205; <strong style=\"color: #1e293b;\">&#272;&#7883;a ch&#7881;:<\/strong> <a style=\"color: #059669; text-decoration: none; font-weight: bold;\" href=\"https:\/\/www.google.com\/maps\/search\/C%C3%B4ng+ty+TNHH+Th%C6%B0%C6%A1ng+M%E1%BA%A1i+D%E1%BB%8Bch+V%E1%BB%A5+Thi%E1%BA%BFt+B%E1%BB%8B+C%C3%B4ng+Ngh%E1%BB%87+V%E1%BA%A1n+N%C4%83ng+818+Tr%C6%B0%E1%BB%9Dng+Chinh\" target=\"_blank\" rel=\"noopener\">818 Tr&#432;&#7901;ng Chinh, Ph&#432;&#7901;ng T&acirc;n S&#417;n, Th&agrave;nh ph&#7889; H&#7891; Ch&iacute; Minh, Vi&#7879;t Nam<\/a><\/p>\n<p style=\"margin: 0 0 10px 0;\">&#128222; <strong style=\"color: #1e293b;\">S&#272;T &ndash; Zalo:<\/strong> <a style=\"color: #059669; text-decoration: none; font-weight: bold;\" href=\"https:\/\/zalo.me\/0903991335\" target=\"_blank\" rel=\"noopener\">0903 991 335<\/a> <span style=\"color: #64748b; font-style: italic;\">(Ms. H&#7841;nh &ndash; Gi&aacute;m &#272;&#7889;c Kinh Doanh)<\/span><\/p>\n<p style=\"margin: 0;\">&#9993;&#65039; <strong style=\"color: #1e293b;\">Email:<\/strong> <a style=\"color: #059669; text-decoration: none; font-weight: bold;\" href=\"mailto:hienhanh@vannangvn.com\">hienhanh@vannangvn.com<\/a><\/p>\n<\/div><\/h1>","protected":false},"excerpt":{"rendered":"<p><strong>Th&#432;&#417;ng hi&#7879;u:<\/strong> Thermotron<br>\n<strong>Model:<\/strong> S-1.0-8200<p>Product <strong>T&#7910; KI&#7874;M TRA KH&Iacute; H&#7852;U &#272;&#7874; B&Agrave;N THERMOTRON MODEL S-1.0-8200<\/strong> ch&iacute;nh h&atilde;ng. Thermotron (USA)<br>\nThermotron S-1.0-8200 l&agrave; thi&#7871;t b&#7883; ki&#7875;m tra m&ocirc;i tr&#432;&#7901;ng nh&#7887; g&#7885;n, hi&#7879;u su&#7845;t v&#432;&#7907;t tr&#7897;i, ph&ugrave; h&#7907;p cho nghi&ecirc;n c&#7913;u v&agrave; ph&aacute;t tri&#7875;n s&#7843;n ph&#7849;m. H&#7895; tr&#7907; ki&#7875;m tra nhi&#7879;t &#273;&#7897; v&agrave; &#273;&#7897; &#7849;m, c&oacute; k&#7871;t n&#7889;i Ethernet.<\/p><\/p>","protected":false},"featured_media":8941,"comment_status":"open","ping_status":"closed","template":"","meta":[],"product_brand":[],"product_cat":[18],"product_tag":[116,118,162,208,209,256,361,513,3118,3713],"class_list":{"0":"post-8140","1":"product","2":"type-product","3":"status-publish","4":"has-post-thumbnail","6":"product_cat-chua-phan-loai","7":"product_tag-model","8":"product_tag-ban","9":"product_tag-tu","10":"product_tag-kiem","11":"product_tag-tra","12":"product_tag-de","13":"product_tag-khi","14":"product_tag-hau","15":"product_tag-thermotron","16":"product_tag-s-1-0-8200","18":"first","19":"instock","20":"shipping-taxable","21":"product-type-simple"},"yoast_head":"<!-- This site is optimized with the Yoast SEO Premium plugin v24.8 (Yoast SEO v24.8) - https:\/\/yoast.com\/wordpress\/plugins\/seo\/ -->\n<title>T\u1ee6 KI\u1ec2M TRA KH\u00cd H\u1eacU \u0110\u1ec2 B\u00c0N THERMOTR... ch\u00ednh h\u00e3ng | V\u1ea1n N\u0103ng<\/title>\n<meta name=\"description\" content=\"Mua ngay T\u1ee6 KI\u1ec2M TRA KH\u00cd H\u1eacU \u0110\u1ec2 B\u00c0N THERMOTRON MODEL S-1.0-8200 ch\u00ednh h\u00e3ng. Thermotron S-1.0-8200 l\u00e0 thi\u1ebft b\u1ecb ki\u1ec3m tra m\u00f4i tr\u01b0\u1eddng... Gi\u00e1 t\u1ed1t!\" \/>\n<meta name=\"robots\" content=\"noindex, follow, max-snippet:-1, max-image-preview:large, max-video-preview:-1\" \/>\n<meta property=\"og:locale\" content=\"en_US\" \/>\n<meta property=\"og:type\" content=\"article\" \/>\n<meta property=\"og:title\" content=\"T\u1ee6 KI\u1ec2M TRA KH\u00cd H\u1eacU \u0110\u1ec2 B\u00c0N THERMOTRON MODEL S-1.0-8200\" \/>\n<meta property=\"og:description\" content=\"Mua ngay T\u1ee6 KI\u1ec2M TRA KH\u00cd H\u1eacU \u0110\u1ec2 B\u00c0N THERMOTRON MODEL S-1.0-8200 ch\u00ednh h\u00e3ng. Thermotron S-1.0-8200 l\u00e0 thi\u1ebft b\u1ecb ki\u1ec3m tra m\u00f4i tr\u01b0\u1eddng... Gi\u00e1 t\u1ed1t!\" \/>\n<meta property=\"og:url\" content=\"https:\/\/vannangvn.123websitedev.com\/en\/product\/tu-kiem-tra-khi-hau-de-ban-thermotron-model-s-1-0-8200\/\" \/>\n<meta property=\"og:site_name\" content=\"Vannang.vn\" \/>\n<meta property=\"article:modified_time\" content=\"2026-03-30T11:59:42+00:00\" \/>\n<meta property=\"og:image\" content=\"http:\/\/vannangvn.123websitedev.com\/wp-content\/uploads\/2026\/03\/Tu-Kiem-Tra-Khi-Hau-De-Ban-Benchtop-Environmental-Chamber-Thermotron-Model-S-1.0-8200-1-768x576-copy.jpg\" \/>\n\t<meta property=\"og:image:width\" content=\"768\" \/>\n\t<meta property=\"og:image:height\" content=\"576\" \/>\n\t<meta property=\"og:image:type\" content=\"image\/jpeg\" \/>\n<meta name=\"twitter:card\" content=\"summary_large_image\" \/>\n<meta name=\"twitter:label1\" content=\"Est. reading time\" \/>\n\t<meta name=\"twitter:data1\" content=\"2 minutes\" \/>\n<script type=\"application\/ld+json\" class=\"yoast-schema-graph\">{\"@context\":\"https:\/\/schema.org\",\"@graph\":[{\"@type\":\"WebPage\",\"@id\":\"https:\/\/vannangvn.123websitedev.com\/san-pham\/tu-kiem-tra-khi-hau-de-ban-thermotron-model-s-1-0-8200\/\",\"url\":\"https:\/\/vannangvn.123websitedev.com\/san-pham\/tu-kiem-tra-khi-hau-de-ban-thermotron-model-s-1-0-8200\/\",\"name\":\"T\u1ee6 KI\u1ec2M TRA KH\u00cd H\u1eacU \u0110\u1ec2 B\u00c0N THERMOTR... ch\u00ednh h\u00e3ng | V\u1ea1n N\u0103ng\",\"isPartOf\":{\"@id\":\"https:\/\/vannangvn.123websitedev.com\/#website\"},\"primaryImageOfPage\":{\"@id\":\"https:\/\/vannangvn.123websitedev.com\/san-pham\/tu-kiem-tra-khi-hau-de-ban-thermotron-model-s-1-0-8200\/#primaryimage\"},\"image\":{\"@id\":\"https:\/\/vannangvn.123websitedev.com\/san-pham\/tu-kiem-tra-khi-hau-de-ban-thermotron-model-s-1-0-8200\/#primaryimage\"},\"thumbnailUrl\":\"https:\/\/vannangvn.123websitedev.com\/wp-content\/uploads\/2026\/03\/Tu-Kiem-Tra-Khi-Hau-De-Ban-Benchtop-Environmental-Chamber-Thermotron-Model-S-1.0-8200-1-768x576-copy.jpg\",\"datePublished\":\"2026-03-20T12:17:27+00:00\",\"dateModified\":\"2026-03-30T11:59:42+00:00\",\"description\":\"Mua ngay T\u1ee6 KI\u1ec2M TRA KH\u00cd H\u1eacU \u0110\u1ec2 B\u00c0N THERMOTRON MODEL S-1.0-8200 ch\u00ednh h\u00e3ng. Thermotron S-1.0-8200 l\u00e0 thi\u1ebft b\u1ecb ki\u1ec3m tra m\u00f4i tr\u01b0\u1eddng... Gi\u00e1 t\u1ed1t!\",\"breadcrumb\":{\"@id\":\"https:\/\/vannangvn.123websitedev.com\/san-pham\/tu-kiem-tra-khi-hau-de-ban-thermotron-model-s-1-0-8200\/#breadcrumb\"},\"inLanguage\":\"en-US\",\"potentialAction\":[{\"@type\":\"ReadAction\",\"target\":[\"https:\/\/vannangvn.123websitedev.com\/san-pham\/tu-kiem-tra-khi-hau-de-ban-thermotron-model-s-1-0-8200\/\"]}]},{\"@type\":\"ImageObject\",\"inLanguage\":\"en-US\",\"@id\":\"https:\/\/vannangvn.123websitedev.com\/san-pham\/tu-kiem-tra-khi-hau-de-ban-thermotron-model-s-1-0-8200\/#primaryimage\",\"url\":\"https:\/\/vannangvn.123websitedev.com\/wp-content\/uploads\/2026\/03\/Tu-Kiem-Tra-Khi-Hau-De-Ban-Benchtop-Environmental-Chamber-Thermotron-Model-S-1.0-8200-1-768x576-copy.jpg\",\"contentUrl\":\"https:\/\/vannangvn.123websitedev.com\/wp-content\/uploads\/2026\/03\/Tu-Kiem-Tra-Khi-Hau-De-Ban-Benchtop-Environmental-Chamber-Thermotron-Model-S-1.0-8200-1-768x576-copy.jpg\",\"width\":768,\"height\":576},{\"@type\":\"BreadcrumbList\",\"@id\":\"https:\/\/vannangvn.123websitedev.com\/san-pham\/tu-kiem-tra-khi-hau-de-ban-thermotron-model-s-1-0-8200\/#breadcrumb\",\"itemListElement\":[{\"@type\":\"ListItem\",\"position\":1,\"name\":\"Trang ch\u1ee7\",\"item\":\"https:\/\/vannangvn.123websitedev.com\/\"},{\"@type\":\"ListItem\",\"position\":2,\"name\":\"S\u1ea3n ph\u1ea9m\",\"item\":\"https:\/\/vannangvn.123websitedev.com\/cua-hang\/\"},{\"@type\":\"ListItem\",\"position\":3,\"name\":\"T\u1ee6 KI\u1ec2M TRA KH\u00cd H\u1eacU \u0110\u1ec2 B\u00c0N THERMOTRON MODEL S-1.0-8200\"}]},{\"@type\":\"WebSite\",\"@id\":\"https:\/\/vannangvn.123websitedev.com\/#website\",\"url\":\"https:\/\/vannangvn.123websitedev.com\/\",\"name\":\"Vannang.vn\",\"description\":\"\",\"publisher\":{\"@id\":\"https:\/\/vannangvn.123websitedev.com\/#organization\"},\"potentialAction\":[{\"@type\":\"SearchAction\",\"target\":{\"@type\":\"EntryPoint\",\"urlTemplate\":\"https:\/\/vannangvn.123websitedev.com\/?s={search_term_string}\"},\"query-input\":{\"@type\":\"PropertyValueSpecification\",\"valueRequired\":true,\"valueName\":\"search_term_string\"}}],\"inLanguage\":\"en-US\"},{\"@type\":\"Organization\",\"@id\":\"https:\/\/vannangvn.123websitedev.com\/#organization\",\"name\":\"Vannang.vn\",\"url\":\"https:\/\/vannangvn.123websitedev.com\/\",\"logo\":{\"@type\":\"ImageObject\",\"inLanguage\":\"en-US\",\"@id\":\"https:\/\/vannangvn.123websitedev.com\/#\/schema\/logo\/image\/\",\"url\":\"https:\/\/vannangvn.123websitedev.com\/wp-content\/uploads\/2026\/02\/logo-van-nang-02.png\",\"contentUrl\":\"https:\/\/vannangvn.123websitedev.com\/wp-content\/uploads\/2026\/02\/logo-van-nang-02.png\",\"width\":448,\"height\":111,\"caption\":\"Vannang.vn\"},\"image\":{\"@id\":\"https:\/\/vannangvn.123websitedev.com\/#\/schema\/logo\/image\/\"}}]}<\/script>\n<!-- \/ Yoast SEO Premium plugin. -->","yoast_head_json":{"title":"T\u1ee6 KI\u1ec2M TRA KH\u00cd H\u1eacU \u0110\u1ec2 B\u00c0N THERMOTR... ch\u00ednh h\u00e3ng | V\u1ea1n N\u0103ng","description":"Mua ngay T\u1ee6 KI\u1ec2M TRA KH\u00cd H\u1eacU \u0110\u1ec2 B\u00c0N THERMOTRON MODEL S-1.0-8200 ch\u00ednh h\u00e3ng. Thermotron S-1.0-8200 l\u00e0 thi\u1ebft b\u1ecb ki\u1ec3m tra m\u00f4i tr\u01b0\u1eddng... Gi\u00e1 t\u1ed1t!","robots":{"index":"noindex","follow":"follow","max-snippet":"max-snippet:-1","max-image-preview":"max-image-preview:large","max-video-preview":"max-video-preview:-1"},"og_locale":"en_US","og_type":"article","og_title":"T\u1ee6 KI\u1ec2M TRA KH\u00cd H\u1eacU \u0110\u1ec2 B\u00c0N THERMOTRON MODEL S-1.0-8200","og_description":"Mua ngay T\u1ee6 KI\u1ec2M TRA KH\u00cd H\u1eacU \u0110\u1ec2 B\u00c0N THERMOTRON MODEL S-1.0-8200 ch\u00ednh h\u00e3ng. Thermotron S-1.0-8200 l\u00e0 thi\u1ebft b\u1ecb ki\u1ec3m tra m\u00f4i tr\u01b0\u1eddng... Gi\u00e1 t\u1ed1t!","og_url":"https:\/\/vannangvn.123websitedev.com\/en\/product\/tu-kiem-tra-khi-hau-de-ban-thermotron-model-s-1-0-8200\/","og_site_name":"Vannang.vn","article_modified_time":"2026-03-30T11:59:42+00:00","og_image":[{"width":768,"height":576,"url":"http:\/\/vannangvn.123websitedev.com\/wp-content\/uploads\/2026\/03\/Tu-Kiem-Tra-Khi-Hau-De-Ban-Benchtop-Environmental-Chamber-Thermotron-Model-S-1.0-8200-1-768x576-copy.jpg","type":"image\/jpeg"}],"twitter_card":"summary_large_image","twitter_misc":{"Est. reading time":"2 minutes"},"schema":{"@context":"https:\/\/schema.org","@graph":[{"@type":"WebPage","@id":"https:\/\/vannangvn.123websitedev.com\/san-pham\/tu-kiem-tra-khi-hau-de-ban-thermotron-model-s-1-0-8200\/","url":"https:\/\/vannangvn.123websitedev.com\/san-pham\/tu-kiem-tra-khi-hau-de-ban-thermotron-model-s-1-0-8200\/","name":"T\u1ee6 KI\u1ec2M TRA KH\u00cd H\u1eacU \u0110\u1ec2 B\u00c0N THERMOTR... ch\u00ednh h\u00e3ng | V\u1ea1n N\u0103ng","isPartOf":{"@id":"https:\/\/vannangvn.123websitedev.com\/#website"},"primaryImageOfPage":{"@id":"https:\/\/vannangvn.123websitedev.com\/san-pham\/tu-kiem-tra-khi-hau-de-ban-thermotron-model-s-1-0-8200\/#primaryimage"},"image":{"@id":"https:\/\/vannangvn.123websitedev.com\/san-pham\/tu-kiem-tra-khi-hau-de-ban-thermotron-model-s-1-0-8200\/#primaryimage"},"thumbnailUrl":"https:\/\/vannangvn.123websitedev.com\/wp-content\/uploads\/2026\/03\/Tu-Kiem-Tra-Khi-Hau-De-Ban-Benchtop-Environmental-Chamber-Thermotron-Model-S-1.0-8200-1-768x576-copy.jpg","datePublished":"2026-03-20T12:17:27+00:00","dateModified":"2026-03-30T11:59:42+00:00","description":"Mua ngay T\u1ee6 KI\u1ec2M TRA KH\u00cd H\u1eacU \u0110\u1ec2 B\u00c0N THERMOTRON MODEL S-1.0-8200 ch\u00ednh h\u00e3ng. Thermotron S-1.0-8200 l\u00e0 thi\u1ebft b\u1ecb ki\u1ec3m tra m\u00f4i tr\u01b0\u1eddng... Gi\u00e1 t\u1ed1t!","breadcrumb":{"@id":"https:\/\/vannangvn.123websitedev.com\/san-pham\/tu-kiem-tra-khi-hau-de-ban-thermotron-model-s-1-0-8200\/#breadcrumb"},"inLanguage":"en-US","potentialAction":[{"@type":"ReadAction","target":["https:\/\/vannangvn.123websitedev.com\/san-pham\/tu-kiem-tra-khi-hau-de-ban-thermotron-model-s-1-0-8200\/"]}]},{"@type":"ImageObject","inLanguage":"en-US","@id":"https:\/\/vannangvn.123websitedev.com\/san-pham\/tu-kiem-tra-khi-hau-de-ban-thermotron-model-s-1-0-8200\/#primaryimage","url":"https:\/\/vannangvn.123websitedev.com\/wp-content\/uploads\/2026\/03\/Tu-Kiem-Tra-Khi-Hau-De-Ban-Benchtop-Environmental-Chamber-Thermotron-Model-S-1.0-8200-1-768x576-copy.jpg","contentUrl":"https:\/\/vannangvn.123websitedev.com\/wp-content\/uploads\/2026\/03\/Tu-Kiem-Tra-Khi-Hau-De-Ban-Benchtop-Environmental-Chamber-Thermotron-Model-S-1.0-8200-1-768x576-copy.jpg","width":768,"height":576},{"@type":"BreadcrumbList","@id":"https:\/\/vannangvn.123websitedev.com\/san-pham\/tu-kiem-tra-khi-hau-de-ban-thermotron-model-s-1-0-8200\/#breadcrumb","itemListElement":[{"@type":"ListItem","position":1,"name":"Trang ch\u1ee7","item":"https:\/\/vannangvn.123websitedev.com\/"},{"@type":"ListItem","position":2,"name":"S\u1ea3n ph\u1ea9m","item":"https:\/\/vannangvn.123websitedev.com\/cua-hang\/"},{"@type":"ListItem","position":3,"name":"T\u1ee6 KI\u1ec2M TRA KH\u00cd H\u1eacU \u0110\u1ec2 B\u00c0N THERMOTRON MODEL S-1.0-8200"}]},{"@type":"WebSite","@id":"https:\/\/vannangvn.123websitedev.com\/#website","url":"https:\/\/vannangvn.123websitedev.com\/","name":"Vannang.vn","description":"","publisher":{"@id":"https:\/\/vannangvn.123websitedev.com\/#organization"},"potentialAction":[{"@type":"SearchAction","target":{"@type":"EntryPoint","urlTemplate":"https:\/\/vannangvn.123websitedev.com\/?s={search_term_string}"},"query-input":{"@type":"PropertyValueSpecification","valueRequired":true,"valueName":"search_term_string"}}],"inLanguage":"en-US"},{"@type":"Organization","@id":"https:\/\/vannangvn.123websitedev.com\/#organization","name":"Vannang.vn","url":"https:\/\/vannangvn.123websitedev.com\/","logo":{"@type":"ImageObject","inLanguage":"en-US","@id":"https:\/\/vannangvn.123websitedev.com\/#\/schema\/logo\/image\/","url":"https:\/\/vannangvn.123websitedev.com\/wp-content\/uploads\/2026\/02\/logo-van-nang-02.png","contentUrl":"https:\/\/vannangvn.123websitedev.com\/wp-content\/uploads\/2026\/02\/logo-van-nang-02.png","width":448,"height":111,"caption":"Vannang.vn"},"image":{"@id":"https:\/\/vannangvn.123websitedev.com\/#\/schema\/logo\/image\/"}}]}},"_links":{"self":[{"href":"https:\/\/vannangvn.123websitedev.com\/en\/wp-json\/wp\/v2\/product\/8140","targetHints":{"allow":["GET"]}}],"collection":[{"href":"https:\/\/vannangvn.123websitedev.com\/en\/wp-json\/wp\/v2\/product"}],"about":[{"href":"https:\/\/vannangvn.123websitedev.com\/en\/wp-json\/wp\/v2\/types\/product"}],"replies":[{"embeddable":true,"href":"https:\/\/vannangvn.123websitedev.com\/en\/wp-json\/wp\/v2\/comments?post=8140"}],"wp:featuredmedia":[{"embeddable":true,"href":"https:\/\/vannangvn.123websitedev.com\/en\/wp-json\/wp\/v2\/media\/8941"}],"wp:attachment":[{"href":"https:\/\/vannangvn.123websitedev.com\/en\/wp-json\/wp\/v2\/media?parent=8140"}],"wp:term":[{"taxonomy":"product_brand","embeddable":true,"href":"https:\/\/vannangvn.123websitedev.com\/en\/wp-json\/wp\/v2\/product_brand?post=8140"},{"taxonomy":"product_cat","embeddable":true,"href":"https:\/\/vannangvn.123websitedev.com\/en\/wp-json\/wp\/v2\/product_cat?post=8140"},{"taxonomy":"product_tag","embeddable":true,"href":"https:\/\/vannangvn.123websitedev.com\/en\/wp-json\/wp\/v2\/product_tag?post=8140"}],"curies":[{"name":"wp","href":"https:\/\/api.w.org\/{rel}","templated":true}]}}