{"id":8142,"date":"2026-03-20T19:17:30","date_gmt":"2026-03-20T12:17:30","guid":{"rendered":"https:\/\/vannangvn.123websitedev.com\/san-pham\/tu-lab-tu-dong-cho-nganh-do-uong-anton-paar-model-alab-5000-torque\/"},"modified":"2026-03-30T18:59:43","modified_gmt":"2026-03-30T11:59:43","slug":"tu-lab-tu-dong-cho-nganh-do-uong-anton-paar-model-alab-5000-torque","status":"publish","type":"product","link":"https:\/\/vannangvn.123websitedev.com\/en\/product\/tu-lab-tu-dong-cho-nganh-do-uong-anton-paar-model-alab-5000-torque\/","title":{"rendered":"T\u1ee6 LAB T\u1ef0 \u0110\u1ed8NG CHO NG\u00c0NH \u0110\u1ed2 U\u1ed0NG ANTON PAAR MODEL ALAB 5000 TORQUE"},"content":{"rendered":"<h1 style=\"color: red; font-weight: bold; font-size: 24px;\">T&#7893;ng quan s&#7843;n ph&#7849;m T&#7910; LAB T&#7920; &#272;&#7896;NG CHO NG&Agrave;NH &#272;&#7890; U&#7888;NG ANTON PAAR MODEL ALAB 5000 TORQUE<p>T&#7911; Lab T&#7921; &#272;&#7897;ng Cho Ng&agrave;nh &#272;&#7891; U&#7889;ng (The Automated Lab for the Beverage Industry) Anton Paar Model ALAB 5000 Torque<br>\nT&#7911; Lab ALAB 5000 Torque l&agrave; s&#7843;n ph&#7849;m ti&ecirc;n ti&#7871;n nh&#7845;t d&agrave;nh cho ng&agrave;nh c&ocirc;ng nghi&#7879;p &#273;&#7891; u&#7889;ng &#273;&#7871;n t&#7915; th&#432;&#417;ng hi&#7879;u n&#7893;i ti&#7871;ng Anton Paar, cung c&#7845;p gi&#7843;i ph&aacute;p t&#7921; &#273;&#7897;ng h&oacute;a ho&agrave;n ch&#7881;nh cho vi&#7879;c &#273;o l&#7921;c m&#7903; n&#7855;p v&agrave; l&#7921;c v&#7905; v&ograve;ng c&#7911;a chai trong th&#7901;i gian ch&#7881; 30 gi&acirc;y m&#7895;i chai. V&#7899;i t&iacute;nh n&#259;ng t&#7921; &#273;&#7897;ng h&oacute;a ho&agrave;n to&agrave;n v&agrave; ho&#7841;t &#273;&#7897;ng li&ecirc;n t&#7909;c 24\/7, ALAB 5000 Torque &#273;&#7843;m b&#7843;o kh&ocirc;ng c&oacute; &ldquo;th&#7901;i gian ch&#7871;t&rdquo;, t&#7889;i &#432;u h&oacute;a n&#259;ng su&#7845;t v&agrave; hi&#7879;u qu&#7843; cho d&acirc;y chuy&#7873;n s&#7843;n xu&#7845;t cho doanh nghi&#7879;p. H&atilde;y c&ugrave;ng Thi&#7871;t B&#7883; C&ocirc;ng Ngh&#7879; V&#7841;n N&#259;ng Company t&igrave;m hi&#7875;u chi ti&#7871;t h&#417;n v&#7873; s&#7843;n ph&#7849;m th&ocirc;ng qua b&agrave;i vi&#7871;t d&#432;&#7899;i &#273;&acirc;y nh&eacute;!<\/p><p>Xem Th&ecirc;m:<\/p><p>&#272;&#7863;c Tr&#432;ng C&#7911;a T&#7911; Lab ALAB 5000 Torque<br>\nT&#7921; &#272;&#7897;ng H&oacute;a, K&#7871;t Qu&#7843; &#272;o L&#432;&#7901;ng Theo Th&#7901;i Gian Th&#7921;c<br>\nT&#7911; thi&#7871;t b&#7883; cho ng&agrave;nh &#273;&#7891; u&#7889;ng ALAB 5000 Torque mang &#273;&#7871;n kh&#7843; n&#259;ng &#273;o l&#432;&#7901;ng t&#7921; &#273;&#7897;ng, cung c&#7845;p k&#7871;t qu&#7843; theo th&#7901;i gian th&#7921;c ngay t&#7841;i d&acirc;y chuy&#7873;n s&#7843;n xu&#7845;t. &#272;i&#7873;u n&agrave;y cho ph&eacute;p &#273;&#7897;i ng&#361; s&#7843;n xu&#7845;t ph&#7843;n &#7913;ng ngay l&#7853;p t&#7913;c v&#7899;i c&aacute;c sai l&#7879;ch, t&#7915; &#273;&oacute; ti&#7871;t ki&#7879;m chi ph&iacute; do s&#7843;n ph&#7849;m kh&ocirc;ng &#273;&#7841;t chu&#7849;n trong t&#432;&#417;ng lai. V&#7899;i vi&#7879;c lo&#7841;i b&#7887; ho&agrave;n to&agrave;n y&#7871;u t&#7889; con ng&#432;&#7901;i trong qu&aacute; tr&igrave;nh chu&#7849;n b&#7883; m&#7851;u, m&#7885;i m&#7851;u &#273;o &#273;&#7873;u &#273;&#432;&#7907;c th&#7921;c hi&#7879;n m&#7897;t c&aacute;ch &#273;&#7891;ng nh&#7845;t v&agrave; ch&iacute;nh x&aacute;c, &#273;&#7843;m b&#7843;o t&iacute;nh t&aacute;i l&#7853;p cao trong k&#7871;t qu&#7843; &#273;o l&#432;&#7901;ng.<\/p><p>N&acirc;ng Cao N&#259;ng Su&#7845;t v&agrave; Ti&#7871;t Ki&#7879;m Th&#7901;i Gian<br>\nH&atilde;ng Anton Paar &#273;&atilde; k&#7871;t h&#7907;p h&agrave;ng ch&#7909;c n&#259;m kinh nghi&#7879;m trong ng&agrave;nh c&ocirc;ng nghi&#7879;p &#273;&#7891; u&#7889;ng v&#7899;i thi&#7871;t k&#7871; ti&ecirc;n ti&#7871;n &#273;&#7875; t&#7841;o ra h&#7879; th&#7889;ng &#273;o l&#432;&#7901;ng t&#7921; &#273;&#7897;ng &#273;&aacute;ng tin c&#7853;y. Th&#7901;i gian &#273;o ch&#7881; trong 30 gi&acirc;y cho m&#7895;i m&#7851;u gi&uacute;p ng&#432;&#7901;i d&ugrave;ng th&#7921;c hi&#7879;n nhi&#7873;u ph&eacute;p &#273;o h&#417;n bao gi&#7901; h&#7871;t. Ngo&agrave;i ra, t&iacute;nh n&#259;ng t&#7921; &#273;&#7897;ng l&agrave;m s&#7841;ch v&agrave; b&#7843;o d&#432;&#7905;ng t&iacute;ch h&#7907;p gi&uacute;p &#273;&#7897;i ng&#361; s&#7843;n xu&#7845;t t&#7853;p trung v&agrave;o c&aacute;c nhi&#7879;m v&#7909; quan tr&#7885;ng kh&aacute;c trong ng&agrave;y, gi&#7843;m thi&#7875;u t&#7889;i &#273;a th&#7901;i gian gi&aacute;n &#273;o&#7841;n.<\/p><h2 style=\"color: #0073aa; font-weight: bold; font-size: 20px;\">&#272;o L&#432;&#7901;ng Ch&iacute;nh X&aacute;c Nhi&#7873;u Th&ocirc;ng S&#7889; Quan Tr&#7885;ng<\/h2><p>Model ALAB 5000 Torque kh&ocirc;ng ch&#7881; &#273;o l&#7921;c m&#7903; n&#7855;p v&agrave; l&#7921;c v&#7905; v&ograve;ng c&#7911;a c&aacute;c lo&#7841;i n&#7855;p xo&#7855;n v&agrave; n&#7855;p ch&#7909;p, m&agrave; c&ograve;n c&oacute; th&#7875; t&iacute;ch h&#7907;p v&#7899;i c&aacute;c thi&#7871;t b&#7883; &#273;o l&#432;&#7901;ng kh&aacute;c nh&#432; m&aacute;y &#273;o oxygen t&#7893;ng TPO 5000 v&agrave; h&#7879; th&#7889;ng ph&acirc;n t&iacute;ch &#273;&#7891; u&#7889;ng &#273;&oacute;ng g&oacute;i (PBA). &#272;i&#7873;u n&agrave;y cho ph&eacute;p b&#7841;n x&aacute;c &#273;&#7883;nh c&aacute;c th&ocirc;ng s&#7889; quan tr&#7885;ng nh&#432; m&#7853;t &#273;&#7897;, n&#7891;ng &#273;&#7897; c&#7891;n, h&agrave;m l&#432;&#7907;ng ch&#7845;t chi&#7871;t xu&#7845;t v&agrave; nhi&#7873;u th&ocirc;ng s&#7889; kh&aacute;c, t&ugrave;y theo c&#7845;u h&igrave;nh b&#7841;n l&#7921;a ch&#7885;n.<\/p><p>Gi&#7843;i Ph&aacute;p &#272;a N&#259;ng Cho Nhi&#7873;u K&iacute;ch C&#7905; Chai<br>\nV&#7899;i b&#7897; &#273;i&#7873;u h&#7907;p &#273;a n&#259;ng, Anton Paar ALAB 5000 Torque c&oacute; kh&#7843; n&#259;ng &#273;o l&#7921;c m&#7903; n&#7855;p v&agrave; l&#7921;c v&#7905; v&ograve;ng c&#7911;a c&aacute;c n&#7855;p c&oacute; &#273;&#432;&#7901;ng k&iacute;nh t&#7915; 25 mm &#273;&#7871;n 40 mm, b&#7845;t k&#7875; ch&#7845;t li&#7879;u. Ch&#7913;c n&#259;ng x&aacute;c minh l&#7921;c xo&#7855;n t&#7921; &#273;&#7897;ng &#273;&#7843;m b&#7843;o lu&ocirc;n c&oacute; &#273;&#432;&#7907;c k&#7871;t qu&#7843; &#273;o l&#432;&#7901;ng ch&iacute;nh x&aacute;c, &#273;&aacute;ng tin c&#7853;y.<br>\nB&#7873;n B&#7881;, S&#7861;n S&agrave;ng Cho M&ocirc;i Tr&#432;&#7901;ng S&#7843;n Xu&#7845;t Kh&#7855;c Nghi&#7879;t<br>\nThi&#7871;t k&#7871; ch&#7855;c ch&#7855;n v&#7899;i c&aacute;c t&iacute;nh n&#259;ng b&#7843;o v&#7879; nh&#432; v&#7887; b&#7885;c v&agrave; t&#7911; k&iacute;n gi&uacute;p bu&#7891;ng Lab ALAB 5000 Torque ch&#7883;u &#273;&#432;&#7907;c nhi&#7879;t &#273;&#7897; v&agrave; &#273;&#7897; &#7849;m cao. H&#7879; th&#7889;ng &#273;i&#7873;u h&ograve;a kh&ocirc;ng kh&iacute; v&agrave; cung c&#7845;p kh&ocirc;ng kh&iacute; kh&ocirc; gi&uacute;p duy tr&igrave; &#273;i&#7873;u ki&#7879;n m&ocirc;i tr&#432;&#7901;ng &#7893;n &#273;&#7883;nh, cho ph&eacute;p b&#7841;n d&#7877; d&agrave;ng di chuy&#7875;n thi&#7871;t b&#7883; t&#7915; ph&ograve;ng th&iacute; nghi&#7879;m ra d&acirc;y chuy&#7873;n s&#7843;n xu&#7845;t m&agrave; kh&ocirc;ng &#7843;nh h&#432;&#7903;ng &#273;&#7871;n hi&#7879;u su&#7845;t.<\/p><p>&#431;u &#272;i&#7875;m V&#432;&#7907;t Tr&#7897;i C&#7911;a ALAB 5000 Torque<\/p><p>T&#259;ng N&#259;ng Su&#7845;t<br>\nM&aacute;y ho&#7841;t &#273;&#7897;ng li&ecirc;n t&#7909;c 24\/7, kh&ocirc;ng c&oacute; &ldquo;th&#7901;i gian ch&#7871;t&rdquo;, gi&uacute;p t&#7889;i &#432;u h&oacute;a n&#259;ng su&#7845;t s&#7843;n xu&#7845;t.<br>\n&#272;o L&#432;&#7901;ng Ch&iacute;nh X&aacute;c<br>\nLo&#7841;i b&#7887; ho&agrave;n to&agrave;n sai s&oacute;t do y&#7871;u t&#7889; con ng&#432;&#7901;i, &#273;&#7843;m b&#7843;o k&#7871;t qu&#7843; &#273;o l&#432;&#7901;ng ch&iacute;nh x&aacute;c v&agrave; &#273;&#7891;ng nh&#7845;t.<br>\nTi&#7871;t Ki&#7879;m Chi Ph&iacute;<br>\nPh&#7843;n &#7913;ng ngay l&#7853;p t&#7913;c v&#7899;i c&aacute;c sai l&#7879;ch, gi&#7843;m thi&#7875;u chi ph&iacute; do s&#7843;n ph&#7849;m kh&ocirc;ng &#273;&#7841;t chu&#7849;n.<br>\n&#272;a D&#7909;ng<br>\nTh&iacute;ch h&#7907;p cho nhi&#7873;u lo&#7841;i chai v&agrave; n&#7855;p v&#7899;i c&aacute;c k&iacute;ch th&#432;&#7899;c v&agrave; ch&#7845;t li&#7879;u kh&aacute;c nhau.<br>\nB&#7873;n B&#7881;<br>\nThi&#7871;t k&#7871; ch&#7883;u &#273;&#432;&#7907;c m&ocirc;i tr&#432;&#7901;ng s&#7843;n xu&#7845;t kh&#7855;c nghi&#7879;t, &#273;&#7843;m b&#7843;o ho&#7841;t &#273;&#7897;ng &#7893;n &#273;&#7883;nh v&agrave; l&acirc;u d&agrave;i.<\/p><p>&#7912;ng D&#7909;ng C&#7911;a ALAB 5000 Torque Trong Ng&agrave;nh C&ocirc;ng Nghi&#7879;p &#272;&#7891; U&#7889;ng<br>\nALAB 5000 Torque Anton Paar kh&ocirc;ng ch&#7881; ph&ugrave; h&#7907;p v&#7899;i c&aacute;c d&acirc;y chuy&#7873;n s&#7843;n xu&#7845;t &#273;&#7891; u&#7889;ng c&oacute; c&#7891;n nh&#432; bia, r&#432;&#7907;u vang m&agrave; c&ograve;n th&iacute;ch h&#7907;p cho c&aacute;c s&#7843;n ph&#7849;m n&#432;&#7899;c gi&#7843;i kh&aacute;t, n&#432;&#7899;c tinh khi&#7871;t v&agrave; r&#432;&#7907;u sake. H&#7879; th&#7889;ng &#273;o l&#432;&#7901;ng t&#7921; &#273;&#7897;ng n&agrave;y gi&uacute;p n&acirc;ng cao ch&#7845;t l&#432;&#7907;ng s&#7843;n ph&#7849;m, &#273;&#7843;m b&#7843;o t&iacute;nh nh&#7845;t qu&aacute;n v&agrave; &#273;&#7897; tin c&#7853;y, &#273;&aacute;p &#7913;ng m&#7885;i y&ecirc;u c&#7847;u kh&#7855;t khe c&#7911;a ng&agrave;nh c&ocirc;ng nghi&#7879;p &#273;&#7891; u&#7889;ng.<\/p><p>Nh&#7919;ng L&yacute; Do N&ecirc;n Mua T&#7911; Lab T&#7921; &#272;&#7897;ng T&#7841;i Thi&#7871;t B&#7883; C&ocirc;ng Ngh&#7879; V&#7841;n N&#259;ng<\/p><p>C&ocirc;ng ty Thi&#7871;t B&#7883; C&ocirc;ng Ngh&#7879; V&#7841;n N&#259;ng l&agrave; &#273;&#7889;i t&aacute;c ch&iacute;nh th&#7913;c ph&acirc;n ph&#7889;i T&#7911; Lab T&#7921; &#272;&#7897;ng Cho &#272;&#7891; U&#7889;ng h&agrave;ng &#273;&#7847;u t&#7841;i Vi&#7879;t Nam, cam k&#7871;t cung c&#7845;p s&#7843;n ph&#7849;m ch&iacute;nh h&atilde;ng v&#7899;i gi&aacute; c&#7843; c&#7841;nh tranh nh&#7845;t th&#7883; tr&#432;&#7901;ng. V&#7899;i uy t&iacute;n tr&ecirc;n th&#7883; tr&#432;&#7901;ng v&agrave; ch&#7871; &#273;&#7897; h&#7851;u m&atilde;i t&#7889;t, V&#7841;n N&#259;ng &#273;&atilde; nh&#7853;n &#273;&#432;&#7907;c s&#7921; tin t&#432;&#7903;ng t&#7915; kh&aacute;ch h&agrave;ng nh&#7901; v&agrave;o ch&#7845;t l&#432;&#7907;ng h&agrave;ng &#273;&#7847;u c&#7911;a c&aacute;c d&ograve;ng s&#7843;n ph&#7849;m.<br>\nS&#7843;n ph&#7849;m c&#7911;a ch&uacute;ng t&ocirc;i &#273;&#432;&#7907;c ki&#7875;m &#273;&#7883;nh ch&#7845;t l&#432;&#7907;ng, nh&#7853;p kh&#7849;u tr&#7921;c ti&#7871;p t&#7915; nh&agrave; m&aacute;y b&ecirc;n Ch&acirc;u &Acirc;u, M&#7929;, &Uacute;c, Nh&#7853;t B&#7843;n,&hellip; v&agrave; &#273;&aacute;p &#7913;ng nhu c&#7847;u &#273;a d&#7841;ng c&#7911;a th&#7883; tr&#432;&#7901;ng nh&#432;: M&aacute;y &#272;o &#272;&#7897; C&#7913;ng, M&aacute;y SPECTROMAXx, M&aacute;y Ki&#7875;m Tra &#272;&#7897; B&#7873;n S&#417;n,&hellip; Ch&uacute;ng t&ocirc;i cam k&#7871;t cung c&#7845;p s&#7843;n ph&#7849;m n&agrave;y tr&ecirc;n to&agrave;n qu&#7889;c v&#7899;i gi&aacute; c&#7843; c&#7841;nh tranh nh&#7845;t.<br>\nCh&uacute;ng t&ocirc;i c&oacute; &#273;&#7897;i ng&#361; chuy&ecirc;n vi&ecirc;n t&#432; v&#7845;n chuy&ecirc;n s&acirc;u s&#7869; h&#7895; tr&#7907; kh&aacute;ch h&agrave;ng v&#7873; chi ti&#7871;t s&#7843;n ph&#7849;m, h&#432;&#7899;ng d&#7851;n s&#7917; d&#7909;ng hay nh&#7919;ng th&#7913; li&ecirc;n quan &#273;&#7871;n v&#7845;n &#273;&#7873; m&agrave; doanh nghi&#7879;p b&#7841;n &#273;ang g&#7863;p ph&#7843;i. Ch&uacute;ng t&ocirc;i s&#7869; cung c&#7845;p nh&#7919;ng gi&#7843;i ph&aacute;p t&#7889;i &#432;u nh&#7845;t !!!<br>\nNgo&agrave;i ra Thi&#7871;t B&#7883; C&ocirc;ng Ngh&#7879; V&#7841;n N&#259;ng Ch&uacute;ng T&ocirc;i lu&ocirc;n h&#432;&#7899;ng &#273;&#7871;n tr&#7843;i nghi&#7879;m kh&aacute;ch h&agrave;ng, v&igrave; v&#7853;y ch&uacute;ng t&ocirc;i c&oacute; nh&#7919;ng ch&iacute;nh s&aacute;ch b&#7843;o h&agrave;nh, b&#7843;o tr&igrave; &ndash; b&#7843;o d&#432;&#7905;ng, hi&#7879;u chu&#7849;n v&#7899;i t&#7845;t c&#7843; c&aacute;c thi&#7871;t b&#7883;, m&aacute;y m&oacute;c m&agrave; ch&uacute;ng t&ocirc;i cung c&#7845;p. &#272;&#7843;m b&#7843;o mang &#273;&#7871;n cho Kh&aacute;ch h&agrave;ng s&#7921; y&ecirc;n t&acirc;m tuy&#7879;t &#273;&#7889;i v&#7873; d&#7883;ch v&#7909; khi mua h&agrave;ng.<\/p><p>T&#7893;ng K&#7871;t<br>\nT&#7911; Lab T&#7921; &#272;&#7897;ng Cho ng&agrave;nh &#273;&#7891; u&#7889;ng ALAB 5000 Torque l&agrave; gi&#7843;i ph&aacute;p t&#7921; &#273;&#7897;ng h&oacute;a ho&agrave;n h&#7843;o cho ng&agrave;nh c&ocirc;ng nghi&#7879;p &#273;&#7891; u&#7889;ng, gi&uacute;p n&acirc;ng cao ch&#7845;t l&#432;&#7907;ng s&#7843;n ph&#7849;m, t&#7889;i &#432;u h&oacute;a quy tr&igrave;nh s&#7843;n xu&#7845;t v&agrave; ti&#7871;t ki&#7879;m chi ph&iacute;. V&#7899;i nh&#7919;ng t&iacute;nh n&#259;ng n&#7893;i b&#7853;t v&agrave; l&#7907;i &iacute;ch v&#432;&#7907;t tr&#7897;i, ALAB 5000 Torque ch&#7855;c ch&#7855;n l&agrave; s&#7921; &#273;&#7847;u t&#432; &#273;&aacute;ng gi&aacute; cho m&#7885;i doanh nghi&#7879;p trong ng&agrave;nh. H&atilde;y li&ecirc;n h&#7879; v&#7899;i Thi&#7871;t B&#7883; C&ocirc;ng Ngh&#7879; V&#7841;n N&#259;ng ngay &#273;&#7875; &#273;&#432;&#7907;c t&#432; v&#7845;n chuy&ecirc;n s&acirc;u v&agrave; nh&#7853;n c&aacute;c &#432;u &#273;&atilde;i h&#7845;p d&#7851;n nh&#7845;t th&ocirc;ng qua hotline0903 991 335 !<\/p><div style=\"background-color: #f8fafc; border: 1px solid #e2e8f0; border-radius: 8px; padding: 25px; max-width: 800px; margin: 30px auto; color: #334155; line-height: 1.8; font-size: 17px; box-shadow: 0 4px 6px -1px rgba(0,0,0,0.05); text-align: left; clear: both;\">\nC&ocirc;ng ty TNHH Th&#432;&#417;ng M&#7841;i D&#7883;ch V&#7909; Thi&#7871;t B&#7883; C&ocirc;ng Ngh&#7879; V&#7841;n N&#259;ng\n<p style=\"margin: 0 0 10px 0;\">&#128205; <strong style=\"color: #1e293b;\">&#272;&#7883;a ch&#7881;:<\/strong> <a style=\"color: #059669; text-decoration: none; font-weight: bold;\" href=\"https:\/\/www.google.com\/maps\/search\/C%C3%B4ng+ty+TNHH+Th%C6%B0%C6%A1ng+M%E1%BA%A1i+D%E1%BB%8Bch+V%E1%BB%A5+Thi%E1%BA%BFt+B%E1%BB%8B+C%C3%B4ng+Ngh%E1%BB%87+V%E1%BA%A1n+N%C4%83ng+818+Tr%C6%B0%E1%BB%9Dng+Chinh\" target=\"_blank\" rel=\"noopener\">818 Tr&#432;&#7901;ng Chinh, Ph&#432;&#7901;ng T&acirc;n S&#417;n, Th&agrave;nh ph&#7889; H&#7891; Ch&iacute; Minh, Vi&#7879;t Nam<\/a><\/p>\n<p style=\"margin: 0 0 10px 0;\">&#128222; <strong style=\"color: #1e293b;\">S&#272;T &ndash; Zalo:<\/strong> <a style=\"color: #059669; text-decoration: none; font-weight: bold;\" href=\"https:\/\/zalo.me\/0903991335\" target=\"_blank\" rel=\"noopener\">0903 991 335<\/a> <span style=\"color: #64748b; font-style: italic;\">(Ms. H&#7841;nh &ndash; Gi&aacute;m &#272;&#7889;c Kinh Doanh)<\/span><\/p>\n<p style=\"margin: 0;\">&#9993;&#65039; <strong style=\"color: #1e293b;\">Email:<\/strong> <a style=\"color: #059669; text-decoration: none; font-weight: bold;\" href=\"mailto:hienhanh@vannangvn.com\">hienhanh@vannangvn.com<\/a><\/p>\n<\/div><\/h1>","protected":false},"excerpt":{"rendered":"<p><strong>Th&#432;&#417;ng hi&#7879;u:<\/strong> T&#7911; Lab ALAB 5000 Torque&nbsp;l&agrave; s&#7843;n ph&#7849;m ti&ecirc;n ti&#7871;n nh&#7845;t d&agrave;nh cho ng&agrave;nh c&ocirc;ng nghi&#7879;p &#273;&#7891; u&#7889;ng &#273;&#7871;n t&#7915; th&#432;&#417;ng hi&#7879;u n&#7893;i ti&#7871;ng&nbsp;Anton Paar&nbsp;v&#7899;i nh&#7919;ng &#432;u &#273;i&#7875;m v&#432;&#7907;t tr&#7897;i nh&#432;:<br>\n<strong>Model:<\/strong> ALAB 5000-2<p>Product <strong>T&#7910; LAB T&#7920; &#272;&#7896;NG CHO NG&Agrave;NH &#272;&#7890; U&#7888;NG ANTON PAAR MODEL ALAB 5000 TORQUE<\/strong> ch&iacute;nh h&atilde;ng. T&#7911; Lab ALAB 5000 Torque&nbsp;l&agrave; s&#7843;n ph&#7849;m ti&ecirc;n ti&#7871;n nh&#7845;t d&agrave;nh cho ng&agrave;nh c&ocirc;ng nghi&#7879;p &#273;&#7891; u&#7889;ng &#273;&#7871;n t&#7915; th&#432;&#417;ng hi&#7879;u n&#7893;i ti&#7871;ng&nbsp;Anton Paar&nbsp;v&#7899;i nh&#7919;ng &#432;u &#273;i&#7875;m v&#432;&#7907;t tr&#7897;i nh&#432;:<\/p><\/p>","protected":false},"featured_media":0,"comment_status":"open","ping_status":"closed","template":"","meta":[],"product_brand":[],"product_cat":[18],"product_tag":[465,1017,1150,1172,3714,3716,108,116,162,163,181,372,464],"class_list":{"0":"post-8142","1":"product","2":"type-product","3":"status-publish","5":"product_cat-chua-phan-loai","6":"product_tag-paar","7":"product_tag-1017","8":"product_tag-lab","9":"product_tag-uong","10":"product_tag-alab","11":"product_tag-torque","12":"product_tag-cho","13":"product_tag-model","14":"product_tag-tu","15":"product_tag-dong","16":"product_tag-do","17":"product_tag-nganh","18":"product_tag-anton","20":"first","21":"instock","22":"shipping-taxable","23":"product-type-simple"},"yoast_head":"<!-- This site is optimized with the Yoast SEO Premium plugin v24.8 (Yoast SEO v24.8) - https:\/\/yoast.com\/wordpress\/plugins\/seo\/ -->\n<title>T\u1ee6 LAB T\u1ef0 \u0110\u1ed8NG CHO NG\u00c0NH \u0110\u1ed2 U\u1ed0NG AN... ch\u00ednh h\u00e3ng | V\u1ea1n N\u0103ng<\/title>\n<meta name=\"description\" content=\"Mua ngay T\u1ee6 LAB T\u1ef0 \u0110\u1ed8NG CHO NG\u00c0NH \u0110\u1ed2 U\u1ed0NG ANTON PAAR MODEL ALAB 5000 TORQUE ch\u00ednh h\u00e3ng. Gi\u00e1 t\u1ed1t!\" \/>\n<meta name=\"robots\" content=\"noindex, follow, max-snippet:-1, max-image-preview:large, max-video-preview:-1\" \/>\n<meta property=\"og:locale\" content=\"en_US\" \/>\n<meta property=\"og:type\" content=\"article\" \/>\n<meta property=\"og:title\" content=\"T\u1ee6 LAB T\u1ef0 \u0110\u1ed8NG CHO NG\u00c0NH \u0110\u1ed2 U\u1ed0NG ANTON PAAR MODEL ALAB 5000 TORQUE\" \/>\n<meta property=\"og:description\" content=\"Mua ngay T\u1ee6 LAB T\u1ef0 \u0110\u1ed8NG CHO NG\u00c0NH \u0110\u1ed2 U\u1ed0NG ANTON PAAR MODEL ALAB 5000 TORQUE ch\u00ednh h\u00e3ng. Gi\u00e1 t\u1ed1t!\" \/>\n<meta property=\"og:url\" content=\"https:\/\/vannangvn.123websitedev.com\/en\/product\/tu-lab-tu-dong-cho-nganh-do-uong-anton-paar-model-alab-5000-torque\/\" \/>\n<meta property=\"og:site_name\" content=\"Vannang.vn\" \/>\n<meta property=\"article:modified_time\" content=\"2026-03-30T11:59:43+00:00\" \/>\n<meta name=\"twitter:card\" content=\"summary_large_image\" \/>\n<meta name=\"twitter:label1\" content=\"Est. reading time\" \/>\n\t<meta name=\"twitter:data1\" content=\"10 minutes\" \/>\n<script type=\"application\/ld+json\" class=\"yoast-schema-graph\">{\"@context\":\"https:\/\/schema.org\",\"@graph\":[{\"@type\":\"WebPage\",\"@id\":\"https:\/\/vannangvn.123websitedev.com\/san-pham\/tu-lab-tu-dong-cho-nganh-do-uong-anton-paar-model-alab-5000-torque\/\",\"url\":\"https:\/\/vannangvn.123websitedev.com\/san-pham\/tu-lab-tu-dong-cho-nganh-do-uong-anton-paar-model-alab-5000-torque\/\",\"name\":\"T\u1ee6 LAB T\u1ef0 \u0110\u1ed8NG CHO NG\u00c0NH \u0110\u1ed2 U\u1ed0NG AN... ch\u00ednh h\u00e3ng | V\u1ea1n N\u0103ng\",\"isPartOf\":{\"@id\":\"https:\/\/vannangvn.123websitedev.com\/#website\"},\"datePublished\":\"2026-03-20T12:17:30+00:00\",\"dateModified\":\"2026-03-30T11:59:43+00:00\",\"description\":\"Mua ngay T\u1ee6 LAB T\u1ef0 \u0110\u1ed8NG CHO NG\u00c0NH \u0110\u1ed2 U\u1ed0NG ANTON PAAR MODEL ALAB 5000 TORQUE ch\u00ednh h\u00e3ng. Gi\u00e1 t\u1ed1t!\",\"breadcrumb\":{\"@id\":\"https:\/\/vannangvn.123websitedev.com\/san-pham\/tu-lab-tu-dong-cho-nganh-do-uong-anton-paar-model-alab-5000-torque\/#breadcrumb\"},\"inLanguage\":\"en-US\",\"potentialAction\":[{\"@type\":\"ReadAction\",\"target\":[\"https:\/\/vannangvn.123websitedev.com\/san-pham\/tu-lab-tu-dong-cho-nganh-do-uong-anton-paar-model-alab-5000-torque\/\"]}]},{\"@type\":\"BreadcrumbList\",\"@id\":\"https:\/\/vannangvn.123websitedev.com\/san-pham\/tu-lab-tu-dong-cho-nganh-do-uong-anton-paar-model-alab-5000-torque\/#breadcrumb\",\"itemListElement\":[{\"@type\":\"ListItem\",\"position\":1,\"name\":\"Trang ch\u1ee7\",\"item\":\"https:\/\/vannangvn.123websitedev.com\/\"},{\"@type\":\"ListItem\",\"position\":2,\"name\":\"S\u1ea3n ph\u1ea9m\",\"item\":\"https:\/\/vannangvn.123websitedev.com\/cua-hang\/\"},{\"@type\":\"ListItem\",\"position\":3,\"name\":\"T\u1ee6 LAB T\u1ef0 \u0110\u1ed8NG CHO NG\u00c0NH \u0110\u1ed2 U\u1ed0NG ANTON PAAR MODEL ALAB 5000 TORQUE\"}]},{\"@type\":\"WebSite\",\"@id\":\"https:\/\/vannangvn.123websitedev.com\/#website\",\"url\":\"https:\/\/vannangvn.123websitedev.com\/\",\"name\":\"Vannang.vn\",\"description\":\"\",\"publisher\":{\"@id\":\"https:\/\/vannangvn.123websitedev.com\/#organization\"},\"potentialAction\":[{\"@type\":\"SearchAction\",\"target\":{\"@type\":\"EntryPoint\",\"urlTemplate\":\"https:\/\/vannangvn.123websitedev.com\/?s={search_term_string}\"},\"query-input\":{\"@type\":\"PropertyValueSpecification\",\"valueRequired\":true,\"valueName\":\"search_term_string\"}}],\"inLanguage\":\"en-US\"},{\"@type\":\"Organization\",\"@id\":\"https:\/\/vannangvn.123websitedev.com\/#organization\",\"name\":\"Vannang.vn\",\"url\":\"https:\/\/vannangvn.123websitedev.com\/\",\"logo\":{\"@type\":\"ImageObject\",\"inLanguage\":\"en-US\",\"@id\":\"https:\/\/vannangvn.123websitedev.com\/#\/schema\/logo\/image\/\",\"url\":\"https:\/\/vannangvn.123websitedev.com\/wp-content\/uploads\/2026\/02\/logo-van-nang-02.png\",\"contentUrl\":\"https:\/\/vannangvn.123websitedev.com\/wp-content\/uploads\/2026\/02\/logo-van-nang-02.png\",\"width\":448,\"height\":111,\"caption\":\"Vannang.vn\"},\"image\":{\"@id\":\"https:\/\/vannangvn.123websitedev.com\/#\/schema\/logo\/image\/\"}}]}<\/script>\n<!-- \/ Yoast SEO Premium plugin. -->","yoast_head_json":{"title":"T\u1ee6 LAB T\u1ef0 \u0110\u1ed8NG CHO NG\u00c0NH \u0110\u1ed2 U\u1ed0NG AN... ch\u00ednh h\u00e3ng | V\u1ea1n N\u0103ng","description":"Mua ngay T\u1ee6 LAB T\u1ef0 \u0110\u1ed8NG CHO NG\u00c0NH \u0110\u1ed2 U\u1ed0NG ANTON PAAR MODEL ALAB 5000 TORQUE ch\u00ednh h\u00e3ng. Gi\u00e1 t\u1ed1t!","robots":{"index":"noindex","follow":"follow","max-snippet":"max-snippet:-1","max-image-preview":"max-image-preview:large","max-video-preview":"max-video-preview:-1"},"og_locale":"en_US","og_type":"article","og_title":"T\u1ee6 LAB T\u1ef0 \u0110\u1ed8NG CHO NG\u00c0NH \u0110\u1ed2 U\u1ed0NG ANTON PAAR MODEL ALAB 5000 TORQUE","og_description":"Mua ngay T\u1ee6 LAB T\u1ef0 \u0110\u1ed8NG CHO NG\u00c0NH \u0110\u1ed2 U\u1ed0NG ANTON PAAR MODEL ALAB 5000 TORQUE ch\u00ednh h\u00e3ng. Gi\u00e1 t\u1ed1t!","og_url":"https:\/\/vannangvn.123websitedev.com\/en\/product\/tu-lab-tu-dong-cho-nganh-do-uong-anton-paar-model-alab-5000-torque\/","og_site_name":"Vannang.vn","article_modified_time":"2026-03-30T11:59:43+00:00","twitter_card":"summary_large_image","twitter_misc":{"Est. reading time":"10 minutes"},"schema":{"@context":"https:\/\/schema.org","@graph":[{"@type":"WebPage","@id":"https:\/\/vannangvn.123websitedev.com\/san-pham\/tu-lab-tu-dong-cho-nganh-do-uong-anton-paar-model-alab-5000-torque\/","url":"https:\/\/vannangvn.123websitedev.com\/san-pham\/tu-lab-tu-dong-cho-nganh-do-uong-anton-paar-model-alab-5000-torque\/","name":"T\u1ee6 LAB T\u1ef0 \u0110\u1ed8NG CHO NG\u00c0NH \u0110\u1ed2 U\u1ed0NG AN... ch\u00ednh h\u00e3ng | V\u1ea1n N\u0103ng","isPartOf":{"@id":"https:\/\/vannangvn.123websitedev.com\/#website"},"datePublished":"2026-03-20T12:17:30+00:00","dateModified":"2026-03-30T11:59:43+00:00","description":"Mua ngay T\u1ee6 LAB T\u1ef0 \u0110\u1ed8NG CHO NG\u00c0NH \u0110\u1ed2 U\u1ed0NG ANTON PAAR MODEL ALAB 5000 TORQUE ch\u00ednh h\u00e3ng. Gi\u00e1 t\u1ed1t!","breadcrumb":{"@id":"https:\/\/vannangvn.123websitedev.com\/san-pham\/tu-lab-tu-dong-cho-nganh-do-uong-anton-paar-model-alab-5000-torque\/#breadcrumb"},"inLanguage":"en-US","potentialAction":[{"@type":"ReadAction","target":["https:\/\/vannangvn.123websitedev.com\/san-pham\/tu-lab-tu-dong-cho-nganh-do-uong-anton-paar-model-alab-5000-torque\/"]}]},{"@type":"BreadcrumbList","@id":"https:\/\/vannangvn.123websitedev.com\/san-pham\/tu-lab-tu-dong-cho-nganh-do-uong-anton-paar-model-alab-5000-torque\/#breadcrumb","itemListElement":[{"@type":"ListItem","position":1,"name":"Trang ch\u1ee7","item":"https:\/\/vannangvn.123websitedev.com\/"},{"@type":"ListItem","position":2,"name":"S\u1ea3n ph\u1ea9m","item":"https:\/\/vannangvn.123websitedev.com\/cua-hang\/"},{"@type":"ListItem","position":3,"name":"T\u1ee6 LAB T\u1ef0 \u0110\u1ed8NG CHO NG\u00c0NH \u0110\u1ed2 U\u1ed0NG ANTON PAAR MODEL ALAB 5000 TORQUE"}]},{"@type":"WebSite","@id":"https:\/\/vannangvn.123websitedev.com\/#website","url":"https:\/\/vannangvn.123websitedev.com\/","name":"Vannang.vn","description":"","publisher":{"@id":"https:\/\/vannangvn.123websitedev.com\/#organization"},"potentialAction":[{"@type":"SearchAction","target":{"@type":"EntryPoint","urlTemplate":"https:\/\/vannangvn.123websitedev.com\/?s={search_term_string}"},"query-input":{"@type":"PropertyValueSpecification","valueRequired":true,"valueName":"search_term_string"}}],"inLanguage":"en-US"},{"@type":"Organization","@id":"https:\/\/vannangvn.123websitedev.com\/#organization","name":"Vannang.vn","url":"https:\/\/vannangvn.123websitedev.com\/","logo":{"@type":"ImageObject","inLanguage":"en-US","@id":"https:\/\/vannangvn.123websitedev.com\/#\/schema\/logo\/image\/","url":"https:\/\/vannangvn.123websitedev.com\/wp-content\/uploads\/2026\/02\/logo-van-nang-02.png","contentUrl":"https:\/\/vannangvn.123websitedev.com\/wp-content\/uploads\/2026\/02\/logo-van-nang-02.png","width":448,"height":111,"caption":"Vannang.vn"},"image":{"@id":"https:\/\/vannangvn.123websitedev.com\/#\/schema\/logo\/image\/"}}]}},"_links":{"self":[{"href":"https:\/\/vannangvn.123websitedev.com\/en\/wp-json\/wp\/v2\/product\/8142","targetHints":{"allow":["GET"]}}],"collection":[{"href":"https:\/\/vannangvn.123websitedev.com\/en\/wp-json\/wp\/v2\/product"}],"about":[{"href":"https:\/\/vannangvn.123websitedev.com\/en\/wp-json\/wp\/v2\/types\/product"}],"replies":[{"embeddable":true,"href":"https:\/\/vannangvn.123websitedev.com\/en\/wp-json\/wp\/v2\/comments?post=8142"}],"wp:attachment":[{"href":"https:\/\/vannangvn.123websitedev.com\/en\/wp-json\/wp\/v2\/media?parent=8142"}],"wp:term":[{"taxonomy":"product_brand","embeddable":true,"href":"https:\/\/vannangvn.123websitedev.com\/en\/wp-json\/wp\/v2\/product_brand?post=8142"},{"taxonomy":"product_cat","embeddable":true,"href":"https:\/\/vannangvn.123websitedev.com\/en\/wp-json\/wp\/v2\/product_cat?post=8142"},{"taxonomy":"product_tag","embeddable":true,"href":"https:\/\/vannangvn.123websitedev.com\/en\/wp-json\/wp\/v2\/product_tag?post=8142"}],"curies":[{"name":"wp","href":"https:\/\/api.w.org\/{rel}","templated":true}]}}