{"id":8143,"date":"2026-03-20T19:17:31","date_gmt":"2026-03-20T12:17:31","guid":{"rendered":"https:\/\/vannangvn.123websitedev.com\/san-pham\/tu-lanh-bao-quan-mau-thong-minh-angelantoni-model-hemosafe-2-0\/"},"modified":"2026-03-30T18:59:45","modified_gmt":"2026-03-30T11:59:45","slug":"tu-lanh-bao-quan-mau-thong-minh-angelantoni-model-hemosafe-2-0","status":"publish","type":"product","link":"https:\/\/vannangvn.123websitedev.com\/en\/product\/tu-lanh-bao-quan-mau-thong-minh-angelantoni-model-hemosafe-2-0\/","title":{"rendered":"T\u1ee6 L\u1ea0NH B\u1ea2O QU\u1ea2N M\u00c1U TH\u00d4NG MINH ANGELANTONI MODEL HEMOSAFE 2.0"},"content":{"rendered":"<h1 style=\"color: red; font-weight: bold; font-size: 24px;\">T&#7893;ng quan s&#7843;n ph&#7849;m T&#7910; L&#7840;NH B&#7842;O QU&#7842;N M&Aacute;U TH&Ocirc;NG MINH ANGELANTONI MODEL HEMOSAFE 2.0<p>T&#7911; L&#7841;nh B&#7843;o Qu&#7843;n M&aacute;u Th&ocirc;ng Minh (Computerized And Automated Blood Bank Refrigerator) Angelantoni Model Hemosafe&reg; 2.0<\/p><p>Hemosafe 2.0<br>\nT&#7911; L&#7841;nh B&#7843;o Qu&#7843;n M&aacute;u Th&ocirc;ng Minh Angelantoni Model Hemosafe 2.0 thu&#7897;c d&ograve;ng t&#7911; l&#7841;nh t&#7921; &#273;&#7897;ng chuy&ecirc;n nghi&#7879;p c&#7911;a Angelantoni Life Science, &#273;&#432;&#7907;c thi&#7871;t k&#7871; &#273;&aacute;p &#7913;ng c&aacute;c ti&ecirc;u chu&#7849;n nghi&ecirc;m ng&#7863;t nh&#7845;t trong vi&#7879;c l&#432;u tr&#7919; v&agrave; qu&#7843;n l&yacute; m&aacute;u.<br>\nPh&#7847;n m&#7873;m t&iacute;ch h&#7907;p c&#7911;a Hemosafe 2.0 &#273;i&#7873;u khi&#7875;n v&agrave; qu&#7843;n l&yacute; ng&acirc;n h&agrave;ng m&aacute;u m&#7897;t c&aacute;ch an to&agrave;n v&agrave; &#273;&aacute;ng tin c&#7853;y, k&#7871;t n&#7889;i th&#7901;i gian th&#7921;c v&#7899;i h&#7879; th&#7889;ng qu&#7843;n l&yacute; b&ecirc;n ngo&agrave;i (BBMS) c&#7911;a ng&acirc;n h&agrave;ng m&aacute;u. Thi&#7871;t b&#7883; &#273;&#432;&#7907;c s&#7917; d&#7909;ng trong c&aacute;c c&#417; s&#7903; y t&#7871; c&#7847;n l&#432;u tr&#7919; h&#7891;ng c&#7847;u c&ocirc; &#273;&#7863;c v&agrave; huy&#7871;t t&#432;&#417;ng, tu&acirc;n th&#7911; Ch&#7881; th&#7883; 93\/42\/EEC &ndash; Thi&#7871;t b&#7883; Y t&#7871;.<br>\n&#272;&acirc;y l&agrave; t&#7911; l&#7841;nh c&aacute;ch m&#7841;ng h&oacute;a quy tr&igrave;nh qu&#7843;n l&yacute; m&aacute;u v&#7899;i t&iacute;nh n&#259;ng t&#7921; &#273;&#7897;ng h&oacute;a ho&agrave;n to&agrave;n: vi&#7879;c &#273;&#7885;c m&atilde; t&uacute;i m&aacute;u khi n&#7841;p v&agrave; xu&#7845;t kho &#273;&#432;&#7907;c th&#7921;c hi&#7879;n b&ecirc;n trong thi&#7871;t b&#7883; m&agrave; kh&ocirc;ng c&#7847;n thao t&aacute;c th&#7911; c&ocirc;ng, gi&uacute;p lo&#7841;i b&#7887; sai s&oacute;t do con ng&#432;&#7901;i. Ch&#7881; nh&#7919;ng t&uacute;i m&aacute;u &#273;&#432;&#7907;c y&ecirc;u c&#7847;u m&#7899;i &#273;&#432;&#7907;c xu&#7845;t ho&#7863;c nh&#7853;p, &#273;&#7843;m b&#7843;o nh&#7853;n d&#7841;ng ch&iacute;nh x&aacute;c v&agrave; lo&#7841;i b&#7887; nguy c&#417; nh&#7847;m l&#7851;n.<br>\nNg&#259;n l&#432;u tr&#7919; c&#7911;a thi&#7871;t b&#7883; ho&agrave;n to&agrave;n kh&ocirc;ng th&#7875; truy c&#7853;p tr&#7921;c ti&#7871;p b&#7903;i nh&acirc;n vi&ecirc;n (tr&#7915; tr&#432;&#7901;ng h&#7907;p s&#7921; c&#7889; v&agrave; do nh&acirc;n vi&ecirc;n &#273;&#432;&#7907;c &#7911;y quy&#7873;n x&#7917; l&yacute;). T&uacute;i m&aacute;u &#273;&#432;&#7907;c n&#7841;p\/xu&#7845;t th&ocirc;ng qua ng&#259;n k&eacute;o c&#417; h&#7885;c ph&iacute;a tr&#432;&#7899;c, &#273;&#432;&#7907;c ki&#7875;m so&aacute;t ho&agrave;n to&agrave;n b&#7903;i h&#7879; th&#7889;ng.<br>\nThi&#7871;t b&#7883; c&oacute; v&ugrave;ng l&agrave;m l&#7841;nh +4&deg;C, ch&#7913;a kho l&#432;u tr&#7919; robot g&#7891;m 2 gi&aacute; k&#7879; v&#7899;i t&#7893;ng dung l&#432;&#7907;ng 90 t&uacute;i m&aacute;u 450 ml. ALS Hemosafe 2.0 c&oacute; th&#7875; &#273;&#7863;t trong ph&ograve;ng ph&#7851;u thu&#7853;t, ph&ograve;ng c&#7845;p c&#7913;u ho&#7863;c c&aacute;c khu v&#7921;c chi&#7871;n l&#432;&#7907;c kh&aacute;c, cho ph&eacute;p l&#7845;y m&aacute;u b&#7845;t c&#7913; l&uacute;c n&agrave;o d&#432;&#7899;i s&#7921; ki&#7875;m so&aacute;t c&#7911;a S.I.M.T. Trong tr&#432;&#7901;ng h&#7907;p kh&#7849;n c&#7845;p, c&#7917;a c&oacute; th&#7875; &#273;&#432;&#7907;c m&#7903; th&#7911; c&ocirc;ng &#273;&#7875; l&#7845;y nhanh t&uacute;i m&aacute;u 0 Rh-, &#273;&#432;&#7907;c nh&#7853;n di&#7879;n d&#7877; d&agrave;ng nh&#7901; h&#7897;p ch&#7913;a m&agrave;u &#273;&#7887;.<br>\nNg&#432;&#7901;i d&ugrave;ng truy c&#7853;p b&#7857;ng Username\/Password, m&#7885;i thao t&aacute;c &#273;&#7873;u &#273;&#432;&#7907;c ghi l&#7841;i trong LOG file, &#273;&#7843;m b&#7843;o truy xu&#7845;t ho&#7841;t &#273;&#7897;ng ch&iacute;nh x&aacute;c. Thi&#7871;t b&#7883; c&oacute; &#273;&#7847;u &#273;&#7885;c m&atilde; v&#7841;ch ngo&agrave;i &#273;&#7875; x&aacute;c th&#7921;c ng&#432;&#7901;i d&ugrave;ng m&agrave; kh&ocirc;ng c&#7847;n th&ecirc;m thi&#7871;t b&#7883; ph&#7909;. Ngo&agrave;i ra, m&aacute;y in t&iacute;ch h&#7907;p cho ph&eacute;p in nh&atilde;n ph&acirc;n lo&#7841;i khi xu&#7845;t m&aacute;u, ti&#7871;t ki&#7879;m th&#7901;i gian v&agrave; gi&#7843;m thi&#7871;t b&#7883; ngo&#7841;i vi.<br>\nGiao di&#7879;n ng&#432;&#7901;i d&ugrave;ng tr&ecirc;n m&agrave;n h&igrave;nh c&#7843;m &#7913;ng m&agrave;u 10 inch hi&#7875;n th&#7883; &#273;&#417;n gi&#7843;n, ch&#7881; cho ph&eacute;p c&aacute;c l&#7879;nh &#273;&#432;&#7907;c h&#7879; th&#7889;ng BBMS ph&ecirc; duy&#7879;t t&#7915; xa, ng&#259;n ch&#7863;n ho&agrave;n to&agrave;n thao t&aacute;c ngo&agrave;i quy tr&igrave;nh.<br>\nV&#7899;i t&iacute;nh n&#259;ng t&#7921; &#273;&#7897;ng h&oacute;a, an to&agrave;n cao v&agrave; kh&#7843; n&#259;ng qu&#7843;n l&yacute; ch&iacute;nh x&aacute;c, Hemosafe&reg; 2.0 l&agrave; gi&#7843;i ph&aacute;p t&#7889;i &#432;u cho ng&acirc;n h&agrave;ng m&aacute;u v&agrave; c&aacute;c c&#417; s&#7903; y t&#7871; hi&#7879;n &#273;&#7841;i.<br>\nH&atilde;y li&ecirc;n h&#7879; v&#7899;i V&#7841;n N&#259;ng Company ngay &#273;&#7875; &#273;&#432;&#7907;c t&#432; v&#7845;n chuy&ecirc;n s&acirc;u v&agrave; nh&#7853;n c&aacute;c &#432;u &#273;&atilde;i h&#7845;p d&#7851;n nh&#7845;t th&ocirc;ng qua hotline\/zalo: <a href=\"https:\/\/zalo.me\/0903991335\" target=\"_blank\" rel=\"noopener\" style=\"color: #059669; font-weight: bold; text-decoration: none;\">0903 991 335<\/a>!<\/p><div style=\"background-color: #f8fafc; border: 1px solid #e2e8f0; border-radius: 8px; padding: 25px; max-width: 800px; margin: 30px auto; color: #334155; line-height: 1.8; font-size: 17px; box-shadow: 0 4px 6px -1px rgba(0,0,0,0.05); text-align: left; clear: both;\">\nC&ocirc;ng ty TNHH Th&#432;&#417;ng M&#7841;i D&#7883;ch V&#7909; Thi&#7871;t B&#7883; C&ocirc;ng Ngh&#7879; V&#7841;n N&#259;ng\n<p style=\"margin: 0 0 10px 0;\">&#128205; <strong style=\"color: #1e293b;\">&#272;&#7883;a ch&#7881;:<\/strong> <a style=\"color: #059669; text-decoration: none; font-weight: bold;\" href=\"https:\/\/www.google.com\/maps\/search\/C%C3%B4ng+ty+TNHH+Th%C6%B0%C6%A1ng+M%E1%BA%A1i+D%E1%BB%8Bch+V%E1%BB%A5+Thi%E1%BA%BFt+B%E1%BB%8B+C%C3%B4ng+Ngh%E1%BB%87+V%E1%BA%A1n+N%C4%83ng+818+Tr%C6%B0%E1%BB%9Dng+Chinh\" target=\"_blank\" rel=\"noopener\">818 Tr&#432;&#7901;ng Chinh, Ph&#432;&#7901;ng T&acirc;n S&#417;n, Th&agrave;nh ph&#7889; H&#7891; Ch&iacute; Minh, Vi&#7879;t Nam<\/a><\/p>\n<p style=\"margin: 0 0 10px 0;\">&#128222; <strong style=\"color: #1e293b;\">S&#272;T &ndash; Zalo:<\/strong> <a style=\"color: #059669; text-decoration: none; font-weight: bold;\" href=\"https:\/\/zalo.me\/0903991335\" target=\"_blank\" rel=\"noopener\">0903 991 335<\/a> <span style=\"color: #64748b; font-style: italic;\">(Ms. H&#7841;nh &ndash; Gi&aacute;m &#272;&#7889;c Kinh Doanh)<\/span><\/p>\n<p style=\"margin: 0;\">&#9993;&#65039; <strong style=\"color: #1e293b;\">Email:<\/strong> <a style=\"color: #059669; text-decoration: none; font-weight: bold;\" href=\"mailto:hienhanh@vannangvn.com\">hienhanh@vannangvn.com<\/a><\/p>\n<\/div><\/h1>","protected":false},"excerpt":{"rendered":"<p><strong>Th&#432;&#417;ng hi&#7879;u:<\/strong> Angelantoni Life Science<br>\n<strong>Model:<\/strong> Hemosafe 2.0<p>Product <strong>T&#7910; L&#7840;NH B&#7842;O QU&#7842;N M&Aacute;U TH&Ocirc;NG MINH ANGELANTONI MODEL HEMOSAFE 2.0<\/strong> ch&iacute;nh h&atilde;ng. Angelantoni Life Science (Italy)<br>\nAngelantoni Hemosafe&reg; 2.0 l&agrave; t&#7911; l&#7841;nh b&#7843;o qu&#7843;n m&aacute;u t&#7921; &#273;&#7897;ng h&oacute;a ho&agrave;n to&agrave;n quy tr&igrave;nh l&#432;u tr&#7919; v&agrave; qu&#7843;n l&yacute; m&aacute;u. T&iacute;ch h&#7907;p ph&#7847;n m&#7873;m BBMS, lo&#7841;i b&#7887; sai s&oacute;t, ch&#7881; xu&#7845;t\/nh&#7853;p t&uacute;i m&aacute;u &#273;&#432;&#7907;c y&ecirc;u c&#7847;u.<\/p><\/p>","protected":false},"featured_media":8942,"comment_status":"open","ping_status":"closed","template":"","meta":[],"product_brand":[],"product_cat":[18],"product_tag":[130,162,493,938,1238,1267,1971,2197,3690,3717,116],"class_list":{"0":"post-8143","1":"product","2":"type-product","3":"status-publish","4":"has-post-thumbnail","6":"product_cat-chua-phan-loai","7":"product_tag-mau","8":"product_tag-tu","9":"product_tag-lanh","10":"product_tag-thong","11":"product_tag-bao","12":"product_tag-quan","13":"product_tag-minh","14":"product_tag-2-0","15":"product_tag-angelantoni","16":"product_tag-hemosafe","17":"product_tag-model","19":"first","20":"instock","21":"shipping-taxable","22":"product-type-simple"},"yoast_head":"<!-- This site is optimized with the Yoast SEO Premium plugin v24.8 (Yoast SEO v24.8) - https:\/\/yoast.com\/wordpress\/plugins\/seo\/ -->\n<title>T\u1ee6 L\u1ea0NH B\u1ea2O QU\u1ea2N M\u00c1U TH\u00d4NG MINH ANG... ch\u00ednh h\u00e3ng | V\u1ea1n N\u0103ng<\/title>\n<meta name=\"description\" content=\"Mua ngay T\u1ee6 L\u1ea0NH B\u1ea2O QU\u1ea2N M\u00c1U TH\u00d4NG MINH ANGELANTONI MODEL HEMOSAFE 2.0 ch\u00ednh h\u00e3ng. Angelantoni Hemosafe\u00ae 2.0 l\u00e0 t\u1ee7 l\u1ea1nh b\u1ea3o qu\u1ea3n... Gi\u00e1 t\u1ed1t!\" \/>\n<meta name=\"robots\" content=\"noindex, follow, max-snippet:-1, max-image-preview:large, max-video-preview:-1\" \/>\n<meta property=\"og:locale\" content=\"en_US\" \/>\n<meta property=\"og:type\" content=\"article\" \/>\n<meta property=\"og:title\" content=\"T\u1ee6 L\u1ea0NH B\u1ea2O QU\u1ea2N M\u00c1U TH\u00d4NG MINH ANGELANTONI MODEL HEMOSAFE 2.0\" \/>\n<meta property=\"og:description\" content=\"Mua ngay T\u1ee6 L\u1ea0NH B\u1ea2O QU\u1ea2N M\u00c1U TH\u00d4NG MINH ANGELANTONI MODEL HEMOSAFE 2.0 ch\u00ednh h\u00e3ng. Angelantoni Hemosafe\u00ae 2.0 l\u00e0 t\u1ee7 l\u1ea1nh b\u1ea3o qu\u1ea3n... Gi\u00e1 t\u1ed1t!\" \/>\n<meta property=\"og:url\" content=\"https:\/\/vannangvn.123websitedev.com\/en\/product\/tu-lanh-bao-quan-mau-thong-minh-angelantoni-model-hemosafe-2-0\/\" \/>\n<meta property=\"og:site_name\" content=\"Vannang.vn\" \/>\n<meta property=\"article:modified_time\" content=\"2026-03-30T11:59:45+00:00\" \/>\n<meta property=\"og:image\" content=\"http:\/\/vannangvn.123websitedev.com\/wp-content\/uploads\/2026\/03\/Tu-Lanh-Bao-Quan-Mau-Thong-Minh-Computerized-And-Automated-Blood-Bank-Refrigerator-Angelantoni-Model-Hemosafe\u00ae-2.0-768x576-copy.jpg\" \/>\n\t<meta property=\"og:image:width\" content=\"768\" \/>\n\t<meta property=\"og:image:height\" content=\"576\" \/>\n\t<meta property=\"og:image:type\" content=\"image\/jpeg\" \/>\n<meta name=\"twitter:card\" content=\"summary_large_image\" \/>\n<meta name=\"twitter:label1\" content=\"Est. reading time\" \/>\n\t<meta name=\"twitter:data1\" content=\"4 minutes\" \/>\n<script type=\"application\/ld+json\" class=\"yoast-schema-graph\">{\"@context\":\"https:\/\/schema.org\",\"@graph\":[{\"@type\":\"WebPage\",\"@id\":\"https:\/\/vannangvn.123websitedev.com\/san-pham\/tu-lanh-bao-quan-mau-thong-minh-angelantoni-model-hemosafe-2-0\/\",\"url\":\"https:\/\/vannangvn.123websitedev.com\/san-pham\/tu-lanh-bao-quan-mau-thong-minh-angelantoni-model-hemosafe-2-0\/\",\"name\":\"T\u1ee6 L\u1ea0NH B\u1ea2O QU\u1ea2N M\u00c1U TH\u00d4NG MINH ANG... ch\u00ednh h\u00e3ng | V\u1ea1n N\u0103ng\",\"isPartOf\":{\"@id\":\"https:\/\/vannangvn.123websitedev.com\/#website\"},\"primaryImageOfPage\":{\"@id\":\"https:\/\/vannangvn.123websitedev.com\/san-pham\/tu-lanh-bao-quan-mau-thong-minh-angelantoni-model-hemosafe-2-0\/#primaryimage\"},\"image\":{\"@id\":\"https:\/\/vannangvn.123websitedev.com\/san-pham\/tu-lanh-bao-quan-mau-thong-minh-angelantoni-model-hemosafe-2-0\/#primaryimage\"},\"thumbnailUrl\":\"https:\/\/vannangvn.123websitedev.com\/wp-content\/uploads\/2026\/03\/Tu-Lanh-Bao-Quan-Mau-Thong-Minh-Computerized-And-Automated-Blood-Bank-Refrigerator-Angelantoni-Model-Hemosafe\u00ae-2.0-768x576-copy.jpg\",\"datePublished\":\"2026-03-20T12:17:31+00:00\",\"dateModified\":\"2026-03-30T11:59:45+00:00\",\"description\":\"Mua ngay T\u1ee6 L\u1ea0NH B\u1ea2O QU\u1ea2N M\u00c1U TH\u00d4NG MINH ANGELANTONI MODEL HEMOSAFE 2.0 ch\u00ednh h\u00e3ng. Angelantoni Hemosafe\u00ae 2.0 l\u00e0 t\u1ee7 l\u1ea1nh b\u1ea3o qu\u1ea3n... Gi\u00e1 t\u1ed1t!\",\"breadcrumb\":{\"@id\":\"https:\/\/vannangvn.123websitedev.com\/san-pham\/tu-lanh-bao-quan-mau-thong-minh-angelantoni-model-hemosafe-2-0\/#breadcrumb\"},\"inLanguage\":\"en-US\",\"potentialAction\":[{\"@type\":\"ReadAction\",\"target\":[\"https:\/\/vannangvn.123websitedev.com\/san-pham\/tu-lanh-bao-quan-mau-thong-minh-angelantoni-model-hemosafe-2-0\/\"]}]},{\"@type\":\"ImageObject\",\"inLanguage\":\"en-US\",\"@id\":\"https:\/\/vannangvn.123websitedev.com\/san-pham\/tu-lanh-bao-quan-mau-thong-minh-angelantoni-model-hemosafe-2-0\/#primaryimage\",\"url\":\"https:\/\/vannangvn.123websitedev.com\/wp-content\/uploads\/2026\/03\/Tu-Lanh-Bao-Quan-Mau-Thong-Minh-Computerized-And-Automated-Blood-Bank-Refrigerator-Angelantoni-Model-Hemosafe\u00ae-2.0-768x576-copy.jpg\",\"contentUrl\":\"https:\/\/vannangvn.123websitedev.com\/wp-content\/uploads\/2026\/03\/Tu-Lanh-Bao-Quan-Mau-Thong-Minh-Computerized-And-Automated-Blood-Bank-Refrigerator-Angelantoni-Model-Hemosafe\u00ae-2.0-768x576-copy.jpg\",\"width\":768,\"height\":576},{\"@type\":\"BreadcrumbList\",\"@id\":\"https:\/\/vannangvn.123websitedev.com\/san-pham\/tu-lanh-bao-quan-mau-thong-minh-angelantoni-model-hemosafe-2-0\/#breadcrumb\",\"itemListElement\":[{\"@type\":\"ListItem\",\"position\":1,\"name\":\"Trang ch\u1ee7\",\"item\":\"https:\/\/vannangvn.123websitedev.com\/\"},{\"@type\":\"ListItem\",\"position\":2,\"name\":\"S\u1ea3n ph\u1ea9m\",\"item\":\"https:\/\/vannangvn.123websitedev.com\/cua-hang\/\"},{\"@type\":\"ListItem\",\"position\":3,\"name\":\"T\u1ee6 L\u1ea0NH B\u1ea2O QU\u1ea2N M\u00c1U TH\u00d4NG MINH ANGELANTONI MODEL HEMOSAFE 2.0\"}]},{\"@type\":\"WebSite\",\"@id\":\"https:\/\/vannangvn.123websitedev.com\/#website\",\"url\":\"https:\/\/vannangvn.123websitedev.com\/\",\"name\":\"Vannang.vn\",\"description\":\"\",\"publisher\":{\"@id\":\"https:\/\/vannangvn.123websitedev.com\/#organization\"},\"potentialAction\":[{\"@type\":\"SearchAction\",\"target\":{\"@type\":\"EntryPoint\",\"urlTemplate\":\"https:\/\/vannangvn.123websitedev.com\/?s={search_term_string}\"},\"query-input\":{\"@type\":\"PropertyValueSpecification\",\"valueRequired\":true,\"valueName\":\"search_term_string\"}}],\"inLanguage\":\"en-US\"},{\"@type\":\"Organization\",\"@id\":\"https:\/\/vannangvn.123websitedev.com\/#organization\",\"name\":\"Vannang.vn\",\"url\":\"https:\/\/vannangvn.123websitedev.com\/\",\"logo\":{\"@type\":\"ImageObject\",\"inLanguage\":\"en-US\",\"@id\":\"https:\/\/vannangvn.123websitedev.com\/#\/schema\/logo\/image\/\",\"url\":\"https:\/\/vannangvn.123websitedev.com\/wp-content\/uploads\/2026\/02\/logo-van-nang-02.png\",\"contentUrl\":\"https:\/\/vannangvn.123websitedev.com\/wp-content\/uploads\/2026\/02\/logo-van-nang-02.png\",\"width\":448,\"height\":111,\"caption\":\"Vannang.vn\"},\"image\":{\"@id\":\"https:\/\/vannangvn.123websitedev.com\/#\/schema\/logo\/image\/\"}}]}<\/script>\n<!-- \/ Yoast SEO Premium plugin. -->","yoast_head_json":{"title":"T\u1ee6 L\u1ea0NH B\u1ea2O QU\u1ea2N M\u00c1U TH\u00d4NG MINH ANG... ch\u00ednh h\u00e3ng | V\u1ea1n N\u0103ng","description":"Mua ngay T\u1ee6 L\u1ea0NH B\u1ea2O QU\u1ea2N M\u00c1U TH\u00d4NG MINH ANGELANTONI MODEL HEMOSAFE 2.0 ch\u00ednh h\u00e3ng. Angelantoni Hemosafe\u00ae 2.0 l\u00e0 t\u1ee7 l\u1ea1nh b\u1ea3o qu\u1ea3n... Gi\u00e1 t\u1ed1t!","robots":{"index":"noindex","follow":"follow","max-snippet":"max-snippet:-1","max-image-preview":"max-image-preview:large","max-video-preview":"max-video-preview:-1"},"og_locale":"en_US","og_type":"article","og_title":"T\u1ee6 L\u1ea0NH B\u1ea2O QU\u1ea2N M\u00c1U TH\u00d4NG MINH ANGELANTONI MODEL HEMOSAFE 2.0","og_description":"Mua ngay T\u1ee6 L\u1ea0NH B\u1ea2O QU\u1ea2N M\u00c1U TH\u00d4NG MINH ANGELANTONI MODEL HEMOSAFE 2.0 ch\u00ednh h\u00e3ng. Angelantoni Hemosafe\u00ae 2.0 l\u00e0 t\u1ee7 l\u1ea1nh b\u1ea3o qu\u1ea3n... Gi\u00e1 t\u1ed1t!","og_url":"https:\/\/vannangvn.123websitedev.com\/en\/product\/tu-lanh-bao-quan-mau-thong-minh-angelantoni-model-hemosafe-2-0\/","og_site_name":"Vannang.vn","article_modified_time":"2026-03-30T11:59:45+00:00","og_image":[{"width":768,"height":576,"url":"http:\/\/vannangvn.123websitedev.com\/wp-content\/uploads\/2026\/03\/Tu-Lanh-Bao-Quan-Mau-Thong-Minh-Computerized-And-Automated-Blood-Bank-Refrigerator-Angelantoni-Model-Hemosafe\u00ae-2.0-768x576-copy.jpg","type":"image\/jpeg"}],"twitter_card":"summary_large_image","twitter_misc":{"Est. reading time":"4 minutes"},"schema":{"@context":"https:\/\/schema.org","@graph":[{"@type":"WebPage","@id":"https:\/\/vannangvn.123websitedev.com\/san-pham\/tu-lanh-bao-quan-mau-thong-minh-angelantoni-model-hemosafe-2-0\/","url":"https:\/\/vannangvn.123websitedev.com\/san-pham\/tu-lanh-bao-quan-mau-thong-minh-angelantoni-model-hemosafe-2-0\/","name":"T\u1ee6 L\u1ea0NH B\u1ea2O QU\u1ea2N M\u00c1U TH\u00d4NG MINH ANG... ch\u00ednh h\u00e3ng | V\u1ea1n N\u0103ng","isPartOf":{"@id":"https:\/\/vannangvn.123websitedev.com\/#website"},"primaryImageOfPage":{"@id":"https:\/\/vannangvn.123websitedev.com\/san-pham\/tu-lanh-bao-quan-mau-thong-minh-angelantoni-model-hemosafe-2-0\/#primaryimage"},"image":{"@id":"https:\/\/vannangvn.123websitedev.com\/san-pham\/tu-lanh-bao-quan-mau-thong-minh-angelantoni-model-hemosafe-2-0\/#primaryimage"},"thumbnailUrl":"https:\/\/vannangvn.123websitedev.com\/wp-content\/uploads\/2026\/03\/Tu-Lanh-Bao-Quan-Mau-Thong-Minh-Computerized-And-Automated-Blood-Bank-Refrigerator-Angelantoni-Model-Hemosafe\u00ae-2.0-768x576-copy.jpg","datePublished":"2026-03-20T12:17:31+00:00","dateModified":"2026-03-30T11:59:45+00:00","description":"Mua ngay T\u1ee6 L\u1ea0NH B\u1ea2O QU\u1ea2N M\u00c1U TH\u00d4NG MINH ANGELANTONI MODEL HEMOSAFE 2.0 ch\u00ednh h\u00e3ng. Angelantoni Hemosafe\u00ae 2.0 l\u00e0 t\u1ee7 l\u1ea1nh b\u1ea3o qu\u1ea3n... Gi\u00e1 t\u1ed1t!","breadcrumb":{"@id":"https:\/\/vannangvn.123websitedev.com\/san-pham\/tu-lanh-bao-quan-mau-thong-minh-angelantoni-model-hemosafe-2-0\/#breadcrumb"},"inLanguage":"en-US","potentialAction":[{"@type":"ReadAction","target":["https:\/\/vannangvn.123websitedev.com\/san-pham\/tu-lanh-bao-quan-mau-thong-minh-angelantoni-model-hemosafe-2-0\/"]}]},{"@type":"ImageObject","inLanguage":"en-US","@id":"https:\/\/vannangvn.123websitedev.com\/san-pham\/tu-lanh-bao-quan-mau-thong-minh-angelantoni-model-hemosafe-2-0\/#primaryimage","url":"https:\/\/vannangvn.123websitedev.com\/wp-content\/uploads\/2026\/03\/Tu-Lanh-Bao-Quan-Mau-Thong-Minh-Computerized-And-Automated-Blood-Bank-Refrigerator-Angelantoni-Model-Hemosafe\u00ae-2.0-768x576-copy.jpg","contentUrl":"https:\/\/vannangvn.123websitedev.com\/wp-content\/uploads\/2026\/03\/Tu-Lanh-Bao-Quan-Mau-Thong-Minh-Computerized-And-Automated-Blood-Bank-Refrigerator-Angelantoni-Model-Hemosafe\u00ae-2.0-768x576-copy.jpg","width":768,"height":576},{"@type":"BreadcrumbList","@id":"https:\/\/vannangvn.123websitedev.com\/san-pham\/tu-lanh-bao-quan-mau-thong-minh-angelantoni-model-hemosafe-2-0\/#breadcrumb","itemListElement":[{"@type":"ListItem","position":1,"name":"Trang ch\u1ee7","item":"https:\/\/vannangvn.123websitedev.com\/"},{"@type":"ListItem","position":2,"name":"S\u1ea3n ph\u1ea9m","item":"https:\/\/vannangvn.123websitedev.com\/cua-hang\/"},{"@type":"ListItem","position":3,"name":"T\u1ee6 L\u1ea0NH B\u1ea2O QU\u1ea2N M\u00c1U TH\u00d4NG MINH ANGELANTONI MODEL HEMOSAFE 2.0"}]},{"@type":"WebSite","@id":"https:\/\/vannangvn.123websitedev.com\/#website","url":"https:\/\/vannangvn.123websitedev.com\/","name":"Vannang.vn","description":"","publisher":{"@id":"https:\/\/vannangvn.123websitedev.com\/#organization"},"potentialAction":[{"@type":"SearchAction","target":{"@type":"EntryPoint","urlTemplate":"https:\/\/vannangvn.123websitedev.com\/?s={search_term_string}"},"query-input":{"@type":"PropertyValueSpecification","valueRequired":true,"valueName":"search_term_string"}}],"inLanguage":"en-US"},{"@type":"Organization","@id":"https:\/\/vannangvn.123websitedev.com\/#organization","name":"Vannang.vn","url":"https:\/\/vannangvn.123websitedev.com\/","logo":{"@type":"ImageObject","inLanguage":"en-US","@id":"https:\/\/vannangvn.123websitedev.com\/#\/schema\/logo\/image\/","url":"https:\/\/vannangvn.123websitedev.com\/wp-content\/uploads\/2026\/02\/logo-van-nang-02.png","contentUrl":"https:\/\/vannangvn.123websitedev.com\/wp-content\/uploads\/2026\/02\/logo-van-nang-02.png","width":448,"height":111,"caption":"Vannang.vn"},"image":{"@id":"https:\/\/vannangvn.123websitedev.com\/#\/schema\/logo\/image\/"}}]}},"_links":{"self":[{"href":"https:\/\/vannangvn.123websitedev.com\/en\/wp-json\/wp\/v2\/product\/8143","targetHints":{"allow":["GET"]}}],"collection":[{"href":"https:\/\/vannangvn.123websitedev.com\/en\/wp-json\/wp\/v2\/product"}],"about":[{"href":"https:\/\/vannangvn.123websitedev.com\/en\/wp-json\/wp\/v2\/types\/product"}],"replies":[{"embeddable":true,"href":"https:\/\/vannangvn.123websitedev.com\/en\/wp-json\/wp\/v2\/comments?post=8143"}],"wp:featuredmedia":[{"embeddable":true,"href":"https:\/\/vannangvn.123websitedev.com\/en\/wp-json\/wp\/v2\/media\/8942"}],"wp:attachment":[{"href":"https:\/\/vannangvn.123websitedev.com\/en\/wp-json\/wp\/v2\/media?parent=8143"}],"wp:term":[{"taxonomy":"product_brand","embeddable":true,"href":"https:\/\/vannangvn.123websitedev.com\/en\/wp-json\/wp\/v2\/product_brand?post=8143"},{"taxonomy":"product_cat","embeddable":true,"href":"https:\/\/vannangvn.123websitedev.com\/en\/wp-json\/wp\/v2\/product_cat?post=8143"},{"taxonomy":"product_tag","embeddable":true,"href":"https:\/\/vannangvn.123websitedev.com\/en\/wp-json\/wp\/v2\/product_tag?post=8143"}],"curies":[{"name":"wp","href":"https:\/\/api.w.org\/{rel}","templated":true}]}}