{"id":8144,"date":"2026-03-20T19:17:32","date_gmt":"2026-03-20T12:17:32","guid":{"rendered":"https:\/\/vannangvn.123websitedev.com\/san-pham\/tu-lanh-bao-quan-sinh-pham-angelantoni-model-smartfreezer-evo\/"},"modified":"2026-03-30T18:59:47","modified_gmt":"2026-03-30T11:59:47","slug":"tu-lanh-bao-quan-sinh-pham-angelantoni-model-smartfreezer-evo","status":"publish","type":"product","link":"https:\/\/vannangvn.123websitedev.com\/en\/product\/tu-lanh-bao-quan-sinh-pham-angelantoni-model-smartfreezer-evo\/","title":{"rendered":"T\u1ee6 L\u1ea0NH B\u1ea2O QU\u1ea2N SINH PH\u1ea8M ANGELANTONI MODEL SMARTFREEZER EVO"},"content":{"rendered":"<h1 style=\"color: red; font-weight: bold; font-size: 24px;\">T&#7893;ng quan s&#7843;n ph&#7849;m T&#7910; L&#7840;NH B&#7842;O QU&#7842;N SINH PH&#7848;M ANGELANTONI MODEL SMARTFREEZER EVO<p>T&#7911; L&#7841;nh B&#7843;o Qu&#7843;n Sinh Ph&#7849;m (Biomedical Refrigerator) Angelantoni Model SMARTFREEZER&reg; EVO<\/p><p>SMARTFREEZER EVO<\/p><p>T&#7911; L&#7841;nh B&#7843;o Qu&#7843;n Sinh Ph&#7849;m Angelantoni Model SMARTFREEZER EVO l&agrave; gi&#7843;i ph&aacute;p t&#7921; &#273;&#7897;ng h&oacute;a ho&agrave;n to&agrave;n &#273;&#7847;u ti&ecirc;n tr&ecirc;n th&#7883; tr&#432;&#7901;ng, &#273;&#432;&#7907;c thi&#7871;t k&#7871; nh&#7857;m lo&#7841;i b&#7887; c&aacute;c r&#7911;i ro v&agrave; kh&oacute; kh&#259;n trong vi&#7879;c l&#432;u tr&#7919; v&agrave; l&#7845;y m&#7851;u t&#7915; b&#7891;n nit&#417; l&#7887;ng truy&#7873;n th&#7889;ng, &#273;&#7891;ng th&#7901;i gi&#7843;m thi&#7875;u t&#7889;i &#273;a nguy c&#417; cho ng&#432;&#7901;i v&#7853;n h&agrave;nh.<br>\nVi&#7879;c thao t&aacute;c th&#7911; c&ocirc;ng th&#432;&#7901;ng d&#7851;n &#273;&#7871;n sai s&oacute;t khi n&#7841;p\/xu&#7845;t m&#7851;u v&agrave; g&acirc;y t&#7893;n h&#7841;i &#273;&#7871;n kh&#7843; n&#259;ng s&#7889;ng c&#7911;a m&#7851;u do ti&#7871;p x&uacute;c tr&#7921;c ti&#7871;p v&#7899;i nhi&#7879;t &#273;&#7897; c&#7921;c th&#7845;p. Phi&ecirc;n b&#7843;n n&agrave;y &#273;&#7841;t ch&#7913;ng nh&#7853;n Medical Device Directive 93\/42\/EEC, kh&#7859;ng &#273;&#7883;nh cam k&#7871;t c&#7911;a Angelantoni trong vi&#7879;c cung c&#7845;p s&#7843;n ph&#7849;m ch&#7845;t l&#432;&#7907;ng cao, &#273;&aacute;ng tin c&#7853;y v&agrave; an to&agrave;n tuy&#7879;t &#273;&#7889;i cho vi&#7879;c b&#7843;o qu&#7843;n m&#7851;u sinh h&#7885;c.<\/p><h2 style=\"color: #2e7d32; font-weight: bold; font-size: 20px;\">&#431;u &#273;i&#7875;m n&#7893;i b&#7853;t<\/h2><p>An to&agrave;n v&agrave; t&#7889;c &#273;&#7897; qu&#7843;n l&yacute; cao: T&#7921; &#273;&#7897;ng h&oacute;a to&agrave;n b&#7897; quy tr&igrave;nh gi&uacute;p ti&#7871;t ki&#7879;m th&#7901;i gian v&agrave; &#273;&#7843;m b&#7843;o an to&agrave;n cho m&#7851;u v&agrave; ng&#432;&#7901;i d&ugrave;ng.<br>\nLo&#7841;i b&#7887; sai s&oacute;t do con ng&#432;&#7901;i: Robot x&#7917; l&yacute; t&#7915;ng &#7889;ng m&#7851;u ri&ecirc;ng l&#7867;, ng&#259;n ng&#7915;a nh&#7847;m l&#7851;n trong thao t&aacute;c.<br>\nGi&#7843;m chi ph&iacute; v&#7853;n h&agrave;nh: H&#7879; th&#7889;ng t&#7921; &#273;&#7897;ng h&#7841;n ch&#7871; s&#7917; d&#7909;ng nit&#417; l&#7887;ng v&agrave; gi&#7843;m nhu c&#7847;u nh&acirc;n s&#7921; th&#7911; c&ocirc;ng.<br>\nQu&#7843;n l&yacute; t&#7915; xa: H&#7895; tr&#7907; &#273;i&#7873;u khi&#7875;n v&agrave; gi&aacute;m s&aacute;t qua ph&#7847;n m&#7873;m, ph&ugrave; h&#7907;p v&#7899;i m&ocirc;i tr&#432;&#7901;ng nghi&ecirc;n c&#7913;u hi&#7879;n &#273;&#7841;i.<br>\nGhi l&#7841;i to&agrave;n b&#7897; l&#7883;ch s&#7917; ho&#7841;t &#273;&#7897;ng: M&#7885;i thao t&aacute;c &#273;&#432;&#7907;c l&#432;u tr&#7919; trong LOG file, &#273;&#7843;m b&#7843;o kh&#7843; n&#259;ng truy xu&#7845;t ch&iacute;nh x&aacute;c.<br>\nLo&#7841;i b&#7887; nguy c&#417; ti&#7871;p x&uacute;c v&#7899;i nhi&#7879;t &#273;&#7897; th&#7845;p: Ng&#432;&#7901;i d&ugrave;ng kh&ocirc;ng c&#7847;n ti&#7871;p x&uacute;c v&#7899;i b&#7873; m&#7863;t l&#7841;nh ho&#7863;c nit&#417; l&#7887;ng trong qu&aacute; tr&igrave;nh l&#7845;y m&#7851;u.<\/p><h2 style=\"color: #2e7d32; font-weight: bold; font-size: 20px;\">&#272;&#7863;c &#273;i&#7875;m k&#7929; thu&#7853;t v&agrave; thi&#7871;t k&#7871;<\/h2><p>Khoang b&#7843;o qu&#7843;n t&#7921; &#273;&#7897;ng v&#7899;i &#273;&#297;a &#273;&#7879;m buffer h&#7895; tr&#7907; m&#7851;u c&#7847;n thao t&aacute;c th&#432;&#7901;ng xuy&ecirc;n ho&#7863;c kh&#7849;n c&#7845;p.<br>\nRobot &#273;i&#7873;u khi&#7875;n n&#7897;i b&#7897; qu&#7843;n l&yacute; chuy&#7875;n &#273;&#7897;ng &#7889;ng m&#7851;u t&#7915; nhi&#7879;t &#273;&#7897; ph&ograve;ng &#273;&#7871;n cryogenic (-180&deg;C).<br>\nV&#7853;t li&#7879;u an to&agrave;n: Th&acirc;n m&aacute;y b&#7857;ng th&eacute;p ph&#7911; b&#7897;t, khoang b&#7843;o qu&#7843;n b&#7857;ng inox AISI 304 v&#7899;i g&oacute;c bo tr&ograve;n, d&#7877; v&#7879; sinh v&agrave; ng&#259;n ng&#7915;a vi khu&#7849;n.<br>\nL&#432;u tr&#7919; trong h&#417;i LN2 gi&uacute;p b&#7843;o v&#7879; m&#7851;u t&#7889;t nh&#7845;t v&agrave; tr&aacute;nh l&acirc;y nhi&#7877;m ch&eacute;o.<br>\nD&#7843;i nhi&#7879;t &#273;&#7897;: -180&deg;C &#273;&#7871;n -150&deg;C.<br>\nH&#7879; th&#7889;ng qu&eacute;t m&atilde; v&#7841;ch trong\/ngo&agrave;i k&#7871;t h&#7907;p PC m&agrave;n h&igrave;nh c&#7843;m &#7913;ng cho giao di&#7879;n tr&#7921;c quan, d&#7877; thao t&aacute;c.<br>\nQu&#7843;n l&yacute; truy c&#7853;p: &#272;&#259;ng nh&#7853;p b&#7857;ng Username\/Password ho&#7863;c ph&#432;&#417;ng th&#7913;c t&#432;&#417;ng t&#7921;, v&#7899;i c&#7845;p quy&#7873;n linh ho&#7841;t do qu&#7843;n tr&#7883; vi&ecirc;n thi&#7871;t l&#7853;p.<\/p><p>V&#7899;i c&ocirc;ng ngh&#7879; t&#7921; &#273;&#7897;ng h&oacute;a, ki&#7875;m so&aacute;t nhi&#7879;t &#273;&#7897; ch&iacute;nh x&aacute;c v&agrave; &#273;&#7897; an to&agrave;n t&#7889;i &#273;a, SMARTFREEZER&reg; EVO l&agrave; l&#7921;a ch&#7885;n l&yacute; t&#432;&#7903;ng cho c&aacute;c trung t&acirc;m y t&#7871;, ph&ograve;ng th&iacute; nghi&#7879;m v&agrave; ng&acirc;n h&agrave;ng sinh h&#7885;c hi&#7879;n &#273;&#7841;i.<br>\nH&atilde;y li&ecirc;n h&#7879; v&#7899;i V&#7841;n N&#259;ng Company ngay &#273;&#7875; &#273;&#432;&#7907;c t&#432; v&#7845;n chuy&ecirc;n s&acirc;u v&agrave; nh&#7853;n c&aacute;c &#432;u &#273;&atilde;i h&#7845;p d&#7851;n nh&#7845;t th&ocirc;ng qua hotline\/zalo: <a href=\"https:\/\/zalo.me\/0903991335\" target=\"_blank\" rel=\"noopener\" style=\"color: #059669; font-weight: bold; text-decoration: none;\">0903 991 335<\/a>!<\/p><div style=\"background-color: #f8fafc; border: 1px solid #e2e8f0; border-radius: 8px; padding: 25px; max-width: 800px; margin: 30px auto; color: #334155; line-height: 1.8; font-size: 17px; box-shadow: 0 4px 6px -1px rgba(0,0,0,0.05); text-align: left; clear: both;\">\nC&ocirc;ng ty TNHH Th&#432;&#417;ng M&#7841;i D&#7883;ch V&#7909; Thi&#7871;t B&#7883; C&ocirc;ng Ngh&#7879; V&#7841;n N&#259;ng\n<p style=\"margin: 0 0 10px 0;\">&#128205; <strong style=\"color: #1e293b;\">&#272;&#7883;a ch&#7881;:<\/strong> <a style=\"color: #059669; text-decoration: none; font-weight: bold;\" href=\"https:\/\/www.google.com\/maps\/search\/C%C3%B4ng+ty+TNHH+Th%C6%B0%C6%A1ng+M%E1%BA%A1i+D%E1%BB%8Bch+V%E1%BB%A5+Thi%E1%BA%BFt+B%E1%BB%8B+C%C3%B4ng+Ngh%E1%BB%87+V%E1%BA%A1n+N%C4%83ng+818+Tr%C6%B0%E1%BB%9Dng+Chinh\" target=\"_blank\" rel=\"noopener\">818 Tr&#432;&#7901;ng Chinh, Ph&#432;&#7901;ng T&acirc;n S&#417;n, Th&agrave;nh ph&#7889; H&#7891; Ch&iacute; Minh, Vi&#7879;t Nam<\/a><\/p>\n<p style=\"margin: 0 0 10px 0;\">&#128222; <strong style=\"color: #1e293b;\">S&#272;T &ndash; Zalo:<\/strong> <a style=\"color: #059669; text-decoration: none; font-weight: bold;\" href=\"https:\/\/zalo.me\/0903991335\" target=\"_blank\" rel=\"noopener\">0903 991 335<\/a> <span style=\"color: #64748b; font-style: italic;\">(Ms. H&#7841;nh &ndash; Gi&aacute;m &#272;&#7889;c Kinh Doanh)<\/span><\/p>\n<p style=\"margin: 0;\">&#9993;&#65039; <strong style=\"color: #1e293b;\">Email:<\/strong> <a style=\"color: #059669; text-decoration: none; font-weight: bold;\" href=\"mailto:hienhanh@vannangvn.com\">hienhanh@vannangvn.com<\/a><\/p>\n<\/div><\/h1>","protected":false},"excerpt":{"rendered":"<p><strong>Th&#432;&#417;ng hi&#7879;u:<\/strong> Angelantoni Life Science<br>\n<strong>Model:<\/strong> SMARTFREEZER EVO<p>Product <strong>T&#7910; L&#7840;NH B&#7842;O QU&#7842;N SINH PH&#7848;M ANGELANTONI MODEL SMARTFREEZER EVO<\/strong> ch&iacute;nh h&atilde;ng. Angelantoni Life Science (Italy)<br>\nAngelantoni SMARTFREEZER EVO l&agrave; t&#7911; l&#7841;nh b&#7843;o qu&#7843;n sinh ph&#7849;m t&#7921; &#273;&#7897;ng h&oacute;a ho&agrave;n to&agrave;n vi&#7879;c l&#432;u tr&#7919; m&#7851;u sinh h&#7885;c. Lo&#7841;i b&#7887; r&#7911;i ro thao t&aacute;c th&#7911; c&ocirc;ng, gi&#7843;m sai s&oacute;t, b&#7843;o v&#7879; m&#7851;u v&agrave; ng&#432;&#7901;i d&ugrave;ng kh&#7887;i nit&#417; l&#7887;ng.<\/p><\/p>","protected":false},"featured_media":8943,"comment_status":"open","ping_status":"closed","template":"","meta":[],"product_brand":[],"product_cat":[18],"product_tag":[2398,3690,3718,116,162,493,827,1009,1238,1267],"class_list":{"0":"post-8144","1":"product","2":"type-product","3":"status-publish","4":"has-post-thumbnail","6":"product_cat-chua-phan-loai","7":"product_tag-evo","8":"product_tag-angelantoni","9":"product_tag-smartfreezer","10":"product_tag-model","11":"product_tag-tu","12":"product_tag-lanh","13":"product_tag-pham","14":"product_tag-sinh","15":"product_tag-bao","16":"product_tag-quan","18":"first","19":"instock","20":"shipping-taxable","21":"product-type-simple"},"yoast_head":"<!-- This site is optimized with the Yoast SEO Premium plugin v24.8 (Yoast SEO v24.8) - https:\/\/yoast.com\/wordpress\/plugins\/seo\/ -->\n<title>T\u1ee6 L\u1ea0NH B\u1ea2O QU\u1ea2N SINH PH\u1ea8M ANGELANT... ch\u00ednh h\u00e3ng | V\u1ea1n N\u0103ng<\/title>\n<meta name=\"description\" content=\"Mua ngay T\u1ee6 L\u1ea0NH B\u1ea2O QU\u1ea2N SINH PH\u1ea8M ANGELANTONI MODEL SMARTFREEZER EVO ch\u00ednh h\u00e3ng. Angelantoni SMARTFREEZER EVO l\u00e0 t\u1ee7 l\u1ea1nh b\u1ea3o qu\u1ea3... Gi\u00e1 t\u1ed1t!\" \/>\n<meta name=\"robots\" content=\"noindex, follow, max-snippet:-1, max-image-preview:large, max-video-preview:-1\" \/>\n<meta property=\"og:locale\" content=\"en_US\" \/>\n<meta property=\"og:type\" content=\"article\" \/>\n<meta property=\"og:title\" content=\"T\u1ee6 L\u1ea0NH B\u1ea2O QU\u1ea2N SINH PH\u1ea8M ANGELANTONI MODEL SMARTFREEZER EVO\" \/>\n<meta property=\"og:description\" content=\"Mua ngay T\u1ee6 L\u1ea0NH B\u1ea2O QU\u1ea2N SINH PH\u1ea8M ANGELANTONI MODEL SMARTFREEZER EVO ch\u00ednh h\u00e3ng. Angelantoni SMARTFREEZER EVO l\u00e0 t\u1ee7 l\u1ea1nh b\u1ea3o qu\u1ea3... Gi\u00e1 t\u1ed1t!\" \/>\n<meta property=\"og:url\" content=\"https:\/\/vannangvn.123websitedev.com\/en\/product\/tu-lanh-bao-quan-sinh-pham-angelantoni-model-smartfreezer-evo\/\" \/>\n<meta property=\"og:site_name\" content=\"Vannang.vn\" \/>\n<meta property=\"article:modified_time\" content=\"2026-03-30T11:59:47+00:00\" \/>\n<meta property=\"og:image\" content=\"http:\/\/vannangvn.123websitedev.com\/wp-content\/uploads\/2026\/03\/Tu-Lanh-Bao-Quan-Sinh-Pham-Biomedical-Refrigerator-Angelantoni-Model-SMARTFREEZER\u00ae-EVO-2-768x576-copy.jpg\" \/>\n\t<meta property=\"og:image:width\" content=\"768\" \/>\n\t<meta property=\"og:image:height\" content=\"576\" \/>\n\t<meta property=\"og:image:type\" content=\"image\/jpeg\" \/>\n<meta name=\"twitter:card\" content=\"summary_large_image\" \/>\n<meta name=\"twitter:label1\" content=\"Est. reading time\" \/>\n\t<meta name=\"twitter:data1\" content=\"4 minutes\" \/>\n<script type=\"application\/ld+json\" class=\"yoast-schema-graph\">{\"@context\":\"https:\/\/schema.org\",\"@graph\":[{\"@type\":\"WebPage\",\"@id\":\"https:\/\/vannangvn.123websitedev.com\/san-pham\/tu-lanh-bao-quan-sinh-pham-angelantoni-model-smartfreezer-evo\/\",\"url\":\"https:\/\/vannangvn.123websitedev.com\/san-pham\/tu-lanh-bao-quan-sinh-pham-angelantoni-model-smartfreezer-evo\/\",\"name\":\"T\u1ee6 L\u1ea0NH B\u1ea2O QU\u1ea2N SINH PH\u1ea8M ANGELANT... ch\u00ednh h\u00e3ng | V\u1ea1n N\u0103ng\",\"isPartOf\":{\"@id\":\"https:\/\/vannangvn.123websitedev.com\/#website\"},\"primaryImageOfPage\":{\"@id\":\"https:\/\/vannangvn.123websitedev.com\/san-pham\/tu-lanh-bao-quan-sinh-pham-angelantoni-model-smartfreezer-evo\/#primaryimage\"},\"image\":{\"@id\":\"https:\/\/vannangvn.123websitedev.com\/san-pham\/tu-lanh-bao-quan-sinh-pham-angelantoni-model-smartfreezer-evo\/#primaryimage\"},\"thumbnailUrl\":\"https:\/\/vannangvn.123websitedev.com\/wp-content\/uploads\/2026\/03\/Tu-Lanh-Bao-Quan-Sinh-Pham-Biomedical-Refrigerator-Angelantoni-Model-SMARTFREEZER\u00ae-EVO-2-768x576-copy.jpg\",\"datePublished\":\"2026-03-20T12:17:32+00:00\",\"dateModified\":\"2026-03-30T11:59:47+00:00\",\"description\":\"Mua ngay T\u1ee6 L\u1ea0NH B\u1ea2O QU\u1ea2N SINH PH\u1ea8M ANGELANTONI MODEL SMARTFREEZER EVO ch\u00ednh h\u00e3ng. Angelantoni SMARTFREEZER EVO l\u00e0 t\u1ee7 l\u1ea1nh b\u1ea3o qu\u1ea3... Gi\u00e1 t\u1ed1t!\",\"breadcrumb\":{\"@id\":\"https:\/\/vannangvn.123websitedev.com\/san-pham\/tu-lanh-bao-quan-sinh-pham-angelantoni-model-smartfreezer-evo\/#breadcrumb\"},\"inLanguage\":\"en-US\",\"potentialAction\":[{\"@type\":\"ReadAction\",\"target\":[\"https:\/\/vannangvn.123websitedev.com\/san-pham\/tu-lanh-bao-quan-sinh-pham-angelantoni-model-smartfreezer-evo\/\"]}]},{\"@type\":\"ImageObject\",\"inLanguage\":\"en-US\",\"@id\":\"https:\/\/vannangvn.123websitedev.com\/san-pham\/tu-lanh-bao-quan-sinh-pham-angelantoni-model-smartfreezer-evo\/#primaryimage\",\"url\":\"https:\/\/vannangvn.123websitedev.com\/wp-content\/uploads\/2026\/03\/Tu-Lanh-Bao-Quan-Sinh-Pham-Biomedical-Refrigerator-Angelantoni-Model-SMARTFREEZER\u00ae-EVO-2-768x576-copy.jpg\",\"contentUrl\":\"https:\/\/vannangvn.123websitedev.com\/wp-content\/uploads\/2026\/03\/Tu-Lanh-Bao-Quan-Sinh-Pham-Biomedical-Refrigerator-Angelantoni-Model-SMARTFREEZER\u00ae-EVO-2-768x576-copy.jpg\",\"width\":768,\"height\":576},{\"@type\":\"BreadcrumbList\",\"@id\":\"https:\/\/vannangvn.123websitedev.com\/san-pham\/tu-lanh-bao-quan-sinh-pham-angelantoni-model-smartfreezer-evo\/#breadcrumb\",\"itemListElement\":[{\"@type\":\"ListItem\",\"position\":1,\"name\":\"Trang ch\u1ee7\",\"item\":\"https:\/\/vannangvn.123websitedev.com\/\"},{\"@type\":\"ListItem\",\"position\":2,\"name\":\"S\u1ea3n ph\u1ea9m\",\"item\":\"https:\/\/vannangvn.123websitedev.com\/cua-hang\/\"},{\"@type\":\"ListItem\",\"position\":3,\"name\":\"T\u1ee6 L\u1ea0NH B\u1ea2O QU\u1ea2N SINH PH\u1ea8M ANGELANTONI MODEL SMARTFREEZER EVO\"}]},{\"@type\":\"WebSite\",\"@id\":\"https:\/\/vannangvn.123websitedev.com\/#website\",\"url\":\"https:\/\/vannangvn.123websitedev.com\/\",\"name\":\"Vannang.vn\",\"description\":\"\",\"publisher\":{\"@id\":\"https:\/\/vannangvn.123websitedev.com\/#organization\"},\"potentialAction\":[{\"@type\":\"SearchAction\",\"target\":{\"@type\":\"EntryPoint\",\"urlTemplate\":\"https:\/\/vannangvn.123websitedev.com\/?s={search_term_string}\"},\"query-input\":{\"@type\":\"PropertyValueSpecification\",\"valueRequired\":true,\"valueName\":\"search_term_string\"}}],\"inLanguage\":\"en-US\"},{\"@type\":\"Organization\",\"@id\":\"https:\/\/vannangvn.123websitedev.com\/#organization\",\"name\":\"Vannang.vn\",\"url\":\"https:\/\/vannangvn.123websitedev.com\/\",\"logo\":{\"@type\":\"ImageObject\",\"inLanguage\":\"en-US\",\"@id\":\"https:\/\/vannangvn.123websitedev.com\/#\/schema\/logo\/image\/\",\"url\":\"https:\/\/vannangvn.123websitedev.com\/wp-content\/uploads\/2026\/02\/logo-van-nang-02.png\",\"contentUrl\":\"https:\/\/vannangvn.123websitedev.com\/wp-content\/uploads\/2026\/02\/logo-van-nang-02.png\",\"width\":448,\"height\":111,\"caption\":\"Vannang.vn\"},\"image\":{\"@id\":\"https:\/\/vannangvn.123websitedev.com\/#\/schema\/logo\/image\/\"}}]}<\/script>\n<!-- \/ Yoast SEO Premium plugin. -->","yoast_head_json":{"title":"T\u1ee6 L\u1ea0NH B\u1ea2O QU\u1ea2N SINH PH\u1ea8M ANGELANT... ch\u00ednh h\u00e3ng | V\u1ea1n N\u0103ng","description":"Mua ngay T\u1ee6 L\u1ea0NH B\u1ea2O QU\u1ea2N SINH PH\u1ea8M ANGELANTONI MODEL SMARTFREEZER EVO ch\u00ednh h\u00e3ng. Angelantoni SMARTFREEZER EVO l\u00e0 t\u1ee7 l\u1ea1nh b\u1ea3o qu\u1ea3... Gi\u00e1 t\u1ed1t!","robots":{"index":"noindex","follow":"follow","max-snippet":"max-snippet:-1","max-image-preview":"max-image-preview:large","max-video-preview":"max-video-preview:-1"},"og_locale":"en_US","og_type":"article","og_title":"T\u1ee6 L\u1ea0NH B\u1ea2O QU\u1ea2N SINH PH\u1ea8M ANGELANTONI MODEL SMARTFREEZER EVO","og_description":"Mua ngay T\u1ee6 L\u1ea0NH B\u1ea2O QU\u1ea2N SINH PH\u1ea8M ANGELANTONI MODEL SMARTFREEZER EVO ch\u00ednh h\u00e3ng. Angelantoni SMARTFREEZER EVO l\u00e0 t\u1ee7 l\u1ea1nh b\u1ea3o qu\u1ea3... Gi\u00e1 t\u1ed1t!","og_url":"https:\/\/vannangvn.123websitedev.com\/en\/product\/tu-lanh-bao-quan-sinh-pham-angelantoni-model-smartfreezer-evo\/","og_site_name":"Vannang.vn","article_modified_time":"2026-03-30T11:59:47+00:00","og_image":[{"width":768,"height":576,"url":"http:\/\/vannangvn.123websitedev.com\/wp-content\/uploads\/2026\/03\/Tu-Lanh-Bao-Quan-Sinh-Pham-Biomedical-Refrigerator-Angelantoni-Model-SMARTFREEZER\u00ae-EVO-2-768x576-copy.jpg","type":"image\/jpeg"}],"twitter_card":"summary_large_image","twitter_misc":{"Est. reading time":"4 minutes"},"schema":{"@context":"https:\/\/schema.org","@graph":[{"@type":"WebPage","@id":"https:\/\/vannangvn.123websitedev.com\/san-pham\/tu-lanh-bao-quan-sinh-pham-angelantoni-model-smartfreezer-evo\/","url":"https:\/\/vannangvn.123websitedev.com\/san-pham\/tu-lanh-bao-quan-sinh-pham-angelantoni-model-smartfreezer-evo\/","name":"T\u1ee6 L\u1ea0NH B\u1ea2O QU\u1ea2N SINH PH\u1ea8M ANGELANT... ch\u00ednh h\u00e3ng | V\u1ea1n N\u0103ng","isPartOf":{"@id":"https:\/\/vannangvn.123websitedev.com\/#website"},"primaryImageOfPage":{"@id":"https:\/\/vannangvn.123websitedev.com\/san-pham\/tu-lanh-bao-quan-sinh-pham-angelantoni-model-smartfreezer-evo\/#primaryimage"},"image":{"@id":"https:\/\/vannangvn.123websitedev.com\/san-pham\/tu-lanh-bao-quan-sinh-pham-angelantoni-model-smartfreezer-evo\/#primaryimage"},"thumbnailUrl":"https:\/\/vannangvn.123websitedev.com\/wp-content\/uploads\/2026\/03\/Tu-Lanh-Bao-Quan-Sinh-Pham-Biomedical-Refrigerator-Angelantoni-Model-SMARTFREEZER\u00ae-EVO-2-768x576-copy.jpg","datePublished":"2026-03-20T12:17:32+00:00","dateModified":"2026-03-30T11:59:47+00:00","description":"Mua ngay T\u1ee6 L\u1ea0NH B\u1ea2O QU\u1ea2N SINH PH\u1ea8M ANGELANTONI MODEL SMARTFREEZER EVO ch\u00ednh h\u00e3ng. Angelantoni SMARTFREEZER EVO l\u00e0 t\u1ee7 l\u1ea1nh b\u1ea3o qu\u1ea3... Gi\u00e1 t\u1ed1t!","breadcrumb":{"@id":"https:\/\/vannangvn.123websitedev.com\/san-pham\/tu-lanh-bao-quan-sinh-pham-angelantoni-model-smartfreezer-evo\/#breadcrumb"},"inLanguage":"en-US","potentialAction":[{"@type":"ReadAction","target":["https:\/\/vannangvn.123websitedev.com\/san-pham\/tu-lanh-bao-quan-sinh-pham-angelantoni-model-smartfreezer-evo\/"]}]},{"@type":"ImageObject","inLanguage":"en-US","@id":"https:\/\/vannangvn.123websitedev.com\/san-pham\/tu-lanh-bao-quan-sinh-pham-angelantoni-model-smartfreezer-evo\/#primaryimage","url":"https:\/\/vannangvn.123websitedev.com\/wp-content\/uploads\/2026\/03\/Tu-Lanh-Bao-Quan-Sinh-Pham-Biomedical-Refrigerator-Angelantoni-Model-SMARTFREEZER\u00ae-EVO-2-768x576-copy.jpg","contentUrl":"https:\/\/vannangvn.123websitedev.com\/wp-content\/uploads\/2026\/03\/Tu-Lanh-Bao-Quan-Sinh-Pham-Biomedical-Refrigerator-Angelantoni-Model-SMARTFREEZER\u00ae-EVO-2-768x576-copy.jpg","width":768,"height":576},{"@type":"BreadcrumbList","@id":"https:\/\/vannangvn.123websitedev.com\/san-pham\/tu-lanh-bao-quan-sinh-pham-angelantoni-model-smartfreezer-evo\/#breadcrumb","itemListElement":[{"@type":"ListItem","position":1,"name":"Trang ch\u1ee7","item":"https:\/\/vannangvn.123websitedev.com\/"},{"@type":"ListItem","position":2,"name":"S\u1ea3n ph\u1ea9m","item":"https:\/\/vannangvn.123websitedev.com\/cua-hang\/"},{"@type":"ListItem","position":3,"name":"T\u1ee6 L\u1ea0NH B\u1ea2O QU\u1ea2N SINH PH\u1ea8M ANGELANTONI MODEL SMARTFREEZER EVO"}]},{"@type":"WebSite","@id":"https:\/\/vannangvn.123websitedev.com\/#website","url":"https:\/\/vannangvn.123websitedev.com\/","name":"Vannang.vn","description":"","publisher":{"@id":"https:\/\/vannangvn.123websitedev.com\/#organization"},"potentialAction":[{"@type":"SearchAction","target":{"@type":"EntryPoint","urlTemplate":"https:\/\/vannangvn.123websitedev.com\/?s={search_term_string}"},"query-input":{"@type":"PropertyValueSpecification","valueRequired":true,"valueName":"search_term_string"}}],"inLanguage":"en-US"},{"@type":"Organization","@id":"https:\/\/vannangvn.123websitedev.com\/#organization","name":"Vannang.vn","url":"https:\/\/vannangvn.123websitedev.com\/","logo":{"@type":"ImageObject","inLanguage":"en-US","@id":"https:\/\/vannangvn.123websitedev.com\/#\/schema\/logo\/image\/","url":"https:\/\/vannangvn.123websitedev.com\/wp-content\/uploads\/2026\/02\/logo-van-nang-02.png","contentUrl":"https:\/\/vannangvn.123websitedev.com\/wp-content\/uploads\/2026\/02\/logo-van-nang-02.png","width":448,"height":111,"caption":"Vannang.vn"},"image":{"@id":"https:\/\/vannangvn.123websitedev.com\/#\/schema\/logo\/image\/"}}]}},"_links":{"self":[{"href":"https:\/\/vannangvn.123websitedev.com\/en\/wp-json\/wp\/v2\/product\/8144","targetHints":{"allow":["GET"]}}],"collection":[{"href":"https:\/\/vannangvn.123websitedev.com\/en\/wp-json\/wp\/v2\/product"}],"about":[{"href":"https:\/\/vannangvn.123websitedev.com\/en\/wp-json\/wp\/v2\/types\/product"}],"replies":[{"embeddable":true,"href":"https:\/\/vannangvn.123websitedev.com\/en\/wp-json\/wp\/v2\/comments?post=8144"}],"wp:featuredmedia":[{"embeddable":true,"href":"https:\/\/vannangvn.123websitedev.com\/en\/wp-json\/wp\/v2\/media\/8943"}],"wp:attachment":[{"href":"https:\/\/vannangvn.123websitedev.com\/en\/wp-json\/wp\/v2\/media?parent=8144"}],"wp:term":[{"taxonomy":"product_brand","embeddable":true,"href":"https:\/\/vannangvn.123websitedev.com\/en\/wp-json\/wp\/v2\/product_brand?post=8144"},{"taxonomy":"product_cat","embeddable":true,"href":"https:\/\/vannangvn.123websitedev.com\/en\/wp-json\/wp\/v2\/product_cat?post=8144"},{"taxonomy":"product_tag","embeddable":true,"href":"https:\/\/vannangvn.123websitedev.com\/en\/wp-json\/wp\/v2\/product_tag?post=8144"}],"curies":[{"name":"wp","href":"https:\/\/api.w.org\/{rel}","templated":true}]}}