{"id":8166,"date":"2026-03-20T19:18:00","date_gmt":"2026-03-20T12:18:00","guid":{"rendered":"https:\/\/vannangvn.123websitedev.com\/san-pham\/tu-phun-muoi-cw-specialist-equipment-model-cw1001\/"},"modified":"2026-03-30T19:00:20","modified_gmt":"2026-03-30T12:00:20","slug":"tu-phun-muoi-cw-specialist-equipment-model-cw1001","status":"publish","type":"product","link":"https:\/\/vannangvn.123websitedev.com\/en\/product\/tu-phun-muoi-cw-specialist-equipment-model-cw1001\/","title":{"rendered":"T\u1ee6 PHUN MU\u1ed0I C&#038;W SPECIALIST EQUIPMENT MODEL CW1001"},"content":{"rendered":"<h1 style=\"color: red; font-weight: bold; font-size: 24px;\">T&#7893;ng quan s&#7843;n ph&#7849;m T&#7910; PHUN MU&#7888;I C&amp;W SPECIALIST EQUIPMENT MODEL CW1001<p>T&#7911; Phun Mu&#7889;i (Salt Spray Cabinet) C&amp;W Specialist Equipment Model CW1001<\/p><p>CW1001<br>\nT&#7911; Phun Mu&#7889;i C&amp;W Specialist Model CW1001 &#273;&#432;&#7907;c thi&#7871;t k&#7871; &#273;&#7875; m&ocirc; ph&#7887;ng &#273;i&#7873;u ki&#7879;n m&ocirc;i tr&#432;&#7901;ng &#259;n m&ograve;n ch&iacute;nh x&aacute;c m&agrave; ng&agrave;nh c&ocirc;ng nghi&#7879;p hi&#7879;n &#273;&#7841;i y&ecirc;u c&#7847;u. S&#7843;n ph&#7849;m l&yacute; t&#432;&#7903;ng cho c&aacute;c ph&ograve;ng th&iacute; nghi&#7879;m ki&#7875;m so&aacute;t ch&#7845;t l&#432;&#7907;ng v&agrave; ki&#7875;m &#273;&#7883;nh v&#7853;t li&#7879;u, &#273;&#432;&#7907;c &#7913;ng d&#7909;ng r&#7897;ng r&atilde;i trong &ocirc; t&ocirc;, s&#417;n v&agrave; ph&#7911; b&#7873; m&#7863;t, h&oacute;a ch&#7845;t, &#273;i&#7879;n t&#7917;, h&agrave;ng kh&ocirc;ng, qu&acirc;n s&#7921; v&agrave; c&ocirc;ng nghi&#7879;p ngo&agrave;i kh&#417;i.<br>\n&#272;&#432;&#7907;c bi&#7871;t &#273;&#7871;n v&#7899;i &#273;&#7897; tin c&#7853;y, kh&#7843; n&#259;ng v&#7853;n h&agrave;nh d&#7877; d&agrave;ng v&agrave; k&#7871;t c&#7845;u b&#7873;n b&#7881;, TQC Sheen C&amp;W Salt Spray Cabinet &#273;&atilde; &#273;&#7841;t &#273;&#432;&#7907;c s&#7921; c&ocirc;ng nh&#7853;n to&agrave;n c&#7847;u. Thi&#7871;t b&#7883; n&agrave;y chuy&ecirc;n d&ugrave;ng &#273;&#7875; ki&#7875;m tra hi&#7879;u su&#7845;t ch&#7889;ng &#259;n m&ograve;n c&#7911;a linh ki&#7879;n v&agrave; t&#7845;m ph&#7911;, &#273;&aacute;p &#7913;ng ho&#7863;c v&#432;&#7907;t qua c&aacute;c ti&ecirc;u chu&#7849;n qu&#7889;c gia, qu&#7889;c t&#7871; v&agrave; ti&ecirc;u chu&#7849;n ri&ecirc;ng c&#7911;a doanh nghi&#7879;p.<br>\nKh&#7843; n&#259;ng ki&#7875;m tra &#259;n m&ograve;n t&#259;ng t&#7889;c &ndash; Hi&#7879;u su&#7845;t v&#432;&#7907;t tr&#7897;i<br>\nTQC Sheen C&amp;W d&#7851;n &#273;&#7847;u th&#7883; tr&#432;&#7901;ng Anh v&#7873; thi&#7871;t k&#7871; v&agrave; s&#7843;n xu&#7845;t t&#7911; th&#7917; nghi&#7879;m &#259;n m&ograve;n v&agrave; m&ocirc;i tr&#432;&#7901;ng t&#259;ng t&#7889;c. H&#7879; th&#7889;ng &#273;&#432;&#7907;c ch&#7871; t&#7841;o nh&#7857;m m&ocirc; ph&#7887;ng ch&iacute;nh x&aacute;c t&aacute;c &#273;&#7897;ng &#259;n m&ograve;n l&acirc;u d&agrave;i trong m&ocirc;i tr&#432;&#7901;ng ki&#7875;m so&aacute;t, c&oacute; th&#7875; l&#7863;p l&#7841;i.<br>\nV&#7853;n h&agrave;nh t&#7889;i &#432;u<\/p><p>D&#7877; d&agrave;ng n&#7841;p dung d&#7883;ch mu&#7889;i v&agrave; kh&#7917; tr&ugrave;ng, h&#7841;n ch&#7871; ph&aacute;t sinh t&#7843;o.<br>\nB&#7891;n ch&#7913;a dung d&#7883;ch mu&#7889;i 114L di &#273;&#7897;ng, c&oacute; l&#7885;c t&iacute;ch h&#7907;p, v&#7853;n h&agrave;nh li&ecirc;n t&#7909;c &#273;&#7871;n 14 ng&agrave;y.<br>\nB&#7897; &#273;i&#7873;u ch&#7881;nh &aacute;p su&#7845;t kh&iacute; n&eacute;n v&#7899;i &#273;&#7891;ng h&#7891; &#273;o.<br>\nL&#432;u l&#432;&#7907;ng k&#7871; gi&uacute;p ki&#7875;m so&aacute;t l&#432;&#7907;ng dung d&#7883;ch phun ch&iacute;nh x&aacute;c.<br>\nGi&aacute; &#273;&#7905; ti&ecirc;u chu&#7849;n cho m&#7851;u ph&#7911; v&agrave; linh ki&#7879;n.<br>\nH&#7879; th&#7889;ng c&#7843;nh b&aacute;o m&#7913;c dung d&#7883;ch th&#7845;p (t&ugrave;y ch&#7885;n) n&acirc;ng cao an to&agrave;n.<\/p><p>Ki&#7875;m so&aacute;t m&ocirc;i tr&#432;&#7901;ng ch&iacute;nh x&aacute;c &ndash; &#272;&#7897; tin c&#7853;y cao<\/p><p>B&#7843;ng &#273;i&#7873;u khi&#7875;n ch&#7889;ng n&#432;&#7899;c v&#7899;i m&agrave;n h&igrave;nh k&#7929; thu&#7853;t s&#7889;.<br>\n&#272;i&#7873;u ch&#7881;nh nhi&#7879;t &#273;&#7897; t&#7915; m&ocirc;i tr&#432;&#7901;ng &#273;&#7871;n 55&deg;C &plusmn;1&deg;C b&#7857;ng c&#7843;m bi&#7871;n NTC.<br>\nTh&aacute;p t&#7841;o &#7849;m t&#7921; &#273;&#7897;ng, l&agrave;m n&oacute;ng kh&ocirc;ng kh&iacute; b&atilde;o h&ograve;a, hi&#7875;n th&#7883; c&agrave;i &#273;&#7863;t &#273;&#7871;n 65&deg;C &plusmn;1&deg;C.<br>\nB&#7897; vi x&#7917; l&yacute; l&#432;u &#273;&#432;&#7907;c 7 chu tr&igrave;nh th&#7917; nghi&#7879;m l&#7853;p tr&igrave;nh s&#7861;n.<br>\nChu tr&igrave;nh phun\/kh&ocirc;\/x&#7843; kh&iacute; t&ugrave;y ch&#7881;nh 0&ndash;9999 ph&uacute;t.<br>\nCh&#7871; &#273;&#7897; phun gi&aacute;n &#273;o&#7841;n, x&#7843; kh&iacute; th&#7911; c&ocirc;ng ho&#7863;c t&#7921; &#273;&#7897;ng, gi&uacute;p ki&#7875;m tra m&#7851;u d&#7877; d&agrave;ng.<\/p><p>Thi&#7871;t k&#7871; b&#7873;n v&#7919;ng &ndash; Ho&#7841;t &#273;&#7897;ng l&acirc;u d&agrave;i<\/p><p>Th&acirc;n t&#7911; l&agrave;m t&#7915; nh&#7921;a composite polyester gia c&#432;&#7901;ng s&#7907;i th&#7911;y tinh ch&#7889;ng ch&aacute;y.<br>\nN&#7855;p composite ch&#7883;u h&oacute;a ch&#7845;t v&agrave; nhi&#7879;t, c&oacute; piston h&#7895; tr&#7907; &#273;&oacute;ng m&#7903; k&iacute;n.<br>\nH&#7879; th&#7889;ng b&#7843;o v&#7879; qu&aacute; nhi&#7879;t c&agrave;i &#273;&#7863;t s&#7861;n t&#7841;i nh&agrave; m&aacute;y.<br>\nK&iacute;ch th&#432;&#7899;c nh&#7887; g&#7885;n, c&oacute; b&aacute;nh xe ti&#7879;n di chuy&#7875;n v&agrave; l&#7855;p &#273;&#7863;t &#7903; kh&ocirc;ng gian h&#7865;p.<\/p><p>C&aacute;c phi&ecirc;n b&#7843;n t&ugrave;y ch&#7885;n<\/p><p>T&#7911; phun mu&#7889;i truy&#7873;n th&#7889;ng.<br>\nT&#7911; &#259;n m&ograve;n chu k&#7923; Prohesion.<br>\nT&#7911; CASS (&#273;&#7891;ng &ndash; gia t&#7889;c b&#7857;ng axit acetic).<br>\nT&#7911; k&#7871;t h&#7907;p phun mu&#7889;i\/&#273;&#7897; &#7849;m ho&#7863;c phun mu&#7889;i\/Prohesion\/&#273;&#7897; &#7849;m.<\/p><p>Ph&#7909; ki&#7879;n &#273;i k&egrave;m<\/p><p>B&#7897; l&#7855;p &#273;&#7863;t CW4088.<br>\nB&#7897; thu dung d&#7883;ch CW4035 (2 ph&#7877;u, 2 &#7889;ng).<br>\n5kg mu&#7889;i + ch&#7913;ng nh&#7853;n.<br>\n&#272;&#7847;u n&#7889;i &#7889;ng CW5882.<br>\nS&aacute;ch h&#432;&#7899;ng d&#7851;n &#259;n m&ograve;n VF7101.<\/p><p>Ti&ecirc;u chu&#7849;n ASTM B117 &#273;&#432;&#7907;c t&iacute;ch h&#7907;p, d&ugrave;ng &#273;&#7875; &#273;&aacute;nh gi&aacute; &#273;&#7897; b&#7873;n &#259;n m&ograve;n c&#7911;a kim lo&#7841;i v&agrave; kim lo&#7841;i ph&#7911; trong m&ocirc;i tr&#432;&#7901;ng dung d&#7883;ch mu&#7889;i chu&#7849;n h&oacute;a.<br>\nH&atilde;y li&ecirc;n h&#7879; v&#7899;i V&#7841;n N&#259;ng Company ngay &#273;&#7875; &#273;&#432;&#7907;c t&#432; v&#7845;n chuy&ecirc;n s&acirc;u v&agrave; nh&#7853;n c&aacute;c &#432;u &#273;&atilde;i h&#7845;p d&#7851;n nh&#7845;t th&ocirc;ng qua hotline\/zalo: <a href=\"https:\/\/zalo.me\/0903991335\" target=\"_blank\" rel=\"noopener\" style=\"color: #059669; font-weight: bold; text-decoration: none;\">0903 991 335<\/a>!<\/p><div style=\"background-color: #f8fafc; border: 1px solid #e2e8f0; border-radius: 8px; padding: 25px; max-width: 800px; margin: 30px auto; color: #334155; line-height: 1.8; font-size: 17px; box-shadow: 0 4px 6px -1px rgba(0,0,0,0.05); text-align: left; clear: both;\">\nC&ocirc;ng ty TNHH Th&#432;&#417;ng M&#7841;i D&#7883;ch V&#7909; Thi&#7871;t B&#7883; C&ocirc;ng Ngh&#7879; V&#7841;n N&#259;ng\n<p style=\"margin: 0 0 10px 0;\">&#128205; <strong style=\"color: #1e293b;\">&#272;&#7883;a ch&#7881;:<\/strong> <a style=\"color: #059669; text-decoration: none; font-weight: bold;\" href=\"https:\/\/www.google.com\/maps\/search\/C%C3%B4ng+ty+TNHH+Th%C6%B0%C6%A1ng+M%E1%BA%A1i+D%E1%BB%8Bch+V%E1%BB%A5+Thi%E1%BA%BFt+B%E1%BB%8B+C%C3%B4ng+Ngh%E1%BB%87+V%E1%BA%A1n+N%C4%83ng+818+Tr%C6%B0%E1%BB%9Dng+Chinh\" target=\"_blank\" rel=\"noopener\">818 Tr&#432;&#7901;ng Chinh, Ph&#432;&#7901;ng T&acirc;n S&#417;n, Th&agrave;nh ph&#7889; H&#7891; Ch&iacute; Minh, Vi&#7879;t Nam<\/a><\/p>\n<p style=\"margin: 0 0 10px 0;\">&#128222; <strong style=\"color: #1e293b;\">S&#272;T &ndash; Zalo:<\/strong> <a style=\"color: #059669; text-decoration: none; font-weight: bold;\" href=\"https:\/\/zalo.me\/0903991335\" target=\"_blank\" rel=\"noopener\">0903 991 335<\/a> <span style=\"color: #64748b; font-style: italic;\">(Ms. H&#7841;nh &ndash; Gi&aacute;m &#272;&#7889;c Kinh Doanh)<\/span><\/p>\n<p style=\"margin: 0;\">&#9993;&#65039; <strong style=\"color: #1e293b;\">Email:<\/strong> <a style=\"color: #059669; text-decoration: none; font-weight: bold;\" href=\"mailto:hienhanh@vannangvn.com\">hienhanh@vannangvn.com<\/a><\/p>\n<\/div><\/h1>","protected":false},"excerpt":{"rendered":"<p><strong>Th&#432;&#417;ng hi&#7879;u:<\/strong> C&amp;W Specialist Equipment<br>\n<strong>Model:<\/strong> CW1001<p>Product <strong>T&#7910; PHUN MU&#7888;I C&amp;W SPECIALIST EQUIPMENT MODEL CW1001<\/strong> ch&iacute;nh h&atilde;ng. C&amp;W Specialist Equipment (UK)<br>\nC&amp;W CW1001 l&agrave; t&#7911; phun mu&#7889;i m&ocirc; ph&#7887;ng &#259;n m&ograve;n ch&iacute;nh x&aacute;c, tu&acirc;n th&#7911; ti&ecirc;u chu&#7849;n qu&#7889;c t&#7871; nh&#432; ASTM B117. V&#7853;n h&agrave;nh d&#7877; d&agrave;ng, k&#7871;t c&#7845;u b&#7873;n b&#7881;, &#273;&#432;&#7907;c tin d&ugrave;ng trong &ocirc; t&ocirc;, h&agrave;ng kh&ocirc;ng v&agrave; &#273;i&#7879;n t&#7917;.<\/p><\/p>","protected":false},"featured_media":8962,"comment_status":"open","ping_status":"closed","template":"","meta":[],"product_brand":[],"product_cat":[18],"product_tag":[250,388,3730,3731,3732,3733,116,162],"class_list":{"0":"post-8166","1":"product","2":"type-product","3":"status-publish","4":"has-post-thumbnail","6":"product_cat-chua-phan-loai","7":"product_tag-phun","8":"product_tag-muoi","9":"product_tag-cw","10":"product_tag-specialist","11":"product_tag-equipment","12":"product_tag-cw1001","13":"product_tag-model","14":"product_tag-tu","16":"first","17":"instock","18":"shipping-taxable","19":"product-type-simple"},"yoast_head":"<!-- This site is optimized with the Yoast SEO Premium plugin v24.8 (Yoast SEO v24.8) - https:\/\/yoast.com\/wordpress\/plugins\/seo\/ -->\n<title>T\u1ee6 PHUN MU\u1ed0I C&amp;W SPECIALIST EQUIPME... ch\u00ednh h\u00e3ng | V\u1ea1n N\u0103ng<\/title>\n<meta name=\"description\" content=\"Mua ngay T\u1ee6 PHUN MU\u1ed0I C&amp;W SPECIALIST EQUIPMENT MODEL CW1001 ch\u00ednh h\u00e3ng. C&amp;W CW1001 l\u00e0 t\u1ee7 phun mu\u1ed1i m\u00f4 ph\u1ecfng \u0103n m\u00f2n ch\u00ednh x\u00e1c, tu\u00e2n... Gi\u00e1 t\u1ed1t!\" \/>\n<meta name=\"robots\" content=\"noindex, follow, max-snippet:-1, max-image-preview:large, max-video-preview:-1\" \/>\n<meta property=\"og:locale\" content=\"en_US\" \/>\n<meta property=\"og:type\" content=\"article\" \/>\n<meta property=\"og:title\" content=\"T\u1ee6 PHUN MU\u1ed0I C&amp;W SPECIALIST EQUIPMENT MODEL CW1001\" \/>\n<meta property=\"og:description\" content=\"Mua ngay T\u1ee6 PHUN MU\u1ed0I C&amp;W SPECIALIST EQUIPMENT MODEL CW1001 ch\u00ednh h\u00e3ng. C&amp;W CW1001 l\u00e0 t\u1ee7 phun mu\u1ed1i m\u00f4 ph\u1ecfng \u0103n m\u00f2n ch\u00ednh x\u00e1c, tu\u00e2n... Gi\u00e1 t\u1ed1t!\" \/>\n<meta property=\"og:url\" content=\"https:\/\/vannangvn.123websitedev.com\/en\/product\/tu-phun-muoi-cw-specialist-equipment-model-cw1001\/\" \/>\n<meta property=\"og:site_name\" content=\"Vannang.vn\" \/>\n<meta property=\"article:modified_time\" content=\"2026-03-30T12:00:20+00:00\" \/>\n<meta property=\"og:image\" content=\"http:\/\/vannangvn.123websitedev.com\/wp-content\/uploads\/2026\/03\/Tu-Phun-Muoi-Salt-Spray-Cabinet-CW-Specialist-Equipment-Model-CW1001-768x576-copy.jpg\" \/>\n\t<meta property=\"og:image:width\" content=\"768\" \/>\n\t<meta property=\"og:image:height\" content=\"576\" \/>\n\t<meta property=\"og:image:type\" content=\"image\/jpeg\" \/>\n<meta name=\"twitter:card\" content=\"summary_large_image\" \/>\n<meta name=\"twitter:label1\" content=\"Est. reading time\" \/>\n\t<meta name=\"twitter:data1\" content=\"5 minutes\" \/>\n<script type=\"application\/ld+json\" class=\"yoast-schema-graph\">{\"@context\":\"https:\/\/schema.org\",\"@graph\":[{\"@type\":\"WebPage\",\"@id\":\"https:\/\/vannangvn.123websitedev.com\/san-pham\/tu-phun-muoi-cw-specialist-equipment-model-cw1001\/\",\"url\":\"https:\/\/vannangvn.123websitedev.com\/san-pham\/tu-phun-muoi-cw-specialist-equipment-model-cw1001\/\",\"name\":\"T\u1ee6 PHUN MU\u1ed0I C&amp;W SPECIALIST EQUIPME... ch\u00ednh h\u00e3ng | V\u1ea1n N\u0103ng\",\"isPartOf\":{\"@id\":\"https:\/\/vannangvn.123websitedev.com\/#website\"},\"primaryImageOfPage\":{\"@id\":\"https:\/\/vannangvn.123websitedev.com\/san-pham\/tu-phun-muoi-cw-specialist-equipment-model-cw1001\/#primaryimage\"},\"image\":{\"@id\":\"https:\/\/vannangvn.123websitedev.com\/san-pham\/tu-phun-muoi-cw-specialist-equipment-model-cw1001\/#primaryimage\"},\"thumbnailUrl\":\"https:\/\/vannangvn.123websitedev.com\/wp-content\/uploads\/2026\/03\/Tu-Phun-Muoi-Salt-Spray-Cabinet-CW-Specialist-Equipment-Model-CW1001-768x576-copy.jpg\",\"datePublished\":\"2026-03-20T12:18:00+00:00\",\"dateModified\":\"2026-03-30T12:00:20+00:00\",\"description\":\"Mua ngay T\u1ee6 PHUN MU\u1ed0I C&amp;W SPECIALIST EQUIPMENT MODEL CW1001 ch\u00ednh h\u00e3ng. C&amp;W CW1001 l\u00e0 t\u1ee7 phun mu\u1ed1i m\u00f4 ph\u1ecfng \u0103n m\u00f2n ch\u00ednh x\u00e1c, tu\u00e2n... Gi\u00e1 t\u1ed1t!\",\"breadcrumb\":{\"@id\":\"https:\/\/vannangvn.123websitedev.com\/san-pham\/tu-phun-muoi-cw-specialist-equipment-model-cw1001\/#breadcrumb\"},\"inLanguage\":\"en-US\",\"potentialAction\":[{\"@type\":\"ReadAction\",\"target\":[\"https:\/\/vannangvn.123websitedev.com\/san-pham\/tu-phun-muoi-cw-specialist-equipment-model-cw1001\/\"]}]},{\"@type\":\"ImageObject\",\"inLanguage\":\"en-US\",\"@id\":\"https:\/\/vannangvn.123websitedev.com\/san-pham\/tu-phun-muoi-cw-specialist-equipment-model-cw1001\/#primaryimage\",\"url\":\"https:\/\/vannangvn.123websitedev.com\/wp-content\/uploads\/2026\/03\/Tu-Phun-Muoi-Salt-Spray-Cabinet-CW-Specialist-Equipment-Model-CW1001-768x576-copy.jpg\",\"contentUrl\":\"https:\/\/vannangvn.123websitedev.com\/wp-content\/uploads\/2026\/03\/Tu-Phun-Muoi-Salt-Spray-Cabinet-CW-Specialist-Equipment-Model-CW1001-768x576-copy.jpg\",\"width\":768,\"height\":576},{\"@type\":\"BreadcrumbList\",\"@id\":\"https:\/\/vannangvn.123websitedev.com\/san-pham\/tu-phun-muoi-cw-specialist-equipment-model-cw1001\/#breadcrumb\",\"itemListElement\":[{\"@type\":\"ListItem\",\"position\":1,\"name\":\"Trang ch\u1ee7\",\"item\":\"https:\/\/vannangvn.123websitedev.com\/\"},{\"@type\":\"ListItem\",\"position\":2,\"name\":\"S\u1ea3n ph\u1ea9m\",\"item\":\"https:\/\/vannangvn.123websitedev.com\/cua-hang\/\"},{\"@type\":\"ListItem\",\"position\":3,\"name\":\"T\u1ee6 PHUN MU\u1ed0I C&#038;W SPECIALIST EQUIPMENT MODEL CW1001\"}]},{\"@type\":\"WebSite\",\"@id\":\"https:\/\/vannangvn.123websitedev.com\/#website\",\"url\":\"https:\/\/vannangvn.123websitedev.com\/\",\"name\":\"Vannang.vn\",\"description\":\"\",\"publisher\":{\"@id\":\"https:\/\/vannangvn.123websitedev.com\/#organization\"},\"potentialAction\":[{\"@type\":\"SearchAction\",\"target\":{\"@type\":\"EntryPoint\",\"urlTemplate\":\"https:\/\/vannangvn.123websitedev.com\/?s={search_term_string}\"},\"query-input\":{\"@type\":\"PropertyValueSpecification\",\"valueRequired\":true,\"valueName\":\"search_term_string\"}}],\"inLanguage\":\"en-US\"},{\"@type\":\"Organization\",\"@id\":\"https:\/\/vannangvn.123websitedev.com\/#organization\",\"name\":\"Vannang.vn\",\"url\":\"https:\/\/vannangvn.123websitedev.com\/\",\"logo\":{\"@type\":\"ImageObject\",\"inLanguage\":\"en-US\",\"@id\":\"https:\/\/vannangvn.123websitedev.com\/#\/schema\/logo\/image\/\",\"url\":\"https:\/\/vannangvn.123websitedev.com\/wp-content\/uploads\/2026\/02\/logo-van-nang-02.png\",\"contentUrl\":\"https:\/\/vannangvn.123websitedev.com\/wp-content\/uploads\/2026\/02\/logo-van-nang-02.png\",\"width\":448,\"height\":111,\"caption\":\"Vannang.vn\"},\"image\":{\"@id\":\"https:\/\/vannangvn.123websitedev.com\/#\/schema\/logo\/image\/\"}}]}<\/script>\n<!-- \/ Yoast SEO Premium plugin. -->","yoast_head_json":{"title":"T\u1ee6 PHUN MU\u1ed0I C&amp;W SPECIALIST EQUIPME... ch\u00ednh h\u00e3ng | V\u1ea1n N\u0103ng","description":"Mua ngay T\u1ee6 PHUN MU\u1ed0I C&amp;W SPECIALIST EQUIPMENT MODEL CW1001 ch\u00ednh h\u00e3ng. C&amp;W CW1001 l\u00e0 t\u1ee7 phun mu\u1ed1i m\u00f4 ph\u1ecfng \u0103n m\u00f2n ch\u00ednh x\u00e1c, tu\u00e2n... Gi\u00e1 t\u1ed1t!","robots":{"index":"noindex","follow":"follow","max-snippet":"max-snippet:-1","max-image-preview":"max-image-preview:large","max-video-preview":"max-video-preview:-1"},"og_locale":"en_US","og_type":"article","og_title":"T\u1ee6 PHUN MU\u1ed0I C&W SPECIALIST EQUIPMENT MODEL CW1001","og_description":"Mua ngay T\u1ee6 PHUN MU\u1ed0I C&amp;W SPECIALIST EQUIPMENT MODEL CW1001 ch\u00ednh h\u00e3ng. C&amp;W CW1001 l\u00e0 t\u1ee7 phun mu\u1ed1i m\u00f4 ph\u1ecfng \u0103n m\u00f2n ch\u00ednh x\u00e1c, tu\u00e2n... Gi\u00e1 t\u1ed1t!","og_url":"https:\/\/vannangvn.123websitedev.com\/en\/product\/tu-phun-muoi-cw-specialist-equipment-model-cw1001\/","og_site_name":"Vannang.vn","article_modified_time":"2026-03-30T12:00:20+00:00","og_image":[{"width":768,"height":576,"url":"http:\/\/vannangvn.123websitedev.com\/wp-content\/uploads\/2026\/03\/Tu-Phun-Muoi-Salt-Spray-Cabinet-CW-Specialist-Equipment-Model-CW1001-768x576-copy.jpg","type":"image\/jpeg"}],"twitter_card":"summary_large_image","twitter_misc":{"Est. reading time":"5 minutes"},"schema":{"@context":"https:\/\/schema.org","@graph":[{"@type":"WebPage","@id":"https:\/\/vannangvn.123websitedev.com\/san-pham\/tu-phun-muoi-cw-specialist-equipment-model-cw1001\/","url":"https:\/\/vannangvn.123websitedev.com\/san-pham\/tu-phun-muoi-cw-specialist-equipment-model-cw1001\/","name":"T\u1ee6 PHUN MU\u1ed0I C&amp;W SPECIALIST EQUIPME... ch\u00ednh h\u00e3ng | V\u1ea1n N\u0103ng","isPartOf":{"@id":"https:\/\/vannangvn.123websitedev.com\/#website"},"primaryImageOfPage":{"@id":"https:\/\/vannangvn.123websitedev.com\/san-pham\/tu-phun-muoi-cw-specialist-equipment-model-cw1001\/#primaryimage"},"image":{"@id":"https:\/\/vannangvn.123websitedev.com\/san-pham\/tu-phun-muoi-cw-specialist-equipment-model-cw1001\/#primaryimage"},"thumbnailUrl":"https:\/\/vannangvn.123websitedev.com\/wp-content\/uploads\/2026\/03\/Tu-Phun-Muoi-Salt-Spray-Cabinet-CW-Specialist-Equipment-Model-CW1001-768x576-copy.jpg","datePublished":"2026-03-20T12:18:00+00:00","dateModified":"2026-03-30T12:00:20+00:00","description":"Mua ngay T\u1ee6 PHUN MU\u1ed0I C&amp;W SPECIALIST EQUIPMENT MODEL CW1001 ch\u00ednh h\u00e3ng. C&amp;W CW1001 l\u00e0 t\u1ee7 phun mu\u1ed1i m\u00f4 ph\u1ecfng \u0103n m\u00f2n ch\u00ednh x\u00e1c, tu\u00e2n... Gi\u00e1 t\u1ed1t!","breadcrumb":{"@id":"https:\/\/vannangvn.123websitedev.com\/san-pham\/tu-phun-muoi-cw-specialist-equipment-model-cw1001\/#breadcrumb"},"inLanguage":"en-US","potentialAction":[{"@type":"ReadAction","target":["https:\/\/vannangvn.123websitedev.com\/san-pham\/tu-phun-muoi-cw-specialist-equipment-model-cw1001\/"]}]},{"@type":"ImageObject","inLanguage":"en-US","@id":"https:\/\/vannangvn.123websitedev.com\/san-pham\/tu-phun-muoi-cw-specialist-equipment-model-cw1001\/#primaryimage","url":"https:\/\/vannangvn.123websitedev.com\/wp-content\/uploads\/2026\/03\/Tu-Phun-Muoi-Salt-Spray-Cabinet-CW-Specialist-Equipment-Model-CW1001-768x576-copy.jpg","contentUrl":"https:\/\/vannangvn.123websitedev.com\/wp-content\/uploads\/2026\/03\/Tu-Phun-Muoi-Salt-Spray-Cabinet-CW-Specialist-Equipment-Model-CW1001-768x576-copy.jpg","width":768,"height":576},{"@type":"BreadcrumbList","@id":"https:\/\/vannangvn.123websitedev.com\/san-pham\/tu-phun-muoi-cw-specialist-equipment-model-cw1001\/#breadcrumb","itemListElement":[{"@type":"ListItem","position":1,"name":"Trang ch\u1ee7","item":"https:\/\/vannangvn.123websitedev.com\/"},{"@type":"ListItem","position":2,"name":"S\u1ea3n ph\u1ea9m","item":"https:\/\/vannangvn.123websitedev.com\/cua-hang\/"},{"@type":"ListItem","position":3,"name":"T\u1ee6 PHUN MU\u1ed0I C&#038;W SPECIALIST EQUIPMENT MODEL CW1001"}]},{"@type":"WebSite","@id":"https:\/\/vannangvn.123websitedev.com\/#website","url":"https:\/\/vannangvn.123websitedev.com\/","name":"Vannang.vn","description":"","publisher":{"@id":"https:\/\/vannangvn.123websitedev.com\/#organization"},"potentialAction":[{"@type":"SearchAction","target":{"@type":"EntryPoint","urlTemplate":"https:\/\/vannangvn.123websitedev.com\/?s={search_term_string}"},"query-input":{"@type":"PropertyValueSpecification","valueRequired":true,"valueName":"search_term_string"}}],"inLanguage":"en-US"},{"@type":"Organization","@id":"https:\/\/vannangvn.123websitedev.com\/#organization","name":"Vannang.vn","url":"https:\/\/vannangvn.123websitedev.com\/","logo":{"@type":"ImageObject","inLanguage":"en-US","@id":"https:\/\/vannangvn.123websitedev.com\/#\/schema\/logo\/image\/","url":"https:\/\/vannangvn.123websitedev.com\/wp-content\/uploads\/2026\/02\/logo-van-nang-02.png","contentUrl":"https:\/\/vannangvn.123websitedev.com\/wp-content\/uploads\/2026\/02\/logo-van-nang-02.png","width":448,"height":111,"caption":"Vannang.vn"},"image":{"@id":"https:\/\/vannangvn.123websitedev.com\/#\/schema\/logo\/image\/"}}]}},"_links":{"self":[{"href":"https:\/\/vannangvn.123websitedev.com\/en\/wp-json\/wp\/v2\/product\/8166","targetHints":{"allow":["GET"]}}],"collection":[{"href":"https:\/\/vannangvn.123websitedev.com\/en\/wp-json\/wp\/v2\/product"}],"about":[{"href":"https:\/\/vannangvn.123websitedev.com\/en\/wp-json\/wp\/v2\/types\/product"}],"replies":[{"embeddable":true,"href":"https:\/\/vannangvn.123websitedev.com\/en\/wp-json\/wp\/v2\/comments?post=8166"}],"wp:featuredmedia":[{"embeddable":true,"href":"https:\/\/vannangvn.123websitedev.com\/en\/wp-json\/wp\/v2\/media\/8962"}],"wp:attachment":[{"href":"https:\/\/vannangvn.123websitedev.com\/en\/wp-json\/wp\/v2\/media?parent=8166"}],"wp:term":[{"taxonomy":"product_brand","embeddable":true,"href":"https:\/\/vannangvn.123websitedev.com\/en\/wp-json\/wp\/v2\/product_brand?post=8166"},{"taxonomy":"product_cat","embeddable":true,"href":"https:\/\/vannangvn.123websitedev.com\/en\/wp-json\/wp\/v2\/product_cat?post=8166"},{"taxonomy":"product_tag","embeddable":true,"href":"https:\/\/vannangvn.123websitedev.com\/en\/wp-json\/wp\/v2\/product_tag?post=8166"}],"curies":[{"name":"wp","href":"https:\/\/api.w.org\/{rel}","templated":true}]}}