{"id":8167,"date":"2026-03-20T19:18:05","date_gmt":"2026-03-20T12:18:05","guid":{"rendered":"https:\/\/vannangvn.123websitedev.com\/san-pham\/tu-phun-muoi-de-ban-liebisch-model-constanzo\/"},"modified":"2026-03-30T19:00:24","modified_gmt":"2026-03-30T12:00:24","slug":"tu-phun-muoi-de-ban-liebisch-model-constanzo","status":"publish","type":"product","link":"https:\/\/vannangvn.123websitedev.com\/en\/product\/tu-phun-muoi-de-ban-liebisch-model-constanzo\/","title":{"rendered":"T\u1ee6 PHUN MU\u1ed0I \u0110\u1ec2 B\u00c0N LIEBISCH MODEL CONSTANZO"},"content":{"rendered":"<h1 style=\"color: red; font-weight: bold; font-size: 24px;\">T&#7893;ng quan s&#7843;n ph&#7849;m T&#7910; PHUN MU&#7888;I &#272;&#7874; B&Agrave;N LIEBISCH MODEL CONSTANZO<p>T&#7911; Phun Mu&#7889;i (Tabletop Corrosion Testers\/Salt Spray) Liebisch Model Constanzo&reg;<\/p><p>Constanzo<br>\nC&aacute;c thi&#7871;t b&#7883; ki&#7875;m tra &#259;n m&ograve;n\/phun mu&#7889;i Liebisch &#273;&#432;&#7907;c cung c&#7845;p d&#432;&#7899;i d&#7841;ng thi&#7871;t b&#7883; &#273;&#7875; b&agrave;n, d&ugrave;ng cho m&ocirc; ph&#7887;ng m&ocirc;i tr&#432;&#7901;ng v&#7899;i th&#7875; t&iacute;ch bu&#7891;ng 300 l&iacute;t. Ch&uacute;ng &#273;&#432;&#7907;c s&#7917; d&#7909;ng &#273;&#7875; ti&#7871;n h&agrave;nh c&aacute;c th&#7917; nghi&#7879;m ng&#432;ng t&#7909; c&oacute; ho&#7863;c kh&ocirc;ng c&oacute; kh&iacute; &#259;n m&ograve;n. C&#7845;u h&igrave;nh k&#7929; thu&#7853;t &#273;&#432;&#7907;c t&ugrave;y ch&#7881;nh theo y&ecirc;u c&#7847;u c&#7911;a kh&aacute;ch h&agrave;ng.<br>\nConstanzo&reg;<br>\nConstanzo&reg; K 300 \/ K 300 A<br>\nThi&#7871;t b&#7883; &#273;&#7875; b&agrave;n kh&ocirc;ng c&oacute; h&#7879; th&#7889;ng th&ocirc;ng gi&oacute; t&#7921; &#273;&#7897;ng.<br>\nC&aacute;c thi&#7871;t b&#7883; n&agrave;y ho&#7841;t &#273;&#7897;ng v&#7899;i b&#7875; n&#432;&#7899;c th&ocirc;ng th&#432;&#7901;ng v&agrave; l&agrave;m vi&#7879;c trong ph&#7841;m vi nhi&#7879;t &#273;&#7897; t&#7915; nhi&#7879;t &#273;&#7897; ph&ograve;ng &#273;&#7871;n t&#7889;i &#273;a 45 &deg;C. &#272;i&#7873;u n&agrave;y gi&uacute;p ch&uacute;ng ph&ugrave; h&#7907;p &#273;&#7875; ki&#7875;m tra kh&iacute; h&#7853;u &#7893;n &#273;&#7883;nh, v&iacute; d&#7909; theo ti&ecirc;u chu&#7849;n DIN EN ISO 6270 (ph&#7847;n CH v&agrave; AH).<br>\nKi&#7875;m so&aacute;t nhi&#7879;t &#273;&#7897; &#273;&#432;&#7907;c th&#7921;c hi&#7879;n th&ocirc;ng qua b&#7897; &#273;i&#7873;u khi&#7875;n PID ch&iacute;nh x&aacute;c cao. Ngo&agrave;i ra, c&oacute; th&#7875; ghi l&#7841;i bi&#7875;u &#273;&#7891; nhi&#7879;t &#273;&#7897; (t&ugrave;y ch&#7885;n).<br>\nT&ugrave;y ch&#7885;n: Constanzo&reg; K 300 v&#7899;i EA (nhi&#7879;t &#273;&#7897; l&agrave;m vi&#7879;c cao h&#417;n)<br>\nThi&#7871;t b&#7883; &#273;&#7875; b&agrave;n kh&ocirc;ng c&oacute; h&#7879; th&#7889;ng th&ocirc;ng gi&oacute; t&#7921; &#273;&#7897;ng.<br>\nC&aacute;c thi&#7871;t b&#7883; n&agrave;y ho&#7841;t &#273;&#7897;ng t&#432;&#417;ng t&#7921; K 300 &#7903; tr&ecirc;n nh&#432;ng v&#7899;i nhi&#7879;t &#273;&#7897; cao h&#417;n.<br>\nC&oacute; th&#7875; th&#7917; nghi&#7879;m &#273;&#7871;n 60 &deg;C, ph&ugrave; h&#7907;p v&#7899;i c&aacute;c ti&ecirc;u chu&#7849;n ki&#7875;m tra kh&iacute; h&#7853;u &#7893;n &#273;&#7883;nh y&ecirc;u c&#7847;u nhi&#7879;t &#273;&#7897; v&#7853;n h&agrave;nh cao h&#417;n.<br>\nKi&#7875;m so&aacute;t nhi&#7879;t &#273;&#7897; qua b&#7897; &#273;i&#7873;u khi&#7875;n PID ch&iacute;nh x&aacute;c; ghi bi&#7875;u &#273;&#7891; nhi&#7879;t &#273;&#7897; c&#361;ng kh&#7843; d&#7909;ng (t&ugrave;y ch&#7885;n).<br>\nConstanzo&reg; KB 300 A<br>\nThi&#7871;t b&#7883; &#273;&#7875; b&agrave;n c&oacute; h&#7879; th&#7889;ng th&ocirc;ng gi&oacute; t&#7921; &#273;&#7897;ng.<br>\nC&aacute;c thi&#7871;t b&#7883; n&agrave;y ho&#7841;t &#273;&#7897;ng v&#7899;i b&#7875; n&#432;&#7899;c th&ocirc;ng th&#432;&#7901;ng v&agrave; l&agrave;m vi&#7879;c trong ph&#7841;m vi nhi&#7879;t &#273;&#7897; t&#7915; nhi&#7879;t &#273;&#7897; ph&ograve;ng &#273;&#7871;n t&#7889;i &#273;a 45 &deg;C. Ch&uacute;ng &#273;&#432;&#7907;c trang b&#7883; h&#7879; th&#7889;ng th&ocirc;ng gi&oacute; t&#7921; &#273;&#7897;ng cho ph&eacute;p th&#7921;c hi&#7879;n t&#7921; &#273;&#7897;ng ph&#7847;n AHT ngo&agrave;i c&aacute;c ph&#7847;n CH v&agrave; AT, gi&uacute;p KB 300 ph&ugrave; h&#7907;p cho ki&#7875;m tra kh&iacute; h&#7853;u &#7893;n &#273;&#7883;nh v&agrave; bi&#7871;n &#273;&#7893;i, v&iacute; d&#7909; theo ti&ecirc;u chu&#7849;n DIN EN ISO 6270. V&#7853;n h&agrave;nh b&#7857;ng m&agrave;n h&igrave;nh c&#7843;m &#7913;ng tr&#7921;c quan.<br>\nBi&#7875;u &#273;&#7891; nhi&#7879;t &#273;&#7897; c&oacute; th&#7875; &#273;&#432;&#7907;c xem tr&#7921;c ti&#7871;p tr&ecirc;n m&agrave;n h&igrave;nh hi&#7875;n th&#7883;. D&#7919; li&#7879;u c&oacute; th&#7875; xu&#7845;t qua c&#7893;ng USB (t&ugrave;y ch&#7885;n).<br>\nT&ugrave;y ch&#7885;n: Constanzo&reg; KB 300 A v&#7899;i II (n&#7841;p v&agrave; x&#7843; n&#432;&#7899;c t&#7921; &#273;&#7897;ng)<br>\nThi&#7871;t b&#7883; &#273;&#7875; b&agrave;n c&oacute; h&#7879; th&#7889;ng th&ocirc;ng gi&oacute; v&agrave; ch&#7913;c n&#259;ng n&#7841;p\/x&#7843; n&#432;&#7899;c t&#7921; &#273;&#7897;ng.<br>\nSo v&#7899;i KB v&agrave; KBEA 300A, c&aacute;c thi&#7871;t b&#7883; n&agrave;y &#273;&#432;&#7907;c b&#7893; sung ch&#7913;c n&#259;ng t&#7921; &#273;&#7897;ng c&#7845;p v&agrave; x&#7843; n&#432;&#7899;c cho b&#7875;, gi&uacute;p lo&#7841;i b&#7887; thao t&aacute;c &#273;&#7893; v&agrave; th&aacute;o n&#432;&#7899;c th&#7911; c&ocirc;ng c&#7911;a ng&#432;&#7901;i d&ugrave;ng.<br>\nC&oacute; th&#7875; xu&#7845;t d&#7919; li&#7879;u qua c&#7893;ng USB (t&ugrave;y ch&#7885;n).<br>\nT&ugrave;y ch&#7885;n: Constanzo&reg; KB 300 A v&#7899;i EA (nhi&#7879;t &#273;&#7897; l&agrave;m vi&#7879;c cao h&#417;n)<br>\nThi&#7871;t b&#7883; &#273;&#7875; b&agrave;n c&oacute; h&#7879; th&#7889;ng th&ocirc;ng gi&oacute; t&#7921; &#273;&#7897;ng.<br>\nHo&#7841;t &#273;&#7897;ng t&#432;&#417;ng t&#7921; KB 300 nh&#432;ng &#7903; nhi&#7879;t &#273;&#7897; cao h&#417;n.<br>\nTh&#7917; nghi&#7879;m &#273;&#7871;n 60 &deg;C, ph&ugrave; h&#7907;p v&#7899;i ki&#7875;m tra kh&iacute; h&#7853;u &#7893;n &#273;&#7883;nh v&agrave; bi&#7871;n &#273;&#7893;i cho c&aacute;c ti&ecirc;u chu&#7849;n y&ecirc;u c&#7847;u nhi&#7879;t &#273;&#7897; cao.<br>\n&#272;i&#7873;u khi&#7875;n c&#7843;m &#7913;ng tr&#7921;c quan, bi&#7875;u &#273;&#7891; hi&#7875;n th&#7883; tr&#7921;c ti&#7871;p tr&ecirc;n m&agrave;n h&igrave;nh v&agrave; c&oacute; th&#7875; xu&#7845;t d&#7919; li&#7879;u qua USB (t&ugrave;y ch&#7885;n).<br>\nConstanzo&reg; KB 300 A-II<br>\nThi&#7871;t b&#7883; &#273;&#7875; b&agrave;n c&oacute; h&#7879; th&#7889;ng th&ocirc;ng gi&oacute; v&agrave; t&#7921; &#273;&#7897;ng c&#7845;p\/x&#7843; n&#432;&#7899;c.<br>\nConstamatic&reg;<br>\nConstamatic&reg; S 300 A-TI<br>\nD&ugrave;ng &#273;&#7875; th&#7921;c hi&#7879;n c&aacute;c th&#7917; nghi&#7879;m phun mu&#7889;i theo c&aacute;c ti&ecirc;u chu&#7849;n qu&#7889;c gia v&agrave; qu&#7889;c t&#7871; nh&#432;:<\/p><p>DIN EN ISO 9227 (tr&#432;&#7899;c &#273;&acirc;y l&agrave; DIN 50021)<br>\nTh&#7917; nghi&#7879;m phun mu&#7889;i trung t&iacute;nh (NSS)<br>\nTh&#7917; nghi&#7879;m phun mu&#7889;i axit axetic (AASS)<br>\nTh&#7917; nghi&#7879;m phun mu&#7889;i axit axetic t&#259;ng t&#7889;c &#273;&#7891;ng (CASS)<br>\nASTM B117<br>\nC&oacute; th&#7875; xu&#7845;t d&#7919; li&#7879;u qua USB v&agrave; giao di&#7879;n LAN (t&ugrave;y ch&#7885;n).<br>\nConstamatic&reg; S300 A-TI chuy&ecirc;n d&ugrave;ng cho th&#7917; nghi&#7879;m phun mu&#7889;i theo ti&ecirc;u chu&#7849;n qu&#7889;c gia v&agrave; qu&#7889;c t&#7871;.<\/p><p>Gasomat<br>\nH&#7879; th&#7889;ng &#273;&#7883;nh l&#432;&#7907;ng kh&iacute; Gasomat 2000 v&agrave; 200<br>\n&#272;&#7875; ti&#7871;n h&agrave;nh th&#7917; nghi&#7879;m &#259;n m&ograve;n v&#7899;i l&#432;u hu&#7923;nh dioxit (DIN EN ISO 6988, tr&#432;&#7899;c &#273;&acirc;y l&agrave; DIN 50018), khuy&#7871;n ngh&#7883; s&#7917; d&#7909;ng h&#7879; th&#7889;ng &#273;&#7883;nh l&#432;&#7907;ng kh&iacute; Gasomat. H&#7879; th&#7889;ng n&agrave;y x&aacute;c &#273;&#7883;nh v&agrave; &#273;&#432;a l&#432;&#7907;ng kh&iacute; c&#7847;n thi&#7871;t v&agrave;o bu&#7891;ng th&#7917; nghi&#7879;m. Thi&#7871;t b&#7883; b&#7893; sung v&#7853;n h&agrave;nh th&#7911; c&ocirc;ng n&agrave;y s&#7917; d&#7909;ng ch&#7845;t l&#7887;ng d&#7883;ch chuy&#7875;n &#273;&#7875; &#273;&#7883;nh l&#432;&#7907;ng kh&iacute;, sau &#273;&oacute; ng&#432;&#7901;i d&ugrave;ng &#273;&#432;a v&agrave;o bu&#7891;ng th&#7917;.<br>\nC&aacute;c bi&#7871;n th&#7875;:<\/p><p>Gasomat 2000: ph&ugrave; h&#7907;p v&#7899;i l&#432;&#7907;ng kh&iacute; 1000 ml v&agrave; 2000 ml<br>\nGasomat 200: ph&ugrave; h&#7907;p v&#7899;i l&#432;&#7907;ng kh&iacute; 200 ml<\/p><p>Ngo&agrave;i ra, c&oacute; th&#7875; s&#7917; d&#7909;ng KBG 400 A-SC &ndash; h&#7879; th&#7889;ng t&#7921; &#273;&#7897;ng thay th&#7871; cho KB 300 \/ KBEA 300 k&#7871;t h&#7907;p Gasomat.<br>\nH&atilde;y li&ecirc;n h&#7879; v&#7899;i V&#7841;n N&#259;ng Company ngay &#273;&#7875; &#273;&#432;&#7907;c t&#432; v&#7845;n chuy&ecirc;n s&acirc;u v&agrave; nh&#7853;n c&aacute;c &#432;u &#273;&atilde;i h&#7845;p d&#7851;n nh&#7845;t th&ocirc;ng qua hotline\/zalo: <a href=\"https:\/\/zalo.me\/0903991335\" target=\"_blank\" rel=\"noopener\" style=\"color: #059669; font-weight: bold; text-decoration: none;\">0903 991 335<\/a>!<\/p><div style=\"background-color: #f8fafc; border: 1px solid #e2e8f0; border-radius: 8px; padding: 25px; max-width: 800px; margin: 30px auto; color: #334155; line-height: 1.8; font-size: 17px; box-shadow: 0 4px 6px -1px rgba(0,0,0,0.05); text-align: left; clear: both;\">\nC&ocirc;ng ty TNHH Th&#432;&#417;ng M&#7841;i D&#7883;ch V&#7909; Thi&#7871;t B&#7883; C&ocirc;ng Ngh&#7879; V&#7841;n N&#259;ng\n<p style=\"margin: 0 0 10px 0;\">&#128205; <strong style=\"color: #1e293b;\">&#272;&#7883;a ch&#7881;:<\/strong> <a style=\"color: #059669; text-decoration: none; font-weight: bold;\" href=\"https:\/\/www.google.com\/maps\/search\/C%C3%B4ng+ty+TNHH+Th%C6%B0%C6%A1ng+M%E1%BA%A1i+D%E1%BB%8Bch+V%E1%BB%A5+Thi%E1%BA%BFt+B%E1%BB%8B+C%C3%B4ng+Ngh%E1%BB%87+V%E1%BA%A1n+N%C4%83ng+818+Tr%C6%B0%E1%BB%9Dng+Chinh\" target=\"_blank\" rel=\"noopener\">818 Tr&#432;&#7901;ng Chinh, Ph&#432;&#7901;ng T&acirc;n S&#417;n, Th&agrave;nh ph&#7889; H&#7891; Ch&iacute; Minh, Vi&#7879;t Nam<\/a><\/p>\n<p style=\"margin: 0 0 10px 0;\">&#128222; <strong style=\"color: #1e293b;\">S&#272;T &ndash; Zalo:<\/strong> <a style=\"color: #059669; text-decoration: none; font-weight: bold;\" href=\"https:\/\/zalo.me\/0903991335\" target=\"_blank\" rel=\"noopener\">0903 991 335<\/a> <span style=\"color: #64748b; font-style: italic;\">(Ms. H&#7841;nh &ndash; Gi&aacute;m &#272;&#7889;c Kinh Doanh)<\/span><\/p>\n<p style=\"margin: 0;\">&#9993;&#65039; <strong style=\"color: #1e293b;\">Email:<\/strong> <a style=\"color: #059669; text-decoration: none; font-weight: bold;\" href=\"mailto:hienhanh@vannangvn.com\">hienhanh@vannangvn.com<\/a><\/p>\n<\/div><\/h1>","protected":false},"excerpt":{"rendered":"<p><strong>Th&#432;&#417;ng hi&#7879;u:<\/strong> Liebisch<br>\n<strong>Model:<\/strong> Constanzo<p>Product <strong>T&#7910; PHUN MU&#7888;I &#272;&#7874; B&Agrave;N LIEBISCH MODEL CONSTANZO<\/strong> ch&iacute;nh h&atilde;ng. Liebisch (Germany)<br>\nT&#7911; Phun Mu&#7889;i Liebisch Constanzo l&agrave; thi&#7871;t b&#7883; &#273;&#7875; b&agrave;n v&#7899;i th&#7875; t&iacute;ch 300L, m&ocirc; ph&#7887;ng m&ocirc;i tr&#432;&#7901;ng &#259;n m&ograve;n. C&oacute; c&aacute;c phi&ecirc;n b&#7843;n K 300, KB 300 A h&#7895; tr&#7907; th&#7917; nghi&#7879;m ng&#432;ng t&#7909;, nhi&#7879;t &#273;&#7897; cao, th&ocirc;ng gi&oacute; v&agrave; c&#7845;p\/x&#7843; n&#432;&#7899;c t&#7921; &#273;&#7897;ng.<\/p><\/p>","protected":false},"featured_media":8949,"comment_status":"open","ping_status":"closed","template":"","meta":[],"product_brand":[],"product_cat":[18],"product_tag":[116,118,162,250,256,388,528,3734],"class_list":{"0":"post-8167","1":"product","2":"type-product","3":"status-publish","4":"has-post-thumbnail","6":"product_cat-chua-phan-loai","7":"product_tag-model","8":"product_tag-ban","9":"product_tag-tu","10":"product_tag-phun","11":"product_tag-de","12":"product_tag-muoi","13":"product_tag-liebisch","14":"product_tag-constanzo","16":"first","17":"instock","18":"shipping-taxable","19":"product-type-simple"},"yoast_head":"<!-- This site is optimized with the Yoast SEO Premium plugin v24.8 (Yoast SEO v24.8) - https:\/\/yoast.com\/wordpress\/plugins\/seo\/ -->\n<title>T\u1ee6 PHUN MU\u1ed0I \u0110\u1ec2 B\u00c0N LIEBISCH MODEL ... ch\u00ednh h\u00e3ng | V\u1ea1n N\u0103ng<\/title>\n<meta name=\"description\" content=\"Mua ngay T\u1ee6 PHUN MU\u1ed0I \u0110\u1ec2 B\u00c0N LIEBISCH MODEL CONSTANZO ch\u00ednh h\u00e3ng. T\u1ee7 Phun Mu\u1ed1i Liebisch Constanzo l\u00e0 thi\u1ebft b\u1ecb \u0111\u1ec3 b\u00e0n v\u1edbi th\u1ec3 t\u00edch... Gi\u00e1 t\u1ed1t!\" \/>\n<meta name=\"robots\" content=\"noindex, follow, max-snippet:-1, max-image-preview:large, max-video-preview:-1\" \/>\n<meta property=\"og:locale\" content=\"en_US\" \/>\n<meta property=\"og:type\" content=\"article\" \/>\n<meta property=\"og:title\" content=\"T\u1ee6 PHUN MU\u1ed0I \u0110\u1ec2 B\u00c0N LIEBISCH MODEL CONSTANZO\" \/>\n<meta property=\"og:description\" content=\"Mua ngay T\u1ee6 PHUN MU\u1ed0I \u0110\u1ec2 B\u00c0N LIEBISCH MODEL CONSTANZO ch\u00ednh h\u00e3ng. T\u1ee7 Phun Mu\u1ed1i Liebisch Constanzo l\u00e0 thi\u1ebft b\u1ecb \u0111\u1ec3 b\u00e0n v\u1edbi th\u1ec3 t\u00edch... Gi\u00e1 t\u1ed1t!\" \/>\n<meta property=\"og:url\" content=\"https:\/\/vannangvn.123websitedev.com\/en\/product\/tu-phun-muoi-de-ban-liebisch-model-constanzo\/\" \/>\n<meta property=\"og:site_name\" content=\"Vannang.vn\" \/>\n<meta property=\"article:modified_time\" content=\"2026-03-30T12:00:24+00:00\" \/>\n<meta property=\"og:image\" content=\"http:\/\/vannangvn.123websitedev.com\/wp-content\/uploads\/2026\/03\/Tu-Phun-Muoi-De-Ban-Liebisch-Model-Constanzo-1-768x576-copy.jpg\" \/>\n\t<meta property=\"og:image:width\" content=\"768\" \/>\n\t<meta property=\"og:image:height\" content=\"576\" \/>\n\t<meta property=\"og:image:type\" content=\"image\/jpeg\" \/>\n<meta name=\"twitter:card\" content=\"summary_large_image\" \/>\n<meta name=\"twitter:label1\" content=\"Est. reading time\" \/>\n\t<meta name=\"twitter:data1\" content=\"6 minutes\" \/>\n<script type=\"application\/ld+json\" class=\"yoast-schema-graph\">{\"@context\":\"https:\/\/schema.org\",\"@graph\":[{\"@type\":\"WebPage\",\"@id\":\"https:\/\/vannangvn.123websitedev.com\/san-pham\/tu-phun-muoi-de-ban-liebisch-model-constanzo\/\",\"url\":\"https:\/\/vannangvn.123websitedev.com\/san-pham\/tu-phun-muoi-de-ban-liebisch-model-constanzo\/\",\"name\":\"T\u1ee6 PHUN MU\u1ed0I \u0110\u1ec2 B\u00c0N LIEBISCH MODEL ... ch\u00ednh h\u00e3ng | V\u1ea1n N\u0103ng\",\"isPartOf\":{\"@id\":\"https:\/\/vannangvn.123websitedev.com\/#website\"},\"primaryImageOfPage\":{\"@id\":\"https:\/\/vannangvn.123websitedev.com\/san-pham\/tu-phun-muoi-de-ban-liebisch-model-constanzo\/#primaryimage\"},\"image\":{\"@id\":\"https:\/\/vannangvn.123websitedev.com\/san-pham\/tu-phun-muoi-de-ban-liebisch-model-constanzo\/#primaryimage\"},\"thumbnailUrl\":\"https:\/\/vannangvn.123websitedev.com\/wp-content\/uploads\/2026\/03\/Tu-Phun-Muoi-De-Ban-Liebisch-Model-Constanzo-1-768x576-copy.jpg\",\"datePublished\":\"2026-03-20T12:18:05+00:00\",\"dateModified\":\"2026-03-30T12:00:24+00:00\",\"description\":\"Mua ngay T\u1ee6 PHUN MU\u1ed0I \u0110\u1ec2 B\u00c0N LIEBISCH MODEL CONSTANZO ch\u00ednh h\u00e3ng. T\u1ee7 Phun Mu\u1ed1i Liebisch Constanzo l\u00e0 thi\u1ebft b\u1ecb \u0111\u1ec3 b\u00e0n v\u1edbi th\u1ec3 t\u00edch... Gi\u00e1 t\u1ed1t!\",\"breadcrumb\":{\"@id\":\"https:\/\/vannangvn.123websitedev.com\/san-pham\/tu-phun-muoi-de-ban-liebisch-model-constanzo\/#breadcrumb\"},\"inLanguage\":\"en-US\",\"potentialAction\":[{\"@type\":\"ReadAction\",\"target\":[\"https:\/\/vannangvn.123websitedev.com\/san-pham\/tu-phun-muoi-de-ban-liebisch-model-constanzo\/\"]}]},{\"@type\":\"ImageObject\",\"inLanguage\":\"en-US\",\"@id\":\"https:\/\/vannangvn.123websitedev.com\/san-pham\/tu-phun-muoi-de-ban-liebisch-model-constanzo\/#primaryimage\",\"url\":\"https:\/\/vannangvn.123websitedev.com\/wp-content\/uploads\/2026\/03\/Tu-Phun-Muoi-De-Ban-Liebisch-Model-Constanzo-1-768x576-copy.jpg\",\"contentUrl\":\"https:\/\/vannangvn.123websitedev.com\/wp-content\/uploads\/2026\/03\/Tu-Phun-Muoi-De-Ban-Liebisch-Model-Constanzo-1-768x576-copy.jpg\",\"width\":768,\"height\":576},{\"@type\":\"BreadcrumbList\",\"@id\":\"https:\/\/vannangvn.123websitedev.com\/san-pham\/tu-phun-muoi-de-ban-liebisch-model-constanzo\/#breadcrumb\",\"itemListElement\":[{\"@type\":\"ListItem\",\"position\":1,\"name\":\"Trang ch\u1ee7\",\"item\":\"https:\/\/vannangvn.123websitedev.com\/\"},{\"@type\":\"ListItem\",\"position\":2,\"name\":\"S\u1ea3n ph\u1ea9m\",\"item\":\"https:\/\/vannangvn.123websitedev.com\/cua-hang\/\"},{\"@type\":\"ListItem\",\"position\":3,\"name\":\"T\u1ee6 PHUN MU\u1ed0I \u0110\u1ec2 B\u00c0N LIEBISCH MODEL CONSTANZO\"}]},{\"@type\":\"WebSite\",\"@id\":\"https:\/\/vannangvn.123websitedev.com\/#website\",\"url\":\"https:\/\/vannangvn.123websitedev.com\/\",\"name\":\"Vannang.vn\",\"description\":\"\",\"publisher\":{\"@id\":\"https:\/\/vannangvn.123websitedev.com\/#organization\"},\"potentialAction\":[{\"@type\":\"SearchAction\",\"target\":{\"@type\":\"EntryPoint\",\"urlTemplate\":\"https:\/\/vannangvn.123websitedev.com\/?s={search_term_string}\"},\"query-input\":{\"@type\":\"PropertyValueSpecification\",\"valueRequired\":true,\"valueName\":\"search_term_string\"}}],\"inLanguage\":\"en-US\"},{\"@type\":\"Organization\",\"@id\":\"https:\/\/vannangvn.123websitedev.com\/#organization\",\"name\":\"Vannang.vn\",\"url\":\"https:\/\/vannangvn.123websitedev.com\/\",\"logo\":{\"@type\":\"ImageObject\",\"inLanguage\":\"en-US\",\"@id\":\"https:\/\/vannangvn.123websitedev.com\/#\/schema\/logo\/image\/\",\"url\":\"https:\/\/vannangvn.123websitedev.com\/wp-content\/uploads\/2026\/02\/logo-van-nang-02.png\",\"contentUrl\":\"https:\/\/vannangvn.123websitedev.com\/wp-content\/uploads\/2026\/02\/logo-van-nang-02.png\",\"width\":448,\"height\":111,\"caption\":\"Vannang.vn\"},\"image\":{\"@id\":\"https:\/\/vannangvn.123websitedev.com\/#\/schema\/logo\/image\/\"}}]}<\/script>\n<!-- \/ Yoast SEO Premium plugin. -->","yoast_head_json":{"title":"T\u1ee6 PHUN MU\u1ed0I \u0110\u1ec2 B\u00c0N LIEBISCH MODEL ... ch\u00ednh h\u00e3ng | V\u1ea1n N\u0103ng","description":"Mua ngay T\u1ee6 PHUN MU\u1ed0I \u0110\u1ec2 B\u00c0N LIEBISCH MODEL CONSTANZO ch\u00ednh h\u00e3ng. T\u1ee7 Phun Mu\u1ed1i Liebisch Constanzo l\u00e0 thi\u1ebft b\u1ecb \u0111\u1ec3 b\u00e0n v\u1edbi th\u1ec3 t\u00edch... Gi\u00e1 t\u1ed1t!","robots":{"index":"noindex","follow":"follow","max-snippet":"max-snippet:-1","max-image-preview":"max-image-preview:large","max-video-preview":"max-video-preview:-1"},"og_locale":"en_US","og_type":"article","og_title":"T\u1ee6 PHUN MU\u1ed0I \u0110\u1ec2 B\u00c0N LIEBISCH MODEL CONSTANZO","og_description":"Mua ngay T\u1ee6 PHUN MU\u1ed0I \u0110\u1ec2 B\u00c0N LIEBISCH MODEL CONSTANZO ch\u00ednh h\u00e3ng. T\u1ee7 Phun Mu\u1ed1i Liebisch Constanzo l\u00e0 thi\u1ebft b\u1ecb \u0111\u1ec3 b\u00e0n v\u1edbi th\u1ec3 t\u00edch... Gi\u00e1 t\u1ed1t!","og_url":"https:\/\/vannangvn.123websitedev.com\/en\/product\/tu-phun-muoi-de-ban-liebisch-model-constanzo\/","og_site_name":"Vannang.vn","article_modified_time":"2026-03-30T12:00:24+00:00","og_image":[{"width":768,"height":576,"url":"http:\/\/vannangvn.123websitedev.com\/wp-content\/uploads\/2026\/03\/Tu-Phun-Muoi-De-Ban-Liebisch-Model-Constanzo-1-768x576-copy.jpg","type":"image\/jpeg"}],"twitter_card":"summary_large_image","twitter_misc":{"Est. reading time":"6 minutes"},"schema":{"@context":"https:\/\/schema.org","@graph":[{"@type":"WebPage","@id":"https:\/\/vannangvn.123websitedev.com\/san-pham\/tu-phun-muoi-de-ban-liebisch-model-constanzo\/","url":"https:\/\/vannangvn.123websitedev.com\/san-pham\/tu-phun-muoi-de-ban-liebisch-model-constanzo\/","name":"T\u1ee6 PHUN MU\u1ed0I \u0110\u1ec2 B\u00c0N LIEBISCH MODEL ... ch\u00ednh h\u00e3ng | V\u1ea1n N\u0103ng","isPartOf":{"@id":"https:\/\/vannangvn.123websitedev.com\/#website"},"primaryImageOfPage":{"@id":"https:\/\/vannangvn.123websitedev.com\/san-pham\/tu-phun-muoi-de-ban-liebisch-model-constanzo\/#primaryimage"},"image":{"@id":"https:\/\/vannangvn.123websitedev.com\/san-pham\/tu-phun-muoi-de-ban-liebisch-model-constanzo\/#primaryimage"},"thumbnailUrl":"https:\/\/vannangvn.123websitedev.com\/wp-content\/uploads\/2026\/03\/Tu-Phun-Muoi-De-Ban-Liebisch-Model-Constanzo-1-768x576-copy.jpg","datePublished":"2026-03-20T12:18:05+00:00","dateModified":"2026-03-30T12:00:24+00:00","description":"Mua ngay T\u1ee6 PHUN MU\u1ed0I \u0110\u1ec2 B\u00c0N LIEBISCH MODEL CONSTANZO ch\u00ednh h\u00e3ng. T\u1ee7 Phun Mu\u1ed1i Liebisch Constanzo l\u00e0 thi\u1ebft b\u1ecb \u0111\u1ec3 b\u00e0n v\u1edbi th\u1ec3 t\u00edch... Gi\u00e1 t\u1ed1t!","breadcrumb":{"@id":"https:\/\/vannangvn.123websitedev.com\/san-pham\/tu-phun-muoi-de-ban-liebisch-model-constanzo\/#breadcrumb"},"inLanguage":"en-US","potentialAction":[{"@type":"ReadAction","target":["https:\/\/vannangvn.123websitedev.com\/san-pham\/tu-phun-muoi-de-ban-liebisch-model-constanzo\/"]}]},{"@type":"ImageObject","inLanguage":"en-US","@id":"https:\/\/vannangvn.123websitedev.com\/san-pham\/tu-phun-muoi-de-ban-liebisch-model-constanzo\/#primaryimage","url":"https:\/\/vannangvn.123websitedev.com\/wp-content\/uploads\/2026\/03\/Tu-Phun-Muoi-De-Ban-Liebisch-Model-Constanzo-1-768x576-copy.jpg","contentUrl":"https:\/\/vannangvn.123websitedev.com\/wp-content\/uploads\/2026\/03\/Tu-Phun-Muoi-De-Ban-Liebisch-Model-Constanzo-1-768x576-copy.jpg","width":768,"height":576},{"@type":"BreadcrumbList","@id":"https:\/\/vannangvn.123websitedev.com\/san-pham\/tu-phun-muoi-de-ban-liebisch-model-constanzo\/#breadcrumb","itemListElement":[{"@type":"ListItem","position":1,"name":"Trang ch\u1ee7","item":"https:\/\/vannangvn.123websitedev.com\/"},{"@type":"ListItem","position":2,"name":"S\u1ea3n ph\u1ea9m","item":"https:\/\/vannangvn.123websitedev.com\/cua-hang\/"},{"@type":"ListItem","position":3,"name":"T\u1ee6 PHUN MU\u1ed0I \u0110\u1ec2 B\u00c0N LIEBISCH MODEL CONSTANZO"}]},{"@type":"WebSite","@id":"https:\/\/vannangvn.123websitedev.com\/#website","url":"https:\/\/vannangvn.123websitedev.com\/","name":"Vannang.vn","description":"","publisher":{"@id":"https:\/\/vannangvn.123websitedev.com\/#organization"},"potentialAction":[{"@type":"SearchAction","target":{"@type":"EntryPoint","urlTemplate":"https:\/\/vannangvn.123websitedev.com\/?s={search_term_string}"},"query-input":{"@type":"PropertyValueSpecification","valueRequired":true,"valueName":"search_term_string"}}],"inLanguage":"en-US"},{"@type":"Organization","@id":"https:\/\/vannangvn.123websitedev.com\/#organization","name":"Vannang.vn","url":"https:\/\/vannangvn.123websitedev.com\/","logo":{"@type":"ImageObject","inLanguage":"en-US","@id":"https:\/\/vannangvn.123websitedev.com\/#\/schema\/logo\/image\/","url":"https:\/\/vannangvn.123websitedev.com\/wp-content\/uploads\/2026\/02\/logo-van-nang-02.png","contentUrl":"https:\/\/vannangvn.123websitedev.com\/wp-content\/uploads\/2026\/02\/logo-van-nang-02.png","width":448,"height":111,"caption":"Vannang.vn"},"image":{"@id":"https:\/\/vannangvn.123websitedev.com\/#\/schema\/logo\/image\/"}}]}},"_links":{"self":[{"href":"https:\/\/vannangvn.123websitedev.com\/en\/wp-json\/wp\/v2\/product\/8167","targetHints":{"allow":["GET"]}}],"collection":[{"href":"https:\/\/vannangvn.123websitedev.com\/en\/wp-json\/wp\/v2\/product"}],"about":[{"href":"https:\/\/vannangvn.123websitedev.com\/en\/wp-json\/wp\/v2\/types\/product"}],"replies":[{"embeddable":true,"href":"https:\/\/vannangvn.123websitedev.com\/en\/wp-json\/wp\/v2\/comments?post=8167"}],"wp:featuredmedia":[{"embeddable":true,"href":"https:\/\/vannangvn.123websitedev.com\/en\/wp-json\/wp\/v2\/media\/8949"}],"wp:attachment":[{"href":"https:\/\/vannangvn.123websitedev.com\/en\/wp-json\/wp\/v2\/media?parent=8167"}],"wp:term":[{"taxonomy":"product_brand","embeddable":true,"href":"https:\/\/vannangvn.123websitedev.com\/en\/wp-json\/wp\/v2\/product_brand?post=8167"},{"taxonomy":"product_cat","embeddable":true,"href":"https:\/\/vannangvn.123websitedev.com\/en\/wp-json\/wp\/v2\/product_cat?post=8167"},{"taxonomy":"product_tag","embeddable":true,"href":"https:\/\/vannangvn.123websitedev.com\/en\/wp-json\/wp\/v2\/product_tag?post=8167"}],"curies":[{"name":"wp","href":"https:\/\/api.w.org\/{rel}","templated":true}]}}