{"id":8173,"date":"2026-03-20T19:18:12","date_gmt":"2026-03-20T12:18:12","guid":{"rendered":"https:\/\/vannangvn.123websitedev.com\/san-pham\/tu-phun-muoi-kiem-tra-an-mon-cofomegra-model-corrosionbox\/"},"modified":"2026-03-30T19:00:31","modified_gmt":"2026-03-30T12:00:31","slug":"tu-phun-muoi-kiem-tra-an-mon-cofomegra-model-corrosionbox","status":"publish","type":"product","link":"https:\/\/vannangvn.123websitedev.com\/en\/product\/tu-phun-muoi-kiem-tra-an-mon-cofomegra-model-corrosionbox\/","title":{"rendered":"T\u1ee6 PHUN MU\u1ed0I KI\u1ec2M TRA \u0102N M\u00d2N COFOMEGRA MODEL CORROSIONBOX"},"content":{"rendered":"<h1 style=\"color: red; font-weight: bold; font-size: 24px;\">T&#7893;ng quan s&#7843;n ph&#7849;m T&#7910; PHUN MU&#7888;I KI&#7874;M TRA &#258;N M&Ograve;N COFOMEGRA MODEL CORROSIONBOX<p>T&#7911; Phun Mu&#7889;i Ki&#7875;m Tra &#258;n M&ograve;n (Cyclic Corrosion Chamber) Cofomegra Model CORROSIONBOX<\/p><p>CORROSIONBOX<br>\nCORROSIONBOX l&agrave; gi&#7843;i ph&aacute;p t&#7889;i &#432;u &#273;&#7875; d&#7921; &#273;o&aacute;n kh&#7843; n&#259;ng ch&#7889;ng &#259;n m&ograve;n v&agrave; tu&#7893;i th&#7885; s&#7843;n ph&#7849;m. Trong th&#7921;c t&#7871;, c&aacute;c v&#7853;t li&#7879;u &#273;&#432;&#7907;c s&#7917; d&#7909;ng trong s&#7843;n xu&#7845;t c&ocirc;ng nghi&#7879;p ph&#7843;i &#273;&#7889;i m&#7863;t v&#7899;i nhi&#7873;u t&aacute;c nh&acirc;n g&acirc;y &#259;n m&ograve;n nh&#432; s&#432;&#417;ng mu&#7889;i, &#273;&#7897; &#7849;m, kh&oacute;i b&#7909;i v&agrave; kh&iacute; th&#7843;i ph&#432;&#417;ng ti&#7879;n. Th&#7917; nghi&#7879;m &#259;n m&ograve;n trong ph&ograve;ng th&iacute; nghi&#7879;m l&agrave; ph&#432;&#417;ng ph&aacute;p quan tr&#7885;ng &#273;&#7875; l&#7921;a ch&#7885;n v&#7853;t li&#7879;u v&agrave; b&#7843;o v&#7879; b&#7873; m&#7863;t s&#7843;n ph&#7849;m.<br>\n&#272;&#7875; &#273;&#7843;m b&#7843;o k&#7871;t qu&#7843; ch&iacute;nh x&aacute;c v&agrave; l&#7863;p l&#7841;i, nhi&#7873;u ph&#432;&#417;ng ph&aacute;p th&#7917; nghi&#7879;m v&agrave; ti&ecirc;u chu&#7849;n qu&#7889;c t&#7871; &#273;&atilde; &#273;&#432;&#7907;c ph&aacute;t tri&#7875;n v&agrave; quy &#273;&#7883;nh c&aacute;ch th&#7913;c th&#7921;c hi&#7879;n ki&#7875;m tra &#259;n m&ograve;n.<br>\nC&aacute;c ph&#432;&#417;ng ph&aacute;p ki&#7875;m tra &#259;n m&ograve;n ch&iacute;nh<\/p><p>Salt Spray Test (NSS) &ndash; Th&#7917; nghi&#7879;m phun mu&#7889;i chu&#7849;n<\/p><p>Dung d&#7883;ch mu&#7889;i NaCl 5% &#273;&#432;&#7907;c l&agrave;m n&oacute;ng &#273;&#7871;n 35&deg;C v&agrave; bi&#7871;n th&agrave;nh s&#432;&#417;ng mu&#7889;i th&ocirc;ng qua v&ograve;i phun. S&#432;&#417;ng mu&#7889;i n&agrave;y &#273;&#432;&#7907;c ph&acirc;n t&aacute;n &#273;&#7873;u trong bu&#7891;ng th&#7917;. Kh&ocirc;ng kh&iacute; n&eacute;n d&ugrave;ng &#273;&#7875; t&#7841;o s&#432;&#417;ng &#273;&#432;&#7907;c l&agrave;m n&oacute;ng v&agrave; b&atilde;o h&ograve;a &#273;&#7897; &#7849;m tr&#432;&#7899;c khi &#273;&#7871;n v&ograve;i phun. H&#7879; th&#7889;ng &#273;i&#7879;n tr&#7903; duy tr&igrave; nhi&#7879;t &#273;&#7897; &#273;&#7891;ng &#273;&#7873;u b&ecirc;n trong bu&#7891;ng th&#7917;. Dung d&#7883;ch th&#7843;i &#273;&#432;&#7907;c thu gom &#7903; &#273;&aacute;y v&agrave; tho&aacute;t ra ngo&agrave;i qua &#7889;ng d&#7851;n.<\/p><p>Sau th&#7917; nghi&#7879;m, m&#7913;c &#273;&#7897; &#259;n m&ograve;n c&#7911;a m&#7851;u s&#7869; &#273;&#432;&#7907;c &#273;&aacute;nh gi&aacute; v&agrave; ghi nh&#7853;n; c&oacute; th&#7875; ki&#7875;m tra &#273;&#7883;nh k&#7923; trong qu&aacute; tr&igrave;nh th&#7917; &#273;&#7875; theo d&otilde;i s&#7921; ph&aacute;t tri&#7875;n c&#7911;a &#259;n m&ograve;n.<br>\nTi&ecirc;u chu&#7849;n &aacute;p d&#7909;ng: ASTM B117, ISO 9227, JIS Z 2371, ASTM G85<\/p><p>Acetic Salt Spray Test (ASS) v&agrave; Cuproacetic Salt Spray Test (CASS)<\/p><p>&#272;&acirc;y l&agrave; hai bi&#7871;n th&#7875; c&#7911;a th&#7917; nghi&#7879;m NSS, trong &#273;&oacute; dung d&#7883;ch mu&#7889;i &#273;&#432;&#7907;c axit h&oacute;a, thay &#273;&#7893;i th&agrave;nh ph&#7847;n h&oacute;a h&#7885;c c&#7911;a s&#432;&#417;ng mu&#7889;i nh&#7857;m m&ocirc; ph&#7887;ng m&ocirc;i tr&#432;&#7901;ng c&oacute; &#273;&#7897; &#259;n m&ograve;n cao h&#417;n.<\/p><p>C&#7843; ba th&#7917; nghi&#7879;m NSS, ASS v&agrave; CASS &#273;&#7873;u c&oacute; th&#7875; th&#7921;c hi&#7879;n tr&ecirc;n c&aacute;c model CORROSIONBOX.<\/p><p>Condensation Humidity Test &ndash; Th&#7917; nghi&#7879;m ng&#432;ng t&#7909; &#273;&#7897; &#7849;m<\/p><p>N&#432;&#7899;c kh&#7917; kho&aacute;ng &#273;&#432;&#7907;c &#273;&#7893; v&agrave;o &#273;&aacute;y bu&#7891;ng th&#7917; v&agrave; l&agrave;m n&oacute;ng &#273;&#7871;n khi bay h&#417;i, t&#7841;o &#273;i&#7873;u ki&#7879;n ng&#432;ng t&#7909; h&#417;i n&#432;&#7899;c tr&ecirc;n b&#7873; m&#7863;t m&#7851;u.<\/p><p>Nhi&#7879;t &#273;&#7897; bu&#7891;ng duy tr&igrave; &#7903; m&#7913;c 40&deg;C.<br>\nTi&ecirc;u chu&#7849;n &aacute;p d&#7909;ng: UNI EN ISO 6270, DIN 50017<br>\nT&#7845;t c&#7843; c&aacute;c model CORROSIONBOX &#273;&#7873;u h&#7895; tr&#7907; th&#7917; nghi&#7879;m n&agrave;y.<\/p><p>Cyclic Corrosion Test &ndash; Th&#7917; nghi&#7879;m &#259;n m&ograve;n chu k&#7923;<\/p><p>Th&#7917; nghi&#7879;m n&agrave;y k&#7871;t h&#7907;p m&ocirc;i tr&#432;&#7901;ng s&#432;&#417;ng mu&#7889;i, &#273;&#7897; &#7849;m ng&#432;ng t&#7909; v&agrave; giai &#273;o&#7841;n s&#7845;y kh&ocirc; &#273;&#7875; m&ocirc; ph&#7887;ng ch&iacute;nh x&aacute;c h&#417;n s&#7921; &#259;n m&ograve;n t&#7921; nhi&ecirc;n.<\/p><p>C&aacute;c th&#7917; nghi&#7879;m chu k&#7923; ph&#7893; bi&#7871;n g&#7891;m Dry Corrosion v&agrave; Prohesion, &#273;&#432;&#7907;c th&#7921;c hi&#7879;n b&#7857;ng c&aacute;ch lu&acirc;n phi&ecirc;n gi&#7919;a phun mu&#7889;i v&agrave; s&#7845;y kh&ocirc; b&#7857;ng kh&ocirc;ng kh&iacute;.<\/p><p>Cofomegra CORROSIONBOX cung c&#7845;p kh&#7843; n&#259;ng th&#7921;c hi&#7879;n &#273;&#7847;y &#273;&#7911; c&aacute;c ph&#432;&#417;ng ph&aacute;p ki&#7875;m tra &#259;n m&ograve;n theo ti&ecirc;u chu&#7849;n qu&#7889;c t&#7871;, gi&uacute;p &#273;&aacute;nh gi&aacute; v&agrave; n&acirc;ng cao ch&#7845;t l&#432;&#7907;ng v&#7853;t li&#7879;u, b&#7843;o v&#7879; b&#7873; m&#7863;t v&agrave; k&eacute;o d&agrave;i tu&#7893;i th&#7885; s&#7843;n ph&#7849;m trong c&aacute;c &#273;i&#7873;u ki&#7879;n m&ocirc;i tr&#432;&#7901;ng kh&#7855;c nghi&#7879;t. H&atilde;y li&ecirc;n h&#7879; v&#7899;i V&#7841;n N&#259;ng Company ngay &#273;&#7875; &#273;&#432;&#7907;c t&#432; v&#7845;n chuy&ecirc;n s&acirc;u v&agrave; nh&#7853;n c&aacute;c &#432;u &#273;&atilde;i h&#7845;p d&#7851;n nh&#7845;t th&ocirc;ng qua hotline\/zalo: <a href=\"https:\/\/zalo.me\/0903991335\" target=\"_blank\" rel=\"noopener\" style=\"color: #059669; font-weight: bold; text-decoration: none;\">0903 991 335<\/a>!<\/p><div style=\"background-color: #f8fafc; border: 1px solid #e2e8f0; border-radius: 8px; padding: 25px; max-width: 800px; margin: 30px auto; color: #334155; line-height: 1.8; font-size: 17px; box-shadow: 0 4px 6px -1px rgba(0,0,0,0.05); text-align: left; clear: both;\">\nC&ocirc;ng ty TNHH Th&#432;&#417;ng M&#7841;i D&#7883;ch V&#7909; Thi&#7871;t B&#7883; C&ocirc;ng Ngh&#7879; V&#7841;n N&#259;ng\n<p style=\"margin: 0 0 10px 0;\">&#128205; <strong style=\"color: #1e293b;\">&#272;&#7883;a ch&#7881;:<\/strong> <a style=\"color: #059669; text-decoration: none; font-weight: bold;\" href=\"https:\/\/www.google.com\/maps\/search\/C%C3%B4ng+ty+TNHH+Th%C6%B0%C6%A1ng+M%E1%BA%A1i+D%E1%BB%8Bch+V%E1%BB%A5+Thi%E1%BA%BFt+B%E1%BB%8B+C%C3%B4ng+Ngh%E1%BB%87+V%E1%BA%A1n+N%C4%83ng+818+Tr%C6%B0%E1%BB%9Dng+Chinh\" target=\"_blank\" rel=\"noopener\">818 Tr&#432;&#7901;ng Chinh, Ph&#432;&#7901;ng T&acirc;n S&#417;n, Th&agrave;nh ph&#7889; H&#7891; Ch&iacute; Minh, Vi&#7879;t Nam<\/a><\/p>\n<p style=\"margin: 0 0 10px 0;\">&#128222; <strong style=\"color: #1e293b;\">S&#272;T &ndash; Zalo:<\/strong> <a style=\"color: #059669; text-decoration: none; font-weight: bold;\" href=\"https:\/\/zalo.me\/0903991335\" target=\"_blank\" rel=\"noopener\">0903 991 335<\/a> <span style=\"color: #64748b; font-style: italic;\">(Ms. H&#7841;nh &ndash; Gi&aacute;m &#272;&#7889;c Kinh Doanh)<\/span><\/p>\n<p style=\"margin: 0;\">&#9993;&#65039; <strong style=\"color: #1e293b;\">Email:<\/strong> <a style=\"color: #059669; text-decoration: none; font-weight: bold;\" href=\"mailto:hienhanh@vannangvn.com\">hienhanh@vannangvn.com<\/a><\/p>\n<\/div><\/h1>","protected":false},"excerpt":{"rendered":"<p><strong>Th&#432;&#417;ng hi&#7879;u:<\/strong> Cofomegra<br>\n<strong>Model:<\/strong> CORROSIONBOX<p>Product <strong>T&#7910; PHUN MU&#7888;I KI&#7874;M TRA &#258;N M&Ograve;N COFOMEGRA MODEL CORROSIONBOX<\/strong> ch&iacute;nh h&atilde;ng. Cofomegra (Italy)<br>\nCORROSIONBOX thi&#7871;t b&#7883; ki&#7875;m tra &#259;n m&ograve;n gi&uacute;p &#273;&aacute;nh gi&aacute; v&agrave; n&acirc;ng cao ch&#7845;t l&#432;&#7907;ng v&#7853;t li&#7879;u, l&#7899;p ph&#7911; b&#7873; m&#7863;t trong c&aacute;c &#273;i&#7873;u ki&#7879;n m&ocirc;i tr&#432;&#7901;ng kh&#7855;c nghi&#7879;t, &#273;&#7843;m b&#7843;o k&#7871;t qu&#7843; ch&iacute;nh x&aacute;c v&agrave; l&#7863;p l&#7841;i.<\/p><\/p>","protected":false},"featured_media":8955,"comment_status":"open","ping_status":"closed","template":"","meta":[],"product_brand":[],"product_cat":[18],"product_tag":[3428,3741,116,162,208,209,228,250,388,392],"class_list":{"0":"post-8173","1":"product","2":"type-product","3":"status-publish","4":"has-post-thumbnail","6":"product_cat-chua-phan-loai","7":"product_tag-cofomegra","8":"product_tag-corrosionbox","9":"product_tag-model","10":"product_tag-tu","11":"product_tag-kiem","12":"product_tag-tra","13":"product_tag-an","14":"product_tag-phun","15":"product_tag-muoi","16":"product_tag-mon","18":"first","19":"instock","20":"shipping-taxable","21":"product-type-simple"},"yoast_head":"<!-- This site is optimized with the Yoast SEO Premium plugin v24.8 (Yoast SEO v24.8) - https:\/\/yoast.com\/wordpress\/plugins\/seo\/ -->\n<title>T\u1ee6 PHUN MU\u1ed0I KI\u1ec2M TRA \u0102N M\u00d2N COFOME... ch\u00ednh h\u00e3ng | V\u1ea1n N\u0103ng<\/title>\n<meta name=\"description\" content=\"Mua ngay T\u1ee6 PHUN MU\u1ed0I KI\u1ec2M TRA \u0102N M\u00d2N COFOMEGRA MODEL CORROSIONBOX ch\u00ednh h\u00e3ng. CORROSIONBOX thi\u1ebft b\u1ecb ki\u1ec3m tra \u0103n m\u00f2n gi\u00fap \u0111\u00e1nh gi\u00e1... Gi\u00e1 t\u1ed1t!\" \/>\n<meta name=\"robots\" content=\"noindex, follow, max-snippet:-1, max-image-preview:large, max-video-preview:-1\" \/>\n<meta property=\"og:locale\" content=\"en_US\" \/>\n<meta property=\"og:type\" content=\"article\" \/>\n<meta property=\"og:title\" content=\"T\u1ee6 PHUN MU\u1ed0I KI\u1ec2M TRA \u0102N M\u00d2N COFOMEGRA MODEL CORROSIONBOX\" \/>\n<meta property=\"og:description\" content=\"Mua ngay T\u1ee6 PHUN MU\u1ed0I KI\u1ec2M TRA \u0102N M\u00d2N COFOMEGRA MODEL CORROSIONBOX ch\u00ednh h\u00e3ng. CORROSIONBOX thi\u1ebft b\u1ecb ki\u1ec3m tra \u0103n m\u00f2n gi\u00fap \u0111\u00e1nh gi\u00e1... Gi\u00e1 t\u1ed1t!\" \/>\n<meta property=\"og:url\" content=\"https:\/\/vannangvn.123websitedev.com\/en\/product\/tu-phun-muoi-kiem-tra-an-mon-cofomegra-model-corrosionbox\/\" \/>\n<meta property=\"og:site_name\" content=\"Vannang.vn\" \/>\n<meta property=\"article:modified_time\" content=\"2026-03-30T12:00:31+00:00\" \/>\n<meta property=\"og:image\" content=\"http:\/\/vannangvn.123websitedev.com\/wp-content\/uploads\/2026\/03\/Tu-Phun-Muoi-Kiem-Tra-An-Mon-Cyclic-Corrosion-Chamber-Cofomegra-Model-CORROSIONBOX-768x576-copy.jpg\" \/>\n\t<meta property=\"og:image:width\" content=\"768\" \/>\n\t<meta property=\"og:image:height\" content=\"576\" \/>\n\t<meta property=\"og:image:type\" content=\"image\/jpeg\" \/>\n<meta name=\"twitter:card\" content=\"summary_large_image\" \/>\n<meta name=\"twitter:label1\" content=\"Est. reading time\" \/>\n\t<meta name=\"twitter:data1\" content=\"4 minutes\" \/>\n<script type=\"application\/ld+json\" class=\"yoast-schema-graph\">{\"@context\":\"https:\/\/schema.org\",\"@graph\":[{\"@type\":\"WebPage\",\"@id\":\"https:\/\/vannangvn.123websitedev.com\/san-pham\/tu-phun-muoi-kiem-tra-an-mon-cofomegra-model-corrosionbox\/\",\"url\":\"https:\/\/vannangvn.123websitedev.com\/san-pham\/tu-phun-muoi-kiem-tra-an-mon-cofomegra-model-corrosionbox\/\",\"name\":\"T\u1ee6 PHUN MU\u1ed0I KI\u1ec2M TRA \u0102N M\u00d2N COFOME... ch\u00ednh h\u00e3ng | V\u1ea1n N\u0103ng\",\"isPartOf\":{\"@id\":\"https:\/\/vannangvn.123websitedev.com\/#website\"},\"primaryImageOfPage\":{\"@id\":\"https:\/\/vannangvn.123websitedev.com\/san-pham\/tu-phun-muoi-kiem-tra-an-mon-cofomegra-model-corrosionbox\/#primaryimage\"},\"image\":{\"@id\":\"https:\/\/vannangvn.123websitedev.com\/san-pham\/tu-phun-muoi-kiem-tra-an-mon-cofomegra-model-corrosionbox\/#primaryimage\"},\"thumbnailUrl\":\"https:\/\/vannangvn.123websitedev.com\/wp-content\/uploads\/2026\/03\/Tu-Phun-Muoi-Kiem-Tra-An-Mon-Cyclic-Corrosion-Chamber-Cofomegra-Model-CORROSIONBOX-768x576-copy.jpg\",\"datePublished\":\"2026-03-20T12:18:12+00:00\",\"dateModified\":\"2026-03-30T12:00:31+00:00\",\"description\":\"Mua ngay T\u1ee6 PHUN MU\u1ed0I KI\u1ec2M TRA \u0102N M\u00d2N COFOMEGRA MODEL CORROSIONBOX ch\u00ednh h\u00e3ng. CORROSIONBOX thi\u1ebft b\u1ecb ki\u1ec3m tra \u0103n m\u00f2n gi\u00fap \u0111\u00e1nh gi\u00e1... Gi\u00e1 t\u1ed1t!\",\"breadcrumb\":{\"@id\":\"https:\/\/vannangvn.123websitedev.com\/san-pham\/tu-phun-muoi-kiem-tra-an-mon-cofomegra-model-corrosionbox\/#breadcrumb\"},\"inLanguage\":\"en-US\",\"potentialAction\":[{\"@type\":\"ReadAction\",\"target\":[\"https:\/\/vannangvn.123websitedev.com\/san-pham\/tu-phun-muoi-kiem-tra-an-mon-cofomegra-model-corrosionbox\/\"]}]},{\"@type\":\"ImageObject\",\"inLanguage\":\"en-US\",\"@id\":\"https:\/\/vannangvn.123websitedev.com\/san-pham\/tu-phun-muoi-kiem-tra-an-mon-cofomegra-model-corrosionbox\/#primaryimage\",\"url\":\"https:\/\/vannangvn.123websitedev.com\/wp-content\/uploads\/2026\/03\/Tu-Phun-Muoi-Kiem-Tra-An-Mon-Cyclic-Corrosion-Chamber-Cofomegra-Model-CORROSIONBOX-768x576-copy.jpg\",\"contentUrl\":\"https:\/\/vannangvn.123websitedev.com\/wp-content\/uploads\/2026\/03\/Tu-Phun-Muoi-Kiem-Tra-An-Mon-Cyclic-Corrosion-Chamber-Cofomegra-Model-CORROSIONBOX-768x576-copy.jpg\",\"width\":768,\"height\":576},{\"@type\":\"BreadcrumbList\",\"@id\":\"https:\/\/vannangvn.123websitedev.com\/san-pham\/tu-phun-muoi-kiem-tra-an-mon-cofomegra-model-corrosionbox\/#breadcrumb\",\"itemListElement\":[{\"@type\":\"ListItem\",\"position\":1,\"name\":\"Trang ch\u1ee7\",\"item\":\"https:\/\/vannangvn.123websitedev.com\/\"},{\"@type\":\"ListItem\",\"position\":2,\"name\":\"S\u1ea3n ph\u1ea9m\",\"item\":\"https:\/\/vannangvn.123websitedev.com\/cua-hang\/\"},{\"@type\":\"ListItem\",\"position\":3,\"name\":\"T\u1ee6 PHUN MU\u1ed0I KI\u1ec2M TRA \u0102N M\u00d2N COFOMEGRA MODEL CORROSIONBOX\"}]},{\"@type\":\"WebSite\",\"@id\":\"https:\/\/vannangvn.123websitedev.com\/#website\",\"url\":\"https:\/\/vannangvn.123websitedev.com\/\",\"name\":\"Vannang.vn\",\"description\":\"\",\"publisher\":{\"@id\":\"https:\/\/vannangvn.123websitedev.com\/#organization\"},\"potentialAction\":[{\"@type\":\"SearchAction\",\"target\":{\"@type\":\"EntryPoint\",\"urlTemplate\":\"https:\/\/vannangvn.123websitedev.com\/?s={search_term_string}\"},\"query-input\":{\"@type\":\"PropertyValueSpecification\",\"valueRequired\":true,\"valueName\":\"search_term_string\"}}],\"inLanguage\":\"en-US\"},{\"@type\":\"Organization\",\"@id\":\"https:\/\/vannangvn.123websitedev.com\/#organization\",\"name\":\"Vannang.vn\",\"url\":\"https:\/\/vannangvn.123websitedev.com\/\",\"logo\":{\"@type\":\"ImageObject\",\"inLanguage\":\"en-US\",\"@id\":\"https:\/\/vannangvn.123websitedev.com\/#\/schema\/logo\/image\/\",\"url\":\"https:\/\/vannangvn.123websitedev.com\/wp-content\/uploads\/2026\/02\/logo-van-nang-02.png\",\"contentUrl\":\"https:\/\/vannangvn.123websitedev.com\/wp-content\/uploads\/2026\/02\/logo-van-nang-02.png\",\"width\":448,\"height\":111,\"caption\":\"Vannang.vn\"},\"image\":{\"@id\":\"https:\/\/vannangvn.123websitedev.com\/#\/schema\/logo\/image\/\"}}]}<\/script>\n<!-- \/ Yoast SEO Premium plugin. -->","yoast_head_json":{"title":"T\u1ee6 PHUN MU\u1ed0I KI\u1ec2M TRA \u0102N M\u00d2N COFOME... ch\u00ednh h\u00e3ng | V\u1ea1n N\u0103ng","description":"Mua ngay T\u1ee6 PHUN MU\u1ed0I KI\u1ec2M TRA \u0102N M\u00d2N COFOMEGRA MODEL CORROSIONBOX ch\u00ednh h\u00e3ng. CORROSIONBOX thi\u1ebft b\u1ecb ki\u1ec3m tra \u0103n m\u00f2n gi\u00fap \u0111\u00e1nh gi\u00e1... Gi\u00e1 t\u1ed1t!","robots":{"index":"noindex","follow":"follow","max-snippet":"max-snippet:-1","max-image-preview":"max-image-preview:large","max-video-preview":"max-video-preview:-1"},"og_locale":"en_US","og_type":"article","og_title":"T\u1ee6 PHUN MU\u1ed0I KI\u1ec2M TRA \u0102N M\u00d2N COFOMEGRA MODEL CORROSIONBOX","og_description":"Mua ngay T\u1ee6 PHUN MU\u1ed0I KI\u1ec2M TRA \u0102N M\u00d2N COFOMEGRA MODEL CORROSIONBOX ch\u00ednh h\u00e3ng. CORROSIONBOX thi\u1ebft b\u1ecb ki\u1ec3m tra \u0103n m\u00f2n gi\u00fap \u0111\u00e1nh gi\u00e1... Gi\u00e1 t\u1ed1t!","og_url":"https:\/\/vannangvn.123websitedev.com\/en\/product\/tu-phun-muoi-kiem-tra-an-mon-cofomegra-model-corrosionbox\/","og_site_name":"Vannang.vn","article_modified_time":"2026-03-30T12:00:31+00:00","og_image":[{"width":768,"height":576,"url":"http:\/\/vannangvn.123websitedev.com\/wp-content\/uploads\/2026\/03\/Tu-Phun-Muoi-Kiem-Tra-An-Mon-Cyclic-Corrosion-Chamber-Cofomegra-Model-CORROSIONBOX-768x576-copy.jpg","type":"image\/jpeg"}],"twitter_card":"summary_large_image","twitter_misc":{"Est. reading time":"4 minutes"},"schema":{"@context":"https:\/\/schema.org","@graph":[{"@type":"WebPage","@id":"https:\/\/vannangvn.123websitedev.com\/san-pham\/tu-phun-muoi-kiem-tra-an-mon-cofomegra-model-corrosionbox\/","url":"https:\/\/vannangvn.123websitedev.com\/san-pham\/tu-phun-muoi-kiem-tra-an-mon-cofomegra-model-corrosionbox\/","name":"T\u1ee6 PHUN MU\u1ed0I KI\u1ec2M TRA \u0102N M\u00d2N COFOME... ch\u00ednh h\u00e3ng | V\u1ea1n N\u0103ng","isPartOf":{"@id":"https:\/\/vannangvn.123websitedev.com\/#website"},"primaryImageOfPage":{"@id":"https:\/\/vannangvn.123websitedev.com\/san-pham\/tu-phun-muoi-kiem-tra-an-mon-cofomegra-model-corrosionbox\/#primaryimage"},"image":{"@id":"https:\/\/vannangvn.123websitedev.com\/san-pham\/tu-phun-muoi-kiem-tra-an-mon-cofomegra-model-corrosionbox\/#primaryimage"},"thumbnailUrl":"https:\/\/vannangvn.123websitedev.com\/wp-content\/uploads\/2026\/03\/Tu-Phun-Muoi-Kiem-Tra-An-Mon-Cyclic-Corrosion-Chamber-Cofomegra-Model-CORROSIONBOX-768x576-copy.jpg","datePublished":"2026-03-20T12:18:12+00:00","dateModified":"2026-03-30T12:00:31+00:00","description":"Mua ngay T\u1ee6 PHUN MU\u1ed0I KI\u1ec2M TRA \u0102N M\u00d2N COFOMEGRA MODEL CORROSIONBOX ch\u00ednh h\u00e3ng. CORROSIONBOX thi\u1ebft b\u1ecb ki\u1ec3m tra \u0103n m\u00f2n gi\u00fap \u0111\u00e1nh gi\u00e1... Gi\u00e1 t\u1ed1t!","breadcrumb":{"@id":"https:\/\/vannangvn.123websitedev.com\/san-pham\/tu-phun-muoi-kiem-tra-an-mon-cofomegra-model-corrosionbox\/#breadcrumb"},"inLanguage":"en-US","potentialAction":[{"@type":"ReadAction","target":["https:\/\/vannangvn.123websitedev.com\/san-pham\/tu-phun-muoi-kiem-tra-an-mon-cofomegra-model-corrosionbox\/"]}]},{"@type":"ImageObject","inLanguage":"en-US","@id":"https:\/\/vannangvn.123websitedev.com\/san-pham\/tu-phun-muoi-kiem-tra-an-mon-cofomegra-model-corrosionbox\/#primaryimage","url":"https:\/\/vannangvn.123websitedev.com\/wp-content\/uploads\/2026\/03\/Tu-Phun-Muoi-Kiem-Tra-An-Mon-Cyclic-Corrosion-Chamber-Cofomegra-Model-CORROSIONBOX-768x576-copy.jpg","contentUrl":"https:\/\/vannangvn.123websitedev.com\/wp-content\/uploads\/2026\/03\/Tu-Phun-Muoi-Kiem-Tra-An-Mon-Cyclic-Corrosion-Chamber-Cofomegra-Model-CORROSIONBOX-768x576-copy.jpg","width":768,"height":576},{"@type":"BreadcrumbList","@id":"https:\/\/vannangvn.123websitedev.com\/san-pham\/tu-phun-muoi-kiem-tra-an-mon-cofomegra-model-corrosionbox\/#breadcrumb","itemListElement":[{"@type":"ListItem","position":1,"name":"Trang ch\u1ee7","item":"https:\/\/vannangvn.123websitedev.com\/"},{"@type":"ListItem","position":2,"name":"S\u1ea3n ph\u1ea9m","item":"https:\/\/vannangvn.123websitedev.com\/cua-hang\/"},{"@type":"ListItem","position":3,"name":"T\u1ee6 PHUN MU\u1ed0I KI\u1ec2M TRA \u0102N M\u00d2N COFOMEGRA MODEL CORROSIONBOX"}]},{"@type":"WebSite","@id":"https:\/\/vannangvn.123websitedev.com\/#website","url":"https:\/\/vannangvn.123websitedev.com\/","name":"Vannang.vn","description":"","publisher":{"@id":"https:\/\/vannangvn.123websitedev.com\/#organization"},"potentialAction":[{"@type":"SearchAction","target":{"@type":"EntryPoint","urlTemplate":"https:\/\/vannangvn.123websitedev.com\/?s={search_term_string}"},"query-input":{"@type":"PropertyValueSpecification","valueRequired":true,"valueName":"search_term_string"}}],"inLanguage":"en-US"},{"@type":"Organization","@id":"https:\/\/vannangvn.123websitedev.com\/#organization","name":"Vannang.vn","url":"https:\/\/vannangvn.123websitedev.com\/","logo":{"@type":"ImageObject","inLanguage":"en-US","@id":"https:\/\/vannangvn.123websitedev.com\/#\/schema\/logo\/image\/","url":"https:\/\/vannangvn.123websitedev.com\/wp-content\/uploads\/2026\/02\/logo-van-nang-02.png","contentUrl":"https:\/\/vannangvn.123websitedev.com\/wp-content\/uploads\/2026\/02\/logo-van-nang-02.png","width":448,"height":111,"caption":"Vannang.vn"},"image":{"@id":"https:\/\/vannangvn.123websitedev.com\/#\/schema\/logo\/image\/"}}]}},"_links":{"self":[{"href":"https:\/\/vannangvn.123websitedev.com\/en\/wp-json\/wp\/v2\/product\/8173","targetHints":{"allow":["GET"]}}],"collection":[{"href":"https:\/\/vannangvn.123websitedev.com\/en\/wp-json\/wp\/v2\/product"}],"about":[{"href":"https:\/\/vannangvn.123websitedev.com\/en\/wp-json\/wp\/v2\/types\/product"}],"replies":[{"embeddable":true,"href":"https:\/\/vannangvn.123websitedev.com\/en\/wp-json\/wp\/v2\/comments?post=8173"}],"wp:featuredmedia":[{"embeddable":true,"href":"https:\/\/vannangvn.123websitedev.com\/en\/wp-json\/wp\/v2\/media\/8955"}],"wp:attachment":[{"href":"https:\/\/vannangvn.123websitedev.com\/en\/wp-json\/wp\/v2\/media?parent=8173"}],"wp:term":[{"taxonomy":"product_brand","embeddable":true,"href":"https:\/\/vannangvn.123websitedev.com\/en\/wp-json\/wp\/v2\/product_brand?post=8173"},{"taxonomy":"product_cat","embeddable":true,"href":"https:\/\/vannangvn.123websitedev.com\/en\/wp-json\/wp\/v2\/product_cat?post=8173"},{"taxonomy":"product_tag","embeddable":true,"href":"https:\/\/vannangvn.123websitedev.com\/en\/wp-json\/wp\/v2\/product_tag?post=8173"}],"curies":[{"name":"wp","href":"https:\/\/api.w.org\/{rel}","templated":true}]}}