{"id":8180,"date":"2026-03-20T19:18:21","date_gmt":"2026-03-20T12:18:21","guid":{"rendered":"https:\/\/vannangvn.123websitedev.com\/san-pham\/tu-phun-muoi-linpin-model-alternating-salt-spray\/"},"modified":"2026-03-30T19:00:40","modified_gmt":"2026-03-30T12:00:40","slug":"tu-phun-muoi-linpin-model-alternating-salt-spray","status":"publish","type":"product","link":"https:\/\/vannangvn.123websitedev.com\/en\/product\/tu-phun-muoi-linpin-model-alternating-salt-spray\/","title":{"rendered":"T\u1ee6 PHUN MU\u1ed0I LINPIN MODEL ALTERNATING SALT SPRAY"},"content":{"rendered":"<h1 style=\"color: red; font-weight: bold; font-size: 24px;\">T&#7893;ng quan s&#7843;n ph&#7849;m T&#7910; PHUN MU&#7888;I LINPIN MODEL ALTERNATING SALT SPRAY<p>T&#7911; Phun Mu&#7889;i (Salt Spray Corrosion Test Chamber) Linpin Model Alternating Salt Spray<\/p><p>Alternating Salt Spray<br>\nLinpin Alternating Salt Spray &#273;&#432;&#7907;c thi&#7871;t k&#7871; &#273;&#7875; &#273;&aacute;nh gi&aacute; kh&#7843; n&#259;ng ch&#7889;ng &#259;n m&ograve;n mu&#7889;i c&#7911;a s&#7843;n ph&#7849;m th&ocirc;ng qua vi&#7879;c ki&#7875;m tra v&#7853;t li&#7879;u, l&#7899;p ph&#7911; b&#7843;o v&#7879; v&agrave; so s&aacute;nh ch&#7845;t l&#432;&#7907;ng v&#7899;i c&aacute;c lo&#7841;i l&#7899;p b&#7843;o v&#7879; t&#432;&#417;ng t&#7921;. Thi&#7871;t b&#7883; &#273;&#432;&#7907;c &#7913;ng d&#7909;ng r&#7897;ng r&atilde;i trong ki&#7875;m tra l&#7899;p ph&#7911; c&#7911;a linh ki&#7879;n, thi&#7871;t b&#7883; &#273;i&#7879;n t&#7917;, kim lo&#7841;i v&agrave; c&aacute;c s&#7843;n ph&#7849;m c&ocirc;ng nghi&#7879;p, &#273;&#7843;m b&#7843;o &#273;&aacute;nh gi&aacute; ch&iacute;nh x&aacute;c kh&#7843; n&#259;ng ch&#7883;u &#273;&#7921;ng c&#7911;a s&#7843;n ph&#7849;m tr&#432;&#7899;c m&ocirc;i tr&#432;&#7901;ng &#259;n m&ograve;n.<br>\nThi&#7871;t k&#7871; b&#7873;n b&#7881; &ndash; Kh&#7843; n&#259;ng ch&#7889;ng &#259;n m&ograve;n v&#432;&#7907;t tr&#7897;i<\/p><p>To&agrave;n b&#7897; bu&#7891;ng th&#7917; &#273;&#432;&#7907;c ch&#7871; t&#7841;o t&#7915; t&#7845;m nh&#7921;a PVC c&#7913;ng nh&#7853;p kh&#7849;u, b&#7873; m&#7863;t m&#7883;n, ph&#7859;ng, ch&#7889;ng l&atilde;o h&oacute;a, ch&#7889;ng &#259;n m&ograve;n, d&#7877; d&agrave;ng v&#7879; sinh v&agrave; kh&ocirc;ng b&#7883; r&ograve; r&#7881;.<br>\nKh&ocirc;ng g&#7863;p t&igrave;nh tr&#7841;ng bay m&agrave;u theo th&#7901;i gian nh&#432; v&#7853;t li&#7879;u GRP truy&#7873;n th&#7889;ng.<br>\nN&#7855;p bu&#7891;ng trong su&#7889;t, l&agrave;m t&#7915; t&#7845;m nh&#7921;a ch&#7889;ng va &#273;&#7853;p, gi&uacute;p d&#7877; d&agrave;ng quan s&aacute;t m&#7851;u th&#7917; trong su&#7889;t qu&aacute; tr&igrave;nh ki&#7875;m tra.<\/p><p>Thi&#7871;t k&#7871; th&acirc;n thi&#7879;n &ndash; V&#7853;n h&agrave;nh &#7893;n &#273;&#7883;nh<\/p><p>S&#7917; d&#7909;ng t&#7845;m PVC k&iacute;ch th&#432;&#7899;c l&#7899;n, gi&uacute;p duy tr&igrave; l&#432;&#7907;ng dung d&#7883;ch mu&#7889;i &#273;&#7911; d&ugrave;ng, tr&aacute;nh gi&aacute;n &#273;o&#7841;n th&#7917; nghi&#7879;m do thi&#7871;u dung d&#7883;ch.<br>\nH&#7879; th&#7889;ng &#273;&#432;&#7901;ng &#7889;ng &#273;&#432;&#7907;c l&agrave;m t&#7915; &#7889;ng cao su silicon v&agrave; fluor d&agrave;y, c&oacute; kh&#7843; n&#259;ng ch&#7889;ng l&atilde;o h&oacute;a, kh&ocirc;ng n&#7913;t g&atilde;y, tu&#7893;i th&#7885; l&ecirc;n &#273;&#7871;n 15 n&#259;m.<\/p><p>&#272;a ch&#7913;c n&#259;ng &ndash; &#272;&aacute;p &#7913;ng nhi&#7873;u ph&#432;&#417;ng ph&aacute;p ki&#7875;m tra<br>\nH&#7895; tr&#7907; &#273;a d&#7841;ng ph&#432;&#417;ng ph&aacute;p:<\/p><p>Neutral Salt Spray Test (NSS)<br>\nSalt Spray Test (SS)<br>\nAcetic Acid Salt Spray Test (ASS)<br>\nCopper Accelerated Test<br>\nTh&#7917; nghi&#7879;m nhi&#7879;t &#7849;m cao<\/p><p>C&oacute; kh&#7843; n&#259;ng l&#7853;p tr&igrave;nh linh ho&#7841;t, d&#7877; d&agrave;ng &#273;i&#7873;u ch&#7881;nh &#273;&#7875; ph&ugrave; h&#7907;p nhi&#7873;u ti&ecirc;u chu&#7849;n ki&#7875;m tra kh&aacute;c nhau.<br>\nCh&#7913;ng nh&#7853;n v&agrave; ti&ecirc;u chu&#7849;n qu&#7889;c t&#7871;<\/p><p>Ch&#7913;ng nh&#7853;n ch&#7845;t l&#432;&#7907;ng: ISO 9001:2000, ISO 14001:2004<br>\nTu&acirc;n th&#7911; c&aacute;c ti&ecirc;u chu&#7849;n: GB\/T 2423.17-2008, GB\/T 2423.18-2000, GB\/T 10125-1997, GB\/T 10587-2006, GB 10593.2-1990, GB\/T 1765-1979, GB\/T 1771-2007, GB\/T 12967.3-2008, GB\/T 5170.8-2008, v&agrave; c&aacute;c ti&ecirc;u chu&#7849;n qu&#7889;c t&#7871; IEC, MIL, DIN, ASTM t&#432;&#417;ng &#273;&#432;&#417;ng.<\/p><p>Linpin Salt Spray Corrosion Test Chamber l&agrave; l&#7921;a ch&#7885;n &#273;&aacute;ng tin c&#7853;y cho c&aacute;c ph&ograve;ng th&iacute; nghi&#7879;m v&agrave; nh&agrave; s&#7843;n xu&#7845;t c&#7847;n &#273;&aacute;nh gi&aacute; &#273;&#7897; b&#7873;n &#259;n m&ograve;n v&agrave; tu&#7893;i th&#7885; s&#7843;n ph&#7849;m, v&#7899;i thi&#7871;t k&#7871; hi&#7879;n &#273;&#7841;i, kh&#7843; n&#259;ng ch&#7889;ng &#259;n m&ograve;n cao v&agrave; hi&#7879;u su&#7845;t th&#7917; nghi&#7879;m ch&iacute;nh x&aacute;c, &#7893;n &#273;&#7883;nh. H&atilde;y li&ecirc;n h&#7879; v&#7899;i V&#7841;n N&#259;ng Company ngay &#273;&#7875; &#273;&#432;&#7907;c t&#432; v&#7845;n chuy&ecirc;n s&acirc;u v&agrave; nh&#7853;n c&aacute;c &#432;u &#273;&atilde;i h&#7845;p d&#7851;n nh&#7845;t th&ocirc;ng qua hotline\/zalo: <a href=\"https:\/\/zalo.me\/0903991335\" target=\"_blank\" rel=\"noopener\" style=\"color: #059669; font-weight: bold; text-decoration: none;\">0903 991 335<\/a>!<\/p><div style=\"background-color: #f8fafc; border: 1px solid #e2e8f0; border-radius: 8px; padding: 25px; max-width: 800px; margin: 30px auto; color: #334155; line-height: 1.8; font-size: 17px; box-shadow: 0 4px 6px -1px rgba(0,0,0,0.05); text-align: left; clear: both;\">\nC&ocirc;ng ty TNHH Th&#432;&#417;ng M&#7841;i D&#7883;ch V&#7909; Thi&#7871;t B&#7883; C&ocirc;ng Ngh&#7879; V&#7841;n N&#259;ng\n<p style=\"margin: 0 0 10px 0;\">&#128205; <strong style=\"color: #1e293b;\">&#272;&#7883;a ch&#7881;:<\/strong> <a style=\"color: #059669; text-decoration: none; font-weight: bold;\" href=\"https:\/\/www.google.com\/maps\/search\/C%C3%B4ng+ty+TNHH+Th%C6%B0%C6%A1ng+M%E1%BA%A1i+D%E1%BB%8Bch+V%E1%BB%A5+Thi%E1%BA%BFt+B%E1%BB%8B+C%C3%B4ng+Ngh%E1%BB%87+V%E1%BA%A1n+N%C4%83ng+818+Tr%C6%B0%E1%BB%9Dng+Chinh\" target=\"_blank\" rel=\"noopener\">818 Tr&#432;&#7901;ng Chinh, Ph&#432;&#7901;ng T&acirc;n S&#417;n, Th&agrave;nh ph&#7889; H&#7891; Ch&iacute; Minh, Vi&#7879;t Nam<\/a><\/p>\n<p style=\"margin: 0 0 10px 0;\">&#128222; <strong style=\"color: #1e293b;\">S&#272;T &ndash; Zalo:<\/strong> <a style=\"color: #059669; text-decoration: none; font-weight: bold;\" href=\"https:\/\/zalo.me\/0903991335\" target=\"_blank\" rel=\"noopener\">0903 991 335<\/a> <span style=\"color: #64748b; font-style: italic;\">(Ms. H&#7841;nh &ndash; Gi&aacute;m &#272;&#7889;c Kinh Doanh)<\/span><\/p>\n<p style=\"margin: 0;\">&#9993;&#65039; <strong style=\"color: #1e293b;\">Email:<\/strong> <a style=\"color: #059669; text-decoration: none; font-weight: bold;\" href=\"mailto:hienhanh@vannangvn.com\">hienhanh@vannangvn.com<\/a><\/p>\n<\/div><\/h1>","protected":false},"excerpt":{"rendered":"<p><strong>Th&#432;&#417;ng hi&#7879;u:<\/strong> Linpin<br>\n<strong>Model:<\/strong> Alternating Salt Spray<p>Product <strong>T&#7910; PHUN MU&#7888;I LINPIN MODEL ALTERNATING SALT SPRAY<\/strong> ch&iacute;nh h&atilde;ng. Linpin (China)<br>\nT&#7911; Phun Mu&#7889;i Linpin Alternating Salt Spray &#273;&aacute;nh gi&aacute; kh&#7843; n&#259;ng ch&#7889;ng &#259;n m&ograve;n c&#7911;a v&#7853;t li&#7879;u, l&#7899;p ph&#7911;. V&#7887; PVC ch&#7889;ng l&atilde;o h&oacute;a\/&#259;n m&ograve;n, n&#7855;p trong su&#7889;t, &#7889;ng cao su fluor b&#7873;n b&#7881;, &#273;&#7843;m b&#7843;o &#273;&#7897; tin c&#7853;y cao.<\/p><\/p>","protected":false},"featured_media":8964,"comment_status":"open","ping_status":"closed","template":"","meta":[],"product_brand":[],"product_cat":[18],"product_tag":[162,250,388,507,3431,3744,3745,116],"class_list":{"0":"post-8180","1":"product","2":"type-product","3":"status-publish","4":"has-post-thumbnail","6":"product_cat-chua-phan-loai","7":"product_tag-tu","8":"product_tag-phun","9":"product_tag-muoi","10":"product_tag-linpin","11":"product_tag-spray","12":"product_tag-alternating","13":"product_tag-salt","14":"product_tag-model","16":"first","17":"instock","18":"shipping-taxable","19":"product-type-simple"},"yoast_head":"<!-- This site is optimized with the Yoast SEO Premium plugin v24.8 (Yoast SEO v24.8) - https:\/\/yoast.com\/wordpress\/plugins\/seo\/ -->\n<title>T\u1ee6 PHUN MU\u1ed0I LINPIN MODEL ALTERNATI... ch\u00ednh h\u00e3ng | V\u1ea1n N\u0103ng<\/title>\n<meta name=\"description\" content=\"Mua ngay T\u1ee6 PHUN MU\u1ed0I LINPIN MODEL ALTERNATING SALT SPRAY ch\u00ednh h\u00e3ng. T\u1ee7 Phun Mu\u1ed1i Linpin Alternating Salt Spray \u0111\u00e1nh gi\u00e1 kh\u1ea3 n\u0103ng... Gi\u00e1 t\u1ed1t!\" \/>\n<meta name=\"robots\" content=\"noindex, follow, max-snippet:-1, max-image-preview:large, max-video-preview:-1\" \/>\n<meta property=\"og:locale\" content=\"en_US\" \/>\n<meta property=\"og:type\" content=\"article\" \/>\n<meta property=\"og:title\" content=\"T\u1ee6 PHUN MU\u1ed0I LINPIN MODEL ALTERNATING SALT SPRAY\" \/>\n<meta property=\"og:description\" content=\"Mua ngay T\u1ee6 PHUN MU\u1ed0I LINPIN MODEL ALTERNATING SALT SPRAY ch\u00ednh h\u00e3ng. T\u1ee7 Phun Mu\u1ed1i Linpin Alternating Salt Spray \u0111\u00e1nh gi\u00e1 kh\u1ea3 n\u0103ng... Gi\u00e1 t\u1ed1t!\" \/>\n<meta property=\"og:url\" content=\"https:\/\/vannangvn.123websitedev.com\/en\/product\/tu-phun-muoi-linpin-model-alternating-salt-spray\/\" \/>\n<meta property=\"og:site_name\" content=\"Vannang.vn\" \/>\n<meta property=\"article:modified_time\" content=\"2026-03-30T12:00:40+00:00\" \/>\n<meta property=\"og:image\" content=\"http:\/\/vannangvn.123websitedev.com\/wp-content\/uploads\/2026\/03\/Tu-Phun-Muoi-Salt-Spray-Corrosion-Test-Chamber-Linpin-Model-Alternating-Salt-Spray-768x576-copy.jpg\" \/>\n\t<meta property=\"og:image:width\" content=\"768\" \/>\n\t<meta property=\"og:image:height\" content=\"576\" \/>\n\t<meta property=\"og:image:type\" content=\"image\/jpeg\" \/>\n<meta name=\"twitter:card\" content=\"summary_large_image\" \/>\n<meta name=\"twitter:label1\" content=\"Est. reading time\" \/>\n\t<meta name=\"twitter:data1\" content=\"4 minutes\" \/>\n<script type=\"application\/ld+json\" class=\"yoast-schema-graph\">{\"@context\":\"https:\/\/schema.org\",\"@graph\":[{\"@type\":\"WebPage\",\"@id\":\"https:\/\/vannangvn.123websitedev.com\/san-pham\/tu-phun-muoi-linpin-model-alternating-salt-spray\/\",\"url\":\"https:\/\/vannangvn.123websitedev.com\/san-pham\/tu-phun-muoi-linpin-model-alternating-salt-spray\/\",\"name\":\"T\u1ee6 PHUN MU\u1ed0I LINPIN MODEL ALTERNATI... ch\u00ednh h\u00e3ng | V\u1ea1n N\u0103ng\",\"isPartOf\":{\"@id\":\"https:\/\/vannangvn.123websitedev.com\/#website\"},\"primaryImageOfPage\":{\"@id\":\"https:\/\/vannangvn.123websitedev.com\/san-pham\/tu-phun-muoi-linpin-model-alternating-salt-spray\/#primaryimage\"},\"image\":{\"@id\":\"https:\/\/vannangvn.123websitedev.com\/san-pham\/tu-phun-muoi-linpin-model-alternating-salt-spray\/#primaryimage\"},\"thumbnailUrl\":\"https:\/\/vannangvn.123websitedev.com\/wp-content\/uploads\/2026\/03\/Tu-Phun-Muoi-Salt-Spray-Corrosion-Test-Chamber-Linpin-Model-Alternating-Salt-Spray-768x576-copy.jpg\",\"datePublished\":\"2026-03-20T12:18:21+00:00\",\"dateModified\":\"2026-03-30T12:00:40+00:00\",\"description\":\"Mua ngay T\u1ee6 PHUN MU\u1ed0I LINPIN MODEL ALTERNATING SALT SPRAY ch\u00ednh h\u00e3ng. T\u1ee7 Phun Mu\u1ed1i Linpin Alternating Salt Spray \u0111\u00e1nh gi\u00e1 kh\u1ea3 n\u0103ng... Gi\u00e1 t\u1ed1t!\",\"breadcrumb\":{\"@id\":\"https:\/\/vannangvn.123websitedev.com\/san-pham\/tu-phun-muoi-linpin-model-alternating-salt-spray\/#breadcrumb\"},\"inLanguage\":\"en-US\",\"potentialAction\":[{\"@type\":\"ReadAction\",\"target\":[\"https:\/\/vannangvn.123websitedev.com\/san-pham\/tu-phun-muoi-linpin-model-alternating-salt-spray\/\"]}]},{\"@type\":\"ImageObject\",\"inLanguage\":\"en-US\",\"@id\":\"https:\/\/vannangvn.123websitedev.com\/san-pham\/tu-phun-muoi-linpin-model-alternating-salt-spray\/#primaryimage\",\"url\":\"https:\/\/vannangvn.123websitedev.com\/wp-content\/uploads\/2026\/03\/Tu-Phun-Muoi-Salt-Spray-Corrosion-Test-Chamber-Linpin-Model-Alternating-Salt-Spray-768x576-copy.jpg\",\"contentUrl\":\"https:\/\/vannangvn.123websitedev.com\/wp-content\/uploads\/2026\/03\/Tu-Phun-Muoi-Salt-Spray-Corrosion-Test-Chamber-Linpin-Model-Alternating-Salt-Spray-768x576-copy.jpg\",\"width\":768,\"height\":576},{\"@type\":\"BreadcrumbList\",\"@id\":\"https:\/\/vannangvn.123websitedev.com\/san-pham\/tu-phun-muoi-linpin-model-alternating-salt-spray\/#breadcrumb\",\"itemListElement\":[{\"@type\":\"ListItem\",\"position\":1,\"name\":\"Trang ch\u1ee7\",\"item\":\"https:\/\/vannangvn.123websitedev.com\/\"},{\"@type\":\"ListItem\",\"position\":2,\"name\":\"S\u1ea3n ph\u1ea9m\",\"item\":\"https:\/\/vannangvn.123websitedev.com\/cua-hang\/\"},{\"@type\":\"ListItem\",\"position\":3,\"name\":\"T\u1ee6 PHUN MU\u1ed0I LINPIN MODEL ALTERNATING SALT SPRAY\"}]},{\"@type\":\"WebSite\",\"@id\":\"https:\/\/vannangvn.123websitedev.com\/#website\",\"url\":\"https:\/\/vannangvn.123websitedev.com\/\",\"name\":\"Vannang.vn\",\"description\":\"\",\"publisher\":{\"@id\":\"https:\/\/vannangvn.123websitedev.com\/#organization\"},\"potentialAction\":[{\"@type\":\"SearchAction\",\"target\":{\"@type\":\"EntryPoint\",\"urlTemplate\":\"https:\/\/vannangvn.123websitedev.com\/?s={search_term_string}\"},\"query-input\":{\"@type\":\"PropertyValueSpecification\",\"valueRequired\":true,\"valueName\":\"search_term_string\"}}],\"inLanguage\":\"en-US\"},{\"@type\":\"Organization\",\"@id\":\"https:\/\/vannangvn.123websitedev.com\/#organization\",\"name\":\"Vannang.vn\",\"url\":\"https:\/\/vannangvn.123websitedev.com\/\",\"logo\":{\"@type\":\"ImageObject\",\"inLanguage\":\"en-US\",\"@id\":\"https:\/\/vannangvn.123websitedev.com\/#\/schema\/logo\/image\/\",\"url\":\"https:\/\/vannangvn.123websitedev.com\/wp-content\/uploads\/2026\/02\/logo-van-nang-02.png\",\"contentUrl\":\"https:\/\/vannangvn.123websitedev.com\/wp-content\/uploads\/2026\/02\/logo-van-nang-02.png\",\"width\":448,\"height\":111,\"caption\":\"Vannang.vn\"},\"image\":{\"@id\":\"https:\/\/vannangvn.123websitedev.com\/#\/schema\/logo\/image\/\"}}]}<\/script>\n<!-- \/ Yoast SEO Premium plugin. -->","yoast_head_json":{"title":"T\u1ee6 PHUN MU\u1ed0I LINPIN MODEL ALTERNATI... ch\u00ednh h\u00e3ng | V\u1ea1n N\u0103ng","description":"Mua ngay T\u1ee6 PHUN MU\u1ed0I LINPIN MODEL ALTERNATING SALT SPRAY ch\u00ednh h\u00e3ng. T\u1ee7 Phun Mu\u1ed1i Linpin Alternating Salt Spray \u0111\u00e1nh gi\u00e1 kh\u1ea3 n\u0103ng... Gi\u00e1 t\u1ed1t!","robots":{"index":"noindex","follow":"follow","max-snippet":"max-snippet:-1","max-image-preview":"max-image-preview:large","max-video-preview":"max-video-preview:-1"},"og_locale":"en_US","og_type":"article","og_title":"T\u1ee6 PHUN MU\u1ed0I LINPIN MODEL ALTERNATING SALT SPRAY","og_description":"Mua ngay T\u1ee6 PHUN MU\u1ed0I LINPIN MODEL ALTERNATING SALT SPRAY ch\u00ednh h\u00e3ng. T\u1ee7 Phun Mu\u1ed1i Linpin Alternating Salt Spray \u0111\u00e1nh gi\u00e1 kh\u1ea3 n\u0103ng... Gi\u00e1 t\u1ed1t!","og_url":"https:\/\/vannangvn.123websitedev.com\/en\/product\/tu-phun-muoi-linpin-model-alternating-salt-spray\/","og_site_name":"Vannang.vn","article_modified_time":"2026-03-30T12:00:40+00:00","og_image":[{"width":768,"height":576,"url":"http:\/\/vannangvn.123websitedev.com\/wp-content\/uploads\/2026\/03\/Tu-Phun-Muoi-Salt-Spray-Corrosion-Test-Chamber-Linpin-Model-Alternating-Salt-Spray-768x576-copy.jpg","type":"image\/jpeg"}],"twitter_card":"summary_large_image","twitter_misc":{"Est. reading time":"4 minutes"},"schema":{"@context":"https:\/\/schema.org","@graph":[{"@type":"WebPage","@id":"https:\/\/vannangvn.123websitedev.com\/san-pham\/tu-phun-muoi-linpin-model-alternating-salt-spray\/","url":"https:\/\/vannangvn.123websitedev.com\/san-pham\/tu-phun-muoi-linpin-model-alternating-salt-spray\/","name":"T\u1ee6 PHUN MU\u1ed0I LINPIN MODEL ALTERNATI... ch\u00ednh h\u00e3ng | V\u1ea1n N\u0103ng","isPartOf":{"@id":"https:\/\/vannangvn.123websitedev.com\/#website"},"primaryImageOfPage":{"@id":"https:\/\/vannangvn.123websitedev.com\/san-pham\/tu-phun-muoi-linpin-model-alternating-salt-spray\/#primaryimage"},"image":{"@id":"https:\/\/vannangvn.123websitedev.com\/san-pham\/tu-phun-muoi-linpin-model-alternating-salt-spray\/#primaryimage"},"thumbnailUrl":"https:\/\/vannangvn.123websitedev.com\/wp-content\/uploads\/2026\/03\/Tu-Phun-Muoi-Salt-Spray-Corrosion-Test-Chamber-Linpin-Model-Alternating-Salt-Spray-768x576-copy.jpg","datePublished":"2026-03-20T12:18:21+00:00","dateModified":"2026-03-30T12:00:40+00:00","description":"Mua ngay T\u1ee6 PHUN MU\u1ed0I LINPIN MODEL ALTERNATING SALT SPRAY ch\u00ednh h\u00e3ng. T\u1ee7 Phun Mu\u1ed1i Linpin Alternating Salt Spray \u0111\u00e1nh gi\u00e1 kh\u1ea3 n\u0103ng... Gi\u00e1 t\u1ed1t!","breadcrumb":{"@id":"https:\/\/vannangvn.123websitedev.com\/san-pham\/tu-phun-muoi-linpin-model-alternating-salt-spray\/#breadcrumb"},"inLanguage":"en-US","potentialAction":[{"@type":"ReadAction","target":["https:\/\/vannangvn.123websitedev.com\/san-pham\/tu-phun-muoi-linpin-model-alternating-salt-spray\/"]}]},{"@type":"ImageObject","inLanguage":"en-US","@id":"https:\/\/vannangvn.123websitedev.com\/san-pham\/tu-phun-muoi-linpin-model-alternating-salt-spray\/#primaryimage","url":"https:\/\/vannangvn.123websitedev.com\/wp-content\/uploads\/2026\/03\/Tu-Phun-Muoi-Salt-Spray-Corrosion-Test-Chamber-Linpin-Model-Alternating-Salt-Spray-768x576-copy.jpg","contentUrl":"https:\/\/vannangvn.123websitedev.com\/wp-content\/uploads\/2026\/03\/Tu-Phun-Muoi-Salt-Spray-Corrosion-Test-Chamber-Linpin-Model-Alternating-Salt-Spray-768x576-copy.jpg","width":768,"height":576},{"@type":"BreadcrumbList","@id":"https:\/\/vannangvn.123websitedev.com\/san-pham\/tu-phun-muoi-linpin-model-alternating-salt-spray\/#breadcrumb","itemListElement":[{"@type":"ListItem","position":1,"name":"Trang ch\u1ee7","item":"https:\/\/vannangvn.123websitedev.com\/"},{"@type":"ListItem","position":2,"name":"S\u1ea3n ph\u1ea9m","item":"https:\/\/vannangvn.123websitedev.com\/cua-hang\/"},{"@type":"ListItem","position":3,"name":"T\u1ee6 PHUN MU\u1ed0I LINPIN MODEL ALTERNATING SALT SPRAY"}]},{"@type":"WebSite","@id":"https:\/\/vannangvn.123websitedev.com\/#website","url":"https:\/\/vannangvn.123websitedev.com\/","name":"Vannang.vn","description":"","publisher":{"@id":"https:\/\/vannangvn.123websitedev.com\/#organization"},"potentialAction":[{"@type":"SearchAction","target":{"@type":"EntryPoint","urlTemplate":"https:\/\/vannangvn.123websitedev.com\/?s={search_term_string}"},"query-input":{"@type":"PropertyValueSpecification","valueRequired":true,"valueName":"search_term_string"}}],"inLanguage":"en-US"},{"@type":"Organization","@id":"https:\/\/vannangvn.123websitedev.com\/#organization","name":"Vannang.vn","url":"https:\/\/vannangvn.123websitedev.com\/","logo":{"@type":"ImageObject","inLanguage":"en-US","@id":"https:\/\/vannangvn.123websitedev.com\/#\/schema\/logo\/image\/","url":"https:\/\/vannangvn.123websitedev.com\/wp-content\/uploads\/2026\/02\/logo-van-nang-02.png","contentUrl":"https:\/\/vannangvn.123websitedev.com\/wp-content\/uploads\/2026\/02\/logo-van-nang-02.png","width":448,"height":111,"caption":"Vannang.vn"},"image":{"@id":"https:\/\/vannangvn.123websitedev.com\/#\/schema\/logo\/image\/"}}]}},"_links":{"self":[{"href":"https:\/\/vannangvn.123websitedev.com\/en\/wp-json\/wp\/v2\/product\/8180","targetHints":{"allow":["GET"]}}],"collection":[{"href":"https:\/\/vannangvn.123websitedev.com\/en\/wp-json\/wp\/v2\/product"}],"about":[{"href":"https:\/\/vannangvn.123websitedev.com\/en\/wp-json\/wp\/v2\/types\/product"}],"replies":[{"embeddable":true,"href":"https:\/\/vannangvn.123websitedev.com\/en\/wp-json\/wp\/v2\/comments?post=8180"}],"wp:featuredmedia":[{"embeddable":true,"href":"https:\/\/vannangvn.123websitedev.com\/en\/wp-json\/wp\/v2\/media\/8964"}],"wp:attachment":[{"href":"https:\/\/vannangvn.123websitedev.com\/en\/wp-json\/wp\/v2\/media?parent=8180"}],"wp:term":[{"taxonomy":"product_brand","embeddable":true,"href":"https:\/\/vannangvn.123websitedev.com\/en\/wp-json\/wp\/v2\/product_brand?post=8180"},{"taxonomy":"product_cat","embeddable":true,"href":"https:\/\/vannangvn.123websitedev.com\/en\/wp-json\/wp\/v2\/product_cat?post=8180"},{"taxonomy":"product_tag","embeddable":true,"href":"https:\/\/vannangvn.123websitedev.com\/en\/wp-json\/wp\/v2\/product_tag?post=8180"}],"curies":[{"name":"wp","href":"https:\/\/api.w.org\/{rel}","templated":true}]}}