{"id":8186,"date":"2026-03-20T19:18:30","date_gmt":"2026-03-20T12:18:30","guid":{"rendered":"https:\/\/vannangvn.123websitedev.com\/san-pham\/tu-phun-muoi-wewon-model-wew-yw-160d\/"},"modified":"2026-03-30T19:00:49","modified_gmt":"2026-03-30T12:00:49","slug":"tu-phun-muoi-wewon-model-wew-yw-160d","status":"publish","type":"product","link":"https:\/\/vannangvn.123websitedev.com\/en\/product\/tu-phun-muoi-wewon-model-wew-yw-160d\/","title":{"rendered":"T\u1ee6 PHUN MU\u1ed0I WEWON MODEL WEW-YW-160D"},"content":{"rendered":"<h1 style=\"color: red; font-weight: bold; font-size: 24px;\">T&#7893;ng quan s&#7843;n ph&#7849;m T&#7910; PHUN MU&#7888;I WEWON MODEL WEW-YW-160D<p>T&#7911; Phun Mu&#7889;i (Salt Spray Chamber) Wewon Model WEW-YW-160D<\/p><p>WEW-YW-160D<br>\nWewon WEW-YW-160D &#273;&#432;&#7907;c thi&#7871;t k&#7871; &#273;&#7875; ki&#7875;m tra kh&#7843; n&#259;ng ch&#7889;ng &#259;n m&ograve;n c&#7911;a s&#7843;n ph&#7849;m c&oacute; b&#7873; m&#7863;t &#273;&#432;&#7907;c x&#7917; l&yacute; b&#7857;ng s&#417;n, m&#7841; &#273;i&#7879;n, m&agrave;ng v&ocirc; c&#417; v&agrave; h&#7919;u c&#417;, x&#7917; l&yacute; anot, d&#7847;u ch&#7889;ng g&#7881;, v&agrave; c&aacute;c ph&#432;&#417;ng ph&aacute;p b&#7843;o v&#7879; kh&aacute;c.<br>\nH&#7879; th&#7889;ng phun mu&#7889;i d&#7841;ng treo t&#432;&#7901;ng (wall-mount) gi&uacute;p t&#7889;i &#432;u kh&ocirc;ng gian b&ecirc;n trong bu&#7891;ng th&#7917;, kh&ocirc;ng chi&#7871;m di&#7879;n t&iacute;ch v&ugrave;ng ki&#7875;m tra m&#7851;u. S&#7917; d&#7909;ng v&ograve;i phun th&#7841;ch anh nh&#7853;p kh&#7849;u, &#273;&#7843;m b&#7843;o b&#7873; m&#7863;t trong nh&#7861;n m&#7883;n, g&oacute;c phun ch&iacute;nh x&aacute;c, kh&ocirc;ng t&#7841;o tinh th&#7875; mu&#7889;i khi phun li&ecirc;n t&#7909;c trong th&#7901;i gian d&agrave;i. Thi&#7871;t k&#7871; b&#7843;n l&#7873; c&#7917;a d&#7841;ng l&ograve; xo &#273;&#7897;c &#273;&aacute;o gi&uacute;p m&#7903;\/&#273;&oacute;ng c&#7917;a bu&#7891;ng th&#7917; d&#7877; d&agrave;ng v&agrave; thu&#7853;n ti&#7879;n.<br>\nM&ocirc; ph&#7887;ng m&ocirc;i tr&#432;&#7901;ng bi&#7875;n &ndash; Ki&#7875;m tra ch&#7889;ng &#259;n m&ograve;n chu&#7849;n x&aacute;c<\/p><p>T&#7911; c&oacute; kh&#7843; n&#259;ng m&ocirc; ph&#7887;ng kh&iacute; h&#7853;u bi&#7875;n &#273;&#7875; &#273;&aacute;nh gi&aacute; kh&#7843; n&#259;ng ch&#7883;u s&#432;&#417;ng mu&#7889;i v&agrave; &#273;&#7897; b&#7873;n c&#7911;a v&#7853;t li&#7879;u, s&#7843;n ph&#7849;m v&agrave; l&#7899;p ph&#7911;.<br>\nCho ph&eacute;p ki&#7875;m tra v&agrave; &#273;&aacute;nh gi&aacute; ch&#7845;t l&#432;&#7907;ng l&#7899;p ph&#7911; b&#7843;o v&#7879; m&#7897;t c&aacute;ch &#273;&aacute;ng tin c&#7853;y.<\/p><p>C&#7845;u tr&uacute;c b&#7873;n b&#7881; &ndash; Ch&#7889;ng &#259;n m&ograve;n v&agrave; ch&#7883;u nhi&#7879;t<br>\nV&#7887; trong v&agrave; ngo&agrave;i c&#7911;a bu&#7891;ng phun &#273;&#432;&#7907;c ch&#7871; t&#7841;o t&#7915; nh&#7921;a gia c&#432;&#7901;ng s&#7907;i th&#7911;y tinh FRP, gi&uacute;p:<\/p><p>Ch&#7889;ng &#259;n m&ograve;n cao<br>\nCh&#7889;ng l&atilde;o h&oacute;a<br>\n&#272;&#7897; b&#7873;n c&#417; h&#7885;c l&#7899;n<\/p><p>V&#7853;t li&#7879;u nh&#7921;a PVC v&agrave; PP ch&#7883;u &#273;&#432;&#7907;c nhi&#7879;t &#273;&#7897; cao, d&#7877; v&#7879; sinh v&agrave; kh&ocirc;ng r&ograve; r&#7881; dung d&#7883;ch trong qu&aacute; tr&igrave;nh v&#7853;n h&agrave;nh.<br>\nWewon WEW-YW-160D Salt Spray Chamber l&agrave; gi&#7843;i ph&aacute;p l&yacute; t&#432;&#7903;ng &#273;&#7875; &#273;&aacute;nh gi&aacute; kh&#7843; n&#259;ng ch&#7889;ng g&#7881; s&eacute;t v&agrave; &#259;n m&ograve;n c&#7911;a s&#7843;n ph&#7849;m, &#273;&#7863;c bi&#7879;t trong c&aacute;c ng&agrave;nh &ocirc; t&ocirc;, h&agrave;ng h&#7843;i, &#273;i&#7879;n t&#7917; v&agrave; s&#7843;n xu&#7845;t kim lo&#7841;i, gi&uacute;p ki&#7875;m so&aacute;t ch&#7845;t l&#432;&#7907;ng l&#7899;p ph&#7911; b&#7843;o v&#7879; m&#7897;t c&aacute;ch hi&#7879;u qu&#7843; v&agrave; ch&iacute;nh x&aacute;c. H&atilde;y li&ecirc;n h&#7879; v&#7899;i V&#7841;n N&#259;ng Company ngay &#273;&#7875; &#273;&#432;&#7907;c t&#432; v&#7845;n chuy&ecirc;n s&acirc;u v&agrave; nh&#7853;n c&aacute;c &#432;u &#273;&atilde;i h&#7845;p d&#7851;n nh&#7845;t th&ocirc;ng qua hotline\/zalo: <a href=\"https:\/\/zalo.me\/0903991335\" target=\"_blank\" rel=\"noopener\" style=\"color: #059669; font-weight: bold; text-decoration: none;\">0903 991 335<\/a>!<\/p><div style=\"background-color: #f8fafc; border: 1px solid #e2e8f0; border-radius: 8px; padding: 25px; max-width: 800px; margin: 30px auto; color: #334155; line-height: 1.8; font-size: 17px; box-shadow: 0 4px 6px -1px rgba(0,0,0,0.05); text-align: left; clear: both;\">\nC&ocirc;ng ty TNHH Th&#432;&#417;ng M&#7841;i D&#7883;ch V&#7909; Thi&#7871;t B&#7883; C&ocirc;ng Ngh&#7879; V&#7841;n N&#259;ng\n<p style=\"margin: 0 0 10px 0;\">&#128205; <strong style=\"color: #1e293b;\">&#272;&#7883;a ch&#7881;:<\/strong> <a style=\"color: #059669; text-decoration: none; font-weight: bold;\" href=\"https:\/\/www.google.com\/maps\/search\/C%C3%B4ng+ty+TNHH+Th%C6%B0%C6%A1ng+M%E1%BA%A1i+D%E1%BB%8Bch+V%E1%BB%A5+Thi%E1%BA%BFt+B%E1%BB%8B+C%C3%B4ng+Ngh%E1%BB%87+V%E1%BA%A1n+N%C4%83ng+818+Tr%C6%B0%E1%BB%9Dng+Chinh\" target=\"_blank\" rel=\"noopener\">818 Tr&#432;&#7901;ng Chinh, Ph&#432;&#7901;ng T&acirc;n S&#417;n, Th&agrave;nh ph&#7889; H&#7891; Ch&iacute; Minh, Vi&#7879;t Nam<\/a><\/p>\n<p style=\"margin: 0 0 10px 0;\">&#128222; <strong style=\"color: #1e293b;\">S&#272;T &ndash; Zalo:<\/strong> <a style=\"color: #059669; text-decoration: none; font-weight: bold;\" href=\"https:\/\/zalo.me\/0903991335\" target=\"_blank\" rel=\"noopener\">0903 991 335<\/a> <span style=\"color: #64748b; font-style: italic;\">(Ms. H&#7841;nh &ndash; Gi&aacute;m &#272;&#7889;c Kinh Doanh)<\/span><\/p>\n<p style=\"margin: 0;\">&#9993;&#65039; <strong style=\"color: #1e293b;\">Email:<\/strong> <a style=\"color: #059669; text-decoration: none; font-weight: bold;\" href=\"mailto:hienhanh@vannangvn.com\">hienhanh@vannangvn.com<\/a><\/p>\n<\/div><\/h1>","protected":false},"excerpt":{"rendered":"<p><strong>Th&#432;&#417;ng hi&#7879;u:<\/strong> Wewon Environmental Chambers<br>\n<strong>Model:<\/strong> WEW-YW-160D<p>Product <strong>T&#7910; PHUN MU&#7888;I WEWON MODEL WEW-YW-160D<\/strong> ch&iacute;nh h&atilde;ng. Wewon Environmental Chambers (China)<br>\nWewon WEW-YW-160D l&agrave; thi&#7871;t b&#7883; m&ocirc; ph&#7887;ng kh&iacute; h&#7853;u bi&#7875;n, &#273;&aacute;nh gi&aacute; &#273;&#7897; b&#7873;n c&#7911;a v&#7853;t li&#7879;u v&agrave; s&#7843;n ph&#7849;m. C&#7845;u tr&uacute;c b&#7873;n b&#7881; b&#7857;ng nh&#7921;a gia c&#432;&#7901;ng s&#7907;i th&#7911;y tinh (FRP), ch&#7889;ng &#259;n m&ograve;n v&agrave; ch&#7883;u nhi&#7879;t cao.<\/p><\/p>","protected":false},"featured_media":8963,"comment_status":"open","ping_status":"closed","template":"","meta":[],"product_brand":[],"product_cat":[18],"product_tag":[3757,116,162,250,388,3756],"class_list":{"0":"post-8186","1":"product","2":"type-product","3":"status-publish","4":"has-post-thumbnail","6":"product_cat-chua-phan-loai","7":"product_tag-wew-yw-160d","8":"product_tag-model","9":"product_tag-tu","10":"product_tag-phun","11":"product_tag-muoi","12":"product_tag-wewon","14":"first","15":"instock","16":"shipping-taxable","17":"product-type-simple"},"yoast_head":"<!-- This site is optimized with the Yoast SEO Premium plugin v24.8 (Yoast SEO v24.8) - https:\/\/yoast.com\/wordpress\/plugins\/seo\/ -->\n<title>T\u1ee6 PHUN MU\u1ed0I WEWON MODEL WEW-YW-160D ch\u00ednh h\u00e3ng | V\u1ea1n N\u0103ng<\/title>\n<meta name=\"description\" content=\"Mua ngay T\u1ee6 PHUN MU\u1ed0I WEWON MODEL WEW-YW-160D ch\u00ednh h\u00e3ng. Wewon WEW-YW-160D l\u00e0 thi\u1ebft b\u1ecb m\u00f4 ph\u1ecfng kh\u00ed h\u1eadu bi\u1ec3n, \u0111\u00e1nh gi\u00e1 \u0111\u1ed9 b\u1ec1n c\u1ee7a... Gi\u00e1 t\u1ed1t!\" \/>\n<meta name=\"robots\" content=\"noindex, follow, max-snippet:-1, max-image-preview:large, max-video-preview:-1\" \/>\n<meta property=\"og:locale\" content=\"en_US\" \/>\n<meta property=\"og:type\" content=\"article\" \/>\n<meta property=\"og:title\" content=\"T\u1ee6 PHUN MU\u1ed0I WEWON MODEL WEW-YW-160D\" \/>\n<meta property=\"og:description\" content=\"Mua ngay T\u1ee6 PHUN MU\u1ed0I WEWON MODEL WEW-YW-160D ch\u00ednh h\u00e3ng. Wewon WEW-YW-160D l\u00e0 thi\u1ebft b\u1ecb m\u00f4 ph\u1ecfng kh\u00ed h\u1eadu bi\u1ec3n, \u0111\u00e1nh gi\u00e1 \u0111\u1ed9 b\u1ec1n c\u1ee7a... Gi\u00e1 t\u1ed1t!\" \/>\n<meta property=\"og:url\" content=\"https:\/\/vannangvn.123websitedev.com\/en\/product\/tu-phun-muoi-wewon-model-wew-yw-160d\/\" \/>\n<meta property=\"og:site_name\" content=\"Vannang.vn\" \/>\n<meta property=\"article:modified_time\" content=\"2026-03-30T12:00:49+00:00\" \/>\n<meta property=\"og:image\" content=\"http:\/\/vannangvn.123websitedev.com\/wp-content\/uploads\/2026\/03\/Tu-Phun-Muoi-Salt-Spray-Chamber-Wewon-Model-WEW-YW-160D-768x576-copy.jpg\" \/>\n\t<meta property=\"og:image:width\" content=\"768\" \/>\n\t<meta property=\"og:image:height\" content=\"576\" \/>\n\t<meta property=\"og:image:type\" content=\"image\/jpeg\" \/>\n<meta name=\"twitter:card\" content=\"summary_large_image\" \/>\n<meta name=\"twitter:label1\" content=\"Est. reading time\" \/>\n\t<meta name=\"twitter:data1\" content=\"3 minutes\" \/>\n<script type=\"application\/ld+json\" class=\"yoast-schema-graph\">{\"@context\":\"https:\/\/schema.org\",\"@graph\":[{\"@type\":\"WebPage\",\"@id\":\"https:\/\/vannangvn.123websitedev.com\/san-pham\/tu-phun-muoi-wewon-model-wew-yw-160d\/\",\"url\":\"https:\/\/vannangvn.123websitedev.com\/san-pham\/tu-phun-muoi-wewon-model-wew-yw-160d\/\",\"name\":\"T\u1ee6 PHUN MU\u1ed0I WEWON MODEL WEW-YW-160D ch\u00ednh h\u00e3ng | V\u1ea1n N\u0103ng\",\"isPartOf\":{\"@id\":\"https:\/\/vannangvn.123websitedev.com\/#website\"},\"primaryImageOfPage\":{\"@id\":\"https:\/\/vannangvn.123websitedev.com\/san-pham\/tu-phun-muoi-wewon-model-wew-yw-160d\/#primaryimage\"},\"image\":{\"@id\":\"https:\/\/vannangvn.123websitedev.com\/san-pham\/tu-phun-muoi-wewon-model-wew-yw-160d\/#primaryimage\"},\"thumbnailUrl\":\"https:\/\/vannangvn.123websitedev.com\/wp-content\/uploads\/2026\/03\/Tu-Phun-Muoi-Salt-Spray-Chamber-Wewon-Model-WEW-YW-160D-768x576-copy.jpg\",\"datePublished\":\"2026-03-20T12:18:30+00:00\",\"dateModified\":\"2026-03-30T12:00:49+00:00\",\"description\":\"Mua ngay T\u1ee6 PHUN MU\u1ed0I WEWON MODEL WEW-YW-160D ch\u00ednh h\u00e3ng. Wewon WEW-YW-160D l\u00e0 thi\u1ebft b\u1ecb m\u00f4 ph\u1ecfng kh\u00ed h\u1eadu bi\u1ec3n, \u0111\u00e1nh gi\u00e1 \u0111\u1ed9 b\u1ec1n c\u1ee7a... Gi\u00e1 t\u1ed1t!\",\"breadcrumb\":{\"@id\":\"https:\/\/vannangvn.123websitedev.com\/san-pham\/tu-phun-muoi-wewon-model-wew-yw-160d\/#breadcrumb\"},\"inLanguage\":\"en-US\",\"potentialAction\":[{\"@type\":\"ReadAction\",\"target\":[\"https:\/\/vannangvn.123websitedev.com\/san-pham\/tu-phun-muoi-wewon-model-wew-yw-160d\/\"]}]},{\"@type\":\"ImageObject\",\"inLanguage\":\"en-US\",\"@id\":\"https:\/\/vannangvn.123websitedev.com\/san-pham\/tu-phun-muoi-wewon-model-wew-yw-160d\/#primaryimage\",\"url\":\"https:\/\/vannangvn.123websitedev.com\/wp-content\/uploads\/2026\/03\/Tu-Phun-Muoi-Salt-Spray-Chamber-Wewon-Model-WEW-YW-160D-768x576-copy.jpg\",\"contentUrl\":\"https:\/\/vannangvn.123websitedev.com\/wp-content\/uploads\/2026\/03\/Tu-Phun-Muoi-Salt-Spray-Chamber-Wewon-Model-WEW-YW-160D-768x576-copy.jpg\",\"width\":768,\"height\":576},{\"@type\":\"BreadcrumbList\",\"@id\":\"https:\/\/vannangvn.123websitedev.com\/san-pham\/tu-phun-muoi-wewon-model-wew-yw-160d\/#breadcrumb\",\"itemListElement\":[{\"@type\":\"ListItem\",\"position\":1,\"name\":\"Trang ch\u1ee7\",\"item\":\"https:\/\/vannangvn.123websitedev.com\/\"},{\"@type\":\"ListItem\",\"position\":2,\"name\":\"S\u1ea3n ph\u1ea9m\",\"item\":\"https:\/\/vannangvn.123websitedev.com\/cua-hang\/\"},{\"@type\":\"ListItem\",\"position\":3,\"name\":\"T\u1ee6 PHUN MU\u1ed0I WEWON MODEL WEW-YW-160D\"}]},{\"@type\":\"WebSite\",\"@id\":\"https:\/\/vannangvn.123websitedev.com\/#website\",\"url\":\"https:\/\/vannangvn.123websitedev.com\/\",\"name\":\"Vannang.vn\",\"description\":\"\",\"publisher\":{\"@id\":\"https:\/\/vannangvn.123websitedev.com\/#organization\"},\"potentialAction\":[{\"@type\":\"SearchAction\",\"target\":{\"@type\":\"EntryPoint\",\"urlTemplate\":\"https:\/\/vannangvn.123websitedev.com\/?s={search_term_string}\"},\"query-input\":{\"@type\":\"PropertyValueSpecification\",\"valueRequired\":true,\"valueName\":\"search_term_string\"}}],\"inLanguage\":\"en-US\"},{\"@type\":\"Organization\",\"@id\":\"https:\/\/vannangvn.123websitedev.com\/#organization\",\"name\":\"Vannang.vn\",\"url\":\"https:\/\/vannangvn.123websitedev.com\/\",\"logo\":{\"@type\":\"ImageObject\",\"inLanguage\":\"en-US\",\"@id\":\"https:\/\/vannangvn.123websitedev.com\/#\/schema\/logo\/image\/\",\"url\":\"https:\/\/vannangvn.123websitedev.com\/wp-content\/uploads\/2026\/02\/logo-van-nang-02.png\",\"contentUrl\":\"https:\/\/vannangvn.123websitedev.com\/wp-content\/uploads\/2026\/02\/logo-van-nang-02.png\",\"width\":448,\"height\":111,\"caption\":\"Vannang.vn\"},\"image\":{\"@id\":\"https:\/\/vannangvn.123websitedev.com\/#\/schema\/logo\/image\/\"}}]}<\/script>\n<!-- \/ Yoast SEO Premium plugin. -->","yoast_head_json":{"title":"T\u1ee6 PHUN MU\u1ed0I WEWON MODEL WEW-YW-160D ch\u00ednh h\u00e3ng | V\u1ea1n N\u0103ng","description":"Mua ngay T\u1ee6 PHUN MU\u1ed0I WEWON MODEL WEW-YW-160D ch\u00ednh h\u00e3ng. Wewon WEW-YW-160D l\u00e0 thi\u1ebft b\u1ecb m\u00f4 ph\u1ecfng kh\u00ed h\u1eadu bi\u1ec3n, \u0111\u00e1nh gi\u00e1 \u0111\u1ed9 b\u1ec1n c\u1ee7a... Gi\u00e1 t\u1ed1t!","robots":{"index":"noindex","follow":"follow","max-snippet":"max-snippet:-1","max-image-preview":"max-image-preview:large","max-video-preview":"max-video-preview:-1"},"og_locale":"en_US","og_type":"article","og_title":"T\u1ee6 PHUN MU\u1ed0I WEWON MODEL WEW-YW-160D","og_description":"Mua ngay T\u1ee6 PHUN MU\u1ed0I WEWON MODEL WEW-YW-160D ch\u00ednh h\u00e3ng. Wewon WEW-YW-160D l\u00e0 thi\u1ebft b\u1ecb m\u00f4 ph\u1ecfng kh\u00ed h\u1eadu bi\u1ec3n, \u0111\u00e1nh gi\u00e1 \u0111\u1ed9 b\u1ec1n c\u1ee7a... Gi\u00e1 t\u1ed1t!","og_url":"https:\/\/vannangvn.123websitedev.com\/en\/product\/tu-phun-muoi-wewon-model-wew-yw-160d\/","og_site_name":"Vannang.vn","article_modified_time":"2026-03-30T12:00:49+00:00","og_image":[{"width":768,"height":576,"url":"http:\/\/vannangvn.123websitedev.com\/wp-content\/uploads\/2026\/03\/Tu-Phun-Muoi-Salt-Spray-Chamber-Wewon-Model-WEW-YW-160D-768x576-copy.jpg","type":"image\/jpeg"}],"twitter_card":"summary_large_image","twitter_misc":{"Est. reading time":"3 minutes"},"schema":{"@context":"https:\/\/schema.org","@graph":[{"@type":"WebPage","@id":"https:\/\/vannangvn.123websitedev.com\/san-pham\/tu-phun-muoi-wewon-model-wew-yw-160d\/","url":"https:\/\/vannangvn.123websitedev.com\/san-pham\/tu-phun-muoi-wewon-model-wew-yw-160d\/","name":"T\u1ee6 PHUN MU\u1ed0I WEWON MODEL WEW-YW-160D ch\u00ednh h\u00e3ng | V\u1ea1n N\u0103ng","isPartOf":{"@id":"https:\/\/vannangvn.123websitedev.com\/#website"},"primaryImageOfPage":{"@id":"https:\/\/vannangvn.123websitedev.com\/san-pham\/tu-phun-muoi-wewon-model-wew-yw-160d\/#primaryimage"},"image":{"@id":"https:\/\/vannangvn.123websitedev.com\/san-pham\/tu-phun-muoi-wewon-model-wew-yw-160d\/#primaryimage"},"thumbnailUrl":"https:\/\/vannangvn.123websitedev.com\/wp-content\/uploads\/2026\/03\/Tu-Phun-Muoi-Salt-Spray-Chamber-Wewon-Model-WEW-YW-160D-768x576-copy.jpg","datePublished":"2026-03-20T12:18:30+00:00","dateModified":"2026-03-30T12:00:49+00:00","description":"Mua ngay T\u1ee6 PHUN MU\u1ed0I WEWON MODEL WEW-YW-160D ch\u00ednh h\u00e3ng. Wewon WEW-YW-160D l\u00e0 thi\u1ebft b\u1ecb m\u00f4 ph\u1ecfng kh\u00ed h\u1eadu bi\u1ec3n, \u0111\u00e1nh gi\u00e1 \u0111\u1ed9 b\u1ec1n c\u1ee7a... Gi\u00e1 t\u1ed1t!","breadcrumb":{"@id":"https:\/\/vannangvn.123websitedev.com\/san-pham\/tu-phun-muoi-wewon-model-wew-yw-160d\/#breadcrumb"},"inLanguage":"en-US","potentialAction":[{"@type":"ReadAction","target":["https:\/\/vannangvn.123websitedev.com\/san-pham\/tu-phun-muoi-wewon-model-wew-yw-160d\/"]}]},{"@type":"ImageObject","inLanguage":"en-US","@id":"https:\/\/vannangvn.123websitedev.com\/san-pham\/tu-phun-muoi-wewon-model-wew-yw-160d\/#primaryimage","url":"https:\/\/vannangvn.123websitedev.com\/wp-content\/uploads\/2026\/03\/Tu-Phun-Muoi-Salt-Spray-Chamber-Wewon-Model-WEW-YW-160D-768x576-copy.jpg","contentUrl":"https:\/\/vannangvn.123websitedev.com\/wp-content\/uploads\/2026\/03\/Tu-Phun-Muoi-Salt-Spray-Chamber-Wewon-Model-WEW-YW-160D-768x576-copy.jpg","width":768,"height":576},{"@type":"BreadcrumbList","@id":"https:\/\/vannangvn.123websitedev.com\/san-pham\/tu-phun-muoi-wewon-model-wew-yw-160d\/#breadcrumb","itemListElement":[{"@type":"ListItem","position":1,"name":"Trang ch\u1ee7","item":"https:\/\/vannangvn.123websitedev.com\/"},{"@type":"ListItem","position":2,"name":"S\u1ea3n ph\u1ea9m","item":"https:\/\/vannangvn.123websitedev.com\/cua-hang\/"},{"@type":"ListItem","position":3,"name":"T\u1ee6 PHUN MU\u1ed0I WEWON MODEL WEW-YW-160D"}]},{"@type":"WebSite","@id":"https:\/\/vannangvn.123websitedev.com\/#website","url":"https:\/\/vannangvn.123websitedev.com\/","name":"Vannang.vn","description":"","publisher":{"@id":"https:\/\/vannangvn.123websitedev.com\/#organization"},"potentialAction":[{"@type":"SearchAction","target":{"@type":"EntryPoint","urlTemplate":"https:\/\/vannangvn.123websitedev.com\/?s={search_term_string}"},"query-input":{"@type":"PropertyValueSpecification","valueRequired":true,"valueName":"search_term_string"}}],"inLanguage":"en-US"},{"@type":"Organization","@id":"https:\/\/vannangvn.123websitedev.com\/#organization","name":"Vannang.vn","url":"https:\/\/vannangvn.123websitedev.com\/","logo":{"@type":"ImageObject","inLanguage":"en-US","@id":"https:\/\/vannangvn.123websitedev.com\/#\/schema\/logo\/image\/","url":"https:\/\/vannangvn.123websitedev.com\/wp-content\/uploads\/2026\/02\/logo-van-nang-02.png","contentUrl":"https:\/\/vannangvn.123websitedev.com\/wp-content\/uploads\/2026\/02\/logo-van-nang-02.png","width":448,"height":111,"caption":"Vannang.vn"},"image":{"@id":"https:\/\/vannangvn.123websitedev.com\/#\/schema\/logo\/image\/"}}]}},"_links":{"self":[{"href":"https:\/\/vannangvn.123websitedev.com\/en\/wp-json\/wp\/v2\/product\/8186","targetHints":{"allow":["GET"]}}],"collection":[{"href":"https:\/\/vannangvn.123websitedev.com\/en\/wp-json\/wp\/v2\/product"}],"about":[{"href":"https:\/\/vannangvn.123websitedev.com\/en\/wp-json\/wp\/v2\/types\/product"}],"replies":[{"embeddable":true,"href":"https:\/\/vannangvn.123websitedev.com\/en\/wp-json\/wp\/v2\/comments?post=8186"}],"wp:featuredmedia":[{"embeddable":true,"href":"https:\/\/vannangvn.123websitedev.com\/en\/wp-json\/wp\/v2\/media\/8963"}],"wp:attachment":[{"href":"https:\/\/vannangvn.123websitedev.com\/en\/wp-json\/wp\/v2\/media?parent=8186"}],"wp:term":[{"taxonomy":"product_brand","embeddable":true,"href":"https:\/\/vannangvn.123websitedev.com\/en\/wp-json\/wp\/v2\/product_brand?post=8186"},{"taxonomy":"product_cat","embeddable":true,"href":"https:\/\/vannangvn.123websitedev.com\/en\/wp-json\/wp\/v2\/product_cat?post=8186"},{"taxonomy":"product_tag","embeddable":true,"href":"https:\/\/vannangvn.123websitedev.com\/en\/wp-json\/wp\/v2\/product_tag?post=8186"}],"curies":[{"name":"wp","href":"https:\/\/api.w.org\/{rel}","templated":true}]}}