{"id":8221,"date":"2026-03-20T19:19:23","date_gmt":"2026-03-20T12:19:23","guid":{"rendered":"https:\/\/vannangvn.123websitedev.com\/san-pham\/tu-say-tu-dong-day-mau-tae-sung-model-tsa-101\/"},"modified":"2026-03-30T19:01:36","modified_gmt":"2026-03-30T12:01:36","slug":"tu-say-tu-dong-day-mau-tae-sung-model-tsa-101","status":"publish","type":"product","link":"https:\/\/vannangvn.123websitedev.com\/en\/product\/tu-say-tu-dong-day-mau-tae-sung-model-tsa-101\/","title":{"rendered":"T\u1ee6 S\u1ea4Y T\u1ef0 \u0110\u1ed8NG \u0110\u1ea8Y M\u1eaaU TAE SUNG MODEL TSA-101"},"content":{"rendered":"<h1 style=\"color: red; font-weight: bold; font-size: 24px;\">T&#7893;ng quan s&#7843;n ph&#7849;m T&#7910; S&#7844;Y T&#7920; &#272;&#7896;NG &#272;&#7848;Y M&#7850;U TAE SUNG MODEL TSA-101<p>T&#7911; S&#7845;y T&#7921; &#272;&#7897;ng &#272;&#7849;y M&#7851;u (Automatic Ejecting Oven) Tae Sung Model TSA-101<br>\nT&#7911; S&#7845;y T&#7921; &#272;&#7897;ng &#272;&#7849;y M&#7851;u TSA-101 l&agrave; m&#7897;t thi&#7871;t b&#7883; ti&ecirc;n ti&#7871;n, gi&uacute;p t&#7889;i &#432;u h&oacute;a qu&aacute; tr&igrave;nh s&#7845;y kh&ocirc; v&agrave; l&#432;u h&oacute;a nhanh ch&oacute;ng v&agrave; ch&iacute;nh x&aacute;c, &#273;&aacute;p &#7913;ng y&ecirc;u c&#7847;u kh&#7855;t khe c&#7911;a ng&agrave;nh s&#417;n v&agrave; m&#7921;c in. &#272;i&#7873;u &#273;&#7863;c bi&#7879;t &#7903; Tae Sung Model TSA-101 l&agrave; t&iacute;nh n&#259;ng t&#7921; &#273;&#7897;ng &#273;&#7849;y m&#7851;u sau khi qu&aacute; tr&igrave;nh s&#7845;y ho&agrave;n t&#7845;t, gi&uacute;p gi&#7843;m thi&#7875;u s&#7921; can thi&#7879;p th&#7911; c&ocirc;ng v&agrave; gi&#7843;m thi&#7875;u r&#7911;i ro b&#7883; b&#7887;ng do ti&#7871;p x&uacute;c v&#7899;i nhi&#7879;t. H&atilde;y c&ugrave;ng V&#7841;n N&#259;ng t&igrave;m hi&#7875;u chi ti&#7871;t h&#417;n v&#7873; s&#7843;n ph&#7849;m th&ocirc;ng qua b&agrave;i vi&#7871;t d&#432;&#7899;i &#273;&acirc;y!<\/p><p>N&eacute;t &#272;&#7863;c Tr&#432;ng C&#7911;a T&#7911; S&#7845;y TSA-101<br>\nKi&#7875;m so&aacute;t nhi&#7879;t &#273;&#7897; ch&iacute;nh x&aacute;c v&agrave; &#273;&#7891;ng &#273;&#7873;u<\/p><p>T&#7911; S&#7845;y T&#7921; &#272;&#7897;ng TSA-101 s&#7917; d&#7909;ng h&#7879; th&#7889;ng ki&#7875;m so&aacute;t nhi&#7879;t &#273;&#7897; &#273;i&#7879;n t&#7917; v&#7899;i kh&#7843; n&#259;ng &#273;i&#7873;u ch&#7881;nh ch&iacute;nh x&aacute;c v&agrave; &#7893;n &#273;&#7883;nh, gi&uacute;p &#273;&#7843;m b&#7843;o m&#7851;u th&#7917; &#273;&#432;&#7907;c s&#7845;y kh&ocirc; &#273;&#7891;ng &#273;&#7873;u m&agrave; kh&ocirc;ng lo b&#7883; n&oacute;ng c&#7909;c b&#7897;.<br>\nPhun kh&iacute; n&oacute;ng tr&#7921;c ti&#7871;p l&ecirc;n b&#7873; m&#7863;t m&#7851;u gi&uacute;p t&#259;ng t&#7889;c qu&aacute; tr&igrave;nh s&#7845;y m&agrave; v&#7851;n duy tr&igrave; ch&#7845;t l&#432;&#7907;ng s&#7843;n ph&#7849;m.<\/p><p>Thi&#7871;t k&#7871; ti&#7871;t ki&#7879;m n&#259;ng l&#432;&#7907;ng<\/p><p>V&#7899;i thi&#7871;t k&#7871; n&#7855;p nh&#7887; thay cho c&#7917;a l&#7899;n, T&#7911; S&#7845;y TSA-101 gi&uacute;p gi&#7843;m t&#7889;i &#273;a th&#7845;t tho&aacute;t nhi&#7879;t, t&#7889;i &#432;u n&#259;ng l&#432;&#7907;ng s&#7917; d&#7909;ng su&#7889;t qu&aacute; tr&igrave;nh s&#7845;y.<br>\nVi&#7879;c gi&#7843;m thi&#7875;u th&#7845;t tho&aacute;t nhi&#7879;t c&#361;ng &#273;&#7891;ng ngh&#297;a v&#7899;i vi&#7879;c gi&#7843;m chi ph&iacute; v&#7853;n h&agrave;nh cho doanh nghi&#7879;p, l&agrave;m t&#259;ng hi&#7879;u qu&#7843; s&#7843;n xu&#7845;t.<\/p><h2 style=\"color: #2e7d32; font-weight: bold; font-size: 20px;\">T&iacute;nh n&#259;ng t&#7921; &#273;&#7897;ng &#273;&#7849;y m&#7851;u<\/h2><p>T&#7921; &#273;&#7897;ng &#273;&#7849;y m&#7851;u sau khi qu&aacute; tr&igrave;nh s&#7845;y ho&agrave;n t&#7845;t, gi&uacute;p b&#7843;o v&#7879; ng&#432;&#7901;i v&#7853;n h&agrave;nh kh&#7887;i c&aacute;c tai n&#7841;n nhi&#7879;t.<br>\nVi&#7879;c t&#7921; &#273;&#7897;ng &#273;&#7849;y m&#7851;u c&ograve;n gi&uacute;p t&#259;ng n&#259;ng su&#7845;t v&agrave; ti&#7871;t ki&#7879;m th&#7901;i gian trong qu&aacute; tr&igrave;nh th&#7917; nghi&#7879;m.<\/p><p>&#272;i&#7873;u ch&#7881;nh t&#7889;c &#273;&#7897; gi&oacute; linh ho&#7841;t<\/p><p>Automatic Ejecting Oven TSA-101 c&oacute; kh&#7843; n&#259;ng &#273;i&#7873;u ch&#7881;nh t&#7889;c &#273;&#7897; gi&oacute; t&ugrave;y theo k&iacute;ch th&#432;&#7899;c v&agrave; &#273;&#7897; d&agrave;y c&#7911;a m&#7851;u th&#7917;.<br>\n&#272;i&#7873;u n&agrave;y gi&uacute;p thi&#7871;t b&#7883; tr&#7903; n&ecirc;n linh ho&#7841;t v&agrave; c&oacute; th&#7875; s&#7917; d&#7909;ng cho nhi&#7873;u lo&#7841;i v&#7853;t li&#7879;u v&agrave; quy tr&igrave;nh s&#7845;y kh&aacute;c nhau.<\/p><p>&#272;&#7843;m b&#7843;o s&#7921; an to&agrave;n cho ng&#432;&#7901;i d&ugrave;ng<\/p><p>L&ograve; S&#7845;y T&#7921; &#272;&#7897;ng TSA-101 &#273;&#432;&#7907;c trang b&#7883; c&aacute;c ch&#7913;c n&#259;ng an to&agrave;n nh&#432; c&#7843;m bi&#7871;n qu&aacute; nhi&#7879;t, b&#7843;o v&#7879; qu&aacute; t&#7843;i v&agrave; kh&oacute;a c&#7917;a t&#7921; &#273;&#7897;ng.<br>\nVi&#7879;c n&agrave;y gi&uacute;p b&#7843;o v&#7879; thi&#7871;t b&#7883; v&agrave; ng&#432;&#7901;i s&#7917; d&#7909;ng kh&#7887;i nh&#7919;ng s&#7921; c&#7889; kh&ocirc;ng mong mu&#7889;n.<\/p><p>&#7912;ng D&#7909;ng C&#7911;a T&#7911; S&#7845;y TSA-101<br>\nNg&agrave;nh s&#417;n cu&#7897;n (PCM) &amp; s&#417;n kim lo&#7841;i<\/p><p>Tae Sung TSA-101 ki&#7875;m tra ch&#7845;t l&#432;&#7907;ng l&#7899;p ph&#7911; tr&ecirc;n kim lo&#7841;i, &#273;&#7863;c bi&#7879;t l&agrave; c&aacute;c s&#7843;n ph&#7849;m s&#417;n cu&#7897;n, t&#7845;m kim lo&#7841;i.<br>\nM&ocirc; ph&#7887;ng &#273;i&#7873;u ki&#7879;n gia nhi&#7879;t trong quy tr&igrave;nh s&#417;n cu&#7897;n v&#7899;i th&#7901;i gian l&#432;u h&oacute;a ng&#7855;n v&agrave; nhi&#7879;t &#273;&#7897; &#273;&#7891;ng &#273;&#7873;u.<br>\nGi&uacute;p &#273;&#7843;m b&#7843;o m&agrave;u s&#7855;c v&agrave; &#273;&#7897; b&oacute;ng &#7893;n &#273;&#7883;nh, &#273;&#7891;ng &#273;&#7873;u trong su&#7889;t qu&aacute; tr&igrave;nh x&#7917; l&yacute; nhi&#7879;t.<\/p><p>Ng&agrave;nh s&#417;n lon &amp; m&#7921;c in<\/p><p>T&#7911; S&#7845;y Tae Sung TSA-101 ki&#7875;m tra kh&#7843; n&#259;ng ch&#7883;u nhi&#7879;t c&#7911;a c&aacute;c l&#7899;p s&#417;n tr&ecirc;n lon nh&ocirc;m, lon th&eacute;p sau khi s&#7845;y.<br>\n&#272;&#7843;m b&#7843;o l&#7899;p s&#417;n kh&ocirc;ng b&#7883; bong tr&oacute;c, kh&ocirc;ng thay &#273;&#7893;i m&agrave;u s&#7855;c khi g&#7863;p nhi&#7879;t &#273;&#7897; cao.<br>\nPh&ugrave; h&#7907;p v&#7899;i vi&#7879;c ki&#7875;m tra m&#7921;c in, gi&uacute;p &#273;&#7843;m b&#7843;o m&#7921;c kh&ocirc;ng b&#7883; nh&ograve;e hay thay &#273;&#7893;i m&agrave;u s&#7855;c sau khi s&#7845;y.<\/p><p>Ph&ograve;ng th&iacute; nghi&#7879;m v&agrave; R&amp;D<\/p><p>&#7912;ng d&#7909;ng trong vi&#7879;c nghi&ecirc;n c&#7913;u ph&aacute;t tri&#7875;n s&#7843;n ph&#7849;m m&#7899;i trong c&aacute;c ph&ograve;ng th&iacute; nghi&#7879;m s&#417;n, m&#7921;c in.<br>\n&#272;&#7843;m b&#7843;o ki&#7875;m tra t&iacute;nh &#7893;n &#273;&#7883;nh c&#7911;a v&#7853;t li&#7879;u d&#432;&#7899;i c&aacute;c &#273;i&#7873;u ki&#7879;n nhi&#7879;t &#273;&#7897; kh&#7855;c nghi&#7879;t.<br>\nTh&#7921;c hi&#7879;n ki&#7875;m tra l&atilde;o h&oacute;a v&agrave; c&aacute;c th&iacute; nghi&#7879;m nhi&#7879;t &#273;&#7897; kh&aacute;c cho v&#7853;t li&#7879;u v&agrave; s&#7843;n ph&#7849;m m&#7851;u.<\/p><p>Nh&#7919;ng L&yacute; Do N&ecirc;n Mua T&#7911; S&#7845;y T&#7921; &#272;&#7897;ng &#272;&#7849;y M&#7851;u T&#7841;i V&#7841;n N&#259;ng<\/p><p>C&ocirc;ng ty Thi&#7871;t B&#7883; C&ocirc;ng Ngh&#7879; V&#7841;n N&#259;ng l&agrave; &#273;&#7889;i t&aacute;c ch&iacute;nh th&#7913;c ph&acirc;n ph&#7889;i T&#7911; S&#7845;y T&#7921; &#272;&#7897;ng &#272;&#7849;y M&#7851;u h&agrave;ng &#273;&#7847;u t&#7841;i Vi&#7879;t Nam, cam k&#7871;t cung c&#7845;p s&#7843;n ph&#7849;m ch&iacute;nh h&atilde;ng v&#7899;i gi&aacute; c&#7843; c&#7841;nh tranh nh&#7845;t th&#7883; tr&#432;&#7901;ng. V&#7899;i uy t&iacute;n tr&ecirc;n th&#7883; tr&#432;&#7901;ng v&agrave; ch&#7871; &#273;&#7897; h&#7851;u m&atilde;i t&#7889;t, Thi&#7871;t B&#7883; C&ocirc;ng Ngh&#7879; V&#7841;n N&#259;ng &#273;&atilde; nh&#7853;n &#273;&#432;&#7907;c s&#7921; tin t&#432;&#7903;ng t&#7915; kh&aacute;ch h&agrave;ng nh&#7901; v&agrave;o ch&#7845;t l&#432;&#7907;ng h&agrave;ng &#273;&#7847;u c&#7911;a c&aacute;c d&ograve;ng s&#7843;n ph&#7849;m.<br>\nS&#7843;n ph&#7849;m c&#7911;a ch&uacute;ng t&ocirc;i &#273;&#432;&#7907;c ki&#7875;m &#273;&#7883;nh ch&#7845;t l&#432;&#7907;ng, nh&#7853;p kh&#7849;u tr&#7921;c ti&#7871;p t&#7915; nh&agrave; m&aacute;y b&ecirc;n Ch&acirc;u &Acirc;u, M&#7929;, &Uacute;c, Nh&#7853;t B&#7843;n,&hellip; v&agrave; &#273;&aacute;p &#7913;ng nhu c&#7847;u &#273;a d&#7841;ng c&#7911;a th&#7883; tr&#432;&#7901;ng nh&#432;: M&aacute;y &#272;o &#272;&#7897; C&#7913;ng, M&aacute;y SPECTROMAXx, M&aacute;y Ki&#7875;m Tra &#272;&#432;&#7901;ng Gh&eacute;p M&iacute; Lon,&hellip; Ch&uacute;ng t&ocirc;i cam k&#7871;t cung c&#7845;p s&#7843;n ph&#7849;m n&agrave;y tr&ecirc;n to&agrave;n qu&#7889;c v&#7899;i gi&aacute; c&#7843; c&#7841;nh tranh nh&#7845;t.<br>\nCh&uacute;ng t&ocirc;i c&oacute; &#273;&#7897;i ng&#361; chuy&ecirc;n vi&ecirc;n t&#432; v&#7845;n chuy&ecirc;n s&acirc;u s&#7869; h&#7895; tr&#7907; kh&aacute;ch h&agrave;ng v&#7873; chi ti&#7871;t s&#7843;n ph&#7849;m, h&#432;&#7899;ng d&#7851;n s&#7917; d&#7909;ng hay nh&#7919;ng th&#7913; li&ecirc;n quan &#273;&#7871;n v&#7845;n &#273;&#7873; m&agrave; doanh nghi&#7879;p b&#7841;n &#273;ang g&#7863;p ph&#7843;i. Ch&uacute;ng t&ocirc;i s&#7869; cung c&#7845;p nh&#7919;ng gi&#7843;i ph&aacute;p t&#7889;i &#432;u nh&#7845;t!<br>\nNgo&agrave;i ra Thi&#7871;t B&#7883; C&ocirc;ng Ngh&#7879; V&#7841;n N&#259;ng Ch&uacute;ng T&ocirc;i lu&ocirc;n h&#432;&#7899;ng &#273;&#7871;n tr&#7843;i nghi&#7879;m kh&aacute;ch h&agrave;ng, v&igrave; v&#7853;y ch&uacute;ng t&ocirc;i c&oacute; nh&#7919;ng ch&iacute;nh s&aacute;ch b&#7843;o h&agrave;nh, b&#7843;o tr&igrave; &ndash; b&#7843;o d&#432;&#7905;ng, hi&#7879;u chu&#7849;n v&#7899;i t&#7845;t c&#7843; c&aacute;c thi&#7871;t b&#7883;, m&aacute;y m&oacute;c m&agrave; ch&uacute;ng t&ocirc;i cung c&#7845;p. &#272;&#7843;m b&#7843;o mang &#273;&#7871;n cho Kh&aacute;ch h&agrave;ng s&#7921; y&ecirc;n t&acirc;m tuy&#7879;t &#273;&#7889;i v&#7873; d&#7883;ch v&#7909; khi mua h&agrave;ng.<\/p><p>T&#7893;ng K&#7871;t<br>\nL&ograve; S&#7845;y T&#7921; &#272;&#7897;ng &#272;&#7849;y M&#7851;u TSA-101 l&agrave; gi&#7843;i ph&aacute;p l&yacute; t&#432;&#7903;ng cho c&aacute;c doanh nghi&#7879;p trong ng&agrave;nh s&#417;n ph&#7911;, m&#7921;c in v&agrave; gia c&ocirc;ng kim lo&#7841;i. V&#7899;i nh&#7919;ng t&iacute;nh n&#259;ng &#432;u vi&#7879;t nh&#432; ki&#7875;m so&aacute;t nhi&#7879;t &#273;&#7897; ch&iacute;nh x&aacute;c, ti&#7871;t ki&#7879;m n&#259;ng l&#432;&#7907;ng v&agrave; t&#259;ng n&#259;ng su&#7845;t, TSA-101 kh&ocirc;ng ch&#7881; gi&uacute;p n&acirc;ng cao ch&#7845;t l&#432;&#7907;ng s&#7843;n ph&#7849;m m&agrave; c&ograve;n t&#7889;i &#432;u h&oacute;a quy tr&igrave;nh s&#7843;n xu&#7845;t. H&atilde;y li&ecirc;n h&#7879; v&#7899;i V&#7841;n N&#259;ng Company &#273;&#7875; &#273;&#432;&#7907;c t&#432; v&#7845;n chi ti&#7871;t v&agrave; nh&#7853;n ngay &#432;u &#273;&atilde;i h&#7845;p d&#7851;n th&ocirc;ng qua hotline\/zalo: <a href=\"https:\/\/zalo.me\/0903991335\" target=\"_blank\" rel=\"noopener\" style=\"color: #059669; font-weight: bold; text-decoration: none;\">0903 991 335<\/a>!<\/p><div style=\"background-color: #f8fafc; border: 1px solid #e2e8f0; border-radius: 8px; padding: 25px; max-width: 800px; margin: 30px auto; color: #334155; line-height: 1.8; font-size: 17px; box-shadow: 0 4px 6px -1px rgba(0,0,0,0.05); text-align: left; clear: both;\">\nC&ocirc;ng ty TNHH Th&#432;&#417;ng M&#7841;i D&#7883;ch V&#7909; Thi&#7871;t B&#7883; C&ocirc;ng Ngh&#7879; V&#7841;n N&#259;ng\n<p style=\"margin: 0 0 10px 0;\">&#128205; <strong style=\"color: #1e293b;\">&#272;&#7883;a ch&#7881;:<\/strong> <a style=\"color: #059669; text-decoration: none; font-weight: bold;\" href=\"https:\/\/www.google.com\/maps\/search\/C%C3%B4ng+ty+TNHH+Th%C6%B0%C6%A1ng+M%E1%BA%A1i+D%E1%BB%8Bch+V%E1%BB%A5+Thi%E1%BA%BFt+B%E1%BB%8B+C%C3%B4ng+Ngh%E1%BB%87+V%E1%BA%A1n+N%C4%83ng+818+Tr%C6%B0%E1%BB%9Dng+Chinh\" target=\"_blank\" rel=\"noopener\">818 Tr&#432;&#7901;ng Chinh, Ph&#432;&#7901;ng T&acirc;n S&#417;n, Th&agrave;nh ph&#7889; H&#7891; Ch&iacute; Minh, Vi&#7879;t Nam<\/a><\/p>\n<p style=\"margin: 0 0 10px 0;\">&#128222; <strong style=\"color: #1e293b;\">S&#272;T &ndash; Zalo:<\/strong> <a style=\"color: #059669; text-decoration: none; font-weight: bold;\" href=\"https:\/\/zalo.me\/0903991335\" target=\"_blank\" rel=\"noopener\">0903 991 335<\/a> <span style=\"color: #64748b; font-style: italic;\">(Ms. H&#7841;nh &ndash; Gi&aacute;m &#272;&#7889;c Kinh Doanh)<\/span><\/p>\n<p style=\"margin: 0;\">&#9993;&#65039; <strong style=\"color: #1e293b;\">Email:<\/strong> <a style=\"color: #059669; text-decoration: none; font-weight: bold;\" href=\"mailto:hienhanh@vannangvn.com\">hienhanh@vannangvn.com<\/a><\/p>\n<\/div><\/h1>","protected":false},"excerpt":{"rendered":"<p><strong>Th&#432;&#417;ng hi&#7879;u:<\/strong> T&#7911; S&#7845;y TSA-101 l&agrave; m&#7897;t thi&#7871;t b&#7883; s&#7845;y chuy&ecirc;n d&#7909;ng &#273;&#432;&#7907;c thi&#7871;t k&#7871; &#273;&#7875; &#273;&aacute;p &#7913;ng nhu c&#7847;u gia nhi&#7879;t nhanh v&agrave; ch&iacute;nh x&aacute;c. V&#7899;i h&#7879; th&#7889;ng ki&#7875;m so&aacute;t nhi&#7879;t &#273;&#7897; t&#7889;i &#432;u, t&#7911; s&#7845;y n&agrave;y gi&uacute;p qu&aacute; tr&igrave;nh s&#7845;y kh&ocirc; v&agrave; l&#432;u h&oacute;a di&#7877;n ra trong th&#7901;i gian ng&#7855;n, t&#7915; 10 &#273;&#7871;n 50 gi&acirc;y, nh&#432;ng v&#7851;n &#273;&#7843;m b&#7843;o ch&#7845;t l&#432;&#7907;ng s&#7843;n ph&#7849;m.<br>\n<strong>Model:<\/strong> TS Series<p>Product <strong>T&#7910; S&#7844;Y T&#7920; &#272;&#7896;NG &#272;&#7848;Y M&#7850;U TAE SUNG MODEL TSA-101<\/strong> ch&iacute;nh h&atilde;ng. T&#7911; S&#7845;y TSA-101 l&agrave; m&#7897;t thi&#7871;t b&#7883; s&#7845;y chuy&ecirc;n d&#7909;ng &#273;&#432;&#7907;c thi&#7871;t k&#7871; &#273;&#7875; &#273;&aacute;p &#7913;ng nhu c&#7847;u gia nhi&#7879;t nhanh v&agrave; ch&iacute;nh x&aacute;c. V&#7899;i h&#7879; th&#7889;ng ki&#7875;m so&aacute;t nhi&#7879;t &#273;&#7897; t&#7889;i &#432;u, t&#7911; s&#7845;y n&agrave;y gi&uacute;p qu&aacute; tr&igrave;nh s&#7845;y kh&ocirc; v&agrave; l&#432;u h&oacute;a di&#7877;n ra trong th&#7901;i gian ng&#7855;n, t&#7915; 10 &#273;&#7871;n 50 gi&acirc;y, nh&#432;ng v&#7851;n &#273;&#7843;m b&#7843;o ch&#7845;t l&#432;&#7907;ng s&#7843;n ph&#7849;m.<\/p><\/p>","protected":false},"featured_media":8969,"comment_status":"open","ping_status":"closed","template":"","meta":[],"product_brand":[],"product_cat":[18],"product_tag":[162,163,268,3128,3784,3801,103,116,130],"class_list":{"0":"post-8221","1":"product","2":"type-product","3":"status-publish","4":"has-post-thumbnail","6":"product_cat-chua-phan-loai","7":"product_tag-tu","8":"product_tag-dong","9":"product_tag-say","10":"product_tag-sung","11":"product_tag-tae","12":"product_tag-tsa-101","13":"product_tag-day","14":"product_tag-model","15":"product_tag-mau","17":"first","18":"instock","19":"shipping-taxable","20":"product-type-simple"},"yoast_head":"<!-- This site is optimized with the Yoast SEO Premium plugin v24.8 (Yoast SEO v24.8) - https:\/\/yoast.com\/wordpress\/plugins\/seo\/ -->\n<title>T\u1ee6 S\u1ea4Y T\u1ef0 \u0110\u1ed8NG \u0110\u1ea8Y M\u1eaaU TAE SUNG MOD... ch\u00ednh h\u00e3ng | V\u1ea1n N\u0103ng<\/title>\n<meta name=\"description\" content=\"Mua ngay T\u1ee6 S\u1ea4Y T\u1ef0 \u0110\u1ed8NG \u0110\u1ea8Y M\u1eaaU TAE SUNG MODEL TSA-101 ch\u00ednh h\u00e3ng. Gi\u00e1 t\u1ed1t!\" \/>\n<meta name=\"robots\" content=\"noindex, follow, max-snippet:-1, max-image-preview:large, max-video-preview:-1\" \/>\n<meta property=\"og:locale\" content=\"en_US\" \/>\n<meta property=\"og:type\" content=\"article\" \/>\n<meta property=\"og:title\" content=\"T\u1ee6 S\u1ea4Y T\u1ef0 \u0110\u1ed8NG \u0110\u1ea8Y M\u1eaaU TAE SUNG MODEL TSA-101\" \/>\n<meta property=\"og:description\" content=\"Mua ngay T\u1ee6 S\u1ea4Y T\u1ef0 \u0110\u1ed8NG \u0110\u1ea8Y M\u1eaaU TAE SUNG MODEL TSA-101 ch\u00ednh h\u00e3ng. Gi\u00e1 t\u1ed1t!\" \/>\n<meta property=\"og:url\" content=\"https:\/\/vannangvn.123websitedev.com\/en\/product\/tu-say-tu-dong-day-mau-tae-sung-model-tsa-101\/\" \/>\n<meta property=\"og:site_name\" content=\"Vannang.vn\" \/>\n<meta property=\"article:modified_time\" content=\"2026-03-30T12:01:36+00:00\" \/>\n<meta property=\"og:image\" content=\"http:\/\/vannangvn.123websitedev.com\/wp-content\/uploads\/2026\/03\/Tu-Say-Tu-Dong-Day-Mau-Automatic-Ejecting-Oven-Tae-Sung-no.1-copy.jpg\" \/>\n\t<meta property=\"og:image:width\" content=\"768\" \/>\n\t<meta property=\"og:image:height\" content=\"576\" \/>\n\t<meta property=\"og:image:type\" content=\"image\/jpeg\" \/>\n<meta name=\"twitter:card\" content=\"summary_large_image\" \/>\n<meta name=\"twitter:label1\" content=\"Est. reading time\" \/>\n\t<meta name=\"twitter:data1\" content=\"8 minutes\" \/>\n<script type=\"application\/ld+json\" class=\"yoast-schema-graph\">{\"@context\":\"https:\/\/schema.org\",\"@graph\":[{\"@type\":\"WebPage\",\"@id\":\"https:\/\/vannangvn.123websitedev.com\/san-pham\/tu-say-tu-dong-day-mau-tae-sung-model-tsa-101\/\",\"url\":\"https:\/\/vannangvn.123websitedev.com\/san-pham\/tu-say-tu-dong-day-mau-tae-sung-model-tsa-101\/\",\"name\":\"T\u1ee6 S\u1ea4Y T\u1ef0 \u0110\u1ed8NG \u0110\u1ea8Y M\u1eaaU TAE SUNG MOD... ch\u00ednh h\u00e3ng | V\u1ea1n N\u0103ng\",\"isPartOf\":{\"@id\":\"https:\/\/vannangvn.123websitedev.com\/#website\"},\"primaryImageOfPage\":{\"@id\":\"https:\/\/vannangvn.123websitedev.com\/san-pham\/tu-say-tu-dong-day-mau-tae-sung-model-tsa-101\/#primaryimage\"},\"image\":{\"@id\":\"https:\/\/vannangvn.123websitedev.com\/san-pham\/tu-say-tu-dong-day-mau-tae-sung-model-tsa-101\/#primaryimage\"},\"thumbnailUrl\":\"https:\/\/vannangvn.123websitedev.com\/wp-content\/uploads\/2026\/03\/Tu-Say-Tu-Dong-Day-Mau-Automatic-Ejecting-Oven-Tae-Sung-no.1-copy.jpg\",\"datePublished\":\"2026-03-20T12:19:23+00:00\",\"dateModified\":\"2026-03-30T12:01:36+00:00\",\"description\":\"Mua ngay T\u1ee6 S\u1ea4Y T\u1ef0 \u0110\u1ed8NG \u0110\u1ea8Y M\u1eaaU TAE SUNG MODEL TSA-101 ch\u00ednh h\u00e3ng. Gi\u00e1 t\u1ed1t!\",\"breadcrumb\":{\"@id\":\"https:\/\/vannangvn.123websitedev.com\/san-pham\/tu-say-tu-dong-day-mau-tae-sung-model-tsa-101\/#breadcrumb\"},\"inLanguage\":\"en-US\",\"potentialAction\":[{\"@type\":\"ReadAction\",\"target\":[\"https:\/\/vannangvn.123websitedev.com\/san-pham\/tu-say-tu-dong-day-mau-tae-sung-model-tsa-101\/\"]}]},{\"@type\":\"ImageObject\",\"inLanguage\":\"en-US\",\"@id\":\"https:\/\/vannangvn.123websitedev.com\/san-pham\/tu-say-tu-dong-day-mau-tae-sung-model-tsa-101\/#primaryimage\",\"url\":\"https:\/\/vannangvn.123websitedev.com\/wp-content\/uploads\/2026\/03\/Tu-Say-Tu-Dong-Day-Mau-Automatic-Ejecting-Oven-Tae-Sung-no.1-copy.jpg\",\"contentUrl\":\"https:\/\/vannangvn.123websitedev.com\/wp-content\/uploads\/2026\/03\/Tu-Say-Tu-Dong-Day-Mau-Automatic-Ejecting-Oven-Tae-Sung-no.1-copy.jpg\",\"width\":768,\"height\":576},{\"@type\":\"BreadcrumbList\",\"@id\":\"https:\/\/vannangvn.123websitedev.com\/san-pham\/tu-say-tu-dong-day-mau-tae-sung-model-tsa-101\/#breadcrumb\",\"itemListElement\":[{\"@type\":\"ListItem\",\"position\":1,\"name\":\"Trang ch\u1ee7\",\"item\":\"https:\/\/vannangvn.123websitedev.com\/\"},{\"@type\":\"ListItem\",\"position\":2,\"name\":\"S\u1ea3n ph\u1ea9m\",\"item\":\"https:\/\/vannangvn.123websitedev.com\/cua-hang\/\"},{\"@type\":\"ListItem\",\"position\":3,\"name\":\"T\u1ee6 S\u1ea4Y T\u1ef0 \u0110\u1ed8NG \u0110\u1ea8Y M\u1eaaU TAE SUNG MODEL TSA-101\"}]},{\"@type\":\"WebSite\",\"@id\":\"https:\/\/vannangvn.123websitedev.com\/#website\",\"url\":\"https:\/\/vannangvn.123websitedev.com\/\",\"name\":\"Vannang.vn\",\"description\":\"\",\"publisher\":{\"@id\":\"https:\/\/vannangvn.123websitedev.com\/#organization\"},\"potentialAction\":[{\"@type\":\"SearchAction\",\"target\":{\"@type\":\"EntryPoint\",\"urlTemplate\":\"https:\/\/vannangvn.123websitedev.com\/?s={search_term_string}\"},\"query-input\":{\"@type\":\"PropertyValueSpecification\",\"valueRequired\":true,\"valueName\":\"search_term_string\"}}],\"inLanguage\":\"en-US\"},{\"@type\":\"Organization\",\"@id\":\"https:\/\/vannangvn.123websitedev.com\/#organization\",\"name\":\"Vannang.vn\",\"url\":\"https:\/\/vannangvn.123websitedev.com\/\",\"logo\":{\"@type\":\"ImageObject\",\"inLanguage\":\"en-US\",\"@id\":\"https:\/\/vannangvn.123websitedev.com\/#\/schema\/logo\/image\/\",\"url\":\"https:\/\/vannangvn.123websitedev.com\/wp-content\/uploads\/2026\/02\/logo-van-nang-02.png\",\"contentUrl\":\"https:\/\/vannangvn.123websitedev.com\/wp-content\/uploads\/2026\/02\/logo-van-nang-02.png\",\"width\":448,\"height\":111,\"caption\":\"Vannang.vn\"},\"image\":{\"@id\":\"https:\/\/vannangvn.123websitedev.com\/#\/schema\/logo\/image\/\"}}]}<\/script>\n<!-- \/ Yoast SEO Premium plugin. -->","yoast_head_json":{"title":"T\u1ee6 S\u1ea4Y T\u1ef0 \u0110\u1ed8NG \u0110\u1ea8Y M\u1eaaU TAE SUNG MOD... ch\u00ednh h\u00e3ng | V\u1ea1n N\u0103ng","description":"Mua ngay T\u1ee6 S\u1ea4Y T\u1ef0 \u0110\u1ed8NG \u0110\u1ea8Y M\u1eaaU TAE SUNG MODEL TSA-101 ch\u00ednh h\u00e3ng. Gi\u00e1 t\u1ed1t!","robots":{"index":"noindex","follow":"follow","max-snippet":"max-snippet:-1","max-image-preview":"max-image-preview:large","max-video-preview":"max-video-preview:-1"},"og_locale":"en_US","og_type":"article","og_title":"T\u1ee6 S\u1ea4Y T\u1ef0 \u0110\u1ed8NG \u0110\u1ea8Y M\u1eaaU TAE SUNG MODEL TSA-101","og_description":"Mua ngay T\u1ee6 S\u1ea4Y T\u1ef0 \u0110\u1ed8NG \u0110\u1ea8Y M\u1eaaU TAE SUNG MODEL TSA-101 ch\u00ednh h\u00e3ng. Gi\u00e1 t\u1ed1t!","og_url":"https:\/\/vannangvn.123websitedev.com\/en\/product\/tu-say-tu-dong-day-mau-tae-sung-model-tsa-101\/","og_site_name":"Vannang.vn","article_modified_time":"2026-03-30T12:01:36+00:00","og_image":[{"width":768,"height":576,"url":"http:\/\/vannangvn.123websitedev.com\/wp-content\/uploads\/2026\/03\/Tu-Say-Tu-Dong-Day-Mau-Automatic-Ejecting-Oven-Tae-Sung-no.1-copy.jpg","type":"image\/jpeg"}],"twitter_card":"summary_large_image","twitter_misc":{"Est. reading time":"8 minutes"},"schema":{"@context":"https:\/\/schema.org","@graph":[{"@type":"WebPage","@id":"https:\/\/vannangvn.123websitedev.com\/san-pham\/tu-say-tu-dong-day-mau-tae-sung-model-tsa-101\/","url":"https:\/\/vannangvn.123websitedev.com\/san-pham\/tu-say-tu-dong-day-mau-tae-sung-model-tsa-101\/","name":"T\u1ee6 S\u1ea4Y T\u1ef0 \u0110\u1ed8NG \u0110\u1ea8Y M\u1eaaU TAE SUNG MOD... ch\u00ednh h\u00e3ng | V\u1ea1n N\u0103ng","isPartOf":{"@id":"https:\/\/vannangvn.123websitedev.com\/#website"},"primaryImageOfPage":{"@id":"https:\/\/vannangvn.123websitedev.com\/san-pham\/tu-say-tu-dong-day-mau-tae-sung-model-tsa-101\/#primaryimage"},"image":{"@id":"https:\/\/vannangvn.123websitedev.com\/san-pham\/tu-say-tu-dong-day-mau-tae-sung-model-tsa-101\/#primaryimage"},"thumbnailUrl":"https:\/\/vannangvn.123websitedev.com\/wp-content\/uploads\/2026\/03\/Tu-Say-Tu-Dong-Day-Mau-Automatic-Ejecting-Oven-Tae-Sung-no.1-copy.jpg","datePublished":"2026-03-20T12:19:23+00:00","dateModified":"2026-03-30T12:01:36+00:00","description":"Mua ngay T\u1ee6 S\u1ea4Y T\u1ef0 \u0110\u1ed8NG \u0110\u1ea8Y M\u1eaaU TAE SUNG MODEL TSA-101 ch\u00ednh h\u00e3ng. Gi\u00e1 t\u1ed1t!","breadcrumb":{"@id":"https:\/\/vannangvn.123websitedev.com\/san-pham\/tu-say-tu-dong-day-mau-tae-sung-model-tsa-101\/#breadcrumb"},"inLanguage":"en-US","potentialAction":[{"@type":"ReadAction","target":["https:\/\/vannangvn.123websitedev.com\/san-pham\/tu-say-tu-dong-day-mau-tae-sung-model-tsa-101\/"]}]},{"@type":"ImageObject","inLanguage":"en-US","@id":"https:\/\/vannangvn.123websitedev.com\/san-pham\/tu-say-tu-dong-day-mau-tae-sung-model-tsa-101\/#primaryimage","url":"https:\/\/vannangvn.123websitedev.com\/wp-content\/uploads\/2026\/03\/Tu-Say-Tu-Dong-Day-Mau-Automatic-Ejecting-Oven-Tae-Sung-no.1-copy.jpg","contentUrl":"https:\/\/vannangvn.123websitedev.com\/wp-content\/uploads\/2026\/03\/Tu-Say-Tu-Dong-Day-Mau-Automatic-Ejecting-Oven-Tae-Sung-no.1-copy.jpg","width":768,"height":576},{"@type":"BreadcrumbList","@id":"https:\/\/vannangvn.123websitedev.com\/san-pham\/tu-say-tu-dong-day-mau-tae-sung-model-tsa-101\/#breadcrumb","itemListElement":[{"@type":"ListItem","position":1,"name":"Trang ch\u1ee7","item":"https:\/\/vannangvn.123websitedev.com\/"},{"@type":"ListItem","position":2,"name":"S\u1ea3n ph\u1ea9m","item":"https:\/\/vannangvn.123websitedev.com\/cua-hang\/"},{"@type":"ListItem","position":3,"name":"T\u1ee6 S\u1ea4Y T\u1ef0 \u0110\u1ed8NG \u0110\u1ea8Y M\u1eaaU TAE SUNG MODEL TSA-101"}]},{"@type":"WebSite","@id":"https:\/\/vannangvn.123websitedev.com\/#website","url":"https:\/\/vannangvn.123websitedev.com\/","name":"Vannang.vn","description":"","publisher":{"@id":"https:\/\/vannangvn.123websitedev.com\/#organization"},"potentialAction":[{"@type":"SearchAction","target":{"@type":"EntryPoint","urlTemplate":"https:\/\/vannangvn.123websitedev.com\/?s={search_term_string}"},"query-input":{"@type":"PropertyValueSpecification","valueRequired":true,"valueName":"search_term_string"}}],"inLanguage":"en-US"},{"@type":"Organization","@id":"https:\/\/vannangvn.123websitedev.com\/#organization","name":"Vannang.vn","url":"https:\/\/vannangvn.123websitedev.com\/","logo":{"@type":"ImageObject","inLanguage":"en-US","@id":"https:\/\/vannangvn.123websitedev.com\/#\/schema\/logo\/image\/","url":"https:\/\/vannangvn.123websitedev.com\/wp-content\/uploads\/2026\/02\/logo-van-nang-02.png","contentUrl":"https:\/\/vannangvn.123websitedev.com\/wp-content\/uploads\/2026\/02\/logo-van-nang-02.png","width":448,"height":111,"caption":"Vannang.vn"},"image":{"@id":"https:\/\/vannangvn.123websitedev.com\/#\/schema\/logo\/image\/"}}]}},"_links":{"self":[{"href":"https:\/\/vannangvn.123websitedev.com\/en\/wp-json\/wp\/v2\/product\/8221","targetHints":{"allow":["GET"]}}],"collection":[{"href":"https:\/\/vannangvn.123websitedev.com\/en\/wp-json\/wp\/v2\/product"}],"about":[{"href":"https:\/\/vannangvn.123websitedev.com\/en\/wp-json\/wp\/v2\/types\/product"}],"replies":[{"embeddable":true,"href":"https:\/\/vannangvn.123websitedev.com\/en\/wp-json\/wp\/v2\/comments?post=8221"}],"wp:featuredmedia":[{"embeddable":true,"href":"https:\/\/vannangvn.123websitedev.com\/en\/wp-json\/wp\/v2\/media\/8969"}],"wp:attachment":[{"href":"https:\/\/vannangvn.123websitedev.com\/en\/wp-json\/wp\/v2\/media?parent=8221"}],"wp:term":[{"taxonomy":"product_brand","embeddable":true,"href":"https:\/\/vannangvn.123websitedev.com\/en\/wp-json\/wp\/v2\/product_brand?post=8221"},{"taxonomy":"product_cat","embeddable":true,"href":"https:\/\/vannangvn.123websitedev.com\/en\/wp-json\/wp\/v2\/product_cat?post=8221"},{"taxonomy":"product_tag","embeddable":true,"href":"https:\/\/vannangvn.123websitedev.com\/en\/wp-json\/wp\/v2\/product_tag?post=8221"}],"curies":[{"name":"wp","href":"https:\/\/api.w.org\/{rel}","templated":true}]}}