{"id":8224,"date":"2026-03-20T19:19:27","date_gmt":"2026-03-20T12:19:27","guid":{"rendered":"https:\/\/vannangvn.123websitedev.com\/san-pham\/tu-so-mau-3nh-model-color-60\/"},"modified":"2026-03-30T19:01:39","modified_gmt":"2026-03-30T12:01:39","slug":"tu-so-mau-3nh-model-color-60","status":"publish","type":"product","link":"https:\/\/vannangvn.123websitedev.com\/en\/product\/tu-so-mau-3nh-model-color-60\/","title":{"rendered":"T\u1ee6 SO M\u00c0U 3NH MODEL COLOR-60"},"content":{"rendered":"<h1 style=\"color: red; font-weight: bold; font-size: 24px;\">T&#7893;ng quan s&#7843;n ph&#7849;m T&#7910; SO M&Agrave;U 3NH MODEL COLOR-60<p>T&#7911; so m&agrave;u Tilo (Color Light Box) Model Color-60<br>\nT&#7911; so m&agrave;u Color-60 l&agrave; thi&#7871;t b&#7883; ki&#7875;m so&aacute;t m&agrave;u s&#7855;c chuy&ecirc;n nghi&#7879;p, &#273;&#432;&#7907;c thi&#7871;t k&#7871; &#273;&#7875; &#273;&aacute;p &#7913;ng y&ecirc;u c&#7847;u &#273;&aacute;nh gi&aacute; m&agrave;u ch&iacute;nh x&aacute;c trong m&ocirc;i tr&#432;&#7901;ng s&#7843;n xu&#7845;t v&agrave; ph&ograve;ng th&iacute; nghi&#7879;m. T&iacute;ch h&#7907;p 7 ngu&#7891;n s&aacute;ng ti&ecirc;u chu&#7849;n g&#7891;m D65, TL84, F, UV, CWF, TL83 v&agrave; A, m&ocirc; ph&#7887;ng &#273;a d&#7841;ng &#273;i&#7873;u ki&#7879;n chi&#7871;u s&aacute;ng theo chu&#7849;n CIE.<br>\nTilo Model Color 60 tu&acirc;n th&#7911; &#273;&#7847;y &#273;&#7911; c&aacute;c ti&ecirc;u chu&#7849;n qu&#7889;c t&#7871; nh&#432; ISO 3664, ISO 3668, ASTM D1729, DIN 6173, AATCC EP9, BS 950 Pt.2&hellip;, &#273;&#7843;m b&#7843;o &#273;&#7897; tin c&#7853;y cao trong m&#7885;i ph&eacute;p so m&agrave;u. V&#7899;i hai phi&ecirc;n b&#7843;n 220V &ndash; 50Hz v&agrave; 110V &ndash; 60Hz, ph&ugrave; h&#7907;p s&#7917; d&#7909;ng t&#7841;i nhi&#7873;u qu&#7889;c gia v&agrave; nhi&#7873;u quy tr&igrave;nh ki&#7875;m &#273;&#7883;nh m&agrave;u s&#7855;c chuy&ecirc;n nghi&#7879;p. H&atilde;y c&ugrave;ng V&#7841;n N&#259;ng t&igrave;m hi&#7875;u chi ti&#7871;t h&#417;n v&#7873; s&#7843;n ph&#7849;m th&ocirc;ng qua b&agrave;i vi&#7871;t d&#432;&#7899;i &#273;&acirc;y!<\/p><h2 style=\"color: #2e7d32; font-weight: bold; font-size: 20px;\">&#272;&#7863;c &#272;i&#7875;m N&#7893;i B&#7853;t C&#7911;a Color-60<\/h2><p>T&#7911; &#273;&egrave;n so m&agrave;u Color 60 s&#7903; h&#7919;u nhi&#7873;u &#432;u &#273;i&#7875;m v&#432;&#7907;t tr&#7897;i, h&#7895; tr&#7907; t&#7889;i &#432;u qu&aacute; tr&igrave;nh ki&#7875;m tra v&agrave; &#273;&#7889;i chi&#7871;u m&agrave;u s&#7855;c:<\/p><h2 style=\"color: #0073aa; font-weight: bold; font-size: 20px;\">Hi&#7875;n th&#7883; th&ocirc;ng tin chi ti&#7871;t t&#7915;ng ngu&#7891;n s&aacute;ng<\/h2><p>Thi&#7871;t b&#7883; cho ph&eacute;p theo d&otilde;i th&#7901;i gian s&#7917; d&#7909;ng, t&ecirc;n ngu&#7891;n s&aacute;ng v&agrave; s&#7889; l&#7847;n b&#7853;t\/t&#7855;t, gi&uacute;p ng&#432;&#7901;i d&ugrave;ng &#273;&aacute;nh gi&aacute; ch&iacute;nh x&aacute;c tu&#7893;i th&#7885; v&agrave; hi&#7879;u su&#7845;t c&#7911;a t&#7915;ng b&oacute;ng &#273;&egrave;n.<br>\nT&#7921; &#273;&#7897;ng chuy&#7875;n &#273;&#7893;i ngu&#7891;n s&aacute;ng h&#7895; tr&#7907; ph&aacute;t hi&#7879;n hi&#7879;n t&#432;&#7907;ng sai m&agrave;u<br>\nModel Color60 c&oacute; kh&#7843; n&#259;ng chuy&#7875;n &#273;&#7893;i t&#7921; &#273;&#7897;ng gi&#7919;a c&aacute;c ngu&#7891;n s&aacute;ng, h&#7895; tr&#7907; ki&#7875;m tra hi&#7879;n t&#432;&#7907;ng metamerism &ndash; s&#7921; thay &#273;&#7893;i m&agrave;u s&#7855;c khi &aacute;nh s&aacute;ng thay &#273;&#7893;i.<br>\nKh&#7903;i &#273;&#7897;ng nhanh, kh&ocirc;ng nh&#7845;p nh&aacute;y<br>\nKh&ocirc;ng c&#7847;n th&#7901;i gian l&agrave;m n&oacute;ng, kh&ocirc;ng x&#7843;y ra hi&#7879;n t&#432;&#7907;ng flicker, cho ph&eacute;p &#273;&aacute;nh gi&aacute; m&agrave;u nhanh ch&oacute;ng v&agrave; &#7893;n &#273;&#7883;nh.<br>\nTi&#7871;t ki&#7879;m n&#259;ng l&#432;&#7907;ng v&agrave; t&#7843;n nhi&#7879;t th&#7845;p<br>\nThi&#7871;t k&#7871; t&#7889;i &#432;u gi&uacute;p v&#7853;n h&agrave;nh b&#7873;n b&#7881;, ti&#7871;t ki&#7879;m &#273;i&#7879;n v&agrave; cho hi&#7879;u su&#7845;t ph&aacute;t s&aacute;ng cao, kh&ocirc;ng g&acirc;y n&oacute;ng trong qu&aacute; tr&igrave;nh s&#7917; d&#7909;ng.<br>\nT&iacute;ch h&#7907;p b&#7897; ngu&#7891;n s&aacute;ng ti&ecirc;u chu&#7849;n Anh &ndash; M&#7929; &#273;&#7847;y &#273;&#7911;<br>\nTilo Model Color-60 cung c&#7845;p b&#7897; c&#7845;u h&igrave;nh ngu&#7891;n s&aacute;ng ho&agrave;n ch&#7881;nh h&#417;n d&agrave;nh cho c&aacute;c ti&ecirc;u chu&#7849;n ch&acirc;u &Acirc;u v&agrave; Hoa K&#7923;, ph&ugrave; h&#7907;p cho y&ecirc;u c&#7847;u ki&#7875;m so&aacute;t m&agrave;u nghi&ecirc;m ng&#7863;t.<br>\nB&#7893; sung ngu&#7891;n s&aacute;ng A theo ti&ecirc;u chu&#7849;n M&#7929;<br>\nNgu&#7891;n s&aacute;ng A &#273;&#432;&#7907;c t&iacute;ch h&#7907;p nh&#7857;m m&ocirc; ph&#7887;ng &aacute;nh s&aacute;ng s&#7907;i &#273;&#7889;t &ndash; ti&ecirc;u ch&iacute; quan tr&#7885;ng trong nhi&#7873;u l&#297;nh v&#7921;c c&#7847;n ki&#7875;m tra &#273;&#7897; &#7893;n &#273;&#7883;nh m&agrave;u d&#432;&#7899;i &aacute;nh s&aacute;ng v&agrave;ng &#7845;m.<br>\nLinh ho&#7841;t trong thay &#273;&#7893;i c&#7845;u h&igrave;nh ngu&#7891;n s&aacute;ng<br>\nNg&#432;&#7901;i d&ugrave;ng c&oacute; th&#7875; thay &#273;&#7893;i t&ecirc;n ngu&#7891;n s&aacute;ng ho&#7863;c b&#7893; sung ngu&#7891;n s&aacute;ng theo nhu c&#7847;u, t&#259;ng t&iacute;nh ch&#7911; &#273;&#7897;ng khi s&#7917; d&#7909;ng.<br>\nTh&#432;&#417;ng hi&#7879;u TILO &ndash; ti&ecirc;u chu&#7849;n ch&#7845;t l&#432;&#7907;ng qu&#7889;c t&#7871;<br>\nColor-60 thu&#7897;c d&ograve;ng thi&#7871;t b&#7883; cao c&#7845;p c&#7911;a TILO, th&#432;&#417;ng hi&#7879;u uy t&iacute;n trong l&#297;nh v&#7921;c thi&#7871;t b&#7883; so m&agrave;u, &#273;&#7843;m b&#7843;o &#273;&#7897; b&#7873;n v&agrave; kh&#7843; n&#259;ng ho&#7841;t &#273;&#7897;ng &#7893;n &#273;&#7883;nh l&acirc;u d&agrave;i.<\/p><p>&#7912;ng D&#7909;ng Th&#7921;c T&#7871; C&#7911;a Color-60<br>\nT&#7911; &#273;&egrave;n &#273;&aacute;nh gi&aacute; m&agrave;u Color-60 &#273;&#432;&#7907;c &#7913;ng d&#7909;ng r&#7897;ng r&atilde;i trong c&aacute;c ng&agrave;nh ngh&#7873; y&ecirc;u c&#7847;u &#273;&aacute;nh gi&aacute; m&agrave;u kh&#7855;t khe, bao g&#7891;m:<\/p><p>In &#7845;n v&agrave; bao b&igrave;: Ki&#7875;m tra &#273;&#7897; &#273;&#7891;ng nh&#7845;t m&agrave;u gi&#7919;a b&#7843;n in, m&#7851;u thi&#7871;t k&#7871; v&agrave; th&agrave;nh ph&#7849;m.<br>\nD&#7879;t may &ndash; nhu&#7897;m: So s&aacute;nh m&agrave;u v&#7843;i, s&#7907;i, m&#7851;u nhu&#7897;m d&#432;&#7899;i nhi&#7873;u &#273;i&#7873;u ki&#7879;n &aacute;nh s&aacute;ng.<br>\nDa &ndash; gi&agrave;y: &#272;&aacute;nh gi&aacute; &#273;&#7897; ph&ugrave; h&#7907;p m&agrave;u s&#7855;c c&#7911;a da, ph&#7909; ki&#7879;n v&agrave; th&agrave;nh ph&#7849;m.<br>\nNh&#7921;a &ndash; cao su: Ki&#7875;m tra m&agrave;u s&#7855;c h&#7841;t nh&#7921;a, s&#7843;n ph&#7849;m &eacute;p, v&#7853;t li&#7879;u t&#7893;ng h&#7907;p.<br>\nG&#7889;m s&#7913; &ndash; n&#7897;i th&#7845;t: &#272;&#7889;i chi&#7871;u m&agrave;u men g&#7889;m, b&#7873; m&#7863;t trang tr&iacute;, laminate v&agrave; v&#7853;t li&#7879;u x&acirc;y d&#7921;ng.<\/p><h2 style=\"color: #0073aa; font-weight: bold; font-size: 20px;\">&Ocirc; t&ocirc; &ndash; c&#417; kh&iacute;: So m&agrave;u linh ki&#7879;n, b&#7873; m&#7863;t s&#417;n, v&#7853;t li&#7879;u chi ti&#7871;t.<\/h2><p>Nhi&#7871;p &#7843;nh, in proof, m&#7921;c in: &#272;&#7843;m b&#7843;o t&iacute;nh nh&#7845;t qu&aacute;n m&agrave;u trong quy tr&igrave;nh t&#7841;o m&#7851;u v&agrave; ki&#7875;m &#273;&#7883;nh.<\/p><p>Nh&#7919;ng L&yacute; Do N&ecirc;n Mua T&#7911; So M&agrave;u T&#7841;i Thi&#7871;t B&#7883; C&ocirc;ng Ngh&#7879; V&#7841;n N&#259;ng<\/p><p>C&ocirc;ng ty Thi&#7871;t B&#7883; C&ocirc;ng Ngh&#7879; V&#7841;n N&#259;ng l&agrave; &#273;&#7889;i t&aacute;c ch&iacute;nh th&#7913;c ph&acirc;n ph&#7889;i T&#7911; So M&agrave;u h&agrave;ng &#273;&#7847;u t&#7841;i Vi&#7879;t Nam, cam k&#7871;t cung c&#7845;p s&#7843;n ph&#7849;m ch&iacute;nh h&atilde;ng v&#7899;i gi&aacute; c&#7843; c&#7841;nh tranh nh&#7845;t th&#7883; tr&#432;&#7901;ng. V&#7899;i uy t&iacute;n tr&ecirc;n th&#7883; tr&#432;&#7901;ng v&agrave; ch&#7871; &#273;&#7897; h&#7851;u m&atilde;i t&#7889;t, Thi&#7871;t B&#7883; C&ocirc;ng Ngh&#7879; V&#7841;n N&#259;ng &#273;&atilde; nh&#7853;n&#273;&#432;&#7907;c s&#7921; tin t&#432;&#7903;ng t&#7915; kh&aacute;ch h&agrave;ng nh&#7901; v&agrave;o ch&#7845;t l&#432;&#7907;ng h&agrave;ng &#273;&#7847;u c&#7911;a c&aacute;c d&ograve;ng s&#7843;n ph&#7849;m.<br>\nS&#7843;n ph&#7849;m c&#7911;a ch&uacute;ng t&ocirc;i &#273;&#432;&#7907;c ki&#7875;m &#273;&#7883;nh ch&#7845;t l&#432;&#7907;ng, nh&#7853;p kh&#7849;u tr&#7921;c ti&#7871;p t&#7915; nh&agrave; m&aacute;y b&ecirc;n Ch&acirc;u &Acirc;u, M&#7929;, &Uacute;c, Nh&#7853;t B&#7843;n,&hellip; v&agrave; &#273;&aacute;p &#7913;ng nhu c&#7847;u &#273;a d&#7841;ng c&#7911;a th&#7883; tr&#432;&#7901;ng nh&#432;: M&aacute;y &#272;o &#272;&#7897; C&#7913;ng, M&aacute;y SPECTROMAXx, M&aacute;y Ki&#7875;m Tra &#272;&#432;&#7901;ng Gh&eacute;p M&iacute; Lon,&hellip; Ch&uacute;ng t&ocirc;i cam k&#7871;t cung c&#7845;p s&#7843;n ph&#7849;m n&agrave;y tr&ecirc;n to&agrave;n qu&#7889;c v&#7899;i gi&aacute; c&#7843; c&#7841;nh tranh nh&#7845;t.<br>\nCh&uacute;ng t&ocirc;i c&oacute; &#273;&#7897;i ng&#361; chuy&ecirc;n vi&ecirc;n t&#432; v&#7845;n chuy&ecirc;n s&acirc;u s&#7869; h&#7895; tr&#7907; kh&aacute;ch h&agrave;ng v&#7873; chi ti&#7871;t s&#7843;n ph&#7849;m, h&#432;&#7899;ng d&#7851;n s&#7917; d&#7909;ng hay nh&#7919;ng th&#7913; li&ecirc;n quan &#273;&#7871;n v&#7845;n &#273;&#7873; m&agrave; doanh nghi&#7879;p b&#7841;n &#273;ang g&#7863;p ph&#7843;i. Ch&uacute;ng t&ocirc;i s&#7869; cung c&#7845;p nh&#7919;ng gi&#7843;i ph&aacute;p t&#7889;i &#432;u nh&#7845;t!<br>\nNgo&agrave;i ra Thi&#7871;t B&#7883; C&ocirc;ng Ngh&#7879; V&#7841;n N&#259;ng Ch&uacute;ng T&ocirc;i lu&ocirc;n h&#432;&#7899;ng &#273;&#7871;n tr&#7843;i nghi&#7879;m kh&aacute;ch h&agrave;ng, v&igrave; v&#7853;y ch&uacute;ng t&ocirc;i c&oacute; nh&#7919;ng ch&iacute;nh s&aacute;ch b&#7843;o h&agrave;nh, b&#7843;o tr&igrave; &ndash; b&#7843;o d&#432;&#7905;ng, hi&#7879;u chu&#7849;n v&#7899;i t&#7845;t c&#7843; c&aacute;c thi&#7871;t b&#7883;, m&aacute;y m&oacute;c m&agrave; ch&uacute;ng t&ocirc;i cung c&#7845;p. &#272;&#7843;m b&#7843;o mang &#273;&#7871;n cho Kh&aacute;ch h&agrave;ng s&#7921; y&ecirc;n t&acirc;m tuy&#7879;t &#273;&#7889;i v&#7873; d&#7883;ch v&#7909; khi mua h&agrave;ng.<\/p><p>H&atilde;y li&ecirc;n h&#7879; v&#7899;i V&#7841;n N&#259;ng Company &#273;&#7875; &#273;&#432;&#7907;c t&#432; v&#7845;n chi ti&#7871;t v&agrave; nh&#7853;n ngay &#432;u &#273;&atilde;i h&#7845;p d&#7851;n th&ocirc;ng qua hotline\/zalo: <a href=\"https:\/\/zalo.me\/0903991335\" target=\"_blank\" rel=\"noopener\" style=\"color: #059669; font-weight: bold; text-decoration: none;\">0903 991 335<\/a>!<\/p><div style=\"background-color: #f8fafc; border: 1px solid #e2e8f0; border-radius: 8px; padding: 25px; max-width: 800px; margin: 30px auto; color: #334155; line-height: 1.8; font-size: 17px; box-shadow: 0 4px 6px -1px rgba(0,0,0,0.05); text-align: left; clear: both;\">\nC&ocirc;ng ty TNHH Th&#432;&#417;ng M&#7841;i D&#7883;ch V&#7909; Thi&#7871;t B&#7883; C&ocirc;ng Ngh&#7879; V&#7841;n N&#259;ng\n<p style=\"margin: 0 0 10px 0;\">&#128205; <strong style=\"color: #1e293b;\">&#272;&#7883;a ch&#7881;:<\/strong> <a style=\"color: #059669; text-decoration: none; font-weight: bold;\" href=\"https:\/\/www.google.com\/maps\/search\/C%C3%B4ng+ty+TNHH+Th%C6%B0%C6%A1ng+M%E1%BA%A1i+D%E1%BB%8Bch+V%E1%BB%A5+Thi%E1%BA%BFt+B%E1%BB%8B+C%C3%B4ng+Ngh%E1%BB%87+V%E1%BA%A1n+N%C4%83ng+818+Tr%C6%B0%E1%BB%9Dng+Chinh\" target=\"_blank\" rel=\"noopener\">818 Tr&#432;&#7901;ng Chinh, Ph&#432;&#7901;ng T&acirc;n S&#417;n, Th&agrave;nh ph&#7889; H&#7891; Ch&iacute; Minh, Vi&#7879;t Nam<\/a><\/p>\n<p style=\"margin: 0 0 10px 0;\">&#128222; <strong style=\"color: #1e293b;\">S&#272;T &ndash; Zalo:<\/strong> <a style=\"color: #059669; text-decoration: none; font-weight: bold;\" href=\"https:\/\/zalo.me\/0903991335\" target=\"_blank\" rel=\"noopener\">0903 991 335<\/a> <span style=\"color: #64748b; font-style: italic;\">(Ms. H&#7841;nh &ndash; Gi&aacute;m &#272;&#7889;c Kinh Doanh)<\/span><\/p>\n<p style=\"margin: 0;\">&#9993;&#65039; <strong style=\"color: #1e293b;\">Email:<\/strong> <a style=\"color: #059669; text-decoration: none; font-weight: bold;\" href=\"mailto:hienhanh@vannangvn.com\">hienhanh@vannangvn.com<\/a><\/p>\n<\/div><\/h1>","protected":false},"excerpt":{"rendered":"<p><strong>Th&#432;&#417;ng hi&#7879;u:<\/strong> 3nh<br>\n<strong>Model:<\/strong> Color-60<p>Product <strong>T&#7910; SO M&Agrave;U 3NH MODEL COLOR-60<\/strong> ch&iacute;nh h&atilde;ng. 3nh (China)<br>\nT&#7911; &#273;&egrave;n so m&agrave;u Color-60 v&#7899;i 7 ngu&#7891;n s&aacute;ng ti&ecirc;u chu&#7849;n CIE, &#273;&aacute;p &#7913;ng ISO v&agrave; ASTM, s&#7917; d&#7909;ng trong in &#7845;n, d&#7879;t nhu&#7897;m, nh&#7921;a, da gi&agrave;y, &ocirc; t&ocirc; v&agrave; nhi&#7873;u l&#297;nh v&#7921;c ki&#7875;m so&aacute;t m&agrave;u s&#7855;c chuy&ecirc;n nghi&#7879;p.<\/p><\/p>","protected":false},"featured_media":9424,"comment_status":"open","ping_status":"closed","template":"","meta":[],"product_brand":[],"product_cat":[18],"product_tag":[129,130,131,162,3803,116],"class_list":{"0":"post-8224","1":"product","2":"type-product","3":"status-publish","4":"has-post-thumbnail","6":"product_cat-chua-phan-loai","7":"product_tag-so","8":"product_tag-mau","9":"product_tag-3nh","10":"product_tag-tu","11":"product_tag-color-60","12":"product_tag-model","14":"first","15":"instock","16":"shipping-taxable","17":"product-type-simple"},"yoast_head":"<!-- This site is optimized with the Yoast SEO Premium plugin v24.8 (Yoast SEO v24.8) - https:\/\/yoast.com\/wordpress\/plugins\/seo\/ -->\n<title>T\u1ee6 SO M\u00c0U 3NH MODEL COLOR-60 ch\u00ednh h\u00e3ng | V\u1ea1n N\u0103ng<\/title>\n<meta name=\"description\" content=\"Mua ngay T\u1ee6 SO M\u00c0U 3NH MODEL COLOR-60 ch\u00ednh h\u00e3ng. T\u1ee7 \u0111\u00e8n so m\u00e0u Color-60 v\u1edbi 7 ngu\u1ed3n s\u00e1ng ti\u00eau chu\u1ea9n CIE, \u0111\u00e1p \u1ee9ng ISO v\u00e0 ASTM, s\u1eed... Gi\u00e1 t\u1ed1t!\" \/>\n<meta name=\"robots\" content=\"noindex, follow, max-snippet:-1, max-image-preview:large, max-video-preview:-1\" \/>\n<meta property=\"og:locale\" content=\"en_US\" \/>\n<meta property=\"og:type\" content=\"article\" \/>\n<meta property=\"og:title\" content=\"T\u1ee6 SO M\u00c0U 3NH MODEL COLOR-60\" \/>\n<meta property=\"og:description\" content=\"Mua ngay T\u1ee6 SO M\u00c0U 3NH MODEL COLOR-60 ch\u00ednh h\u00e3ng. T\u1ee7 \u0111\u00e8n so m\u00e0u Color-60 v\u1edbi 7 ngu\u1ed3n s\u00e1ng ti\u00eau chu\u1ea9n CIE, \u0111\u00e1p \u1ee9ng ISO v\u00e0 ASTM, s\u1eed... Gi\u00e1 t\u1ed1t!\" \/>\n<meta property=\"og:url\" content=\"https:\/\/vannangvn.123websitedev.com\/en\/product\/tu-so-mau-3nh-model-color-60\/\" \/>\n<meta property=\"og:site_name\" content=\"Vannang.vn\" \/>\n<meta property=\"article:modified_time\" content=\"2026-03-30T12:01:39+00:00\" \/>\n<meta property=\"og:image\" content=\"http:\/\/vannangvn.123websitedev.com\/wp-content\/uploads\/2026\/03\/color60-2-768x576-copy.jpg\" \/>\n\t<meta property=\"og:image:width\" content=\"768\" \/>\n\t<meta property=\"og:image:height\" content=\"576\" \/>\n\t<meta property=\"og:image:type\" content=\"image\/jpeg\" \/>\n<meta name=\"twitter:card\" content=\"summary_large_image\" \/>\n<meta name=\"twitter:label1\" content=\"Est. reading time\" \/>\n\t<meta name=\"twitter:data1\" content=\"8 minutes\" \/>\n<script type=\"application\/ld+json\" class=\"yoast-schema-graph\">{\"@context\":\"https:\/\/schema.org\",\"@graph\":[{\"@type\":\"WebPage\",\"@id\":\"https:\/\/vannangvn.123websitedev.com\/san-pham\/tu-so-mau-3nh-model-color-60\/\",\"url\":\"https:\/\/vannangvn.123websitedev.com\/san-pham\/tu-so-mau-3nh-model-color-60\/\",\"name\":\"T\u1ee6 SO M\u00c0U 3NH MODEL COLOR-60 ch\u00ednh h\u00e3ng | V\u1ea1n N\u0103ng\",\"isPartOf\":{\"@id\":\"https:\/\/vannangvn.123websitedev.com\/#website\"},\"primaryImageOfPage\":{\"@id\":\"https:\/\/vannangvn.123websitedev.com\/san-pham\/tu-so-mau-3nh-model-color-60\/#primaryimage\"},\"image\":{\"@id\":\"https:\/\/vannangvn.123websitedev.com\/san-pham\/tu-so-mau-3nh-model-color-60\/#primaryimage\"},\"thumbnailUrl\":\"https:\/\/vannangvn.123websitedev.com\/wp-content\/uploads\/2026\/03\/color60-2-768x576-copy.jpg\",\"datePublished\":\"2026-03-20T12:19:27+00:00\",\"dateModified\":\"2026-03-30T12:01:39+00:00\",\"description\":\"Mua ngay T\u1ee6 SO M\u00c0U 3NH MODEL COLOR-60 ch\u00ednh h\u00e3ng. T\u1ee7 \u0111\u00e8n so m\u00e0u Color-60 v\u1edbi 7 ngu\u1ed3n s\u00e1ng ti\u00eau chu\u1ea9n CIE, \u0111\u00e1p \u1ee9ng ISO v\u00e0 ASTM, s\u1eed... Gi\u00e1 t\u1ed1t!\",\"breadcrumb\":{\"@id\":\"https:\/\/vannangvn.123websitedev.com\/san-pham\/tu-so-mau-3nh-model-color-60\/#breadcrumb\"},\"inLanguage\":\"en-US\",\"potentialAction\":[{\"@type\":\"ReadAction\",\"target\":[\"https:\/\/vannangvn.123websitedev.com\/san-pham\/tu-so-mau-3nh-model-color-60\/\"]}]},{\"@type\":\"ImageObject\",\"inLanguage\":\"en-US\",\"@id\":\"https:\/\/vannangvn.123websitedev.com\/san-pham\/tu-so-mau-3nh-model-color-60\/#primaryimage\",\"url\":\"https:\/\/vannangvn.123websitedev.com\/wp-content\/uploads\/2026\/03\/color60-2-768x576-copy.jpg\",\"contentUrl\":\"https:\/\/vannangvn.123websitedev.com\/wp-content\/uploads\/2026\/03\/color60-2-768x576-copy.jpg\",\"width\":768,\"height\":576},{\"@type\":\"BreadcrumbList\",\"@id\":\"https:\/\/vannangvn.123websitedev.com\/san-pham\/tu-so-mau-3nh-model-color-60\/#breadcrumb\",\"itemListElement\":[{\"@type\":\"ListItem\",\"position\":1,\"name\":\"Trang ch\u1ee7\",\"item\":\"https:\/\/vannangvn.123websitedev.com\/\"},{\"@type\":\"ListItem\",\"position\":2,\"name\":\"S\u1ea3n ph\u1ea9m\",\"item\":\"https:\/\/vannangvn.123websitedev.com\/cua-hang\/\"},{\"@type\":\"ListItem\",\"position\":3,\"name\":\"T\u1ee6 SO M\u00c0U 3NH MODEL COLOR-60\"}]},{\"@type\":\"WebSite\",\"@id\":\"https:\/\/vannangvn.123websitedev.com\/#website\",\"url\":\"https:\/\/vannangvn.123websitedev.com\/\",\"name\":\"Vannang.vn\",\"description\":\"\",\"publisher\":{\"@id\":\"https:\/\/vannangvn.123websitedev.com\/#organization\"},\"potentialAction\":[{\"@type\":\"SearchAction\",\"target\":{\"@type\":\"EntryPoint\",\"urlTemplate\":\"https:\/\/vannangvn.123websitedev.com\/?s={search_term_string}\"},\"query-input\":{\"@type\":\"PropertyValueSpecification\",\"valueRequired\":true,\"valueName\":\"search_term_string\"}}],\"inLanguage\":\"en-US\"},{\"@type\":\"Organization\",\"@id\":\"https:\/\/vannangvn.123websitedev.com\/#organization\",\"name\":\"Vannang.vn\",\"url\":\"https:\/\/vannangvn.123websitedev.com\/\",\"logo\":{\"@type\":\"ImageObject\",\"inLanguage\":\"en-US\",\"@id\":\"https:\/\/vannangvn.123websitedev.com\/#\/schema\/logo\/image\/\",\"url\":\"https:\/\/vannangvn.123websitedev.com\/wp-content\/uploads\/2026\/02\/logo-van-nang-02.png\",\"contentUrl\":\"https:\/\/vannangvn.123websitedev.com\/wp-content\/uploads\/2026\/02\/logo-van-nang-02.png\",\"width\":448,\"height\":111,\"caption\":\"Vannang.vn\"},\"image\":{\"@id\":\"https:\/\/vannangvn.123websitedev.com\/#\/schema\/logo\/image\/\"}}]}<\/script>\n<!-- \/ Yoast SEO Premium plugin. -->","yoast_head_json":{"title":"T\u1ee6 SO M\u00c0U 3NH MODEL COLOR-60 ch\u00ednh h\u00e3ng | V\u1ea1n N\u0103ng","description":"Mua ngay T\u1ee6 SO M\u00c0U 3NH MODEL COLOR-60 ch\u00ednh h\u00e3ng. T\u1ee7 \u0111\u00e8n so m\u00e0u Color-60 v\u1edbi 7 ngu\u1ed3n s\u00e1ng ti\u00eau chu\u1ea9n CIE, \u0111\u00e1p \u1ee9ng ISO v\u00e0 ASTM, s\u1eed... Gi\u00e1 t\u1ed1t!","robots":{"index":"noindex","follow":"follow","max-snippet":"max-snippet:-1","max-image-preview":"max-image-preview:large","max-video-preview":"max-video-preview:-1"},"og_locale":"en_US","og_type":"article","og_title":"T\u1ee6 SO M\u00c0U 3NH MODEL COLOR-60","og_description":"Mua ngay T\u1ee6 SO M\u00c0U 3NH MODEL COLOR-60 ch\u00ednh h\u00e3ng. T\u1ee7 \u0111\u00e8n so m\u00e0u Color-60 v\u1edbi 7 ngu\u1ed3n s\u00e1ng ti\u00eau chu\u1ea9n CIE, \u0111\u00e1p \u1ee9ng ISO v\u00e0 ASTM, s\u1eed... Gi\u00e1 t\u1ed1t!","og_url":"https:\/\/vannangvn.123websitedev.com\/en\/product\/tu-so-mau-3nh-model-color-60\/","og_site_name":"Vannang.vn","article_modified_time":"2026-03-30T12:01:39+00:00","og_image":[{"width":768,"height":576,"url":"http:\/\/vannangvn.123websitedev.com\/wp-content\/uploads\/2026\/03\/color60-2-768x576-copy.jpg","type":"image\/jpeg"}],"twitter_card":"summary_large_image","twitter_misc":{"Est. reading time":"8 minutes"},"schema":{"@context":"https:\/\/schema.org","@graph":[{"@type":"WebPage","@id":"https:\/\/vannangvn.123websitedev.com\/san-pham\/tu-so-mau-3nh-model-color-60\/","url":"https:\/\/vannangvn.123websitedev.com\/san-pham\/tu-so-mau-3nh-model-color-60\/","name":"T\u1ee6 SO M\u00c0U 3NH MODEL COLOR-60 ch\u00ednh h\u00e3ng | V\u1ea1n N\u0103ng","isPartOf":{"@id":"https:\/\/vannangvn.123websitedev.com\/#website"},"primaryImageOfPage":{"@id":"https:\/\/vannangvn.123websitedev.com\/san-pham\/tu-so-mau-3nh-model-color-60\/#primaryimage"},"image":{"@id":"https:\/\/vannangvn.123websitedev.com\/san-pham\/tu-so-mau-3nh-model-color-60\/#primaryimage"},"thumbnailUrl":"https:\/\/vannangvn.123websitedev.com\/wp-content\/uploads\/2026\/03\/color60-2-768x576-copy.jpg","datePublished":"2026-03-20T12:19:27+00:00","dateModified":"2026-03-30T12:01:39+00:00","description":"Mua ngay T\u1ee6 SO M\u00c0U 3NH MODEL COLOR-60 ch\u00ednh h\u00e3ng. T\u1ee7 \u0111\u00e8n so m\u00e0u Color-60 v\u1edbi 7 ngu\u1ed3n s\u00e1ng ti\u00eau chu\u1ea9n CIE, \u0111\u00e1p \u1ee9ng ISO v\u00e0 ASTM, s\u1eed... Gi\u00e1 t\u1ed1t!","breadcrumb":{"@id":"https:\/\/vannangvn.123websitedev.com\/san-pham\/tu-so-mau-3nh-model-color-60\/#breadcrumb"},"inLanguage":"en-US","potentialAction":[{"@type":"ReadAction","target":["https:\/\/vannangvn.123websitedev.com\/san-pham\/tu-so-mau-3nh-model-color-60\/"]}]},{"@type":"ImageObject","inLanguage":"en-US","@id":"https:\/\/vannangvn.123websitedev.com\/san-pham\/tu-so-mau-3nh-model-color-60\/#primaryimage","url":"https:\/\/vannangvn.123websitedev.com\/wp-content\/uploads\/2026\/03\/color60-2-768x576-copy.jpg","contentUrl":"https:\/\/vannangvn.123websitedev.com\/wp-content\/uploads\/2026\/03\/color60-2-768x576-copy.jpg","width":768,"height":576},{"@type":"BreadcrumbList","@id":"https:\/\/vannangvn.123websitedev.com\/san-pham\/tu-so-mau-3nh-model-color-60\/#breadcrumb","itemListElement":[{"@type":"ListItem","position":1,"name":"Trang ch\u1ee7","item":"https:\/\/vannangvn.123websitedev.com\/"},{"@type":"ListItem","position":2,"name":"S\u1ea3n ph\u1ea9m","item":"https:\/\/vannangvn.123websitedev.com\/cua-hang\/"},{"@type":"ListItem","position":3,"name":"T\u1ee6 SO M\u00c0U 3NH MODEL COLOR-60"}]},{"@type":"WebSite","@id":"https:\/\/vannangvn.123websitedev.com\/#website","url":"https:\/\/vannangvn.123websitedev.com\/","name":"Vannang.vn","description":"","publisher":{"@id":"https:\/\/vannangvn.123websitedev.com\/#organization"},"potentialAction":[{"@type":"SearchAction","target":{"@type":"EntryPoint","urlTemplate":"https:\/\/vannangvn.123websitedev.com\/?s={search_term_string}"},"query-input":{"@type":"PropertyValueSpecification","valueRequired":true,"valueName":"search_term_string"}}],"inLanguage":"en-US"},{"@type":"Organization","@id":"https:\/\/vannangvn.123websitedev.com\/#organization","name":"Vannang.vn","url":"https:\/\/vannangvn.123websitedev.com\/","logo":{"@type":"ImageObject","inLanguage":"en-US","@id":"https:\/\/vannangvn.123websitedev.com\/#\/schema\/logo\/image\/","url":"https:\/\/vannangvn.123websitedev.com\/wp-content\/uploads\/2026\/02\/logo-van-nang-02.png","contentUrl":"https:\/\/vannangvn.123websitedev.com\/wp-content\/uploads\/2026\/02\/logo-van-nang-02.png","width":448,"height":111,"caption":"Vannang.vn"},"image":{"@id":"https:\/\/vannangvn.123websitedev.com\/#\/schema\/logo\/image\/"}}]}},"_links":{"self":[{"href":"https:\/\/vannangvn.123websitedev.com\/en\/wp-json\/wp\/v2\/product\/8224","targetHints":{"allow":["GET"]}}],"collection":[{"href":"https:\/\/vannangvn.123websitedev.com\/en\/wp-json\/wp\/v2\/product"}],"about":[{"href":"https:\/\/vannangvn.123websitedev.com\/en\/wp-json\/wp\/v2\/types\/product"}],"replies":[{"embeddable":true,"href":"https:\/\/vannangvn.123websitedev.com\/en\/wp-json\/wp\/v2\/comments?post=8224"}],"wp:featuredmedia":[{"embeddable":true,"href":"https:\/\/vannangvn.123websitedev.com\/en\/wp-json\/wp\/v2\/media\/9424"}],"wp:attachment":[{"href":"https:\/\/vannangvn.123websitedev.com\/en\/wp-json\/wp\/v2\/media?parent=8224"}],"wp:term":[{"taxonomy":"product_brand","embeddable":true,"href":"https:\/\/vannangvn.123websitedev.com\/en\/wp-json\/wp\/v2\/product_brand?post=8224"},{"taxonomy":"product_cat","embeddable":true,"href":"https:\/\/vannangvn.123websitedev.com\/en\/wp-json\/wp\/v2\/product_cat?post=8224"},{"taxonomy":"product_tag","embeddable":true,"href":"https:\/\/vannangvn.123websitedev.com\/en\/wp-json\/wp\/v2\/product_tag?post=8224"}],"curies":[{"name":"wp","href":"https:\/\/api.w.org\/{rel}","templated":true}]}}