{"id":8229,"date":"2026-03-20T19:19:32","date_gmt":"2026-03-20T12:19:32","guid":{"rendered":"https:\/\/vannangvn.123websitedev.com\/san-pham\/tu-so-mau-3nh-model-d606\/"},"modified":"2026-03-30T19:01:45","modified_gmt":"2026-03-30T12:01:45","slug":"tu-so-mau-3nh-model-d606","status":"publish","type":"product","link":"https:\/\/vannangvn.123websitedev.com\/en\/product\/tu-so-mau-3nh-model-d606\/","title":{"rendered":"T\u1ee6 SO M\u00c0U 3NH MODEL D60(6)"},"content":{"rendered":"<h1 style=\"color: red; font-weight: bold; font-size: 24px;\">T&#7893;ng quan s&#7843;n ph&#7849;m T&#7910; SO M&Agrave;U 3NH MODEL D60(6)<p>T&#7911; so m&agrave;u (Color Light Booth) 3nh Model D60 (6)<br>\nT&#7911; soi m&agrave;u D60(6) DOHO l&agrave; t&#7911; &#273;&egrave;n soi m&agrave;u ti&ecirc;u chu&#7849;n qu&#7889;c t&#7871;, &#273;&#432;&#7907;c thi&#7871;t k&#7871; &#273;&#7875; cung c&#7845;p &#273;i&#7873;u ki&#7879;n &aacute;nh s&aacute;ng &#7893;n &#273;&#7883;nh v&agrave; ch&iacute;nh x&aacute;c cho m&#7885;i nhu c&#7847;u &#273;&aacute;nh gi&aacute; m&agrave;u s&#7855;c, ph&aacute;t hi&#7879;n sai l&#7879;ch m&agrave;u nhanh ch&oacute;ng v&agrave; &#273;&#7843;m b&#7843;o s&#7843;n ph&#7849;m &#273;&#7841;t ch&#7845;t l&#432;&#7907;ng &#273;&#7891;ng nh&#7845;t trong su&#7889;t qu&aacute; tr&igrave;nh s&#7843;n xu&#7845;t.<br>\nThi&#7871;t b&#7883; &#273;&egrave;n soi m&agrave;u DOHO D60(6) &#273;&#432;&#7907;c trang b&#7883; 6 ngu&#7891;n s&aacute;ng chuy&ecirc;n d&#7909;ng. H&#7879; th&#7889;ng chi&#7871;u s&aacute;ng &#7893;n &#273;&#7883;nh v&agrave; &#273;&#7891;ng nh&#7845;t &#273;&#7863;c bi&#7879;t ph&ugrave; h&#7907;p cho c&aacute;c ng&agrave;nh y&ecirc;u c&#7847;u ki&#7875;m tra ch&ecirc;nh l&#7879;ch m&agrave;u nh&#432;: in bao b&igrave;, &#273;&#7891; h&#7885;a, nhi&#7871;p &#7843;nh, d&#7879;t may &ndash; nhu&#7897;m, da gi&agrave;y, nh&#7921;a, g&#7889;m s&#7913;, &ocirc; t&ocirc;, m&#7921;c in, nh&atilde;n m&aacute;c, s&#7843;n ph&#7849;m ti&ecirc;u d&ugrave;ng&hellip; H&atilde;y c&ugrave;ng V&#7841;n N&#259;ng t&igrave;m hi&#7875;u chi ti&#7871;t h&#417;n v&#7873; s&#7843;n ph&#7849;m th&ocirc;ng qua b&agrave;i vi&#7871;t d&#432;&#7899;i &#273;&acirc;y!<\/p><h2 style=\"color: #2e7d32; font-weight: bold; font-size: 20px;\">&#272;&#7863;c &#272;i&#7875;m N&#7893;i B&#7853;t C&#7911;a T&#7911; &#272;&egrave;n Soi M&agrave;u DOHO D60(6)<\/h2><p>T&#7911; &#273;&egrave;n DOHO D60 (6) &#273;&#432;&#7907;c thi&#7871;t k&#7871; nh&#7857;m t&aacute;i t&#7841;o m&agrave;u s&#7855;c ch&iacute;nh x&aacute;c trong nhi&#7873;u &#273;i&#7873;u ki&#7879;n chi&#7871;u s&aacute;ng, gi&uacute;p doanh nghi&#7879;p ki&#7875;m so&aacute;t m&agrave;u hi&#7879;u qu&#7843; v&agrave; h&#7841;n ch&#7871; sai l&#7879;ch trong s&#7843;n xu&#7845;t.<\/p><p>T&aacute;i t&#7841;o m&agrave;u ch&iacute;nh x&aacute;c v&#7899;i 6 ngu&#7891;n s&aacute;ng ti&ecirc;u chu&#7849;n (D65, TL84, CWF, TL83, F, UV), h&#7895; tr&#7907; ph&aacute;t hi&#7879;n hi&#7879;n t&#432;&#7907;ng metamerism (c&ugrave;ng m&agrave;u d&#432;&#7899;i &aacute;nh s&aacute;ng n&agrave;y nh&#432;ng l&#7879;ch m&agrave;u d&#432;&#7899;i &aacute;nh s&aacute;ng kh&aacute;c).<br>\nTu&acirc;n th&#7911; ho&#7863;c v&#432;&#7907;t c&aacute;c ti&ecirc;u chu&#7849;n qu&#7889;c t&#7871; v&#7873; &#273;&aacute;nh gi&aacute; m&agrave;u tr&#7921;c quan: ASTM D1729, ISO 3664, DIN, ANSI, BSI&hellip;<br>\nV&#7853;n h&agrave;nh &#273;&#417;n gi&#7843;n, m&#7895;i ngu&#7891;n s&aacute;ng c&oacute; c&ocirc;ng t&#7855;c ri&ecirc;ng gi&uacute;p chuy&#7875;n &#273;&#7893;i nhanh ch&oacute;ng.<br>\nC&oacute; &#273;&#7891;ng h&#7891; &#273;o th&#7901;i gian s&#7917; d&#7909;ng b&oacute;ng, gi&uacute;p theo d&otilde;i v&agrave; thay th&#7871; &#273;&egrave;n &#273;&uacute;ng h&#7841;n &#273;&#7875; &#273;&#7843;m b&#7843;o &#273;&#7897; ch&iacute;nh x&aacute;c.<br>\nT&#7921; &#273;&#7897;ng chuy&#7875;n &#273;&#7893;i gi&#7919;a c&aacute;c ngu&#7891;n s&aacute;ng, h&#7895; tr&#7907; &#273;&aacute;nh gi&aacute; m&agrave;u hi&#7879;u qu&#7843; h&#417;n.<br>\nKh&ocirc;ng c&#7847;n th&#7901;i gian kh&#7903;i &#273;&#7897;ng &ndash; kh&ocirc;ng nh&#7845;p nh&aacute;y, &#273;&#7843;m b&#7843;o k&#7871;t qu&#7843; quan s&aacute;t nhanh v&agrave; &#7893;n &#273;&#7883;nh.<br>\nTi&#7871;t ki&#7879;m &#273;i&#7879;n, t&#7887;a nhi&#7879;t th&#7845;p, n&acirc;ng cao hi&#7879;u su&#7845;t &aacute;nh s&aacute;ng v&agrave; &#273;&#7897; b&#7873;n thi&#7871;t b&#7883;.<br>\nH&#7895; tr&#7907; t&ugrave;y ch&#7881;nh k&iacute;ch th&#432;&#7899;c, ph&ugrave; h&#7907;p nhi&#7873;u kh&ocirc;ng gian l&agrave;m vi&#7879;c v&agrave; nhu c&#7847;u ki&#7875;m tra kh&aacute;c nhau.<\/p><p>&#7912;ng D&#7909;ng Th&#7921;c T&#7871;<\/p><p>X&#432;&#7903;ng in v&agrave; bao b&igrave;: ki&#7875;m tra &#273;&#7897; l&#7879;ch m&agrave;u gi&#7919;a b&#7843;n in &ndash; m&#7851;u thi&#7871;t k&#7871;.<br>\nD&#7879;t may &ndash; nhu&#7897;m: &#273;&#7889;i m&agrave;u v&#7843;i, s&#7907;i, ph&#7909; li&#7879;u trong qu&aacute; tr&igrave;nh s&#7843;n xu&#7845;t.<br>\nNhi&#7871;p &#7843;nh &amp; &#273;&#7891; h&#7885;a: &#273;&aacute;nh gi&aacute; m&agrave;u s&#7855;c h&igrave;nh &#7843;nh, b&#7843;n proof.<br>\nNg&agrave;nh da gi&agrave;y, th&#7901;i trang: ki&#7875;m tra s&#7921; &#273;&#7891;ng nh&#7845;t m&agrave;u gi&#7919;a c&aacute;c l&ocirc; h&agrave;ng.<br>\nNh&#7921;a &amp; cao su: &#273;&#7889;i m&agrave;u s&#7843;n ph&#7849;m &eacute;p phun, linh ki&#7879;n, h&#7841;t nh&#7921;a.<br>\nG&#7889;m s&#7913; &ndash; n&#7897;i th&#7845;t &ndash; &ocirc; t&ocirc;: &#273;&aacute;nh gi&aacute; m&agrave;u s&#417;n, v&#7853;t li&#7879;u d&#432;&#7899;i nhi&#7873;u ngu&#7891;n s&aacute;ng.<br>\nKi&#7875;m tra ch&#7845;t l&#432;&#7907;ng (QC): &#273;&#7843;m b&#7843;o s&#7843;n ph&#7849;m &#273;&#7891;ng nh&#7845;t tr&#432;&#7899;c khi xu&#7845;t x&#432;&#7903;ng.<\/p><p>Nh&#7919;ng L&yacute; Do N&ecirc;n Mua T&#7911; So M&agrave;u T&#7841;i Thi&#7871;t B&#7883; C&ocirc;ng Ngh&#7879; V&#7841;n N&#259;ng<\/p><p>C&ocirc;ng ty Thi&#7871;t B&#7883; C&ocirc;ng Ngh&#7879; V&#7841;n N&#259;ng l&agrave; &#273;&#7889;i t&aacute;c ch&iacute;nh th&#7913;c ph&acirc;n ph&#7889;i T&#7911; So M&agrave;u h&agrave;ng &#273;&#7847;u t&#7841;i Vi&#7879;t Nam, cam k&#7871;t cung c&#7845;p s&#7843;n ph&#7849;m ch&iacute;nh h&atilde;ng v&#7899;i gi&aacute; c&#7843; c&#7841;nh tranh nh&#7845;t th&#7883; tr&#432;&#7901;ng. V&#7899;i uy t&iacute;n tr&ecirc;n th&#7883; tr&#432;&#7901;ng v&agrave; ch&#7871; &#273;&#7897; h&#7851;u m&atilde;i t&#7889;t, Thi&#7871;t B&#7883; C&ocirc;ng Ngh&#7879; V&#7841;n N&#259;ng &#273;&atilde; nh&#7853;n&#273;&#432;&#7907;c s&#7921; tin t&#432;&#7903;ng t&#7915; kh&aacute;ch h&agrave;ng nh&#7901; v&agrave;o ch&#7845;t l&#432;&#7907;ng h&agrave;ng &#273;&#7847;u c&#7911;a c&aacute;c d&ograve;ng s&#7843;n ph&#7849;m.<br>\nS&#7843;n ph&#7849;m c&#7911;a ch&uacute;ng t&ocirc;i &#273;&#432;&#7907;c ki&#7875;m &#273;&#7883;nh ch&#7845;t l&#432;&#7907;ng, nh&#7853;p kh&#7849;u tr&#7921;c ti&#7871;p t&#7915; nh&agrave; m&aacute;y b&ecirc;n Ch&acirc;u &Acirc;u, M&#7929;, &Uacute;c, Nh&#7853;t B&#7843;n,&hellip; v&agrave; &#273;&aacute;p &#7913;ng nhu c&#7847;u &#273;a d&#7841;ng c&#7911;a th&#7883; tr&#432;&#7901;ng nh&#432;: M&aacute;y &#272;o &#272;&#7897; C&#7913;ng, M&aacute;y SPECTROMAXx, M&aacute;y Ki&#7875;m Tra &#272;&#432;&#7901;ng Gh&eacute;p M&iacute; Lon,&hellip; Ch&uacute;ng t&ocirc;i cam k&#7871;t cung c&#7845;p s&#7843;n ph&#7849;m n&agrave;y tr&ecirc;n to&agrave;n qu&#7889;c v&#7899;i gi&aacute; c&#7843; c&#7841;nh tranh nh&#7845;t.<br>\nCh&uacute;ng t&ocirc;i c&oacute; &#273;&#7897;i ng&#361; chuy&ecirc;n vi&ecirc;n t&#432; v&#7845;n chuy&ecirc;n s&acirc;u s&#7869; h&#7895; tr&#7907; kh&aacute;ch h&agrave;ng v&#7873; chi ti&#7871;t s&#7843;n ph&#7849;m, h&#432;&#7899;ng d&#7851;n s&#7917; d&#7909;ng hay nh&#7919;ng th&#7913; li&ecirc;n quan &#273;&#7871;n v&#7845;n &#273;&#7873; m&agrave; doanh nghi&#7879;p b&#7841;n &#273;ang g&#7863;p ph&#7843;i. Ch&uacute;ng t&ocirc;i s&#7869; cung c&#7845;p nh&#7919;ng gi&#7843;i ph&aacute;p t&#7889;i &#432;u nh&#7845;t!<br>\nNgo&agrave;i ra Thi&#7871;t B&#7883; C&ocirc;ng Ngh&#7879; V&#7841;n N&#259;ng Ch&uacute;ng T&ocirc;i lu&ocirc;n h&#432;&#7899;ng &#273;&#7871;n tr&#7843;i nghi&#7879;m kh&aacute;ch h&agrave;ng, v&igrave; v&#7853;y ch&uacute;ng t&ocirc;i c&oacute; nh&#7919;ng ch&iacute;nh s&aacute;ch b&#7843;o h&agrave;nh, b&#7843;o tr&igrave; &ndash; b&#7843;o d&#432;&#7905;ng, hi&#7879;u chu&#7849;n v&#7899;i t&#7845;t c&#7843; c&aacute;c thi&#7871;t b&#7883;, m&aacute;y m&oacute;c m&agrave; ch&uacute;ng t&ocirc;i cung c&#7845;p. &#272;&#7843;m b&#7843;o mang &#273;&#7871;n cho Kh&aacute;ch h&agrave;ng s&#7921; y&ecirc;n t&acirc;m tuy&#7879;t &#273;&#7889;i v&#7873; d&#7883;ch v&#7909; khi mua h&agrave;ng.<\/p><p>H&atilde;y li&ecirc;n h&#7879; v&#7899;i V&#7841;n N&#259;ng Company &#273;&#7875; &#273;&#432;&#7907;c t&#432; v&#7845;n chi ti&#7871;t v&agrave; nh&#7853;n ngay &#432;u &#273;&atilde;i h&#7845;p d&#7851;n th&ocirc;ng qua hotline\/zalo: <a href=\"https:\/\/zalo.me\/0903991335\" target=\"_blank\" rel=\"noopener\" style=\"color: #059669; font-weight: bold; text-decoration: none;\">0903 991 335<\/a>!<\/p><div style=\"background-color: #f8fafc; border: 1px solid #e2e8f0; border-radius: 8px; padding: 25px; max-width: 800px; margin: 30px auto; color: #334155; line-height: 1.8; font-size: 17px; box-shadow: 0 4px 6px -1px rgba(0,0,0,0.05); text-align: left; clear: both;\">\nC&ocirc;ng ty TNHH Th&#432;&#417;ng M&#7841;i D&#7883;ch V&#7909; Thi&#7871;t B&#7883; C&ocirc;ng Ngh&#7879; V&#7841;n N&#259;ng\n<p style=\"margin: 0 0 10px 0;\">&#128205; <strong style=\"color: #1e293b;\">&#272;&#7883;a ch&#7881;:<\/strong> <a style=\"color: #059669; text-decoration: none; font-weight: bold;\" href=\"https:\/\/www.google.com\/maps\/search\/C%C3%B4ng+ty+TNHH+Th%C6%B0%C6%A1ng+M%E1%BA%A1i+D%E1%BB%8Bch+V%E1%BB%A5+Thi%E1%BA%BFt+B%E1%BB%8B+C%C3%B4ng+Ngh%E1%BB%87+V%E1%BA%A1n+N%C4%83ng+818+Tr%C6%B0%E1%BB%9Dng+Chinh\" target=\"_blank\" rel=\"noopener\">818 Tr&#432;&#7901;ng Chinh, Ph&#432;&#7901;ng T&acirc;n S&#417;n, Th&agrave;nh ph&#7889; H&#7891; Ch&iacute; Minh, Vi&#7879;t Nam<\/a><\/p>\n<p style=\"margin: 0 0 10px 0;\">&#128222; <strong style=\"color: #1e293b;\">S&#272;T &ndash; Zalo:<\/strong> <a style=\"color: #059669; text-decoration: none; font-weight: bold;\" href=\"https:\/\/zalo.me\/0903991335\" target=\"_blank\" rel=\"noopener\">0903 991 335<\/a> <span style=\"color: #64748b; font-style: italic;\">(Ms. H&#7841;nh &ndash; Gi&aacute;m &#272;&#7889;c Kinh Doanh)<\/span><\/p>\n<p style=\"margin: 0;\">&#9993;&#65039; <strong style=\"color: #1e293b;\">Email:<\/strong> <a style=\"color: #059669; text-decoration: none; font-weight: bold;\" href=\"mailto:hienhanh@vannangvn.com\">hienhanh@vannangvn.com<\/a><\/p>\n<\/div><\/h1>","protected":false},"excerpt":{"rendered":"<p><strong>Th&#432;&#417;ng hi&#7879;u:<\/strong> 3nh<br>\n<strong>Model:<\/strong> D60 (6)<p>Product <strong>T&#7910; SO M&Agrave;U 3NH MODEL D60(6)<\/strong> ch&iacute;nh h&atilde;ng. 3nh (China)<br>\nT&#7911; so m&agrave;u DOHO D60(6) v&#7899;i 6 ngu&#7891;n s&aacute;ng chu&#7849;n CIE, &#273;&aacute;p &#7913;ng ISO\/ASTM, gi&uacute;p &#273;&aacute;nh gi&aacute; m&agrave;u ch&iacute;nh x&aacute;c cho in &#7845;n, d&#7879;t may, nh&#7921;a, da gi&agrave;y v&agrave; nhi&#7873;u ng&agrave;nh kh&aacute;c.<\/p><\/p>","protected":false},"featured_media":9462,"comment_status":"open","ping_status":"closed","template":"","meta":[],"product_brand":[],"product_cat":[18],"product_tag":[162,3809,116,129,130,131],"class_list":{"0":"post-8229","1":"product","2":"type-product","3":"status-publish","4":"has-post-thumbnail","6":"product_cat-chua-phan-loai","7":"product_tag-tu","8":"product_tag-d606","9":"product_tag-model","10":"product_tag-so","11":"product_tag-mau","12":"product_tag-3nh","14":"first","15":"instock","16":"shipping-taxable","17":"product-type-simple"},"yoast_head":"<!-- This site is optimized with the Yoast SEO Premium plugin v24.8 (Yoast SEO v24.8) - https:\/\/yoast.com\/wordpress\/plugins\/seo\/ -->\n<title>T\u1ee6 SO M\u00c0U 3NH MODEL D60(6) ch\u00ednh h\u00e3ng | V\u1ea1n N\u0103ng<\/title>\n<meta name=\"description\" content=\"Mua ngay T\u1ee6 SO M\u00c0U 3NH MODEL D60(6) ch\u00ednh h\u00e3ng. T\u1ee7 so m\u00e0u DOHO D60(6) v\u1edbi 6 ngu\u1ed3n s\u00e1ng chu\u1ea9n CIE, \u0111\u00e1p \u1ee9ng ISO\/ASTM, gi\u00fap \u0111\u00e1nh gi\u00e1... Gi\u00e1 t\u1ed1t!\" \/>\n<meta name=\"robots\" content=\"noindex, follow, max-snippet:-1, max-image-preview:large, max-video-preview:-1\" \/>\n<meta property=\"og:locale\" content=\"en_US\" \/>\n<meta property=\"og:type\" content=\"article\" \/>\n<meta property=\"og:title\" content=\"T\u1ee6 SO M\u00c0U 3NH MODEL D60(6)\" \/>\n<meta property=\"og:description\" content=\"Mua ngay T\u1ee6 SO M\u00c0U 3NH MODEL D60(6) ch\u00ednh h\u00e3ng. T\u1ee7 so m\u00e0u DOHO D60(6) v\u1edbi 6 ngu\u1ed3n s\u00e1ng chu\u1ea9n CIE, \u0111\u00e1p \u1ee9ng ISO\/ASTM, gi\u00fap \u0111\u00e1nh gi\u00e1... Gi\u00e1 t\u1ed1t!\" \/>\n<meta property=\"og:url\" content=\"https:\/\/vannangvn.123websitedev.com\/en\/product\/tu-so-mau-3nh-model-d606\/\" \/>\n<meta property=\"og:site_name\" content=\"Vannang.vn\" \/>\n<meta property=\"article:modified_time\" content=\"2026-03-30T12:01:45+00:00\" \/>\n<meta property=\"og:image\" content=\"http:\/\/vannangvn.123websitedev.com\/wp-content\/uploads\/2026\/03\/d60-6-2-768x576-copy.jpg\" \/>\n\t<meta property=\"og:image:width\" content=\"768\" \/>\n\t<meta property=\"og:image:height\" content=\"576\" \/>\n\t<meta property=\"og:image:type\" content=\"image\/jpeg\" \/>\n<meta name=\"twitter:card\" content=\"summary_large_image\" \/>\n<meta name=\"twitter:label1\" content=\"Est. reading time\" \/>\n\t<meta name=\"twitter:data1\" content=\"6 minutes\" \/>\n<script type=\"application\/ld+json\" class=\"yoast-schema-graph\">{\"@context\":\"https:\/\/schema.org\",\"@graph\":[{\"@type\":\"WebPage\",\"@id\":\"https:\/\/vannangvn.123websitedev.com\/san-pham\/tu-so-mau-3nh-model-d606\/\",\"url\":\"https:\/\/vannangvn.123websitedev.com\/san-pham\/tu-so-mau-3nh-model-d606\/\",\"name\":\"T\u1ee6 SO M\u00c0U 3NH MODEL D60(6) ch\u00ednh h\u00e3ng | V\u1ea1n N\u0103ng\",\"isPartOf\":{\"@id\":\"https:\/\/vannangvn.123websitedev.com\/#website\"},\"primaryImageOfPage\":{\"@id\":\"https:\/\/vannangvn.123websitedev.com\/san-pham\/tu-so-mau-3nh-model-d606\/#primaryimage\"},\"image\":{\"@id\":\"https:\/\/vannangvn.123websitedev.com\/san-pham\/tu-so-mau-3nh-model-d606\/#primaryimage\"},\"thumbnailUrl\":\"https:\/\/vannangvn.123websitedev.com\/wp-content\/uploads\/2026\/03\/d60-6-2-768x576-copy.jpg\",\"datePublished\":\"2026-03-20T12:19:32+00:00\",\"dateModified\":\"2026-03-30T12:01:45+00:00\",\"description\":\"Mua ngay T\u1ee6 SO M\u00c0U 3NH MODEL D60(6) ch\u00ednh h\u00e3ng. T\u1ee7 so m\u00e0u DOHO D60(6) v\u1edbi 6 ngu\u1ed3n s\u00e1ng chu\u1ea9n CIE, \u0111\u00e1p \u1ee9ng ISO\/ASTM, gi\u00fap \u0111\u00e1nh gi\u00e1... Gi\u00e1 t\u1ed1t!\",\"breadcrumb\":{\"@id\":\"https:\/\/vannangvn.123websitedev.com\/san-pham\/tu-so-mau-3nh-model-d606\/#breadcrumb\"},\"inLanguage\":\"en-US\",\"potentialAction\":[{\"@type\":\"ReadAction\",\"target\":[\"https:\/\/vannangvn.123websitedev.com\/san-pham\/tu-so-mau-3nh-model-d606\/\"]}]},{\"@type\":\"ImageObject\",\"inLanguage\":\"en-US\",\"@id\":\"https:\/\/vannangvn.123websitedev.com\/san-pham\/tu-so-mau-3nh-model-d606\/#primaryimage\",\"url\":\"https:\/\/vannangvn.123websitedev.com\/wp-content\/uploads\/2026\/03\/d60-6-2-768x576-copy.jpg\",\"contentUrl\":\"https:\/\/vannangvn.123websitedev.com\/wp-content\/uploads\/2026\/03\/d60-6-2-768x576-copy.jpg\",\"width\":768,\"height\":576},{\"@type\":\"BreadcrumbList\",\"@id\":\"https:\/\/vannangvn.123websitedev.com\/san-pham\/tu-so-mau-3nh-model-d606\/#breadcrumb\",\"itemListElement\":[{\"@type\":\"ListItem\",\"position\":1,\"name\":\"Trang ch\u1ee7\",\"item\":\"https:\/\/vannangvn.123websitedev.com\/\"},{\"@type\":\"ListItem\",\"position\":2,\"name\":\"S\u1ea3n ph\u1ea9m\",\"item\":\"https:\/\/vannangvn.123websitedev.com\/cua-hang\/\"},{\"@type\":\"ListItem\",\"position\":3,\"name\":\"T\u1ee6 SO M\u00c0U 3NH MODEL D60(6)\"}]},{\"@type\":\"WebSite\",\"@id\":\"https:\/\/vannangvn.123websitedev.com\/#website\",\"url\":\"https:\/\/vannangvn.123websitedev.com\/\",\"name\":\"Vannang.vn\",\"description\":\"\",\"publisher\":{\"@id\":\"https:\/\/vannangvn.123websitedev.com\/#organization\"},\"potentialAction\":[{\"@type\":\"SearchAction\",\"target\":{\"@type\":\"EntryPoint\",\"urlTemplate\":\"https:\/\/vannangvn.123websitedev.com\/?s={search_term_string}\"},\"query-input\":{\"@type\":\"PropertyValueSpecification\",\"valueRequired\":true,\"valueName\":\"search_term_string\"}}],\"inLanguage\":\"en-US\"},{\"@type\":\"Organization\",\"@id\":\"https:\/\/vannangvn.123websitedev.com\/#organization\",\"name\":\"Vannang.vn\",\"url\":\"https:\/\/vannangvn.123websitedev.com\/\",\"logo\":{\"@type\":\"ImageObject\",\"inLanguage\":\"en-US\",\"@id\":\"https:\/\/vannangvn.123websitedev.com\/#\/schema\/logo\/image\/\",\"url\":\"https:\/\/vannangvn.123websitedev.com\/wp-content\/uploads\/2026\/02\/logo-van-nang-02.png\",\"contentUrl\":\"https:\/\/vannangvn.123websitedev.com\/wp-content\/uploads\/2026\/02\/logo-van-nang-02.png\",\"width\":448,\"height\":111,\"caption\":\"Vannang.vn\"},\"image\":{\"@id\":\"https:\/\/vannangvn.123websitedev.com\/#\/schema\/logo\/image\/\"}}]}<\/script>\n<!-- \/ Yoast SEO Premium plugin. -->","yoast_head_json":{"title":"T\u1ee6 SO M\u00c0U 3NH MODEL D60(6) ch\u00ednh h\u00e3ng | V\u1ea1n N\u0103ng","description":"Mua ngay T\u1ee6 SO M\u00c0U 3NH MODEL D60(6) ch\u00ednh h\u00e3ng. T\u1ee7 so m\u00e0u DOHO D60(6) v\u1edbi 6 ngu\u1ed3n s\u00e1ng chu\u1ea9n CIE, \u0111\u00e1p \u1ee9ng ISO\/ASTM, gi\u00fap \u0111\u00e1nh gi\u00e1... Gi\u00e1 t\u1ed1t!","robots":{"index":"noindex","follow":"follow","max-snippet":"max-snippet:-1","max-image-preview":"max-image-preview:large","max-video-preview":"max-video-preview:-1"},"og_locale":"en_US","og_type":"article","og_title":"T\u1ee6 SO M\u00c0U 3NH MODEL D60(6)","og_description":"Mua ngay T\u1ee6 SO M\u00c0U 3NH MODEL D60(6) ch\u00ednh h\u00e3ng. T\u1ee7 so m\u00e0u DOHO D60(6) v\u1edbi 6 ngu\u1ed3n s\u00e1ng chu\u1ea9n CIE, \u0111\u00e1p \u1ee9ng ISO\/ASTM, gi\u00fap \u0111\u00e1nh gi\u00e1... Gi\u00e1 t\u1ed1t!","og_url":"https:\/\/vannangvn.123websitedev.com\/en\/product\/tu-so-mau-3nh-model-d606\/","og_site_name":"Vannang.vn","article_modified_time":"2026-03-30T12:01:45+00:00","og_image":[{"width":768,"height":576,"url":"http:\/\/vannangvn.123websitedev.com\/wp-content\/uploads\/2026\/03\/d60-6-2-768x576-copy.jpg","type":"image\/jpeg"}],"twitter_card":"summary_large_image","twitter_misc":{"Est. reading time":"6 minutes"},"schema":{"@context":"https:\/\/schema.org","@graph":[{"@type":"WebPage","@id":"https:\/\/vannangvn.123websitedev.com\/san-pham\/tu-so-mau-3nh-model-d606\/","url":"https:\/\/vannangvn.123websitedev.com\/san-pham\/tu-so-mau-3nh-model-d606\/","name":"T\u1ee6 SO M\u00c0U 3NH MODEL D60(6) ch\u00ednh h\u00e3ng | V\u1ea1n N\u0103ng","isPartOf":{"@id":"https:\/\/vannangvn.123websitedev.com\/#website"},"primaryImageOfPage":{"@id":"https:\/\/vannangvn.123websitedev.com\/san-pham\/tu-so-mau-3nh-model-d606\/#primaryimage"},"image":{"@id":"https:\/\/vannangvn.123websitedev.com\/san-pham\/tu-so-mau-3nh-model-d606\/#primaryimage"},"thumbnailUrl":"https:\/\/vannangvn.123websitedev.com\/wp-content\/uploads\/2026\/03\/d60-6-2-768x576-copy.jpg","datePublished":"2026-03-20T12:19:32+00:00","dateModified":"2026-03-30T12:01:45+00:00","description":"Mua ngay T\u1ee6 SO M\u00c0U 3NH MODEL D60(6) ch\u00ednh h\u00e3ng. T\u1ee7 so m\u00e0u DOHO D60(6) v\u1edbi 6 ngu\u1ed3n s\u00e1ng chu\u1ea9n CIE, \u0111\u00e1p \u1ee9ng ISO\/ASTM, gi\u00fap \u0111\u00e1nh gi\u00e1... Gi\u00e1 t\u1ed1t!","breadcrumb":{"@id":"https:\/\/vannangvn.123websitedev.com\/san-pham\/tu-so-mau-3nh-model-d606\/#breadcrumb"},"inLanguage":"en-US","potentialAction":[{"@type":"ReadAction","target":["https:\/\/vannangvn.123websitedev.com\/san-pham\/tu-so-mau-3nh-model-d606\/"]}]},{"@type":"ImageObject","inLanguage":"en-US","@id":"https:\/\/vannangvn.123websitedev.com\/san-pham\/tu-so-mau-3nh-model-d606\/#primaryimage","url":"https:\/\/vannangvn.123websitedev.com\/wp-content\/uploads\/2026\/03\/d60-6-2-768x576-copy.jpg","contentUrl":"https:\/\/vannangvn.123websitedev.com\/wp-content\/uploads\/2026\/03\/d60-6-2-768x576-copy.jpg","width":768,"height":576},{"@type":"BreadcrumbList","@id":"https:\/\/vannangvn.123websitedev.com\/san-pham\/tu-so-mau-3nh-model-d606\/#breadcrumb","itemListElement":[{"@type":"ListItem","position":1,"name":"Trang ch\u1ee7","item":"https:\/\/vannangvn.123websitedev.com\/"},{"@type":"ListItem","position":2,"name":"S\u1ea3n ph\u1ea9m","item":"https:\/\/vannangvn.123websitedev.com\/cua-hang\/"},{"@type":"ListItem","position":3,"name":"T\u1ee6 SO M\u00c0U 3NH MODEL D60(6)"}]},{"@type":"WebSite","@id":"https:\/\/vannangvn.123websitedev.com\/#website","url":"https:\/\/vannangvn.123websitedev.com\/","name":"Vannang.vn","description":"","publisher":{"@id":"https:\/\/vannangvn.123websitedev.com\/#organization"},"potentialAction":[{"@type":"SearchAction","target":{"@type":"EntryPoint","urlTemplate":"https:\/\/vannangvn.123websitedev.com\/?s={search_term_string}"},"query-input":{"@type":"PropertyValueSpecification","valueRequired":true,"valueName":"search_term_string"}}],"inLanguage":"en-US"},{"@type":"Organization","@id":"https:\/\/vannangvn.123websitedev.com\/#organization","name":"Vannang.vn","url":"https:\/\/vannangvn.123websitedev.com\/","logo":{"@type":"ImageObject","inLanguage":"en-US","@id":"https:\/\/vannangvn.123websitedev.com\/#\/schema\/logo\/image\/","url":"https:\/\/vannangvn.123websitedev.com\/wp-content\/uploads\/2026\/02\/logo-van-nang-02.png","contentUrl":"https:\/\/vannangvn.123websitedev.com\/wp-content\/uploads\/2026\/02\/logo-van-nang-02.png","width":448,"height":111,"caption":"Vannang.vn"},"image":{"@id":"https:\/\/vannangvn.123websitedev.com\/#\/schema\/logo\/image\/"}}]}},"_links":{"self":[{"href":"https:\/\/vannangvn.123websitedev.com\/en\/wp-json\/wp\/v2\/product\/8229","targetHints":{"allow":["GET"]}}],"collection":[{"href":"https:\/\/vannangvn.123websitedev.com\/en\/wp-json\/wp\/v2\/product"}],"about":[{"href":"https:\/\/vannangvn.123websitedev.com\/en\/wp-json\/wp\/v2\/types\/product"}],"replies":[{"embeddable":true,"href":"https:\/\/vannangvn.123websitedev.com\/en\/wp-json\/wp\/v2\/comments?post=8229"}],"wp:featuredmedia":[{"embeddable":true,"href":"https:\/\/vannangvn.123websitedev.com\/en\/wp-json\/wp\/v2\/media\/9462"}],"wp:attachment":[{"href":"https:\/\/vannangvn.123websitedev.com\/en\/wp-json\/wp\/v2\/media?parent=8229"}],"wp:term":[{"taxonomy":"product_brand","embeddable":true,"href":"https:\/\/vannangvn.123websitedev.com\/en\/wp-json\/wp\/v2\/product_brand?post=8229"},{"taxonomy":"product_cat","embeddable":true,"href":"https:\/\/vannangvn.123websitedev.com\/en\/wp-json\/wp\/v2\/product_cat?post=8229"},{"taxonomy":"product_tag","embeddable":true,"href":"https:\/\/vannangvn.123websitedev.com\/en\/wp-json\/wp\/v2\/product_tag?post=8229"}],"curies":[{"name":"wp","href":"https:\/\/api.w.org\/{rel}","templated":true}]}}