{"id":8236,"date":"2026-03-20T19:19:45","date_gmt":"2026-03-20T12:19:45","guid":{"rendered":"https:\/\/vannangvn.123websitedev.com\/san-pham\/tu-so-mau-3nh-model-t60\/"},"modified":"2026-03-30T19:01:54","modified_gmt":"2026-03-30T12:01:54","slug":"tu-so-mau-3nh-model-t60","status":"publish","type":"product","link":"https:\/\/vannangvn.123websitedev.com\/en\/product\/tu-so-mau-3nh-model-t60\/","title":{"rendered":"T\u1ee6 SO M\u00c0U 3NH MODEL T60+"},"content":{"rendered":"<h1 style=\"color: red; font-weight: bold; font-size: 24px;\">T&#7893;ng quan s&#7843;n ph&#7849;m T&#7910; SO M&Agrave;U 3NH MODEL T60+<p>T&#7911; so m&agrave;u m&agrave;u (Color Assessment Cabinets) Tilo Model T60+<br>\nT&#7911; &#273;&aacute;nh gi&aacute; m&agrave;u T60+ Tilo l&agrave; phi&ecirc;n b&#7843;n c&#7843;i ti&#7871;n m&#7899;i, &#273;&#432;&#7907;c thi&#7871;t k&#7871; &#273;&#7875; &#273;&aacute;p &#7913;ng nhu c&#7847;u ki&#7875;m so&aacute;t m&agrave;u s&#7855;c ch&iacute;nh x&aacute;c trong s&#7843;n xu&#7845;t v&agrave; ki&#7875;m &#273;&#7883;nh ch&#7845;t l&#432;&#7907;ng. Thi&#7871;t b&#7883; s&#7917; d&#7909;ng 5 ngu&#7891;n s&aacute;ng ti&ecirc;u chu&#7849;n g&#7891;m D65, TL84, F, UV v&agrave; CWF, gi&uacute;p m&ocirc; ph&#7887;ng nhi&#7873;u &#273;i&#7873;u ki&#7879;n chi&#7871;u s&aacute;ng v&#7899;i &#273;&#7897; &#7893;n &#273;&#7883;nh cao.<br>\nT60+ &#273;&aacute;p &#7913;ng c&aacute;c ti&ecirc;u chu&#7849;n qu&#7889;c t&#7871; c&#7911;a CIE v&agrave; t&#432;&#417;ng th&iacute;ch v&#7899;i nhi&#7873;u quy chu&#7849;n nh&#432; ISO 3664, ISO 3668, ASTM D1729, DIN 6173&hellip; &#273;&#7843;m b&#7843;o &#273;&#7897; &#273;&#7891;ng nh&#7845;t &aacute;nh s&aacute;ng &#273;&#7875; &#273;&aacute;nh gi&aacute; m&agrave;u ch&iacute;nh x&aacute;c. H&atilde;y c&ugrave;ng V&#7841;n N&#259;ng t&igrave;m hi&#7875;u chi ti&#7871;t h&#417;n v&#7873; s&#7843;n ph&#7849;m th&ocirc;ng qua b&agrave;i vi&#7871;t d&#432;&#7899;i &#273;&acirc;y!<\/p><h2 style=\"color: #2e7d32; font-weight: bold; font-size: 20px;\">&#272;&#7863;c &#273;i&#7875;m n&#7893;i b&#7853;t c&#7911;a t&#7911; so m&agrave;u m&agrave;u Tilo T60+<\/h2><p>Thi&#7871;t k&#7871; ch&#7855;c ch&#7855;n v&agrave; &#273;&#7897; b&#7873;n v&#432;&#7907;t tr&#7897;i<\/p><p>Khung &#273;&aacute;y kim lo&#7841;i ch&#7883;u l&#7921;c t&#7889;t, b&#7873;n h&#417;n so v&#7899;i c&#7845;u tr&uacute;c truy&#7873;n th&#7889;ng.<br>\nV&#7853;t li&#7879;u nh&#7921;a k&#7929; thu&#7853;t cao c&#7845;p, &#273;&#432;&#7907;c &#273;&uacute;c khu&ocirc;n ch&iacute;nh x&aacute;c, kh&ocirc;ng b&#7883; ng&#7843; v&agrave;ng, kh&ocirc;ng cong v&ecirc;nh v&agrave; kh&ocirc;ng bong tr&oacute;c, duy tr&igrave; &#273;&#7897; b&#7873;n tr&ecirc;n 10 n&#259;m.<\/p><p>Ki&#7875;u d&aacute;ng hi&#7879;n &#273;&#7841;i theo chu&#7849;n qu&#7889;c t&#7871;<\/p><p>Thi&#7871;t k&#7871; t&#7889;i &#432;u d&#7921;a tr&ecirc;n phong c&aacute;ch c&#7911;a Anh v&agrave; M&#7929;, mang &#273;&#7871;n c&#7845;u tr&uacute;c chuy&ecirc;n nghi&#7879;p, d&#7877; thao t&aacute;c.<br>\nK&#7871;t c&#7845;u li&#7873;n kh&#7889;i gi&uacute;p ch&#7889;ng r&ograve; r&#7881; &aacute;nh s&aacute;ng 100%, &#273;&#7843;m b&#7843;o c&aacute;c ngu&#7891;n s&aacute;ng kh&ocirc;ng &#7843;nh h&#432;&#7903;ng l&#7851;n nhau.<\/p><p>Tr&#7843;i nghi&#7879;m quan s&aacute;t an to&agrave;n v&agrave; tho&#7843;i m&aacute;i<\/p><p>C&oacute; th&#7875; t&ugrave;y ch&#7885;n t&#7845;m ch&#7855;n s&aacute;ng &#273;&#7875; gi&#7843;m t&aacute;c &#273;&#7897;ng &aacute;nh s&aacute;ng tr&#7921;c ti&#7871;p v&agrave;o m&#7855;t, ch&#7889;ng m&#7887;i m&#7855;t khi quan s&aacute;t l&acirc;u.<br>\nT&ugrave;y ch&#7885;n ch&acirc;n &#273;&#7871; cao su &#273;&#7875; t&#259;ng &#273;&#7897; b&aacute;m, ch&#7889;ng tr&#7847;y x&#432;&#7899;c b&#7873; m&#7863;t v&agrave; gi&#7919; thi&#7871;t b&#7883; &#7893;n &#273;&#7883;nh.<\/p><h2 style=\"color: #2e7d32; font-weight: bold; font-size: 20px;\">T&iacute;nh n&#259;ng qu&#7843;n l&yacute; &aacute;nh s&aacute;ng th&ocirc;ng minh<\/h2><p>Hi&#7875;n th&#7883; r&otilde; r&agrave;ng th&#7901;i gian s&#7917; d&#7909;ng, t&ecirc;n ngu&#7891;n s&aacute;ng v&agrave; s&#7889; l&#7847;n b&#7853;t\/t&#7855;t c&#7911;a t&#7915;ng b&oacute;ng.<br>\nH&#7895; tr&#7907; chuy&#7875;n &#273;&#7893;i ngu&#7891;n s&aacute;ng t&#7921; &#273;&#7897;ng &#273;&#7875; ki&#7875;m tra hi&#7879;n t&#432;&#7907;ng metamerism (sai l&#7879;ch m&agrave;u d&#432;&#7899;i c&aacute;c &aacute;nh s&aacute;ng kh&aacute;c nhau).<\/p><p>Ch&#7845;t l&#432;&#7907;ng &aacute;nh s&aacute;ng &#7893;n &#273;&#7883;nh v&agrave; ch&iacute;nh x&aacute;c<\/p><p>Kh&ocirc;ng c&#7847;n l&agrave;m n&oacute;ng, kh&ocirc;ng nh&#7845;p nh&aacute;y, cho k&#7871;t qu&#7843; quan s&aacute;t nhanh ch&oacute;ng v&agrave; &#273;&aacute;ng tin c&#7853;y.<br>\nHi&#7879;u su&#7845;t chi&#7871;u s&aacute;ng cao, ti&ecirc;u th&#7909; &iacute;t &#273;i&#7879;n n&#259;ng v&agrave; t&#7887;a nhi&#7879;t th&#7845;p.<\/p><p>H&#7895; tr&#7907; ti&ecirc;u chu&#7849;n Anh &ndash; M&#7929; v&agrave; t&ugrave;y ch&#7881;nh ngu&#7891;n s&aacute;ng<\/p><p>Cung c&#7845;p c&aacute;c ngu&#7891;n s&aacute;ng theo ti&ecirc;u chu&#7849;n qu&#7889;c t&#7871;, d&#7877; d&agrave;ng t&ugrave;y ch&#7881;nh t&ecirc;n ngu&#7891;n s&aacute;ng ho&#7863;c b&#7893; sung ngu&#7891;n s&aacute;ng m&#7899;i khi c&#7847;n thi&#7871;t.<\/p><p>&#7912;ng d&#7909;ng c&#7911;a Model T60+ trong th&#7921;c t&#7871;:<\/p><p>Ng&agrave;nh in &#7845;n &ndash; bao b&igrave;: Ki&#7875;m tra m&agrave;u s&#7855;c gi&#7919;a b&#7843;n proof v&agrave; b&#7843;n in th&agrave;nh ph&#7849;m, so m&agrave;u &#273;&#7897; &#273;&#7891;ng nh&#7845;t m&agrave;u c&#7911;a nh&atilde;n, h&#7897;p v&agrave; t&uacute;i bao b&igrave;.<br>\nD&#7879;t may &ndash; nhu&#7897;m: &#272;&#7889;i chi&#7871;u m&agrave;u v&#7843;i, s&#7907;i v&agrave; m&#7851;u m&agrave;u chu&#7849;n, h&#7841;n ch&#7871; l&#7895;i l&#7879;ch m&agrave;u gi&#7919;a c&aacute;c l&ocirc; s&#7843;n xu&#7845;t.<br>\nNh&#7921;a, cao su, linh ki&#7879;n k&#7929; thu&#7853;t: Ki&#7875;m so&aacute;t m&agrave;u s&#7855;c c&#7911;a chi ti&#7871;t nh&#7921;a &#273;&uacute;c, ph&#7909; ki&#7879;n ti&ecirc;u d&ugrave;ng v&agrave; linh ki&#7879;n xe h&#417;i.<br>\nDa &ndash; gi&agrave;y &ndash; n&#7897;i th&#7845;t: So m&agrave;u m&agrave;u da th&#7853;t, da PU, PVC, v&#7843;i b&#7885;c n&#7897;i th&#7845;t&hellip;<br>\nG&#7889;m s&#7913; &ndash; s&#417;n ph&#7911; &ndash; v&#7853;t li&#7879;u x&acirc;y d&#7921;ng: Ki&#7875;m tra m&agrave;u men g&#7889;m, &#273;&aacute; &#7889;p, laminate, v&#7853;t li&#7879;u ho&agrave;n thi&#7879;n b&#7873; m&#7863;t.<br>\nNg&agrave;nh &#273;&#7891; h&#7885;a, nhi&#7871;p &#7843;nh, in proof: D&ugrave;ng &#273;&#7875; quan s&aacute;t m&agrave;u h&igrave;nh &#7843;nh, b&#7843;n thi&#7871;t k&#7871;, t&#432; li&#7879;u in tr&#432;&#7899;c khi s&#7843;n xu&#7845;t h&agrave;ng lo&#7841;t.<\/p><p>Nh&#7919;ng L&yacute; Do N&ecirc;n Mua T&#7911; So M&agrave;u T&#7841;i Thi&#7871;t B&#7883; C&ocirc;ng Ngh&#7879; V&#7841;n N&#259;ng<\/p><p>C&ocirc;ng ty Thi&#7871;t B&#7883; C&ocirc;ng Ngh&#7879; V&#7841;n N&#259;ng l&agrave; &#273;&#7889;i t&aacute;c ch&iacute;nh th&#7913;c ph&acirc;n ph&#7889;i T&#7911; So M&agrave;u h&agrave;ng &#273;&#7847;u t&#7841;i Vi&#7879;t Nam, cam k&#7871;t cung c&#7845;p s&#7843;n ph&#7849;m ch&iacute;nh h&atilde;ng v&#7899;i gi&aacute; c&#7843; c&#7841;nh tranh nh&#7845;t th&#7883; tr&#432;&#7901;ng. V&#7899;i uy t&iacute;n tr&ecirc;n th&#7883; tr&#432;&#7901;ng v&agrave; ch&#7871; &#273;&#7897; h&#7851;u m&atilde;i t&#7889;t, Thi&#7871;t B&#7883; C&ocirc;ng Ngh&#7879; V&#7841;n N&#259;ng &#273;&atilde; nh&#7853;n&#273;&#432;&#7907;c s&#7921; tin t&#432;&#7903;ng t&#7915; kh&aacute;ch h&agrave;ng nh&#7901; v&agrave;o ch&#7845;t l&#432;&#7907;ng h&agrave;ng &#273;&#7847;u c&#7911;a c&aacute;c d&ograve;ng s&#7843;n ph&#7849;m.<br>\nS&#7843;n ph&#7849;m c&#7911;a ch&uacute;ng t&ocirc;i &#273;&#432;&#7907;c ki&#7875;m &#273;&#7883;nh ch&#7845;t l&#432;&#7907;ng, nh&#7853;p kh&#7849;u tr&#7921;c ti&#7871;p t&#7915; nh&agrave; m&aacute;y b&ecirc;n Ch&acirc;u &Acirc;u, M&#7929;, &Uacute;c, Nh&#7853;t B&#7843;n,&hellip; v&agrave; &#273;&aacute;p &#7913;ng nhu c&#7847;u &#273;a d&#7841;ng c&#7911;a th&#7883; tr&#432;&#7901;ng nh&#432;: M&aacute;y &#272;o &#272;&#7897; C&#7913;ng, M&aacute;y SPECTROMAXx, M&aacute;y Ki&#7875;m Tra &#272;&#432;&#7901;ng Gh&eacute;p M&iacute; Lon,&hellip; Ch&uacute;ng t&ocirc;i cam k&#7871;t cung c&#7845;p s&#7843;n ph&#7849;m n&agrave;y tr&ecirc;n to&agrave;n qu&#7889;c v&#7899;i gi&aacute; c&#7843; c&#7841;nh tranh nh&#7845;t.<br>\nCh&uacute;ng t&ocirc;i c&oacute; &#273;&#7897;i ng&#361; chuy&ecirc;n vi&ecirc;n t&#432; v&#7845;n chuy&ecirc;n s&acirc;u s&#7869; h&#7895; tr&#7907; kh&aacute;ch h&agrave;ng v&#7873; chi ti&#7871;t s&#7843;n ph&#7849;m, h&#432;&#7899;ng d&#7851;n s&#7917; d&#7909;ng hay nh&#7919;ng th&#7913; li&ecirc;n quan &#273;&#7871;n v&#7845;n &#273;&#7873; m&agrave; doanh nghi&#7879;p b&#7841;n &#273;ang g&#7863;p ph&#7843;i. Ch&uacute;ng t&ocirc;i s&#7869; cung c&#7845;p nh&#7919;ng gi&#7843;i ph&aacute;p t&#7889;i &#432;u nh&#7845;t!<br>\nNgo&agrave;i ra Thi&#7871;t B&#7883; C&ocirc;ng Ngh&#7879; V&#7841;n N&#259;ng Ch&uacute;ng T&ocirc;i lu&ocirc;n h&#432;&#7899;ng &#273;&#7871;n tr&#7843;i nghi&#7879;m kh&aacute;ch h&agrave;ng, v&igrave; v&#7853;y ch&uacute;ng t&ocirc;i c&oacute; nh&#7919;ng ch&iacute;nh s&aacute;ch b&#7843;o h&agrave;nh, b&#7843;o tr&igrave; &ndash; b&#7843;o d&#432;&#7905;ng, hi&#7879;u chu&#7849;n v&#7899;i t&#7845;t c&#7843; c&aacute;c thi&#7871;t b&#7883;, m&aacute;y m&oacute;c m&agrave; ch&uacute;ng t&ocirc;i cung c&#7845;p. &#272;&#7843;m b&#7843;o mang &#273;&#7871;n cho Kh&aacute;ch h&agrave;ng s&#7921; y&ecirc;n t&acirc;m tuy&#7879;t &#273;&#7889;i v&#7873; d&#7883;ch v&#7909; khi mua h&agrave;ng.<\/p><p>H&atilde;y li&ecirc;n h&#7879; v&#7899;i V&#7841;n N&#259;ng Company &#273;&#7875; &#273;&#432;&#7907;c t&#432; v&#7845;n chi ti&#7871;t v&agrave; nh&#7853;n ngay &#432;u &#273;&atilde;i h&#7845;p d&#7851;n th&ocirc;ng qua hotline\/zalo: <a href=\"https:\/\/zalo.me\/0903991335\" target=\"_blank\" rel=\"noopener\" style=\"color: #059669; font-weight: bold; text-decoration: none;\">0903 991 335<\/a>!<\/p><div style=\"background-color: #f8fafc; border: 1px solid #e2e8f0; border-radius: 8px; padding: 25px; max-width: 800px; margin: 30px auto; color: #334155; line-height: 1.8; font-size: 17px; box-shadow: 0 4px 6px -1px rgba(0,0,0,0.05); text-align: left; clear: both;\">\nC&ocirc;ng ty TNHH Th&#432;&#417;ng M&#7841;i D&#7883;ch V&#7909; Thi&#7871;t B&#7883; C&ocirc;ng Ngh&#7879; V&#7841;n N&#259;ng\n<p style=\"margin: 0 0 10px 0;\">&#128205; <strong style=\"color: #1e293b;\">&#272;&#7883;a ch&#7881;:<\/strong> <a style=\"color: #059669; text-decoration: none; font-weight: bold;\" href=\"https:\/\/www.google.com\/maps\/search\/C%C3%B4ng+ty+TNHH+Th%C6%B0%C6%A1ng+M%E1%BA%A1i+D%E1%BB%8Bch+V%E1%BB%A5+Thi%E1%BA%BFt+B%E1%BB%8B+C%C3%B4ng+Ngh%E1%BB%87+V%E1%BA%A1n+N%C4%83ng+818+Tr%C6%B0%E1%BB%9Dng+Chinh\" target=\"_blank\" rel=\"noopener\">818 Tr&#432;&#7901;ng Chinh, Ph&#432;&#7901;ng T&acirc;n S&#417;n, Th&agrave;nh ph&#7889; H&#7891; Ch&iacute; Minh, Vi&#7879;t Nam<\/a><\/p>\n<p style=\"margin: 0 0 10px 0;\">&#128222; <strong style=\"color: #1e293b;\">S&#272;T &ndash; Zalo:<\/strong> <a style=\"color: #059669; text-decoration: none; font-weight: bold;\" href=\"https:\/\/zalo.me\/0903991335\" target=\"_blank\" rel=\"noopener\">0903 991 335<\/a> <span style=\"color: #64748b; font-style: italic;\">(Ms. H&#7841;nh &ndash; Gi&aacute;m &#272;&#7889;c Kinh Doanh)<\/span><\/p>\n<p style=\"margin: 0;\">&#9993;&#65039; <strong style=\"color: #1e293b;\">Email:<\/strong> <a style=\"color: #059669; text-decoration: none; font-weight: bold;\" href=\"mailto:hienhanh@vannangvn.com\">hienhanh@vannangvn.com<\/a><\/p>\n<\/div><\/h1>","protected":false},"excerpt":{"rendered":"<p><strong>Th&#432;&#417;ng hi&#7879;u:<\/strong> 3nh<br>\n<strong>Model:<\/strong> T60+<p>Product <strong>T&#7910; SO M&Agrave;U 3NH MODEL T60+<\/strong> ch&iacute;nh h&atilde;ng. 3nh (China)<br>\nT&#7911; &#272;&aacute;nh Gi&aacute; M&agrave;u T60+ Tilo v&#7899;i 5 ngu&#7891;n s&aacute;ng ti&ecirc;u chu&#7849;n, &#273;&#7841;t chu&#7849;n CIE&ndash;ISO, h&#7895; tr&#7907; ki&#7875;m so&aacute;t m&agrave;u ch&iacute;nh x&aacute;c cho in &#7845;n, d&#7879;t may v&agrave; s&#7843;n xu&#7845;t c&ocirc;ng nghi&#7879;p.<\/p><\/p>","protected":false},"featured_media":0,"comment_status":"open","ping_status":"closed","template":"","meta":[],"product_brand":[],"product_cat":[18],"product_tag":[116,129,130,131,162,3815],"class_list":{"0":"post-8236","1":"product","2":"type-product","3":"status-publish","5":"product_cat-chua-phan-loai","6":"product_tag-model","7":"product_tag-so","8":"product_tag-mau","9":"product_tag-3nh","10":"product_tag-tu","11":"product_tag-t60","13":"first","14":"instock","15":"shipping-taxable","16":"product-type-simple"},"yoast_head":"<!-- This site is optimized with the Yoast SEO Premium plugin v24.8 (Yoast SEO v24.8) - https:\/\/yoast.com\/wordpress\/plugins\/seo\/ -->\n<title>T\u1ee6 SO M\u00c0U 3NH MODEL T60+ ch\u00ednh h\u00e3ng | V\u1ea1n N\u0103ng<\/title>\n<meta name=\"description\" content=\"Mua ngay T\u1ee6 SO M\u00c0U 3NH MODEL T60+ ch\u00ednh h\u00e3ng. T\u1ee7 \u0110\u00e1nh Gi\u00e1 M\u00e0u T60+ Tilo v\u1edbi 5 ngu\u1ed3n s\u00e1ng ti\u00eau chu\u1ea9n, \u0111\u1ea1t chu\u1ea9n CIE\u2013ISO, h\u1ed7 tr\u1ee3 ki\u1ec3... Gi\u00e1 t\u1ed1t!\" \/>\n<meta name=\"robots\" content=\"noindex, follow, max-snippet:-1, max-image-preview:large, max-video-preview:-1\" \/>\n<meta property=\"og:locale\" content=\"en_US\" \/>\n<meta property=\"og:type\" content=\"article\" \/>\n<meta property=\"og:title\" content=\"T\u1ee6 SO M\u00c0U 3NH MODEL T60+\" \/>\n<meta property=\"og:description\" content=\"Mua ngay T\u1ee6 SO M\u00c0U 3NH MODEL T60+ ch\u00ednh h\u00e3ng. T\u1ee7 \u0110\u00e1nh Gi\u00e1 M\u00e0u T60+ Tilo v\u1edbi 5 ngu\u1ed3n s\u00e1ng ti\u00eau chu\u1ea9n, \u0111\u1ea1t chu\u1ea9n CIE\u2013ISO, h\u1ed7 tr\u1ee3 ki\u1ec3... Gi\u00e1 t\u1ed1t!\" \/>\n<meta property=\"og:url\" content=\"https:\/\/vannangvn.123websitedev.com\/en\/product\/tu-so-mau-3nh-model-t60\/\" \/>\n<meta property=\"og:site_name\" content=\"Vannang.vn\" \/>\n<meta property=\"article:modified_time\" content=\"2026-03-30T12:01:54+00:00\" \/>\n<meta name=\"twitter:card\" content=\"summary_large_image\" \/>\n<meta name=\"twitter:label1\" content=\"Est. reading time\" \/>\n\t<meta name=\"twitter:data1\" content=\"7 minutes\" \/>\n<script type=\"application\/ld+json\" class=\"yoast-schema-graph\">{\"@context\":\"https:\/\/schema.org\",\"@graph\":[{\"@type\":\"WebPage\",\"@id\":\"https:\/\/vannangvn.123websitedev.com\/san-pham\/tu-so-mau-3nh-model-t60\/\",\"url\":\"https:\/\/vannangvn.123websitedev.com\/san-pham\/tu-so-mau-3nh-model-t60\/\",\"name\":\"T\u1ee6 SO M\u00c0U 3NH MODEL T60+ ch\u00ednh h\u00e3ng | V\u1ea1n N\u0103ng\",\"isPartOf\":{\"@id\":\"https:\/\/vannangvn.123websitedev.com\/#website\"},\"datePublished\":\"2026-03-20T12:19:45+00:00\",\"dateModified\":\"2026-03-30T12:01:54+00:00\",\"description\":\"Mua ngay T\u1ee6 SO M\u00c0U 3NH MODEL T60+ ch\u00ednh h\u00e3ng. T\u1ee7 \u0110\u00e1nh Gi\u00e1 M\u00e0u T60+ Tilo v\u1edbi 5 ngu\u1ed3n s\u00e1ng ti\u00eau chu\u1ea9n, \u0111\u1ea1t chu\u1ea9n CIE\u2013ISO, h\u1ed7 tr\u1ee3 ki\u1ec3... Gi\u00e1 t\u1ed1t!\",\"breadcrumb\":{\"@id\":\"https:\/\/vannangvn.123websitedev.com\/san-pham\/tu-so-mau-3nh-model-t60\/#breadcrumb\"},\"inLanguage\":\"en-US\",\"potentialAction\":[{\"@type\":\"ReadAction\",\"target\":[\"https:\/\/vannangvn.123websitedev.com\/san-pham\/tu-so-mau-3nh-model-t60\/\"]}]},{\"@type\":\"BreadcrumbList\",\"@id\":\"https:\/\/vannangvn.123websitedev.com\/san-pham\/tu-so-mau-3nh-model-t60\/#breadcrumb\",\"itemListElement\":[{\"@type\":\"ListItem\",\"position\":1,\"name\":\"Trang ch\u1ee7\",\"item\":\"https:\/\/vannangvn.123websitedev.com\/\"},{\"@type\":\"ListItem\",\"position\":2,\"name\":\"S\u1ea3n ph\u1ea9m\",\"item\":\"https:\/\/vannangvn.123websitedev.com\/cua-hang\/\"},{\"@type\":\"ListItem\",\"position\":3,\"name\":\"T\u1ee6 SO M\u00c0U 3NH MODEL T60+\"}]},{\"@type\":\"WebSite\",\"@id\":\"https:\/\/vannangvn.123websitedev.com\/#website\",\"url\":\"https:\/\/vannangvn.123websitedev.com\/\",\"name\":\"Vannang.vn\",\"description\":\"\",\"publisher\":{\"@id\":\"https:\/\/vannangvn.123websitedev.com\/#organization\"},\"potentialAction\":[{\"@type\":\"SearchAction\",\"target\":{\"@type\":\"EntryPoint\",\"urlTemplate\":\"https:\/\/vannangvn.123websitedev.com\/?s={search_term_string}\"},\"query-input\":{\"@type\":\"PropertyValueSpecification\",\"valueRequired\":true,\"valueName\":\"search_term_string\"}}],\"inLanguage\":\"en-US\"},{\"@type\":\"Organization\",\"@id\":\"https:\/\/vannangvn.123websitedev.com\/#organization\",\"name\":\"Vannang.vn\",\"url\":\"https:\/\/vannangvn.123websitedev.com\/\",\"logo\":{\"@type\":\"ImageObject\",\"inLanguage\":\"en-US\",\"@id\":\"https:\/\/vannangvn.123websitedev.com\/#\/schema\/logo\/image\/\",\"url\":\"https:\/\/vannangvn.123websitedev.com\/wp-content\/uploads\/2026\/02\/logo-van-nang-02.png\",\"contentUrl\":\"https:\/\/vannangvn.123websitedev.com\/wp-content\/uploads\/2026\/02\/logo-van-nang-02.png\",\"width\":448,\"height\":111,\"caption\":\"Vannang.vn\"},\"image\":{\"@id\":\"https:\/\/vannangvn.123websitedev.com\/#\/schema\/logo\/image\/\"}}]}<\/script>\n<!-- \/ Yoast SEO Premium plugin. -->","yoast_head_json":{"title":"T\u1ee6 SO M\u00c0U 3NH MODEL T60+ ch\u00ednh h\u00e3ng | V\u1ea1n N\u0103ng","description":"Mua ngay T\u1ee6 SO M\u00c0U 3NH MODEL T60+ ch\u00ednh h\u00e3ng. T\u1ee7 \u0110\u00e1nh Gi\u00e1 M\u00e0u T60+ Tilo v\u1edbi 5 ngu\u1ed3n s\u00e1ng ti\u00eau chu\u1ea9n, \u0111\u1ea1t chu\u1ea9n CIE\u2013ISO, h\u1ed7 tr\u1ee3 ki\u1ec3... Gi\u00e1 t\u1ed1t!","robots":{"index":"noindex","follow":"follow","max-snippet":"max-snippet:-1","max-image-preview":"max-image-preview:large","max-video-preview":"max-video-preview:-1"},"og_locale":"en_US","og_type":"article","og_title":"T\u1ee6 SO M\u00c0U 3NH MODEL T60+","og_description":"Mua ngay T\u1ee6 SO M\u00c0U 3NH MODEL T60+ ch\u00ednh h\u00e3ng. T\u1ee7 \u0110\u00e1nh Gi\u00e1 M\u00e0u T60+ Tilo v\u1edbi 5 ngu\u1ed3n s\u00e1ng ti\u00eau chu\u1ea9n, \u0111\u1ea1t chu\u1ea9n CIE\u2013ISO, h\u1ed7 tr\u1ee3 ki\u1ec3... Gi\u00e1 t\u1ed1t!","og_url":"https:\/\/vannangvn.123websitedev.com\/en\/product\/tu-so-mau-3nh-model-t60\/","og_site_name":"Vannang.vn","article_modified_time":"2026-03-30T12:01:54+00:00","twitter_card":"summary_large_image","twitter_misc":{"Est. reading time":"7 minutes"},"schema":{"@context":"https:\/\/schema.org","@graph":[{"@type":"WebPage","@id":"https:\/\/vannangvn.123websitedev.com\/san-pham\/tu-so-mau-3nh-model-t60\/","url":"https:\/\/vannangvn.123websitedev.com\/san-pham\/tu-so-mau-3nh-model-t60\/","name":"T\u1ee6 SO M\u00c0U 3NH MODEL T60+ ch\u00ednh h\u00e3ng | V\u1ea1n N\u0103ng","isPartOf":{"@id":"https:\/\/vannangvn.123websitedev.com\/#website"},"datePublished":"2026-03-20T12:19:45+00:00","dateModified":"2026-03-30T12:01:54+00:00","description":"Mua ngay T\u1ee6 SO M\u00c0U 3NH MODEL T60+ ch\u00ednh h\u00e3ng. T\u1ee7 \u0110\u00e1nh Gi\u00e1 M\u00e0u T60+ Tilo v\u1edbi 5 ngu\u1ed3n s\u00e1ng ti\u00eau chu\u1ea9n, \u0111\u1ea1t chu\u1ea9n CIE\u2013ISO, h\u1ed7 tr\u1ee3 ki\u1ec3... Gi\u00e1 t\u1ed1t!","breadcrumb":{"@id":"https:\/\/vannangvn.123websitedev.com\/san-pham\/tu-so-mau-3nh-model-t60\/#breadcrumb"},"inLanguage":"en-US","potentialAction":[{"@type":"ReadAction","target":["https:\/\/vannangvn.123websitedev.com\/san-pham\/tu-so-mau-3nh-model-t60\/"]}]},{"@type":"BreadcrumbList","@id":"https:\/\/vannangvn.123websitedev.com\/san-pham\/tu-so-mau-3nh-model-t60\/#breadcrumb","itemListElement":[{"@type":"ListItem","position":1,"name":"Trang ch\u1ee7","item":"https:\/\/vannangvn.123websitedev.com\/"},{"@type":"ListItem","position":2,"name":"S\u1ea3n ph\u1ea9m","item":"https:\/\/vannangvn.123websitedev.com\/cua-hang\/"},{"@type":"ListItem","position":3,"name":"T\u1ee6 SO M\u00c0U 3NH MODEL T60+"}]},{"@type":"WebSite","@id":"https:\/\/vannangvn.123websitedev.com\/#website","url":"https:\/\/vannangvn.123websitedev.com\/","name":"Vannang.vn","description":"","publisher":{"@id":"https:\/\/vannangvn.123websitedev.com\/#organization"},"potentialAction":[{"@type":"SearchAction","target":{"@type":"EntryPoint","urlTemplate":"https:\/\/vannangvn.123websitedev.com\/?s={search_term_string}"},"query-input":{"@type":"PropertyValueSpecification","valueRequired":true,"valueName":"search_term_string"}}],"inLanguage":"en-US"},{"@type":"Organization","@id":"https:\/\/vannangvn.123websitedev.com\/#organization","name":"Vannang.vn","url":"https:\/\/vannangvn.123websitedev.com\/","logo":{"@type":"ImageObject","inLanguage":"en-US","@id":"https:\/\/vannangvn.123websitedev.com\/#\/schema\/logo\/image\/","url":"https:\/\/vannangvn.123websitedev.com\/wp-content\/uploads\/2026\/02\/logo-van-nang-02.png","contentUrl":"https:\/\/vannangvn.123websitedev.com\/wp-content\/uploads\/2026\/02\/logo-van-nang-02.png","width":448,"height":111,"caption":"Vannang.vn"},"image":{"@id":"https:\/\/vannangvn.123websitedev.com\/#\/schema\/logo\/image\/"}}]}},"_links":{"self":[{"href":"https:\/\/vannangvn.123websitedev.com\/en\/wp-json\/wp\/v2\/product\/8236","targetHints":{"allow":["GET"]}}],"collection":[{"href":"https:\/\/vannangvn.123websitedev.com\/en\/wp-json\/wp\/v2\/product"}],"about":[{"href":"https:\/\/vannangvn.123websitedev.com\/en\/wp-json\/wp\/v2\/types\/product"}],"replies":[{"embeddable":true,"href":"https:\/\/vannangvn.123websitedev.com\/en\/wp-json\/wp\/v2\/comments?post=8236"}],"wp:attachment":[{"href":"https:\/\/vannangvn.123websitedev.com\/en\/wp-json\/wp\/v2\/media?parent=8236"}],"wp:term":[{"taxonomy":"product_brand","embeddable":true,"href":"https:\/\/vannangvn.123websitedev.com\/en\/wp-json\/wp\/v2\/product_brand?post=8236"},{"taxonomy":"product_cat","embeddable":true,"href":"https:\/\/vannangvn.123websitedev.com\/en\/wp-json\/wp\/v2\/product_cat?post=8236"},{"taxonomy":"product_tag","embeddable":true,"href":"https:\/\/vannangvn.123websitedev.com\/en\/wp-json\/wp\/v2\/product_tag?post=8236"}],"curies":[{"name":"wp","href":"https:\/\/api.w.org\/{rel}","templated":true}]}}