{"id":8237,"date":"2026-03-20T19:19:46","date_gmt":"2026-03-20T12:19:46","guid":{"rendered":"https:\/\/vannangvn.123websitedev.com\/san-pham\/tu-so-mau-3nh-model-t60b\/"},"modified":"2026-03-30T19:01:56","modified_gmt":"2026-03-30T12:01:56","slug":"tu-so-mau-3nh-model-t60b","status":"publish","type":"product","link":"https:\/\/vannangvn.123websitedev.com\/en\/product\/tu-so-mau-3nh-model-t60b\/","title":{"rendered":"T\u1ee6 SO M\u00c0U 3NH MODEL T60B"},"content":{"rendered":"<h1 style=\"color: red; font-weight: bold; font-size: 24px;\">T&#7893;ng quan s&#7843;n ph&#7849;m T&#7910; SO M&Agrave;U 3NH MODEL T60B<p>T&#7911; so m&agrave;u (British Color Assessment Cabinets) Tilo Model T60B<br>\nT&#7911; so m&agrave;u 3nh T60B l&agrave; thi&#7871;t b&#7883; ki&#7875;m tra v&agrave; &#273;&aacute;nh gi&aacute; m&agrave;u s&#7855;c chuy&ecirc;n d&#7909;ng, h&#7895; tr&#7907; cung c&#7845;p c&aacute;c ngu&#7891;n s&aacute;ng ti&ecirc;u chu&#7849;n &#273;&#432;&#7907;c &#7910;y ban Chi&#7871;u s&aacute;ng Qu&#7889;c t&#7871; (CIE) c&ocirc;ng nh&#7853;n, tu&acirc;n th&#7911; &#273;&#7847;y &#273;&#7911; c&aacute;c quy chu&#7849;n &#273;&aacute;nh gi&aacute; m&agrave;u.<br>\nNh&#7901; t&iacute;ch h&#7907;p 4 ngu&#7891;n s&aacute;ng chu&#7849;n, Tilo Model T60B thi&#7871;t b&#7883; m&ocirc; ph&#7887;ng ch&iacute;nh x&aacute;c m&ocirc;i tr&#432;&#7901;ng &aacute;nh s&aacute;ng kh&aacute;c nhau &#273;&#7875; &#273;&aacute;nh gi&aacute; m&agrave;u v&agrave; &#273;&#7897; l&#7879;ch m&agrave;u m&#7897;t c&aacute;ch kh&aacute;ch quan, h&#7841;n ch&#7871; t&#7889;i &#273;a sai s&#7889; trong qu&aacute; tr&igrave;nh so m&agrave;u. H&atilde;y c&ugrave;ng V&#7841;n N&#259;ng t&igrave;m hi&#7875;u chi ti&#7871;t h&#417;n v&#7873; s&#7843;n ph&#7849;m th&ocirc;ng qua b&agrave;i vi&#7871;t d&#432;&#7899;i &#273;&acirc;y!<\/p><h2 style=\"color: #2e7d32; font-weight: bold; font-size: 20px;\">&#272;&#7863;c &#272;i&#7875;m N&#7893;i B&#7853;t<\/h2><p>Model T60B l&agrave; t&#7911; so m&agrave;u chuy&ecirc;n d&#7909;ng &#273;&#432;&#7907;c thi&#7871;t k&#7871;  t&#7853;p trung v&agrave;o t&iacute;nh &#7893;n &#273;&#7883;nh &aacute;nh s&aacute;ng, &#273;&#7897; b&#7873;n v&agrave; kh&#7843; n&#259;ng m&ocirc; ph&#7887;ng nhi&#7873;u &#273;i&#7873;u ki&#7879;n chi&#7871;u s&aacute;ng kh&aacute;c nhau, ph&ugrave; h&#7907;p cho m&#7885;i ph&ograve;ng ki&#7875;m &#273;&#7883;nh m&agrave;u chuy&ecirc;n nghi&#7879;p.<\/p><p>Theo d&otilde;i th&ocirc;ng s&#7889; chi ti&#7871;t: hi&#7875;n th&#7883; th&#7901;i gian s&#7917; d&#7909;ng, t&ecirc;n ngu&#7891;n s&aacute;ng v&agrave; s&#7889; l&#7847;n b&#7853;t\/t&#7855;t c&#7911;a t&#7915;ng &#273;&egrave;n, gi&uacute;p ki&#7875;m so&aacute;t ch&#7845;t l&#432;&#7907;ng &aacute;nh s&aacute;ng t&#7889;t h&#417;n.<br>\nChuy&#7875;n &#273;&#7893;i ngu&#7891;n s&aacute;ng t&#7921; &#273;&#7897;ng: h&#7895; tr&#7907; ki&#7875;m tra hi&#7879;n t&#432;&#7907;ng metamerism (kh&aacute;c bi&#7879;t m&agrave;u d&#432;&#7899;i &aacute;nh s&aacute;ng kh&aacute;c nhau).<br>\nHo&#7841;t &#273;&#7897;ng &#7893;n &#273;&#7883;nh: b&#7853;t s&aacute;ng t&#7913;c th&igrave;, kh&ocirc;ng nh&#7845;p nh&aacute;y, cho k&#7871;t qu&#7843; &#273;&aacute;nh gi&aacute; ch&iacute;nh x&aacute;c v&agrave; nh&#7845;t qu&aacute;n.<br>\nTi&#7871;t ki&#7879;m &#273;i&#7879;n &ndash; hi&#7879;u su&#7845;t cao: nhi&#7879;t l&#432;&#7907;ng th&#7845;p, tu&#7893;i th&#7885; &#273;&egrave;n d&agrave;i, &#273;&#7897; s&aacute;ng ti&ecirc;u chu&#7849;n.<br>\nS&#7917; d&#7909;ng b&oacute;ng &#273;&egrave;n CAC60 chu&#7849;n Anh qu&#7889;c, &#273;&#7843;m b&#7843;o m&agrave;u n&#7873;n &#273;&#7891;ng nh&#7845;t theo qu&#7889;c t&#7871;.<br>\nTh&#432;&#417;ng hi&#7879;u TILO &ndash; &#273;&#7841;t chu&#7849;n &#273;&aacute;nh gi&aacute; m&agrave;u to&agrave;n c&#7847;u, ph&ugrave; h&#7907;p cho ph&ograve;ng th&iacute; nghi&#7879;m, s&#7843;n xu&#7845;t v&agrave; ki&#7875;m &#273;&#7883;nh ch&#7845;t l&#432;&#7907;ng.<br>\n&#7912;ng d&#7909;ng th&#7921;c t&#7871; m&#7903; r&#7897;ng: h&#7895; tr&#7907; &#273;&agrave;o t&#7841;o nh&acirc;n vi&ecirc;n QC, hi&#7879;u ch&#7881;nh m&agrave;u tr&#432;&#7899;c in &#7845;n, &#273;&#7889;i chi&#7871;u m&agrave;u m&#7851;u &ndash; m&agrave;u s&#7843;n ph&#7849;m, ki&#7875;m tra l&ocirc; h&agrave;ng trong kh&acirc;u nghi&#7879;m thu.<\/p><p>&#7912;ng D&#7909;ng C&#7911;a Tilo T60B<br>\nTilo T60B &#273;&#432;&#7907;c s&#7917; d&#7909;ng r&#7897;ng r&atilde;i trong c&aacute;c ng&agrave;nh c&#7847;n ki&#7875;m tra m&agrave;u s&#7855;c ch&iacute;nh x&aacute;c, &#273;&#7863;c bi&#7879;t khi s&#7843;n ph&#7849;m ph&#7843;i &#273;&#7841;t chu&#7849;n tr&#432;&#7899;c khi &#273;&#432;a ra th&#7883; tr&#432;&#7901;ng:<\/p><p>In &#7845;n &amp; Bao b&igrave;: ki&#7875;m tra m&agrave;u in, proofing tr&#432;&#7899;c khi ch&#7841;y m&aacute;y.<br>\nD&#7879;t may &ndash; nhu&#7897;m &ndash; s&#7907;i: so m&agrave;u v&#7843;i, s&#7907;i, m&#7851;u nhu&#7897;m trong nhi&#7873;u &#273;i&#7873;u ki&#7879;n &aacute;nh s&aacute;ng.<br>\nDa gi&agrave;y &amp; th&#7901;i trang: &#273;&aacute;nh gi&aacute; &#273;&#7897; &#273;&#7891;ng &#273;&#7873;u m&agrave;u v&agrave; s&#7921; l&#7879;ch m&agrave;u gi&#7919;a c&aacute;c b&#7897; ph&#7853;n.<br>\nNh&#7921;a &amp; cao su: ki&#7875;m tra m&agrave;u h&#7841;t nh&#7921;a, b&#7897; ph&#7853;n nh&#7921;a th&agrave;nh ph&#7849;m.<br>\nG&#7889;m s&#7913; &ndash; s&#417;n ph&#7911; &ndash; v&#7853;t li&#7879;u x&acirc;y d&#7921;ng: &#273;&aacute;nh gi&aacute; &#273;&#7891;ng nh&#7845;t m&agrave;u b&#7873; m&#7863;t.<br>\n&Ocirc; t&ocirc; &ndash; xe m&aacute;y: so m&agrave;u s&#417;n, linh ki&#7879;n n&#7897;i th&#7845;t &ndash; ngo&#7841;i th&#7845;t.<br>\nNhi&#7871;p &#7843;nh &ndash; &#273;&#7891; h&#7885;a &ndash; ph&ograve;ng thi&#7871;t k&#7871;: ki&#7875;m tra m&agrave;u s&#7843;n ph&#7849;m, catalog, &#7843;nh minh h&#7885;a.<br>\nPh&ograve;ng ki&#7875;m &#273;&#7883;nh ch&#7845;t l&#432;&#7907;ng (QC\/QA): d&ugrave;ng nh&#432; c&ocirc;ng c&#7909; chu&#7849;n h&oacute;a &aacute;nh s&aacute;ng trong quy tr&igrave;nh &#273;&aacute;nh gi&aacute; m&agrave;u.<\/p><p>Nh&#7919;ng L&yacute; Do N&ecirc;n Mua T&#7911; So M&agrave;u T&#7841;i Thi&#7871;t B&#7883; C&ocirc;ng Ngh&#7879; V&#7841;n N&#259;ng<\/p><p>C&ocirc;ng ty Thi&#7871;t B&#7883; C&ocirc;ng Ngh&#7879; V&#7841;n N&#259;ng l&agrave; &#273;&#7889;i t&aacute;c ch&iacute;nh th&#7913;c ph&acirc;n ph&#7889;i T&#7911; So M&agrave;u h&agrave;ng &#273;&#7847;u t&#7841;i Vi&#7879;t Nam, cam k&#7871;t cung c&#7845;p s&#7843;n ph&#7849;m ch&iacute;nh h&atilde;ng v&#7899;i gi&aacute; c&#7843; c&#7841;nh tranh nh&#7845;t th&#7883; tr&#432;&#7901;ng. V&#7899;i uy t&iacute;n tr&ecirc;n th&#7883; tr&#432;&#7901;ng v&agrave; ch&#7871; &#273;&#7897; h&#7851;u m&atilde;i t&#7889;t, Thi&#7871;t B&#7883; C&ocirc;ng Ngh&#7879; V&#7841;n N&#259;ng &#273;&atilde; nh&#7853;n&#273;&#432;&#7907;c s&#7921; tin t&#432;&#7903;ng t&#7915; kh&aacute;ch h&agrave;ng nh&#7901; v&agrave;o ch&#7845;t l&#432;&#7907;ng h&agrave;ng &#273;&#7847;u c&#7911;a c&aacute;c d&ograve;ng s&#7843;n ph&#7849;m.<br>\nS&#7843;n ph&#7849;m c&#7911;a ch&uacute;ng t&ocirc;i &#273;&#432;&#7907;c ki&#7875;m &#273;&#7883;nh ch&#7845;t l&#432;&#7907;ng, nh&#7853;p kh&#7849;u tr&#7921;c ti&#7871;p t&#7915; nh&agrave; m&aacute;y b&ecirc;n Ch&acirc;u &Acirc;u, M&#7929;, &Uacute;c, Nh&#7853;t B&#7843;n,&hellip; v&agrave; &#273;&aacute;p &#7913;ng nhu c&#7847;u &#273;a d&#7841;ng c&#7911;a th&#7883; tr&#432;&#7901;ng nh&#432;: M&aacute;y &#272;o &#272;&#7897; C&#7913;ng, M&aacute;y SPECTROMAXx, M&aacute;y Ki&#7875;m Tra &#272;&#432;&#7901;ng Gh&eacute;p M&iacute; Lon,&hellip; Ch&uacute;ng t&ocirc;i cam k&#7871;t cung c&#7845;p s&#7843;n ph&#7849;m n&agrave;y tr&ecirc;n to&agrave;n qu&#7889;c v&#7899;i gi&aacute; c&#7843; c&#7841;nh tranh nh&#7845;t.<br>\nCh&uacute;ng t&ocirc;i c&oacute; &#273;&#7897;i ng&#361; chuy&ecirc;n vi&ecirc;n t&#432; v&#7845;n chuy&ecirc;n s&acirc;u s&#7869; h&#7895; tr&#7907; kh&aacute;ch h&agrave;ng v&#7873; chi ti&#7871;t s&#7843;n ph&#7849;m, h&#432;&#7899;ng d&#7851;n s&#7917; d&#7909;ng hay nh&#7919;ng th&#7913; li&ecirc;n quan &#273;&#7871;n v&#7845;n &#273;&#7873; m&agrave; doanh nghi&#7879;p b&#7841;n &#273;ang g&#7863;p ph&#7843;i. Ch&uacute;ng t&ocirc;i s&#7869; cung c&#7845;p nh&#7919;ng gi&#7843;i ph&aacute;p t&#7889;i &#432;u nh&#7845;t!<br>\nNgo&agrave;i ra Thi&#7871;t B&#7883; C&ocirc;ng Ngh&#7879; V&#7841;n N&#259;ng Ch&uacute;ng T&ocirc;i lu&ocirc;n h&#432;&#7899;ng &#273;&#7871;n tr&#7843;i nghi&#7879;m kh&aacute;ch h&agrave;ng, v&igrave; v&#7853;y ch&uacute;ng t&ocirc;i c&oacute; nh&#7919;ng ch&iacute;nh s&aacute;ch b&#7843;o h&agrave;nh, b&#7843;o tr&igrave; &ndash; b&#7843;o d&#432;&#7905;ng, hi&#7879;u chu&#7849;n v&#7899;i t&#7845;t c&#7843; c&aacute;c thi&#7871;t b&#7883;, m&aacute;y m&oacute;c m&agrave; ch&uacute;ng t&ocirc;i cung c&#7845;p. &#272;&#7843;m b&#7843;o mang &#273;&#7871;n cho Kh&aacute;ch h&agrave;ng s&#7921; y&ecirc;n t&acirc;m tuy&#7879;t &#273;&#7889;i v&#7873; d&#7883;ch v&#7909; khi mua h&agrave;ng.<\/p><p>H&atilde;y li&ecirc;n h&#7879; v&#7899;i V&#7841;n N&#259;ng Company &#273;&#7875; &#273;&#432;&#7907;c t&#432; v&#7845;n chi ti&#7871;t v&agrave; nh&#7853;n ngay &#432;u &#273;&atilde;i h&#7845;p d&#7851;n th&ocirc;ng qua hotline\/zalo: <a href=\"https:\/\/zalo.me\/0903991335\" target=\"_blank\" rel=\"noopener\" style=\"color: #059669; font-weight: bold; text-decoration: none;\">0903 991 335<\/a>!<\/p><div style=\"background-color: #f8fafc; border: 1px solid #e2e8f0; border-radius: 8px; padding: 25px; max-width: 800px; margin: 30px auto; color: #334155; line-height: 1.8; font-size: 17px; box-shadow: 0 4px 6px -1px rgba(0,0,0,0.05); text-align: left; clear: both;\">\nC&ocirc;ng ty TNHH Th&#432;&#417;ng M&#7841;i D&#7883;ch V&#7909; Thi&#7871;t B&#7883; C&ocirc;ng Ngh&#7879; V&#7841;n N&#259;ng\n<p style=\"margin: 0 0 10px 0;\">&#128205; <strong style=\"color: #1e293b;\">&#272;&#7883;a ch&#7881;:<\/strong> <a style=\"color: #059669; text-decoration: none; font-weight: bold;\" href=\"https:\/\/www.google.com\/maps\/search\/C%C3%B4ng+ty+TNHH+Th%C6%B0%C6%A1ng+M%E1%BA%A1i+D%E1%BB%8Bch+V%E1%BB%A5+Thi%E1%BA%BFt+B%E1%BB%8B+C%C3%B4ng+Ngh%E1%BB%87+V%E1%BA%A1n+N%C4%83ng+818+Tr%C6%B0%E1%BB%9Dng+Chinh\" target=\"_blank\" rel=\"noopener\">818 Tr&#432;&#7901;ng Chinh, Ph&#432;&#7901;ng T&acirc;n S&#417;n, Th&agrave;nh ph&#7889; H&#7891; Ch&iacute; Minh, Vi&#7879;t Nam<\/a><\/p>\n<p style=\"margin: 0 0 10px 0;\">&#128222; <strong style=\"color: #1e293b;\">S&#272;T &ndash; Zalo:<\/strong> <a style=\"color: #059669; text-decoration: none; font-weight: bold;\" href=\"https:\/\/zalo.me\/0903991335\" target=\"_blank\" rel=\"noopener\">0903 991 335<\/a> <span style=\"color: #64748b; font-style: italic;\">(Ms. H&#7841;nh &ndash; Gi&aacute;m &#272;&#7889;c Kinh Doanh)<\/span><\/p>\n<p style=\"margin: 0;\">&#9993;&#65039; <strong style=\"color: #1e293b;\">Email:<\/strong> <a style=\"color: #059669; text-decoration: none; font-weight: bold;\" href=\"mailto:hienhanh@vannangvn.com\">hienhanh@vannangvn.com<\/a><\/p>\n<\/div><\/h1>","protected":false},"excerpt":{"rendered":"<p><strong>Th&#432;&#417;ng hi&#7879;u:<\/strong> 3nh<br>\n<strong>Model:<\/strong> T60B<p>Product <strong>T&#7910; SO M&Agrave;U 3NH MODEL T60B<\/strong> ch&iacute;nh h&atilde;ng. 3nh (China)<br>\nT&#7911; so m&agrave;u Tilo Model T60B v&#7899;i 4 ngu&#7891;n s&aacute;ng ti&ecirc;u chu&#7849;n, &#273;&aacute;p &#7913;ng ISO\/ASTM; h&#7895; tr&#7907; ki&#7875;m so&aacute;t m&agrave;u ch&iacute;nh x&aacute;c cho in &#7845;n, d&#7879;t may, nh&#7921;a, da gi&agrave;y v&agrave; nhi&#7873;u ng&agrave;nh c&ocirc;ng nghi&#7879;p.<\/p><\/p>","protected":false},"featured_media":8853,"comment_status":"open","ping_status":"closed","template":"","meta":[],"product_brand":[],"product_cat":[18],"product_tag":[131,162,3816,116,129,130],"class_list":{"0":"post-8237","1":"product","2":"type-product","3":"status-publish","4":"has-post-thumbnail","6":"product_cat-chua-phan-loai","7":"product_tag-3nh","8":"product_tag-tu","9":"product_tag-t60b","10":"product_tag-model","11":"product_tag-so","12":"product_tag-mau","14":"first","15":"instock","16":"shipping-taxable","17":"product-type-simple"},"yoast_head":"<!-- This site is optimized with the Yoast SEO Premium plugin v24.8 (Yoast SEO v24.8) - https:\/\/yoast.com\/wordpress\/plugins\/seo\/ -->\n<title>T\u1ee6 SO M\u00c0U 3NH MODEL T60B ch\u00ednh h\u00e3ng | V\u1ea1n N\u0103ng<\/title>\n<meta name=\"description\" content=\"Mua ngay T\u1ee6 SO M\u00c0U 3NH MODEL T60B ch\u00ednh h\u00e3ng. T\u1ee7 so m\u00e0u Tilo Model T60B v\u1edbi 4 ngu\u1ed3n s\u00e1ng ti\u00eau chu\u1ea9n, \u0111\u00e1p \u1ee9ng ISO\/ASTM; h\u1ed7 tr\u1ee3 ki\u1ec3m... Gi\u00e1 t\u1ed1t!\" \/>\n<meta name=\"robots\" content=\"noindex, follow, max-snippet:-1, max-image-preview:large, max-video-preview:-1\" \/>\n<meta property=\"og:locale\" content=\"en_US\" \/>\n<meta property=\"og:type\" content=\"article\" \/>\n<meta property=\"og:title\" content=\"T\u1ee6 SO M\u00c0U 3NH MODEL T60B\" \/>\n<meta property=\"og:description\" content=\"Mua ngay T\u1ee6 SO M\u00c0U 3NH MODEL T60B ch\u00ednh h\u00e3ng. T\u1ee7 so m\u00e0u Tilo Model T60B v\u1edbi 4 ngu\u1ed3n s\u00e1ng ti\u00eau chu\u1ea9n, \u0111\u00e1p \u1ee9ng ISO\/ASTM; h\u1ed7 tr\u1ee3 ki\u1ec3m... Gi\u00e1 t\u1ed1t!\" \/>\n<meta property=\"og:url\" content=\"https:\/\/vannangvn.123websitedev.com\/en\/product\/tu-so-mau-3nh-model-t60b\/\" \/>\n<meta property=\"og:site_name\" content=\"Vannang.vn\" \/>\n<meta property=\"article:modified_time\" content=\"2026-03-30T12:01:56+00:00\" \/>\n<meta property=\"og:image\" content=\"http:\/\/vannangvn.123websitedev.com\/wp-content\/uploads\/2026\/03\/T60B-3-768x576-copy.jpg\" \/>\n\t<meta property=\"og:image:width\" content=\"768\" \/>\n\t<meta property=\"og:image:height\" content=\"576\" \/>\n\t<meta property=\"og:image:type\" content=\"image\/jpeg\" \/>\n<meta name=\"twitter:card\" content=\"summary_large_image\" \/>\n<meta name=\"twitter:label1\" content=\"Est. reading time\" \/>\n\t<meta name=\"twitter:data1\" content=\"7 minutes\" \/>\n<script type=\"application\/ld+json\" class=\"yoast-schema-graph\">{\"@context\":\"https:\/\/schema.org\",\"@graph\":[{\"@type\":\"WebPage\",\"@id\":\"https:\/\/vannangvn.123websitedev.com\/san-pham\/tu-so-mau-3nh-model-t60b\/\",\"url\":\"https:\/\/vannangvn.123websitedev.com\/san-pham\/tu-so-mau-3nh-model-t60b\/\",\"name\":\"T\u1ee6 SO M\u00c0U 3NH MODEL T60B ch\u00ednh h\u00e3ng | V\u1ea1n N\u0103ng\",\"isPartOf\":{\"@id\":\"https:\/\/vannangvn.123websitedev.com\/#website\"},\"primaryImageOfPage\":{\"@id\":\"https:\/\/vannangvn.123websitedev.com\/san-pham\/tu-so-mau-3nh-model-t60b\/#primaryimage\"},\"image\":{\"@id\":\"https:\/\/vannangvn.123websitedev.com\/san-pham\/tu-so-mau-3nh-model-t60b\/#primaryimage\"},\"thumbnailUrl\":\"https:\/\/vannangvn.123websitedev.com\/wp-content\/uploads\/2026\/03\/T60B-3-768x576-copy.jpg\",\"datePublished\":\"2026-03-20T12:19:46+00:00\",\"dateModified\":\"2026-03-30T12:01:56+00:00\",\"description\":\"Mua ngay T\u1ee6 SO M\u00c0U 3NH MODEL T60B ch\u00ednh h\u00e3ng. T\u1ee7 so m\u00e0u Tilo Model T60B v\u1edbi 4 ngu\u1ed3n s\u00e1ng ti\u00eau chu\u1ea9n, \u0111\u00e1p \u1ee9ng ISO\/ASTM; h\u1ed7 tr\u1ee3 ki\u1ec3m... Gi\u00e1 t\u1ed1t!\",\"breadcrumb\":{\"@id\":\"https:\/\/vannangvn.123websitedev.com\/san-pham\/tu-so-mau-3nh-model-t60b\/#breadcrumb\"},\"inLanguage\":\"en-US\",\"potentialAction\":[{\"@type\":\"ReadAction\",\"target\":[\"https:\/\/vannangvn.123websitedev.com\/san-pham\/tu-so-mau-3nh-model-t60b\/\"]}]},{\"@type\":\"ImageObject\",\"inLanguage\":\"en-US\",\"@id\":\"https:\/\/vannangvn.123websitedev.com\/san-pham\/tu-so-mau-3nh-model-t60b\/#primaryimage\",\"url\":\"https:\/\/vannangvn.123websitedev.com\/wp-content\/uploads\/2026\/03\/T60B-3-768x576-copy.jpg\",\"contentUrl\":\"https:\/\/vannangvn.123websitedev.com\/wp-content\/uploads\/2026\/03\/T60B-3-768x576-copy.jpg\",\"width\":768,\"height\":576},{\"@type\":\"BreadcrumbList\",\"@id\":\"https:\/\/vannangvn.123websitedev.com\/san-pham\/tu-so-mau-3nh-model-t60b\/#breadcrumb\",\"itemListElement\":[{\"@type\":\"ListItem\",\"position\":1,\"name\":\"Trang ch\u1ee7\",\"item\":\"https:\/\/vannangvn.123websitedev.com\/\"},{\"@type\":\"ListItem\",\"position\":2,\"name\":\"S\u1ea3n ph\u1ea9m\",\"item\":\"https:\/\/vannangvn.123websitedev.com\/cua-hang\/\"},{\"@type\":\"ListItem\",\"position\":3,\"name\":\"T\u1ee6 SO M\u00c0U 3NH MODEL T60B\"}]},{\"@type\":\"WebSite\",\"@id\":\"https:\/\/vannangvn.123websitedev.com\/#website\",\"url\":\"https:\/\/vannangvn.123websitedev.com\/\",\"name\":\"Vannang.vn\",\"description\":\"\",\"publisher\":{\"@id\":\"https:\/\/vannangvn.123websitedev.com\/#organization\"},\"potentialAction\":[{\"@type\":\"SearchAction\",\"target\":{\"@type\":\"EntryPoint\",\"urlTemplate\":\"https:\/\/vannangvn.123websitedev.com\/?s={search_term_string}\"},\"query-input\":{\"@type\":\"PropertyValueSpecification\",\"valueRequired\":true,\"valueName\":\"search_term_string\"}}],\"inLanguage\":\"en-US\"},{\"@type\":\"Organization\",\"@id\":\"https:\/\/vannangvn.123websitedev.com\/#organization\",\"name\":\"Vannang.vn\",\"url\":\"https:\/\/vannangvn.123websitedev.com\/\",\"logo\":{\"@type\":\"ImageObject\",\"inLanguage\":\"en-US\",\"@id\":\"https:\/\/vannangvn.123websitedev.com\/#\/schema\/logo\/image\/\",\"url\":\"https:\/\/vannangvn.123websitedev.com\/wp-content\/uploads\/2026\/02\/logo-van-nang-02.png\",\"contentUrl\":\"https:\/\/vannangvn.123websitedev.com\/wp-content\/uploads\/2026\/02\/logo-van-nang-02.png\",\"width\":448,\"height\":111,\"caption\":\"Vannang.vn\"},\"image\":{\"@id\":\"https:\/\/vannangvn.123websitedev.com\/#\/schema\/logo\/image\/\"}}]}<\/script>\n<!-- \/ Yoast SEO Premium plugin. -->","yoast_head_json":{"title":"T\u1ee6 SO M\u00c0U 3NH MODEL T60B ch\u00ednh h\u00e3ng | V\u1ea1n N\u0103ng","description":"Mua ngay T\u1ee6 SO M\u00c0U 3NH MODEL T60B ch\u00ednh h\u00e3ng. T\u1ee7 so m\u00e0u Tilo Model T60B v\u1edbi 4 ngu\u1ed3n s\u00e1ng ti\u00eau chu\u1ea9n, \u0111\u00e1p \u1ee9ng ISO\/ASTM; h\u1ed7 tr\u1ee3 ki\u1ec3m... Gi\u00e1 t\u1ed1t!","robots":{"index":"noindex","follow":"follow","max-snippet":"max-snippet:-1","max-image-preview":"max-image-preview:large","max-video-preview":"max-video-preview:-1"},"og_locale":"en_US","og_type":"article","og_title":"T\u1ee6 SO M\u00c0U 3NH MODEL T60B","og_description":"Mua ngay T\u1ee6 SO M\u00c0U 3NH MODEL T60B ch\u00ednh h\u00e3ng. T\u1ee7 so m\u00e0u Tilo Model T60B v\u1edbi 4 ngu\u1ed3n s\u00e1ng ti\u00eau chu\u1ea9n, \u0111\u00e1p \u1ee9ng ISO\/ASTM; h\u1ed7 tr\u1ee3 ki\u1ec3m... Gi\u00e1 t\u1ed1t!","og_url":"https:\/\/vannangvn.123websitedev.com\/en\/product\/tu-so-mau-3nh-model-t60b\/","og_site_name":"Vannang.vn","article_modified_time":"2026-03-30T12:01:56+00:00","og_image":[{"width":768,"height":576,"url":"http:\/\/vannangvn.123websitedev.com\/wp-content\/uploads\/2026\/03\/T60B-3-768x576-copy.jpg","type":"image\/jpeg"}],"twitter_card":"summary_large_image","twitter_misc":{"Est. reading time":"7 minutes"},"schema":{"@context":"https:\/\/schema.org","@graph":[{"@type":"WebPage","@id":"https:\/\/vannangvn.123websitedev.com\/san-pham\/tu-so-mau-3nh-model-t60b\/","url":"https:\/\/vannangvn.123websitedev.com\/san-pham\/tu-so-mau-3nh-model-t60b\/","name":"T\u1ee6 SO M\u00c0U 3NH MODEL T60B ch\u00ednh h\u00e3ng | V\u1ea1n N\u0103ng","isPartOf":{"@id":"https:\/\/vannangvn.123websitedev.com\/#website"},"primaryImageOfPage":{"@id":"https:\/\/vannangvn.123websitedev.com\/san-pham\/tu-so-mau-3nh-model-t60b\/#primaryimage"},"image":{"@id":"https:\/\/vannangvn.123websitedev.com\/san-pham\/tu-so-mau-3nh-model-t60b\/#primaryimage"},"thumbnailUrl":"https:\/\/vannangvn.123websitedev.com\/wp-content\/uploads\/2026\/03\/T60B-3-768x576-copy.jpg","datePublished":"2026-03-20T12:19:46+00:00","dateModified":"2026-03-30T12:01:56+00:00","description":"Mua ngay T\u1ee6 SO M\u00c0U 3NH MODEL T60B ch\u00ednh h\u00e3ng. T\u1ee7 so m\u00e0u Tilo Model T60B v\u1edbi 4 ngu\u1ed3n s\u00e1ng ti\u00eau chu\u1ea9n, \u0111\u00e1p \u1ee9ng ISO\/ASTM; h\u1ed7 tr\u1ee3 ki\u1ec3m... Gi\u00e1 t\u1ed1t!","breadcrumb":{"@id":"https:\/\/vannangvn.123websitedev.com\/san-pham\/tu-so-mau-3nh-model-t60b\/#breadcrumb"},"inLanguage":"en-US","potentialAction":[{"@type":"ReadAction","target":["https:\/\/vannangvn.123websitedev.com\/san-pham\/tu-so-mau-3nh-model-t60b\/"]}]},{"@type":"ImageObject","inLanguage":"en-US","@id":"https:\/\/vannangvn.123websitedev.com\/san-pham\/tu-so-mau-3nh-model-t60b\/#primaryimage","url":"https:\/\/vannangvn.123websitedev.com\/wp-content\/uploads\/2026\/03\/T60B-3-768x576-copy.jpg","contentUrl":"https:\/\/vannangvn.123websitedev.com\/wp-content\/uploads\/2026\/03\/T60B-3-768x576-copy.jpg","width":768,"height":576},{"@type":"BreadcrumbList","@id":"https:\/\/vannangvn.123websitedev.com\/san-pham\/tu-so-mau-3nh-model-t60b\/#breadcrumb","itemListElement":[{"@type":"ListItem","position":1,"name":"Trang ch\u1ee7","item":"https:\/\/vannangvn.123websitedev.com\/"},{"@type":"ListItem","position":2,"name":"S\u1ea3n ph\u1ea9m","item":"https:\/\/vannangvn.123websitedev.com\/cua-hang\/"},{"@type":"ListItem","position":3,"name":"T\u1ee6 SO M\u00c0U 3NH MODEL T60B"}]},{"@type":"WebSite","@id":"https:\/\/vannangvn.123websitedev.com\/#website","url":"https:\/\/vannangvn.123websitedev.com\/","name":"Vannang.vn","description":"","publisher":{"@id":"https:\/\/vannangvn.123websitedev.com\/#organization"},"potentialAction":[{"@type":"SearchAction","target":{"@type":"EntryPoint","urlTemplate":"https:\/\/vannangvn.123websitedev.com\/?s={search_term_string}"},"query-input":{"@type":"PropertyValueSpecification","valueRequired":true,"valueName":"search_term_string"}}],"inLanguage":"en-US"},{"@type":"Organization","@id":"https:\/\/vannangvn.123websitedev.com\/#organization","name":"Vannang.vn","url":"https:\/\/vannangvn.123websitedev.com\/","logo":{"@type":"ImageObject","inLanguage":"en-US","@id":"https:\/\/vannangvn.123websitedev.com\/#\/schema\/logo\/image\/","url":"https:\/\/vannangvn.123websitedev.com\/wp-content\/uploads\/2026\/02\/logo-van-nang-02.png","contentUrl":"https:\/\/vannangvn.123websitedev.com\/wp-content\/uploads\/2026\/02\/logo-van-nang-02.png","width":448,"height":111,"caption":"Vannang.vn"},"image":{"@id":"https:\/\/vannangvn.123websitedev.com\/#\/schema\/logo\/image\/"}}]}},"_links":{"self":[{"href":"https:\/\/vannangvn.123websitedev.com\/en\/wp-json\/wp\/v2\/product\/8237","targetHints":{"allow":["GET"]}}],"collection":[{"href":"https:\/\/vannangvn.123websitedev.com\/en\/wp-json\/wp\/v2\/product"}],"about":[{"href":"https:\/\/vannangvn.123websitedev.com\/en\/wp-json\/wp\/v2\/types\/product"}],"replies":[{"embeddable":true,"href":"https:\/\/vannangvn.123websitedev.com\/en\/wp-json\/wp\/v2\/comments?post=8237"}],"wp:featuredmedia":[{"embeddable":true,"href":"https:\/\/vannangvn.123websitedev.com\/en\/wp-json\/wp\/v2\/media\/8853"}],"wp:attachment":[{"href":"https:\/\/vannangvn.123websitedev.com\/en\/wp-json\/wp\/v2\/media?parent=8237"}],"wp:term":[{"taxonomy":"product_brand","embeddable":true,"href":"https:\/\/vannangvn.123websitedev.com\/en\/wp-json\/wp\/v2\/product_brand?post=8237"},{"taxonomy":"product_cat","embeddable":true,"href":"https:\/\/vannangvn.123websitedev.com\/en\/wp-json\/wp\/v2\/product_cat?post=8237"},{"taxonomy":"product_tag","embeddable":true,"href":"https:\/\/vannangvn.123websitedev.com\/en\/wp-json\/wp\/v2\/product_tag?post=8237"}],"curies":[{"name":"wp","href":"https:\/\/api.w.org\/{rel}","templated":true}]}}