{"id":8245,"date":"2026-03-20T19:19:55","date_gmt":"2026-03-20T12:19:55","guid":{"rendered":"https:\/\/vannangvn.123websitedev.com\/san-pham\/tu-so-mau-pce-instruments-model-pce-cic-11-led\/"},"modified":"2026-03-30T19:02:06","modified_gmt":"2026-03-30T12:02:06","slug":"tu-so-mau-pce-instruments-model-pce-cic-11-led","status":"publish","type":"product","link":"https:\/\/vannangvn.123websitedev.com\/en\/product\/tu-so-mau-pce-instruments-model-pce-cic-11-led\/","title":{"rendered":"T\u1ee6 SO M\u00c0U PCE INSTRUMENTS MODEL PCE-CIC 11-LED"},"content":{"rendered":"<h1 style=\"color: red; font-weight: bold; font-size: 24px;\">T&#7893;ng quan s&#7843;n ph&#7849;m T&#7910; SO M&Agrave;U PCE INSTRUMENTS MODEL PCE-CIC 11-LED<p>T&#7911; So M&agrave;u (Color Viewing Box) PCE Instruments Model PCE-CIC 11-LED<br>\nT&#7911; Ki&#7875;m Tra M&agrave;u S&#7855;c PCE-CIC 11-LED l&agrave; gi&#7843;i ph&aacute;p h&agrave;ng &#273;&#7847;u cho quy tr&igrave;nh ki&#7875;m so&aacute;t ch&#7845;t l&#432;&#7907;ng, gi&uacute;p doanh nghi&#7879;p &#273;&#7843;m b&#7843;o t&iacute;nh &#273;&#7891;ng nh&#7845;t v&#7873; m&agrave;u s&#7855;c c&#7911;a s&#7843;n ph&#7849;m. S&#7843;n ph&#7849;m n&agrave;y &#273;&#432;&#7907;c thi&#7871;t k&#7871; v&#7899;i kh&#7843; n&#259;ng m&ocirc; ph&#7887;ng s&aacute;u lo&#7841;i &aacute;nh s&aacute;ng, mang l&#7841;i &#273;&#7897; ch&iacute;nh x&aacute;c cao trong vi&#7879;c so s&aacute;nh m&agrave;u s&#7855;c, lo&#7841;i b&#7887; hi&#7879;n t&#432;&#7907;ng Metamerism v&agrave; t&#7889;i &#432;u h&oacute;a hi&#7879;u su&#7845;t s&#7843;n xu&#7845;t. H&atilde;y c&ugrave;ng V&#7841;n N&#259;ng t&igrave;m hi&#7875;u chi ti&#7871;t h&#417;n v&#7873; s&#7843;n ph&#7849;m th&ocirc;ng qua b&agrave;i vi&#7871;t d&#432;&#7899;i &#273;&acirc;y!<\/p><p>Nh&#7919;ng N&eacute;t &#272;&#7863;c Tr&#432;ng C&#7911;a PCE-CIC 11-LED<br>\nM&ocirc; ph&#7887;ng nhi&#7873;u lo&#7841;i &aacute;nh s&aacute;ng<br>\nT&#7911; PCE-CIC 11-LED ki&#7875;m tra h&#7895; tr&#7907; s&aacute;u lo&#7841;i &aacute;nh s&aacute;ng ti&ecirc;u chu&#7849;n, bao g&#7891;m:<\/p><p>A\/F: &Aacute;nh s&aacute;ng &#7845;m &aacute;p.<br>\nD65: &Aacute;nh s&aacute;ng t&#7921; nhi&ecirc;n v&agrave;o ban ng&agrave;y.<br>\nTL84\/F11: &Aacute;nh s&aacute;ng trong m&ocirc;i tr&#432;&#7901;ng b&aacute;n l&#7867;.<br>\nUV: &Aacute;nh s&aacute;ng c&#7921;c t&iacute;m &#273;&#7875; ki&#7875;m tra quang ph&#7893; &#7849;n.<br>\nCWF: &Aacute;nh s&aacute;ng tr&#7855;ng l&#7841;nh.<br>\nTL83\/U30: &Aacute;nh s&aacute;ng &#7845;m h&#417;n d&ugrave;ng trong m&ocirc;i tr&#432;&#7901;ng th&#432;&#417;ng m&#7841;i.<\/p><p>T&iacute;ch h&#7907;p &#273;&#7891;ng h&#7891; &#273;&#7871;m gi&#7901;<br>\nTheo d&otilde;i th&#7901;i gian s&#7917; d&#7909;ng t&#7915;ng ngu&#7891;n s&aacute;ng &#273;&#7875; &#273;&#7843;m b&#7843;o ho&#7841;t &#273;&#7897;ng hi&#7879;u qu&#7843; v&agrave; &#273;&uacute;ng th&#7901;i gian khuy&#7871;n ngh&#7883;.<\/p><p>Th&#7901;i gian kh&#7903;i &#273;&#7897;ng nhanh<br>\n&#272;&egrave;n trong T&#7911; So M&agrave;u PCE-CIC 11-LED c&oacute; th&#7901;i gian kh&#7903;i &#273;&#7897;ng ng&#7855;n, gi&#7843;m thi&#7875;u th&#7901;i gian ch&#7901; &#273;&#7907;i trong quy tr&igrave;nh l&agrave;m vi&#7879;c.<br>\nT&ugrave;y ch&#7885;n &aacute;nh s&aacute;ng linh ho&#7841;t<br>\nNg&#432;&#7901;i d&ugrave;ng c&oacute; th&#7875; ch&#7885;n lo&#7841;i &aacute;nh s&aacute;ng ri&ecirc;ng l&#7867; ho&#7863;c k&#7871;t h&#7907;p nhi&#7873;u ngu&#7891;n s&aacute;ng &#273;&#7875; ki&#7875;m tra s&#7843;n ph&#7849;m trong c&aacute;c &#273;i&#7873;u ki&#7879;n kh&aacute;c nhau.<\/p><p>&#272;&aacute;p &#7913;ng ti&ecirc;u chu&#7849;n qu&#7889;c t&#7871;<br>\nColor Viewing Box PCE-CIC 11-LED &#273;&#432;&#7907;c s&#7843;n xu&#7845;t theo c&aacute;c ti&ecirc;u chu&#7849;n nghi&ecirc;m ng&#7863;t nh&#432; ASTM D1729, ISO 3664, DIN, ANSI, v&agrave; BSI, &#273;&#7843;m b&#7843;o &#273;&#7897; ch&iacute;nh x&aacute;c v&agrave; &#273;&#7897; tin c&#7853;y.<br>\nD&#7877; d&agrave;ng v&#7879; sinh<br>\nThi&#7871;t k&#7871; n&#7897;i th&#7845;t &#273;&#417;n gi&#7843;n, d&#7877; lau ch&ugrave;i, duy tr&igrave; s&#7921; s&#7841;ch s&#7869; v&agrave; t&#7889;i &#432;u h&oacute;a qu&aacute; tr&igrave;nh v&#7853;n h&agrave;nh.<\/p><p>&#7912;ng D&#7909;ng Th&#7921;c Ti&#7877;n C&#7911;a PCE-CIC 11-LED<br>\nT&#7911; Soi M&agrave;u PCE-CIC 11-LED &#273;&#432;&#7907;c &#7913;ng d&#7909;ng r&#7897;ng r&atilde;i trong:<\/p><p>Ng&agrave;nh c&ocirc;ng nghi&#7879;p in &#7845;n: Ki&#7875;m tra &#273;&#7897; ch&iacute;nh x&aacute;c m&agrave;u s&#7855;c tr&ecirc;n bao b&igrave;, nh&atilde;n m&aacute;c.<br>\nNg&agrave;nh th&#7901;i trang: &#272;&#7843;m b&#7843;o s&#7921; &#273;&#7891;ng nh&#7845;t m&agrave;u s&#7855;c tr&ecirc;n c&aacute;c lo&#7841;i v&#7843;i.<br>\nNg&agrave;nh s&#417;n v&agrave; ph&#7911;: &#272;&aacute;nh gi&aacute; ch&#7845;t l&#432;&#7907;ng m&agrave;u s&#417;n d&#432;&#7899;i c&aacute;c &#273;i&#7873;u ki&#7879;n &aacute;nh s&aacute;ng kh&aacute;c nhau.<br>\nKi&#7875;m tra ch&#7845;t l&#432;&#7907;ng s&#7843;n ph&#7849;m ti&ecirc;u d&ugrave;ng: &#272;&#7843;m b&#7843;o m&agrave;u s&#7855;c c&#7911;a s&#7843;n ph&#7849;m ph&ugrave; h&#7907;p v&#7899;i ti&ecirc;u chu&#7849;n th&#432;&#417;ng m&#7841;i.<\/p><p>&#431;u &#272;i&#7875;m C&#7911;a T&#7911; PCE-CIC 11-LED<\/p><p>Lo&#7841;i b&#7887; hi&#7879;n t&#432;&#7907;ng metamerism: Hi&#7879;n t&#432;&#7907;ng m&agrave;u s&#7855;c thay &#273;&#7893;i d&#432;&#7899;i c&aacute;c lo&#7841;i &aacute;nh s&aacute;ng kh&aacute;c nhau.<br>\nN&acirc;ng cao &#273;&#7897; ch&iacute;nh x&aacute;c trong ki&#7875;m tra: Bu&#7891;ng Soi M&agrave;u PCE-CIC 11-LED gi&#7843;m thi&#7875;u sai l&#7879;ch, gi&uacute;p c&#7843;i thi&#7879;n ch&#7845;t l&#432;&#7907;ng s&#7843;n ph&#7849;m.<br>\nT&#259;ng c&#432;&#7901;ng hi&#7879;u qu&#7843; quy tr&igrave;nh: Gi&#7843;m th&#7901;i gian ki&#7875;m tra, ti&#7871;t ki&#7879;m chi ph&iacute; nh&acirc;n s&#7921; v&agrave; v&#7853;t li&#7879;u.<\/p><p>Nh&#7919;ng L&yacute; Do N&ecirc;n Mua T&#7911; So M&agrave;u T&#7841;i Thi&#7871;t B&#7883; C&ocirc;ng Ngh&#7879; V&#7841;n N&#259;ng<\/p><p>C&ocirc;ng ty Thi&#7871;t B&#7883; C&ocirc;ng Ngh&#7879; V&#7841;n N&#259;ng l&agrave; &#273;&#7889;i t&aacute;c ch&iacute;nh th&#7913;c ph&acirc;n ph&#7889;i T&#7911; So M&agrave;u h&agrave;ng &#273;&#7847;u t&#7841;i Vi&#7879;t Nam, cam k&#7871;t cung c&#7845;p s&#7843;n ph&#7849;m ch&iacute;nh h&atilde;ng v&#7899;i gi&aacute; c&#7843; c&#7841;nh tranh nh&#7845;t th&#7883; tr&#432;&#7901;ng. V&#7899;i uy t&iacute;n tr&ecirc;n th&#7883; tr&#432;&#7901;ng v&agrave; ch&#7871; &#273;&#7897; h&#7851;u m&atilde;i t&#7889;t, Thi&#7871;t B&#7883; C&ocirc;ng Ngh&#7879; V&#7841;n N&#259;ng &#273;&atilde; nh&#7853;n &#273;&#432;&#7907;c s&#7921; tin t&#432;&#7903;ng t&#7915; kh&aacute;ch h&agrave;ng nh&#7901; v&agrave;o ch&#7845;t l&#432;&#7907;ng h&agrave;ng &#273;&#7847;u c&#7911;a c&aacute;c d&ograve;ng s&#7843;n ph&#7849;m.<br>\nS&#7843;n ph&#7849;m c&#7911;a ch&uacute;ng t&ocirc;i &#273;&#432;&#7907;c ki&#7875;m &#273;&#7883;nh ch&#7845;t l&#432;&#7907;ng, nh&#7853;p kh&#7849;u tr&#7921;c ti&#7871;p t&#7915; nh&agrave; m&aacute;y b&ecirc;n Ch&acirc;u &Acirc;u, M&#7929;, &Uacute;c, Nh&#7853;t B&#7843;n,&hellip; v&agrave; &#273;&aacute;p &#7913;ng nhu c&#7847;u &#273;a d&#7841;ng c&#7911;a th&#7883; tr&#432;&#7901;ng nh&#432;: M&aacute;y &#272;o &#272;&#7897; C&#7913;ng, M&aacute;y SPECTROMAXx, M&aacute;y Ki&#7875;m Tra &#272;&#432;&#7901;ng Gh&eacute;p M&iacute; Lon,&hellip; Ch&uacute;ng t&ocirc;i cam k&#7871;t cung c&#7845;p s&#7843;n ph&#7849;m n&agrave;y tr&ecirc;n to&agrave;n qu&#7889;c v&#7899;i gi&aacute; c&#7843; c&#7841;nh tranh nh&#7845;t.<br>\nCh&uacute;ng t&ocirc;i c&oacute; &#273;&#7897;i ng&#361; chuy&ecirc;n vi&ecirc;n t&#432; v&#7845;n chuy&ecirc;n s&acirc;u s&#7869; h&#7895; tr&#7907; kh&aacute;ch h&agrave;ng v&#7873; chi ti&#7871;t s&#7843;n ph&#7849;m, h&#432;&#7899;ng d&#7851;n s&#7917; d&#7909;ng hay nh&#7919;ng th&#7913; li&ecirc;n quan &#273;&#7871;n v&#7845;n &#273;&#7873; m&agrave; doanh nghi&#7879;p b&#7841;n &#273;ang g&#7863;p ph&#7843;i. Ch&uacute;ng t&ocirc;i s&#7869; cung c&#7845;p nh&#7919;ng gi&#7843;i ph&aacute;p t&#7889;i &#432;u nh&#7845;t!<br>\nNgo&agrave;i ra Thi&#7871;t B&#7883; C&ocirc;ng Ngh&#7879; V&#7841;n N&#259;ng Ch&uacute;ng T&ocirc;i lu&ocirc;n h&#432;&#7899;ng &#273;&#7871;n tr&#7843;i nghi&#7879;m kh&aacute;ch h&agrave;ng, v&igrave; v&#7853;y ch&uacute;ng t&ocirc;i c&oacute; nh&#7919;ng ch&iacute;nh s&aacute;ch b&#7843;o h&agrave;nh, b&#7843;o tr&igrave; &ndash; b&#7843;o d&#432;&#7905;ng, hi&#7879;u chu&#7849;n v&#7899;i t&#7845;t c&#7843; c&aacute;c thi&#7871;t b&#7883;, m&aacute;y m&oacute;c m&agrave; ch&uacute;ng t&ocirc;i cung c&#7845;p. &#272;&#7843;m b&#7843;o mang &#273;&#7871;n cho Kh&aacute;ch h&agrave;ng s&#7921; y&ecirc;n t&acirc;m tuy&#7879;t &#273;&#7889;i v&#7873; d&#7883;ch v&#7909; khi mua h&agrave;ng.<\/p><p>T&#7893;ng K&#7871;t<br>\nT&#7911; So M&agrave;u PCE-CIC 11-LED l&agrave; c&ocirc;ng c&#7909; kh&ocirc;ng th&#7875; thi&#7871;u trong quy tr&igrave;nh ki&#7875;m so&aacute;t ch&#7845;t l&#432;&#7907;ng m&agrave;u s&#7855;c. V&#7899;i kh&#7843; n&#259;ng m&ocirc; ph&#7887;ng &aacute;nh s&aacute;ng &#273;a d&#7841;ng, t&iacute;ch h&#7907;p &#273;&#7891;ng h&#7891; &#273;&#7871;m gi&#7901;, v&agrave; &#273;&aacute;p &#7913;ng c&aacute;c ti&ecirc;u chu&#7849;n qu&#7889;c t&#7871;, PCE-CIC 11-LED l&agrave; l&#7921;a ch&#7885;n l&yacute; t&#432;&#7903;ng cho c&aacute;c doanh nghi&#7879;p trong nhi&#7873;u ng&agrave;nh c&ocirc;ng nghi&#7879;p kh&aacute;c nhau. H&atilde;y li&ecirc;n h&#7879; ngay v&#7899;i V&#7841;n N&#259;ng Company &#273;&#7875; &#273;&#432;&#7907;c t&#432; v&#7845;n chi ti&#7871;t v&agrave; nh&#7853;n ngay &#432;u &#273;&atilde;i h&#7845;p d&#7851;n th&ocirc;ng qua hotline\/zalo: <a href=\"https:\/\/zalo.me\/0903991335\" target=\"_blank\" rel=\"noopener\" style=\"color: #059669; font-weight: bold; text-decoration: none;\">0903 991 335<\/a>!<\/p><div style=\"background-color: #f8fafc; border: 1px solid #e2e8f0; border-radius: 8px; padding: 25px; max-width: 800px; margin: 30px auto; color: #334155; line-height: 1.8; font-size: 17px; box-shadow: 0 4px 6px -1px rgba(0,0,0,0.05); text-align: left; clear: both;\">\nC&ocirc;ng ty TNHH Th&#432;&#417;ng M&#7841;i D&#7883;ch V&#7909; Thi&#7871;t B&#7883; C&ocirc;ng Ngh&#7879; V&#7841;n N&#259;ng\n<p style=\"margin: 0 0 10px 0;\">&#128205; <strong style=\"color: #1e293b;\">&#272;&#7883;a ch&#7881;:<\/strong> <a style=\"color: #059669; text-decoration: none; font-weight: bold;\" href=\"https:\/\/www.google.com\/maps\/search\/C%C3%B4ng+ty+TNHH+Th%C6%B0%C6%A1ng+M%E1%BA%A1i+D%E1%BB%8Bch+V%E1%BB%A5+Thi%E1%BA%BFt+B%E1%BB%8B+C%C3%B4ng+Ngh%E1%BB%87+V%E1%BA%A1n+N%C4%83ng+818+Tr%C6%B0%E1%BB%9Dng+Chinh\" target=\"_blank\" rel=\"noopener\">818 Tr&#432;&#7901;ng Chinh, Ph&#432;&#7901;ng T&acirc;n S&#417;n, Th&agrave;nh ph&#7889; H&#7891; Ch&iacute; Minh, Vi&#7879;t Nam<\/a><\/p>\n<p style=\"margin: 0 0 10px 0;\">&#128222; <strong style=\"color: #1e293b;\">S&#272;T &ndash; Zalo:<\/strong> <a style=\"color: #059669; text-decoration: none; font-weight: bold;\" href=\"https:\/\/zalo.me\/0903991335\" target=\"_blank\" rel=\"noopener\">0903 991 335<\/a> <span style=\"color: #64748b; font-style: italic;\">(Ms. H&#7841;nh &ndash; Gi&aacute;m &#272;&#7889;c Kinh Doanh)<\/span><\/p>\n<p style=\"margin: 0;\">&#9993;&#65039; <strong style=\"color: #1e293b;\">Email:<\/strong> <a style=\"color: #059669; text-decoration: none; font-weight: bold;\" href=\"mailto:hienhanh@vannangvn.com\">hienhanh@vannangvn.com<\/a><\/p>\n<\/div><\/h1>","protected":false},"excerpt":{"rendered":"<p><strong>Th&#432;&#417;ng hi&#7879;u:<\/strong> T&#7911; Ki&#7875;m Tra M&agrave;u S&#7855;c PCE-CIC 11-LED&nbsp;l&agrave; gi&#7843;i ph&aacute;p h&agrave;ng &#273;&#7847;u cho quy tr&igrave;nh ki&#7875;m so&aacute;t ch&#7845;t l&#432;&#7907;ng, gi&uacute;p doanh nghi&#7879;p &#273;&#7843;m b&#7843;o t&iacute;nh &#273;&#7891;ng nh&#7845;t v&#7873; m&agrave;u s&#7855;c c&#7911;a s&#7843;n ph&#7849;m. S&#7843;n ph&#7849;m n&agrave;y &#273;&#432;&#7907;c thi&#7871;t k&#7871; v&#7899;i kh&#7843; n&#259;ng m&ocirc; ph&#7887;ng s&aacute;u lo&#7841;i &aacute;nh s&aacute;ng, mang l&#7841;i &#273;&#7897; ch&iacute;nh x&aacute;c cao trong vi&#7879;c so s&aacute;nh m&agrave;u s&#7855;c, lo&#7841;i b&#7887; hi&#7879;n t&#432;&#7907;ng Metamerism v&agrave; t&#7889;i &#432;u h&oacute;a hi&#7879;u su&#7845;t s&#7843;n xu&#7845;t.<br>\n<strong>Model:<\/strong> PCE-CIC    -2<p>Product <strong>T&#7910; SO M&Agrave;U PCE INSTRUMENTS MODEL PCE-CIC 11-LED<\/strong> ch&iacute;nh h&atilde;ng. T&#7911; Ki&#7875;m Tra M&agrave;u S&#7855;c PCE-CIC 11-LED&nbsp;l&agrave; gi&#7843;i ph&aacute;p h&agrave;ng &#273;&#7847;u cho quy tr&igrave;nh ki&#7875;m so&aacute;t ch&#7845;t l&#432;&#7907;ng, gi&uacute;p doanh nghi&#7879;p &#273;&#7843;m b&#7843;o t&iacute;nh &#273;&#7891;ng nh&#7845;t v&#7873; m&agrave;u s&#7855;c c&#7911;a s&#7843;n ph&#7849;m. S&#7843;n ph&#7849;m n&agrave;y &#273;&#432;&#7907;c thi&#7871;t k&#7871; v&#7899;i kh&#7843; n&#259;ng m&ocirc; ph&#7887;ng s&aacute;u lo&#7841;i &aacute;nh s&aacute;ng, mang l&#7841;i &#273;&#7897; ch&iacute;nh x&aacute;c cao trong vi&#7879;c so s&aacute;nh m&agrave;u s&#7855;c, lo&#7841;i b&#7887; hi&#7879;n t&#432;&#7907;ng Metamerism v&agrave; t&#7889;i &#432;u h&oacute;a hi&#7879;u su&#7845;t s&#7843;n xu&#7845;t.<\/p><\/p>","protected":false},"featured_media":8972,"comment_status":"open","ping_status":"closed","template":"","meta":[],"product_brand":[],"product_cat":[18],"product_tag":[162,346,581,3825,3827,116,129,130],"class_list":{"0":"post-8245","1":"product","2":"type-product","3":"status-publish","4":"has-post-thumbnail","6":"product_cat-chua-phan-loai","7":"product_tag-tu","8":"product_tag-pce","9":"product_tag-instruments","10":"product_tag-pce-cic","11":"product_tag-11-led","12":"product_tag-model","13":"product_tag-so","14":"product_tag-mau","16":"first","17":"instock","18":"shipping-taxable","19":"product-type-simple"},"yoast_head":"<!-- This site is optimized with the Yoast SEO Premium plugin v24.8 (Yoast SEO v24.8) - https:\/\/yoast.com\/wordpress\/plugins\/seo\/ -->\n<title>T\u1ee6 SO M\u00c0U PCE INSTRUMENTS MODEL PCE... ch\u00ednh h\u00e3ng | V\u1ea1n N\u0103ng<\/title>\n<meta name=\"description\" content=\"Mua ngay T\u1ee6 SO M\u00c0U PCE INSTRUMENTS MODEL PCE-CIC 11-LED ch\u00ednh h\u00e3ng. Gi\u00e1 t\u1ed1t!\" \/>\n<meta name=\"robots\" content=\"noindex, follow, max-snippet:-1, max-image-preview:large, max-video-preview:-1\" \/>\n<meta property=\"og:locale\" content=\"en_US\" \/>\n<meta property=\"og:type\" content=\"article\" \/>\n<meta property=\"og:title\" content=\"T\u1ee6 SO M\u00c0U PCE INSTRUMENTS MODEL PCE-CIC 11-LED\" \/>\n<meta property=\"og:description\" content=\"Mua ngay T\u1ee6 SO M\u00c0U PCE INSTRUMENTS MODEL PCE-CIC 11-LED ch\u00ednh h\u00e3ng. Gi\u00e1 t\u1ed1t!\" \/>\n<meta property=\"og:url\" content=\"https:\/\/vannangvn.123websitedev.com\/en\/product\/tu-so-mau-pce-instruments-model-pce-cic-11-led\/\" \/>\n<meta property=\"og:site_name\" content=\"Vannang.vn\" \/>\n<meta property=\"article:modified_time\" content=\"2026-03-30T12:02:06+00:00\" \/>\n<meta property=\"og:image\" content=\"http:\/\/vannangvn.123websitedev.com\/wp-content\/uploads\/2026\/03\/tu-so-mau-PCE-CIC-11-LED-no.1-copy.jpg\" \/>\n\t<meta property=\"og:image:width\" content=\"768\" \/>\n\t<meta property=\"og:image:height\" content=\"576\" \/>\n\t<meta property=\"og:image:type\" content=\"image\/jpeg\" \/>\n<meta name=\"twitter:card\" content=\"summary_large_image\" \/>\n<meta name=\"twitter:label1\" content=\"Est. reading time\" \/>\n\t<meta name=\"twitter:data1\" content=\"7 minutes\" \/>\n<script type=\"application\/ld+json\" class=\"yoast-schema-graph\">{\"@context\":\"https:\/\/schema.org\",\"@graph\":[{\"@type\":\"WebPage\",\"@id\":\"https:\/\/vannangvn.123websitedev.com\/san-pham\/tu-so-mau-pce-instruments-model-pce-cic-11-led\/\",\"url\":\"https:\/\/vannangvn.123websitedev.com\/san-pham\/tu-so-mau-pce-instruments-model-pce-cic-11-led\/\",\"name\":\"T\u1ee6 SO M\u00c0U PCE INSTRUMENTS MODEL PCE... ch\u00ednh h\u00e3ng | V\u1ea1n N\u0103ng\",\"isPartOf\":{\"@id\":\"https:\/\/vannangvn.123websitedev.com\/#website\"},\"primaryImageOfPage\":{\"@id\":\"https:\/\/vannangvn.123websitedev.com\/san-pham\/tu-so-mau-pce-instruments-model-pce-cic-11-led\/#primaryimage\"},\"image\":{\"@id\":\"https:\/\/vannangvn.123websitedev.com\/san-pham\/tu-so-mau-pce-instruments-model-pce-cic-11-led\/#primaryimage\"},\"thumbnailUrl\":\"https:\/\/vannangvn.123websitedev.com\/wp-content\/uploads\/2026\/03\/tu-so-mau-PCE-CIC-11-LED-no.1-copy.jpg\",\"datePublished\":\"2026-03-20T12:19:55+00:00\",\"dateModified\":\"2026-03-30T12:02:06+00:00\",\"description\":\"Mua ngay T\u1ee6 SO M\u00c0U PCE INSTRUMENTS MODEL PCE-CIC 11-LED ch\u00ednh h\u00e3ng. Gi\u00e1 t\u1ed1t!\",\"breadcrumb\":{\"@id\":\"https:\/\/vannangvn.123websitedev.com\/san-pham\/tu-so-mau-pce-instruments-model-pce-cic-11-led\/#breadcrumb\"},\"inLanguage\":\"en-US\",\"potentialAction\":[{\"@type\":\"ReadAction\",\"target\":[\"https:\/\/vannangvn.123websitedev.com\/san-pham\/tu-so-mau-pce-instruments-model-pce-cic-11-led\/\"]}]},{\"@type\":\"ImageObject\",\"inLanguage\":\"en-US\",\"@id\":\"https:\/\/vannangvn.123websitedev.com\/san-pham\/tu-so-mau-pce-instruments-model-pce-cic-11-led\/#primaryimage\",\"url\":\"https:\/\/vannangvn.123websitedev.com\/wp-content\/uploads\/2026\/03\/tu-so-mau-PCE-CIC-11-LED-no.1-copy.jpg\",\"contentUrl\":\"https:\/\/vannangvn.123websitedev.com\/wp-content\/uploads\/2026\/03\/tu-so-mau-PCE-CIC-11-LED-no.1-copy.jpg\",\"width\":768,\"height\":576},{\"@type\":\"BreadcrumbList\",\"@id\":\"https:\/\/vannangvn.123websitedev.com\/san-pham\/tu-so-mau-pce-instruments-model-pce-cic-11-led\/#breadcrumb\",\"itemListElement\":[{\"@type\":\"ListItem\",\"position\":1,\"name\":\"Trang ch\u1ee7\",\"item\":\"https:\/\/vannangvn.123websitedev.com\/\"},{\"@type\":\"ListItem\",\"position\":2,\"name\":\"S\u1ea3n ph\u1ea9m\",\"item\":\"https:\/\/vannangvn.123websitedev.com\/cua-hang\/\"},{\"@type\":\"ListItem\",\"position\":3,\"name\":\"T\u1ee6 SO M\u00c0U PCE INSTRUMENTS MODEL PCE-CIC 11-LED\"}]},{\"@type\":\"WebSite\",\"@id\":\"https:\/\/vannangvn.123websitedev.com\/#website\",\"url\":\"https:\/\/vannangvn.123websitedev.com\/\",\"name\":\"Vannang.vn\",\"description\":\"\",\"publisher\":{\"@id\":\"https:\/\/vannangvn.123websitedev.com\/#organization\"},\"potentialAction\":[{\"@type\":\"SearchAction\",\"target\":{\"@type\":\"EntryPoint\",\"urlTemplate\":\"https:\/\/vannangvn.123websitedev.com\/?s={search_term_string}\"},\"query-input\":{\"@type\":\"PropertyValueSpecification\",\"valueRequired\":true,\"valueName\":\"search_term_string\"}}],\"inLanguage\":\"en-US\"},{\"@type\":\"Organization\",\"@id\":\"https:\/\/vannangvn.123websitedev.com\/#organization\",\"name\":\"Vannang.vn\",\"url\":\"https:\/\/vannangvn.123websitedev.com\/\",\"logo\":{\"@type\":\"ImageObject\",\"inLanguage\":\"en-US\",\"@id\":\"https:\/\/vannangvn.123websitedev.com\/#\/schema\/logo\/image\/\",\"url\":\"https:\/\/vannangvn.123websitedev.com\/wp-content\/uploads\/2026\/02\/logo-van-nang-02.png\",\"contentUrl\":\"https:\/\/vannangvn.123websitedev.com\/wp-content\/uploads\/2026\/02\/logo-van-nang-02.png\",\"width\":448,\"height\":111,\"caption\":\"Vannang.vn\"},\"image\":{\"@id\":\"https:\/\/vannangvn.123websitedev.com\/#\/schema\/logo\/image\/\"}}]}<\/script>\n<!-- \/ Yoast SEO Premium plugin. -->","yoast_head_json":{"title":"T\u1ee6 SO M\u00c0U PCE INSTRUMENTS MODEL PCE... ch\u00ednh h\u00e3ng | V\u1ea1n N\u0103ng","description":"Mua ngay T\u1ee6 SO M\u00c0U PCE INSTRUMENTS MODEL PCE-CIC 11-LED ch\u00ednh h\u00e3ng. Gi\u00e1 t\u1ed1t!","robots":{"index":"noindex","follow":"follow","max-snippet":"max-snippet:-1","max-image-preview":"max-image-preview:large","max-video-preview":"max-video-preview:-1"},"og_locale":"en_US","og_type":"article","og_title":"T\u1ee6 SO M\u00c0U PCE INSTRUMENTS MODEL PCE-CIC 11-LED","og_description":"Mua ngay T\u1ee6 SO M\u00c0U PCE INSTRUMENTS MODEL PCE-CIC 11-LED ch\u00ednh h\u00e3ng. Gi\u00e1 t\u1ed1t!","og_url":"https:\/\/vannangvn.123websitedev.com\/en\/product\/tu-so-mau-pce-instruments-model-pce-cic-11-led\/","og_site_name":"Vannang.vn","article_modified_time":"2026-03-30T12:02:06+00:00","og_image":[{"width":768,"height":576,"url":"http:\/\/vannangvn.123websitedev.com\/wp-content\/uploads\/2026\/03\/tu-so-mau-PCE-CIC-11-LED-no.1-copy.jpg","type":"image\/jpeg"}],"twitter_card":"summary_large_image","twitter_misc":{"Est. reading time":"7 minutes"},"schema":{"@context":"https:\/\/schema.org","@graph":[{"@type":"WebPage","@id":"https:\/\/vannangvn.123websitedev.com\/san-pham\/tu-so-mau-pce-instruments-model-pce-cic-11-led\/","url":"https:\/\/vannangvn.123websitedev.com\/san-pham\/tu-so-mau-pce-instruments-model-pce-cic-11-led\/","name":"T\u1ee6 SO M\u00c0U PCE INSTRUMENTS MODEL PCE... ch\u00ednh h\u00e3ng | V\u1ea1n N\u0103ng","isPartOf":{"@id":"https:\/\/vannangvn.123websitedev.com\/#website"},"primaryImageOfPage":{"@id":"https:\/\/vannangvn.123websitedev.com\/san-pham\/tu-so-mau-pce-instruments-model-pce-cic-11-led\/#primaryimage"},"image":{"@id":"https:\/\/vannangvn.123websitedev.com\/san-pham\/tu-so-mau-pce-instruments-model-pce-cic-11-led\/#primaryimage"},"thumbnailUrl":"https:\/\/vannangvn.123websitedev.com\/wp-content\/uploads\/2026\/03\/tu-so-mau-PCE-CIC-11-LED-no.1-copy.jpg","datePublished":"2026-03-20T12:19:55+00:00","dateModified":"2026-03-30T12:02:06+00:00","description":"Mua ngay T\u1ee6 SO M\u00c0U PCE INSTRUMENTS MODEL PCE-CIC 11-LED ch\u00ednh h\u00e3ng. Gi\u00e1 t\u1ed1t!","breadcrumb":{"@id":"https:\/\/vannangvn.123websitedev.com\/san-pham\/tu-so-mau-pce-instruments-model-pce-cic-11-led\/#breadcrumb"},"inLanguage":"en-US","potentialAction":[{"@type":"ReadAction","target":["https:\/\/vannangvn.123websitedev.com\/san-pham\/tu-so-mau-pce-instruments-model-pce-cic-11-led\/"]}]},{"@type":"ImageObject","inLanguage":"en-US","@id":"https:\/\/vannangvn.123websitedev.com\/san-pham\/tu-so-mau-pce-instruments-model-pce-cic-11-led\/#primaryimage","url":"https:\/\/vannangvn.123websitedev.com\/wp-content\/uploads\/2026\/03\/tu-so-mau-PCE-CIC-11-LED-no.1-copy.jpg","contentUrl":"https:\/\/vannangvn.123websitedev.com\/wp-content\/uploads\/2026\/03\/tu-so-mau-PCE-CIC-11-LED-no.1-copy.jpg","width":768,"height":576},{"@type":"BreadcrumbList","@id":"https:\/\/vannangvn.123websitedev.com\/san-pham\/tu-so-mau-pce-instruments-model-pce-cic-11-led\/#breadcrumb","itemListElement":[{"@type":"ListItem","position":1,"name":"Trang ch\u1ee7","item":"https:\/\/vannangvn.123websitedev.com\/"},{"@type":"ListItem","position":2,"name":"S\u1ea3n ph\u1ea9m","item":"https:\/\/vannangvn.123websitedev.com\/cua-hang\/"},{"@type":"ListItem","position":3,"name":"T\u1ee6 SO M\u00c0U PCE INSTRUMENTS MODEL PCE-CIC 11-LED"}]},{"@type":"WebSite","@id":"https:\/\/vannangvn.123websitedev.com\/#website","url":"https:\/\/vannangvn.123websitedev.com\/","name":"Vannang.vn","description":"","publisher":{"@id":"https:\/\/vannangvn.123websitedev.com\/#organization"},"potentialAction":[{"@type":"SearchAction","target":{"@type":"EntryPoint","urlTemplate":"https:\/\/vannangvn.123websitedev.com\/?s={search_term_string}"},"query-input":{"@type":"PropertyValueSpecification","valueRequired":true,"valueName":"search_term_string"}}],"inLanguage":"en-US"},{"@type":"Organization","@id":"https:\/\/vannangvn.123websitedev.com\/#organization","name":"Vannang.vn","url":"https:\/\/vannangvn.123websitedev.com\/","logo":{"@type":"ImageObject","inLanguage":"en-US","@id":"https:\/\/vannangvn.123websitedev.com\/#\/schema\/logo\/image\/","url":"https:\/\/vannangvn.123websitedev.com\/wp-content\/uploads\/2026\/02\/logo-van-nang-02.png","contentUrl":"https:\/\/vannangvn.123websitedev.com\/wp-content\/uploads\/2026\/02\/logo-van-nang-02.png","width":448,"height":111,"caption":"Vannang.vn"},"image":{"@id":"https:\/\/vannangvn.123websitedev.com\/#\/schema\/logo\/image\/"}}]}},"_links":{"self":[{"href":"https:\/\/vannangvn.123websitedev.com\/en\/wp-json\/wp\/v2\/product\/8245","targetHints":{"allow":["GET"]}}],"collection":[{"href":"https:\/\/vannangvn.123websitedev.com\/en\/wp-json\/wp\/v2\/product"}],"about":[{"href":"https:\/\/vannangvn.123websitedev.com\/en\/wp-json\/wp\/v2\/types\/product"}],"replies":[{"embeddable":true,"href":"https:\/\/vannangvn.123websitedev.com\/en\/wp-json\/wp\/v2\/comments?post=8245"}],"wp:featuredmedia":[{"embeddable":true,"href":"https:\/\/vannangvn.123websitedev.com\/en\/wp-json\/wp\/v2\/media\/8972"}],"wp:attachment":[{"href":"https:\/\/vannangvn.123websitedev.com\/en\/wp-json\/wp\/v2\/media?parent=8245"}],"wp:term":[{"taxonomy":"product_brand","embeddable":true,"href":"https:\/\/vannangvn.123websitedev.com\/en\/wp-json\/wp\/v2\/product_brand?post=8245"},{"taxonomy":"product_cat","embeddable":true,"href":"https:\/\/vannangvn.123websitedev.com\/en\/wp-json\/wp\/v2\/product_cat?post=8245"},{"taxonomy":"product_tag","embeddable":true,"href":"https:\/\/vannangvn.123websitedev.com\/en\/wp-json\/wp\/v2\/product_tag?post=8245"}],"curies":[{"name":"wp","href":"https:\/\/api.w.org\/{rel}","templated":true}]}}