{"id":8247,"date":"2026-03-20T19:19:58","date_gmt":"2026-03-20T12:19:58","guid":{"rendered":"https:\/\/vannangvn.123websitedev.com\/san-pham\/tu-so-mau-pce-instruments-model-pce-cic-20\/"},"modified":"2026-03-30T19:02:09","modified_gmt":"2026-03-30T12:02:09","slug":"tu-so-mau-pce-instruments-model-pce-cic-20","status":"publish","type":"product","link":"https:\/\/vannangvn.123websitedev.com\/en\/product\/tu-so-mau-pce-instruments-model-pce-cic-20\/","title":{"rendered":"T\u1ee6 SO M\u00c0U PCE INSTRUMENTS MODEL PCE-CIC 20"},"content":{"rendered":"<h1 style=\"color: red; font-weight: bold; font-size: 24px;\">T&#7893;ng quan s&#7843;n ph&#7849;m T&#7910; SO M&Agrave;U PCE INSTRUMENTS MODEL PCE-CIC 20<p>T&#7911; So M&agrave;u (Color Viewing Box) PCE Instruments Model PCE-CIC 20<br>\nT&#7911; So M&agrave;u PCE-CIC 20 l&agrave; thi&#7871;t b&#7883; kh&ocirc;ng th&#7875; thi&#7871;u trong ng&agrave;nh in &#7845;n, &#273;&oacute;ng vai tr&ograve; quan tr&#7885;ng trong vi&#7879;c ki&#7875;m tra s&#7921; ph&ugrave; h&#7907;p m&agrave;u s&#7855;c v&agrave; hi&#7879;n t&#432;&#7907;ng Metamerism ngay sau khi ho&agrave;n thi&#7879;n. Kh&ocirc;ng ch&#7881; trong ng&agrave;nh in, thi&#7871;t b&#7883; n&agrave;y c&ograve;n &#273;&#432;&#7907;c &#7913;ng d&#7909;ng r&#7897;ng r&atilde;i t&#7841;i c&aacute;c c&ocirc;ng ty qu&#7843;ng c&aacute;o, khu v&#7921;c xu&#7845;t b&#7843;n, v&agrave; b&#7845;t k&#7923; n&#417;i n&agrave;o c&#7847;n ki&#7875;m tra m&agrave;u s&#7855;c tr&ecirc;n c&aacute;c &#273;&#7883;nh d&#7841;ng l&#7899;n. H&atilde;y c&ugrave;ng V&#7841;n N&#259;ng t&igrave;m hi&#7875;u chi ti&#7871;t h&#417;n v&#7873; s&#7843;n ph&#7849;m th&ocirc;ng qua b&agrave;i vi&#7871;t d&#432;&#7899;i &#273;&acirc;y!<\/p><p>Metamerism L&agrave; G&igrave;?<br>\nMetamerism l&agrave; hi&#7879;n t&#432;&#7907;ng m&agrave; c&ugrave;ng m&#7897;t m&agrave;u s&#7855;c c&oacute; th&#7875; tr&ocirc;ng kh&aacute;c nhau khi &#273;&#432;&#7907;c chi&#7871;u s&aacute;ng b&#7903;i c&aacute;c ngu&#7891;n s&aacute;ng kh&aacute;c nhau ho&#7863;c &#7903; c&aacute;c g&oacute;c nh&igrave;n kh&aacute;c nhau. Hi&#7879;n t&#432;&#7907;ng n&agrave;y r&#7845;t quan tr&#7885;ng trong vi&#7879;c &#273;&aacute;nh gi&aacute; v&agrave; &#273;&#7843;m b&#7843;o s&#7921; &#273;&#7891;ng nh&#7845;t m&agrave;u s&#7855;c, &#273;&#7863;c bi&#7879;t trong c&aacute;c ng&agrave;nh &#273;&ograve;i h&#7887;i &#273;&#7897; ch&iacute;nh x&aacute;c cao nh&#432; in &#7845;n v&agrave; s&#7843;n xu&#7845;t.<\/p><h2 style=\"color: #2e7d32; font-weight: bold; font-size: 20px;\">&#431;u &#272;i&#7875;m N&#7893;i B&#7853;t C&#7911;a T&#7911; So M&agrave;u PCE-CIC 20<\/h2><p>&#272;&aacute;nh Gi&aacute; M&agrave;u S&#7855;c V&#7899;i 3 Lo&#7841;i &Aacute;nh S&aacute;ng<\/p><p>T&#7911; Soi M&agrave;u PCE-CIC 20 &#273;&#432;&#7907;c trang b&#7883; 3 lo&#7841;i &aacute;nh s&aacute;ng: D75, D65, v&agrave; D50, gi&uacute;p ki&#7875;m tra m&agrave;u s&#7855;c ch&iacute;nh x&aacute;c v&agrave; &#273;&aacute;nh gi&aacute; hi&#7879;n t&#432;&#7907;ng Metamerism (hi&#7879;n t&#432;&#7907;ng m&agrave;u s&#7855;c thay &#273;&#7893;i d&#432;&#7899;i &aacute;nh s&aacute;ng kh&aacute;c nhau).<br>\nNg&#432;&#7901;i d&ugrave;ng c&oacute; th&#7875; chuy&#7875;n &#273;&#7893;i gi&#7919;a &aacute;nh s&aacute;ng &#273;&#417;n l&#7867; ho&#7863;c k&#7871;t h&#7907;p &#273;&#7875; &#273;&#7841;t hi&#7879;u qu&#7843; quan s&aacute;t t&#7889;t nh&#7845;t.<\/p><p>Tu&#7893;i Th&#7885; Cao Nh&#7901; C&ocirc;ng Ngh&#7879; LED<\/p><p>S&#7917; d&#7909;ng &#273;&egrave;n LED b&#7873;n b&#7881; v&#7899;i tu&#7893;i th&#7885; l&ecirc;n &#273;&#7871;n 8000 gi&#7901;, gi&#7843;m thi&#7875;u chi ph&iacute; b&#7843;o tr&igrave; v&agrave; thay th&#7871;.<br>\nH&#7879; th&#7889;ng &#273;&egrave;n LED kh&ocirc;ng ch&#7881; &#273;&#7843;m b&#7843;o &aacute;nh s&aacute;ng &#273;&#7891;ng &#273;&#7873;u m&agrave; c&ograve;n ti&#7871;t ki&#7879;m n&#259;ng l&#432;&#7907;ng.<\/p><p>H&#7879; Th&#7889;ng &#272;&#7871;m Gi&#7901; Ho&#7841;t &#272;&#7897;ng<\/p><p>PCE CIC20 t&iacute;ch h&#7907;p b&#7897; &#273;&#7871;m gi&#7901; ri&ecirc;ng bi&#7879;t cho t&#7915;ng lo&#7841;i &aacute;nh s&aacute;ng, cho ph&eacute;p ng&#432;&#7901;i d&ugrave;ng d&#7877; d&agrave;ng theo d&otilde;i v&agrave; ki&#7875;m so&aacute;t th&#7901;i gian chi&#7871;u s&aacute;ng.<br>\nCh&#7913;c n&#259;ng &#273;&#7863;t l&#7841;i (reset) gi&uacute;p thi&#7871;t l&#7853;p l&#7841;i b&#7897; &#273;&#7871;m khi c&#7847;n thi&#7871;t.<\/p><p>Di Chuy&#7875;n Linh Ho&#7841;t<br>\nT&#7911; PCE-CIC 20 &#273;&#432;&#7907;c trang b&#7883; 4 b&aacute;nh xe c&oacute; phanh, c&oacute; th&#7875; d&#7877; d&agrave;ng di chuy&#7875;n &#273;&#7871;n nhi&#7873;u v&#7883; tr&iacute; l&agrave;m vi&#7879;c kh&aacute;c nhau.<br>\nKhu V&#7921;c Chi&#7871;u S&aacute;ng R&#7897;ng R&atilde;i<br>\nV&#7899;i thi&#7871;t k&#7871; v&ugrave;ng chi&#7871;u s&aacute;ng l&#7899;n, thi&#7871;t b&#7883; h&#7895; tr&#7907; ki&#7875;m tra m&agrave;u s&#7855;c hi&#7879;u qu&#7843; tr&ecirc;n c&#7843; b&#7873; m&#7863;t ngang v&agrave; d&#7885;c, ph&ugrave; h&#7907;p v&#7899;i c&aacute;c s&#7843;n ph&#7849;m ho&#7863;c t&agrave;i li&#7879;u k&iacute;ch th&#432;&#7899;c l&#7899;n.<br>\nThi&#7871;t K&#7871; Th&#7849;m M&#7929; V&#7899;i S&#417;n Trung T&iacute;nh N5<br>\nL&#7899;p s&#417;n m&agrave;u x&aacute;m trung t&iacute;nh N5 kh&ocirc;ng g&acirc;y &#7843;nh h&#432;&#7903;ng &#273;&#7871;n m&agrave;u s&#7855;c c&#7911;a v&#7853;t m&#7851;u, Color Viewing Box PCE-CIC 20 &#273;&#7843;m b&#7843;o t&iacute;nh kh&aacute;ch quan trong qu&aacute; tr&igrave;nh &#273;&aacute;nh gi&aacute;.<\/p><p>&#7912;ng D&#7909;ng Th&#7921;c Ti&#7877;n C&#7911;a PCE-CIC 20<br>\nT&#7911; Ki&#7875;m Tra M&agrave;u PCE-CIC 20 ph&ugrave; h&#7907;p v&#7899;i:<\/p><p>Ng&agrave;nh in &#7845;n: Ki&#7875;m tra m&agrave;u s&#7855;c ngay sau khi in.<br>\nQu&#7843;ng c&aacute;o v&agrave; xu&#7845;t b&#7843;n: &#272;&#7843;m b&#7843;o &#273;&#7897; ch&iacute;nh x&aacute;c m&agrave;u s&#7855;c tr&ecirc;n c&aacute;c &#7845;n ph&#7849;m l&#7899;n.<br>\nKi&#7875;m tra ch&#7845;t l&#432;&#7907;ng s&#7843;n ph&#7849;m: H&#7895; tr&#7907; &#273;&aacute;nh gi&aacute; m&agrave;u s&#7855;c trong s&#7843;n xu&#7845;t v&agrave; thi&#7871;t k&#7871;.<\/p><p>Nh&#7919;ng L&yacute; Do N&ecirc;n Mua T&#7911; So M&agrave;u T&#7841;i Thi&#7871;t B&#7883; C&ocirc;ng Ngh&#7879; V&#7841;n N&#259;ng<\/p><p>C&ocirc;ng ty Thi&#7871;t B&#7883; C&ocirc;ng Ngh&#7879; V&#7841;n N&#259;ng l&agrave; &#273;&#7889;i t&aacute;c ch&iacute;nh th&#7913;c ph&acirc;n ph&#7889;i T&#7911; So M&agrave;u h&agrave;ng &#273;&#7847;u t&#7841;i Vi&#7879;t Nam, cam k&#7871;t cung c&#7845;p s&#7843;n ph&#7849;m ch&iacute;nh h&atilde;ng v&#7899;i gi&aacute; c&#7843; c&#7841;nh tranh nh&#7845;t th&#7883; tr&#432;&#7901;ng. V&#7899;i uy t&iacute;n tr&ecirc;n th&#7883; tr&#432;&#7901;ng v&agrave; ch&#7871; &#273;&#7897; h&#7851;u m&atilde;i t&#7889;t, Thi&#7871;t B&#7883; C&ocirc;ng Ngh&#7879; V&#7841;n N&#259;ng &#273;&atilde; nh&#7853;n &#273;&#432;&#7907;c s&#7921; tin t&#432;&#7903;ng t&#7915; kh&aacute;ch h&agrave;ng nh&#7901; v&agrave;o ch&#7845;t l&#432;&#7907;ng h&agrave;ng &#273;&#7847;u c&#7911;a c&aacute;c d&ograve;ng s&#7843;n ph&#7849;m.<br>\nS&#7843;n ph&#7849;m c&#7911;a ch&uacute;ng t&ocirc;i &#273;&#432;&#7907;c ki&#7875;m &#273;&#7883;nh ch&#7845;t l&#432;&#7907;ng, nh&#7853;p kh&#7849;u tr&#7921;c ti&#7871;p t&#7915; nh&agrave; m&aacute;y b&ecirc;n Ch&acirc;u &Acirc;u, M&#7929;, &Uacute;c, Nh&#7853;t B&#7843;n,&hellip; v&agrave; &#273;&aacute;p &#7913;ng nhu c&#7847;u &#273;a d&#7841;ng c&#7911;a th&#7883; tr&#432;&#7901;ng nh&#432;: M&aacute;y &#272;o &#272;&#7897; C&#7913;ng, M&aacute;y SPECTROMAXx, M&aacute;y Ki&#7875;m Tra &#272;&#432;&#7901;ng Gh&eacute;p M&iacute; Lon,&hellip; Ch&uacute;ng t&ocirc;i cam k&#7871;t cung c&#7845;p s&#7843;n ph&#7849;m n&agrave;y tr&ecirc;n to&agrave;n qu&#7889;c v&#7899;i gi&aacute; c&#7843; c&#7841;nh tranh nh&#7845;t.<br>\nCh&uacute;ng t&ocirc;i c&oacute; &#273;&#7897;i ng&#361; chuy&ecirc;n vi&ecirc;n t&#432; v&#7845;n chuy&ecirc;n s&acirc;u s&#7869; h&#7895; tr&#7907; kh&aacute;ch h&agrave;ng v&#7873; chi ti&#7871;t s&#7843;n ph&#7849;m, h&#432;&#7899;ng d&#7851;n s&#7917; d&#7909;ng hay nh&#7919;ng th&#7913; li&ecirc;n quan &#273;&#7871;n v&#7845;n &#273;&#7873; m&agrave; doanh nghi&#7879;p b&#7841;n &#273;ang g&#7863;p ph&#7843;i. Ch&uacute;ng t&ocirc;i s&#7869; cung c&#7845;p nh&#7919;ng gi&#7843;i ph&aacute;p t&#7889;i &#432;u nh&#7845;t!<br>\nNgo&agrave;i ra Thi&#7871;t B&#7883; C&ocirc;ng Ngh&#7879; V&#7841;n N&#259;ng Ch&uacute;ng T&ocirc;i lu&ocirc;n h&#432;&#7899;ng &#273;&#7871;n tr&#7843;i nghi&#7879;m kh&aacute;ch h&agrave;ng, v&igrave; v&#7853;y ch&uacute;ng t&ocirc;i c&oacute; nh&#7919;ng ch&iacute;nh s&aacute;ch b&#7843;o h&agrave;nh, b&#7843;o tr&igrave; &ndash; b&#7843;o d&#432;&#7905;ng, hi&#7879;u chu&#7849;n v&#7899;i t&#7845;t c&#7843; c&aacute;c thi&#7871;t b&#7883;, m&aacute;y m&oacute;c m&agrave; ch&uacute;ng t&ocirc;i cung c&#7845;p. &#272;&#7843;m b&#7843;o mang &#273;&#7871;n cho Kh&aacute;ch h&agrave;ng s&#7921; y&ecirc;n t&acirc;m tuy&#7879;t &#273;&#7889;i v&#7873; d&#7883;ch v&#7909; khi mua h&agrave;ng.<\/p><p>T&#7893;ng K&#7871;t<br>\nBu&#7891;ng Soi M&agrave;u PCE-CIC 20 kh&ocirc;ng ch&#7881; l&agrave; c&ocirc;ng c&#7909; h&#7895; tr&#7907; ki&#7875;m tra m&agrave;u s&#7855;c v&#432;&#7907;t tr&#7897;i m&agrave; c&ograve;n mang l&#7841;i s&#7921; ti&#7879;n l&#7907;i, b&#7873;n b&#7881; v&agrave; hi&#7879;u qu&#7843;. V&#7899;i thi&#7871;t k&#7871; hi&#7879;n &#273;&#7841;i c&ugrave;ng nhi&#7873;u t&iacute;nh n&#259;ng t&#7889;i &#432;u, PCE-CIC 20 ch&iacute;nh l&agrave; gi&#7843;i ph&aacute;p l&yacute; t&#432;&#7903;ng cho c&aacute;c ng&agrave;nh c&ocirc;ng nghi&#7879;p &#273;&ograve;i h&#7887;i &#273;&#7897; ch&iacute;nh x&aacute;c m&agrave;u s&#7855;c cao. H&atilde;y li&ecirc;n h&#7879; ngay v&#7899;i V&#7841;n N&#259;ng Company &#273;&#7875; &#273;&#432;&#7907;c t&#432; v&#7845;n chi ti&#7871;t v&agrave; nh&#7853;n ngay &#432;u &#273;&atilde;i h&#7845;p d&#7851;n th&ocirc;ng qua hotline\/zalo: <a href=\"https:\/\/zalo.me\/0903991335\" target=\"_blank\" rel=\"noopener\" style=\"color: #059669; font-weight: bold; text-decoration: none;\">0903 991 335<\/a>!<\/p><div style=\"background-color: #f8fafc; border: 1px solid #e2e8f0; border-radius: 8px; padding: 25px; max-width: 800px; margin: 30px auto; color: #334155; line-height: 1.8; font-size: 17px; box-shadow: 0 4px 6px -1px rgba(0,0,0,0.05); text-align: left; clear: both;\">\nC&ocirc;ng ty TNHH Th&#432;&#417;ng M&#7841;i D&#7883;ch V&#7909; Thi&#7871;t B&#7883; C&ocirc;ng Ngh&#7879; V&#7841;n N&#259;ng\n<p style=\"margin: 0 0 10px 0;\">&#128205; <strong style=\"color: #1e293b;\">&#272;&#7883;a ch&#7881;:<\/strong> <a style=\"color: #059669; text-decoration: none; font-weight: bold;\" href=\"https:\/\/www.google.com\/maps\/search\/C%C3%B4ng+ty+TNHH+Th%C6%B0%C6%A1ng+M%E1%BA%A1i+D%E1%BB%8Bch+V%E1%BB%A5+Thi%E1%BA%BFt+B%E1%BB%8B+C%C3%B4ng+Ngh%E1%BB%87+V%E1%BA%A1n+N%C4%83ng+818+Tr%C6%B0%E1%BB%9Dng+Chinh\" target=\"_blank\" rel=\"noopener\">818 Tr&#432;&#7901;ng Chinh, Ph&#432;&#7901;ng T&acirc;n S&#417;n, Th&agrave;nh ph&#7889; H&#7891; Ch&iacute; Minh, Vi&#7879;t Nam<\/a><\/p>\n<p style=\"margin: 0 0 10px 0;\">&#128222; <strong style=\"color: #1e293b;\">S&#272;T &ndash; Zalo:<\/strong> <a style=\"color: #059669; text-decoration: none; font-weight: bold;\" href=\"https:\/\/zalo.me\/0903991335\" target=\"_blank\" rel=\"noopener\">0903 991 335<\/a> <span style=\"color: #64748b; font-style: italic;\">(Ms. H&#7841;nh &ndash; Gi&aacute;m &#272;&#7889;c Kinh Doanh)<\/span><\/p>\n<p style=\"margin: 0;\">&#9993;&#65039; <strong style=\"color: #1e293b;\">Email:<\/strong> <a style=\"color: #059669; text-decoration: none; font-weight: bold;\" href=\"mailto:hienhanh@vannangvn.com\">hienhanh@vannangvn.com<\/a><\/p>\n<\/div><\/h1>","protected":false},"excerpt":{"rendered":"<p><strong>Th&#432;&#417;ng hi&#7879;u:<\/strong> T&#7911; So M&agrave;u PCE-CIC 20 l&agrave; thi&#7871;t b&#7883; kh&ocirc;ng th&#7875; thi&#7871;u trong ng&agrave;nh in &#7845;n, &#273;&oacute;ng vai tr&ograve; quan tr&#7885;ng trong vi&#7879;c ki&#7875;m tra s&#7921; ph&ugrave; h&#7907;p m&agrave;u s&#7855;c v&agrave; hi&#7879;n t&#432;&#7907;ng Metamerism ngay sau khi ho&agrave;n thi&#7879;n. Kh&ocirc;ng ch&#7881; trong ng&agrave;nh in, thi&#7871;t b&#7883; n&agrave;y c&ograve;n &#273;&#432;&#7907;c &#7913;ng d&#7909;ng r&#7897;ng r&atilde;i t&#7841;i c&aacute;c c&ocirc;ng ty qu&#7843;ng c&aacute;o, khu v&#7921;c xu&#7845;t b&#7843;n, v&agrave; b&#7845;t k&#7923; n&#417;i n&agrave;o c&#7847;n ki&#7875;m tra m&agrave;u s&#7855;c tr&ecirc;n c&aacute;c &#273;&#7883;nh d&#7841;ng l&#7899;n.<br>\n<strong>Model:<\/strong> PCE-CIC    -4<p>Product <strong>T&#7910; SO M&Agrave;U PCE INSTRUMENTS MODEL PCE-CIC 20<\/strong> ch&iacute;nh h&atilde;ng. T&#7911; So M&agrave;u PCE-CIC 20 l&agrave; thi&#7871;t b&#7883; kh&ocirc;ng th&#7875; thi&#7871;u trong ng&agrave;nh in &#7845;n, &#273;&oacute;ng vai tr&ograve; quan tr&#7885;ng trong vi&#7879;c ki&#7875;m tra s&#7921; ph&ugrave; h&#7907;p m&agrave;u s&#7855;c v&agrave; hi&#7879;n t&#432;&#7907;ng Metamerism ngay sau khi ho&agrave;n thi&#7879;n. Kh&ocirc;ng ch&#7881; trong ng&agrave;nh in, thi&#7871;t b&#7883; n&agrave;y c&ograve;n &#273;&#432;&#7907;c &#7913;ng d&#7909;ng r&#7897;ng r&atilde;i t&#7841;i c&aacute;c c&ocirc;ng ty qu&#7843;ng c&aacute;o, khu v&#7921;c xu&#7845;t b&#7843;n, v&agrave; b&#7845;t k&#7923; n&#417;i n&agrave;o c&#7847;n ki&#7875;m tra m&agrave;u s&#7855;c tr&ecirc;n c&aacute;c &#273;&#7883;nh d&#7841;ng l&#7899;n.<\/p><\/p>","protected":false},"featured_media":10420,"comment_status":"open","ping_status":"closed","template":"","meta":[],"product_brand":[],"product_cat":[18],"product_tag":[116,129,130,162,346,581,610,3825],"class_list":{"0":"post-8247","1":"product","2":"type-product","3":"status-publish","4":"has-post-thumbnail","6":"product_cat-chua-phan-loai","7":"product_tag-model","8":"product_tag-so","9":"product_tag-mau","10":"product_tag-tu","11":"product_tag-pce","12":"product_tag-instruments","13":"product_tag-610","14":"product_tag-pce-cic","16":"first","17":"instock","18":"shipping-taxable","19":"product-type-simple"},"yoast_head":"<!-- This site is optimized with the Yoast SEO Premium plugin v24.8 (Yoast SEO v24.8) - https:\/\/yoast.com\/wordpress\/plugins\/seo\/ -->\n<title>T\u1ee6 SO M\u00c0U PCE INSTRUMENTS MODEL PCE... ch\u00ednh h\u00e3ng | V\u1ea1n N\u0103ng<\/title>\n<meta name=\"description\" content=\"Mua ngay T\u1ee6 SO M\u00c0U PCE INSTRUMENTS MODEL PCE-CIC 20 ch\u00ednh h\u00e3ng. Gi\u00e1 t\u1ed1t!\" \/>\n<meta name=\"robots\" content=\"noindex, follow, max-snippet:-1, max-image-preview:large, max-video-preview:-1\" \/>\n<meta property=\"og:locale\" content=\"en_US\" \/>\n<meta property=\"og:type\" content=\"article\" \/>\n<meta property=\"og:title\" content=\"T\u1ee6 SO M\u00c0U PCE INSTRUMENTS MODEL PCE-CIC 20\" \/>\n<meta property=\"og:description\" content=\"Mua ngay T\u1ee6 SO M\u00c0U PCE INSTRUMENTS MODEL PCE-CIC 20 ch\u00ednh h\u00e3ng. Gi\u00e1 t\u1ed1t!\" \/>\n<meta property=\"og:url\" content=\"https:\/\/vannangvn.123websitedev.com\/en\/product\/tu-so-mau-pce-instruments-model-pce-cic-20\/\" \/>\n<meta property=\"og:site_name\" content=\"Vannang.vn\" \/>\n<meta property=\"article:modified_time\" content=\"2026-03-30T12:02:09+00:00\" \/>\n<meta property=\"og:image\" content=\"http:\/\/vannangvn.123websitedev.com\/wp-content\/uploads\/2026\/03\/PCE-Instruments-Model-PCE-CIC-20-NO.1-copy.jpg\" \/>\n\t<meta property=\"og:image:width\" content=\"768\" \/>\n\t<meta property=\"og:image:height\" content=\"576\" \/>\n\t<meta property=\"og:image:type\" content=\"image\/jpeg\" \/>\n<meta name=\"twitter:card\" content=\"summary_large_image\" \/>\n<meta name=\"twitter:label1\" content=\"Est. reading time\" \/>\n\t<meta name=\"twitter:data1\" content=\"7 minutes\" \/>\n<script type=\"application\/ld+json\" class=\"yoast-schema-graph\">{\"@context\":\"https:\/\/schema.org\",\"@graph\":[{\"@type\":\"WebPage\",\"@id\":\"https:\/\/vannangvn.123websitedev.com\/san-pham\/tu-so-mau-pce-instruments-model-pce-cic-20\/\",\"url\":\"https:\/\/vannangvn.123websitedev.com\/san-pham\/tu-so-mau-pce-instruments-model-pce-cic-20\/\",\"name\":\"T\u1ee6 SO M\u00c0U PCE INSTRUMENTS MODEL PCE... ch\u00ednh h\u00e3ng | V\u1ea1n N\u0103ng\",\"isPartOf\":{\"@id\":\"https:\/\/vannangvn.123websitedev.com\/#website\"},\"primaryImageOfPage\":{\"@id\":\"https:\/\/vannangvn.123websitedev.com\/san-pham\/tu-so-mau-pce-instruments-model-pce-cic-20\/#primaryimage\"},\"image\":{\"@id\":\"https:\/\/vannangvn.123websitedev.com\/san-pham\/tu-so-mau-pce-instruments-model-pce-cic-20\/#primaryimage\"},\"thumbnailUrl\":\"https:\/\/vannangvn.123websitedev.com\/wp-content\/uploads\/2026\/03\/PCE-Instruments-Model-PCE-CIC-20-NO.1-copy.jpg\",\"datePublished\":\"2026-03-20T12:19:58+00:00\",\"dateModified\":\"2026-03-30T12:02:09+00:00\",\"description\":\"Mua ngay T\u1ee6 SO M\u00c0U PCE INSTRUMENTS MODEL PCE-CIC 20 ch\u00ednh h\u00e3ng. Gi\u00e1 t\u1ed1t!\",\"breadcrumb\":{\"@id\":\"https:\/\/vannangvn.123websitedev.com\/san-pham\/tu-so-mau-pce-instruments-model-pce-cic-20\/#breadcrumb\"},\"inLanguage\":\"en-US\",\"potentialAction\":[{\"@type\":\"ReadAction\",\"target\":[\"https:\/\/vannangvn.123websitedev.com\/san-pham\/tu-so-mau-pce-instruments-model-pce-cic-20\/\"]}]},{\"@type\":\"ImageObject\",\"inLanguage\":\"en-US\",\"@id\":\"https:\/\/vannangvn.123websitedev.com\/san-pham\/tu-so-mau-pce-instruments-model-pce-cic-20\/#primaryimage\",\"url\":\"https:\/\/vannangvn.123websitedev.com\/wp-content\/uploads\/2026\/03\/PCE-Instruments-Model-PCE-CIC-20-NO.1-copy.jpg\",\"contentUrl\":\"https:\/\/vannangvn.123websitedev.com\/wp-content\/uploads\/2026\/03\/PCE-Instruments-Model-PCE-CIC-20-NO.1-copy.jpg\",\"width\":768,\"height\":576},{\"@type\":\"BreadcrumbList\",\"@id\":\"https:\/\/vannangvn.123websitedev.com\/san-pham\/tu-so-mau-pce-instruments-model-pce-cic-20\/#breadcrumb\",\"itemListElement\":[{\"@type\":\"ListItem\",\"position\":1,\"name\":\"Trang ch\u1ee7\",\"item\":\"https:\/\/vannangvn.123websitedev.com\/\"},{\"@type\":\"ListItem\",\"position\":2,\"name\":\"S\u1ea3n ph\u1ea9m\",\"item\":\"https:\/\/vannangvn.123websitedev.com\/cua-hang\/\"},{\"@type\":\"ListItem\",\"position\":3,\"name\":\"T\u1ee6 SO M\u00c0U PCE INSTRUMENTS MODEL PCE-CIC 20\"}]},{\"@type\":\"WebSite\",\"@id\":\"https:\/\/vannangvn.123websitedev.com\/#website\",\"url\":\"https:\/\/vannangvn.123websitedev.com\/\",\"name\":\"Vannang.vn\",\"description\":\"\",\"publisher\":{\"@id\":\"https:\/\/vannangvn.123websitedev.com\/#organization\"},\"potentialAction\":[{\"@type\":\"SearchAction\",\"target\":{\"@type\":\"EntryPoint\",\"urlTemplate\":\"https:\/\/vannangvn.123websitedev.com\/?s={search_term_string}\"},\"query-input\":{\"@type\":\"PropertyValueSpecification\",\"valueRequired\":true,\"valueName\":\"search_term_string\"}}],\"inLanguage\":\"en-US\"},{\"@type\":\"Organization\",\"@id\":\"https:\/\/vannangvn.123websitedev.com\/#organization\",\"name\":\"Vannang.vn\",\"url\":\"https:\/\/vannangvn.123websitedev.com\/\",\"logo\":{\"@type\":\"ImageObject\",\"inLanguage\":\"en-US\",\"@id\":\"https:\/\/vannangvn.123websitedev.com\/#\/schema\/logo\/image\/\",\"url\":\"https:\/\/vannangvn.123websitedev.com\/wp-content\/uploads\/2026\/02\/logo-van-nang-02.png\",\"contentUrl\":\"https:\/\/vannangvn.123websitedev.com\/wp-content\/uploads\/2026\/02\/logo-van-nang-02.png\",\"width\":448,\"height\":111,\"caption\":\"Vannang.vn\"},\"image\":{\"@id\":\"https:\/\/vannangvn.123websitedev.com\/#\/schema\/logo\/image\/\"}}]}<\/script>\n<!-- \/ Yoast SEO Premium plugin. -->","yoast_head_json":{"title":"T\u1ee6 SO M\u00c0U PCE INSTRUMENTS MODEL PCE... ch\u00ednh h\u00e3ng | V\u1ea1n N\u0103ng","description":"Mua ngay T\u1ee6 SO M\u00c0U PCE INSTRUMENTS MODEL PCE-CIC 20 ch\u00ednh h\u00e3ng. Gi\u00e1 t\u1ed1t!","robots":{"index":"noindex","follow":"follow","max-snippet":"max-snippet:-1","max-image-preview":"max-image-preview:large","max-video-preview":"max-video-preview:-1"},"og_locale":"en_US","og_type":"article","og_title":"T\u1ee6 SO M\u00c0U PCE INSTRUMENTS MODEL PCE-CIC 20","og_description":"Mua ngay T\u1ee6 SO M\u00c0U PCE INSTRUMENTS MODEL PCE-CIC 20 ch\u00ednh h\u00e3ng. Gi\u00e1 t\u1ed1t!","og_url":"https:\/\/vannangvn.123websitedev.com\/en\/product\/tu-so-mau-pce-instruments-model-pce-cic-20\/","og_site_name":"Vannang.vn","article_modified_time":"2026-03-30T12:02:09+00:00","og_image":[{"width":768,"height":576,"url":"http:\/\/vannangvn.123websitedev.com\/wp-content\/uploads\/2026\/03\/PCE-Instruments-Model-PCE-CIC-20-NO.1-copy.jpg","type":"image\/jpeg"}],"twitter_card":"summary_large_image","twitter_misc":{"Est. reading time":"7 minutes"},"schema":{"@context":"https:\/\/schema.org","@graph":[{"@type":"WebPage","@id":"https:\/\/vannangvn.123websitedev.com\/san-pham\/tu-so-mau-pce-instruments-model-pce-cic-20\/","url":"https:\/\/vannangvn.123websitedev.com\/san-pham\/tu-so-mau-pce-instruments-model-pce-cic-20\/","name":"T\u1ee6 SO M\u00c0U PCE INSTRUMENTS MODEL PCE... ch\u00ednh h\u00e3ng | V\u1ea1n N\u0103ng","isPartOf":{"@id":"https:\/\/vannangvn.123websitedev.com\/#website"},"primaryImageOfPage":{"@id":"https:\/\/vannangvn.123websitedev.com\/san-pham\/tu-so-mau-pce-instruments-model-pce-cic-20\/#primaryimage"},"image":{"@id":"https:\/\/vannangvn.123websitedev.com\/san-pham\/tu-so-mau-pce-instruments-model-pce-cic-20\/#primaryimage"},"thumbnailUrl":"https:\/\/vannangvn.123websitedev.com\/wp-content\/uploads\/2026\/03\/PCE-Instruments-Model-PCE-CIC-20-NO.1-copy.jpg","datePublished":"2026-03-20T12:19:58+00:00","dateModified":"2026-03-30T12:02:09+00:00","description":"Mua ngay T\u1ee6 SO M\u00c0U PCE INSTRUMENTS MODEL PCE-CIC 20 ch\u00ednh h\u00e3ng. Gi\u00e1 t\u1ed1t!","breadcrumb":{"@id":"https:\/\/vannangvn.123websitedev.com\/san-pham\/tu-so-mau-pce-instruments-model-pce-cic-20\/#breadcrumb"},"inLanguage":"en-US","potentialAction":[{"@type":"ReadAction","target":["https:\/\/vannangvn.123websitedev.com\/san-pham\/tu-so-mau-pce-instruments-model-pce-cic-20\/"]}]},{"@type":"ImageObject","inLanguage":"en-US","@id":"https:\/\/vannangvn.123websitedev.com\/san-pham\/tu-so-mau-pce-instruments-model-pce-cic-20\/#primaryimage","url":"https:\/\/vannangvn.123websitedev.com\/wp-content\/uploads\/2026\/03\/PCE-Instruments-Model-PCE-CIC-20-NO.1-copy.jpg","contentUrl":"https:\/\/vannangvn.123websitedev.com\/wp-content\/uploads\/2026\/03\/PCE-Instruments-Model-PCE-CIC-20-NO.1-copy.jpg","width":768,"height":576},{"@type":"BreadcrumbList","@id":"https:\/\/vannangvn.123websitedev.com\/san-pham\/tu-so-mau-pce-instruments-model-pce-cic-20\/#breadcrumb","itemListElement":[{"@type":"ListItem","position":1,"name":"Trang ch\u1ee7","item":"https:\/\/vannangvn.123websitedev.com\/"},{"@type":"ListItem","position":2,"name":"S\u1ea3n ph\u1ea9m","item":"https:\/\/vannangvn.123websitedev.com\/cua-hang\/"},{"@type":"ListItem","position":3,"name":"T\u1ee6 SO M\u00c0U PCE INSTRUMENTS MODEL PCE-CIC 20"}]},{"@type":"WebSite","@id":"https:\/\/vannangvn.123websitedev.com\/#website","url":"https:\/\/vannangvn.123websitedev.com\/","name":"Vannang.vn","description":"","publisher":{"@id":"https:\/\/vannangvn.123websitedev.com\/#organization"},"potentialAction":[{"@type":"SearchAction","target":{"@type":"EntryPoint","urlTemplate":"https:\/\/vannangvn.123websitedev.com\/?s={search_term_string}"},"query-input":{"@type":"PropertyValueSpecification","valueRequired":true,"valueName":"search_term_string"}}],"inLanguage":"en-US"},{"@type":"Organization","@id":"https:\/\/vannangvn.123websitedev.com\/#organization","name":"Vannang.vn","url":"https:\/\/vannangvn.123websitedev.com\/","logo":{"@type":"ImageObject","inLanguage":"en-US","@id":"https:\/\/vannangvn.123websitedev.com\/#\/schema\/logo\/image\/","url":"https:\/\/vannangvn.123websitedev.com\/wp-content\/uploads\/2026\/02\/logo-van-nang-02.png","contentUrl":"https:\/\/vannangvn.123websitedev.com\/wp-content\/uploads\/2026\/02\/logo-van-nang-02.png","width":448,"height":111,"caption":"Vannang.vn"},"image":{"@id":"https:\/\/vannangvn.123websitedev.com\/#\/schema\/logo\/image\/"}}]}},"_links":{"self":[{"href":"https:\/\/vannangvn.123websitedev.com\/en\/wp-json\/wp\/v2\/product\/8247","targetHints":{"allow":["GET"]}}],"collection":[{"href":"https:\/\/vannangvn.123websitedev.com\/en\/wp-json\/wp\/v2\/product"}],"about":[{"href":"https:\/\/vannangvn.123websitedev.com\/en\/wp-json\/wp\/v2\/types\/product"}],"replies":[{"embeddable":true,"href":"https:\/\/vannangvn.123websitedev.com\/en\/wp-json\/wp\/v2\/comments?post=8247"}],"wp:featuredmedia":[{"embeddable":true,"href":"https:\/\/vannangvn.123websitedev.com\/en\/wp-json\/wp\/v2\/media\/10420"}],"wp:attachment":[{"href":"https:\/\/vannangvn.123websitedev.com\/en\/wp-json\/wp\/v2\/media?parent=8247"}],"wp:term":[{"taxonomy":"product_brand","embeddable":true,"href":"https:\/\/vannangvn.123websitedev.com\/en\/wp-json\/wp\/v2\/product_brand?post=8247"},{"taxonomy":"product_cat","embeddable":true,"href":"https:\/\/vannangvn.123websitedev.com\/en\/wp-json\/wp\/v2\/product_cat?post=8247"},{"taxonomy":"product_tag","embeddable":true,"href":"https:\/\/vannangvn.123websitedev.com\/en\/wp-json\/wp\/v2\/product_tag?post=8247"}],"curies":[{"name":"wp","href":"https:\/\/api.w.org\/{rel}","templated":true}]}}