{"id":8248,"date":"2026-03-20T19:19:59","date_gmt":"2026-03-20T12:19:59","guid":{"rendered":"https:\/\/vannangvn.123websitedev.com\/san-pham\/tu-so-mau-pce-instruments-model-pce-cic-5-led\/"},"modified":"2026-03-30T19:02:12","modified_gmt":"2026-03-30T12:02:12","slug":"tu-so-mau-pce-instruments-model-pce-cic-5-led","status":"publish","type":"product","link":"https:\/\/vannangvn.123websitedev.com\/en\/product\/tu-so-mau-pce-instruments-model-pce-cic-5-led\/","title":{"rendered":"T\u1ee6 SO M\u00c0U PCE INSTRUMENTS MODEL PCE-CIC 5-LED"},"content":{"rendered":"<h1 style=\"color: red; font-weight: bold; font-size: 24px;\">T&#7893;ng quan s&#7843;n ph&#7849;m T&#7910; SO M&Agrave;U PCE INSTRUMENTS MODEL PCE-CIC 5-LED<p>T&#7911; So M&agrave;u (Color Viewing Box) PCE Instruments Model PCE-CIC 5-LED<br>\nT&#7911; So M&agrave;u PCE-CIC 5-LED l&agrave; c&ocirc;ng c&#7909; chuy&ecirc;n nghi&#7879;p, gi&uacute;p th&#7921;c hi&#7879;n vi&#7879;c so s&aacute;nh m&agrave;u s&#7855;c tr&#7921;c quan tr&ecirc;n c&aacute;c s&#7843;n ph&#7849;m trong ho&#7863;c tr&#432;&#7899;c qu&aacute; tr&igrave;nh s&#7843;n xu&#7845;t. Thi&#7871;t b&#7883; n&agrave;y &#273;&aacute;p &#7913;ng ti&ecirc;u chu&#7849;n ASTM D1729, h&#7895; tr&#7907; doanh nghi&#7879;p ki&#7875;m so&aacute;t ch&#7845;t l&#432;&#7907;ng m&agrave;u s&#7855;c m&#7897;t c&aacute;ch hi&#7879;u qu&#7843; v&agrave; nh&#7845;t qu&aacute;n. H&atilde;y c&ugrave;ng V&#7841;n N&#259;ng t&igrave;m hi&#7875;u chi ti&#7871;t h&#417;n v&#7873; s&#7843;n ph&#7849;m th&ocirc;ng qua b&agrave;i vi&#7871;t d&#432;&#7899;i &#273;&acirc;y!<\/p><h2 style=\"color: #2e7d32; font-weight: bold; font-size: 20px;\">T&iacute;nh N&#259;ng N&#7893;i B&#7853;t c&#7911;a T&#7911; So M&agrave;u PCE-CIC 5-LED<\/h2><p>&#272;&aacute;nh gi&aacute; m&agrave;u s&#7855;c v&#7899;i 4 lo&#7841;i &aacute;nh s&aacute;ng kh&aacute;c nhau<\/p><p>D65 (&aacute;nh s&aacute;ng ban ng&agrave;y ti&ecirc;u chu&#7849;n)<br>\nA (&aacute;nh s&aacute;ng t&#7915; &#273;&egrave;n s&#7907;i &#273;&#7889;t)<br>\nTL84 (&aacute;nh s&aacute;ng c&#7917;a h&agrave;ng b&aacute;n l&#7867;)<br>\nUV (tia c&#7921;c t&iacute;m)<\/p><p>Ch&#7889;ng hi&#7879;n t&#432;&#7907;ng Metamerism<br>\nMetamerism l&agrave; hi&#7879;n t&#432;&#7907;ng m&#7897;t m&agrave;u s&#7855;c tr&ocirc;ng kh&aacute;c nhau d&#432;&#7899;i c&aacute;c ngu&#7891;n s&aacute;ng kh&aacute;c nhau. T&#7911; Soi M&agrave;u PCE-CIC 5-LED gi&uacute;p doanh nghi&#7879;p ph&aacute;t hi&#7879;n v&agrave; ng&#259;n ch&#7863;n hi&#7879;n t&#432;&#7907;ng n&agrave;y tr&#432;&#7899;c khi s&#7843;n ph&#7849;m &#273;&#432;&#7907;c s&#7843;n xu&#7845;t h&agrave;ng lo&#7841;t.<\/p><p>B&#7897; &#273;&#7871;m gi&#7901; ho&#7841;t &#273;&#7897;ng th&ocirc;ng minh<\/p><p>T&iacute;nh to&aacute;n th&#7901;i gian s&#7917; d&#7909;ng c&#7911;a t&#7915;ng lo&#7841;i &#273;&egrave;n.<br>\n&#272;&#7843;m b&#7843;o thay th&#7871; &#273;&egrave;n &#273;&uacute;ng th&#7901;i &#273;i&#7875;m (kh&ocirc;ng qu&aacute; 2000 gi&#7901;), tr&aacute;nh &#7843;nh h&#432;&#7903;ng &#273;&#7871;n &#273;&#7897; ch&iacute;nh x&aacute;c c&#7911;a vi&#7879;c so m&agrave;u.<\/p><p>L&#7899;p ph&#7911; trung t&iacute;nh Munsell N8<br>\nT&#259;ng c&#432;&#7901;ng kh&#7843; n&#259;ng ph&#7843;n chi&#7871;u &aacute;nh s&aacute;ng trung t&iacute;nh, &#273;&#7843;m b&#7843;o k&#7871;t qu&#7843; &#273;&aacute;nh gi&aacute; m&agrave;u s&#7855;c ch&iacute;nh x&aacute;c v&agrave; kh&aacute;ch quan.<br>\nDi&#7879;n t&iacute;ch chi&#7871;u s&aacute;ng l&#7899;n<br>\nColor Viewing Box PCE-CIC 5-LED t&#7841;o kh&ocirc;ng gian tho&#7843;i m&aacute;i &#273;&#7875; &#273;&#7863;t c&aacute;c v&#7853;t th&#7875; c&#7847;n ki&#7875;m tra m&agrave;u s&#7855;c, ph&ugrave; h&#7907;p v&#7899;i nhi&#7873;u k&iacute;ch th&#432;&#7899;c s&#7843;n ph&#7849;m kh&aacute;c nhau.<\/p><p>&#7912;ng D&#7909;ng C&#7911;a T&#7911; So M&agrave;u PCE-CIC 5-LED<\/p><p>Ki&#7875;m tra ch&#7845;t l&#432;&#7907;ng: T&#7911; PCE-CIC 5-LED &#273;&#7843;m b&#7843;o m&agrave;u s&#7855;c s&#7843;n ph&#7849;m lu&ocirc;n n&#7857;m trong ph&#7841;m vi ti&ecirc;u chu&#7849;n trong su&#7889;t qu&aacute; tr&igrave;nh s&#7843;n xu&#7845;t.<br>\n&#272;&aacute;nh gi&aacute; m&agrave;u s&#7855;c s&#7843;n ph&#7849;m m&#7899;i: So s&aacute;nh tr&#7921;c quan tr&#432;&#7899;c khi s&#7843;n xu&#7845;t h&agrave;ng lo&#7841;t, gi&#7843;m thi&#7875;u r&#7911;i ro sai l&#7879;ch.<br>\nNg&agrave;nh c&ocirc;ng nghi&#7879;p: S&#7917; d&#7909;ng r&#7897;ng r&atilde;i trong c&aacute;c ng&agrave;nh nh&#432; in &#7845;n, s&#7843;n xu&#7845;t bao b&igrave;, d&#7879;t may, &ocirc; t&ocirc;, v&agrave; s&#7843;n xu&#7845;t n&#7897;i th&#7845;t.<\/p><p>L&#7907;i &Iacute;ch Khi S&#7917; D&#7909;ng T&#7911; So M&agrave;u PCE-CIC 5-LED<\/p><p>T&#259;ng c&#432;&#7901;ng &#273;&#7897; ch&iacute;nh x&aacute;c v&agrave; &#273;&#7891;ng nh&#7845;t m&agrave;u s&#7855;c s&#7843;n ph&#7849;m.<br>\nGi&#7843;m thi&#7875;u chi ph&iacute; do l&#7895;i m&agrave;u s&#7855;c trong s&#7843;n xu&#7845;t h&agrave;ng lo&#7841;t.<br>\nBu&#7891;ng Soi M&agrave;u PCE-CIC 5-LED &#273;&aacute;p &#7913;ng ti&ecirc;u chu&#7849;n qu&#7889;c t&#7871;, n&acirc;ng cao uy t&iacute;n th&#432;&#417;ng hi&#7879;u.<\/p><p>Nh&#7919;ng L&yacute; Do N&ecirc;n Mua T&#7911; So M&agrave;u T&#7841;i Thi&#7871;t B&#7883; C&ocirc;ng Ngh&#7879; V&#7841;n N&#259;ng<\/p><p>C&ocirc;ng ty Thi&#7871;t B&#7883; C&ocirc;ng Ngh&#7879; V&#7841;n N&#259;ng l&agrave; &#273;&#7889;i t&aacute;c ch&iacute;nh th&#7913;c ph&acirc;n ph&#7889;i T&#7911; So M&agrave;u h&agrave;ng &#273;&#7847;u t&#7841;i Vi&#7879;t Nam, cam k&#7871;t cung c&#7845;p s&#7843;n ph&#7849;m ch&iacute;nh h&atilde;ng v&#7899;i gi&aacute; c&#7843; c&#7841;nh tranh nh&#7845;t th&#7883; tr&#432;&#7901;ng. V&#7899;i uy t&iacute;n tr&ecirc;n th&#7883; tr&#432;&#7901;ng v&agrave; ch&#7871; &#273;&#7897; h&#7851;u m&atilde;i t&#7889;t, Thi&#7871;t B&#7883; C&ocirc;ng Ngh&#7879; V&#7841;n N&#259;ng &#273;&atilde; nh&#7853;n &#273;&#432;&#7907;c s&#7921; tin t&#432;&#7903;ng t&#7915; kh&aacute;ch h&agrave;ng nh&#7901; v&agrave;o ch&#7845;t l&#432;&#7907;ng h&agrave;ng &#273;&#7847;u c&#7911;a c&aacute;c d&ograve;ng s&#7843;n ph&#7849;m.<br>\nS&#7843;n ph&#7849;m c&#7911;a ch&uacute;ng t&ocirc;i &#273;&#432;&#7907;c ki&#7875;m &#273;&#7883;nh ch&#7845;t l&#432;&#7907;ng, nh&#7853;p kh&#7849;u tr&#7921;c ti&#7871;p t&#7915; nh&agrave; m&aacute;y b&ecirc;n Ch&acirc;u &Acirc;u, M&#7929;, &Uacute;c, Nh&#7853;t B&#7843;n,&hellip; v&agrave; &#273;&aacute;p &#7913;ng nhu c&#7847;u &#273;a d&#7841;ng c&#7911;a th&#7883; tr&#432;&#7901;ng nh&#432;: M&aacute;y &#272;o &#272;&#7897; C&#7913;ng, M&aacute;y SPECTROMAXx, M&aacute;y Ki&#7875;m Tra &#272;&#432;&#7901;ng Gh&eacute;p M&iacute; Lon,&hellip; Ch&uacute;ng t&ocirc;i cam k&#7871;t cung c&#7845;p s&#7843;n ph&#7849;m n&agrave;y tr&ecirc;n to&agrave;n qu&#7889;c v&#7899;i gi&aacute; c&#7843; c&#7841;nh tranh nh&#7845;t.<br>\nCh&uacute;ng t&ocirc;i c&oacute; &#273;&#7897;i ng&#361; chuy&ecirc;n vi&ecirc;n t&#432; v&#7845;n chuy&ecirc;n s&acirc;u s&#7869; h&#7895; tr&#7907; kh&aacute;ch h&agrave;ng v&#7873; chi ti&#7871;t s&#7843;n ph&#7849;m, h&#432;&#7899;ng d&#7851;n s&#7917; d&#7909;ng hay nh&#7919;ng th&#7913; li&ecirc;n quan &#273;&#7871;n v&#7845;n &#273;&#7873; m&agrave; doanh nghi&#7879;p b&#7841;n &#273;ang g&#7863;p ph&#7843;i. Ch&uacute;ng t&ocirc;i s&#7869; cung c&#7845;p nh&#7919;ng gi&#7843;i ph&aacute;p t&#7889;i &#432;u nh&#7845;t!<br>\nNgo&agrave;i ra Thi&#7871;t B&#7883; C&ocirc;ng Ngh&#7879; V&#7841;n N&#259;ng Ch&uacute;ng T&ocirc;i lu&ocirc;n h&#432;&#7899;ng &#273;&#7871;n tr&#7843;i nghi&#7879;m kh&aacute;ch h&agrave;ng, v&igrave; v&#7853;y ch&uacute;ng t&ocirc;i c&oacute; nh&#7919;ng ch&iacute;nh s&aacute;ch b&#7843;o h&agrave;nh, b&#7843;o tr&igrave; &ndash; b&#7843;o d&#432;&#7905;ng, hi&#7879;u chu&#7849;n v&#7899;i t&#7845;t c&#7843; c&aacute;c thi&#7871;t b&#7883;, m&aacute;y m&oacute;c m&agrave; ch&uacute;ng t&ocirc;i cung c&#7845;p. &#272;&#7843;m b&#7843;o mang &#273;&#7871;n cho Kh&aacute;ch h&agrave;ng s&#7921; y&ecirc;n t&acirc;m tuy&#7879;t &#273;&#7889;i v&#7873; d&#7883;ch v&#7909; khi mua h&agrave;ng.<\/p><p>T&#7893;ng K&#7871;t<br>\nBu&#7891;ng So M&agrave;u PCE-CIC 5-LED l&agrave; gi&#7843;i ph&aacute;p ho&agrave;n h&#7843;o cho c&aacute;c doanh nghi&#7879;p mu&#7889;n n&acirc;ng cao ch&#7845;t l&#432;&#7907;ng s&#7843;n ph&#7849;m th&ocirc;ng qua vi&#7879;c ki&#7875;m so&aacute;t m&agrave;u s&#7855;c m&#7897;t c&aacute;ch ch&iacute;nh x&aacute;c v&agrave; nh&#7845;t qu&aacute;n. V&#7899;i kh&#7843; n&#259;ng ho&#7841;t &#273;&#7897;ng &#273;a d&#7841;ng d&#432;&#7899;i 4 lo&#7841;i &aacute;nh s&aacute;ng, PCE-CIC 5-LED kh&ocirc;ng ch&#7881; &#273;&aacute;p &#7913;ng ti&ecirc;u chu&#7849;n ASTM D1729 m&agrave; c&ograve;n gi&uacute;p ph&aacute;t hi&#7879;n v&agrave; ng&#259;n ng&#7915;a hi&#7879;n t&#432;&#7907;ng Metamerism hi&#7879;u qu&#7843;. H&atilde;y li&ecirc;n h&#7879; ngay v&#7899;i V&#7841;n N&#259;ng Company &#273;&#7875; &#273;&#432;&#7907;c t&#432; v&#7845;n chi ti&#7871;t v&agrave; nh&#7853;n ngay &#432;u &#273;&atilde;i h&#7845;p d&#7851;n th&ocirc;ng qua hotline\/zalo: <a href=\"https:\/\/zalo.me\/0903991335\" target=\"_blank\" rel=\"noopener\" style=\"color: #059669; font-weight: bold; text-decoration: none;\">0903 991 335<\/a>!<\/p><div style=\"background-color: #f8fafc; border: 1px solid #e2e8f0; border-radius: 8px; padding: 25px; max-width: 800px; margin: 30px auto; color: #334155; line-height: 1.8; font-size: 17px; box-shadow: 0 4px 6px -1px rgba(0,0,0,0.05); text-align: left; clear: both;\">\nC&ocirc;ng ty TNHH Th&#432;&#417;ng M&#7841;i D&#7883;ch V&#7909; Thi&#7871;t B&#7883; C&ocirc;ng Ngh&#7879; V&#7841;n N&#259;ng\n<p style=\"margin: 0 0 10px 0;\">&#128205; <strong style=\"color: #1e293b;\">&#272;&#7883;a ch&#7881;:<\/strong> <a style=\"color: #059669; text-decoration: none; font-weight: bold;\" href=\"https:\/\/www.google.com\/maps\/search\/C%C3%B4ng+ty+TNHH+Th%C6%B0%C6%A1ng+M%E1%BA%A1i+D%E1%BB%8Bch+V%E1%BB%A5+Thi%E1%BA%BFt+B%E1%BB%8B+C%C3%B4ng+Ngh%E1%BB%87+V%E1%BA%A1n+N%C4%83ng+818+Tr%C6%B0%E1%BB%9Dng+Chinh\" target=\"_blank\" rel=\"noopener\">818 Tr&#432;&#7901;ng Chinh, Ph&#432;&#7901;ng T&acirc;n S&#417;n, Th&agrave;nh ph&#7889; H&#7891; Ch&iacute; Minh, Vi&#7879;t Nam<\/a><\/p>\n<p style=\"margin: 0 0 10px 0;\">&#128222; <strong style=\"color: #1e293b;\">S&#272;T &ndash; Zalo:<\/strong> <a style=\"color: #059669; text-decoration: none; font-weight: bold;\" href=\"https:\/\/zalo.me\/0903991335\" target=\"_blank\" rel=\"noopener\">0903 991 335<\/a> <span style=\"color: #64748b; font-style: italic;\">(Ms. H&#7841;nh &ndash; Gi&aacute;m &#272;&#7889;c Kinh Doanh)<\/span><\/p>\n<p style=\"margin: 0;\">&#9993;&#65039; <strong style=\"color: #1e293b;\">Email:<\/strong> <a style=\"color: #059669; text-decoration: none; font-weight: bold;\" href=\"mailto:hienhanh@vannangvn.com\">hienhanh@vannangvn.com<\/a><\/p>\n<\/div><\/h1>","protected":false},"excerpt":{"rendered":"<p><strong>Th&#432;&#417;ng hi&#7879;u:<\/strong> T&#7911; So M&agrave;u PCE-CIC 5-LED l&agrave; c&ocirc;ng c&#7909; chuy&ecirc;n nghi&#7879;p, gi&uacute;p th&#7921;c hi&#7879;n vi&#7879;c so s&aacute;nh m&agrave;u s&#7855;c tr&#7921;c quan tr&ecirc;n c&aacute;c s&#7843;n ph&#7849;m trong ho&#7863;c tr&#432;&#7899;c qu&aacute; tr&igrave;nh s&#7843;n xu&#7845;t. Thi&#7871;t b&#7883; n&agrave;y &#273;&aacute;p &#7913;ng ti&ecirc;u chu&#7849;n ASTM D1729, h&#7895; tr&#7907; doanh nghi&#7879;p ki&#7875;m so&aacute;t ch&#7845;t l&#432;&#7907;ng m&agrave;u s&#7855;c m&#7897;t c&aacute;ch hi&#7879;u qu&#7843; v&agrave; nh&#7845;t qu&aacute;n.<br>\n<strong>Model:<\/strong> PCE-CIC    -5<p>Product <strong>T&#7910; SO M&Agrave;U PCE INSTRUMENTS MODEL PCE-CIC 5-LED<\/strong> ch&iacute;nh h&atilde;ng. T&#7911; So M&agrave;u PCE-CIC 5-LED l&agrave; c&ocirc;ng c&#7909; chuy&ecirc;n nghi&#7879;p, gi&uacute;p th&#7921;c hi&#7879;n vi&#7879;c so s&aacute;nh m&agrave;u s&#7855;c tr&#7921;c quan tr&ecirc;n c&aacute;c s&#7843;n ph&#7849;m trong ho&#7863;c tr&#432;&#7899;c qu&aacute; tr&igrave;nh s&#7843;n xu&#7845;t. Thi&#7871;t b&#7883; n&agrave;y &#273;&aacute;p &#7913;ng ti&ecirc;u chu&#7849;n ASTM D1729, h&#7895; tr&#7907; doanh nghi&#7879;p ki&#7875;m so&aacute;t ch&#7845;t l&#432;&#7907;ng m&agrave;u s&#7855;c m&#7897;t c&aacute;ch hi&#7879;u qu&#7843; v&agrave; nh&#7845;t qu&aacute;n.<\/p><\/p>","protected":false},"featured_media":8973,"comment_status":"open","ping_status":"closed","template":"","meta":[],"product_brand":[],"product_cat":[18],"product_tag":[162,346,581,3825,3829,116,129,130],"class_list":{"0":"post-8248","1":"product","2":"type-product","3":"status-publish","4":"has-post-thumbnail","6":"product_cat-chua-phan-loai","7":"product_tag-tu","8":"product_tag-pce","9":"product_tag-instruments","10":"product_tag-pce-cic","11":"product_tag-5-led","12":"product_tag-model","13":"product_tag-so","14":"product_tag-mau","16":"first","17":"instock","18":"shipping-taxable","19":"product-type-simple"},"yoast_head":"<!-- This site is optimized with the Yoast SEO Premium plugin v24.8 (Yoast SEO v24.8) - https:\/\/yoast.com\/wordpress\/plugins\/seo\/ -->\n<title>T\u1ee6 SO M\u00c0U PCE INSTRUMENTS MODEL PCE... ch\u00ednh h\u00e3ng | V\u1ea1n N\u0103ng<\/title>\n<meta name=\"description\" content=\"Mua ngay T\u1ee6 SO M\u00c0U PCE INSTRUMENTS MODEL PCE-CIC 5-LED ch\u00ednh h\u00e3ng. Gi\u00e1 t\u1ed1t!\" \/>\n<meta name=\"robots\" content=\"noindex, follow, max-snippet:-1, max-image-preview:large, max-video-preview:-1\" \/>\n<meta property=\"og:locale\" content=\"en_US\" \/>\n<meta property=\"og:type\" content=\"article\" \/>\n<meta property=\"og:title\" content=\"T\u1ee6 SO M\u00c0U PCE INSTRUMENTS MODEL PCE-CIC 5-LED\" \/>\n<meta property=\"og:description\" content=\"Mua ngay T\u1ee6 SO M\u00c0U PCE INSTRUMENTS MODEL PCE-CIC 5-LED ch\u00ednh h\u00e3ng. Gi\u00e1 t\u1ed1t!\" \/>\n<meta property=\"og:url\" content=\"https:\/\/vannangvn.123websitedev.com\/en\/product\/tu-so-mau-pce-instruments-model-pce-cic-5-led\/\" \/>\n<meta property=\"og:site_name\" content=\"Vannang.vn\" \/>\n<meta property=\"article:modified_time\" content=\"2026-03-30T12:02:12+00:00\" \/>\n<meta property=\"og:image\" content=\"http:\/\/vannangvn.123websitedev.com\/wp-content\/uploads\/2026\/03\/Tu-So-Mau-PCE-Instruments-Model-PCE-CIC-5-LED-no.1-copy.jpg\" \/>\n\t<meta property=\"og:image:width\" content=\"768\" \/>\n\t<meta property=\"og:image:height\" content=\"576\" \/>\n\t<meta property=\"og:image:type\" content=\"image\/jpeg\" \/>\n<meta name=\"twitter:card\" content=\"summary_large_image\" \/>\n<meta name=\"twitter:label1\" content=\"Est. reading time\" \/>\n\t<meta name=\"twitter:data1\" content=\"7 minutes\" \/>\n<script type=\"application\/ld+json\" class=\"yoast-schema-graph\">{\"@context\":\"https:\/\/schema.org\",\"@graph\":[{\"@type\":\"WebPage\",\"@id\":\"https:\/\/vannangvn.123websitedev.com\/san-pham\/tu-so-mau-pce-instruments-model-pce-cic-5-led\/\",\"url\":\"https:\/\/vannangvn.123websitedev.com\/san-pham\/tu-so-mau-pce-instruments-model-pce-cic-5-led\/\",\"name\":\"T\u1ee6 SO M\u00c0U PCE INSTRUMENTS MODEL PCE... ch\u00ednh h\u00e3ng | V\u1ea1n N\u0103ng\",\"isPartOf\":{\"@id\":\"https:\/\/vannangvn.123websitedev.com\/#website\"},\"primaryImageOfPage\":{\"@id\":\"https:\/\/vannangvn.123websitedev.com\/san-pham\/tu-so-mau-pce-instruments-model-pce-cic-5-led\/#primaryimage\"},\"image\":{\"@id\":\"https:\/\/vannangvn.123websitedev.com\/san-pham\/tu-so-mau-pce-instruments-model-pce-cic-5-led\/#primaryimage\"},\"thumbnailUrl\":\"https:\/\/vannangvn.123websitedev.com\/wp-content\/uploads\/2026\/03\/Tu-So-Mau-PCE-Instruments-Model-PCE-CIC-5-LED-no.1-copy.jpg\",\"datePublished\":\"2026-03-20T12:19:59+00:00\",\"dateModified\":\"2026-03-30T12:02:12+00:00\",\"description\":\"Mua ngay T\u1ee6 SO M\u00c0U PCE INSTRUMENTS MODEL PCE-CIC 5-LED ch\u00ednh h\u00e3ng. Gi\u00e1 t\u1ed1t!\",\"breadcrumb\":{\"@id\":\"https:\/\/vannangvn.123websitedev.com\/san-pham\/tu-so-mau-pce-instruments-model-pce-cic-5-led\/#breadcrumb\"},\"inLanguage\":\"en-US\",\"potentialAction\":[{\"@type\":\"ReadAction\",\"target\":[\"https:\/\/vannangvn.123websitedev.com\/san-pham\/tu-so-mau-pce-instruments-model-pce-cic-5-led\/\"]}]},{\"@type\":\"ImageObject\",\"inLanguage\":\"en-US\",\"@id\":\"https:\/\/vannangvn.123websitedev.com\/san-pham\/tu-so-mau-pce-instruments-model-pce-cic-5-led\/#primaryimage\",\"url\":\"https:\/\/vannangvn.123websitedev.com\/wp-content\/uploads\/2026\/03\/Tu-So-Mau-PCE-Instruments-Model-PCE-CIC-5-LED-no.1-copy.jpg\",\"contentUrl\":\"https:\/\/vannangvn.123websitedev.com\/wp-content\/uploads\/2026\/03\/Tu-So-Mau-PCE-Instruments-Model-PCE-CIC-5-LED-no.1-copy.jpg\",\"width\":768,\"height\":576},{\"@type\":\"BreadcrumbList\",\"@id\":\"https:\/\/vannangvn.123websitedev.com\/san-pham\/tu-so-mau-pce-instruments-model-pce-cic-5-led\/#breadcrumb\",\"itemListElement\":[{\"@type\":\"ListItem\",\"position\":1,\"name\":\"Trang ch\u1ee7\",\"item\":\"https:\/\/vannangvn.123websitedev.com\/\"},{\"@type\":\"ListItem\",\"position\":2,\"name\":\"S\u1ea3n ph\u1ea9m\",\"item\":\"https:\/\/vannangvn.123websitedev.com\/cua-hang\/\"},{\"@type\":\"ListItem\",\"position\":3,\"name\":\"T\u1ee6 SO M\u00c0U PCE INSTRUMENTS MODEL PCE-CIC 5-LED\"}]},{\"@type\":\"WebSite\",\"@id\":\"https:\/\/vannangvn.123websitedev.com\/#website\",\"url\":\"https:\/\/vannangvn.123websitedev.com\/\",\"name\":\"Vannang.vn\",\"description\":\"\",\"publisher\":{\"@id\":\"https:\/\/vannangvn.123websitedev.com\/#organization\"},\"potentialAction\":[{\"@type\":\"SearchAction\",\"target\":{\"@type\":\"EntryPoint\",\"urlTemplate\":\"https:\/\/vannangvn.123websitedev.com\/?s={search_term_string}\"},\"query-input\":{\"@type\":\"PropertyValueSpecification\",\"valueRequired\":true,\"valueName\":\"search_term_string\"}}],\"inLanguage\":\"en-US\"},{\"@type\":\"Organization\",\"@id\":\"https:\/\/vannangvn.123websitedev.com\/#organization\",\"name\":\"Vannang.vn\",\"url\":\"https:\/\/vannangvn.123websitedev.com\/\",\"logo\":{\"@type\":\"ImageObject\",\"inLanguage\":\"en-US\",\"@id\":\"https:\/\/vannangvn.123websitedev.com\/#\/schema\/logo\/image\/\",\"url\":\"https:\/\/vannangvn.123websitedev.com\/wp-content\/uploads\/2026\/02\/logo-van-nang-02.png\",\"contentUrl\":\"https:\/\/vannangvn.123websitedev.com\/wp-content\/uploads\/2026\/02\/logo-van-nang-02.png\",\"width\":448,\"height\":111,\"caption\":\"Vannang.vn\"},\"image\":{\"@id\":\"https:\/\/vannangvn.123websitedev.com\/#\/schema\/logo\/image\/\"}}]}<\/script>\n<!-- \/ Yoast SEO Premium plugin. -->","yoast_head_json":{"title":"T\u1ee6 SO M\u00c0U PCE INSTRUMENTS MODEL PCE... ch\u00ednh h\u00e3ng | V\u1ea1n N\u0103ng","description":"Mua ngay T\u1ee6 SO M\u00c0U PCE INSTRUMENTS MODEL PCE-CIC 5-LED ch\u00ednh h\u00e3ng. Gi\u00e1 t\u1ed1t!","robots":{"index":"noindex","follow":"follow","max-snippet":"max-snippet:-1","max-image-preview":"max-image-preview:large","max-video-preview":"max-video-preview:-1"},"og_locale":"en_US","og_type":"article","og_title":"T\u1ee6 SO M\u00c0U PCE INSTRUMENTS MODEL PCE-CIC 5-LED","og_description":"Mua ngay T\u1ee6 SO M\u00c0U PCE INSTRUMENTS MODEL PCE-CIC 5-LED ch\u00ednh h\u00e3ng. Gi\u00e1 t\u1ed1t!","og_url":"https:\/\/vannangvn.123websitedev.com\/en\/product\/tu-so-mau-pce-instruments-model-pce-cic-5-led\/","og_site_name":"Vannang.vn","article_modified_time":"2026-03-30T12:02:12+00:00","og_image":[{"width":768,"height":576,"url":"http:\/\/vannangvn.123websitedev.com\/wp-content\/uploads\/2026\/03\/Tu-So-Mau-PCE-Instruments-Model-PCE-CIC-5-LED-no.1-copy.jpg","type":"image\/jpeg"}],"twitter_card":"summary_large_image","twitter_misc":{"Est. reading time":"7 minutes"},"schema":{"@context":"https:\/\/schema.org","@graph":[{"@type":"WebPage","@id":"https:\/\/vannangvn.123websitedev.com\/san-pham\/tu-so-mau-pce-instruments-model-pce-cic-5-led\/","url":"https:\/\/vannangvn.123websitedev.com\/san-pham\/tu-so-mau-pce-instruments-model-pce-cic-5-led\/","name":"T\u1ee6 SO M\u00c0U PCE INSTRUMENTS MODEL PCE... ch\u00ednh h\u00e3ng | V\u1ea1n N\u0103ng","isPartOf":{"@id":"https:\/\/vannangvn.123websitedev.com\/#website"},"primaryImageOfPage":{"@id":"https:\/\/vannangvn.123websitedev.com\/san-pham\/tu-so-mau-pce-instruments-model-pce-cic-5-led\/#primaryimage"},"image":{"@id":"https:\/\/vannangvn.123websitedev.com\/san-pham\/tu-so-mau-pce-instruments-model-pce-cic-5-led\/#primaryimage"},"thumbnailUrl":"https:\/\/vannangvn.123websitedev.com\/wp-content\/uploads\/2026\/03\/Tu-So-Mau-PCE-Instruments-Model-PCE-CIC-5-LED-no.1-copy.jpg","datePublished":"2026-03-20T12:19:59+00:00","dateModified":"2026-03-30T12:02:12+00:00","description":"Mua ngay T\u1ee6 SO M\u00c0U PCE INSTRUMENTS MODEL PCE-CIC 5-LED ch\u00ednh h\u00e3ng. Gi\u00e1 t\u1ed1t!","breadcrumb":{"@id":"https:\/\/vannangvn.123websitedev.com\/san-pham\/tu-so-mau-pce-instruments-model-pce-cic-5-led\/#breadcrumb"},"inLanguage":"en-US","potentialAction":[{"@type":"ReadAction","target":["https:\/\/vannangvn.123websitedev.com\/san-pham\/tu-so-mau-pce-instruments-model-pce-cic-5-led\/"]}]},{"@type":"ImageObject","inLanguage":"en-US","@id":"https:\/\/vannangvn.123websitedev.com\/san-pham\/tu-so-mau-pce-instruments-model-pce-cic-5-led\/#primaryimage","url":"https:\/\/vannangvn.123websitedev.com\/wp-content\/uploads\/2026\/03\/Tu-So-Mau-PCE-Instruments-Model-PCE-CIC-5-LED-no.1-copy.jpg","contentUrl":"https:\/\/vannangvn.123websitedev.com\/wp-content\/uploads\/2026\/03\/Tu-So-Mau-PCE-Instruments-Model-PCE-CIC-5-LED-no.1-copy.jpg","width":768,"height":576},{"@type":"BreadcrumbList","@id":"https:\/\/vannangvn.123websitedev.com\/san-pham\/tu-so-mau-pce-instruments-model-pce-cic-5-led\/#breadcrumb","itemListElement":[{"@type":"ListItem","position":1,"name":"Trang ch\u1ee7","item":"https:\/\/vannangvn.123websitedev.com\/"},{"@type":"ListItem","position":2,"name":"S\u1ea3n ph\u1ea9m","item":"https:\/\/vannangvn.123websitedev.com\/cua-hang\/"},{"@type":"ListItem","position":3,"name":"T\u1ee6 SO M\u00c0U PCE INSTRUMENTS MODEL PCE-CIC 5-LED"}]},{"@type":"WebSite","@id":"https:\/\/vannangvn.123websitedev.com\/#website","url":"https:\/\/vannangvn.123websitedev.com\/","name":"Vannang.vn","description":"","publisher":{"@id":"https:\/\/vannangvn.123websitedev.com\/#organization"},"potentialAction":[{"@type":"SearchAction","target":{"@type":"EntryPoint","urlTemplate":"https:\/\/vannangvn.123websitedev.com\/?s={search_term_string}"},"query-input":{"@type":"PropertyValueSpecification","valueRequired":true,"valueName":"search_term_string"}}],"inLanguage":"en-US"},{"@type":"Organization","@id":"https:\/\/vannangvn.123websitedev.com\/#organization","name":"Vannang.vn","url":"https:\/\/vannangvn.123websitedev.com\/","logo":{"@type":"ImageObject","inLanguage":"en-US","@id":"https:\/\/vannangvn.123websitedev.com\/#\/schema\/logo\/image\/","url":"https:\/\/vannangvn.123websitedev.com\/wp-content\/uploads\/2026\/02\/logo-van-nang-02.png","contentUrl":"https:\/\/vannangvn.123websitedev.com\/wp-content\/uploads\/2026\/02\/logo-van-nang-02.png","width":448,"height":111,"caption":"Vannang.vn"},"image":{"@id":"https:\/\/vannangvn.123websitedev.com\/#\/schema\/logo\/image\/"}}]}},"_links":{"self":[{"href":"https:\/\/vannangvn.123websitedev.com\/en\/wp-json\/wp\/v2\/product\/8248","targetHints":{"allow":["GET"]}}],"collection":[{"href":"https:\/\/vannangvn.123websitedev.com\/en\/wp-json\/wp\/v2\/product"}],"about":[{"href":"https:\/\/vannangvn.123websitedev.com\/en\/wp-json\/wp\/v2\/types\/product"}],"replies":[{"embeddable":true,"href":"https:\/\/vannangvn.123websitedev.com\/en\/wp-json\/wp\/v2\/comments?post=8248"}],"wp:featuredmedia":[{"embeddable":true,"href":"https:\/\/vannangvn.123websitedev.com\/en\/wp-json\/wp\/v2\/media\/8973"}],"wp:attachment":[{"href":"https:\/\/vannangvn.123websitedev.com\/en\/wp-json\/wp\/v2\/media?parent=8248"}],"wp:term":[{"taxonomy":"product_brand","embeddable":true,"href":"https:\/\/vannangvn.123websitedev.com\/en\/wp-json\/wp\/v2\/product_brand?post=8248"},{"taxonomy":"product_cat","embeddable":true,"href":"https:\/\/vannangvn.123websitedev.com\/en\/wp-json\/wp\/v2\/product_cat?post=8248"},{"taxonomy":"product_tag","embeddable":true,"href":"https:\/\/vannangvn.123websitedev.com\/en\/wp-json\/wp\/v2\/product_tag?post=8248"}],"curies":[{"name":"wp","href":"https:\/\/api.w.org\/{rel}","templated":true}]}}