{"id":8249,"date":"2026-03-20T19:20:00","date_gmt":"2026-03-20T12:20:00","guid":{"rendered":"https:\/\/vannangvn.123websitedev.com\/san-pham\/tu-so-mau-x-rite-model-spectralight-qc\/"},"modified":"2026-03-30T19:02:13","modified_gmt":"2026-03-30T12:02:13","slug":"tu-so-mau-x-rite-model-spectralight-qc","status":"publish","type":"product","link":"https:\/\/vannangvn.123websitedev.com\/en\/product\/tu-so-mau-x-rite-model-spectralight-qc\/","title":{"rendered":"T\u1ee6 SO M\u00c0U X-RITE MODEL SPECTRALIGHT QC"},"content":{"rendered":"<h1 style=\"color: red; font-weight: bold; font-size: 24px;\">T&#7893;ng quan s&#7843;n ph&#7849;m T&#7910; SO M&Agrave;U X-RITE MODEL SPECTRALIGHT QC<p>T&#7911; So M&agrave;u (Light Booth) X-Rite Model SpectraLight QC<br>\nT&#7911; So M&agrave;u SpectraLight QC l&agrave; m&#7897;t gi&#7843;i ph&aacute;p ki&#7875;m tra m&agrave;u s&#7855;c ch&iacute;nh x&aacute;c, gi&uacute;p &#273;&#7843;m b&#7843;o ch&#7845;t l&#432;&#7907;ng s&#7843;n ph&#7849;m trong nhi&#7873;u ng&agrave;nh c&ocirc;ng nghi&#7879;p nh&#432; d&#7879;t may, s&#417;n, nh&#7921;a, in &#7845;n v&agrave; &ocirc; t&ocirc;. H&atilde;y c&ugrave;ng V&#7841;n N&#259;ng t&igrave;m hi&#7875;u chi ti&#7871;t h&#417;n v&#7873; s&#7843;n ph&#7849;m th&ocirc;ng qua b&agrave;i vi&#7871;t d&#432;&#7899;i &#273;&acirc;y!<\/p><p>T&#7847;m Quan Tr&#7885;ng C&#7911;a T&#7911; So M&agrave;u SpectraLight QC<br>\nM&#7855;t ng&#432;&#7901;i c&oacute; th&#7875; c&#7843;m nh&#7853;n m&agrave;u s&#7855;c kh&aacute;c nhau d&#432;&#7899;i c&aacute;c &#273;i&#7873;u ki&#7879;n &aacute;nh s&aacute;ng kh&aacute;c nhau, &#273;i&#7873;u n&agrave;y c&oacute; th&#7875; d&#7851;n &#273;&#7871;n nh&#7919;ng sai l&#7879;ch trong &#273;&aacute;nh gi&aacute; m&agrave;u s&#7855;c. T&#7911; So M&agrave;u X-Rite SpectraLight QC gi&uacute;p m&ocirc; ph&#7887;ng nhi&#7873;u ngu&#7891;n s&aacute;ng kh&aacute;c nhau &#273;&#7875; ki&#7875;m tra &#273;&#7897; &#7893;n &#273;&#7883;nh m&agrave;u s&#7855;c c&#7911;a s&#7843;n ph&#7849;m, t&#7915; &#273;&oacute; gi&#7843;m thi&#7875;u l&#7895;i v&agrave; t&#7889;i &#432;u h&oacute;a quy tr&igrave;nh s&#7843;n xu&#7845;t.<\/p><p>L&#7907;i &Iacute;ch C&#7911;a Vi&#7879;c S&#7917; D&#7909;ng T&#7911; So M&agrave;u SpectraLight QC<\/p><p>T&#7911; SpectraLight QC &#273;&#7843;m b&#7843;o m&agrave;u s&#7855;c nh&#7845;t qu&aacute;n trong to&agrave;n b&#7897; chu&#7895;i cung &#7913;ng.<br>\nGi&#7843;m t&#7927; l&#7879; h&agrave;ng b&#7883; lo&#7841;i b&#7887; do sai l&#7879;ch m&agrave;u s&#7855;c.<br>\nTi&ecirc;u chu&#7849;n h&oacute;a quy tr&igrave;nh &#273;&aacute;nh gi&aacute; m&agrave;u s&#7855;c gi&#7919;a c&aacute;c nh&agrave; cung c&#7845;p, nh&agrave; s&#7843;n xu&#7845;t v&agrave; kh&aacute;ch h&agrave;ng.<br>\nTu&acirc;n th&#7911; c&aacute;c ti&ecirc;u chu&#7849;n qu&#7889;c t&#7871; v&#7873; ki&#7875;m so&aacute;t ch&#7845;t l&#432;&#7907;ng m&agrave;u s&#7855;c.<\/p><p>Nh&#7919;ng N&eacute;t &#272;&#7863;c Tr&#432;ng C&#7911;a SpectraLight QC<br>\n7 Ngu&#7891;n S&aacute;ng M&ocirc; Ph&#7887;ng &#272;a D&#7841;ng<br>\nSpectraLight QC X-Rite &#273;&#432;&#7907;c trang b&#7883; 7 ngu&#7891;n s&aacute;ng kh&aacute;c nhau, bao g&#7891;m:<\/p><p>&Aacute;nh s&aacute;ng ban ng&agrave;y ch&#7845;t l&#432;&#7907;ng cao (D65, D50): M&ocirc; ph&#7887;ng &aacute;nh s&aacute;ng t&#7921; nhi&ecirc;n d&#432;&#7899;i m&#7863;t tr&#7901;i.<br>\n&Aacute;nh s&aacute;ng &#273;&egrave;n hu&#7923;nh quang (TL84, U30, U35): M&ocirc; ph&#7887;ng &aacute;nh s&aacute;ng trong si&ecirc;u th&#7883;, v&#259;n ph&ograve;ng v&agrave; c&#7917;a h&agrave;ng.<br>\n&#272;&egrave;n d&acirc;y t&oacute;c Incandescent &ldquo;A&rdquo;: T&aacute;i hi&#7879;n &aacute;nh s&aacute;ng trong nh&agrave; v&#7899;i b&oacute;ng &#273;&egrave;n s&#7907;i &#273;&#7889;t.<br>\n&Aacute;nh s&aacute;ng ho&agrave;ng h&ocirc;n (Horizon &ndash; 2300K): Ki&#7875;m tra m&agrave;u s&#7855;c d&#432;&#7899;i &#273;i&#7873;u ki&#7879;n &aacute;nh s&aacute;ng y&#7871;u.<br>\n&#272;&egrave;n UV (Tia c&#7921;c t&iacute;m): Ki&#7875;m tra &#273;&#7897; b&#7873;n m&agrave;u v&agrave; ph&aacute;t quang c&#7911;a s&#7843;n ph&#7849;m.<br>\n&#272;&egrave;n LED (3500K, 4000K, 5000K): &#272;&aacute;p &#7913;ng nhu c&#7847;u ki&#7875;m tra m&agrave;u s&#7855;c theo ti&ecirc;u chu&#7849;n &aacute;nh s&aacute;ng hi&#7879;n &#273;&#7841;i.<\/p><h2 style=\"color: #2e7d32; font-weight: bold; font-size: 20px;\">T&iacute;nh N&#259;ng Hi&#7879;n &#272;&#7841;i &#272;&#7843;m B&#7843;o &#272;&#7897; Ch&iacute;nh X&aacute;c Cao<\/h2><p>C&ocirc;ng ngh&#7879; b&#7853;t s&aacute;ng ngay l&#7853;p t&#7913;c: Gi&uacute;p ki&#7875;m tra m&agrave;u s&#7855;c m&agrave; kh&ocirc;ng m&#7845;t th&#7901;i gian ch&#7901; &#273;&#7907;i.<br>\nH&#7879; th&#7889;ng c&#7843;m bi&#7871;n t&iacute;ch h&#7907;p: Theo d&otilde;i v&agrave; hi&#7879;u ch&#7881;nh c&#432;&#7901;ng &#273;&#7897; &aacute;nh s&aacute;ng &#273;&#7875; duy tr&igrave; &#273;&#7897; ch&iacute;nh x&aacute;c l&acirc;u d&agrave;i.<br>\nCh&#7871; &#273;&#7897; &#273;i&#7873;u ch&#7881;nh c&#432;&#7901;ng &#273;&#7897; &aacute;nh s&aacute;ng: Ng&#432;&#7901;i d&ugrave;ng c&oacute; th&#7875; thay &#273;&#7893;i &#273;&#7897; s&aacute;ng &#273;&#7875; ph&ugrave; h&#7907;p v&#7899;i y&ecirc;u c&#7847;u ki&#7875;m tra.<br>\nT&iacute;nh n&#259;ng b&aacute;o c&aacute;o v&agrave; l&#432;u tr&#7919; d&#7919; li&#7879;u: Gi&uacute;p theo d&otilde;i v&agrave; so s&aacute;nh k&#7871;t qu&#7843; &#273;&aacute;nh gi&aacute; m&agrave;u s&#7855;c qua t&#7915;ng giai &#273;o&#7841;n.<\/p><p>Kh&ocirc;ng Gian Quan S&aacute;t Ti&ecirc;u Chu&#7849;n<\/p><p>K&iacute;ch th&#432;&#7899;c bu&#7891;ng xem: D23 x H23 x W35 inch (58 x 58 x 90 cm).<br>\nThi&#7871;t k&#7871; m&#7903; r&#7897;ng: H&#7895; tr&#7907; &#273;&aacute;nh gi&aacute; c&aacute;c m&#7851;u s&#7843;n ph&#7849;m c&oacute; k&iacute;ch th&#432;&#7899;c l&#7899;n.<\/p><p>Tu&acirc;n Th&#7911; Ti&ecirc;u Chu&#7849;n Qu&#7889;c T&#7871;<br>\nLight Booth SpectraLight QC &#273;&aacute;p &#7913;ng c&aacute;c ti&ecirc;u chu&#7849;n qu&#7889;c t&#7871; v&#7873; ki&#7875;m tra m&agrave;u s&#7855;c, bao g&#7891;m:<\/p><p>ISO: 3664, 3668, 13076, 23603.<br>\nAATCC: EP9.<br>\nASTM: D1729.<br>\nSAE: J361.<br>\nDIN: 6173.<\/p><p>Vi&#7879;c tu&acirc;n th&#7911; nh&#7919;ng ti&ecirc;u chu&#7849;n n&agrave;y gi&uacute;p doanh nghi&#7879;p d&#7877; d&agrave;ng &#273;&#7841;t c&aacute;c y&ecirc;u c&#7847;u v&#7873; ch&#7845;t l&#432;&#7907;ng v&agrave; xu&#7845;t kh&#7849;u s&#7843;n ph&#7849;m ra th&#7883; tr&#432;&#7901;ng qu&#7889;c t&#7871;.<\/p><p>SpectraLight QC So V&#7899;i C&aacute;c Lo&#7841;i T&#7911; So M&agrave;u Kh&aacute;c<\/p><p>Ti&ecirc;u ch&iacute;<br>\nSpectraLight QC<br>\nT&#7911; so m&agrave;u th&ocirc;ng th&#432;&#7901;ng<\/p><p>S&#7889; l&#432;&#7907;ng ngu&#7891;n s&aacute;ng<br>\n7 lo&#7841;i &aacute;nh s&aacute;ng, bao g&#7891;m LED<br>\n4-5 ngu&#7891;n s&aacute;ng c&#417; b&#7843;n<\/p><p>Ch&#7845;t l&#432;&#7907;ng &aacute;nh s&aacute;ng ban ng&agrave;y<br>\nD65 &#273;&#432;&#7907;c l&#7885;c b&#7857;ng &#273;&egrave;n halogen ch&#7845;t l&#432;&#7907;ng cao<br>\nD65 ti&ecirc;u chu&#7849;n, &iacute;t ch&iacute;nh x&aacute;c h&#417;n<\/p><p>C&ocirc;ng ngh&#7879; &#273;i&#7873;u ch&#7881;nh &aacute;nh s&aacute;ng<br>\nT&iacute;ch h&#7907;p c&#7843;m bi&#7871;n theo d&otilde;i c&#432;&#7901;ng &#273;&#7897; &aacute;nh s&aacute;ng<br>\nKh&ocirc;ng c&oacute; ho&#7863;c &#273;i&#7873;u ch&#7881;nh th&#7911; c&ocirc;ng<\/p><p>H&#7879; th&#7889;ng b&aacute;o c&aacute;o<br>\nL&#432;u tr&#7919; d&#7919; li&#7879;u ki&#7875;m tra, gi&uacute;p d&#7877; d&agrave;ng truy v&#7871;t<br>\nKh&ocirc;ng c&oacute; ho&#7863;c h&#7841;n ch&#7871;<\/p><p>&#7912;ng d&#7909;ng<br>\n&#272;&aacute;p &#7913;ng ti&ecirc;u chu&#7849;n qu&#7889;c t&#7871; ISO, ASTM, SAE<br>\n&#272;&#7897; ch&iacute;nh x&aacute;c th&#7845;p h&#417;n, kh&oacute; &#273;&#7841;t ti&ecirc;u chu&#7849;n cao<\/p><p>&#7912;ng D&#7909;ng Trong C&aacute;c Ng&agrave;nh C&ocirc;ng Nghi&#7879;p<br>\nNg&agrave;nh D&#7879;t May<\/p><p>T&#7911; So M&agrave;u SpectraLight QC X-Rite ki&#7875;m tra s&#7921; &#273;&#7891;ng nh&#7845;t m&agrave;u s&#7855;c gi&#7919;a c&aacute;c l&ocirc; v&#7843;i, s&#7907;i.<br>\n&#272;&#7843;m b&#7843;o qu&#7847;n &aacute;o c&oacute; m&agrave;u s&#7855;c nh&#7845;t qu&aacute;n d&#432;&#7899;i nhi&#7873;u &#273;i&#7873;u ki&#7879;n &aacute;nh s&aacute;ng kh&aacute;c nhau.<\/p><p>Ng&agrave;nh S&#417;n V&agrave; Nh&#7921;a<\/p><p>&#272;&aacute;nh gi&aacute; &#273;&#7897; b&#7873;n m&agrave;u v&agrave; s&#7921; thay &#273;&#7893;i m&agrave;u s&#7855;c d&#432;&#7899;i c&aacute;c &#273;i&#7873;u ki&#7879;n &aacute;nh s&aacute;ng kh&aacute;c nhau.<br>\nKi&#7875;m tra ph&#7843;n &#7913;ng m&agrave;u khi ti&#7871;p x&uacute;c v&#7899;i tia UV.<\/p><p>Ng&agrave;nh In &#7844;n V&agrave; Bao B&igrave;<\/p><p>Bu&#7891;ng Soi M&agrave;u SpectraLight QC &#273;&#7843;m b&#7843;o m&agrave;u s&#7855;c c&#7911;a s&#7843;n ph&#7849;m in gi&#7889;ng v&#7899;i thi&#7871;t k&#7871; g&#7889;c.<br>\nKi&#7875;m tra kh&#7843; n&#259;ng hi&#7875;n th&#7883; m&agrave;u s&#7855;c tr&ecirc;n nhi&#7873;u lo&#7841;i v&#7853;t li&#7879;u in.<\/p><p>Ng&agrave;nh &Ocirc; T&ocirc;<\/p><p>Ki&#7875;m tra m&agrave;u s&#417;n xe d&#432;&#7899;i nhi&#7873;u ngu&#7891;n s&aacute;ng &#273;&#7875; &#273;&#7843;m b&#7843;o &#273;&#7897; &#273;&#7891;ng nh&#7845;t.<br>\n&#272;&aacute;nh gi&aacute; kh&#7843; n&#259;ng gi&#7919; m&agrave;u c&#7911;a c&aacute;c b&#7897; ph&#7853;n n&#7897;i th&#7845;t v&agrave; ngo&#7841;i th&#7845;t.<\/p><p>Nh&#7919;ng L&yacute; Do N&ecirc;n Mua T&#7911; So M&agrave;u T&#7841;i V&#7841;n N&#259;ng<\/p><p>C&ocirc;ng ty Thi&#7871;t B&#7883; C&ocirc;ng Ngh&#7879; V&#7841;n N&#259;ng l&agrave; &#273;&#7889;i t&aacute;c ch&iacute;nh th&#7913;c ph&acirc;n ph&#7889;i T&#7911; So M&agrave;u h&agrave;ng &#273;&#7847;u t&#7841;i Vi&#7879;t Nam, cam k&#7871;t cung c&#7845;p s&#7843;n ph&#7849;m ch&iacute;nh h&atilde;ng v&#7899;i gi&aacute; c&#7843; c&#7841;nh tranh nh&#7845;t th&#7883; tr&#432;&#7901;ng. V&#7899;i uy t&iacute;n tr&ecirc;n th&#7883; tr&#432;&#7901;ng v&agrave; ch&#7871; &#273;&#7897; h&#7851;u m&atilde;i t&#7889;t, Thi&#7871;t B&#7883; C&ocirc;ng Ngh&#7879; V&#7841;n N&#259;ng &#273;&atilde; nh&#7853;n &#273;&#432;&#7907;c s&#7921; tin t&#432;&#7903;ng t&#7915; kh&aacute;ch h&agrave;ng nh&#7901; v&agrave;o ch&#7845;t l&#432;&#7907;ng h&agrave;ng &#273;&#7847;u c&#7911;a c&aacute;c d&ograve;ng s&#7843;n ph&#7849;m.<br>\nS&#7843;n ph&#7849;m c&#7911;a ch&uacute;ng t&ocirc;i &#273;&#432;&#7907;c ki&#7875;m &#273;&#7883;nh ch&#7845;t l&#432;&#7907;ng, nh&#7853;p kh&#7849;u tr&#7921;c ti&#7871;p t&#7915; nh&agrave; m&aacute;y b&ecirc;n Ch&acirc;u &Acirc;u, M&#7929;, &Uacute;c, Nh&#7853;t B&#7843;n,&hellip; v&agrave; &#273;&aacute;p &#7913;ng nhu c&#7847;u &#273;a d&#7841;ng c&#7911;a th&#7883; tr&#432;&#7901;ng nh&#432;: M&aacute;y &#272;o &#272;&#7897; C&#7913;ng, M&aacute;y SPECTROMAXx, M&aacute;y Ki&#7875;m Tra &#272;&#432;&#7901;ng Gh&eacute;p M&iacute; Lon,&hellip; Ch&uacute;ng t&ocirc;i cam k&#7871;t cung c&#7845;p s&#7843;n ph&#7849;m n&agrave;y tr&ecirc;n to&agrave;n qu&#7889;c v&#7899;i gi&aacute; c&#7843; c&#7841;nh tranh nh&#7845;t.<br>\nCh&uacute;ng t&ocirc;i c&oacute; &#273;&#7897;i ng&#361; chuy&ecirc;n vi&ecirc;n t&#432; v&#7845;n chuy&ecirc;n s&acirc;u s&#7869; h&#7895; tr&#7907; kh&aacute;ch h&agrave;ng v&#7873; chi ti&#7871;t s&#7843;n ph&#7849;m, h&#432;&#7899;ng d&#7851;n s&#7917; d&#7909;ng hay nh&#7919;ng th&#7913; li&ecirc;n quan &#273;&#7871;n v&#7845;n &#273;&#7873; m&agrave; doanh nghi&#7879;p b&#7841;n &#273;ang g&#7863;p ph&#7843;i. Ch&uacute;ng t&ocirc;i s&#7869; cung c&#7845;p nh&#7919;ng gi&#7843;i ph&aacute;p t&#7889;i &#432;u nh&#7845;t!<br>\nNgo&agrave;i ra Thi&#7871;t B&#7883; C&ocirc;ng Ngh&#7879; V&#7841;n N&#259;ng Ch&uacute;ng T&ocirc;i lu&ocirc;n h&#432;&#7899;ng &#273;&#7871;n tr&#7843;i nghi&#7879;m kh&aacute;ch h&agrave;ng, v&igrave; v&#7853;y ch&uacute;ng t&ocirc;i c&oacute; nh&#7919;ng ch&iacute;nh s&aacute;ch b&#7843;o h&agrave;nh, b&#7843;o tr&igrave; &ndash; b&#7843;o d&#432;&#7905;ng, hi&#7879;u chu&#7849;n v&#7899;i t&#7845;t c&#7843; c&aacute;c thi&#7871;t b&#7883;, m&aacute;y m&oacute;c m&agrave; ch&uacute;ng t&ocirc;i cung c&#7845;p. &#272;&#7843;m b&#7843;o mang &#273;&#7871;n cho Kh&aacute;ch h&agrave;ng s&#7921; y&ecirc;n t&acirc;m tuy&#7879;t &#273;&#7889;i v&#7873; d&#7883;ch v&#7909; khi mua h&agrave;ng.<\/p><p>T&#7893;ng K&#7871;t<br>\nV&#7899;i 7 ngu&#7891;n s&aacute;ng &#273;a d&#7841;ng, h&#7879; th&#7889;ng c&#7843;m bi&#7871;n th&ocirc;ng minh, kh&#7843; n&#259;ng b&aacute;o c&aacute;o chi ti&#7871;t, T&#7911; Soi M&agrave;u SpectraLight QC gi&uacute;p lo&#7841;i b&#7887; sai l&#7879;ch m&agrave;u s&#7855;c, t&#259;ng t&iacute;nh &#273;&#7891;ng nh&#7845;t v&agrave; n&acirc;ng cao &#273;&#7897; tin c&#7853;y c&#7911;a s&#7843;n ph&#7849;m. H&atilde;y li&ecirc;n h&#7879; v&#7899;i V&#7841;n N&#259;ng Company &#273;&#7875; &#273;&#432;&#7907;c t&#432; v&#7845;n chi ti&#7871;t v&agrave; nh&#7853;n ngay &#432;u &#273;&atilde;i h&#7845;p d&#7851;n th&ocirc;ng qua hotline\/zalo: <a href=\"https:\/\/zalo.me\/0903991335\" target=\"_blank\" rel=\"noopener\" style=\"color: #059669; font-weight: bold; text-decoration: none;\">0903 991 335<\/a>!<\/p><div style=\"background-color: #f8fafc; border: 1px solid #e2e8f0; border-radius: 8px; padding: 25px; max-width: 800px; margin: 30px auto; color: #334155; line-height: 1.8; font-size: 17px; box-shadow: 0 4px 6px -1px rgba(0,0,0,0.05); text-align: left; clear: both;\">\nC&ocirc;ng ty TNHH Th&#432;&#417;ng M&#7841;i D&#7883;ch V&#7909; Thi&#7871;t B&#7883; C&ocirc;ng Ngh&#7879; V&#7841;n N&#259;ng\n<p style=\"margin: 0 0 10px 0;\">&#128205; <strong style=\"color: #1e293b;\">&#272;&#7883;a ch&#7881;:<\/strong> <a style=\"color: #059669; text-decoration: none; font-weight: bold;\" href=\"https:\/\/www.google.com\/maps\/search\/C%C3%B4ng+ty+TNHH+Th%C6%B0%C6%A1ng+M%E1%BA%A1i+D%E1%BB%8Bch+V%E1%BB%A5+Thi%E1%BA%BFt+B%E1%BB%8B+C%C3%B4ng+Ngh%E1%BB%87+V%E1%BA%A1n+N%C4%83ng+818+Tr%C6%B0%E1%BB%9Dng+Chinh\" target=\"_blank\" rel=\"noopener\">818 Tr&#432;&#7901;ng Chinh, Ph&#432;&#7901;ng T&acirc;n S&#417;n, Th&agrave;nh ph&#7889; H&#7891; Ch&iacute; Minh, Vi&#7879;t Nam<\/a><\/p>\n<p style=\"margin: 0 0 10px 0;\">&#128222; <strong style=\"color: #1e293b;\">S&#272;T &ndash; Zalo:<\/strong> <a style=\"color: #059669; text-decoration: none; font-weight: bold;\" href=\"https:\/\/zalo.me\/0903991335\" target=\"_blank\" rel=\"noopener\">0903 991 335<\/a> <span style=\"color: #64748b; font-style: italic;\">(Ms. H&#7841;nh &ndash; Gi&aacute;m &#272;&#7889;c Kinh Doanh)<\/span><\/p>\n<p style=\"margin: 0;\">&#9993;&#65039; <strong style=\"color: #1e293b;\">Email:<\/strong> <a style=\"color: #059669; text-decoration: none; font-weight: bold;\" href=\"mailto:hienhanh@vannangvn.com\">hienhanh@vannangvn.com<\/a><\/p>\n<\/div><\/h1>","protected":false},"excerpt":{"rendered":"<p><strong>Th&#432;&#417;ng hi&#7879;u:<\/strong> SpectraLight QC l&agrave; t&#7911; so m&agrave;u cao c&#7845;p, cung c&#7845;p &aacute;nh s&aacute;ng m&ocirc; ph&#7887;ng ch&iacute;nh x&aacute;c nh&#7845;t &#273;&#7875; &#273;&aacute;nh gi&aacute; m&agrave;u s&#7855;c c&#7911;a s&#7843;n ph&#7849;m. V&#7899;i thi&#7871;t k&#7871; hi&#7879;n &#273;&#7841;i v&agrave; c&ocirc;ng ngh&#7879; ti&ecirc;n ti&#7871;n, thi&#7871;t b&#7883; n&agrave;y gi&uacute;p doanh nghi&#7879;p ki&#7875;m so&aacute;t ch&#7845;t l&#432;&#7907;ng m&agrave;u s&#7855;c m&#7897;t c&aacute;ch hi&#7879;u qu&#7843;.<br>\n<strong>Model:<\/strong> SpectraLight QC-2<p>Product <strong>T&#7910; SO M&Agrave;U X-RITE MODEL SPECTRALIGHT QC<\/strong> ch&iacute;nh h&atilde;ng. SpectraLight QC l&agrave; t&#7911; so m&agrave;u cao c&#7845;p, cung c&#7845;p &aacute;nh s&aacute;ng m&ocirc; ph&#7887;ng ch&iacute;nh x&aacute;c nh&#7845;t &#273;&#7875; &#273;&aacute;nh gi&aacute; m&agrave;u s&#7855;c c&#7911;a s&#7843;n ph&#7849;m. V&#7899;i thi&#7871;t k&#7871; hi&#7879;n &#273;&#7841;i v&agrave; c&ocirc;ng ngh&#7879; ti&ecirc;n ti&#7871;n, thi&#7871;t b&#7883; n&agrave;y gi&uacute;p doanh nghi&#7879;p ki&#7875;m so&aacute;t ch&#7845;t l&#432;&#7907;ng m&agrave;u s&#7855;c m&#7897;t c&aacute;ch hi&#7879;u qu&#7843;.<\/p><\/p>","protected":false},"featured_media":9065,"comment_status":"open","ping_status":"closed","template":"","meta":[],"product_brand":[],"product_cat":[18],"product_tag":[162,1088,2967,3824,116,129,130],"class_list":{"0":"post-8249","1":"product","2":"type-product","3":"status-publish","4":"has-post-thumbnail","6":"product_cat-chua-phan-loai","7":"product_tag-tu","8":"product_tag-x-rite","9":"product_tag-qc-2","10":"product_tag-spectralight","11":"product_tag-model","12":"product_tag-so","13":"product_tag-mau","15":"first","16":"instock","17":"shipping-taxable","18":"product-type-simple"},"yoast_head":"<!-- This site is optimized with the Yoast SEO Premium plugin v24.8 (Yoast SEO v24.8) - https:\/\/yoast.com\/wordpress\/plugins\/seo\/ -->\n<title>T\u1ee6 SO M\u00c0U X-RITE MODEL SPECTRALIGHT QC ch\u00ednh h\u00e3ng | V\u1ea1n N\u0103ng<\/title>\n<meta name=\"description\" content=\"Mua ngay T\u1ee6 SO M\u00c0U X-RITE MODEL SPECTRALIGHT QC ch\u00ednh h\u00e3ng. Gi\u00e1 t\u1ed1t!\" \/>\n<meta name=\"robots\" content=\"noindex, follow, max-snippet:-1, max-image-preview:large, max-video-preview:-1\" \/>\n<meta property=\"og:locale\" content=\"en_US\" \/>\n<meta property=\"og:type\" content=\"article\" \/>\n<meta property=\"og:title\" content=\"T\u1ee6 SO M\u00c0U X-RITE MODEL SPECTRALIGHT QC\" \/>\n<meta property=\"og:description\" content=\"Mua ngay T\u1ee6 SO M\u00c0U X-RITE MODEL SPECTRALIGHT QC ch\u00ednh h\u00e3ng. Gi\u00e1 t\u1ed1t!\" \/>\n<meta property=\"og:url\" content=\"https:\/\/vannangvn.123websitedev.com\/en\/product\/tu-so-mau-x-rite-model-spectralight-qc\/\" \/>\n<meta property=\"og:site_name\" content=\"Vannang.vn\" \/>\n<meta property=\"article:modified_time\" content=\"2026-03-30T12:02:13+00:00\" \/>\n<meta property=\"og:image\" content=\"http:\/\/vannangvn.123websitedev.com\/wp-content\/uploads\/2026\/03\/X-Rite-Model-SpectraLight-QC-no.1-copy.jpg\" \/>\n\t<meta property=\"og:image:width\" content=\"768\" \/>\n\t<meta property=\"og:image:height\" content=\"576\" \/>\n\t<meta property=\"og:image:type\" content=\"image\/jpeg\" \/>\n<meta name=\"twitter:card\" content=\"summary_large_image\" \/>\n<meta name=\"twitter:label1\" content=\"Est. reading time\" \/>\n\t<meta name=\"twitter:data1\" content=\"9 minutes\" \/>\n<script type=\"application\/ld+json\" class=\"yoast-schema-graph\">{\"@context\":\"https:\/\/schema.org\",\"@graph\":[{\"@type\":\"WebPage\",\"@id\":\"https:\/\/vannangvn.123websitedev.com\/san-pham\/tu-so-mau-x-rite-model-spectralight-qc\/\",\"url\":\"https:\/\/vannangvn.123websitedev.com\/san-pham\/tu-so-mau-x-rite-model-spectralight-qc\/\",\"name\":\"T\u1ee6 SO M\u00c0U X-RITE MODEL SPECTRALIGHT QC ch\u00ednh h\u00e3ng | V\u1ea1n N\u0103ng\",\"isPartOf\":{\"@id\":\"https:\/\/vannangvn.123websitedev.com\/#website\"},\"primaryImageOfPage\":{\"@id\":\"https:\/\/vannangvn.123websitedev.com\/san-pham\/tu-so-mau-x-rite-model-spectralight-qc\/#primaryimage\"},\"image\":{\"@id\":\"https:\/\/vannangvn.123websitedev.com\/san-pham\/tu-so-mau-x-rite-model-spectralight-qc\/#primaryimage\"},\"thumbnailUrl\":\"https:\/\/vannangvn.123websitedev.com\/wp-content\/uploads\/2026\/03\/X-Rite-Model-SpectraLight-QC-no.1-copy.jpg\",\"datePublished\":\"2026-03-20T12:20:00+00:00\",\"dateModified\":\"2026-03-30T12:02:13+00:00\",\"description\":\"Mua ngay T\u1ee6 SO M\u00c0U X-RITE MODEL SPECTRALIGHT QC ch\u00ednh h\u00e3ng. Gi\u00e1 t\u1ed1t!\",\"breadcrumb\":{\"@id\":\"https:\/\/vannangvn.123websitedev.com\/san-pham\/tu-so-mau-x-rite-model-spectralight-qc\/#breadcrumb\"},\"inLanguage\":\"en-US\",\"potentialAction\":[{\"@type\":\"ReadAction\",\"target\":[\"https:\/\/vannangvn.123websitedev.com\/san-pham\/tu-so-mau-x-rite-model-spectralight-qc\/\"]}]},{\"@type\":\"ImageObject\",\"inLanguage\":\"en-US\",\"@id\":\"https:\/\/vannangvn.123websitedev.com\/san-pham\/tu-so-mau-x-rite-model-spectralight-qc\/#primaryimage\",\"url\":\"https:\/\/vannangvn.123websitedev.com\/wp-content\/uploads\/2026\/03\/X-Rite-Model-SpectraLight-QC-no.1-copy.jpg\",\"contentUrl\":\"https:\/\/vannangvn.123websitedev.com\/wp-content\/uploads\/2026\/03\/X-Rite-Model-SpectraLight-QC-no.1-copy.jpg\",\"width\":768,\"height\":576},{\"@type\":\"BreadcrumbList\",\"@id\":\"https:\/\/vannangvn.123websitedev.com\/san-pham\/tu-so-mau-x-rite-model-spectralight-qc\/#breadcrumb\",\"itemListElement\":[{\"@type\":\"ListItem\",\"position\":1,\"name\":\"Trang ch\u1ee7\",\"item\":\"https:\/\/vannangvn.123websitedev.com\/\"},{\"@type\":\"ListItem\",\"position\":2,\"name\":\"S\u1ea3n ph\u1ea9m\",\"item\":\"https:\/\/vannangvn.123websitedev.com\/cua-hang\/\"},{\"@type\":\"ListItem\",\"position\":3,\"name\":\"T\u1ee6 SO M\u00c0U X-RITE MODEL SPECTRALIGHT QC\"}]},{\"@type\":\"WebSite\",\"@id\":\"https:\/\/vannangvn.123websitedev.com\/#website\",\"url\":\"https:\/\/vannangvn.123websitedev.com\/\",\"name\":\"Vannang.vn\",\"description\":\"\",\"publisher\":{\"@id\":\"https:\/\/vannangvn.123websitedev.com\/#organization\"},\"potentialAction\":[{\"@type\":\"SearchAction\",\"target\":{\"@type\":\"EntryPoint\",\"urlTemplate\":\"https:\/\/vannangvn.123websitedev.com\/?s={search_term_string}\"},\"query-input\":{\"@type\":\"PropertyValueSpecification\",\"valueRequired\":true,\"valueName\":\"search_term_string\"}}],\"inLanguage\":\"en-US\"},{\"@type\":\"Organization\",\"@id\":\"https:\/\/vannangvn.123websitedev.com\/#organization\",\"name\":\"Vannang.vn\",\"url\":\"https:\/\/vannangvn.123websitedev.com\/\",\"logo\":{\"@type\":\"ImageObject\",\"inLanguage\":\"en-US\",\"@id\":\"https:\/\/vannangvn.123websitedev.com\/#\/schema\/logo\/image\/\",\"url\":\"https:\/\/vannangvn.123websitedev.com\/wp-content\/uploads\/2026\/02\/logo-van-nang-02.png\",\"contentUrl\":\"https:\/\/vannangvn.123websitedev.com\/wp-content\/uploads\/2026\/02\/logo-van-nang-02.png\",\"width\":448,\"height\":111,\"caption\":\"Vannang.vn\"},\"image\":{\"@id\":\"https:\/\/vannangvn.123websitedev.com\/#\/schema\/logo\/image\/\"}}]}<\/script>\n<!-- \/ Yoast SEO Premium plugin. -->","yoast_head_json":{"title":"T\u1ee6 SO M\u00c0U X-RITE MODEL SPECTRALIGHT QC ch\u00ednh h\u00e3ng | V\u1ea1n N\u0103ng","description":"Mua ngay T\u1ee6 SO M\u00c0U X-RITE MODEL SPECTRALIGHT QC ch\u00ednh h\u00e3ng. Gi\u00e1 t\u1ed1t!","robots":{"index":"noindex","follow":"follow","max-snippet":"max-snippet:-1","max-image-preview":"max-image-preview:large","max-video-preview":"max-video-preview:-1"},"og_locale":"en_US","og_type":"article","og_title":"T\u1ee6 SO M\u00c0U X-RITE MODEL SPECTRALIGHT QC","og_description":"Mua ngay T\u1ee6 SO M\u00c0U X-RITE MODEL SPECTRALIGHT QC ch\u00ednh h\u00e3ng. Gi\u00e1 t\u1ed1t!","og_url":"https:\/\/vannangvn.123websitedev.com\/en\/product\/tu-so-mau-x-rite-model-spectralight-qc\/","og_site_name":"Vannang.vn","article_modified_time":"2026-03-30T12:02:13+00:00","og_image":[{"width":768,"height":576,"url":"http:\/\/vannangvn.123websitedev.com\/wp-content\/uploads\/2026\/03\/X-Rite-Model-SpectraLight-QC-no.1-copy.jpg","type":"image\/jpeg"}],"twitter_card":"summary_large_image","twitter_misc":{"Est. reading time":"9 minutes"},"schema":{"@context":"https:\/\/schema.org","@graph":[{"@type":"WebPage","@id":"https:\/\/vannangvn.123websitedev.com\/san-pham\/tu-so-mau-x-rite-model-spectralight-qc\/","url":"https:\/\/vannangvn.123websitedev.com\/san-pham\/tu-so-mau-x-rite-model-spectralight-qc\/","name":"T\u1ee6 SO M\u00c0U X-RITE MODEL SPECTRALIGHT QC ch\u00ednh h\u00e3ng | V\u1ea1n N\u0103ng","isPartOf":{"@id":"https:\/\/vannangvn.123websitedev.com\/#website"},"primaryImageOfPage":{"@id":"https:\/\/vannangvn.123websitedev.com\/san-pham\/tu-so-mau-x-rite-model-spectralight-qc\/#primaryimage"},"image":{"@id":"https:\/\/vannangvn.123websitedev.com\/san-pham\/tu-so-mau-x-rite-model-spectralight-qc\/#primaryimage"},"thumbnailUrl":"https:\/\/vannangvn.123websitedev.com\/wp-content\/uploads\/2026\/03\/X-Rite-Model-SpectraLight-QC-no.1-copy.jpg","datePublished":"2026-03-20T12:20:00+00:00","dateModified":"2026-03-30T12:02:13+00:00","description":"Mua ngay T\u1ee6 SO M\u00c0U X-RITE MODEL SPECTRALIGHT QC ch\u00ednh h\u00e3ng. Gi\u00e1 t\u1ed1t!","breadcrumb":{"@id":"https:\/\/vannangvn.123websitedev.com\/san-pham\/tu-so-mau-x-rite-model-spectralight-qc\/#breadcrumb"},"inLanguage":"en-US","potentialAction":[{"@type":"ReadAction","target":["https:\/\/vannangvn.123websitedev.com\/san-pham\/tu-so-mau-x-rite-model-spectralight-qc\/"]}]},{"@type":"ImageObject","inLanguage":"en-US","@id":"https:\/\/vannangvn.123websitedev.com\/san-pham\/tu-so-mau-x-rite-model-spectralight-qc\/#primaryimage","url":"https:\/\/vannangvn.123websitedev.com\/wp-content\/uploads\/2026\/03\/X-Rite-Model-SpectraLight-QC-no.1-copy.jpg","contentUrl":"https:\/\/vannangvn.123websitedev.com\/wp-content\/uploads\/2026\/03\/X-Rite-Model-SpectraLight-QC-no.1-copy.jpg","width":768,"height":576},{"@type":"BreadcrumbList","@id":"https:\/\/vannangvn.123websitedev.com\/san-pham\/tu-so-mau-x-rite-model-spectralight-qc\/#breadcrumb","itemListElement":[{"@type":"ListItem","position":1,"name":"Trang ch\u1ee7","item":"https:\/\/vannangvn.123websitedev.com\/"},{"@type":"ListItem","position":2,"name":"S\u1ea3n ph\u1ea9m","item":"https:\/\/vannangvn.123websitedev.com\/cua-hang\/"},{"@type":"ListItem","position":3,"name":"T\u1ee6 SO M\u00c0U X-RITE MODEL SPECTRALIGHT QC"}]},{"@type":"WebSite","@id":"https:\/\/vannangvn.123websitedev.com\/#website","url":"https:\/\/vannangvn.123websitedev.com\/","name":"Vannang.vn","description":"","publisher":{"@id":"https:\/\/vannangvn.123websitedev.com\/#organization"},"potentialAction":[{"@type":"SearchAction","target":{"@type":"EntryPoint","urlTemplate":"https:\/\/vannangvn.123websitedev.com\/?s={search_term_string}"},"query-input":{"@type":"PropertyValueSpecification","valueRequired":true,"valueName":"search_term_string"}}],"inLanguage":"en-US"},{"@type":"Organization","@id":"https:\/\/vannangvn.123websitedev.com\/#organization","name":"Vannang.vn","url":"https:\/\/vannangvn.123websitedev.com\/","logo":{"@type":"ImageObject","inLanguage":"en-US","@id":"https:\/\/vannangvn.123websitedev.com\/#\/schema\/logo\/image\/","url":"https:\/\/vannangvn.123websitedev.com\/wp-content\/uploads\/2026\/02\/logo-van-nang-02.png","contentUrl":"https:\/\/vannangvn.123websitedev.com\/wp-content\/uploads\/2026\/02\/logo-van-nang-02.png","width":448,"height":111,"caption":"Vannang.vn"},"image":{"@id":"https:\/\/vannangvn.123websitedev.com\/#\/schema\/logo\/image\/"}}]}},"_links":{"self":[{"href":"https:\/\/vannangvn.123websitedev.com\/en\/wp-json\/wp\/v2\/product\/8249","targetHints":{"allow":["GET"]}}],"collection":[{"href":"https:\/\/vannangvn.123websitedev.com\/en\/wp-json\/wp\/v2\/product"}],"about":[{"href":"https:\/\/vannangvn.123websitedev.com\/en\/wp-json\/wp\/v2\/types\/product"}],"replies":[{"embeddable":true,"href":"https:\/\/vannangvn.123websitedev.com\/en\/wp-json\/wp\/v2\/comments?post=8249"}],"wp:featuredmedia":[{"embeddable":true,"href":"https:\/\/vannangvn.123websitedev.com\/en\/wp-json\/wp\/v2\/media\/9065"}],"wp:attachment":[{"href":"https:\/\/vannangvn.123websitedev.com\/en\/wp-json\/wp\/v2\/media?parent=8249"}],"wp:term":[{"taxonomy":"product_brand","embeddable":true,"href":"https:\/\/vannangvn.123websitedev.com\/en\/wp-json\/wp\/v2\/product_brand?post=8249"},{"taxonomy":"product_cat","embeddable":true,"href":"https:\/\/vannangvn.123websitedev.com\/en\/wp-json\/wp\/v2\/product_cat?post=8249"},{"taxonomy":"product_tag","embeddable":true,"href":"https:\/\/vannangvn.123websitedev.com\/en\/wp-json\/wp\/v2\/product_tag?post=8249"}],"curies":[{"name":"wp","href":"https:\/\/api.w.org\/{rel}","templated":true}]}}