{"id":8253,"date":"2026-03-20T19:20:09","date_gmt":"2026-03-20T12:20:09","guid":{"rendered":"https:\/\/vannangvn.123websitedev.com\/san-pham\/tu-thoi-tiet-atlas-model-suntest-xls\/"},"modified":"2026-03-30T19:02:21","modified_gmt":"2026-03-30T12:02:21","slug":"tu-thoi-tiet-atlas-model-suntest-xls","status":"publish","type":"product","link":"https:\/\/vannangvn.123websitedev.com\/en\/product\/tu-thoi-tiet-atlas-model-suntest-xls\/","title":{"rendered":"T\u1ee6 TH\u1edcI TI\u1ebeT ATLAS MODEL SUNTEST XLS"},"content":{"rendered":"<h1 style=\"color: red; font-weight: bold; font-size: 24px;\">T&#7893;ng quan s&#7843;n ph&#7849;m T&#7910; TH&#7900;I TI&#7870;T ATLAS MODEL SUNTEST XLS<p>T&#7911; Th&#7901;i Ti&#7871;t (Compact Lightfastness And Weathering Test Chambers) ATLAS Model SUNTEST XLS<br>\nT&#7911; Th&#7901;i Ti&#7871;t ATLAS SUNTEST XLS l&agrave; d&ograve;ng thi&#7871;t b&#7883; th&#7917; nghi&#7879;m ti&ecirc;n ti&#7871;n, &#273;&#432;&#7907;c thi&#7871;t k&#7871; &#273;&#7875; &#273;&aacute;nh gi&aacute; &#273;&#7897; b&#7873;n m&agrave;u (lightfastness) v&agrave; kh&#7843; n&#259;ng ch&#7883;u t&aacute;c &#273;&#7897;ng m&ocirc;i tr&#432;&#7901;ng (weathering) c&#7911;a v&#7853;t li&#7879;u trong &#273;i&#7873;u ki&#7879;n m&ocirc; ph&#7887;ng ngo&agrave;i tr&#7901;i.<br>\nV&#7899;i c&ocirc;ng ngh&#7879; &#273;&egrave;n xenon l&#7885;c quang ph&#7893; chu&#7849;n, thi&#7871;t b&#7883; gi&uacute;p t&aacute;i t&#7841;o &aacute;nh s&aacute;ng m&#7863;t tr&#7901;i v&agrave; c&aacute;c y&#7871;u t&#7889; m&ocirc;i tr&#432;&#7901;ng nh&#432; nhi&#7879;t &#273;&#7897;, &#273;&#7897; &#7849;m v&agrave; n&#432;&#7899;c, t&#7915; &#273;&oacute; r&uacute;t ng&#7855;n th&#7901;i gian th&#7917; nghi&#7879;m, bi&#7871;n qu&aacute; tr&igrave;nh l&atilde;o h&oacute;a t&#7921; nhi&ecirc;n trong nhi&#7873;u th&aacute;ng ho&#7863;c nhi&#7873;u n&#259;m th&agrave;nh k&#7871;t qu&#7843; ch&#7881; trong v&agrave;i tu&#7847;n. H&atilde;y c&ugrave;ng V&#7841;n N&#259;ng t&igrave;m hi&#7875;u chi ti&#7871;t h&#417;n v&#7873; s&#7843;n ph&#7849;m th&ocirc;ng qua b&agrave;i vi&#7871;t d&#432;&#7899;i &#273;&acirc;y nh&eacute;!<\/p><p>Xem th&ecirc;m: M&aacute;y &#272;o &#272;&#7897; B&oacute;ng &#272;a G&oacute;c BYK Model micro-TRI-gloss Cat No.4563<\/p><p>N&eacute;t &#272;&#7863;c Tr&#432;ng C&#7911;a ATLAS SUNTEST XLS<br>\nBu&#7891;ng th&#7917; nghi&#7879;m dung t&iacute;ch l&#7899;n<br>\nThi&#7871;t B&#7883; Ki&#7875;m Tra &#272;&#7897; B&#7873;n Th&#7901;i Ti&#7871;t SUNTEST XLS &#273;&#432;&#7907;c trang b&#7883; bu&#7891;ng th&#7917; k&iacute;ch th&#432;&#7899;c l&#7899;n, cung c&#7845;p di&#7879;n t&iacute;ch ti&#7871;p x&uacute;c l&ecirc;n t&#7899;i 3000 cm&sup2;, ph&ugrave; h&#7907;p cho c&#7843; m&#7851;u ph&#7859;ng v&agrave; m&#7851;u 3D. Khoang th&#7917; cao cho ph&eacute;p &#273;&#7863;t c&aacute;c s&#7843;n ph&#7849;m c&#7891;ng k&#7873;nh, r&#7845;t h&#7919;u &iacute;ch cho ng&agrave;nh &ocirc; t&ocirc;, bao b&igrave; v&agrave; s&#7843;n ph&#7849;m c&ocirc;ng nghi&#7879;p.<br>\nC&ocirc;ng ngh&#7879; &#273;&egrave;n xenon hi&#7879;n &#273;&#7841;i<br>\nThi&#7871;t b&#7883; s&#7917; d&#7909;ng &#273;&egrave;n xenon c&ocirc;ng su&#7845;t cao v&#7899;i kh&#7843; n&#259;ng &#273;i&#7873;u ch&#7881;nh c&#432;&#7901;ng &#273;&#7897; s&aacute;ng theo d&#7843;i 300&ndash;400 nm ho&#7863;c 300&ndash;800 nm\/Lux, gi&uacute;p m&ocirc; ph&#7887;ng ch&iacute;nh x&aacute;c &aacute;nh s&aacute;ng t&#7921; nhi&ecirc;n ho&#7863;c &#273;i&#7873;u ki&#7879;n chi&#7871;u s&aacute;ng trong nh&agrave;, h&#7895; tr&#7907; nghi&ecirc;n c&#7913;u v&agrave; ph&aacute;t tri&#7875;n s&#7843;n ph&#7849;m.<br>\nKi&#7875;m so&aacute;t nhi&#7879;t &#273;&#7897; v&agrave; &#273;&#7897; &#7849;m ch&iacute;nh x&aacute;c<br>\nH&#7879; th&#7889;ng ki&#7875;m so&aacute;t nhi&#7879;t &#273;&#7897; b&#7873; m&#7863;t m&#7851;u (BST\/BPT) v&agrave; nhi&#7879;t &#273;&#7897; kh&ocirc;ng kh&iacute; trong bu&#7891;ng (CAT) cho ph&eacute;p m&ocirc; ph&#7887;ng &#273;i&#7873;u ki&#7879;n th&#7901;i ti&#7871;t kh&aacute;c nhau, t&#7915; n&oacute;ng kh&ocirc; &#273;&#7871;n &#7849;m &#432;&#7899;t. T&ugrave;y ch&#7885;n ki&#7875;m so&aacute;t &#273;&#7897; &#7849;m t&#432;&#417;ng &#273;&#7889;i gi&uacute;p n&acirc;ng cao &#273;&#7897; tin c&#7853;y c&#7911;a k&#7871;t qu&#7843; th&#7917; nghi&#7879;m.<\/p><p>T&iacute;ch h&#7907;p phun n&#432;&#7899;c v&agrave; t&#7841;o &#7849;m<br>\nBu&#7891;ng Th&#7917; &#272;&#7897; B&#7873;n &Aacute;nh S&aacute;ng ATLAS SUNTEST XLS c&oacute; kh&#7843; n&#259;ng phun n&#432;&#7899;c tr&#432;&#7899;c\/sau v&agrave; t&#7841;o &#7849;m si&ecirc;u &acirc;m, m&ocirc; ph&#7887;ng m&#432;a, s&#432;&#417;ng, v&agrave; chu k&#7923; &#7849;m\/kh&ocirc;, t&aacute;i hi&#7879;n ch&iacute;nh x&aacute;c qu&aacute; tr&igrave;nh l&atilde;o h&oacute;a v&#7853;t li&#7879;u d&#432;&#7899;i &#273;i&#7873;u ki&#7879;n ngo&agrave;i tr&#7901;i.<br>\nGiao di&#7879;n c&#7843;m &#7913;ng th&acirc;n thi&#7879;n<br>\nM&agrave;n h&igrave;nh c&#7843;m &#7913;ng 10.1&rdquo; XenoTouch II v&#7899;i bi&#7875;u t&#432;&#7907;ng tr&#7921;c quan gi&uacute;p ng&#432;&#7901;i v&#7853;n h&agrave;nh d&#7877; d&agrave;ng l&#7853;p tr&igrave;nh v&agrave; gi&aacute;m s&aacute;t th&#7917; nghi&#7879;m. K&#7871;t n&#7889;i Ethernet h&#7895; tr&#7907; qu&#7843;n l&yacute; d&#7919; li&#7879;u v&agrave; &#273;i&#7873;u khi&#7875;n t&#7915; xa qua ph&#7847;n m&#7873;m WXView II, ph&ugrave; h&#7907;p v&#7899;i c&aacute;c ph&ograve;ng th&iacute; nghi&#7879;m hi&#7879;n &#273;&#7841;i.<br>\nTh&#432; vi&#7879;n ti&ecirc;u chu&#7849;n phong ph&uacute;<br>\nThi&#7871;t b&#7883; &#273;&aacute;p &#7913;ng nhi&#7873;u ti&ecirc;u chu&#7849;n qu&#7889;c t&#7871; nh&#432; ISO 4892-2, ASTM G155, SAE J2527, MIL-STD-810H, gi&uacute;p ng&#432;&#7901;i d&ugrave;ng y&ecirc;n t&acirc;m v&#7873; t&iacute;nh t&#432;&#417;ng th&iacute;ch khi &aacute;p d&#7909;ng trong nghi&ecirc;n c&#7913;u ho&#7863;c ch&#7913;ng nh&#7853;n s&#7843;n ph&#7849;m.<\/p><p>Xem th&ecirc;m: Thi&#7871;t B&#7883; Th&#7917; Nghi&#7879;m &#272;&egrave;n H&#7891; Quang Xenon Q-LAB Model Q-SUN Xe-2 HE Gen 4<\/p><p>&#431;u &#272;i&#7875;m V&#432;&#7907;t Tr&#7897;i C&#7911;a SUNTEST XLS<br>\nM&ocirc; ph&#7887;ng &#273;i&#7873;u ki&#7879;n th&#7901;i ti&#7871;t nhanh ch&oacute;ng<br>\nNh&#7901; c&#432;&#7901;ng &#273;&#7897; chi&#7871;u s&aacute;ng &#273;&#432;&#7907;c gia t&#7889;c, T&#7911; Ki&#7875;m Tra &#272;&#7897; B&#7873;n Th&#7901;i Ti&#7871;t SUNTEST XLS gi&uacute;p r&uacute;t ng&#7855;n th&#7901;i gian th&#7917; nghi&#7879;m, quan s&aacute;t hi&#7879;n t&#432;&#7907;ng phai m&agrave;u, n&#7913;t g&atilde;y ho&#7863;c gi&ograve;n h&oacute;a ch&#7881; trong v&agrave;i tu&#7847;n, ti&#7871;t ki&#7879;m &#273;&aacute;ng k&#7875; chi ph&iacute; R&amp;D.<br>\nT&iacute;nh linh ho&#7841;t cao cho nhi&#7873;u lo&#7841;i m&#7851;u<br>\nThi&#7871;t b&#7883; c&oacute; kh&#7843; n&#259;ng th&#7917; nghi&#7879;m tr&ecirc;n nhi&#7873;u lo&#7841;i v&#7853;t li&#7879;u nh&#432; nh&#7921;a, cao su, s&#417;n ph&#7911;, m&#7921;c in, d&#432;&#7907;c ph&#7849;m, m&#7929; ph&#7849;m, bao b&igrave; th&#7921;c ph&#7849;m, ph&ugrave; h&#7907;p c&#7843; nghi&ecirc;n c&#7913;u v&agrave; ki&#7875;m so&aacute;t ch&#7845;t l&#432;&#7907;ng.<br>\n&#272;&#7897; l&#7863;p l&#7841;i v&agrave; &#273;&#7897; ch&iacute;nh x&aacute;c v&#432;&#7907;t tr&#7897;i<br>\nH&#7879; th&#7889;ng ki&#7875;m so&aacute;t c&#432;&#7901;ng &#273;&#7897; s&aacute;ng SUNSENSIV v&agrave; c&aacute;c b&#7897; l&#7885;c quang h&#7885;c kh&ocirc;ng l&atilde;o h&oacute;a b&#7843;o &#273;&#7843;m ph&#7893; &aacute;nh s&aacute;ng &#7893;n &#273;&#7883;nh trong su&#7889;t v&ograve;ng &#273;&#7901;i &#273;&egrave;n, gi&uacute;p k&#7871;t qu&#7843; th&#7917; nghi&#7879;m c&oacute; &#273;&#7897; l&#7863;p l&#7841;i cao.<\/p><p>Ti&#7871;t ki&#7879;m n&#259;ng l&#432;&#7907;ng v&agrave; b&#7843;o tr&igrave; &#273;&#417;n gi&#7843;n<br>\nV&#7899;i &#273;&egrave;n xenon tu&#7893;i th&#7885; l&ecirc;n t&#7899;i 1500 gi&#7901; v&agrave; kh&#7843; n&#259;ng theo d&otilde;i t&igrave;nh tr&#7841;ng t&#7915; xa, thi&#7871;t b&#7883; gi&uacute;p gi&#7843;m chi ph&iacute; v&#7853;n h&agrave;nh, b&#7843;o tr&igrave; d&#7877; d&agrave;ng v&agrave; t&#7889;i &#432;u hi&#7879;u su&#7845;t s&#7917; d&#7909;ng.<br>\nT&iacute;ch h&#7907;p d&#7877; d&agrave;ng trong quy tr&igrave;nh ki&#7875;m &#273;&#7883;nh<br>\nKh&#7843; n&#259;ng k&#7871;t n&#7889;i m&#7841;ng v&agrave; xu&#7845;t b&aacute;o c&aacute;o &#273;&#7883;nh d&#7841;ng PDF theo chu&#7849;n FDA 21 CFR Part 11 gi&uacute;p vi&#7879;c l&#432;u tr&#7919; d&#7919; li&#7879;u minh b&#7841;ch, h&#7895; tr&#7907; qu&aacute; tr&igrave;nh &#273;&aacute;nh gi&aacute; ch&#7913;ng nh&#7853;n ch&#7845;t l&#432;&#7907;ng.<\/p><p>Xem th&ecirc;m: M&aacute;y Ph&#7843;n &#7912;ng Vi S&oacute;ng Anton Paar Monowave 400 R<\/p><p>&#7912;ng D&#7909;ng Trong Ng&agrave;nh C&ocirc;ng Nghi&#7879;p<br>\nT&#7911; Th&#7901;i Ti&#7871;t MODEL SUNTEST XLS &#273;&#432;&#7907;c &#7913;ng d&#7909;ng r&#7897;ng r&atilde;i trong c&aacute;c ng&agrave;nh:<\/p><p>&Ocirc; t&ocirc;: Ki&#7875;m tra b&#7873;n m&agrave;u n&#7897;i th&#7845;t\/ngo&#7841;i th&#7845;t, &#273;&#7897; b&#7873;n nh&#7921;a v&agrave; s&#417;n ph&#7911;.<br>\nBao b&igrave; &amp; Th&#7921;c ph&#7849;m: &#272;&aacute;nh gi&aacute; &#273;&#7897; b&#7873;n m&agrave;u bao b&igrave;, ki&#7875;m tra l&atilde;o h&oacute;a s&#7843;n ph&#7849;m d&#432;&#7899;i &aacute;nh s&aacute;ng.<br>\nD&#432;&#7907;c ph&#7849;m &amp; M&#7929; ph&#7849;m: Th&#7917; nghi&#7879;m &#273;&#7897; &#7893;n &#273;&#7883;nh quang h&#7885;c theo ICH Q1B.<br>\nS&#417;n ph&#7911; &amp; M&#7921;c in: Ki&#7875;m tra kh&#7843; n&#259;ng ch&#7889;ng phai, ch&#7889;ng n&#7913;t trong &#273;i&#7873;u ki&#7879;n kh&iacute; h&#7853;u kh&#7855;c nghi&#7879;t.<br>\nV&#7853;t li&#7879;u polymer, cao su, &#273;i&#7879;n t&#7917;: &#272;&#7843;m b&#7843;o tu&#7893;i th&#7885; s&#7843;n ph&#7849;m trong m&ocirc;i tr&#432;&#7901;ng th&#7921;c t&#7871;.<\/p><p>Nh&#7919;ng L&yacute; Do N&ecirc;n Mua T&#7911; Th&#7901;i Ti&#7871;t T&#7841;i V&#7841;n N&#259;ng<\/p><p>C&ocirc;ng ty Thi&#7871;t B&#7883; C&ocirc;ng Ngh&#7879; V&#7841;n N&#259;ng l&agrave; &#273;&#7889;i t&aacute;c ch&iacute;nh th&#7913;c ph&acirc;n ph&#7889;i T&#7911; Th&#7901;i Ti&#7871;t h&agrave;ng &#273;&#7847;u t&#7841;i Vi&#7879;t Nam, cam k&#7871;t cung c&#7845;p s&#7843;n ph&#7849;m ch&iacute;nh h&atilde;ng v&#7899;i gi&aacute; c&#7843; c&#7841;nh tranh nh&#7845;t th&#7883; tr&#432;&#7901;ng. V&#7899;i uy t&iacute;n tr&ecirc;n th&#7883; tr&#432;&#7901;ng v&agrave; ch&#7871; &#273;&#7897; h&#7851;u m&atilde;i t&#7889;t, Thi&#7871;t B&#7883; C&ocirc;ng Ngh&#7879; V&#7841;n N&#259;ng &#273;&atilde; nh&#7853;n &#273;&#432;&#7907;c s&#7921; tin t&#432;&#7903;ng t&#7915; kh&aacute;ch h&agrave;ng nh&#7901; v&agrave;o ch&#7845;t l&#432;&#7907;ng h&agrave;ng &#273;&#7847;u c&#7911;a c&aacute;c d&ograve;ng s&#7843;n ph&#7849;m.<br>\nS&#7843;n ph&#7849;m c&#7911;a ch&uacute;ng t&ocirc;i &#273;&#432;&#7907;c ki&#7875;m &#273;&#7883;nh ch&#7845;t l&#432;&#7907;ng, nh&#7853;p kh&#7849;u tr&#7921;c ti&#7871;p t&#7915; nh&agrave; m&aacute;y b&ecirc;n Ch&acirc;u &Acirc;u, M&#7929;, &Uacute;c, Nh&#7853;t B&#7843;n,&hellip; v&agrave; &#273;&aacute;p &#7913;ng nhu c&#7847;u &#273;a d&#7841;ng c&#7911;a th&#7883; tr&#432;&#7901;ng nh&#432;: M&aacute;y &#272;o &#272;&#7897; C&#7913;ng, M&aacute;y SPECTROMAXx, M&aacute;y Ki&#7875;m Tra &#272;&#432;&#7901;ng Gh&eacute;p M&iacute; Lon,&hellip; Ch&uacute;ng t&ocirc;i cam k&#7871;t cung c&#7845;p s&#7843;n ph&#7849;m n&agrave;y tr&ecirc;n to&agrave;n qu&#7889;c v&#7899;i gi&aacute; c&#7843; c&#7841;nh tranh nh&#7845;t.<br>\nCh&uacute;ng t&ocirc;i c&oacute; &#273;&#7897;i ng&#361; chuy&ecirc;n vi&ecirc;n t&#432; v&#7845;n chuy&ecirc;n s&acirc;u s&#7869; h&#7895; tr&#7907; kh&aacute;ch h&agrave;ng v&#7873; chi ti&#7871;t s&#7843;n ph&#7849;m, h&#432;&#7899;ng d&#7851;n s&#7917; d&#7909;ng hay nh&#7919;ng th&#7913; li&ecirc;n quan &#273;&#7871;n v&#7845;n &#273;&#7873; m&agrave; doanh nghi&#7879;p b&#7841;n &#273;ang g&#7863;p ph&#7843;i. Ch&uacute;ng t&ocirc;i s&#7869; cung c&#7845;p nh&#7919;ng gi&#7843;i ph&aacute;p t&#7889;i &#432;u nh&#7845;t!<br>\nNgo&agrave;i ra Thi&#7871;t B&#7883; C&ocirc;ng Ngh&#7879; V&#7841;n N&#259;ng Ch&uacute;ng T&ocirc;i lu&ocirc;n h&#432;&#7899;ng &#273;&#7871;n tr&#7843;i nghi&#7879;m kh&aacute;ch h&agrave;ng, v&igrave; v&#7853;y ch&uacute;ng t&ocirc;i c&oacute; nh&#7919;ng ch&iacute;nh s&aacute;ch b&#7843;o h&agrave;nh, b&#7843;o tr&igrave; &ndash; b&#7843;o d&#432;&#7905;ng, hi&#7879;u chu&#7849;n v&#7899;i t&#7845;t c&#7843; c&aacute;c thi&#7871;t b&#7883;, m&aacute;y m&oacute;c m&agrave; ch&uacute;ng t&ocirc;i cung c&#7845;p. &#272;&#7843;m b&#7843;o mang &#273;&#7871;n cho Kh&aacute;ch h&agrave;ng s&#7921; y&ecirc;n t&acirc;m tuy&#7879;t &#273;&#7889;i v&#7873; d&#7883;ch v&#7909; khi mua h&agrave;ng.<\/p><p>Xem th&ecirc;m: M&aacute;y Quang Ph&#7893; H&#7845;p Th&#7909; Nguy&ecirc;n T&#7917; Agilent Model 240FS AA<\/p><p>T&#7893;ng K&#7871;t<br>\nT&#7911; Ki&#7875;m Tra &#272;&#7897; B&#7873;n Th&#7901;i Ti&#7871;t ATLAS MODEL SUNTEST XLS l&agrave; l&#7921;a ch&#7885;n t&#7889;i &#432;u cho c&aacute;c ph&ograve;ng th&iacute; nghi&#7879;m, nh&agrave; s&#7843;n xu&#7845;t v&agrave; trung t&acirc;m ki&#7875;m &#273;&#7883;nh mu&#7889;n n&acirc;ng cao &#273;&#7897; tin c&#7853;y v&agrave; t&#7889;c &#273;&#7897; &#273;&aacute;nh gi&aacute; &#273;&#7897; b&#7873;n s&#7843;n ph&#7849;m. V&#7899;i kh&#7843; n&#259;ng m&ocirc; ph&#7887;ng &#273;a d&#7841;ng &#273;i&#7873;u ki&#7879;n th&#7901;i ti&#7871;t, &#273;i&#7873;u khi&#7875;n th&ocirc;ng minh v&agrave; tu&acirc;n th&#7911; nhi&#7873;u ti&ecirc;u chu&#7849;n qu&#7889;c t&#7871;, thi&#7871;t b&#7883; n&agrave;y tr&#7903; th&agrave;nh c&ocirc;ng c&#7909; kh&ocirc;ng th&#7875; thi&#7871;u trong R&amp;D v&agrave; ki&#7875;m so&aacute;t ch&#7845;t l&#432;&#7907;ng. H&atilde;y li&ecirc;n h&#7879; v&#7899;i V&#7841;n N&#259;ng ngay &#273;&#7875; &#273;&#432;&#7907;c t&#432; v&#7845;n chuy&ecirc;n s&acirc;u v&agrave; nh&#7853;n nh&#7919;ng &#432;u &#273;&atilde;i h&#7845;p d&#7851;n nh&#7845;t th&ocirc;ng qua hotline0903 991 335 !<\/p><div style=\"background-color: #f8fafc; border: 1px solid #e2e8f0; border-radius: 8px; padding: 25px; max-width: 800px; margin: 30px auto; color: #334155; line-height: 1.8; font-size: 17px; box-shadow: 0 4px 6px -1px rgba(0,0,0,0.05); text-align: left; clear: both;\">\nC&ocirc;ng ty TNHH Th&#432;&#417;ng M&#7841;i D&#7883;ch V&#7909; Thi&#7871;t B&#7883; C&ocirc;ng Ngh&#7879; V&#7841;n N&#259;ng\n<p style=\"margin: 0 0 10px 0;\">&#128205; <strong style=\"color: #1e293b;\">&#272;&#7883;a ch&#7881;:<\/strong> <a style=\"color: #059669; text-decoration: none; font-weight: bold;\" href=\"https:\/\/www.google.com\/maps\/search\/C%C3%B4ng+ty+TNHH+Th%C6%B0%C6%A1ng+M%E1%BA%A1i+D%E1%BB%8Bch+V%E1%BB%A5+Thi%E1%BA%BFt+B%E1%BB%8B+C%C3%B4ng+Ngh%E1%BB%87+V%E1%BA%A1n+N%C4%83ng+818+Tr%C6%B0%E1%BB%9Dng+Chinh\" target=\"_blank\" rel=\"noopener\">818 Tr&#432;&#7901;ng Chinh, Ph&#432;&#7901;ng T&acirc;n S&#417;n, Th&agrave;nh ph&#7889; H&#7891; Ch&iacute; Minh, Vi&#7879;t Nam<\/a><\/p>\n<p style=\"margin: 0 0 10px 0;\">&#128222; <strong style=\"color: #1e293b;\">S&#272;T &ndash; Zalo:<\/strong> <a style=\"color: #059669; text-decoration: none; font-weight: bold;\" href=\"https:\/\/zalo.me\/0903991335\" target=\"_blank\" rel=\"noopener\">0903 991 335<\/a> <span style=\"color: #64748b; font-style: italic;\">(Ms. H&#7841;nh &ndash; Gi&aacute;m &#272;&#7889;c Kinh Doanh)<\/span><\/p>\n<p style=\"margin: 0;\">&#9993;&#65039; <strong style=\"color: #1e293b;\">Email:<\/strong> <a style=\"color: #059669; text-decoration: none; font-weight: bold;\" href=\"mailto:hienhanh@vannangvn.com\">hienhanh@vannangvn.com<\/a><\/p>\n<\/div><\/h1>","protected":false},"excerpt":{"rendered":"<p><strong>Th&#432;&#417;ng hi&#7879;u:<\/strong> ATLAS<br>\n<strong>Model:<\/strong> SUNTEST-2<p>Product <strong>T&#7910; TH&#7900;I TI&#7870;T ATLAS MODEL SUNTEST XLS<\/strong> ch&iacute;nh h&atilde;ng. ATLAS (USA)<br>\nT&#7911; Th&#7901;i Ti&#7871;t ATLAS SUNTEST XLS&nbsp;l&agrave; thi&#7871;t b&#7883; m&ocirc; ph&#7887;ng l&atilde;o h&oacute;a ngo&agrave;i tr&#7901;i, &#273;&aacute;nh gi&aacute; &#273;&#7897; b&#7873;n m&agrave;u v&agrave; kh&#7843; n&#259;ng ch&#7883;u t&aacute;c &#273;&#7897;ng m&ocirc;i tr&#432;&#7901;ng. M&aacute;y c&oacute; bu&#7891;ng th&#7917; l&#7899;n (3000 cm&sup2;), &#273;&egrave;n xenon c&ocirc;ng su&#7845;t cao v&agrave; kh&#7843; n&#259;ng phun n&#432;&#7899;c\/t&#7841;o &#7849;m, r&uacute;t ng&#7855;n th&#7901;i gian th&#7917; nghi&#7879;m t&#7915; n&#259;m xu&#7889;ng tu&#7847;n.<\/p><\/p>","protected":false},"featured_media":0,"comment_status":"open","ping_status":"closed","template":"","meta":[],"product_brand":[],"product_cat":[18],"product_tag":[3834,116,162,541,959,2654,3832],"class_list":{"0":"post-8253","1":"product","2":"type-product","3":"status-publish","5":"product_cat-chua-phan-loai","6":"product_tag-xls","7":"product_tag-model","8":"product_tag-tu","9":"product_tag-atlas","10":"product_tag-thoi","11":"product_tag-tiet","12":"product_tag-suntest","14":"first","15":"instock","16":"shipping-taxable","17":"product-type-simple"},"yoast_head":"<!-- This site is optimized with the Yoast SEO Premium plugin v24.8 (Yoast SEO v24.8) - https:\/\/yoast.com\/wordpress\/plugins\/seo\/ -->\n<title>T\u1ee6 TH\u1edcI TI\u1ebeT ATLAS MODEL SUNTEST XLS ch\u00ednh h\u00e3ng | V\u1ea1n N\u0103ng<\/title>\n<meta name=\"description\" content=\"Mua ngay T\u1ee6 TH\u1edcI TI\u1ebeT ATLAS MODEL SUNTEST XLS ch\u00ednh h\u00e3ng. T\u1ee7 Th\u1eddi Ti\u1ebft ATLAS SUNTEST XLS l\u00e0 thi\u1ebft b\u1ecb m\u00f4 ph\u1ecfng l\u00e3o h\u00f3a ngo\u00e0i tr\u1eddi,... Gi\u00e1 t\u1ed1t!\" \/>\n<meta name=\"robots\" content=\"noindex, follow, max-snippet:-1, max-image-preview:large, max-video-preview:-1\" \/>\n<meta property=\"og:locale\" content=\"en_US\" \/>\n<meta property=\"og:type\" content=\"article\" \/>\n<meta property=\"og:title\" content=\"T\u1ee6 TH\u1edcI TI\u1ebeT ATLAS MODEL SUNTEST XLS\" \/>\n<meta property=\"og:description\" content=\"Mua ngay T\u1ee6 TH\u1edcI TI\u1ebeT ATLAS MODEL SUNTEST XLS ch\u00ednh h\u00e3ng. T\u1ee7 Th\u1eddi Ti\u1ebft ATLAS SUNTEST XLS l\u00e0 thi\u1ebft b\u1ecb m\u00f4 ph\u1ecfng l\u00e3o h\u00f3a ngo\u00e0i tr\u1eddi,... Gi\u00e1 t\u1ed1t!\" \/>\n<meta property=\"og:url\" content=\"https:\/\/vannangvn.123websitedev.com\/en\/product\/tu-thoi-tiet-atlas-model-suntest-xls\/\" \/>\n<meta property=\"og:site_name\" content=\"Vannang.vn\" \/>\n<meta property=\"article:modified_time\" content=\"2026-03-30T12:02:21+00:00\" \/>\n<meta name=\"twitter:card\" content=\"summary_large_image\" \/>\n<meta name=\"twitter:label1\" content=\"Est. reading time\" \/>\n\t<meta name=\"twitter:data1\" content=\"10 minutes\" \/>\n<script type=\"application\/ld+json\" class=\"yoast-schema-graph\">{\"@context\":\"https:\/\/schema.org\",\"@graph\":[{\"@type\":\"WebPage\",\"@id\":\"https:\/\/vannangvn.123websitedev.com\/san-pham\/tu-thoi-tiet-atlas-model-suntest-xls\/\",\"url\":\"https:\/\/vannangvn.123websitedev.com\/san-pham\/tu-thoi-tiet-atlas-model-suntest-xls\/\",\"name\":\"T\u1ee6 TH\u1edcI TI\u1ebeT ATLAS MODEL SUNTEST XLS ch\u00ednh h\u00e3ng | V\u1ea1n N\u0103ng\",\"isPartOf\":{\"@id\":\"https:\/\/vannangvn.123websitedev.com\/#website\"},\"datePublished\":\"2026-03-20T12:20:09+00:00\",\"dateModified\":\"2026-03-30T12:02:21+00:00\",\"description\":\"Mua ngay T\u1ee6 TH\u1edcI TI\u1ebeT ATLAS MODEL SUNTEST XLS ch\u00ednh h\u00e3ng. T\u1ee7 Th\u1eddi Ti\u1ebft ATLAS SUNTEST XLS l\u00e0 thi\u1ebft b\u1ecb m\u00f4 ph\u1ecfng l\u00e3o h\u00f3a ngo\u00e0i tr\u1eddi,... Gi\u00e1 t\u1ed1t!\",\"breadcrumb\":{\"@id\":\"https:\/\/vannangvn.123websitedev.com\/san-pham\/tu-thoi-tiet-atlas-model-suntest-xls\/#breadcrumb\"},\"inLanguage\":\"en-US\",\"potentialAction\":[{\"@type\":\"ReadAction\",\"target\":[\"https:\/\/vannangvn.123websitedev.com\/san-pham\/tu-thoi-tiet-atlas-model-suntest-xls\/\"]}]},{\"@type\":\"BreadcrumbList\",\"@id\":\"https:\/\/vannangvn.123websitedev.com\/san-pham\/tu-thoi-tiet-atlas-model-suntest-xls\/#breadcrumb\",\"itemListElement\":[{\"@type\":\"ListItem\",\"position\":1,\"name\":\"Trang ch\u1ee7\",\"item\":\"https:\/\/vannangvn.123websitedev.com\/\"},{\"@type\":\"ListItem\",\"position\":2,\"name\":\"S\u1ea3n ph\u1ea9m\",\"item\":\"https:\/\/vannangvn.123websitedev.com\/cua-hang\/\"},{\"@type\":\"ListItem\",\"position\":3,\"name\":\"T\u1ee6 TH\u1edcI TI\u1ebeT ATLAS MODEL SUNTEST XLS\"}]},{\"@type\":\"WebSite\",\"@id\":\"https:\/\/vannangvn.123websitedev.com\/#website\",\"url\":\"https:\/\/vannangvn.123websitedev.com\/\",\"name\":\"Vannang.vn\",\"description\":\"\",\"publisher\":{\"@id\":\"https:\/\/vannangvn.123websitedev.com\/#organization\"},\"potentialAction\":[{\"@type\":\"SearchAction\",\"target\":{\"@type\":\"EntryPoint\",\"urlTemplate\":\"https:\/\/vannangvn.123websitedev.com\/?s={search_term_string}\"},\"query-input\":{\"@type\":\"PropertyValueSpecification\",\"valueRequired\":true,\"valueName\":\"search_term_string\"}}],\"inLanguage\":\"en-US\"},{\"@type\":\"Organization\",\"@id\":\"https:\/\/vannangvn.123websitedev.com\/#organization\",\"name\":\"Vannang.vn\",\"url\":\"https:\/\/vannangvn.123websitedev.com\/\",\"logo\":{\"@type\":\"ImageObject\",\"inLanguage\":\"en-US\",\"@id\":\"https:\/\/vannangvn.123websitedev.com\/#\/schema\/logo\/image\/\",\"url\":\"https:\/\/vannangvn.123websitedev.com\/wp-content\/uploads\/2026\/02\/logo-van-nang-02.png\",\"contentUrl\":\"https:\/\/vannangvn.123websitedev.com\/wp-content\/uploads\/2026\/02\/logo-van-nang-02.png\",\"width\":448,\"height\":111,\"caption\":\"Vannang.vn\"},\"image\":{\"@id\":\"https:\/\/vannangvn.123websitedev.com\/#\/schema\/logo\/image\/\"}}]}<\/script>\n<!-- \/ Yoast SEO Premium plugin. -->","yoast_head_json":{"title":"T\u1ee6 TH\u1edcI TI\u1ebeT ATLAS MODEL SUNTEST XLS ch\u00ednh h\u00e3ng | V\u1ea1n N\u0103ng","description":"Mua ngay T\u1ee6 TH\u1edcI TI\u1ebeT ATLAS MODEL SUNTEST XLS ch\u00ednh h\u00e3ng. T\u1ee7 Th\u1eddi Ti\u1ebft ATLAS SUNTEST XLS l\u00e0 thi\u1ebft b\u1ecb m\u00f4 ph\u1ecfng l\u00e3o h\u00f3a ngo\u00e0i tr\u1eddi,... Gi\u00e1 t\u1ed1t!","robots":{"index":"noindex","follow":"follow","max-snippet":"max-snippet:-1","max-image-preview":"max-image-preview:large","max-video-preview":"max-video-preview:-1"},"og_locale":"en_US","og_type":"article","og_title":"T\u1ee6 TH\u1edcI TI\u1ebeT ATLAS MODEL SUNTEST XLS","og_description":"Mua ngay T\u1ee6 TH\u1edcI TI\u1ebeT ATLAS MODEL SUNTEST XLS ch\u00ednh h\u00e3ng. T\u1ee7 Th\u1eddi Ti\u1ebft ATLAS SUNTEST XLS l\u00e0 thi\u1ebft b\u1ecb m\u00f4 ph\u1ecfng l\u00e3o h\u00f3a ngo\u00e0i tr\u1eddi,... Gi\u00e1 t\u1ed1t!","og_url":"https:\/\/vannangvn.123websitedev.com\/en\/product\/tu-thoi-tiet-atlas-model-suntest-xls\/","og_site_name":"Vannang.vn","article_modified_time":"2026-03-30T12:02:21+00:00","twitter_card":"summary_large_image","twitter_misc":{"Est. reading time":"10 minutes"},"schema":{"@context":"https:\/\/schema.org","@graph":[{"@type":"WebPage","@id":"https:\/\/vannangvn.123websitedev.com\/san-pham\/tu-thoi-tiet-atlas-model-suntest-xls\/","url":"https:\/\/vannangvn.123websitedev.com\/san-pham\/tu-thoi-tiet-atlas-model-suntest-xls\/","name":"T\u1ee6 TH\u1edcI TI\u1ebeT ATLAS MODEL SUNTEST XLS ch\u00ednh h\u00e3ng | V\u1ea1n N\u0103ng","isPartOf":{"@id":"https:\/\/vannangvn.123websitedev.com\/#website"},"datePublished":"2026-03-20T12:20:09+00:00","dateModified":"2026-03-30T12:02:21+00:00","description":"Mua ngay T\u1ee6 TH\u1edcI TI\u1ebeT ATLAS MODEL SUNTEST XLS ch\u00ednh h\u00e3ng. T\u1ee7 Th\u1eddi Ti\u1ebft ATLAS SUNTEST XLS l\u00e0 thi\u1ebft b\u1ecb m\u00f4 ph\u1ecfng l\u00e3o h\u00f3a ngo\u00e0i tr\u1eddi,... Gi\u00e1 t\u1ed1t!","breadcrumb":{"@id":"https:\/\/vannangvn.123websitedev.com\/san-pham\/tu-thoi-tiet-atlas-model-suntest-xls\/#breadcrumb"},"inLanguage":"en-US","potentialAction":[{"@type":"ReadAction","target":["https:\/\/vannangvn.123websitedev.com\/san-pham\/tu-thoi-tiet-atlas-model-suntest-xls\/"]}]},{"@type":"BreadcrumbList","@id":"https:\/\/vannangvn.123websitedev.com\/san-pham\/tu-thoi-tiet-atlas-model-suntest-xls\/#breadcrumb","itemListElement":[{"@type":"ListItem","position":1,"name":"Trang ch\u1ee7","item":"https:\/\/vannangvn.123websitedev.com\/"},{"@type":"ListItem","position":2,"name":"S\u1ea3n ph\u1ea9m","item":"https:\/\/vannangvn.123websitedev.com\/cua-hang\/"},{"@type":"ListItem","position":3,"name":"T\u1ee6 TH\u1edcI TI\u1ebeT ATLAS MODEL SUNTEST XLS"}]},{"@type":"WebSite","@id":"https:\/\/vannangvn.123websitedev.com\/#website","url":"https:\/\/vannangvn.123websitedev.com\/","name":"Vannang.vn","description":"","publisher":{"@id":"https:\/\/vannangvn.123websitedev.com\/#organization"},"potentialAction":[{"@type":"SearchAction","target":{"@type":"EntryPoint","urlTemplate":"https:\/\/vannangvn.123websitedev.com\/?s={search_term_string}"},"query-input":{"@type":"PropertyValueSpecification","valueRequired":true,"valueName":"search_term_string"}}],"inLanguage":"en-US"},{"@type":"Organization","@id":"https:\/\/vannangvn.123websitedev.com\/#organization","name":"Vannang.vn","url":"https:\/\/vannangvn.123websitedev.com\/","logo":{"@type":"ImageObject","inLanguage":"en-US","@id":"https:\/\/vannangvn.123websitedev.com\/#\/schema\/logo\/image\/","url":"https:\/\/vannangvn.123websitedev.com\/wp-content\/uploads\/2026\/02\/logo-van-nang-02.png","contentUrl":"https:\/\/vannangvn.123websitedev.com\/wp-content\/uploads\/2026\/02\/logo-van-nang-02.png","width":448,"height":111,"caption":"Vannang.vn"},"image":{"@id":"https:\/\/vannangvn.123websitedev.com\/#\/schema\/logo\/image\/"}}]}},"_links":{"self":[{"href":"https:\/\/vannangvn.123websitedev.com\/en\/wp-json\/wp\/v2\/product\/8253","targetHints":{"allow":["GET"]}}],"collection":[{"href":"https:\/\/vannangvn.123websitedev.com\/en\/wp-json\/wp\/v2\/product"}],"about":[{"href":"https:\/\/vannangvn.123websitedev.com\/en\/wp-json\/wp\/v2\/types\/product"}],"replies":[{"embeddable":true,"href":"https:\/\/vannangvn.123websitedev.com\/en\/wp-json\/wp\/v2\/comments?post=8253"}],"wp:attachment":[{"href":"https:\/\/vannangvn.123websitedev.com\/en\/wp-json\/wp\/v2\/media?parent=8253"}],"wp:term":[{"taxonomy":"product_brand","embeddable":true,"href":"https:\/\/vannangvn.123websitedev.com\/en\/wp-json\/wp\/v2\/product_brand?post=8253"},{"taxonomy":"product_cat","embeddable":true,"href":"https:\/\/vannangvn.123websitedev.com\/en\/wp-json\/wp\/v2\/product_cat?post=8253"},{"taxonomy":"product_tag","embeddable":true,"href":"https:\/\/vannangvn.123websitedev.com\/en\/wp-json\/wp\/v2\/product_tag?post=8253"}],"curies":[{"name":"wp","href":"https:\/\/api.w.org\/{rel}","templated":true}]}}