{"id":8271,"date":"2026-03-20T19:20:30","date_gmt":"2026-03-20T12:20:30","guid":{"rendered":"https:\/\/vannangvn.123websitedev.com\/san-pham\/tu-thu-nghiem-an-mon-cme-model-sf-1000-cct\/"},"modified":"2026-03-30T19:02:47","modified_gmt":"2026-03-30T12:02:47","slug":"tu-thu-nghiem-an-mon-cme-model-sf-1000-cct","status":"publish","type":"product","link":"https:\/\/vannangvn.123websitedev.com\/en\/product\/tu-thu-nghiem-an-mon-cme-model-sf-1000-cct\/","title":{"rendered":"T\u1ee6 TH\u1eec NGHI\u1ec6M \u0102N M\u00d2N CME MODEL SF-1000-CCT"},"content":{"rendered":"<h1 style=\"color: red; font-weight: bold; font-size: 24px;\">T&#7893;ng quan s&#7843;n ph&#7849;m T&#7910; TH&#7916; NGHI&#7878;M &#258;N M&Ograve;N CME MODEL SF-1000-CCT<p>T&#7911; Th&#7917; Nghi&#7879;m &#258;n M&ograve;n (Corrosion Test Chamber) CME Model SF-1000-CCT<\/p><p>SF-1000-CCT<br>\nT&#7911; Th&#7917; Nghi&#7879;m &#258;n M&ograve;n (Corrosion Test Chamber) CME Model SF-1000-CCT &#273;&#432;&#7907;c thi&#7871;t k&#7871; v&#7899;i kh&#7843; n&#259;ng linh ho&#7841;t cao, &#273;&aacute;p &#7913;ng nhi&#7873;u ti&ecirc;u chu&#7849;n ki&#7875;m tra &#259;n m&ograve;n (CCT) kh&aacute;c nhau.<br>\nThi&#7871;t b&#7883; c&oacute; th&#7875; l&#7853;p tr&igrave;nh &#273;&#7875; th&#7921;c hi&#7879;n &#273;a d&#7841;ng c&aacute;c ph&#432;&#417;ng ph&aacute;p th&#7917; nghi&#7879;m nh&#432; chu tr&igrave;nh &#432;&#7899;t, chu tr&igrave;nh kh&ocirc;, &#273;&#7897; &#7849;m ki&#7875;m so&aacute;t v&agrave; th&#7917; phun mu&#7889;i, t&#7845;t c&#7843; &#273;&#7873;u trong c&ugrave;ng m&#7897;t bu&#7891;ng th&#7917;. C&aacute;c quy tr&igrave;nh n&agrave;y c&oacute; th&#7875; &#273;&#432;&#7907;c th&#7921;c hi&#7879;n theo b&#7845;t k&#7923; tr&igrave;nh t&#7921; n&agrave;o v&agrave; l&#7863;p l&#7841;i ho&agrave;n to&agrave;n t&#7921; &#273;&#7897;ng. Ngo&agrave;i ra, nhi&#7873;u ph&#7909; ki&#7879;n t&ugrave;y ch&#7885;n cho ph&eacute;p m&#7903; r&#7897;ng ph&#7841;m vi kh&iacute; h&#7853;u v&agrave; &#273;i&#7873;u ki&#7879;n th&#7917; nghi&#7879;m, &#273;&aacute;p &#7913;ng y&ecirc;u c&#7847;u ki&#7875;m tra kh&#7855;t khe h&#417;n.<br>\nCME cung c&#7845;p c&#7843; bu&#7891;ng th&#7917; &#259;n m&ograve;n chu tr&igrave;nh (SF-CCT) v&agrave; bu&#7891;ng th&#7917; phun mu&#7889;i truy&#7873;n th&#7889;ng (SF-SST). D&ograve;ng SF-CCT t&#432;&#417;ng th&iacute;ch v&#7899;i nhi&#7873;u ti&ecirc;u chu&#7849;n ki&#7875;m tra, bao g&#7891;m c&#7843; ti&ecirc;u chu&#7849;n ng&agrave;nh &ocirc; t&ocirc;, &#273;&#7891;ng th&#7901;i c&oacute; th&#7875; lu&acirc;n phi&ecirc;n gi&#7919;a c&aacute;c ch&#432;&#417;ng tr&igrave;nh &#273;&#7897; &#7849;m kh&aacute;c nhau v&agrave; th&#7917; nghi&#7879;m phun mu&#7889;i truy&#7873;n th&#7889;ng.<br>\nTrong nh&#7919;ng n&#259;m g&#7847;n &#273;&acirc;y, ki&#7875;m tra &#259;n m&ograve;n chu tr&igrave;nh &#273;&atilde; &#273;&#432;&#7907;c ch&#7913;ng minh l&agrave; m&ocirc; ph&#7887;ng m&ocirc;i tr&#432;&#7901;ng &#259;n m&ograve;n th&#7921;c t&#7871; t&#7889;t h&#417;n ph&#432;&#417;ng ph&aacute;p phun mu&#7889;i li&ecirc;n t&#7909;c truy&#7873;n th&#7889;ng. Ph&#432;&#417;ng ph&aacute;p phun mu&#7889;i ch&#7881; ho&#7841;t &#273;&#7897;ng &#7903; m&#7897;t m&#7913;c nhi&#7879;t &#273;&#7897; c&#7889; &#273;&#7883;nh (t&#7915; nhi&#7879;t &#273;&#7897; m&ocirc;i tr&#432;&#7901;ng &#273;&#7871;n 55&deg;C) v&agrave; kh&ocirc;ng t&aacute;i t&#7841;o &#273;&#432;&#7907;c c&aacute;c &#273;i&#7873;u ki&#7879;n th&#7921;c t&#7871; nh&#432; ng&#432;ng t&#7909; &#7849;m, l&agrave;m kh&ocirc; b&#7857;ng kh&ocirc;ng kh&iacute;,&hellip; khi&#7871;n k&#7871;t qu&#7843; k&eacute;m ch&iacute;nh x&aacute;c h&#417;n so v&#7899;i ki&#7875;m tra chu tr&igrave;nh.<br>\nM&#7863;c d&ugrave; CME cung c&#7845;p c&#7843; hai phi&ecirc;n b&#7843;n (SF-CCT v&agrave; SF-SST), h&atilde;ng khuy&#7871;n ngh&#7883; s&#7917; d&#7909;ng SF-CCT v&igrave; kh&#7843; n&#259;ng l&#7853;p tr&igrave;nh &#273;a d&#7841;ng &#273;&#7875; th&#7921;c hi&#7879;n &#273;&#7891;ng th&#7901;i c&aacute;c th&#7917; nghi&#7879;m chu tr&igrave;nh &#432;&#7899;t, kh&ocirc;, ki&#7875;m so&aacute;t &#273;&#7897; &#7849;m v&agrave; phun mu&#7889;i trong c&ugrave;ng m&#7897;t bu&#7891;ng.<br>\nKi&#7875;m tra &#259;n m&ograve;n li&ecirc;n quan &#273;&#7871;n h&agrave;ng lo&#7841;t ti&ecirc;u chu&#7849;n th&#7917; nghi&#7879;m kh&aacute;c nhau, &#273;&#432;&#7907;c ph&aacute;t tri&#7875;n b&#7903;i c&aacute;c nh&agrave; s&#7843;n xu&#7845;t &ocirc; t&ocirc; ho&#7863;c d&#7921;a tr&ecirc;n quy &#273;&#7883;nh t&#7915;ng qu&#7889;c gia. &#272;&#7875; &#273;&aacute;p &#7913;ng s&#7921; &#273;a d&#7841;ng n&agrave;y, CME &#273;&atilde; thi&#7871;t k&#7871; c&#7843; SF-CCT v&agrave; SF-SST tu&acirc;n th&#7911; h&#417;n 100 ti&ecirc;u chu&#7849;n to&agrave;n c&#7847;u, bao g&#7891;m c&aacute;c chu&#7849;n ph&#7893; bi&#7871;n nh&#432; ASTM, MIL, ISO, JASO, GM, NFX, AS, ECC,&hellip; gi&uacute;p &#273;&#7843;m b&#7843;o t&iacute;nh linh ho&#7841;t v&agrave; &#273;&#7897; tin c&#7853;y cao trong m&#7885;i &#7913;ng d&#7909;ng.<br>\nH&atilde;y li&ecirc;n h&#7879; v&#7899;i V&#7841;n N&#259;ng Company ngay &#273;&#7875; &#273;&#432;&#7907;c t&#432; v&#7845;n chuy&ecirc;n s&acirc;u v&agrave; nh&#7853;n c&aacute;c &#432;u &#273;&atilde;i h&#7845;p d&#7851;n nh&#7845;t th&ocirc;ng qua hotline\/zalo: <a href=\"https:\/\/zalo.me\/0903991335\" target=\"_blank\" rel=\"noopener\" style=\"color: #059669; font-weight: bold; text-decoration: none;\">0903 991 335<\/a>!<\/p><div style=\"background-color: #f8fafc; border: 1px solid #e2e8f0; border-radius: 8px; padding: 25px; max-width: 800px; margin: 30px auto; color: #334155; line-height: 1.8; font-size: 17px; box-shadow: 0 4px 6px -1px rgba(0,0,0,0.05); text-align: left; clear: both;\">\nC&ocirc;ng ty TNHH Th&#432;&#417;ng M&#7841;i D&#7883;ch V&#7909; Thi&#7871;t B&#7883; C&ocirc;ng Ngh&#7879; V&#7841;n N&#259;ng\n<p style=\"margin: 0 0 10px 0;\">&#128205; <strong style=\"color: #1e293b;\">&#272;&#7883;a ch&#7881;:<\/strong> <a style=\"color: #059669; text-decoration: none; font-weight: bold;\" href=\"https:\/\/www.google.com\/maps\/search\/C%C3%B4ng+ty+TNHH+Th%C6%B0%C6%A1ng+M%E1%BA%A1i+D%E1%BB%8Bch+V%E1%BB%A5+Thi%E1%BA%BFt+B%E1%BB%8B+C%C3%B4ng+Ngh%E1%BB%87+V%E1%BA%A1n+N%C4%83ng+818+Tr%C6%B0%E1%BB%9Dng+Chinh\" target=\"_blank\" rel=\"noopener\">818 Tr&#432;&#7901;ng Chinh, Ph&#432;&#7901;ng T&acirc;n S&#417;n, Th&agrave;nh ph&#7889; H&#7891; Ch&iacute; Minh, Vi&#7879;t Nam<\/a><\/p>\n<p style=\"margin: 0 0 10px 0;\">&#128222; <strong style=\"color: #1e293b;\">S&#272;T &ndash; Zalo:<\/strong> <a style=\"color: #059669; text-decoration: none; font-weight: bold;\" href=\"https:\/\/zalo.me\/0903991335\" target=\"_blank\" rel=\"noopener\">0903 991 335<\/a> <span style=\"color: #64748b; font-style: italic;\">(Ms. H&#7841;nh &ndash; Gi&aacute;m &#272;&#7889;c Kinh Doanh)<\/span><\/p>\n<p style=\"margin: 0;\">&#9993;&#65039; <strong style=\"color: #1e293b;\">Email:<\/strong> <a style=\"color: #059669; text-decoration: none; font-weight: bold;\" href=\"mailto:hienhanh@vannangvn.com\">hienhanh@vannangvn.com<\/a><\/p>\n<\/div><\/h1>","protected":false},"excerpt":{"rendered":"<p><strong>Th&#432;&#417;ng hi&#7879;u:<\/strong> CM Envirosystems<br>\n<strong>Model:<\/strong> SF-10<p>Product <strong>T&#7910; TH&#7916; NGHI&#7878;M &#258;N M&Ograve;N CME MODEL SF-1000-CCT<\/strong> ch&iacute;nh h&atilde;ng. CM Envirosystems (India)<br>\nCME SF-1000-CCT l&agrave; thi&#7871;t b&#7883; ki&#7875;m tra chu tr&igrave;nh v&agrave; phun mu&#7889;i truy&#7873;n th&#7889;ng. Khuy&#7871;n ngh&#7883; d&ograve;ng SF-CCT v&#7899;i kh&#7843; n&#259;ng m&ocirc; ph&#7887;ng &#259;n m&ograve;n th&#7921;c t&#7871; t&#7889;t h&#417;n, linh ho&#7841;t l&#7853;p tr&igrave;nh &#273;a d&#7841;ng th&#7917; nghi&#7879;m.<\/p><\/p>","protected":false},"featured_media":8984,"comment_status":"open","ping_status":"closed","template":"","meta":[],"product_brand":[],"product_cat":[18],"product_tag":[228,392,527,557,3846,116,120,162],"class_list":{"0":"post-8271","1":"product","2":"type-product","3":"status-publish","4":"has-post-thumbnail","6":"product_cat-chua-phan-loai","7":"product_tag-an","8":"product_tag-mon","9":"product_tag-nghiem","10":"product_tag-cme","11":"product_tag-sf-1000-cct","12":"product_tag-model","13":"product_tag-thu","14":"product_tag-tu","16":"first","17":"instock","18":"shipping-taxable","19":"product-type-simple"},"yoast_head":"<!-- This site is optimized with the Yoast SEO Premium plugin v24.8 (Yoast SEO v24.8) - https:\/\/yoast.com\/wordpress\/plugins\/seo\/ -->\n<title>T\u1ee6 TH\u1eec NGHI\u1ec6M \u0102N M\u00d2N CME MODEL SF-1... ch\u00ednh h\u00e3ng | V\u1ea1n N\u0103ng<\/title>\n<meta name=\"description\" content=\"Mua ngay T\u1ee6 TH\u1eec NGHI\u1ec6M \u0102N M\u00d2N CME MODEL SF-1000-CCT ch\u00ednh h\u00e3ng. CME SF-1000-CCT l\u00e0 thi\u1ebft b\u1ecb ki\u1ec3m tra chu tr\u00ecnh v\u00e0 phun mu\u1ed1i truy\u1ec1n... Gi\u00e1 t\u1ed1t!\" \/>\n<meta name=\"robots\" content=\"noindex, follow, max-snippet:-1, max-image-preview:large, max-video-preview:-1\" \/>\n<meta property=\"og:locale\" content=\"en_US\" \/>\n<meta property=\"og:type\" content=\"article\" \/>\n<meta property=\"og:title\" content=\"T\u1ee6 TH\u1eec NGHI\u1ec6M \u0102N M\u00d2N CME MODEL SF-1000-CCT\" \/>\n<meta property=\"og:description\" content=\"Mua ngay T\u1ee6 TH\u1eec NGHI\u1ec6M \u0102N M\u00d2N CME MODEL SF-1000-CCT ch\u00ednh h\u00e3ng. CME SF-1000-CCT l\u00e0 thi\u1ebft b\u1ecb ki\u1ec3m tra chu tr\u00ecnh v\u00e0 phun mu\u1ed1i truy\u1ec1n... Gi\u00e1 t\u1ed1t!\" \/>\n<meta property=\"og:url\" content=\"https:\/\/vannangvn.123websitedev.com\/en\/product\/tu-thu-nghiem-an-mon-cme-model-sf-1000-cct\/\" \/>\n<meta property=\"og:site_name\" content=\"Vannang.vn\" \/>\n<meta property=\"article:modified_time\" content=\"2026-03-30T12:02:47+00:00\" \/>\n<meta property=\"og:image\" content=\"http:\/\/vannangvn.123websitedev.com\/wp-content\/uploads\/2026\/03\/Tu-Thu-Nghiem-An-Mon-Corrosion-Test-Chamber-CME-4-768x576-copy.jpg\" \/>\n\t<meta property=\"og:image:width\" content=\"768\" \/>\n\t<meta property=\"og:image:height\" content=\"576\" \/>\n\t<meta property=\"og:image:type\" content=\"image\/jpeg\" \/>\n<meta name=\"twitter:card\" content=\"summary_large_image\" \/>\n<meta name=\"twitter:label1\" content=\"Est. reading time\" \/>\n\t<meta name=\"twitter:data1\" content=\"4 minutes\" \/>\n<script type=\"application\/ld+json\" class=\"yoast-schema-graph\">{\"@context\":\"https:\/\/schema.org\",\"@graph\":[{\"@type\":\"WebPage\",\"@id\":\"https:\/\/vannangvn.123websitedev.com\/san-pham\/tu-thu-nghiem-an-mon-cme-model-sf-1000-cct\/\",\"url\":\"https:\/\/vannangvn.123websitedev.com\/san-pham\/tu-thu-nghiem-an-mon-cme-model-sf-1000-cct\/\",\"name\":\"T\u1ee6 TH\u1eec NGHI\u1ec6M \u0102N M\u00d2N CME MODEL SF-1... ch\u00ednh h\u00e3ng | V\u1ea1n N\u0103ng\",\"isPartOf\":{\"@id\":\"https:\/\/vannangvn.123websitedev.com\/#website\"},\"primaryImageOfPage\":{\"@id\":\"https:\/\/vannangvn.123websitedev.com\/san-pham\/tu-thu-nghiem-an-mon-cme-model-sf-1000-cct\/#primaryimage\"},\"image\":{\"@id\":\"https:\/\/vannangvn.123websitedev.com\/san-pham\/tu-thu-nghiem-an-mon-cme-model-sf-1000-cct\/#primaryimage\"},\"thumbnailUrl\":\"https:\/\/vannangvn.123websitedev.com\/wp-content\/uploads\/2026\/03\/Tu-Thu-Nghiem-An-Mon-Corrosion-Test-Chamber-CME-4-768x576-copy.jpg\",\"datePublished\":\"2026-03-20T12:20:30+00:00\",\"dateModified\":\"2026-03-30T12:02:47+00:00\",\"description\":\"Mua ngay T\u1ee6 TH\u1eec NGHI\u1ec6M \u0102N M\u00d2N CME MODEL SF-1000-CCT ch\u00ednh h\u00e3ng. CME SF-1000-CCT l\u00e0 thi\u1ebft b\u1ecb ki\u1ec3m tra chu tr\u00ecnh v\u00e0 phun mu\u1ed1i truy\u1ec1n... Gi\u00e1 t\u1ed1t!\",\"breadcrumb\":{\"@id\":\"https:\/\/vannangvn.123websitedev.com\/san-pham\/tu-thu-nghiem-an-mon-cme-model-sf-1000-cct\/#breadcrumb\"},\"inLanguage\":\"en-US\",\"potentialAction\":[{\"@type\":\"ReadAction\",\"target\":[\"https:\/\/vannangvn.123websitedev.com\/san-pham\/tu-thu-nghiem-an-mon-cme-model-sf-1000-cct\/\"]}]},{\"@type\":\"ImageObject\",\"inLanguage\":\"en-US\",\"@id\":\"https:\/\/vannangvn.123websitedev.com\/san-pham\/tu-thu-nghiem-an-mon-cme-model-sf-1000-cct\/#primaryimage\",\"url\":\"https:\/\/vannangvn.123websitedev.com\/wp-content\/uploads\/2026\/03\/Tu-Thu-Nghiem-An-Mon-Corrosion-Test-Chamber-CME-4-768x576-copy.jpg\",\"contentUrl\":\"https:\/\/vannangvn.123websitedev.com\/wp-content\/uploads\/2026\/03\/Tu-Thu-Nghiem-An-Mon-Corrosion-Test-Chamber-CME-4-768x576-copy.jpg\",\"width\":768,\"height\":576},{\"@type\":\"BreadcrumbList\",\"@id\":\"https:\/\/vannangvn.123websitedev.com\/san-pham\/tu-thu-nghiem-an-mon-cme-model-sf-1000-cct\/#breadcrumb\",\"itemListElement\":[{\"@type\":\"ListItem\",\"position\":1,\"name\":\"Trang ch\u1ee7\",\"item\":\"https:\/\/vannangvn.123websitedev.com\/\"},{\"@type\":\"ListItem\",\"position\":2,\"name\":\"S\u1ea3n ph\u1ea9m\",\"item\":\"https:\/\/vannangvn.123websitedev.com\/cua-hang\/\"},{\"@type\":\"ListItem\",\"position\":3,\"name\":\"T\u1ee6 TH\u1eec NGHI\u1ec6M \u0102N M\u00d2N CME MODEL SF-1000-CCT\"}]},{\"@type\":\"WebSite\",\"@id\":\"https:\/\/vannangvn.123websitedev.com\/#website\",\"url\":\"https:\/\/vannangvn.123websitedev.com\/\",\"name\":\"Vannang.vn\",\"description\":\"\",\"publisher\":{\"@id\":\"https:\/\/vannangvn.123websitedev.com\/#organization\"},\"potentialAction\":[{\"@type\":\"SearchAction\",\"target\":{\"@type\":\"EntryPoint\",\"urlTemplate\":\"https:\/\/vannangvn.123websitedev.com\/?s={search_term_string}\"},\"query-input\":{\"@type\":\"PropertyValueSpecification\",\"valueRequired\":true,\"valueName\":\"search_term_string\"}}],\"inLanguage\":\"en-US\"},{\"@type\":\"Organization\",\"@id\":\"https:\/\/vannangvn.123websitedev.com\/#organization\",\"name\":\"Vannang.vn\",\"url\":\"https:\/\/vannangvn.123websitedev.com\/\",\"logo\":{\"@type\":\"ImageObject\",\"inLanguage\":\"en-US\",\"@id\":\"https:\/\/vannangvn.123websitedev.com\/#\/schema\/logo\/image\/\",\"url\":\"https:\/\/vannangvn.123websitedev.com\/wp-content\/uploads\/2026\/02\/logo-van-nang-02.png\",\"contentUrl\":\"https:\/\/vannangvn.123websitedev.com\/wp-content\/uploads\/2026\/02\/logo-van-nang-02.png\",\"width\":448,\"height\":111,\"caption\":\"Vannang.vn\"},\"image\":{\"@id\":\"https:\/\/vannangvn.123websitedev.com\/#\/schema\/logo\/image\/\"}}]}<\/script>\n<!-- \/ Yoast SEO Premium plugin. -->","yoast_head_json":{"title":"T\u1ee6 TH\u1eec NGHI\u1ec6M \u0102N M\u00d2N CME MODEL SF-1... ch\u00ednh h\u00e3ng | V\u1ea1n N\u0103ng","description":"Mua ngay T\u1ee6 TH\u1eec NGHI\u1ec6M \u0102N M\u00d2N CME MODEL SF-1000-CCT ch\u00ednh h\u00e3ng. CME SF-1000-CCT l\u00e0 thi\u1ebft b\u1ecb ki\u1ec3m tra chu tr\u00ecnh v\u00e0 phun mu\u1ed1i truy\u1ec1n... Gi\u00e1 t\u1ed1t!","robots":{"index":"noindex","follow":"follow","max-snippet":"max-snippet:-1","max-image-preview":"max-image-preview:large","max-video-preview":"max-video-preview:-1"},"og_locale":"en_US","og_type":"article","og_title":"T\u1ee6 TH\u1eec NGHI\u1ec6M \u0102N M\u00d2N CME MODEL SF-1000-CCT","og_description":"Mua ngay T\u1ee6 TH\u1eec NGHI\u1ec6M \u0102N M\u00d2N CME MODEL SF-1000-CCT ch\u00ednh h\u00e3ng. CME SF-1000-CCT l\u00e0 thi\u1ebft b\u1ecb ki\u1ec3m tra chu tr\u00ecnh v\u00e0 phun mu\u1ed1i truy\u1ec1n... Gi\u00e1 t\u1ed1t!","og_url":"https:\/\/vannangvn.123websitedev.com\/en\/product\/tu-thu-nghiem-an-mon-cme-model-sf-1000-cct\/","og_site_name":"Vannang.vn","article_modified_time":"2026-03-30T12:02:47+00:00","og_image":[{"width":768,"height":576,"url":"http:\/\/vannangvn.123websitedev.com\/wp-content\/uploads\/2026\/03\/Tu-Thu-Nghiem-An-Mon-Corrosion-Test-Chamber-CME-4-768x576-copy.jpg","type":"image\/jpeg"}],"twitter_card":"summary_large_image","twitter_misc":{"Est. reading time":"4 minutes"},"schema":{"@context":"https:\/\/schema.org","@graph":[{"@type":"WebPage","@id":"https:\/\/vannangvn.123websitedev.com\/san-pham\/tu-thu-nghiem-an-mon-cme-model-sf-1000-cct\/","url":"https:\/\/vannangvn.123websitedev.com\/san-pham\/tu-thu-nghiem-an-mon-cme-model-sf-1000-cct\/","name":"T\u1ee6 TH\u1eec NGHI\u1ec6M \u0102N M\u00d2N CME MODEL SF-1... ch\u00ednh h\u00e3ng | V\u1ea1n N\u0103ng","isPartOf":{"@id":"https:\/\/vannangvn.123websitedev.com\/#website"},"primaryImageOfPage":{"@id":"https:\/\/vannangvn.123websitedev.com\/san-pham\/tu-thu-nghiem-an-mon-cme-model-sf-1000-cct\/#primaryimage"},"image":{"@id":"https:\/\/vannangvn.123websitedev.com\/san-pham\/tu-thu-nghiem-an-mon-cme-model-sf-1000-cct\/#primaryimage"},"thumbnailUrl":"https:\/\/vannangvn.123websitedev.com\/wp-content\/uploads\/2026\/03\/Tu-Thu-Nghiem-An-Mon-Corrosion-Test-Chamber-CME-4-768x576-copy.jpg","datePublished":"2026-03-20T12:20:30+00:00","dateModified":"2026-03-30T12:02:47+00:00","description":"Mua ngay T\u1ee6 TH\u1eec NGHI\u1ec6M \u0102N M\u00d2N CME MODEL SF-1000-CCT ch\u00ednh h\u00e3ng. CME SF-1000-CCT l\u00e0 thi\u1ebft b\u1ecb ki\u1ec3m tra chu tr\u00ecnh v\u00e0 phun mu\u1ed1i truy\u1ec1n... Gi\u00e1 t\u1ed1t!","breadcrumb":{"@id":"https:\/\/vannangvn.123websitedev.com\/san-pham\/tu-thu-nghiem-an-mon-cme-model-sf-1000-cct\/#breadcrumb"},"inLanguage":"en-US","potentialAction":[{"@type":"ReadAction","target":["https:\/\/vannangvn.123websitedev.com\/san-pham\/tu-thu-nghiem-an-mon-cme-model-sf-1000-cct\/"]}]},{"@type":"ImageObject","inLanguage":"en-US","@id":"https:\/\/vannangvn.123websitedev.com\/san-pham\/tu-thu-nghiem-an-mon-cme-model-sf-1000-cct\/#primaryimage","url":"https:\/\/vannangvn.123websitedev.com\/wp-content\/uploads\/2026\/03\/Tu-Thu-Nghiem-An-Mon-Corrosion-Test-Chamber-CME-4-768x576-copy.jpg","contentUrl":"https:\/\/vannangvn.123websitedev.com\/wp-content\/uploads\/2026\/03\/Tu-Thu-Nghiem-An-Mon-Corrosion-Test-Chamber-CME-4-768x576-copy.jpg","width":768,"height":576},{"@type":"BreadcrumbList","@id":"https:\/\/vannangvn.123websitedev.com\/san-pham\/tu-thu-nghiem-an-mon-cme-model-sf-1000-cct\/#breadcrumb","itemListElement":[{"@type":"ListItem","position":1,"name":"Trang ch\u1ee7","item":"https:\/\/vannangvn.123websitedev.com\/"},{"@type":"ListItem","position":2,"name":"S\u1ea3n ph\u1ea9m","item":"https:\/\/vannangvn.123websitedev.com\/cua-hang\/"},{"@type":"ListItem","position":3,"name":"T\u1ee6 TH\u1eec NGHI\u1ec6M \u0102N M\u00d2N CME MODEL SF-1000-CCT"}]},{"@type":"WebSite","@id":"https:\/\/vannangvn.123websitedev.com\/#website","url":"https:\/\/vannangvn.123websitedev.com\/","name":"Vannang.vn","description":"","publisher":{"@id":"https:\/\/vannangvn.123websitedev.com\/#organization"},"potentialAction":[{"@type":"SearchAction","target":{"@type":"EntryPoint","urlTemplate":"https:\/\/vannangvn.123websitedev.com\/?s={search_term_string}"},"query-input":{"@type":"PropertyValueSpecification","valueRequired":true,"valueName":"search_term_string"}}],"inLanguage":"en-US"},{"@type":"Organization","@id":"https:\/\/vannangvn.123websitedev.com\/#organization","name":"Vannang.vn","url":"https:\/\/vannangvn.123websitedev.com\/","logo":{"@type":"ImageObject","inLanguage":"en-US","@id":"https:\/\/vannangvn.123websitedev.com\/#\/schema\/logo\/image\/","url":"https:\/\/vannangvn.123websitedev.com\/wp-content\/uploads\/2026\/02\/logo-van-nang-02.png","contentUrl":"https:\/\/vannangvn.123websitedev.com\/wp-content\/uploads\/2026\/02\/logo-van-nang-02.png","width":448,"height":111,"caption":"Vannang.vn"},"image":{"@id":"https:\/\/vannangvn.123websitedev.com\/#\/schema\/logo\/image\/"}}]}},"_links":{"self":[{"href":"https:\/\/vannangvn.123websitedev.com\/en\/wp-json\/wp\/v2\/product\/8271","targetHints":{"allow":["GET"]}}],"collection":[{"href":"https:\/\/vannangvn.123websitedev.com\/en\/wp-json\/wp\/v2\/product"}],"about":[{"href":"https:\/\/vannangvn.123websitedev.com\/en\/wp-json\/wp\/v2\/types\/product"}],"replies":[{"embeddable":true,"href":"https:\/\/vannangvn.123websitedev.com\/en\/wp-json\/wp\/v2\/comments?post=8271"}],"wp:featuredmedia":[{"embeddable":true,"href":"https:\/\/vannangvn.123websitedev.com\/en\/wp-json\/wp\/v2\/media\/8984"}],"wp:attachment":[{"href":"https:\/\/vannangvn.123websitedev.com\/en\/wp-json\/wp\/v2\/media?parent=8271"}],"wp:term":[{"taxonomy":"product_brand","embeddable":true,"href":"https:\/\/vannangvn.123websitedev.com\/en\/wp-json\/wp\/v2\/product_brand?post=8271"},{"taxonomy":"product_cat","embeddable":true,"href":"https:\/\/vannangvn.123websitedev.com\/en\/wp-json\/wp\/v2\/product_cat?post=8271"},{"taxonomy":"product_tag","embeddable":true,"href":"https:\/\/vannangvn.123websitedev.com\/en\/wp-json\/wp\/v2\/product_tag?post=8271"}],"curies":[{"name":"wp","href":"https:\/\/api.w.org\/{rel}","templated":true}]}}