{"id":8277,"date":"2026-03-20T19:20:37","date_gmt":"2026-03-20T12:20:37","guid":{"rendered":"https:\/\/vannangvn.123websitedev.com\/san-pham\/tu-thu-nghiem-kha-nang-chong-am-mang-son-biuged-model-bgd-875\/"},"modified":"2026-03-30T19:02:56","modified_gmt":"2026-03-30T12:02:56","slug":"tu-thu-nghiem-kha-nang-chong-am-mang-son-biuged-model-bgd-875","status":"publish","type":"product","link":"https:\/\/vannangvn.123websitedev.com\/en\/product\/tu-thu-nghiem-kha-nang-chong-am-mang-son-biuged-model-bgd-875\/","title":{"rendered":"T\u1ee6 TH\u1eec NGHI\u1ec6M KH\u1ea2 N\u0102NG CH\u1ed0NG \u1ea8M M\u00c0NG S\u01a0N BIUGED MODEL BGD 875"},"content":{"rendered":"<h1 style=\"color: red; font-weight: bold; font-size: 24px;\">T&#7893;ng quan s&#7843;n ph&#7849;m T&#7910; TH&#7916; NGHI&#7878;M KH&#7842; N&#258;NG CH&#7888;NG &#7848;M M&Agrave;NG S&#416;N BIUGED MODEL BGD 875<p>T&#7911; Th&#7917; Nghi&#7879;m Kh&#7843; N&#259;ng Ch&#7889;ng &#7848;m M&agrave;ng S&#417;n (Single-sided Exposure Condensation Chamber) Biuged Model BGD 875<br>\nT&#7911; Th&#7917; Nghi&#7879;m Kh&#7843; N&#259;ng Ch&#7889;ng &#7848;m M&agrave;ng S&#417;n BGD 875 c&#7911;a h&atilde;ng Biuged &#273;&#432;&#7907;c thi&#7871;t k&#7871; &#273;&#7875; &#273;&aacute;p &#7913;ng nhu c&#7847;u ki&#7875;m tra &#273;&#7897; b&#7873;n c&#7911;a l&#7899;p ph&#7911; khi ti&#7871;p x&uacute;c v&#7899;i m&ocirc;i tr&#432;&#7901;ng c&oacute; &#273;&#7897; &#7849;m cao. H&atilde;y c&ugrave;ng V&#7841;n N&#259;ng t&igrave;m hi&#7875;u chi ti&#7871;t h&#417;n v&#7873; s&#7843;n ph&#7849;m th&ocirc;ng qua b&agrave;i vi&#7871;t d&#432;&#7899;i &#273;&acirc;y nh&eacute;!<\/p><p>Xem th&ecirc;m: M&aacute;y Ki&#7875;m Tra V&#7871;t X&#432;&#7899;c Revetest (Revetest Scratch Tester) Anton Paar RST 300<\/p><p>N&eacute;t &#272;&#7863;c Tr&#432;ng C&#7911;a BGD 875<br>\nT&#7911; Ki&#7875;m Tra Ch&#7889;ng &#7848;m M&agrave;ng S&#417;n BGD 875 kh&ocirc;ng ch&#7881; &#273;&aacute;p &#7913;ng c&aacute;c ti&ecirc;u chu&#7849;n ki&#7875;m tra nghi&ecirc;m ng&#7863;t m&agrave; c&ograve;n mang &#273;&#7871;n nhi&#7873;u t&iacute;nh n&#259;ng v&#432;&#7907;t tr&#7897;i gi&uacute;p t&#7889;i &#432;u h&oacute;a qu&aacute; tr&igrave;nh th&#7917; nghi&#7879;m:<br>\nM&ocirc; ph&#7887;ng &#273;i&#7873;u ki&#7879;n m&ocirc;i tr&#432;&#7901;ng t&#7921; nhi&ecirc;n<\/p><p>S&#7917; d&#7909;ng &#273;&#7897; &#7849;m ng&#432;ng t&#7909; 100%, m&ocirc; ph&#7887;ng ch&iacute;nh x&aacute;c t&aacute;c &#273;&#7897;ng c&#7911;a h&#417;i n&#432;&#7899;c v&agrave; s&#432;&#417;ng &#273;&#7885;ng l&ecirc;n b&#7873; m&#7863;t v&#7853;t li&#7879;u.<br>\nGi&uacute;p t&#259;ng t&#7889;c qu&aacute; tr&igrave;nh &#259;n m&ograve;n so v&#7899;i th&#7917; nghi&#7879;m ph&#417;i nhi&#7877;m t&#7921; nhi&ecirc;n.<\/p><p>Ch&#7871; &#273;&#7897; th&#7917; nghi&#7879;m linh ho&#7841;t<br>\nNg&#432;&#7901;i d&ugrave;ng c&oacute; th&#7875; thi&#7871;t l&#7853;p ba &#273;i&#7873;u ki&#7879;n th&#7917; nghi&#7879;m kh&aacute;c nhau, bao g&#7891;m:<\/p><p>T&#7841;o &#7849;m (humidification)<br>\nL&agrave;m m&aacute;t t&#7921; nhi&ecirc;n (natural cooling)<br>\nS&#7845;y kh&ocirc; (drying)<\/p><p>Ng&#432;&#7901;i v&#7853;n h&agrave;nh c&oacute; th&#7875; &#273;i&#7873;u ch&#7881;nh c&aacute;c th&ocirc;ng s&#7889; nh&#432; nhi&#7879;t &#273;&#7897;, th&#7901;i gian ch&#7841;y v&agrave; chu k&#7923; th&#7917; nghi&#7879;m &#273;&#7875; ph&ugrave; h&#7907;p v&#7899;i nhu c&#7847;u th&#7921;c t&#7871;.<\/p><p>H&#7879; th&#7889;ng c&#7845;p n&#432;&#7899;c t&#7921; &#273;&#7897;ng<\/p><p>H&#7879; th&#7889;ng c&#7845;p n&#432;&#7899;c th&ocirc;ng minh gi&uacute;p &#273;&#7843;m b&#7843;o qu&aacute; tr&igrave;nh th&#7917; nghi&#7879;m di&#7877;n ra li&ecirc;n t&#7909;c m&agrave; kh&ocirc;ng c&#7847;n can thi&#7879;p th&#7911; c&ocirc;ng.<br>\nC&oacute; c&#417; ch&#7871; b&#7843;o v&#7879; khi nhi&#7879;t &#273;&#7897; n&#432;&#7899;c v&#432;&#7907;t qu&aacute; m&#7913;c cho ph&eacute;p, gi&uacute;p t&#259;ng &#273;&#7897; an to&agrave;n khi v&#7853;n h&agrave;nh.<\/p><p>D&#7877; s&#7917; d&#7909;ng, chi ph&iacute; h&#7907;p l&yacute;<\/p><p>Thi&#7871;t b&#7883; c&oacute; giao di&#7879;n &#273;i&#7873;u khi&#7875;n &#273;&#417;n gi&#7843;n, d&#7877; v&#7853;n h&agrave;nh ngay c&#7843; &#273;&#7889;i v&#7899;i ng&#432;&#7901;i m&#7899;i s&#7917; d&#7909;ng.<br>\nGi&aacute; th&agrave;nh c&#7841;nh tranh so v&#7899;i c&aacute;c d&ograve;ng s&#7843;n ph&#7849;m c&ugrave;ng lo&#7841;i tr&ecirc;n th&#7883; tr&#432;&#7901;ng.<\/p><p>Xem th&ecirc;m: M&aacute;y &#272;o M&#7853;t &#272;&#7897; Th&ocirc;ng Minh (Smart Density Meter) Anton Paar EasyDens<\/p><p>&#431;u &#272;i&#7875;m C&#7911;a BGD 875<br>\n&#272;&aacute;nh gi&aacute; ch&iacute;nh x&aacute;c kh&#7843; n&#259;ng ch&#7889;ng &#7849;m c&#7911;a l&#7899;p ph&#7911;<br>\nT&#7911; Th&#7917; Nghi&#7879;m Ch&#7889;ng &#7848;m M&agrave;ng S&#417;n BGD 875 n&agrave;y gi&uacute;p c&aacute;c nh&agrave; s&#7843;n xu&#7845;t ki&#7875;m tra hi&#7879;u qu&#7843; l&#7899;p ph&#7911; s&#417;n trong &#273;i&#7873;u ki&#7879;n &#273;&#7897; &#7849;m cao, t&#7915; &#273;&oacute; c&#7843;i thi&#7879;n c&ocirc;ng th&#7913;c s&#7843;n xu&#7845;t &#273;&#7875; t&#259;ng &#273;&#7897; b&#7873;n c&#7911;a s&#7843;n ph&#7849;m.<br>\nTi&#7871;t ki&#7879;m th&#7901;i gian ki&#7875;m tra<br>\nSo v&#7899;i th&#7917; nghi&#7879;m th&#7921;c t&#7871; ngo&agrave;i tr&#7901;i, vi&#7879;c s&#7917; d&#7909;ng BGD875 gi&uacute;p t&#259;ng t&#7889;c qu&aacute; tr&igrave;nh ki&#7875;m tra ch&#7881; trong v&agrave;i ng&agrave;y ho&#7863;c v&agrave;i tu&#7847;n, thay v&igrave; ph&#7843;i ch&#7901; h&agrave;ng th&aacute;ng ho&#7863;c h&agrave;ng n&#259;m.<\/p><p>Gi&#7843;m chi ph&iacute; nghi&ecirc;n c&#7913;u v&agrave; ph&aacute;t tri&#7875;n<br>\nVi&#7879;c th&#7917; nghi&#7879;m trong ph&ograve;ng th&iacute; nghi&#7879;m gi&uacute;p doanh nghi&#7879;p ti&#7871;t ki&#7879;m chi ph&iacute; nghi&ecirc;n c&#7913;u v&agrave; ki&#7875;m nghi&#7879;m ngo&agrave;i th&#7921;c &#273;&#7883;a.<br>\nH&#7895; tr&#7907; ki&#7875;m so&aacute;t ch&#7845;t l&#432;&#7907;ng s&#7843;n xu&#7845;t<br>\nBiuged BGD 875 l&agrave; c&ocirc;ng c&#7909; quan tr&#7885;ng &#273;&#7875; &#273;&#7843;m b&#7843;o ch&#7845;t l&#432;&#7907;ng s&#7843;n ph&#7849;m &#273;&#7891;ng nh&#7845;t, gi&uacute;p nh&agrave; s&#7843;n xu&#7845;t &#273;&aacute;p &#7913;ng c&aacute;c ti&ecirc;u chu&#7849;n kh&#7855;t khe c&#7911;a th&#7883; tr&#432;&#7901;ng.<\/p><p>Xem th&ecirc;m: M&aacute;y Quang Ph&#7893; Raman C&#7847;m Tay (Handheld Raman Spectrometer) Anton Paar Cora 100<\/p><p>&#7912;ng D&#7909;ng C&#7911;a T&#7911; Th&#7917; Nghi&#7879;m BGD 875<br>\nCondensation Chamber BGD 875 ph&ugrave; h&#7907;p &#273;&#7875; ki&#7875;m tra kh&#7843; n&#259;ng ch&#7889;ng ch&#7883;u &#273;&#7897; &#7849;m c&#7911;a l&#7899;p ph&#7911; tr&ecirc;n nhi&#7873;u lo&#7841;i b&#7873; m&#7863;t, bao g&#7891;m:<\/p><p>B&#7873; m&#7863;t x&#7889;p: G&#7895;, th&#7841;ch cao, v&aacute;ch th&#7841;ch cao, xi m&#259;ng, v.v.<br>\nB&#7873; m&#7863;t kh&ocirc;ng x&#7889;p: Kim lo&#7841;i, nh&#7921;a, k&iacute;nh, v.v.<\/p><p>Khi ho&#7841;t &#273;&#7897;ng, BGD 875 s&#7869; t&#7841;o ra &#273;i&#7873;u ki&#7879;n ng&#432;ng t&#7909; h&#417;i n&#432;&#7899;c tr&ecirc;n b&#7873; m&#7863;t m&#7851;u th&#7917;, m&ocirc; ph&#7887;ng m&ocirc;i tr&#432;&#7901;ng c&oacute; &#273;&#7897; &#7849;m cao. Qua &#273;&oacute;, ng&#432;&#7901;i s&#7917; d&#7909;ng c&oacute; th&#7875; quan s&aacute;t c&aacute;c hi&#7879;n t&#432;&#7907;ng h&#432; h&#7841;i nh&#432;:<\/p><p>Bong r&#7897;p (Blistering)<br>\n&#7888; m&agrave;u (Staining)<br>\nM&#7873;m h&oacute;a l&#7899;p s&#417;n (Softening)<br>\nNh&#259;n nheo (Wrinkling)<br>\nGi&ograve;n v&#7905; (Embrittlement)<br>\n&#258;n m&ograve;n n&#7873;n v&#7853;t li&#7879;u (Substrate deterioration)<\/p><p>T&#7911; Th&#7917; Nghi&#7879;m Ch&#7889;ng &#7848;m BGD 875 n&agrave;y gi&uacute;p c&aacute;c nh&agrave; s&#7843;n xu&#7845;t s&#417;n, nh&#7921;a, kim lo&#7841;i, v&agrave; v&#7853;t li&#7879;u ph&#7911; &#273;&aacute;nh gi&aacute; ch&iacute;nh x&aacute;c ch&#7845;t l&#432;&#7907;ng s&#7843;n ph&#7849;m tr&#432;&#7899;c khi &#273;&#432;a ra th&#7883; tr&#432;&#7901;ng.<\/p><p>Nh&#7919;ng L&yacute; Do N&ecirc;n Mua T&#7911; Th&#7917; Nghi&#7879;m Kh&#7843; N&#259;ng Ch&#7889;ng &#7848;m M&agrave;ng S&#417;n T&#7841;i V&#7841;n N&#259;ng<\/p><p>C&ocirc;ng ty Thi&#7871;t B&#7883; C&ocirc;ng Ngh&#7879; V&#7841;n N&#259;ng l&agrave; &#273;&#7889;i t&aacute;c ch&iacute;nh th&#7913;c ph&acirc;n ph&#7889;i T&#7911; Th&#7917; Nghi&#7879;m Kh&#7843; N&#259;ng Ch&#7889;ng &#7848;m M&agrave;ng S&#417;n h&agrave;ng &#273;&#7847;u t&#7841;i Vi&#7879;t Nam, cam k&#7871;t cung c&#7845;p s&#7843;n ph&#7849;m ch&iacute;nh h&atilde;ng v&#7899;i gi&aacute; c&#7843; c&#7841;nh tranh nh&#7845;t th&#7883; tr&#432;&#7901;ng. V&#7899;i uy t&iacute;n tr&ecirc;n th&#7883; tr&#432;&#7901;ng v&agrave; ch&#7871; &#273;&#7897; h&#7851;u m&atilde;i t&#7889;t, Thi&#7871;t B&#7883; C&ocirc;ng Ngh&#7879; V&#7841;n N&#259;ng &#273;&atilde; nh&#7853;n &#273;&#432;&#7907;c s&#7921; tin t&#432;&#7903;ng t&#7915; kh&aacute;ch h&agrave;ng nh&#7901; v&agrave;o ch&#7845;t l&#432;&#7907;ng h&agrave;ng &#273;&#7847;u c&#7911;a c&aacute;c d&ograve;ng s&#7843;n ph&#7849;m.<br>\nS&#7843;n ph&#7849;m c&#7911;a ch&uacute;ng t&ocirc;i &#273;&#432;&#7907;c ki&#7875;m &#273;&#7883;nh ch&#7845;t l&#432;&#7907;ng, nh&#7853;p kh&#7849;u tr&#7921;c ti&#7871;p t&#7915; nh&agrave; m&aacute;y b&ecirc;n Ch&acirc;u &Acirc;u, M&#7929;, &Uacute;c, Nh&#7853;t B&#7843;n,&hellip; v&agrave; &#273;&aacute;p &#7913;ng nhu c&#7847;u &#273;a d&#7841;ng c&#7911;a th&#7883; tr&#432;&#7901;ng nh&#432;: M&aacute;y &#272;o &#272;&#7897; C&#7913;ng, M&aacute;y SPECTROMAXx, M&aacute;y Ki&#7875;m Tra &#272;&#432;&#7901;ng Gh&eacute;p M&iacute; Lon,&hellip; Ch&uacute;ng t&ocirc;i cam k&#7871;t cung c&#7845;p s&#7843;n ph&#7849;m n&agrave;y tr&ecirc;n to&agrave;n qu&#7889;c v&#7899;i gi&aacute; c&#7843; c&#7841;nh tranh nh&#7845;t.<br>\nCh&uacute;ng t&ocirc;i c&oacute; &#273;&#7897;i ng&#361; chuy&ecirc;n vi&ecirc;n t&#432; v&#7845;n chuy&ecirc;n s&acirc;u s&#7869; h&#7895; tr&#7907; kh&aacute;ch h&agrave;ng v&#7873; chi ti&#7871;t s&#7843;n ph&#7849;m, h&#432;&#7899;ng d&#7851;n s&#7917; d&#7909;ng hay nh&#7919;ng th&#7913; li&ecirc;n quan &#273;&#7871;n v&#7845;n &#273;&#7873; m&agrave; doanh nghi&#7879;p b&#7841;n &#273;ang g&#7863;p ph&#7843;i. Ch&uacute;ng t&ocirc;i s&#7869; cung c&#7845;p nh&#7919;ng gi&#7843;i ph&aacute;p t&#7889;i &#432;u nh&#7845;t!<br>\nNgo&agrave;i ra Thi&#7871;t B&#7883; C&ocirc;ng Ngh&#7879; V&#7841;n N&#259;ng Ch&uacute;ng T&ocirc;i lu&ocirc;n h&#432;&#7899;ng &#273;&#7871;n tr&#7843;i nghi&#7879;m kh&aacute;ch h&agrave;ng, v&igrave; v&#7853;y ch&uacute;ng t&ocirc;i c&oacute; nh&#7919;ng ch&iacute;nh s&aacute;ch b&#7843;o h&agrave;nh, b&#7843;o tr&igrave; &ndash; b&#7843;o d&#432;&#7905;ng, hi&#7879;u chu&#7849;n v&#7899;i t&#7845;t c&#7843; c&aacute;c thi&#7871;t b&#7883;, m&aacute;y m&oacute;c m&agrave; ch&uacute;ng t&ocirc;i cung c&#7845;p. &#272;&#7843;m b&#7843;o mang &#273;&#7871;n cho Kh&aacute;ch h&agrave;ng s&#7921; y&ecirc;n t&acirc;m tuy&#7879;t &#273;&#7889;i v&#7873; d&#7883;ch v&#7909; khi mua h&agrave;ng.<\/p><p>Xem th&ecirc;m: Gi&#7845;y &#272;o Nhi&#7879;t &#272;&#7897; ThermaL 10A<\/p><p>T&#7893;ng K&#7871;t<br>\nBGD 875 l&agrave; m&#7897;t thi&#7871;t b&#7883; quan tr&#7885;ng trong ng&agrave;nh c&ocirc;ng nghi&#7879;p s&#417;n ph&#7911;, gi&uacute;p &#273;&aacute;nh gi&aacute; kh&#7843; n&#259;ng ch&#7883;u &#7849;m c&#7911;a l&#7899;p s&#417;n trong &#273;i&#7873;u ki&#7879;n ng&#432;ng t&#7909; h&#417;i n&#432;&#7899;c. H&atilde;y li&ecirc;n h&#7879; v&#7899;i V&#7841;n N&#259;ng ngay &#273;&#7875; &#273;&#432;&#7907;c t&#432; v&#7845;n chuy&ecirc;n s&acirc;u v&agrave; nh&#7853;n nh&#7919;ng &#432;u &#273;&atilde;i h&#7845;p d&#7851;n nh&#7845;t th&ocirc;ng qua hotline0903 991 335!<\/p><div style=\"background-color: #f8fafc; border: 1px solid #e2e8f0; border-radius: 8px; padding: 25px; max-width: 800px; margin: 30px auto; color: #334155; line-height: 1.8; font-size: 17px; box-shadow: 0 4px 6px -1px rgba(0,0,0,0.05); text-align: left; clear: both;\">\nC&ocirc;ng ty TNHH Th&#432;&#417;ng M&#7841;i D&#7883;ch V&#7909; Thi&#7871;t B&#7883; C&ocirc;ng Ngh&#7879; V&#7841;n N&#259;ng\n<p style=\"margin: 0 0 10px 0;\">&#128205; <strong style=\"color: #1e293b;\">&#272;&#7883;a ch&#7881;:<\/strong> <a style=\"color: #059669; text-decoration: none; font-weight: bold;\" href=\"https:\/\/www.google.com\/maps\/search\/C%C3%B4ng+ty+TNHH+Th%C6%B0%C6%A1ng+M%E1%BA%A1i+D%E1%BB%8Bch+V%E1%BB%A5+Thi%E1%BA%BFt+B%E1%BB%8B+C%C3%B4ng+Ngh%E1%BB%87+V%E1%BA%A1n+N%C4%83ng+818+Tr%C6%B0%E1%BB%9Dng+Chinh\" target=\"_blank\" rel=\"noopener\">818 Tr&#432;&#7901;ng Chinh, Ph&#432;&#7901;ng T&acirc;n S&#417;n, Th&agrave;nh ph&#7889; H&#7891; Ch&iacute; Minh, Vi&#7879;t Nam<\/a><\/p>\n<p style=\"margin: 0 0 10px 0;\">&#128222; <strong style=\"color: #1e293b;\">S&#272;T &ndash; Zalo:<\/strong> <a style=\"color: #059669; text-decoration: none; font-weight: bold;\" href=\"https:\/\/zalo.me\/0903991335\" target=\"_blank\" rel=\"noopener\">0903 991 335<\/a> <span style=\"color: #64748b; font-style: italic;\">(Ms. H&#7841;nh &ndash; Gi&aacute;m &#272;&#7889;c Kinh Doanh)<\/span><\/p>\n<p style=\"margin: 0;\">&#9993;&#65039; <strong style=\"color: #1e293b;\">Email:<\/strong> <a style=\"color: #059669; text-decoration: none; font-weight: bold;\" href=\"mailto:hienhanh@vannangvn.com\">hienhanh@vannangvn.com<\/a><\/p>\n<\/div><\/h1>","protected":false},"excerpt":{"rendered":"<p><strong>Th&#432;&#417;ng hi&#7879;u:<\/strong> Biuged Laboratory Instruments<br>\n<strong>Model:<\/strong> BGD 875<p>Product <strong>T&#7910; TH&#7916; NGHI&#7878;M KH&#7842; N&#258;NG CH&#7888;NG &#7848;M M&Agrave;NG S&#416;N BIUGED MODEL BGD 875<\/strong> ch&iacute;nh h&atilde;ng. Biuged Laboratory Instruments (China)<br>\nBGD 875 l&agrave; thi&#7871;t b&#7883; chuy&ecirc;n d&#7909;ng cho ph&#432;&#417;ng ph&aacute;p th&#7917; nghi&#7879;m ng&#432;ng t&#7909; m&#7897;t m&#7863;t, &#273;&#432;&#7907;c s&#7917; d&#7909;ng &#273;&#7875; ki&#7875;m tra kh&#7843; n&#259;ng ch&#7889;ng &#7849;m c&#7911;a l&#7899;p s&#417;n, h&#7879; s&#417;n v&agrave; c&aacute;c s&#7843;n ph&#7849;m li&ecirc;n quan.<\/p><\/p>","protected":false},"featured_media":9209,"comment_status":"open","ping_status":"closed","template":"","meta":[],"product_brand":[],"product_cat":[18],"product_tag":[527,775,2270,116,120,162,216,217,218,219,223,248,498],"class_list":{"0":"post-8277","1":"product","2":"type-product","3":"status-publish","4":"has-post-thumbnail","6":"product_cat-chua-phan-loai","7":"product_tag-nghiem","8":"product_tag-chong","9":"product_tag-2270","10":"product_tag-model","11":"product_tag-thu","12":"product_tag-tu","13":"product_tag-mang","14":"product_tag-son","15":"product_tag-biuged","16":"product_tag-bgd","17":"product_tag-nang","18":"product_tag-kha","19":"product_tag-am","21":"first","22":"instock","23":"shipping-taxable","24":"product-type-simple"},"yoast_head":"<!-- This site is optimized with the Yoast SEO Premium plugin v24.8 (Yoast SEO v24.8) - https:\/\/yoast.com\/wordpress\/plugins\/seo\/ -->\n<title>T\u1ee6 TH\u1eec NGHI\u1ec6M KH\u1ea2 N\u0102NG CH\u1ed0NG \u1ea8M M\u00c0N... ch\u00ednh h\u00e3ng | V\u1ea1n N\u0103ng<\/title>\n<meta name=\"description\" content=\"Mua ngay T\u1ee6 TH\u1eec NGHI\u1ec6M KH\u1ea2 N\u0102NG CH\u1ed0NG \u1ea8M M\u00c0NG S\u01a0N BIUGED MODEL BGD 875 ch\u00ednh h\u00e3ng. BGD 875 l\u00e0 thi\u1ebft b\u1ecb chuy\u00ean d\u1ee5ng cho ph\u01b0\u01a1ng ph\u00e1p... Gi\u00e1 t\u1ed1t!\" \/>\n<meta name=\"robots\" content=\"noindex, follow, max-snippet:-1, max-image-preview:large, max-video-preview:-1\" \/>\n<meta property=\"og:locale\" content=\"en_US\" \/>\n<meta property=\"og:type\" content=\"article\" \/>\n<meta property=\"og:title\" content=\"T\u1ee6 TH\u1eec NGHI\u1ec6M KH\u1ea2 N\u0102NG CH\u1ed0NG \u1ea8M M\u00c0NG S\u01a0N BIUGED MODEL BGD 875\" \/>\n<meta property=\"og:description\" content=\"Mua ngay T\u1ee6 TH\u1eec NGHI\u1ec6M KH\u1ea2 N\u0102NG CH\u1ed0NG \u1ea8M M\u00c0NG S\u01a0N BIUGED MODEL BGD 875 ch\u00ednh h\u00e3ng. BGD 875 l\u00e0 thi\u1ebft b\u1ecb chuy\u00ean d\u1ee5ng cho ph\u01b0\u01a1ng ph\u00e1p... Gi\u00e1 t\u1ed1t!\" \/>\n<meta property=\"og:url\" content=\"https:\/\/vannangvn.123websitedev.com\/en\/product\/tu-thu-nghiem-kha-nang-chong-am-mang-son-biuged-model-bgd-875\/\" \/>\n<meta property=\"og:site_name\" content=\"Vannang.vn\" \/>\n<meta property=\"article:modified_time\" content=\"2026-03-30T12:02:56+00:00\" \/>\n<meta property=\"og:image\" content=\"http:\/\/vannangvn.123websitedev.com\/wp-content\/uploads\/2026\/03\/BIUGED-MODEL-875-NO.-1-copy.jpg\" \/>\n\t<meta property=\"og:image:width\" content=\"768\" \/>\n\t<meta property=\"og:image:height\" content=\"576\" \/>\n\t<meta property=\"og:image:type\" content=\"image\/jpeg\" \/>\n<meta name=\"twitter:card\" content=\"summary_large_image\" \/>\n<meta name=\"twitter:label1\" content=\"Est. reading time\" \/>\n\t<meta name=\"twitter:data1\" content=\"8 minutes\" \/>\n<script type=\"application\/ld+json\" class=\"yoast-schema-graph\">{\"@context\":\"https:\/\/schema.org\",\"@graph\":[{\"@type\":\"WebPage\",\"@id\":\"https:\/\/vannangvn.123websitedev.com\/san-pham\/tu-thu-nghiem-kha-nang-chong-am-mang-son-biuged-model-bgd-875\/\",\"url\":\"https:\/\/vannangvn.123websitedev.com\/san-pham\/tu-thu-nghiem-kha-nang-chong-am-mang-son-biuged-model-bgd-875\/\",\"name\":\"T\u1ee6 TH\u1eec NGHI\u1ec6M KH\u1ea2 N\u0102NG CH\u1ed0NG \u1ea8M M\u00c0N... ch\u00ednh h\u00e3ng | V\u1ea1n N\u0103ng\",\"isPartOf\":{\"@id\":\"https:\/\/vannangvn.123websitedev.com\/#website\"},\"primaryImageOfPage\":{\"@id\":\"https:\/\/vannangvn.123websitedev.com\/san-pham\/tu-thu-nghiem-kha-nang-chong-am-mang-son-biuged-model-bgd-875\/#primaryimage\"},\"image\":{\"@id\":\"https:\/\/vannangvn.123websitedev.com\/san-pham\/tu-thu-nghiem-kha-nang-chong-am-mang-son-biuged-model-bgd-875\/#primaryimage\"},\"thumbnailUrl\":\"https:\/\/vannangvn.123websitedev.com\/wp-content\/uploads\/2026\/03\/BIUGED-MODEL-875-NO.-1-copy.jpg\",\"datePublished\":\"2026-03-20T12:20:37+00:00\",\"dateModified\":\"2026-03-30T12:02:56+00:00\",\"description\":\"Mua ngay T\u1ee6 TH\u1eec NGHI\u1ec6M KH\u1ea2 N\u0102NG CH\u1ed0NG \u1ea8M M\u00c0NG S\u01a0N BIUGED MODEL BGD 875 ch\u00ednh h\u00e3ng. BGD 875 l\u00e0 thi\u1ebft b\u1ecb chuy\u00ean d\u1ee5ng cho ph\u01b0\u01a1ng ph\u00e1p... Gi\u00e1 t\u1ed1t!\",\"breadcrumb\":{\"@id\":\"https:\/\/vannangvn.123websitedev.com\/san-pham\/tu-thu-nghiem-kha-nang-chong-am-mang-son-biuged-model-bgd-875\/#breadcrumb\"},\"inLanguage\":\"en-US\",\"potentialAction\":[{\"@type\":\"ReadAction\",\"target\":[\"https:\/\/vannangvn.123websitedev.com\/san-pham\/tu-thu-nghiem-kha-nang-chong-am-mang-son-biuged-model-bgd-875\/\"]}]},{\"@type\":\"ImageObject\",\"inLanguage\":\"en-US\",\"@id\":\"https:\/\/vannangvn.123websitedev.com\/san-pham\/tu-thu-nghiem-kha-nang-chong-am-mang-son-biuged-model-bgd-875\/#primaryimage\",\"url\":\"https:\/\/vannangvn.123websitedev.com\/wp-content\/uploads\/2026\/03\/BIUGED-MODEL-875-NO.-1-copy.jpg\",\"contentUrl\":\"https:\/\/vannangvn.123websitedev.com\/wp-content\/uploads\/2026\/03\/BIUGED-MODEL-875-NO.-1-copy.jpg\",\"width\":768,\"height\":576},{\"@type\":\"BreadcrumbList\",\"@id\":\"https:\/\/vannangvn.123websitedev.com\/san-pham\/tu-thu-nghiem-kha-nang-chong-am-mang-son-biuged-model-bgd-875\/#breadcrumb\",\"itemListElement\":[{\"@type\":\"ListItem\",\"position\":1,\"name\":\"Trang ch\u1ee7\",\"item\":\"https:\/\/vannangvn.123websitedev.com\/\"},{\"@type\":\"ListItem\",\"position\":2,\"name\":\"S\u1ea3n ph\u1ea9m\",\"item\":\"https:\/\/vannangvn.123websitedev.com\/cua-hang\/\"},{\"@type\":\"ListItem\",\"position\":3,\"name\":\"T\u1ee6 TH\u1eec NGHI\u1ec6M KH\u1ea2 N\u0102NG CH\u1ed0NG \u1ea8M M\u00c0NG S\u01a0N BIUGED MODEL BGD 875\"}]},{\"@type\":\"WebSite\",\"@id\":\"https:\/\/vannangvn.123websitedev.com\/#website\",\"url\":\"https:\/\/vannangvn.123websitedev.com\/\",\"name\":\"Vannang.vn\",\"description\":\"\",\"publisher\":{\"@id\":\"https:\/\/vannangvn.123websitedev.com\/#organization\"},\"potentialAction\":[{\"@type\":\"SearchAction\",\"target\":{\"@type\":\"EntryPoint\",\"urlTemplate\":\"https:\/\/vannangvn.123websitedev.com\/?s={search_term_string}\"},\"query-input\":{\"@type\":\"PropertyValueSpecification\",\"valueRequired\":true,\"valueName\":\"search_term_string\"}}],\"inLanguage\":\"en-US\"},{\"@type\":\"Organization\",\"@id\":\"https:\/\/vannangvn.123websitedev.com\/#organization\",\"name\":\"Vannang.vn\",\"url\":\"https:\/\/vannangvn.123websitedev.com\/\",\"logo\":{\"@type\":\"ImageObject\",\"inLanguage\":\"en-US\",\"@id\":\"https:\/\/vannangvn.123websitedev.com\/#\/schema\/logo\/image\/\",\"url\":\"https:\/\/vannangvn.123websitedev.com\/wp-content\/uploads\/2026\/02\/logo-van-nang-02.png\",\"contentUrl\":\"https:\/\/vannangvn.123websitedev.com\/wp-content\/uploads\/2026\/02\/logo-van-nang-02.png\",\"width\":448,\"height\":111,\"caption\":\"Vannang.vn\"},\"image\":{\"@id\":\"https:\/\/vannangvn.123websitedev.com\/#\/schema\/logo\/image\/\"}}]}<\/script>\n<!-- \/ Yoast SEO Premium plugin. -->","yoast_head_json":{"title":"T\u1ee6 TH\u1eec NGHI\u1ec6M KH\u1ea2 N\u0102NG CH\u1ed0NG \u1ea8M M\u00c0N... ch\u00ednh h\u00e3ng | V\u1ea1n N\u0103ng","description":"Mua ngay T\u1ee6 TH\u1eec NGHI\u1ec6M KH\u1ea2 N\u0102NG CH\u1ed0NG \u1ea8M M\u00c0NG S\u01a0N BIUGED MODEL BGD 875 ch\u00ednh h\u00e3ng. BGD 875 l\u00e0 thi\u1ebft b\u1ecb chuy\u00ean d\u1ee5ng cho ph\u01b0\u01a1ng ph\u00e1p... Gi\u00e1 t\u1ed1t!","robots":{"index":"noindex","follow":"follow","max-snippet":"max-snippet:-1","max-image-preview":"max-image-preview:large","max-video-preview":"max-video-preview:-1"},"og_locale":"en_US","og_type":"article","og_title":"T\u1ee6 TH\u1eec NGHI\u1ec6M KH\u1ea2 N\u0102NG CH\u1ed0NG \u1ea8M M\u00c0NG S\u01a0N BIUGED MODEL BGD 875","og_description":"Mua ngay T\u1ee6 TH\u1eec NGHI\u1ec6M KH\u1ea2 N\u0102NG CH\u1ed0NG \u1ea8M M\u00c0NG S\u01a0N BIUGED MODEL BGD 875 ch\u00ednh h\u00e3ng. BGD 875 l\u00e0 thi\u1ebft b\u1ecb chuy\u00ean d\u1ee5ng cho ph\u01b0\u01a1ng ph\u00e1p... Gi\u00e1 t\u1ed1t!","og_url":"https:\/\/vannangvn.123websitedev.com\/en\/product\/tu-thu-nghiem-kha-nang-chong-am-mang-son-biuged-model-bgd-875\/","og_site_name":"Vannang.vn","article_modified_time":"2026-03-30T12:02:56+00:00","og_image":[{"width":768,"height":576,"url":"http:\/\/vannangvn.123websitedev.com\/wp-content\/uploads\/2026\/03\/BIUGED-MODEL-875-NO.-1-copy.jpg","type":"image\/jpeg"}],"twitter_card":"summary_large_image","twitter_misc":{"Est. reading time":"8 minutes"},"schema":{"@context":"https:\/\/schema.org","@graph":[{"@type":"WebPage","@id":"https:\/\/vannangvn.123websitedev.com\/san-pham\/tu-thu-nghiem-kha-nang-chong-am-mang-son-biuged-model-bgd-875\/","url":"https:\/\/vannangvn.123websitedev.com\/san-pham\/tu-thu-nghiem-kha-nang-chong-am-mang-son-biuged-model-bgd-875\/","name":"T\u1ee6 TH\u1eec NGHI\u1ec6M KH\u1ea2 N\u0102NG CH\u1ed0NG \u1ea8M M\u00c0N... ch\u00ednh h\u00e3ng | V\u1ea1n N\u0103ng","isPartOf":{"@id":"https:\/\/vannangvn.123websitedev.com\/#website"},"primaryImageOfPage":{"@id":"https:\/\/vannangvn.123websitedev.com\/san-pham\/tu-thu-nghiem-kha-nang-chong-am-mang-son-biuged-model-bgd-875\/#primaryimage"},"image":{"@id":"https:\/\/vannangvn.123websitedev.com\/san-pham\/tu-thu-nghiem-kha-nang-chong-am-mang-son-biuged-model-bgd-875\/#primaryimage"},"thumbnailUrl":"https:\/\/vannangvn.123websitedev.com\/wp-content\/uploads\/2026\/03\/BIUGED-MODEL-875-NO.-1-copy.jpg","datePublished":"2026-03-20T12:20:37+00:00","dateModified":"2026-03-30T12:02:56+00:00","description":"Mua ngay T\u1ee6 TH\u1eec NGHI\u1ec6M KH\u1ea2 N\u0102NG CH\u1ed0NG \u1ea8M M\u00c0NG S\u01a0N BIUGED MODEL BGD 875 ch\u00ednh h\u00e3ng. BGD 875 l\u00e0 thi\u1ebft b\u1ecb chuy\u00ean d\u1ee5ng cho ph\u01b0\u01a1ng ph\u00e1p... Gi\u00e1 t\u1ed1t!","breadcrumb":{"@id":"https:\/\/vannangvn.123websitedev.com\/san-pham\/tu-thu-nghiem-kha-nang-chong-am-mang-son-biuged-model-bgd-875\/#breadcrumb"},"inLanguage":"en-US","potentialAction":[{"@type":"ReadAction","target":["https:\/\/vannangvn.123websitedev.com\/san-pham\/tu-thu-nghiem-kha-nang-chong-am-mang-son-biuged-model-bgd-875\/"]}]},{"@type":"ImageObject","inLanguage":"en-US","@id":"https:\/\/vannangvn.123websitedev.com\/san-pham\/tu-thu-nghiem-kha-nang-chong-am-mang-son-biuged-model-bgd-875\/#primaryimage","url":"https:\/\/vannangvn.123websitedev.com\/wp-content\/uploads\/2026\/03\/BIUGED-MODEL-875-NO.-1-copy.jpg","contentUrl":"https:\/\/vannangvn.123websitedev.com\/wp-content\/uploads\/2026\/03\/BIUGED-MODEL-875-NO.-1-copy.jpg","width":768,"height":576},{"@type":"BreadcrumbList","@id":"https:\/\/vannangvn.123websitedev.com\/san-pham\/tu-thu-nghiem-kha-nang-chong-am-mang-son-biuged-model-bgd-875\/#breadcrumb","itemListElement":[{"@type":"ListItem","position":1,"name":"Trang ch\u1ee7","item":"https:\/\/vannangvn.123websitedev.com\/"},{"@type":"ListItem","position":2,"name":"S\u1ea3n ph\u1ea9m","item":"https:\/\/vannangvn.123websitedev.com\/cua-hang\/"},{"@type":"ListItem","position":3,"name":"T\u1ee6 TH\u1eec NGHI\u1ec6M KH\u1ea2 N\u0102NG CH\u1ed0NG \u1ea8M M\u00c0NG S\u01a0N BIUGED MODEL BGD 875"}]},{"@type":"WebSite","@id":"https:\/\/vannangvn.123websitedev.com\/#website","url":"https:\/\/vannangvn.123websitedev.com\/","name":"Vannang.vn","description":"","publisher":{"@id":"https:\/\/vannangvn.123websitedev.com\/#organization"},"potentialAction":[{"@type":"SearchAction","target":{"@type":"EntryPoint","urlTemplate":"https:\/\/vannangvn.123websitedev.com\/?s={search_term_string}"},"query-input":{"@type":"PropertyValueSpecification","valueRequired":true,"valueName":"search_term_string"}}],"inLanguage":"en-US"},{"@type":"Organization","@id":"https:\/\/vannangvn.123websitedev.com\/#organization","name":"Vannang.vn","url":"https:\/\/vannangvn.123websitedev.com\/","logo":{"@type":"ImageObject","inLanguage":"en-US","@id":"https:\/\/vannangvn.123websitedev.com\/#\/schema\/logo\/image\/","url":"https:\/\/vannangvn.123websitedev.com\/wp-content\/uploads\/2026\/02\/logo-van-nang-02.png","contentUrl":"https:\/\/vannangvn.123websitedev.com\/wp-content\/uploads\/2026\/02\/logo-van-nang-02.png","width":448,"height":111,"caption":"Vannang.vn"},"image":{"@id":"https:\/\/vannangvn.123websitedev.com\/#\/schema\/logo\/image\/"}}]}},"_links":{"self":[{"href":"https:\/\/vannangvn.123websitedev.com\/en\/wp-json\/wp\/v2\/product\/8277","targetHints":{"allow":["GET"]}}],"collection":[{"href":"https:\/\/vannangvn.123websitedev.com\/en\/wp-json\/wp\/v2\/product"}],"about":[{"href":"https:\/\/vannangvn.123websitedev.com\/en\/wp-json\/wp\/v2\/types\/product"}],"replies":[{"embeddable":true,"href":"https:\/\/vannangvn.123websitedev.com\/en\/wp-json\/wp\/v2\/comments?post=8277"}],"wp:featuredmedia":[{"embeddable":true,"href":"https:\/\/vannangvn.123websitedev.com\/en\/wp-json\/wp\/v2\/media\/9209"}],"wp:attachment":[{"href":"https:\/\/vannangvn.123websitedev.com\/en\/wp-json\/wp\/v2\/media?parent=8277"}],"wp:term":[{"taxonomy":"product_brand","embeddable":true,"href":"https:\/\/vannangvn.123websitedev.com\/en\/wp-json\/wp\/v2\/product_brand?post=8277"},{"taxonomy":"product_cat","embeddable":true,"href":"https:\/\/vannangvn.123websitedev.com\/en\/wp-json\/wp\/v2\/product_cat?post=8277"},{"taxonomy":"product_tag","embeddable":true,"href":"https:\/\/vannangvn.123websitedev.com\/en\/wp-json\/wp\/v2\/product_tag?post=8277"}],"curies":[{"name":"wp","href":"https:\/\/api.w.org\/{rel}","templated":true}]}}