{"id":8278,"date":"2026-03-20T19:20:38","date_gmt":"2026-03-20T12:20:38","guid":{"rendered":"https:\/\/vannangvn.123websitedev.com\/san-pham\/tu-thu-nghiem-khi-hau-vlm-gmbh-model-climacorr-cc-1000-tl-fr\/"},"modified":"2026-03-30T19:02:58","modified_gmt":"2026-03-30T12:02:58","slug":"tu-thu-nghiem-khi-hau-vlm-gmbh-model-climacorr-cc-1000-tl-fr","status":"publish","type":"product","link":"https:\/\/vannangvn.123websitedev.com\/en\/product\/tu-thu-nghiem-khi-hau-vlm-gmbh-model-climacorr-cc-1000-tl-fr\/","title":{"rendered":"T\u1ee6 TH\u1eec NGHI\u1ec6M KH\u00cd H\u1eacU VLM GMBH MODEL CLIMACORR CC 1000-TL FR"},"content":{"rendered":"<h1 style=\"color: red; font-weight: bold; font-size: 24px;\">T&#7893;ng quan s&#7843;n ph&#7849;m T&#7910; TH&#7916; NGHI&#7878;M KH&Iacute; H&#7852;U VLM GMBH MODEL CLIMACORR CC 1000-TL FR<p>T&#7911; Th&#7917; Nghi&#7879;m Kh&iacute; H&#7853;u (Cyclic Climate Test) VLM GmbH Model ClimaCORR&reg; CC 1000-TL FR<\/p><p>ClimaCORR CC 1000-TL FR<br>\nApplicable Corporate Cyclic Climate Tests<\/p><p>VDA 233-102 &ldquo;New&rdquo;<br>\nDIN EN ISO 11997-1:2006 Chu k&#7923; B (tr&#432;&#7899;c &#273;&acirc;y l&agrave; VDA 621-415)<br>\nVW PV 1210 (y&ecirc;u c&#7847;u m&ocirc;-&#273;un kh&iacute; h&#7853;u b&ecirc;n ngo&agrave;i)<br>\nNissan CCT1<br>\nRenault ECC1 (y&ecirc;u c&#7847;u m&ocirc;-&#273;un kh&iacute; h&#7853;u b&ecirc;n ngo&agrave;i)<\/p><p>M&ocirc; t&#7843; s&#7843;n ph&#7849;m<\/p><p>Bu&#7891;ng th&#7917; nghi&#7879;m chu k&#7923; nh&#7887; g&#7885;n &#273;&#432;&#7907;c ph&aacute;t tri&#7875;n &#273;&#7875; t&#7921; &#273;&#7897;ng th&#7921;c hi&#7879;n c&aacute;c th&#7917; nghi&#7879;m &#259;n m&ograve;n chu k&#7923; ti&ecirc;n ti&#7871;n theo y&ecirc;u c&#7847;u c&#7911;a c&aacute;c ti&ecirc;u chu&#7849;n doanh nghi&#7879;p qu&#7889;c t&#7871; quan tr&#7885;ng nh&#7845;t c&#7911;a ng&agrave;nh c&ocirc;ng nghi&#7879;p &ocirc; t&ocirc;, v&iacute; d&#7909;: VDA 233-102 &ldquo;M&#7898;I&rdquo;, DIN EN ISO 11997-1:2006 Chu k&#7923; B, VW PV 1210, Nissan CCT1 c&#361;ng nh&#432; ti&ecirc;u chu&#7849;n Salt Spray test acc. v&#7899;i ISO 9227 v&agrave; High Humidity 6270-2. To&agrave;n b&#7897; c&aacute;c th&#7917; nghi&#7879;m kh&#7843; thi &#273;&#432;&#7907;c tr&igrave;nh b&agrave;y tr&ecirc;n trang 2.<\/p><p>L&#7907;i &iacute;ch c&#7911;a kh&aacute;ch h&agrave;ng<\/p><p>Ph&#7841;m vi nhi&#7879;t &#273;&#7897; ho&#7841;t &#273;&#7897;ng t&#7915; -40&deg;C &#273;&#7871;n +80&deg;C l&agrave; m&#7897;t th&ocirc;ng s&#7889; k&#7929; thu&#7853;t &#273;&#7897;c &#273;&aacute;o gi&#7919;a c&aacute;c bu&#7891;ng th&#7917; nghi&#7879;m &#259;n m&ograve;n hi&#7879;n c&oacute; tr&ecirc;n th&#7883; tr&#432;&#7901;ng.<br>\nThi&#7871;t k&#7871; ti&ecirc;n ti&#7871;n c&#7911;a bu&#7891;ng (v&#7899;i l&#7899;p ph&#7911; ECTFE) cho ph&eacute;p th&#7901;i gian chuy&#7875;n &#273;&#7893;i nhi&#7879;t &#273;&#7897; v&agrave; &#273;&#7897; &#7849;m ng&#7855;n, l&agrave;m cho bu&#7891;ng th&#7917; nghi&#7879;m n&agrave;y ho&agrave;n to&agrave;n ph&ugrave; h&#7907;p v&#7899;i c&aacute;c th&#7917; nghi&#7879;m &#259;n m&ograve;n t&#259;ng t&#7889;c &ndash; &#273;i&#7873;u n&agrave;y gi&uacute;p ti&#7871;t ki&#7879;m th&#7901;i gian v&agrave; n&#259;ng l&#432;&#7907;ng trong su&#7889;t v&ograve;ng &#273;&#7901;i ho&#7841;t &#273;&#7897;ng.<br>\nC&ocirc;ng ngh&#7879; VLM &#273;&#432;&#7907;c c&#7845;p b&#7857;ng s&aacute;ng ch&#7871; mang l&#7841;i kh&#7843; n&#259;ng t&aacute;i t&#7841;o t&#7889;t nh&#7845;t c&oacute; th&#7875; c&#7911;a c&aacute;c &#273;i&#7873;u ki&#7879;n kh&iacute; h&#7853;u &#273;&#432;&#7907;c t&#7841;o ra trong bu&#7891;ng th&#7917; nghi&#7879;m b&#7845;t k&#7875; m&ocirc;i tr&#432;&#7901;ng v&agrave; v&#7883; tr&iacute; &#273;&#7883;a l&yacute; &ndash; c&ugrave;ng m&#7897;t lo&#7841;i bu&#7891;ng th&#7917; nghi&#7879;m &#259;n m&ograve;n VLM s&#7869; t&#7841;o ra k&#7871;t qu&#7843; th&#7917; nghi&#7879;m gi&#7889;ng h&#7879;t nhau &#7903; &#272;&#7913;c, Trung Qu&#7889;c hay Ai C&#7853;p. T&#7893;ng c&#7897;ng c&oacute; 9 c&#7843;m bi&#7871;n kh&aacute;c nhau &#273;ang theo d&otilde;i t&#7845;t c&#7843; c&aacute;c th&ocirc;ng s&#7889; th&#7917; nghi&#7879;m c&oacute; li&ecirc;n quan nh&#432; nhi&#7879;t &#273;&#7897;, &#273;&#7897; &#7849;m, lu&#7891;ng kh&ocirc;ng kh&iacute; trong giai &#273;o&#7841;n s&#7845;y kh&ocirc; v&agrave; &#273;&#7897; tinh khi&#7871;t c&#7911;a n&#432;&#7899;c kh&#7917; kho&aacute;ng.<br>\nBu&#7891;ng th&#7917; nghi&#7879;m &#273;&#432;&#7907;c l&agrave;m b&#7857;ng th&eacute;p m&#7841;nh m&#7869; h&#417;n v&agrave; &iacute;t b&#7883; h&#432; h&#7887;ng h&#417;n so v&#7899;i c&aacute;c s&#7843;n ph&#7849;m c&#7841;nh tranh l&agrave;m b&#7857;ng nh&#7921;a gia c&#7889; b&#7857;ng s&#7907;i th&#7911;y tinh.<br>\nChi ph&iacute; s&#7903; h&#7919;u th&#7845;p h&#417;n so v&#7899;i c&aacute;c s&#7843;n ph&#7849;m c&#7841;nh tranh nh&#7901; bu&#7891;ng th&#7917; nghi&#7879;m l&agrave;m b&#7857;ng nh&#7921;a gia c&#7889; b&#7857;ng s&#7907;i th&#7911;y tinh (th&#7901;i gian th&#7917; nghi&#7879;m ng&#7855;n h&#417;n, hi&#7879;u su&#7845;t n&#259;ng l&#432;&#7907;ng t&#7889;t h&#417;n, d&#7877; b&#7843;o d&#432;&#7905;ng v&agrave; s&#7917;a ch&#7919;a, tu&#7893;i th&#7885; d&agrave;i h&#417;n, ch&#7889;ng l&#7841;i h&#432; h&#7887;ng c&#417; h&#7885;c t&#7889;t h&#417;n).<br>\nTh&acirc;n thi&#7879;n v&#7899;i ng&#432;&#7901;i d&ugrave;ng, h&#7879; th&#7889;ng &#273;i&#7873;u khi&#7875;n tr&#7921;c quan v&agrave; &#273;&#432;&#7907;c h&#432;&#7899;ng d&#7851;n b&#7857;ng menu tr&ecirc;n m&agrave;n h&igrave;nh c&#7843;m &#7913;ng, n&#417;i c&aacute;c ti&ecirc;u chu&#7849;n &#259;n m&ograve;n ph&#7893; bi&#7871;n nh&#7845;t &#273;&atilde; &#273;&#432;&#7907;c c&#7845;u h&igrave;nh s&#7861;n.<\/p><p>H&atilde;y li&ecirc;n h&#7879; v&#7899;i V&#7841;n N&#259;ng Company ngay &#273;&#7875; &#273;&#432;&#7907;c t&#432; v&#7845;n chuy&ecirc;n s&acirc;u v&agrave; nh&#7853;n c&aacute;c &#432;u &#273;&atilde;i h&#7845;p d&#7851;n nh&#7845;t th&ocirc;ng qua hotline\/zalo: <a href=\"https:\/\/zalo.me\/0903991335\" target=\"_blank\" rel=\"noopener\" style=\"color: #059669; font-weight: bold; text-decoration: none;\">0903 991 335<\/a>!<\/p><div style=\"background-color: #f8fafc; border: 1px solid #e2e8f0; border-radius: 8px; padding: 25px; max-width: 800px; margin: 30px auto; color: #334155; line-height: 1.8; font-size: 17px; box-shadow: 0 4px 6px -1px rgba(0,0,0,0.05); text-align: left; clear: both;\">\nC&ocirc;ng ty TNHH Th&#432;&#417;ng M&#7841;i D&#7883;ch V&#7909; Thi&#7871;t B&#7883; C&ocirc;ng Ngh&#7879; V&#7841;n N&#259;ng\n<p style=\"margin: 0 0 10px 0;\">&#128205; <strong style=\"color: #1e293b;\">&#272;&#7883;a ch&#7881;:<\/strong> <a style=\"color: #059669; text-decoration: none; font-weight: bold;\" href=\"https:\/\/www.google.com\/maps\/search\/C%C3%B4ng+ty+TNHH+Th%C6%B0%C6%A1ng+M%E1%BA%A1i+D%E1%BB%8Bch+V%E1%BB%A5+Thi%E1%BA%BFt+B%E1%BB%8B+C%C3%B4ng+Ngh%E1%BB%87+V%E1%BA%A1n+N%C4%83ng+818+Tr%C6%B0%E1%BB%9Dng+Chinh\" target=\"_blank\" rel=\"noopener\">818 Tr&#432;&#7901;ng Chinh, Ph&#432;&#7901;ng T&acirc;n S&#417;n, Th&agrave;nh ph&#7889; H&#7891; Ch&iacute; Minh, Vi&#7879;t Nam<\/a><\/p>\n<p style=\"margin: 0 0 10px 0;\">&#128222; <strong style=\"color: #1e293b;\">S&#272;T &ndash; Zalo:<\/strong> <a style=\"color: #059669; text-decoration: none; font-weight: bold;\" href=\"https:\/\/zalo.me\/0903991335\" target=\"_blank\" rel=\"noopener\">0903 991 335<\/a> <span style=\"color: #64748b; font-style: italic;\">(Ms. H&#7841;nh &ndash; Gi&aacute;m &#272;&#7889;c Kinh Doanh)<\/span><\/p>\n<p style=\"margin: 0;\">&#9993;&#65039; <strong style=\"color: #1e293b;\">Email:<\/strong> <a style=\"color: #059669; text-decoration: none; font-weight: bold;\" href=\"mailto:hienhanh@vannangvn.com\">hienhanh@vannangvn.com<\/a><\/p>\n<\/div><\/h1>","protected":false},"excerpt":{"rendered":"<p><strong>Th&#432;&#417;ng hi&#7879;u:<\/strong> VLM GmbH<br>\n<strong>Model:<\/strong> ClimaCORR&reg; CC 1000-TL FR<p>Product <strong>T&#7910; TH&#7916; NGHI&#7878;M KH&Iacute; H&#7852;U VLM GMBH MODEL CLIMACORR CC 1000-TL FR<\/strong> ch&iacute;nh h&atilde;ng. VLM GmbH (Germany)<br>\nVLM ClimaCORR CC 1000-TL FR l&agrave; t&#7911; th&#7917; nghi&#7879;m kh&iacute; h&#7853;u chuy&ecirc;n d&#7909;ng cho c&aacute;c th&#7917; nghi&#7879;m &#259;n m&ograve;n chu k&#7923; &ocirc; t&ocirc; (VDA 233-102, DIN EN ISO 11997-1). D&#7843;i nhi&#7879;t r&#7897;ng -40&deg;C &#273;&#7871;n +80&deg;C, c&ocirc;ng ngh&#7879; VLM &#273;&#432;&#7907;c c&#7845;p b&#7857;ng s&aacute;ng ch&#7871; &#273;&#7843;m b&#7843;o &#273;&#7897; t&aacute;i l&#7853;p cao.<\/p><\/p>","protected":false},"featured_media":8986,"comment_status":"open","ping_status":"closed","template":"","meta":[],"product_brand":[],"product_cat":[18],"product_tag":[361,513,527,3752,3753,3853,3854,3855,3856,116,120,162],"class_list":{"0":"post-8278","1":"product","2":"type-product","3":"status-publish","4":"has-post-thumbnail","6":"product_cat-chua-phan-loai","7":"product_tag-khi","8":"product_tag-hau","9":"product_tag-nghiem","10":"product_tag-vlm","11":"product_tag-gmbh","12":"product_tag-climacorr","13":"product_tag-cc","14":"product_tag-1000-tl","15":"product_tag-fr","16":"product_tag-model","17":"product_tag-thu","18":"product_tag-tu","20":"first","21":"instock","22":"shipping-taxable","23":"product-type-simple"},"yoast_head":"<!-- This site is optimized with the Yoast SEO Premium plugin v24.8 (Yoast SEO v24.8) - https:\/\/yoast.com\/wordpress\/plugins\/seo\/ -->\n<title>T\u1ee6 TH\u1eec NGHI\u1ec6M KH\u00cd H\u1eacU VLM GMBH MODE... ch\u00ednh h\u00e3ng | V\u1ea1n N\u0103ng<\/title>\n<meta name=\"description\" content=\"Mua ngay T\u1ee6 TH\u1eec NGHI\u1ec6M KH\u00cd H\u1eacU VLM GMBH MODEL CLIMACORR CC 1000-TL FR ch\u00ednh h\u00e3ng. VLM ClimaCORR CC 1000-TL FR l\u00e0 t\u1ee7 th\u1eed nghi\u1ec7m kh\u00ed... Gi\u00e1 t\u1ed1t!\" \/>\n<meta name=\"robots\" content=\"noindex, follow, max-snippet:-1, max-image-preview:large, max-video-preview:-1\" \/>\n<meta property=\"og:locale\" content=\"en_US\" \/>\n<meta property=\"og:type\" content=\"article\" \/>\n<meta property=\"og:title\" content=\"T\u1ee6 TH\u1eec NGHI\u1ec6M KH\u00cd H\u1eacU VLM GMBH MODEL CLIMACORR CC 1000-TL FR\" \/>\n<meta property=\"og:description\" content=\"Mua ngay T\u1ee6 TH\u1eec NGHI\u1ec6M KH\u00cd H\u1eacU VLM GMBH MODEL CLIMACORR CC 1000-TL FR ch\u00ednh h\u00e3ng. VLM ClimaCORR CC 1000-TL FR l\u00e0 t\u1ee7 th\u1eed nghi\u1ec7m kh\u00ed... Gi\u00e1 t\u1ed1t!\" \/>\n<meta property=\"og:url\" content=\"https:\/\/vannangvn.123websitedev.com\/en\/product\/tu-thu-nghiem-khi-hau-vlm-gmbh-model-climacorr-cc-1000-tl-fr\/\" \/>\n<meta property=\"og:site_name\" content=\"Vannang.vn\" \/>\n<meta property=\"article:modified_time\" content=\"2026-03-30T12:02:58+00:00\" \/>\n<meta property=\"og:image\" content=\"http:\/\/vannangvn.123websitedev.com\/wp-content\/uploads\/2026\/03\/Tu-Thu-Nghiem-Khi-Hau-Cyclic-Climate-Test-VLM-GmbH-Model-ClimaCORR\u00ae-CC-1000-TL-FR-768x576-copy.jpg\" \/>\n\t<meta property=\"og:image:width\" content=\"768\" \/>\n\t<meta property=\"og:image:height\" content=\"576\" \/>\n\t<meta property=\"og:image:type\" content=\"image\/jpeg\" \/>\n<meta name=\"twitter:card\" content=\"summary_large_image\" \/>\n<meta name=\"twitter:label1\" content=\"Est. reading time\" \/>\n\t<meta name=\"twitter:data1\" content=\"4 minutes\" \/>\n<script type=\"application\/ld+json\" class=\"yoast-schema-graph\">{\"@context\":\"https:\/\/schema.org\",\"@graph\":[{\"@type\":\"WebPage\",\"@id\":\"https:\/\/vannangvn.123websitedev.com\/san-pham\/tu-thu-nghiem-khi-hau-vlm-gmbh-model-climacorr-cc-1000-tl-fr\/\",\"url\":\"https:\/\/vannangvn.123websitedev.com\/san-pham\/tu-thu-nghiem-khi-hau-vlm-gmbh-model-climacorr-cc-1000-tl-fr\/\",\"name\":\"T\u1ee6 TH\u1eec NGHI\u1ec6M KH\u00cd H\u1eacU VLM GMBH MODE... ch\u00ednh h\u00e3ng | V\u1ea1n N\u0103ng\",\"isPartOf\":{\"@id\":\"https:\/\/vannangvn.123websitedev.com\/#website\"},\"primaryImageOfPage\":{\"@id\":\"https:\/\/vannangvn.123websitedev.com\/san-pham\/tu-thu-nghiem-khi-hau-vlm-gmbh-model-climacorr-cc-1000-tl-fr\/#primaryimage\"},\"image\":{\"@id\":\"https:\/\/vannangvn.123websitedev.com\/san-pham\/tu-thu-nghiem-khi-hau-vlm-gmbh-model-climacorr-cc-1000-tl-fr\/#primaryimage\"},\"thumbnailUrl\":\"https:\/\/vannangvn.123websitedev.com\/wp-content\/uploads\/2026\/03\/Tu-Thu-Nghiem-Khi-Hau-Cyclic-Climate-Test-VLM-GmbH-Model-ClimaCORR\u00ae-CC-1000-TL-FR-768x576-copy.jpg\",\"datePublished\":\"2026-03-20T12:20:38+00:00\",\"dateModified\":\"2026-03-30T12:02:58+00:00\",\"description\":\"Mua ngay T\u1ee6 TH\u1eec NGHI\u1ec6M KH\u00cd H\u1eacU VLM GMBH MODEL CLIMACORR CC 1000-TL FR ch\u00ednh h\u00e3ng. VLM ClimaCORR CC 1000-TL FR l\u00e0 t\u1ee7 th\u1eed nghi\u1ec7m kh\u00ed... Gi\u00e1 t\u1ed1t!\",\"breadcrumb\":{\"@id\":\"https:\/\/vannangvn.123websitedev.com\/san-pham\/tu-thu-nghiem-khi-hau-vlm-gmbh-model-climacorr-cc-1000-tl-fr\/#breadcrumb\"},\"inLanguage\":\"en-US\",\"potentialAction\":[{\"@type\":\"ReadAction\",\"target\":[\"https:\/\/vannangvn.123websitedev.com\/san-pham\/tu-thu-nghiem-khi-hau-vlm-gmbh-model-climacorr-cc-1000-tl-fr\/\"]}]},{\"@type\":\"ImageObject\",\"inLanguage\":\"en-US\",\"@id\":\"https:\/\/vannangvn.123websitedev.com\/san-pham\/tu-thu-nghiem-khi-hau-vlm-gmbh-model-climacorr-cc-1000-tl-fr\/#primaryimage\",\"url\":\"https:\/\/vannangvn.123websitedev.com\/wp-content\/uploads\/2026\/03\/Tu-Thu-Nghiem-Khi-Hau-Cyclic-Climate-Test-VLM-GmbH-Model-ClimaCORR\u00ae-CC-1000-TL-FR-768x576-copy.jpg\",\"contentUrl\":\"https:\/\/vannangvn.123websitedev.com\/wp-content\/uploads\/2026\/03\/Tu-Thu-Nghiem-Khi-Hau-Cyclic-Climate-Test-VLM-GmbH-Model-ClimaCORR\u00ae-CC-1000-TL-FR-768x576-copy.jpg\",\"width\":768,\"height\":576},{\"@type\":\"BreadcrumbList\",\"@id\":\"https:\/\/vannangvn.123websitedev.com\/san-pham\/tu-thu-nghiem-khi-hau-vlm-gmbh-model-climacorr-cc-1000-tl-fr\/#breadcrumb\",\"itemListElement\":[{\"@type\":\"ListItem\",\"position\":1,\"name\":\"Trang ch\u1ee7\",\"item\":\"https:\/\/vannangvn.123websitedev.com\/\"},{\"@type\":\"ListItem\",\"position\":2,\"name\":\"S\u1ea3n ph\u1ea9m\",\"item\":\"https:\/\/vannangvn.123websitedev.com\/cua-hang\/\"},{\"@type\":\"ListItem\",\"position\":3,\"name\":\"T\u1ee6 TH\u1eec NGHI\u1ec6M KH\u00cd H\u1eacU VLM GMBH MODEL CLIMACORR CC 1000-TL FR\"}]},{\"@type\":\"WebSite\",\"@id\":\"https:\/\/vannangvn.123websitedev.com\/#website\",\"url\":\"https:\/\/vannangvn.123websitedev.com\/\",\"name\":\"Vannang.vn\",\"description\":\"\",\"publisher\":{\"@id\":\"https:\/\/vannangvn.123websitedev.com\/#organization\"},\"potentialAction\":[{\"@type\":\"SearchAction\",\"target\":{\"@type\":\"EntryPoint\",\"urlTemplate\":\"https:\/\/vannangvn.123websitedev.com\/?s={search_term_string}\"},\"query-input\":{\"@type\":\"PropertyValueSpecification\",\"valueRequired\":true,\"valueName\":\"search_term_string\"}}],\"inLanguage\":\"en-US\"},{\"@type\":\"Organization\",\"@id\":\"https:\/\/vannangvn.123websitedev.com\/#organization\",\"name\":\"Vannang.vn\",\"url\":\"https:\/\/vannangvn.123websitedev.com\/\",\"logo\":{\"@type\":\"ImageObject\",\"inLanguage\":\"en-US\",\"@id\":\"https:\/\/vannangvn.123websitedev.com\/#\/schema\/logo\/image\/\",\"url\":\"https:\/\/vannangvn.123websitedev.com\/wp-content\/uploads\/2026\/02\/logo-van-nang-02.png\",\"contentUrl\":\"https:\/\/vannangvn.123websitedev.com\/wp-content\/uploads\/2026\/02\/logo-van-nang-02.png\",\"width\":448,\"height\":111,\"caption\":\"Vannang.vn\"},\"image\":{\"@id\":\"https:\/\/vannangvn.123websitedev.com\/#\/schema\/logo\/image\/\"}}]}<\/script>\n<!-- \/ Yoast SEO Premium plugin. -->","yoast_head_json":{"title":"T\u1ee6 TH\u1eec NGHI\u1ec6M KH\u00cd H\u1eacU VLM GMBH MODE... ch\u00ednh h\u00e3ng | V\u1ea1n N\u0103ng","description":"Mua ngay T\u1ee6 TH\u1eec NGHI\u1ec6M KH\u00cd H\u1eacU VLM GMBH MODEL CLIMACORR CC 1000-TL FR ch\u00ednh h\u00e3ng. VLM ClimaCORR CC 1000-TL FR l\u00e0 t\u1ee7 th\u1eed nghi\u1ec7m kh\u00ed... Gi\u00e1 t\u1ed1t!","robots":{"index":"noindex","follow":"follow","max-snippet":"max-snippet:-1","max-image-preview":"max-image-preview:large","max-video-preview":"max-video-preview:-1"},"og_locale":"en_US","og_type":"article","og_title":"T\u1ee6 TH\u1eec NGHI\u1ec6M KH\u00cd H\u1eacU VLM GMBH MODEL CLIMACORR CC 1000-TL FR","og_description":"Mua ngay T\u1ee6 TH\u1eec NGHI\u1ec6M KH\u00cd H\u1eacU VLM GMBH MODEL CLIMACORR CC 1000-TL FR ch\u00ednh h\u00e3ng. VLM ClimaCORR CC 1000-TL FR l\u00e0 t\u1ee7 th\u1eed nghi\u1ec7m kh\u00ed... Gi\u00e1 t\u1ed1t!","og_url":"https:\/\/vannangvn.123websitedev.com\/en\/product\/tu-thu-nghiem-khi-hau-vlm-gmbh-model-climacorr-cc-1000-tl-fr\/","og_site_name":"Vannang.vn","article_modified_time":"2026-03-30T12:02:58+00:00","og_image":[{"width":768,"height":576,"url":"http:\/\/vannangvn.123websitedev.com\/wp-content\/uploads\/2026\/03\/Tu-Thu-Nghiem-Khi-Hau-Cyclic-Climate-Test-VLM-GmbH-Model-ClimaCORR\u00ae-CC-1000-TL-FR-768x576-copy.jpg","type":"image\/jpeg"}],"twitter_card":"summary_large_image","twitter_misc":{"Est. reading time":"4 minutes"},"schema":{"@context":"https:\/\/schema.org","@graph":[{"@type":"WebPage","@id":"https:\/\/vannangvn.123websitedev.com\/san-pham\/tu-thu-nghiem-khi-hau-vlm-gmbh-model-climacorr-cc-1000-tl-fr\/","url":"https:\/\/vannangvn.123websitedev.com\/san-pham\/tu-thu-nghiem-khi-hau-vlm-gmbh-model-climacorr-cc-1000-tl-fr\/","name":"T\u1ee6 TH\u1eec NGHI\u1ec6M KH\u00cd H\u1eacU VLM GMBH MODE... ch\u00ednh h\u00e3ng | V\u1ea1n N\u0103ng","isPartOf":{"@id":"https:\/\/vannangvn.123websitedev.com\/#website"},"primaryImageOfPage":{"@id":"https:\/\/vannangvn.123websitedev.com\/san-pham\/tu-thu-nghiem-khi-hau-vlm-gmbh-model-climacorr-cc-1000-tl-fr\/#primaryimage"},"image":{"@id":"https:\/\/vannangvn.123websitedev.com\/san-pham\/tu-thu-nghiem-khi-hau-vlm-gmbh-model-climacorr-cc-1000-tl-fr\/#primaryimage"},"thumbnailUrl":"https:\/\/vannangvn.123websitedev.com\/wp-content\/uploads\/2026\/03\/Tu-Thu-Nghiem-Khi-Hau-Cyclic-Climate-Test-VLM-GmbH-Model-ClimaCORR\u00ae-CC-1000-TL-FR-768x576-copy.jpg","datePublished":"2026-03-20T12:20:38+00:00","dateModified":"2026-03-30T12:02:58+00:00","description":"Mua ngay T\u1ee6 TH\u1eec NGHI\u1ec6M KH\u00cd H\u1eacU VLM GMBH MODEL CLIMACORR CC 1000-TL FR ch\u00ednh h\u00e3ng. VLM ClimaCORR CC 1000-TL FR l\u00e0 t\u1ee7 th\u1eed nghi\u1ec7m kh\u00ed... Gi\u00e1 t\u1ed1t!","breadcrumb":{"@id":"https:\/\/vannangvn.123websitedev.com\/san-pham\/tu-thu-nghiem-khi-hau-vlm-gmbh-model-climacorr-cc-1000-tl-fr\/#breadcrumb"},"inLanguage":"en-US","potentialAction":[{"@type":"ReadAction","target":["https:\/\/vannangvn.123websitedev.com\/san-pham\/tu-thu-nghiem-khi-hau-vlm-gmbh-model-climacorr-cc-1000-tl-fr\/"]}]},{"@type":"ImageObject","inLanguage":"en-US","@id":"https:\/\/vannangvn.123websitedev.com\/san-pham\/tu-thu-nghiem-khi-hau-vlm-gmbh-model-climacorr-cc-1000-tl-fr\/#primaryimage","url":"https:\/\/vannangvn.123websitedev.com\/wp-content\/uploads\/2026\/03\/Tu-Thu-Nghiem-Khi-Hau-Cyclic-Climate-Test-VLM-GmbH-Model-ClimaCORR\u00ae-CC-1000-TL-FR-768x576-copy.jpg","contentUrl":"https:\/\/vannangvn.123websitedev.com\/wp-content\/uploads\/2026\/03\/Tu-Thu-Nghiem-Khi-Hau-Cyclic-Climate-Test-VLM-GmbH-Model-ClimaCORR\u00ae-CC-1000-TL-FR-768x576-copy.jpg","width":768,"height":576},{"@type":"BreadcrumbList","@id":"https:\/\/vannangvn.123websitedev.com\/san-pham\/tu-thu-nghiem-khi-hau-vlm-gmbh-model-climacorr-cc-1000-tl-fr\/#breadcrumb","itemListElement":[{"@type":"ListItem","position":1,"name":"Trang ch\u1ee7","item":"https:\/\/vannangvn.123websitedev.com\/"},{"@type":"ListItem","position":2,"name":"S\u1ea3n ph\u1ea9m","item":"https:\/\/vannangvn.123websitedev.com\/cua-hang\/"},{"@type":"ListItem","position":3,"name":"T\u1ee6 TH\u1eec NGHI\u1ec6M KH\u00cd H\u1eacU VLM GMBH MODEL CLIMACORR CC 1000-TL FR"}]},{"@type":"WebSite","@id":"https:\/\/vannangvn.123websitedev.com\/#website","url":"https:\/\/vannangvn.123websitedev.com\/","name":"Vannang.vn","description":"","publisher":{"@id":"https:\/\/vannangvn.123websitedev.com\/#organization"},"potentialAction":[{"@type":"SearchAction","target":{"@type":"EntryPoint","urlTemplate":"https:\/\/vannangvn.123websitedev.com\/?s={search_term_string}"},"query-input":{"@type":"PropertyValueSpecification","valueRequired":true,"valueName":"search_term_string"}}],"inLanguage":"en-US"},{"@type":"Organization","@id":"https:\/\/vannangvn.123websitedev.com\/#organization","name":"Vannang.vn","url":"https:\/\/vannangvn.123websitedev.com\/","logo":{"@type":"ImageObject","inLanguage":"en-US","@id":"https:\/\/vannangvn.123websitedev.com\/#\/schema\/logo\/image\/","url":"https:\/\/vannangvn.123websitedev.com\/wp-content\/uploads\/2026\/02\/logo-van-nang-02.png","contentUrl":"https:\/\/vannangvn.123websitedev.com\/wp-content\/uploads\/2026\/02\/logo-van-nang-02.png","width":448,"height":111,"caption":"Vannang.vn"},"image":{"@id":"https:\/\/vannangvn.123websitedev.com\/#\/schema\/logo\/image\/"}}]}},"_links":{"self":[{"href":"https:\/\/vannangvn.123websitedev.com\/en\/wp-json\/wp\/v2\/product\/8278","targetHints":{"allow":["GET"]}}],"collection":[{"href":"https:\/\/vannangvn.123websitedev.com\/en\/wp-json\/wp\/v2\/product"}],"about":[{"href":"https:\/\/vannangvn.123websitedev.com\/en\/wp-json\/wp\/v2\/types\/product"}],"replies":[{"embeddable":true,"href":"https:\/\/vannangvn.123websitedev.com\/en\/wp-json\/wp\/v2\/comments?post=8278"}],"wp:featuredmedia":[{"embeddable":true,"href":"https:\/\/vannangvn.123websitedev.com\/en\/wp-json\/wp\/v2\/media\/8986"}],"wp:attachment":[{"href":"https:\/\/vannangvn.123websitedev.com\/en\/wp-json\/wp\/v2\/media?parent=8278"}],"wp:term":[{"taxonomy":"product_brand","embeddable":true,"href":"https:\/\/vannangvn.123websitedev.com\/en\/wp-json\/wp\/v2\/product_brand?post=8278"},{"taxonomy":"product_cat","embeddable":true,"href":"https:\/\/vannangvn.123websitedev.com\/en\/wp-json\/wp\/v2\/product_cat?post=8278"},{"taxonomy":"product_tag","embeddable":true,"href":"https:\/\/vannangvn.123websitedev.com\/en\/wp-json\/wp\/v2\/product_tag?post=8278"}],"curies":[{"name":"wp","href":"https:\/\/api.w.org\/{rel}","templated":true}]}}