{"id":8287,"date":"2026-03-20T19:20:48","date_gmt":"2026-03-20T12:20:48","guid":{"rendered":"https:\/\/vannangvn.123websitedev.com\/san-pham\/tu-thu-nghiem-lao-hoa-bang-tia-uv-cofomegra-model-uv-box\/"},"modified":"2026-03-30T19:03:09","modified_gmt":"2026-03-30T12:03:09","slug":"tu-thu-nghiem-lao-hoa-bang-tia-uv-cofomegra-model-uv-box","status":"publish","type":"product","link":"https:\/\/vannangvn.123websitedev.com\/en\/product\/tu-thu-nghiem-lao-hoa-bang-tia-uv-cofomegra-model-uv-box\/","title":{"rendered":"T\u1ee6 TH\u1eec NGHI\u1ec6M L\u00c3O H\u00d3A B\u1eb0NG TIA UV COFOMEGRA MODEL UV BOX"},"content":{"rendered":"<h1 style=\"color: red; font-weight: bold; font-size: 24px;\">T&#7893;ng quan s&#7843;n ph&#7849;m T&#7910; TH&#7916; NGHI&#7878;M L&Atilde;O H&Oacute;A B&#7856;NG TIA UV COFOMEGRA MODEL UV BOX<p>T&#7911; Th&#7917; Nghi&#7879;m L&atilde;o H&oacute;a B&#7857;ng Tia UV (UV Light Accelerated Aging Test Chamber) Cofomegra Model UV BOX<\/p><p>UV BOX<br>\nThi&#7871;t b&#7883; &#273;&#432;&#7907;c thi&#7871;t k&#7871; &#273;&#7875; m&ocirc; ph&#7887;ng v&agrave; &#273;&#7849;y nhanh qu&aacute; tr&igrave;nh l&atilde;o h&oacute;a do t&aacute;c &#273;&#7897;ng c&#7911;a &aacute;nh s&aacute;ng m&#7863;t tr&#7901;i, m&#432;a v&agrave; s&#432;&#417;ng &#273;&#7885;ng. Trong khi ngo&agrave;i tr&#7901;i, nh&#7919;ng h&#432; h&#7841;i n&agrave;y th&#432;&#7901;ng m&#7845;t nhi&#7873;u th&aacute;ng ho&#7863;c nhi&#7873;u n&#259;m &#273;&#7875; xu&#7845;t hi&#7879;n th&igrave; v&#7899;i UV BOX, ch&uacute;ng c&oacute; th&#7875; &#273;&#432;&#7907;c t&aacute;i hi&#7879;n ch&#7881; trong v&agrave;i ng&agrave;y ho&#7863;c v&agrave;i tu&#7847;n.<br>\n&#272;&#7875; m&ocirc; ph&#7887;ng qu&aacute; tr&igrave;nh l&atilde;o h&oacute;a do &#273;i&#7873;u ki&#7879;n kh&iacute; h&#7853;u b&ecirc;n ngo&agrave;i, UV BOX s&#7917; d&#7909;ng chu tr&igrave;nh lu&acirc;n phi&ecirc;n gi&#7919;a chi&#7871;u tia UV v&agrave; t&#7841;o &#273;&#7897; &#7849;m &#7903; nhi&#7879;t &#273;&#7897; cao &#273;&#432;&#7907;c ki&#7875;m so&aacute;t.<\/p><p>&Aacute;nh s&aacute;ng m&#7863;t tr&#7901;i &#273;&#432;&#7907;c m&ocirc; ph&#7887;ng th&ocirc;ng qua &#273;&egrave;n hu&#7923;nh quang UV &#273;&#7863;c bi&#7879;t.<br>\nHi&#7879;u &#7913;ng s&#432;&#417;ng &#273;&#7885;ng ho&#7863;c m&#432;a &#273;&#432;&#7907;c t&aacute;i hi&#7879;n b&#7857;ng ph&#432;&#417;ng ph&aacute;p ng&#432;ng t&#7909; h&#417;i n&#432;&#7899;c ho&#7863;c phun n&#432;&#7899;c (t&ugrave;y ch&#7885;n Spray).<\/p><p>Tia UV l&agrave; nguy&ecirc;n nh&acirc;n ch&iacute;nh g&acirc;y quang h&oacute;a v&agrave; xu&#7889;ng c&#7845;p &#273;&#7889;i v&#7899;i c&aacute;c v&#7853;t li&#7879;u b&#7873;n khi ti&#7871;p x&uacute;c ngo&agrave;i tr&#7901;i. &#272;&egrave;n hu&#7923;nh quang UV trong hi&#7871;t b&#7883; ph&aacute;t ra tia UV 340 b&#432;&#7899;c s&oacute;ng ng&#7855;n, t&aacute;i t&#7841;o ch&iacute;nh x&aacute;c nh&#7919;ng h&#432; h&#7841;i do &aacute;nh s&aacute;ng m&#7863;t tr&#7901;i g&acirc;y ra.<br>\nNh&#7919;ng d&#7841;ng h&#432; h&#7841;i c&oacute; th&#7875; m&ocirc; ph&#7887;ng<\/p><p>Thay &#273;&#7893;i m&agrave;u s&#7855;c<br>\nM&#7845;t &#273;&#7897; b&oacute;ng<br>\nHi&#7879;n t&#432;&#7907;ng ph&#7845;n h&oacute;a (chalking)<br>\nR&#7841;n n&#7913;t b&#7873; m&#7863;t<br>\nN&#7893;i b&#7885;t kh&iacute; (blistering)<br>\nHi&#7879;n t&#432;&#7907;ng blooming<br>\nGi&ograve;n, d&#7877; g&atilde;y<br>\nGi&#7843;m &#273;&#7897; b&#7873;n<br>\nOxy h&oacute;a<\/p><p>H&#7879; th&#7889;ng &#273;&egrave;n UV ti&ecirc;n ti&#7871;n<\/p><p>&#272;&egrave;n hu&#7923;nh quang UV &#7893;n &#273;&#7883;nh h&#417;n c&aacute;c lo&#7841;i &#273;&egrave;n kh&aacute;c v&agrave; cung c&#7845;p kh&#7843; n&#259;ng m&ocirc; ph&#7887;ng &aacute;nh s&aacute;ng m&#7863;t tr&#7901;i t&#7889;t nh&#7845;t.<br>\nPh&acirc;n b&#7889; quang ph&#7893; (SPD) kh&ocirc;ng thay &#273;&#7893;i khi &#273;&egrave;n l&atilde;o h&oacute;a, k&#7875; c&#7843; sau h&agrave;ng ngh&igrave;n gi&#7901; ho&#7841;t &#273;&#7897;ng &rarr; &#273;&#7843;m b&#7843;o k&#7871;t qu&#7843; t&aacute;i l&#7853;p &#7893;n &#273;&#7883;nh, gi&#7843;m t&#7847;n su&#7845;t thay th&#7871; &#273;&egrave;n, ti&#7871;t ki&#7879;m chi ph&iacute; v&#7853;n h&agrave;nh.<\/p><p>UVA-340 lamps<\/p><p>M&ocirc; ph&#7887;ng ch&iacute;nh x&aacute;c nh&#7845;t &aacute;nh s&aacute;ng m&#7863;t tr&#7901;i trong kho&#7843;ng b&#432;&#7899;c s&oacute;ng 365 nm &ndash; 295 nm (gi&#7899;i h&#7841;n c&#7855;t c&#7911;a &aacute;nh s&aacute;ng m&#7863;t tr&#7901;i).<\/p><p>UVB-313 lamps<\/p><p>T&#7841;o &#273;i&#7873;u ki&#7879;n gia t&#7889;c cao h&#417;n nh&#7901; ph&aacute;t tia UV ng&#7855;n h&#417;n so v&#7899;i &aacute;nh s&aacute;ng m&#7863;t tr&#7901;i t&#7921; nhi&ecirc;n.<br>\nC&oacute; th&#7875; t&#7841;o ra m&#7913;c &#273;&#7897; h&#432; h&#7841;i qu&aacute; nghi&ecirc;m tr&#7885;ng &#273;&#7889;i v&#7899;i m&#7897;t s&#7889; v&#7853;t li&#7879;u.<\/p><p>Cofomegra UV BOX l&agrave; gi&#7843;i ph&aacute;p t&#7889;i &#432;u &#273;&#7875; &#273;&aacute;nh gi&aacute; &#273;&#7897; b&#7873;n v&agrave; tu&#7893;i th&#7885; s&#7843;n ph&#7849;m tr&#432;&#7899;c t&aacute;c &#273;&#7897;ng c&#7911;a &aacute;nh s&aacute;ng v&agrave; kh&iacute; h&#7853;u ngo&agrave;i tr&#7901;i, gi&uacute;p doanh nghi&#7879;p r&uacute;t ng&#7855;n th&#7901;i gian th&#7917; nghi&#7879;m, gi&#7843;m chi ph&iacute; v&agrave; n&acirc;ng cao ch&#7845;t l&#432;&#7907;ng v&#7853;t li&#7879;u. H&atilde;y li&ecirc;n h&#7879; v&#7899;i V&#7841;n N&#259;ng Company ngay &#273;&#7875; &#273;&#432;&#7907;c t&#432; v&#7845;n chuy&ecirc;n s&acirc;u v&agrave; nh&#7853;n c&aacute;c &#432;u &#273;&atilde;i h&#7845;p d&#7851;n nh&#7845;t th&ocirc;ng qua hotline\/zalo: <a href=\"https:\/\/zalo.me\/0903991335\" target=\"_blank\" rel=\"noopener\" style=\"color: #059669; font-weight: bold; text-decoration: none;\">0903 991 335<\/a>!<\/p><div style=\"background-color: #f8fafc; border: 1px solid #e2e8f0; border-radius: 8px; padding: 25px; max-width: 800px; margin: 30px auto; color: #334155; line-height: 1.8; font-size: 17px; box-shadow: 0 4px 6px -1px rgba(0,0,0,0.05); text-align: left; clear: both;\">\nC&ocirc;ng ty TNHH Th&#432;&#417;ng M&#7841;i D&#7883;ch V&#7909; Thi&#7871;t B&#7883; C&ocirc;ng Ngh&#7879; V&#7841;n N&#259;ng\n<p style=\"margin: 0 0 10px 0;\">&#128205; <strong style=\"color: #1e293b;\">&#272;&#7883;a ch&#7881;:<\/strong> <a style=\"color: #059669; text-decoration: none; font-weight: bold;\" href=\"https:\/\/www.google.com\/maps\/search\/C%C3%B4ng+ty+TNHH+Th%C6%B0%C6%A1ng+M%E1%BA%A1i+D%E1%BB%8Bch+V%E1%BB%A5+Thi%E1%BA%BFt+B%E1%BB%8B+C%C3%B4ng+Ngh%E1%BB%87+V%E1%BA%A1n+N%C4%83ng+818+Tr%C6%B0%E1%BB%9Dng+Chinh\" target=\"_blank\" rel=\"noopener\">818 Tr&#432;&#7901;ng Chinh, Ph&#432;&#7901;ng T&acirc;n S&#417;n, Th&agrave;nh ph&#7889; H&#7891; Ch&iacute; Minh, Vi&#7879;t Nam<\/a><\/p>\n<p style=\"margin: 0 0 10px 0;\">&#128222; <strong style=\"color: #1e293b;\">S&#272;T &ndash; Zalo:<\/strong> <a style=\"color: #059669; text-decoration: none; font-weight: bold;\" href=\"https:\/\/zalo.me\/0903991335\" target=\"_blank\" rel=\"noopener\">0903 991 335<\/a> <span style=\"color: #64748b; font-style: italic;\">(Ms. H&#7841;nh &ndash; Gi&aacute;m &#272;&#7889;c Kinh Doanh)<\/span><\/p>\n<p style=\"margin: 0;\">&#9993;&#65039; <strong style=\"color: #1e293b;\">Email:<\/strong> <a style=\"color: #059669; text-decoration: none; font-weight: bold;\" href=\"mailto:hienhanh@vannangvn.com\">hienhanh@vannangvn.com<\/a><\/p>\n<\/div><\/h1>","protected":false},"excerpt":{"rendered":"<p><strong>Th&#432;&#417;ng hi&#7879;u:<\/strong> OEM<br>\n<strong>Model:<\/strong> UV BOX<p>Product <strong>T&#7910; TH&#7916; NGHI&#7878;M L&Atilde;O H&Oacute;A B&#7856;NG TIA UV COFOMEGRA MODEL UV BOX<\/strong> ch&iacute;nh h&atilde;ng. <\/p><\/p>","protected":false},"featured_media":8987,"comment_status":"open","ping_status":"closed","template":"","meta":[],"product_brand":[],"product_cat":[18],"product_tag":[120,122,162,166,269,384,510,527,543,3428,116],"class_list":{"0":"post-8287","1":"product","2":"type-product","3":"status-publish","4":"has-post-thumbnail","6":"product_cat-chua-phan-loai","7":"product_tag-thu","8":"product_tag-hoa","9":"product_tag-tu","10":"product_tag-bang","11":"product_tag-uv","12":"product_tag-box","13":"product_tag-lao","14":"product_tag-nghiem","15":"product_tag-tia","16":"product_tag-cofomegra","17":"product_tag-model","19":"first","20":"instock","21":"shipping-taxable","22":"product-type-simple"},"yoast_head":"<!-- This site is optimized with the Yoast SEO Premium plugin v24.8 (Yoast SEO v24.8) - https:\/\/yoast.com\/wordpress\/plugins\/seo\/ -->\n<title>T\u1ee6 TH\u1eec NGHI\u1ec6M L\u00c3O H\u00d3A B\u1eb0NG TIA UV C... ch\u00ednh h\u00e3ng | V\u1ea1n N\u0103ng<\/title>\n<meta name=\"description\" content=\"Mua ngay T\u1ee6 TH\u1eec NGHI\u1ec6M L\u00c3O H\u00d3A B\u1eb0NG TIA UV COFOMEGRA MODEL UV BOX ch\u00ednh h\u00e3ng. Gi\u00e1 t\u1ed1t!\" \/>\n<meta name=\"robots\" content=\"noindex, follow, max-snippet:-1, max-image-preview:large, max-video-preview:-1\" \/>\n<meta property=\"og:locale\" content=\"en_US\" \/>\n<meta property=\"og:type\" content=\"article\" \/>\n<meta property=\"og:title\" content=\"T\u1ee6 TH\u1eec NGHI\u1ec6M L\u00c3O H\u00d3A B\u1eb0NG TIA UV COFOMEGRA MODEL UV BOX\" \/>\n<meta property=\"og:description\" content=\"Mua ngay T\u1ee6 TH\u1eec NGHI\u1ec6M L\u00c3O H\u00d3A B\u1eb0NG TIA UV COFOMEGRA MODEL UV BOX ch\u00ednh h\u00e3ng. Gi\u00e1 t\u1ed1t!\" \/>\n<meta property=\"og:url\" content=\"https:\/\/vannangvn.123websitedev.com\/en\/product\/tu-thu-nghiem-lao-hoa-bang-tia-uv-cofomegra-model-uv-box\/\" \/>\n<meta property=\"og:site_name\" content=\"Vannang.vn\" \/>\n<meta property=\"article:modified_time\" content=\"2026-03-30T12:03:09+00:00\" \/>\n<meta property=\"og:image\" content=\"http:\/\/vannangvn.123websitedev.com\/wp-content\/uploads\/2026\/03\/Tu-Thu-Nghiem-Lao-Hoa-Bang-Tia-UV-UV-Light-Accelerated-Aging-Test-Chamber-Cofomegra-Model-UV-BOX-768x576-copy.jpg\" \/>\n\t<meta property=\"og:image:width\" content=\"768\" \/>\n\t<meta property=\"og:image:height\" content=\"576\" \/>\n\t<meta property=\"og:image:type\" content=\"image\/jpeg\" \/>\n<meta name=\"twitter:card\" content=\"summary_large_image\" \/>\n<meta name=\"twitter:label1\" content=\"Est. reading time\" \/>\n\t<meta name=\"twitter:data1\" content=\"4 minutes\" \/>\n<script type=\"application\/ld+json\" class=\"yoast-schema-graph\">{\"@context\":\"https:\/\/schema.org\",\"@graph\":[{\"@type\":\"WebPage\",\"@id\":\"https:\/\/vannangvn.123websitedev.com\/san-pham\/tu-thu-nghiem-lao-hoa-bang-tia-uv-cofomegra-model-uv-box\/\",\"url\":\"https:\/\/vannangvn.123websitedev.com\/san-pham\/tu-thu-nghiem-lao-hoa-bang-tia-uv-cofomegra-model-uv-box\/\",\"name\":\"T\u1ee6 TH\u1eec NGHI\u1ec6M L\u00c3O H\u00d3A B\u1eb0NG TIA UV C... ch\u00ednh h\u00e3ng | V\u1ea1n N\u0103ng\",\"isPartOf\":{\"@id\":\"https:\/\/vannangvn.123websitedev.com\/#website\"},\"primaryImageOfPage\":{\"@id\":\"https:\/\/vannangvn.123websitedev.com\/san-pham\/tu-thu-nghiem-lao-hoa-bang-tia-uv-cofomegra-model-uv-box\/#primaryimage\"},\"image\":{\"@id\":\"https:\/\/vannangvn.123websitedev.com\/san-pham\/tu-thu-nghiem-lao-hoa-bang-tia-uv-cofomegra-model-uv-box\/#primaryimage\"},\"thumbnailUrl\":\"https:\/\/vannangvn.123websitedev.com\/wp-content\/uploads\/2026\/03\/Tu-Thu-Nghiem-Lao-Hoa-Bang-Tia-UV-UV-Light-Accelerated-Aging-Test-Chamber-Cofomegra-Model-UV-BOX-768x576-copy.jpg\",\"datePublished\":\"2026-03-20T12:20:48+00:00\",\"dateModified\":\"2026-03-30T12:03:09+00:00\",\"description\":\"Mua ngay T\u1ee6 TH\u1eec NGHI\u1ec6M L\u00c3O H\u00d3A B\u1eb0NG TIA UV COFOMEGRA MODEL UV BOX ch\u00ednh h\u00e3ng. Gi\u00e1 t\u1ed1t!\",\"breadcrumb\":{\"@id\":\"https:\/\/vannangvn.123websitedev.com\/san-pham\/tu-thu-nghiem-lao-hoa-bang-tia-uv-cofomegra-model-uv-box\/#breadcrumb\"},\"inLanguage\":\"en-US\",\"potentialAction\":[{\"@type\":\"ReadAction\",\"target\":[\"https:\/\/vannangvn.123websitedev.com\/san-pham\/tu-thu-nghiem-lao-hoa-bang-tia-uv-cofomegra-model-uv-box\/\"]}]},{\"@type\":\"ImageObject\",\"inLanguage\":\"en-US\",\"@id\":\"https:\/\/vannangvn.123websitedev.com\/san-pham\/tu-thu-nghiem-lao-hoa-bang-tia-uv-cofomegra-model-uv-box\/#primaryimage\",\"url\":\"https:\/\/vannangvn.123websitedev.com\/wp-content\/uploads\/2026\/03\/Tu-Thu-Nghiem-Lao-Hoa-Bang-Tia-UV-UV-Light-Accelerated-Aging-Test-Chamber-Cofomegra-Model-UV-BOX-768x576-copy.jpg\",\"contentUrl\":\"https:\/\/vannangvn.123websitedev.com\/wp-content\/uploads\/2026\/03\/Tu-Thu-Nghiem-Lao-Hoa-Bang-Tia-UV-UV-Light-Accelerated-Aging-Test-Chamber-Cofomegra-Model-UV-BOX-768x576-copy.jpg\",\"width\":768,\"height\":576},{\"@type\":\"BreadcrumbList\",\"@id\":\"https:\/\/vannangvn.123websitedev.com\/san-pham\/tu-thu-nghiem-lao-hoa-bang-tia-uv-cofomegra-model-uv-box\/#breadcrumb\",\"itemListElement\":[{\"@type\":\"ListItem\",\"position\":1,\"name\":\"Trang ch\u1ee7\",\"item\":\"https:\/\/vannangvn.123websitedev.com\/\"},{\"@type\":\"ListItem\",\"position\":2,\"name\":\"S\u1ea3n ph\u1ea9m\",\"item\":\"https:\/\/vannangvn.123websitedev.com\/cua-hang\/\"},{\"@type\":\"ListItem\",\"position\":3,\"name\":\"T\u1ee6 TH\u1eec NGHI\u1ec6M L\u00c3O H\u00d3A B\u1eb0NG TIA UV COFOMEGRA MODEL UV BOX\"}]},{\"@type\":\"WebSite\",\"@id\":\"https:\/\/vannangvn.123websitedev.com\/#website\",\"url\":\"https:\/\/vannangvn.123websitedev.com\/\",\"name\":\"Vannang.vn\",\"description\":\"\",\"publisher\":{\"@id\":\"https:\/\/vannangvn.123websitedev.com\/#organization\"},\"potentialAction\":[{\"@type\":\"SearchAction\",\"target\":{\"@type\":\"EntryPoint\",\"urlTemplate\":\"https:\/\/vannangvn.123websitedev.com\/?s={search_term_string}\"},\"query-input\":{\"@type\":\"PropertyValueSpecification\",\"valueRequired\":true,\"valueName\":\"search_term_string\"}}],\"inLanguage\":\"en-US\"},{\"@type\":\"Organization\",\"@id\":\"https:\/\/vannangvn.123websitedev.com\/#organization\",\"name\":\"Vannang.vn\",\"url\":\"https:\/\/vannangvn.123websitedev.com\/\",\"logo\":{\"@type\":\"ImageObject\",\"inLanguage\":\"en-US\",\"@id\":\"https:\/\/vannangvn.123websitedev.com\/#\/schema\/logo\/image\/\",\"url\":\"https:\/\/vannangvn.123websitedev.com\/wp-content\/uploads\/2026\/02\/logo-van-nang-02.png\",\"contentUrl\":\"https:\/\/vannangvn.123websitedev.com\/wp-content\/uploads\/2026\/02\/logo-van-nang-02.png\",\"width\":448,\"height\":111,\"caption\":\"Vannang.vn\"},\"image\":{\"@id\":\"https:\/\/vannangvn.123websitedev.com\/#\/schema\/logo\/image\/\"}}]}<\/script>\n<!-- \/ Yoast SEO Premium plugin. -->","yoast_head_json":{"title":"T\u1ee6 TH\u1eec NGHI\u1ec6M L\u00c3O H\u00d3A B\u1eb0NG TIA UV C... ch\u00ednh h\u00e3ng | V\u1ea1n N\u0103ng","description":"Mua ngay T\u1ee6 TH\u1eec NGHI\u1ec6M L\u00c3O H\u00d3A B\u1eb0NG TIA UV COFOMEGRA MODEL UV BOX ch\u00ednh h\u00e3ng. Gi\u00e1 t\u1ed1t!","robots":{"index":"noindex","follow":"follow","max-snippet":"max-snippet:-1","max-image-preview":"max-image-preview:large","max-video-preview":"max-video-preview:-1"},"og_locale":"en_US","og_type":"article","og_title":"T\u1ee6 TH\u1eec NGHI\u1ec6M L\u00c3O H\u00d3A B\u1eb0NG TIA UV COFOMEGRA MODEL UV BOX","og_description":"Mua ngay T\u1ee6 TH\u1eec NGHI\u1ec6M L\u00c3O H\u00d3A B\u1eb0NG TIA UV COFOMEGRA MODEL UV BOX ch\u00ednh h\u00e3ng. Gi\u00e1 t\u1ed1t!","og_url":"https:\/\/vannangvn.123websitedev.com\/en\/product\/tu-thu-nghiem-lao-hoa-bang-tia-uv-cofomegra-model-uv-box\/","og_site_name":"Vannang.vn","article_modified_time":"2026-03-30T12:03:09+00:00","og_image":[{"width":768,"height":576,"url":"http:\/\/vannangvn.123websitedev.com\/wp-content\/uploads\/2026\/03\/Tu-Thu-Nghiem-Lao-Hoa-Bang-Tia-UV-UV-Light-Accelerated-Aging-Test-Chamber-Cofomegra-Model-UV-BOX-768x576-copy.jpg","type":"image\/jpeg"}],"twitter_card":"summary_large_image","twitter_misc":{"Est. reading time":"4 minutes"},"schema":{"@context":"https:\/\/schema.org","@graph":[{"@type":"WebPage","@id":"https:\/\/vannangvn.123websitedev.com\/san-pham\/tu-thu-nghiem-lao-hoa-bang-tia-uv-cofomegra-model-uv-box\/","url":"https:\/\/vannangvn.123websitedev.com\/san-pham\/tu-thu-nghiem-lao-hoa-bang-tia-uv-cofomegra-model-uv-box\/","name":"T\u1ee6 TH\u1eec NGHI\u1ec6M L\u00c3O H\u00d3A B\u1eb0NG TIA UV C... ch\u00ednh h\u00e3ng | V\u1ea1n N\u0103ng","isPartOf":{"@id":"https:\/\/vannangvn.123websitedev.com\/#website"},"primaryImageOfPage":{"@id":"https:\/\/vannangvn.123websitedev.com\/san-pham\/tu-thu-nghiem-lao-hoa-bang-tia-uv-cofomegra-model-uv-box\/#primaryimage"},"image":{"@id":"https:\/\/vannangvn.123websitedev.com\/san-pham\/tu-thu-nghiem-lao-hoa-bang-tia-uv-cofomegra-model-uv-box\/#primaryimage"},"thumbnailUrl":"https:\/\/vannangvn.123websitedev.com\/wp-content\/uploads\/2026\/03\/Tu-Thu-Nghiem-Lao-Hoa-Bang-Tia-UV-UV-Light-Accelerated-Aging-Test-Chamber-Cofomegra-Model-UV-BOX-768x576-copy.jpg","datePublished":"2026-03-20T12:20:48+00:00","dateModified":"2026-03-30T12:03:09+00:00","description":"Mua ngay T\u1ee6 TH\u1eec NGHI\u1ec6M L\u00c3O H\u00d3A B\u1eb0NG TIA UV COFOMEGRA MODEL UV BOX ch\u00ednh h\u00e3ng. Gi\u00e1 t\u1ed1t!","breadcrumb":{"@id":"https:\/\/vannangvn.123websitedev.com\/san-pham\/tu-thu-nghiem-lao-hoa-bang-tia-uv-cofomegra-model-uv-box\/#breadcrumb"},"inLanguage":"en-US","potentialAction":[{"@type":"ReadAction","target":["https:\/\/vannangvn.123websitedev.com\/san-pham\/tu-thu-nghiem-lao-hoa-bang-tia-uv-cofomegra-model-uv-box\/"]}]},{"@type":"ImageObject","inLanguage":"en-US","@id":"https:\/\/vannangvn.123websitedev.com\/san-pham\/tu-thu-nghiem-lao-hoa-bang-tia-uv-cofomegra-model-uv-box\/#primaryimage","url":"https:\/\/vannangvn.123websitedev.com\/wp-content\/uploads\/2026\/03\/Tu-Thu-Nghiem-Lao-Hoa-Bang-Tia-UV-UV-Light-Accelerated-Aging-Test-Chamber-Cofomegra-Model-UV-BOX-768x576-copy.jpg","contentUrl":"https:\/\/vannangvn.123websitedev.com\/wp-content\/uploads\/2026\/03\/Tu-Thu-Nghiem-Lao-Hoa-Bang-Tia-UV-UV-Light-Accelerated-Aging-Test-Chamber-Cofomegra-Model-UV-BOX-768x576-copy.jpg","width":768,"height":576},{"@type":"BreadcrumbList","@id":"https:\/\/vannangvn.123websitedev.com\/san-pham\/tu-thu-nghiem-lao-hoa-bang-tia-uv-cofomegra-model-uv-box\/#breadcrumb","itemListElement":[{"@type":"ListItem","position":1,"name":"Trang ch\u1ee7","item":"https:\/\/vannangvn.123websitedev.com\/"},{"@type":"ListItem","position":2,"name":"S\u1ea3n ph\u1ea9m","item":"https:\/\/vannangvn.123websitedev.com\/cua-hang\/"},{"@type":"ListItem","position":3,"name":"T\u1ee6 TH\u1eec NGHI\u1ec6M L\u00c3O H\u00d3A B\u1eb0NG TIA UV COFOMEGRA MODEL UV BOX"}]},{"@type":"WebSite","@id":"https:\/\/vannangvn.123websitedev.com\/#website","url":"https:\/\/vannangvn.123websitedev.com\/","name":"Vannang.vn","description":"","publisher":{"@id":"https:\/\/vannangvn.123websitedev.com\/#organization"},"potentialAction":[{"@type":"SearchAction","target":{"@type":"EntryPoint","urlTemplate":"https:\/\/vannangvn.123websitedev.com\/?s={search_term_string}"},"query-input":{"@type":"PropertyValueSpecification","valueRequired":true,"valueName":"search_term_string"}}],"inLanguage":"en-US"},{"@type":"Organization","@id":"https:\/\/vannangvn.123websitedev.com\/#organization","name":"Vannang.vn","url":"https:\/\/vannangvn.123websitedev.com\/","logo":{"@type":"ImageObject","inLanguage":"en-US","@id":"https:\/\/vannangvn.123websitedev.com\/#\/schema\/logo\/image\/","url":"https:\/\/vannangvn.123websitedev.com\/wp-content\/uploads\/2026\/02\/logo-van-nang-02.png","contentUrl":"https:\/\/vannangvn.123websitedev.com\/wp-content\/uploads\/2026\/02\/logo-van-nang-02.png","width":448,"height":111,"caption":"Vannang.vn"},"image":{"@id":"https:\/\/vannangvn.123websitedev.com\/#\/schema\/logo\/image\/"}}]}},"_links":{"self":[{"href":"https:\/\/vannangvn.123websitedev.com\/en\/wp-json\/wp\/v2\/product\/8287","targetHints":{"allow":["GET"]}}],"collection":[{"href":"https:\/\/vannangvn.123websitedev.com\/en\/wp-json\/wp\/v2\/product"}],"about":[{"href":"https:\/\/vannangvn.123websitedev.com\/en\/wp-json\/wp\/v2\/types\/product"}],"replies":[{"embeddable":true,"href":"https:\/\/vannangvn.123websitedev.com\/en\/wp-json\/wp\/v2\/comments?post=8287"}],"wp:featuredmedia":[{"embeddable":true,"href":"https:\/\/vannangvn.123websitedev.com\/en\/wp-json\/wp\/v2\/media\/8987"}],"wp:attachment":[{"href":"https:\/\/vannangvn.123websitedev.com\/en\/wp-json\/wp\/v2\/media?parent=8287"}],"wp:term":[{"taxonomy":"product_brand","embeddable":true,"href":"https:\/\/vannangvn.123websitedev.com\/en\/wp-json\/wp\/v2\/product_brand?post=8287"},{"taxonomy":"product_cat","embeddable":true,"href":"https:\/\/vannangvn.123websitedev.com\/en\/wp-json\/wp\/v2\/product_cat?post=8287"},{"taxonomy":"product_tag","embeddable":true,"href":"https:\/\/vannangvn.123websitedev.com\/en\/wp-json\/wp\/v2\/product_tag?post=8287"}],"curies":[{"name":"wp","href":"https:\/\/api.w.org\/{rel}","templated":true}]}}